{"id":56313,"date":"2026-01-13T15:37:58","date_gmt":"2026-01-13T15:37:58","guid":{"rendered":"https:\/\/testwebsite.citygame.com\/games\/unknown-location\/secrets-of-vasteras\/"},"modified":"2026-04-07T22:29:26","modified_gmt":"2026-04-07T22:29:26","slug":"secrets-of-vasteras","status":"publish","type":"product","link":"https:\/\/testwebsite.citygame.com\/zh-hans\/games\/vasteras\/secrets-of-vasteras\/","title":{"rendered":"Secrets of Vasteras"},"content":{"rendered":"<p>City Game V\u00e4ster\u00e5s \u662f\u4e00\u6b3e\u81ea\u52a9\u57ce\u5e02\u63a2\u7d22\u6e38\u620f\uff0c\u5728\u97e6\u65af\u7279\u7f57\u65af\u5e02\u4e2d\u5fc3\u8fdb\u884c\u3002\u73a9\u5bb6\u4f7f\u7528\u667a\u80fd\u624b\u673a\u4e0a\u7684GPS\u6e38\u620f\u5e94\u7528\u7a0b\u5e8f\uff0c\u5728\u63a2\u7d22\u8be5\u533a\u57df\u7684\u540c\u65f6\u89e3\u51b3\u8c1c\u9898\u3001\u731c\u8c1c\u548c\u7167\u7247\u6311\u6218\u3002\u4e00\u8def\u4e0a\uff0c\u53c2\u4e0e\u8005\u5c06\u53d1\u73b0\u97e6\u65af\u7279\u7f57\u65af\u7684\u6587\u5316\u3001\u5f53\u5730\u6545\u4e8b\u548c\u53ef\u80fd\u88ab\u5ffd\u89c6\u7684\u9690\u85cf\u7ec6\u8282\u3002\u8fd9\u6b3e\u63a2\u7d22\u6e38\u620f\u63d0\u4f9b\u4e86\u4e00\u79cd\u7075\u6d3b\u800c\u5f15\u4eba\u5165\u80dc\u7684\u65b9\u5f0f\u6765\u4f53\u9a8c\u8fd9\u5ea7\u57ce\u5e02\uff0c\u65e0\u8bba\u60a8\u662f\u6e38\u5ba2\u8fd8\u662f\u672c\u5730\u5c45\u6c11\u3002City Game V\u00e4ster\u00e5s \u9002\u5408\u5355\u72ec\u73a9\u5bb6\u3001\u60c5\u4fa3\u3001\u5bb6\u5ead\u548c\u670b\u53cb\u56e2\u4f53\uff0c\u63d0\u4f9b\u4e86\u4e00\u79cd\u4e0e\u57ce\u5e02\u666f\u89c2\u4e92\u52a8\u7684\u4f53\u9a8c\u65b9\u5f0f\u3002<\/p>\n","protected":false},"excerpt":{"rendered":"<p>\u91ca\u653e\u97e6\u65af\u7279\u7f57\u65af\u7684\u7ef4\u4eac\u7cbe\u795e\uff01\u8e0f\u5165\u4e00\u4e2a\u53e4\u8001\u4f20\u8bf4\u4e0e\u73b0\u4ee3\u9b45\u529b\u4ea4\u7ec7\u7684\u57ce\u5e02\uff0c\u89e3\u5f00\u7ebf\u7d22\uff0c\u5e2e\u52a9\u57c3\u91cc\u514b\u00b7\u98ce\u66b4\u80e1\u5b50\u00b7\u65af\u5361\u5c14\u5fb7\u68ee\uff08Erik Stormbeard Skaldsson\uff09\u627e\u56de\u201c\u65e0\u5c3d\u6b22\u547c\u4e4b\u89d2\u201d\uff08Horn of Endless Cheer\uff09\uff0c\u5524\u9192\u745e\u5178\u65e0\u754f\u8fc7\u53bb\u7684\u8109\u640f\u3002<\/p>\n","protected":false},"featured_media":3841,"template":"","meta":{"_acf_changed":false,"_yoast_wpseo_focuskw":"Secrets of Vasteras","_yoast_wpseo_metadesc":"Secrets of Vasteras. \u73a9\u4e00\u573a\u81ea\u52a9\u57ce\u5e02\u63a2\u7d22\u6e38\u620f\uff0c\u901a\u8fc7\u8c1c\u9898\u3001\u731c\u8c1c\u548c\u6311\u6218\u63a2\u7d22\u57ce\u5e02\u3002\u6309\u7167\u81ea\u5df1\u7684\u8282\u594f\u6e38\u73a9\uff0c\u50cf\u5f53\u5730\u4eba\u4e00\u6837\u53d1\u73b0\uff01","_kad_blocks_custom_css":"","_kad_blocks_head_custom_js":"","_kad_blocks_body_custom_js":"","_kad_blocks_footer_custom_js":"","ghostkit_customizer_options":"","ghostkit_custom_css":"","ghostkit_custom_js_head":"","ghostkit_custom_js_foot":"","ghostkit_typography":"","_kad_post_transparent":"","_kad_post_title":"","_kad_post_layout":"","_kad_post_sidebar_id":"","_kad_post_content_style":"","_kad_post_vertical_padding":"","_kad_post_feature":"","_kad_post_feature_position":"","_kad_post_header":false,"_kad_post_footer":false,"_kad_post_classname":"","_links_to":"","_links_to_target":""},"game-concept":[36],"location":[417],"product_brand":[],"product_cat":[27],"product_tag":[],"class_list":{"0":"post-56313","1":"product","2":"type-product","3":"status-publish","4":"has-post-thumbnail","6":"game-concept-secrets","7":"location-vasteras","8":"product_cat-geen-categorie","10":"first","11":"instock","12":"shipping-taxable","13":"purchasable","14":"product-type-simple","15":"entry","16":"content-bg","17":"loop-entry"},"acf":{"full_bokun_product_name":"Self-Guided Secrets of V\u00e4ster\u00e5s Exploration Game","location_name":"Vasteras","bokun_calendar_widget_code":"<script type=\"text\/javascript\" src=\"https:\/\/widgets.bokun.io\/assets\/javascripts\/apps\/build\/BokunWidgetsLoader.js?bookingChannelUUID=a1e93e96-5232-4734-a595-28405f4b5a31\" async><\/script>\n     \n    <div class=\"bokunWidget\" data-src=\"https:\/\/widgets.bokun.io\/online-sales\/a1e93e96-5232-4734-a595-28405f4b5a31\/experience-calendar\/1096709\"><\/div>\n    <noscript>Please enable javascript in your browser to book<\/noscript>","bokun_button_widget_code":"<script type=\"text\/javascript\" src=\"https:\/\/widgets.bokun.io\/assets\/javascripts\/apps\/build\/BokunWidgetsLoader.js?bookingChannelUUID=a1e93e96-5232-4734-a595-28405f4b5a31\" async><\/script>\n      <style> #bokun_ed001e45_5927_4f62_b470_ca766338d083 { display: inline-block; padding: .4em 1em; background: #47b82e; border-radius: 999999px; box-shadow: none; font-weight: 600; font-size: 24px; text-decoration: none; text-align: center; color: #FFFFFF; border:none; cursor: pointer; transition: background .2s ease; } #bokun_ed001e45_5927_4f62_b470_ca766338d083:hover{ background: #2f7b1f; } #bokun_ed001e45_5927_4f62_b470_ca766338d083:active{ background: #378f24; } <\/style> <button class=\"bokunButton\" disabled id=bokun_ed001e45_5927_4f62_b470_ca766338d083 data-src=\"https:\/\/widgets.bokun.io\/online-sales\/a1e93e96-5232-4734-a595-28405f4b5a31\/experience-calendar\/1096709?partialView=1\" data-testid=\"widget-book-button\" > Book now <\/button> ","what_you\u2019ll_experience_during_the_game":"\u5728\u201cSecrets of V\u00e4ster\u00e5s City Game\u201d\u6e38\u620f\u4e2d\uff0c\u60a8\u5c06\u901a\u8fc7\u6545\u4e8b\u8bb2\u8ff0\u3001\u7ebf\u7d22\u548c\u63a2\u7d22\u7684\u7ed3\u5408\u6765\u63a2\u7d22\u8fd9\u5ea7\u57ce\u5e02\u3002\u6e38\u620f\u5c06\u5e26\u9886\u60a8\u7a7f\u68ad\u4e8e\u6807\u5fd7\u6027\u5730\u6807\u548c\u9690\u85cf\u5c0f\u5f84\u4e4b\u95f4\uff0c\u8ba9\u60a8\u4ece\u5168\u65b0\u89c6\u89d2\u4f53\u9a8c\u97e6\u65af\u7279\u7f57\u65af\u7684\u4e30\u5bcc\u6587\u5316\u3002\u4e00\u8def\u4e0a\uff0c\u60a8\u53ef\u80fd\u4f1a\u53d1\u73b0\u81ea\u5df1\u8eab\u5904\u97e6\u65af\u7279\u7f57\u65af\u5927\u6559\u5802\u5916\uff0c\u7a7f\u8fc7\u65af\u6258\u5e03\u9686\uff08Storbron\uff09\u7684\u53e4\u8001\u77f3\u62f1\u95e8\uff0c\u6216\u7ecf\u8fc7\u97e6\u65af\u7279\u7f57\u65af\u827a\u672f\u9986\uff08V\u00e4ster\u00e5s Konsthall\uff09\u5f15\u4eba\u6ce8\u76ee\u7684\u5899\u58c1\u3002\u50cf\u5361\u5c14\u65af\u52a0\u57662\u53f7\uff08Karlsgatan 2\uff09\u548c\u7ef4\u514b\u65af\u80e1\u8d5b\u7279\uff08V\u00e4xhuset\uff09\u8fd9\u6837\u7684\u5f53\u5730\u5730\u6807\u4e5f\u4f1a\u6620\u5165\u773c\u5e18\uff0c\u5e2e\u52a9\u60a8\u4ece\u827a\u672f\u3001\u5386\u53f2\u548c\u65e5\u5e38\u751f\u6d3b\u7684\u89d2\u5ea6\u52fe\u52d2\u8fd9\u5ea7\u57ce\u5e02\u3002\n\n\u5728\u7a7f\u68ad\u4e8e\u97e6\u65af\u7279\u7f57\u65af\u65f6\uff0c\u60a8\u5c06\u63a5\u53d7\u8c1c\u9898\u3001\u731c\u8c1c\u548c\u521b\u610f\u6311\u6218\uff0c\u8ba9\u8fd9\u4e9b\u5730\u70b9\u7115\u53d1\u751f\u673a\u3002\u6bcf\u4e2a\u4efb\u52a1\u90fd\u4f1a\u83b7\u5f97\u79ef\u5206\uff0c\u63ed\u793a\u7ebf\u7d22\uff0c\u5e76\u8ba9\u60a8\u66f4\u63a5\u8fd1\u89e3\u5f00\u8def\u7ebf\u4e2d\u7f16\u7ec7\u7684\u6700\u7ec8\u8c1c\u56e2\u3002\u60a8\u53ef\u4ee5\u968f\u65f6\u505c\u6b62\u548c\u7ee7\u7eed\uff0c\u6309\u7167\u81ea\u5df1\u7684\u8282\u594f\u4eab\u53d7\u8fd9\u5ea7\u57ce\u5e02\u3002\u5bf9\u4e8e\u559c\u6b22\u53cb\u597d\u7ade\u4e89\u7684\u73a9\u5bb6\uff0c\u6392\u884c\u699c\u5c06\u4e3a\u8fd9\u573a\u63a2\u7d22\u6e38\u620f\u63d0\u4f9b\u989d\u5916\u7684\u52a8\u529b\u3002","how_to_play":"\u9884\u8ba2\u60a8\u7684 City Game V\u00e4ster\u00e5s \u540e\uff0c\u60a8\u5c06\u6536\u5230\u4e00\u5c01\u5305\u542b\u76f4\u63a5\u6e38\u620f\u94fe\u63a5\u7684\u7535\u5b50\u90ae\u4ef6\u3002\u53ea\u9700\u524d\u5f80\u97e6\u65af\u7279\u7f57\u65af\u827a\u672f\u535a\u7269\u9986\uff08V\u00e4ster\u00e5s Konstmuseum (House of Art)\uff09\u7684\u8d77\u59cb\u5730\u70b9\uff0c\u7136\u540e\u5728\u624b\u673a\u4e0a\u542f\u52a8\u6e38\u620f\u3002\u4ece\u90a3\u91cc\uff0c\u6309\u7167GPS\u8def\u7ebf\uff0c\u89e3\u51b3\u4efb\u52a1\uff0c\u5e76\u6309\u7167\u81ea\u5df1\u7684\u8282\u594f\u8fdb\u884c\u63a2\u7d22\u3002\u60a8\u53ef\u4ee5\u968f\u65f6\u6682\u505c\u6e38\u620f\uff0c\u4e4b\u540e\u518d\u7ee7\u7eed\u2014\u2014\u5192\u9669\u7b49\u60a8\u5f00\u542f\u3002","start_location":"V\u00e4ster\u00e5s, V\u00e4ster\u00e5s Konstmuseum","available_languages":[],"players_per_group":"1-4","duration":"1.5-2 hours","image_overlay_color_image":"https:\/\/testwebsite.citygame.com\/wp-content\/blogs.dir\/1\/files\/sites\/62\/2026\/01\/SecretsColor.svg","image_overlay_game_logo":"https:\/\/testwebsite.citygame.com\/wp-content\/blogs.dir\/1\/files\/sites\/62\/2026\/01\/SecretsLogo.png","city_page":7563,"woocommerce_general_content":null,"the_story":"<strong>\u57c3\u91cc\u514b\u00b7\u98ce\u66b4\u80e1\u5b50\u00b7\u65af\u5361\u5c14\u5fb7\u68ee\uff08Erik Stormbeard Skaldsson\uff09\u80e1\u5b50\u6d53\u5bc6\uff0c\u58f0\u97f3\u6d2a\u4eae\uff0c\u8fd8\u6709\u4e00\u4e2a\u975e\u5e38\u5927\u7684\u9ebb\u70e6\u3002\u5728\u97e6\u65af\u7279\u7f57\u65af\u51e0\u4e2a\u4e16\u7eaa\u4ee5\u6765\u6700\u76db\u5927\u7684\u7ef4\u4eac\u76db\u5bb4\u4e0a\uff0c\u4ed6\u5f04\u4e22\u4e86\u4ed6\u6700\u73cd\u8d35\u7684\u5b9d\u85cf\u2014\u2014\u201c\u65e0\u5c3d\u6b22\u547c\u4e4b\u89d2\u201d\uff08Horn of Endless Cheer\uff09\u3002\u6ca1\u6709\u5b83\uff0c\u5c31\u6ca1\u6709\u795d\u9152\uff0c\u6ca1\u6709\u6b4c\u66f2\uff0c\u6ca1\u6709\u5e86\u795d\u6d3b\u52a8\u3002\u800c\u6ca1\u6709\u6d3e\u5bf9\u7684\u57c3\u91cc\u514b\u786e\u5b9e\u662f\u4e00\u4e2a\u975e\u5e38\u60b2\u4f24\u7684\u7ef4\u4eac\u4eba\u3002<\/strong><br><br>\u73b0\u5728\u4ed6\u9700\u8981\u60a8\u7684\u5e2e\u52a9\u3002\u641c\u5bfb\u97e6\u65af\u7279\u7f57\u65af\u7684\u8857\u9053\u3001\u5e7f\u573a\u548c\u79d8\u5bc6\u3002\u89e3\u5f00\u8c1c\u9898\uff0c\u8ffd\u968f\u5947\u602a\u7684\u7ebf\u7d22\uff0c\u667a\u80dc\u53e4\u8001\u7684\u7ef4\u4eac\u8be1\u8ba1\u3002\u53ea\u6709\u60a8\u624d\u80fd\u5e26\u56de\u6b22\u4e50\uff0c\u5e76\u5728\u57c3\u91cc\u514b\u7684\u4e0b\u6b21\u795d\u9152\u4e2d\u8d62\u5f97\u4e00\u5e2d\u4e4b\u5730\u3002<br><br><strong>\u60a8\u524d\u6765\u63a2\u7d22\u3002\u60a8\u7559\u4e0b\u662f\u4e3a\u4e86\u62ef\u6551\u8fd9\u4e2a\u6545\u4e8b\u3002<\/strong>","name_main_character":"Erik Stormbeard Skaldsson","photo_main_character":43331,"loquiz_or_kokimoki":"Kokimoki"},"yoast_head":"<!-- This site is optimized with the Yoast SEO Premium plugin v26.2 (Yoast SEO v26.3) - https:\/\/yoast.com\/wordpress\/plugins\/seo\/ -->\n<title>Secrets of Vasteras - City Game<\/title>\n<meta name=\"description\" content=\"Secrets of Vasteras. \u73a9\u4e00\u573a\u81ea\u52a9\u57ce\u5e02\u63a2\u7d22\u6e38\u620f\uff0c\u901a\u8fc7\u8c1c\u9898\u3001\u731c\u8c1c\u548c\u6311\u6218\u63a2\u7d22\u57ce\u5e02\u3002\u6309\u7167\u81ea\u5df1\u7684\u8282\u594f\u6e38\u73a9\uff0c\u50cf\u5f53\u5730\u4eba\u4e00\u6837\u53d1\u73b0\uff01\" \/>\n<meta name=\"robots\" content=\"noindex, follow, max-snippet:-1, max-image-preview:large, max-video-preview:-1\" \/>\n<meta property=\"og:locale\" content=\"zh_CN\" \/>\n<meta property=\"og:type\" content=\"article\" \/>\n<meta property=\"og:title\" content=\"Secrets of Vasteras\" \/>\n<meta property=\"og:description\" content=\"Secrets of Vasteras. \u73a9\u4e00\u573a\u81ea\u52a9\u57ce\u5e02\u63a2\u7d22\u6e38\u620f\uff0c\u901a\u8fc7\u8c1c\u9898\u3001\u731c\u8c1c\u548c\u6311\u6218\u63a2\u7d22\u57ce\u5e02\u3002\u6309\u7167\u81ea\u5df1\u7684\u8282\u594f\u6e38\u73a9\uff0c\u50cf\u5f53\u5730\u4eba\u4e00\u6837\u53d1\u73b0\uff01\" \/>\n<meta property=\"og:url\" content=\"https:\/\/testwebsite.citygame.com\/zh-hans\/games\/vasteras\/secrets-of-vasteras\/\" \/>\n<meta property=\"og:site_name\" content=\"City Game\" \/>\n<meta property=\"article:publisher\" content=\"https:\/\/www.facebook.com\/profile.php?id=100086426226253\" \/>\n<meta property=\"article:modified_time\" content=\"2026-04-07T22:29:26+00:00\" \/>\n<meta property=\"og:image\" content=\"https:\/\/testwebsite.citygame.com\/wp-content\/blogs.dir\/1\/files\/sites\/62\/2026\/01\/group-of-friends-playing-city-game-on-phone-by-canal-vasteras.jpg\" \/>\n\t<meta property=\"og:image:width\" content=\"864\" \/>\n\t<meta property=\"og:image:height\" content=\"1184\" \/>\n\t<meta property=\"og:image:type\" content=\"image\/jpeg\" \/>\n<meta name=\"twitter:card\" content=\"summary_large_image\" \/>\n<script type=\"application\/ld+json\" class=\"yoast-schema-graph\">{\"@context\":\"https:\/\/schema.org\",\"@graph\":[{\"@type\":\"WebPage\",\"@id\":\"https:\/\/testwebsite.citygame.com\/zh-hans\/games\/vasteras\/secrets-of-vasteras\/\",\"url\":\"https:\/\/testwebsite.citygame.com\/zh-hans\/games\/vasteras\/secrets-of-vasteras\/\",\"name\":\"Secrets of Vasteras - City Game\",\"isPartOf\":{\"@id\":\"https:\/\/testwebsite.upevents.nl\/#website\"},\"primaryImageOfPage\":{\"@id\":\"https:\/\/testwebsite.citygame.com\/zh-hans\/games\/vasteras\/secrets-of-vasteras\/#primaryimage\"},\"image\":{\"@id\":\"https:\/\/testwebsite.citygame.com\/zh-hans\/games\/vasteras\/secrets-of-vasteras\/#primaryimage\"},\"thumbnailUrl\":\"https:\/\/testwebsite.citygame.com\/wp-content\/blogs.dir\/1\/files\/sites\/62\/2026\/01\/group-of-friends-playing-city-game-on-phone-by-canal-vasteras.jpg\",\"datePublished\":\"2026-01-13T15:37:58+00:00\",\"dateModified\":\"2026-04-07T22:29:26+00:00\",\"description\":\"Secrets of Vasteras. \u73a9\u4e00\u573a\u81ea\u52a9\u57ce\u5e02\u63a2\u7d22\u6e38\u620f\uff0c\u901a\u8fc7\u8c1c\u9898\u3001\u731c\u8c1c\u548c\u6311\u6218\u63a2\u7d22\u57ce\u5e02\u3002\u6309\u7167\u81ea\u5df1\u7684\u8282\u594f\u6e38\u73a9\uff0c\u50cf\u5f53\u5730\u4eba\u4e00\u6837\u53d1\u73b0\uff01\",\"breadcrumb\":{\"@id\":\"https:\/\/testwebsite.citygame.com\/zh-hans\/games\/vasteras\/secrets-of-vasteras\/#breadcrumb\"},\"inLanguage\":\"zh-Hans\",\"potentialAction\":[{\"@type\":\"ReadAction\",\"target\":[\"https:\/\/testwebsite.citygame.com\/zh-hans\/games\/vasteras\/secrets-of-vasteras\/\"]}]},{\"@type\":\"ImageObject\",\"inLanguage\":\"zh-Hans\",\"@id\":\"https:\/\/testwebsite.citygame.com\/zh-hans\/games\/vasteras\/secrets-of-vasteras\/#primaryimage\",\"url\":\"https:\/\/testwebsite.citygame.com\/wp-content\/blogs.dir\/1\/files\/sites\/62\/2026\/01\/group-of-friends-playing-city-game-on-phone-by-canal-vasteras.jpg\",\"contentUrl\":\"https:\/\/testwebsite.citygame.com\/wp-content\/blogs.dir\/1\/files\/sites\/62\/2026\/01\/group-of-friends-playing-city-game-on-phone-by-canal-vasteras.jpg\",\"width\":864,\"height\":1184,\"caption\":\"A group of friends explores the historic city center of Vasteras with a mobile game.\"},{\"@type\":\"BreadcrumbList\",\"@id\":\"https:\/\/testwebsite.citygame.com\/zh-hans\/games\/vasteras\/secrets-of-vasteras\/#breadcrumb\",\"itemListElement\":[{\"@type\":\"ListItem\",\"position\":1,\"name\":\"Home\",\"item\":\"https:\/\/testwebsite.citygame.com\/zh-hans\/\"},{\"@type\":\"ListItem\",\"position\":2,\"name\":\"Shop\",\"item\":\"https:\/\/testwebsite.citygame.com\/shop\/\"},{\"@type\":\"ListItem\",\"position\":3,\"name\":\"Secrets of Vasteras\"}]},{\"@type\":\"WebSite\",\"@id\":\"https:\/\/testwebsite.upevents.nl\/#website\",\"url\":\"https:\/\/testwebsite.upevents.nl\/\",\"name\":\"City Game\",\"description\":\"\",\"publisher\":{\"@id\":\"https:\/\/testwebsite.upevents.nl\/#organization\"},\"alternateName\":\"citygame.com\",\"potentialAction\":[{\"@type\":\"SearchAction\",\"target\":{\"@type\":\"EntryPoint\",\"urlTemplate\":\"https:\/\/testwebsite.upevents.nl\/?s={search_term_string}\"},\"query-input\":{\"@type\":\"PropertyValueSpecification\",\"valueRequired\":true,\"valueName\":\"search_term_string\"}}],\"inLanguage\":\"zh-Hans\"},{\"@type\":[\"Organization\",\"Place\"],\"@id\":\"https:\/\/testwebsite.upevents.nl\/#organization\",\"name\":\"City Game\",\"alternateName\":\"citygame.com\",\"url\":\"https:\/\/testwebsite.upevents.nl\/\",\"logo\":{\"@id\":\"https:\/\/testwebsite.citygame.com\/zh-hans\/games\/vasteras\/secrets-of-vasteras\/#local-main-organization-logo\"},\"image\":{\"@id\":\"https:\/\/testwebsite.citygame.com\/zh-hans\/games\/vasteras\/secrets-of-vasteras\/#local-main-organization-logo\"},\"sameAs\":[\"https:\/\/www.facebook.com\/profile.php?id=100086426226253\",\"https:\/\/www.instagram.com\/citygame_com\",\"https:\/\/www.tiktok.com\/@citygamecom\/\",\"https:\/\/www.linkedin.com\/company\/citygame-com\"],\"description\":\"Turn any city into a playground with our interactive City Games and self-guided tours. Fun, flexible, and ideal for groups and team building.\",\"telephone\":[],\"openingHoursSpecification\":[{\"@type\":\"OpeningHoursSpecification\",\"dayOfWeek\":[\"Monday\",\"Tuesday\",\"Wednesday\",\"Thursday\",\"Friday\",\"Saturday\",\"Sunday\"],\"opens\":\"09:00\",\"closes\":\"17:00\"}]},{\"@type\":\"ImageObject\",\"inLanguage\":\"zh-Hans\",\"@id\":\"https:\/\/testwebsite.citygame.com\/zh-hans\/games\/vasteras\/secrets-of-vasteras\/#local-main-organization-logo\",\"url\":\"https:\/\/testwebsite.citygame.com\/wp-content\/blogs.dir\/1\/files\/sites\/62\/2025\/10\/CG_LOGO-City-Game.png\",\"contentUrl\":\"https:\/\/testwebsite.citygame.com\/wp-content\/blogs.dir\/1\/files\/sites\/62\/2025\/10\/CG_LOGO-City-Game.png\",\"width\":351,\"height\":377,\"caption\":\"City Game\"}]}<\/script>\n<!-- \/ Yoast SEO Premium plugin. -->","yoast_head_json":{"title":"Secrets of Vasteras - City Game","description":"Secrets of Vasteras. \u73a9\u4e00\u573a\u81ea\u52a9\u57ce\u5e02\u63a2\u7d22\u6e38\u620f\uff0c\u901a\u8fc7\u8c1c\u9898\u3001\u731c\u8c1c\u548c\u6311\u6218\u63a2\u7d22\u57ce\u5e02\u3002\u6309\u7167\u81ea\u5df1\u7684\u8282\u594f\u6e38\u73a9\uff0c\u50cf\u5f53\u5730\u4eba\u4e00\u6837\u53d1\u73b0\uff01","robots":{"index":"noindex","follow":"follow","max-snippet":"max-snippet:-1","max-image-preview":"max-image-preview:large","max-video-preview":"max-video-preview:-1"},"og_locale":"zh_CN","og_type":"article","og_title":"Secrets of Vasteras","og_description":"Secrets of Vasteras. \u73a9\u4e00\u573a\u81ea\u52a9\u57ce\u5e02\u63a2\u7d22\u6e38\u620f\uff0c\u901a\u8fc7\u8c1c\u9898\u3001\u731c\u8c1c\u548c\u6311\u6218\u63a2\u7d22\u57ce\u5e02\u3002\u6309\u7167\u81ea\u5df1\u7684\u8282\u594f\u6e38\u73a9\uff0c\u50cf\u5f53\u5730\u4eba\u4e00\u6837\u53d1\u73b0\uff01","og_url":"https:\/\/testwebsite.citygame.com\/zh-hans\/games\/vasteras\/secrets-of-vasteras\/","og_site_name":"City Game","article_publisher":"https:\/\/www.facebook.com\/profile.php?id=100086426226253","article_modified_time":"2026-04-07T22:29:26+00:00","og_image":[{"width":864,"height":1184,"url":"https:\/\/testwebsite.citygame.com\/wp-content\/blogs.dir\/1\/files\/sites\/62\/2026\/01\/group-of-friends-playing-city-game-on-phone-by-canal-vasteras.jpg","type":"image\/jpeg"}],"twitter_card":"summary_large_image","schema":{"@context":"https:\/\/schema.org","@graph":[{"@type":"WebPage","@id":"https:\/\/testwebsite.citygame.com\/zh-hans\/games\/vasteras\/secrets-of-vasteras\/","url":"https:\/\/testwebsite.citygame.com\/zh-hans\/games\/vasteras\/secrets-of-vasteras\/","name":"Secrets of Vasteras - City Game","isPartOf":{"@id":"https:\/\/testwebsite.upevents.nl\/#website"},"primaryImageOfPage":{"@id":"https:\/\/testwebsite.citygame.com\/zh-hans\/games\/vasteras\/secrets-of-vasteras\/#primaryimage"},"image":{"@id":"https:\/\/testwebsite.citygame.com\/zh-hans\/games\/vasteras\/secrets-of-vasteras\/#primaryimage"},"thumbnailUrl":"https:\/\/testwebsite.citygame.com\/wp-content\/blogs.dir\/1\/files\/sites\/62\/2026\/01\/group-of-friends-playing-city-game-on-phone-by-canal-vasteras.jpg","datePublished":"2026-01-13T15:37:58+00:00","dateModified":"2026-04-07T22:29:26+00:00","description":"Secrets of Vasteras. \u73a9\u4e00\u573a\u81ea\u52a9\u57ce\u5e02\u63a2\u7d22\u6e38\u620f\uff0c\u901a\u8fc7\u8c1c\u9898\u3001\u731c\u8c1c\u548c\u6311\u6218\u63a2\u7d22\u57ce\u5e02\u3002\u6309\u7167\u81ea\u5df1\u7684\u8282\u594f\u6e38\u73a9\uff0c\u50cf\u5f53\u5730\u4eba\u4e00\u6837\u53d1\u73b0\uff01","breadcrumb":{"@id":"https:\/\/testwebsite.citygame.com\/zh-hans\/games\/vasteras\/secrets-of-vasteras\/#breadcrumb"},"inLanguage":"zh-Hans","potentialAction":[{"@type":"ReadAction","target":["https:\/\/testwebsite.citygame.com\/zh-hans\/games\/vasteras\/secrets-of-vasteras\/"]}]},{"@type":"ImageObject","inLanguage":"zh-Hans","@id":"https:\/\/testwebsite.citygame.com\/zh-hans\/games\/vasteras\/secrets-of-vasteras\/#primaryimage","url":"https:\/\/testwebsite.citygame.com\/wp-content\/blogs.dir\/1\/files\/sites\/62\/2026\/01\/group-of-friends-playing-city-game-on-phone-by-canal-vasteras.jpg","contentUrl":"https:\/\/testwebsite.citygame.com\/wp-content\/blogs.dir\/1\/files\/sites\/62\/2026\/01\/group-of-friends-playing-city-game-on-phone-by-canal-vasteras.jpg","width":864,"height":1184,"caption":"A group of friends explores the historic city center of Vasteras with a mobile game."},{"@type":"BreadcrumbList","@id":"https:\/\/testwebsite.citygame.com\/zh-hans\/games\/vasteras\/secrets-of-vasteras\/#breadcrumb","itemListElement":[{"@type":"ListItem","position":1,"name":"Home","item":"https:\/\/testwebsite.citygame.com\/zh-hans\/"},{"@type":"ListItem","position":2,"name":"Shop","item":"https:\/\/testwebsite.citygame.com\/shop\/"},{"@type":"ListItem","position":3,"name":"Secrets of Vasteras"}]},{"@type":"WebSite","@id":"https:\/\/testwebsite.upevents.nl\/#website","url":"https:\/\/testwebsite.upevents.nl\/","name":"City Game","description":"","publisher":{"@id":"https:\/\/testwebsite.upevents.nl\/#organization"},"alternateName":"citygame.com","potentialAction":[{"@type":"SearchAction","target":{"@type":"EntryPoint","urlTemplate":"https:\/\/testwebsite.upevents.nl\/?s={search_term_string}"},"query-input":{"@type":"PropertyValueSpecification","valueRequired":true,"valueName":"search_term_string"}}],"inLanguage":"zh-Hans"},{"@type":["Organization","Place"],"@id":"https:\/\/testwebsite.upevents.nl\/#organization","name":"City Game","alternateName":"citygame.com","url":"https:\/\/testwebsite.upevents.nl\/","logo":{"@id":"https:\/\/testwebsite.citygame.com\/zh-hans\/games\/vasteras\/secrets-of-vasteras\/#local-main-organization-logo"},"image":{"@id":"https:\/\/testwebsite.citygame.com\/zh-hans\/games\/vasteras\/secrets-of-vasteras\/#local-main-organization-logo"},"sameAs":["https:\/\/www.facebook.com\/profile.php?id=100086426226253","https:\/\/www.instagram.com\/citygame_com","https:\/\/www.tiktok.com\/@citygamecom\/","https:\/\/www.linkedin.com\/company\/citygame-com"],"description":"Turn any city into a playground with our interactive City Games and self-guided tours. Fun, flexible, and ideal for groups and team building.","telephone":[],"openingHoursSpecification":[{"@type":"OpeningHoursSpecification","dayOfWeek":["Monday","Tuesday","Wednesday","Thursday","Friday","Saturday","Sunday"],"opens":"09:00","closes":"17:00"}]},{"@type":"ImageObject","inLanguage":"zh-Hans","@id":"https:\/\/testwebsite.citygame.com\/zh-hans\/games\/vasteras\/secrets-of-vasteras\/#local-main-organization-logo","url":"https:\/\/testwebsite.citygame.com\/wp-content\/blogs.dir\/1\/files\/sites\/62\/2025\/10\/CG_LOGO-City-Game.png","contentUrl":"https:\/\/testwebsite.citygame.com\/wp-content\/blogs.dir\/1\/files\/sites\/62\/2025\/10\/CG_LOGO-City-Game.png","width":351,"height":377,"caption":"City Game"}]}},"taxonomy_info":{"game-concept":[{"value":36,"label":"Secrets"}],"location":[{"value":417,"label":"V\u00e4ster\u00e5s"}],"product_cat":[{"value":27,"label":"Geen categorie"}]},"featured_image_src_large":["https:\/\/testwebsite.citygame.com\/wp-content\/blogs.dir\/1\/files\/sites\/62\/2026\/01\/group-of-friends-playing-city-game-on-phone-by-canal-vasteras-747x1024.jpg",747,1024,true],"author_info":[],"comment_info":"","_links":{"self":[{"href":"https:\/\/testwebsite.citygame.com\/zh-hans\/wp-json\/wp\/v2\/product\/56313","targetHints":{"allow":["GET"]}}],"collection":[{"href":"https:\/\/testwebsite.citygame.com\/zh-hans\/wp-json\/wp\/v2\/product"}],"about":[{"href":"https:\/\/testwebsite.citygame.com\/zh-hans\/wp-json\/wp\/v2\/types\/product"}],"acf:post":[{"embeddable":true,"href":"https:\/\/testwebsite.citygame.com\/zh-hans\/wp-json\/wp\/v2\/pages\/7563"}],"wp:featuredmedia":[{"embeddable":true,"href":"https:\/\/testwebsite.citygame.com\/zh-hans\/wp-json\/wp\/v2\/media\/3841"}],"wp:attachment":[{"href":"https:\/\/testwebsite.citygame.com\/zh-hans\/wp-json\/wp\/v2\/media?parent=56313"}],"wp:term":[{"taxonomy":"game-concept","embeddable":true,"href":"https:\/\/testwebsite.citygame.com\/zh-hans\/wp-json\/wp\/v2\/game-concept?post=56313"},{"taxonomy":"location","embeddable":true,"href":"https:\/\/testwebsite.citygame.com\/zh-hans\/wp-json\/wp\/v2\/location?post=56313"},{"taxonomy":"product_brand","embeddable":true,"href":"https:\/\/testwebsite.citygame.com\/zh-hans\/wp-json\/wp\/v2\/product_brand?post=56313"},{"taxonomy":"product_cat","embeddable":true,"href":"https:\/\/testwebsite.citygame.com\/zh-hans\/wp-json\/wp\/v2\/product_cat?post=56313"},{"taxonomy":"product_tag","embeddable":true,"href":"https:\/\/testwebsite.citygame.com\/zh-hans\/wp-json\/wp\/v2\/product_tag?post=56313"}],"curies":[{"name":"wp","href":"https:\/\/api.w.org\/{rel}","templated":true}]}}