{"id":55595,"date":"2026-01-13T11:46:22","date_gmt":"2026-01-13T11:46:22","guid":{"rendered":"https:\/\/testwebsite.citygame.com\/games\/unknown-location\/secrets-of-linkoping\/"},"modified":"2026-04-07T21:10:37","modified_gmt":"2026-04-07T21:10:37","slug":"secrets-of-linkoping","status":"publish","type":"product","link":"https:\/\/testwebsite.citygame.com\/zh-hans\/games\/linkoping\/secrets-of-linkoping\/","title":{"rendered":"Secrets of Link\u00f6ping"},"content":{"rendered":"<p>City Game Link\u00f6ping\u662f\u4e00\u6b3e\u81ea\u52a9\u5f0f\u3001\u57fa\u4e8eGPS\u7684\u6e38\u620f\uff0c\u53d1\u751f\u5728Link\u00f6ping\u5e02\u4e2d\u5fc3\u3002\u73a9\u5bb6\u4f7f\u7528\u667a\u80fd\u624b\u673a\uff0c\u5728\u63a2\u7d22\u8be5\u533a\u57df\u7684\u540c\u65f6\uff0c\u89e3\u51b3\u5404\u79cd\u8c1c\u9898\u3001\u8111\u7b4b\u6025\u8f6c\u5f2f\u548c\u62cd\u7167\u6311\u6218\u3002\u8fd9\u6b3e\u4e92\u52a8\u63a2\u7d22\u6e38\u620f\u63d0\u4f9b\u4e86\u4e00\u79cd\u5f15\u4eba\u5165\u80dc\u7684\u65b9\u5f0f\uff0c\u8ba9\u60a8\u6309\u7167\u81ea\u5df1\u7684\u8282\u594f\u53d1\u73b0Link\u00f6ping\u7684\u6587\u5316\u3001\u5386\u53f2\u548c\u9690\u85cf\u7ec6\u8282\u3002\u8fd9\u6b3e\u81ea\u52a9\u5f0f\u57ce\u5e02\u6e38\u620f\u9002\u5408\u6e38\u5ba2\u548c\u5f53\u5730\u5c45\u6c11\uff0c\u65e0\u8bba\u662f\u5355\u4eba\u73a9\u5bb6\u3001\u60c5\u4fa3\u3001\u5bb6\u5ead\u8fd8\u662f\u670b\u53cb\u56e2\u4f53\uff0c\u90fd\u80fd\u73a9\u5f97\u5f00\u5fc3\u3002\u65e0\u8bba\u60a8\u662f\u521a\u6765\u5230\u8fd9\u5ea7\u57ce\u5e02\uff0c\u8fd8\u662f\u5df2\u5728\u6b64\u5c45\u4f4f\u4e86\u591a\u5e74\uff0cCity Game Link\u00f6ping\u90fd\u5c06\u4e3a\u60a8\u5448\u73b0\u5176\u57ce\u5e02\u666f\u89c2\u7684\u5168\u65b0\u89c6\u89d2\u3002<\/p>\n","protected":false},"excerpt":{"rendered":"<p>\u63ed\u5f00Link\u00f6ping\u7684\u9690\u85cf\u667a\u6167\uff01\u52a0\u5165Elias St\u00e5hl\uff0c\u8e0f\u4e0a\u6fc0\u52a8\u4eba\u5fc3\u7684\u65c5\u7a0b\uff0c\u5bfb\u56de\u4ed6\u7684\u7ec8\u6781\u9b54\u6cd5\u94c5\u7b14\uff0c\u63a2\u7d22\u8fd9\u5ea7\u5386\u53f2\u3001\u521b\u610f\u548c\u597d\u5947\u5fc3\u5728\u6bcf\u4e2a\u89d2\u843d\u90fd\u7115\u53d1\u751f\u673a\u7684\u57ce\u5e02\u3002<\/p>\n","protected":false},"featured_media":3658,"template":"","meta":{"_acf_changed":false,"_yoast_wpseo_focuskw":"Secrets of Link\u00f6ping","_yoast_wpseo_metadesc":"Secrets of Link\u00f6ping. \u73a9\u4e00\u573a\u81ea\u52a9\u57ce\u5e02\u63a2\u7d22\u6e38\u620f\uff0c\u901a\u8fc7\u8c1c\u9898\u3001\u8111\u7b4b\u6025\u8f6c\u5f2f\u548c\u6311\u6218\u63a2\u7d22\u57ce\u5e02\u3002\u6309\u7167\u81ea\u5df1\u7684\u8282\u594f\u6e38\u73a9\uff0c\u50cf\u5f53\u5730\u4eba\u4e00\u6837\u53bb\u53d1\u73b0\uff01","_kad_blocks_custom_css":"","_kad_blocks_head_custom_js":"","_kad_blocks_body_custom_js":"","_kad_blocks_footer_custom_js":"","ghostkit_customizer_options":"","ghostkit_custom_css":"","ghostkit_custom_js_head":"","ghostkit_custom_js_foot":"","ghostkit_typography":"","_kad_post_transparent":"default","_kad_post_title":"","_kad_post_layout":"default","_kad_post_sidebar_id":"","_kad_post_content_style":"default","_kad_post_vertical_padding":"default","_kad_post_feature":"","_kad_post_feature_position":"","_kad_post_header":false,"_kad_post_footer":false,"_kad_post_classname":"","_links_to":"","_links_to_target":""},"game-concept":[36],"location":[244],"product_brand":[],"product_cat":[27],"product_tag":[],"class_list":{"0":"post-55595","1":"product","2":"type-product","3":"status-publish","4":"has-post-thumbnail","6":"game-concept-secrets","7":"location-linkoping","8":"product_cat-geen-categorie","10":"first","11":"instock","12":"shipping-taxable","13":"purchasable","14":"product-type-simple","15":"entry","16":"content-bg","17":"loop-entry"},"acf":{"full_bokun_product_name":"Self-Guided Secrets of Link\u00f6ping Exploration Game","location_name":"Link\u00f6ping","bokun_calendar_widget_code":"<script type=\"text\/javascript\" src=\"https:\/\/widgets.bokun.io\/assets\/javascripts\/apps\/build\/BokunWidgetsLoader.js?bookingChannelUUID=a1e93e96-5232-4734-a595-28405f4b5a31\" async><\/script>\n     \n    <div class=\"bokunWidget\" data-src=\"https:\/\/widgets.bokun.io\/online-sales\/a1e93e96-5232-4734-a595-28405f4b5a31\/experience-calendar\/1097027\"><\/div>\n    <noscript>Please enable javascript in your browser to book<\/noscript>","bokun_button_widget_code":"<script type=\"text\/javascript\" src=\"https:\/\/widgets.bokun.io\/assets\/javascripts\/apps\/build\/BokunWidgetsLoader.js?bookingChannelUUID=a1e93e96-5232-4734-a595-28405f4b5a31\" async><\/script>\n      <style> #bokun_ed001e45_5927_4f62_b470_ca766338d083 { display: inline-block; padding: .4em 1em; background: #47b82e; border-radius: 999999px; box-shadow: none; font-weight: 600; font-size: 24px; text-decoration: none; text-align: center; color: #FFFFFF; border:none; cursor: pointer; transition: background .2s ease; } #bokun_ed001e45_5927_4f62_b470_ca766338d083:hover{ background: #2f7b1f; } #bokun_ed001e45_5927_4f62_b470_ca766338d083:active{ background: #378f24; } <\/style> <button class=\"bokunButton\" disabled id=bokun_ed001e45_5927_4f62_b470_ca766338d083 data-src=\"https:\/\/widgets.bokun.io\/online-sales\/a1e93e96-5232-4734-a595-28405f4b5a31\/experience-calendar\/1097027?partialView=1\" data-testid=\"widget-book-button\" > Book now <\/button> ","what_you\u2019ll_experience_during_the_game":"\u5728Secrets of Link\u00f6ping City Game\u4e2d\uff0c\u60a8\u5c06\u901a\u8fc7\u6545\u4e8b\u9a71\u52a8\u7684\u63a2\u7d22\u4e0e\u4e92\u52a8\u6311\u6218\u76f8\u7ed3\u5408\u7684\u65b9\u5f0f\u6765\u63ed\u5f00\u8fd9\u5ea7\u57ce\u5e02\u7684\u79d8\u5bc6\u3002\u968f\u7740\u6545\u4e8b\u60c5\u8282\u7684\u5c55\u5f00\uff0c\u8def\u7ebf\u5c06\u5e26\u60a8\u7a7f\u8d8a\u6807\u5fd7\u6027\u5730\u70b9\u548c\u9c9c\u4e3a\u4eba\u77e5\u7684\u89d2\u843d\uff0c\u4e3a\u60a8\u5448\u73b0\u5bf9\u57ce\u5e02\u666f\u89c2\u548c\u5386\u53f2\u66f4\u4e30\u5bcc\u7684\u89c6\u89d2\u3002\u60a8\u5c06\u7ecf\u8fc7Stora Torget\u72ec\u7279\u7684Nya R\u00e5dhuset\u5854\u3001Platensgatan\u6cbf\u7ebf\u5bcc\u6709\u8868\u73b0\u529b\u7684\u8857\u5934\u827a\u672f\u4ee5\u53ca\u00d6sterg\u00f6tlands\u535a\u7269\u9986\u7684\u6587\u5316\u85cf\u54c1\u7b49\u7a81\u51fa\u666f\u70b9\u3002Lilla Torget\u548c\u5b8f\u4f1f\u7684Link\u00f6ping\u5927\u6559\u5802\u7b49\u5b81\u9759\u7684\u89d2\u843d\u589e\u6dfb\u4e86\u4f53\u9a8c\u7684\u591a\u6837\u6027\uff0c\u5c06\u57ce\u5e02\u7684\u6d3b\u529b\u4e0e\u6c89\u601d\u7684\u65f6\u523b\u878d\u4e3a\u4e00\u4f53\u3002\r\n\r\n\u5728\u63a2\u7d22Link\u00f6ping\u7684\u8fc7\u7a0b\u4e2d\uff0c\u60a8\u5c06\u89e3\u51b3\u8c1c\u9898\u3001\u56de\u7b54\u8111\u7b4b\u6025\u8f6c\u5f2f\u3001\u5b8c\u6210\u95ee\u9898\u5e76\u8fdb\u884c\u5bcc\u6709\u60f3\u8c61\u529b\u7684\u62cd\u7167\u4efb\u52a1\uff0c\u4ee5\u5f15\u5bfc\u60a8\u7684\u8fdb\u7a0b\u3002\u6bcf\u4e00\u6b21\u6311\u6218\u90fd\u5c06\u4e3a\u60a8\u5e26\u6765\u8d5a\u53d6\u79ef\u5206\u3001\u89e3\u9501\u6709\u7528\u63d0\u793a\u5e76\u66f4\u63a5\u8fd1\u89e3\u5f00\u6700\u7ec8\u8c1c\u56e2\u7684\u673a\u4f1a\u3002\u6e38\u620f\u7075\u6d3b\uff0c\u53ef\u4ee5\u968f\u65f6\u6682\u505c\uff0c\u8ba9\u60a8\u53ef\u4ee5\u4f11\u606f\u6216\u6309\u7167\u81ea\u5df1\u7684\u8282\u594f\u63a2\u7d22\u57ce\u5e02\u3002\u5177\u6709\u7ade\u4e89\u7cbe\u795e\u7684\u73a9\u5bb6\u53ef\u4ee5\u5728\u6392\u884c\u699c\u4e0a\u8ffd\u8e2a\u4ed6\u4eec\u7684\u8868\u73b0\uff0c\u8fd9\u4f7f\u5f97\u5b83\u6210\u4e3a\u63a2\u7d22\u4e0e\u53cb\u597d\u7ade\u4e89\u7684\u6709\u8da3\u5e73\u8861\u3002","how_to_play":"\u9884\u8ba2City Game Link\u00f6ping\u540e\uff0c\u60a8\u5c06\u6536\u5230\u4e00\u5c01\u5305\u542b\u76f4\u63a5\u6e38\u73a9\u94fe\u63a5\u7684\u7535\u5b50\u90ae\u4ef6\u3002\u53ea\u9700\u524d\u5f80L\u00e4rkans Spr\u00e5kf\u00f6rskola\u7684\u8d77\u59cb\u5730\u70b9\uff0c\u5728\u667a\u80fd\u624b\u673a\u4e0a\u6253\u5f00\u94fe\u63a5\uff0c\u968f\u65f6\u51c6\u5907\u5f00\u59cb\u60a8\u7684\u65c5\u7a0b\u3002\u5728\u63a2\u7d22\u57ce\u5e02\u3001\u63ed\u5f00\u79d8\u5bc6\u5e76\u4eab\u53d7\u5386\u53f2\u4e0e\u6e38\u620f\u7684\u5b8c\u7f8e\u7ed3\u5408\u65f6\uff0c\u60a8\u53ef\u4ee5\u6682\u505c\u548c\u6062\u590d\u6e38\u620f\u3002","start_location":"Link\u00f6ping, Spr\u00e5kf\u00f6rskola L\u00e4rkan","available_languages":"","players_per_group":"1-4","duration":"1.5-2 hours","image_overlay_color_image":"https:\/\/testwebsite.citygame.com\/wp-content\/blogs.dir\/1\/files\/sites\/62\/2026\/01\/SecretsColor.svg","image_overlay_game_logo":"https:\/\/testwebsite.citygame.com\/wp-content\/blogs.dir\/1\/files\/sites\/62\/2026\/01\/SecretsLogo.png","city_page":7575,"woocommerce_general_content":null,"the_story":"<strong>Link\u00f6ping\u7684\u9e45\u5375\u77f3\u8857\u9053\u548c\u5b81\u9759\u56fe\u4e66\u9986\u9690\u85cf\u7740\u4e0d\u4ec5\u4ec5\u662f\u65e7\u4e66\u3002\u5728\u5176\u4e2d\u67d0\u4e2a\u5730\u65b9\uff0c\u5b66\u751f\u3001\u95ee\u7b54\u51a0\u519b\u548c\u81ea\u5c01\u7684\u77e5\u8bc6\u9a91\u58ebElias St\u00e5hl\u5f04\u4e22\u4e86\u4ed6\u7684\u7ec8\u6781\u9b54\u6cd5\u94c5\u7b14\u3002\u5b83\u80fd\u5728\u534a\u7a7a\u4e2d\u4fee\u6b63\u8bed\u6cd5\uff0c\u4f4e\u8bed\u62c9\u4e01\u8bed\u811a\u6ce8\uff0c\u53ef\u80fd\u5c31\u662f\u745e\u5178\u6700\u5f3a\u5927\u7684\u5b66\u4e60\u7528\u54c1\u3002<\/strong><br><br>\u52a0\u5165Elias\uff0c\u8e0f\u4e0a\u4e00\u573a\u878d\u5408\u4e86\u8c1c\u9898\u3001\u5386\u53f2\u548c\u4e00\u4e1d\u5b66\u672f\u6076\u4f5c\u4f5c\u5267\u7684\u5168\u57ce\u5bfb\u5b9d\u6e38\u620f\u3002\u4ece\u5927\u6559\u5802\u7684\u53f0\u9636\u5230\u5927\u5b66\u7684\u79d8\u5bc6\u89d2\u843d\uff0c\u6bcf\u6761\u7ebf\u7d22\u90fd\u8ba9\u60a8\u79bb\u90a3\u652f\u94c5\u7b14\u53ca\u5176\u8574\u542b\u7684\u597d\u5947\u9b54\u6cd5\u66f4\u8fd1\u4e00\u6b65\u3002\u5728Link\u00f6ping\uff0c\u8fde\u6587\u5177\u90fd\u6709\u6545\u4e8b\u3002<br><br><strong>\u60a8\u6765\u662f\u4e3a\u4e86\u63a2\u7d22\u3002\u60a8\u7559\u4e0b\u662f\u4e3a\u4e86\u62ef\u6551\u6545\u4e8b\u3002<\/strong>","name_main_character":"Elias St\u00e5hl","photo_main_character":51266,"loquiz_or_kokimoki":"Kokimoki"},"yoast_head":"<!-- This site is optimized with the Yoast SEO Premium plugin v26.2 (Yoast SEO v26.3) - https:\/\/yoast.com\/wordpress\/plugins\/seo\/ -->\n<title>Secrets of Link\u00f6ping - City Game<\/title>\n<meta name=\"description\" content=\"Secrets of Link\u00f6ping. \u73a9\u4e00\u573a\u81ea\u52a9\u57ce\u5e02\u63a2\u7d22\u6e38\u620f\uff0c\u901a\u8fc7\u8c1c\u9898\u3001\u8111\u7b4b\u6025\u8f6c\u5f2f\u548c\u6311\u6218\u63a2\u7d22\u57ce\u5e02\u3002\u6309\u7167\u81ea\u5df1\u7684\u8282\u594f\u6e38\u73a9\uff0c\u50cf\u5f53\u5730\u4eba\u4e00\u6837\u53bb\u53d1\u73b0\uff01\" \/>\n<meta name=\"robots\" content=\"noindex, follow, max-snippet:-1, max-image-preview:large, max-video-preview:-1\" \/>\n<meta property=\"og:locale\" content=\"zh_CN\" \/>\n<meta property=\"og:type\" content=\"article\" \/>\n<meta property=\"og:title\" content=\"Secrets of Link\u00f6ping\" \/>\n<meta property=\"og:description\" content=\"Secrets of Link\u00f6ping. \u73a9\u4e00\u573a\u81ea\u52a9\u57ce\u5e02\u63a2\u7d22\u6e38\u620f\uff0c\u901a\u8fc7\u8c1c\u9898\u3001\u8111\u7b4b\u6025\u8f6c\u5f2f\u548c\u6311\u6218\u63a2\u7d22\u57ce\u5e02\u3002\u6309\u7167\u81ea\u5df1\u7684\u8282\u594f\u6e38\u73a9\uff0c\u50cf\u5f53\u5730\u4eba\u4e00\u6837\u53bb\u53d1\u73b0\uff01\" \/>\n<meta property=\"og:url\" content=\"https:\/\/testwebsite.citygame.com\/zh-hans\/games\/linkoping\/secrets-of-linkoping\/\" \/>\n<meta property=\"og:site_name\" content=\"City Game\" \/>\n<meta property=\"article:publisher\" content=\"https:\/\/www.facebook.com\/profile.php?id=100086426226253\" \/>\n<meta property=\"article:modified_time\" content=\"2026-04-07T21:10:37+00:00\" \/>\n<meta property=\"og:image\" content=\"https:\/\/testwebsite.citygame.com\/wp-content\/blogs.dir\/1\/files\/sites\/62\/2026\/01\/linkoping-sweden-player-smartphone-city-street.jpg\" \/>\n\t<meta property=\"og:image:width\" content=\"704\" \/>\n\t<meta property=\"og:image:height\" content=\"1472\" \/>\n\t<meta property=\"og:image:type\" content=\"image\/jpeg\" \/>\n<meta name=\"twitter:card\" content=\"summary_large_image\" \/>\n<script type=\"application\/ld+json\" class=\"yoast-schema-graph\">{\"@context\":\"https:\/\/schema.org\",\"@graph\":[{\"@type\":\"WebPage\",\"@id\":\"https:\/\/testwebsite.citygame.com\/zh-hans\/games\/linkoping\/secrets-of-linkoping\/\",\"url\":\"https:\/\/testwebsite.citygame.com\/zh-hans\/games\/linkoping\/secrets-of-linkoping\/\",\"name\":\"Secrets of Link\u00f6ping - City Game\",\"isPartOf\":{\"@id\":\"https:\/\/testwebsite.upevents.nl\/#website\"},\"primaryImageOfPage\":{\"@id\":\"https:\/\/testwebsite.citygame.com\/zh-hans\/games\/linkoping\/secrets-of-linkoping\/#primaryimage\"},\"image\":{\"@id\":\"https:\/\/testwebsite.citygame.com\/zh-hans\/games\/linkoping\/secrets-of-linkoping\/#primaryimage\"},\"thumbnailUrl\":\"https:\/\/testwebsite.citygame.com\/wp-content\/blogs.dir\/1\/files\/sites\/62\/2026\/01\/linkoping-sweden-player-smartphone-city-street.jpg\",\"datePublished\":\"2026-01-13T11:46:22+00:00\",\"dateModified\":\"2026-04-07T21:10:37+00:00\",\"description\":\"Secrets of Link\u00f6ping. \u73a9\u4e00\u573a\u81ea\u52a9\u57ce\u5e02\u63a2\u7d22\u6e38\u620f\uff0c\u901a\u8fc7\u8c1c\u9898\u3001\u8111\u7b4b\u6025\u8f6c\u5f2f\u548c\u6311\u6218\u63a2\u7d22\u57ce\u5e02\u3002\u6309\u7167\u81ea\u5df1\u7684\u8282\u594f\u6e38\u73a9\uff0c\u50cf\u5f53\u5730\u4eba\u4e00\u6837\u53bb\u53d1\u73b0\uff01\",\"breadcrumb\":{\"@id\":\"https:\/\/testwebsite.citygame.com\/zh-hans\/games\/linkoping\/secrets-of-linkoping\/#breadcrumb\"},\"inLanguage\":\"zh-Hans\",\"potentialAction\":[{\"@type\":\"ReadAction\",\"target\":[\"https:\/\/testwebsite.citygame.com\/zh-hans\/games\/linkoping\/secrets-of-linkoping\/\"]}]},{\"@type\":\"ImageObject\",\"inLanguage\":\"zh-Hans\",\"@id\":\"https:\/\/testwebsite.citygame.com\/zh-hans\/games\/linkoping\/secrets-of-linkoping\/#primaryimage\",\"url\":\"https:\/\/testwebsite.citygame.com\/wp-content\/blogs.dir\/1\/files\/sites\/62\/2026\/01\/linkoping-sweden-player-smartphone-city-street.jpg\",\"contentUrl\":\"https:\/\/testwebsite.citygame.com\/wp-content\/blogs.dir\/1\/files\/sites\/62\/2026\/01\/linkoping-sweden-player-smartphone-city-street.jpg\",\"width\":704,\"height\":1472,\"caption\":\"A player uses their smartphone to explore a wide, tree-lined pedestrian street in downtown Link\u00f6ping.\"},{\"@type\":\"BreadcrumbList\",\"@id\":\"https:\/\/testwebsite.citygame.com\/zh-hans\/games\/linkoping\/secrets-of-linkoping\/#breadcrumb\",\"itemListElement\":[{\"@type\":\"ListItem\",\"position\":1,\"name\":\"Home\",\"item\":\"https:\/\/testwebsite.citygame.com\/zh-hans\/\"},{\"@type\":\"ListItem\",\"position\":2,\"name\":\"Shop\",\"item\":\"https:\/\/testwebsite.citygame.com\/shop\/\"},{\"@type\":\"ListItem\",\"position\":3,\"name\":\"Secrets of Link\u00f6ping\"}]},{\"@type\":\"WebSite\",\"@id\":\"https:\/\/testwebsite.upevents.nl\/#website\",\"url\":\"https:\/\/testwebsite.upevents.nl\/\",\"name\":\"City Game\",\"description\":\"\",\"publisher\":{\"@id\":\"https:\/\/testwebsite.upevents.nl\/#organization\"},\"alternateName\":\"citygame.com\",\"potentialAction\":[{\"@type\":\"SearchAction\",\"target\":{\"@type\":\"EntryPoint\",\"urlTemplate\":\"https:\/\/testwebsite.upevents.nl\/?s={search_term_string}\"},\"query-input\":{\"@type\":\"PropertyValueSpecification\",\"valueRequired\":true,\"valueName\":\"search_term_string\"}}],\"inLanguage\":\"zh-Hans\"},{\"@type\":[\"Organization\",\"Place\"],\"@id\":\"https:\/\/testwebsite.upevents.nl\/#organization\",\"name\":\"City Game\",\"alternateName\":\"citygame.com\",\"url\":\"https:\/\/testwebsite.upevents.nl\/\",\"logo\":{\"@id\":\"https:\/\/testwebsite.citygame.com\/zh-hans\/games\/linkoping\/secrets-of-linkoping\/#local-main-organization-logo\"},\"image\":{\"@id\":\"https:\/\/testwebsite.citygame.com\/zh-hans\/games\/linkoping\/secrets-of-linkoping\/#local-main-organization-logo\"},\"sameAs\":[\"https:\/\/www.facebook.com\/profile.php?id=100086426226253\",\"https:\/\/www.instagram.com\/citygame_com\",\"https:\/\/www.tiktok.com\/@citygamecom\/\",\"https:\/\/www.linkedin.com\/company\/citygame-com\"],\"description\":\"Turn any city into a playground with our interactive City Games and self-guided tours. Fun, flexible, and ideal for groups and team building.\",\"telephone\":[],\"openingHoursSpecification\":[{\"@type\":\"OpeningHoursSpecification\",\"dayOfWeek\":[\"Monday\",\"Tuesday\",\"Wednesday\",\"Thursday\",\"Friday\",\"Saturday\",\"Sunday\"],\"opens\":\"09:00\",\"closes\":\"17:00\"}]},{\"@type\":\"ImageObject\",\"inLanguage\":\"zh-Hans\",\"@id\":\"https:\/\/testwebsite.citygame.com\/zh-hans\/games\/linkoping\/secrets-of-linkoping\/#local-main-organization-logo\",\"url\":\"https:\/\/testwebsite.citygame.com\/wp-content\/blogs.dir\/1\/files\/sites\/62\/2025\/10\/CG_LOGO-City-Game.png\",\"contentUrl\":\"https:\/\/testwebsite.citygame.com\/wp-content\/blogs.dir\/1\/files\/sites\/62\/2025\/10\/CG_LOGO-City-Game.png\",\"width\":351,\"height\":377,\"caption\":\"City Game\"}]}<\/script>\n<!-- \/ Yoast SEO Premium plugin. -->","yoast_head_json":{"title":"Secrets of Link\u00f6ping - City Game","description":"Secrets of Link\u00f6ping. \u73a9\u4e00\u573a\u81ea\u52a9\u57ce\u5e02\u63a2\u7d22\u6e38\u620f\uff0c\u901a\u8fc7\u8c1c\u9898\u3001\u8111\u7b4b\u6025\u8f6c\u5f2f\u548c\u6311\u6218\u63a2\u7d22\u57ce\u5e02\u3002\u6309\u7167\u81ea\u5df1\u7684\u8282\u594f\u6e38\u73a9\uff0c\u50cf\u5f53\u5730\u4eba\u4e00\u6837\u53bb\u53d1\u73b0\uff01","robots":{"index":"noindex","follow":"follow","max-snippet":"max-snippet:-1","max-image-preview":"max-image-preview:large","max-video-preview":"max-video-preview:-1"},"og_locale":"zh_CN","og_type":"article","og_title":"Secrets of Link\u00f6ping","og_description":"Secrets of Link\u00f6ping. \u73a9\u4e00\u573a\u81ea\u52a9\u57ce\u5e02\u63a2\u7d22\u6e38\u620f\uff0c\u901a\u8fc7\u8c1c\u9898\u3001\u8111\u7b4b\u6025\u8f6c\u5f2f\u548c\u6311\u6218\u63a2\u7d22\u57ce\u5e02\u3002\u6309\u7167\u81ea\u5df1\u7684\u8282\u594f\u6e38\u73a9\uff0c\u50cf\u5f53\u5730\u4eba\u4e00\u6837\u53bb\u53d1\u73b0\uff01","og_url":"https:\/\/testwebsite.citygame.com\/zh-hans\/games\/linkoping\/secrets-of-linkoping\/","og_site_name":"City Game","article_publisher":"https:\/\/www.facebook.com\/profile.php?id=100086426226253","article_modified_time":"2026-04-07T21:10:37+00:00","og_image":[{"width":704,"height":1472,"url":"https:\/\/testwebsite.citygame.com\/wp-content\/blogs.dir\/1\/files\/sites\/62\/2026\/01\/linkoping-sweden-player-smartphone-city-street.jpg","type":"image\/jpeg"}],"twitter_card":"summary_large_image","schema":{"@context":"https:\/\/schema.org","@graph":[{"@type":"WebPage","@id":"https:\/\/testwebsite.citygame.com\/zh-hans\/games\/linkoping\/secrets-of-linkoping\/","url":"https:\/\/testwebsite.citygame.com\/zh-hans\/games\/linkoping\/secrets-of-linkoping\/","name":"Secrets of Link\u00f6ping - City Game","isPartOf":{"@id":"https:\/\/testwebsite.upevents.nl\/#website"},"primaryImageOfPage":{"@id":"https:\/\/testwebsite.citygame.com\/zh-hans\/games\/linkoping\/secrets-of-linkoping\/#primaryimage"},"image":{"@id":"https:\/\/testwebsite.citygame.com\/zh-hans\/games\/linkoping\/secrets-of-linkoping\/#primaryimage"},"thumbnailUrl":"https:\/\/testwebsite.citygame.com\/wp-content\/blogs.dir\/1\/files\/sites\/62\/2026\/01\/linkoping-sweden-player-smartphone-city-street.jpg","datePublished":"2026-01-13T11:46:22+00:00","dateModified":"2026-04-07T21:10:37+00:00","description":"Secrets of Link\u00f6ping. \u73a9\u4e00\u573a\u81ea\u52a9\u57ce\u5e02\u63a2\u7d22\u6e38\u620f\uff0c\u901a\u8fc7\u8c1c\u9898\u3001\u8111\u7b4b\u6025\u8f6c\u5f2f\u548c\u6311\u6218\u63a2\u7d22\u57ce\u5e02\u3002\u6309\u7167\u81ea\u5df1\u7684\u8282\u594f\u6e38\u73a9\uff0c\u50cf\u5f53\u5730\u4eba\u4e00\u6837\u53bb\u53d1\u73b0\uff01","breadcrumb":{"@id":"https:\/\/testwebsite.citygame.com\/zh-hans\/games\/linkoping\/secrets-of-linkoping\/#breadcrumb"},"inLanguage":"zh-Hans","potentialAction":[{"@type":"ReadAction","target":["https:\/\/testwebsite.citygame.com\/zh-hans\/games\/linkoping\/secrets-of-linkoping\/"]}]},{"@type":"ImageObject","inLanguage":"zh-Hans","@id":"https:\/\/testwebsite.citygame.com\/zh-hans\/games\/linkoping\/secrets-of-linkoping\/#primaryimage","url":"https:\/\/testwebsite.citygame.com\/wp-content\/blogs.dir\/1\/files\/sites\/62\/2026\/01\/linkoping-sweden-player-smartphone-city-street.jpg","contentUrl":"https:\/\/testwebsite.citygame.com\/wp-content\/blogs.dir\/1\/files\/sites\/62\/2026\/01\/linkoping-sweden-player-smartphone-city-street.jpg","width":704,"height":1472,"caption":"A player uses their smartphone to explore a wide, tree-lined pedestrian street in downtown Link\u00f6ping."},{"@type":"BreadcrumbList","@id":"https:\/\/testwebsite.citygame.com\/zh-hans\/games\/linkoping\/secrets-of-linkoping\/#breadcrumb","itemListElement":[{"@type":"ListItem","position":1,"name":"Home","item":"https:\/\/testwebsite.citygame.com\/zh-hans\/"},{"@type":"ListItem","position":2,"name":"Shop","item":"https:\/\/testwebsite.citygame.com\/shop\/"},{"@type":"ListItem","position":3,"name":"Secrets of Link\u00f6ping"}]},{"@type":"WebSite","@id":"https:\/\/testwebsite.upevents.nl\/#website","url":"https:\/\/testwebsite.upevents.nl\/","name":"City Game","description":"","publisher":{"@id":"https:\/\/testwebsite.upevents.nl\/#organization"},"alternateName":"citygame.com","potentialAction":[{"@type":"SearchAction","target":{"@type":"EntryPoint","urlTemplate":"https:\/\/testwebsite.upevents.nl\/?s={search_term_string}"},"query-input":{"@type":"PropertyValueSpecification","valueRequired":true,"valueName":"search_term_string"}}],"inLanguage":"zh-Hans"},{"@type":["Organization","Place"],"@id":"https:\/\/testwebsite.upevents.nl\/#organization","name":"City Game","alternateName":"citygame.com","url":"https:\/\/testwebsite.upevents.nl\/","logo":{"@id":"https:\/\/testwebsite.citygame.com\/zh-hans\/games\/linkoping\/secrets-of-linkoping\/#local-main-organization-logo"},"image":{"@id":"https:\/\/testwebsite.citygame.com\/zh-hans\/games\/linkoping\/secrets-of-linkoping\/#local-main-organization-logo"},"sameAs":["https:\/\/www.facebook.com\/profile.php?id=100086426226253","https:\/\/www.instagram.com\/citygame_com","https:\/\/www.tiktok.com\/@citygamecom\/","https:\/\/www.linkedin.com\/company\/citygame-com"],"description":"Turn any city into a playground with our interactive City Games and self-guided tours. Fun, flexible, and ideal for groups and team building.","telephone":[],"openingHoursSpecification":[{"@type":"OpeningHoursSpecification","dayOfWeek":["Monday","Tuesday","Wednesday","Thursday","Friday","Saturday","Sunday"],"opens":"09:00","closes":"17:00"}]},{"@type":"ImageObject","inLanguage":"zh-Hans","@id":"https:\/\/testwebsite.citygame.com\/zh-hans\/games\/linkoping\/secrets-of-linkoping\/#local-main-organization-logo","url":"https:\/\/testwebsite.citygame.com\/wp-content\/blogs.dir\/1\/files\/sites\/62\/2025\/10\/CG_LOGO-City-Game.png","contentUrl":"https:\/\/testwebsite.citygame.com\/wp-content\/blogs.dir\/1\/files\/sites\/62\/2025\/10\/CG_LOGO-City-Game.png","width":351,"height":377,"caption":"City Game"}]}},"taxonomy_info":{"game-concept":[{"value":36,"label":"Secrets"}],"location":[{"value":244,"label":"Link\u00f6ping"}],"product_cat":[{"value":27,"label":"Geen categorie"}]},"featured_image_src_large":["https:\/\/testwebsite.citygame.com\/wp-content\/blogs.dir\/1\/files\/sites\/62\/2026\/01\/linkoping-sweden-player-smartphone-city-street-490x1024.jpg",490,1024,true],"author_info":[],"comment_info":"","_links":{"self":[{"href":"https:\/\/testwebsite.citygame.com\/zh-hans\/wp-json\/wp\/v2\/product\/55595","targetHints":{"allow":["GET"]}}],"collection":[{"href":"https:\/\/testwebsite.citygame.com\/zh-hans\/wp-json\/wp\/v2\/product"}],"about":[{"href":"https:\/\/testwebsite.citygame.com\/zh-hans\/wp-json\/wp\/v2\/types\/product"}],"acf:post":[{"embeddable":true,"href":"https:\/\/testwebsite.citygame.com\/zh-hans\/wp-json\/wp\/v2\/pages\/7575"}],"wp:featuredmedia":[{"embeddable":true,"href":"https:\/\/testwebsite.citygame.com\/zh-hans\/wp-json\/wp\/v2\/media\/3658"}],"wp:attachment":[{"href":"https:\/\/testwebsite.citygame.com\/zh-hans\/wp-json\/wp\/v2\/media?parent=55595"}],"wp:term":[{"taxonomy":"game-concept","embeddable":true,"href":"https:\/\/testwebsite.citygame.com\/zh-hans\/wp-json\/wp\/v2\/game-concept?post=55595"},{"taxonomy":"location","embeddable":true,"href":"https:\/\/testwebsite.citygame.com\/zh-hans\/wp-json\/wp\/v2\/location?post=55595"},{"taxonomy":"product_brand","embeddable":true,"href":"https:\/\/testwebsite.citygame.com\/zh-hans\/wp-json\/wp\/v2\/product_brand?post=55595"},{"taxonomy":"product_cat","embeddable":true,"href":"https:\/\/testwebsite.citygame.com\/zh-hans\/wp-json\/wp\/v2\/product_cat?post=55595"},{"taxonomy":"product_tag","embeddable":true,"href":"https:\/\/testwebsite.citygame.com\/zh-hans\/wp-json\/wp\/v2\/product_tag?post=55595"}],"curies":[{"name":"wp","href":"https:\/\/api.w.org\/{rel}","templated":true}]}}