{"id":7563,"date":"2026-01-29T20:23:31","date_gmt":"2026-01-29T20:23:31","guid":{"rendered":"https:\/\/testwebsite.citygame.com\/locations\/sweden\/city-game-vasteras\/"},"modified":"2026-02-24T10:17:58","modified_gmt":"2026-02-24T10:17:58","slug":"city-game-vasteras","status":"publish","type":"page","link":"https:\/\/testwebsite.citygame.com\/zh-hans\/locations\/sweden\/city-game-vasteras\/","title":{"rendered":"City Game V\u00e4ster\u00e5s"},"content":{"rendered":"","protected":false},"excerpt":{"rendered":"<p>V\u00e4ster\u00e5s is a city in central Sweden, located on the shores of Lake M\u00e4laren in the province of V\u00e4stmanland. Known for its industrial heritage and ties to Sweden\u2019s electrical engineering sector, it is also home to the towering V\u00e4ster\u00e5s Cathedral and the historic Kyrkbacken district with its preserved wooden houses. The city blends medieval roots with modern innovation along a scenic lakeside setting.<\/p>\n","protected":false},"author":78,"featured_media":7556,"parent":5570,"menu_order":0,"comment_status":"closed","ping_status":"closed","template":"","meta":{"_acf_changed":false,"_yoast_wpseo_focuskw":"City Game V\u00e4ster\u00e5s","_yoast_wpseo_metadesc":"City Game V\u00e4ster\u00e5s. Explore the city with interactive City Games. Solve puzzles, complete challenges and play at your own pace with a self-guided City Game experience!","_kad_blocks_custom_css":"","_kad_blocks_head_custom_js":"","_kad_blocks_body_custom_js":"","_kad_blocks_footer_custom_js":"","ghostkit_customizer_options":"","ghostkit_custom_css":"","ghostkit_custom_js_head":"","ghostkit_custom_js_foot":"","ghostkit_typography":"","_kad_post_transparent":"","_kad_post_title":"","_kad_post_layout":"","_kad_post_sidebar_id":"","_kad_post_content_style":"","_kad_post_vertical_padding":"","_kad_post_feature":"","_kad_post_feature_position":"","_kad_post_header":false,"_kad_post_footer":false,"_kad_post_classname":"","footnotes":"","_links_to":"","_links_to_target":""},"cities-only-parent-location":[477],"countries-only-parent-locations":[],"seo_keyword":[],"cg_page_type":[45],"class_list":["post-7563","page","type-page","status-publish","has-post-thumbnail","hentry","cities-only-parent-location-sweden","cg_page_type-city-overview-page"],"acf":{"latitude":59.6097081,"longitude":16.5523736,"country":477,"map_enabled":true},"yoast_head":"<!-- This site is optimized with the Yoast SEO Premium plugin v26.2 (Yoast SEO v26.3) - https:\/\/yoast.com\/wordpress\/plugins\/seo\/ -->\n<title>City Game V\u00e4ster\u00e5s - City Game<\/title>\n<meta name=\"description\" content=\"City Game V\u00e4ster\u00e5s. Explore the city with interactive City Games. Solve puzzles, complete challenges and play at your own pace with a self-guided City Game experience!\" \/>\n<meta name=\"robots\" content=\"noindex, follow, max-snippet:-1, max-image-preview:large, max-video-preview:-1\" \/>\n<meta property=\"og:locale\" content=\"zh_CN\" \/>\n<meta property=\"og:type\" content=\"article\" \/>\n<meta property=\"og:title\" content=\"City Game V\u00e4ster\u00e5s\" \/>\n<meta property=\"og:description\" content=\"City Game V\u00e4ster\u00e5s. Explore the city with interactive City Games. Solve puzzles, complete challenges and play at your own pace with a self-guided City Game experience!\" \/>\n<meta property=\"og:url\" content=\"https:\/\/testwebsite.citygame.com\/zh-hans\/locations\/sweden\/city-game-vasteras\/\" \/>\n<meta property=\"og:site_name\" content=\"City Game\" \/>\n<meta property=\"article:publisher\" content=\"https:\/\/www.facebook.com\/profile.php?id=100086426226253\" \/>\n<meta property=\"article:modified_time\" content=\"2026-02-24T10:17:58+00:00\" \/>\n<meta property=\"og:image\" content=\"https:\/\/testwebsite.citygame.com\/wp-content\/blogs.dir\/1\/files\/sites\/62\/2026\/01\/vasteras-cathedral-and-svartan-river.jpg\" \/>\n\t<meta property=\"og:image:width\" content=\"1376\" \/>\n\t<meta property=\"og:image:height\" content=\"768\" \/>\n\t<meta property=\"og:image:type\" content=\"image\/jpeg\" \/>\n<meta name=\"twitter:card\" content=\"summary_large_image\" \/>\n<script type=\"application\/ld+json\" class=\"yoast-schema-graph\">{\"@context\":\"https:\/\/schema.org\",\"@graph\":[{\"@type\":\"WebPage\",\"@id\":\"https:\/\/testwebsite.citygame.com\/zh-hans\/locations\/sweden\/city-game-vasteras\/\",\"url\":\"https:\/\/testwebsite.citygame.com\/zh-hans\/locations\/sweden\/city-game-vasteras\/\",\"name\":\"City Game V\u00e4ster\u00e5s - City Game\",\"isPartOf\":{\"@id\":\"https:\/\/testwebsite.upevents.nl\/#website\"},\"primaryImageOfPage\":{\"@id\":\"https:\/\/testwebsite.citygame.com\/zh-hans\/locations\/sweden\/city-game-vasteras\/#primaryimage\"},\"image\":{\"@id\":\"https:\/\/testwebsite.citygame.com\/zh-hans\/locations\/sweden\/city-game-vasteras\/#primaryimage\"},\"thumbnailUrl\":\"https:\/\/testwebsite.citygame.com\/wp-content\/blogs.dir\/1\/files\/sites\/62\/2026\/01\/vasteras-cathedral-and-svartan-river.jpg\",\"datePublished\":\"2026-01-29T20:23:31+00:00\",\"dateModified\":\"2026-02-24T10:17:58+00:00\",\"description\":\"City Game V\u00e4ster\u00e5s. Explore the city with interactive City Games. Solve puzzles, complete challenges and play at your own pace with a self-guided City Game experience!\",\"breadcrumb\":{\"@id\":\"https:\/\/testwebsite.citygame.com\/zh-hans\/locations\/sweden\/city-game-vasteras\/#breadcrumb\"},\"inLanguage\":\"zh-Hans\",\"potentialAction\":[{\"@type\":\"ReadAction\",\"target\":[\"https:\/\/testwebsite.citygame.com\/zh-hans\/locations\/sweden\/city-game-vasteras\/\"]}]},{\"@type\":\"ImageObject\",\"inLanguage\":\"zh-Hans\",\"@id\":\"https:\/\/testwebsite.citygame.com\/zh-hans\/locations\/sweden\/city-game-vasteras\/#primaryimage\",\"url\":\"https:\/\/testwebsite.citygame.com\/wp-content\/blogs.dir\/1\/files\/sites\/62\/2026\/01\/vasteras-cathedral-and-svartan-river.jpg\",\"contentUrl\":\"https:\/\/testwebsite.citygame.com\/wp-content\/blogs.dir\/1\/files\/sites\/62\/2026\/01\/vasteras-cathedral-and-svartan-river.jpg\",\"width\":1376,\"height\":768,\"caption\":\"A scenic view of the V\u00e4ster\u00e5s Cathedral reflecting in the Svart\u00e5n river at sunset.\"},{\"@type\":\"BreadcrumbList\",\"@id\":\"https:\/\/testwebsite.citygame.com\/zh-hans\/locations\/sweden\/city-game-vasteras\/#breadcrumb\",\"itemListElement\":[{\"@type\":\"ListItem\",\"position\":1,\"name\":\"Home\",\"item\":\"https:\/\/testwebsite.citygame.com\/zh-hans\/\"},{\"@type\":\"ListItem\",\"position\":2,\"name\":\"Locations\",\"item\":\"https:\/\/testwebsite.citygame.com\/zh-hans\/locations\/\"},{\"@type\":\"ListItem\",\"position\":3,\"name\":\"City Game Sweden\",\"item\":\"https:\/\/testwebsite.citygame.com\/zh-hans\/locations\/sweden\/\"},{\"@type\":\"ListItem\",\"position\":4,\"name\":\"City Game V\u00e4ster\u00e5s\"}]},{\"@type\":\"WebSite\",\"@id\":\"https:\/\/testwebsite.upevents.nl\/#website\",\"url\":\"https:\/\/testwebsite.upevents.nl\/\",\"name\":\"City Game\",\"description\":\"\",\"publisher\":{\"@id\":\"https:\/\/testwebsite.upevents.nl\/#organization\"},\"alternateName\":\"citygame.com\",\"potentialAction\":[{\"@type\":\"SearchAction\",\"target\":{\"@type\":\"EntryPoint\",\"urlTemplate\":\"https:\/\/testwebsite.upevents.nl\/?s={search_term_string}\"},\"query-input\":{\"@type\":\"PropertyValueSpecification\",\"valueRequired\":true,\"valueName\":\"search_term_string\"}}],\"inLanguage\":\"zh-Hans\"},{\"@type\":[\"Organization\",\"Place\"],\"@id\":\"https:\/\/testwebsite.upevents.nl\/#organization\",\"name\":\"City Game\",\"alternateName\":\"citygame.com\",\"url\":\"https:\/\/testwebsite.upevents.nl\/\",\"logo\":{\"@id\":\"https:\/\/testwebsite.citygame.com\/zh-hans\/locations\/sweden\/city-game-vasteras\/#local-main-organization-logo\"},\"image\":{\"@id\":\"https:\/\/testwebsite.citygame.com\/zh-hans\/locations\/sweden\/city-game-vasteras\/#local-main-organization-logo\"},\"sameAs\":[\"https:\/\/www.facebook.com\/profile.php?id=100086426226253\",\"https:\/\/www.instagram.com\/citygame_com\",\"https:\/\/www.tiktok.com\/@citygamecom\/\",\"https:\/\/www.linkedin.com\/company\/citygame-com\"],\"description\":\"Turn any city into a playground with our interactive City Games and self-guided tours. Fun, flexible, and ideal for groups and team building.\",\"telephone\":[],\"openingHoursSpecification\":[{\"@type\":\"OpeningHoursSpecification\",\"dayOfWeek\":[\"Monday\",\"Tuesday\",\"Wednesday\",\"Thursday\",\"Friday\",\"Saturday\",\"Sunday\"],\"opens\":\"09:00\",\"closes\":\"17:00\"}]},{\"@type\":\"ImageObject\",\"inLanguage\":\"zh-Hans\",\"@id\":\"https:\/\/testwebsite.citygame.com\/zh-hans\/locations\/sweden\/city-game-vasteras\/#local-main-organization-logo\",\"url\":\"https:\/\/testwebsite.citygame.com\/wp-content\/blogs.dir\/1\/files\/sites\/62\/2025\/10\/CG_LOGO-City-Game.png\",\"contentUrl\":\"https:\/\/testwebsite.citygame.com\/wp-content\/blogs.dir\/1\/files\/sites\/62\/2025\/10\/CG_LOGO-City-Game.png\",\"width\":351,\"height\":377,\"caption\":\"City Game\"}]}<\/script>\n<!-- \/ Yoast SEO Premium plugin. -->","yoast_head_json":{"title":"City Game V\u00e4ster\u00e5s - City Game","description":"City Game V\u00e4ster\u00e5s. Explore the city with interactive City Games. Solve puzzles, complete challenges and play at your own pace with a self-guided City Game experience!","robots":{"index":"noindex","follow":"follow","max-snippet":"max-snippet:-1","max-image-preview":"max-image-preview:large","max-video-preview":"max-video-preview:-1"},"og_locale":"zh_CN","og_type":"article","og_title":"City Game V\u00e4ster\u00e5s","og_description":"City Game V\u00e4ster\u00e5s. Explore the city with interactive City Games. Solve puzzles, complete challenges and play at your own pace with a self-guided City Game experience!","og_url":"https:\/\/testwebsite.citygame.com\/zh-hans\/locations\/sweden\/city-game-vasteras\/","og_site_name":"City Game","article_publisher":"https:\/\/www.facebook.com\/profile.php?id=100086426226253","article_modified_time":"2026-02-24T10:17:58+00:00","og_image":[{"width":1376,"height":768,"url":"https:\/\/testwebsite.citygame.com\/wp-content\/blogs.dir\/1\/files\/sites\/62\/2026\/01\/vasteras-cathedral-and-svartan-river.jpg","type":"image\/jpeg"}],"twitter_card":"summary_large_image","schema":{"@context":"https:\/\/schema.org","@graph":[{"@type":"WebPage","@id":"https:\/\/testwebsite.citygame.com\/zh-hans\/locations\/sweden\/city-game-vasteras\/","url":"https:\/\/testwebsite.citygame.com\/zh-hans\/locations\/sweden\/city-game-vasteras\/","name":"City Game V\u00e4ster\u00e5s - City Game","isPartOf":{"@id":"https:\/\/testwebsite.upevents.nl\/#website"},"primaryImageOfPage":{"@id":"https:\/\/testwebsite.citygame.com\/zh-hans\/locations\/sweden\/city-game-vasteras\/#primaryimage"},"image":{"@id":"https:\/\/testwebsite.citygame.com\/zh-hans\/locations\/sweden\/city-game-vasteras\/#primaryimage"},"thumbnailUrl":"https:\/\/testwebsite.citygame.com\/wp-content\/blogs.dir\/1\/files\/sites\/62\/2026\/01\/vasteras-cathedral-and-svartan-river.jpg","datePublished":"2026-01-29T20:23:31+00:00","dateModified":"2026-02-24T10:17:58+00:00","description":"City Game V\u00e4ster\u00e5s. Explore the city with interactive City Games. Solve puzzles, complete challenges and play at your own pace with a self-guided City Game experience!","breadcrumb":{"@id":"https:\/\/testwebsite.citygame.com\/zh-hans\/locations\/sweden\/city-game-vasteras\/#breadcrumb"},"inLanguage":"zh-Hans","potentialAction":[{"@type":"ReadAction","target":["https:\/\/testwebsite.citygame.com\/zh-hans\/locations\/sweden\/city-game-vasteras\/"]}]},{"@type":"ImageObject","inLanguage":"zh-Hans","@id":"https:\/\/testwebsite.citygame.com\/zh-hans\/locations\/sweden\/city-game-vasteras\/#primaryimage","url":"https:\/\/testwebsite.citygame.com\/wp-content\/blogs.dir\/1\/files\/sites\/62\/2026\/01\/vasteras-cathedral-and-svartan-river.jpg","contentUrl":"https:\/\/testwebsite.citygame.com\/wp-content\/blogs.dir\/1\/files\/sites\/62\/2026\/01\/vasteras-cathedral-and-svartan-river.jpg","width":1376,"height":768,"caption":"A scenic view of the V\u00e4ster\u00e5s Cathedral reflecting in the Svart\u00e5n river at sunset."},{"@type":"BreadcrumbList","@id":"https:\/\/testwebsite.citygame.com\/zh-hans\/locations\/sweden\/city-game-vasteras\/#breadcrumb","itemListElement":[{"@type":"ListItem","position":1,"name":"Home","item":"https:\/\/testwebsite.citygame.com\/zh-hans\/"},{"@type":"ListItem","position":2,"name":"Locations","item":"https:\/\/testwebsite.citygame.com\/zh-hans\/locations\/"},{"@type":"ListItem","position":3,"name":"City Game Sweden","item":"https:\/\/testwebsite.citygame.com\/zh-hans\/locations\/sweden\/"},{"@type":"ListItem","position":4,"name":"City Game V\u00e4ster\u00e5s"}]},{"@type":"WebSite","@id":"https:\/\/testwebsite.upevents.nl\/#website","url":"https:\/\/testwebsite.upevents.nl\/","name":"City Game","description":"","publisher":{"@id":"https:\/\/testwebsite.upevents.nl\/#organization"},"alternateName":"citygame.com","potentialAction":[{"@type":"SearchAction","target":{"@type":"EntryPoint","urlTemplate":"https:\/\/testwebsite.upevents.nl\/?s={search_term_string}"},"query-input":{"@type":"PropertyValueSpecification","valueRequired":true,"valueName":"search_term_string"}}],"inLanguage":"zh-Hans"},{"@type":["Organization","Place"],"@id":"https:\/\/testwebsite.upevents.nl\/#organization","name":"City Game","alternateName":"citygame.com","url":"https:\/\/testwebsite.upevents.nl\/","logo":{"@id":"https:\/\/testwebsite.citygame.com\/zh-hans\/locations\/sweden\/city-game-vasteras\/#local-main-organization-logo"},"image":{"@id":"https:\/\/testwebsite.citygame.com\/zh-hans\/locations\/sweden\/city-game-vasteras\/#local-main-organization-logo"},"sameAs":["https:\/\/www.facebook.com\/profile.php?id=100086426226253","https:\/\/www.instagram.com\/citygame_com","https:\/\/www.tiktok.com\/@citygamecom\/","https:\/\/www.linkedin.com\/company\/citygame-com"],"description":"Turn any city into a playground with our interactive City Games and self-guided tours. Fun, flexible, and ideal for groups and team building.","telephone":[],"openingHoursSpecification":[{"@type":"OpeningHoursSpecification","dayOfWeek":["Monday","Tuesday","Wednesday","Thursday","Friday","Saturday","Sunday"],"opens":"09:00","closes":"17:00"}]},{"@type":"ImageObject","inLanguage":"zh-Hans","@id":"https:\/\/testwebsite.citygame.com\/zh-hans\/locations\/sweden\/city-game-vasteras\/#local-main-organization-logo","url":"https:\/\/testwebsite.citygame.com\/wp-content\/blogs.dir\/1\/files\/sites\/62\/2025\/10\/CG_LOGO-City-Game.png","contentUrl":"https:\/\/testwebsite.citygame.com\/wp-content\/blogs.dir\/1\/files\/sites\/62\/2025\/10\/CG_LOGO-City-Game.png","width":351,"height":377,"caption":"City Game"}]}},"taxonomy_info":{"cities-only-parent-location":[{"value":477,"label":"Sweden"}],"cg_page_type":[{"value":45,"label":"City overview page"}]},"featured_image_src_large":["https:\/\/testwebsite.citygame.com\/wp-content\/blogs.dir\/1\/files\/sites\/62\/2026\/01\/vasteras-cathedral-and-svartan-river-1024x572.jpg",1024,572,true],"author_info":{"display_name":"Philip","author_link":"https:\/\/testwebsite.citygame.com\/zh-hans\/blog\/author\/sophi2\/"},"comment_info":0,"_links":{"self":[{"href":"https:\/\/testwebsite.citygame.com\/zh-hans\/wp-json\/wp\/v2\/pages\/7563","targetHints":{"allow":["GET"]}}],"collection":[{"href":"https:\/\/testwebsite.citygame.com\/zh-hans\/wp-json\/wp\/v2\/pages"}],"about":[{"href":"https:\/\/testwebsite.citygame.com\/zh-hans\/wp-json\/wp\/v2\/types\/page"}],"author":[{"embeddable":true,"href":"https:\/\/testwebsite.citygame.com\/zh-hans\/wp-json\/wp\/v2\/users\/78"}],"replies":[{"embeddable":true,"href":"https:\/\/testwebsite.citygame.com\/zh-hans\/wp-json\/wp\/v2\/comments?post=7563"}],"version-history":[{"count":1,"href":"https:\/\/testwebsite.citygame.com\/zh-hans\/wp-json\/wp\/v2\/pages\/7563\/revisions"}],"predecessor-version":[{"id":14657,"href":"https:\/\/testwebsite.citygame.com\/zh-hans\/wp-json\/wp\/v2\/pages\/7563\/revisions\/14657"}],"up":[{"embeddable":true,"href":"https:\/\/testwebsite.citygame.com\/zh-hans\/wp-json\/wp\/v2\/pages\/5570"}],"acf:term":[{"embeddable":true,"taxonomy":"cities-only-parent-location","href":"https:\/\/testwebsite.citygame.com\/zh-hans\/wp-json\/wp\/v2\/cities-only-parent-location\/477"}],"wp:featuredmedia":[{"embeddable":true,"href":"https:\/\/testwebsite.citygame.com\/zh-hans\/wp-json\/wp\/v2\/media\/7556"}],"wp:attachment":[{"href":"https:\/\/testwebsite.citygame.com\/zh-hans\/wp-json\/wp\/v2\/media?parent=7563"}],"wp:term":[{"taxonomy":"cities-only-parent-location","embeddable":true,"href":"https:\/\/testwebsite.citygame.com\/zh-hans\/wp-json\/wp\/v2\/cities-only-parent-location?post=7563"},{"taxonomy":"countries-only-parent-locations","embeddable":true,"href":"https:\/\/testwebsite.citygame.com\/zh-hans\/wp-json\/wp\/v2\/countries-only-parent-locations?post=7563"},{"taxonomy":"seo_keyword","embeddable":true,"href":"https:\/\/testwebsite.citygame.com\/zh-hans\/wp-json\/wp\/v2\/seo_keyword?post=7563"},{"taxonomy":"cg_page_type","embeddable":true,"href":"https:\/\/testwebsite.citygame.com\/zh-hans\/wp-json\/wp\/v2\/cg_page_type?post=7563"}],"curies":[{"name":"wp","href":"https:\/\/api.w.org\/{rel}","templated":true}]}}