{"id":68164,"date":"2026-02-13T11:16:39","date_gmt":"2026-02-13T11:16:39","guid":{"rendered":"https:\/\/testwebsite.citygame.com\/games\/unknown-location\/the-breda-syndicate\/"},"modified":"2026-04-09T10:50:38","modified_gmt":"2026-04-09T10:50:38","slug":"the-breda-syndicate","status":"publish","type":"product","link":"https:\/\/testwebsite.citygame.com\/vi\/games\/breda\/the-breda-syndicate\/","title":{"rendered":"The Breda Syndicate"},"content":{"rendered":"<p>Tr\u00f2 ch\u01a1i tho\u00e1t hi\u1ec3m t\u1ef1 h\u01b0\u1edbng d\u1eabn City Escape Game n\u00e0y di\u1ec5n ra t\u1ea1i trung t\u00e2m l\u1ecbch s\u1eed c\u1ee7a Breda. V\u1edbi t\u01b0 c\u00e1ch l\u00e0 m\u1ed9t \u0111\u1ed9i, b\u1ea1n s\u1ebd h\u1ee3p t\u00e1c \u0111\u1ec3 truy t\u00ecm Magnus kh\u00f3 n\u1eafm b\u1eaft v\u00e0 thu h\u1ed3i s\u00e1u c\u00f4ng th\u1ee9c b\u1ecb \u0111\u00e1nh c\u1eafp b\u1eb1ng c\u00e1ch gi\u1ea3i c\u00e2u \u0111\u1ed1, ho\u00e0n th\u00e0nh nhi\u1ec7m v\u1ee5 v\u00e0 v\u01b0\u1ee3t qua th\u1eed th\u00e1ch. V\u1edbi s\u1ef1 nh\u1ea5n m\u1ea1nh m\u1ea1nh m\u1ebd v\u00e0o c\u00e1ch k\u1ec3 chuy\u1ec7n v\u00e0 ti\u1ebfn tr\u00ecnh nhi\u1ec7m v\u1ee5 t\u1eebng b\u01b0\u1edbc, City Game \u1edf Breda n\u00e0y m\u1eddi b\u1ea1n d\u1ef1a v\u00e0o tinh th\u1ea7n \u0111\u1ed3ng \u0111\u1ed9i v\u00e0 t\u01b0 duy nh\u1ea1y b\u00e9n trong su\u1ed1t cu\u1ed9c phi\u00eau l\u01b0u \u0111\u00f4 th\u1ecb c\u1ee7a m\u00ecnh.<\/p>\n","protected":false},"excerpt":{"rendered":"<p>H\u00f2a m\u00ecnh v\u00e0o trung t\u00e2m th\u00e0nh ph\u1ed1 v\u1edbi The Breda Syndicate City Escape Game, m\u1ed9t cu\u1ed9c phi\u00eau l\u01b0u t\u1ef1 h\u01b0\u1edbng d\u1eabn bi\u1ebfn \u0111\u01b0\u1eddng ph\u1ed1 th\u00e0nh s\u00e2n ch\u01a1i c\u1ee7a b\u1ea1n. L\u00e0m vi\u1ec7c v\u1edbi \u0111\u1ed9i c\u1ee7a b\u1ea1n \u0111\u1ec3 theo d\u00f5i manh m\u1ed1i, gi\u1ea3i c\u00e1c c\u00e2u \u0111\u1ed1 ph\u1ee9c t\u1ea1p v\u00e0 gh\u00e9p n\u1ed1i c\u00e2u chuy\u1ec7n, khi b\u1ea1n ch\u1ea1y \u0111ua v\u1edbi th\u1eddi gian \u0111\u1ec3 kh\u00e1m ph\u00e1 s\u1ef1 th\u1eadt!<\/p>\n","protected":false},"featured_media":13482,"template":"","meta":{"_acf_changed":false,"_yoast_wpseo_focuskw":"The Breda Syndicate","_yoast_wpseo_metadesc":"The Breda Syndicate. Ch\u01a1i m\u1ed9t tr\u00f2 ch\u01a1i tho\u00e1t hi\u1ec3m t\u1ef1 h\u01b0\u1edbng d\u1eabn City Escape Game, gi\u1ea3i c\u00e2u \u0111\u1ed1, ho\u00e0n th\u00e0nh nhi\u1ec7m v\u1ee5 v\u00e0 thu h\u1ed3i c\u00e1c c\u00f4ng th\u1ee9c b\u1ecb \u0111\u00e1nh c\u1eafp theo t\u1ed1c \u0111\u1ed9 c\u1ee7a ri\u00eang b\u1ea1n!","_kad_blocks_custom_css":"","_kad_blocks_head_custom_js":"","_kad_blocks_body_custom_js":"","_kad_blocks_footer_custom_js":"","ghostkit_customizer_options":"","ghostkit_custom_css":"","ghostkit_custom_js_head":"","ghostkit_custom_js_foot":"","ghostkit_typography":"","_kad_post_transparent":"","_kad_post_title":"","_kad_post_layout":"","_kad_post_sidebar_id":"","_kad_post_content_style":"","_kad_post_vertical_padding":"","_kad_post_feature":"","_kad_post_feature_position":"","_kad_post_header":false,"_kad_post_footer":false,"_kad_post_classname":"","_links_to":"","_links_to_target":""},"game-concept":[764],"location":[100],"product_brand":[],"product_cat":[27],"product_tag":[],"class_list":{"0":"post-68164","1":"product","2":"type-product","3":"status-publish","4":"has-post-thumbnail","6":"game-concept-syndicate","7":"location-breda","8":"product_cat-geen-categorie","10":"first","11":"instock","12":"shipping-taxable","13":"purchasable","14":"product-type-simple","15":"entry","16":"content-bg","17":"loop-entry"},"acf":{"full_bokun_product_name":"Self-Guided The Breda Syndicate City Escape Game","location_name":"Breda","bokun_calendar_widget_code":"<script type=\"text\/javascript\" src=\"https:\/\/widgets.bokun.io\/assets\/javascripts\/apps\/build\/BokunWidgetsLoader.js?bookingChannelUUID=a1e93e96-5232-4734-a595-28405f4b5a31\" async><\/script>\n     \n    <div class=\"bokunWidget\" data-src=\"https:\/\/widgets.bokun.io\/online-sales\/a1e93e96-5232-4734-a595-28405f4b5a31\/experience-calendar\/758352\"><\/div>\n    <noscript>Please enable javascript in your browser to book<\/noscript>","bokun_button_widget_code":"<script type=\"text\/javascript\" src=\"https:\/\/widgets.bokun.io\/assets\/javascripts\/apps\/build\/BokunWidgetsLoader.js?bookingChannelUUID=a1e93e96-5232-4734-a595-28405f4b5a31\" async><\/script>\n      <style> #bokun_ed001e45_5927_4f62_b470_ca766338d083 { display: inline-block; padding: .4em 1em; background: #47b82e; border-radius: 999999px; box-shadow: none; font-weight: 600; font-size: 24px; text-decoration: none; text-align: center; color: #FFFFFF; border:none; cursor: pointer; transition: background .2s ease; } #bokun_ed001e45_5927_4f62_b470_ca766338d083:hover{ background: #2f7b1f; } #bokun_ed001e45_5927_4f62_b470_ca766338d083:active{ background: #378f24; } <\/style> <button class=\"bokunButton\" disabled id=bokun_ed001e45_5927_4f62_b470_ca766338d083 data-src=\"https:\/\/widgets.bokun.io\/online-sales\/a1e93e96-5232-4734-a595-28405f4b5a31\/experience-calendar\/758352?partialView=1\" data-testid=\"widget-book-button\" > Book now <\/button> ","what_you\u2019ll_experience_during_the_game":"\u0110\u01b0\u1ee3c \u0111\u01b0a v\u00e0o m\u1ed9t nhi\u1ec7m v\u1ee5 tho\u00e1t hi\u1ec3m \u0111\u1ea7y k\u1ecbch t\u00ednh di\u1ec5n ra \u1edf trung t\u00e2m Breda, b\u1ea1n v\u00e0 \u0111\u1ed9i c\u1ee7a m\u00ecnh s\u1ebd \u0111\u1ea3m nh\u1eadn vai tr\u00f2 \u0111\u1eb7c v\u1ee5 truy t\u00ecm m\u1ed9t nh\u00e2n v\u1eadt kh\u00e9t ti\u1ebfng tr\u00ean th\u1ecb tr\u01b0\u1eddng ch\u1ee3 \u0111en t\u00ean l\u00e0 Magnus. V\u1edbi s\u00e1u c\u00f4ng th\u1ee9c b\u1ecb \u0111\u00e1nh c\u1eafp \u0111ang m\u1ea5t t\u00edch, m\u1ed7i b\u01b0\u1edbc ch\u00e2n qua th\u00e0nh ph\u1ed1 s\u1ebd \u0111\u01b0a b\u1ea1n \u0111\u1ebfn g\u1ea7n h\u01a1n v\u1edbi vi\u1ec7c kh\u00e1m ph\u00e1 d\u1ea5u v\u1ebft c\u1ee7a h\u1eafn v\u00e0 thu h\u1ed3i nh\u1eefng g\u00ec \u0111\u00e3 b\u1ecb l\u1ea5y \u0111i. Nhi\u1ec7m v\u1ee5 di\u1ec5n ra theo t\u1eebng giai \u0111o\u1ea1n, th\u00fac \u0111\u1ea9y b\u1ea1n ti\u1ebfn l\u00ean th\u00f4ng qua m\u1ed9t lo\u1ea1t th\u1eed th\u00e1ch \u0111ang ph\u00e1t tri\u1ec3n khi c\u00e2u chuy\u1ec7n s\u00e2u s\u1eafc h\u01a1n c\u00f9ng v\u1edbi ti\u1ebfn tr\u00ecnh c\u1ee7a b\u1ea1n.  \n\nKhi b\u1ea1n \u0111i\u1ec1u h\u01b0\u1edbng c\u00e1c con ph\u1ed1 c\u1ee7a Breda, \u0111\u1ed9i c\u1ee7a b\u1ea1n s\u1ebd \u0111\u1ed1i m\u1eb7t v\u1edbi c\u00e1c c\u00e2u \u0111\u1ed1, m\u00e3 h\u00f3a v\u00e0 c\u00e1c quy\u1ebft \u0111\u1ecbnh d\u1ef1a tr\u00ean nhi\u1ec7m v\u1ee5 ph\u1ea3n \u00e1nh \u00e1p l\u1ef1c v\u00e0 t\u00ednh c\u1ea5p b\u00e1ch trong th\u1ebf gi\u1edbi th\u1ef1c. Th\u00e0nh c\u00f4ng ph\u1ee5 thu\u1ed9c v\u00e0o s\u1ef1 h\u1ee3p t\u00e1c, giao ti\u1ebfp r\u00f5 r\u00e0ng v\u00e0 \u0111\u01b0a ra quy\u1ebft \u0111\u1ecbnh th\u00f4ng minh v\u00e0o nh\u1eefng th\u1eddi \u0111i\u1ec3m quan tr\u1ecdng. Tr\u1ea3i nghi\u1ec7m n\u00e0y ho\u00e0n to\u00e0n d\u1ef1a tr\u00ean c\u00e2u chuy\u1ec7n, pha tr\u1ed9n l\u1ed1i ch\u01a1i nh\u1eadp vai v\u1edbi m\u1ed9t c\u00e2u chuy\u1ec7n gi\u1eadt g\u00e2n v\u1ec1 \u0111i\u1ec7p vi\u00ean \u0111ang d\u1ea7n h\u00e9 m\u1edf. B\u1ea1n ki\u1ec3m so\u00e1t t\u1ed1c \u0111\u1ed9 ch\u01a1i, v\u1edbi quy\u1ec1n t\u1ef1 do t\u1ea1m d\u1eebng v\u00e0 ti\u1ebfp t\u1ee5c ho\u1ea1t \u0111\u1ed9ng theo l\u1ecbch tr\u00ecnh c\u1ee7a b\u1ea1n.","how_to_play":"\u0110\u1eb7t City Game, ki\u1ec3m tra email ch\u00fang t\u00f4i g\u1eedi cho b\u1ea1n k\u00e8m h\u01b0\u1edbng d\u1eabn, t\u1ea3i \u1ee9ng d\u1ee5ng Loquiz App v\u00e0 b\u1eaft \u0111\u1ea7u tr\u1ea3i nghi\u1ec7m tr\u00f2 ch\u01a1i c\u1ee7a b\u1ea1n!","start_location":"Breda, Grote Kerk","available_languages":["en","nl"],"players_per_group":"1-4","duration":"1.5-2 hours","image_overlay_color_image":"https:\/\/testwebsite.citygame.com\/wp-content\/blogs.dir\/1\/files\/sites\/62\/2026\/01\/SyndicateColor.svg","image_overlay_game_logo":"https:\/\/testwebsite.citygame.com\/wp-content\/blogs.dir\/1\/files\/sites\/62\/2026\/01\/SyndicateLogo.png","city_page":4486,"woocommerce_general_content":null},"yoast_head":"<!-- This site is optimized with the Yoast SEO Premium plugin v26.2 (Yoast SEO v26.3) - https:\/\/yoast.com\/wordpress\/plugins\/seo\/ -->\n<title>The Breda Syndicate - City Game<\/title>\n<meta name=\"description\" content=\"The Breda Syndicate. Ch\u01a1i m\u1ed9t tr\u00f2 ch\u01a1i tho\u00e1t hi\u1ec3m t\u1ef1 h\u01b0\u1edbng d\u1eabn City Escape Game, gi\u1ea3i c\u00e2u \u0111\u1ed1, ho\u00e0n th\u00e0nh nhi\u1ec7m v\u1ee5 v\u00e0 thu h\u1ed3i c\u00e1c c\u00f4ng th\u1ee9c b\u1ecb \u0111\u00e1nh c\u1eafp theo t\u1ed1c \u0111\u1ed9 c\u1ee7a ri\u00eang b\u1ea1n!\" \/>\n<meta name=\"robots\" content=\"noindex, follow, max-snippet:-1, max-image-preview:large, max-video-preview:-1\" \/>\n<meta property=\"og:locale\" content=\"vi_VN\" \/>\n<meta property=\"og:type\" content=\"article\" \/>\n<meta property=\"og:title\" content=\"The Breda Syndicate\" \/>\n<meta property=\"og:description\" content=\"The Breda Syndicate. Ch\u01a1i m\u1ed9t tr\u00f2 ch\u01a1i tho\u00e1t hi\u1ec3m t\u1ef1 h\u01b0\u1edbng d\u1eabn City Escape Game, gi\u1ea3i c\u00e2u \u0111\u1ed1, ho\u00e0n th\u00e0nh nhi\u1ec7m v\u1ee5 v\u00e0 thu h\u1ed3i c\u00e1c c\u00f4ng th\u1ee9c b\u1ecb \u0111\u00e1nh c\u1eafp theo t\u1ed1c \u0111\u1ed9 c\u1ee7a ri\u00eang b\u1ea1n!\" \/>\n<meta property=\"og:url\" content=\"https:\/\/testwebsite.citygame.com\/vi\/games\/breda\/the-breda-syndicate\/\" \/>\n<meta property=\"og:site_name\" content=\"City Game\" \/>\n<meta property=\"article:publisher\" content=\"https:\/\/www.facebook.com\/profile.php?id=100086426226253\" \/>\n<meta property=\"article:modified_time\" content=\"2026-04-09T10:50:38+00:00\" \/>\n<meta property=\"og:image\" content=\"https:\/\/testwebsite.citygame.com\/wp-content\/blogs.dir\/1\/files\/sites\/62\/2026\/02\/group-playing-city-game-breda-grote-kerk-1.jpg\" \/>\n\t<meta property=\"og:image:width\" content=\"1024\" \/>\n\t<meta property=\"og:image:height\" content=\"1024\" \/>\n\t<meta property=\"og:image:type\" content=\"image\/jpeg\" \/>\n<meta name=\"twitter:card\" content=\"summary_large_image\" \/>\n<meta name=\"twitter:label1\" content=\"\u01af\u1edbc t\u00ednh th\u1eddi gian \u0111\u1ecdc\" \/>\n\t<meta name=\"twitter:data1\" content=\"1 ph\u00fat\" \/>\n<script type=\"application\/ld+json\" class=\"yoast-schema-graph\">{\"@context\":\"https:\/\/schema.org\",\"@graph\":[{\"@type\":\"WebPage\",\"@id\":\"https:\/\/testwebsite.citygame.com\/vi\/games\/breda\/the-breda-syndicate\/\",\"url\":\"https:\/\/testwebsite.citygame.com\/vi\/games\/breda\/the-breda-syndicate\/\",\"name\":\"The Breda Syndicate - City Game\",\"isPartOf\":{\"@id\":\"https:\/\/testwebsite.upevents.nl\/#website\"},\"primaryImageOfPage\":{\"@id\":\"https:\/\/testwebsite.citygame.com\/vi\/games\/breda\/the-breda-syndicate\/#primaryimage\"},\"image\":{\"@id\":\"https:\/\/testwebsite.citygame.com\/vi\/games\/breda\/the-breda-syndicate\/#primaryimage\"},\"thumbnailUrl\":\"https:\/\/testwebsite.citygame.com\/wp-content\/blogs.dir\/1\/files\/sites\/62\/2026\/02\/group-playing-city-game-breda-grote-kerk-1.jpg\",\"datePublished\":\"2026-02-13T11:16:39+00:00\",\"dateModified\":\"2026-04-09T10:50:38+00:00\",\"description\":\"The Breda Syndicate. Ch\u01a1i m\u1ed9t tr\u00f2 ch\u01a1i tho\u00e1t hi\u1ec3m t\u1ef1 h\u01b0\u1edbng d\u1eabn City Escape Game, gi\u1ea3i c\u00e2u \u0111\u1ed1, ho\u00e0n th\u00e0nh nhi\u1ec7m v\u1ee5 v\u00e0 thu h\u1ed3i c\u00e1c c\u00f4ng th\u1ee9c b\u1ecb \u0111\u00e1nh c\u1eafp theo t\u1ed1c \u0111\u1ed9 c\u1ee7a ri\u00eang b\u1ea1n!\",\"breadcrumb\":{\"@id\":\"https:\/\/testwebsite.citygame.com\/vi\/games\/breda\/the-breda-syndicate\/#breadcrumb\"},\"inLanguage\":\"vi\",\"potentialAction\":[{\"@type\":\"ReadAction\",\"target\":[\"https:\/\/testwebsite.citygame.com\/vi\/games\/breda\/the-breda-syndicate\/\"]}]},{\"@type\":\"ImageObject\",\"inLanguage\":\"vi\",\"@id\":\"https:\/\/testwebsite.citygame.com\/vi\/games\/breda\/the-breda-syndicate\/#primaryimage\",\"url\":\"https:\/\/testwebsite.citygame.com\/wp-content\/blogs.dir\/1\/files\/sites\/62\/2026\/02\/group-playing-city-game-breda-grote-kerk-1.jpg\",\"contentUrl\":\"https:\/\/testwebsite.citygame.com\/wp-content\/blogs.dir\/1\/files\/sites\/62\/2026\/02\/group-playing-city-game-breda-grote-kerk-1.jpg\",\"width\":1024,\"height\":1024,\"caption\":\"A group of friends collaborate while playing an outdoor city game in Breda's historic center.\"},{\"@type\":\"BreadcrumbList\",\"@id\":\"https:\/\/testwebsite.citygame.com\/vi\/games\/breda\/the-breda-syndicate\/#breadcrumb\",\"itemListElement\":[{\"@type\":\"ListItem\",\"position\":1,\"name\":\"Home\",\"item\":\"https:\/\/testwebsite.citygame.com\/vi\/\"},{\"@type\":\"ListItem\",\"position\":2,\"name\":\"Shop\",\"item\":\"https:\/\/testwebsite.citygame.com\/shop\/\"},{\"@type\":\"ListItem\",\"position\":3,\"name\":\"The Breda Syndicate\"}]},{\"@type\":\"WebSite\",\"@id\":\"https:\/\/testwebsite.upevents.nl\/#website\",\"url\":\"https:\/\/testwebsite.upevents.nl\/\",\"name\":\"City Game\",\"description\":\"\",\"publisher\":{\"@id\":\"https:\/\/testwebsite.upevents.nl\/#organization\"},\"alternateName\":\"citygame.com\",\"potentialAction\":[{\"@type\":\"SearchAction\",\"target\":{\"@type\":\"EntryPoint\",\"urlTemplate\":\"https:\/\/testwebsite.upevents.nl\/?s={search_term_string}\"},\"query-input\":{\"@type\":\"PropertyValueSpecification\",\"valueRequired\":true,\"valueName\":\"search_term_string\"}}],\"inLanguage\":\"vi\"},{\"@type\":[\"Organization\",\"Place\"],\"@id\":\"https:\/\/testwebsite.upevents.nl\/#organization\",\"name\":\"City Game\",\"alternateName\":\"citygame.com\",\"url\":\"https:\/\/testwebsite.upevents.nl\/\",\"logo\":{\"@id\":\"https:\/\/testwebsite.citygame.com\/vi\/games\/breda\/the-breda-syndicate\/#local-main-organization-logo\"},\"image\":{\"@id\":\"https:\/\/testwebsite.citygame.com\/vi\/games\/breda\/the-breda-syndicate\/#local-main-organization-logo\"},\"sameAs\":[\"https:\/\/www.facebook.com\/profile.php?id=100086426226253\",\"https:\/\/www.instagram.com\/citygame_com\",\"https:\/\/www.tiktok.com\/@citygamecom\/\",\"https:\/\/www.linkedin.com\/company\/citygame-com\"],\"description\":\"Turn any city into a playground with our interactive City Games and self-guided tours. Fun, flexible, and ideal for groups and team building.\",\"telephone\":[],\"openingHoursSpecification\":[{\"@type\":\"OpeningHoursSpecification\",\"dayOfWeek\":[\"Monday\",\"Tuesday\",\"Wednesday\",\"Thursday\",\"Friday\",\"Saturday\",\"Sunday\"],\"opens\":\"09:00\",\"closes\":\"17:00\"}]},{\"@type\":\"ImageObject\",\"inLanguage\":\"vi\",\"@id\":\"https:\/\/testwebsite.citygame.com\/vi\/games\/breda\/the-breda-syndicate\/#local-main-organization-logo\",\"url\":\"https:\/\/testwebsite.citygame.com\/wp-content\/blogs.dir\/1\/files\/sites\/62\/2025\/10\/CG_LOGO-City-Game.png\",\"contentUrl\":\"https:\/\/testwebsite.citygame.com\/wp-content\/blogs.dir\/1\/files\/sites\/62\/2025\/10\/CG_LOGO-City-Game.png\",\"width\":351,\"height\":377,\"caption\":\"City Game\"}]}<\/script>\n<!-- \/ Yoast SEO Premium plugin. -->","yoast_head_json":{"title":"The Breda Syndicate - City Game","description":"The Breda Syndicate. Ch\u01a1i m\u1ed9t tr\u00f2 ch\u01a1i tho\u00e1t hi\u1ec3m t\u1ef1 h\u01b0\u1edbng d\u1eabn City Escape Game, gi\u1ea3i c\u00e2u \u0111\u1ed1, ho\u00e0n th\u00e0nh nhi\u1ec7m v\u1ee5 v\u00e0 thu h\u1ed3i c\u00e1c c\u00f4ng th\u1ee9c b\u1ecb \u0111\u00e1nh c\u1eafp theo t\u1ed1c \u0111\u1ed9 c\u1ee7a ri\u00eang b\u1ea1n!","robots":{"index":"noindex","follow":"follow","max-snippet":"max-snippet:-1","max-image-preview":"max-image-preview:large","max-video-preview":"max-video-preview:-1"},"og_locale":"vi_VN","og_type":"article","og_title":"The Breda Syndicate","og_description":"The Breda Syndicate. Ch\u01a1i m\u1ed9t tr\u00f2 ch\u01a1i tho\u00e1t hi\u1ec3m t\u1ef1 h\u01b0\u1edbng d\u1eabn City Escape Game, gi\u1ea3i c\u00e2u \u0111\u1ed1, ho\u00e0n th\u00e0nh nhi\u1ec7m v\u1ee5 v\u00e0 thu h\u1ed3i c\u00e1c c\u00f4ng th\u1ee9c b\u1ecb \u0111\u00e1nh c\u1eafp theo t\u1ed1c \u0111\u1ed9 c\u1ee7a ri\u00eang b\u1ea1n!","og_url":"https:\/\/testwebsite.citygame.com\/vi\/games\/breda\/the-breda-syndicate\/","og_site_name":"City Game","article_publisher":"https:\/\/www.facebook.com\/profile.php?id=100086426226253","article_modified_time":"2026-04-09T10:50:38+00:00","og_image":[{"width":1024,"height":1024,"url":"https:\/\/testwebsite.citygame.com\/wp-content\/blogs.dir\/1\/files\/sites\/62\/2026\/02\/group-playing-city-game-breda-grote-kerk-1.jpg","type":"image\/jpeg"}],"twitter_card":"summary_large_image","twitter_misc":{"\u01af\u1edbc t\u00ednh th\u1eddi gian \u0111\u1ecdc":"1 ph\u00fat"},"schema":{"@context":"https:\/\/schema.org","@graph":[{"@type":"WebPage","@id":"https:\/\/testwebsite.citygame.com\/vi\/games\/breda\/the-breda-syndicate\/","url":"https:\/\/testwebsite.citygame.com\/vi\/games\/breda\/the-breda-syndicate\/","name":"The Breda Syndicate - City Game","isPartOf":{"@id":"https:\/\/testwebsite.upevents.nl\/#website"},"primaryImageOfPage":{"@id":"https:\/\/testwebsite.citygame.com\/vi\/games\/breda\/the-breda-syndicate\/#primaryimage"},"image":{"@id":"https:\/\/testwebsite.citygame.com\/vi\/games\/breda\/the-breda-syndicate\/#primaryimage"},"thumbnailUrl":"https:\/\/testwebsite.citygame.com\/wp-content\/blogs.dir\/1\/files\/sites\/62\/2026\/02\/group-playing-city-game-breda-grote-kerk-1.jpg","datePublished":"2026-02-13T11:16:39+00:00","dateModified":"2026-04-09T10:50:38+00:00","description":"The Breda Syndicate. Ch\u01a1i m\u1ed9t tr\u00f2 ch\u01a1i tho\u00e1t hi\u1ec3m t\u1ef1 h\u01b0\u1edbng d\u1eabn City Escape Game, gi\u1ea3i c\u00e2u \u0111\u1ed1, ho\u00e0n th\u00e0nh nhi\u1ec7m v\u1ee5 v\u00e0 thu h\u1ed3i c\u00e1c c\u00f4ng th\u1ee9c b\u1ecb \u0111\u00e1nh c\u1eafp theo t\u1ed1c \u0111\u1ed9 c\u1ee7a ri\u00eang b\u1ea1n!","breadcrumb":{"@id":"https:\/\/testwebsite.citygame.com\/vi\/games\/breda\/the-breda-syndicate\/#breadcrumb"},"inLanguage":"vi","potentialAction":[{"@type":"ReadAction","target":["https:\/\/testwebsite.citygame.com\/vi\/games\/breda\/the-breda-syndicate\/"]}]},{"@type":"ImageObject","inLanguage":"vi","@id":"https:\/\/testwebsite.citygame.com\/vi\/games\/breda\/the-breda-syndicate\/#primaryimage","url":"https:\/\/testwebsite.citygame.com\/wp-content\/blogs.dir\/1\/files\/sites\/62\/2026\/02\/group-playing-city-game-breda-grote-kerk-1.jpg","contentUrl":"https:\/\/testwebsite.citygame.com\/wp-content\/blogs.dir\/1\/files\/sites\/62\/2026\/02\/group-playing-city-game-breda-grote-kerk-1.jpg","width":1024,"height":1024,"caption":"A group of friends collaborate while playing an outdoor city game in Breda's historic center."},{"@type":"BreadcrumbList","@id":"https:\/\/testwebsite.citygame.com\/vi\/games\/breda\/the-breda-syndicate\/#breadcrumb","itemListElement":[{"@type":"ListItem","position":1,"name":"Home","item":"https:\/\/testwebsite.citygame.com\/vi\/"},{"@type":"ListItem","position":2,"name":"Shop","item":"https:\/\/testwebsite.citygame.com\/shop\/"},{"@type":"ListItem","position":3,"name":"The Breda Syndicate"}]},{"@type":"WebSite","@id":"https:\/\/testwebsite.upevents.nl\/#website","url":"https:\/\/testwebsite.upevents.nl\/","name":"City Game","description":"","publisher":{"@id":"https:\/\/testwebsite.upevents.nl\/#organization"},"alternateName":"citygame.com","potentialAction":[{"@type":"SearchAction","target":{"@type":"EntryPoint","urlTemplate":"https:\/\/testwebsite.upevents.nl\/?s={search_term_string}"},"query-input":{"@type":"PropertyValueSpecification","valueRequired":true,"valueName":"search_term_string"}}],"inLanguage":"vi"},{"@type":["Organization","Place"],"@id":"https:\/\/testwebsite.upevents.nl\/#organization","name":"City Game","alternateName":"citygame.com","url":"https:\/\/testwebsite.upevents.nl\/","logo":{"@id":"https:\/\/testwebsite.citygame.com\/vi\/games\/breda\/the-breda-syndicate\/#local-main-organization-logo"},"image":{"@id":"https:\/\/testwebsite.citygame.com\/vi\/games\/breda\/the-breda-syndicate\/#local-main-organization-logo"},"sameAs":["https:\/\/www.facebook.com\/profile.php?id=100086426226253","https:\/\/www.instagram.com\/citygame_com","https:\/\/www.tiktok.com\/@citygamecom\/","https:\/\/www.linkedin.com\/company\/citygame-com"],"description":"Turn any city into a playground with our interactive City Games and self-guided tours. Fun, flexible, and ideal for groups and team building.","telephone":[],"openingHoursSpecification":[{"@type":"OpeningHoursSpecification","dayOfWeek":["Monday","Tuesday","Wednesday","Thursday","Friday","Saturday","Sunday"],"opens":"09:00","closes":"17:00"}]},{"@type":"ImageObject","inLanguage":"vi","@id":"https:\/\/testwebsite.citygame.com\/vi\/games\/breda\/the-breda-syndicate\/#local-main-organization-logo","url":"https:\/\/testwebsite.citygame.com\/wp-content\/blogs.dir\/1\/files\/sites\/62\/2025\/10\/CG_LOGO-City-Game.png","contentUrl":"https:\/\/testwebsite.citygame.com\/wp-content\/blogs.dir\/1\/files\/sites\/62\/2025\/10\/CG_LOGO-City-Game.png","width":351,"height":377,"caption":"City Game"}]}},"taxonomy_info":{"game-concept":[{"value":764,"label":"Syndicate"}],"location":[{"value":100,"label":"Breda"}],"product_cat":[{"value":27,"label":"Geen categorie"}]},"featured_image_src_large":["https:\/\/testwebsite.citygame.com\/wp-content\/blogs.dir\/1\/files\/sites\/62\/2026\/02\/group-playing-city-game-breda-grote-kerk-1.jpg",1024,1024,false],"author_info":[],"comment_info":"","_links":{"self":[{"href":"https:\/\/testwebsite.citygame.com\/vi\/wp-json\/wp\/v2\/product\/68164","targetHints":{"allow":["GET"]}}],"collection":[{"href":"https:\/\/testwebsite.citygame.com\/vi\/wp-json\/wp\/v2\/product"}],"about":[{"href":"https:\/\/testwebsite.citygame.com\/vi\/wp-json\/wp\/v2\/types\/product"}],"acf:post":[{"embeddable":true,"href":"https:\/\/testwebsite.citygame.com\/vi\/wp-json\/wp\/v2\/pages\/4486"}],"wp:featuredmedia":[{"embeddable":true,"href":"https:\/\/testwebsite.citygame.com\/vi\/wp-json\/wp\/v2\/media\/13482"}],"wp:attachment":[{"href":"https:\/\/testwebsite.citygame.com\/vi\/wp-json\/wp\/v2\/media?parent=68164"}],"wp:term":[{"taxonomy":"game-concept","embeddable":true,"href":"https:\/\/testwebsite.citygame.com\/vi\/wp-json\/wp\/v2\/game-concept?post=68164"},{"taxonomy":"location","embeddable":true,"href":"https:\/\/testwebsite.citygame.com\/vi\/wp-json\/wp\/v2\/location?post=68164"},{"taxonomy":"product_brand","embeddable":true,"href":"https:\/\/testwebsite.citygame.com\/vi\/wp-json\/wp\/v2\/product_brand?post=68164"},{"taxonomy":"product_cat","embeddable":true,"href":"https:\/\/testwebsite.citygame.com\/vi\/wp-json\/wp\/v2\/product_cat?post=68164"},{"taxonomy":"product_tag","embeddable":true,"href":"https:\/\/testwebsite.citygame.com\/vi\/wp-json\/wp\/v2\/product_tag?post=68164"}],"curies":[{"name":"wp","href":"https:\/\/api.w.org\/{rel}","templated":true}]}}