{"id":67422,"date":"2026-02-03T16:40:27","date_gmt":"2026-02-03T16:40:27","guid":{"rendered":"https:\/\/testwebsite.citygame.com\/games\/unknown-location\/sherlock-holmes-tilburg\/"},"modified":"2026-04-09T09:01:26","modified_gmt":"2026-04-09T09:01:26","slug":"sherlock-holmes-tilburg","status":"publish","type":"product","link":"https:\/\/testwebsite.citygame.com\/vi\/games\/tilburg\/sherlock-holmes-tilburg\/","title":{"rendered":"Sherlock Holmes Tilburg"},"content":{"rendered":"<p>B\u01b0\u1edbc v\u00e0o th\u1ebf gi\u1edbi c\u1ee7a Sherlock Holmes v\u1edbi tr\u00f2 ch\u01a1i City Game gi\u1ea3i m\u00e3 b\u00ed \u1ea9n v\u1ee5 \u00e1n m\u1ea1ng t\u1ef1 d\u1eabn d\u1eaft, c\u00f3 c\u1ed1t truy\u1ec7n, l\u1ea5y b\u1ed1i c\u1ea3nh t\u1ea1i trung t\u00e2m th\u00e0nh ph\u1ed1 Tilburg. Khi L\u1ec5 h\u1ed9i T\u1ef1 do b\u1ecb gi\u00e1n \u0111o\u1ea1n b\u1edfi m\u1ed9t v\u1ee5 \u00e1n m\u1ea1ng kh\u1ee7ng khi\u1ebfp, b\u1ea1n s\u1ebd kh\u00e1m ph\u00e1 c\u00e1c con ph\u1ed1 c\u1ee7a Tilburg nh\u01b0 m\u1ed9t th\u00e1m t\u1eed, x\u00e2u chu\u1ed7i c\u00e1c manh m\u1ed1i, gi\u1ea3i quy\u1ebft c\u00e1c c\u00e2u \u0111\u1ed1 \u0111\u1ea7y th\u1eed th\u00e1ch v\u00e0 th\u1ea9m v\u1ea5n c\u00e1c nghi ph\u1ea1m k\u1ef9 thu\u1eadt s\u1ed1 \u0111\u1ec3 kh\u00e1m ph\u00e1 s\u1ef1 th\u1eadt. V\u1edbi m\u1ed9t c\u00e2u chuy\u1ec7n m\u1edf ra d\u1eabn b\u1ea1n t\u1eeb kh\u00e1m ph\u00e1 n\u00e0y \u0111\u1ebfn kh\u00e1m ph\u00e1 kh\u00e1c, b\u1ea1n c\u00f3 th\u1ec3 t\u1ef1 do ch\u01a1i theo t\u1ed1c \u0111\u1ed9 c\u1ee7a ri\u00eang m\u00ecnh trong khi ho\u00e0n to\u00e0n \u0111\u1eafm ch\u00ecm v\u00e0o m\u1ed9t cu\u1ed9c \u0111i\u1ec1u tra h\u1ea5p d\u1eabn.<\/p>\n","protected":false},"excerpt":{"rendered":"<p>B\u01b0\u1edbc v\u00e0o b\u1ed9 \u00f3c thi\u00ean t\u00e0i c\u1ee7a Sherlock Holmes \u0111\u1ec3 \u0111i\u1ec1u tra m\u1ed9t v\u1ee5 \u00e1n m\u1ea1ng b\u00ed \u1ea9n t\u1ef1 d\u1eabn d\u1eaft, l\u1ea5y b\u1ed1i c\u1ea3nh t\u1ea1i th\u00e0nh ph\u1ed1 \u0111\u1ed9c \u0111\u00e1o Tilburg. Khi b\u1ea1n l\u1ea7n theo nh\u1eefng manh m\u1ed1i b\u00ed \u1ea9n, gi\u1ea3i quy\u1ebft c\u00e1c c\u00e2u \u0111\u1ed1 h\u00f3c b\u00faa v\u00e0 l\u00e0m vi\u1ec7c \u0103n \u00fd v\u1edbi \u0111\u1ed9i c\u1ee7a m\u00ecnh \u0111\u1ec3 v\u00e9n m\u00e0n s\u1ef1 th\u1eadt, h\u00e3y l\u01b0u \u00fd, th\u1eddi gian l\u00e0 \u0111i\u1ec1u c\u1ed1t y\u1ebfu!<\/p>\n","protected":false},"featured_media":9919,"template":"","meta":{"_acf_changed":false,"_yoast_wpseo_focuskw":"Sherlock Holmes Tilburg","_yoast_wpseo_metadesc":"Sherlock Holmes Tilburg. Ch\u01a1i m\u1ed9t tr\u00f2 City Game gi\u1ea3i m\u00e3 b\u00ed \u1ea9n v\u1ee5 \u00e1n m\u1ea1ng t\u1ef1 d\u1eabn d\u1eaft, gi\u1ea3i c\u00e1c c\u00e2u \u0111\u1ed1, l\u1ea7n theo manh m\u1ed1i v\u00e0 kh\u00e1m ph\u00e1 k\u1ebb gi\u1ebft ng\u01b0\u1eddi theo t\u1ed1c \u0111\u1ed9 c\u1ee7a ri\u00eang b\u1ea1n!","_kad_blocks_custom_css":"","_kad_blocks_head_custom_js":"","_kad_blocks_body_custom_js":"","_kad_blocks_footer_custom_js":"","ghostkit_customizer_options":"","ghostkit_custom_css":"","ghostkit_custom_js_head":"","ghostkit_custom_js_foot":"","ghostkit_typography":"","_kad_post_transparent":"","_kad_post_title":"","_kad_post_layout":"","_kad_post_sidebar_id":"","_kad_post_content_style":"","_kad_post_vertical_padding":"","_kad_post_feature":"","_kad_post_feature_position":"","_kad_post_header":false,"_kad_post_footer":false,"_kad_post_classname":"","_links_to":"","_links_to_target":""},"game-concept":[794],"location":[395],"product_brand":[],"product_cat":[27],"product_tag":[],"class_list":{"0":"post-67422","1":"product","2":"type-product","3":"status-publish","4":"has-post-thumbnail","6":"game-concept-sherlock","7":"location-tilburg","8":"product_cat-geen-categorie","10":"first","11":"instock","12":"shipping-taxable","13":"purchasable","14":"product-type-simple","15":"entry","16":"content-bg","17":"loop-entry"},"acf":{"full_bokun_product_name":"Tilburg Self Guided Sherlock Holmes Murder Mystery Game","location_name":"Tilburg","bokun_calendar_widget_code":"<script type=\"text\/javascript\" src=\"https:\/\/widgets.bokun.io\/assets\/javascripts\/apps\/build\/BokunWidgetsLoader.js?bookingChannelUUID=a1e93e96-5232-4734-a595-28405f4b5a31\" async><\/script>\n     \n    <div class=\"bokunWidget\" data-src=\"https:\/\/widgets.bokun.io\/online-sales\/a1e93e96-5232-4734-a595-28405f4b5a31\/experience-calendar\/724018\"><\/div>\n    <noscript>Please enable javascript in your browser to book<\/noscript>","bokun_button_widget_code":"<script type=\"text\/javascript\" src=\"https:\/\/widgets.bokun.io\/assets\/javascripts\/apps\/build\/BokunWidgetsLoader.js?bookingChannelUUID=a1e93e96-5232-4734-a595-28405f4b5a31\" async><\/script>\n      <style> #bokun_ed001e45_5927_4f62_b470_ca766338d083 { display: inline-block; padding: .4em 1em; background: #47b82e; border-radius: 999999px; box-shadow: none; font-weight: 600; font-size: 24px; text-decoration: none; text-align: center; color: #FFFFFF; border:none; cursor: pointer; transition: background .2s ease; } #bokun_ed001e45_5927_4f62_b470_ca766338d083:hover{ background: #2f7b1f; } #bokun_ed001e45_5927_4f62_b470_ca766338d083:active{ background: #378f24; } <\/style> <button class=\"bokunButton\" disabled id=bokun_ed001e45_5927_4f62_b470_ca766338d083 data-src=\"https:\/\/widgets.bokun.io\/online-sales\/a1e93e96-5232-4734-a595-28405f4b5a31\/experience-calendar\/724018?partialView=1\" data-testid=\"widget-book-button\" > Book now <\/button> ","what_you\u2019ll_experience_during_the_game":"B\u1ea1n b\u01b0\u1edbc v\u00e0o m\u1ed9t c\u00e2u chuy\u1ec7n th\u00e1m t\u1eed h\u1ea5p d\u1eabn l\u1ea5y b\u1ed1i c\u1ea3nh \u1edf trung t\u00e2m Tilburg, n\u01a1i m\u1ed7i g\u00f3c ph\u1ed1 \u1ea9n ch\u1ee9a m\u1ed9t manh m\u1ed1i ti\u1ec1m n\u0103ng v\u00e0 m\u1ed7i quy\u1ebft \u0111\u1ecbnh \u0111\u1ecbnh h\u00ecnh cu\u1ed9c \u0111i\u1ec1u tra \u0111ang di\u1ec5n ra. Khi b\u1ea1n di chuy\u1ec3n qua th\u00e0nh ph\u1ed1 theo t\u1ed1c \u0111\u1ed9 c\u1ee7a ri\u00eang m\u00ecnh, b\u00ed \u1ea9n c\u00e0ng tr\u1edf n\u00ean d\u00e0y \u0111\u1eb7c, k\u00e9o b\u1ea1n s\u00e2u h\u01a1n v\u00e0o m\u1ed9t v\u1ee5 \u00e1n b\u1eaft \u0111\u1ea7u b\u1eb1ng m\u1ed9t v\u1ee5 gi\u1ebft ng\u01b0\u1eddi trong L\u1ec5 h\u1ed9i T\u1ef1 do. B\u1ea1n kh\u00f4ng ch\u1ec9 gi\u1ea3i m\u1ed9t c\u00e2u \u0111\u1ed1 \u2014 b\u1ea1n \u0111ang ti\u1ebfn h\u00e0nh m\u1ed9t cu\u1ed9c \u0111i\u1ec1u tra to\u00e0n di\u1ec7n, th\u1ea9m v\u1ea5n c\u00e1c nghi ph\u1ea1m k\u1ef9 thu\u1eadt s\u1ed1, ph\u00e2n t\u00edch ch\u1ee9ng c\u1ee9 ngo\u1ea1i ph\u1ea1m v\u00e0 t\u00ecm ki\u1ebfm nh\u1eefng m\u00e2u thu\u1eabn c\u00f3 th\u1ec3 d\u1eabn b\u1ea1n \u0111\u1ebfn g\u1ea7n s\u1ef1 th\u1eadt h\u01a1n.\n\nT\u1eebng manh m\u1ed1i m\u1ed9t, c\u00e2u chuy\u1ec7n h\u00e9 l\u1ed9 nh\u1eefng \u0111\u1ed9ng c\u01a1 ti\u1ec1m \u1ea9n v\u00e0 nh\u1eefng t\u00ecnh ti\u1ebft b\u1ea5t ng\u1edd. Kh\u1ea3 n\u0103ng t\u01b0 duy ph\u1ea3n bi\u1ec7n v\u00e0 quan s\u00e1t s\u1eafc b\u00e9n c\u1ee7a b\u1ea1n l\u00e0 \u0111i\u1ec1u c\u1ea7n thi\u1ebft khi b\u1ea1n s\u00e0ng l\u1ecdc b\u1eb1ng ch\u1ee9ng, kh\u00e1m ph\u00e1 b\u00ed m\u1eadt v\u00e0 k\u1ebft n\u1ed1i c\u00e1c \u0111i\u1ec3m. Tr\u1ea3i nghi\u1ec7m ho\u00e0n to\u00e0n theo c\u1ed1t truy\u1ec7n n\u00e0y th\u00e1ch th\u1ee9c kh\u1ea3 n\u0103ng suy lu\u1eadn c\u1ee7a b\u1ea1n v\u00e0 cho ph\u00e9p b\u1ea1n ki\u1ec3m so\u00e1t ho\u00e0n to\u00e0n \u2014 t\u1ea1m d\u1eebng cu\u1ed9c \u0111i\u1ec1u tra b\u1ea5t c\u1ee9 khi n\u00e0o b\u1ea1n mu\u1ed1n, ho\u1eb7c ti\u1ebfp t\u1ee5c ti\u1ebfn l\u00ean \u0111\u1ec3 l\u00e0m s\u00e1ng t\u1ecf b\u00ed \u1ea9n. N\u1ebfu b\u1ea1n \u0111ang ch\u01a1i theo nh\u00f3m, hi\u1ec7u su\u1ea5t c\u1ee7a b\u1ea1n c\u00f3 th\u1ec3 v\u01b0\u1ee3t qua nh\u1eefng ng\u01b0\u1eddi kh\u00e1c \u0111i theo c\u00f9ng m\u1ed9t d\u1ea5u v\u1ebft. H\u00e3y tin v\u00e0o b\u1ea3n n\u0103ng c\u1ee7a m\u00ecnh. S\u1ef1 th\u1eadt \u0111ang \u1edf ngo\u00e0i kia t\u1ea1i Tilburg, ch\u1edd \u0111\u1ee3i \u0111\u01b0\u1ee3c kh\u00e1m ph\u00e1.","how_to_play":"Ch\u01a1i m\u1ed9t m\u00ecnh ho\u1eb7c v\u1edbi b\u1ea1n b\u00e8, gia \u0111\u00ecnh, ho\u1eb7c \u0111\u1ed3ng nghi\u1ec7p trong c\u00e1c \u0111\u1ed9i t\u1ed1i \u0111a b\u1ed1n ng\u01b0\u1eddi m\u1ed7i thi\u1ebft b\u1ecb. Sau khi \u0111\u1eb7t ch\u1ed7, b\u1ea1n s\u1ebd nh\u1eadn \u0111\u01b0\u1ee3c email h\u01b0\u1edbng d\u1eabn v\u1edbi m\u1ecdi th\u1ee9 b\u1ea1n c\u1ea7n.","start_location":"Tilburg, Stadhuisplein","available_languages":["en","es","fr","de","it","nl"],"players_per_group":"1-4","duration":"1.5-2 hours","image_overlay_color_image":"https:\/\/testwebsite.citygame.com\/wp-content\/blogs.dir\/1\/files\/sites\/62\/2026\/01\/SherlockColor.svg","image_overlay_game_logo":"https:\/\/testwebsite.citygame.com\/wp-content\/blogs.dir\/1\/files\/sites\/62\/2026\/01\/SherlockLogo.png","city_page":5593,"woocommerce_general_content":null},"yoast_head":"<!-- This site is optimized with the Yoast SEO Premium plugin v26.2 (Yoast SEO v26.3) - https:\/\/yoast.com\/wordpress\/plugins\/seo\/ -->\n<title>Sherlock Holmes Tilburg - City Game<\/title>\n<meta name=\"description\" content=\"Sherlock Holmes Tilburg. Ch\u01a1i m\u1ed9t tr\u00f2 City Game gi\u1ea3i m\u00e3 b\u00ed \u1ea9n v\u1ee5 \u00e1n m\u1ea1ng t\u1ef1 d\u1eabn d\u1eaft, gi\u1ea3i c\u00e1c c\u00e2u \u0111\u1ed1, l\u1ea7n theo manh m\u1ed1i v\u00e0 kh\u00e1m ph\u00e1 k\u1ebb gi\u1ebft ng\u01b0\u1eddi theo t\u1ed1c \u0111\u1ed9 c\u1ee7a ri\u00eang b\u1ea1n!\" \/>\n<meta name=\"robots\" content=\"noindex, follow, max-snippet:-1, max-image-preview:large, max-video-preview:-1\" \/>\n<meta property=\"og:locale\" content=\"vi_VN\" \/>\n<meta property=\"og:type\" content=\"article\" \/>\n<meta property=\"og:title\" content=\"Sherlock Holmes Tilburg\" \/>\n<meta property=\"og:description\" content=\"Sherlock Holmes Tilburg. Ch\u01a1i m\u1ed9t tr\u00f2 City Game gi\u1ea3i m\u00e3 b\u00ed \u1ea9n v\u1ee5 \u00e1n m\u1ea1ng t\u1ef1 d\u1eabn d\u1eaft, gi\u1ea3i c\u00e1c c\u00e2u \u0111\u1ed1, l\u1ea7n theo manh m\u1ed1i v\u00e0 kh\u00e1m ph\u00e1 k\u1ebb gi\u1ebft ng\u01b0\u1eddi theo t\u1ed1c \u0111\u1ed9 c\u1ee7a ri\u00eang b\u1ea1n!\" \/>\n<meta property=\"og:url\" content=\"https:\/\/testwebsite.citygame.com\/vi\/games\/tilburg\/sherlock-holmes-tilburg\/\" \/>\n<meta property=\"og:site_name\" content=\"City Game\" \/>\n<meta property=\"article:publisher\" content=\"https:\/\/www.facebook.com\/profile.php?id=100086426226253\" \/>\n<meta property=\"article:modified_time\" content=\"2026-04-09T09:01:26+00:00\" \/>\n<meta property=\"og:image\" content=\"https:\/\/testwebsite.citygame.com\/wp-content\/blogs.dir\/1\/files\/sites\/62\/2026\/02\/tilburg-woman-playing-city-game-on-phone.jpg\" \/>\n\t<meta property=\"og:image:width\" content=\"1344\" \/>\n\t<meta property=\"og:image:height\" content=\"768\" \/>\n\t<meta property=\"og:image:type\" content=\"image\/jpeg\" \/>\n<meta name=\"twitter:card\" content=\"summary_large_image\" \/>\n<meta name=\"twitter:label1\" content=\"\u01af\u1edbc t\u00ednh th\u1eddi gian \u0111\u1ecdc\" \/>\n\t<meta name=\"twitter:data1\" content=\"1 ph\u00fat\" \/>\n<script type=\"application\/ld+json\" class=\"yoast-schema-graph\">{\"@context\":\"https:\/\/schema.org\",\"@graph\":[{\"@type\":\"WebPage\",\"@id\":\"https:\/\/testwebsite.citygame.com\/vi\/games\/tilburg\/sherlock-holmes-tilburg\/\",\"url\":\"https:\/\/testwebsite.citygame.com\/vi\/games\/tilburg\/sherlock-holmes-tilburg\/\",\"name\":\"Sherlock Holmes Tilburg - City Game\",\"isPartOf\":{\"@id\":\"https:\/\/testwebsite.upevents.nl\/#website\"},\"primaryImageOfPage\":{\"@id\":\"https:\/\/testwebsite.citygame.com\/vi\/games\/tilburg\/sherlock-holmes-tilburg\/#primaryimage\"},\"image\":{\"@id\":\"https:\/\/testwebsite.citygame.com\/vi\/games\/tilburg\/sherlock-holmes-tilburg\/#primaryimage\"},\"thumbnailUrl\":\"https:\/\/testwebsite.citygame.com\/wp-content\/blogs.dir\/1\/files\/sites\/62\/2026\/02\/tilburg-woman-playing-city-game-on-phone.jpg\",\"datePublished\":\"2026-02-03T16:40:27+00:00\",\"dateModified\":\"2026-04-09T09:01:26+00:00\",\"description\":\"Sherlock Holmes Tilburg. Ch\u01a1i m\u1ed9t tr\u00f2 City Game gi\u1ea3i m\u00e3 b\u00ed \u1ea9n v\u1ee5 \u00e1n m\u1ea1ng t\u1ef1 d\u1eabn d\u1eaft, gi\u1ea3i c\u00e1c c\u00e2u \u0111\u1ed1, l\u1ea7n theo manh m\u1ed1i v\u00e0 kh\u00e1m ph\u00e1 k\u1ebb gi\u1ebft ng\u01b0\u1eddi theo t\u1ed1c \u0111\u1ed9 c\u1ee7a ri\u00eang b\u1ea1n!\",\"breadcrumb\":{\"@id\":\"https:\/\/testwebsite.citygame.com\/vi\/games\/tilburg\/sherlock-holmes-tilburg\/#breadcrumb\"},\"inLanguage\":\"vi\",\"potentialAction\":[{\"@type\":\"ReadAction\",\"target\":[\"https:\/\/testwebsite.citygame.com\/vi\/games\/tilburg\/sherlock-holmes-tilburg\/\"]}]},{\"@type\":\"ImageObject\",\"inLanguage\":\"vi\",\"@id\":\"https:\/\/testwebsite.citygame.com\/vi\/games\/tilburg\/sherlock-holmes-tilburg\/#primaryimage\",\"url\":\"https:\/\/testwebsite.citygame.com\/wp-content\/blogs.dir\/1\/files\/sites\/62\/2026\/02\/tilburg-woman-playing-city-game-on-phone.jpg\",\"contentUrl\":\"https:\/\/testwebsite.citygame.com\/wp-content\/blogs.dir\/1\/files\/sites\/62\/2026\/02\/tilburg-woman-playing-city-game-on-phone.jpg\",\"width\":1344,\"height\":768,\"caption\":\"A player uses her smartphone to explore the historic city center of Tilburg.\"},{\"@type\":\"BreadcrumbList\",\"@id\":\"https:\/\/testwebsite.citygame.com\/vi\/games\/tilburg\/sherlock-holmes-tilburg\/#breadcrumb\",\"itemListElement\":[{\"@type\":\"ListItem\",\"position\":1,\"name\":\"Home\",\"item\":\"https:\/\/testwebsite.citygame.com\/vi\/\"},{\"@type\":\"ListItem\",\"position\":2,\"name\":\"Shop\",\"item\":\"https:\/\/testwebsite.citygame.com\/shop\/\"},{\"@type\":\"ListItem\",\"position\":3,\"name\":\"Sherlock Holmes Tilburg\"}]},{\"@type\":\"WebSite\",\"@id\":\"https:\/\/testwebsite.upevents.nl\/#website\",\"url\":\"https:\/\/testwebsite.upevents.nl\/\",\"name\":\"City Game\",\"description\":\"\",\"publisher\":{\"@id\":\"https:\/\/testwebsite.upevents.nl\/#organization\"},\"alternateName\":\"citygame.com\",\"potentialAction\":[{\"@type\":\"SearchAction\",\"target\":{\"@type\":\"EntryPoint\",\"urlTemplate\":\"https:\/\/testwebsite.upevents.nl\/?s={search_term_string}\"},\"query-input\":{\"@type\":\"PropertyValueSpecification\",\"valueRequired\":true,\"valueName\":\"search_term_string\"}}],\"inLanguage\":\"vi\"},{\"@type\":[\"Organization\",\"Place\"],\"@id\":\"https:\/\/testwebsite.upevents.nl\/#organization\",\"name\":\"City Game\",\"alternateName\":\"citygame.com\",\"url\":\"https:\/\/testwebsite.upevents.nl\/\",\"logo\":{\"@id\":\"https:\/\/testwebsite.citygame.com\/vi\/games\/tilburg\/sherlock-holmes-tilburg\/#local-main-organization-logo\"},\"image\":{\"@id\":\"https:\/\/testwebsite.citygame.com\/vi\/games\/tilburg\/sherlock-holmes-tilburg\/#local-main-organization-logo\"},\"sameAs\":[\"https:\/\/www.facebook.com\/profile.php?id=100086426226253\",\"https:\/\/www.instagram.com\/citygame_com\",\"https:\/\/www.tiktok.com\/@citygamecom\/\",\"https:\/\/www.linkedin.com\/company\/citygame-com\"],\"description\":\"Turn any city into a playground with our interactive City Games and self-guided tours. Fun, flexible, and ideal for groups and team building.\",\"telephone\":[],\"openingHoursSpecification\":[{\"@type\":\"OpeningHoursSpecification\",\"dayOfWeek\":[\"Monday\",\"Tuesday\",\"Wednesday\",\"Thursday\",\"Friday\",\"Saturday\",\"Sunday\"],\"opens\":\"09:00\",\"closes\":\"17:00\"}]},{\"@type\":\"ImageObject\",\"inLanguage\":\"vi\",\"@id\":\"https:\/\/testwebsite.citygame.com\/vi\/games\/tilburg\/sherlock-holmes-tilburg\/#local-main-organization-logo\",\"url\":\"https:\/\/testwebsite.citygame.com\/wp-content\/blogs.dir\/1\/files\/sites\/62\/2025\/10\/CG_LOGO-City-Game.png\",\"contentUrl\":\"https:\/\/testwebsite.citygame.com\/wp-content\/blogs.dir\/1\/files\/sites\/62\/2025\/10\/CG_LOGO-City-Game.png\",\"width\":351,\"height\":377,\"caption\":\"City Game\"}]}<\/script>\n<!-- \/ Yoast SEO Premium plugin. -->","yoast_head_json":{"title":"Sherlock Holmes Tilburg - City Game","description":"Sherlock Holmes Tilburg. Ch\u01a1i m\u1ed9t tr\u00f2 City Game gi\u1ea3i m\u00e3 b\u00ed \u1ea9n v\u1ee5 \u00e1n m\u1ea1ng t\u1ef1 d\u1eabn d\u1eaft, gi\u1ea3i c\u00e1c c\u00e2u \u0111\u1ed1, l\u1ea7n theo manh m\u1ed1i v\u00e0 kh\u00e1m ph\u00e1 k\u1ebb gi\u1ebft ng\u01b0\u1eddi theo t\u1ed1c \u0111\u1ed9 c\u1ee7a ri\u00eang b\u1ea1n!","robots":{"index":"noindex","follow":"follow","max-snippet":"max-snippet:-1","max-image-preview":"max-image-preview:large","max-video-preview":"max-video-preview:-1"},"og_locale":"vi_VN","og_type":"article","og_title":"Sherlock Holmes Tilburg","og_description":"Sherlock Holmes Tilburg. Ch\u01a1i m\u1ed9t tr\u00f2 City Game gi\u1ea3i m\u00e3 b\u00ed \u1ea9n v\u1ee5 \u00e1n m\u1ea1ng t\u1ef1 d\u1eabn d\u1eaft, gi\u1ea3i c\u00e1c c\u00e2u \u0111\u1ed1, l\u1ea7n theo manh m\u1ed1i v\u00e0 kh\u00e1m ph\u00e1 k\u1ebb gi\u1ebft ng\u01b0\u1eddi theo t\u1ed1c \u0111\u1ed9 c\u1ee7a ri\u00eang b\u1ea1n!","og_url":"https:\/\/testwebsite.citygame.com\/vi\/games\/tilburg\/sherlock-holmes-tilburg\/","og_site_name":"City Game","article_publisher":"https:\/\/www.facebook.com\/profile.php?id=100086426226253","article_modified_time":"2026-04-09T09:01:26+00:00","og_image":[{"width":1344,"height":768,"url":"https:\/\/testwebsite.citygame.com\/wp-content\/blogs.dir\/1\/files\/sites\/62\/2026\/02\/tilburg-woman-playing-city-game-on-phone.jpg","type":"image\/jpeg"}],"twitter_card":"summary_large_image","twitter_misc":{"\u01af\u1edbc t\u00ednh th\u1eddi gian \u0111\u1ecdc":"1 ph\u00fat"},"schema":{"@context":"https:\/\/schema.org","@graph":[{"@type":"WebPage","@id":"https:\/\/testwebsite.citygame.com\/vi\/games\/tilburg\/sherlock-holmes-tilburg\/","url":"https:\/\/testwebsite.citygame.com\/vi\/games\/tilburg\/sherlock-holmes-tilburg\/","name":"Sherlock Holmes Tilburg - City Game","isPartOf":{"@id":"https:\/\/testwebsite.upevents.nl\/#website"},"primaryImageOfPage":{"@id":"https:\/\/testwebsite.citygame.com\/vi\/games\/tilburg\/sherlock-holmes-tilburg\/#primaryimage"},"image":{"@id":"https:\/\/testwebsite.citygame.com\/vi\/games\/tilburg\/sherlock-holmes-tilburg\/#primaryimage"},"thumbnailUrl":"https:\/\/testwebsite.citygame.com\/wp-content\/blogs.dir\/1\/files\/sites\/62\/2026\/02\/tilburg-woman-playing-city-game-on-phone.jpg","datePublished":"2026-02-03T16:40:27+00:00","dateModified":"2026-04-09T09:01:26+00:00","description":"Sherlock Holmes Tilburg. Ch\u01a1i m\u1ed9t tr\u00f2 City Game gi\u1ea3i m\u00e3 b\u00ed \u1ea9n v\u1ee5 \u00e1n m\u1ea1ng t\u1ef1 d\u1eabn d\u1eaft, gi\u1ea3i c\u00e1c c\u00e2u \u0111\u1ed1, l\u1ea7n theo manh m\u1ed1i v\u00e0 kh\u00e1m ph\u00e1 k\u1ebb gi\u1ebft ng\u01b0\u1eddi theo t\u1ed1c \u0111\u1ed9 c\u1ee7a ri\u00eang b\u1ea1n!","breadcrumb":{"@id":"https:\/\/testwebsite.citygame.com\/vi\/games\/tilburg\/sherlock-holmes-tilburg\/#breadcrumb"},"inLanguage":"vi","potentialAction":[{"@type":"ReadAction","target":["https:\/\/testwebsite.citygame.com\/vi\/games\/tilburg\/sherlock-holmes-tilburg\/"]}]},{"@type":"ImageObject","inLanguage":"vi","@id":"https:\/\/testwebsite.citygame.com\/vi\/games\/tilburg\/sherlock-holmes-tilburg\/#primaryimage","url":"https:\/\/testwebsite.citygame.com\/wp-content\/blogs.dir\/1\/files\/sites\/62\/2026\/02\/tilburg-woman-playing-city-game-on-phone.jpg","contentUrl":"https:\/\/testwebsite.citygame.com\/wp-content\/blogs.dir\/1\/files\/sites\/62\/2026\/02\/tilburg-woman-playing-city-game-on-phone.jpg","width":1344,"height":768,"caption":"A player uses her smartphone to explore the historic city center of Tilburg."},{"@type":"BreadcrumbList","@id":"https:\/\/testwebsite.citygame.com\/vi\/games\/tilburg\/sherlock-holmes-tilburg\/#breadcrumb","itemListElement":[{"@type":"ListItem","position":1,"name":"Home","item":"https:\/\/testwebsite.citygame.com\/vi\/"},{"@type":"ListItem","position":2,"name":"Shop","item":"https:\/\/testwebsite.citygame.com\/shop\/"},{"@type":"ListItem","position":3,"name":"Sherlock Holmes Tilburg"}]},{"@type":"WebSite","@id":"https:\/\/testwebsite.upevents.nl\/#website","url":"https:\/\/testwebsite.upevents.nl\/","name":"City Game","description":"","publisher":{"@id":"https:\/\/testwebsite.upevents.nl\/#organization"},"alternateName":"citygame.com","potentialAction":[{"@type":"SearchAction","target":{"@type":"EntryPoint","urlTemplate":"https:\/\/testwebsite.upevents.nl\/?s={search_term_string}"},"query-input":{"@type":"PropertyValueSpecification","valueRequired":true,"valueName":"search_term_string"}}],"inLanguage":"vi"},{"@type":["Organization","Place"],"@id":"https:\/\/testwebsite.upevents.nl\/#organization","name":"City Game","alternateName":"citygame.com","url":"https:\/\/testwebsite.upevents.nl\/","logo":{"@id":"https:\/\/testwebsite.citygame.com\/vi\/games\/tilburg\/sherlock-holmes-tilburg\/#local-main-organization-logo"},"image":{"@id":"https:\/\/testwebsite.citygame.com\/vi\/games\/tilburg\/sherlock-holmes-tilburg\/#local-main-organization-logo"},"sameAs":["https:\/\/www.facebook.com\/profile.php?id=100086426226253","https:\/\/www.instagram.com\/citygame_com","https:\/\/www.tiktok.com\/@citygamecom\/","https:\/\/www.linkedin.com\/company\/citygame-com"],"description":"Turn any city into a playground with our interactive City Games and self-guided tours. Fun, flexible, and ideal for groups and team building.","telephone":[],"openingHoursSpecification":[{"@type":"OpeningHoursSpecification","dayOfWeek":["Monday","Tuesday","Wednesday","Thursday","Friday","Saturday","Sunday"],"opens":"09:00","closes":"17:00"}]},{"@type":"ImageObject","inLanguage":"vi","@id":"https:\/\/testwebsite.citygame.com\/vi\/games\/tilburg\/sherlock-holmes-tilburg\/#local-main-organization-logo","url":"https:\/\/testwebsite.citygame.com\/wp-content\/blogs.dir\/1\/files\/sites\/62\/2025\/10\/CG_LOGO-City-Game.png","contentUrl":"https:\/\/testwebsite.citygame.com\/wp-content\/blogs.dir\/1\/files\/sites\/62\/2025\/10\/CG_LOGO-City-Game.png","width":351,"height":377,"caption":"City Game"}]}},"taxonomy_info":{"game-concept":[{"value":794,"label":"Sherlock"}],"location":[{"value":395,"label":"Tilburg"}],"product_cat":[{"value":27,"label":"Geen categorie"}]},"featured_image_src_large":["https:\/\/testwebsite.citygame.com\/wp-content\/blogs.dir\/1\/files\/sites\/62\/2026\/02\/tilburg-woman-playing-city-game-on-phone-1024x585.jpg",1024,585,true],"author_info":[],"comment_info":"","_links":{"self":[{"href":"https:\/\/testwebsite.citygame.com\/vi\/wp-json\/wp\/v2\/product\/67422","targetHints":{"allow":["GET"]}}],"collection":[{"href":"https:\/\/testwebsite.citygame.com\/vi\/wp-json\/wp\/v2\/product"}],"about":[{"href":"https:\/\/testwebsite.citygame.com\/vi\/wp-json\/wp\/v2\/types\/product"}],"acf:post":[{"embeddable":true,"href":"https:\/\/testwebsite.citygame.com\/vi\/wp-json\/wp\/v2\/pages\/5593"}],"wp:featuredmedia":[{"embeddable":true,"href":"https:\/\/testwebsite.citygame.com\/vi\/wp-json\/wp\/v2\/media\/9919"}],"wp:attachment":[{"href":"https:\/\/testwebsite.citygame.com\/vi\/wp-json\/wp\/v2\/media?parent=67422"}],"wp:term":[{"taxonomy":"game-concept","embeddable":true,"href":"https:\/\/testwebsite.citygame.com\/vi\/wp-json\/wp\/v2\/game-concept?post=67422"},{"taxonomy":"location","embeddable":true,"href":"https:\/\/testwebsite.citygame.com\/vi\/wp-json\/wp\/v2\/location?post=67422"},{"taxonomy":"product_brand","embeddable":true,"href":"https:\/\/testwebsite.citygame.com\/vi\/wp-json\/wp\/v2\/product_brand?post=67422"},{"taxonomy":"product_cat","embeddable":true,"href":"https:\/\/testwebsite.citygame.com\/vi\/wp-json\/wp\/v2\/product_cat?post=67422"},{"taxonomy":"product_tag","embeddable":true,"href":"https:\/\/testwebsite.citygame.com\/vi\/wp-json\/wp\/v2\/product_tag?post=67422"}],"curies":[{"name":"wp","href":"https:\/\/api.w.org\/{rel}","templated":true}]}}