{"id":67373,"date":"2026-01-13T11:47:40","date_gmt":"2026-01-13T11:47:40","guid":{"rendered":"https:\/\/testwebsite.citygame.com\/games\/unknown-location\/secrets-of-gothenburg\/"},"modified":"2026-04-09T08:54:33","modified_gmt":"2026-04-09T08:54:33","slug":"secrets-of-gothenburg","status":"publish","type":"product","link":"https:\/\/testwebsite.citygame.com\/vi\/games\/gothenburg\/secrets-of-gothenburg\/","title":{"rendered":"Secrets of Gothenburg"},"content":{"rendered":"<p>City Game Gothenburg l\u00e0 m\u1ed9t tr\u00f2 ch\u01a1i th\u00e0nh ph\u1ed1 t\u1ef1 h\u01b0\u1edbng d\u1eabn di\u1ec5n ra t\u1ea1i trung t\u00e2m th\u00e0nh ph\u1ed1 Gothenburg. Tr\u00f2 ch\u01a1i d\u1ef1a tr\u00ean GPS n\u00e0y cho ph\u00e9p b\u1ea1n kh\u00e1m ph\u00e1 khu v\u1ef1c b\u1eb1ng \u0111i\u1ec7n tho\u1ea1i th\u00f4ng minh c\u1ee7a m\u00ecnh trong khi gi\u1ea3i c\u00e1c c\u00e2u \u0111\u1ed1, m\u1eadt m\u00e3 v\u00e0 th\u1eed th\u00e1ch ch\u1ee5p \u1ea3nh tr\u00ean \u0111\u01b0\u1eddng \u0111i. Khi ch\u01a1i, b\u1ea1n s\u1ebd kh\u00e1m ph\u00e1 nh\u1eefng chi ti\u1ebft \u1ea9n gi\u1ea5u v\u00e0 c\u00f3 \u0111\u01b0\u1ee3c c\u00e1i nh\u00ecn s\u00e2u s\u1eafc v\u1ec1 l\u1ecbch s\u1eed v\u00e0 v\u0103n h\u00f3a c\u1ee7a th\u00e0nh ph\u1ed1. Tr\u00f2 ch\u01a1i kh\u00e1m ph\u00e1 n\u00e0y \u0111\u01b0\u1ee3c thi\u1ebft k\u1ebf d\u00e0nh cho c\u1ea3 du kh\u00e1ch v\u00e0 ng\u01b0\u1eddi d\u00e2n \u0111\u1ecba ph\u01b0\u01a1ng, mang \u0111\u1ebfn m\u1ed9t g\u00f3c nh\u00ecn m\u1edbi m\u1ebb v\u1ec1 Gothenburg. D\u00f9 b\u1ea1n \u0111i m\u1ed9t m\u00ecnh, c\u00f9ng \u0111\u1ed1i t\u00e1c, gia \u0111\u00ecnh hay b\u1ea1n b\u00e8, City Game Gothenburg \u0111\u1ec1u mang \u0111\u1ebfn tr\u1ea3i nghi\u1ec7m h\u1ea5p d\u1eabn cho t\u1ea5t c\u1ea3 m\u1ecdi ng\u01b0\u1eddi.<\/p>\n","protected":false},"excerpt":{"rendered":"<p>Kh\u00e1m ph\u00e1 nh\u1eefng Huy\u1ec1n tho\u1ea1i \u1ea9n gi\u1ea5u c\u1ee7a Gothenburg! Lang thang qua nh\u1eefng qu\u1ea3ng tr\u01b0\u1eddng s\u00f4i \u0111\u1ed9ng v\u00e0 d\u1ecdc b\u1edd s\u00f4ng khi b\u1ea1n c\u00f9ng Johan the Swift v\u00e0 Erik the Bear tham gia cu\u1ed9c s\u0103n l\u00f9ng ly k\u1ef3 nh\u1eefng l\u01b0\u1ee1i ki\u1ebfm thi\u00eang li\u00eang \u0111\u1ec3 gi\u1ea3i quy\u1ebft cu\u1ed9c \u0111\u1ea5u c\u1ed5 x\u01b0a c\u1ee7a h\u1ecd.<\/p>\n","protected":false},"featured_media":3667,"template":"","meta":{"_acf_changed":false,"_yoast_wpseo_focuskw":"Secrets of Gothenburg","_yoast_wpseo_metadesc":"Secrets of Gothenburg. Ch\u01a1i Tr\u00f2 ch\u01a1i Th\u00e0nh ph\u1ed1 t\u1ef1 h\u01b0\u1edbng d\u1eabn v\u00e0 kh\u00e1m ph\u00e1 th\u00e0nh ph\u1ed1 th\u00f4ng qua c\u00e1c c\u00e2u \u0111\u1ed1, m\u1eadt m\u00e3 v\u00e0 th\u1eed th\u00e1ch. Ch\u01a1i theo t\u1ed1c \u0111\u1ed9 c\u1ee7a ri\u00eang b\u1ea1n v\u00e0 kh\u00e1m ph\u00e1 nh\u01b0 m\u1ed9t ng\u01b0\u1eddi \u0111\u1ecba ph\u01b0\u01a1ng!","_kad_blocks_custom_css":"","_kad_blocks_head_custom_js":"","_kad_blocks_body_custom_js":"","_kad_blocks_footer_custom_js":"","ghostkit_customizer_options":"","ghostkit_custom_css":"","ghostkit_custom_js_head":"","ghostkit_custom_js_foot":"","ghostkit_typography":"","_kad_post_transparent":"default","_kad_post_title":"","_kad_post_layout":"default","_kad_post_sidebar_id":"","_kad_post_content_style":"default","_kad_post_vertical_padding":"default","_kad_post_feature":"","_kad_post_feature_position":"","_kad_post_header":false,"_kad_post_footer":false,"_kad_post_classname":"","_links_to":"","_links_to_target":""},"game-concept":[733],"location":[181],"product_brand":[],"product_cat":[27],"product_tag":[],"class_list":{"0":"post-67373","1":"product","2":"type-product","3":"status-publish","4":"has-post-thumbnail","6":"game-concept-secrets","7":"location-gothenburg","8":"product_cat-geen-categorie","10":"first","11":"instock","12":"shipping-taxable","13":"purchasable","14":"product-type-simple","15":"entry","16":"content-bg","17":"loop-entry"},"acf":{"full_bokun_product_name":"Self-Guided Secrets of Gothenburg Exploration Game","location_name":"Gothenburg","bokun_calendar_widget_code":"<script type=\"text\/javascript\" src=\"https:\/\/widgets.bokun.io\/assets\/javascripts\/apps\/build\/BokunWidgetsLoader.js?bookingChannelUUID=a1e93e96-5232-4734-a595-28405f4b5a31\" async><\/script>\n     \n    <div class=\"bokunWidget\" data-src=\"https:\/\/widgets.bokun.io\/online-sales\/a1e93e96-5232-4734-a595-28405f4b5a31\/experience-calendar\/881911\"><\/div>\n    <noscript>Please enable javascript in your browser to book<\/noscript>","bokun_button_widget_code":"<script type=\"text\/javascript\" src=\"https:\/\/widgets.bokun.io\/assets\/javascripts\/apps\/build\/BokunWidgetsLoader.js?bookingChannelUUID=a1e93e96-5232-4734-a595-28405f4b5a31\" async><\/script>\n      <style> #bokun_ed001e45_5927_4f62_b470_ca766338d083 { display: inline-block; padding: .4em 1em; background: #47b82e; border-radius: 999999px; box-shadow: none; font-weight: 600; font-size: 24px; text-decoration: none; text-align: center; color: #FFFFFF; border:none; cursor: pointer; transition: background .2s ease; } #bokun_ed001e45_5927_4f62_b470_ca766338d083:hover{ background: #2f7b1f; } #bokun_ed001e45_5927_4f62_b470_ca766338d083:active{ background: #378f24; } <\/style> <button class=\"bokunButton\" disabled id=bokun_ed001e45_5927_4f62_b470_ca766338d083 data-src=\"https:\/\/widgets.bokun.io\/online-sales\/a1e93e96-5232-4734-a595-28405f4b5a31\/experience-calendar\/881911?partialView=1\" data-testid=\"widget-book-button\" > Book now <\/button> ","what_you\u2019ll_experience_during_the_game":"Trong Tr\u00f2 ch\u01a1i Th\u00e0nh ph\u1ed1 Secrets of Gothenburg, b\u1ea1n s\u1ebd kh\u00e1m ph\u00e1 th\u00e0nh ph\u1ed1 th\u00f4ng qua m\u1ed9t c\u1ed1t truy\u1ec7n nh\u1eadp vai k\u1ebft h\u1ee3p gi\u1eefa tham quan v\u00e0 kh\u00e1m ph\u00e1 t\u01b0\u01a1ng t\u00e1c. Khi b\u1ea1n l\u1ea7n theo c\u00e1c manh m\u1ed1i, b\u1ea1n s\u1ebd \u0111i qua c\u1ea3 nh\u1eefng \u0111\u1ecba danh mang t\u00ednh bi\u1ec3u t\u01b0\u1ee3ng v\u00e0 nh\u1eefng g\u00f3c khu\u1ea5t, t\u00ecm hi\u1ec3u v\u1ec1 th\u00e0nh ph\u1ed1 theo t\u1ed1c \u0111\u1ed9 c\u1ee7a ri\u00eang m\u00ecnh. C\u00e1c \u0111i\u1ec3m n\u1ed5i b\u1eadt bao g\u1ed3m K\u00eanh \u0111\u00e0o Th\u00e0nh ph\u1ed1 l\u1ecbch s\u1eed, Qu\u1ea3ng tr\u01b0\u1eddng Gustav Adolfs Torg \u1ea5n t\u01b0\u1ee3ng v\u00e0 con t\u00e0u Barken Viking h\u00f9ng v\u0129 neo \u0111\u1eadu b\u00ean s\u00f4ng. Tr\u00ean \u0111\u01b0\u1eddng \u0111i, b\u1ea1n c\u00f3 th\u1ec3 d\u1eebng ch\u00e2n t\u1ea1i Kronhuset ho\u1eb7c suy ng\u1eabm trong Khu v\u01b0\u1eddn Th\u00e0nh ph\u1ed1 y\u00ean b\u00ecnh, t\u1ea5t c\u1ea3 trong khi tr\u1ea3i nghi\u1ec7m Gothenburg t\u1eeb m\u1ed9t g\u00f3c nh\u00ecn m\u1edbi m\u1ebb.\r\n\r\nTrong su\u1ed1t tr\u00f2 ch\u01a1i, b\u1ea1n s\u1ebd gi\u1ea3i c\u00e1c c\u00e2u \u0111\u1ed1, tr\u1ea3 l\u1eddi c\u00e1c m\u1eadt m\u00e3 v\u00e0 ho\u00e0n th\u00e0nh c\u00e1c th\u1eed th\u00e1ch ch\u1ee5p \u1ea3nh s\u00e1ng t\u1ea1o gi\u00fap m\u1ed7i \u0111\u1ecba \u0111i\u1ec3m tr\u1edf n\u00ean s\u1ed1ng \u0111\u1ed9ng. M\u1ed7i nhi\u1ec7m v\u1ee5 gi\u00fap b\u1ea1n thu th\u1eadp \u0111i\u1ec3m, kh\u00e1m ph\u00e1 c\u00e1c g\u1ee3i \u00fd h\u1eefu \u00edch v\u00e0 ti\u1ebfn g\u1ea7n h\u01a1n \u0111\u1ebfn b\u00ed \u1ea9n cu\u1ed1i c\u00f9ng g\u1eafn k\u1ebft c\u00e2u chuy\u1ec7n l\u1ea1i v\u1edbi nhau. Tr\u00f2 ch\u01a1i \u0111\u01b0\u1ee3c thi\u1ebft k\u1ebf linh ho\u1ea1t, cho ph\u00e9p b\u1ea1n t\u1ea1m d\u1eebng b\u1ea5t c\u1ee9 l\u00fac n\u00e0o v\u00e0 ti\u1ebfp t\u1ee5c khi ph\u00f9 h\u1ee3p v\u1edbi b\u1ea1n. Nh\u1eefng ng\u01b0\u1eddi t\u00ecm ki\u1ebfm l\u1ee3i th\u1ebf c\u1ea1nh tranh c\u00f3 th\u1ec3 c\u1ed1 g\u1eafng \u0111\u1ea1t \u0111\u01b0\u1ee3c v\u1ecb tr\u00ed h\u00e0ng \u0111\u1ea7u tr\u00ean b\u1ea3ng x\u1ebfp h\u1ea1ng khi h\u1ecd kh\u00e1m ph\u00e1 Gothenburg th\u00f4ng qua th\u1eed th\u00e1ch th\u00e0nh ph\u1ed1 h\u1ea5p d\u1eabn n\u00e0y.","how_to_play":"Sau khi \u0111\u1eb7t ch\u1ed7, b\u1ea1n s\u1ebd nh\u1eadn \u0111\u01b0\u1ee3c email k\u00e8m theo li\u00ean k\u1ebft ch\u01a1i tr\u1ef1c ti\u1ebfp c\u1ee7a m\u00ecnh. Ch\u1ec9 c\u1ea7n \u0111\u1ebfn \u0111\u1ecba \u0111i\u1ec3m b\u1eaft \u0111\u1ea7u t\u1ea1i Gustav Adolfs Torg, m\u1edf li\u00ean k\u1ebft tr\u00ean \u0111i\u1ec7n tho\u1ea1i th\u00f4ng minh c\u1ee7a b\u1ea1n v\u00e0 b\u1eaft \u0111\u1ea7u cu\u1ed9c phi\u00eau l\u01b0u c\u1ee7a m\u00ecnh. Tr\u00f2 ch\u01a1i ho\u00e0n to\u00e0n linh ho\u1ea1t, v\u00ec v\u1eady b\u1ea1n c\u00f3 th\u1ec3 t\u1ea1m d\u1eebng v\u00e0 ti\u1ebfp t\u1ee5c b\u1ea5t c\u1ee9 khi n\u00e0o b\u1ea1n mu\u1ed1n, bi\u1ebfn n\u00f3 th\u00e0nh c\u00e1ch ho\u00e0n h\u1ea3o \u0111\u1ec3 kh\u00e1m ph\u00e1 Gothenburg theo t\u1ed1c \u0111\u1ed9 c\u1ee7a ri\u00eang b\u1ea1n.","start_location":"Gothenburg, Gustav Adolfs Torg","available_languages":"","players_per_group":"1-4","duration":"1.5-2 hours","image_overlay_color_image":"https:\/\/testwebsite.citygame.com\/wp-content\/blogs.dir\/1\/files\/sites\/62\/2026\/01\/SecretsColor.svg","image_overlay_game_logo":"https:\/\/testwebsite.citygame.com\/wp-content\/blogs.dir\/1\/files\/sites\/62\/2026\/01\/SecretsLogo.png","city_page":10913,"woocommerce_general_content":null},"yoast_head":"<!-- This site is optimized with the Yoast SEO Premium plugin v26.2 (Yoast SEO v26.3) - https:\/\/yoast.com\/wordpress\/plugins\/seo\/ -->\n<title>Secrets of Gothenburg - City Game<\/title>\n<meta name=\"description\" content=\"Secrets of Gothenburg. Ch\u01a1i Tr\u00f2 ch\u01a1i Th\u00e0nh ph\u1ed1 t\u1ef1 h\u01b0\u1edbng d\u1eabn v\u00e0 kh\u00e1m ph\u00e1 th\u00e0nh ph\u1ed1 th\u00f4ng qua c\u00e1c c\u00e2u \u0111\u1ed1, m\u1eadt m\u00e3 v\u00e0 th\u1eed th\u00e1ch. Ch\u01a1i theo t\u1ed1c \u0111\u1ed9 c\u1ee7a ri\u00eang b\u1ea1n v\u00e0 kh\u00e1m ph\u00e1 nh\u01b0 m\u1ed9t ng\u01b0\u1eddi \u0111\u1ecba ph\u01b0\u01a1ng!\" \/>\n<meta name=\"robots\" content=\"noindex, follow, max-snippet:-1, max-image-preview:large, max-video-preview:-1\" \/>\n<meta property=\"og:locale\" content=\"vi_VN\" \/>\n<meta property=\"og:type\" content=\"article\" \/>\n<meta property=\"og:title\" content=\"Secrets of Gothenburg\" \/>\n<meta property=\"og:description\" content=\"Secrets of Gothenburg. Ch\u01a1i Tr\u00f2 ch\u01a1i Th\u00e0nh ph\u1ed1 t\u1ef1 h\u01b0\u1edbng d\u1eabn v\u00e0 kh\u00e1m ph\u00e1 th\u00e0nh ph\u1ed1 th\u00f4ng qua c\u00e1c c\u00e2u \u0111\u1ed1, m\u1eadt m\u00e3 v\u00e0 th\u1eed th\u00e1ch. Ch\u01a1i theo t\u1ed1c \u0111\u1ed9 c\u1ee7a ri\u00eang b\u1ea1n v\u00e0 kh\u00e1m ph\u00e1 nh\u01b0 m\u1ed9t ng\u01b0\u1eddi \u0111\u1ecba ph\u01b0\u01a1ng!\" \/>\n<meta property=\"og:url\" content=\"https:\/\/testwebsite.citygame.com\/vi\/games\/gothenburg\/secrets-of-gothenburg\/\" \/>\n<meta property=\"og:site_name\" content=\"City Game\" \/>\n<meta property=\"article:publisher\" content=\"https:\/\/www.facebook.com\/profile.php?id=100086426226253\" \/>\n<meta property=\"article:modified_time\" content=\"2026-04-09T08:54:33+00:00\" \/>\n<meta property=\"og:image\" content=\"https:\/\/testwebsite.citygame.com\/wp-content\/blogs.dir\/1\/files\/sites\/62\/2026\/01\/group-of-friends-playing-city-game-gothenburg.jpg\" \/>\n\t<meta property=\"og:image:width\" content=\"1248\" \/>\n\t<meta property=\"og:image:height\" content=\"832\" \/>\n\t<meta property=\"og:image:type\" content=\"image\/jpeg\" \/>\n<meta name=\"twitter:card\" content=\"summary_large_image\" \/>\n<meta name=\"twitter:label1\" content=\"\u01af\u1edbc t\u00ednh th\u1eddi gian \u0111\u1ecdc\" \/>\n\t<meta name=\"twitter:data1\" content=\"1 ph\u00fat\" \/>\n<script type=\"application\/ld+json\" class=\"yoast-schema-graph\">{\"@context\":\"https:\/\/schema.org\",\"@graph\":[{\"@type\":\"WebPage\",\"@id\":\"https:\/\/testwebsite.citygame.com\/vi\/games\/gothenburg\/secrets-of-gothenburg\/\",\"url\":\"https:\/\/testwebsite.citygame.com\/vi\/games\/gothenburg\/secrets-of-gothenburg\/\",\"name\":\"Secrets of Gothenburg - City Game\",\"isPartOf\":{\"@id\":\"https:\/\/testwebsite.upevents.nl\/#website\"},\"primaryImageOfPage\":{\"@id\":\"https:\/\/testwebsite.citygame.com\/vi\/games\/gothenburg\/secrets-of-gothenburg\/#primaryimage\"},\"image\":{\"@id\":\"https:\/\/testwebsite.citygame.com\/vi\/games\/gothenburg\/secrets-of-gothenburg\/#primaryimage\"},\"thumbnailUrl\":\"https:\/\/testwebsite.citygame.com\/wp-content\/blogs.dir\/1\/files\/sites\/62\/2026\/01\/group-of-friends-playing-city-game-gothenburg.jpg\",\"datePublished\":\"2026-01-13T11:47:40+00:00\",\"dateModified\":\"2026-04-09T08:54:33+00:00\",\"description\":\"Secrets of Gothenburg. Ch\u01a1i Tr\u00f2 ch\u01a1i Th\u00e0nh ph\u1ed1 t\u1ef1 h\u01b0\u1edbng d\u1eabn v\u00e0 kh\u00e1m ph\u00e1 th\u00e0nh ph\u1ed1 th\u00f4ng qua c\u00e1c c\u00e2u \u0111\u1ed1, m\u1eadt m\u00e3 v\u00e0 th\u1eed th\u00e1ch. Ch\u01a1i theo t\u1ed1c \u0111\u1ed9 c\u1ee7a ri\u00eang b\u1ea1n v\u00e0 kh\u00e1m ph\u00e1 nh\u01b0 m\u1ed9t ng\u01b0\u1eddi \u0111\u1ecba ph\u01b0\u01a1ng!\",\"breadcrumb\":{\"@id\":\"https:\/\/testwebsite.citygame.com\/vi\/games\/gothenburg\/secrets-of-gothenburg\/#breadcrumb\"},\"inLanguage\":\"vi\",\"potentialAction\":[{\"@type\":\"ReadAction\",\"target\":[\"https:\/\/testwebsite.citygame.com\/vi\/games\/gothenburg\/secrets-of-gothenburg\/\"]}]},{\"@type\":\"ImageObject\",\"inLanguage\":\"vi\",\"@id\":\"https:\/\/testwebsite.citygame.com\/vi\/games\/gothenburg\/secrets-of-gothenburg\/#primaryimage\",\"url\":\"https:\/\/testwebsite.citygame.com\/wp-content\/blogs.dir\/1\/files\/sites\/62\/2026\/01\/group-of-friends-playing-city-game-gothenburg.jpg\",\"contentUrl\":\"https:\/\/testwebsite.citygame.com\/wp-content\/blogs.dir\/1\/files\/sites\/62\/2026\/01\/group-of-friends-playing-city-game-gothenburg.jpg\",\"width\":1248,\"height\":832,\"caption\":\"A group of four friends enjoying a city game together on a street in Gothenburg.\"},{\"@type\":\"BreadcrumbList\",\"@id\":\"https:\/\/testwebsite.citygame.com\/vi\/games\/gothenburg\/secrets-of-gothenburg\/#breadcrumb\",\"itemListElement\":[{\"@type\":\"ListItem\",\"position\":1,\"name\":\"Home\",\"item\":\"https:\/\/testwebsite.citygame.com\/vi\/\"},{\"@type\":\"ListItem\",\"position\":2,\"name\":\"Shop\",\"item\":\"https:\/\/testwebsite.citygame.com\/shop\/\"},{\"@type\":\"ListItem\",\"position\":3,\"name\":\"Secrets of Gothenburg\"}]},{\"@type\":\"WebSite\",\"@id\":\"https:\/\/testwebsite.upevents.nl\/#website\",\"url\":\"https:\/\/testwebsite.upevents.nl\/\",\"name\":\"City Game\",\"description\":\"\",\"publisher\":{\"@id\":\"https:\/\/testwebsite.upevents.nl\/#organization\"},\"alternateName\":\"citygame.com\",\"potentialAction\":[{\"@type\":\"SearchAction\",\"target\":{\"@type\":\"EntryPoint\",\"urlTemplate\":\"https:\/\/testwebsite.upevents.nl\/?s={search_term_string}\"},\"query-input\":{\"@type\":\"PropertyValueSpecification\",\"valueRequired\":true,\"valueName\":\"search_term_string\"}}],\"inLanguage\":\"vi\"},{\"@type\":[\"Organization\",\"Place\"],\"@id\":\"https:\/\/testwebsite.upevents.nl\/#organization\",\"name\":\"City Game\",\"alternateName\":\"citygame.com\",\"url\":\"https:\/\/testwebsite.upevents.nl\/\",\"logo\":{\"@id\":\"https:\/\/testwebsite.citygame.com\/vi\/games\/gothenburg\/secrets-of-gothenburg\/#local-main-organization-logo\"},\"image\":{\"@id\":\"https:\/\/testwebsite.citygame.com\/vi\/games\/gothenburg\/secrets-of-gothenburg\/#local-main-organization-logo\"},\"sameAs\":[\"https:\/\/www.facebook.com\/profile.php?id=100086426226253\",\"https:\/\/www.instagram.com\/citygame_com\",\"https:\/\/www.tiktok.com\/@citygamecom\/\",\"https:\/\/www.linkedin.com\/company\/citygame-com\"],\"description\":\"Turn any city into a playground with our interactive City Games and self-guided tours. Fun, flexible, and ideal for groups and team building.\",\"telephone\":[],\"openingHoursSpecification\":[{\"@type\":\"OpeningHoursSpecification\",\"dayOfWeek\":[\"Monday\",\"Tuesday\",\"Wednesday\",\"Thursday\",\"Friday\",\"Saturday\",\"Sunday\"],\"opens\":\"09:00\",\"closes\":\"17:00\"}]},{\"@type\":\"ImageObject\",\"inLanguage\":\"vi\",\"@id\":\"https:\/\/testwebsite.citygame.com\/vi\/games\/gothenburg\/secrets-of-gothenburg\/#local-main-organization-logo\",\"url\":\"https:\/\/testwebsite.citygame.com\/wp-content\/blogs.dir\/1\/files\/sites\/62\/2025\/10\/CG_LOGO-City-Game.png\",\"contentUrl\":\"https:\/\/testwebsite.citygame.com\/wp-content\/blogs.dir\/1\/files\/sites\/62\/2025\/10\/CG_LOGO-City-Game.png\",\"width\":351,\"height\":377,\"caption\":\"City Game\"}]}<\/script>\n<!-- \/ Yoast SEO Premium plugin. -->","yoast_head_json":{"title":"Secrets of Gothenburg - City Game","description":"Secrets of Gothenburg. Ch\u01a1i Tr\u00f2 ch\u01a1i Th\u00e0nh ph\u1ed1 t\u1ef1 h\u01b0\u1edbng d\u1eabn v\u00e0 kh\u00e1m ph\u00e1 th\u00e0nh ph\u1ed1 th\u00f4ng qua c\u00e1c c\u00e2u \u0111\u1ed1, m\u1eadt m\u00e3 v\u00e0 th\u1eed th\u00e1ch. Ch\u01a1i theo t\u1ed1c \u0111\u1ed9 c\u1ee7a ri\u00eang b\u1ea1n v\u00e0 kh\u00e1m ph\u00e1 nh\u01b0 m\u1ed9t ng\u01b0\u1eddi \u0111\u1ecba ph\u01b0\u01a1ng!","robots":{"index":"noindex","follow":"follow","max-snippet":"max-snippet:-1","max-image-preview":"max-image-preview:large","max-video-preview":"max-video-preview:-1"},"og_locale":"vi_VN","og_type":"article","og_title":"Secrets of Gothenburg","og_description":"Secrets of Gothenburg. Ch\u01a1i Tr\u00f2 ch\u01a1i Th\u00e0nh ph\u1ed1 t\u1ef1 h\u01b0\u1edbng d\u1eabn v\u00e0 kh\u00e1m ph\u00e1 th\u00e0nh ph\u1ed1 th\u00f4ng qua c\u00e1c c\u00e2u \u0111\u1ed1, m\u1eadt m\u00e3 v\u00e0 th\u1eed th\u00e1ch. Ch\u01a1i theo t\u1ed1c \u0111\u1ed9 c\u1ee7a ri\u00eang b\u1ea1n v\u00e0 kh\u00e1m ph\u00e1 nh\u01b0 m\u1ed9t ng\u01b0\u1eddi \u0111\u1ecba ph\u01b0\u01a1ng!","og_url":"https:\/\/testwebsite.citygame.com\/vi\/games\/gothenburg\/secrets-of-gothenburg\/","og_site_name":"City Game","article_publisher":"https:\/\/www.facebook.com\/profile.php?id=100086426226253","article_modified_time":"2026-04-09T08:54:33+00:00","og_image":[{"width":1248,"height":832,"url":"https:\/\/testwebsite.citygame.com\/wp-content\/blogs.dir\/1\/files\/sites\/62\/2026\/01\/group-of-friends-playing-city-game-gothenburg.jpg","type":"image\/jpeg"}],"twitter_card":"summary_large_image","twitter_misc":{"\u01af\u1edbc t\u00ednh th\u1eddi gian \u0111\u1ecdc":"1 ph\u00fat"},"schema":{"@context":"https:\/\/schema.org","@graph":[{"@type":"WebPage","@id":"https:\/\/testwebsite.citygame.com\/vi\/games\/gothenburg\/secrets-of-gothenburg\/","url":"https:\/\/testwebsite.citygame.com\/vi\/games\/gothenburg\/secrets-of-gothenburg\/","name":"Secrets of Gothenburg - City Game","isPartOf":{"@id":"https:\/\/testwebsite.upevents.nl\/#website"},"primaryImageOfPage":{"@id":"https:\/\/testwebsite.citygame.com\/vi\/games\/gothenburg\/secrets-of-gothenburg\/#primaryimage"},"image":{"@id":"https:\/\/testwebsite.citygame.com\/vi\/games\/gothenburg\/secrets-of-gothenburg\/#primaryimage"},"thumbnailUrl":"https:\/\/testwebsite.citygame.com\/wp-content\/blogs.dir\/1\/files\/sites\/62\/2026\/01\/group-of-friends-playing-city-game-gothenburg.jpg","datePublished":"2026-01-13T11:47:40+00:00","dateModified":"2026-04-09T08:54:33+00:00","description":"Secrets of Gothenburg. Ch\u01a1i Tr\u00f2 ch\u01a1i Th\u00e0nh ph\u1ed1 t\u1ef1 h\u01b0\u1edbng d\u1eabn v\u00e0 kh\u00e1m ph\u00e1 th\u00e0nh ph\u1ed1 th\u00f4ng qua c\u00e1c c\u00e2u \u0111\u1ed1, m\u1eadt m\u00e3 v\u00e0 th\u1eed th\u00e1ch. Ch\u01a1i theo t\u1ed1c \u0111\u1ed9 c\u1ee7a ri\u00eang b\u1ea1n v\u00e0 kh\u00e1m ph\u00e1 nh\u01b0 m\u1ed9t ng\u01b0\u1eddi \u0111\u1ecba ph\u01b0\u01a1ng!","breadcrumb":{"@id":"https:\/\/testwebsite.citygame.com\/vi\/games\/gothenburg\/secrets-of-gothenburg\/#breadcrumb"},"inLanguage":"vi","potentialAction":[{"@type":"ReadAction","target":["https:\/\/testwebsite.citygame.com\/vi\/games\/gothenburg\/secrets-of-gothenburg\/"]}]},{"@type":"ImageObject","inLanguage":"vi","@id":"https:\/\/testwebsite.citygame.com\/vi\/games\/gothenburg\/secrets-of-gothenburg\/#primaryimage","url":"https:\/\/testwebsite.citygame.com\/wp-content\/blogs.dir\/1\/files\/sites\/62\/2026\/01\/group-of-friends-playing-city-game-gothenburg.jpg","contentUrl":"https:\/\/testwebsite.citygame.com\/wp-content\/blogs.dir\/1\/files\/sites\/62\/2026\/01\/group-of-friends-playing-city-game-gothenburg.jpg","width":1248,"height":832,"caption":"A group of four friends enjoying a city game together on a street in Gothenburg."},{"@type":"BreadcrumbList","@id":"https:\/\/testwebsite.citygame.com\/vi\/games\/gothenburg\/secrets-of-gothenburg\/#breadcrumb","itemListElement":[{"@type":"ListItem","position":1,"name":"Home","item":"https:\/\/testwebsite.citygame.com\/vi\/"},{"@type":"ListItem","position":2,"name":"Shop","item":"https:\/\/testwebsite.citygame.com\/shop\/"},{"@type":"ListItem","position":3,"name":"Secrets of Gothenburg"}]},{"@type":"WebSite","@id":"https:\/\/testwebsite.upevents.nl\/#website","url":"https:\/\/testwebsite.upevents.nl\/","name":"City Game","description":"","publisher":{"@id":"https:\/\/testwebsite.upevents.nl\/#organization"},"alternateName":"citygame.com","potentialAction":[{"@type":"SearchAction","target":{"@type":"EntryPoint","urlTemplate":"https:\/\/testwebsite.upevents.nl\/?s={search_term_string}"},"query-input":{"@type":"PropertyValueSpecification","valueRequired":true,"valueName":"search_term_string"}}],"inLanguage":"vi"},{"@type":["Organization","Place"],"@id":"https:\/\/testwebsite.upevents.nl\/#organization","name":"City Game","alternateName":"citygame.com","url":"https:\/\/testwebsite.upevents.nl\/","logo":{"@id":"https:\/\/testwebsite.citygame.com\/vi\/games\/gothenburg\/secrets-of-gothenburg\/#local-main-organization-logo"},"image":{"@id":"https:\/\/testwebsite.citygame.com\/vi\/games\/gothenburg\/secrets-of-gothenburg\/#local-main-organization-logo"},"sameAs":["https:\/\/www.facebook.com\/profile.php?id=100086426226253","https:\/\/www.instagram.com\/citygame_com","https:\/\/www.tiktok.com\/@citygamecom\/","https:\/\/www.linkedin.com\/company\/citygame-com"],"description":"Turn any city into a playground with our interactive City Games and self-guided tours. Fun, flexible, and ideal for groups and team building.","telephone":[],"openingHoursSpecification":[{"@type":"OpeningHoursSpecification","dayOfWeek":["Monday","Tuesday","Wednesday","Thursday","Friday","Saturday","Sunday"],"opens":"09:00","closes":"17:00"}]},{"@type":"ImageObject","inLanguage":"vi","@id":"https:\/\/testwebsite.citygame.com\/vi\/games\/gothenburg\/secrets-of-gothenburg\/#local-main-organization-logo","url":"https:\/\/testwebsite.citygame.com\/wp-content\/blogs.dir\/1\/files\/sites\/62\/2025\/10\/CG_LOGO-City-Game.png","contentUrl":"https:\/\/testwebsite.citygame.com\/wp-content\/blogs.dir\/1\/files\/sites\/62\/2025\/10\/CG_LOGO-City-Game.png","width":351,"height":377,"caption":"City Game"}]}},"taxonomy_info":{"game-concept":[{"value":733,"label":"Secrets"}],"location":[{"value":181,"label":"Gothenburg"}],"product_cat":[{"value":27,"label":"Geen categorie"}]},"featured_image_src_large":["https:\/\/testwebsite.citygame.com\/wp-content\/blogs.dir\/1\/files\/sites\/62\/2026\/01\/group-of-friends-playing-city-game-gothenburg-1024x683.jpg",1024,683,true],"author_info":[],"comment_info":"","_links":{"self":[{"href":"https:\/\/testwebsite.citygame.com\/vi\/wp-json\/wp\/v2\/product\/67373","targetHints":{"allow":["GET"]}}],"collection":[{"href":"https:\/\/testwebsite.citygame.com\/vi\/wp-json\/wp\/v2\/product"}],"about":[{"href":"https:\/\/testwebsite.citygame.com\/vi\/wp-json\/wp\/v2\/types\/product"}],"acf:post":[{"embeddable":true,"href":"https:\/\/testwebsite.citygame.com\/vi\/wp-json\/wp\/v2\/pages\/10913"}],"wp:featuredmedia":[{"embeddable":true,"href":"https:\/\/testwebsite.citygame.com\/vi\/wp-json\/wp\/v2\/media\/3667"}],"wp:attachment":[{"href":"https:\/\/testwebsite.citygame.com\/vi\/wp-json\/wp\/v2\/media?parent=67373"}],"wp:term":[{"taxonomy":"game-concept","embeddable":true,"href":"https:\/\/testwebsite.citygame.com\/vi\/wp-json\/wp\/v2\/game-concept?post=67373"},{"taxonomy":"location","embeddable":true,"href":"https:\/\/testwebsite.citygame.com\/vi\/wp-json\/wp\/v2\/location?post=67373"},{"taxonomy":"product_brand","embeddable":true,"href":"https:\/\/testwebsite.citygame.com\/vi\/wp-json\/wp\/v2\/product_brand?post=67373"},{"taxonomy":"product_cat","embeddable":true,"href":"https:\/\/testwebsite.citygame.com\/vi\/wp-json\/wp\/v2\/product_cat?post=67373"},{"taxonomy":"product_tag","embeddable":true,"href":"https:\/\/testwebsite.citygame.com\/vi\/wp-json\/wp\/v2\/product_tag?post=67373"}],"curies":[{"name":"wp","href":"https:\/\/api.w.org\/{rel}","templated":true}]}}