{"id":67334,"date":"2026-02-04T15:57:49","date_gmt":"2026-02-04T15:57:49","guid":{"rendered":"https:\/\/testwebsite.citygame.com\/games\/unknown-location\/sherlock-holmes-mexico-city\/"},"modified":"2026-04-09T08:50:00","modified_gmt":"2026-04-09T08:50:00","slug":"sherlock-holmes-mexico-city","status":"publish","type":"product","link":"https:\/\/testwebsite.citygame.com\/vi\/games\/mexico-city\/sherlock-holmes-mexico-city\/","title":{"rendered":"Sherlock Holmes Mexico City"},"content":{"rendered":"<p>B\u01b0\u1edbc v\u00e0o th\u1ebf gi\u1edbi c\u1ee7a Sherlock Holmes v\u1edbi Tr\u00f2 ch\u01a1i th\u00e0nh ph\u1ed1 gi\u1ea3i m\u00e3 b\u00ed \u1ea9n gi\u1ebft ng\u01b0\u1eddi t\u1ef1 h\u01b0\u1edbng d\u1eabn, theo c\u1ed1t truy\u1ec7n n\u00e0y, l\u1ea5y b\u1ed1i c\u1ea3nh t\u1ea1i trung t\u00e2m th\u00e0nh ph\u1ed1 Mexico City. V\u1edbi vai tr\u00f2 th\u00e1m t\u1eed, ng\u01b0\u1eddi ch\u01a1i s\u1ebd kh\u00e1m ph\u00e1 khung c\u1ea3nh \u0111\u00f4 th\u1ecb s\u00f4i \u0111\u1ed9ng trong khi l\u00e0m s\u00e1ng t\u1ecf c\u00e1i ch\u1ebft b\u00ed \u1ea9n x\u1ea3y ra trong L\u1ec5 h\u1ed9i T\u1ef1 do. Theo d\u00f5i c\u00e2u chuy\u1ec7n \u0111ang di\u1ec5n ra theo t\u1ed1c \u0111\u1ed9 c\u1ee7a ri\u00eang b\u1ea1n, b\u1ea1n s\u1ebd thu th\u1eadp manh m\u1ed1i, gi\u1ea3i c\u00e1c c\u00e2u \u0111\u1ed1 ph\u1ee9c t\u1ea1p v\u00e0 th\u1ea9m v\u1ea5n c\u00e1c nghi ph\u1ea1m k\u1ef9 thu\u1eadt s\u1ed1 \u0111\u1ec3 ph\u00e1 \u00e1n trong tr\u1ea3i nghi\u1ec7m \u0111i\u1ec1u tra nh\u1eadp vai n\u00e0y.<\/p>\n","protected":false},"excerpt":{"rendered":"<p>H\u00f3a th\u00e2n th\u00e0nh th\u00e1m t\u1eed l\u1eebng danh th\u1ebf gi\u1edbi, Sherlock Holmes, trong m\u1ed9t v\u1ee5 \u00e1n b\u00ed \u1ea9n gi\u1ebft ng\u01b0\u1eddi t\u1ef1 h\u01b0\u1edbng d\u1eabn \u0111\u1ea7y k\u1ecbch t\u00ednh n\u1eb1m ngay trung t\u00e2m Mexico City. B\u1ea1n v\u00e0 \u0111\u1ed9i c\u1ee7a m\u00ecnh s\u1ebd ph\u1ea3i th\u1eadt t\u1ec9nh t\u00e1o, l\u1ea7n theo nh\u1eefng manh m\u1ed1i kh\u00f3 l\u01b0\u1eddng v\u00e0 gi\u1ea3i m\u00e3 c\u00e1c c\u00e2u \u0111\u1ed1 t\u00e0i t\u00ecnh \u0111\u1ec3 kh\u00e1m ph\u00e1 s\u1ef1 th\u1eadt r\u00f9ng r\u1ee3n, ki\u1ec3m tra kh\u1ea3 n\u0103ng th\u00e1m t\u1eed c\u1ee7a b\u1ea1n \u0111\u1ebfn m\u1ee9c t\u1ed1i \u0111a!<\/p>\n","protected":false},"featured_media":10345,"template":"","meta":{"_acf_changed":false,"_yoast_wpseo_focuskw":"Sherlock Holmes Mexico City","_yoast_wpseo_metadesc":"Sherlock Holmes Mexico City. Ch\u01a1i m\u1ed9t Tr\u00f2 ch\u01a1i th\u00e0nh ph\u1ed1 gi\u1ea3i m\u00e3 b\u00ed \u1ea9n gi\u1ebft ng\u01b0\u1eddi t\u1ef1 h\u01b0\u1edbng d\u1eabn, gi\u1ea3i c\u00e1c c\u00e2u \u0111\u1ed1, l\u1ea7n theo manh m\u1ed1i v\u00e0 kh\u00e1m ph\u00e1 k\u1ebb gi\u1ebft ng\u01b0\u1eddi theo t\u1ed1c \u0111\u1ed9 c\u1ee7a ri\u00eang b\u1ea1n!","_kad_blocks_custom_css":"","_kad_blocks_head_custom_js":"","_kad_blocks_body_custom_js":"","_kad_blocks_footer_custom_js":"","ghostkit_customizer_options":"","ghostkit_custom_css":"","ghostkit_custom_js_head":"","ghostkit_custom_js_foot":"","ghostkit_typography":"","_kad_post_transparent":"","_kad_post_title":"","_kad_post_layout":"","_kad_post_sidebar_id":"","_kad_post_content_style":"","_kad_post_vertical_padding":"","_kad_post_feature":"","_kad_post_feature_position":"","_kad_post_header":false,"_kad_post_footer":false,"_kad_post_classname":"","_links_to":"","_links_to_target":""},"game-concept":[794],"location":[275],"product_brand":[],"product_cat":[27],"product_tag":[],"class_list":{"0":"post-67334","1":"product","2":"type-product","3":"status-publish","4":"has-post-thumbnail","6":"game-concept-sherlock","7":"location-mexico-city","8":"product_cat-geen-categorie","10":"first","11":"instock","12":"shipping-taxable","13":"purchasable","14":"product-type-simple","15":"entry","16":"content-bg","17":"loop-entry"},"acf":{"full_bokun_product_name":"Mexico City Self-Guided Sherlock Holmes Murder Mystery Game","location_name":"Mexico City","bokun_calendar_widget_code":"<script type=\"text\/javascript\" src=\"https:\/\/widgets.bokun.io\/assets\/javascripts\/apps\/build\/BokunWidgetsLoader.js?bookingChannelUUID=a1e93e96-5232-4734-a595-28405f4b5a31\" async><\/script>\n     \n    <div class=\"bokunWidget\" data-src=\"https:\/\/widgets.bokun.io\/online-sales\/a1e93e96-5232-4734-a595-28405f4b5a31\/experience-calendar\/731088\"><\/div>\n    <noscript>Please enable javascript in your browser to book<\/noscript>","bokun_button_widget_code":"<script type=\"text\/javascript\" src=\"https:\/\/widgets.bokun.io\/assets\/javascripts\/apps\/build\/BokunWidgetsLoader.js?bookingChannelUUID=a1e93e96-5232-4734-a595-28405f4b5a31\" async><\/script>\n      <style> #bokun_ed001e45_5927_4f62_b470_ca766338d083 { display: inline-block; padding: .4em 1em; background: #47b82e; border-radius: 999999px; box-shadow: none; font-weight: 600; font-size: 24px; text-decoration: none; text-align: center; color: #FFFFFF; border:none; cursor: pointer; transition: background .2s ease; } #bokun_ed001e45_5927_4f62_b470_ca766338d083:hover{ background: #2f7b1f; } #bokun_ed001e45_5927_4f62_b470_ca766338d083:active{ background: #378f24; } <\/style> <button class=\"bokunButton\" disabled id=bokun_ed001e45_5927_4f62_b470_ca766338d083 data-src=\"https:\/\/widgets.bokun.io\/online-sales\/a1e93e96-5232-4734-a595-28405f4b5a31\/experience-calendar\/731088?partialView=1\" data-testid=\"widget-book-button\" > Book now <\/button> ","what_you\u2019ll_experience_during_the_game":"B\u1ea1n b\u01b0\u1edbc v\u00e0o m\u1ed9t c\u00e2u chuy\u1ec7n trinh th\u00e1m h\u1ea5p d\u1eabn \u0111ang di\u1ec5n ra ngay trung t\u00e2m Mexico City, n\u01a1i m\u1ed9t v\u1ee5 \u00e1n m\u1ea1ng \u0111\u00e3 l\u00e0m rung chuy\u1ec3n L\u1ec5 h\u1ed9i T\u1ef1 do. T\u1eeb manh m\u1ed1i \u0111\u1ea7u ti\u00ean \u0111\u1ebfn b\u01b0\u1edbc \u0111\u1ed9t ph\u00e1 cu\u1ed1i c\u00f9ng, c\u1ed1t truy\u1ec7n ph\u00e1t tri\u1ec3n khi b\u1ea1n di chuy\u1ec3n qua c\u00e1c con ph\u1ed1 c\u1ee7a th\u00e0nh ph\u1ed1, kh\u00e1m ph\u00e1 b\u1eb1ng ch\u1ee9ng v\u00e0 theo d\u00f5i s\u1ef1 th\u1eadt th\u00f4ng qua c\u00e1c chi ti\u1ebft \u1ea9n gi\u1ea5u v\u00e0 \u0111\u1ed9ng c\u01a1 thay \u0111\u1ed5i. T\u1ea1i m\u1ed7i \u0111\u1ecba \u0111i\u1ec3m m\u1edbi, b\u1ea1n ph\u1ea3i thu th\u1eadp th\u00f4ng tin, gi\u1ea3i c\u00e1c c\u00e2u \u0111\u1ed1 v\u00e0 \u0111\u01b0a ra nh\u1eefng quan s\u00e1t s\u1eafc b\u00e9n \u0111\u1ec3 th\u00fac \u0111\u1ea9y cu\u1ed9c \u0111i\u1ec1u tra. \n\nTh\u1ea9m v\u1ea5n c\u00e1c nghi ph\u1ea1m k\u1ef9 thu\u1eadt s\u1ed1, ki\u1ec3m tra ch\u1ee9ng c\u1ee9 ngo\u1ea1i ph\u1ea1m v\u00e0 th\u1eed th\u00e1ch nh\u1eefng m\u00e2u thu\u1eabn khi b\u00ed \u1ea9n ng\u00e0y c\u00e0ng s\u00e2u s\u1eafc. M\u1ecdi quy\u1ebft \u0111\u1ecbnh v\u00e0 suy lu\u1eadn \u0111\u1ec1u quan tr\u1ecdng, h\u00e9 l\u1ed9 nh\u1eefng t\u00ecnh ti\u1ebft b\u1ea5t ng\u1edd th\u00e1ch th\u1ee9c t\u01b0 duy v\u00e0 r\u00e8n luy\u1ec7n k\u1ef9 n\u0103ng c\u1ee7a b\u1ea1n. L\u00e0 m\u1ed9t tr\u1ea3i nghi\u1ec7m ho\u00e0n to\u00e0n theo c\u1ed1t truy\u1ec7n, b\u1ea1n ki\u1ec3m so\u00e1t t\u1ed1c \u0111\u1ed9: t\u1ea1m d\u1eebng b\u1ea5t c\u1ee9 khi n\u00e0o c\u1ea7n, sau \u0111\u00f3 ti\u1ebfp t\u1ee5c t\u1eeb n\u01a1i b\u1ea1n \u0111\u00e3 d\u1eebng l\u1ea1i. C\u1ea1nh tranh v\u1edbi c\u00e1c \u0111\u1ed9i kh\u00e1c n\u1ebfu b\u1ea1n mu\u1ed1n, ho\u1eb7c t\u1eadp trung v\u00e0o vi\u1ec7c l\u1ea7n theo manh m\u1ed1i \u0111\u1ec3 kh\u00e1m ph\u00e1 s\u1ef1 th\u1eadt \u0111\u1eb1ng sau v\u1ee5 gi\u1ebft ng\u01b0\u1eddi t\u1ea1i L\u1ec5 h\u1ed9i T\u1ef1 do.","how_to_play":"Ch\u01a1i m\u1ed9t m\u00ecnh ho\u1eb7c v\u1edbi b\u1ea1n b\u00e8, gia \u0111\u00ecnh, ho\u1eb7c \u0111\u1ed3ng nghi\u1ec7p trong c\u00e1c \u0111\u1ed9i t\u1ed1i \u0111a b\u1ed1n ng\u01b0\u1eddi m\u1ed7i thi\u1ebft b\u1ecb. Sau khi \u0111\u1eb7t ch\u1ed7, b\u1ea1n s\u1ebd nh\u1eadn \u0111\u01b0\u1ee3c email h\u01b0\u1edbng d\u1eabn v\u1edbi m\u1ecdi th\u1ee9 b\u1ea1n c\u1ea7n.","start_location":"Mexico City, Plaza de la Constitucion","available_languages":["en","es","fr","de","it","nl"],"players_per_group":"1-4","duration":"1.5-2 hours","image_overlay_color_image":"https:\/\/testwebsite.citygame.com\/wp-content\/blogs.dir\/1\/files\/sites\/62\/2026\/01\/SherlockColor.svg","image_overlay_game_logo":"https:\/\/testwebsite.citygame.com\/wp-content\/blogs.dir\/1\/files\/sites\/62\/2026\/01\/SherlockLogo.png","city_page":6425,"woocommerce_general_content":null},"yoast_head":"<!-- This site is optimized with the Yoast SEO Premium plugin v26.2 (Yoast SEO v26.3) - https:\/\/yoast.com\/wordpress\/plugins\/seo\/ -->\n<title>Sherlock Holmes Mexico City - City Game<\/title>\n<meta name=\"description\" content=\"Sherlock Holmes Mexico City. Ch\u01a1i m\u1ed9t Tr\u00f2 ch\u01a1i th\u00e0nh ph\u1ed1 gi\u1ea3i m\u00e3 b\u00ed \u1ea9n gi\u1ebft ng\u01b0\u1eddi t\u1ef1 h\u01b0\u1edbng d\u1eabn, gi\u1ea3i c\u00e1c c\u00e2u \u0111\u1ed1, l\u1ea7n theo manh m\u1ed1i v\u00e0 kh\u00e1m ph\u00e1 k\u1ebb gi\u1ebft ng\u01b0\u1eddi theo t\u1ed1c \u0111\u1ed9 c\u1ee7a ri\u00eang b\u1ea1n!\" \/>\n<meta name=\"robots\" content=\"noindex, follow, max-snippet:-1, max-image-preview:large, max-video-preview:-1\" \/>\n<meta property=\"og:locale\" content=\"vi_VN\" \/>\n<meta property=\"og:type\" content=\"article\" \/>\n<meta property=\"og:title\" content=\"Sherlock Holmes Mexico City\" \/>\n<meta property=\"og:description\" content=\"Sherlock Holmes Mexico City. Ch\u01a1i m\u1ed9t Tr\u00f2 ch\u01a1i th\u00e0nh ph\u1ed1 gi\u1ea3i m\u00e3 b\u00ed \u1ea9n gi\u1ebft ng\u01b0\u1eddi t\u1ef1 h\u01b0\u1edbng d\u1eabn, gi\u1ea3i c\u00e1c c\u00e2u \u0111\u1ed1, l\u1ea7n theo manh m\u1ed1i v\u00e0 kh\u00e1m ph\u00e1 k\u1ebb gi\u1ebft ng\u01b0\u1eddi theo t\u1ed1c \u0111\u1ed9 c\u1ee7a ri\u00eang b\u1ea1n!\" \/>\n<meta property=\"og:url\" content=\"https:\/\/testwebsite.citygame.com\/vi\/games\/mexico-city\/sherlock-holmes-mexico-city\/\" \/>\n<meta property=\"og:site_name\" content=\"City Game\" \/>\n<meta property=\"article:publisher\" content=\"https:\/\/www.facebook.com\/profile.php?id=100086426226253\" \/>\n<meta property=\"article:modified_time\" content=\"2026-04-09T08:50:00+00:00\" \/>\n<meta property=\"og:image\" content=\"https:\/\/testwebsite.citygame.com\/wp-content\/blogs.dir\/1\/files\/sites\/62\/2026\/02\/group-of-players-looking-at-phone-on-barcelona-street.jpg\" \/>\n\t<meta property=\"og:image:width\" content=\"1344\" \/>\n\t<meta property=\"og:image:height\" content=\"768\" \/>\n\t<meta property=\"og:image:type\" content=\"image\/jpeg\" \/>\n<meta name=\"twitter:card\" content=\"summary_large_image\" \/>\n<meta name=\"twitter:label1\" content=\"\u01af\u1edbc t\u00ednh th\u1eddi gian \u0111\u1ecdc\" \/>\n\t<meta name=\"twitter:data1\" content=\"1 ph\u00fat\" \/>\n<script type=\"application\/ld+json\" class=\"yoast-schema-graph\">{\"@context\":\"https:\/\/schema.org\",\"@graph\":[{\"@type\":\"WebPage\",\"@id\":\"https:\/\/testwebsite.citygame.com\/vi\/games\/mexico-city\/sherlock-holmes-mexico-city\/\",\"url\":\"https:\/\/testwebsite.citygame.com\/vi\/games\/mexico-city\/sherlock-holmes-mexico-city\/\",\"name\":\"Sherlock Holmes Mexico City - City Game\",\"isPartOf\":{\"@id\":\"https:\/\/testwebsite.upevents.nl\/#website\"},\"primaryImageOfPage\":{\"@id\":\"https:\/\/testwebsite.citygame.com\/vi\/games\/mexico-city\/sherlock-holmes-mexico-city\/#primaryimage\"},\"image\":{\"@id\":\"https:\/\/testwebsite.citygame.com\/vi\/games\/mexico-city\/sherlock-holmes-mexico-city\/#primaryimage\"},\"thumbnailUrl\":\"https:\/\/testwebsite.citygame.com\/wp-content\/blogs.dir\/1\/files\/sites\/62\/2026\/02\/group-of-players-looking-at-phone-on-barcelona-street.jpg\",\"datePublished\":\"2026-02-04T15:57:49+00:00\",\"dateModified\":\"2026-04-09T08:50:00+00:00\",\"description\":\"Sherlock Holmes Mexico City. Ch\u01a1i m\u1ed9t Tr\u00f2 ch\u01a1i th\u00e0nh ph\u1ed1 gi\u1ea3i m\u00e3 b\u00ed \u1ea9n gi\u1ebft ng\u01b0\u1eddi t\u1ef1 h\u01b0\u1edbng d\u1eabn, gi\u1ea3i c\u00e1c c\u00e2u \u0111\u1ed1, l\u1ea7n theo manh m\u1ed1i v\u00e0 kh\u00e1m ph\u00e1 k\u1ebb gi\u1ebft ng\u01b0\u1eddi theo t\u1ed1c \u0111\u1ed9 c\u1ee7a ri\u00eang b\u1ea1n!\",\"breadcrumb\":{\"@id\":\"https:\/\/testwebsite.citygame.com\/vi\/games\/mexico-city\/sherlock-holmes-mexico-city\/#breadcrumb\"},\"inLanguage\":\"vi\",\"potentialAction\":[{\"@type\":\"ReadAction\",\"target\":[\"https:\/\/testwebsite.citygame.com\/vi\/games\/mexico-city\/sherlock-holmes-mexico-city\/\"]}]},{\"@type\":\"ImageObject\",\"inLanguage\":\"vi\",\"@id\":\"https:\/\/testwebsite.citygame.com\/vi\/games\/mexico-city\/sherlock-holmes-mexico-city\/#primaryimage\",\"url\":\"https:\/\/testwebsite.citygame.com\/wp-content\/blogs.dir\/1\/files\/sites\/62\/2026\/02\/group-of-players-looking-at-phone-on-barcelona-street.jpg\",\"contentUrl\":\"https:\/\/testwebsite.citygame.com\/wp-content\/blogs.dir\/1\/files\/sites\/62\/2026\/02\/group-of-players-looking-at-phone-on-barcelona-street.jpg\",\"width\":1344,\"height\":768,\"caption\":\"A group of friends huddle together to look at a phone in a historic street in Barcelona.\"},{\"@type\":\"BreadcrumbList\",\"@id\":\"https:\/\/testwebsite.citygame.com\/vi\/games\/mexico-city\/sherlock-holmes-mexico-city\/#breadcrumb\",\"itemListElement\":[{\"@type\":\"ListItem\",\"position\":1,\"name\":\"Home\",\"item\":\"https:\/\/testwebsite.citygame.com\/vi\/\"},{\"@type\":\"ListItem\",\"position\":2,\"name\":\"Shop\",\"item\":\"https:\/\/testwebsite.citygame.com\/shop\/\"},{\"@type\":\"ListItem\",\"position\":3,\"name\":\"Sherlock Holmes Mexico City\"}]},{\"@type\":\"WebSite\",\"@id\":\"https:\/\/testwebsite.upevents.nl\/#website\",\"url\":\"https:\/\/testwebsite.upevents.nl\/\",\"name\":\"City Game\",\"description\":\"\",\"publisher\":{\"@id\":\"https:\/\/testwebsite.upevents.nl\/#organization\"},\"alternateName\":\"citygame.com\",\"potentialAction\":[{\"@type\":\"SearchAction\",\"target\":{\"@type\":\"EntryPoint\",\"urlTemplate\":\"https:\/\/testwebsite.upevents.nl\/?s={search_term_string}\"},\"query-input\":{\"@type\":\"PropertyValueSpecification\",\"valueRequired\":true,\"valueName\":\"search_term_string\"}}],\"inLanguage\":\"vi\"},{\"@type\":[\"Organization\",\"Place\"],\"@id\":\"https:\/\/testwebsite.upevents.nl\/#organization\",\"name\":\"City Game\",\"alternateName\":\"citygame.com\",\"url\":\"https:\/\/testwebsite.upevents.nl\/\",\"logo\":{\"@id\":\"https:\/\/testwebsite.citygame.com\/vi\/games\/mexico-city\/sherlock-holmes-mexico-city\/#local-main-organization-logo\"},\"image\":{\"@id\":\"https:\/\/testwebsite.citygame.com\/vi\/games\/mexico-city\/sherlock-holmes-mexico-city\/#local-main-organization-logo\"},\"sameAs\":[\"https:\/\/www.facebook.com\/profile.php?id=100086426226253\",\"https:\/\/www.instagram.com\/citygame_com\",\"https:\/\/www.tiktok.com\/@citygamecom\/\",\"https:\/\/www.linkedin.com\/company\/citygame-com\"],\"description\":\"Turn any city into a playground with our interactive City Games and self-guided tours. Fun, flexible, and ideal for groups and team building.\",\"telephone\":[],\"openingHoursSpecification\":[{\"@type\":\"OpeningHoursSpecification\",\"dayOfWeek\":[\"Monday\",\"Tuesday\",\"Wednesday\",\"Thursday\",\"Friday\",\"Saturday\",\"Sunday\"],\"opens\":\"09:00\",\"closes\":\"17:00\"}]},{\"@type\":\"ImageObject\",\"inLanguage\":\"vi\",\"@id\":\"https:\/\/testwebsite.citygame.com\/vi\/games\/mexico-city\/sherlock-holmes-mexico-city\/#local-main-organization-logo\",\"url\":\"https:\/\/testwebsite.citygame.com\/wp-content\/blogs.dir\/1\/files\/sites\/62\/2025\/10\/CG_LOGO-City-Game.png\",\"contentUrl\":\"https:\/\/testwebsite.citygame.com\/wp-content\/blogs.dir\/1\/files\/sites\/62\/2025\/10\/CG_LOGO-City-Game.png\",\"width\":351,\"height\":377,\"caption\":\"City Game\"}]}<\/script>\n<!-- \/ Yoast SEO Premium plugin. -->","yoast_head_json":{"title":"Sherlock Holmes Mexico City - City Game","description":"Sherlock Holmes Mexico City. Ch\u01a1i m\u1ed9t Tr\u00f2 ch\u01a1i th\u00e0nh ph\u1ed1 gi\u1ea3i m\u00e3 b\u00ed \u1ea9n gi\u1ebft ng\u01b0\u1eddi t\u1ef1 h\u01b0\u1edbng d\u1eabn, gi\u1ea3i c\u00e1c c\u00e2u \u0111\u1ed1, l\u1ea7n theo manh m\u1ed1i v\u00e0 kh\u00e1m ph\u00e1 k\u1ebb gi\u1ebft ng\u01b0\u1eddi theo t\u1ed1c \u0111\u1ed9 c\u1ee7a ri\u00eang b\u1ea1n!","robots":{"index":"noindex","follow":"follow","max-snippet":"max-snippet:-1","max-image-preview":"max-image-preview:large","max-video-preview":"max-video-preview:-1"},"og_locale":"vi_VN","og_type":"article","og_title":"Sherlock Holmes Mexico City","og_description":"Sherlock Holmes Mexico City. Ch\u01a1i m\u1ed9t Tr\u00f2 ch\u01a1i th\u00e0nh ph\u1ed1 gi\u1ea3i m\u00e3 b\u00ed \u1ea9n gi\u1ebft ng\u01b0\u1eddi t\u1ef1 h\u01b0\u1edbng d\u1eabn, gi\u1ea3i c\u00e1c c\u00e2u \u0111\u1ed1, l\u1ea7n theo manh m\u1ed1i v\u00e0 kh\u00e1m ph\u00e1 k\u1ebb gi\u1ebft ng\u01b0\u1eddi theo t\u1ed1c \u0111\u1ed9 c\u1ee7a ri\u00eang b\u1ea1n!","og_url":"https:\/\/testwebsite.citygame.com\/vi\/games\/mexico-city\/sherlock-holmes-mexico-city\/","og_site_name":"City Game","article_publisher":"https:\/\/www.facebook.com\/profile.php?id=100086426226253","article_modified_time":"2026-04-09T08:50:00+00:00","og_image":[{"width":1344,"height":768,"url":"https:\/\/testwebsite.citygame.com\/wp-content\/blogs.dir\/1\/files\/sites\/62\/2026\/02\/group-of-players-looking-at-phone-on-barcelona-street.jpg","type":"image\/jpeg"}],"twitter_card":"summary_large_image","twitter_misc":{"\u01af\u1edbc t\u00ednh th\u1eddi gian \u0111\u1ecdc":"1 ph\u00fat"},"schema":{"@context":"https:\/\/schema.org","@graph":[{"@type":"WebPage","@id":"https:\/\/testwebsite.citygame.com\/vi\/games\/mexico-city\/sherlock-holmes-mexico-city\/","url":"https:\/\/testwebsite.citygame.com\/vi\/games\/mexico-city\/sherlock-holmes-mexico-city\/","name":"Sherlock Holmes Mexico City - City Game","isPartOf":{"@id":"https:\/\/testwebsite.upevents.nl\/#website"},"primaryImageOfPage":{"@id":"https:\/\/testwebsite.citygame.com\/vi\/games\/mexico-city\/sherlock-holmes-mexico-city\/#primaryimage"},"image":{"@id":"https:\/\/testwebsite.citygame.com\/vi\/games\/mexico-city\/sherlock-holmes-mexico-city\/#primaryimage"},"thumbnailUrl":"https:\/\/testwebsite.citygame.com\/wp-content\/blogs.dir\/1\/files\/sites\/62\/2026\/02\/group-of-players-looking-at-phone-on-barcelona-street.jpg","datePublished":"2026-02-04T15:57:49+00:00","dateModified":"2026-04-09T08:50:00+00:00","description":"Sherlock Holmes Mexico City. Ch\u01a1i m\u1ed9t Tr\u00f2 ch\u01a1i th\u00e0nh ph\u1ed1 gi\u1ea3i m\u00e3 b\u00ed \u1ea9n gi\u1ebft ng\u01b0\u1eddi t\u1ef1 h\u01b0\u1edbng d\u1eabn, gi\u1ea3i c\u00e1c c\u00e2u \u0111\u1ed1, l\u1ea7n theo manh m\u1ed1i v\u00e0 kh\u00e1m ph\u00e1 k\u1ebb gi\u1ebft ng\u01b0\u1eddi theo t\u1ed1c \u0111\u1ed9 c\u1ee7a ri\u00eang b\u1ea1n!","breadcrumb":{"@id":"https:\/\/testwebsite.citygame.com\/vi\/games\/mexico-city\/sherlock-holmes-mexico-city\/#breadcrumb"},"inLanguage":"vi","potentialAction":[{"@type":"ReadAction","target":["https:\/\/testwebsite.citygame.com\/vi\/games\/mexico-city\/sherlock-holmes-mexico-city\/"]}]},{"@type":"ImageObject","inLanguage":"vi","@id":"https:\/\/testwebsite.citygame.com\/vi\/games\/mexico-city\/sherlock-holmes-mexico-city\/#primaryimage","url":"https:\/\/testwebsite.citygame.com\/wp-content\/blogs.dir\/1\/files\/sites\/62\/2026\/02\/group-of-players-looking-at-phone-on-barcelona-street.jpg","contentUrl":"https:\/\/testwebsite.citygame.com\/wp-content\/blogs.dir\/1\/files\/sites\/62\/2026\/02\/group-of-players-looking-at-phone-on-barcelona-street.jpg","width":1344,"height":768,"caption":"A group of friends huddle together to look at a phone in a historic street in Barcelona."},{"@type":"BreadcrumbList","@id":"https:\/\/testwebsite.citygame.com\/vi\/games\/mexico-city\/sherlock-holmes-mexico-city\/#breadcrumb","itemListElement":[{"@type":"ListItem","position":1,"name":"Home","item":"https:\/\/testwebsite.citygame.com\/vi\/"},{"@type":"ListItem","position":2,"name":"Shop","item":"https:\/\/testwebsite.citygame.com\/shop\/"},{"@type":"ListItem","position":3,"name":"Sherlock Holmes Mexico City"}]},{"@type":"WebSite","@id":"https:\/\/testwebsite.upevents.nl\/#website","url":"https:\/\/testwebsite.upevents.nl\/","name":"City Game","description":"","publisher":{"@id":"https:\/\/testwebsite.upevents.nl\/#organization"},"alternateName":"citygame.com","potentialAction":[{"@type":"SearchAction","target":{"@type":"EntryPoint","urlTemplate":"https:\/\/testwebsite.upevents.nl\/?s={search_term_string}"},"query-input":{"@type":"PropertyValueSpecification","valueRequired":true,"valueName":"search_term_string"}}],"inLanguage":"vi"},{"@type":["Organization","Place"],"@id":"https:\/\/testwebsite.upevents.nl\/#organization","name":"City Game","alternateName":"citygame.com","url":"https:\/\/testwebsite.upevents.nl\/","logo":{"@id":"https:\/\/testwebsite.citygame.com\/vi\/games\/mexico-city\/sherlock-holmes-mexico-city\/#local-main-organization-logo"},"image":{"@id":"https:\/\/testwebsite.citygame.com\/vi\/games\/mexico-city\/sherlock-holmes-mexico-city\/#local-main-organization-logo"},"sameAs":["https:\/\/www.facebook.com\/profile.php?id=100086426226253","https:\/\/www.instagram.com\/citygame_com","https:\/\/www.tiktok.com\/@citygamecom\/","https:\/\/www.linkedin.com\/company\/citygame-com"],"description":"Turn any city into a playground with our interactive City Games and self-guided tours. Fun, flexible, and ideal for groups and team building.","telephone":[],"openingHoursSpecification":[{"@type":"OpeningHoursSpecification","dayOfWeek":["Monday","Tuesday","Wednesday","Thursday","Friday","Saturday","Sunday"],"opens":"09:00","closes":"17:00"}]},{"@type":"ImageObject","inLanguage":"vi","@id":"https:\/\/testwebsite.citygame.com\/vi\/games\/mexico-city\/sherlock-holmes-mexico-city\/#local-main-organization-logo","url":"https:\/\/testwebsite.citygame.com\/wp-content\/blogs.dir\/1\/files\/sites\/62\/2025\/10\/CG_LOGO-City-Game.png","contentUrl":"https:\/\/testwebsite.citygame.com\/wp-content\/blogs.dir\/1\/files\/sites\/62\/2025\/10\/CG_LOGO-City-Game.png","width":351,"height":377,"caption":"City Game"}]}},"taxonomy_info":{"game-concept":[{"value":794,"label":"Sherlock"}],"location":[{"value":275,"label":"Mexico City"}],"product_cat":[{"value":27,"label":"Geen categorie"}]},"featured_image_src_large":["https:\/\/testwebsite.citygame.com\/wp-content\/blogs.dir\/1\/files\/sites\/62\/2026\/02\/group-of-players-looking-at-phone-on-barcelona-street-1024x585.jpg",1024,585,true],"author_info":[],"comment_info":"","_links":{"self":[{"href":"https:\/\/testwebsite.citygame.com\/vi\/wp-json\/wp\/v2\/product\/67334","targetHints":{"allow":["GET"]}}],"collection":[{"href":"https:\/\/testwebsite.citygame.com\/vi\/wp-json\/wp\/v2\/product"}],"about":[{"href":"https:\/\/testwebsite.citygame.com\/vi\/wp-json\/wp\/v2\/types\/product"}],"acf:post":[{"embeddable":true,"href":"https:\/\/testwebsite.citygame.com\/vi\/wp-json\/wp\/v2\/pages\/6425"}],"wp:featuredmedia":[{"embeddable":true,"href":"https:\/\/testwebsite.citygame.com\/vi\/wp-json\/wp\/v2\/media\/10345"}],"wp:attachment":[{"href":"https:\/\/testwebsite.citygame.com\/vi\/wp-json\/wp\/v2\/media?parent=67334"}],"wp:term":[{"taxonomy":"game-concept","embeddable":true,"href":"https:\/\/testwebsite.citygame.com\/vi\/wp-json\/wp\/v2\/game-concept?post=67334"},{"taxonomy":"location","embeddable":true,"href":"https:\/\/testwebsite.citygame.com\/vi\/wp-json\/wp\/v2\/location?post=67334"},{"taxonomy":"product_brand","embeddable":true,"href":"https:\/\/testwebsite.citygame.com\/vi\/wp-json\/wp\/v2\/product_brand?post=67334"},{"taxonomy":"product_cat","embeddable":true,"href":"https:\/\/testwebsite.citygame.com\/vi\/wp-json\/wp\/v2\/product_cat?post=67334"},{"taxonomy":"product_tag","embeddable":true,"href":"https:\/\/testwebsite.citygame.com\/vi\/wp-json\/wp\/v2\/product_tag?post=67334"}],"curies":[{"name":"wp","href":"https:\/\/api.w.org\/{rel}","templated":true}]}}