{"id":66929,"date":"2026-03-16T11:54:38","date_gmt":"2026-03-16T11:54:38","guid":{"rendered":"https:\/\/testwebsite.citygame.com\/games\/unknown-location\/secrets-of-zutphen\/"},"modified":"2026-04-09T00:31:32","modified_gmt":"2026-04-09T00:31:32","slug":"secrets-of-zutphen","status":"publish","type":"product","link":"https:\/\/testwebsite.citygame.com\/vi\/games\/zutphen\/secrets-of-zutphen\/","title":{"rendered":"Secrets of Zutphen"},"content":{"rendered":"<p>Kh\u00e1m ph\u00e1 v\u1ebb quy\u1ebfn r\u0169 c\u1ee7a Zutphen v\u1edbi &#8216;Secrets of Zutphen City Game&#8217;, m\u1ed9t tr\u00f2 ch\u01a1i th\u00e0nh ph\u1ed1 t\u1ef1 h\u01b0\u1edbng d\u1eabn h\u1ea5p d\u1eabn di\u1ec5n ra t\u1ea1i trung t\u00e2m l\u1ecbch s\u1eed c\u1ee7a Zutphen. Tr\u00f2 ch\u01a1i d\u1ef1a tr\u00ean GPS n\u00e0y bi\u1ebfn \u0111i\u1ec7n tho\u1ea1i c\u1ee7a b\u1ea1n th\u00e0nh m\u1ed9t c\u1ed5ng th\u00f4ng tin c\u1ee7a cu\u1ed9c phi\u00eau l\u01b0u v\u00e0 kh\u00e1m ph\u00e1, th\u00e1ch th\u1ee9c b\u1ea1n gi\u1ea3i c\u00e1c c\u00e2u \u0111\u1ed1, v\u00e9n m\u00e0n b\u00ed \u1ea9n v\u00e0 ho\u00e0n th\u00e0nh c\u00e1c th\u1eed th\u00e1ch \u1ea3nh r\u1ea3i r\u00e1c kh\u1eafp th\u00e0nh ph\u1ed1. Khi b\u1ea1n di chuy\u1ec3n t\u1eeb \u0111i\u1ec3m n\u00e0y sang \u0111i\u1ec3m kh\u00e1c, b\u1ea1n s\u1ebd h\u00f2a m\u00ecnh v\u00e0o l\u1ecbch s\u1eed, v\u0103n h\u00f3a c\u1ee7a Zutphen v\u00e0 kh\u00e1m ph\u00e1 nh\u1eefng chi ti\u1ebft \u1ea9n gi\u1ea5u m\u00e0 m\u1eaft th\u01b0\u1eddng kh\u00f3 nh\u1eadn ra. D\u00f9 b\u1ea1n l\u00e0 ng\u01b0\u1eddi d\u00e2n \u0111\u1ecba ph\u01b0\u01a1ng mu\u1ed1n t\u00ecm ki\u1ebfm m\u1ed9t g\u00f3c nh\u00ecn m\u1edbi hay m\u1ed9t du kh\u00e1ch t\u00f2 m\u00f2, tr\u00f2 ch\u01a1i kh\u00e1m ph\u00e1 n\u00e0y l\u00e0 m\u1ed9t c\u00e1ch th\u00fa v\u1ecb \u0111\u1ec3 k\u1ebft n\u1ed1i v\u1edbi th\u00e0nh ph\u1ed1. Tr\u00f2 ch\u01a1i n\u00e0y ph\u00f9 h\u1ee3p \u0111\u1ec3 ch\u01a1i m\u1ed9t m\u00ecnh ho\u1eb7c c\u00f3 th\u1ec3 tr\u1edf th\u00e0nh m\u1ed9t ho\u1ea1t \u0111\u1ed9ng nh\u00f3m h\u1ea5p d\u1eabn cho c\u00e1c c\u1eb7p \u0111\u00f4i, gia \u0111\u00ecnh ho\u1eb7c nh\u00f3m b\u1ea1n b\u00e8.<\/p>\n","protected":false},"excerpt":{"rendered":"<p>Kh\u00e1m ph\u00e1 s\u1ef1 nhi\u1ec7t huy\u1ebft v\u00e0 tinh th\u1ea7n s\u00f4i n\u1ed5i c\u1ee7a Zutphen! B\u1eaft \u0111\u1ea7u cu\u1ed9c phi\u00eau l\u01b0u qua m\u1ed9t th\u00e0nh ph\u1ed1 n\u01a1i l\u1ecbch s\u1eed phong ph\u00fa tho\u00e1t ra t\u1eeb nh\u1eefng t\u00f2a th\u00e1p c\u1ed5 k\u00ednh v\u00e0 n\u0103ng l\u01b0\u1ee3ng s\u00e1ng t\u1ea1o ch\u1ea3y nh\u01b0 s\u00f4ng IJssel, c\u00f9ng nhau gh\u00e9p n\u1ed1i c\u00e1c manh m\u1ed1i gi\u1eefa nh\u1eefng con ph\u1ed1 quy\u1ebfn r\u0169 c\u1ee7a n\u00f3. Zutphen th\u1ef1c s\u1ef1 l\u00e0 m\u1ed9t r\u01b0\u01a1ng kho b\u00e1u \u0111ang ch\u1edd b\u1ea1n kh\u00e1m ph\u00e1!<\/p>\n","protected":false},"featured_media":19082,"template":"","meta":{"_acf_changed":false,"_yoast_wpseo_focuskw":"Secrets of Zutphen","_yoast_wpseo_metadesc":"Secrets of Zutphen. Ch\u01a1i City Game t\u1ef1 h\u01b0\u1edbng d\u1eabn v\u00e0 kh\u00e1m ph\u00e1 th\u00e0nh ph\u1ed1 qua c\u00e1c c\u00e2u \u0111\u1ed1, b\u00ed \u1ea9n v\u00e0 th\u1eed th\u00e1ch. Ch\u01a1i theo t\u1ed1c \u0111\u1ed9 c\u1ee7a ri\u00eang b\u1ea1n v\u00e0 kh\u00e1m ph\u00e1 nh\u01b0 m\u1ed9t ng\u01b0\u1eddi \u0111\u1ecba ph\u01b0\u01a1ng!","_kad_blocks_custom_css":"","_kad_blocks_head_custom_js":"","_kad_blocks_body_custom_js":"","_kad_blocks_footer_custom_js":"","ghostkit_customizer_options":"","ghostkit_custom_css":"","ghostkit_custom_js_head":"","ghostkit_custom_js_foot":"","ghostkit_typography":"","_kad_post_transparent":"","_kad_post_title":"","_kad_post_layout":"","_kad_post_sidebar_id":"","_kad_post_content_style":"","_kad_post_vertical_padding":"","_kad_post_feature":"","_kad_post_feature_position":"","_kad_post_header":false,"_kad_post_footer":false,"_kad_post_classname":"","_links_to":"","_links_to_target":""},"game-concept":[733],"location":[438],"product_brand":[],"product_cat":[27],"product_tag":[],"class_list":{"0":"post-66929","1":"product","2":"type-product","3":"status-publish","4":"has-post-thumbnail","6":"game-concept-secrets","7":"location-zutphen","8":"product_cat-geen-categorie","10":"first","11":"instock","12":"shipping-taxable","13":"purchasable","14":"product-type-simple","15":"entry","16":"content-bg","17":"loop-entry"},"acf":{"full_bokun_product_name":"Self-Guided Secrets of Zutphen Exploration Game","location_name":"Zutphen","bokun_calendar_widget_code":"<script type=\"text\/javascript\" src=\"https:\/\/widgets.bokun.io\/assets\/javascripts\/apps\/build\/BokunWidgetsLoader.js?bookingChannelUUID=a1e93e96-5232-4734-a595-28405f4b5a31\" async><\/script>\n     \n    <div class=\"bokunWidget\" data-src=\"https:\/\/widgets.bokun.io\/online-sales\/a1e93e96-5232-4734-a595-28405f4b5a31\/experience-calendar\/887827\"><\/div>\n    <noscript>Please enable javascript in your browser to book<\/noscript>","bokun_button_widget_code":"<script type=\"text\/javascript\" src=\"https:\/\/widgets.bokun.io\/assets\/javascripts\/apps\/build\/BokunWidgetsLoader.js?bookingChannelUUID=a1e93e96-5232-4734-a595-28405f4b5a31\" async><\/script>\n      <style> #bokun_ed001e45_5927_4f62_b470_ca766338d083 { display: inline-block; padding: .4em 1em; background: #47b82e; border-radius: 999999px; box-shadow: none; font-weight: 600; font-size: 24px; text-decoration: none; text-align: center; color: #FFFFFF; border:none; cursor: pointer; transition: background .2s ease; } #bokun_ed001e45_5927_4f62_b470_ca766338d083:hover{ background: #2f7b1f; } #bokun_ed001e45_5927_4f62_b470_ca766338d083:active{ background: #378f24; } <\/style> <button class=\"bokunButton\" disabled id=bokun_ed001e45_5927_4f62_b470_ca766338d083 data-src=\"https:\/\/widgets.bokun.io\/online-sales\/a1e93e96-5232-4734-a595-28405f4b5a31\/experience-calendar\/887827?partialView=1\" data-testid=\"widget-book-button\" > Book now <\/button> ","what_you\u2019ll_experience_during_the_game":"Secrets of Zutphen City Game k\u1ebft h\u1ee3p m\u1ed9t c\u00e1ch li\u1ec1n m\u1ea1ch vi\u1ec7c tham quan v\u00e0 m\u1ed9t c\u00e2u chuy\u1ec7n h\u1ea5p d\u1eabn v\u1edbi nhi\u1ec1u th\u1eed th\u00e1ch t\u01b0\u01a1ng t\u00e1c. Khi b\u1ea1n di chuy\u1ec3n qua c\u1ea3 nh\u1eefng con \u0111\u01b0\u1eddng quen thu\u1ed9c v\u00e0 nh\u1eefng g\u00f3c khu\u1ea5t c\u1ee7a Zutphen, tr\u00f2 ch\u01a1i s\u1ebd h\u00e9 l\u1ed9 v\u1ebb quy\u1ebfn r\u0169 v\u00e0 l\u1ecbch s\u1eed c\u1ee7a th\u00e0nh ph\u1ed1 m\u1ed9t c\u00e1ch h\u1ea5p d\u1eabn. T\u1eadn h\u01b0\u1edfng v\u1ebb l\u1ed9ng l\u1eaby c\u1ee7a th\u00e0nh ph\u1ed1, kh\u00e1m ph\u00e1 nh\u1eefng \u0111\u1ecba \u0111i\u1ec3m mang t\u00ednh bi\u1ec3u t\u01b0\u1ee3ng nh\u01b0 v\u1ecb tr\u00ed t\u1ecda \u0111\u1ed9 52.144247 \u0111\u01b0\u1ee3c b\u1ed5 sung b\u1edfi s\u1ee9c h\u1ea5p d\u1eabn c\u1ee7a nh\u1eefng \u0111\u1ecba \u0111i\u1ec3m \u00edt \u0111\u01b0\u1ee3c kh\u00e1m ph\u00e1 h\u01a1n nh\u01b0 nh\u1eefng n\u01a1i \u1edf t\u1ecda \u0111\u1ed9 52.139909 v\u00e0 52.142608, t\u1ea5t c\u1ea3 trong khi \u0111\u1eafm ch\u00ecm v\u00e0o tr\u1ea3i nghi\u1ec7m s\u1ed1ng \u0111\u1ed9ng pha tr\u1ed9n gi\u1eefa th\u1ef1c t\u1ebf v\u00e0 h\u01b0 c\u1ea5u.\n\n\u0110i s\u00e2u v\u00e0o tr\u00f2 ch\u01a1i kh\u00f4ng ch\u1ec9 h\u00e9 l\u1ed9 nh\u1eefng b\u00ed m\u1eadt c\u1ee7a Zutphen m\u00e0 c\u00f2n ki\u1ec3m tra tinh th\u1ea7n c\u1ee7a b\u1ea1n. Nh\u1eefng th\u1eed th\u00e1ch b\u1ea1n s\u1ebd g\u1eb7p ph\u1ea3i s\u1ebd t\u1eeb nh\u1eefng c\u00e2u \u0111\u1ed1 h\u00f3c b\u00faa \u0111\u1ebfn c\u00e1c nhi\u1ec7m v\u1ee5 \u1ea3nh \u0111\u00f2i h\u1ecfi s\u1ef1 th\u00e1o v\u00e1t, m\u1ed7i th\u1eed th\u00e1ch \u0111\u1ec1u \u0111\u01b0\u1ee3c thi\u1ebft k\u1ebf c\u1ea9n th\u1eadn \u0111\u1ec3 gi\u1eef cho b\u1ea1n lu\u00f4n c\u1ea3nh gi\u00e1c. Th\u00e0nh c\u00f4ng trong vi\u1ec7c v\u01b0\u1ee3t qua nh\u1eefng th\u1eed th\u00e1ch n\u00e0y s\u1ebd th\u01b0\u1edfng cho b\u1ea1n \u0111i\u1ec3m, m\u1edf kh\u00f3a g\u1ee3i \u00fd v\u00e0 \u0111\u1eb7t n\u1ec1n m\u00f3ng \u0111\u1ec3 gi\u1ea3i quy\u1ebft b\u00ed \u1ea9n cu\u1ed1i c\u00f9ng n\u1eb1m \u1edf trung t\u00e2m th\u00e0nh ph\u1ed1. H\u00e3y nh\u1edb r\u1eb1ng, tr\u00f2 ch\u01a1i kh\u00e1m ph\u00e1 n\u00e0y c\u00f3 th\u1ec3 t\u1ea1m d\u1eebng, cho ph\u00e9p b\u1ea1n th\u1ef1c s\u1ef1 h\u00f2a m\u00ecnh v\u00e0o kh\u00f4ng kh\u00ed c\u1ee7a Zutphen ho\u1eb7c theo \u0111u\u1ed5i v\u1ecb tr\u00ed cao tr\u00ean b\u1ea3ng x\u1ebfp h\u1ea1ng theo t\u1ed1c \u0111\u1ed9 c\u1ee7a ri\u00eang b\u1ea1n. V\u1ebb \u0111\u1eb9p c\u1ee7a City Game n\u00e0y l\u00e0 th\u00e0nh ph\u1ed1 tr\u1edf th\u00e0nh s\u00e2n ch\u01a1i v\u00e0 c\u00e2u \u0111\u1ed1 c\u1ee7a b\u1ea1n, \u0111\u01b0\u1ee3c d\u1ec7t n\u00ean trong m\u1ed9t c\u00e2u chuy\u1ec7n kh\u00e1m ph\u00e1.","how_to_play":"\u0110\u1eb7t Exploration Game, ki\u1ec3m tra email ch\u00fang t\u00f4i g\u1eedi cho b\u1ea1n v\u1edbi h\u01b0\u1edbng d\u1eabn \u0111\u01a1n gi\u1ea3n, t\u1ea3i \u1ee9ng d\u1ee5ng Loquiz, truy c\u1eadp Exploration Game v\u00e0 b\u1ea1n \u0111\u00e3 s\u1eb5n s\u00e0ng b\u1eaft \u0111\u1ea7u tr\u1ea3i nghi\u1ec7m tr\u00f2 ch\u01a1i c\u1ee7a m\u00ecnh!","start_location":"Zutphen, Kerkhof","available_languages":["en"],"players_per_group":"1-4","duration":"1.5-2 hours","image_overlay_color_image":"https:\/\/testwebsite.citygame.com\/wp-content\/blogs.dir\/1\/files\/sites\/62\/2026\/01\/SecretsColor.svg","image_overlay_game_logo":"https:\/\/testwebsite.citygame.com\/wp-content\/blogs.dir\/1\/files\/sites\/62\/2026\/01\/SecretsLogo.png","city_page":15911,"woocommerce_general_content":null},"yoast_head":"<!-- This site is optimized with the Yoast SEO Premium plugin v26.2 (Yoast SEO v26.3) - https:\/\/yoast.com\/wordpress\/plugins\/seo\/ -->\n<title>Secrets of Zutphen - City Game<\/title>\n<meta name=\"description\" content=\"Secrets of Zutphen. Ch\u01a1i City Game t\u1ef1 h\u01b0\u1edbng d\u1eabn v\u00e0 kh\u00e1m ph\u00e1 th\u00e0nh ph\u1ed1 qua c\u00e1c c\u00e2u \u0111\u1ed1, b\u00ed \u1ea9n v\u00e0 th\u1eed th\u00e1ch. Ch\u01a1i theo t\u1ed1c \u0111\u1ed9 c\u1ee7a ri\u00eang b\u1ea1n v\u00e0 kh\u00e1m ph\u00e1 nh\u01b0 m\u1ed9t ng\u01b0\u1eddi \u0111\u1ecba ph\u01b0\u01a1ng!\" \/>\n<meta name=\"robots\" content=\"noindex, follow, max-snippet:-1, max-image-preview:large, max-video-preview:-1\" \/>\n<meta property=\"og:locale\" content=\"vi_VN\" \/>\n<meta property=\"og:type\" content=\"article\" \/>\n<meta property=\"og:title\" content=\"Secrets of Zutphen\" \/>\n<meta property=\"og:description\" content=\"Secrets of Zutphen. Ch\u01a1i City Game t\u1ef1 h\u01b0\u1edbng d\u1eabn v\u00e0 kh\u00e1m ph\u00e1 th\u00e0nh ph\u1ed1 qua c\u00e1c c\u00e2u \u0111\u1ed1, b\u00ed \u1ea9n v\u00e0 th\u1eed th\u00e1ch. Ch\u01a1i theo t\u1ed1c \u0111\u1ed9 c\u1ee7a ri\u00eang b\u1ea1n v\u00e0 kh\u00e1m ph\u00e1 nh\u01b0 m\u1ed9t ng\u01b0\u1eddi \u0111\u1ecba ph\u01b0\u01a1ng!\" \/>\n<meta property=\"og:url\" content=\"https:\/\/testwebsite.citygame.com\/vi\/games\/zutphen\/secrets-of-zutphen\/\" \/>\n<meta property=\"og:site_name\" content=\"City Game\" \/>\n<meta property=\"article:publisher\" content=\"https:\/\/www.facebook.com\/profile.php?id=100086426226253\" \/>\n<meta property=\"article:modified_time\" content=\"2026-04-09T00:31:32+00:00\" \/>\n<meta property=\"og:image\" content=\"https:\/\/testwebsite.citygame.com\/wp-content\/blogs.dir\/1\/files\/sites\/62\/2026\/03\/man-playing-city-game-on-smartphone-in-zutphen.jpg\" \/>\n\t<meta property=\"og:image:width\" content=\"1024\" \/>\n\t<meta property=\"og:image:height\" content=\"1024\" \/>\n\t<meta property=\"og:image:type\" content=\"image\/jpeg\" \/>\n<meta name=\"twitter:card\" content=\"summary_large_image\" \/>\n<meta name=\"twitter:label1\" content=\"\u01af\u1edbc t\u00ednh th\u1eddi gian \u0111\u1ecdc\" \/>\n\t<meta name=\"twitter:data1\" content=\"1 ph\u00fat\" \/>\n<script type=\"application\/ld+json\" class=\"yoast-schema-graph\">{\"@context\":\"https:\/\/schema.org\",\"@graph\":[{\"@type\":\"WebPage\",\"@id\":\"https:\/\/testwebsite.citygame.com\/vi\/games\/zutphen\/secrets-of-zutphen\/\",\"url\":\"https:\/\/testwebsite.citygame.com\/vi\/games\/zutphen\/secrets-of-zutphen\/\",\"name\":\"Secrets of Zutphen - City Game\",\"isPartOf\":{\"@id\":\"https:\/\/testwebsite.upevents.nl\/#website\"},\"primaryImageOfPage\":{\"@id\":\"https:\/\/testwebsite.citygame.com\/vi\/games\/zutphen\/secrets-of-zutphen\/#primaryimage\"},\"image\":{\"@id\":\"https:\/\/testwebsite.citygame.com\/vi\/games\/zutphen\/secrets-of-zutphen\/#primaryimage\"},\"thumbnailUrl\":\"https:\/\/testwebsite.citygame.com\/wp-content\/blogs.dir\/1\/files\/sites\/62\/2026\/03\/man-playing-city-game-on-smartphone-in-zutphen.jpg\",\"datePublished\":\"2026-03-16T11:54:38+00:00\",\"dateModified\":\"2026-04-09T00:31:32+00:00\",\"description\":\"Secrets of Zutphen. Ch\u01a1i City Game t\u1ef1 h\u01b0\u1edbng d\u1eabn v\u00e0 kh\u00e1m ph\u00e1 th\u00e0nh ph\u1ed1 qua c\u00e1c c\u00e2u \u0111\u1ed1, b\u00ed \u1ea9n v\u00e0 th\u1eed th\u00e1ch. Ch\u01a1i theo t\u1ed1c \u0111\u1ed9 c\u1ee7a ri\u00eang b\u1ea1n v\u00e0 kh\u00e1m ph\u00e1 nh\u01b0 m\u1ed9t ng\u01b0\u1eddi \u0111\u1ecba ph\u01b0\u01a1ng!\",\"breadcrumb\":{\"@id\":\"https:\/\/testwebsite.citygame.com\/vi\/games\/zutphen\/secrets-of-zutphen\/#breadcrumb\"},\"inLanguage\":\"vi\",\"potentialAction\":[{\"@type\":\"ReadAction\",\"target\":[\"https:\/\/testwebsite.citygame.com\/vi\/games\/zutphen\/secrets-of-zutphen\/\"]}]},{\"@type\":\"ImageObject\",\"inLanguage\":\"vi\",\"@id\":\"https:\/\/testwebsite.citygame.com\/vi\/games\/zutphen\/secrets-of-zutphen\/#primaryimage\",\"url\":\"https:\/\/testwebsite.citygame.com\/wp-content\/blogs.dir\/1\/files\/sites\/62\/2026\/03\/man-playing-city-game-on-smartphone-in-zutphen.jpg\",\"contentUrl\":\"https:\/\/testwebsite.citygame.com\/wp-content\/blogs.dir\/1\/files\/sites\/62\/2026\/03\/man-playing-city-game-on-smartphone-in-zutphen.jpg\",\"width\":1024,\"height\":1024,\"caption\":\"A player interacts with a city game app while standing on a historic street in Zutphen.\"},{\"@type\":\"BreadcrumbList\",\"@id\":\"https:\/\/testwebsite.citygame.com\/vi\/games\/zutphen\/secrets-of-zutphen\/#breadcrumb\",\"itemListElement\":[{\"@type\":\"ListItem\",\"position\":1,\"name\":\"Home\",\"item\":\"https:\/\/testwebsite.citygame.com\/vi\/\"},{\"@type\":\"ListItem\",\"position\":2,\"name\":\"Shop\",\"item\":\"https:\/\/testwebsite.citygame.com\/shop\/\"},{\"@type\":\"ListItem\",\"position\":3,\"name\":\"Secrets of Zutphen\"}]},{\"@type\":\"WebSite\",\"@id\":\"https:\/\/testwebsite.upevents.nl\/#website\",\"url\":\"https:\/\/testwebsite.upevents.nl\/\",\"name\":\"City Game\",\"description\":\"\",\"publisher\":{\"@id\":\"https:\/\/testwebsite.upevents.nl\/#organization\"},\"alternateName\":\"citygame.com\",\"potentialAction\":[{\"@type\":\"SearchAction\",\"target\":{\"@type\":\"EntryPoint\",\"urlTemplate\":\"https:\/\/testwebsite.upevents.nl\/?s={search_term_string}\"},\"query-input\":{\"@type\":\"PropertyValueSpecification\",\"valueRequired\":true,\"valueName\":\"search_term_string\"}}],\"inLanguage\":\"vi\"},{\"@type\":[\"Organization\",\"Place\"],\"@id\":\"https:\/\/testwebsite.upevents.nl\/#organization\",\"name\":\"City Game\",\"alternateName\":\"citygame.com\",\"url\":\"https:\/\/testwebsite.upevents.nl\/\",\"logo\":{\"@id\":\"https:\/\/testwebsite.citygame.com\/vi\/games\/zutphen\/secrets-of-zutphen\/#local-main-organization-logo\"},\"image\":{\"@id\":\"https:\/\/testwebsite.citygame.com\/vi\/games\/zutphen\/secrets-of-zutphen\/#local-main-organization-logo\"},\"sameAs\":[\"https:\/\/www.facebook.com\/profile.php?id=100086426226253\",\"https:\/\/www.instagram.com\/citygame_com\",\"https:\/\/www.tiktok.com\/@citygamecom\/\",\"https:\/\/www.linkedin.com\/company\/citygame-com\"],\"description\":\"Turn any city into a playground with our interactive City Games and self-guided tours. Fun, flexible, and ideal for groups and team building.\",\"telephone\":[],\"openingHoursSpecification\":[{\"@type\":\"OpeningHoursSpecification\",\"dayOfWeek\":[\"Monday\",\"Tuesday\",\"Wednesday\",\"Thursday\",\"Friday\",\"Saturday\",\"Sunday\"],\"opens\":\"09:00\",\"closes\":\"17:00\"}]},{\"@type\":\"ImageObject\",\"inLanguage\":\"vi\",\"@id\":\"https:\/\/testwebsite.citygame.com\/vi\/games\/zutphen\/secrets-of-zutphen\/#local-main-organization-logo\",\"url\":\"https:\/\/testwebsite.citygame.com\/wp-content\/blogs.dir\/1\/files\/sites\/62\/2025\/10\/CG_LOGO-City-Game.png\",\"contentUrl\":\"https:\/\/testwebsite.citygame.com\/wp-content\/blogs.dir\/1\/files\/sites\/62\/2025\/10\/CG_LOGO-City-Game.png\",\"width\":351,\"height\":377,\"caption\":\"City Game\"}]}<\/script>\n<!-- \/ Yoast SEO Premium plugin. -->","yoast_head_json":{"title":"Secrets of Zutphen - City Game","description":"Secrets of Zutphen. Ch\u01a1i City Game t\u1ef1 h\u01b0\u1edbng d\u1eabn v\u00e0 kh\u00e1m ph\u00e1 th\u00e0nh ph\u1ed1 qua c\u00e1c c\u00e2u \u0111\u1ed1, b\u00ed \u1ea9n v\u00e0 th\u1eed th\u00e1ch. Ch\u01a1i theo t\u1ed1c \u0111\u1ed9 c\u1ee7a ri\u00eang b\u1ea1n v\u00e0 kh\u00e1m ph\u00e1 nh\u01b0 m\u1ed9t ng\u01b0\u1eddi \u0111\u1ecba ph\u01b0\u01a1ng!","robots":{"index":"noindex","follow":"follow","max-snippet":"max-snippet:-1","max-image-preview":"max-image-preview:large","max-video-preview":"max-video-preview:-1"},"og_locale":"vi_VN","og_type":"article","og_title":"Secrets of Zutphen","og_description":"Secrets of Zutphen. Ch\u01a1i City Game t\u1ef1 h\u01b0\u1edbng d\u1eabn v\u00e0 kh\u00e1m ph\u00e1 th\u00e0nh ph\u1ed1 qua c\u00e1c c\u00e2u \u0111\u1ed1, b\u00ed \u1ea9n v\u00e0 th\u1eed th\u00e1ch. Ch\u01a1i theo t\u1ed1c \u0111\u1ed9 c\u1ee7a ri\u00eang b\u1ea1n v\u00e0 kh\u00e1m ph\u00e1 nh\u01b0 m\u1ed9t ng\u01b0\u1eddi \u0111\u1ecba ph\u01b0\u01a1ng!","og_url":"https:\/\/testwebsite.citygame.com\/vi\/games\/zutphen\/secrets-of-zutphen\/","og_site_name":"City Game","article_publisher":"https:\/\/www.facebook.com\/profile.php?id=100086426226253","article_modified_time":"2026-04-09T00:31:32+00:00","og_image":[{"width":1024,"height":1024,"url":"https:\/\/testwebsite.citygame.com\/wp-content\/blogs.dir\/1\/files\/sites\/62\/2026\/03\/man-playing-city-game-on-smartphone-in-zutphen.jpg","type":"image\/jpeg"}],"twitter_card":"summary_large_image","twitter_misc":{"\u01af\u1edbc t\u00ednh th\u1eddi gian \u0111\u1ecdc":"1 ph\u00fat"},"schema":{"@context":"https:\/\/schema.org","@graph":[{"@type":"WebPage","@id":"https:\/\/testwebsite.citygame.com\/vi\/games\/zutphen\/secrets-of-zutphen\/","url":"https:\/\/testwebsite.citygame.com\/vi\/games\/zutphen\/secrets-of-zutphen\/","name":"Secrets of Zutphen - City Game","isPartOf":{"@id":"https:\/\/testwebsite.upevents.nl\/#website"},"primaryImageOfPage":{"@id":"https:\/\/testwebsite.citygame.com\/vi\/games\/zutphen\/secrets-of-zutphen\/#primaryimage"},"image":{"@id":"https:\/\/testwebsite.citygame.com\/vi\/games\/zutphen\/secrets-of-zutphen\/#primaryimage"},"thumbnailUrl":"https:\/\/testwebsite.citygame.com\/wp-content\/blogs.dir\/1\/files\/sites\/62\/2026\/03\/man-playing-city-game-on-smartphone-in-zutphen.jpg","datePublished":"2026-03-16T11:54:38+00:00","dateModified":"2026-04-09T00:31:32+00:00","description":"Secrets of Zutphen. Ch\u01a1i City Game t\u1ef1 h\u01b0\u1edbng d\u1eabn v\u00e0 kh\u00e1m ph\u00e1 th\u00e0nh ph\u1ed1 qua c\u00e1c c\u00e2u \u0111\u1ed1, b\u00ed \u1ea9n v\u00e0 th\u1eed th\u00e1ch. Ch\u01a1i theo t\u1ed1c \u0111\u1ed9 c\u1ee7a ri\u00eang b\u1ea1n v\u00e0 kh\u00e1m ph\u00e1 nh\u01b0 m\u1ed9t ng\u01b0\u1eddi \u0111\u1ecba ph\u01b0\u01a1ng!","breadcrumb":{"@id":"https:\/\/testwebsite.citygame.com\/vi\/games\/zutphen\/secrets-of-zutphen\/#breadcrumb"},"inLanguage":"vi","potentialAction":[{"@type":"ReadAction","target":["https:\/\/testwebsite.citygame.com\/vi\/games\/zutphen\/secrets-of-zutphen\/"]}]},{"@type":"ImageObject","inLanguage":"vi","@id":"https:\/\/testwebsite.citygame.com\/vi\/games\/zutphen\/secrets-of-zutphen\/#primaryimage","url":"https:\/\/testwebsite.citygame.com\/wp-content\/blogs.dir\/1\/files\/sites\/62\/2026\/03\/man-playing-city-game-on-smartphone-in-zutphen.jpg","contentUrl":"https:\/\/testwebsite.citygame.com\/wp-content\/blogs.dir\/1\/files\/sites\/62\/2026\/03\/man-playing-city-game-on-smartphone-in-zutphen.jpg","width":1024,"height":1024,"caption":"A player interacts with a city game app while standing on a historic street in Zutphen."},{"@type":"BreadcrumbList","@id":"https:\/\/testwebsite.citygame.com\/vi\/games\/zutphen\/secrets-of-zutphen\/#breadcrumb","itemListElement":[{"@type":"ListItem","position":1,"name":"Home","item":"https:\/\/testwebsite.citygame.com\/vi\/"},{"@type":"ListItem","position":2,"name":"Shop","item":"https:\/\/testwebsite.citygame.com\/shop\/"},{"@type":"ListItem","position":3,"name":"Secrets of Zutphen"}]},{"@type":"WebSite","@id":"https:\/\/testwebsite.upevents.nl\/#website","url":"https:\/\/testwebsite.upevents.nl\/","name":"City Game","description":"","publisher":{"@id":"https:\/\/testwebsite.upevents.nl\/#organization"},"alternateName":"citygame.com","potentialAction":[{"@type":"SearchAction","target":{"@type":"EntryPoint","urlTemplate":"https:\/\/testwebsite.upevents.nl\/?s={search_term_string}"},"query-input":{"@type":"PropertyValueSpecification","valueRequired":true,"valueName":"search_term_string"}}],"inLanguage":"vi"},{"@type":["Organization","Place"],"@id":"https:\/\/testwebsite.upevents.nl\/#organization","name":"City Game","alternateName":"citygame.com","url":"https:\/\/testwebsite.upevents.nl\/","logo":{"@id":"https:\/\/testwebsite.citygame.com\/vi\/games\/zutphen\/secrets-of-zutphen\/#local-main-organization-logo"},"image":{"@id":"https:\/\/testwebsite.citygame.com\/vi\/games\/zutphen\/secrets-of-zutphen\/#local-main-organization-logo"},"sameAs":["https:\/\/www.facebook.com\/profile.php?id=100086426226253","https:\/\/www.instagram.com\/citygame_com","https:\/\/www.tiktok.com\/@citygamecom\/","https:\/\/www.linkedin.com\/company\/citygame-com"],"description":"Turn any city into a playground with our interactive City Games and self-guided tours. Fun, flexible, and ideal for groups and team building.","telephone":[],"openingHoursSpecification":[{"@type":"OpeningHoursSpecification","dayOfWeek":["Monday","Tuesday","Wednesday","Thursday","Friday","Saturday","Sunday"],"opens":"09:00","closes":"17:00"}]},{"@type":"ImageObject","inLanguage":"vi","@id":"https:\/\/testwebsite.citygame.com\/vi\/games\/zutphen\/secrets-of-zutphen\/#local-main-organization-logo","url":"https:\/\/testwebsite.citygame.com\/wp-content\/blogs.dir\/1\/files\/sites\/62\/2025\/10\/CG_LOGO-City-Game.png","contentUrl":"https:\/\/testwebsite.citygame.com\/wp-content\/blogs.dir\/1\/files\/sites\/62\/2025\/10\/CG_LOGO-City-Game.png","width":351,"height":377,"caption":"City Game"}]}},"taxonomy_info":{"game-concept":[{"value":733,"label":"Secrets"}],"location":[{"value":438,"label":"Zutphen"}],"product_cat":[{"value":27,"label":"Geen categorie"}]},"featured_image_src_large":["https:\/\/testwebsite.citygame.com\/wp-content\/blogs.dir\/1\/files\/sites\/62\/2026\/03\/man-playing-city-game-on-smartphone-in-zutphen.jpg",1024,1024,false],"author_info":[],"comment_info":"","_links":{"self":[{"href":"https:\/\/testwebsite.citygame.com\/vi\/wp-json\/wp\/v2\/product\/66929","targetHints":{"allow":["GET"]}}],"collection":[{"href":"https:\/\/testwebsite.citygame.com\/vi\/wp-json\/wp\/v2\/product"}],"about":[{"href":"https:\/\/testwebsite.citygame.com\/vi\/wp-json\/wp\/v2\/types\/product"}],"acf:post":[{"embeddable":true,"href":"https:\/\/testwebsite.citygame.com\/vi\/wp-json\/wp\/v2\/pages\/15911"}],"wp:featuredmedia":[{"embeddable":true,"href":"https:\/\/testwebsite.citygame.com\/vi\/wp-json\/wp\/v2\/media\/19082"}],"wp:attachment":[{"href":"https:\/\/testwebsite.citygame.com\/vi\/wp-json\/wp\/v2\/media?parent=66929"}],"wp:term":[{"taxonomy":"game-concept","embeddable":true,"href":"https:\/\/testwebsite.citygame.com\/vi\/wp-json\/wp\/v2\/game-concept?post=66929"},{"taxonomy":"location","embeddable":true,"href":"https:\/\/testwebsite.citygame.com\/vi\/wp-json\/wp\/v2\/location?post=66929"},{"taxonomy":"product_brand","embeddable":true,"href":"https:\/\/testwebsite.citygame.com\/vi\/wp-json\/wp\/v2\/product_brand?post=66929"},{"taxonomy":"product_cat","embeddable":true,"href":"https:\/\/testwebsite.citygame.com\/vi\/wp-json\/wp\/v2\/product_cat?post=66929"},{"taxonomy":"product_tag","embeddable":true,"href":"https:\/\/testwebsite.citygame.com\/vi\/wp-json\/wp\/v2\/product_tag?post=66929"}],"curies":[{"name":"wp","href":"https:\/\/api.w.org\/{rel}","templated":true}]}}