{"id":66743,"date":"2026-03-13T20:05:44","date_gmt":"2026-03-13T20:05:44","guid":{"rendered":"https:\/\/testwebsite.citygame.com\/games\/unknown-location\/secrets-of-schoonhoven\/"},"modified":"2026-04-08T22:51:59","modified_gmt":"2026-04-08T22:51:59","slug":"secrets-of-schoonhoven","status":"publish","type":"product","link":"https:\/\/testwebsite.citygame.com\/vi\/games\/schoonhoven\/secrets-of-schoonhoven\/","title":{"rendered":"Secrets of Schoonhoven"},"content":{"rendered":"<p>\u0110\u1eafm ch\u00ecm v\u00e0o th\u1ebf gi\u1edbi h\u1ea5p d\u1eabn c\u1ee7a Tr\u00f2 ch\u01a1i th\u00e0nh ph\u1ed1 &#8220;Secrets of Schoonhoven&#8221;, m\u1ed9t tr\u00f2 ch\u01a1i kh\u00e1m ph\u00e1 t\u1ef1 h\u01b0\u1edbng d\u1eabn, d\u1ef1a tr\u00ean GPS, l\u1ea5y b\u1ed1i c\u1ea3nh t\u1ea1i trung t\u00e2m th\u00e0nh ph\u1ed1 Schoonhoven. L\u00e0 nh\u1eefng ng\u01b0\u1eddi tham gia v\u00e0o cu\u1ed9c phi\u00eau l\u01b0u \u0111\u00f4 th\u1ecb \u0111\u1ed9c \u0111\u00e1o n\u00e0y, ng\u01b0\u1eddi ch\u01a1i s\u1eed d\u1ee5ng \u0111i\u1ec7n tho\u1ea1i th\u00f4ng minh c\u1ee7a m\u00ecnh \u0111\u1ec3 \u0111i\u1ec1u h\u01b0\u1edbng kh\u1eafp th\u00e0nh ph\u1ed1, gi\u1ea3i c\u00e1c c\u00e2u \u0111\u1ed1 b\u00ed \u1ea9n, h\u00e9 m\u1edf c\u00e1c c\u00e2u \u0111\u1ed1 v\u00e0 th\u1ef1c hi\u1ec7n c\u00e1c th\u1eed th\u00e1ch ch\u1ee5p \u1ea3nh. \u0110\u00e2y l\u00e0 m\u1ed9t c\u00e1ch t\u01b0\u01a1ng t\u00e1c v\u00e0 s\u00e2u s\u1eafc \u0111\u1ec3 kh\u00e1m ph\u00e1 nh\u1eefng c\u00e2u chuy\u1ec7n \u00edt \u0111\u01b0\u1ee3c bi\u1ebft \u0111\u1ebfn c\u1ee7a Schoonhoven, \u0111i s\u00e2u v\u00e0o v\u0103n h\u00f3a v\u00e0 l\u1ecbch s\u1eed phong ph\u00fa c\u1ee7a n\u00f3, v\u00e0 ph\u00e1t hi\u1ec7n nh\u1eefng chi ti\u1ebft \u1ea9n gi\u1ea5u. \u0110\u01b0\u1ee3c thi\u1ebft k\u1ebf \u0111\u1ec3 thu h\u00fat c\u1ea3 ng\u01b0\u1eddi d\u00e2n \u0111\u1ecba ph\u01b0\u01a1ng v\u00e0 du kh\u00e1ch, tr\u00f2 ch\u01a1i th\u00e0nh ph\u1ed1 n\u00e0y l\u00e0 m\u1ed9t l\u1ef1a ch\u1ecdn ph\u00f9 h\u1ee3p cho ng\u01b0\u1eddi ch\u01a1i c\u00e1 nh\u00e2n, c\u00e1c c\u1eb7p \u0111\u00f4i, gia \u0111\u00ecnh v\u00e0 nh\u00f3m b\u1ea1n \u0111ang t\u00ecm ki\u1ebfm m\u1ed9t h\u00e0nh tr\u00ecnh vui v\u1ebb v\u00e0 khai s\u00e1ng \u1edf Schoonhoven.<\/p>\n","protected":false},"excerpt":{"rendered":"<p>Kh\u00e1m ph\u00e1 V\u1ebb \u0111\u1eb9p B\u1ea1c l\u1ed9ng l\u1eaby c\u1ee7a Schoonhoven! \u0110\u1eafm m\u00ecnh v\u00e0o th\u00e0nh ph\u1ed1 n\u01a1i truy\u1ec1n th\u1ed1ng ch\u1ebf t\u00e1c b\u1ea1c th\u00ec th\u1ea7m qua nh\u1eefng con ph\u1ed1 \u0111\u00e1 cu\u1ed9i c\u1ed5 k\u00ednh v\u00e0 k\u00eanh \u0111\u00e0o th\u01a1 m\u1ed9ng. Gi\u1ea3i m\u00e3 b\u00ed m\u1eadt khi b\u1ea1n lang thang tr\u00ean nh\u1eefng con \u0111\u01b0\u1eddng quy\u1ebfn r\u0169 c\u1ee7a n\u00f3, Schoonhoven h\u1ee9a h\u1eb9n s\u1ef1 duy\u00ean d\u00e1ng c\u1ed5 k\u00ednh v\u00e0 nh\u1eefng kh\u00e1m ph\u00e1 l\u1ea5p l\u00e1nh \u1edf m\u1ecdi ng\u00f3c ng\u00e1ch!<\/p>\n","protected":false},"featured_media":18905,"template":"","meta":{"_acf_changed":false,"_yoast_wpseo_focuskw":"Secrets of Schoonhoven","_yoast_wpseo_metadesc":"Secrets of Schoonhoven. Ch\u01a1i Tr\u00f2 ch\u01a1i Th\u00e0nh ph\u1ed1 t\u1ef1 h\u01b0\u1edbng d\u1eabn v\u00e0 kh\u00e1m ph\u00e1 th\u00e0nh ph\u1ed1 qua c\u00e1c c\u00e2u \u0111\u1ed1, b\u00ed \u1ea9n v\u00e0 th\u1eed th\u00e1ch. Ch\u01a1i theo t\u1ed1c \u0111\u1ed9 c\u1ee7a ri\u00eang b\u1ea1n v\u00e0 kh\u00e1m ph\u00e1 nh\u01b0 m\u1ed9t ng\u01b0\u1eddi \u0111\u1ecba ph\u01b0\u01a1ng!","_kad_blocks_custom_css":"","_kad_blocks_head_custom_js":"","_kad_blocks_body_custom_js":"","_kad_blocks_footer_custom_js":"","ghostkit_customizer_options":"","ghostkit_custom_css":"","ghostkit_custom_js_head":"","ghostkit_custom_js_foot":"","ghostkit_typography":"","_kad_post_transparent":"","_kad_post_title":"","_kad_post_layout":"","_kad_post_sidebar_id":"","_kad_post_content_style":"","_kad_post_vertical_padding":"","_kad_post_feature":"","_kad_post_feature_position":"","_kad_post_header":false,"_kad_post_footer":false,"_kad_post_classname":"","_links_to":"","_links_to_target":""},"game-concept":[733],"location":[363],"product_brand":[],"product_cat":[27],"product_tag":[],"class_list":{"0":"post-66743","1":"product","2":"type-product","3":"status-publish","4":"has-post-thumbnail","6":"game-concept-secrets","7":"location-schoonhoven","8":"product_cat-geen-categorie","10":"first","11":"instock","12":"shipping-taxable","13":"purchasable","14":"product-type-simple","15":"entry","16":"content-bg","17":"loop-entry"},"acf":{"full_bokun_product_name":"Self-Guided Secrets of Schoonhoven Exploration Game","location_name":"Schoonhoven","bokun_calendar_widget_code":"<script type=\"text\/javascript\" src=\"https:\/\/widgets.bokun.io\/assets\/javascripts\/apps\/build\/BokunWidgetsLoader.js?bookingChannelUUID=a1e93e96-5232-4734-a595-28405f4b5a31\" async><\/script>\n     \n    <div class=\"bokunWidget\" data-src=\"https:\/\/widgets.bokun.io\/online-sales\/a1e93e96-5232-4734-a595-28405f4b5a31\/experience-calendar\/895764\"><\/div>\n    <noscript>Please enable javascript in your browser to book<\/noscript>","bokun_button_widget_code":"<script type=\"text\/javascript\" src=\"https:\/\/widgets.bokun.io\/assets\/javascripts\/apps\/build\/BokunWidgetsLoader.js?bookingChannelUUID=a1e93e96-5232-4734-a595-28405f4b5a31\" async><\/script>\n      <style> #bokun_ed001e45_5927_4f62_b470_ca766338d083 { display: inline-block; padding: .4em 1em; background: #47b82e; border-radius: 999999px; box-shadow: none; font-weight: 600; font-size: 24px; text-decoration: none; text-align: center; color: #FFFFFF; border:none; cursor: pointer; transition: background .2s ease; } #bokun_ed001e45_5927_4f62_b470_ca766338d083:hover{ background: #2f7b1f; } #bokun_ed001e45_5927_4f62_b470_ca766338d083:active{ background: #378f24; } <\/style> <button class=\"bokunButton\" disabled id=bokun_ed001e45_5927_4f62_b470_ca766338d083 data-src=\"https:\/\/widgets.bokun.io\/online-sales\/a1e93e96-5232-4734-a595-28405f4b5a31\/experience-calendar\/895764?partialView=1\" data-testid=\"widget-book-button\" > Book now <\/button> ","what_you\u2019ll_experience_during_the_game":"Tr\u1ea3i nghi\u1ec7m th\u1ecb tr\u1ea5n Schoonhoven \u0111\u1eb9p nh\u01b0 tranh v\u1ebd ch\u01b0a t\u1eebng c\u00f3 v\u1edbi Secrets of Schoonhoven City Game. Cu\u1ed9c phi\u00eau l\u01b0u \u0111\u1ea7y cu\u1ed1n h\u00fat n\u00e0y k\u1ebft h\u1ee3p s\u1ef1 ph\u1ea5n kh\u00edch c\u1ee7a vi\u1ec7c tham quan v\u1edbi c\u1ea3m gi\u00e1c h\u1ed3i h\u1ed9p c\u1ee7a m\u1ed9t c\u1ed1t truy\u1ec7n h\u1ea5p d\u1eabn v\u00e0 nh\u1eefng th\u1eed th\u00e1ch t\u01b0\u01a1ng t\u00e1c, \u0111\u01b0a b\u1ea1n v\u01b0\u1ee3t ra ngo\u00e0i nh\u1eefng \u0111i\u1ec3m tham quan n\u1ed5i ti\u1ebfng v\u00e0 gi\u1edbi thi\u1ec7u cho b\u1ea1n nh\u1eefng vi\u00ean ng\u1ecdc \u1ea9n \u00edt \u0111\u01b0\u1ee3c bi\u1ebft \u0111\u1ebfn c\u1ee7a th\u1ecb tr\u1ea5n. Khi b\u1ea1n \u0111i qua nh\u1eefng con ph\u1ed1 l\u00e1t \u0111\u00e1 cu\u1ed9i c\u1ee7a Schoonhoven, b\u1ea1n s\u1ebd t\u00ecnh c\u1edd b\u1eaft g\u1eb7p c\u1ea3 nh\u1eefng \u0111\u1ecba \u0111i\u1ec3m mang t\u00ednh bi\u1ec3u t\u01b0\u1ee3ng v\u00e0 nh\u1eefng \u0111\u1ecba \u0111i\u1ec3m b\u00ed m\u1eadt, h\u00e0nh tr\u00ecnh qua nh\u1eefng con h\u1ebbm th\u01a1 m\u1ed9ng v\u00e0 nh\u1eefng qu\u1ea3ng tr\u01b0\u1eddng quy\u1ebfn r\u0169, tr\u1ea3i nghi\u1ec7m cu\u1ed9c s\u1ed1ng th\u1ecb tr\u1ea5n s\u00f4i \u0111\u1ed9ng v\u00e0 l\u1ecbch s\u1eed phong ph\u00fa c\u1ee7a vi\u00ean ng\u1ecdc H\u00e0 Lan n\u00e0y.\n\nCh\u01a1i Tr\u00f2 ch\u01a1i th\u00e0nh ph\u1ed1 Schoonhoven kh\u00f4ng ch\u1ec9 l\u00e0 tham quan. Khi kh\u00e1m ph\u00e1, b\u1ea1n s\u1ebd \u0111\u1ed1i m\u1eb7t v\u1edbi m\u1ed9t lo\u1ea1t c\u00e1c c\u00e2u \u0111\u1ed1, b\u00ed \u1ea9n v\u00e0 th\u1eed th\u00e1ch ch\u1ee5p \u1ea3nh s\u00e1ng t\u1ea1o, m\u1ed7i th\u1eed th\u00e1ch \u0111\u01b0\u1ee3c thi\u1ebft k\u1ebf \u0111\u1ec3 ki\u1ec3m tra tr\u00ed th\u00f4ng minh, k\u1ef9 n\u0103ng quan s\u00e1t v\u00e0 s\u1ef1 s\u00e1ng t\u1ea1o c\u1ee7a b\u1ea1n. Gi\u1ea3i quy\u1ebft nh\u1eefng th\u1eed th\u00e1ch n\u00e0y \u0111\u1ec3 ki\u1ebfm \u0111i\u1ec3m, m\u1edf kh\u00f3a g\u1ee3i \u00fd v\u00e0 ti\u1ebfn g\u1ea7n h\u01a1n \u0111\u1ebfn vi\u1ec7c gi\u1ea3i m\u00e3 b\u00ed m\u1eadt cu\u1ed1i c\u00f9ng. Cu\u1ed9c phi\u00eau l\u01b0u c\u1ee7a b\u1ea1n c\u00f3 th\u1ec3 t\u1ea1m d\u1eebng b\u1ea5t c\u1ee9 l\u00fac n\u00e0o, mang l\u1ea1i cho b\u1ea1n s\u1ef1 linh ho\u1ea1t \u0111\u1ec3 kh\u00e1m ph\u00e1 theo t\u1ed1c \u0111\u1ed9 ph\u00f9 h\u1ee3p v\u1edbi m\u00ecnh. N\u1ebfu b\u1ea1n th\u00edch m\u1ed9t ch\u00fat c\u1ea1nh tranh, m\u1ee5c ti\u00eau c\u1ee7a b\u1ea1n c\u00f3 th\u1ec3 l\u00e0 gi\u00e0nh th\u1ee9 h\u1ea1ng cao tr\u00ean b\u1ea3ng x\u1ebfp h\u1ea1ng. Cho d\u00f9 b\u1ea1n l\u00e0 m\u1ed9t nh\u00e0 th\u00e1m hi\u1ec3m c\u00e1 nh\u00e2n hay m\u1ed9t ph\u1ea7n c\u1ee7a m\u1ed9t \u0111\u1ed9i, Secrets of Schoonhoven City Game l\u00e0 c\u01a1 h\u1ed9i \u0111\u1ec3 b\u1ea1n \u0111\u1eafm m\u00ecnh v\u00e0o m\u1ed9t tr\u00f2 ch\u01a1i kh\u00e1m ph\u00e1 kh\u00f3 qu\u00ean \u0111\u1ea7y nh\u1eefng kh\u00e1m ph\u00e1, th\u1eed th\u00e1ch v\u00e0 ni\u1ec1m vui!","how_to_play":"\u0110\u1eb7t Tr\u00f2 ch\u01a1i kh\u00e1m ph\u00e1, ki\u1ec3m tra email ch\u00fang t\u00f4i g\u1eedi cho b\u1ea1n v\u1edbi h\u01b0\u1edbng d\u1eabn \u0111\u01a1n gi\u1ea3n, t\u1ea3i \u1ee9ng d\u1ee5ng Loquiz, truy c\u1eadp Tr\u00f2 ch\u01a1i kh\u00e1m ph\u00e1 v\u00e0 b\u1ea1n \u0111\u00e3 s\u1eb5n s\u00e0ng b\u1eaft \u0111\u1ea7u tr\u1ea3i nghi\u1ec7m ch\u01a1i game c\u1ee7a m\u00ecnh!","start_location":"Schoonhoven, Grote of Bartholome\u00fcskerk","available_languages":["en"],"players_per_group":"1-4","duration":"1.5-2 hours","image_overlay_color_image":"https:\/\/testwebsite.citygame.com\/wp-content\/blogs.dir\/1\/files\/sites\/62\/2026\/01\/SecretsColor.svg","image_overlay_game_logo":"https:\/\/testwebsite.citygame.com\/wp-content\/blogs.dir\/1\/files\/sites\/62\/2026\/01\/SecretsLogo.png","city_page":15869,"woocommerce_general_content":null},"yoast_head":"<!-- This site is optimized with the Yoast SEO Premium plugin v26.2 (Yoast SEO v26.3) - https:\/\/yoast.com\/wordpress\/plugins\/seo\/ -->\n<title>Secrets of Schoonhoven - City Game<\/title>\n<meta name=\"description\" content=\"Secrets of Schoonhoven. Ch\u01a1i Tr\u00f2 ch\u01a1i Th\u00e0nh ph\u1ed1 t\u1ef1 h\u01b0\u1edbng d\u1eabn v\u00e0 kh\u00e1m ph\u00e1 th\u00e0nh ph\u1ed1 qua c\u00e1c c\u00e2u \u0111\u1ed1, b\u00ed \u1ea9n v\u00e0 th\u1eed th\u00e1ch. Ch\u01a1i theo t\u1ed1c \u0111\u1ed9 c\u1ee7a ri\u00eang b\u1ea1n v\u00e0 kh\u00e1m ph\u00e1 nh\u01b0 m\u1ed9t ng\u01b0\u1eddi \u0111\u1ecba ph\u01b0\u01a1ng!\" \/>\n<meta name=\"robots\" content=\"noindex, follow, max-snippet:-1, max-image-preview:large, max-video-preview:-1\" \/>\n<meta property=\"og:locale\" content=\"vi_VN\" \/>\n<meta property=\"og:type\" content=\"article\" \/>\n<meta property=\"og:title\" content=\"Secrets of Schoonhoven\" \/>\n<meta property=\"og:description\" content=\"Secrets of Schoonhoven. Ch\u01a1i Tr\u00f2 ch\u01a1i Th\u00e0nh ph\u1ed1 t\u1ef1 h\u01b0\u1edbng d\u1eabn v\u00e0 kh\u00e1m ph\u00e1 th\u00e0nh ph\u1ed1 qua c\u00e1c c\u00e2u \u0111\u1ed1, b\u00ed \u1ea9n v\u00e0 th\u1eed th\u00e1ch. Ch\u01a1i theo t\u1ed1c \u0111\u1ed9 c\u1ee7a ri\u00eang b\u1ea1n v\u00e0 kh\u00e1m ph\u00e1 nh\u01b0 m\u1ed9t ng\u01b0\u1eddi \u0111\u1ecba ph\u01b0\u01a1ng!\" \/>\n<meta property=\"og:url\" content=\"https:\/\/testwebsite.citygame.com\/vi\/games\/schoonhoven\/secrets-of-schoonhoven\/\" \/>\n<meta property=\"og:site_name\" content=\"City Game\" \/>\n<meta property=\"article:publisher\" content=\"https:\/\/www.facebook.com\/profile.php?id=100086426226253\" \/>\n<meta property=\"article:modified_time\" content=\"2026-04-08T22:51:59+00:00\" \/>\n<meta property=\"og:image\" content=\"https:\/\/testwebsite.citygame.com\/wp-content\/blogs.dir\/1\/files\/sites\/62\/2026\/03\/schoonhoven-city-game-player-canal-koebrug.jpg\" \/>\n\t<meta property=\"og:image:width\" content=\"1024\" \/>\n\t<meta property=\"og:image:height\" content=\"1024\" \/>\n\t<meta property=\"og:image:type\" content=\"image\/jpeg\" \/>\n<meta name=\"twitter:card\" content=\"summary_large_image\" \/>\n<meta name=\"twitter:label1\" content=\"\u01af\u1edbc t\u00ednh th\u1eddi gian \u0111\u1ecdc\" \/>\n\t<meta name=\"twitter:data1\" content=\"1 ph\u00fat\" \/>\n<script type=\"application\/ld+json\" class=\"yoast-schema-graph\">{\"@context\":\"https:\/\/schema.org\",\"@graph\":[{\"@type\":\"WebPage\",\"@id\":\"https:\/\/testwebsite.citygame.com\/vi\/games\/schoonhoven\/secrets-of-schoonhoven\/\",\"url\":\"https:\/\/testwebsite.citygame.com\/vi\/games\/schoonhoven\/secrets-of-schoonhoven\/\",\"name\":\"Secrets of Schoonhoven - City Game\",\"isPartOf\":{\"@id\":\"https:\/\/testwebsite.upevents.nl\/#website\"},\"primaryImageOfPage\":{\"@id\":\"https:\/\/testwebsite.citygame.com\/vi\/games\/schoonhoven\/secrets-of-schoonhoven\/#primaryimage\"},\"image\":{\"@id\":\"https:\/\/testwebsite.citygame.com\/vi\/games\/schoonhoven\/secrets-of-schoonhoven\/#primaryimage\"},\"thumbnailUrl\":\"https:\/\/testwebsite.citygame.com\/wp-content\/blogs.dir\/1\/files\/sites\/62\/2026\/03\/schoonhoven-city-game-player-canal-koebrug.jpg\",\"datePublished\":\"2026-03-13T20:05:44+00:00\",\"dateModified\":\"2026-04-08T22:51:59+00:00\",\"description\":\"Secrets of Schoonhoven. Ch\u01a1i Tr\u00f2 ch\u01a1i Th\u00e0nh ph\u1ed1 t\u1ef1 h\u01b0\u1edbng d\u1eabn v\u00e0 kh\u00e1m ph\u00e1 th\u00e0nh ph\u1ed1 qua c\u00e1c c\u00e2u \u0111\u1ed1, b\u00ed \u1ea9n v\u00e0 th\u1eed th\u00e1ch. Ch\u01a1i theo t\u1ed1c \u0111\u1ed9 c\u1ee7a ri\u00eang b\u1ea1n v\u00e0 kh\u00e1m ph\u00e1 nh\u01b0 m\u1ed9t ng\u01b0\u1eddi \u0111\u1ecba ph\u01b0\u01a1ng!\",\"breadcrumb\":{\"@id\":\"https:\/\/testwebsite.citygame.com\/vi\/games\/schoonhoven\/secrets-of-schoonhoven\/#breadcrumb\"},\"inLanguage\":\"vi\",\"potentialAction\":[{\"@type\":\"ReadAction\",\"target\":[\"https:\/\/testwebsite.citygame.com\/vi\/games\/schoonhoven\/secrets-of-schoonhoven\/\"]}]},{\"@type\":\"ImageObject\",\"inLanguage\":\"vi\",\"@id\":\"https:\/\/testwebsite.citygame.com\/vi\/games\/schoonhoven\/secrets-of-schoonhoven\/#primaryimage\",\"url\":\"https:\/\/testwebsite.citygame.com\/wp-content\/blogs.dir\/1\/files\/sites\/62\/2026\/03\/schoonhoven-city-game-player-canal-koebrug.jpg\",\"contentUrl\":\"https:\/\/testwebsite.citygame.com\/wp-content\/blogs.dir\/1\/files\/sites\/62\/2026\/03\/schoonhoven-city-game-player-canal-koebrug.jpg\",\"width\":1024,\"height\":1024,\"caption\":\"A player using a tablet for a city game by a canal in the historic city of Schoonhoven.\"},{\"@type\":\"BreadcrumbList\",\"@id\":\"https:\/\/testwebsite.citygame.com\/vi\/games\/schoonhoven\/secrets-of-schoonhoven\/#breadcrumb\",\"itemListElement\":[{\"@type\":\"ListItem\",\"position\":1,\"name\":\"Home\",\"item\":\"https:\/\/testwebsite.citygame.com\/vi\/\"},{\"@type\":\"ListItem\",\"position\":2,\"name\":\"Shop\",\"item\":\"https:\/\/testwebsite.citygame.com\/shop\/\"},{\"@type\":\"ListItem\",\"position\":3,\"name\":\"Secrets of Schoonhoven\"}]},{\"@type\":\"WebSite\",\"@id\":\"https:\/\/testwebsite.upevents.nl\/#website\",\"url\":\"https:\/\/testwebsite.upevents.nl\/\",\"name\":\"City Game\",\"description\":\"\",\"publisher\":{\"@id\":\"https:\/\/testwebsite.upevents.nl\/#organization\"},\"alternateName\":\"citygame.com\",\"potentialAction\":[{\"@type\":\"SearchAction\",\"target\":{\"@type\":\"EntryPoint\",\"urlTemplate\":\"https:\/\/testwebsite.upevents.nl\/?s={search_term_string}\"},\"query-input\":{\"@type\":\"PropertyValueSpecification\",\"valueRequired\":true,\"valueName\":\"search_term_string\"}}],\"inLanguage\":\"vi\"},{\"@type\":[\"Organization\",\"Place\"],\"@id\":\"https:\/\/testwebsite.upevents.nl\/#organization\",\"name\":\"City Game\",\"alternateName\":\"citygame.com\",\"url\":\"https:\/\/testwebsite.upevents.nl\/\",\"logo\":{\"@id\":\"https:\/\/testwebsite.citygame.com\/vi\/games\/schoonhoven\/secrets-of-schoonhoven\/#local-main-organization-logo\"},\"image\":{\"@id\":\"https:\/\/testwebsite.citygame.com\/vi\/games\/schoonhoven\/secrets-of-schoonhoven\/#local-main-organization-logo\"},\"sameAs\":[\"https:\/\/www.facebook.com\/profile.php?id=100086426226253\",\"https:\/\/www.instagram.com\/citygame_com\",\"https:\/\/www.tiktok.com\/@citygamecom\/\",\"https:\/\/www.linkedin.com\/company\/citygame-com\"],\"description\":\"Turn any city into a playground with our interactive City Games and self-guided tours. Fun, flexible, and ideal for groups and team building.\",\"telephone\":[],\"openingHoursSpecification\":[{\"@type\":\"OpeningHoursSpecification\",\"dayOfWeek\":[\"Monday\",\"Tuesday\",\"Wednesday\",\"Thursday\",\"Friday\",\"Saturday\",\"Sunday\"],\"opens\":\"09:00\",\"closes\":\"17:00\"}]},{\"@type\":\"ImageObject\",\"inLanguage\":\"vi\",\"@id\":\"https:\/\/testwebsite.citygame.com\/vi\/games\/schoonhoven\/secrets-of-schoonhoven\/#local-main-organization-logo\",\"url\":\"https:\/\/testwebsite.citygame.com\/wp-content\/blogs.dir\/1\/files\/sites\/62\/2025\/10\/CG_LOGO-City-Game.png\",\"contentUrl\":\"https:\/\/testwebsite.citygame.com\/wp-content\/blogs.dir\/1\/files\/sites\/62\/2025\/10\/CG_LOGO-City-Game.png\",\"width\":351,\"height\":377,\"caption\":\"City Game\"}]}<\/script>\n<!-- \/ Yoast SEO Premium plugin. -->","yoast_head_json":{"title":"Secrets of Schoonhoven - City Game","description":"Secrets of Schoonhoven. Ch\u01a1i Tr\u00f2 ch\u01a1i Th\u00e0nh ph\u1ed1 t\u1ef1 h\u01b0\u1edbng d\u1eabn v\u00e0 kh\u00e1m ph\u00e1 th\u00e0nh ph\u1ed1 qua c\u00e1c c\u00e2u \u0111\u1ed1, b\u00ed \u1ea9n v\u00e0 th\u1eed th\u00e1ch. Ch\u01a1i theo t\u1ed1c \u0111\u1ed9 c\u1ee7a ri\u00eang b\u1ea1n v\u00e0 kh\u00e1m ph\u00e1 nh\u01b0 m\u1ed9t ng\u01b0\u1eddi \u0111\u1ecba ph\u01b0\u01a1ng!","robots":{"index":"noindex","follow":"follow","max-snippet":"max-snippet:-1","max-image-preview":"max-image-preview:large","max-video-preview":"max-video-preview:-1"},"og_locale":"vi_VN","og_type":"article","og_title":"Secrets of Schoonhoven","og_description":"Secrets of Schoonhoven. Ch\u01a1i Tr\u00f2 ch\u01a1i Th\u00e0nh ph\u1ed1 t\u1ef1 h\u01b0\u1edbng d\u1eabn v\u00e0 kh\u00e1m ph\u00e1 th\u00e0nh ph\u1ed1 qua c\u00e1c c\u00e2u \u0111\u1ed1, b\u00ed \u1ea9n v\u00e0 th\u1eed th\u00e1ch. Ch\u01a1i theo t\u1ed1c \u0111\u1ed9 c\u1ee7a ri\u00eang b\u1ea1n v\u00e0 kh\u00e1m ph\u00e1 nh\u01b0 m\u1ed9t ng\u01b0\u1eddi \u0111\u1ecba ph\u01b0\u01a1ng!","og_url":"https:\/\/testwebsite.citygame.com\/vi\/games\/schoonhoven\/secrets-of-schoonhoven\/","og_site_name":"City Game","article_publisher":"https:\/\/www.facebook.com\/profile.php?id=100086426226253","article_modified_time":"2026-04-08T22:51:59+00:00","og_image":[{"width":1024,"height":1024,"url":"https:\/\/testwebsite.citygame.com\/wp-content\/blogs.dir\/1\/files\/sites\/62\/2026\/03\/schoonhoven-city-game-player-canal-koebrug.jpg","type":"image\/jpeg"}],"twitter_card":"summary_large_image","twitter_misc":{"\u01af\u1edbc t\u00ednh th\u1eddi gian \u0111\u1ecdc":"1 ph\u00fat"},"schema":{"@context":"https:\/\/schema.org","@graph":[{"@type":"WebPage","@id":"https:\/\/testwebsite.citygame.com\/vi\/games\/schoonhoven\/secrets-of-schoonhoven\/","url":"https:\/\/testwebsite.citygame.com\/vi\/games\/schoonhoven\/secrets-of-schoonhoven\/","name":"Secrets of Schoonhoven - City Game","isPartOf":{"@id":"https:\/\/testwebsite.upevents.nl\/#website"},"primaryImageOfPage":{"@id":"https:\/\/testwebsite.citygame.com\/vi\/games\/schoonhoven\/secrets-of-schoonhoven\/#primaryimage"},"image":{"@id":"https:\/\/testwebsite.citygame.com\/vi\/games\/schoonhoven\/secrets-of-schoonhoven\/#primaryimage"},"thumbnailUrl":"https:\/\/testwebsite.citygame.com\/wp-content\/blogs.dir\/1\/files\/sites\/62\/2026\/03\/schoonhoven-city-game-player-canal-koebrug.jpg","datePublished":"2026-03-13T20:05:44+00:00","dateModified":"2026-04-08T22:51:59+00:00","description":"Secrets of Schoonhoven. Ch\u01a1i Tr\u00f2 ch\u01a1i Th\u00e0nh ph\u1ed1 t\u1ef1 h\u01b0\u1edbng d\u1eabn v\u00e0 kh\u00e1m ph\u00e1 th\u00e0nh ph\u1ed1 qua c\u00e1c c\u00e2u \u0111\u1ed1, b\u00ed \u1ea9n v\u00e0 th\u1eed th\u00e1ch. Ch\u01a1i theo t\u1ed1c \u0111\u1ed9 c\u1ee7a ri\u00eang b\u1ea1n v\u00e0 kh\u00e1m ph\u00e1 nh\u01b0 m\u1ed9t ng\u01b0\u1eddi \u0111\u1ecba ph\u01b0\u01a1ng!","breadcrumb":{"@id":"https:\/\/testwebsite.citygame.com\/vi\/games\/schoonhoven\/secrets-of-schoonhoven\/#breadcrumb"},"inLanguage":"vi","potentialAction":[{"@type":"ReadAction","target":["https:\/\/testwebsite.citygame.com\/vi\/games\/schoonhoven\/secrets-of-schoonhoven\/"]}]},{"@type":"ImageObject","inLanguage":"vi","@id":"https:\/\/testwebsite.citygame.com\/vi\/games\/schoonhoven\/secrets-of-schoonhoven\/#primaryimage","url":"https:\/\/testwebsite.citygame.com\/wp-content\/blogs.dir\/1\/files\/sites\/62\/2026\/03\/schoonhoven-city-game-player-canal-koebrug.jpg","contentUrl":"https:\/\/testwebsite.citygame.com\/wp-content\/blogs.dir\/1\/files\/sites\/62\/2026\/03\/schoonhoven-city-game-player-canal-koebrug.jpg","width":1024,"height":1024,"caption":"A player using a tablet for a city game by a canal in the historic city of Schoonhoven."},{"@type":"BreadcrumbList","@id":"https:\/\/testwebsite.citygame.com\/vi\/games\/schoonhoven\/secrets-of-schoonhoven\/#breadcrumb","itemListElement":[{"@type":"ListItem","position":1,"name":"Home","item":"https:\/\/testwebsite.citygame.com\/vi\/"},{"@type":"ListItem","position":2,"name":"Shop","item":"https:\/\/testwebsite.citygame.com\/shop\/"},{"@type":"ListItem","position":3,"name":"Secrets of Schoonhoven"}]},{"@type":"WebSite","@id":"https:\/\/testwebsite.upevents.nl\/#website","url":"https:\/\/testwebsite.upevents.nl\/","name":"City Game","description":"","publisher":{"@id":"https:\/\/testwebsite.upevents.nl\/#organization"},"alternateName":"citygame.com","potentialAction":[{"@type":"SearchAction","target":{"@type":"EntryPoint","urlTemplate":"https:\/\/testwebsite.upevents.nl\/?s={search_term_string}"},"query-input":{"@type":"PropertyValueSpecification","valueRequired":true,"valueName":"search_term_string"}}],"inLanguage":"vi"},{"@type":["Organization","Place"],"@id":"https:\/\/testwebsite.upevents.nl\/#organization","name":"City Game","alternateName":"citygame.com","url":"https:\/\/testwebsite.upevents.nl\/","logo":{"@id":"https:\/\/testwebsite.citygame.com\/vi\/games\/schoonhoven\/secrets-of-schoonhoven\/#local-main-organization-logo"},"image":{"@id":"https:\/\/testwebsite.citygame.com\/vi\/games\/schoonhoven\/secrets-of-schoonhoven\/#local-main-organization-logo"},"sameAs":["https:\/\/www.facebook.com\/profile.php?id=100086426226253","https:\/\/www.instagram.com\/citygame_com","https:\/\/www.tiktok.com\/@citygamecom\/","https:\/\/www.linkedin.com\/company\/citygame-com"],"description":"Turn any city into a playground with our interactive City Games and self-guided tours. Fun, flexible, and ideal for groups and team building.","telephone":[],"openingHoursSpecification":[{"@type":"OpeningHoursSpecification","dayOfWeek":["Monday","Tuesday","Wednesday","Thursday","Friday","Saturday","Sunday"],"opens":"09:00","closes":"17:00"}]},{"@type":"ImageObject","inLanguage":"vi","@id":"https:\/\/testwebsite.citygame.com\/vi\/games\/schoonhoven\/secrets-of-schoonhoven\/#local-main-organization-logo","url":"https:\/\/testwebsite.citygame.com\/wp-content\/blogs.dir\/1\/files\/sites\/62\/2025\/10\/CG_LOGO-City-Game.png","contentUrl":"https:\/\/testwebsite.citygame.com\/wp-content\/blogs.dir\/1\/files\/sites\/62\/2025\/10\/CG_LOGO-City-Game.png","width":351,"height":377,"caption":"City Game"}]}},"taxonomy_info":{"game-concept":[{"value":733,"label":"Secrets"}],"location":[{"value":363,"label":"Schoonhoven"}],"product_cat":[{"value":27,"label":"Geen categorie"}]},"featured_image_src_large":["https:\/\/testwebsite.citygame.com\/wp-content\/blogs.dir\/1\/files\/sites\/62\/2026\/03\/schoonhoven-city-game-player-canal-koebrug.jpg",1024,1024,false],"author_info":[],"comment_info":"","_links":{"self":[{"href":"https:\/\/testwebsite.citygame.com\/vi\/wp-json\/wp\/v2\/product\/66743","targetHints":{"allow":["GET"]}}],"collection":[{"href":"https:\/\/testwebsite.citygame.com\/vi\/wp-json\/wp\/v2\/product"}],"about":[{"href":"https:\/\/testwebsite.citygame.com\/vi\/wp-json\/wp\/v2\/types\/product"}],"acf:post":[{"embeddable":true,"href":"https:\/\/testwebsite.citygame.com\/vi\/wp-json\/wp\/v2\/pages\/15869"}],"wp:featuredmedia":[{"embeddable":true,"href":"https:\/\/testwebsite.citygame.com\/vi\/wp-json\/wp\/v2\/media\/18905"}],"wp:attachment":[{"href":"https:\/\/testwebsite.citygame.com\/vi\/wp-json\/wp\/v2\/media?parent=66743"}],"wp:term":[{"taxonomy":"game-concept","embeddable":true,"href":"https:\/\/testwebsite.citygame.com\/vi\/wp-json\/wp\/v2\/game-concept?post=66743"},{"taxonomy":"location","embeddable":true,"href":"https:\/\/testwebsite.citygame.com\/vi\/wp-json\/wp\/v2\/location?post=66743"},{"taxonomy":"product_brand","embeddable":true,"href":"https:\/\/testwebsite.citygame.com\/vi\/wp-json\/wp\/v2\/product_brand?post=66743"},{"taxonomy":"product_cat","embeddable":true,"href":"https:\/\/testwebsite.citygame.com\/vi\/wp-json\/wp\/v2\/product_cat?post=66743"},{"taxonomy":"product_tag","embeddable":true,"href":"https:\/\/testwebsite.citygame.com\/vi\/wp-json\/wp\/v2\/product_tag?post=66743"}],"curies":[{"name":"wp","href":"https:\/\/api.w.org\/{rel}","templated":true}]}}