{"id":66650,"date":"2026-03-13T19:09:58","date_gmt":"2026-03-13T19:09:58","guid":{"rendered":"https:\/\/testwebsite.citygame.com\/games\/unknown-location\/secrets-of-montfoort\/"},"modified":"2026-04-08T22:02:17","modified_gmt":"2026-04-08T22:02:17","slug":"secrets-of-montfoort","status":"publish","type":"product","link":"https:\/\/testwebsite.citygame.com\/vi\/games\/montfoort\/secrets-of-montfoort\/","title":{"rendered":"Secrets of Montfoort"},"content":{"rendered":"<p>T\u1eadn h\u01b0\u1edfng m\u1ed9t Tr\u00f2 ch\u01a1i Th\u00e0nh ph\u1ed1 (City Game) t\u1ef1 h\u01b0\u1edbng d\u1eabn, d\u1ef1a tr\u00ean GPS \u0111\u1ea7y h\u1ea5p d\u1eabn t\u1ea1i trung t\u00e2m th\u00e0nh ph\u1ed1 Montfoort. Tr\u00f2 ch\u01a1i kh\u00e1m ph\u00e1 n\u00e0y y\u00eau c\u1ea7u b\u1ea1n s\u1eed d\u1ee5ng \u0111i\u1ec7n tho\u1ea1i th\u00f4ng minh \u0111\u1ec3 gi\u1ea3i c\u00e1c c\u00e2u \u0111\u1ed1 \u0111\u01b0\u1ee3c thi\u1ebft k\u1ebf tinh x\u1ea3o, nh\u1eefng c\u00e2u h\u1ecfi h\u00f3c b\u00faa v\u00e0 tham gia c\u00e1c th\u1eed th\u00e1ch \u1ea3nh t\u01b0\u01a1ng t\u00e1c quanh th\u00e0nh ph\u1ed1. Qua tr\u1ea3i nghi\u1ec7m \u0111\u1eafm ch\u00ecm n\u00e0y, ng\u01b0\u1eddi ch\u01a1i s\u1ebd kh\u00e1m ph\u00e1 v\u0103n h\u00f3a, l\u1ecbch s\u1eed v\u00e0 nh\u1eefng chi ti\u1ebft quy\u1ebfn r\u0169 th\u01b0\u1eddng b\u1ecb b\u1ecf qua c\u1ee7a Montfoort. Ho\u1ea1t \u0111\u1ed9ng n\u00e0y kh\u00f4ng ch\u1ec9 d\u00e0nh cho du kh\u00e1ch mu\u1ed1n hi\u1ec3u th\u00e0nh ph\u1ed1 t\u1eeb m\u1ed9t g\u00f3c nh\u00ecn kh\u00e1c, m\u00e0 c\u00f2n cho ng\u01b0\u1eddi d\u00e2n \u0111\u1ecba ph\u01b0\u01a1ng h\u00e1o h\u1ee9c kh\u00e1m ph\u00e1 l\u1ea1i th\u00e0nh ph\u1ed1 c\u1ee7a m\u00ecnh. City Game Montfoort ho\u1ea1t \u0111\u1ed9ng c\u1ef1c k\u1ef3 hi\u1ec7u qu\u1ea3 cho nh\u1eefng ng\u01b0\u1eddi kh\u00e1m ph\u00e1 \u0111\u01a1n l\u1ebb, c\u00e1c c\u1eb7p \u0111\u00f4i, gia \u0111\u00ecnh v\u00e0 th\u1eadm ch\u00ed c\u1ea3 c\u00e1c nh\u00f3m b\u1ea1n b\u00e8, mang \u0111\u1ebfn cho m\u1ecdi ng\u01b0\u1eddi m\u1ed9t c\u00e1ch \u0111\u1ed9c \u0111\u00e1o v\u00e0 th\u00fa v\u1ecb \u0111\u1ec3 tr\u1ea3i nghi\u1ec7m th\u00e0nh ph\u1ed1.<\/p>\n","protected":false},"excerpt":{"rendered":"<p>Kh\u00e1m ph\u00e1 v\u1ebb tr\u00e1ng l\u1ec7 th\u1eddi Trung c\u1ed5 c\u1ee7a Montfoort! B\u1eaft tay v\u00e0o cu\u1ed9c phi\u00eau l\u01b0u qua m\u1ed9t th\u1ecb tr\u1ea5n n\u01a1i l\u1ecbch s\u1eed th\u00ec th\u1ea7m t\u1eeb nh\u1eefng l\u00e2u \u0111\u00e0i c\u1ed5 k\u00ednh v\u00e0 v\u0103n h\u00f3a ch\u1ea3y tr\u00e0n t\u1eeb nh\u1eefng con ph\u1ed1 h\u00e0ng tr\u0103m n\u0103m tu\u1ed5i. Gi\u1ea3i m\u00e3 c\u00e1c c\u00e2u \u0111\u1ed1 khi b\u1ea1n b\u0103ng qua tr\u00e1i tim quy\u1ebfn r\u0169 c\u1ee7a n\u00f3, Montfoort tr\u00e0n ng\u1eadp nh\u1eefng \u0111i\u1ec1u k\u1ef3 di\u1ec7u \u1edf m\u1ed7i b\u01b0\u1edbc ch\u00e2n!<\/p>\n","protected":false},"featured_media":18872,"template":"","meta":{"_acf_changed":false,"_yoast_wpseo_focuskw":"Secrets of Montfoort","_yoast_wpseo_metadesc":"Secrets of Montfoort. Ch\u01a1i City Game t\u1ef1 h\u01b0\u1edbng d\u1eabn v\u00e0 kh\u00e1m ph\u00e1 th\u00e0nh ph\u1ed1 qua c\u00e1c c\u00e2u \u0111\u1ed1, c\u00e2u h\u1ecfi h\u00f3c b\u00faa v\u00e0 th\u1eed th\u00e1ch. Ch\u01a1i theo t\u1ed1c \u0111\u1ed9 c\u1ee7a ri\u00eang b\u1ea1n v\u00e0 kh\u00e1m ph\u00e1 nh\u01b0 m\u1ed9t ng\u01b0\u1eddi \u0111\u1ecba ph\u01b0\u01a1ng!","_kad_blocks_custom_css":"","_kad_blocks_head_custom_js":"","_kad_blocks_body_custom_js":"","_kad_blocks_footer_custom_js":"","ghostkit_customizer_options":"","ghostkit_custom_css":"","ghostkit_custom_js_head":"","ghostkit_custom_js_foot":"","ghostkit_typography":"","_kad_post_transparent":"","_kad_post_title":"","_kad_post_layout":"","_kad_post_sidebar_id":"","_kad_post_content_style":"","_kad_post_vertical_padding":"","_kad_post_feature":"","_kad_post_feature_position":"","_kad_post_header":false,"_kad_post_footer":false,"_kad_post_classname":"","_links_to":"","_links_to_target":""},"game-concept":[733],"location":[282],"product_brand":[],"product_cat":[27],"product_tag":[],"class_list":{"0":"post-66650","1":"product","2":"type-product","3":"status-publish","4":"has-post-thumbnail","6":"game-concept-secrets","7":"location-montfoort","8":"product_cat-geen-categorie","10":"first","11":"instock","12":"shipping-taxable","13":"purchasable","14":"product-type-simple","15":"entry","16":"content-bg","17":"loop-entry"},"acf":{"full_bokun_product_name":"Self-Guided Secrets of Montfoort Exploration Game","location_name":"Montfoort","bokun_calendar_widget_code":"<script type=\"text\/javascript\" src=\"https:\/\/widgets.bokun.io\/assets\/javascripts\/apps\/build\/BokunWidgetsLoader.js?bookingChannelUUID=a1e93e96-5232-4734-a595-28405f4b5a31\" async><\/script>\n     \n    <div class=\"bokunWidget\" data-src=\"https:\/\/widgets.bokun.io\/online-sales\/a1e93e96-5232-4734-a595-28405f4b5a31\/experience-calendar\/895754\"><\/div>\n    <noscript>Please enable javascript in your browser to book<\/noscript>","bokun_button_widget_code":"<script type=\"text\/javascript\" src=\"https:\/\/widgets.bokun.io\/assets\/javascripts\/apps\/build\/BokunWidgetsLoader.js?bookingChannelUUID=a1e93e96-5232-4734-a595-28405f4b5a31\" async><\/script>\n      <style> #bokun_ed001e45_5927_4f62_b470_ca766338d083 { display: inline-block; padding: .4em 1em; background: #47b82e; border-radius: 999999px; box-shadow: none; font-weight: 600; font-size: 24px; text-decoration: none; text-align: center; color: #FFFFFF; border:none; cursor: pointer; transition: background .2s ease; } #bokun_ed001e45_5927_4f62_b470_ca766338d083:hover{ background: #2f7b1f; } #bokun_ed001e45_5927_4f62_b470_ca766338d083:active{ background: #378f24; } <\/style> <button class=\"bokunButton\" disabled id=bokun_ed001e45_5927_4f62_b470_ca766338d083 data-src=\"https:\/\/widgets.bokun.io\/online-sales\/a1e93e96-5232-4734-a595-28405f4b5a31\/experience-calendar\/895754?partialView=1\" data-testid=\"widget-book-button\" > Book now <\/button> ","what_you\u2019ll_experience_during_the_game":"\u0110\u1eafm ch\u00ecm v\u00e0o v\u1ebb \u0111\u1eb9p ngo\u1ea1n m\u1ee5c c\u1ee7a Montfoort v\u1edbi City Game t\u01b0\u01a1ng t\u00e1c c\u1ee7a ch\u00fang t\u00f4i, m\u1ed9t s\u1ef1 k\u1ebft h\u1ee3p \u0111\u1ed9c \u0111\u00e1o gi\u1eefa tham quan v\u00e0 k\u1ec3 chuy\u1ec7n. Khi b\u1ea1n di chuy\u1ec3n trong th\u00e0nh ph\u1ed1, c\u1ea3 nh\u1eefng \u0111\u1ecba \u0111i\u1ec3m n\u1ed5i ti\u1ebfng v\u00e0 nh\u1eefng vi\u00ean ng\u1ecdc \u1ea9n gi\u1ea5u \u0111\u1ec1u s\u1ebd t\u1ef1 h\u00e9 l\u1ed9, m\u1ed7i n\u01a1i mang \u0111\u1ebfn m\u1ed9t m\u1ea3nh gh\u00e9p c\u1ee7a c\u00e2u chuy\u1ec7n ph\u1ee9c t\u1ea1p. D\u00f9 l\u00e0 n\u00e9t quy\u1ebfn r\u0169 l\u1ecbch s\u1eed c\u1ee7a L\u00e2u \u0111\u00e0i Montfoort, kh\u00f4ng kh\u00ed y\u00ean b\u00ecnh quanh S\u00f4ng Linschoten, hay nh\u1eefng con h\u1ebbm c\u1ed5 k\u00ednh c\u1ee7a trung t\u00e2m ph\u1ed1 c\u1ed5, m\u1ed7i n\u01a1i \u0111\u1ec1u ch\u1ee9a \u0111\u1ef1ng m\u1ed9t b\u00ed m\u1eadt \u0111ang ch\u1edd \u0111\u01b0\u1ee3c kh\u00e1m ph\u00e1. Tr\u00f2 ch\u01a1i kh\u00e1m ph\u00e1 n\u00e0y mang \u0111\u1ebfn cho b\u1ea1n m\u1ed9t g\u00f3c nh\u00ecn m\u1edbi m\u1ebb, \u0111\u1ed9c \u0111\u00e1o v\u1ec1 Montfoort, bi\u1ebfn m\u1ed9t cu\u1ed9c \u0111i b\u1ed9 \u0111\u01a1n gi\u1ea3n quanh th\u00e0nh ph\u1ed1 th\u00e0nh m\u1ed9t chuy\u1ebfn th\u00e1m hi\u1ec3m v\u00e0o l\u1ecbch s\u1eed phong ph\u00fa v\u00e0 \u0111\u1eddi s\u1ed1ng \u0111\u1ecba ph\u01b0\u01a1ng. \n\nH\u00f3a th\u00e2n th\u00e0nh m\u1ed9t th\u00e1m t\u1eed \u1edf Montfoort, gi\u1ea3i quy\u1ebft c\u00e1c c\u00e2u \u0111\u1ed1 kh\u00f3 hi\u1ec3u, nh\u1eefng c\u00e2u h\u1ecfi h\u1ea5p d\u1eabn v\u00e0 c\u00e1c th\u1eed th\u00e1ch \u1ea3nh vui nh\u1ed9n. M\u1ed7i c\u00e2u \u0111\u1ed1 \u0111\u01b0\u1ee3c gi\u1ea3i kh\u00f4ng ch\u1ec9 gi\u00fap b\u1ea1n ghi \u0111i\u1ec3m m\u00e0 c\u00f2n l\u00e0 m\u1ed9t b\u01b0\u1edbc \u0111\u1ec7m \u0111\u1ec3 l\u00e0m s\u00e1ng t\u1ecf m\u1ed9t b\u00ed \u1ea9n th\u00fa v\u1ecb, \u0111\u01b0\u1ee3c d\u1ec7t kh\u00e9o l\u00e9o v\u00e0o c\u1ea5u tr\u00fac c\u1ee7a th\u00e0nh ph\u1ed1. \u0110\u1eebng lo l\u1eafng v\u1ec1 gi\u1edbi h\u1ea1n th\u1eddi gian, v\u00ec b\u1ea1n c\u00f3 th\u1ec3 t\u1ea1m d\u1eebng v\u00e0 kh\u1edfi \u0111\u1ed9ng l\u1ea1i tr\u00f2 ch\u01a1i b\u1ea5t c\u1ee9 khi n\u00e0o b\u1ea1n mu\u1ed1n. N\u1ebfu b\u1ea1n l\u00e0 ng\u01b0\u1eddi th\u00edch c\u1ea1nh tranh, b\u1ea1n c\u00f3 th\u1ec3 nh\u1eafm \u0111\u1ebfn v\u1ecb tr\u00ed d\u1eabn \u0111\u1ea7u tr\u00ean b\u1ea3ng x\u1ebfp h\u1ea1ng c\u1ee7a ch\u00fang t\u00f4i, bi\u1ebfn tr\u00f2 ch\u01a1i th\u00e0nh m\u1ed9t tr\u1ea3i nghi\u1ec7m ly k\u1ef3 h\u01a1n n\u1eefa. H\u00e3y \u0111\u1ebfn, b\u1eaft \u0111\u1ea7u City Game kh\u00e1m ph\u00e1 n\u00e0y v\u00e0 tr\u1ea3i nghi\u1ec7m Montfoort d\u01b0\u1edbi m\u1ed9t \u00e1nh s\u00e1ng ho\u00e0n to\u00e0n m\u1edbi.","how_to_play":"\u0110\u1eb7t Tr\u00f2 ch\u01a1i Kh\u00e1m ph\u00e1, ki\u1ec3m tra email ch\u00fang t\u00f4i g\u1eedi cho b\u1ea1n v\u1edbi c\u00e1c h\u01b0\u1edbng d\u1eabn \u0111\u01a1n gi\u1ea3n, t\u1ea3i \u1ee9ng d\u1ee5ng Loquiz, truy c\u1eadp Tr\u00f2 ch\u01a1i Kh\u00e1m ph\u00e1 v\u00e0 b\u1ea1n \u0111\u00e3 s\u1eb5n s\u00e0ng b\u1eaft \u0111\u1ea7u tr\u1ea3i nghi\u1ec7m tr\u00f2 ch\u01a1i c\u1ee7a m\u00ecnh!","start_location":"Montfoort, Lange Kerkstraat","available_languages":["en"],"players_per_group":"1-4","duration":"1.5-2 hours","image_overlay_color_image":"https:\/\/testwebsite.citygame.com\/wp-content\/blogs.dir\/1\/files\/sites\/62\/2026\/01\/SecretsColor.svg","image_overlay_game_logo":"https:\/\/testwebsite.citygame.com\/wp-content\/blogs.dir\/1\/files\/sites\/62\/2026\/01\/SecretsLogo.png","city_page":15851,"woocommerce_general_content":null},"yoast_head":"<!-- This site is optimized with the Yoast SEO Premium plugin v26.2 (Yoast SEO v26.3) - https:\/\/yoast.com\/wordpress\/plugins\/seo\/ -->\n<title>Secrets of Montfoort - City Game<\/title>\n<meta name=\"description\" content=\"Secrets of Montfoort. Ch\u01a1i City Game t\u1ef1 h\u01b0\u1edbng d\u1eabn v\u00e0 kh\u00e1m ph\u00e1 th\u00e0nh ph\u1ed1 qua c\u00e1c c\u00e2u \u0111\u1ed1, c\u00e2u h\u1ecfi h\u00f3c b\u00faa v\u00e0 th\u1eed th\u00e1ch. Ch\u01a1i theo t\u1ed1c \u0111\u1ed9 c\u1ee7a ri\u00eang b\u1ea1n v\u00e0 kh\u00e1m ph\u00e1 nh\u01b0 m\u1ed9t ng\u01b0\u1eddi \u0111\u1ecba ph\u01b0\u01a1ng!\" \/>\n<meta name=\"robots\" content=\"noindex, follow, max-snippet:-1, max-image-preview:large, max-video-preview:-1\" \/>\n<meta property=\"og:locale\" content=\"vi_VN\" \/>\n<meta property=\"og:type\" content=\"article\" \/>\n<meta property=\"og:title\" content=\"Secrets of Montfoort\" \/>\n<meta property=\"og:description\" content=\"Secrets of Montfoort. Ch\u01a1i City Game t\u1ef1 h\u01b0\u1edbng d\u1eabn v\u00e0 kh\u00e1m ph\u00e1 th\u00e0nh ph\u1ed1 qua c\u00e1c c\u00e2u \u0111\u1ed1, c\u00e2u h\u1ecfi h\u00f3c b\u00faa v\u00e0 th\u1eed th\u00e1ch. Ch\u01a1i theo t\u1ed1c \u0111\u1ed9 c\u1ee7a ri\u00eang b\u1ea1n v\u00e0 kh\u00e1m ph\u00e1 nh\u01b0 m\u1ed9t ng\u01b0\u1eddi \u0111\u1ecba ph\u01b0\u01a1ng!\" \/>\n<meta property=\"og:url\" content=\"https:\/\/testwebsite.citygame.com\/vi\/games\/montfoort\/secrets-of-montfoort\/\" \/>\n<meta property=\"og:site_name\" content=\"City Game\" \/>\n<meta property=\"article:publisher\" content=\"https:\/\/www.facebook.com\/profile.php?id=100086426226253\" \/>\n<meta property=\"article:modified_time\" content=\"2026-04-08T22:02:17+00:00\" \/>\n<meta property=\"og:image\" content=\"https:\/\/testwebsite.citygame.com\/wp-content\/blogs.dir\/1\/files\/sites\/62\/2026\/03\/montfoort-group-players-city-game.jpg\" \/>\n\t<meta property=\"og:image:width\" content=\"1024\" \/>\n\t<meta property=\"og:image:height\" content=\"1024\" \/>\n\t<meta property=\"og:image:type\" content=\"image\/jpeg\" \/>\n<meta name=\"twitter:card\" content=\"summary_large_image\" \/>\n<meta name=\"twitter:label1\" content=\"\u01af\u1edbc t\u00ednh th\u1eddi gian \u0111\u1ecdc\" \/>\n\t<meta name=\"twitter:data1\" content=\"1 ph\u00fat\" \/>\n<script type=\"application\/ld+json\" class=\"yoast-schema-graph\">{\"@context\":\"https:\/\/schema.org\",\"@graph\":[{\"@type\":\"WebPage\",\"@id\":\"https:\/\/testwebsite.citygame.com\/vi\/games\/montfoort\/secrets-of-montfoort\/\",\"url\":\"https:\/\/testwebsite.citygame.com\/vi\/games\/montfoort\/secrets-of-montfoort\/\",\"name\":\"Secrets of Montfoort - City Game\",\"isPartOf\":{\"@id\":\"https:\/\/testwebsite.upevents.nl\/#website\"},\"primaryImageOfPage\":{\"@id\":\"https:\/\/testwebsite.citygame.com\/vi\/games\/montfoort\/secrets-of-montfoort\/#primaryimage\"},\"image\":{\"@id\":\"https:\/\/testwebsite.citygame.com\/vi\/games\/montfoort\/secrets-of-montfoort\/#primaryimage\"},\"thumbnailUrl\":\"https:\/\/testwebsite.citygame.com\/wp-content\/blogs.dir\/1\/files\/sites\/62\/2026\/03\/montfoort-group-players-city-game.jpg\",\"datePublished\":\"2026-03-13T19:09:58+00:00\",\"dateModified\":\"2026-04-08T22:02:17+00:00\",\"description\":\"Secrets of Montfoort. Ch\u01a1i City Game t\u1ef1 h\u01b0\u1edbng d\u1eabn v\u00e0 kh\u00e1m ph\u00e1 th\u00e0nh ph\u1ed1 qua c\u00e1c c\u00e2u \u0111\u1ed1, c\u00e2u h\u1ecfi h\u00f3c b\u00faa v\u00e0 th\u1eed th\u00e1ch. Ch\u01a1i theo t\u1ed1c \u0111\u1ed9 c\u1ee7a ri\u00eang b\u1ea1n v\u00e0 kh\u00e1m ph\u00e1 nh\u01b0 m\u1ed9t ng\u01b0\u1eddi \u0111\u1ecba ph\u01b0\u01a1ng!\",\"breadcrumb\":{\"@id\":\"https:\/\/testwebsite.citygame.com\/vi\/games\/montfoort\/secrets-of-montfoort\/#breadcrumb\"},\"inLanguage\":\"vi\",\"potentialAction\":[{\"@type\":\"ReadAction\",\"target\":[\"https:\/\/testwebsite.citygame.com\/vi\/games\/montfoort\/secrets-of-montfoort\/\"]}]},{\"@type\":\"ImageObject\",\"inLanguage\":\"vi\",\"@id\":\"https:\/\/testwebsite.citygame.com\/vi\/games\/montfoort\/secrets-of-montfoort\/#primaryimage\",\"url\":\"https:\/\/testwebsite.citygame.com\/wp-content\/blogs.dir\/1\/files\/sites\/62\/2026\/03\/montfoort-group-players-city-game.jpg\",\"contentUrl\":\"https:\/\/testwebsite.citygame.com\/wp-content\/blogs.dir\/1\/files\/sites\/62\/2026\/03\/montfoort-group-players-city-game.jpg\",\"width\":1024,\"height\":1024,\"caption\":\"A team of friends collaborates on a challenge using a smartphone during their city game in Montfoort.\"},{\"@type\":\"BreadcrumbList\",\"@id\":\"https:\/\/testwebsite.citygame.com\/vi\/games\/montfoort\/secrets-of-montfoort\/#breadcrumb\",\"itemListElement\":[{\"@type\":\"ListItem\",\"position\":1,\"name\":\"Home\",\"item\":\"https:\/\/testwebsite.citygame.com\/vi\/\"},{\"@type\":\"ListItem\",\"position\":2,\"name\":\"Shop\",\"item\":\"https:\/\/testwebsite.citygame.com\/shop\/\"},{\"@type\":\"ListItem\",\"position\":3,\"name\":\"Secrets of Montfoort\"}]},{\"@type\":\"WebSite\",\"@id\":\"https:\/\/testwebsite.upevents.nl\/#website\",\"url\":\"https:\/\/testwebsite.upevents.nl\/\",\"name\":\"City Game\",\"description\":\"\",\"publisher\":{\"@id\":\"https:\/\/testwebsite.upevents.nl\/#organization\"},\"alternateName\":\"citygame.com\",\"potentialAction\":[{\"@type\":\"SearchAction\",\"target\":{\"@type\":\"EntryPoint\",\"urlTemplate\":\"https:\/\/testwebsite.upevents.nl\/?s={search_term_string}\"},\"query-input\":{\"@type\":\"PropertyValueSpecification\",\"valueRequired\":true,\"valueName\":\"search_term_string\"}}],\"inLanguage\":\"vi\"},{\"@type\":[\"Organization\",\"Place\"],\"@id\":\"https:\/\/testwebsite.upevents.nl\/#organization\",\"name\":\"City Game\",\"alternateName\":\"citygame.com\",\"url\":\"https:\/\/testwebsite.upevents.nl\/\",\"logo\":{\"@id\":\"https:\/\/testwebsite.citygame.com\/vi\/games\/montfoort\/secrets-of-montfoort\/#local-main-organization-logo\"},\"image\":{\"@id\":\"https:\/\/testwebsite.citygame.com\/vi\/games\/montfoort\/secrets-of-montfoort\/#local-main-organization-logo\"},\"sameAs\":[\"https:\/\/www.facebook.com\/profile.php?id=100086426226253\",\"https:\/\/www.instagram.com\/citygame_com\",\"https:\/\/www.tiktok.com\/@citygamecom\/\",\"https:\/\/www.linkedin.com\/company\/citygame-com\"],\"description\":\"Turn any city into a playground with our interactive City Games and self-guided tours. Fun, flexible, and ideal for groups and team building.\",\"telephone\":[],\"openingHoursSpecification\":[{\"@type\":\"OpeningHoursSpecification\",\"dayOfWeek\":[\"Monday\",\"Tuesday\",\"Wednesday\",\"Thursday\",\"Friday\",\"Saturday\",\"Sunday\"],\"opens\":\"09:00\",\"closes\":\"17:00\"}]},{\"@type\":\"ImageObject\",\"inLanguage\":\"vi\",\"@id\":\"https:\/\/testwebsite.citygame.com\/vi\/games\/montfoort\/secrets-of-montfoort\/#local-main-organization-logo\",\"url\":\"https:\/\/testwebsite.citygame.com\/wp-content\/blogs.dir\/1\/files\/sites\/62\/2025\/10\/CG_LOGO-City-Game.png\",\"contentUrl\":\"https:\/\/testwebsite.citygame.com\/wp-content\/blogs.dir\/1\/files\/sites\/62\/2025\/10\/CG_LOGO-City-Game.png\",\"width\":351,\"height\":377,\"caption\":\"City Game\"}]}<\/script>\n<!-- \/ Yoast SEO Premium plugin. -->","yoast_head_json":{"title":"Secrets of Montfoort - City Game","description":"Secrets of Montfoort. Ch\u01a1i City Game t\u1ef1 h\u01b0\u1edbng d\u1eabn v\u00e0 kh\u00e1m ph\u00e1 th\u00e0nh ph\u1ed1 qua c\u00e1c c\u00e2u \u0111\u1ed1, c\u00e2u h\u1ecfi h\u00f3c b\u00faa v\u00e0 th\u1eed th\u00e1ch. Ch\u01a1i theo t\u1ed1c \u0111\u1ed9 c\u1ee7a ri\u00eang b\u1ea1n v\u00e0 kh\u00e1m ph\u00e1 nh\u01b0 m\u1ed9t ng\u01b0\u1eddi \u0111\u1ecba ph\u01b0\u01a1ng!","robots":{"index":"noindex","follow":"follow","max-snippet":"max-snippet:-1","max-image-preview":"max-image-preview:large","max-video-preview":"max-video-preview:-1"},"og_locale":"vi_VN","og_type":"article","og_title":"Secrets of Montfoort","og_description":"Secrets of Montfoort. Ch\u01a1i City Game t\u1ef1 h\u01b0\u1edbng d\u1eabn v\u00e0 kh\u00e1m ph\u00e1 th\u00e0nh ph\u1ed1 qua c\u00e1c c\u00e2u \u0111\u1ed1, c\u00e2u h\u1ecfi h\u00f3c b\u00faa v\u00e0 th\u1eed th\u00e1ch. Ch\u01a1i theo t\u1ed1c \u0111\u1ed9 c\u1ee7a ri\u00eang b\u1ea1n v\u00e0 kh\u00e1m ph\u00e1 nh\u01b0 m\u1ed9t ng\u01b0\u1eddi \u0111\u1ecba ph\u01b0\u01a1ng!","og_url":"https:\/\/testwebsite.citygame.com\/vi\/games\/montfoort\/secrets-of-montfoort\/","og_site_name":"City Game","article_publisher":"https:\/\/www.facebook.com\/profile.php?id=100086426226253","article_modified_time":"2026-04-08T22:02:17+00:00","og_image":[{"width":1024,"height":1024,"url":"https:\/\/testwebsite.citygame.com\/wp-content\/blogs.dir\/1\/files\/sites\/62\/2026\/03\/montfoort-group-players-city-game.jpg","type":"image\/jpeg"}],"twitter_card":"summary_large_image","twitter_misc":{"\u01af\u1edbc t\u00ednh th\u1eddi gian \u0111\u1ecdc":"1 ph\u00fat"},"schema":{"@context":"https:\/\/schema.org","@graph":[{"@type":"WebPage","@id":"https:\/\/testwebsite.citygame.com\/vi\/games\/montfoort\/secrets-of-montfoort\/","url":"https:\/\/testwebsite.citygame.com\/vi\/games\/montfoort\/secrets-of-montfoort\/","name":"Secrets of Montfoort - City Game","isPartOf":{"@id":"https:\/\/testwebsite.upevents.nl\/#website"},"primaryImageOfPage":{"@id":"https:\/\/testwebsite.citygame.com\/vi\/games\/montfoort\/secrets-of-montfoort\/#primaryimage"},"image":{"@id":"https:\/\/testwebsite.citygame.com\/vi\/games\/montfoort\/secrets-of-montfoort\/#primaryimage"},"thumbnailUrl":"https:\/\/testwebsite.citygame.com\/wp-content\/blogs.dir\/1\/files\/sites\/62\/2026\/03\/montfoort-group-players-city-game.jpg","datePublished":"2026-03-13T19:09:58+00:00","dateModified":"2026-04-08T22:02:17+00:00","description":"Secrets of Montfoort. Ch\u01a1i City Game t\u1ef1 h\u01b0\u1edbng d\u1eabn v\u00e0 kh\u00e1m ph\u00e1 th\u00e0nh ph\u1ed1 qua c\u00e1c c\u00e2u \u0111\u1ed1, c\u00e2u h\u1ecfi h\u00f3c b\u00faa v\u00e0 th\u1eed th\u00e1ch. Ch\u01a1i theo t\u1ed1c \u0111\u1ed9 c\u1ee7a ri\u00eang b\u1ea1n v\u00e0 kh\u00e1m ph\u00e1 nh\u01b0 m\u1ed9t ng\u01b0\u1eddi \u0111\u1ecba ph\u01b0\u01a1ng!","breadcrumb":{"@id":"https:\/\/testwebsite.citygame.com\/vi\/games\/montfoort\/secrets-of-montfoort\/#breadcrumb"},"inLanguage":"vi","potentialAction":[{"@type":"ReadAction","target":["https:\/\/testwebsite.citygame.com\/vi\/games\/montfoort\/secrets-of-montfoort\/"]}]},{"@type":"ImageObject","inLanguage":"vi","@id":"https:\/\/testwebsite.citygame.com\/vi\/games\/montfoort\/secrets-of-montfoort\/#primaryimage","url":"https:\/\/testwebsite.citygame.com\/wp-content\/blogs.dir\/1\/files\/sites\/62\/2026\/03\/montfoort-group-players-city-game.jpg","contentUrl":"https:\/\/testwebsite.citygame.com\/wp-content\/blogs.dir\/1\/files\/sites\/62\/2026\/03\/montfoort-group-players-city-game.jpg","width":1024,"height":1024,"caption":"A team of friends collaborates on a challenge using a smartphone during their city game in Montfoort."},{"@type":"BreadcrumbList","@id":"https:\/\/testwebsite.citygame.com\/vi\/games\/montfoort\/secrets-of-montfoort\/#breadcrumb","itemListElement":[{"@type":"ListItem","position":1,"name":"Home","item":"https:\/\/testwebsite.citygame.com\/vi\/"},{"@type":"ListItem","position":2,"name":"Shop","item":"https:\/\/testwebsite.citygame.com\/shop\/"},{"@type":"ListItem","position":3,"name":"Secrets of Montfoort"}]},{"@type":"WebSite","@id":"https:\/\/testwebsite.upevents.nl\/#website","url":"https:\/\/testwebsite.upevents.nl\/","name":"City Game","description":"","publisher":{"@id":"https:\/\/testwebsite.upevents.nl\/#organization"},"alternateName":"citygame.com","potentialAction":[{"@type":"SearchAction","target":{"@type":"EntryPoint","urlTemplate":"https:\/\/testwebsite.upevents.nl\/?s={search_term_string}"},"query-input":{"@type":"PropertyValueSpecification","valueRequired":true,"valueName":"search_term_string"}}],"inLanguage":"vi"},{"@type":["Organization","Place"],"@id":"https:\/\/testwebsite.upevents.nl\/#organization","name":"City Game","alternateName":"citygame.com","url":"https:\/\/testwebsite.upevents.nl\/","logo":{"@id":"https:\/\/testwebsite.citygame.com\/vi\/games\/montfoort\/secrets-of-montfoort\/#local-main-organization-logo"},"image":{"@id":"https:\/\/testwebsite.citygame.com\/vi\/games\/montfoort\/secrets-of-montfoort\/#local-main-organization-logo"},"sameAs":["https:\/\/www.facebook.com\/profile.php?id=100086426226253","https:\/\/www.instagram.com\/citygame_com","https:\/\/www.tiktok.com\/@citygamecom\/","https:\/\/www.linkedin.com\/company\/citygame-com"],"description":"Turn any city into a playground with our interactive City Games and self-guided tours. Fun, flexible, and ideal for groups and team building.","telephone":[],"openingHoursSpecification":[{"@type":"OpeningHoursSpecification","dayOfWeek":["Monday","Tuesday","Wednesday","Thursday","Friday","Saturday","Sunday"],"opens":"09:00","closes":"17:00"}]},{"@type":"ImageObject","inLanguage":"vi","@id":"https:\/\/testwebsite.citygame.com\/vi\/games\/montfoort\/secrets-of-montfoort\/#local-main-organization-logo","url":"https:\/\/testwebsite.citygame.com\/wp-content\/blogs.dir\/1\/files\/sites\/62\/2025\/10\/CG_LOGO-City-Game.png","contentUrl":"https:\/\/testwebsite.citygame.com\/wp-content\/blogs.dir\/1\/files\/sites\/62\/2025\/10\/CG_LOGO-City-Game.png","width":351,"height":377,"caption":"City Game"}]}},"taxonomy_info":{"game-concept":[{"value":733,"label":"Secrets"}],"location":[{"value":282,"label":"Montfoort"}],"product_cat":[{"value":27,"label":"Geen categorie"}]},"featured_image_src_large":["https:\/\/testwebsite.citygame.com\/wp-content\/blogs.dir\/1\/files\/sites\/62\/2026\/03\/montfoort-group-players-city-game.jpg",1024,1024,false],"author_info":[],"comment_info":"","_links":{"self":[{"href":"https:\/\/testwebsite.citygame.com\/vi\/wp-json\/wp\/v2\/product\/66650","targetHints":{"allow":["GET"]}}],"collection":[{"href":"https:\/\/testwebsite.citygame.com\/vi\/wp-json\/wp\/v2\/product"}],"about":[{"href":"https:\/\/testwebsite.citygame.com\/vi\/wp-json\/wp\/v2\/types\/product"}],"acf:post":[{"embeddable":true,"href":"https:\/\/testwebsite.citygame.com\/vi\/wp-json\/wp\/v2\/pages\/15851"}],"wp:featuredmedia":[{"embeddable":true,"href":"https:\/\/testwebsite.citygame.com\/vi\/wp-json\/wp\/v2\/media\/18872"}],"wp:attachment":[{"href":"https:\/\/testwebsite.citygame.com\/vi\/wp-json\/wp\/v2\/media?parent=66650"}],"wp:term":[{"taxonomy":"game-concept","embeddable":true,"href":"https:\/\/testwebsite.citygame.com\/vi\/wp-json\/wp\/v2\/game-concept?post=66650"},{"taxonomy":"location","embeddable":true,"href":"https:\/\/testwebsite.citygame.com\/vi\/wp-json\/wp\/v2\/location?post=66650"},{"taxonomy":"product_brand","embeddable":true,"href":"https:\/\/testwebsite.citygame.com\/vi\/wp-json\/wp\/v2\/product_brand?post=66650"},{"taxonomy":"product_cat","embeddable":true,"href":"https:\/\/testwebsite.citygame.com\/vi\/wp-json\/wp\/v2\/product_cat?post=66650"},{"taxonomy":"product_tag","embeddable":true,"href":"https:\/\/testwebsite.citygame.com\/vi\/wp-json\/wp\/v2\/product_tag?post=66650"}],"curies":[{"name":"wp","href":"https:\/\/api.w.org\/{rel}","templated":true}]}}