{"id":66526,"date":"2026-03-13T17:58:23","date_gmt":"2026-03-13T17:58:23","guid":{"rendered":"https:\/\/testwebsite.citygame.com\/games\/unknown-location\/secrets-of-hoek-van-holland\/"},"modified":"2026-04-08T20:58:19","modified_gmt":"2026-04-08T20:58:19","slug":"secrets-of-hoek-van-holland","status":"publish","type":"product","link":"https:\/\/testwebsite.citygame.com\/vi\/games\/hoek-van-holland\/secrets-of-hoek-van-holland\/","title":{"rendered":"Secrets of Hoek van Holland"},"content":{"rendered":"<p>B\u1eaft tay v\u00e0o m\u1ed9t cu\u1ed9c phi\u00eau l\u01b0u \u0111\u1ed9c \u0111\u00e1o v\u1edbi tr\u00f2 ch\u01a1i t\u1ef1 h\u01b0\u1edbng d\u1eabn, d\u1ef1a tr\u00ean GPS, Secrets of Hoek van Holland City Game. L\u00e0 m\u1ed9t h\u00e0nh tr\u00ecnh kh\u00e1m ph\u00e1 \u0111\u00e1ng ch\u00fa \u00fd, tr\u00f2 ch\u01a1i di\u1ec5n ra t\u1ea1i trung t\u00e2m th\u00e0nh ph\u1ed1 Hoek van Holland, thu h\u00fat ng\u01b0\u1eddi ch\u01a1i kh\u00e1m ph\u00e1 c\u00e1c \u0111\u01b0\u1eddng ph\u1ed1 b\u1eb1ng \u0111i\u1ec7n tho\u1ea1i th\u00f4ng minh c\u1ee7a h\u1ecd th\u00f4ng qua vi\u1ec7c gi\u1ea3i c\u00e1c c\u00e2u \u0111\u1ed1 ly k\u1ef3, nh\u1eefng tr\u00f2 gh\u00e9p h\u00ecnh h\u1ea5p d\u1eabn v\u00e0 c\u00e1c th\u1eed th\u00e1ch \u1ea3nh vui nh\u1ed9n. Khi l\u00e0m s\u00e1ng t\u1ecf nh\u1eefng b\u00ed \u1ea9n c\u1ee7a tr\u00f2 ch\u01a1i, ng\u01b0\u1eddi ch\u01a1i c\u0169ng s\u1ebd t\u00ecm hi\u1ec3u s\u00e2u h\u01a1n v\u1ec1 l\u1ecbch s\u1eed phong ph\u00fa, v\u0103n h\u00f3a v\u00e0 nh\u1eefng chi ti\u1ebft b\u1ea5t ng\u1edd c\u1ee7a Hoek van Holland. \u0110\u01b0\u1ee3c thi\u1ebft k\u1ebf ho\u00e0n h\u1ea3o cho c\u1ea3 ng\u01b0\u1eddi d\u00e2n \u0111\u1ecba ph\u01b0\u01a1ng v\u00e0 du kh\u00e1ch, City Game n\u00e0y mang \u0111\u1ebfn m\u1ed9t g\u00f3c nh\u00ecn th\u00fa v\u1ecb v\u00e0 gi\u1ea3i tr\u00ed d\u00f9 b\u1ea1n l\u00e0 ng\u01b0\u1eddi ch\u01a1i \u0111\u01a1n \u0111\u1ed9c, \u0111ang trong chuy\u1ebfn \u0111i l\u00e3ng m\u1ea1n, chuy\u1ebfn \u0111i ch\u01a1i gia \u0111\u00ecnh hay m\u1ed9t nh\u00f3m b\u1ea1n. \u0110\u00e2y l\u00e0 m\u1ed9t tr\u00f2 ch\u01a1i kh\u00e1m ph\u00e1 th\u00e0nh ph\u1ed1 kh\u00f4ng gi\u1ed1ng b\u1ea5t k\u1ef3 tr\u00f2 ch\u01a1i n\u00e0o kh\u00e1c, l\u1ea5y b\u1ed1i c\u1ea3nh t\u1ea1i trung t\u00e2m s\u00f4i \u0111\u1ed9ng c\u1ee7a Hoek van Holland.<\/p>\n","protected":false},"excerpt":{"rendered":"<p>Kh\u00e1m ph\u00e1 nh\u1eefng vi\u00ean ng\u1ecdc \u1ea9n gi\u1ea5u c\u1ee7a Hoek van Holland! L\u01b0\u1edbt qua th\u00e0nh ph\u1ed1 n\u01a1i nh\u1eefng c\u00e2u chuy\u1ec7n v\u1ec1 c\u00e1c s\u1ef1 ki\u1ec7n chi\u1ebfn tranh l\u1ecbch s\u1eed h\u00f2a quy\u1ec7n m\u1ed9t c\u00e1ch li\u1ec1n m\u1ea1ch v\u1edbi kh\u00f4ng kh\u00ed b\u00e3i bi\u1ec3n thanh b\u00ecnh, gi\u1ea3 \u0111\u1ecbnh nh\u1eefng c\u00e2u \u0111\u1ed1 \u1ea9n gi\u1ea5u khi b\u1ea1n \u0111i qua nh\u1eefng n\u00e9t t\u01b0\u01a1ng ph\u1ea3n th\u00fa v\u1ecb c\u1ee7a n\u00f3 &#8211; Hoek van Holland mang \u0111\u1ebfn s\u1ef1 kinh ng\u1ea1c \u1edf m\u1ed7i g\u00f3c ph\u1ed1!<\/p>\n","protected":false},"featured_media":18828,"template":"","meta":{"_acf_changed":false,"_yoast_wpseo_focuskw":"Secrets of Hoek van Holland","_yoast_wpseo_metadesc":"Secrets of Hoek van Holland. Ch\u01a1i m\u1ed9t City Game t\u1ef1 h\u01b0\u1edbng d\u1eabn v\u00e0 kh\u00e1m ph\u00e1 th\u00e0nh ph\u1ed1 qua c\u00e1c c\u00e2u \u0111\u1ed1, tr\u00f2 gh\u00e9p h\u00ecnh v\u00e0 th\u1eed th\u00e1ch. Ch\u01a1i theo t\u1ed1c \u0111\u1ed9 c\u1ee7a ri\u00eang b\u1ea1n v\u00e0 kh\u00e1m ph\u00e1 nh\u01b0 m\u1ed9t ng\u01b0\u1eddi \u0111\u1ecba ph\u01b0\u01a1ng!","_kad_blocks_custom_css":"","_kad_blocks_head_custom_js":"","_kad_blocks_body_custom_js":"","_kad_blocks_footer_custom_js":"","ghostkit_customizer_options":"","ghostkit_custom_css":"","ghostkit_custom_js_head":"","ghostkit_custom_js_foot":"","ghostkit_typography":"","_kad_post_transparent":"","_kad_post_title":"","_kad_post_layout":"","_kad_post_sidebar_id":"","_kad_post_content_style":"","_kad_post_vertical_padding":"","_kad_post_feature":"","_kad_post_feature_position":"","_kad_post_header":false,"_kad_post_footer":false,"_kad_post_classname":"","_links_to":"","_links_to_target":""},"game-concept":[733],"location":[200],"product_brand":[],"product_cat":[27],"product_tag":[],"class_list":{"0":"post-66526","1":"product","2":"type-product","3":"status-publish","4":"has-post-thumbnail","6":"game-concept-secrets","7":"location-hoek-van-holland","8":"product_cat-geen-categorie","10":"first","11":"instock","12":"shipping-taxable","13":"purchasable","14":"product-type-simple","15":"entry","16":"content-bg","17":"loop-entry"},"acf":{"full_bokun_product_name":"Self-Guided Secrets of Hoek van Holland Exploration Game","location_name":"Hoek van Holland","bokun_calendar_widget_code":"<script type=\"text\/javascript\" src=\"https:\/\/widgets.bokun.io\/assets\/javascripts\/apps\/build\/BokunWidgetsLoader.js?bookingChannelUUID=a1e93e96-5232-4734-a595-28405f4b5a31\" async><\/script>\n     \n    <div class=\"bokunWidget\" data-src=\"https:\/\/widgets.bokun.io\/online-sales\/a1e93e96-5232-4734-a595-28405f4b5a31\/experience-calendar\/885100\"><\/div>\n    <noscript>Please enable javascript in your browser to book<\/noscript>","bokun_button_widget_code":"<script type=\"text\/javascript\" src=\"https:\/\/widgets.bokun.io\/assets\/javascripts\/apps\/build\/BokunWidgetsLoader.js?bookingChannelUUID=a1e93e96-5232-4734-a595-28405f4b5a31\" async><\/script>\n      <style> #bokun_ed001e45_5927_4f62_b470_ca766338d083 { display: inline-block; padding: .4em 1em; background: #47b82e; border-radius: 999999px; box-shadow: none; font-weight: 600; font-size: 24px; text-decoration: none; text-align: center; color: #FFFFFF; border:none; cursor: pointer; transition: background .2s ease; } #bokun_ed001e45_5927_4f62_b470_ca766338d083:hover{ background: #2f7b1f; } #bokun_ed001e45_5927_4f62_b470_ca766338d083:active{ background: #378f24; } <\/style> <button class=\"bokunButton\" disabled id=bokun_ed001e45_5927_4f62_b470_ca766338d083 data-src=\"https:\/\/widgets.bokun.io\/online-sales\/a1e93e96-5232-4734-a595-28405f4b5a31\/experience-calendar\/885100?partialView=1\" data-testid=\"widget-book-button\" > Book now <\/button> ","what_you\u2019ll_experience_during_the_game":"B\u1eaft tay v\u00e0o m\u1ed9t h\u00e0nh tr\u00ecnh h\u1ea5p d\u1eabn qua Hoek van Holland v\u1edbi City Game s\u1ed1ng \u0111\u1ed9ng c\u1ee7a ch\u00fang t\u00f4i. K\u1ebft h\u1ee3p li\u1ec1n m\u1ea1ch vi\u1ec7c tham quan v\u1edbi m\u1ed9t c\u00e2u chuy\u1ec7n l\u00f4i cu\u1ed1n v\u00e0 m\u1ed9t lo\u1ea1t c\u00e1c th\u1eed th\u00e1ch t\u01b0\u01a1ng t\u00e1c, tr\u00f2 ch\u01a1i kh\u00e1m ph\u00e1 n\u00e0y mang \u0111\u1ebfn m\u1ed9t l\u1ed9 tr\u00ecnh \u0111\u1ed9c \u0111\u00e1o qua v\u00f9ng \u0111\u1ea5t quy\u1ebfn r\u0169 n\u00e0y c\u1ee7a H\u00e0 Lan. Ch\u00fang t\u00f4i s\u1ebd h\u01b0\u1edbng d\u1eabn b\u1ea1n v\u01b0\u1ee3t ra ngo\u00e0i nh\u1eefng con \u0111\u01b0\u1eddng quen thu\u1ed9c \u0111\u1ec3 \u0111\u1ebfn nh\u1eefng khu v\u1ef1c \u00edt \u0111\u01b0\u1ee3c bi\u1ebft \u0111\u1ebfn h\u01a1n c\u1ee7a th\u1ecb tr\u1ea5n. \u0110\u1eafm m\u00ecnh v\u00e0o v\u0103n h\u00f3a \u0111\u1ecba ph\u01b0\u01a1ng b\u1eb1ng c\u00e1ch l\u00e0m s\u00e1ng t\u1ecf nh\u1eefng b\u00ed \u1ea9n v\u00e0 th\u1eed th\u00e1ch xung quanh c\u00e1c c\u1ea5u tr\u00fac \u0111\u00e1ng ch\u00fa \u00fd kh\u00e1c nhau, cho ph\u00e9p b\u1ea1n d\u1ec7t n\u00ean m\u1ed9t t\u1ea5m th\u1ea3m gi\u00e0u k\u1ef7 ni\u1ec7m v\u1edbi c\u00e2u chuy\u1ec7n \u0111\u1ed9c \u0111\u00e1o c\u1ee7a th\u00e0nh ph\u1ed1.\n\nTrong City Game, ni\u1ec1m vui c\u1ee7a b\u1ea1n \u0111\u01b0\u1ee3c th\u00fac \u0111\u1ea9y b\u1edfi m\u1ed9t b\u1ed9 s\u01b0u t\u1eadp \u0111a d\u1ea1ng c\u00e1c c\u00e2u \u0111\u1ed1, tr\u00f2 gh\u00e9p h\u00ecnh v\u00e0 nh\u1eefng c\u00e2u h\u1ecfi h\u1ea5p d\u1eabn. Nh\u1eefng th\u1eed th\u00e1ch s\u00e1ng t\u1ea1o n\u00e0y m\u1edf kh\u00f3a \u0111i\u1ec3m s\u1ed1 v\u00e0 nh\u1eefng g\u1ee3i \u00fd c\u00f3 gi\u00e1 tr\u1ecb, \u0111\u01b0a b\u1ea1n \u0111\u1ebfn g\u1ea7n h\u01a1n m\u1ed9t b\u01b0\u1edbc \u0111\u1ec3 gi\u1ea3i quy\u1ebft b\u00ed \u1ea9n trung t\u00e2m \u0111\u00f3ng vai tr\u00f2 l\u00e0 cao tr\u00e0o th\u00fa v\u1ecb c\u1ee7a tr\u00f2 ch\u01a1i. \u0110\u1ed1i v\u1edbi nh\u1eefng ng\u01b0\u1eddi c\u00f3 t\u00ednh c\u1ea1nh tranh, m\u1ed9t v\u1ecb tr\u00ed cao h\u01a1n \u0111ang ch\u1edd \u0111\u1ee3i tr\u00ean b\u1ea3ng x\u1ebfp h\u1ea1ng n\u1ebfu h\u1ecd th\u1ec3 hi\u1ec7n s\u1ef1 th\u00f4ng minh v\u00e0 nh\u1ea1y b\u00e9n trong su\u1ed1t cu\u1ed9c phi\u00eau l\u01b0u c\u1ee7a m\u00ecnh. H\u01a1n n\u1eefa, b\u1ea1n c\u00f3 th\u1ec3 t\u1ea1m d\u1eebng h\u00e0nh tr\u00ecnh v\u1eadn \u0111\u1ed9ng tr\u00ed \u00f3c n\u00e0y t\u1ea1i b\u1ea5t k\u1ef3 th\u1eddi \u0111i\u1ec3m n\u00e0o v\u00e0 ti\u1ebfp t\u1ee5c t\u00f9y theo s\u1ef1 ti\u1ec7n l\u1ee3i c\u1ee7a m\u00ecnh, bi\u1ebfn \u0111\u00e2y th\u00e0nh m\u1ed9t tr\u1ea3i nghi\u1ec7m l\u00fd t\u01b0\u1edfng ph\u00f9 h\u1ee3p v\u1edbi t\u1ed1c \u0111\u1ed9 c\u00e1 nh\u00e2n c\u1ee7a b\u1ea1n, nh\u01b0ng v\u1eabn tr\u00e0n ng\u1eadp nh\u1eefng b\u1ea5t ng\u1edd m\u00e0 ch\u1ec9 Hoek van Holland m\u1edbi c\u00f3 th\u1ec3 mang l\u1ea1i.","how_to_play":"\u0110\u1eb7t Exploration Game, ki\u1ec3m tra email ch\u00fang t\u00f4i g\u1eedi cho b\u1ea1n v\u1edbi c\u00e1c h\u01b0\u1edbng d\u1eabn \u0111\u01a1n gi\u1ea3n, t\u1ea3i xu\u1ed1ng \u1ee9ng d\u1ee5ng Loquiz, truy c\u1eadp Exploration Game v\u00e0 b\u1ea1n \u0111\u00e3 s\u1eb5n s\u00e0ng b\u1eaft \u0111\u1ea7u tr\u1ea3i nghi\u1ec7m ch\u01a1i game c\u1ee7a m\u00ecnh!","start_location":"Hoek van Holland, Prins Hendrikstraat 281","available_languages":["en"],"players_per_group":"1-4","duration":"1.5-2 hours","image_overlay_color_image":"https:\/\/testwebsite.citygame.com\/wp-content\/blogs.dir\/1\/files\/sites\/62\/2026\/01\/SecretsColor.svg","image_overlay_game_logo":"https:\/\/testwebsite.citygame.com\/wp-content\/blogs.dir\/1\/files\/sites\/62\/2026\/01\/SecretsLogo.png","city_page":15827,"woocommerce_general_content":null},"yoast_head":"<!-- This site is optimized with the Yoast SEO Premium plugin v26.2 (Yoast SEO v26.3) - https:\/\/yoast.com\/wordpress\/plugins\/seo\/ -->\n<title>Secrets of Hoek van Holland - City Game<\/title>\n<meta name=\"description\" content=\"Secrets of Hoek van Holland. Ch\u01a1i m\u1ed9t City Game t\u1ef1 h\u01b0\u1edbng d\u1eabn v\u00e0 kh\u00e1m ph\u00e1 th\u00e0nh ph\u1ed1 qua c\u00e1c c\u00e2u \u0111\u1ed1, tr\u00f2 gh\u00e9p h\u00ecnh v\u00e0 th\u1eed th\u00e1ch. Ch\u01a1i theo t\u1ed1c \u0111\u1ed9 c\u1ee7a ri\u00eang b\u1ea1n v\u00e0 kh\u00e1m ph\u00e1 nh\u01b0 m\u1ed9t ng\u01b0\u1eddi \u0111\u1ecba ph\u01b0\u01a1ng!\" \/>\n<meta name=\"robots\" content=\"noindex, follow, max-snippet:-1, max-image-preview:large, max-video-preview:-1\" \/>\n<meta property=\"og:locale\" content=\"vi_VN\" \/>\n<meta property=\"og:type\" content=\"article\" \/>\n<meta property=\"og:title\" content=\"Secrets of Hoek van Holland\" \/>\n<meta property=\"og:description\" content=\"Secrets of Hoek van Holland. Ch\u01a1i m\u1ed9t City Game t\u1ef1 h\u01b0\u1edbng d\u1eabn v\u00e0 kh\u00e1m ph\u00e1 th\u00e0nh ph\u1ed1 qua c\u00e1c c\u00e2u \u0111\u1ed1, tr\u00f2 gh\u00e9p h\u00ecnh v\u00e0 th\u1eed th\u00e1ch. Ch\u01a1i theo t\u1ed1c \u0111\u1ed9 c\u1ee7a ri\u00eang b\u1ea1n v\u00e0 kh\u00e1m ph\u00e1 nh\u01b0 m\u1ed9t ng\u01b0\u1eddi \u0111\u1ecba ph\u01b0\u01a1ng!\" \/>\n<meta property=\"og:url\" content=\"https:\/\/testwebsite.citygame.com\/vi\/games\/hoek-van-holland\/secrets-of-hoek-van-holland\/\" \/>\n<meta property=\"og:site_name\" content=\"City Game\" \/>\n<meta property=\"article:publisher\" content=\"https:\/\/www.facebook.com\/profile.php?id=100086426226253\" \/>\n<meta property=\"article:modified_time\" content=\"2026-04-08T20:58:19+00:00\" \/>\n<meta property=\"og:image\" content=\"https:\/\/testwebsite.citygame.com\/wp-content\/blogs.dir\/1\/files\/sites\/62\/2026\/03\/woman-playing-city-game-on-phone-in-hoek-van-holland-harbour.jpg\" \/>\n\t<meta property=\"og:image:width\" content=\"1024\" \/>\n\t<meta property=\"og:image:height\" content=\"1024\" \/>\n\t<meta property=\"og:image:type\" content=\"image\/jpeg\" \/>\n<meta name=\"twitter:card\" content=\"summary_large_image\" \/>\n<meta name=\"twitter:label1\" content=\"\u01af\u1edbc t\u00ednh th\u1eddi gian \u0111\u1ecdc\" \/>\n\t<meta name=\"twitter:data1\" content=\"1 ph\u00fat\" \/>\n<script type=\"application\/ld+json\" class=\"yoast-schema-graph\">{\"@context\":\"https:\/\/schema.org\",\"@graph\":[{\"@type\":\"WebPage\",\"@id\":\"https:\/\/testwebsite.citygame.com\/vi\/games\/hoek-van-holland\/secrets-of-hoek-van-holland\/\",\"url\":\"https:\/\/testwebsite.citygame.com\/vi\/games\/hoek-van-holland\/secrets-of-hoek-van-holland\/\",\"name\":\"Secrets of Hoek van Holland - City Game\",\"isPartOf\":{\"@id\":\"https:\/\/testwebsite.upevents.nl\/#website\"},\"primaryImageOfPage\":{\"@id\":\"https:\/\/testwebsite.citygame.com\/vi\/games\/hoek-van-holland\/secrets-of-hoek-van-holland\/#primaryimage\"},\"image\":{\"@id\":\"https:\/\/testwebsite.citygame.com\/vi\/games\/hoek-van-holland\/secrets-of-hoek-van-holland\/#primaryimage\"},\"thumbnailUrl\":\"https:\/\/testwebsite.citygame.com\/wp-content\/blogs.dir\/1\/files\/sites\/62\/2026\/03\/woman-playing-city-game-on-phone-in-hoek-van-holland-harbour.jpg\",\"datePublished\":\"2026-03-13T17:58:23+00:00\",\"dateModified\":\"2026-04-08T20:58:19+00:00\",\"description\":\"Secrets of Hoek van Holland. Ch\u01a1i m\u1ed9t City Game t\u1ef1 h\u01b0\u1edbng d\u1eabn v\u00e0 kh\u00e1m ph\u00e1 th\u00e0nh ph\u1ed1 qua c\u00e1c c\u00e2u \u0111\u1ed1, tr\u00f2 gh\u00e9p h\u00ecnh v\u00e0 th\u1eed th\u00e1ch. Ch\u01a1i theo t\u1ed1c \u0111\u1ed9 c\u1ee7a ri\u00eang b\u1ea1n v\u00e0 kh\u00e1m ph\u00e1 nh\u01b0 m\u1ed9t ng\u01b0\u1eddi \u0111\u1ecba ph\u01b0\u01a1ng!\",\"breadcrumb\":{\"@id\":\"https:\/\/testwebsite.citygame.com\/vi\/games\/hoek-van-holland\/secrets-of-hoek-van-holland\/#breadcrumb\"},\"inLanguage\":\"vi\",\"potentialAction\":[{\"@type\":\"ReadAction\",\"target\":[\"https:\/\/testwebsite.citygame.com\/vi\/games\/hoek-van-holland\/secrets-of-hoek-van-holland\/\"]}]},{\"@type\":\"ImageObject\",\"inLanguage\":\"vi\",\"@id\":\"https:\/\/testwebsite.citygame.com\/vi\/games\/hoek-van-holland\/secrets-of-hoek-van-holland\/#primaryimage\",\"url\":\"https:\/\/testwebsite.citygame.com\/wp-content\/blogs.dir\/1\/files\/sites\/62\/2026\/03\/woman-playing-city-game-on-phone-in-hoek-van-holland-harbour.jpg\",\"contentUrl\":\"https:\/\/testwebsite.citygame.com\/wp-content\/blogs.dir\/1\/files\/sites\/62\/2026\/03\/woman-playing-city-game-on-phone-in-hoek-van-holland-harbour.jpg\",\"width\":1024,\"height\":1024,\"caption\":\"A player uses her smartphone to navigate a city game in the harbour of Hoek van Holland.\"},{\"@type\":\"BreadcrumbList\",\"@id\":\"https:\/\/testwebsite.citygame.com\/vi\/games\/hoek-van-holland\/secrets-of-hoek-van-holland\/#breadcrumb\",\"itemListElement\":[{\"@type\":\"ListItem\",\"position\":1,\"name\":\"Home\",\"item\":\"https:\/\/testwebsite.citygame.com\/vi\/\"},{\"@type\":\"ListItem\",\"position\":2,\"name\":\"Shop\",\"item\":\"https:\/\/testwebsite.citygame.com\/shop\/\"},{\"@type\":\"ListItem\",\"position\":3,\"name\":\"Secrets of Hoek van Holland\"}]},{\"@type\":\"WebSite\",\"@id\":\"https:\/\/testwebsite.upevents.nl\/#website\",\"url\":\"https:\/\/testwebsite.upevents.nl\/\",\"name\":\"City Game\",\"description\":\"\",\"publisher\":{\"@id\":\"https:\/\/testwebsite.upevents.nl\/#organization\"},\"alternateName\":\"citygame.com\",\"potentialAction\":[{\"@type\":\"SearchAction\",\"target\":{\"@type\":\"EntryPoint\",\"urlTemplate\":\"https:\/\/testwebsite.upevents.nl\/?s={search_term_string}\"},\"query-input\":{\"@type\":\"PropertyValueSpecification\",\"valueRequired\":true,\"valueName\":\"search_term_string\"}}],\"inLanguage\":\"vi\"},{\"@type\":[\"Organization\",\"Place\"],\"@id\":\"https:\/\/testwebsite.upevents.nl\/#organization\",\"name\":\"City Game\",\"alternateName\":\"citygame.com\",\"url\":\"https:\/\/testwebsite.upevents.nl\/\",\"logo\":{\"@id\":\"https:\/\/testwebsite.citygame.com\/vi\/games\/hoek-van-holland\/secrets-of-hoek-van-holland\/#local-main-organization-logo\"},\"image\":{\"@id\":\"https:\/\/testwebsite.citygame.com\/vi\/games\/hoek-van-holland\/secrets-of-hoek-van-holland\/#local-main-organization-logo\"},\"sameAs\":[\"https:\/\/www.facebook.com\/profile.php?id=100086426226253\",\"https:\/\/www.instagram.com\/citygame_com\",\"https:\/\/www.tiktok.com\/@citygamecom\/\",\"https:\/\/www.linkedin.com\/company\/citygame-com\"],\"description\":\"Turn any city into a playground with our interactive City Games and self-guided tours. Fun, flexible, and ideal for groups and team building.\",\"telephone\":[],\"openingHoursSpecification\":[{\"@type\":\"OpeningHoursSpecification\",\"dayOfWeek\":[\"Monday\",\"Tuesday\",\"Wednesday\",\"Thursday\",\"Friday\",\"Saturday\",\"Sunday\"],\"opens\":\"09:00\",\"closes\":\"17:00\"}]},{\"@type\":\"ImageObject\",\"inLanguage\":\"vi\",\"@id\":\"https:\/\/testwebsite.citygame.com\/vi\/games\/hoek-van-holland\/secrets-of-hoek-van-holland\/#local-main-organization-logo\",\"url\":\"https:\/\/testwebsite.citygame.com\/wp-content\/blogs.dir\/1\/files\/sites\/62\/2025\/10\/CG_LOGO-City-Game.png\",\"contentUrl\":\"https:\/\/testwebsite.citygame.com\/wp-content\/blogs.dir\/1\/files\/sites\/62\/2025\/10\/CG_LOGO-City-Game.png\",\"width\":351,\"height\":377,\"caption\":\"City Game\"}]}<\/script>\n<!-- \/ Yoast SEO Premium plugin. -->","yoast_head_json":{"title":"Secrets of Hoek van Holland - City Game","description":"Secrets of Hoek van Holland. Ch\u01a1i m\u1ed9t City Game t\u1ef1 h\u01b0\u1edbng d\u1eabn v\u00e0 kh\u00e1m ph\u00e1 th\u00e0nh ph\u1ed1 qua c\u00e1c c\u00e2u \u0111\u1ed1, tr\u00f2 gh\u00e9p h\u00ecnh v\u00e0 th\u1eed th\u00e1ch. Ch\u01a1i theo t\u1ed1c \u0111\u1ed9 c\u1ee7a ri\u00eang b\u1ea1n v\u00e0 kh\u00e1m ph\u00e1 nh\u01b0 m\u1ed9t ng\u01b0\u1eddi \u0111\u1ecba ph\u01b0\u01a1ng!","robots":{"index":"noindex","follow":"follow","max-snippet":"max-snippet:-1","max-image-preview":"max-image-preview:large","max-video-preview":"max-video-preview:-1"},"og_locale":"vi_VN","og_type":"article","og_title":"Secrets of Hoek van Holland","og_description":"Secrets of Hoek van Holland. Ch\u01a1i m\u1ed9t City Game t\u1ef1 h\u01b0\u1edbng d\u1eabn v\u00e0 kh\u00e1m ph\u00e1 th\u00e0nh ph\u1ed1 qua c\u00e1c c\u00e2u \u0111\u1ed1, tr\u00f2 gh\u00e9p h\u00ecnh v\u00e0 th\u1eed th\u00e1ch. Ch\u01a1i theo t\u1ed1c \u0111\u1ed9 c\u1ee7a ri\u00eang b\u1ea1n v\u00e0 kh\u00e1m ph\u00e1 nh\u01b0 m\u1ed9t ng\u01b0\u1eddi \u0111\u1ecba ph\u01b0\u01a1ng!","og_url":"https:\/\/testwebsite.citygame.com\/vi\/games\/hoek-van-holland\/secrets-of-hoek-van-holland\/","og_site_name":"City Game","article_publisher":"https:\/\/www.facebook.com\/profile.php?id=100086426226253","article_modified_time":"2026-04-08T20:58:19+00:00","og_image":[{"width":1024,"height":1024,"url":"https:\/\/testwebsite.citygame.com\/wp-content\/blogs.dir\/1\/files\/sites\/62\/2026\/03\/woman-playing-city-game-on-phone-in-hoek-van-holland-harbour.jpg","type":"image\/jpeg"}],"twitter_card":"summary_large_image","twitter_misc":{"\u01af\u1edbc t\u00ednh th\u1eddi gian \u0111\u1ecdc":"1 ph\u00fat"},"schema":{"@context":"https:\/\/schema.org","@graph":[{"@type":"WebPage","@id":"https:\/\/testwebsite.citygame.com\/vi\/games\/hoek-van-holland\/secrets-of-hoek-van-holland\/","url":"https:\/\/testwebsite.citygame.com\/vi\/games\/hoek-van-holland\/secrets-of-hoek-van-holland\/","name":"Secrets of Hoek van Holland - City Game","isPartOf":{"@id":"https:\/\/testwebsite.upevents.nl\/#website"},"primaryImageOfPage":{"@id":"https:\/\/testwebsite.citygame.com\/vi\/games\/hoek-van-holland\/secrets-of-hoek-van-holland\/#primaryimage"},"image":{"@id":"https:\/\/testwebsite.citygame.com\/vi\/games\/hoek-van-holland\/secrets-of-hoek-van-holland\/#primaryimage"},"thumbnailUrl":"https:\/\/testwebsite.citygame.com\/wp-content\/blogs.dir\/1\/files\/sites\/62\/2026\/03\/woman-playing-city-game-on-phone-in-hoek-van-holland-harbour.jpg","datePublished":"2026-03-13T17:58:23+00:00","dateModified":"2026-04-08T20:58:19+00:00","description":"Secrets of Hoek van Holland. Ch\u01a1i m\u1ed9t City Game t\u1ef1 h\u01b0\u1edbng d\u1eabn v\u00e0 kh\u00e1m ph\u00e1 th\u00e0nh ph\u1ed1 qua c\u00e1c c\u00e2u \u0111\u1ed1, tr\u00f2 gh\u00e9p h\u00ecnh v\u00e0 th\u1eed th\u00e1ch. Ch\u01a1i theo t\u1ed1c \u0111\u1ed9 c\u1ee7a ri\u00eang b\u1ea1n v\u00e0 kh\u00e1m ph\u00e1 nh\u01b0 m\u1ed9t ng\u01b0\u1eddi \u0111\u1ecba ph\u01b0\u01a1ng!","breadcrumb":{"@id":"https:\/\/testwebsite.citygame.com\/vi\/games\/hoek-van-holland\/secrets-of-hoek-van-holland\/#breadcrumb"},"inLanguage":"vi","potentialAction":[{"@type":"ReadAction","target":["https:\/\/testwebsite.citygame.com\/vi\/games\/hoek-van-holland\/secrets-of-hoek-van-holland\/"]}]},{"@type":"ImageObject","inLanguage":"vi","@id":"https:\/\/testwebsite.citygame.com\/vi\/games\/hoek-van-holland\/secrets-of-hoek-van-holland\/#primaryimage","url":"https:\/\/testwebsite.citygame.com\/wp-content\/blogs.dir\/1\/files\/sites\/62\/2026\/03\/woman-playing-city-game-on-phone-in-hoek-van-holland-harbour.jpg","contentUrl":"https:\/\/testwebsite.citygame.com\/wp-content\/blogs.dir\/1\/files\/sites\/62\/2026\/03\/woman-playing-city-game-on-phone-in-hoek-van-holland-harbour.jpg","width":1024,"height":1024,"caption":"A player uses her smartphone to navigate a city game in the harbour of Hoek van Holland."},{"@type":"BreadcrumbList","@id":"https:\/\/testwebsite.citygame.com\/vi\/games\/hoek-van-holland\/secrets-of-hoek-van-holland\/#breadcrumb","itemListElement":[{"@type":"ListItem","position":1,"name":"Home","item":"https:\/\/testwebsite.citygame.com\/vi\/"},{"@type":"ListItem","position":2,"name":"Shop","item":"https:\/\/testwebsite.citygame.com\/shop\/"},{"@type":"ListItem","position":3,"name":"Secrets of Hoek van Holland"}]},{"@type":"WebSite","@id":"https:\/\/testwebsite.upevents.nl\/#website","url":"https:\/\/testwebsite.upevents.nl\/","name":"City Game","description":"","publisher":{"@id":"https:\/\/testwebsite.upevents.nl\/#organization"},"alternateName":"citygame.com","potentialAction":[{"@type":"SearchAction","target":{"@type":"EntryPoint","urlTemplate":"https:\/\/testwebsite.upevents.nl\/?s={search_term_string}"},"query-input":{"@type":"PropertyValueSpecification","valueRequired":true,"valueName":"search_term_string"}}],"inLanguage":"vi"},{"@type":["Organization","Place"],"@id":"https:\/\/testwebsite.upevents.nl\/#organization","name":"City Game","alternateName":"citygame.com","url":"https:\/\/testwebsite.upevents.nl\/","logo":{"@id":"https:\/\/testwebsite.citygame.com\/vi\/games\/hoek-van-holland\/secrets-of-hoek-van-holland\/#local-main-organization-logo"},"image":{"@id":"https:\/\/testwebsite.citygame.com\/vi\/games\/hoek-van-holland\/secrets-of-hoek-van-holland\/#local-main-organization-logo"},"sameAs":["https:\/\/www.facebook.com\/profile.php?id=100086426226253","https:\/\/www.instagram.com\/citygame_com","https:\/\/www.tiktok.com\/@citygamecom\/","https:\/\/www.linkedin.com\/company\/citygame-com"],"description":"Turn any city into a playground with our interactive City Games and self-guided tours. Fun, flexible, and ideal for groups and team building.","telephone":[],"openingHoursSpecification":[{"@type":"OpeningHoursSpecification","dayOfWeek":["Monday","Tuesday","Wednesday","Thursday","Friday","Saturday","Sunday"],"opens":"09:00","closes":"17:00"}]},{"@type":"ImageObject","inLanguage":"vi","@id":"https:\/\/testwebsite.citygame.com\/vi\/games\/hoek-van-holland\/secrets-of-hoek-van-holland\/#local-main-organization-logo","url":"https:\/\/testwebsite.citygame.com\/wp-content\/blogs.dir\/1\/files\/sites\/62\/2025\/10\/CG_LOGO-City-Game.png","contentUrl":"https:\/\/testwebsite.citygame.com\/wp-content\/blogs.dir\/1\/files\/sites\/62\/2025\/10\/CG_LOGO-City-Game.png","width":351,"height":377,"caption":"City Game"}]}},"taxonomy_info":{"game-concept":[{"value":733,"label":"Secrets"}],"location":[{"value":200,"label":"Hoek van Holland"}],"product_cat":[{"value":27,"label":"Geen categorie"}]},"featured_image_src_large":["https:\/\/testwebsite.citygame.com\/wp-content\/blogs.dir\/1\/files\/sites\/62\/2026\/03\/woman-playing-city-game-on-phone-in-hoek-van-holland-harbour.jpg",1024,1024,false],"author_info":[],"comment_info":"","_links":{"self":[{"href":"https:\/\/testwebsite.citygame.com\/vi\/wp-json\/wp\/v2\/product\/66526","targetHints":{"allow":["GET"]}}],"collection":[{"href":"https:\/\/testwebsite.citygame.com\/vi\/wp-json\/wp\/v2\/product"}],"about":[{"href":"https:\/\/testwebsite.citygame.com\/vi\/wp-json\/wp\/v2\/types\/product"}],"acf:post":[{"embeddable":true,"href":"https:\/\/testwebsite.citygame.com\/vi\/wp-json\/wp\/v2\/pages\/15827"}],"wp:featuredmedia":[{"embeddable":true,"href":"https:\/\/testwebsite.citygame.com\/vi\/wp-json\/wp\/v2\/media\/18828"}],"wp:attachment":[{"href":"https:\/\/testwebsite.citygame.com\/vi\/wp-json\/wp\/v2\/media?parent=66526"}],"wp:term":[{"taxonomy":"game-concept","embeddable":true,"href":"https:\/\/testwebsite.citygame.com\/vi\/wp-json\/wp\/v2\/game-concept?post=66526"},{"taxonomy":"location","embeddable":true,"href":"https:\/\/testwebsite.citygame.com\/vi\/wp-json\/wp\/v2\/location?post=66526"},{"taxonomy":"product_brand","embeddable":true,"href":"https:\/\/testwebsite.citygame.com\/vi\/wp-json\/wp\/v2\/product_brand?post=66526"},{"taxonomy":"product_cat","embeddable":true,"href":"https:\/\/testwebsite.citygame.com\/vi\/wp-json\/wp\/v2\/product_cat?post=66526"},{"taxonomy":"product_tag","embeddable":true,"href":"https:\/\/testwebsite.citygame.com\/vi\/wp-json\/wp\/v2\/product_tag?post=66526"}],"curies":[{"name":"wp","href":"https:\/\/api.w.org\/{rel}","templated":true}]}}