{"id":66385,"date":"2026-03-13T16:35:46","date_gmt":"2026-03-13T16:35:46","guid":{"rendered":"https:\/\/testwebsite.citygame.com\/games\/unknown-location\/secrets-of-giethoorn\/"},"modified":"2026-04-08T19:33:46","modified_gmt":"2026-04-08T19:33:46","slug":"secrets-of-giethoorn","status":"publish","type":"product","link":"https:\/\/testwebsite.citygame.com\/vi\/games\/giethoorn\/secrets-of-giethoorn\/","title":{"rendered":"Secrets of Giethoorn"},"content":{"rendered":"<p>Kh\u00e1m ph\u00e1 v\u1ebb quy\u1ebfn r\u0169 c\u1ee7a Giethoorn th\u00f4ng qua &#8216;Secrets of Giethoorn City Game,&#8217; m\u1ed9t tr\u00f2 ch\u01a1i t\u1ef1 h\u01b0\u1edbng d\u1eabn, d\u1ef1a tr\u00ean GPS di\u1ec5n ra ngay t\u1ea1i trung t\u00e2m th\u00e0nh ph\u1ed1 Giethoorn. \u0110\u00f3ng vai tr\u00f2 l\u00e0 m\u1ed9t h\u01b0\u1edbng d\u1eabn vi\u00ean kh\u00e9o l\u00e9o, \u0111i\u1ec7n tho\u1ea1i th\u00f4ng minh c\u1ee7a b\u1ea1n s\u1ebd d\u1eabn d\u1eaft b\u1ea1n v\u00e0o m\u1ed9t tr\u00f2 ch\u01a1i kh\u00e1m ph\u00e1 s\u00e2u s\u1eafc, \u0111\u01b0\u1ee3c \u0111i\u1ec3m xuy\u1ebft b\u1eb1ng nh\u1eefng c\u00e2u \u0111\u1ed1, b\u00ed \u1ea9n v\u00e0 th\u1eed th\u00e1ch ch\u1ee5p \u1ea3nh h\u1ea5p d\u1eabn. Khi b\u1ea1n \u0111i\u1ec1u h\u01b0\u1edbng tr\u00f2 ch\u01a1i th\u00e0nh ph\u1ed1 Giethoorn, b\u1ea1n s\u1ebd kh\u00e1m ph\u00e1 l\u1ecbch s\u1eed phong ph\u00fa, v\u0103n h\u00f3a v\u00e0 nh\u1eefng chi ti\u1ebft ph\u1ee9c t\u1ea1p \u1ea9n gi\u1ea5u c\u1ee7a th\u00e0nh ph\u1ed1, mang \u0111\u1ebfn m\u1ed9t g\u00f3c nh\u00ecn m\u1edbi m\u1ebb cho d\u00f9 b\u1ea1n l\u00e0 ng\u01b0\u1eddi d\u00e2n \u0111\u1ecba ph\u01b0\u01a1ng hay du kh\u00e1ch. Kh\u00f4ng ch\u1ec9 l\u00e0 m\u1ed9t n\u1ed7 l\u1ef1c c\u00e1 nh\u00e2n, tr\u00f2 ch\u01a1i c\u00f3 th\u1ec3 \u0111\u01b0\u1ee3c th\u01b0\u1edfng th\u1ee9c b\u1edfi c\u00e1c c\u1eb7p \u0111\u00f4i, gia \u0111\u00ecnh v\u00e0 nh\u00f3m b\u1ea1n b\u00e8 \u0111ang t\u00ecm ki\u1ebfm c\u00e1ch kh\u00e1m ph\u00e1 Giethoorn m\u1ed9t c\u00e1ch vui v\u1ebb, h\u1ea5p d\u1eabn.<\/p>\n","protected":false},"excerpt":{"rendered":"<p>Kh\u00e1m ph\u00e1 v\u1ebb quy\u1ebfn r\u0169 thanh b\u00ecnh c\u1ee7a Giethoorn! Du h\u00e0nh qua nh\u1eefng m\u00ea cung \u0111\u01b0\u1eddng th\u1ee7y \u1edf m\u1ed9t th\u00e0nh ph\u1ed1 n\u01a1i th\u1eddi gian d\u01b0\u1eddng nh\u01b0 ng\u1eebng l\u1ea1i v\u00e0 l\u1ecbch s\u1eed th\u00ec th\u1ea7m qua s\u1ef1 thanh b\u00ecnh c\u1ee7a &#8216;Venice ph\u01b0\u01a1ng B\u1eafc&#8217;. Khi b\u1ea1n kh\u00e1m ph\u00e1 nh\u1eefng b\u00ed m\u1eadt \u1ea9n ch\u1ee9a d\u01b0\u1edbi nh\u1eefng con k\u00eanh m\u00ea ho\u1eb7c v\u00e0 nh\u1eefng ng\u00f4i nh\u00e0 m\u00e1i tranh c\u1ed5 k\u00ednh, b\u1ea1n s\u1ebd th\u1ea5y Giethoorn tr\u00e0n ng\u1eadp nh\u1eefng b\u00ed \u1ea9n th\u00fa v\u1ecb v\u1edbi m\u1ed7i nh\u1ecbp ch\u00e8o nh\u1eb9 nh\u00e0ng!<\/p>\n","protected":false},"featured_media":18780,"template":"","meta":{"_acf_changed":false,"_yoast_wpseo_focuskw":"Secrets of Giethoorn","_yoast_wpseo_metadesc":"Secrets of Giethoorn. Ch\u01a1i City Game t\u1ef1 h\u01b0\u1edbng d\u1eabn v\u00e0 kh\u00e1m ph\u00e1 th\u00e0nh ph\u1ed1 qua c\u00e1c c\u00e2u \u0111\u1ed1, b\u00ed \u1ea9n v\u00e0 th\u1eed th\u00e1ch. Ch\u01a1i theo t\u1ed1c \u0111\u1ed9 c\u1ee7a ri\u00eang b\u1ea1n v\u00e0 kh\u00e1m ph\u00e1 nh\u01b0 m\u1ed9t ng\u01b0\u1eddi \u0111\u1ecba ph\u01b0\u01a1ng!","_kad_blocks_custom_css":"","_kad_blocks_head_custom_js":"","_kad_blocks_body_custom_js":"","_kad_blocks_footer_custom_js":"","ghostkit_customizer_options":"","ghostkit_custom_css":"","ghostkit_custom_js_head":"","ghostkit_custom_js_foot":"","ghostkit_typography":"","_kad_post_transparent":"","_kad_post_title":"","_kad_post_layout":"","_kad_post_sidebar_id":"","_kad_post_content_style":"","_kad_post_vertical_padding":"","_kad_post_feature":"","_kad_post_feature_position":"","_kad_post_header":false,"_kad_post_footer":false,"_kad_post_classname":"","_links_to":"","_links_to_target":""},"game-concept":[733],"location":[175],"product_brand":[],"product_cat":[27],"product_tag":[],"class_list":{"0":"post-66385","1":"product","2":"type-product","3":"status-publish","4":"has-post-thumbnail","6":"game-concept-secrets","7":"location-giethoorn","8":"product_cat-geen-categorie","10":"first","11":"instock","12":"shipping-taxable","13":"purchasable","14":"product-type-simple","15":"entry","16":"content-bg","17":"loop-entry"},"acf":{"full_bokun_product_name":"Self-Guided Secrets of Giethoorn Exploration Game","location_name":"Giethoorn","bokun_calendar_widget_code":"<script type=\"text\/javascript\" src=\"https:\/\/widgets.bokun.io\/assets\/javascripts\/apps\/build\/BokunWidgetsLoader.js?bookingChannelUUID=a1e93e96-5232-4734-a595-28405f4b5a31\" async><\/script>\n     \n    <div class=\"bokunWidget\" data-src=\"https:\/\/widgets.bokun.io\/online-sales\/a1e93e96-5232-4734-a595-28405f4b5a31\/experience-calendar\/887816\"><\/div>\n    <noscript>Please enable javascript in your browser to book<\/noscript>","bokun_button_widget_code":"<script type=\"text\/javascript\" src=\"https:\/\/widgets.bokun.io\/assets\/javascripts\/apps\/build\/BokunWidgetsLoader.js?bookingChannelUUID=a1e93e96-5232-4734-a595-28405f4b5a31\" async><\/script>\n      <style> #bokun_ed001e45_5927_4f62_b470_ca766338d083 { display: inline-block; padding: .4em 1em; background: #47b82e; border-radius: 999999px; box-shadow: none; font-weight: 600; font-size: 24px; text-decoration: none; text-align: center; color: #FFFFFF; border:none; cursor: pointer; transition: background .2s ease; } #bokun_ed001e45_5927_4f62_b470_ca766338d083:hover{ background: #2f7b1f; } #bokun_ed001e45_5927_4f62_b470_ca766338d083:active{ background: #378f24; } <\/style> <button class=\"bokunButton\" disabled id=bokun_ed001e45_5927_4f62_b470_ca766338d083 data-src=\"https:\/\/widgets.bokun.io\/online-sales\/a1e93e96-5232-4734-a595-28405f4b5a31\/experience-calendar\/887816?partialView=1\" data-testid=\"widget-book-button\" > Book now <\/button> ","what_you\u2019ll_experience_during_the_game":"The Secrets of Giethoorn City Game l\u00e0 s\u1ef1 k\u1ebft h\u1ee3p \u0111\u1ed9c \u0111\u00e1o gi\u1eefa tham quan, k\u1ec3 chuy\u1ec7n v\u00e0 c\u00e1c c\u00e2u \u0111\u1ed1 h\u1ea5p d\u1eabn. Khi b\u1ea1n \u0111i d\u1ea1o qua nh\u1eefng con \u0111\u01b0\u1eddng th\u1ee7y thanh b\u00ecnh, nh\u1eefng c\u00e2y c\u1ea7u duy\u00ean d\u00e1ng v\u00e0 nh\u1eefng ng\u00f4i nh\u00e0 \u0111\u1eb9p nh\u01b0 tranh v\u1ebd, b\u1ea1n s\u1ebd kh\u00e1m ph\u00e1 c\u1ea3 nh\u1eefng \u0111\u1ecba \u0111i\u1ec3m n\u1ed5i ti\u1ebfng v\u00e0 nh\u1eefng vi\u00ean ng\u1ecdc \u1ea9n gi\u1ea5u \u1edf Giethoorn. Ng\u01b0\u1eddi ch\u01a1i s\u1ebd \u0111i\u1ec1u h\u01b0\u1edbng qua c\u00e1c \u0111\u1ecba \u0111i\u1ec3m n\u1ed5i b\u1eadt nh\u01b0 nh\u1eefng con k\u00eanh m\u00ea ho\u1eb7c, v\u00f4 s\u1ed1 c\u00e2y c\u1ea7u c\u1ed5 k\u00ednh v\u00e0 nh\u1eefng ng\u00f4i nh\u00e0 duy\u00ean d\u00e1ng v\u1edbi nh\u1eefng khu v\u01b0\u1eddn \u0111\u1eb9p nh\u01b0 tranh. Tr\u1ea3i nghi\u1ec7m s\u1ed1ng \u0111\u1ed9ng n\u00e0y kh\u00f4ng ch\u1ec9 gi\u1edbi thi\u1ec7u cho b\u1ea1n nh\u1eefng \u0111\u1ecba \u0111i\u1ec3m h\u1ea5p d\u1eabn m\u00e0 c\u00f2n \u0111\u01b0a b\u1ea1n \u0111\u1eafm ch\u00ecm v\u00e0o kh\u00f4ng kh\u00ed quy\u1ebfn r\u0169 c\u1ee7a th\u00e0nh ph\u1ed1. \n\nGi\u1ea3i ph\u00f3ng th\u00e1m t\u1eed b\u00ean trong b\u1ea1n \u1edf Giethoorn bao g\u1ed3m vi\u1ec7c gi\u1ea3i m\u1ed9t lo\u1ea1t c\u00e1c c\u00e2u \u0111\u1ed1, b\u00ed \u1ea9n v\u00e0 c\u00e2u h\u1ecfi k\u00edch th\u00edch t\u01b0 duy - m\u1ed7i c\u00e2u \u0111\u1ec1u th\u00eam m\u1ed9t l\u1edbp ph\u1ea5n kh\u00edch v\u00e0o cu\u1ed9c kh\u00e1m ph\u00e1 c\u1ee7a b\u1ea1n. S\u1ef1 ti\u1ebfn b\u1ed9 trong tr\u00f2 ch\u01a1i \u0111\u01b0\u1ee3c \u0111\u00e1nh d\u1ea5u b\u1eb1ng vi\u1ec7c m\u1edf kh\u00f3a g\u1ee3i \u00fd v\u00e0 ki\u1ebfm \u0111i\u1ec3m, \u0111\u01b0a b\u1ea1n \u0111\u1ebfn g\u1ea7n h\u01a1n v\u1edbi vi\u1ec7c l\u00e0m s\u00e1ng t\u1ecf b\u00ed \u1ea9n cu\u1ed1i c\u00f9ng c\u1ee7a City Game n\u00e0y. Nh\u1eefng ng\u01b0\u1eddi ch\u01a1i nhi\u1ec7t t\u00ecnh th\u01b0\u1eddng th\u1ea5y m\u00ecnh c\u1ed1 g\u1eafng \u0111\u1ea1t \u0111\u01b0\u1ee3c v\u1ecb tr\u00ed cao h\u01a1n tr\u00ean b\u1ea3ng x\u1ebfp h\u1ea1ng trong khi ho\u00e0n to\u00e0n \u0111\u1eafm ch\u00ecm v\u00e0o h\u00e0nh tr\u00ecnh \u0111\u1ea7y h\u1ea5p d\u1eabn. H\u01a1n n\u1eefa, n\u1ebfu b\u1ea1n mu\u1ed1n d\u00e0nh th\u1eddi gian \u0111\u1ec3 chi\u00eam ng\u01b0\u1ee1ng v\u1ebb \u0111\u1eb9p c\u1ee7a th\u00e0nh ph\u1ed1, b\u1ea1n c\u00f3 th\u1ec3 t\u1ea1m d\u1eebng tr\u00f2 ch\u01a1i b\u1ea5t c\u1ee9 l\u00fac n\u00e0o v\u00e0 ti\u1ebfp t\u1ee5c khi n\u00e0o s\u1eb5n s\u00e0ng. L\u1ecbch tr\u00ecnh linh ho\u1ea1t n\u00e0y k\u1ebft h\u1ee3p v\u1edbi nh\u1eefng th\u1eed th\u00e1ch h\u1ea5p d\u1eabn bi\u1ebfn chuy\u1ebfn \u0111i c\u1ee7a b\u1ea1n \u1edf Giethoorn th\u00e0nh m\u1ed9t cu\u1ed9c phi\u00eau l\u01b0u \u0111\u1ea7y l\u00f4i cu\u1ed1n.","how_to_play":"\u0110\u1eb7t Exploration Game, ki\u1ec3m tra email ch\u00fang t\u00f4i g\u1eedi cho b\u1ea1n v\u1edbi h\u01b0\u1edbng d\u1eabn \u0111\u01a1n gi\u1ea3n, t\u1ea3i xu\u1ed1ng \u1ee9ng d\u1ee5ng Loquiz App, truy c\u1eadp Exploration Game v\u00e0 b\u1ea1n \u0111\u00e3 s\u1eb5n s\u00e0ng b\u1eaft \u0111\u1ea7u tr\u1ea3i nghi\u1ec7m tr\u00f2 ch\u01a1i c\u1ee7a m\u00ecnh!","start_location":"Giethoorn, Binnenpad","available_languages":["en"],"players_per_group":"1-4","duration":"1.5-2 hours","image_overlay_color_image":"https:\/\/testwebsite.citygame.com\/wp-content\/blogs.dir\/1\/files\/sites\/62\/2026\/01\/SecretsColor.svg","image_overlay_game_logo":"https:\/\/testwebsite.citygame.com\/wp-content\/blogs.dir\/1\/files\/sites\/62\/2026\/01\/SecretsLogo.png","city_page":15800,"woocommerce_general_content":null},"yoast_head":"<!-- This site is optimized with the Yoast SEO Premium plugin v26.2 (Yoast SEO v26.3) - https:\/\/yoast.com\/wordpress\/plugins\/seo\/ -->\n<title>Secrets of Giethoorn - City Game<\/title>\n<meta name=\"description\" content=\"Secrets of Giethoorn. Ch\u01a1i City Game t\u1ef1 h\u01b0\u1edbng d\u1eabn v\u00e0 kh\u00e1m ph\u00e1 th\u00e0nh ph\u1ed1 qua c\u00e1c c\u00e2u \u0111\u1ed1, b\u00ed \u1ea9n v\u00e0 th\u1eed th\u00e1ch. Ch\u01a1i theo t\u1ed1c \u0111\u1ed9 c\u1ee7a ri\u00eang b\u1ea1n v\u00e0 kh\u00e1m ph\u00e1 nh\u01b0 m\u1ed9t ng\u01b0\u1eddi \u0111\u1ecba ph\u01b0\u01a1ng!\" \/>\n<meta name=\"robots\" content=\"noindex, follow, max-snippet:-1, max-image-preview:large, max-video-preview:-1\" \/>\n<meta property=\"og:locale\" content=\"vi_VN\" \/>\n<meta property=\"og:type\" content=\"article\" \/>\n<meta property=\"og:title\" content=\"Secrets of Giethoorn\" \/>\n<meta property=\"og:description\" content=\"Secrets of Giethoorn. Ch\u01a1i City Game t\u1ef1 h\u01b0\u1edbng d\u1eabn v\u00e0 kh\u00e1m ph\u00e1 th\u00e0nh ph\u1ed1 qua c\u00e1c c\u00e2u \u0111\u1ed1, b\u00ed \u1ea9n v\u00e0 th\u1eed th\u00e1ch. Ch\u01a1i theo t\u1ed1c \u0111\u1ed9 c\u1ee7a ri\u00eang b\u1ea1n v\u00e0 kh\u00e1m ph\u00e1 nh\u01b0 m\u1ed9t ng\u01b0\u1eddi \u0111\u1ecba ph\u01b0\u01a1ng!\" \/>\n<meta property=\"og:url\" content=\"https:\/\/testwebsite.citygame.com\/vi\/games\/giethoorn\/secrets-of-giethoorn\/\" \/>\n<meta property=\"og:site_name\" content=\"City Game\" \/>\n<meta property=\"article:publisher\" content=\"https:\/\/www.facebook.com\/profile.php?id=100086426226253\" \/>\n<meta property=\"article:modified_time\" content=\"2026-04-08T19:33:46+00:00\" \/>\n<meta property=\"og:image\" content=\"https:\/\/testwebsite.citygame.com\/wp-content\/blogs.dir\/1\/files\/sites\/62\/2026\/03\/group-of-friends-playing-a-city-game-in-giethoorn.jpg\" \/>\n\t<meta property=\"og:image:width\" content=\"1024\" \/>\n\t<meta property=\"og:image:height\" content=\"1024\" \/>\n\t<meta property=\"og:image:type\" content=\"image\/jpeg\" \/>\n<meta name=\"twitter:card\" content=\"summary_large_image\" \/>\n<meta name=\"twitter:label1\" content=\"\u01af\u1edbc t\u00ednh th\u1eddi gian \u0111\u1ecdc\" \/>\n\t<meta name=\"twitter:data1\" content=\"1 ph\u00fat\" \/>\n<script type=\"application\/ld+json\" class=\"yoast-schema-graph\">{\"@context\":\"https:\/\/schema.org\",\"@graph\":[{\"@type\":\"WebPage\",\"@id\":\"https:\/\/testwebsite.citygame.com\/vi\/games\/giethoorn\/secrets-of-giethoorn\/\",\"url\":\"https:\/\/testwebsite.citygame.com\/vi\/games\/giethoorn\/secrets-of-giethoorn\/\",\"name\":\"Secrets of Giethoorn - City Game\",\"isPartOf\":{\"@id\":\"https:\/\/testwebsite.upevents.nl\/#website\"},\"primaryImageOfPage\":{\"@id\":\"https:\/\/testwebsite.citygame.com\/vi\/games\/giethoorn\/secrets-of-giethoorn\/#primaryimage\"},\"image\":{\"@id\":\"https:\/\/testwebsite.citygame.com\/vi\/games\/giethoorn\/secrets-of-giethoorn\/#primaryimage\"},\"thumbnailUrl\":\"https:\/\/testwebsite.citygame.com\/wp-content\/blogs.dir\/1\/files\/sites\/62\/2026\/03\/group-of-friends-playing-a-city-game-in-giethoorn.jpg\",\"datePublished\":\"2026-03-13T16:35:46+00:00\",\"dateModified\":\"2026-04-08T19:33:46+00:00\",\"description\":\"Secrets of Giethoorn. Ch\u01a1i City Game t\u1ef1 h\u01b0\u1edbng d\u1eabn v\u00e0 kh\u00e1m ph\u00e1 th\u00e0nh ph\u1ed1 qua c\u00e1c c\u00e2u \u0111\u1ed1, b\u00ed \u1ea9n v\u00e0 th\u1eed th\u00e1ch. Ch\u01a1i theo t\u1ed1c \u0111\u1ed9 c\u1ee7a ri\u00eang b\u1ea1n v\u00e0 kh\u00e1m ph\u00e1 nh\u01b0 m\u1ed9t ng\u01b0\u1eddi \u0111\u1ecba ph\u01b0\u01a1ng!\",\"breadcrumb\":{\"@id\":\"https:\/\/testwebsite.citygame.com\/vi\/games\/giethoorn\/secrets-of-giethoorn\/#breadcrumb\"},\"inLanguage\":\"vi\",\"potentialAction\":[{\"@type\":\"ReadAction\",\"target\":[\"https:\/\/testwebsite.citygame.com\/vi\/games\/giethoorn\/secrets-of-giethoorn\/\"]}]},{\"@type\":\"ImageObject\",\"inLanguage\":\"vi\",\"@id\":\"https:\/\/testwebsite.citygame.com\/vi\/games\/giethoorn\/secrets-of-giethoorn\/#primaryimage\",\"url\":\"https:\/\/testwebsite.citygame.com\/wp-content\/blogs.dir\/1\/files\/sites\/62\/2026\/03\/group-of-friends-playing-a-city-game-in-giethoorn.jpg\",\"contentUrl\":\"https:\/\/testwebsite.citygame.com\/wp-content\/blogs.dir\/1\/files\/sites\/62\/2026\/03\/group-of-friends-playing-a-city-game-in-giethoorn.jpg\",\"width\":1024,\"height\":1024,\"caption\":\"A group of friends explores the picturesque village of Giethoorn with a city game.\"},{\"@type\":\"BreadcrumbList\",\"@id\":\"https:\/\/testwebsite.citygame.com\/vi\/games\/giethoorn\/secrets-of-giethoorn\/#breadcrumb\",\"itemListElement\":[{\"@type\":\"ListItem\",\"position\":1,\"name\":\"Home\",\"item\":\"https:\/\/testwebsite.citygame.com\/vi\/\"},{\"@type\":\"ListItem\",\"position\":2,\"name\":\"Shop\",\"item\":\"https:\/\/testwebsite.citygame.com\/shop\/\"},{\"@type\":\"ListItem\",\"position\":3,\"name\":\"Secrets of Giethoorn\"}]},{\"@type\":\"WebSite\",\"@id\":\"https:\/\/testwebsite.upevents.nl\/#website\",\"url\":\"https:\/\/testwebsite.upevents.nl\/\",\"name\":\"City Game\",\"description\":\"\",\"publisher\":{\"@id\":\"https:\/\/testwebsite.upevents.nl\/#organization\"},\"alternateName\":\"citygame.com\",\"potentialAction\":[{\"@type\":\"SearchAction\",\"target\":{\"@type\":\"EntryPoint\",\"urlTemplate\":\"https:\/\/testwebsite.upevents.nl\/?s={search_term_string}\"},\"query-input\":{\"@type\":\"PropertyValueSpecification\",\"valueRequired\":true,\"valueName\":\"search_term_string\"}}],\"inLanguage\":\"vi\"},{\"@type\":[\"Organization\",\"Place\"],\"@id\":\"https:\/\/testwebsite.upevents.nl\/#organization\",\"name\":\"City Game\",\"alternateName\":\"citygame.com\",\"url\":\"https:\/\/testwebsite.upevents.nl\/\",\"logo\":{\"@id\":\"https:\/\/testwebsite.citygame.com\/vi\/games\/giethoorn\/secrets-of-giethoorn\/#local-main-organization-logo\"},\"image\":{\"@id\":\"https:\/\/testwebsite.citygame.com\/vi\/games\/giethoorn\/secrets-of-giethoorn\/#local-main-organization-logo\"},\"sameAs\":[\"https:\/\/www.facebook.com\/profile.php?id=100086426226253\",\"https:\/\/www.instagram.com\/citygame_com\",\"https:\/\/www.tiktok.com\/@citygamecom\/\",\"https:\/\/www.linkedin.com\/company\/citygame-com\"],\"description\":\"Turn any city into a playground with our interactive City Games and self-guided tours. Fun, flexible, and ideal for groups and team building.\",\"telephone\":[],\"openingHoursSpecification\":[{\"@type\":\"OpeningHoursSpecification\",\"dayOfWeek\":[\"Monday\",\"Tuesday\",\"Wednesday\",\"Thursday\",\"Friday\",\"Saturday\",\"Sunday\"],\"opens\":\"09:00\",\"closes\":\"17:00\"}]},{\"@type\":\"ImageObject\",\"inLanguage\":\"vi\",\"@id\":\"https:\/\/testwebsite.citygame.com\/vi\/games\/giethoorn\/secrets-of-giethoorn\/#local-main-organization-logo\",\"url\":\"https:\/\/testwebsite.citygame.com\/wp-content\/blogs.dir\/1\/files\/sites\/62\/2025\/10\/CG_LOGO-City-Game.png\",\"contentUrl\":\"https:\/\/testwebsite.citygame.com\/wp-content\/blogs.dir\/1\/files\/sites\/62\/2025\/10\/CG_LOGO-City-Game.png\",\"width\":351,\"height\":377,\"caption\":\"City Game\"}]}<\/script>\n<!-- \/ Yoast SEO Premium plugin. -->","yoast_head_json":{"title":"Secrets of Giethoorn - City Game","description":"Secrets of Giethoorn. Ch\u01a1i City Game t\u1ef1 h\u01b0\u1edbng d\u1eabn v\u00e0 kh\u00e1m ph\u00e1 th\u00e0nh ph\u1ed1 qua c\u00e1c c\u00e2u \u0111\u1ed1, b\u00ed \u1ea9n v\u00e0 th\u1eed th\u00e1ch. Ch\u01a1i theo t\u1ed1c \u0111\u1ed9 c\u1ee7a ri\u00eang b\u1ea1n v\u00e0 kh\u00e1m ph\u00e1 nh\u01b0 m\u1ed9t ng\u01b0\u1eddi \u0111\u1ecba ph\u01b0\u01a1ng!","robots":{"index":"noindex","follow":"follow","max-snippet":"max-snippet:-1","max-image-preview":"max-image-preview:large","max-video-preview":"max-video-preview:-1"},"og_locale":"vi_VN","og_type":"article","og_title":"Secrets of Giethoorn","og_description":"Secrets of Giethoorn. Ch\u01a1i City Game t\u1ef1 h\u01b0\u1edbng d\u1eabn v\u00e0 kh\u00e1m ph\u00e1 th\u00e0nh ph\u1ed1 qua c\u00e1c c\u00e2u \u0111\u1ed1, b\u00ed \u1ea9n v\u00e0 th\u1eed th\u00e1ch. Ch\u01a1i theo t\u1ed1c \u0111\u1ed9 c\u1ee7a ri\u00eang b\u1ea1n v\u00e0 kh\u00e1m ph\u00e1 nh\u01b0 m\u1ed9t ng\u01b0\u1eddi \u0111\u1ecba ph\u01b0\u01a1ng!","og_url":"https:\/\/testwebsite.citygame.com\/vi\/games\/giethoorn\/secrets-of-giethoorn\/","og_site_name":"City Game","article_publisher":"https:\/\/www.facebook.com\/profile.php?id=100086426226253","article_modified_time":"2026-04-08T19:33:46+00:00","og_image":[{"width":1024,"height":1024,"url":"https:\/\/testwebsite.citygame.com\/wp-content\/blogs.dir\/1\/files\/sites\/62\/2026\/03\/group-of-friends-playing-a-city-game-in-giethoorn.jpg","type":"image\/jpeg"}],"twitter_card":"summary_large_image","twitter_misc":{"\u01af\u1edbc t\u00ednh th\u1eddi gian \u0111\u1ecdc":"1 ph\u00fat"},"schema":{"@context":"https:\/\/schema.org","@graph":[{"@type":"WebPage","@id":"https:\/\/testwebsite.citygame.com\/vi\/games\/giethoorn\/secrets-of-giethoorn\/","url":"https:\/\/testwebsite.citygame.com\/vi\/games\/giethoorn\/secrets-of-giethoorn\/","name":"Secrets of Giethoorn - City Game","isPartOf":{"@id":"https:\/\/testwebsite.upevents.nl\/#website"},"primaryImageOfPage":{"@id":"https:\/\/testwebsite.citygame.com\/vi\/games\/giethoorn\/secrets-of-giethoorn\/#primaryimage"},"image":{"@id":"https:\/\/testwebsite.citygame.com\/vi\/games\/giethoorn\/secrets-of-giethoorn\/#primaryimage"},"thumbnailUrl":"https:\/\/testwebsite.citygame.com\/wp-content\/blogs.dir\/1\/files\/sites\/62\/2026\/03\/group-of-friends-playing-a-city-game-in-giethoorn.jpg","datePublished":"2026-03-13T16:35:46+00:00","dateModified":"2026-04-08T19:33:46+00:00","description":"Secrets of Giethoorn. Ch\u01a1i City Game t\u1ef1 h\u01b0\u1edbng d\u1eabn v\u00e0 kh\u00e1m ph\u00e1 th\u00e0nh ph\u1ed1 qua c\u00e1c c\u00e2u \u0111\u1ed1, b\u00ed \u1ea9n v\u00e0 th\u1eed th\u00e1ch. Ch\u01a1i theo t\u1ed1c \u0111\u1ed9 c\u1ee7a ri\u00eang b\u1ea1n v\u00e0 kh\u00e1m ph\u00e1 nh\u01b0 m\u1ed9t ng\u01b0\u1eddi \u0111\u1ecba ph\u01b0\u01a1ng!","breadcrumb":{"@id":"https:\/\/testwebsite.citygame.com\/vi\/games\/giethoorn\/secrets-of-giethoorn\/#breadcrumb"},"inLanguage":"vi","potentialAction":[{"@type":"ReadAction","target":["https:\/\/testwebsite.citygame.com\/vi\/games\/giethoorn\/secrets-of-giethoorn\/"]}]},{"@type":"ImageObject","inLanguage":"vi","@id":"https:\/\/testwebsite.citygame.com\/vi\/games\/giethoorn\/secrets-of-giethoorn\/#primaryimage","url":"https:\/\/testwebsite.citygame.com\/wp-content\/blogs.dir\/1\/files\/sites\/62\/2026\/03\/group-of-friends-playing-a-city-game-in-giethoorn.jpg","contentUrl":"https:\/\/testwebsite.citygame.com\/wp-content\/blogs.dir\/1\/files\/sites\/62\/2026\/03\/group-of-friends-playing-a-city-game-in-giethoorn.jpg","width":1024,"height":1024,"caption":"A group of friends explores the picturesque village of Giethoorn with a city game."},{"@type":"BreadcrumbList","@id":"https:\/\/testwebsite.citygame.com\/vi\/games\/giethoorn\/secrets-of-giethoorn\/#breadcrumb","itemListElement":[{"@type":"ListItem","position":1,"name":"Home","item":"https:\/\/testwebsite.citygame.com\/vi\/"},{"@type":"ListItem","position":2,"name":"Shop","item":"https:\/\/testwebsite.citygame.com\/shop\/"},{"@type":"ListItem","position":3,"name":"Secrets of Giethoorn"}]},{"@type":"WebSite","@id":"https:\/\/testwebsite.upevents.nl\/#website","url":"https:\/\/testwebsite.upevents.nl\/","name":"City Game","description":"","publisher":{"@id":"https:\/\/testwebsite.upevents.nl\/#organization"},"alternateName":"citygame.com","potentialAction":[{"@type":"SearchAction","target":{"@type":"EntryPoint","urlTemplate":"https:\/\/testwebsite.upevents.nl\/?s={search_term_string}"},"query-input":{"@type":"PropertyValueSpecification","valueRequired":true,"valueName":"search_term_string"}}],"inLanguage":"vi"},{"@type":["Organization","Place"],"@id":"https:\/\/testwebsite.upevents.nl\/#organization","name":"City Game","alternateName":"citygame.com","url":"https:\/\/testwebsite.upevents.nl\/","logo":{"@id":"https:\/\/testwebsite.citygame.com\/vi\/games\/giethoorn\/secrets-of-giethoorn\/#local-main-organization-logo"},"image":{"@id":"https:\/\/testwebsite.citygame.com\/vi\/games\/giethoorn\/secrets-of-giethoorn\/#local-main-organization-logo"},"sameAs":["https:\/\/www.facebook.com\/profile.php?id=100086426226253","https:\/\/www.instagram.com\/citygame_com","https:\/\/www.tiktok.com\/@citygamecom\/","https:\/\/www.linkedin.com\/company\/citygame-com"],"description":"Turn any city into a playground with our interactive City Games and self-guided tours. Fun, flexible, and ideal for groups and team building.","telephone":[],"openingHoursSpecification":[{"@type":"OpeningHoursSpecification","dayOfWeek":["Monday","Tuesday","Wednesday","Thursday","Friday","Saturday","Sunday"],"opens":"09:00","closes":"17:00"}]},{"@type":"ImageObject","inLanguage":"vi","@id":"https:\/\/testwebsite.citygame.com\/vi\/games\/giethoorn\/secrets-of-giethoorn\/#local-main-organization-logo","url":"https:\/\/testwebsite.citygame.com\/wp-content\/blogs.dir\/1\/files\/sites\/62\/2025\/10\/CG_LOGO-City-Game.png","contentUrl":"https:\/\/testwebsite.citygame.com\/wp-content\/blogs.dir\/1\/files\/sites\/62\/2025\/10\/CG_LOGO-City-Game.png","width":351,"height":377,"caption":"City Game"}]}},"taxonomy_info":{"game-concept":[{"value":733,"label":"Secrets"}],"location":[{"value":175,"label":"Giethoorn"}],"product_cat":[{"value":27,"label":"Geen categorie"}]},"featured_image_src_large":["https:\/\/testwebsite.citygame.com\/wp-content\/blogs.dir\/1\/files\/sites\/62\/2026\/03\/group-of-friends-playing-a-city-game-in-giethoorn.jpg",1024,1024,false],"author_info":[],"comment_info":"","_links":{"self":[{"href":"https:\/\/testwebsite.citygame.com\/vi\/wp-json\/wp\/v2\/product\/66385","targetHints":{"allow":["GET"]}}],"collection":[{"href":"https:\/\/testwebsite.citygame.com\/vi\/wp-json\/wp\/v2\/product"}],"about":[{"href":"https:\/\/testwebsite.citygame.com\/vi\/wp-json\/wp\/v2\/types\/product"}],"acf:post":[{"embeddable":true,"href":"https:\/\/testwebsite.citygame.com\/vi\/wp-json\/wp\/v2\/pages\/15800"}],"wp:featuredmedia":[{"embeddable":true,"href":"https:\/\/testwebsite.citygame.com\/vi\/wp-json\/wp\/v2\/media\/18780"}],"wp:attachment":[{"href":"https:\/\/testwebsite.citygame.com\/vi\/wp-json\/wp\/v2\/media?parent=66385"}],"wp:term":[{"taxonomy":"game-concept","embeddable":true,"href":"https:\/\/testwebsite.citygame.com\/vi\/wp-json\/wp\/v2\/game-concept?post=66385"},{"taxonomy":"location","embeddable":true,"href":"https:\/\/testwebsite.citygame.com\/vi\/wp-json\/wp\/v2\/location?post=66385"},{"taxonomy":"product_brand","embeddable":true,"href":"https:\/\/testwebsite.citygame.com\/vi\/wp-json\/wp\/v2\/product_brand?post=66385"},{"taxonomy":"product_cat","embeddable":true,"href":"https:\/\/testwebsite.citygame.com\/vi\/wp-json\/wp\/v2\/product_cat?post=66385"},{"taxonomy":"product_tag","embeddable":true,"href":"https:\/\/testwebsite.citygame.com\/vi\/wp-json\/wp\/v2\/product_tag?post=66385"}],"curies":[{"name":"wp","href":"https:\/\/api.w.org\/{rel}","templated":true}]}}