{"id":66200,"date":"2026-03-13T14:53:38","date_gmt":"2026-03-13T14:53:38","guid":{"rendered":"https:\/\/testwebsite.citygame.com\/games\/unknown-location\/secrets-of-valletta\/"},"modified":"2026-04-08T18:09:06","modified_gmt":"2026-04-08T18:09:06","slug":"secrets-of-valletta","status":"publish","type":"product","link":"https:\/\/testwebsite.citygame.com\/vi\/games\/valletta\/secrets-of-valletta\/","title":{"rendered":"Secrets of Valletta"},"content":{"rendered":"<p>Kh\u00e1m ph\u00e1 trung t\u00e2m l\u1ecbch s\u1eed c\u1ee7a Valletta th\u00f4ng qua \u0111i\u1ec7n tho\u1ea1i th\u00f4ng minh c\u1ee7a b\u1ea1n v\u1edbi Tr\u00f2 ch\u01a1i th\u00e0nh ph\u1ed1 t\u1ef1 h\u01b0\u1edbng d\u1eabn, d\u1ef1a tr\u00ean GPS &#8216;Secrets of Valletta&#8217;. Tr\u00f2 ch\u01a1i kh\u00e1m ph\u00e1 h\u1ea5p d\u1eabn n\u00e0y s\u1ebd \u0111\u01b0a b\u1ea1n \u0111\u1eafm ch\u00ecm v\u00e0o truy\u1ec1n th\u1ed1ng phong ph\u00fa c\u1ee7a th\u00e0nh ph\u1ed1 khi b\u1ea1n d\u1ea1o b\u01b0\u1edbc tr\u00ean nh\u1eefng con ph\u1ed1, gi\u1ea3i c\u00e1c c\u00e2u \u0111\u1ed1, b\u00ed \u1ea9n v\u00e0 th\u1eed th\u00e1ch ch\u1ee5p \u1ea3nh. Khi b\u1ea1n h\u00e9 l\u1ed9 nh\u1eefng b\u00ed m\u1eadt c\u1ee7a tr\u00f2 ch\u01a1i, b\u1ea1n \u0111\u1ed3ng th\u1eddi s\u1ebd t\u00ecm hi\u1ec3u v\u1ec1 l\u1ecbch s\u1eed, v\u0103n h\u00f3a v\u00e0 nh\u1eefng chi ti\u1ebft \u1ea9n gi\u1ea5u \u0111\u1ea7y m\u00ea ho\u1eb7c c\u1ee7a Valletta, bi\u1ebfn th\u00e0nh ph\u1ed1 th\u00e0nh m\u1ed9t b\u1ea3o t\u00e0ng ngo\u00e0i tr\u1eddi. Tr\u00f2 ch\u01a1i ph\u00f9 h\u1ee3p cho c\u1ea3 du kh\u00e1ch mu\u1ed1n kh\u00e1m ph\u00e1 nh\u1eefng b\u00ed \u1ea9n c\u1ee7a th\u00e0nh ph\u1ed1 v\u00e0 ng\u01b0\u1eddi d\u00e2n \u0111\u1ecba ph\u01b0\u01a1ng mu\u1ed1n kh\u00e1m ph\u00e1 l\u1ea1i qu\u00ea h\u01b0\u01a1ng c\u1ee7a m\u00ecnh. N\u00f3 ho\u00e0n h\u1ea3o cho ng\u01b0\u1eddi ch\u01a1i \u0111\u01a1n l\u1ebb, t\u1ea1o th\u00e0nh m\u1ed9t ho\u1ea1t \u0111\u1ed9ng gi\u1ea3i tr\u00ed phi\u00eau l\u01b0u l\u00fd t\u01b0\u1edfng v\u00e0 c\u0169ng t\u0103ng th\u00eam y\u1ebfu t\u1ed1 th\u00fa v\u1ecb cho c\u00e1c c\u1eb7p \u0111\u00f4i, gia \u0111\u00ecnh v\u00e0 nh\u00f3m b\u1ea1n b\u00e8.<\/p>\n","protected":false},"excerpt":{"rendered":"<p>\u0110\u1eafm m\u00ecnh v\u00e0o t\u1ea5m th\u1ea3m phong ph\u00fa c\u1ee7a Valletta! D\u1ea1o b\u01b0\u1edbc qua m\u1ed9t th\u00e0nh ph\u1ed1 vang v\u1ecdng l\u1ecbch s\u1eed, t\u1eeb nh\u1eefng cung \u0111i\u1ec7n Baroque tr\u00e1ng l\u1ec7 \u0111\u1ebfn nh\u1eefng con ph\u1ed1 m\u00ea cung ph\u1ee9c t\u1ea1p. Gi\u1ea3i m\u00e3 c\u00e1c manh m\u1ed1i v\u00e0 h\u00e9 l\u1ed9 b\u00ed m\u1eadt khi b\u1ea1n \u0111i\u1ec1u h\u01b0\u1edbng qua tr\u00e1i tim r\u1ef1c r\u1ee1 c\u1ee7a n\u00f3, Valletta tr\u00e0n ng\u1eadp nh\u1eefng vi\u00ean ng\u1ecdc \u1ea9n \u1edf m\u1ecdi ng\u00f3c ng\u00e1ch!<\/p>\n","protected":false},"featured_media":18706,"template":"","meta":{"_acf_changed":false,"_yoast_wpseo_focuskw":"Secrets of Valletta","_yoast_wpseo_metadesc":"Secrets of Valletta. Ch\u01a1i Tr\u00f2 ch\u01a1i th\u00e0nh ph\u1ed1 t\u1ef1 h\u01b0\u1edbng d\u1eabn v\u00e0 kh\u00e1m ph\u00e1 th\u00e0nh ph\u1ed1 qua c\u00e1c c\u00e2u \u0111\u1ed1, b\u00ed \u1ea9n v\u00e0 th\u1eed th\u00e1ch. Ch\u01a1i theo t\u1ed1c \u0111\u1ed9 c\u1ee7a ri\u00eang b\u1ea1n v\u00e0 kh\u00e1m ph\u00e1 nh\u01b0 m\u1ed9t ng\u01b0\u1eddi \u0111\u1ecba ph\u01b0\u01a1ng!","_kad_blocks_custom_css":"","_kad_blocks_head_custom_js":"","_kad_blocks_body_custom_js":"","_kad_blocks_footer_custom_js":"","ghostkit_customizer_options":"","ghostkit_custom_css":"","ghostkit_custom_js_head":"","ghostkit_custom_js_foot":"","ghostkit_typography":"","_kad_post_transparent":"","_kad_post_title":"","_kad_post_layout":"","_kad_post_sidebar_id":"","_kad_post_content_style":"","_kad_post_vertical_padding":"","_kad_post_feature":"","_kad_post_feature_position":"","_kad_post_header":false,"_kad_post_footer":false,"_kad_post_classname":"","_links_to":"","_links_to_target":""},"game-concept":[733],"location":[416],"product_brand":[],"product_cat":[27],"product_tag":[],"class_list":{"0":"post-66200","1":"product","2":"type-product","3":"status-publish","4":"has-post-thumbnail","6":"game-concept-secrets","7":"location-valletta","8":"product_cat-geen-categorie","10":"first","11":"instock","12":"shipping-taxable","13":"purchasable","14":"product-type-simple","15":"entry","16":"content-bg","17":"loop-entry"},"acf":{"full_bokun_product_name":"Self-Guided Secrets of Valletta Exploration Game","location_name":"Valletta","bokun_calendar_widget_code":"<script type=\"text\/javascript\" src=\"https:\/\/widgets.bokun.io\/assets\/javascripts\/apps\/build\/BokunWidgetsLoader.js?bookingChannelUUID=a1e93e96-5232-4734-a595-28405f4b5a31\" async><\/script>\n     \n    <div class=\"bokunWidget\" data-src=\"https:\/\/widgets.bokun.io\/online-sales\/a1e93e96-5232-4734-a595-28405f4b5a31\/experience-calendar\/895753\"><\/div>\n    <noscript>Please enable javascript in your browser to book<\/noscript>","bokun_button_widget_code":"<script type=\"text\/javascript\" src=\"https:\/\/widgets.bokun.io\/assets\/javascripts\/apps\/build\/BokunWidgetsLoader.js?bookingChannelUUID=a1e93e96-5232-4734-a595-28405f4b5a31\" async><\/script>\n      <style> #bokun_ed001e45_5927_4f62_b470_ca766338d083 { display: inline-block; padding: .4em 1em; background: #47b82e; border-radius: 999999px; box-shadow: none; font-weight: 600; font-size: 24px; text-decoration: none; text-align: center; color: #FFFFFF; border:none; cursor: pointer; transition: background .2s ease; } #bokun_ed001e45_5927_4f62_b470_ca766338d083:hover{ background: #2f7b1f; } #bokun_ed001e45_5927_4f62_b470_ca766338d083:active{ background: #378f24; } <\/style> <button class=\"bokunButton\" disabled id=bokun_ed001e45_5927_4f62_b470_ca766338d083 data-src=\"https:\/\/widgets.bokun.io\/online-sales\/a1e93e96-5232-4734-a595-28405f4b5a31\/experience-calendar\/895753?partialView=1\" data-testid=\"widget-book-button\" > Book now <\/button> ","what_you\u2019ll_experience_during_the_game":"\u0110\u1eafm m\u00ecnh v\u00e0o t\u1ea5m th\u1ea3m v\u0103n h\u00f3a phong ph\u00fa c\u1ee7a Valletta v\u1edbi Tr\u00f2 ch\u01a1i th\u00e0nh ph\u1ed1 h\u1ea5p d\u1eabn c\u1ee7a ch\u00fang t\u00f4i, k\u1ebft h\u1ee3p m\u01b0\u1ee3t m\u00e0 vi\u1ec7c tham quan v\u1edbi m\u1ed9t c\u00e2u chuy\u1ec7n ly k\u1ef3 v\u00e0 c\u00e1c th\u1eed th\u00e1ch t\u01b0\u01a1ng t\u00e1c. Khi b\u1ea1n \u0111i\u1ec1u h\u01b0\u1edbng th\u00e0nh ph\u1ed1, b\u1ea1n s\u1ebd \u0111\u01b0\u1ee3c h\u01b0\u1edbng d\u1eabn chuy\u00ean nghi\u1ec7p qua c\u1ea3 nh\u1eefng vi\u00ean ng\u1ecdc qu\u00fd mang t\u00ednh bi\u1ec3u t\u01b0\u1ee3ng v\u00e0 \u1ea9n gi\u1ea5u c\u1ee7a th\u1ee7 \u0111\u00f4 s\u00f4i \u0111\u1ed9ng Malta. D\u1ea1o b\u01b0\u1edbc qua nh\u1eefng con ph\u1ed1 \u0111i b\u1ed9 n\u1ed5i ti\u1ebfng Republic Street v\u00e0 Merchant Street, kh\u00e1m ph\u00e1 Nh\u00e0 th\u1edd St. John's Co-Cathedral tuy\u1ec7t \u0111\u1eb9p, t\u00ecm th\u1ea5y s\u1ef1 y\u00ean b\u00ecnh trong Upper Barrakka Gardens, v\u00e0 chi\u00eam ng\u01b0\u1ee1ng Ph\u00e1o \u0111\u00e0i Saluting Battery uy nghi. Tr\u00f2 ch\u01a1i n\u00e0y cho ph\u00e9p b\u1ea1n tr\u1ea3i nghi\u1ec7m b\u1ea7u kh\u00f4ng kh\u00ed v\u00e0 ki\u1ebfn tr\u00fac \u0111\u1ed9c \u0111\u00e1o c\u1ee7a Valletta \u0111\u1ed3ng th\u1eddi k\u00edch th\u00edch tinh th\u1ea7n phi\u00eau l\u01b0u c\u1ee7a b\u1ea1n.\n\nCh\u01a1i tr\u00f2 ch\u01a1i kh\u00e1m ph\u00e1 n\u00e0y l\u00e0 m\u1ed9t h\u00e0nh tr\u00ecnh gi\u1ea3i quy\u1ebft m\u1ed9t lo\u1ea1t c\u00e1c c\u00e2u \u0111\u1ed1, gi\u1ea3i m\u00e3 nh\u1eefng b\u00ed \u1ea9n h\u1ea5p d\u1eabn, tr\u1ea3 l\u1eddi c\u00e2u h\u1ecfi v\u00e0 tham gia v\u00e0o c\u00e1c th\u1eed th\u00e1ch ch\u1ee5p \u1ea3nh s\u00e1ng t\u1ea1o. M\u1ed7i th\u1eed th\u00e1ch ho\u00e0n th\u00e0nh s\u1ebd mang l\u1ea1i cho b\u1ea1n \u0111i\u1ec3m, gi\u00fap m\u1edf kh\u00f3a g\u1ee3i \u00fd v\u00e0 \u0111\u01b0a b\u1ea1n \u0111\u1ebfn g\u1ea7n h\u01a1n m\u1ed9t b\u01b0\u1edbc \u0111\u1ec3 h\u00e9 l\u1ed9 b\u00ed \u1ea9n cu\u1ed1i c\u00f9ng c\u1ee7a tr\u00f2 ch\u01a1i. \u0110\u1ec3 t\u0103ng c\u01b0\u1eddng m\u1ee9c \u0111\u1ed9 h\u1ed3i h\u1ed9p v\u00e0 ph\u1ee5c v\u1ee5 s\u1ef1 ti\u1ec7n l\u1ee3i c\u1ee7a b\u1ea1n, tr\u00f2 ch\u01a1i c\u00f3 th\u1ec3 t\u1ea1m d\u1eebng v\u00e0 ti\u1ebfp t\u1ee5c b\u1ea5t c\u1ee9 khi n\u00e0o b\u1ea1n mu\u1ed1n. \u0110\u1ed1i v\u1edbi nh\u1eefng ng\u01b0\u1eddi y\u00eau th\u00edch ni\u1ec1m ph\u1ea5n kh\u00edch c\u1ee7a cu\u1ed9c thi, h\u00e3y c\u1ed1 g\u1eafng ghi c\u00e0ng nhi\u1ec1u \u0111i\u1ec3m c\u00e0ng t\u1ed1t \u0111\u1ec3 \u0111\u1ea1t th\u1ee9 h\u1ea1ng cao tr\u00ean b\u1ea3ng x\u1ebfp h\u1ea1ng. Kh\u00e1m ph\u00e1 'Secrets of Valletta' trong khi s\u1ed1ng m\u1ed9t c\u00e2u chuy\u1ec7n kh\u00f3 qu\u00ean \u0111\u01b0\u1ee3c d\u1ec7t n\u00ean c\u00f9ng v\u1edbi ni\u1ec1m vui kh\u00e1m ph\u00e1.","how_to_play":"\u0110\u1eb7t Tr\u00f2 ch\u01a1i kh\u00e1m ph\u00e1, ki\u1ec3m tra email ch\u00fang t\u00f4i g\u1eedi cho b\u1ea1n v\u1edbi h\u01b0\u1edbng d\u1eabn \u0111\u01a1n gi\u1ea3n, t\u1ea3i xu\u1ed1ng Loquiz App, truy c\u1eadp Tr\u00f2 ch\u01a1i kh\u00e1m ph\u00e1 v\u00e0 b\u1ea1n \u0111\u00e3 s\u1eb5n s\u00e0ng b\u1eaft \u0111\u1ea7u tr\u1ea3i nghi\u1ec7m tr\u00f2 ch\u01a1i c\u1ee7a m\u00ecnh!","start_location":"Valletta, St. George\u2019s Square","available_languages":["en"],"players_per_group":"1-4","duration":"1.5-2 hours","image_overlay_color_image":"https:\/\/testwebsite.citygame.com\/wp-content\/blogs.dir\/1\/files\/sites\/62\/2026\/01\/SecretsColor.svg","image_overlay_game_logo":"https:\/\/testwebsite.citygame.com\/wp-content\/blogs.dir\/1\/files\/sites\/62\/2026\/01\/SecretsLogo.png","city_page":5625,"woocommerce_general_content":null},"yoast_head":"<!-- This site is optimized with the Yoast SEO Premium plugin v26.2 (Yoast SEO v26.3) - https:\/\/yoast.com\/wordpress\/plugins\/seo\/ -->\n<title>Secrets of Valletta - City Game<\/title>\n<meta name=\"description\" content=\"Secrets of Valletta. Ch\u01a1i Tr\u00f2 ch\u01a1i th\u00e0nh ph\u1ed1 t\u1ef1 h\u01b0\u1edbng d\u1eabn v\u00e0 kh\u00e1m ph\u00e1 th\u00e0nh ph\u1ed1 qua c\u00e1c c\u00e2u \u0111\u1ed1, b\u00ed \u1ea9n v\u00e0 th\u1eed th\u00e1ch. Ch\u01a1i theo t\u1ed1c \u0111\u1ed9 c\u1ee7a ri\u00eang b\u1ea1n v\u00e0 kh\u00e1m ph\u00e1 nh\u01b0 m\u1ed9t ng\u01b0\u1eddi \u0111\u1ecba ph\u01b0\u01a1ng!\" \/>\n<meta name=\"robots\" content=\"noindex, follow, max-snippet:-1, max-image-preview:large, max-video-preview:-1\" \/>\n<meta property=\"og:locale\" content=\"vi_VN\" \/>\n<meta property=\"og:type\" content=\"article\" \/>\n<meta property=\"og:title\" content=\"Secrets of Valletta\" \/>\n<meta property=\"og:description\" content=\"Secrets of Valletta. Ch\u01a1i Tr\u00f2 ch\u01a1i th\u00e0nh ph\u1ed1 t\u1ef1 h\u01b0\u1edbng d\u1eabn v\u00e0 kh\u00e1m ph\u00e1 th\u00e0nh ph\u1ed1 qua c\u00e1c c\u00e2u \u0111\u1ed1, b\u00ed \u1ea9n v\u00e0 th\u1eed th\u00e1ch. Ch\u01a1i theo t\u1ed1c \u0111\u1ed9 c\u1ee7a ri\u00eang b\u1ea1n v\u00e0 kh\u00e1m ph\u00e1 nh\u01b0 m\u1ed9t ng\u01b0\u1eddi \u0111\u1ecba ph\u01b0\u01a1ng!\" \/>\n<meta property=\"og:url\" content=\"https:\/\/testwebsite.citygame.com\/vi\/games\/valletta\/secrets-of-valletta\/\" \/>\n<meta property=\"og:site_name\" content=\"City Game\" \/>\n<meta property=\"article:publisher\" content=\"https:\/\/www.facebook.com\/profile.php?id=100086426226253\" \/>\n<meta property=\"article:modified_time\" content=\"2026-04-08T18:09:06+00:00\" \/>\n<meta property=\"og:image\" content=\"https:\/\/testwebsite.citygame.com\/wp-content\/blogs.dir\/1\/files\/sites\/62\/2026\/03\/man-playing-city-game-upper-barrakka-gardens-valletta.jpg\" \/>\n\t<meta property=\"og:image:width\" content=\"1024\" \/>\n\t<meta property=\"og:image:height\" content=\"1024\" \/>\n\t<meta property=\"og:image:type\" content=\"image\/jpeg\" \/>\n<meta name=\"twitter:card\" content=\"summary_large_image\" \/>\n<meta name=\"twitter:label1\" content=\"\u01af\u1edbc t\u00ednh th\u1eddi gian \u0111\u1ecdc\" \/>\n\t<meta name=\"twitter:data1\" content=\"1 ph\u00fat\" \/>\n<script type=\"application\/ld+json\" class=\"yoast-schema-graph\">{\"@context\":\"https:\/\/schema.org\",\"@graph\":[{\"@type\":\"WebPage\",\"@id\":\"https:\/\/testwebsite.citygame.com\/vi\/games\/valletta\/secrets-of-valletta\/\",\"url\":\"https:\/\/testwebsite.citygame.com\/vi\/games\/valletta\/secrets-of-valletta\/\",\"name\":\"Secrets of Valletta - City Game\",\"isPartOf\":{\"@id\":\"https:\/\/testwebsite.upevents.nl\/#website\"},\"primaryImageOfPage\":{\"@id\":\"https:\/\/testwebsite.citygame.com\/vi\/games\/valletta\/secrets-of-valletta\/#primaryimage\"},\"image\":{\"@id\":\"https:\/\/testwebsite.citygame.com\/vi\/games\/valletta\/secrets-of-valletta\/#primaryimage\"},\"thumbnailUrl\":\"https:\/\/testwebsite.citygame.com\/wp-content\/blogs.dir\/1\/files\/sites\/62\/2026\/03\/man-playing-city-game-upper-barrakka-gardens-valletta.jpg\",\"datePublished\":\"2026-03-13T14:53:38+00:00\",\"dateModified\":\"2026-04-08T18:09:06+00:00\",\"description\":\"Secrets of Valletta. Ch\u01a1i Tr\u00f2 ch\u01a1i th\u00e0nh ph\u1ed1 t\u1ef1 h\u01b0\u1edbng d\u1eabn v\u00e0 kh\u00e1m ph\u00e1 th\u00e0nh ph\u1ed1 qua c\u00e1c c\u00e2u \u0111\u1ed1, b\u00ed \u1ea9n v\u00e0 th\u1eed th\u00e1ch. Ch\u01a1i theo t\u1ed1c \u0111\u1ed9 c\u1ee7a ri\u00eang b\u1ea1n v\u00e0 kh\u00e1m ph\u00e1 nh\u01b0 m\u1ed9t ng\u01b0\u1eddi \u0111\u1ecba ph\u01b0\u01a1ng!\",\"breadcrumb\":{\"@id\":\"https:\/\/testwebsite.citygame.com\/vi\/games\/valletta\/secrets-of-valletta\/#breadcrumb\"},\"inLanguage\":\"vi\",\"potentialAction\":[{\"@type\":\"ReadAction\",\"target\":[\"https:\/\/testwebsite.citygame.com\/vi\/games\/valletta\/secrets-of-valletta\/\"]}]},{\"@type\":\"ImageObject\",\"inLanguage\":\"vi\",\"@id\":\"https:\/\/testwebsite.citygame.com\/vi\/games\/valletta\/secrets-of-valletta\/#primaryimage\",\"url\":\"https:\/\/testwebsite.citygame.com\/wp-content\/blogs.dir\/1\/files\/sites\/62\/2026\/03\/man-playing-city-game-upper-barrakka-gardens-valletta.jpg\",\"contentUrl\":\"https:\/\/testwebsite.citygame.com\/wp-content\/blogs.dir\/1\/files\/sites\/62\/2026\/03\/man-playing-city-game-upper-barrakka-gardens-valletta.jpg\",\"width\":1024,\"height\":1024,\"caption\":\"A player uses a smartphone app while exploring the arched colonnade of the Upper Barrakka Gardens.\"},{\"@type\":\"BreadcrumbList\",\"@id\":\"https:\/\/testwebsite.citygame.com\/vi\/games\/valletta\/secrets-of-valletta\/#breadcrumb\",\"itemListElement\":[{\"@type\":\"ListItem\",\"position\":1,\"name\":\"Home\",\"item\":\"https:\/\/testwebsite.citygame.com\/vi\/\"},{\"@type\":\"ListItem\",\"position\":2,\"name\":\"Shop\",\"item\":\"https:\/\/testwebsite.citygame.com\/shop\/\"},{\"@type\":\"ListItem\",\"position\":3,\"name\":\"Secrets of Valletta\"}]},{\"@type\":\"WebSite\",\"@id\":\"https:\/\/testwebsite.upevents.nl\/#website\",\"url\":\"https:\/\/testwebsite.upevents.nl\/\",\"name\":\"City Game\",\"description\":\"\",\"publisher\":{\"@id\":\"https:\/\/testwebsite.upevents.nl\/#organization\"},\"alternateName\":\"citygame.com\",\"potentialAction\":[{\"@type\":\"SearchAction\",\"target\":{\"@type\":\"EntryPoint\",\"urlTemplate\":\"https:\/\/testwebsite.upevents.nl\/?s={search_term_string}\"},\"query-input\":{\"@type\":\"PropertyValueSpecification\",\"valueRequired\":true,\"valueName\":\"search_term_string\"}}],\"inLanguage\":\"vi\"},{\"@type\":[\"Organization\",\"Place\"],\"@id\":\"https:\/\/testwebsite.upevents.nl\/#organization\",\"name\":\"City Game\",\"alternateName\":\"citygame.com\",\"url\":\"https:\/\/testwebsite.upevents.nl\/\",\"logo\":{\"@id\":\"https:\/\/testwebsite.citygame.com\/vi\/games\/valletta\/secrets-of-valletta\/#local-main-organization-logo\"},\"image\":{\"@id\":\"https:\/\/testwebsite.citygame.com\/vi\/games\/valletta\/secrets-of-valletta\/#local-main-organization-logo\"},\"sameAs\":[\"https:\/\/www.facebook.com\/profile.php?id=100086426226253\",\"https:\/\/www.instagram.com\/citygame_com\",\"https:\/\/www.tiktok.com\/@citygamecom\/\",\"https:\/\/www.linkedin.com\/company\/citygame-com\"],\"description\":\"Turn any city into a playground with our interactive City Games and self-guided tours. Fun, flexible, and ideal for groups and team building.\",\"telephone\":[],\"openingHoursSpecification\":[{\"@type\":\"OpeningHoursSpecification\",\"dayOfWeek\":[\"Monday\",\"Tuesday\",\"Wednesday\",\"Thursday\",\"Friday\",\"Saturday\",\"Sunday\"],\"opens\":\"09:00\",\"closes\":\"17:00\"}]},{\"@type\":\"ImageObject\",\"inLanguage\":\"vi\",\"@id\":\"https:\/\/testwebsite.citygame.com\/vi\/games\/valletta\/secrets-of-valletta\/#local-main-organization-logo\",\"url\":\"https:\/\/testwebsite.citygame.com\/wp-content\/blogs.dir\/1\/files\/sites\/62\/2025\/10\/CG_LOGO-City-Game.png\",\"contentUrl\":\"https:\/\/testwebsite.citygame.com\/wp-content\/blogs.dir\/1\/files\/sites\/62\/2025\/10\/CG_LOGO-City-Game.png\",\"width\":351,\"height\":377,\"caption\":\"City Game\"}]}<\/script>\n<!-- \/ Yoast SEO Premium plugin. -->","yoast_head_json":{"title":"Secrets of Valletta - City Game","description":"Secrets of Valletta. Ch\u01a1i Tr\u00f2 ch\u01a1i th\u00e0nh ph\u1ed1 t\u1ef1 h\u01b0\u1edbng d\u1eabn v\u00e0 kh\u00e1m ph\u00e1 th\u00e0nh ph\u1ed1 qua c\u00e1c c\u00e2u \u0111\u1ed1, b\u00ed \u1ea9n v\u00e0 th\u1eed th\u00e1ch. Ch\u01a1i theo t\u1ed1c \u0111\u1ed9 c\u1ee7a ri\u00eang b\u1ea1n v\u00e0 kh\u00e1m ph\u00e1 nh\u01b0 m\u1ed9t ng\u01b0\u1eddi \u0111\u1ecba ph\u01b0\u01a1ng!","robots":{"index":"noindex","follow":"follow","max-snippet":"max-snippet:-1","max-image-preview":"max-image-preview:large","max-video-preview":"max-video-preview:-1"},"og_locale":"vi_VN","og_type":"article","og_title":"Secrets of Valletta","og_description":"Secrets of Valletta. Ch\u01a1i Tr\u00f2 ch\u01a1i th\u00e0nh ph\u1ed1 t\u1ef1 h\u01b0\u1edbng d\u1eabn v\u00e0 kh\u00e1m ph\u00e1 th\u00e0nh ph\u1ed1 qua c\u00e1c c\u00e2u \u0111\u1ed1, b\u00ed \u1ea9n v\u00e0 th\u1eed th\u00e1ch. Ch\u01a1i theo t\u1ed1c \u0111\u1ed9 c\u1ee7a ri\u00eang b\u1ea1n v\u00e0 kh\u00e1m ph\u00e1 nh\u01b0 m\u1ed9t ng\u01b0\u1eddi \u0111\u1ecba ph\u01b0\u01a1ng!","og_url":"https:\/\/testwebsite.citygame.com\/vi\/games\/valletta\/secrets-of-valletta\/","og_site_name":"City Game","article_publisher":"https:\/\/www.facebook.com\/profile.php?id=100086426226253","article_modified_time":"2026-04-08T18:09:06+00:00","og_image":[{"width":1024,"height":1024,"url":"https:\/\/testwebsite.citygame.com\/wp-content\/blogs.dir\/1\/files\/sites\/62\/2026\/03\/man-playing-city-game-upper-barrakka-gardens-valletta.jpg","type":"image\/jpeg"}],"twitter_card":"summary_large_image","twitter_misc":{"\u01af\u1edbc t\u00ednh th\u1eddi gian \u0111\u1ecdc":"1 ph\u00fat"},"schema":{"@context":"https:\/\/schema.org","@graph":[{"@type":"WebPage","@id":"https:\/\/testwebsite.citygame.com\/vi\/games\/valletta\/secrets-of-valletta\/","url":"https:\/\/testwebsite.citygame.com\/vi\/games\/valletta\/secrets-of-valletta\/","name":"Secrets of Valletta - City Game","isPartOf":{"@id":"https:\/\/testwebsite.upevents.nl\/#website"},"primaryImageOfPage":{"@id":"https:\/\/testwebsite.citygame.com\/vi\/games\/valletta\/secrets-of-valletta\/#primaryimage"},"image":{"@id":"https:\/\/testwebsite.citygame.com\/vi\/games\/valletta\/secrets-of-valletta\/#primaryimage"},"thumbnailUrl":"https:\/\/testwebsite.citygame.com\/wp-content\/blogs.dir\/1\/files\/sites\/62\/2026\/03\/man-playing-city-game-upper-barrakka-gardens-valletta.jpg","datePublished":"2026-03-13T14:53:38+00:00","dateModified":"2026-04-08T18:09:06+00:00","description":"Secrets of Valletta. Ch\u01a1i Tr\u00f2 ch\u01a1i th\u00e0nh ph\u1ed1 t\u1ef1 h\u01b0\u1edbng d\u1eabn v\u00e0 kh\u00e1m ph\u00e1 th\u00e0nh ph\u1ed1 qua c\u00e1c c\u00e2u \u0111\u1ed1, b\u00ed \u1ea9n v\u00e0 th\u1eed th\u00e1ch. Ch\u01a1i theo t\u1ed1c \u0111\u1ed9 c\u1ee7a ri\u00eang b\u1ea1n v\u00e0 kh\u00e1m ph\u00e1 nh\u01b0 m\u1ed9t ng\u01b0\u1eddi \u0111\u1ecba ph\u01b0\u01a1ng!","breadcrumb":{"@id":"https:\/\/testwebsite.citygame.com\/vi\/games\/valletta\/secrets-of-valletta\/#breadcrumb"},"inLanguage":"vi","potentialAction":[{"@type":"ReadAction","target":["https:\/\/testwebsite.citygame.com\/vi\/games\/valletta\/secrets-of-valletta\/"]}]},{"@type":"ImageObject","inLanguage":"vi","@id":"https:\/\/testwebsite.citygame.com\/vi\/games\/valletta\/secrets-of-valletta\/#primaryimage","url":"https:\/\/testwebsite.citygame.com\/wp-content\/blogs.dir\/1\/files\/sites\/62\/2026\/03\/man-playing-city-game-upper-barrakka-gardens-valletta.jpg","contentUrl":"https:\/\/testwebsite.citygame.com\/wp-content\/blogs.dir\/1\/files\/sites\/62\/2026\/03\/man-playing-city-game-upper-barrakka-gardens-valletta.jpg","width":1024,"height":1024,"caption":"A player uses a smartphone app while exploring the arched colonnade of the Upper Barrakka Gardens."},{"@type":"BreadcrumbList","@id":"https:\/\/testwebsite.citygame.com\/vi\/games\/valletta\/secrets-of-valletta\/#breadcrumb","itemListElement":[{"@type":"ListItem","position":1,"name":"Home","item":"https:\/\/testwebsite.citygame.com\/vi\/"},{"@type":"ListItem","position":2,"name":"Shop","item":"https:\/\/testwebsite.citygame.com\/shop\/"},{"@type":"ListItem","position":3,"name":"Secrets of Valletta"}]},{"@type":"WebSite","@id":"https:\/\/testwebsite.upevents.nl\/#website","url":"https:\/\/testwebsite.upevents.nl\/","name":"City Game","description":"","publisher":{"@id":"https:\/\/testwebsite.upevents.nl\/#organization"},"alternateName":"citygame.com","potentialAction":[{"@type":"SearchAction","target":{"@type":"EntryPoint","urlTemplate":"https:\/\/testwebsite.upevents.nl\/?s={search_term_string}"},"query-input":{"@type":"PropertyValueSpecification","valueRequired":true,"valueName":"search_term_string"}}],"inLanguage":"vi"},{"@type":["Organization","Place"],"@id":"https:\/\/testwebsite.upevents.nl\/#organization","name":"City Game","alternateName":"citygame.com","url":"https:\/\/testwebsite.upevents.nl\/","logo":{"@id":"https:\/\/testwebsite.citygame.com\/vi\/games\/valletta\/secrets-of-valletta\/#local-main-organization-logo"},"image":{"@id":"https:\/\/testwebsite.citygame.com\/vi\/games\/valletta\/secrets-of-valletta\/#local-main-organization-logo"},"sameAs":["https:\/\/www.facebook.com\/profile.php?id=100086426226253","https:\/\/www.instagram.com\/citygame_com","https:\/\/www.tiktok.com\/@citygamecom\/","https:\/\/www.linkedin.com\/company\/citygame-com"],"description":"Turn any city into a playground with our interactive City Games and self-guided tours. Fun, flexible, and ideal for groups and team building.","telephone":[],"openingHoursSpecification":[{"@type":"OpeningHoursSpecification","dayOfWeek":["Monday","Tuesday","Wednesday","Thursday","Friday","Saturday","Sunday"],"opens":"09:00","closes":"17:00"}]},{"@type":"ImageObject","inLanguage":"vi","@id":"https:\/\/testwebsite.citygame.com\/vi\/games\/valletta\/secrets-of-valletta\/#local-main-organization-logo","url":"https:\/\/testwebsite.citygame.com\/wp-content\/blogs.dir\/1\/files\/sites\/62\/2025\/10\/CG_LOGO-City-Game.png","contentUrl":"https:\/\/testwebsite.citygame.com\/wp-content\/blogs.dir\/1\/files\/sites\/62\/2025\/10\/CG_LOGO-City-Game.png","width":351,"height":377,"caption":"City Game"}]}},"taxonomy_info":{"game-concept":[{"value":733,"label":"Secrets"}],"location":[{"value":416,"label":"Valletta"}],"product_cat":[{"value":27,"label":"Geen categorie"}]},"featured_image_src_large":["https:\/\/testwebsite.citygame.com\/wp-content\/blogs.dir\/1\/files\/sites\/62\/2026\/03\/man-playing-city-game-upper-barrakka-gardens-valletta.jpg",1024,1024,false],"author_info":[],"comment_info":"","_links":{"self":[{"href":"https:\/\/testwebsite.citygame.com\/vi\/wp-json\/wp\/v2\/product\/66200","targetHints":{"allow":["GET"]}}],"collection":[{"href":"https:\/\/testwebsite.citygame.com\/vi\/wp-json\/wp\/v2\/product"}],"about":[{"href":"https:\/\/testwebsite.citygame.com\/vi\/wp-json\/wp\/v2\/types\/product"}],"acf:post":[{"embeddable":true,"href":"https:\/\/testwebsite.citygame.com\/vi\/wp-json\/wp\/v2\/pages\/5625"}],"wp:featuredmedia":[{"embeddable":true,"href":"https:\/\/testwebsite.citygame.com\/vi\/wp-json\/wp\/v2\/media\/18706"}],"wp:attachment":[{"href":"https:\/\/testwebsite.citygame.com\/vi\/wp-json\/wp\/v2\/media?parent=66200"}],"wp:term":[{"taxonomy":"game-concept","embeddable":true,"href":"https:\/\/testwebsite.citygame.com\/vi\/wp-json\/wp\/v2\/game-concept?post=66200"},{"taxonomy":"location","embeddable":true,"href":"https:\/\/testwebsite.citygame.com\/vi\/wp-json\/wp\/v2\/location?post=66200"},{"taxonomy":"product_brand","embeddable":true,"href":"https:\/\/testwebsite.citygame.com\/vi\/wp-json\/wp\/v2\/product_brand?post=66200"},{"taxonomy":"product_cat","embeddable":true,"href":"https:\/\/testwebsite.citygame.com\/vi\/wp-json\/wp\/v2\/product_cat?post=66200"},{"taxonomy":"product_tag","embeddable":true,"href":"https:\/\/testwebsite.citygame.com\/vi\/wp-json\/wp\/v2\/product_tag?post=66200"}],"curies":[{"name":"wp","href":"https:\/\/api.w.org\/{rel}","templated":true}]}}