{"id":66139,"date":"2026-03-13T14:40:51","date_gmt":"2026-03-13T14:40:51","guid":{"rendered":"https:\/\/testwebsite.citygame.com\/games\/unknown-location\/sherlock-holmes-al-hoceima\/"},"modified":"2026-04-08T17:51:59","modified_gmt":"2026-04-08T17:51:59","slug":"sherlock-holmes-al-hoceima","status":"publish","type":"product","link":"https:\/\/testwebsite.citygame.com\/vi\/games\/al-hoceima\/sherlock-holmes-al-hoceima\/","title":{"rendered":"Sherlock Holmes Al Hoceima"},"content":{"rendered":"<p>B\u1eaft tay v\u00e0o m\u1ed9t cu\u1ed9c \u0111i\u1ec1u tra ph\u00e1 \u00e1n nh\u1eadp vai v\u1edbi Tr\u00f2 ch\u01a1i th\u00e0nh ph\u1ed1 Sherlock Holmes, \u0111\u01b0\u1ee3c b\u1ed1 tr\u00ed chi\u1ebfn l\u01b0\u1ee3c t\u1ea1i trung t\u00e2m th\u00e0nh ph\u1ed1 Al Hoceima. Trong tr\u00f2 ch\u01a1i ph\u00e1 \u00e1n t\u1ef1 h\u01b0\u1edbng d\u1eabn, d\u1ef1a tr\u00ean c\u1ed1t truy\u1ec7n n\u00e0y, ch\u00ednh \u0111\u00f4 th\u1ecb Al Hoceima s\u1ebd tr\u1edf th\u00e0nh m\u1ed9t ph\u1ea7n kh\u00f4ng th\u1ec3 thi\u1ebfu trong cu\u1ed9c \u0111i\u1ec1u tra c\u1ee7a b\u1ea1n khi b\u1ea1n theo d\u00f5i m\u1ed9t c\u00e2u chuy\u1ec7n \u0111\u1ea7y k\u1ecbch t\u00ednh, thu th\u1eadp manh m\u1ed1i v\u00e0 gi\u1ea3i quy\u1ebft c\u00e1c c\u00e2u \u0111\u1ed1 \u0111\u01b0\u1ee3c thi\u1ebft k\u1ebf ph\u1ee9c t\u1ea1p gi\u1eefa khung c\u1ea3nh th\u00e0nh ph\u1ed1. Nh\u01b0 th\u1ec3 b\u01b0\u1edbc ra t\u1eeb nh\u1eefng trang s\u00e1ch c\u1ee7a m\u1ed9t ti\u1ec3u thuy\u1ebft Sherlock Holmes, nh\u1eefng ng\u01b0\u1eddi tham gia s\u1ebd th\u1ea9m v\u1ea5n c\u00e1c nghi ph\u1ea1m k\u1ef9 thu\u1eadt s\u1ed1, gh\u00e9p n\u1ed1i c\u00e1c b\u1eb1ng ch\u1ee9ng r\u1ea3i r\u00e1c t\u1eeb v\u1ee5 \u00e1n m\u1ea1ng kinh ho\u00e0ng x\u1ea3y ra trong L\u1ec5 h\u1ed9i T\u1ef1 do &#8211; ch\u01a1i theo t\u1ed1c \u0111\u1ed9 c\u1ee7a ri\u00eang m\u00ecnh v\u00e0 tr\u1ea3i nghi\u1ec7m tr\u1ecdn v\u1eb9n c\u1ea3m gi\u00e1c h\u1ed3i h\u1ed9p c\u1ee7a m\u1ed9t cu\u1ed9c s\u0103n l\u00f9ng th\u00e1m t\u1eed th\u1ef1c th\u1ee5, m\u00e0 kh\u00f4ng b\u1ecb ti\u1ebft l\u1ed9 \u0111\u00e1p \u00e1n tr\u01b0\u1edbc.<\/p>\n","protected":false},"excerpt":{"rendered":"<p>H\u00f2a m\u00ecnh v\u00e0o th\u1ebf gi\u1edbi h\u1ea5p d\u1eabn c\u1ee7a Sherlock Holmes v\u1edbi m\u1ed9t tr\u00f2 ch\u01a1i ph\u00e1 \u00e1n t\u1ef1 h\u01b0\u1edbng d\u1eabn \u0111\u1eb7t t\u1ea1i Al Hoceima. Theo d\u00f5i c\u00e1c manh m\u1ed1i b\u00ed \u1ea9n, gi\u1ea3i m\u00e3 c\u00e1c c\u00e2u \u0111\u1ed1 h\u00f3c b\u00faa, v\u00e0 c\u00f9ng \u0111\u1ed9i c\u1ee7a b\u1ea1n kh\u00e1m ph\u00e1 s\u1ef1 th\u1eadt, trong cu\u1ed9c \u0111ua v\u1edbi th\u1eddi gian n\u00e0y!<\/p>\n","protected":false},"featured_media":18690,"template":"","meta":{"_acf_changed":false,"_yoast_wpseo_focuskw":"Sherlock Holmes Al Hoceima","_yoast_wpseo_metadesc":"Sherlock Holmes Al Hoceima. Ch\u01a1i m\u1ed9t Tr\u00f2 ch\u01a1i th\u00e0nh ph\u1ed1 ph\u00e1 \u00e1n t\u1ef1 h\u01b0\u1edbng d\u1eabn, gi\u1ea3i c\u00e2u \u0111\u1ed1, theo d\u00f5i manh m\u1ed1i v\u00e0 kh\u00e1m ph\u00e1 k\u1ebb s\u00e1t nh\u00e2n theo t\u1ed1c \u0111\u1ed9 c\u1ee7a ri\u00eang b\u1ea1n!","_kad_blocks_custom_css":"","_kad_blocks_head_custom_js":"","_kad_blocks_body_custom_js":"","_kad_blocks_footer_custom_js":"","ghostkit_customizer_options":"","ghostkit_custom_css":"","ghostkit_custom_js_head":"","ghostkit_custom_js_foot":"","ghostkit_typography":"","_kad_post_transparent":"","_kad_post_title":"","_kad_post_layout":"","_kad_post_sidebar_id":"","_kad_post_content_style":"","_kad_post_vertical_padding":"","_kad_post_feature":"","_kad_post_feature_position":"","_kad_post_header":false,"_kad_post_footer":false,"_kad_post_classname":"","_links_to":"","_links_to_target":""},"game-concept":[794],"location":[58],"product_brand":[],"product_cat":[27],"product_tag":[],"class_list":{"0":"post-66139","1":"product","2":"type-product","3":"status-publish","4":"has-post-thumbnail","6":"game-concept-sherlock","7":"location-al-hoceima","8":"product_cat-geen-categorie","10":"first","11":"instock","12":"shipping-taxable","13":"purchasable","14":"product-type-simple","15":"entry","16":"content-bg","17":"loop-entry"},"acf":{"full_bokun_product_name":"Al Hoceima Self-Guided Sherlock Holmes Murder Mystery Game","location_name":"Al Hoceima","bokun_calendar_widget_code":"<script type=\"text\/javascript\" src=\"https:\/\/widgets.bokun.io\/assets\/javascripts\/apps\/build\/BokunWidgetsLoader.js?bookingChannelUUID=a1e93e96-5232-4734-a595-28405f4b5a31\" async><\/script>\n     \n    <div class=\"bokunWidget\" data-src=\"https:\/\/widgets.bokun.io\/online-sales\/a1e93e96-5232-4734-a595-28405f4b5a31\/experience-calendar\/772364\"><\/div>\n    <noscript>Please enable javascript in your browser to book<\/noscript>","bokun_button_widget_code":"<script type=\"text\/javascript\" src=\"https:\/\/widgets.bokun.io\/assets\/javascripts\/apps\/build\/BokunWidgetsLoader.js?bookingChannelUUID=a1e93e96-5232-4734-a595-28405f4b5a31\" async><\/script>\n      <style> #bokun_ed001e45_5927_4f62_b470_ca766338d083 { display: inline-block; padding: .4em 1em; background: #47b82e; border-radius: 999999px; box-shadow: none; font-weight: 600; font-size: 24px; text-decoration: none; text-align: center; color: #FFFFFF; border:none; cursor: pointer; transition: background .2s ease; } #bokun_ed001e45_5927_4f62_b470_ca766338d083:hover{ background: #2f7b1f; } #bokun_ed001e45_5927_4f62_b470_ca766338d083:active{ background: #378f24; } <\/style> <button class=\"bokunButton\" disabled id=bokun_ed001e45_5927_4f62_b470_ca766338d083 data-src=\"https:\/\/widgets.bokun.io\/online-sales\/a1e93e96-5232-4734-a595-28405f4b5a31\/experience-calendar\/772364?partialView=1\" data-testid=\"widget-book-button\" > Book now <\/button> ","what_you\u2019ll_experience_during_the_game":"Trong Tr\u00f2 ch\u01a1i th\u00e0nh ph\u1ed1 Sherlock Holmes t\u1ea1i Al Hoceima, b\u1ea1n s\u1ebd ngay l\u1eadp t\u1ee9c h\u00f2a m\u00ecnh v\u00e0o m\u1ed9t c\u00e2u chuy\u1ec7n ph\u00e1 \u00e1n \u0111\u1ea7y k\u1ecbch t\u00ednh. Khi c\u1ed1t truy\u1ec7n m\u1edf ra, h\u00e0nh tr\u00ecnh linh ho\u1ea1t c\u1ee7a b\u1ea1n qua th\u00e0nh ph\u1ed1 s\u1ebd \u0111\u01b0\u1ee3c th\u1eed th\u00e1ch v\u1edbi vi\u1ec7c kh\u00e1m ph\u00e1 c\u00e1c manh m\u1ed1i b\u00ed m\u1eadt, nh\u1eefng c\u00e2u \u0111\u1ed1 h\u00f3c b\u00faa v\u00e0 nh\u1eefng t\u00ecnh ti\u1ebft b\u1ea5t ng\u1edd trong cu\u1ed9c \u0111i\u1ec1u tra c\u1ee7a b\u1ea1n. Nh\u1eefng con h\u1ebbm v\u00e0 qu\u1ea3ng tr\u01b0\u1eddng c\u1ee7a th\u00e0nh ph\u1ed1 t\u1ea1o n\u00ean b\u1ed1i c\u1ea3nh cho ch\u00ednh v\u1edf k\u1ecbch ph\u00e1 \u00e1n c\u1ee7a b\u1ea1n, m\u1ed7i b\u01b0\u1edbc ngo\u1eb7t l\u1ea1i \u0111\u1ea9y b\u1ea1n l\u00fan s\u00e2u h\u01a1n v\u00e0o b\u00ed \u1ea9n.\n\nH\u00e3y h\u00ecnh dung b\u1ea1n \u0111ang th\u1ea9m v\u1ea5n c\u00e1c nghi ph\u1ea1m k\u1ef9 thu\u1eadt s\u1ed1, s\u00e0ng l\u1ecdc ch\u1ee9ng c\u1ee9 ngo\u1ea1i ph\u1ea1m v\u00e0 ph\u01a1i b\u00e0y nh\u1eefng m\u00e2u thu\u1eabn t\u1eeb s\u1ef1 an to\u00e0n c\u1ee7a thi\u1ebft b\u1ecb c\u1ee7a b\u1ea1n. T\u01b0 duy ph\u1ea3n bi\u1ec7n, kh\u1ea3 n\u0103ng quan s\u00e1t v\u00e0 suy lu\u1eadn c\u1ea7n thi\u1ebft s\u1ebd \u0111\u01b0a b\u1ea1n v\u00e0o vai tr\u00f2 c\u1ee7a th\u00e1m t\u1eed n\u1ed5i ti\u1ebfng nh\u1ea5t th\u1ebf gi\u1edbi. Tr\u1ea3i nghi\u1ec7m ho\u00e0n to\u00e0n d\u1ef1a tr\u00ean c\u1ed1t truy\u1ec7n n\u00e0y l\u00e0 t\u1ea5t c\u1ea3 v\u1ec1 vi\u1ec7c kh\u00e1m ph\u00e1 s\u1ef1 th\u1eadt \u0111\u1eb1ng sau m\u1ed9t v\u1ee5 \u00e1n m\u1ea1ng x\u1ea3y ra trong L\u1ec5 h\u1ed9i T\u1ef1 do. B\u1ea1n s\u1ebd t\u0103ng t\u1ed1c \u0111\u1ed9 khi \u0111\u1ebfn g\u1ea7n s\u1ef1 th\u1eadt h\u01a1n, nh\u01b0ng \u0111\u1eebng lo l\u1eafng, tr\u00f2 ch\u01a1i cho ph\u00e9p b\u1ea1n ch\u01a1i theo t\u1ed1c \u0111\u1ed9 c\u1ee7a ri\u00eang m\u00ecnh, th\u1eadm ch\u00ed t\u1ea1m d\u1eebng v\u00e0 ti\u1ebfp t\u1ee5c b\u1ea5t c\u1ee9 khi n\u00e0o b\u1ea1n mu\u1ed1n. M\u1eb7c d\u00f9 kh\u00f4ng ph\u1ea3i l\u00e0 tr\u1ecdng t\u00e2m ch\u00ednh, nh\u01b0ng m\u1ed9t ch\u00fat c\u1ea1nh tranh \u0111\u01b0\u1ee3c th\u00eam v\u00e0o cho c\u00e1c \u0111\u1ed9i mu\u1ed1n th\u1eed th\u00e1ch k\u1ef9 n\u0103ng ph\u00e1 \u00e1n c\u1ee7a nhau. H\u00e3y s\u1eb5n s\u00e0ng kh\u00e1m ph\u00e1 nh\u1eefng b\u00ed \u1ea9n c\u1ee7a Al Hoceima d\u01b0\u1edbi m\u1ed9t g\u00f3c nh\u00ecn ho\u00e0n to\u00e0n m\u1edbi l\u1ea1.","how_to_play":"Ch\u01a1i m\u1ed9t m\u00ecnh ho\u1eb7c v\u1edbi b\u1ea1n b\u00e8, gia \u0111\u00ecnh, ho\u1eb7c \u0111\u1ed3ng nghi\u1ec7p trong c\u00e1c \u0111\u1ed9i t\u1ed1i \u0111a b\u1ed1n ng\u01b0\u1eddi tr\u00ean m\u1ed7i thi\u1ebft b\u1ecb. Sau khi \u0111\u1eb7t ch\u1ed7, b\u1ea1n s\u1ebd nh\u1eadn \u0111\u01b0\u1ee3c m\u1ed9t email h\u01b0\u1edbng d\u1eabn v\u1edbi m\u1ecdi th\u1ee9 b\u1ea1n c\u1ea7n.","start_location":"Al Hoceima, Mohammed VI Square","available_languages":["en","fr","it","es","de","nl"],"players_per_group":"1-4","duration":"1.5-2 hours","image_overlay_color_image":"https:\/\/testwebsite.citygame.com\/wp-content\/blogs.dir\/1\/files\/sites\/62\/2026\/01\/SherlockColor.svg","image_overlay_game_logo":"https:\/\/testwebsite.citygame.com\/wp-content\/blogs.dir\/1\/files\/sites\/62\/2026\/01\/SherlockLogo.png","city_page":15770,"woocommerce_general_content":null},"yoast_head":"<!-- This site is optimized with the Yoast SEO Premium plugin v26.2 (Yoast SEO v26.3) - https:\/\/yoast.com\/wordpress\/plugins\/seo\/ -->\n<title>Sherlock Holmes Al Hoceima - City Game<\/title>\n<meta name=\"description\" content=\"Sherlock Holmes Al Hoceima. Ch\u01a1i m\u1ed9t Tr\u00f2 ch\u01a1i th\u00e0nh ph\u1ed1 ph\u00e1 \u00e1n t\u1ef1 h\u01b0\u1edbng d\u1eabn, gi\u1ea3i c\u00e2u \u0111\u1ed1, theo d\u00f5i manh m\u1ed1i v\u00e0 kh\u00e1m ph\u00e1 k\u1ebb s\u00e1t nh\u00e2n theo t\u1ed1c \u0111\u1ed9 c\u1ee7a ri\u00eang b\u1ea1n!\" \/>\n<meta name=\"robots\" content=\"noindex, follow, max-snippet:-1, max-image-preview:large, max-video-preview:-1\" \/>\n<meta property=\"og:locale\" content=\"vi_VN\" \/>\n<meta property=\"og:type\" content=\"article\" \/>\n<meta property=\"og:title\" content=\"Sherlock Holmes Al Hoceima\" \/>\n<meta property=\"og:description\" content=\"Sherlock Holmes Al Hoceima. Ch\u01a1i m\u1ed9t Tr\u00f2 ch\u01a1i th\u00e0nh ph\u1ed1 ph\u00e1 \u00e1n t\u1ef1 h\u01b0\u1edbng d\u1eabn, gi\u1ea3i c\u00e2u \u0111\u1ed1, theo d\u00f5i manh m\u1ed1i v\u00e0 kh\u00e1m ph\u00e1 k\u1ebb s\u00e1t nh\u00e2n theo t\u1ed1c \u0111\u1ed9 c\u1ee7a ri\u00eang b\u1ea1n!\" \/>\n<meta property=\"og:url\" content=\"https:\/\/testwebsite.citygame.com\/vi\/games\/al-hoceima\/sherlock-holmes-al-hoceima\/\" \/>\n<meta property=\"og:site_name\" content=\"City Game\" \/>\n<meta property=\"article:publisher\" content=\"https:\/\/www.facebook.com\/profile.php?id=100086426226253\" \/>\n<meta property=\"article:modified_time\" content=\"2026-04-08T17:51:59+00:00\" \/>\n<meta property=\"og:image\" content=\"https:\/\/testwebsite.citygame.com\/wp-content\/blogs.dir\/1\/files\/sites\/62\/2026\/03\/city-game-player-bruges-church-of-our-lady.jpg\" \/>\n\t<meta property=\"og:image:width\" content=\"1024\" \/>\n\t<meta property=\"og:image:height\" content=\"1024\" \/>\n\t<meta property=\"og:image:type\" content=\"image\/jpeg\" \/>\n<meta name=\"twitter:card\" content=\"summary_large_image\" \/>\n<meta name=\"twitter:label1\" content=\"\u01af\u1edbc t\u00ednh th\u1eddi gian \u0111\u1ecdc\" \/>\n\t<meta name=\"twitter:data1\" content=\"1 ph\u00fat\" \/>\n<script type=\"application\/ld+json\" class=\"yoast-schema-graph\">{\"@context\":\"https:\/\/schema.org\",\"@graph\":[{\"@type\":\"WebPage\",\"@id\":\"https:\/\/testwebsite.citygame.com\/vi\/games\/al-hoceima\/sherlock-holmes-al-hoceima\/\",\"url\":\"https:\/\/testwebsite.citygame.com\/vi\/games\/al-hoceima\/sherlock-holmes-al-hoceima\/\",\"name\":\"Sherlock Holmes Al Hoceima - City Game\",\"isPartOf\":{\"@id\":\"https:\/\/testwebsite.upevents.nl\/#website\"},\"primaryImageOfPage\":{\"@id\":\"https:\/\/testwebsite.citygame.com\/vi\/games\/al-hoceima\/sherlock-holmes-al-hoceima\/#primaryimage\"},\"image\":{\"@id\":\"https:\/\/testwebsite.citygame.com\/vi\/games\/al-hoceima\/sherlock-holmes-al-hoceima\/#primaryimage\"},\"thumbnailUrl\":\"https:\/\/testwebsite.citygame.com\/wp-content\/blogs.dir\/1\/files\/sites\/62\/2026\/03\/city-game-player-bruges-church-of-our-lady.jpg\",\"datePublished\":\"2026-03-13T14:40:51+00:00\",\"dateModified\":\"2026-04-08T17:51:59+00:00\",\"description\":\"Sherlock Holmes Al Hoceima. Ch\u01a1i m\u1ed9t Tr\u00f2 ch\u01a1i th\u00e0nh ph\u1ed1 ph\u00e1 \u00e1n t\u1ef1 h\u01b0\u1edbng d\u1eabn, gi\u1ea3i c\u00e2u \u0111\u1ed1, theo d\u00f5i manh m\u1ed1i v\u00e0 kh\u00e1m ph\u00e1 k\u1ebb s\u00e1t nh\u00e2n theo t\u1ed1c \u0111\u1ed9 c\u1ee7a ri\u00eang b\u1ea1n!\",\"breadcrumb\":{\"@id\":\"https:\/\/testwebsite.citygame.com\/vi\/games\/al-hoceima\/sherlock-holmes-al-hoceima\/#breadcrumb\"},\"inLanguage\":\"vi\",\"potentialAction\":[{\"@type\":\"ReadAction\",\"target\":[\"https:\/\/testwebsite.citygame.com\/vi\/games\/al-hoceima\/sherlock-holmes-al-hoceima\/\"]}]},{\"@type\":\"ImageObject\",\"inLanguage\":\"vi\",\"@id\":\"https:\/\/testwebsite.citygame.com\/vi\/games\/al-hoceima\/sherlock-holmes-al-hoceima\/#primaryimage\",\"url\":\"https:\/\/testwebsite.citygame.com\/wp-content\/blogs.dir\/1\/files\/sites\/62\/2026\/03\/city-game-player-bruges-church-of-our-lady.jpg\",\"contentUrl\":\"https:\/\/testwebsite.citygame.com\/wp-content\/blogs.dir\/1\/files\/sites\/62\/2026\/03\/city-game-player-bruges-church-of-our-lady.jpg\",\"width\":1024,\"height\":1024,\"caption\":\"A tourist explores the historic streets of Bruges, Belgium, while playing a game on a smartphone.\"},{\"@type\":\"BreadcrumbList\",\"@id\":\"https:\/\/testwebsite.citygame.com\/vi\/games\/al-hoceima\/sherlock-holmes-al-hoceima\/#breadcrumb\",\"itemListElement\":[{\"@type\":\"ListItem\",\"position\":1,\"name\":\"Home\",\"item\":\"https:\/\/testwebsite.citygame.com\/vi\/\"},{\"@type\":\"ListItem\",\"position\":2,\"name\":\"Shop\",\"item\":\"https:\/\/testwebsite.citygame.com\/shop\/\"},{\"@type\":\"ListItem\",\"position\":3,\"name\":\"Sherlock Holmes Al Hoceima\"}]},{\"@type\":\"WebSite\",\"@id\":\"https:\/\/testwebsite.upevents.nl\/#website\",\"url\":\"https:\/\/testwebsite.upevents.nl\/\",\"name\":\"City Game\",\"description\":\"\",\"publisher\":{\"@id\":\"https:\/\/testwebsite.upevents.nl\/#organization\"},\"alternateName\":\"citygame.com\",\"potentialAction\":[{\"@type\":\"SearchAction\",\"target\":{\"@type\":\"EntryPoint\",\"urlTemplate\":\"https:\/\/testwebsite.upevents.nl\/?s={search_term_string}\"},\"query-input\":{\"@type\":\"PropertyValueSpecification\",\"valueRequired\":true,\"valueName\":\"search_term_string\"}}],\"inLanguage\":\"vi\"},{\"@type\":[\"Organization\",\"Place\"],\"@id\":\"https:\/\/testwebsite.upevents.nl\/#organization\",\"name\":\"City Game\",\"alternateName\":\"citygame.com\",\"url\":\"https:\/\/testwebsite.upevents.nl\/\",\"logo\":{\"@id\":\"https:\/\/testwebsite.citygame.com\/vi\/games\/al-hoceima\/sherlock-holmes-al-hoceima\/#local-main-organization-logo\"},\"image\":{\"@id\":\"https:\/\/testwebsite.citygame.com\/vi\/games\/al-hoceima\/sherlock-holmes-al-hoceima\/#local-main-organization-logo\"},\"sameAs\":[\"https:\/\/www.facebook.com\/profile.php?id=100086426226253\",\"https:\/\/www.instagram.com\/citygame_com\",\"https:\/\/www.tiktok.com\/@citygamecom\/\",\"https:\/\/www.linkedin.com\/company\/citygame-com\"],\"description\":\"Turn any city into a playground with our interactive City Games and self-guided tours. Fun, flexible, and ideal for groups and team building.\",\"telephone\":[],\"openingHoursSpecification\":[{\"@type\":\"OpeningHoursSpecification\",\"dayOfWeek\":[\"Monday\",\"Tuesday\",\"Wednesday\",\"Thursday\",\"Friday\",\"Saturday\",\"Sunday\"],\"opens\":\"09:00\",\"closes\":\"17:00\"}]},{\"@type\":\"ImageObject\",\"inLanguage\":\"vi\",\"@id\":\"https:\/\/testwebsite.citygame.com\/vi\/games\/al-hoceima\/sherlock-holmes-al-hoceima\/#local-main-organization-logo\",\"url\":\"https:\/\/testwebsite.citygame.com\/wp-content\/blogs.dir\/1\/files\/sites\/62\/2025\/10\/CG_LOGO-City-Game.png\",\"contentUrl\":\"https:\/\/testwebsite.citygame.com\/wp-content\/blogs.dir\/1\/files\/sites\/62\/2025\/10\/CG_LOGO-City-Game.png\",\"width\":351,\"height\":377,\"caption\":\"City Game\"}]}<\/script>\n<!-- \/ Yoast SEO Premium plugin. -->","yoast_head_json":{"title":"Sherlock Holmes Al Hoceima - City Game","description":"Sherlock Holmes Al Hoceima. Ch\u01a1i m\u1ed9t Tr\u00f2 ch\u01a1i th\u00e0nh ph\u1ed1 ph\u00e1 \u00e1n t\u1ef1 h\u01b0\u1edbng d\u1eabn, gi\u1ea3i c\u00e2u \u0111\u1ed1, theo d\u00f5i manh m\u1ed1i v\u00e0 kh\u00e1m ph\u00e1 k\u1ebb s\u00e1t nh\u00e2n theo t\u1ed1c \u0111\u1ed9 c\u1ee7a ri\u00eang b\u1ea1n!","robots":{"index":"noindex","follow":"follow","max-snippet":"max-snippet:-1","max-image-preview":"max-image-preview:large","max-video-preview":"max-video-preview:-1"},"og_locale":"vi_VN","og_type":"article","og_title":"Sherlock Holmes Al Hoceima","og_description":"Sherlock Holmes Al Hoceima. Ch\u01a1i m\u1ed9t Tr\u00f2 ch\u01a1i th\u00e0nh ph\u1ed1 ph\u00e1 \u00e1n t\u1ef1 h\u01b0\u1edbng d\u1eabn, gi\u1ea3i c\u00e2u \u0111\u1ed1, theo d\u00f5i manh m\u1ed1i v\u00e0 kh\u00e1m ph\u00e1 k\u1ebb s\u00e1t nh\u00e2n theo t\u1ed1c \u0111\u1ed9 c\u1ee7a ri\u00eang b\u1ea1n!","og_url":"https:\/\/testwebsite.citygame.com\/vi\/games\/al-hoceima\/sherlock-holmes-al-hoceima\/","og_site_name":"City Game","article_publisher":"https:\/\/www.facebook.com\/profile.php?id=100086426226253","article_modified_time":"2026-04-08T17:51:59+00:00","og_image":[{"width":1024,"height":1024,"url":"https:\/\/testwebsite.citygame.com\/wp-content\/blogs.dir\/1\/files\/sites\/62\/2026\/03\/city-game-player-bruges-church-of-our-lady.jpg","type":"image\/jpeg"}],"twitter_card":"summary_large_image","twitter_misc":{"\u01af\u1edbc t\u00ednh th\u1eddi gian \u0111\u1ecdc":"1 ph\u00fat"},"schema":{"@context":"https:\/\/schema.org","@graph":[{"@type":"WebPage","@id":"https:\/\/testwebsite.citygame.com\/vi\/games\/al-hoceima\/sherlock-holmes-al-hoceima\/","url":"https:\/\/testwebsite.citygame.com\/vi\/games\/al-hoceima\/sherlock-holmes-al-hoceima\/","name":"Sherlock Holmes Al Hoceima - City Game","isPartOf":{"@id":"https:\/\/testwebsite.upevents.nl\/#website"},"primaryImageOfPage":{"@id":"https:\/\/testwebsite.citygame.com\/vi\/games\/al-hoceima\/sherlock-holmes-al-hoceima\/#primaryimage"},"image":{"@id":"https:\/\/testwebsite.citygame.com\/vi\/games\/al-hoceima\/sherlock-holmes-al-hoceima\/#primaryimage"},"thumbnailUrl":"https:\/\/testwebsite.citygame.com\/wp-content\/blogs.dir\/1\/files\/sites\/62\/2026\/03\/city-game-player-bruges-church-of-our-lady.jpg","datePublished":"2026-03-13T14:40:51+00:00","dateModified":"2026-04-08T17:51:59+00:00","description":"Sherlock Holmes Al Hoceima. Ch\u01a1i m\u1ed9t Tr\u00f2 ch\u01a1i th\u00e0nh ph\u1ed1 ph\u00e1 \u00e1n t\u1ef1 h\u01b0\u1edbng d\u1eabn, gi\u1ea3i c\u00e2u \u0111\u1ed1, theo d\u00f5i manh m\u1ed1i v\u00e0 kh\u00e1m ph\u00e1 k\u1ebb s\u00e1t nh\u00e2n theo t\u1ed1c \u0111\u1ed9 c\u1ee7a ri\u00eang b\u1ea1n!","breadcrumb":{"@id":"https:\/\/testwebsite.citygame.com\/vi\/games\/al-hoceima\/sherlock-holmes-al-hoceima\/#breadcrumb"},"inLanguage":"vi","potentialAction":[{"@type":"ReadAction","target":["https:\/\/testwebsite.citygame.com\/vi\/games\/al-hoceima\/sherlock-holmes-al-hoceima\/"]}]},{"@type":"ImageObject","inLanguage":"vi","@id":"https:\/\/testwebsite.citygame.com\/vi\/games\/al-hoceima\/sherlock-holmes-al-hoceima\/#primaryimage","url":"https:\/\/testwebsite.citygame.com\/wp-content\/blogs.dir\/1\/files\/sites\/62\/2026\/03\/city-game-player-bruges-church-of-our-lady.jpg","contentUrl":"https:\/\/testwebsite.citygame.com\/wp-content\/blogs.dir\/1\/files\/sites\/62\/2026\/03\/city-game-player-bruges-church-of-our-lady.jpg","width":1024,"height":1024,"caption":"A tourist explores the historic streets of Bruges, Belgium, while playing a game on a smartphone."},{"@type":"BreadcrumbList","@id":"https:\/\/testwebsite.citygame.com\/vi\/games\/al-hoceima\/sherlock-holmes-al-hoceima\/#breadcrumb","itemListElement":[{"@type":"ListItem","position":1,"name":"Home","item":"https:\/\/testwebsite.citygame.com\/vi\/"},{"@type":"ListItem","position":2,"name":"Shop","item":"https:\/\/testwebsite.citygame.com\/shop\/"},{"@type":"ListItem","position":3,"name":"Sherlock Holmes Al Hoceima"}]},{"@type":"WebSite","@id":"https:\/\/testwebsite.upevents.nl\/#website","url":"https:\/\/testwebsite.upevents.nl\/","name":"City Game","description":"","publisher":{"@id":"https:\/\/testwebsite.upevents.nl\/#organization"},"alternateName":"citygame.com","potentialAction":[{"@type":"SearchAction","target":{"@type":"EntryPoint","urlTemplate":"https:\/\/testwebsite.upevents.nl\/?s={search_term_string}"},"query-input":{"@type":"PropertyValueSpecification","valueRequired":true,"valueName":"search_term_string"}}],"inLanguage":"vi"},{"@type":["Organization","Place"],"@id":"https:\/\/testwebsite.upevents.nl\/#organization","name":"City Game","alternateName":"citygame.com","url":"https:\/\/testwebsite.upevents.nl\/","logo":{"@id":"https:\/\/testwebsite.citygame.com\/vi\/games\/al-hoceima\/sherlock-holmes-al-hoceima\/#local-main-organization-logo"},"image":{"@id":"https:\/\/testwebsite.citygame.com\/vi\/games\/al-hoceima\/sherlock-holmes-al-hoceima\/#local-main-organization-logo"},"sameAs":["https:\/\/www.facebook.com\/profile.php?id=100086426226253","https:\/\/www.instagram.com\/citygame_com","https:\/\/www.tiktok.com\/@citygamecom\/","https:\/\/www.linkedin.com\/company\/citygame-com"],"description":"Turn any city into a playground with our interactive City Games and self-guided tours. Fun, flexible, and ideal for groups and team building.","telephone":[],"openingHoursSpecification":[{"@type":"OpeningHoursSpecification","dayOfWeek":["Monday","Tuesday","Wednesday","Thursday","Friday","Saturday","Sunday"],"opens":"09:00","closes":"17:00"}]},{"@type":"ImageObject","inLanguage":"vi","@id":"https:\/\/testwebsite.citygame.com\/vi\/games\/al-hoceima\/sherlock-holmes-al-hoceima\/#local-main-organization-logo","url":"https:\/\/testwebsite.citygame.com\/wp-content\/blogs.dir\/1\/files\/sites\/62\/2025\/10\/CG_LOGO-City-Game.png","contentUrl":"https:\/\/testwebsite.citygame.com\/wp-content\/blogs.dir\/1\/files\/sites\/62\/2025\/10\/CG_LOGO-City-Game.png","width":351,"height":377,"caption":"City Game"}]}},"taxonomy_info":{"game-concept":[{"value":794,"label":"Sherlock"}],"location":[{"value":58,"label":"Al hoceima"}],"product_cat":[{"value":27,"label":"Geen categorie"}]},"featured_image_src_large":["https:\/\/testwebsite.citygame.com\/wp-content\/blogs.dir\/1\/files\/sites\/62\/2026\/03\/city-game-player-bruges-church-of-our-lady.jpg",1024,1024,false],"author_info":[],"comment_info":"","_links":{"self":[{"href":"https:\/\/testwebsite.citygame.com\/vi\/wp-json\/wp\/v2\/product\/66139","targetHints":{"allow":["GET"]}}],"collection":[{"href":"https:\/\/testwebsite.citygame.com\/vi\/wp-json\/wp\/v2\/product"}],"about":[{"href":"https:\/\/testwebsite.citygame.com\/vi\/wp-json\/wp\/v2\/types\/product"}],"acf:post":[{"embeddable":true,"href":"https:\/\/testwebsite.citygame.com\/vi\/wp-json\/wp\/v2\/pages\/15770"}],"wp:featuredmedia":[{"embeddable":true,"href":"https:\/\/testwebsite.citygame.com\/vi\/wp-json\/wp\/v2\/media\/18690"}],"wp:attachment":[{"href":"https:\/\/testwebsite.citygame.com\/vi\/wp-json\/wp\/v2\/media?parent=66139"}],"wp:term":[{"taxonomy":"game-concept","embeddable":true,"href":"https:\/\/testwebsite.citygame.com\/vi\/wp-json\/wp\/v2\/game-concept?post=66139"},{"taxonomy":"location","embeddable":true,"href":"https:\/\/testwebsite.citygame.com\/vi\/wp-json\/wp\/v2\/location?post=66139"},{"taxonomy":"product_brand","embeddable":true,"href":"https:\/\/testwebsite.citygame.com\/vi\/wp-json\/wp\/v2\/product_brand?post=66139"},{"taxonomy":"product_cat","embeddable":true,"href":"https:\/\/testwebsite.citygame.com\/vi\/wp-json\/wp\/v2\/product_cat?post=66139"},{"taxonomy":"product_tag","embeddable":true,"href":"https:\/\/testwebsite.citygame.com\/vi\/wp-json\/wp\/v2\/product_tag?post=66139"}],"curies":[{"name":"wp","href":"https:\/\/api.w.org\/{rel}","templated":true}]}}