{"id":65645,"date":"2026-03-16T08:39:27","date_gmt":"2026-03-16T08:39:27","guid":{"rendered":"https:\/\/testwebsite.citygame.com\/games\/unknown-location\/secrets-of-magdeburg\/"},"modified":"2026-04-08T16:24:22","modified_gmt":"2026-04-08T16:24:22","slug":"secrets-of-magdeburg","status":"publish","type":"product","link":"https:\/\/testwebsite.citygame.com\/vi\/games\/magdeburg\/secrets-of-magdeburg\/","title":{"rendered":"Secrets of Magdeburg"},"content":{"rendered":"<p>\u0110\u1eafm m\u00ecnh v\u00e0o nh\u1eefng b\u00ed \u1ea9n \u0111ang d\u1ea7n h\u00e9 m\u1edf c\u1ee7a Tr\u00f2 ch\u01a1i Th\u00e0nh ph\u1ed1 &#8220;Secrets of Magdeburg&#8221;, m\u1ed9t tr\u00f2 ch\u01a1i kh\u00e1m ph\u00e1 t\u1ef1 h\u01b0\u1edbng d\u1eabn, d\u1ef1a tr\u00ean GPS, \u0111\u01b0\u1ee3c \u0111\u1eb7t t\u1ea1i trung t\u00e2m th\u00e0nh ph\u1ed1 Magdeburg. Khi b\u1ea1n \u0111i qua khung c\u1ea3nh \u0111\u00f4 th\u1ecb nh\u1ed9n nh\u1ecbp v\u1edbi chi\u1ebfc \u0111i\u1ec7n tho\u1ea1i th\u00f4ng minh trong tay, b\u1ea1n s\u1ebd m\u1edf kh\u00f3a c\u00e1c c\u00e2u \u0111\u1ed1, gi\u1ea3i m\u00e3 c\u00e1c c\u00e2u \u0111\u1ed1 m\u1eb9o v\u00e0 v\u01b0\u1ee3t qua c\u00e1c th\u1eed th\u00e1ch ch\u1ee5p \u1ea3nh s\u1ebd ti\u1ebft l\u1ed9 l\u1ecbch s\u1eed s\u00e2u s\u1eafc, v\u0103n h\u00f3a phong ph\u00fa v\u00e0 nh\u1eefng s\u1eafc th\u00e1i ti\u1ec1m \u1ea9n c\u1ee7a th\u00e0nh ph\u1ed1. Tr\u00f2 ch\u01a1i th\u00e0nh ph\u1ed1 h\u1ea5p d\u1eabn n\u00e0y m\u1eddi b\u1ea1n kh\u00f4ng ch\u1ec9 t\u1eadn h\u01b0\u1edfng m\u1ed9t cu\u1ed9c phi\u00eau l\u01b0u vui t\u01b0\u01a1i m\u00e0 c\u00f2n t\u00ecm hi\u1ec3u th\u00eam v\u1ec1 Magdeburg, khi\u1ebfn n\u00f3 tr\u1edf th\u00e0nh l\u1ef1a ch\u1ecdn l\u00fd t\u01b0\u1edfng cho c\u1ea3 ng\u01b0\u1eddi d\u00e2n \u0111\u1ecba ph\u01b0\u01a1ng v\u00e0 du kh\u00e1ch. B\u1ea1n \u0111ang t\u00ecm ki\u1ebfm m\u1ed9t chuy\u1ebfn th\u00e1m hi\u1ec3m m\u1ed9t m\u00ecnh nh\u00e0n nh\u00e3 hay m\u1ed9t ho\u1ea1t \u0111\u1ed9ng nh\u00f3m v\u1edbi gia \u0111\u00ecnh ho\u1eb7c b\u1ea1n b\u00e8? Tr\u00f2 ch\u01a1i Th\u00e0nh ph\u1ed1 &#8220;Secrets of Magdeburg&#8221; ho\u00e0n to\u00e0n ph\u00f9 h\u1ee3p, mang \u0111\u1ebfn m\u1ed9t c\u00e1ch \u0111\u1ed9c \u0111\u00e1o \u0111\u1ec3 tr\u1ea3i nghi\u1ec7m v\u00e0 tr\u00e2n tr\u1ecdng th\u00e0nh ph\u1ed1 s\u00f4i \u0111\u1ed9ng Magdeburg.<\/p>\n","protected":false},"excerpt":{"rendered":"<p>Kh\u00e1m ph\u00e1 V\u1ebb \u0111\u1eb9p Uy nghi v\u00e0 B\u00ed \u1ea9n c\u1ee7a Magdeburg! \u0110\u1eafm m\u00ecnh v\u00e0o m\u1ed9t th\u00e0nh ph\u1ed1 n\u01a1i s\u1ef1 \u0111\u1ed5i m\u1edbi rung \u0111\u1ed9ng tr\u00ean s\u00f4ng Elbe v\u00e0 nh\u1eefng c\u00e2u chuy\u1ec7n th\u1eddi Trung c\u1ed5 vang v\u1ecdng trong c\u00e1c k\u1ef3 quan hi\u1ec7n \u0111\u1ea1i. H\u00e3y \u0111i theo c\u00e1c g\u1ee3i \u00fd v\u00e0 b\u0103ng qua trung t\u00e2m s\u00f4i \u0111\u1ed9ng c\u1ee7a n\u00f3, Magdeburg mang \u0111\u1ebfn nh\u1eefng b\u1ea5t ng\u1edd \u1edf m\u1ecdi ng\u00f3c ng\u00e1ch!<\/p>\n","protected":false},"featured_media":18944,"template":"","meta":{"_acf_changed":false,"_yoast_wpseo_focuskw":"Secrets of Magdeburg","_yoast_wpseo_metadesc":"Secrets of Magdeburg. Ch\u01a1i Tr\u00f2 ch\u01a1i Th\u00e0nh ph\u1ed1 t\u1ef1 h\u01b0\u1edbng d\u1eabn v\u00e0 kh\u00e1m ph\u00e1 th\u00e0nh ph\u1ed1 th\u00f4ng qua c\u00e1c c\u00e2u \u0111\u1ed1, c\u00e2u \u0111\u1ed1 m\u1eb9o v\u00e0 th\u1eed th\u00e1ch. Ch\u01a1i theo t\u1ed1c \u0111\u1ed9 c\u1ee7a ri\u00eang b\u1ea1n v\u00e0 kh\u00e1m ph\u00e1 nh\u01b0 m\u1ed9t ng\u01b0\u1eddi \u0111\u1ecba ph\u01b0\u01a1ng!","_kad_blocks_custom_css":"","_kad_blocks_head_custom_js":"","_kad_blocks_body_custom_js":"","_kad_blocks_footer_custom_js":"","ghostkit_customizer_options":"","ghostkit_custom_css":"","ghostkit_custom_js_head":"","ghostkit_custom_js_foot":"","ghostkit_typography":"","_kad_post_transparent":"","_kad_post_title":"","_kad_post_layout":"","_kad_post_sidebar_id":"","_kad_post_content_style":"","_kad_post_vertical_padding":"","_kad_post_feature":"","_kad_post_feature_position":"","_kad_post_header":false,"_kad_post_footer":false,"_kad_post_classname":"","_links_to":"","_links_to_target":""},"game-concept":[733],"location":[258],"product_brand":[],"product_cat":[27],"product_tag":[],"class_list":{"0":"post-65645","1":"product","2":"type-product","3":"status-publish","4":"has-post-thumbnail","6":"game-concept-secrets","7":"location-magdeburg","8":"product_cat-geen-categorie","10":"first","11":"instock","12":"shipping-taxable","13":"purchasable","14":"product-type-simple","15":"entry","16":"content-bg","17":"loop-entry"},"acf":{"full_bokun_product_name":"Self-Guided Secrets of Magdeburg Exploration Game","location_name":"Magdeburg","bokun_calendar_widget_code":"<script type=\"text\/javascript\" src=\"https:\/\/widgets.bokun.io\/assets\/javascripts\/apps\/build\/BokunWidgetsLoader.js?bookingChannelUUID=a1e93e96-5232-4734-a595-28405f4b5a31\" async><\/script>\n     \n    <div class=\"bokunWidget\" data-src=\"https:\/\/widgets.bokun.io\/online-sales\/a1e93e96-5232-4734-a595-28405f4b5a31\/experience-calendar\/918887\"><\/div>\n    <noscript>Please enable javascript in your browser to book<\/noscript>","bokun_button_widget_code":"<script type=\"text\/javascript\" src=\"https:\/\/widgets.bokun.io\/assets\/javascripts\/apps\/build\/BokunWidgetsLoader.js?bookingChannelUUID=a1e93e96-5232-4734-a595-28405f4b5a31\" async><\/script>\n      <style> #bokun_ed001e45_5927_4f62_b470_ca766338d083 { display: inline-block; padding: .4em 1em; background: #47b82e; border-radius: 999999px; box-shadow: none; font-weight: 600; font-size: 24px; text-decoration: none; text-align: center; color: #FFFFFF; border:none; cursor: pointer; transition: background .2s ease; } #bokun_ed001e45_5927_4f62_b470_ca766338d083:hover{ background: #2f7b1f; } #bokun_ed001e45_5927_4f62_b470_ca766338d083:active{ background: #378f24; } <\/style> <button class=\"bokunButton\" disabled id=bokun_ed001e45_5927_4f62_b470_ca766338d083 data-src=\"https:\/\/widgets.bokun.io\/online-sales\/a1e93e96-5232-4734-a595-28405f4b5a31\/experience-calendar\/918887?partialView=1\" data-testid=\"widget-book-button\" > Book now <\/button> ","what_you\u2019ll_experience_during_the_game":"B\u1eaft tay v\u00e0o m\u1ed9t h\u00e0nh tr\u00ecnh th\u00fa v\u1ecb khi b\u1ea1n kh\u00e1m ph\u00e1 th\u00e0nh ph\u1ed1 s\u00f4i \u0111\u1ed9ng Magdeburg trong Tr\u00f2 ch\u01a1i Th\u00e0nh ph\u1ed1 nh\u1eadp vai c\u1ee7a ch\u00fang t\u00f4i. Mang \u0111\u1ebfn s\u1ef1 k\u1ebft h\u1ee3p ho\u00e0n h\u1ea3o gi\u1eefa tham quan v\u00e0 l\u1ed1i ch\u01a1i t\u01b0\u01a1ng t\u00e1c, Tr\u00f2 ch\u01a1i Th\u00e0nh ph\u1ed1 c\u1ee7a ch\u00fang t\u00f4i h\u01b0\u1edbng d\u1eabn ng\u01b0\u1eddi ch\u01a1i \u0111i qua c\u00e1c \u0111\u1ecba danh mang t\u00ednh bi\u1ec3u t\u01b0\u1ee3ng v\u00e0 nh\u1eefng vi\u00ean ng\u1ecdc \u1ea9n gi\u1ea5u trong l\u00f2ng th\u00e0nh ph\u1ed1. Khi tr\u00f2 ch\u01a1i di\u1ec5n ra, b\u1ea1n s\u1ebd th\u1ea5y m\u00ecnh \u0111i qua c\u00e1c \u0111\u1ecba danh \u0111\u00e1ng ch\u00fa \u00fd nh\u01b0 Nh\u00e0 th\u1edd Magdeburg trang tr\u00ed c\u00f4ng phu, c\u00f4ng vi\u00ean Elbauenpark quan tr\u1ecdng v\u00e0 Hundertwasserhaus ho\u00e0nh tr\u00e1ng. M\u1ed7i g\u00f3c ph\u1ed1 \u0111\u1ea7y m\u00e0u s\u1eafc n\u00e0y c\u1ee7a Magdeburg \u0111\u1ec1u tr\u1edf n\u00ean s\u1ed1ng \u0111\u1ed9ng khi b\u1ea1n t\u00ecm hi\u1ec3u s\u00e2u h\u01a1n v\u1ec1 nh\u1eefng b\u00ed \u1ea9n c\u1ee7a th\u00e0nh ph\u1ed1, l\u00e0m phong ph\u00fa th\u00eam tr\u1ea3i nghi\u1ec7m kh\u00e1m ph\u00e1 v\u00e0 kh\u00e1m ph\u00e1 c\u1ee7a b\u1ea1n.\n\nY\u1ebfu t\u1ed1 tr\u00f2 ch\u01a1i c\u1ee7a Tr\u00f2 ch\u01a1i Th\u00e0nh ph\u1ed1 c\u1ee7a ch\u00fang t\u00f4i ch\u1ee9a \u0111\u1ef1ng c\u00e1c c\u00e2u \u0111\u1ed1, c\u00e2u \u0111\u1ed1 m\u1eb9o v\u00e0 th\u1eed th\u00e1ch ch\u1ee5p \u1ea3nh s\u00e1ng t\u1ea1o h\u1ea5p d\u1eabn, kh\u01a1i g\u1ee3i s\u1ef1 t\u00f2 m\u00f2 v\u00e0 tr\u00ed th\u00f4ng minh c\u1ee7a b\u1ea1n. Nh\u1eefng th\u1eed th\u00e1ch n\u00e0y kh\u00f4ng ch\u1ec9 th\u00eam m\u1ed9t n\u00e9t h\u1ea5p d\u1eabn v\u00e0o cu\u1ed9c kh\u00e1m ph\u00e1 Magdeburg c\u1ee7a b\u1ea1n m\u00e0 c\u00f2n gi\u00fap b\u1ea1n ki\u1ebfm \u0111i\u1ec3m \u0111\u1ec3 m\u1edf kh\u00f3a c\u00e1c g\u1ee3i \u00fd v\u00e0 ti\u1ebfn g\u1ea7n h\u01a1n \u0111\u1ebfn b\u00ed \u1ea9n cu\u1ed1i c\u00f9ng c\u1ee7a tr\u00f2 ch\u01a1i. C\u1ea5u tr\u00fac linh ho\u1ea1t c\u1ee7a tr\u00f2 ch\u01a1i cho ph\u00e9p t\u1ea1m d\u1eebng b\u1ea5t c\u1ee9 khi n\u00e0o b\u1ea1n mu\u1ed1n, cho ph\u00e9p b\u1ea1n kh\u00e1m ph\u00e1 th\u00e0nh ph\u1ed1 theo t\u1ed1c \u0111\u1ed9 c\u1ee7a ri\u00eang m\u00ecnh v\u00e0 ti\u1ebfp t\u1ee5c khi s\u1eb5n s\u00e0ng. N\u1ebfu b\u1ea1n mu\u1ed1n m\u1ed9t ch\u00fat c\u1ea1nh tranh, h\u00e3y nh\u1eafm \u0111\u1ebfn v\u1ecb tr\u00ed cao tr\u00ean b\u1ea3ng x\u1ebfp h\u1ea1ng v\u00e0 th\u00eam m\u1ed9t l\u1ee3i th\u1ebf v\u00e0o cu\u1ed9c phi\u00eau l\u01b0u kh\u00e1m ph\u00e1 c\u1ee7a b\u1ea1n quanh th\u00e0nh ph\u1ed1 \u0111\u00e1ng ch\u00fa \u00fd n\u00e0y.","how_to_play":"\u0110\u1eb7t Tr\u00f2 ch\u01a1i Kh\u00e1m ph\u00e1, ki\u1ec3m tra email ch\u00fang t\u00f4i g\u1eedi cho b\u1ea1n v\u1edbi c\u00e1c h\u01b0\u1edbng d\u1eabn \u0111\u01a1n gi\u1ea3n, t\u1ea3i xu\u1ed1ng \u1ee8ng d\u1ee5ng Loquiz, truy c\u1eadp Tr\u00f2 ch\u01a1i Kh\u00e1m ph\u00e1 v\u00e0 b\u1ea1n \u0111\u00e3 s\u1eb5n s\u00e0ng b\u1eaft \u0111\u1ea7u tr\u1ea3i nghi\u1ec7m tr\u00f2 ch\u01a1i c\u1ee7a m\u00ecnh!","start_location":"Magdeburg, Alter Markt","available_languages":["en"],"players_per_group":"1-4","duration":"1.5-2 hours","image_overlay_color_image":"https:\/\/testwebsite.citygame.com\/wp-content\/blogs.dir\/1\/files\/sites\/62\/2026\/01\/SecretsColor.svg","image_overlay_game_logo":"https:\/\/testwebsite.citygame.com\/wp-content\/blogs.dir\/1\/files\/sites\/62\/2026\/01\/SecretsLogo.png","city_page":15357,"woocommerce_general_content":null},"yoast_head":"<!-- This site is optimized with the Yoast SEO Premium plugin v26.2 (Yoast SEO v26.3) - https:\/\/yoast.com\/wordpress\/plugins\/seo\/ -->\n<title>Secrets of Magdeburg - City Game<\/title>\n<meta name=\"description\" content=\"Secrets of Magdeburg. Ch\u01a1i Tr\u00f2 ch\u01a1i Th\u00e0nh ph\u1ed1 t\u1ef1 h\u01b0\u1edbng d\u1eabn v\u00e0 kh\u00e1m ph\u00e1 th\u00e0nh ph\u1ed1 th\u00f4ng qua c\u00e1c c\u00e2u \u0111\u1ed1, c\u00e2u \u0111\u1ed1 m\u1eb9o v\u00e0 th\u1eed th\u00e1ch. Ch\u01a1i theo t\u1ed1c \u0111\u1ed9 c\u1ee7a ri\u00eang b\u1ea1n v\u00e0 kh\u00e1m ph\u00e1 nh\u01b0 m\u1ed9t ng\u01b0\u1eddi \u0111\u1ecba ph\u01b0\u01a1ng!\" \/>\n<meta name=\"robots\" content=\"noindex, follow, max-snippet:-1, max-image-preview:large, max-video-preview:-1\" \/>\n<meta property=\"og:locale\" content=\"vi_VN\" \/>\n<meta property=\"og:type\" content=\"article\" \/>\n<meta property=\"og:title\" content=\"Secrets of Magdeburg\" \/>\n<meta property=\"og:description\" content=\"Secrets of Magdeburg. Ch\u01a1i Tr\u00f2 ch\u01a1i Th\u00e0nh ph\u1ed1 t\u1ef1 h\u01b0\u1edbng d\u1eabn v\u00e0 kh\u00e1m ph\u00e1 th\u00e0nh ph\u1ed1 th\u00f4ng qua c\u00e1c c\u00e2u \u0111\u1ed1, c\u00e2u \u0111\u1ed1 m\u1eb9o v\u00e0 th\u1eed th\u00e1ch. Ch\u01a1i theo t\u1ed1c \u0111\u1ed9 c\u1ee7a ri\u00eang b\u1ea1n v\u00e0 kh\u00e1m ph\u00e1 nh\u01b0 m\u1ed9t ng\u01b0\u1eddi \u0111\u1ecba ph\u01b0\u01a1ng!\" \/>\n<meta property=\"og:url\" content=\"https:\/\/testwebsite.citygame.com\/vi\/games\/magdeburg\/secrets-of-magdeburg\/\" \/>\n<meta property=\"og:site_name\" content=\"City Game\" \/>\n<meta property=\"article:publisher\" content=\"https:\/\/www.facebook.com\/profile.php?id=100086426226253\" \/>\n<meta property=\"article:modified_time\" content=\"2026-04-08T16:24:22+00:00\" \/>\n<meta property=\"og:image\" content=\"https:\/\/testwebsite.citygame.com\/wp-content\/blogs.dir\/1\/files\/sites\/62\/2026\/03\/city-game-magdeburg-player-phone-historic-buildings.jpg\" \/>\n\t<meta property=\"og:image:width\" content=\"1024\" \/>\n\t<meta property=\"og:image:height\" content=\"1024\" \/>\n\t<meta property=\"og:image:type\" content=\"image\/jpeg\" \/>\n<meta name=\"twitter:card\" content=\"summary_large_image\" \/>\n<meta name=\"twitter:label1\" content=\"\u01af\u1edbc t\u00ednh th\u1eddi gian \u0111\u1ecdc\" \/>\n\t<meta name=\"twitter:data1\" content=\"1 ph\u00fat\" \/>\n<script type=\"application\/ld+json\" class=\"yoast-schema-graph\">{\"@context\":\"https:\/\/schema.org\",\"@graph\":[{\"@type\":\"WebPage\",\"@id\":\"https:\/\/testwebsite.citygame.com\/vi\/games\/magdeburg\/secrets-of-magdeburg\/\",\"url\":\"https:\/\/testwebsite.citygame.com\/vi\/games\/magdeburg\/secrets-of-magdeburg\/\",\"name\":\"Secrets of Magdeburg - City Game\",\"isPartOf\":{\"@id\":\"https:\/\/testwebsite.upevents.nl\/#website\"},\"primaryImageOfPage\":{\"@id\":\"https:\/\/testwebsite.citygame.com\/vi\/games\/magdeburg\/secrets-of-magdeburg\/#primaryimage\"},\"image\":{\"@id\":\"https:\/\/testwebsite.citygame.com\/vi\/games\/magdeburg\/secrets-of-magdeburg\/#primaryimage\"},\"thumbnailUrl\":\"https:\/\/testwebsite.citygame.com\/wp-content\/blogs.dir\/1\/files\/sites\/62\/2026\/03\/city-game-magdeburg-player-phone-historic-buildings.jpg\",\"datePublished\":\"2026-03-16T08:39:27+00:00\",\"dateModified\":\"2026-04-08T16:24:22+00:00\",\"description\":\"Secrets of Magdeburg. Ch\u01a1i Tr\u00f2 ch\u01a1i Th\u00e0nh ph\u1ed1 t\u1ef1 h\u01b0\u1edbng d\u1eabn v\u00e0 kh\u00e1m ph\u00e1 th\u00e0nh ph\u1ed1 th\u00f4ng qua c\u00e1c c\u00e2u \u0111\u1ed1, c\u00e2u \u0111\u1ed1 m\u1eb9o v\u00e0 th\u1eed th\u00e1ch. Ch\u01a1i theo t\u1ed1c \u0111\u1ed9 c\u1ee7a ri\u00eang b\u1ea1n v\u00e0 kh\u00e1m ph\u00e1 nh\u01b0 m\u1ed9t ng\u01b0\u1eddi \u0111\u1ecba ph\u01b0\u01a1ng!\",\"breadcrumb\":{\"@id\":\"https:\/\/testwebsite.citygame.com\/vi\/games\/magdeburg\/secrets-of-magdeburg\/#breadcrumb\"},\"inLanguage\":\"vi\",\"potentialAction\":[{\"@type\":\"ReadAction\",\"target\":[\"https:\/\/testwebsite.citygame.com\/vi\/games\/magdeburg\/secrets-of-magdeburg\/\"]}]},{\"@type\":\"ImageObject\",\"inLanguage\":\"vi\",\"@id\":\"https:\/\/testwebsite.citygame.com\/vi\/games\/magdeburg\/secrets-of-magdeburg\/#primaryimage\",\"url\":\"https:\/\/testwebsite.citygame.com\/wp-content\/blogs.dir\/1\/files\/sites\/62\/2026\/03\/city-game-magdeburg-player-phone-historic-buildings.jpg\",\"contentUrl\":\"https:\/\/testwebsite.citygame.com\/wp-content\/blogs.dir\/1\/files\/sites\/62\/2026\/03\/city-game-magdeburg-player-phone-historic-buildings.jpg\",\"width\":1024,\"height\":1024,\"caption\":\"A young man uses a smartphone app to discover the secrets of Magdeburg, Germany.\"},{\"@type\":\"BreadcrumbList\",\"@id\":\"https:\/\/testwebsite.citygame.com\/vi\/games\/magdeburg\/secrets-of-magdeburg\/#breadcrumb\",\"itemListElement\":[{\"@type\":\"ListItem\",\"position\":1,\"name\":\"Home\",\"item\":\"https:\/\/testwebsite.citygame.com\/vi\/\"},{\"@type\":\"ListItem\",\"position\":2,\"name\":\"Shop\",\"item\":\"https:\/\/testwebsite.citygame.com\/shop\/\"},{\"@type\":\"ListItem\",\"position\":3,\"name\":\"Secrets of Magdeburg\"}]},{\"@type\":\"WebSite\",\"@id\":\"https:\/\/testwebsite.upevents.nl\/#website\",\"url\":\"https:\/\/testwebsite.upevents.nl\/\",\"name\":\"City Game\",\"description\":\"\",\"publisher\":{\"@id\":\"https:\/\/testwebsite.upevents.nl\/#organization\"},\"alternateName\":\"citygame.com\",\"potentialAction\":[{\"@type\":\"SearchAction\",\"target\":{\"@type\":\"EntryPoint\",\"urlTemplate\":\"https:\/\/testwebsite.upevents.nl\/?s={search_term_string}\"},\"query-input\":{\"@type\":\"PropertyValueSpecification\",\"valueRequired\":true,\"valueName\":\"search_term_string\"}}],\"inLanguage\":\"vi\"},{\"@type\":[\"Organization\",\"Place\"],\"@id\":\"https:\/\/testwebsite.upevents.nl\/#organization\",\"name\":\"City Game\",\"alternateName\":\"citygame.com\",\"url\":\"https:\/\/testwebsite.upevents.nl\/\",\"logo\":{\"@id\":\"https:\/\/testwebsite.citygame.com\/vi\/games\/magdeburg\/secrets-of-magdeburg\/#local-main-organization-logo\"},\"image\":{\"@id\":\"https:\/\/testwebsite.citygame.com\/vi\/games\/magdeburg\/secrets-of-magdeburg\/#local-main-organization-logo\"},\"sameAs\":[\"https:\/\/www.facebook.com\/profile.php?id=100086426226253\",\"https:\/\/www.instagram.com\/citygame_com\",\"https:\/\/www.tiktok.com\/@citygamecom\/\",\"https:\/\/www.linkedin.com\/company\/citygame-com\"],\"description\":\"Turn any city into a playground with our interactive City Games and self-guided tours. Fun, flexible, and ideal for groups and team building.\",\"telephone\":[],\"openingHoursSpecification\":[{\"@type\":\"OpeningHoursSpecification\",\"dayOfWeek\":[\"Monday\",\"Tuesday\",\"Wednesday\",\"Thursday\",\"Friday\",\"Saturday\",\"Sunday\"],\"opens\":\"09:00\",\"closes\":\"17:00\"}]},{\"@type\":\"ImageObject\",\"inLanguage\":\"vi\",\"@id\":\"https:\/\/testwebsite.citygame.com\/vi\/games\/magdeburg\/secrets-of-magdeburg\/#local-main-organization-logo\",\"url\":\"https:\/\/testwebsite.citygame.com\/wp-content\/blogs.dir\/1\/files\/sites\/62\/2025\/10\/CG_LOGO-City-Game.png\",\"contentUrl\":\"https:\/\/testwebsite.citygame.com\/wp-content\/blogs.dir\/1\/files\/sites\/62\/2025\/10\/CG_LOGO-City-Game.png\",\"width\":351,\"height\":377,\"caption\":\"City Game\"}]}<\/script>\n<!-- \/ Yoast SEO Premium plugin. -->","yoast_head_json":{"title":"Secrets of Magdeburg - City Game","description":"Secrets of Magdeburg. Ch\u01a1i Tr\u00f2 ch\u01a1i Th\u00e0nh ph\u1ed1 t\u1ef1 h\u01b0\u1edbng d\u1eabn v\u00e0 kh\u00e1m ph\u00e1 th\u00e0nh ph\u1ed1 th\u00f4ng qua c\u00e1c c\u00e2u \u0111\u1ed1, c\u00e2u \u0111\u1ed1 m\u1eb9o v\u00e0 th\u1eed th\u00e1ch. Ch\u01a1i theo t\u1ed1c \u0111\u1ed9 c\u1ee7a ri\u00eang b\u1ea1n v\u00e0 kh\u00e1m ph\u00e1 nh\u01b0 m\u1ed9t ng\u01b0\u1eddi \u0111\u1ecba ph\u01b0\u01a1ng!","robots":{"index":"noindex","follow":"follow","max-snippet":"max-snippet:-1","max-image-preview":"max-image-preview:large","max-video-preview":"max-video-preview:-1"},"og_locale":"vi_VN","og_type":"article","og_title":"Secrets of Magdeburg","og_description":"Secrets of Magdeburg. Ch\u01a1i Tr\u00f2 ch\u01a1i Th\u00e0nh ph\u1ed1 t\u1ef1 h\u01b0\u1edbng d\u1eabn v\u00e0 kh\u00e1m ph\u00e1 th\u00e0nh ph\u1ed1 th\u00f4ng qua c\u00e1c c\u00e2u \u0111\u1ed1, c\u00e2u \u0111\u1ed1 m\u1eb9o v\u00e0 th\u1eed th\u00e1ch. Ch\u01a1i theo t\u1ed1c \u0111\u1ed9 c\u1ee7a ri\u00eang b\u1ea1n v\u00e0 kh\u00e1m ph\u00e1 nh\u01b0 m\u1ed9t ng\u01b0\u1eddi \u0111\u1ecba ph\u01b0\u01a1ng!","og_url":"https:\/\/testwebsite.citygame.com\/vi\/games\/magdeburg\/secrets-of-magdeburg\/","og_site_name":"City Game","article_publisher":"https:\/\/www.facebook.com\/profile.php?id=100086426226253","article_modified_time":"2026-04-08T16:24:22+00:00","og_image":[{"width":1024,"height":1024,"url":"https:\/\/testwebsite.citygame.com\/wp-content\/blogs.dir\/1\/files\/sites\/62\/2026\/03\/city-game-magdeburg-player-phone-historic-buildings.jpg","type":"image\/jpeg"}],"twitter_card":"summary_large_image","twitter_misc":{"\u01af\u1edbc t\u00ednh th\u1eddi gian \u0111\u1ecdc":"1 ph\u00fat"},"schema":{"@context":"https:\/\/schema.org","@graph":[{"@type":"WebPage","@id":"https:\/\/testwebsite.citygame.com\/vi\/games\/magdeburg\/secrets-of-magdeburg\/","url":"https:\/\/testwebsite.citygame.com\/vi\/games\/magdeburg\/secrets-of-magdeburg\/","name":"Secrets of Magdeburg - City Game","isPartOf":{"@id":"https:\/\/testwebsite.upevents.nl\/#website"},"primaryImageOfPage":{"@id":"https:\/\/testwebsite.citygame.com\/vi\/games\/magdeburg\/secrets-of-magdeburg\/#primaryimage"},"image":{"@id":"https:\/\/testwebsite.citygame.com\/vi\/games\/magdeburg\/secrets-of-magdeburg\/#primaryimage"},"thumbnailUrl":"https:\/\/testwebsite.citygame.com\/wp-content\/blogs.dir\/1\/files\/sites\/62\/2026\/03\/city-game-magdeburg-player-phone-historic-buildings.jpg","datePublished":"2026-03-16T08:39:27+00:00","dateModified":"2026-04-08T16:24:22+00:00","description":"Secrets of Magdeburg. Ch\u01a1i Tr\u00f2 ch\u01a1i Th\u00e0nh ph\u1ed1 t\u1ef1 h\u01b0\u1edbng d\u1eabn v\u00e0 kh\u00e1m ph\u00e1 th\u00e0nh ph\u1ed1 th\u00f4ng qua c\u00e1c c\u00e2u \u0111\u1ed1, c\u00e2u \u0111\u1ed1 m\u1eb9o v\u00e0 th\u1eed th\u00e1ch. Ch\u01a1i theo t\u1ed1c \u0111\u1ed9 c\u1ee7a ri\u00eang b\u1ea1n v\u00e0 kh\u00e1m ph\u00e1 nh\u01b0 m\u1ed9t ng\u01b0\u1eddi \u0111\u1ecba ph\u01b0\u01a1ng!","breadcrumb":{"@id":"https:\/\/testwebsite.citygame.com\/vi\/games\/magdeburg\/secrets-of-magdeburg\/#breadcrumb"},"inLanguage":"vi","potentialAction":[{"@type":"ReadAction","target":["https:\/\/testwebsite.citygame.com\/vi\/games\/magdeburg\/secrets-of-magdeburg\/"]}]},{"@type":"ImageObject","inLanguage":"vi","@id":"https:\/\/testwebsite.citygame.com\/vi\/games\/magdeburg\/secrets-of-magdeburg\/#primaryimage","url":"https:\/\/testwebsite.citygame.com\/wp-content\/blogs.dir\/1\/files\/sites\/62\/2026\/03\/city-game-magdeburg-player-phone-historic-buildings.jpg","contentUrl":"https:\/\/testwebsite.citygame.com\/wp-content\/blogs.dir\/1\/files\/sites\/62\/2026\/03\/city-game-magdeburg-player-phone-historic-buildings.jpg","width":1024,"height":1024,"caption":"A young man uses a smartphone app to discover the secrets of Magdeburg, Germany."},{"@type":"BreadcrumbList","@id":"https:\/\/testwebsite.citygame.com\/vi\/games\/magdeburg\/secrets-of-magdeburg\/#breadcrumb","itemListElement":[{"@type":"ListItem","position":1,"name":"Home","item":"https:\/\/testwebsite.citygame.com\/vi\/"},{"@type":"ListItem","position":2,"name":"Shop","item":"https:\/\/testwebsite.citygame.com\/shop\/"},{"@type":"ListItem","position":3,"name":"Secrets of Magdeburg"}]},{"@type":"WebSite","@id":"https:\/\/testwebsite.upevents.nl\/#website","url":"https:\/\/testwebsite.upevents.nl\/","name":"City Game","description":"","publisher":{"@id":"https:\/\/testwebsite.upevents.nl\/#organization"},"alternateName":"citygame.com","potentialAction":[{"@type":"SearchAction","target":{"@type":"EntryPoint","urlTemplate":"https:\/\/testwebsite.upevents.nl\/?s={search_term_string}"},"query-input":{"@type":"PropertyValueSpecification","valueRequired":true,"valueName":"search_term_string"}}],"inLanguage":"vi"},{"@type":["Organization","Place"],"@id":"https:\/\/testwebsite.upevents.nl\/#organization","name":"City Game","alternateName":"citygame.com","url":"https:\/\/testwebsite.upevents.nl\/","logo":{"@id":"https:\/\/testwebsite.citygame.com\/vi\/games\/magdeburg\/secrets-of-magdeburg\/#local-main-organization-logo"},"image":{"@id":"https:\/\/testwebsite.citygame.com\/vi\/games\/magdeburg\/secrets-of-magdeburg\/#local-main-organization-logo"},"sameAs":["https:\/\/www.facebook.com\/profile.php?id=100086426226253","https:\/\/www.instagram.com\/citygame_com","https:\/\/www.tiktok.com\/@citygamecom\/","https:\/\/www.linkedin.com\/company\/citygame-com"],"description":"Turn any city into a playground with our interactive City Games and self-guided tours. Fun, flexible, and ideal for groups and team building.","telephone":[],"openingHoursSpecification":[{"@type":"OpeningHoursSpecification","dayOfWeek":["Monday","Tuesday","Wednesday","Thursday","Friday","Saturday","Sunday"],"opens":"09:00","closes":"17:00"}]},{"@type":"ImageObject","inLanguage":"vi","@id":"https:\/\/testwebsite.citygame.com\/vi\/games\/magdeburg\/secrets-of-magdeburg\/#local-main-organization-logo","url":"https:\/\/testwebsite.citygame.com\/wp-content\/blogs.dir\/1\/files\/sites\/62\/2025\/10\/CG_LOGO-City-Game.png","contentUrl":"https:\/\/testwebsite.citygame.com\/wp-content\/blogs.dir\/1\/files\/sites\/62\/2025\/10\/CG_LOGO-City-Game.png","width":351,"height":377,"caption":"City Game"}]}},"taxonomy_info":{"game-concept":[{"value":733,"label":"Secrets"}],"location":[{"value":258,"label":"Magdeburg"}],"product_cat":[{"value":27,"label":"Geen categorie"}]},"featured_image_src_large":["https:\/\/testwebsite.citygame.com\/wp-content\/blogs.dir\/1\/files\/sites\/62\/2026\/03\/city-game-magdeburg-player-phone-historic-buildings.jpg",1024,1024,false],"author_info":[],"comment_info":"","_links":{"self":[{"href":"https:\/\/testwebsite.citygame.com\/vi\/wp-json\/wp\/v2\/product\/65645","targetHints":{"allow":["GET"]}}],"collection":[{"href":"https:\/\/testwebsite.citygame.com\/vi\/wp-json\/wp\/v2\/product"}],"about":[{"href":"https:\/\/testwebsite.citygame.com\/vi\/wp-json\/wp\/v2\/types\/product"}],"acf:post":[{"embeddable":true,"href":"https:\/\/testwebsite.citygame.com\/vi\/wp-json\/wp\/v2\/pages\/15357"}],"wp:featuredmedia":[{"embeddable":true,"href":"https:\/\/testwebsite.citygame.com\/vi\/wp-json\/wp\/v2\/media\/18944"}],"wp:attachment":[{"href":"https:\/\/testwebsite.citygame.com\/vi\/wp-json\/wp\/v2\/media?parent=65645"}],"wp:term":[{"taxonomy":"game-concept","embeddable":true,"href":"https:\/\/testwebsite.citygame.com\/vi\/wp-json\/wp\/v2\/game-concept?post=65645"},{"taxonomy":"location","embeddable":true,"href":"https:\/\/testwebsite.citygame.com\/vi\/wp-json\/wp\/v2\/location?post=65645"},{"taxonomy":"product_brand","embeddable":true,"href":"https:\/\/testwebsite.citygame.com\/vi\/wp-json\/wp\/v2\/product_brand?post=65645"},{"taxonomy":"product_cat","embeddable":true,"href":"https:\/\/testwebsite.citygame.com\/vi\/wp-json\/wp\/v2\/product_cat?post=65645"},{"taxonomy":"product_tag","embeddable":true,"href":"https:\/\/testwebsite.citygame.com\/vi\/wp-json\/wp\/v2\/product_tag?post=65645"}],"curies":[{"name":"wp","href":"https:\/\/api.w.org\/{rel}","templated":true}]}}