{"id":65409,"date":"2026-02-12T19:02:31","date_gmt":"2026-02-12T19:02:31","guid":{"rendered":"https:\/\/testwebsite.citygame.com\/games\/unknown-location\/sherlock-holmes-essen\/"},"modified":"2026-04-08T15:53:42","modified_gmt":"2026-04-08T15:53:42","slug":"sherlock-holmes-essen","status":"publish","type":"product","link":"https:\/\/testwebsite.citygame.com\/vi\/games\/essen\/sherlock-holmes-essen\/","title":{"rendered":"Sherlock Holmes Essen"},"content":{"rendered":"<p>H\u00e3y b\u01b0\u1edbc v\u00e0o th\u1ebf gi\u1edbi c\u1ee7a Sherlock Holmes v\u1edbi m\u1ed9t Tr\u00f2 ch\u01a1i th\u00e0nh ph\u1ed1 b\u00ed \u1ea9n, t\u1ef1 kh\u00e1m ph\u00e1 theo c\u1ed1t truy\u1ec7n v\u1ec1 m\u1ed9t v\u1ee5 \u00e1n m\u1ea1ng, \u0111\u01b0\u1ee3c \u0111\u1eb7t t\u1ea1i trung t\u00e2m th\u00e0nh ph\u1ed1 Essen. Khi L\u1ec5 h\u1ed9i T\u1ef1 do k\u1ebft th\u00fac trong bi k\u1ecbch, b\u1ea1n s\u1ebd th\u1ea5y m\u00ecnh \u1edf trung t\u00e2m c\u1ee7a m\u1ed9t cu\u1ed9c \u0111i\u1ec1u tra h\u1ea5p d\u1eabn, n\u01a1i c\u00e1c manh m\u1ed1i ph\u1ea3i \u0111\u01b0\u1ee3c thu th\u1eadp, c\u00e1c c\u00e2u \u0111\u1ed1 \u0111\u01b0\u1ee3c gi\u1ea3i quy\u1ebft v\u00e0 c\u00e1c nghi ph\u1ea1m k\u1ef9 thu\u1eadt s\u1ed1 \u0111\u01b0\u1ee3c th\u1ea9m v\u1ea5n. Di chuy\u1ec3n theo t\u1ed1c \u0111\u1ed9 c\u1ee7a ri\u00eang b\u1ea1n qua c\u00e2u chuy\u1ec7n \u0111ang di\u1ec5n ra khi th\u00e0nh ph\u1ed1 xung quanh b\u1ea1n tr\u1edf th\u00e0nh b\u1ed1i c\u1ea3nh nh\u1eadp vai cho m\u1ed9t tr\u1ea3i nghi\u1ec7m th\u00e1m t\u1eed \u0111\u1ea7y th\u1eed th\u00e1ch.<\/p>\n","protected":false},"excerpt":{"rendered":"<p>H\u00e3y b\u01b0\u1edbc v\u00e0o vai Sherlock Holmes l\u1eebng danh, khi b\u1ea1n \u0111i\u1ec1u h\u01b0\u1edbng nh\u1eefng kh\u00fac m\u1eafc v\u00e0 b\u00ed \u1ea9n c\u1ee7a m\u1ed9t v\u1ee5 \u00e1n m\u1ea1ng t\u1ef1 kh\u00e1m ph\u00e1 \u0111\u01b0\u1ee3c \u0111\u1eb7t \u1edf Essen. Theo \u0111u\u1ed5i manh m\u1ed1i, gi\u1ea3i m\u00e3 c\u00e1c c\u00e2u \u0111\u1ed1 v\u00e0 l\u00e0m vi\u1ec7c c\u00f9ng \u0111\u1ed9i c\u1ee7a b\u1ea1n \u0111\u1ec3 kh\u00e1m ph\u00e1 s\u1ef1 th\u1eadt &#8211; th\u1eddi gian \u0111ang tr\u00f4i, h\u00e3y nhanh ch\u00e2n l\u00ean!<\/p>\n","protected":false},"featured_media":13174,"template":"","meta":{"_acf_changed":false,"_yoast_wpseo_focuskw":"Sherlock Holmes Essen","_yoast_wpseo_metadesc":"Sherlock Holmes Essen. Ch\u01a1i Tr\u00f2 ch\u01a1i th\u00e0nh ph\u1ed1 b\u00ed \u1ea9n t\u1ef1 kh\u00e1m ph\u00e1, gi\u1ea3i c\u00e1c c\u00e2u \u0111\u1ed1, theo d\u00f5i manh m\u1ed1i v\u00e0 t\u00ecm ra k\u1ebb gi\u1ebft ng\u01b0\u1eddi theo t\u1ed1c \u0111\u1ed9 c\u1ee7a ri\u00eang b\u1ea1n!","_kad_blocks_custom_css":"","_kad_blocks_head_custom_js":"","_kad_blocks_body_custom_js":"","_kad_blocks_footer_custom_js":"","ghostkit_customizer_options":"","ghostkit_custom_css":"","ghostkit_custom_js_head":"","ghostkit_custom_js_foot":"","ghostkit_typography":"","_kad_post_transparent":"","_kad_post_title":"","_kad_post_layout":"","_kad_post_sidebar_id":"","_kad_post_content_style":"","_kad_post_vertical_padding":"","_kad_post_feature":"","_kad_post_feature_position":"","_kad_post_header":false,"_kad_post_footer":false,"_kad_post_classname":"","_links_to":"","_links_to_target":""},"game-concept":[794],"location":[158],"product_brand":[],"product_cat":[27],"product_tag":[],"class_list":{"0":"post-65409","1":"product","2":"type-product","3":"status-publish","4":"has-post-thumbnail","6":"game-concept-sherlock","7":"location-essen","8":"product_cat-geen-categorie","10":"first","11":"instock","12":"shipping-taxable","13":"purchasable","14":"product-type-simple","15":"entry","16":"content-bg","17":"loop-entry"},"acf":{"full_bokun_product_name":"Essen Self-Guided Sherlock Holmes Murder Mystery Game","location_name":"Essen","bokun_calendar_widget_code":"<script type=\"text\/javascript\" src=\"https:\/\/widgets.bokun.io\/assets\/javascripts\/apps\/build\/BokunWidgetsLoader.js?bookingChannelUUID=a1e93e96-5232-4734-a595-28405f4b5a31\" async><\/script>\n     \n    <div class=\"bokunWidget\" data-src=\"https:\/\/widgets.bokun.io\/online-sales\/a1e93e96-5232-4734-a595-28405f4b5a31\/experience-calendar\/801446\"><\/div>\n    <noscript>Please enable javascript in your browser to book<\/noscript>","bokun_button_widget_code":"<script type=\"text\/javascript\" src=\"https:\/\/widgets.bokun.io\/assets\/javascripts\/apps\/build\/BokunWidgetsLoader.js?bookingChannelUUID=a1e93e96-5232-4734-a595-28405f4b5a31\" async><\/script>\n      <style> #bokun_ed001e45_5927_4f62_b470_ca766338d083 { display: inline-block; padding: .4em 1em; background: #47b82e; border-radius: 999999px; box-shadow: none; font-weight: 600; font-size: 24px; text-decoration: none; text-align: center; color: #FFFFFF; border:none; cursor: pointer; transition: background .2s ease; } #bokun_ed001e45_5927_4f62_b470_ca766338d083:hover{ background: #2f7b1f; } #bokun_ed001e45_5927_4f62_b470_ca766338d083:active{ background: #378f24; } <\/style> <button class=\"bokunButton\" disabled id=bokun_ed001e45_5927_4f62_b470_ca766338d083 data-src=\"https:\/\/widgets.bokun.io\/online-sales\/a1e93e96-5232-4734-a595-28405f4b5a31\/experience-calendar\/801446?partialView=1\" data-testid=\"widget-book-button\" > Book now <\/button> ","what_you\u2019ll_experience_during_the_game":"B\u1ea1n s\u1ebd b\u01b0\u1edbc v\u00e0o m\u1ed9t c\u00e2u chuy\u1ec7n th\u00e1m t\u1eed h\u1ea5p d\u1eabn l\u1ea5y b\u1ed1i c\u1ea3nh \u1edf Essen, n\u01a1i m\u1ed7i con ph\u1ed1 s\u1ebd \u0111\u01b0a b\u1ea1n \u0111i s\u00e2u h\u01a1n v\u00e0o b\u00ed \u1ea9n \u0111\u1eb1ng sau m\u1ed9t v\u1ee5 \u00e1n m\u1ea1ng t\u1ea1i L\u1ec5 h\u1ed9i T\u1ef1 do. Khi cu\u1ed9c \u0111i\u1ec1u tra di\u1ec5n ra, b\u1ea1n s\u1ebd di chuy\u1ec3n kh\u1eafp th\u00e0nh ph\u1ed1 \u0111\u1ec3 t\u00ecm ki\u1ebfm nh\u1eefng manh m\u1ed1i quan tr\u1ecdng, gi\u1ea3i quy\u1ebft c\u00e1c c\u00e2u \u0111\u1ed1 ph\u1ee9c t\u1ea1p v\u00e0 \u0111\u1ed1i m\u1eb7t v\u1edbi nh\u1eefng t\u00ecnh ti\u1ebft b\u1ea5t ng\u1edd th\u00e1ch th\u1ee9c m\u1ecdi gi\u1ea3 \u0111\u1ecbnh c\u1ee7a b\u1ea1n.\n\nB\u1ea1n s\u1ebd th\u1ea9m v\u1ea5n c\u00e1c nghi ph\u1ea1m k\u1ef9 thu\u1eadt s\u1ed1, ki\u1ec3m tra ch\u1ee9ng c\u1ee9 ngo\u1ea1i ph\u1ea1m v\u00e0 kh\u00e1m ph\u00e1 nh\u1eefng m\u00e2u thu\u1eabn c\u00f3 th\u1ec3 thay \u0111\u1ed5i h\u01b0\u1edbng \u0111i c\u1ee7a v\u1ee5 \u00e1n. M\u1ecdi quy\u1ebft \u0111\u1ecbnh b\u1ea1n \u0111\u01b0a ra \u0111\u1ec1u m\u00e0i d\u0169a kh\u1ea3 n\u0103ng quan s\u00e1t, t\u01b0 duy ph\u1ea3n bi\u1ec7n v\u00e0 n\u0103ng l\u1ef1c suy lu\u1eadn c\u1ee7a b\u1ea1n. Tr\u1ea3i nghi\u1ec7m ho\u00e0n to\u00e0n d\u1ef1a tr\u00ean c\u1ed1t truy\u1ec7n, cu\u1ed1n b\u1ea1n v\u00e0o cu\u1ed9c \u0111i\u1ec1u tra khi b\u1ea1n kh\u00e1m ph\u00e1 nh\u1eefng l\u1edbp s\u1ef1 th\u1eadt \u1ea9n gi\u1ea5u. B\u1ea1n c\u00f3 th\u1ec3 ch\u01a1i ho\u00e0n to\u00e0n theo t\u1ed1c \u0111\u1ed9 c\u1ee7a ri\u00eang m\u00ecnh, t\u1ea1m d\u1eebng b\u1ea5t c\u1ee9 khi n\u00e0o c\u1ea7n v\u00e0 ti\u1ebfp t\u1ee5c khi s\u1eb5n s\u00e0ng. N\u1ebfu ch\u01a1i theo \u0111\u1ed9i, b\u1ea1n c\u00f3 th\u1ec3 th\u1ea5y m\u00ecnh ng\u1ea5m ng\u1ea7m c\u1ea1nh tranh xem ai l\u00e0 ng\u01b0\u1eddi ph\u00e1 \u00e1n tr\u01b0\u1edbc.","how_to_play":"Ch\u01a1i m\u1ed9t m\u00ecnh ho\u1eb7c c\u00f9ng b\u1ea1n b\u00e8, gia \u0111\u00ecnh, ho\u1eb7c \u0111\u1ed3ng nghi\u1ec7p theo nh\u00f3m t\u1ed1i \u0111a b\u1ed1n ng\u01b0\u1eddi m\u1ed7i thi\u1ebft b\u1ecb. Sau khi \u0111\u1eb7t ch\u1ed7, b\u1ea1n s\u1ebd nh\u1eadn \u0111\u01b0\u1ee3c m\u1ed9t email h\u01b0\u1edbng d\u1eabn v\u1edbi m\u1ecdi th\u1ee9 b\u1ea1n c\u1ea7n.","start_location":"Marktkirche","available_languages":["en","es","fr","de","it","nl"],"players_per_group":"1-4","duration":"1.5-2 hours","image_overlay_color_image":"https:\/\/testwebsite.citygame.com\/wp-content\/blogs.dir\/1\/files\/sites\/62\/2026\/01\/SherlockColor.svg","image_overlay_game_logo":"https:\/\/testwebsite.citygame.com\/wp-content\/blogs.dir\/1\/files\/sites\/62\/2026\/01\/SherlockLogo.png","city_page":4914,"woocommerce_general_content":null},"yoast_head":"<!-- This site is optimized with the Yoast SEO Premium plugin v26.2 (Yoast SEO v26.3) - https:\/\/yoast.com\/wordpress\/plugins\/seo\/ -->\n<title>Sherlock Holmes Essen - City Game<\/title>\n<meta name=\"description\" content=\"Sherlock Holmes Essen. Ch\u01a1i Tr\u00f2 ch\u01a1i th\u00e0nh ph\u1ed1 b\u00ed \u1ea9n t\u1ef1 kh\u00e1m ph\u00e1, gi\u1ea3i c\u00e1c c\u00e2u \u0111\u1ed1, theo d\u00f5i manh m\u1ed1i v\u00e0 t\u00ecm ra k\u1ebb gi\u1ebft ng\u01b0\u1eddi theo t\u1ed1c \u0111\u1ed9 c\u1ee7a ri\u00eang b\u1ea1n!\" \/>\n<meta name=\"robots\" content=\"noindex, follow, max-snippet:-1, max-image-preview:large, max-video-preview:-1\" \/>\n<meta property=\"og:locale\" content=\"vi_VN\" \/>\n<meta property=\"og:type\" content=\"article\" \/>\n<meta property=\"og:title\" content=\"Sherlock Holmes Essen\" \/>\n<meta property=\"og:description\" content=\"Sherlock Holmes Essen. Ch\u01a1i Tr\u00f2 ch\u01a1i th\u00e0nh ph\u1ed1 b\u00ed \u1ea9n t\u1ef1 kh\u00e1m ph\u00e1, gi\u1ea3i c\u00e1c c\u00e2u \u0111\u1ed1, theo d\u00f5i manh m\u1ed1i v\u00e0 t\u00ecm ra k\u1ebb gi\u1ebft ng\u01b0\u1eddi theo t\u1ed1c \u0111\u1ed9 c\u1ee7a ri\u00eang b\u1ea1n!\" \/>\n<meta property=\"og:url\" content=\"https:\/\/testwebsite.citygame.com\/vi\/games\/essen\/sherlock-holmes-essen\/\" \/>\n<meta property=\"og:site_name\" content=\"City Game\" \/>\n<meta property=\"article:publisher\" content=\"https:\/\/www.facebook.com\/profile.php?id=100086426226253\" \/>\n<meta property=\"article:modified_time\" content=\"2026-04-08T15:53:42+00:00\" \/>\n<meta property=\"og:image\" content=\"https:\/\/testwebsite.citygame.com\/wp-content\/blogs.dir\/1\/files\/sites\/62\/2026\/02\/group-of-friends-playing-city-game-on-a-street-in-essen.jpg\" \/>\n\t<meta property=\"og:image:width\" content=\"1024\" \/>\n\t<meta property=\"og:image:height\" content=\"1024\" \/>\n\t<meta property=\"og:image:type\" content=\"image\/jpeg\" \/>\n<meta name=\"twitter:card\" content=\"summary_large_image\" \/>\n<meta name=\"twitter:label1\" content=\"\u01af\u1edbc t\u00ednh th\u1eddi gian \u0111\u1ecdc\" \/>\n\t<meta name=\"twitter:data1\" content=\"1 ph\u00fat\" \/>\n<script type=\"application\/ld+json\" class=\"yoast-schema-graph\">{\"@context\":\"https:\/\/schema.org\",\"@graph\":[{\"@type\":\"WebPage\",\"@id\":\"https:\/\/testwebsite.citygame.com\/vi\/games\/essen\/sherlock-holmes-essen\/\",\"url\":\"https:\/\/testwebsite.citygame.com\/vi\/games\/essen\/sherlock-holmes-essen\/\",\"name\":\"Sherlock Holmes Essen - City Game\",\"isPartOf\":{\"@id\":\"https:\/\/testwebsite.upevents.nl\/#website\"},\"primaryImageOfPage\":{\"@id\":\"https:\/\/testwebsite.citygame.com\/vi\/games\/essen\/sherlock-holmes-essen\/#primaryimage\"},\"image\":{\"@id\":\"https:\/\/testwebsite.citygame.com\/vi\/games\/essen\/sherlock-holmes-essen\/#primaryimage\"},\"thumbnailUrl\":\"https:\/\/testwebsite.citygame.com\/wp-content\/blogs.dir\/1\/files\/sites\/62\/2026\/02\/group-of-friends-playing-city-game-on-a-street-in-essen.jpg\",\"datePublished\":\"2026-02-12T19:02:31+00:00\",\"dateModified\":\"2026-04-08T15:53:42+00:00\",\"description\":\"Sherlock Holmes Essen. Ch\u01a1i Tr\u00f2 ch\u01a1i th\u00e0nh ph\u1ed1 b\u00ed \u1ea9n t\u1ef1 kh\u00e1m ph\u00e1, gi\u1ea3i c\u00e1c c\u00e2u \u0111\u1ed1, theo d\u00f5i manh m\u1ed1i v\u00e0 t\u00ecm ra k\u1ebb gi\u1ebft ng\u01b0\u1eddi theo t\u1ed1c \u0111\u1ed9 c\u1ee7a ri\u00eang b\u1ea1n!\",\"breadcrumb\":{\"@id\":\"https:\/\/testwebsite.citygame.com\/vi\/games\/essen\/sherlock-holmes-essen\/#breadcrumb\"},\"inLanguage\":\"vi\",\"potentialAction\":[{\"@type\":\"ReadAction\",\"target\":[\"https:\/\/testwebsite.citygame.com\/vi\/games\/essen\/sherlock-holmes-essen\/\"]}]},{\"@type\":\"ImageObject\",\"inLanguage\":\"vi\",\"@id\":\"https:\/\/testwebsite.citygame.com\/vi\/games\/essen\/sherlock-holmes-essen\/#primaryimage\",\"url\":\"https:\/\/testwebsite.citygame.com\/wp-content\/blogs.dir\/1\/files\/sites\/62\/2026\/02\/group-of-friends-playing-city-game-on-a-street-in-essen.jpg\",\"contentUrl\":\"https:\/\/testwebsite.citygame.com\/wp-content\/blogs.dir\/1\/files\/sites\/62\/2026\/02\/group-of-friends-playing-city-game-on-a-street-in-essen.jpg\",\"width\":1024,\"height\":1024,\"caption\":\"A group of young adults gathers around a smartphone while exploring the city of Essen.\"},{\"@type\":\"BreadcrumbList\",\"@id\":\"https:\/\/testwebsite.citygame.com\/vi\/games\/essen\/sherlock-holmes-essen\/#breadcrumb\",\"itemListElement\":[{\"@type\":\"ListItem\",\"position\":1,\"name\":\"Home\",\"item\":\"https:\/\/testwebsite.citygame.com\/vi\/\"},{\"@type\":\"ListItem\",\"position\":2,\"name\":\"Shop\",\"item\":\"https:\/\/testwebsite.citygame.com\/shop\/\"},{\"@type\":\"ListItem\",\"position\":3,\"name\":\"Sherlock Holmes Essen\"}]},{\"@type\":\"WebSite\",\"@id\":\"https:\/\/testwebsite.upevents.nl\/#website\",\"url\":\"https:\/\/testwebsite.upevents.nl\/\",\"name\":\"City Game\",\"description\":\"\",\"publisher\":{\"@id\":\"https:\/\/testwebsite.upevents.nl\/#organization\"},\"alternateName\":\"citygame.com\",\"potentialAction\":[{\"@type\":\"SearchAction\",\"target\":{\"@type\":\"EntryPoint\",\"urlTemplate\":\"https:\/\/testwebsite.upevents.nl\/?s={search_term_string}\"},\"query-input\":{\"@type\":\"PropertyValueSpecification\",\"valueRequired\":true,\"valueName\":\"search_term_string\"}}],\"inLanguage\":\"vi\"},{\"@type\":[\"Organization\",\"Place\"],\"@id\":\"https:\/\/testwebsite.upevents.nl\/#organization\",\"name\":\"City Game\",\"alternateName\":\"citygame.com\",\"url\":\"https:\/\/testwebsite.upevents.nl\/\",\"logo\":{\"@id\":\"https:\/\/testwebsite.citygame.com\/vi\/games\/essen\/sherlock-holmes-essen\/#local-main-organization-logo\"},\"image\":{\"@id\":\"https:\/\/testwebsite.citygame.com\/vi\/games\/essen\/sherlock-holmes-essen\/#local-main-organization-logo\"},\"sameAs\":[\"https:\/\/www.facebook.com\/profile.php?id=100086426226253\",\"https:\/\/www.instagram.com\/citygame_com\",\"https:\/\/www.tiktok.com\/@citygamecom\/\",\"https:\/\/www.linkedin.com\/company\/citygame-com\"],\"description\":\"Turn any city into a playground with our interactive City Games and self-guided tours. Fun, flexible, and ideal for groups and team building.\",\"telephone\":[],\"openingHoursSpecification\":[{\"@type\":\"OpeningHoursSpecification\",\"dayOfWeek\":[\"Monday\",\"Tuesday\",\"Wednesday\",\"Thursday\",\"Friday\",\"Saturday\",\"Sunday\"],\"opens\":\"09:00\",\"closes\":\"17:00\"}]},{\"@type\":\"ImageObject\",\"inLanguage\":\"vi\",\"@id\":\"https:\/\/testwebsite.citygame.com\/vi\/games\/essen\/sherlock-holmes-essen\/#local-main-organization-logo\",\"url\":\"https:\/\/testwebsite.citygame.com\/wp-content\/blogs.dir\/1\/files\/sites\/62\/2025\/10\/CG_LOGO-City-Game.png\",\"contentUrl\":\"https:\/\/testwebsite.citygame.com\/wp-content\/blogs.dir\/1\/files\/sites\/62\/2025\/10\/CG_LOGO-City-Game.png\",\"width\":351,\"height\":377,\"caption\":\"City Game\"}]}<\/script>\n<!-- \/ Yoast SEO Premium plugin. -->","yoast_head_json":{"title":"Sherlock Holmes Essen - City Game","description":"Sherlock Holmes Essen. Ch\u01a1i Tr\u00f2 ch\u01a1i th\u00e0nh ph\u1ed1 b\u00ed \u1ea9n t\u1ef1 kh\u00e1m ph\u00e1, gi\u1ea3i c\u00e1c c\u00e2u \u0111\u1ed1, theo d\u00f5i manh m\u1ed1i v\u00e0 t\u00ecm ra k\u1ebb gi\u1ebft ng\u01b0\u1eddi theo t\u1ed1c \u0111\u1ed9 c\u1ee7a ri\u00eang b\u1ea1n!","robots":{"index":"noindex","follow":"follow","max-snippet":"max-snippet:-1","max-image-preview":"max-image-preview:large","max-video-preview":"max-video-preview:-1"},"og_locale":"vi_VN","og_type":"article","og_title":"Sherlock Holmes Essen","og_description":"Sherlock Holmes Essen. Ch\u01a1i Tr\u00f2 ch\u01a1i th\u00e0nh ph\u1ed1 b\u00ed \u1ea9n t\u1ef1 kh\u00e1m ph\u00e1, gi\u1ea3i c\u00e1c c\u00e2u \u0111\u1ed1, theo d\u00f5i manh m\u1ed1i v\u00e0 t\u00ecm ra k\u1ebb gi\u1ebft ng\u01b0\u1eddi theo t\u1ed1c \u0111\u1ed9 c\u1ee7a ri\u00eang b\u1ea1n!","og_url":"https:\/\/testwebsite.citygame.com\/vi\/games\/essen\/sherlock-holmes-essen\/","og_site_name":"City Game","article_publisher":"https:\/\/www.facebook.com\/profile.php?id=100086426226253","article_modified_time":"2026-04-08T15:53:42+00:00","og_image":[{"width":1024,"height":1024,"url":"https:\/\/testwebsite.citygame.com\/wp-content\/blogs.dir\/1\/files\/sites\/62\/2026\/02\/group-of-friends-playing-city-game-on-a-street-in-essen.jpg","type":"image\/jpeg"}],"twitter_card":"summary_large_image","twitter_misc":{"\u01af\u1edbc t\u00ednh th\u1eddi gian \u0111\u1ecdc":"1 ph\u00fat"},"schema":{"@context":"https:\/\/schema.org","@graph":[{"@type":"WebPage","@id":"https:\/\/testwebsite.citygame.com\/vi\/games\/essen\/sherlock-holmes-essen\/","url":"https:\/\/testwebsite.citygame.com\/vi\/games\/essen\/sherlock-holmes-essen\/","name":"Sherlock Holmes Essen - City Game","isPartOf":{"@id":"https:\/\/testwebsite.upevents.nl\/#website"},"primaryImageOfPage":{"@id":"https:\/\/testwebsite.citygame.com\/vi\/games\/essen\/sherlock-holmes-essen\/#primaryimage"},"image":{"@id":"https:\/\/testwebsite.citygame.com\/vi\/games\/essen\/sherlock-holmes-essen\/#primaryimage"},"thumbnailUrl":"https:\/\/testwebsite.citygame.com\/wp-content\/blogs.dir\/1\/files\/sites\/62\/2026\/02\/group-of-friends-playing-city-game-on-a-street-in-essen.jpg","datePublished":"2026-02-12T19:02:31+00:00","dateModified":"2026-04-08T15:53:42+00:00","description":"Sherlock Holmes Essen. Ch\u01a1i Tr\u00f2 ch\u01a1i th\u00e0nh ph\u1ed1 b\u00ed \u1ea9n t\u1ef1 kh\u00e1m ph\u00e1, gi\u1ea3i c\u00e1c c\u00e2u \u0111\u1ed1, theo d\u00f5i manh m\u1ed1i v\u00e0 t\u00ecm ra k\u1ebb gi\u1ebft ng\u01b0\u1eddi theo t\u1ed1c \u0111\u1ed9 c\u1ee7a ri\u00eang b\u1ea1n!","breadcrumb":{"@id":"https:\/\/testwebsite.citygame.com\/vi\/games\/essen\/sherlock-holmes-essen\/#breadcrumb"},"inLanguage":"vi","potentialAction":[{"@type":"ReadAction","target":["https:\/\/testwebsite.citygame.com\/vi\/games\/essen\/sherlock-holmes-essen\/"]}]},{"@type":"ImageObject","inLanguage":"vi","@id":"https:\/\/testwebsite.citygame.com\/vi\/games\/essen\/sherlock-holmes-essen\/#primaryimage","url":"https:\/\/testwebsite.citygame.com\/wp-content\/blogs.dir\/1\/files\/sites\/62\/2026\/02\/group-of-friends-playing-city-game-on-a-street-in-essen.jpg","contentUrl":"https:\/\/testwebsite.citygame.com\/wp-content\/blogs.dir\/1\/files\/sites\/62\/2026\/02\/group-of-friends-playing-city-game-on-a-street-in-essen.jpg","width":1024,"height":1024,"caption":"A group of young adults gathers around a smartphone while exploring the city of Essen."},{"@type":"BreadcrumbList","@id":"https:\/\/testwebsite.citygame.com\/vi\/games\/essen\/sherlock-holmes-essen\/#breadcrumb","itemListElement":[{"@type":"ListItem","position":1,"name":"Home","item":"https:\/\/testwebsite.citygame.com\/vi\/"},{"@type":"ListItem","position":2,"name":"Shop","item":"https:\/\/testwebsite.citygame.com\/shop\/"},{"@type":"ListItem","position":3,"name":"Sherlock Holmes Essen"}]},{"@type":"WebSite","@id":"https:\/\/testwebsite.upevents.nl\/#website","url":"https:\/\/testwebsite.upevents.nl\/","name":"City Game","description":"","publisher":{"@id":"https:\/\/testwebsite.upevents.nl\/#organization"},"alternateName":"citygame.com","potentialAction":[{"@type":"SearchAction","target":{"@type":"EntryPoint","urlTemplate":"https:\/\/testwebsite.upevents.nl\/?s={search_term_string}"},"query-input":{"@type":"PropertyValueSpecification","valueRequired":true,"valueName":"search_term_string"}}],"inLanguage":"vi"},{"@type":["Organization","Place"],"@id":"https:\/\/testwebsite.upevents.nl\/#organization","name":"City Game","alternateName":"citygame.com","url":"https:\/\/testwebsite.upevents.nl\/","logo":{"@id":"https:\/\/testwebsite.citygame.com\/vi\/games\/essen\/sherlock-holmes-essen\/#local-main-organization-logo"},"image":{"@id":"https:\/\/testwebsite.citygame.com\/vi\/games\/essen\/sherlock-holmes-essen\/#local-main-organization-logo"},"sameAs":["https:\/\/www.facebook.com\/profile.php?id=100086426226253","https:\/\/www.instagram.com\/citygame_com","https:\/\/www.tiktok.com\/@citygamecom\/","https:\/\/www.linkedin.com\/company\/citygame-com"],"description":"Turn any city into a playground with our interactive City Games and self-guided tours. Fun, flexible, and ideal for groups and team building.","telephone":[],"openingHoursSpecification":[{"@type":"OpeningHoursSpecification","dayOfWeek":["Monday","Tuesday","Wednesday","Thursday","Friday","Saturday","Sunday"],"opens":"09:00","closes":"17:00"}]},{"@type":"ImageObject","inLanguage":"vi","@id":"https:\/\/testwebsite.citygame.com\/vi\/games\/essen\/sherlock-holmes-essen\/#local-main-organization-logo","url":"https:\/\/testwebsite.citygame.com\/wp-content\/blogs.dir\/1\/files\/sites\/62\/2025\/10\/CG_LOGO-City-Game.png","contentUrl":"https:\/\/testwebsite.citygame.com\/wp-content\/blogs.dir\/1\/files\/sites\/62\/2025\/10\/CG_LOGO-City-Game.png","width":351,"height":377,"caption":"City Game"}]}},"taxonomy_info":{"game-concept":[{"value":794,"label":"Sherlock"}],"location":[{"value":158,"label":"Essen"}],"product_cat":[{"value":27,"label":"Geen categorie"}]},"featured_image_src_large":["https:\/\/testwebsite.citygame.com\/wp-content\/blogs.dir\/1\/files\/sites\/62\/2026\/02\/group-of-friends-playing-city-game-on-a-street-in-essen.jpg",1024,1024,false],"author_info":[],"comment_info":"","_links":{"self":[{"href":"https:\/\/testwebsite.citygame.com\/vi\/wp-json\/wp\/v2\/product\/65409","targetHints":{"allow":["GET"]}}],"collection":[{"href":"https:\/\/testwebsite.citygame.com\/vi\/wp-json\/wp\/v2\/product"}],"about":[{"href":"https:\/\/testwebsite.citygame.com\/vi\/wp-json\/wp\/v2\/types\/product"}],"acf:post":[{"embeddable":true,"href":"https:\/\/testwebsite.citygame.com\/vi\/wp-json\/wp\/v2\/pages\/4914"}],"wp:featuredmedia":[{"embeddable":true,"href":"https:\/\/testwebsite.citygame.com\/vi\/wp-json\/wp\/v2\/media\/13174"}],"wp:attachment":[{"href":"https:\/\/testwebsite.citygame.com\/vi\/wp-json\/wp\/v2\/media?parent=65409"}],"wp:term":[{"taxonomy":"game-concept","embeddable":true,"href":"https:\/\/testwebsite.citygame.com\/vi\/wp-json\/wp\/v2\/game-concept?post=65409"},{"taxonomy":"location","embeddable":true,"href":"https:\/\/testwebsite.citygame.com\/vi\/wp-json\/wp\/v2\/location?post=65409"},{"taxonomy":"product_brand","embeddable":true,"href":"https:\/\/testwebsite.citygame.com\/vi\/wp-json\/wp\/v2\/product_brand?post=65409"},{"taxonomy":"product_cat","embeddable":true,"href":"https:\/\/testwebsite.citygame.com\/vi\/wp-json\/wp\/v2\/product_cat?post=65409"},{"taxonomy":"product_tag","embeddable":true,"href":"https:\/\/testwebsite.citygame.com\/vi\/wp-json\/wp\/v2\/product_tag?post=65409"}],"curies":[{"name":"wp","href":"https:\/\/api.w.org\/{rel}","templated":true}]}}