{"id":65252,"date":"2026-03-13T12:31:32","date_gmt":"2026-03-13T12:31:32","guid":{"rendered":"https:\/\/testwebsite.citygame.com\/games\/unknown-location\/secrets-of-hannover\/"},"modified":"2026-04-08T15:34:30","modified_gmt":"2026-04-08T15:34:30","slug":"secrets-of-hannover","status":"publish","type":"product","link":"https:\/\/testwebsite.citygame.com\/vi\/games\/hannover\/secrets-of-hannover\/","title":{"rendered":"Secrets of Hannover"},"content":{"rendered":"<p>Kh\u00e1m ph\u00e1 n\u00e9t quy\u1ebfn r\u0169 c\u1ee7a Hannover v\u1edbi City Game Hannover t\u1ef1 h\u01b0\u1edbng d\u1eabn, d\u1ef1a tr\u00ean GPS, di\u1ec5n ra t\u1ea1i trung t\u00e2m th\u00e0nh ph\u1ed1 Hannover. Ng\u01b0\u1eddi ch\u01a1i s\u1ebd tham gia v\u00e0o m\u1ed9t cu\u1ed9c h\u00e0nh tr\u00ecnh phi\u00eau l\u01b0u, kh\u00e1m ph\u00e1 th\u00e0nh ph\u1ed1 v\u1edbi \u0111i\u1ec7n tho\u1ea1i th\u00f4ng minh l\u00e0 c\u00f4ng c\u1ee5 ch\u00ednh \u0111\u1ec3 gi\u1ea3i c\u00e1c c\u00e2u \u0111\u1ed1 k\u00edch th\u00edch t\u01b0 duy, nh\u1eefng b\u00ed \u1ea9n v\u00e0 th\u1eed th\u00e1ch ch\u1ee5p \u1ea3nh h\u1ea5p d\u1eabn. Khi tr\u00f2 ch\u01a1i kh\u00e1m ph\u00e1 ti\u1ebfn tri\u1ec3n, ng\u01b0\u1eddi ch\u01a1i s\u1ebd \u0111\u01b0\u1ee3c gi\u1edbi thi\u1ec7u v\u1ec1 l\u1ecbch s\u1eed h\u1ea5p d\u1eabn, v\u0103n h\u00f3a s\u00f4i \u0111\u1ed9ng v\u00e0 nh\u1eefng chi ti\u1ebft \u00edt \u0111\u01b0\u1ee3c bi\u1ebft \u0111\u1ebfn c\u1ee7a th\u00e0nh ph\u1ed1, mang l\u1ea1i tr\u1ea3i nghi\u1ec7m h\u1ecdc h\u1ecfi to\u00e0n di\u1ec7n nh\u01b0ng c\u0169ng \u0111\u1ea7y t\u00ednh gi\u1ea3i tr\u00ed. Tr\u00f2 ch\u01a1i l\u00e0 m\u1ed9t l\u1ef1a ch\u1ecdn tuy\u1ec7t v\u1eddi cho c\u1ea3 kh\u00e1ch du l\u1ecbch mu\u1ed1n l\u00e0m quen v\u1edbi Hannover v\u00e0 ng\u01b0\u1eddi d\u00e2n \u0111\u1ecba ph\u01b0\u01a1ng mu\u1ed1n nh\u00ecn th\u00e0nh ph\u1ed1 c\u1ee7a m\u00ecnh t\u1eeb m\u1ed9t g\u00f3c nh\u00ecn m\u1edbi m\u1ebb. Tr\u00f2 ch\u01a1i ho\u00e0n h\u1ea3o cho t\u1ea5t c\u1ea3 m\u1ecdi ng\u01b0\u1eddi \u2013 t\u1eeb ng\u01b0\u1eddi ch\u01a1i \u0111\u01a1n \u0111\u1ed9c, c\u00e1c c\u1eb7p \u0111\u00f4i t\u00ecm ki\u1ebfm tr\u1ea3i nghi\u1ec7m h\u1eb9n h\u00f2 \u0111\u1ed9c \u0111\u00e1o, \u0111\u1ebfn c\u00e1c gia \u0111\u00ecnh v\u00e0 nh\u00f3m b\u1ea1n \u0111ang t\u00ecm ki\u1ebfm m\u1ed9t ho\u1ea1t \u0111\u1ed9ng gi\u1ea3i tr\u00ed chung.<\/p>\n","protected":false},"excerpt":{"rendered":"<p>Kh\u00e1m ph\u00e1 nh\u1eefng kho b\u00e1u \u1ea9n gi\u1ea5u c\u1ee7a Hannover! D\u1ea1o b\u01b0\u1edbc qua m\u1ed9t th\u00e0nh ph\u1ed1 n\u01a1i s\u1ef1 \u0111\u1ed5i m\u1edbi giao thoa v\u1edbi di s\u1ea3n phong ph\u00fa, t\u1eeb nh\u1eefng khu v\u01b0\u1eddn ho\u00e0ng gia \u0111\u1ebfn c\u00e1c t\u00f2a nh\u00e0 ch\u1ecdc tr\u1eddi si\u00eau hi\u1ec7n \u0111\u1ea1i. Theo d\u1ea5u nh\u1eefng manh m\u1ed1i qua c\u1ea3nh quan \u0111a d\u1ea1ng c\u1ee7a n\u00f3, Hannover ch\u1eafc ch\u1eafn s\u1ebd khi\u1ebfn b\u1ea1n kinh ng\u1ea1c v\u1edbi m\u1ed7i b\u01b0\u1edbc ch\u00e2n!<\/p>\n","protected":false},"featured_media":18535,"template":"","meta":{"_acf_changed":false,"_yoast_wpseo_focuskw":"Secrets of Hannover","_yoast_wpseo_metadesc":"Secrets of Hannover. Ch\u01a1i City Game t\u1ef1 h\u01b0\u1edbng d\u1eabn v\u00e0 kh\u00e1m ph\u00e1 th\u00e0nh ph\u1ed1 qua c\u00e1c c\u00e2u \u0111\u1ed1, b\u00ed \u1ea9n v\u00e0 th\u1eed th\u00e1ch. Ch\u01a1i theo t\u1ed1c \u0111\u1ed9 c\u1ee7a ri\u00eang b\u1ea1n v\u00e0 kh\u00e1m ph\u00e1 nh\u01b0 m\u1ed9t ng\u01b0\u1eddi \u0111\u1ecba ph\u01b0\u01a1ng!","_kad_blocks_custom_css":"","_kad_blocks_head_custom_js":"","_kad_blocks_body_custom_js":"","_kad_blocks_footer_custom_js":"","ghostkit_customizer_options":"","ghostkit_custom_css":"","ghostkit_custom_js_head":"","ghostkit_custom_js_foot":"","ghostkit_typography":"","_kad_post_transparent":"","_kad_post_title":"","_kad_post_layout":"","_kad_post_sidebar_id":"","_kad_post_content_style":"","_kad_post_vertical_padding":"","_kad_post_feature":"","_kad_post_feature_position":"","_kad_post_header":false,"_kad_post_footer":false,"_kad_post_classname":"","_links_to":"","_links_to_target":""},"game-concept":[733],"location":[605],"product_brand":[],"product_cat":[27],"product_tag":[],"class_list":{"0":"post-65252","1":"product","2":"type-product","3":"status-publish","4":"has-post-thumbnail","6":"game-concept-secrets","7":"location-hannover","8":"product_cat-geen-categorie","10":"first","11":"instock","12":"shipping-taxable","13":"purchasable","14":"product-type-simple","15":"entry","16":"content-bg","17":"loop-entry"},"acf":{"full_bokun_product_name":"Self-Guided Secrets of Hanover Exploration Game","location_name":"Hannover","bokun_calendar_widget_code":"<script type=\"text\/javascript\" src=\"https:\/\/widgets.bokun.io\/assets\/javascripts\/apps\/build\/BokunWidgetsLoader.js?bookingChannelUUID=a1e93e96-5232-4734-a595-28405f4b5a31\" async><\/script>\n     \n    <div class=\"bokunWidget\" data-src=\"https:\/\/widgets.bokun.io\/online-sales\/a1e93e96-5232-4734-a595-28405f4b5a31\/experience-calendar\/918896\"><\/div>\n    <noscript>Please enable javascript in your browser to book<\/noscript>","bokun_button_widget_code":"<script type=\"text\/javascript\" src=\"https:\/\/widgets.bokun.io\/assets\/javascripts\/apps\/build\/BokunWidgetsLoader.js?bookingChannelUUID=a1e93e96-5232-4734-a595-28405f4b5a31\" async><\/script>\n      <style> #bokun_ed001e45_5927_4f62_b470_ca766338d083 { display: inline-block; padding: .4em 1em; background: #47b82e; border-radius: 999999px; box-shadow: none; font-weight: 600; font-size: 24px; text-decoration: none; text-align: center; color: #FFFFFF; border:none; cursor: pointer; transition: background .2s ease; } #bokun_ed001e45_5927_4f62_b470_ca766338d083:hover{ background: #2f7b1f; } #bokun_ed001e45_5927_4f62_b470_ca766338d083:active{ background: #378f24; } <\/style> <button class=\"bokunButton\" disabled id=bokun_ed001e45_5927_4f62_b470_ca766338d083 data-src=\"https:\/\/widgets.bokun.io\/online-sales\/a1e93e96-5232-4734-a595-28405f4b5a31\/experience-calendar\/918896?partialView=1\" data-testid=\"widget-book-button\" > Book now <\/button> ","what_you\u2019ll_experience_during_the_game":"Tr\u00ean nh\u1eefng con ph\u1ed1 quy\u1ebfn r\u0169 c\u1ee7a Hannover, City Game m\u1edf ra m\u1ed9t s\u1ef1 k\u1ebft h\u1ee3p quy\u1ebfn r\u0169 gi\u1eefa kh\u00e1m ph\u00e1 v\u00e0 tr\u00f2 ch\u01a1i. Tr\u1ea3i nghi\u1ec7m nh\u1eadp vai n\u00e0y v\u01b0\u1ee3t xa m\u1ed9t chuy\u1ebfn tham quan \u0111\u01a1n thu\u1ea7n, \u0111\u01b0a b\u1ea1n \u0111i qua kh\u00f4ng ch\u1ec9 c\u00e1c \u0111\u1ecba \u0111i\u1ec3m bi\u1ec3u t\u01b0\u1ee3ng m\u00e0 c\u00f2n c\u1ea3 nh\u1eefng vi\u00ean ng\u1ecdc \u1ea9n c\u1ee7a Hannover. \u0110i s\u00e2u v\u00e0o l\u1ecbch s\u1eed phong ph\u00fa c\u1ee7a trung t\u00e2m l\u1ecbch s\u1eed Hannover, d\u1ea1o b\u01b0\u1edbc tr\u00ean nh\u1eefng con ph\u1ed1 quy\u1ebfn r\u0169 c\u1ee7a Ph\u1ed1 C\u1ed5, v\u00e0 chi\u00eam ng\u01b0\u1ee1ng v\u1ebb \u0111\u1eb9p ki\u1ebfn tr\u00fac c\u1ee7a T\u00f2a th\u1ecb ch\u00ednh M\u1edbi n\u1eb1m trong l\u00f2ng th\u00e0nh ph\u1ed1. Tr\u00f2 ch\u01a1i kh\u00f4ng ch\u1ec9 l\u00e0 \u0111\u1ecbnh v\u1ecb \u2013 \u0111\u00f3 l\u00e0 c\u01a1 h\u1ed9i \u0111\u1ec3 kh\u00e1m ph\u00e1 c\u00e1c ng\u00f3c ng\u00e1ch c\u1ee7a th\u00e0nh ph\u1ed1, mang \u0111\u1ebfn c\u00e1i nh\u00ecn s\u00e2u s\u1eafc v\u1ec1 v\u0103n h\u00f3a v\u00e0 l\u1ecbch s\u1eed c\u1ee7a n\u00f3.\n\nKhi b\u1ea1n d\u1ea1o quanh th\u00e0nh ph\u1ed1, tr\u00f2 ch\u01a1i th\u1eed th\u00e1ch b\u1ea1n v\u1edbi nhi\u1ec1u lo\u1ea1i c\u00e2u \u0111\u1ed1, b\u00ed \u1ea9n v\u00e0 c\u00e1c nhi\u1ec7m v\u1ee5 ch\u1ee5p \u1ea3nh s\u00e1ng t\u1ea1o \u0111a d\u1ea1ng. Nh\u1eefng th\u1eed th\u00e1ch n\u00e0y kh\u00f4ng ch\u1ec9 vui m\u00e0 c\u00f2n gi\u00fap b\u1ea1n ki\u1ebfm \u0111i\u1ec3m, m\u1edf kh\u00f3a c\u00e1c g\u1ee3i \u00fd h\u1eefu \u00edch v\u00e0 ti\u1ebfn g\u1ea7n h\u01a1n \u0111\u1ebfn vi\u1ec7c gi\u1ea3i m\u00e3 b\u00ed \u1ea9n cu\u1ed1i c\u00f9ng. \u0110\u1eebng lo l\u1eafng v\u1ec1 vi\u1ec7c gi\u1ea3i quy\u1ebft m\u1ecdi th\u1ee9 trong m\u1ed9t l\u1ea7n, tr\u00f2 ch\u01a1i c\u00f3 th\u1ec3 t\u1ea1m d\u1eebng b\u1ea5t c\u1ee9 khi n\u00e0o b\u1ea1n mu\u1ed1n v\u00e0 ti\u1ebfp t\u1ee5c l\u00fac r\u1ea3nh r\u1ed7i. \u0110\u1ed1i v\u1edbi nh\u1eefng ng\u01b0\u1eddi th\u00edch c\u1ea3m gi\u00e1c c\u1ea1nh tranh, h\u00e3y \u0111\u1eb7t m\u1ee5c ti\u00eau cao v\u00e0 tranh gi\u00e0nh m\u1ed9t v\u1ecb tr\u00ed tr\u00ean b\u1ea3ng x\u1ebfp h\u1ea1ng. Hannover City Game th\u1ef1c s\u1ef1 bi\u1ebfn vi\u1ec7c tham quan th\u00e0nh m\u1ed9t tr\u1ea3i nghi\u1ec7m kh\u00e1m ph\u00e1 kh\u00f3 qu\u00ean.","how_to_play":"\u0110\u1eb7t Exploration Game, ki\u1ec3m tra email ch\u00fang t\u00f4i g\u1eedi cho b\u1ea1n v\u1edbi h\u01b0\u1edbng d\u1eabn \u0111\u01a1n gi\u1ea3n, t\u1ea3i \u1ee9ng d\u1ee5ng Loquiz, truy c\u1eadp Exploration Game v\u00e0 b\u1ea1n \u0111\u00e3 s\u1eb5n s\u00e0ng b\u1eaft \u0111\u1ea7u tr\u1ea3i nghi\u1ec7m tr\u00f2 ch\u01a1i c\u1ee7a m\u00ecnh!","start_location":"Hanover, Holzmarkt","available_languages":["en"],"players_per_group":"1-4","duration":"1.5-2 hours","image_overlay_color_image":"https:\/\/testwebsite.citygame.com\/wp-content\/blogs.dir\/1\/files\/sites\/62\/2026\/01\/SecretsColor.svg","image_overlay_game_logo":"https:\/\/testwebsite.citygame.com\/wp-content\/blogs.dir\/1\/files\/sites\/62\/2026\/01\/SecretsLogo.png","city_page":15340,"woocommerce_general_content":null},"yoast_head":"<!-- This site is optimized with the Yoast SEO Premium plugin v26.2 (Yoast SEO v26.3) - https:\/\/yoast.com\/wordpress\/plugins\/seo\/ -->\n<title>Secrets of Hannover - City Game<\/title>\n<meta name=\"description\" content=\"Secrets of Hannover. Ch\u01a1i City Game t\u1ef1 h\u01b0\u1edbng d\u1eabn v\u00e0 kh\u00e1m ph\u00e1 th\u00e0nh ph\u1ed1 qua c\u00e1c c\u00e2u \u0111\u1ed1, b\u00ed \u1ea9n v\u00e0 th\u1eed th\u00e1ch. Ch\u01a1i theo t\u1ed1c \u0111\u1ed9 c\u1ee7a ri\u00eang b\u1ea1n v\u00e0 kh\u00e1m ph\u00e1 nh\u01b0 m\u1ed9t ng\u01b0\u1eddi \u0111\u1ecba ph\u01b0\u01a1ng!\" \/>\n<meta name=\"robots\" content=\"noindex, follow, max-snippet:-1, max-image-preview:large, max-video-preview:-1\" \/>\n<meta property=\"og:locale\" content=\"vi_VN\" \/>\n<meta property=\"og:type\" content=\"article\" \/>\n<meta property=\"og:title\" content=\"Secrets of Hannover\" \/>\n<meta property=\"og:description\" content=\"Secrets of Hannover. Ch\u01a1i City Game t\u1ef1 h\u01b0\u1edbng d\u1eabn v\u00e0 kh\u00e1m ph\u00e1 th\u00e0nh ph\u1ed1 qua c\u00e1c c\u00e2u \u0111\u1ed1, b\u00ed \u1ea9n v\u00e0 th\u1eed th\u00e1ch. Ch\u01a1i theo t\u1ed1c \u0111\u1ed9 c\u1ee7a ri\u00eang b\u1ea1n v\u00e0 kh\u00e1m ph\u00e1 nh\u01b0 m\u1ed9t ng\u01b0\u1eddi \u0111\u1ecba ph\u01b0\u01a1ng!\" \/>\n<meta property=\"og:url\" content=\"https:\/\/testwebsite.citygame.com\/vi\/games\/hannover\/secrets-of-hannover\/\" \/>\n<meta property=\"og:site_name\" content=\"City Game\" \/>\n<meta property=\"article:publisher\" content=\"https:\/\/www.facebook.com\/profile.php?id=100086426226253\" \/>\n<meta property=\"article:modified_time\" content=\"2026-04-08T15:34:30+00:00\" \/>\n<meta property=\"og:image\" content=\"https:\/\/testwebsite.citygame.com\/wp-content\/blogs.dir\/1\/files\/sites\/62\/2026\/03\/group-of-friends-playing-city-game-hannover-old-town.jpg\" \/>\n\t<meta property=\"og:image:width\" content=\"1024\" \/>\n\t<meta property=\"og:image:height\" content=\"1024\" \/>\n\t<meta property=\"og:image:type\" content=\"image\/jpeg\" \/>\n<meta name=\"twitter:card\" content=\"summary_large_image\" \/>\n<meta name=\"twitter:label1\" content=\"\u01af\u1edbc t\u00ednh th\u1eddi gian \u0111\u1ecdc\" \/>\n\t<meta name=\"twitter:data1\" content=\"2 ph\u00fat\" \/>\n<script type=\"application\/ld+json\" class=\"yoast-schema-graph\">{\"@context\":\"https:\/\/schema.org\",\"@graph\":[{\"@type\":\"WebPage\",\"@id\":\"https:\/\/testwebsite.citygame.com\/vi\/games\/hannover\/secrets-of-hannover\/\",\"url\":\"https:\/\/testwebsite.citygame.com\/vi\/games\/hannover\/secrets-of-hannover\/\",\"name\":\"Secrets of Hannover - City Game\",\"isPartOf\":{\"@id\":\"https:\/\/testwebsite.upevents.nl\/#website\"},\"primaryImageOfPage\":{\"@id\":\"https:\/\/testwebsite.citygame.com\/vi\/games\/hannover\/secrets-of-hannover\/#primaryimage\"},\"image\":{\"@id\":\"https:\/\/testwebsite.citygame.com\/vi\/games\/hannover\/secrets-of-hannover\/#primaryimage\"},\"thumbnailUrl\":\"https:\/\/testwebsite.citygame.com\/wp-content\/blogs.dir\/1\/files\/sites\/62\/2026\/03\/group-of-friends-playing-city-game-hannover-old-town.jpg\",\"datePublished\":\"2026-03-13T12:31:32+00:00\",\"dateModified\":\"2026-04-08T15:34:30+00:00\",\"description\":\"Secrets of Hannover. Ch\u01a1i City Game t\u1ef1 h\u01b0\u1edbng d\u1eabn v\u00e0 kh\u00e1m ph\u00e1 th\u00e0nh ph\u1ed1 qua c\u00e1c c\u00e2u \u0111\u1ed1, b\u00ed \u1ea9n v\u00e0 th\u1eed th\u00e1ch. Ch\u01a1i theo t\u1ed1c \u0111\u1ed9 c\u1ee7a ri\u00eang b\u1ea1n v\u00e0 kh\u00e1m ph\u00e1 nh\u01b0 m\u1ed9t ng\u01b0\u1eddi \u0111\u1ecba ph\u01b0\u01a1ng!\",\"breadcrumb\":{\"@id\":\"https:\/\/testwebsite.citygame.com\/vi\/games\/hannover\/secrets-of-hannover\/#breadcrumb\"},\"inLanguage\":\"vi\",\"potentialAction\":[{\"@type\":\"ReadAction\",\"target\":[\"https:\/\/testwebsite.citygame.com\/vi\/games\/hannover\/secrets-of-hannover\/\"]}]},{\"@type\":\"ImageObject\",\"inLanguage\":\"vi\",\"@id\":\"https:\/\/testwebsite.citygame.com\/vi\/games\/hannover\/secrets-of-hannover\/#primaryimage\",\"url\":\"https:\/\/testwebsite.citygame.com\/wp-content\/blogs.dir\/1\/files\/sites\/62\/2026\/03\/group-of-friends-playing-city-game-hannover-old-town.jpg\",\"contentUrl\":\"https:\/\/testwebsite.citygame.com\/wp-content\/blogs.dir\/1\/files\/sites\/62\/2026\/03\/group-of-friends-playing-city-game-hannover-old-town.jpg\",\"width\":1024,\"height\":1024,\"caption\":\"A group of friends enjoys a sunny day exploring the historic streets of Hannover.\"},{\"@type\":\"BreadcrumbList\",\"@id\":\"https:\/\/testwebsite.citygame.com\/vi\/games\/hannover\/secrets-of-hannover\/#breadcrumb\",\"itemListElement\":[{\"@type\":\"ListItem\",\"position\":1,\"name\":\"Home\",\"item\":\"https:\/\/testwebsite.citygame.com\/vi\/\"},{\"@type\":\"ListItem\",\"position\":2,\"name\":\"Shop\",\"item\":\"https:\/\/testwebsite.citygame.com\/shop\/\"},{\"@type\":\"ListItem\",\"position\":3,\"name\":\"Secrets of Hannover\"}]},{\"@type\":\"WebSite\",\"@id\":\"https:\/\/testwebsite.upevents.nl\/#website\",\"url\":\"https:\/\/testwebsite.upevents.nl\/\",\"name\":\"City Game\",\"description\":\"\",\"publisher\":{\"@id\":\"https:\/\/testwebsite.upevents.nl\/#organization\"},\"alternateName\":\"citygame.com\",\"potentialAction\":[{\"@type\":\"SearchAction\",\"target\":{\"@type\":\"EntryPoint\",\"urlTemplate\":\"https:\/\/testwebsite.upevents.nl\/?s={search_term_string}\"},\"query-input\":{\"@type\":\"PropertyValueSpecification\",\"valueRequired\":true,\"valueName\":\"search_term_string\"}}],\"inLanguage\":\"vi\"},{\"@type\":[\"Organization\",\"Place\"],\"@id\":\"https:\/\/testwebsite.upevents.nl\/#organization\",\"name\":\"City Game\",\"alternateName\":\"citygame.com\",\"url\":\"https:\/\/testwebsite.upevents.nl\/\",\"logo\":{\"@id\":\"https:\/\/testwebsite.citygame.com\/vi\/games\/hannover\/secrets-of-hannover\/#local-main-organization-logo\"},\"image\":{\"@id\":\"https:\/\/testwebsite.citygame.com\/vi\/games\/hannover\/secrets-of-hannover\/#local-main-organization-logo\"},\"sameAs\":[\"https:\/\/www.facebook.com\/profile.php?id=100086426226253\",\"https:\/\/www.instagram.com\/citygame_com\",\"https:\/\/www.tiktok.com\/@citygamecom\/\",\"https:\/\/www.linkedin.com\/company\/citygame-com\"],\"description\":\"Turn any city into a playground with our interactive City Games and self-guided tours. Fun, flexible, and ideal for groups and team building.\",\"telephone\":[],\"openingHoursSpecification\":[{\"@type\":\"OpeningHoursSpecification\",\"dayOfWeek\":[\"Monday\",\"Tuesday\",\"Wednesday\",\"Thursday\",\"Friday\",\"Saturday\",\"Sunday\"],\"opens\":\"09:00\",\"closes\":\"17:00\"}]},{\"@type\":\"ImageObject\",\"inLanguage\":\"vi\",\"@id\":\"https:\/\/testwebsite.citygame.com\/vi\/games\/hannover\/secrets-of-hannover\/#local-main-organization-logo\",\"url\":\"https:\/\/testwebsite.citygame.com\/wp-content\/blogs.dir\/1\/files\/sites\/62\/2025\/10\/CG_LOGO-City-Game.png\",\"contentUrl\":\"https:\/\/testwebsite.citygame.com\/wp-content\/blogs.dir\/1\/files\/sites\/62\/2025\/10\/CG_LOGO-City-Game.png\",\"width\":351,\"height\":377,\"caption\":\"City Game\"}]}<\/script>\n<!-- \/ Yoast SEO Premium plugin. -->","yoast_head_json":{"title":"Secrets of Hannover - City Game","description":"Secrets of Hannover. Ch\u01a1i City Game t\u1ef1 h\u01b0\u1edbng d\u1eabn v\u00e0 kh\u00e1m ph\u00e1 th\u00e0nh ph\u1ed1 qua c\u00e1c c\u00e2u \u0111\u1ed1, b\u00ed \u1ea9n v\u00e0 th\u1eed th\u00e1ch. Ch\u01a1i theo t\u1ed1c \u0111\u1ed9 c\u1ee7a ri\u00eang b\u1ea1n v\u00e0 kh\u00e1m ph\u00e1 nh\u01b0 m\u1ed9t ng\u01b0\u1eddi \u0111\u1ecba ph\u01b0\u01a1ng!","robots":{"index":"noindex","follow":"follow","max-snippet":"max-snippet:-1","max-image-preview":"max-image-preview:large","max-video-preview":"max-video-preview:-1"},"og_locale":"vi_VN","og_type":"article","og_title":"Secrets of Hannover","og_description":"Secrets of Hannover. Ch\u01a1i City Game t\u1ef1 h\u01b0\u1edbng d\u1eabn v\u00e0 kh\u00e1m ph\u00e1 th\u00e0nh ph\u1ed1 qua c\u00e1c c\u00e2u \u0111\u1ed1, b\u00ed \u1ea9n v\u00e0 th\u1eed th\u00e1ch. Ch\u01a1i theo t\u1ed1c \u0111\u1ed9 c\u1ee7a ri\u00eang b\u1ea1n v\u00e0 kh\u00e1m ph\u00e1 nh\u01b0 m\u1ed9t ng\u01b0\u1eddi \u0111\u1ecba ph\u01b0\u01a1ng!","og_url":"https:\/\/testwebsite.citygame.com\/vi\/games\/hannover\/secrets-of-hannover\/","og_site_name":"City Game","article_publisher":"https:\/\/www.facebook.com\/profile.php?id=100086426226253","article_modified_time":"2026-04-08T15:34:30+00:00","og_image":[{"width":1024,"height":1024,"url":"https:\/\/testwebsite.citygame.com\/wp-content\/blogs.dir\/1\/files\/sites\/62\/2026\/03\/group-of-friends-playing-city-game-hannover-old-town.jpg","type":"image\/jpeg"}],"twitter_card":"summary_large_image","twitter_misc":{"\u01af\u1edbc t\u00ednh th\u1eddi gian \u0111\u1ecdc":"2 ph\u00fat"},"schema":{"@context":"https:\/\/schema.org","@graph":[{"@type":"WebPage","@id":"https:\/\/testwebsite.citygame.com\/vi\/games\/hannover\/secrets-of-hannover\/","url":"https:\/\/testwebsite.citygame.com\/vi\/games\/hannover\/secrets-of-hannover\/","name":"Secrets of Hannover - City Game","isPartOf":{"@id":"https:\/\/testwebsite.upevents.nl\/#website"},"primaryImageOfPage":{"@id":"https:\/\/testwebsite.citygame.com\/vi\/games\/hannover\/secrets-of-hannover\/#primaryimage"},"image":{"@id":"https:\/\/testwebsite.citygame.com\/vi\/games\/hannover\/secrets-of-hannover\/#primaryimage"},"thumbnailUrl":"https:\/\/testwebsite.citygame.com\/wp-content\/blogs.dir\/1\/files\/sites\/62\/2026\/03\/group-of-friends-playing-city-game-hannover-old-town.jpg","datePublished":"2026-03-13T12:31:32+00:00","dateModified":"2026-04-08T15:34:30+00:00","description":"Secrets of Hannover. Ch\u01a1i City Game t\u1ef1 h\u01b0\u1edbng d\u1eabn v\u00e0 kh\u00e1m ph\u00e1 th\u00e0nh ph\u1ed1 qua c\u00e1c c\u00e2u \u0111\u1ed1, b\u00ed \u1ea9n v\u00e0 th\u1eed th\u00e1ch. Ch\u01a1i theo t\u1ed1c \u0111\u1ed9 c\u1ee7a ri\u00eang b\u1ea1n v\u00e0 kh\u00e1m ph\u00e1 nh\u01b0 m\u1ed9t ng\u01b0\u1eddi \u0111\u1ecba ph\u01b0\u01a1ng!","breadcrumb":{"@id":"https:\/\/testwebsite.citygame.com\/vi\/games\/hannover\/secrets-of-hannover\/#breadcrumb"},"inLanguage":"vi","potentialAction":[{"@type":"ReadAction","target":["https:\/\/testwebsite.citygame.com\/vi\/games\/hannover\/secrets-of-hannover\/"]}]},{"@type":"ImageObject","inLanguage":"vi","@id":"https:\/\/testwebsite.citygame.com\/vi\/games\/hannover\/secrets-of-hannover\/#primaryimage","url":"https:\/\/testwebsite.citygame.com\/wp-content\/blogs.dir\/1\/files\/sites\/62\/2026\/03\/group-of-friends-playing-city-game-hannover-old-town.jpg","contentUrl":"https:\/\/testwebsite.citygame.com\/wp-content\/blogs.dir\/1\/files\/sites\/62\/2026\/03\/group-of-friends-playing-city-game-hannover-old-town.jpg","width":1024,"height":1024,"caption":"A group of friends enjoys a sunny day exploring the historic streets of Hannover."},{"@type":"BreadcrumbList","@id":"https:\/\/testwebsite.citygame.com\/vi\/games\/hannover\/secrets-of-hannover\/#breadcrumb","itemListElement":[{"@type":"ListItem","position":1,"name":"Home","item":"https:\/\/testwebsite.citygame.com\/vi\/"},{"@type":"ListItem","position":2,"name":"Shop","item":"https:\/\/testwebsite.citygame.com\/shop\/"},{"@type":"ListItem","position":3,"name":"Secrets of Hannover"}]},{"@type":"WebSite","@id":"https:\/\/testwebsite.upevents.nl\/#website","url":"https:\/\/testwebsite.upevents.nl\/","name":"City Game","description":"","publisher":{"@id":"https:\/\/testwebsite.upevents.nl\/#organization"},"alternateName":"citygame.com","potentialAction":[{"@type":"SearchAction","target":{"@type":"EntryPoint","urlTemplate":"https:\/\/testwebsite.upevents.nl\/?s={search_term_string}"},"query-input":{"@type":"PropertyValueSpecification","valueRequired":true,"valueName":"search_term_string"}}],"inLanguage":"vi"},{"@type":["Organization","Place"],"@id":"https:\/\/testwebsite.upevents.nl\/#organization","name":"City Game","alternateName":"citygame.com","url":"https:\/\/testwebsite.upevents.nl\/","logo":{"@id":"https:\/\/testwebsite.citygame.com\/vi\/games\/hannover\/secrets-of-hannover\/#local-main-organization-logo"},"image":{"@id":"https:\/\/testwebsite.citygame.com\/vi\/games\/hannover\/secrets-of-hannover\/#local-main-organization-logo"},"sameAs":["https:\/\/www.facebook.com\/profile.php?id=100086426226253","https:\/\/www.instagram.com\/citygame_com","https:\/\/www.tiktok.com\/@citygamecom\/","https:\/\/www.linkedin.com\/company\/citygame-com"],"description":"Turn any city into a playground with our interactive City Games and self-guided tours. Fun, flexible, and ideal for groups and team building.","telephone":[],"openingHoursSpecification":[{"@type":"OpeningHoursSpecification","dayOfWeek":["Monday","Tuesday","Wednesday","Thursday","Friday","Saturday","Sunday"],"opens":"09:00","closes":"17:00"}]},{"@type":"ImageObject","inLanguage":"vi","@id":"https:\/\/testwebsite.citygame.com\/vi\/games\/hannover\/secrets-of-hannover\/#local-main-organization-logo","url":"https:\/\/testwebsite.citygame.com\/wp-content\/blogs.dir\/1\/files\/sites\/62\/2025\/10\/CG_LOGO-City-Game.png","contentUrl":"https:\/\/testwebsite.citygame.com\/wp-content\/blogs.dir\/1\/files\/sites\/62\/2025\/10\/CG_LOGO-City-Game.png","width":351,"height":377,"caption":"City Game"}]}},"taxonomy_info":{"game-concept":[{"value":733,"label":"Secrets"}],"location":[{"value":605,"label":"Hannover"}],"product_cat":[{"value":27,"label":"Geen categorie"}]},"featured_image_src_large":["https:\/\/testwebsite.citygame.com\/wp-content\/blogs.dir\/1\/files\/sites\/62\/2026\/03\/group-of-friends-playing-city-game-hannover-old-town.jpg",1024,1024,false],"author_info":[],"comment_info":"","_links":{"self":[{"href":"https:\/\/testwebsite.citygame.com\/vi\/wp-json\/wp\/v2\/product\/65252","targetHints":{"allow":["GET"]}}],"collection":[{"href":"https:\/\/testwebsite.citygame.com\/vi\/wp-json\/wp\/v2\/product"}],"about":[{"href":"https:\/\/testwebsite.citygame.com\/vi\/wp-json\/wp\/v2\/types\/product"}],"acf:post":[{"embeddable":true,"href":"https:\/\/testwebsite.citygame.com\/vi\/wp-json\/wp\/v2\/pages\/15340"}],"wp:featuredmedia":[{"embeddable":true,"href":"https:\/\/testwebsite.citygame.com\/vi\/wp-json\/wp\/v2\/media\/18535"}],"wp:attachment":[{"href":"https:\/\/testwebsite.citygame.com\/vi\/wp-json\/wp\/v2\/media?parent=65252"}],"wp:term":[{"taxonomy":"game-concept","embeddable":true,"href":"https:\/\/testwebsite.citygame.com\/vi\/wp-json\/wp\/v2\/game-concept?post=65252"},{"taxonomy":"location","embeddable":true,"href":"https:\/\/testwebsite.citygame.com\/vi\/wp-json\/wp\/v2\/location?post=65252"},{"taxonomy":"product_brand","embeddable":true,"href":"https:\/\/testwebsite.citygame.com\/vi\/wp-json\/wp\/v2\/product_brand?post=65252"},{"taxonomy":"product_cat","embeddable":true,"href":"https:\/\/testwebsite.citygame.com\/vi\/wp-json\/wp\/v2\/product_cat?post=65252"},{"taxonomy":"product_tag","embeddable":true,"href":"https:\/\/testwebsite.citygame.com\/vi\/wp-json\/wp\/v2\/product_tag?post=65252"}],"curies":[{"name":"wp","href":"https:\/\/api.w.org\/{rel}","templated":true}]}}