{"id":65195,"date":"2026-01-14T08:55:44","date_gmt":"2026-01-14T08:55:44","guid":{"rendered":"https:\/\/testwebsite.citygame.com\/games\/unknown-location\/secrets-of-paris-notre-dame\/"},"modified":"2026-04-08T15:27:58","modified_gmt":"2026-04-08T15:27:58","slug":"secrets-of-paris-notre-dame","status":"publish","type":"product","link":"https:\/\/testwebsite.citygame.com\/vi\/games\/paris\/secrets-of-paris-notre-dame\/","title":{"rendered":"Secrets of Paris Notre Dame"},"content":{"rendered":"<p>The City Game Paris Notre Dame l\u00e0 m\u1ed9t tr\u00f2 ch\u01a1i t\u1ef1 h\u01b0\u1edbng d\u1eabn, d\u1ef1a tr\u00ean GPS, di\u1ec5n ra t\u1ea1i trung t\u00e2m l\u1ecbch s\u1eed c\u1ee7a Paris. S\u1eed d\u1ee5ng \u0111i\u1ec7n tho\u1ea1i th\u00f4ng minh c\u1ee7a m\u00ecnh, ng\u01b0\u1eddi ch\u01a1i s\u1ebd kh\u00e1m ph\u00e1 khu v\u1ef1c trong khi gi\u1ea3i c\u00e1c c\u00e2u \u0111\u1ed1, ho\u00e0n th\u00e0nh c\u00e1c c\u00e2u h\u1ecfi h\u00f3c b\u00faa v\u00e0 v\u01b0\u1ee3t qua c\u00e1c th\u1eed th\u00e1ch ch\u1ee5p \u1ea3nh, ti\u1ebft l\u1ed9 nh\u1eefng chi ti\u1ebft \u1ea9n gi\u1ea5u v\u1ec1 l\u1ecbch s\u1eed v\u00e0 v\u0103n h\u00f3a c\u1ee7a th\u00e0nh ph\u1ed1. Tr\u00f2 ch\u01a1i th\u00e0nh ph\u1ed1 t\u1ef1 h\u01b0\u1edbng d\u1eabn n\u00e0y mang \u0111\u1ebfn m\u1ed9t c\u00e1ch th\u00fa v\u1ecb \u0111\u1ec3 kh\u00e1m ph\u00e1 s\u1ef1 quy\u1ebfn r\u0169 c\u1ee7a Paris theo t\u1ed1c \u0111\u1ed9 c\u1ee7a ri\u00eang b\u1ea1n, kh\u00e1m ph\u00e1 c\u1ea3 nh\u1eefng \u0111\u1ecba danh n\u1ed5i ti\u1ebfng v\u00e0 nh\u1eefng g\u00f3c \u00edt ng\u01b0\u1eddi bi\u1ebft \u0111\u1ebfn. \u0110\u01b0\u1ee3c thi\u1ebft k\u1ebf cho c\u1ea3 du kh\u00e1ch v\u00e0 ng\u01b0\u1eddi d\u00e2n \u0111\u1ecba ph\u01b0\u01a1ng, tr\u00f2 ch\u01a1i kh\u00e1m ph\u00e1 n\u00e0y ph\u00f9 h\u1ee3p cho nh\u1eefng nh\u00e0 th\u00e1m hi\u1ec3m \u0111\u01a1n \u0111\u1ed9c, c\u00e1c c\u1eb7p \u0111\u00f4i, gia \u0111\u00ecnh v\u00e0 nh\u00f3m b\u1ea1n b\u00e8. D\u00f9 b\u1ea1n m\u1edbi \u0111\u1ebfn th\u00e0nh ph\u1ed1 hay \u0111ang kh\u00e1m ph\u00e1 l\u1ea1i n\u00f3, The City Game Paris mang \u0111\u1ebfn m\u1ed9t g\u00f3c nh\u00ecn \u0111\u1ed9c \u0111\u00e1o th\u00f4ng qua tr\u1ea3i nghi\u1ec7m vui v\u1ebb v\u00e0 t\u01b0\u01a1ng t\u00e1c.<\/p>\n","protected":false},"excerpt":{"rendered":"<p>Lang thang t\u1eeb ti\u1ebfng chu\u00f4ng nh\u00e0 th\u1edd ng\u00e2n vang \u0111\u1ebfn nh\u1eefng \u0111\u1ea1i l\u1ed9 tho\u1ea3ng h\u01b0\u01a1ng c\u00e0 ph\u00ea khi b\u1ea1n s\u0103n l\u00f9ng manh m\u1ed1i qua tr\u00e1i tim \u0111\u1ea7y c\u00e2u chuy\u1ec7n c\u1ee7a th\u00e0nh ph\u1ed1, gi\u00fap Victor Hugo t\u00ecm l\u1ea1i ch\u01b0\u01a1ng cu\u1ed1i b\u1ecb m\u1ea5t c\u1ee7a The Hunchback of Notre-Dame tr\u01b0\u1edbc khi n\u00f3 r\u01a1i v\u00e0o tay k\u1ebb x\u1ea5u.<\/p>\n","protected":false},"featured_media":3999,"template":"","meta":{"_acf_changed":false,"_yoast_wpseo_focuskw":"Secrets of Paris Notre Dame","_yoast_wpseo_metadesc":"Secrets of Paris Notre Dame. Ch\u01a1i m\u1ed9t tr\u00f2 ch\u01a1i th\u00e0nh ph\u1ed1 t\u1ef1 h\u01b0\u1edbng d\u1eabn v\u00e0 kh\u00e1m ph\u00e1 th\u00e0nh ph\u1ed1 qua c\u00e1c c\u00e2u \u0111\u1ed1, c\u00e2u h\u1ecfi h\u00f3c b\u00faa v\u00e0 th\u1eed th\u00e1ch. Ch\u01a1i theo t\u1ed1c \u0111\u1ed9 c\u1ee7a ri\u00eang b\u1ea1n v\u00e0 kh\u00e1m ph\u00e1 nh\u01b0 m\u1ed9t ng\u01b0\u1eddi d\u00e2n \u0111\u1ecba ph\u01b0\u01a1ng!","_kad_blocks_custom_css":"","_kad_blocks_head_custom_js":"","_kad_blocks_body_custom_js":"","_kad_blocks_footer_custom_js":"","ghostkit_customizer_options":"","ghostkit_custom_css":"","ghostkit_custom_js_head":"","ghostkit_custom_js_foot":"","ghostkit_typography":"","_kad_post_transparent":"default","_kad_post_title":"","_kad_post_layout":"default","_kad_post_sidebar_id":"","_kad_post_content_style":"default","_kad_post_vertical_padding":"default","_kad_post_feature":"","_kad_post_feature_position":"","_kad_post_header":false,"_kad_post_footer":false,"_kad_post_classname":"","_links_to":"","_links_to_target":""},"game-concept":[733],"location":[317],"product_brand":[],"product_cat":[27],"product_tag":[],"class_list":{"0":"post-65195","1":"product","2":"type-product","3":"status-publish","4":"has-post-thumbnail","6":"game-concept-secrets","7":"location-paris","8":"product_cat-geen-categorie","10":"first","11":"instock","12":"shipping-taxable","13":"purchasable","14":"product-type-simple","15":"entry","16":"content-bg","17":"loop-entry"},"acf":{"full_bokun_product_name":"Self-Guided Secrets of Paris: Notre-Dame Area Exploration Game","location_name":"Paris Notre Dame","bokun_calendar_widget_code":"<script type=\"text\/javascript\" src=\"https:\/\/widgets.bokun.io\/assets\/javascripts\/apps\/build\/BokunWidgetsLoader.js?bookingChannelUUID=a1e93e96-5232-4734-a595-28405f4b5a31\" async><\/script>\n     \n    <div class=\"bokunWidget\" data-src=\"https:\/\/widgets.bokun.io\/online-sales\/a1e93e96-5232-4734-a595-28405f4b5a31\/experience-calendar\/1002128\"><\/div>\n    <noscript>Please enable javascript in your browser to book<\/noscript>","bokun_button_widget_code":"<script type=\"text\/javascript\" src=\"https:\/\/widgets.bokun.io\/assets\/javascripts\/apps\/build\/BokunWidgetsLoader.js?bookingChannelUUID=a1e93e96-5232-4734-a595-28405f4b5a31\" async><\/script>\n      <style> #bokun_ed001e45_5927_4f62_b470_ca766338d083 { display: inline-block; padding: .4em 1em; background: #47b82e; border-radius: 999999px; box-shadow: none; font-weight: 600; font-size: 24px; text-decoration: none; text-align: center; color: #FFFFFF; border:none; cursor: pointer; transition: background .2s ease; } #bokun_ed001e45_5927_4f62_b470_ca766338d083:hover{ background: #2f7b1f; } #bokun_ed001e45_5927_4f62_b470_ca766338d083:active{ background: #378f24; } <\/style> <button class=\"bokunButton\" disabled id=bokun_ed001e45_5927_4f62_b470_ca766338d083 data-src=\"https:\/\/widgets.bokun.io\/online-sales\/a1e93e96-5232-4734-a595-28405f4b5a31\/experience-calendar\/1002128?partialView=1\" data-testid=\"widget-book-button\" > Book now <\/button> ","what_you\u2019ll_experience_during_the_game":"The Secrets of Paris Notre Dame City Game k\u1ebft h\u1ee3p kh\u00e1m ph\u00e1 \u0111\u00f4 th\u1ecb v\u1edbi k\u1ec3 chuy\u1ec7n, h\u01b0\u1edbng d\u1eabn b\u1ea1n qua tr\u00e1i tim c\u1ee7a th\u00e0nh ph\u1ed1 \u0111\u1ed3ng th\u1eddi h\u00e9 l\u1ed9 nh\u1eefng manh m\u1ed1i h\u1ea5p d\u1eabn. Khi kh\u00e1m ph\u00e1, b\u1ea1n s\u1ebd \u0111i qua c\u1ea3 nh\u1eefng \u0111i\u1ec3m tham quan n\u1ed5i ti\u1ebfng v\u00e0 nh\u1eefng g\u00f3c y\u00ean t\u0129nh h\u01a1n, t\u1eeb nh\u1eefng ng\u1ecdn th\u00e1p Gothic c\u1ee7a Notre-Dame Cathedral \u0111\u1ebfn s\u1ef1 y\u00ean b\u00ecnh xanh m\u00e1t c\u1ee7a Square Ren\u00e9 Viviani. Tr\u00ean \u0111\u01b0\u1eddng \u0111i, b\u1ea1n s\u1ebd b\u1eaft g\u1eb7p c\u00e1c \u0111\u1ecba danh nh\u01b0 Conciergerie, m\u0169i \u0111\u1ea5t ng\u1eafm c\u1ea3nh to\u00e0n c\u1ea3nh c\u1ee7a Square du Vert-Galant v\u00e0 \u0111o\u1ea1n \u0111\u01b0\u1eddng s\u00f4i \u0111\u1ed9ng c\u1ee7a Rue de Rivoli g\u1ea7n Ch\u00e2telet. M\u1ed7i \u0111i\u1ec3m d\u1eebng m\u1eddi b\u1ea1n nh\u00ecn Paris qua m\u1ed9t l\u0103ng k\u00ednh m\u1edbi, ti\u1ebft l\u1ed9 nh\u1eefng c\u00e2u chuy\u1ec7n \u0111a t\u1ea7ng \u1ea9n d\u01b0\u1edbi nh\u1eefng m\u1eb7t ti\u1ec1n quen thu\u1ed9c.\r\n\r\nTrong su\u1ed1t The City Game, b\u1ea1n s\u1ebd gi\u1ea3i quy\u1ebft h\u1ed7n h\u1ee3p c\u00e1c c\u00e2u \u0111\u1ed1, manh m\u1ed1i v\u00e0 th\u1eed th\u00e1ch ch\u1ee5p \u1ea3nh, l\u00e0m cho m\u00f4i tr\u01b0\u1eddng xung quanh tr\u1edf n\u00ean s\u1ed1ng \u0111\u1ed9ng. Gi\u1ea3i quy\u1ebft ch\u00fang s\u1ebd gi\u00fap b\u1ea1n ki\u1ebfm \u0111i\u1ec3m, m\u1edf kh\u00f3a c\u00e1c g\u1ee3i \u00fd h\u1eefu \u00edch v\u00e0 \u0111\u01b0a b\u1ea1n \u0111\u1ebfn g\u1ea7n h\u01a1n v\u1edbi vi\u1ec7c kh\u00e1m ph\u00e1 m\u1ed9t b\u00ed \u1ea9n cu\u1ed1i c\u00f9ng n\u1eb1m trong Paris. Tr\u00f2 ch\u01a1i linh ho\u1ea1t v\u00e0 c\u00f3 th\u1ec3 t\u1ea1m d\u1eebng b\u1ea5t c\u1ee9 l\u00fac n\u00e0o\u2014ho\u00e0n h\u1ea3o \u0111\u1ec3 ngh\u1ec9 ng\u01a1i ho\u1eb7c kh\u00e1m ph\u00e1 theo t\u1ed1c \u0111\u1ed9 c\u1ee7a ri\u00eang b\u1ea1n. \u0110\u1ed1i v\u1edbi nh\u1eefng ng\u01b0\u1eddi th\u00edch c\u1ea1nh tranh, c\u00f2n c\u00f3 m\u1ed9t b\u1ea3ng x\u1ebfp h\u1ea1ng tr\u1ef1c ti\u1ebfp \u0111\u1ec3 xem \u0111\u1ed9i c\u1ee7a b\u1ea1n x\u1ebfp h\u1ea1ng nh\u01b0 th\u1ebf n\u00e0o tr\u00ean kh\u1eafp th\u00e0nh ph\u1ed1.","how_to_play":"Sau khi \u0111\u1eb7t ch\u1ed7, b\u1ea1n s\u1ebd nh\u1eadn \u0111\u01b0\u1ee3c email ch\u1ee9a li\u00ean k\u1ebft tr\u1ef1c ti\u1ebfp \u0111\u1ec3 b\u1eaft \u0111\u1ea7u tr\u00f2 ch\u01a1i. Ch\u1ec9 c\u1ea7n \u0111\u1ebfn \u0111i\u1ec3m xu\u1ea5t ph\u00e1t t\u1ea1i Notre-Dame Cathedral v\u00e0 kh\u1edfi \u0111\u1ed9ng cu\u1ed9c phi\u00eau l\u01b0u t\u1eeb \u0111i\u1ec7n tho\u1ea1i c\u1ee7a b\u1ea1n. Tr\u00f2 ch\u01a1i r\u1ea5t linh ho\u1ea1t, v\u00ec v\u1eady b\u1ea1n c\u00f3 th\u1ec3 t\u1ea1m d\u1eebng b\u1ea5t c\u1ee9 l\u00fac n\u00e0o v\u00e0 ti\u1ebfp t\u1ee5c sau. H\u00e0nh tr\u00ecnh c\u1ee7a b\u1ea1n qua Paris b\u1eaft \u0111\u1ea7u ngay khi b\u1ea1n s\u1eb5n s\u00e0ng, ch\u1ec9 c\u1ea7n nh\u1ea5n ch\u01a1i v\u00e0 \u0111\u1ec3 th\u00e0nh ph\u1ed1 d\u1eabn l\u1ed1i b\u1ea1n qua nh\u1eefng b\u00ed m\u1eadt c\u1ee7a n\u00f3.","start_location":"Notre-Dame Cathedral","available_languages":"","players_per_group":"1-4","duration":"1.5-2 hours","image_overlay_color_image":"https:\/\/testwebsite.citygame.com\/wp-content\/blogs.dir\/1\/files\/sites\/62\/2026\/01\/SecretsColor.svg","image_overlay_game_logo":"https:\/\/testwebsite.citygame.com\/wp-content\/blogs.dir\/1\/files\/sites\/62\/2026\/01\/SecretsLogo.png","city_page":7295,"woocommerce_general_content":null},"yoast_head":"<!-- This site is optimized with the Yoast SEO Premium plugin v26.2 (Yoast SEO v26.3) - https:\/\/yoast.com\/wordpress\/plugins\/seo\/ -->\n<title>Secrets of Paris Notre Dame - City Game<\/title>\n<meta name=\"description\" content=\"Secrets of Paris Notre Dame. Ch\u01a1i m\u1ed9t tr\u00f2 ch\u01a1i th\u00e0nh ph\u1ed1 t\u1ef1 h\u01b0\u1edbng d\u1eabn v\u00e0 kh\u00e1m ph\u00e1 th\u00e0nh ph\u1ed1 qua c\u00e1c c\u00e2u \u0111\u1ed1, c\u00e2u h\u1ecfi h\u00f3c b\u00faa v\u00e0 th\u1eed th\u00e1ch. Ch\u01a1i theo t\u1ed1c \u0111\u1ed9 c\u1ee7a ri\u00eang b\u1ea1n v\u00e0 kh\u00e1m ph\u00e1 nh\u01b0 m\u1ed9t ng\u01b0\u1eddi d\u00e2n \u0111\u1ecba ph\u01b0\u01a1ng!\" \/>\n<meta name=\"robots\" content=\"noindex, follow, max-snippet:-1, max-image-preview:large, max-video-preview:-1\" \/>\n<meta property=\"og:locale\" content=\"vi_VN\" \/>\n<meta property=\"og:type\" content=\"article\" \/>\n<meta property=\"og:title\" content=\"Secrets of Paris Notre Dame\" \/>\n<meta property=\"og:description\" content=\"Secrets of Paris Notre Dame. Ch\u01a1i m\u1ed9t tr\u00f2 ch\u01a1i th\u00e0nh ph\u1ed1 t\u1ef1 h\u01b0\u1edbng d\u1eabn v\u00e0 kh\u00e1m ph\u00e1 th\u00e0nh ph\u1ed1 qua c\u00e1c c\u00e2u \u0111\u1ed1, c\u00e2u h\u1ecfi h\u00f3c b\u00faa v\u00e0 th\u1eed th\u00e1ch. Ch\u01a1i theo t\u1ed1c \u0111\u1ed9 c\u1ee7a ri\u00eang b\u1ea1n v\u00e0 kh\u00e1m ph\u00e1 nh\u01b0 m\u1ed9t ng\u01b0\u1eddi d\u00e2n \u0111\u1ecba ph\u01b0\u01a1ng!\" \/>\n<meta property=\"og:url\" content=\"https:\/\/testwebsite.citygame.com\/vi\/games\/paris\/secrets-of-paris-notre-dame\/\" \/>\n<meta property=\"og:site_name\" content=\"City Game\" \/>\n<meta property=\"article:publisher\" content=\"https:\/\/www.facebook.com\/profile.php?id=100086426226253\" \/>\n<meta property=\"article:modified_time\" content=\"2026-04-08T15:27:58+00:00\" \/>\n<meta property=\"og:image\" content=\"https:\/\/testwebsite.citygame.com\/wp-content\/blogs.dir\/1\/files\/sites\/62\/2026\/01\/players-collaborating-on-a-mobile-game-in-a-paris-park.jpg\" \/>\n\t<meta property=\"og:image:width\" content=\"1024\" \/>\n\t<meta property=\"og:image:height\" content=\"1024\" \/>\n\t<meta property=\"og:image:type\" content=\"image\/jpeg\" \/>\n<meta name=\"twitter:card\" content=\"summary_large_image\" \/>\n<meta name=\"twitter:label1\" content=\"\u01af\u1edbc t\u00ednh th\u1eddi gian \u0111\u1ecdc\" \/>\n\t<meta name=\"twitter:data1\" content=\"1 ph\u00fat\" \/>\n<script type=\"application\/ld+json\" class=\"yoast-schema-graph\">{\"@context\":\"https:\/\/schema.org\",\"@graph\":[{\"@type\":\"WebPage\",\"@id\":\"https:\/\/testwebsite.citygame.com\/vi\/games\/paris\/secrets-of-paris-notre-dame\/\",\"url\":\"https:\/\/testwebsite.citygame.com\/vi\/games\/paris\/secrets-of-paris-notre-dame\/\",\"name\":\"Secrets of Paris Notre Dame - City Game\",\"isPartOf\":{\"@id\":\"https:\/\/testwebsite.upevents.nl\/#website\"},\"primaryImageOfPage\":{\"@id\":\"https:\/\/testwebsite.citygame.com\/vi\/games\/paris\/secrets-of-paris-notre-dame\/#primaryimage\"},\"image\":{\"@id\":\"https:\/\/testwebsite.citygame.com\/vi\/games\/paris\/secrets-of-paris-notre-dame\/#primaryimage\"},\"thumbnailUrl\":\"https:\/\/testwebsite.citygame.com\/wp-content\/blogs.dir\/1\/files\/sites\/62\/2026\/01\/players-collaborating-on-a-mobile-game-in-a-paris-park.jpg\",\"datePublished\":\"2026-01-14T08:55:44+00:00\",\"dateModified\":\"2026-04-08T15:27:58+00:00\",\"description\":\"Secrets of Paris Notre Dame. Ch\u01a1i m\u1ed9t tr\u00f2 ch\u01a1i th\u00e0nh ph\u1ed1 t\u1ef1 h\u01b0\u1edbng d\u1eabn v\u00e0 kh\u00e1m ph\u00e1 th\u00e0nh ph\u1ed1 qua c\u00e1c c\u00e2u \u0111\u1ed1, c\u00e2u h\u1ecfi h\u00f3c b\u00faa v\u00e0 th\u1eed th\u00e1ch. Ch\u01a1i theo t\u1ed1c \u0111\u1ed9 c\u1ee7a ri\u00eang b\u1ea1n v\u00e0 kh\u00e1m ph\u00e1 nh\u01b0 m\u1ed9t ng\u01b0\u1eddi d\u00e2n \u0111\u1ecba ph\u01b0\u01a1ng!\",\"breadcrumb\":{\"@id\":\"https:\/\/testwebsite.citygame.com\/vi\/games\/paris\/secrets-of-paris-notre-dame\/#breadcrumb\"},\"inLanguage\":\"vi\",\"potentialAction\":[{\"@type\":\"ReadAction\",\"target\":[\"https:\/\/testwebsite.citygame.com\/vi\/games\/paris\/secrets-of-paris-notre-dame\/\"]}]},{\"@type\":\"ImageObject\",\"inLanguage\":\"vi\",\"@id\":\"https:\/\/testwebsite.citygame.com\/vi\/games\/paris\/secrets-of-paris-notre-dame\/#primaryimage\",\"url\":\"https:\/\/testwebsite.citygame.com\/wp-content\/blogs.dir\/1\/files\/sites\/62\/2026\/01\/players-collaborating-on-a-mobile-game-in-a-paris-park.jpg\",\"contentUrl\":\"https:\/\/testwebsite.citygame.com\/wp-content\/blogs.dir\/1\/files\/sites\/62\/2026\/01\/players-collaborating-on-a-mobile-game-in-a-paris-park.jpg\",\"width\":1024,\"height\":1024,\"caption\":\"A group of friends gather around a smartphone while playing an outdoor discovery game in Paris.\"},{\"@type\":\"BreadcrumbList\",\"@id\":\"https:\/\/testwebsite.citygame.com\/vi\/games\/paris\/secrets-of-paris-notre-dame\/#breadcrumb\",\"itemListElement\":[{\"@type\":\"ListItem\",\"position\":1,\"name\":\"Home\",\"item\":\"https:\/\/testwebsite.citygame.com\/vi\/\"},{\"@type\":\"ListItem\",\"position\":2,\"name\":\"Shop\",\"item\":\"https:\/\/testwebsite.citygame.com\/shop\/\"},{\"@type\":\"ListItem\",\"position\":3,\"name\":\"Secrets of Paris Notre Dame\"}]},{\"@type\":\"WebSite\",\"@id\":\"https:\/\/testwebsite.upevents.nl\/#website\",\"url\":\"https:\/\/testwebsite.upevents.nl\/\",\"name\":\"City Game\",\"description\":\"\",\"publisher\":{\"@id\":\"https:\/\/testwebsite.upevents.nl\/#organization\"},\"alternateName\":\"citygame.com\",\"potentialAction\":[{\"@type\":\"SearchAction\",\"target\":{\"@type\":\"EntryPoint\",\"urlTemplate\":\"https:\/\/testwebsite.upevents.nl\/?s={search_term_string}\"},\"query-input\":{\"@type\":\"PropertyValueSpecification\",\"valueRequired\":true,\"valueName\":\"search_term_string\"}}],\"inLanguage\":\"vi\"},{\"@type\":[\"Organization\",\"Place\"],\"@id\":\"https:\/\/testwebsite.upevents.nl\/#organization\",\"name\":\"City Game\",\"alternateName\":\"citygame.com\",\"url\":\"https:\/\/testwebsite.upevents.nl\/\",\"logo\":{\"@id\":\"https:\/\/testwebsite.citygame.com\/vi\/games\/paris\/secrets-of-paris-notre-dame\/#local-main-organization-logo\"},\"image\":{\"@id\":\"https:\/\/testwebsite.citygame.com\/vi\/games\/paris\/secrets-of-paris-notre-dame\/#local-main-organization-logo\"},\"sameAs\":[\"https:\/\/www.facebook.com\/profile.php?id=100086426226253\",\"https:\/\/www.instagram.com\/citygame_com\",\"https:\/\/www.tiktok.com\/@citygamecom\/\",\"https:\/\/www.linkedin.com\/company\/citygame-com\"],\"description\":\"Turn any city into a playground with our interactive City Games and self-guided tours. Fun, flexible, and ideal for groups and team building.\",\"telephone\":[],\"openingHoursSpecification\":[{\"@type\":\"OpeningHoursSpecification\",\"dayOfWeek\":[\"Monday\",\"Tuesday\",\"Wednesday\",\"Thursday\",\"Friday\",\"Saturday\",\"Sunday\"],\"opens\":\"09:00\",\"closes\":\"17:00\"}]},{\"@type\":\"ImageObject\",\"inLanguage\":\"vi\",\"@id\":\"https:\/\/testwebsite.citygame.com\/vi\/games\/paris\/secrets-of-paris-notre-dame\/#local-main-organization-logo\",\"url\":\"https:\/\/testwebsite.citygame.com\/wp-content\/blogs.dir\/1\/files\/sites\/62\/2025\/10\/CG_LOGO-City-Game.png\",\"contentUrl\":\"https:\/\/testwebsite.citygame.com\/wp-content\/blogs.dir\/1\/files\/sites\/62\/2025\/10\/CG_LOGO-City-Game.png\",\"width\":351,\"height\":377,\"caption\":\"City Game\"}]}<\/script>\n<!-- \/ Yoast SEO Premium plugin. -->","yoast_head_json":{"title":"Secrets of Paris Notre Dame - City Game","description":"Secrets of Paris Notre Dame. Ch\u01a1i m\u1ed9t tr\u00f2 ch\u01a1i th\u00e0nh ph\u1ed1 t\u1ef1 h\u01b0\u1edbng d\u1eabn v\u00e0 kh\u00e1m ph\u00e1 th\u00e0nh ph\u1ed1 qua c\u00e1c c\u00e2u \u0111\u1ed1, c\u00e2u h\u1ecfi h\u00f3c b\u00faa v\u00e0 th\u1eed th\u00e1ch. Ch\u01a1i theo t\u1ed1c \u0111\u1ed9 c\u1ee7a ri\u00eang b\u1ea1n v\u00e0 kh\u00e1m ph\u00e1 nh\u01b0 m\u1ed9t ng\u01b0\u1eddi d\u00e2n \u0111\u1ecba ph\u01b0\u01a1ng!","robots":{"index":"noindex","follow":"follow","max-snippet":"max-snippet:-1","max-image-preview":"max-image-preview:large","max-video-preview":"max-video-preview:-1"},"og_locale":"vi_VN","og_type":"article","og_title":"Secrets of Paris Notre Dame","og_description":"Secrets of Paris Notre Dame. Ch\u01a1i m\u1ed9t tr\u00f2 ch\u01a1i th\u00e0nh ph\u1ed1 t\u1ef1 h\u01b0\u1edbng d\u1eabn v\u00e0 kh\u00e1m ph\u00e1 th\u00e0nh ph\u1ed1 qua c\u00e1c c\u00e2u \u0111\u1ed1, c\u00e2u h\u1ecfi h\u00f3c b\u00faa v\u00e0 th\u1eed th\u00e1ch. Ch\u01a1i theo t\u1ed1c \u0111\u1ed9 c\u1ee7a ri\u00eang b\u1ea1n v\u00e0 kh\u00e1m ph\u00e1 nh\u01b0 m\u1ed9t ng\u01b0\u1eddi d\u00e2n \u0111\u1ecba ph\u01b0\u01a1ng!","og_url":"https:\/\/testwebsite.citygame.com\/vi\/games\/paris\/secrets-of-paris-notre-dame\/","og_site_name":"City Game","article_publisher":"https:\/\/www.facebook.com\/profile.php?id=100086426226253","article_modified_time":"2026-04-08T15:27:58+00:00","og_image":[{"width":1024,"height":1024,"url":"https:\/\/testwebsite.citygame.com\/wp-content\/blogs.dir\/1\/files\/sites\/62\/2026\/01\/players-collaborating-on-a-mobile-game-in-a-paris-park.jpg","type":"image\/jpeg"}],"twitter_card":"summary_large_image","twitter_misc":{"\u01af\u1edbc t\u00ednh th\u1eddi gian \u0111\u1ecdc":"1 ph\u00fat"},"schema":{"@context":"https:\/\/schema.org","@graph":[{"@type":"WebPage","@id":"https:\/\/testwebsite.citygame.com\/vi\/games\/paris\/secrets-of-paris-notre-dame\/","url":"https:\/\/testwebsite.citygame.com\/vi\/games\/paris\/secrets-of-paris-notre-dame\/","name":"Secrets of Paris Notre Dame - City Game","isPartOf":{"@id":"https:\/\/testwebsite.upevents.nl\/#website"},"primaryImageOfPage":{"@id":"https:\/\/testwebsite.citygame.com\/vi\/games\/paris\/secrets-of-paris-notre-dame\/#primaryimage"},"image":{"@id":"https:\/\/testwebsite.citygame.com\/vi\/games\/paris\/secrets-of-paris-notre-dame\/#primaryimage"},"thumbnailUrl":"https:\/\/testwebsite.citygame.com\/wp-content\/blogs.dir\/1\/files\/sites\/62\/2026\/01\/players-collaborating-on-a-mobile-game-in-a-paris-park.jpg","datePublished":"2026-01-14T08:55:44+00:00","dateModified":"2026-04-08T15:27:58+00:00","description":"Secrets of Paris Notre Dame. Ch\u01a1i m\u1ed9t tr\u00f2 ch\u01a1i th\u00e0nh ph\u1ed1 t\u1ef1 h\u01b0\u1edbng d\u1eabn v\u00e0 kh\u00e1m ph\u00e1 th\u00e0nh ph\u1ed1 qua c\u00e1c c\u00e2u \u0111\u1ed1, c\u00e2u h\u1ecfi h\u00f3c b\u00faa v\u00e0 th\u1eed th\u00e1ch. Ch\u01a1i theo t\u1ed1c \u0111\u1ed9 c\u1ee7a ri\u00eang b\u1ea1n v\u00e0 kh\u00e1m ph\u00e1 nh\u01b0 m\u1ed9t ng\u01b0\u1eddi d\u00e2n \u0111\u1ecba ph\u01b0\u01a1ng!","breadcrumb":{"@id":"https:\/\/testwebsite.citygame.com\/vi\/games\/paris\/secrets-of-paris-notre-dame\/#breadcrumb"},"inLanguage":"vi","potentialAction":[{"@type":"ReadAction","target":["https:\/\/testwebsite.citygame.com\/vi\/games\/paris\/secrets-of-paris-notre-dame\/"]}]},{"@type":"ImageObject","inLanguage":"vi","@id":"https:\/\/testwebsite.citygame.com\/vi\/games\/paris\/secrets-of-paris-notre-dame\/#primaryimage","url":"https:\/\/testwebsite.citygame.com\/wp-content\/blogs.dir\/1\/files\/sites\/62\/2026\/01\/players-collaborating-on-a-mobile-game-in-a-paris-park.jpg","contentUrl":"https:\/\/testwebsite.citygame.com\/wp-content\/blogs.dir\/1\/files\/sites\/62\/2026\/01\/players-collaborating-on-a-mobile-game-in-a-paris-park.jpg","width":1024,"height":1024,"caption":"A group of friends gather around a smartphone while playing an outdoor discovery game in Paris."},{"@type":"BreadcrumbList","@id":"https:\/\/testwebsite.citygame.com\/vi\/games\/paris\/secrets-of-paris-notre-dame\/#breadcrumb","itemListElement":[{"@type":"ListItem","position":1,"name":"Home","item":"https:\/\/testwebsite.citygame.com\/vi\/"},{"@type":"ListItem","position":2,"name":"Shop","item":"https:\/\/testwebsite.citygame.com\/shop\/"},{"@type":"ListItem","position":3,"name":"Secrets of Paris Notre Dame"}]},{"@type":"WebSite","@id":"https:\/\/testwebsite.upevents.nl\/#website","url":"https:\/\/testwebsite.upevents.nl\/","name":"City Game","description":"","publisher":{"@id":"https:\/\/testwebsite.upevents.nl\/#organization"},"alternateName":"citygame.com","potentialAction":[{"@type":"SearchAction","target":{"@type":"EntryPoint","urlTemplate":"https:\/\/testwebsite.upevents.nl\/?s={search_term_string}"},"query-input":{"@type":"PropertyValueSpecification","valueRequired":true,"valueName":"search_term_string"}}],"inLanguage":"vi"},{"@type":["Organization","Place"],"@id":"https:\/\/testwebsite.upevents.nl\/#organization","name":"City Game","alternateName":"citygame.com","url":"https:\/\/testwebsite.upevents.nl\/","logo":{"@id":"https:\/\/testwebsite.citygame.com\/vi\/games\/paris\/secrets-of-paris-notre-dame\/#local-main-organization-logo"},"image":{"@id":"https:\/\/testwebsite.citygame.com\/vi\/games\/paris\/secrets-of-paris-notre-dame\/#local-main-organization-logo"},"sameAs":["https:\/\/www.facebook.com\/profile.php?id=100086426226253","https:\/\/www.instagram.com\/citygame_com","https:\/\/www.tiktok.com\/@citygamecom\/","https:\/\/www.linkedin.com\/company\/citygame-com"],"description":"Turn any city into a playground with our interactive City Games and self-guided tours. Fun, flexible, and ideal for groups and team building.","telephone":[],"openingHoursSpecification":[{"@type":"OpeningHoursSpecification","dayOfWeek":["Monday","Tuesday","Wednesday","Thursday","Friday","Saturday","Sunday"],"opens":"09:00","closes":"17:00"}]},{"@type":"ImageObject","inLanguage":"vi","@id":"https:\/\/testwebsite.citygame.com\/vi\/games\/paris\/secrets-of-paris-notre-dame\/#local-main-organization-logo","url":"https:\/\/testwebsite.citygame.com\/wp-content\/blogs.dir\/1\/files\/sites\/62\/2025\/10\/CG_LOGO-City-Game.png","contentUrl":"https:\/\/testwebsite.citygame.com\/wp-content\/blogs.dir\/1\/files\/sites\/62\/2025\/10\/CG_LOGO-City-Game.png","width":351,"height":377,"caption":"City Game"}]}},"taxonomy_info":{"game-concept":[{"value":733,"label":"Secrets"}],"location":[{"value":317,"label":"Paris"}],"product_cat":[{"value":27,"label":"Geen categorie"}]},"featured_image_src_large":["https:\/\/testwebsite.citygame.com\/wp-content\/blogs.dir\/1\/files\/sites\/62\/2026\/01\/players-collaborating-on-a-mobile-game-in-a-paris-park.jpg",1024,1024,false],"author_info":[],"comment_info":"","_links":{"self":[{"href":"https:\/\/testwebsite.citygame.com\/vi\/wp-json\/wp\/v2\/product\/65195","targetHints":{"allow":["GET"]}}],"collection":[{"href":"https:\/\/testwebsite.citygame.com\/vi\/wp-json\/wp\/v2\/product"}],"about":[{"href":"https:\/\/testwebsite.citygame.com\/vi\/wp-json\/wp\/v2\/types\/product"}],"acf:post":[{"embeddable":true,"href":"https:\/\/testwebsite.citygame.com\/vi\/wp-json\/wp\/v2\/pages\/7295"}],"wp:featuredmedia":[{"embeddable":true,"href":"https:\/\/testwebsite.citygame.com\/vi\/wp-json\/wp\/v2\/media\/3999"}],"wp:attachment":[{"href":"https:\/\/testwebsite.citygame.com\/vi\/wp-json\/wp\/v2\/media?parent=65195"}],"wp:term":[{"taxonomy":"game-concept","embeddable":true,"href":"https:\/\/testwebsite.citygame.com\/vi\/wp-json\/wp\/v2\/game-concept?post=65195"},{"taxonomy":"location","embeddable":true,"href":"https:\/\/testwebsite.citygame.com\/vi\/wp-json\/wp\/v2\/location?post=65195"},{"taxonomy":"product_brand","embeddable":true,"href":"https:\/\/testwebsite.citygame.com\/vi\/wp-json\/wp\/v2\/product_brand?post=65195"},{"taxonomy":"product_cat","embeddable":true,"href":"https:\/\/testwebsite.citygame.com\/vi\/wp-json\/wp\/v2\/product_cat?post=65195"},{"taxonomy":"product_tag","embeddable":true,"href":"https:\/\/testwebsite.citygame.com\/vi\/wp-json\/wp\/v2\/product_tag?post=65195"}],"curies":[{"name":"wp","href":"https:\/\/api.w.org\/{rel}","templated":true}]}}