{"id":65030,"date":"2026-01-14T09:18:37","date_gmt":"2026-01-14T09:18:37","guid":{"rendered":"https:\/\/testwebsite.citygame.com\/games\/unknown-location\/secrets-of-paris-louvre\/"},"modified":"2026-04-08T15:11:43","modified_gmt":"2026-04-08T15:11:43","slug":"secrets-of-paris-louvre","status":"publish","type":"product","link":"https:\/\/testwebsite.citygame.com\/vi\/games\/paris\/secrets-of-paris-louvre\/","title":{"rendered":"Secrets of Paris Louvre"},"content":{"rendered":"<p>Tr\u00f2 ch\u01a1i th\u00e0nh ph\u1ed1 &#8216;Secrets of Paris Louvre&#8217; l\u00e0 m\u1ed9t tr\u00f2 ch\u01a1i t\u1ef1 h\u01b0\u1edbng d\u1eabn, d\u1ef1a tr\u00ean GPS di\u1ec5n ra t\u1ea1i trung t\u00e2m l\u1ecbch s\u1eed c\u1ee7a Paris. S\u1eed d\u1ee5ng \u0111i\u1ec7n tho\u1ea1i th\u00f4ng minh, b\u1ea1n s\u1ebd b\u1eaft \u0111\u1ea7u m\u1ed9t tr\u00f2 ch\u01a1i kh\u00e1m ph\u00e1 t\u01b0\u01a1ng t\u00e1c, n\u01a1i b\u1ea1n gi\u1ea3i c\u00e1c c\u00e2u \u0111\u1ed1, c\u00e2u \u0111\u1ed1 m\u1eb9o v\u00e0 th\u1eed th\u00e1ch ch\u1ee5p \u1ea3nh trong khi kh\u00e1m ph\u00e1 c\u00e1c \u0111\u1ecba danh v\u00e0 nh\u1eefng \u0111i\u1ec3m \u00edt \u0111\u01b0\u1ee3c bi\u1ebft \u0111\u1ebfn c\u1ee7a th\u00e0nh ph\u1ed1. Khi ch\u01a1i, b\u1ea1n s\u1ebd t\u00ecm hi\u1ec3u th\u00eam v\u1ec1 l\u1ecbch s\u1eed, v\u0103n h\u00f3a v\u00e0 nh\u1eefng chi ti\u1ebft \u1ea9n gi\u1ea5u c\u1ee7a Paris m\u00e0 th\u01b0\u1eddng b\u1ecb b\u1ecf qua. Ph\u00f9 h\u1ee3p cho c\u1ea3 du kh\u00e1ch v\u00e0 ng\u01b0\u1eddi d\u00e2n \u0111\u1ecba ph\u01b0\u01a1ng, tr\u00f2 ch\u01a1i th\u00e0nh ph\u1ed1 t\u1ef1 h\u01b0\u1edbng d\u1eabn n\u00e0y l\u00e0 m\u1ed9t c\u00e1ch vui v\u1ebb v\u00e0 linh ho\u1ea1t \u0111\u1ec3 tr\u1ea3i nghi\u1ec7m th\u00e0nh ph\u1ed1 theo t\u1ed1c \u0111\u1ed9 c\u1ee7a ri\u00eang b\u1ea1n. Tr\u00f2 ch\u01a1i th\u00e0nh ph\u1ed1 Paris c\u00f3 th\u1ec3 ch\u01a1i m\u1ed9t m\u00ecnh ho\u1eb7c chia s\u1ebb c\u00f9ng c\u00e1c c\u1eb7p \u0111\u00f4i, gia \u0111\u00ecnh v\u00e0 nh\u00f3m b\u1ea1n b\u00e8.<\/p>\n","protected":false},"excerpt":{"rendered":"<p>Kh\u01a1i d\u1eady tia s\u00e1ng v\u0129nh c\u1eedu c\u1ee7a Paris! H\u00f2a m\u00ecnh v\u00e0o nh\u1eefng ph\u00f2ng tr\u01b0ng b\u00e0y l\u1ed9ng l\u1eaby v\u00e0 \u0111\u1ea1i l\u1ed9 ven s\u00f4ng n\u01a1i ngh\u1ec7 thu\u1eadt, th\u1eddi trang v\u00e0 h\u01b0\u01a1ng c\u00e0 ph\u00ea quy\u1ec7n v\u00e0o nhau, gh\u00e9p n\u1ed1i c\u00e1c manh m\u1ed1i \u0111\u1ec3 gi\u00fap Leonardo da Vinci t\u00ecm l\u1ea1i ngu\u1ed3n c\u1ea3m h\u1ee9ng, th\u1ed5i h\u1ed3n v\u00e0o ki\u1ec7t t\u00e1c ti\u1ebfp theo c\u1ee7a m\u00ecnh.<\/p>\n","protected":false},"featured_media":4003,"template":"","meta":{"_acf_changed":false,"_yoast_wpseo_focuskw":"Secrets of Paris Louvre","_yoast_wpseo_metadesc":"Secrets of Paris Louvre. Ch\u01a1i Tr\u00f2 ch\u01a1i th\u00e0nh ph\u1ed1 t\u1ef1 h\u01b0\u1edbng d\u1eabn v\u00e0 kh\u00e1m ph\u00e1 th\u00e0nh ph\u1ed1 qua c\u00e1c c\u00e2u \u0111\u1ed1, c\u00e2u \u0111\u1ed1 m\u1eb9o v\u00e0 th\u1eed th\u00e1ch. Ch\u01a1i theo t\u1ed1c \u0111\u1ed9 c\u1ee7a ri\u00eang b\u1ea1n v\u00e0 kh\u00e1m ph\u00e1 nh\u01b0 m\u1ed9t ng\u01b0\u1eddi d\u00e2n \u0111\u1ecba ph\u01b0\u01a1ng!","_kad_blocks_custom_css":"","_kad_blocks_head_custom_js":"","_kad_blocks_body_custom_js":"","_kad_blocks_footer_custom_js":"","ghostkit_customizer_options":"","ghostkit_custom_css":"","ghostkit_custom_js_head":"","ghostkit_custom_js_foot":"","ghostkit_typography":"","_kad_post_transparent":"default","_kad_post_title":"","_kad_post_layout":"default","_kad_post_sidebar_id":"","_kad_post_content_style":"default","_kad_post_vertical_padding":"default","_kad_post_feature":"","_kad_post_feature_position":"","_kad_post_header":false,"_kad_post_footer":false,"_kad_post_classname":"","_links_to":"","_links_to_target":""},"game-concept":[733],"location":[317],"product_brand":[],"product_cat":[27],"product_tag":[],"class_list":{"0":"post-65030","1":"product","2":"type-product","3":"status-publish","4":"has-post-thumbnail","6":"game-concept-secrets","7":"location-paris","8":"product_cat-geen-categorie","10":"first","11":"instock","12":"shipping-taxable","13":"purchasable","14":"product-type-simple","15":"entry","16":"content-bg","17":"loop-entry"},"acf":{"full_bokun_product_name":"Self-Guided Secrets of Paris: Louvre Area Exploration Game","location_name":"Paris Louvre","bokun_calendar_widget_code":"<script type=\"text\/javascript\" src=\"https:\/\/widgets.bokun.io\/assets\/javascripts\/apps\/build\/BokunWidgetsLoader.js?bookingChannelUUID=a1e93e96-5232-4734-a595-28405f4b5a31\" async><\/script>\n     \n    <div class=\"bokunWidget\" data-src=\"https:\/\/widgets.bokun.io\/online-sales\/a1e93e96-5232-4734-a595-28405f4b5a31\/experience-calendar\/1002136\"><\/div>\n    <noscript>Please enable javascript in your browser to book<\/noscript>","bokun_button_widget_code":"<script type=\"text\/javascript\" src=\"https:\/\/widgets.bokun.io\/assets\/javascripts\/apps\/build\/BokunWidgetsLoader.js?bookingChannelUUID=a1e93e96-5232-4734-a595-28405f4b5a31\" async><\/script>\n      <style> #bokun_ed001e45_5927_4f62_b470_ca766338d083 { display: inline-block; padding: .4em 1em; background: #47b82e; border-radius: 999999px; box-shadow: none; font-weight: 600; font-size: 24px; text-decoration: none; text-align: center; color: #FFFFFF; border:none; cursor: pointer; transition: background .2s ease; } #bokun_ed001e45_5927_4f62_b470_ca766338d083:hover{ background: #2f7b1f; } #bokun_ed001e45_5927_4f62_b470_ca766338d083:active{ background: #378f24; } <\/style> <button class=\"bokunButton\" disabled id=bokun_ed001e45_5927_4f62_b470_ca766338d083 data-src=\"https:\/\/widgets.bokun.io\/online-sales\/a1e93e96-5232-4734-a595-28405f4b5a31\/experience-calendar\/1002136?partialView=1\" data-testid=\"widget-book-button\" > Book now <\/button> ","what_you\u2019ll_experience_during_the_game":"Trong Tr\u00f2 ch\u01a1i th\u00e0nh ph\u1ed1 'Secrets of Paris Louvre', b\u1ea1n s\u1ebd kh\u00e1m ph\u00e1 th\u00e0nh ph\u1ed1 qua m\u1ed9t c\u1ed1t truy\u1ec7n nh\u1eadp vai k\u1ebft h\u1ee3p gi\u1eefa kh\u00e1m ph\u00e1 v\u00e0 c\u00e1c th\u1eed th\u00e1ch t\u01b0\u01a1ng t\u00e1c. H\u00e0nh tr\u00ecnh s\u1ebd \u0111\u01b0a b\u1ea1n qua c\u1ea3 nh\u1eefng \u0111\u1ecba danh bi\u1ec3u t\u01b0\u1ee3ng v\u00e0 nh\u1eefng g\u00f3c \u00edt ng\u01b0\u1eddi bi\u1ebft \u0111\u1ebfn, h\u00e9 l\u1ed9 b\u1ea7u kh\u00f4ng kh\u00ed c\u1ee7a Paris khi b\u1ea1n theo d\u00f5i c\u00e1c manh m\u1ed1i k\u1ef9 thu\u1eadt s\u1ed1. Tr\u00ean \u0111\u01b0\u1eddng \u0111i, b\u1ea1n c\u00f3 th\u1ec3 th\u1ea5y m\u00ecnh \u0111\u1ee9ng c\u1ea1nh Kim t\u1ef1 th\u00e1p Louvre, chi\u00eam ng\u01b0\u1ee1ng nh\u1eefng chi ti\u1ebft trang tr\u00ed tinh x\u1ea3o c\u1ee7a H\u00f4tel de la Marine, ho\u1eb7c d\u1eebng ch\u00e2n b\u00ean c\u00e2y c\u1ea7u Pont Royal thanh l\u1ecbch. Nh\u1eefng g\u00f3c y\u00ean t\u0129nh nh\u01b0 Grand Bassin Rond trong Jardin des Tuileries ho\u1eb7c T\u01b0\u1ee3ng Thomas Jefferson \u0111\u1ea7y suy t\u01b0 mang l\u1ea1i s\u1ef1 t\u01b0\u01a1ng ph\u1ea3n v\u1edbi v\u1ebb tr\u00e1ng l\u1ec7 c\u1ee7a th\u00e0nh ph\u1ed1, t\u1ea1o kh\u00f4ng gian \u0111\u1ec3 suy ng\u1eabm gi\u1eefa c\u00e1c manh m\u1ed1i.\r\n\r\nKhi b\u1ea1n \u0111i kh\u1eafp Paris, b\u1ea1n s\u1ebd gi\u1ea3i c\u00e1c c\u00e2u \u0111\u1ed1, tr\u1ea3 l\u1eddi c\u00e2u h\u1ecfi v\u00e0 ho\u00e0n th\u00e0nh c\u00e1c th\u1eed th\u00e1ch ch\u1ee5p \u1ea3nh s\u00e1ng t\u1ea1o, m\u1ed7i th\u1eed th\u00e1ch \u0111\u1ec1u gi\u00fap b\u1ea1n t\u00edch l\u0169y \u0111i\u1ec3m v\u00e0 m\u1edf kh\u00f3a c\u00e1c manh m\u1ed1i m\u1edbi. Nh\u1eefng nhi\u1ec7m v\u1ee5 n\u00e0y d\u1ea7n d\u1ea7n d\u1eabn \u0111\u1ebfn vi\u1ec7c gi\u1ea3i quy\u1ebft m\u1ed9t b\u00ed \u1ea9n l\u1edbn h\u01a1n, \u0111\u1ed3ng th\u1eddi khuy\u1ebfn kh\u00edch b\u1ea1n ch\u00fa \u00fd \u0111\u1ebfn nh\u1eefng chi ti\u1ebft th\u01b0\u1eddng b\u1ecb b\u1ecf qua. Tr\u00f2 ch\u01a1i linh ho\u1ea1t, cho ph\u00e9p b\u1ea1n t\u1ea1m d\u1eebng v\u00e0 ti\u1ebfp t\u1ee5c theo t\u1ed1c \u0111\u1ed9 c\u1ee7a ri\u00eang m\u00ecnh, gi\u00fap d\u1ec5 d\u00e0ng ph\u00f9 h\u1ee3p v\u1edbi chuy\u1ebfn th\u0103m c\u1ee7a b\u1ea1n. N\u1ebfu b\u1ea1n c\u00f3 tinh th\u1ea7n c\u1ea1nh tranh, b\u1ea1n c\u0169ng c\u00f3 th\u1ec3 c\u1ed1 g\u1eafng v\u01b0\u01a1n l\u00ean b\u1ea3ng x\u1ebfp h\u1ea1ng b\u1eb1ng c\u00e1ch \u0111\u1ea1t \u0111i\u1ec3m cao v\u1edbi t\u01b0 c\u00e1ch l\u00e0 m\u1ed9t \u0111\u1ed9i ho\u1eb7c c\u00e1 nh\u00e2n.","how_to_play":"Sau khi \u0111\u1eb7t ch\u1ed7, b\u1ea1n s\u1ebd nh\u1eadn \u0111\u01b0\u1ee3c m\u1ed9t email k\u00e8m li\u00ean k\u1ebft ch\u01a1i tr\u1ef1c ti\u1ebfp. Ch\u1ec9 c\u1ea7n \u0111i \u0111\u1ebfn \u0111i\u1ec3m b\u1eaft \u0111\u1ea7u t\u1ea1i Porte des Lions v\u00e0 b\u1eaft \u0111\u1ea7u cu\u1ed9c phi\u00eau l\u01b0u c\u1ee7a b\u1ea1n ngay l\u1eadp t\u1ee9c. Tr\u00f2 ch\u01a1i c\u00f3 th\u1ec3 t\u1ea1m d\u1eebng b\u1ea5t c\u1ee9 l\u00fac n\u00e0o, v\u00ec v\u1eady b\u1ea1n c\u00f3 th\u1ec3 t\u1ef1 do kh\u00e1m ph\u00e1 Paris v\u00e0 ti\u1ebfp t\u1ee5c b\u1ea5t c\u1ee9 khi n\u00e0o b\u1ea1n s\u1eb5n s\u00e0ng.","start_location":"Paris, Porte des Lions","available_languages":"","players_per_group":"1-4","duration":"1.5-2 hours","image_overlay_color_image":"https:\/\/testwebsite.citygame.com\/wp-content\/blogs.dir\/1\/files\/sites\/62\/2026\/01\/SecretsColor.svg","image_overlay_game_logo":"https:\/\/testwebsite.citygame.com\/wp-content\/blogs.dir\/1\/files\/sites\/62\/2026\/01\/SecretsLogo.png","city_page":7295,"woocommerce_general_content":null},"yoast_head":"<!-- This site is optimized with the Yoast SEO Premium plugin v26.2 (Yoast SEO v26.3) - https:\/\/yoast.com\/wordpress\/plugins\/seo\/ -->\n<title>Secrets of Paris Louvre - City Game<\/title>\n<meta name=\"description\" content=\"Secrets of Paris Louvre. Ch\u01a1i Tr\u00f2 ch\u01a1i th\u00e0nh ph\u1ed1 t\u1ef1 h\u01b0\u1edbng d\u1eabn v\u00e0 kh\u00e1m ph\u00e1 th\u00e0nh ph\u1ed1 qua c\u00e1c c\u00e2u \u0111\u1ed1, c\u00e2u \u0111\u1ed1 m\u1eb9o v\u00e0 th\u1eed th\u00e1ch. Ch\u01a1i theo t\u1ed1c \u0111\u1ed9 c\u1ee7a ri\u00eang b\u1ea1n v\u00e0 kh\u00e1m ph\u00e1 nh\u01b0 m\u1ed9t ng\u01b0\u1eddi d\u00e2n \u0111\u1ecba ph\u01b0\u01a1ng!\" \/>\n<meta name=\"robots\" content=\"noindex, follow, max-snippet:-1, max-image-preview:large, max-video-preview:-1\" \/>\n<meta property=\"og:locale\" content=\"vi_VN\" \/>\n<meta property=\"og:type\" content=\"article\" \/>\n<meta property=\"og:title\" content=\"Secrets of Paris Louvre\" \/>\n<meta property=\"og:description\" content=\"Secrets of Paris Louvre. Ch\u01a1i Tr\u00f2 ch\u01a1i th\u00e0nh ph\u1ed1 t\u1ef1 h\u01b0\u1edbng d\u1eabn v\u00e0 kh\u00e1m ph\u00e1 th\u00e0nh ph\u1ed1 qua c\u00e1c c\u00e2u \u0111\u1ed1, c\u00e2u \u0111\u1ed1 m\u1eb9o v\u00e0 th\u1eed th\u00e1ch. Ch\u01a1i theo t\u1ed1c \u0111\u1ed9 c\u1ee7a ri\u00eang b\u1ea1n v\u00e0 kh\u00e1m ph\u00e1 nh\u01b0 m\u1ed9t ng\u01b0\u1eddi d\u00e2n \u0111\u1ecba ph\u01b0\u01a1ng!\" \/>\n<meta property=\"og:url\" content=\"https:\/\/testwebsite.citygame.com\/vi\/games\/paris\/secrets-of-paris-louvre\/\" \/>\n<meta property=\"og:site_name\" content=\"City Game\" \/>\n<meta property=\"article:publisher\" content=\"https:\/\/www.facebook.com\/profile.php?id=100086426226253\" \/>\n<meta property=\"article:modified_time\" content=\"2026-04-08T15:11:43+00:00\" \/>\n<meta property=\"og:image\" content=\"https:\/\/testwebsite.citygame.com\/wp-content\/blogs.dir\/1\/files\/sites\/62\/2026\/01\/woman-using-phone-app-at-musee-national-de-la-marine-paris.jpg\" \/>\n\t<meta property=\"og:image:width\" content=\"1024\" \/>\n\t<meta property=\"og:image:height\" content=\"1024\" \/>\n\t<meta property=\"og:image:type\" content=\"image\/jpeg\" \/>\n<meta name=\"twitter:card\" content=\"summary_large_image\" \/>\n<meta name=\"twitter:label1\" content=\"\u01af\u1edbc t\u00ednh th\u1eddi gian \u0111\u1ecdc\" \/>\n\t<meta name=\"twitter:data1\" content=\"1 ph\u00fat\" \/>\n<script type=\"application\/ld+json\" class=\"yoast-schema-graph\">{\"@context\":\"https:\/\/schema.org\",\"@graph\":[{\"@type\":\"WebPage\",\"@id\":\"https:\/\/testwebsite.citygame.com\/vi\/games\/paris\/secrets-of-paris-louvre\/\",\"url\":\"https:\/\/testwebsite.citygame.com\/vi\/games\/paris\/secrets-of-paris-louvre\/\",\"name\":\"Secrets of Paris Louvre - City Game\",\"isPartOf\":{\"@id\":\"https:\/\/testwebsite.upevents.nl\/#website\"},\"primaryImageOfPage\":{\"@id\":\"https:\/\/testwebsite.citygame.com\/vi\/games\/paris\/secrets-of-paris-louvre\/#primaryimage\"},\"image\":{\"@id\":\"https:\/\/testwebsite.citygame.com\/vi\/games\/paris\/secrets-of-paris-louvre\/#primaryimage\"},\"thumbnailUrl\":\"https:\/\/testwebsite.citygame.com\/wp-content\/blogs.dir\/1\/files\/sites\/62\/2026\/01\/woman-using-phone-app-at-musee-national-de-la-marine-paris.jpg\",\"datePublished\":\"2026-01-14T09:18:37+00:00\",\"dateModified\":\"2026-04-08T15:11:43+00:00\",\"description\":\"Secrets of Paris Louvre. Ch\u01a1i Tr\u00f2 ch\u01a1i th\u00e0nh ph\u1ed1 t\u1ef1 h\u01b0\u1edbng d\u1eabn v\u00e0 kh\u00e1m ph\u00e1 th\u00e0nh ph\u1ed1 qua c\u00e1c c\u00e2u \u0111\u1ed1, c\u00e2u \u0111\u1ed1 m\u1eb9o v\u00e0 th\u1eed th\u00e1ch. Ch\u01a1i theo t\u1ed1c \u0111\u1ed9 c\u1ee7a ri\u00eang b\u1ea1n v\u00e0 kh\u00e1m ph\u00e1 nh\u01b0 m\u1ed9t ng\u01b0\u1eddi d\u00e2n \u0111\u1ecba ph\u01b0\u01a1ng!\",\"breadcrumb\":{\"@id\":\"https:\/\/testwebsite.citygame.com\/vi\/games\/paris\/secrets-of-paris-louvre\/#breadcrumb\"},\"inLanguage\":\"vi\",\"potentialAction\":[{\"@type\":\"ReadAction\",\"target\":[\"https:\/\/testwebsite.citygame.com\/vi\/games\/paris\/secrets-of-paris-louvre\/\"]}]},{\"@type\":\"ImageObject\",\"inLanguage\":\"vi\",\"@id\":\"https:\/\/testwebsite.citygame.com\/vi\/games\/paris\/secrets-of-paris-louvre\/#primaryimage\",\"url\":\"https:\/\/testwebsite.citygame.com\/wp-content\/blogs.dir\/1\/files\/sites\/62\/2026\/01\/woman-using-phone-app-at-musee-national-de-la-marine-paris.jpg\",\"contentUrl\":\"https:\/\/testwebsite.citygame.com\/wp-content\/blogs.dir\/1\/files\/sites\/62\/2026\/01\/woman-using-phone-app-at-musee-national-de-la-marine-paris.jpg\",\"width\":1024,\"height\":1024,\"caption\":\"A woman uses a mobile app while exploring the area around a historic museum in Paris.\"},{\"@type\":\"BreadcrumbList\",\"@id\":\"https:\/\/testwebsite.citygame.com\/vi\/games\/paris\/secrets-of-paris-louvre\/#breadcrumb\",\"itemListElement\":[{\"@type\":\"ListItem\",\"position\":1,\"name\":\"Home\",\"item\":\"https:\/\/testwebsite.citygame.com\/vi\/\"},{\"@type\":\"ListItem\",\"position\":2,\"name\":\"Shop\",\"item\":\"https:\/\/testwebsite.citygame.com\/shop\/\"},{\"@type\":\"ListItem\",\"position\":3,\"name\":\"Secrets of Paris Louvre\"}]},{\"@type\":\"WebSite\",\"@id\":\"https:\/\/testwebsite.upevents.nl\/#website\",\"url\":\"https:\/\/testwebsite.upevents.nl\/\",\"name\":\"City Game\",\"description\":\"\",\"publisher\":{\"@id\":\"https:\/\/testwebsite.upevents.nl\/#organization\"},\"alternateName\":\"citygame.com\",\"potentialAction\":[{\"@type\":\"SearchAction\",\"target\":{\"@type\":\"EntryPoint\",\"urlTemplate\":\"https:\/\/testwebsite.upevents.nl\/?s={search_term_string}\"},\"query-input\":{\"@type\":\"PropertyValueSpecification\",\"valueRequired\":true,\"valueName\":\"search_term_string\"}}],\"inLanguage\":\"vi\"},{\"@type\":[\"Organization\",\"Place\"],\"@id\":\"https:\/\/testwebsite.upevents.nl\/#organization\",\"name\":\"City Game\",\"alternateName\":\"citygame.com\",\"url\":\"https:\/\/testwebsite.upevents.nl\/\",\"logo\":{\"@id\":\"https:\/\/testwebsite.citygame.com\/vi\/games\/paris\/secrets-of-paris-louvre\/#local-main-organization-logo\"},\"image\":{\"@id\":\"https:\/\/testwebsite.citygame.com\/vi\/games\/paris\/secrets-of-paris-louvre\/#local-main-organization-logo\"},\"sameAs\":[\"https:\/\/www.facebook.com\/profile.php?id=100086426226253\",\"https:\/\/www.instagram.com\/citygame_com\",\"https:\/\/www.tiktok.com\/@citygamecom\/\",\"https:\/\/www.linkedin.com\/company\/citygame-com\"],\"description\":\"Turn any city into a playground with our interactive City Games and self-guided tours. Fun, flexible, and ideal for groups and team building.\",\"telephone\":[],\"openingHoursSpecification\":[{\"@type\":\"OpeningHoursSpecification\",\"dayOfWeek\":[\"Monday\",\"Tuesday\",\"Wednesday\",\"Thursday\",\"Friday\",\"Saturday\",\"Sunday\"],\"opens\":\"09:00\",\"closes\":\"17:00\"}]},{\"@type\":\"ImageObject\",\"inLanguage\":\"vi\",\"@id\":\"https:\/\/testwebsite.citygame.com\/vi\/games\/paris\/secrets-of-paris-louvre\/#local-main-organization-logo\",\"url\":\"https:\/\/testwebsite.citygame.com\/wp-content\/blogs.dir\/1\/files\/sites\/62\/2025\/10\/CG_LOGO-City-Game.png\",\"contentUrl\":\"https:\/\/testwebsite.citygame.com\/wp-content\/blogs.dir\/1\/files\/sites\/62\/2025\/10\/CG_LOGO-City-Game.png\",\"width\":351,\"height\":377,\"caption\":\"City Game\"}]}<\/script>\n<!-- \/ Yoast SEO Premium plugin. -->","yoast_head_json":{"title":"Secrets of Paris Louvre - City Game","description":"Secrets of Paris Louvre. Ch\u01a1i Tr\u00f2 ch\u01a1i th\u00e0nh ph\u1ed1 t\u1ef1 h\u01b0\u1edbng d\u1eabn v\u00e0 kh\u00e1m ph\u00e1 th\u00e0nh ph\u1ed1 qua c\u00e1c c\u00e2u \u0111\u1ed1, c\u00e2u \u0111\u1ed1 m\u1eb9o v\u00e0 th\u1eed th\u00e1ch. Ch\u01a1i theo t\u1ed1c \u0111\u1ed9 c\u1ee7a ri\u00eang b\u1ea1n v\u00e0 kh\u00e1m ph\u00e1 nh\u01b0 m\u1ed9t ng\u01b0\u1eddi d\u00e2n \u0111\u1ecba ph\u01b0\u01a1ng!","robots":{"index":"noindex","follow":"follow","max-snippet":"max-snippet:-1","max-image-preview":"max-image-preview:large","max-video-preview":"max-video-preview:-1"},"og_locale":"vi_VN","og_type":"article","og_title":"Secrets of Paris Louvre","og_description":"Secrets of Paris Louvre. Ch\u01a1i Tr\u00f2 ch\u01a1i th\u00e0nh ph\u1ed1 t\u1ef1 h\u01b0\u1edbng d\u1eabn v\u00e0 kh\u00e1m ph\u00e1 th\u00e0nh ph\u1ed1 qua c\u00e1c c\u00e2u \u0111\u1ed1, c\u00e2u \u0111\u1ed1 m\u1eb9o v\u00e0 th\u1eed th\u00e1ch. Ch\u01a1i theo t\u1ed1c \u0111\u1ed9 c\u1ee7a ri\u00eang b\u1ea1n v\u00e0 kh\u00e1m ph\u00e1 nh\u01b0 m\u1ed9t ng\u01b0\u1eddi d\u00e2n \u0111\u1ecba ph\u01b0\u01a1ng!","og_url":"https:\/\/testwebsite.citygame.com\/vi\/games\/paris\/secrets-of-paris-louvre\/","og_site_name":"City Game","article_publisher":"https:\/\/www.facebook.com\/profile.php?id=100086426226253","article_modified_time":"2026-04-08T15:11:43+00:00","og_image":[{"width":1024,"height":1024,"url":"https:\/\/testwebsite.citygame.com\/wp-content\/blogs.dir\/1\/files\/sites\/62\/2026\/01\/woman-using-phone-app-at-musee-national-de-la-marine-paris.jpg","type":"image\/jpeg"}],"twitter_card":"summary_large_image","twitter_misc":{"\u01af\u1edbc t\u00ednh th\u1eddi gian \u0111\u1ecdc":"1 ph\u00fat"},"schema":{"@context":"https:\/\/schema.org","@graph":[{"@type":"WebPage","@id":"https:\/\/testwebsite.citygame.com\/vi\/games\/paris\/secrets-of-paris-louvre\/","url":"https:\/\/testwebsite.citygame.com\/vi\/games\/paris\/secrets-of-paris-louvre\/","name":"Secrets of Paris Louvre - City Game","isPartOf":{"@id":"https:\/\/testwebsite.upevents.nl\/#website"},"primaryImageOfPage":{"@id":"https:\/\/testwebsite.citygame.com\/vi\/games\/paris\/secrets-of-paris-louvre\/#primaryimage"},"image":{"@id":"https:\/\/testwebsite.citygame.com\/vi\/games\/paris\/secrets-of-paris-louvre\/#primaryimage"},"thumbnailUrl":"https:\/\/testwebsite.citygame.com\/wp-content\/blogs.dir\/1\/files\/sites\/62\/2026\/01\/woman-using-phone-app-at-musee-national-de-la-marine-paris.jpg","datePublished":"2026-01-14T09:18:37+00:00","dateModified":"2026-04-08T15:11:43+00:00","description":"Secrets of Paris Louvre. Ch\u01a1i Tr\u00f2 ch\u01a1i th\u00e0nh ph\u1ed1 t\u1ef1 h\u01b0\u1edbng d\u1eabn v\u00e0 kh\u00e1m ph\u00e1 th\u00e0nh ph\u1ed1 qua c\u00e1c c\u00e2u \u0111\u1ed1, c\u00e2u \u0111\u1ed1 m\u1eb9o v\u00e0 th\u1eed th\u00e1ch. Ch\u01a1i theo t\u1ed1c \u0111\u1ed9 c\u1ee7a ri\u00eang b\u1ea1n v\u00e0 kh\u00e1m ph\u00e1 nh\u01b0 m\u1ed9t ng\u01b0\u1eddi d\u00e2n \u0111\u1ecba ph\u01b0\u01a1ng!","breadcrumb":{"@id":"https:\/\/testwebsite.citygame.com\/vi\/games\/paris\/secrets-of-paris-louvre\/#breadcrumb"},"inLanguage":"vi","potentialAction":[{"@type":"ReadAction","target":["https:\/\/testwebsite.citygame.com\/vi\/games\/paris\/secrets-of-paris-louvre\/"]}]},{"@type":"ImageObject","inLanguage":"vi","@id":"https:\/\/testwebsite.citygame.com\/vi\/games\/paris\/secrets-of-paris-louvre\/#primaryimage","url":"https:\/\/testwebsite.citygame.com\/wp-content\/blogs.dir\/1\/files\/sites\/62\/2026\/01\/woman-using-phone-app-at-musee-national-de-la-marine-paris.jpg","contentUrl":"https:\/\/testwebsite.citygame.com\/wp-content\/blogs.dir\/1\/files\/sites\/62\/2026\/01\/woman-using-phone-app-at-musee-national-de-la-marine-paris.jpg","width":1024,"height":1024,"caption":"A woman uses a mobile app while exploring the area around a historic museum in Paris."},{"@type":"BreadcrumbList","@id":"https:\/\/testwebsite.citygame.com\/vi\/games\/paris\/secrets-of-paris-louvre\/#breadcrumb","itemListElement":[{"@type":"ListItem","position":1,"name":"Home","item":"https:\/\/testwebsite.citygame.com\/vi\/"},{"@type":"ListItem","position":2,"name":"Shop","item":"https:\/\/testwebsite.citygame.com\/shop\/"},{"@type":"ListItem","position":3,"name":"Secrets of Paris Louvre"}]},{"@type":"WebSite","@id":"https:\/\/testwebsite.upevents.nl\/#website","url":"https:\/\/testwebsite.upevents.nl\/","name":"City Game","description":"","publisher":{"@id":"https:\/\/testwebsite.upevents.nl\/#organization"},"alternateName":"citygame.com","potentialAction":[{"@type":"SearchAction","target":{"@type":"EntryPoint","urlTemplate":"https:\/\/testwebsite.upevents.nl\/?s={search_term_string}"},"query-input":{"@type":"PropertyValueSpecification","valueRequired":true,"valueName":"search_term_string"}}],"inLanguage":"vi"},{"@type":["Organization","Place"],"@id":"https:\/\/testwebsite.upevents.nl\/#organization","name":"City Game","alternateName":"citygame.com","url":"https:\/\/testwebsite.upevents.nl\/","logo":{"@id":"https:\/\/testwebsite.citygame.com\/vi\/games\/paris\/secrets-of-paris-louvre\/#local-main-organization-logo"},"image":{"@id":"https:\/\/testwebsite.citygame.com\/vi\/games\/paris\/secrets-of-paris-louvre\/#local-main-organization-logo"},"sameAs":["https:\/\/www.facebook.com\/profile.php?id=100086426226253","https:\/\/www.instagram.com\/citygame_com","https:\/\/www.tiktok.com\/@citygamecom\/","https:\/\/www.linkedin.com\/company\/citygame-com"],"description":"Turn any city into a playground with our interactive City Games and self-guided tours. Fun, flexible, and ideal for groups and team building.","telephone":[],"openingHoursSpecification":[{"@type":"OpeningHoursSpecification","dayOfWeek":["Monday","Tuesday","Wednesday","Thursday","Friday","Saturday","Sunday"],"opens":"09:00","closes":"17:00"}]},{"@type":"ImageObject","inLanguage":"vi","@id":"https:\/\/testwebsite.citygame.com\/vi\/games\/paris\/secrets-of-paris-louvre\/#local-main-organization-logo","url":"https:\/\/testwebsite.citygame.com\/wp-content\/blogs.dir\/1\/files\/sites\/62\/2025\/10\/CG_LOGO-City-Game.png","contentUrl":"https:\/\/testwebsite.citygame.com\/wp-content\/blogs.dir\/1\/files\/sites\/62\/2025\/10\/CG_LOGO-City-Game.png","width":351,"height":377,"caption":"City Game"}]}},"taxonomy_info":{"game-concept":[{"value":733,"label":"Secrets"}],"location":[{"value":317,"label":"Paris"}],"product_cat":[{"value":27,"label":"Geen categorie"}]},"featured_image_src_large":["https:\/\/testwebsite.citygame.com\/wp-content\/blogs.dir\/1\/files\/sites\/62\/2026\/01\/woman-using-phone-app-at-musee-national-de-la-marine-paris.jpg",1024,1024,false],"author_info":[],"comment_info":"","_links":{"self":[{"href":"https:\/\/testwebsite.citygame.com\/vi\/wp-json\/wp\/v2\/product\/65030","targetHints":{"allow":["GET"]}}],"collection":[{"href":"https:\/\/testwebsite.citygame.com\/vi\/wp-json\/wp\/v2\/product"}],"about":[{"href":"https:\/\/testwebsite.citygame.com\/vi\/wp-json\/wp\/v2\/types\/product"}],"acf:post":[{"embeddable":true,"href":"https:\/\/testwebsite.citygame.com\/vi\/wp-json\/wp\/v2\/pages\/7295"}],"wp:featuredmedia":[{"embeddable":true,"href":"https:\/\/testwebsite.citygame.com\/vi\/wp-json\/wp\/v2\/media\/4003"}],"wp:attachment":[{"href":"https:\/\/testwebsite.citygame.com\/vi\/wp-json\/wp\/v2\/media?parent=65030"}],"wp:term":[{"taxonomy":"game-concept","embeddable":true,"href":"https:\/\/testwebsite.citygame.com\/vi\/wp-json\/wp\/v2\/game-concept?post=65030"},{"taxonomy":"location","embeddable":true,"href":"https:\/\/testwebsite.citygame.com\/vi\/wp-json\/wp\/v2\/location?post=65030"},{"taxonomy":"product_brand","embeddable":true,"href":"https:\/\/testwebsite.citygame.com\/vi\/wp-json\/wp\/v2\/product_brand?post=65030"},{"taxonomy":"product_cat","embeddable":true,"href":"https:\/\/testwebsite.citygame.com\/vi\/wp-json\/wp\/v2\/product_cat?post=65030"},{"taxonomy":"product_tag","embeddable":true,"href":"https:\/\/testwebsite.citygame.com\/vi\/wp-json\/wp\/v2\/product_tag?post=65030"}],"curies":[{"name":"wp","href":"https:\/\/api.w.org\/{rel}","templated":true}]}}