{"id":64890,"date":"2026-02-26T13:34:59","date_gmt":"2026-02-26T13:34:59","guid":{"rendered":"https:\/\/testwebsite.citygame.com\/games\/unknown-location\/secrets-of-ferizaj\/"},"modified":"2026-04-08T14:53:25","modified_gmt":"2026-04-08T14:53:25","slug":"secrets-of-ferizaj","status":"publish","type":"product","link":"https:\/\/testwebsite.citygame.com\/vi\/games\/ferizaj\/secrets-of-ferizaj\/","title":{"rendered":"Secrets of Ferizaj"},"content":{"rendered":"<p>Kh\u00e1m ph\u00e1 v\u1ebb quy\u1ebfn r\u0169 c\u1ee7a Ferizaj v\u1edbi tr\u00f2 ch\u01a1i th\u00e0nh ph\u1ed1 &#8220;Secrets of Ferizaj&#8221;. Tr\u00f2 ch\u01a1i th\u00e0nh ph\u1ed1 t\u1ef1 h\u01b0\u1edbng d\u1eabn, d\u1ef1a tr\u00ean GPS n\u00e0y di\u1ec5n ra t\u1ea1i trung t\u00e2m th\u00e0nh ph\u1ed1 Ferizaj v\u00e0 m\u1eddi b\u1ea1n tham gia v\u00e0o m\u1ed9t cu\u1ed9c phi\u00eau l\u01b0u kh\u00e1m ph\u00e1 \u0111\u1ea7y l\u00f4i cu\u1ed1n. S\u1eed d\u1ee5ng \u0111i\u1ec7n tho\u1ea1i th\u00f4ng minh c\u1ee7a b\u1ea1n, h\u00e3y b\u1eaft \u0111\u1ea7u m\u1ed9t h\u00e0nh tr\u00ecnh \u0111\u1ed9c \u0111\u00e1o, gi\u1ea3i m\u00e3 c\u00e1c c\u00e2u \u0111\u1ed1, v\u00e9n m\u00e0n b\u00ed \u1ea9n v\u00e0 tham gia c\u00e1c th\u1eed th\u00e1ch ch\u1ee5p \u1ea3nh qua c\u00e1c con ph\u1ed1 c\u1ee7a th\u00e0nh ph\u1ed1. Kh\u00e1m ph\u00e1 theo t\u1ed1c \u0111\u1ed9 c\u1ee7a ri\u00eang b\u1ea1n trong khi t\u00ecm hi\u1ec3u v\u1ec1 l\u1ecbch s\u1eed phong ph\u00fa, nh\u1eefng kh\u00e1m ph\u00e1 v\u0103n h\u00f3a v\u00e0 nh\u1eefng chi ti\u1ebft t\u1eebng b\u1ecb b\u1ecf qua c\u1ee7a Ferizaj. Tr\u00f2 ch\u01a1i kh\u00e1m ph\u00e1 n\u00e0y kh\u00f4ng ch\u1ec9 l\u00fd t\u01b0\u1edfng cho du kh\u00e1ch mu\u1ed1n tr\u1ea3i nghi\u1ec7m Ferizaj d\u01b0\u1edbi m\u1ed9t g\u00f3c nh\u00ecn m\u1edbi, m\u00e0 c\u00f2n d\u00e0nh cho ng\u01b0\u1eddi d\u00e2n \u0111\u1ecba ph\u01b0\u01a1ng mu\u1ed1n kh\u00e1m ph\u00e1 l\u1ea1i th\u00e0nh ph\u1ed1 y\u00eau d\u1ea5u c\u1ee7a m\u00ecnh. Tr\u00f2 ch\u01a1i h\u1ea5p d\u1eabn nh\u1eefng ng\u01b0\u1eddi tham gia \u0111\u01a1n l\u1ebb, c\u00e1c c\u1eb7p \u0111\u00f4i, gia \u0111\u00ecnh v\u00e0 th\u1eadm ch\u00ed c\u1ea3 nh\u00f3m b\u1ea1n b\u00e8, mang \u0111\u1ebfn m\u1ed9t ho\u1ea1t \u0111\u1ed9ng th\u00fa v\u1ecb cho t\u1ea5t c\u1ea3 m\u1ecdi ng\u01b0\u1eddi.<\/p>\n","protected":false},"excerpt":{"rendered":"<p>Kh\u00e1m ph\u00e1 Ferizaj\u2019s Living Canvas! B\u01b0\u1edbc v\u00e0o m\u1ed9t th\u00e0nh ph\u1ed1 n\u01a1i nh\u1eefng b\u1ee9c tranh t\u01b0\u1eddng t\u00e1o b\u1ea1o, l\u1ecbch s\u1eed nhi\u1ec1u l\u1edbp v\u00e0 cu\u1ed9c s\u1ed1ng \u0111\u01b0\u1eddng ph\u1ed1 s\u00f4i \u0111\u1ed9ng giao thoa, sau \u0111\u00f3 h\u1ee3p t\u00e1c v\u1edbi Mira Veseli \u0111\u1ec3 kh\u00e1m ph\u00e1 manh m\u1ed1i, l\u1ea7n theo h\u00e0nh tr\u00ecnh ngh\u1ec7 thu\u1eadt c\u1ee7a c\u00f4 \u1ea5y v\u00e0 tr\u1ea3 l\u1ea1i b\u1ee9c tranh t\u01b0\u1eddng b\u1ecb m\u1ea5t c\u1ee7a c\u00f4 \u1ea5y v\u1ec1 b\u1ee9c t\u01b0\u1eddng \u0111\u00e3 ban cho c\u00f4 \u1ea5y s\u1ef1 s\u1ed1ng!<\/p>\n","protected":false},"featured_media":16075,"template":"","meta":{"_acf_changed":false,"_yoast_wpseo_focuskw":"Secrets of Ferizaj","_yoast_wpseo_metadesc":"Secrets of Ferizaj. Ch\u01a1i Tr\u00f2 ch\u01a1i Th\u00e0nh ph\u1ed1 t\u1ef1 h\u01b0\u1edbng d\u1eabn v\u00e0 kh\u00e1m ph\u00e1 th\u00e0nh ph\u1ed1 qua c\u00e1c c\u00e2u \u0111\u1ed1, b\u00ed \u1ea9n v\u00e0 th\u1eed th\u00e1ch. Ch\u01a1i theo t\u1ed1c \u0111\u1ed9 c\u1ee7a ri\u00eang b\u1ea1n v\u00e0 kh\u00e1m ph\u00e1 nh\u01b0 m\u1ed9t ng\u01b0\u1eddi d\u00e2n \u0111\u1ecba ph\u01b0\u01a1ng!","_kad_blocks_custom_css":"","_kad_blocks_head_custom_js":"","_kad_blocks_body_custom_js":"","_kad_blocks_footer_custom_js":"","ghostkit_customizer_options":"","ghostkit_custom_css":"","ghostkit_custom_js_head":"","ghostkit_custom_js_foot":"","ghostkit_typography":"","_kad_post_transparent":"default","_kad_post_title":"","_kad_post_layout":"default","_kad_post_sidebar_id":"","_kad_post_content_style":"default","_kad_post_vertical_padding":"default","_kad_post_feature":"","_kad_post_feature_position":"","_kad_post_header":false,"_kad_post_footer":false,"_kad_post_classname":"","_links_to":"","_links_to_target":""},"game-concept":[733],"location":[611],"product_brand":[],"product_cat":[27],"product_tag":[],"class_list":{"0":"post-64890","1":"product","2":"type-product","3":"status-publish","4":"has-post-thumbnail","6":"game-concept-secrets","7":"location-ferizaj","8":"product_cat-geen-categorie","10":"first","11":"instock","12":"shipping-taxable","13":"purchasable","14":"product-type-simple","15":"entry","16":"content-bg","17":"loop-entry"},"acf":{"full_bokun_product_name":"Self-Guided Secrets of Ferizaj Exploration Game","location_name":"Ferizaj","bokun_calendar_widget_code":"<script type=\"text\/javascript\" src=\"https:\/\/widgets.bokun.io\/assets\/javascripts\/apps\/build\/BokunWidgetsLoader.js?bookingChannelUUID=a1e93e96-5232-4734-a595-28405f4b5a31\" async><\/script>\n     \n    <div class=\"bokunWidget\" data-src=\"https:\/\/widgets.bokun.io\/online-sales\/a1e93e96-5232-4734-a595-28405f4b5a31\/experience-calendar\/1121404\"><\/div>\n    <noscript>Please enable javascript in your browser to book<\/noscript>","bokun_button_widget_code":"<script type=\"text\/javascript\" src=\"https:\/\/widgets.bokun.io\/assets\/javascripts\/apps\/build\/BokunWidgetsLoader.js?bookingChannelUUID=a1e93e96-5232-4734-a595-28405f4b5a31\" async><\/script>\n      <style> #bokun_ed001e45_5927_4f62_b470_ca766338d083 { display: inline-block; padding: .4em 1em; background: #47b82e; border-radius: 999999px; box-shadow: none; font-weight: 600; font-size: 24px; text-decoration: none; text-align: center; color: #FFFFFF; border:none; cursor: pointer; transition: background .2s ease; } #bokun_ed001e45_5927_4f62_b470_ca766338d083:hover{ background: #2f7b1f; } #bokun_ed001e45_5927_4f62_b470_ca766338d083:active{ background: #378f24; } <\/style> <button class=\"bokunButton\" disabled id=bokun_ed001e45_5927_4f62_b470_ca766338d083 data-src=\"https:\/\/widgets.bokun.io\/online-sales\/a1e93e96-5232-4734-a595-28405f4b5a31\/experience-calendar\/1121404?partialView=1\" data-testid=\"widget-book-button\" > Book now <\/button> ","what_you\u2019ll_experience_during_the_game":"Kh\u00e1m ph\u00e1 Ferizaj ch\u01b0a t\u1eebng c\u00f3 v\u1edbi Tr\u00f2 ch\u01a1i Th\u00e0nh ph\u1ed1 nh\u1eadp vai c\u1ee7a ch\u00fang t\u00f4i, k\u1ebft h\u1ee3p tham quan v\u1edbi k\u1ec3 chuy\u1ec7n h\u1ea5p d\u1eabn v\u00e0 c\u00e1c th\u1eed th\u00e1ch t\u01b0\u01a1ng t\u00e1c. B\u1ea1n s\u1ebd \u0111\u01b0\u1ee3c h\u01b0\u1edbng d\u1eabn qua nh\u1eefng g\u00f3c n\u1ed5i ti\u1ebfng v\u00e0 c\u1ea3 nh\u1eefng g\u00f3c khu\u1ea5t c\u1ee7a \u0111\u1ecba \u0111i\u1ec3m th\u00fa v\u1ecb n\u00e0y, m\u1ed7i n\u01a1i \u0111\u1ec1u c\u00f3 c\u00e2u chuy\u1ec7n ri\u00eang \u0111\u1ec3 k\u1ec3. H\u00e3y h\u00ecnh dung s\u1ef1 t\u01b0\u01a1ng ph\u1ea3n gi\u1eefa khung c\u1ea3nh ngh\u1ec7 thu\u1eadt \u0111\u01b0\u1eddng ph\u1ed1 s\u00f4i \u0111\u1ed9ng t\u1ea1i B\u1ee9c tranh t\u01b0\u1eddng Gazmend Misini v\u00e0 \u00fd ngh\u0129a v\u0103n h\u00f3a trang nghi\u00eam c\u1ee7a Nh\u00e0 th\u1edd Ch\u00ednh th\u1ed1ng St. Uro\u0161 (Kisha e Shn Uroshit) ki\u00ean c\u1ed1 \u0111\u1ee9ng c\u1ea1nh \u0110\u1ea1i gi\u00e1o \u0111\u01b0\u1eddng Ferizaj (Xhamia e Madhe), th\u1ec3 hi\u1ec7n s\u1ef1 h\u00f2a h\u1ee3p t\u00f4n gi\u00e1o c\u1ee7a Ferizaj. D\u1ea1o qua C\u00f4ng vi\u00ean Th\u00e0nh ph\u1ed1 Ferizaj (Parku i Qytetit), m\u1ed9t \u1ed1c \u0111\u1ea3o xanh gi\u1eefa l\u00f2ng \u0111\u00f4 th\u1ecb, v\u00e0 k\u1ebft th\u00fac m\u1ed9t c\u00e1ch \u1ea5n t\u01b0\u1ee3ng, gi\u1eefa s\u1ef1 nh\u1ed9n nh\u1ecbp c\u1ee7a The Village - Shopping &amp; Fun, khu mua s\u1eafm hi\u1ec7n \u0111\u1ea1i l\u1edbn nh\u1ea5t th\u00e0nh ph\u1ed1.\n\r\n\r\nV\u1edbi Tr\u00f2 ch\u01a1i Th\u00e0nh ph\u1ed1, h\u00e3y tr\u1edf th\u00e0nh nh\u00e2n v\u1eadt ch\u00ednh trong cu\u1ed9c phi\u00eau l\u01b0u Ferizaj c\u1ee7a ri\u00eang b\u1ea1n - gi\u1ea3i c\u00e1c c\u00e2u \u0111\u1ed1 ph\u1ee9c t\u1ea1p, nh\u1eefng c\u00e2u \u0111\u1ed1 th\u00f4ng minh v\u00e0 ph\u1ea3n h\u1ed3i c\u00e1c th\u1eed th\u00e1ch ch\u1ee5p \u1ea3nh s\u00e1ng t\u1ea1o \u0111\u1ec3 kh\u00e1m ph\u00e1 b\u00ed m\u1eadt c\u1ee7a th\u00e0nh ph\u1ed1 v\u00e0 ki\u1ebfm \u0111i\u1ec3m. Nh\u1eefng \u0111i\u1ec3m n\u00e0y s\u1ebd m\u1edf kh\u00f3a g\u1ee3i \u00fd v\u00e0 d\u1eabn b\u1ea1n \u0111\u1ebfn g\u1ea7n h\u01a1n vi\u1ec7c l\u00e0m s\u00e1ng t\u1ecf b\u00ed \u1ea9n cu\u1ed1i c\u00f9ng c\u1ee7a h\u00e0nh tr\u00ecnh. B\u1ea1n s\u1ebd c\u00f3 s\u1ef1 linh ho\u1ea1t \u0111\u1ec3 t\u1ea1m d\u1eebng tr\u00f2 ch\u01a1i b\u1ea5t c\u1ee9 l\u00fac n\u00e0o v\u00e0 ti\u1ebfp t\u1ee5c ngay khi b\u1ea1n c\u1ea3m th\u1ea5y s\u1eb5n s\u00e0ng, bi\u1ebfn n\u00f3 th\u00e0nh m\u1ed9t tr\u1ea3i nghi\u1ec7m th\u1ef1c s\u1ef1 c\u00e1 nh\u00e2n h\u00f3a. V\u00e0 n\u1ebfu b\u1ea1n c\u00f3 m\u00e1u c\u1ea1nh tranh, h\u00e3y nh\u1eafm \u0111\u1ebfn v\u1ecb tr\u00ed h\u00e0ng \u0111\u1ea7u tr\u00ean b\u1ea3ng x\u1ebfp h\u1ea1ng v\u00e0 ch\u1ee9ng t\u1ecf kh\u1ea3 n\u0103ng c\u1ee7a m\u00ecnh trong tr\u00f2 ch\u01a1i kh\u00e1m ph\u00e1 n\u00e0y. Kh\u00f4ng ch\u1ec9 c\u00f3 m\u1ed9t th\u00e0nh ph\u1ed1 \u0111\u1ec3 kh\u00e1m ph\u00e1, m\u00e0 c\u00f2n c\u00f3 m\u1ed9t tr\u00f2 ch\u01a1i \u0111\u1ec3 chi\u1ebfn th\u1eafng!","how_to_play":"Sau khi ho\u00e0n t\u1ea5t \u0111\u1eb7t ch\u1ed7, b\u1ea1n s\u1ebd nh\u1eadn \u0111\u01b0\u1ee3c m\u1ed9t email ch\u1ee9a li\u00ean k\u1ebft ch\u01a1i c\u00e1 nh\u00e2n c\u1ee7a m\u00ecnh. H\u00e3y \u0111\u1ebfn \u0111i\u1ec3m b\u1eaft \u0111\u1ea7u, b\u1ee9c tranh t\u01b0\u1eddng P\u00ebrmbarues Privat Gazmend Misini, m\u1edf li\u00ean k\u1ebft v\u00e0 b\u1ea1n c\u00f3 th\u1ec3 b\u1eaft \u0111\u1ea7u ngay l\u1eadp t\u1ee9c. B\u1ea1n c\u00f3 th\u1ec3 t\u1ef1 do t\u1ea1m d\u1eebng tr\u00f2 ch\u01a1i b\u1ea5t c\u1ee9 l\u00fac n\u00e0o v\u00e0 ti\u1ebfp t\u1ee5c ngay t\u1ea1i n\u01a1i b\u1ea1n \u0111\u00e3 d\u1eebng l\u1ea1i. T\u1eadn h\u01b0\u1edfng th\u00e0nh ph\u1ed1, theo d\u00f5i c\u00e1c manh m\u1ed1i v\u00e0 \u0111\u1ec3 m\u00e0u s\u1eafc c\u1ee7a Ferizaj d\u1eabn l\u1ed1i cho cu\u1ed9c phi\u00eau l\u01b0u c\u1ee7a b\u1ea1n.","start_location":"Ferizaj, P\u00ebrmbarues Privat Gazmend Misini Mural","available_languages":"","players_per_group":"1-4","duration":"1.5-2 hours","image_overlay_color_image":"https:\/\/testwebsite.citygame.com\/wp-content\/blogs.dir\/1\/files\/sites\/62\/2026\/01\/SecretsColor.svg","image_overlay_game_logo":"https:\/\/testwebsite.citygame.com\/wp-content\/blogs.dir\/1\/files\/sites\/62\/2026\/01\/SecretsLogo.png","city_page":15752,"woocommerce_general_content":null},"yoast_head":"<!-- This site is optimized with the Yoast SEO Premium plugin v26.2 (Yoast SEO v26.3) - https:\/\/yoast.com\/wordpress\/plugins\/seo\/ -->\n<title>Secrets of Ferizaj - City Game<\/title>\n<meta name=\"description\" content=\"Secrets of Ferizaj. Ch\u01a1i Tr\u00f2 ch\u01a1i Th\u00e0nh ph\u1ed1 t\u1ef1 h\u01b0\u1edbng d\u1eabn v\u00e0 kh\u00e1m ph\u00e1 th\u00e0nh ph\u1ed1 qua c\u00e1c c\u00e2u \u0111\u1ed1, b\u00ed \u1ea9n v\u00e0 th\u1eed th\u00e1ch. Ch\u01a1i theo t\u1ed1c \u0111\u1ed9 c\u1ee7a ri\u00eang b\u1ea1n v\u00e0 kh\u00e1m ph\u00e1 nh\u01b0 m\u1ed9t ng\u01b0\u1eddi d\u00e2n \u0111\u1ecba ph\u01b0\u01a1ng!\" \/>\n<meta name=\"robots\" content=\"noindex, follow, max-snippet:-1, max-image-preview:large, max-video-preview:-1\" \/>\n<meta property=\"og:locale\" content=\"vi_VN\" \/>\n<meta property=\"og:type\" content=\"article\" \/>\n<meta property=\"og:title\" content=\"Secrets of Ferizaj\" \/>\n<meta property=\"og:description\" content=\"Secrets of Ferizaj. Ch\u01a1i Tr\u00f2 ch\u01a1i Th\u00e0nh ph\u1ed1 t\u1ef1 h\u01b0\u1edbng d\u1eabn v\u00e0 kh\u00e1m ph\u00e1 th\u00e0nh ph\u1ed1 qua c\u00e1c c\u00e2u \u0111\u1ed1, b\u00ed \u1ea9n v\u00e0 th\u1eed th\u00e1ch. Ch\u01a1i theo t\u1ed1c \u0111\u1ed9 c\u1ee7a ri\u00eang b\u1ea1n v\u00e0 kh\u00e1m ph\u00e1 nh\u01b0 m\u1ed9t ng\u01b0\u1eddi d\u00e2n \u0111\u1ecba ph\u01b0\u01a1ng!\" \/>\n<meta property=\"og:url\" content=\"https:\/\/testwebsite.citygame.com\/vi\/games\/ferizaj\/secrets-of-ferizaj\/\" \/>\n<meta property=\"og:site_name\" content=\"City Game\" \/>\n<meta property=\"article:publisher\" content=\"https:\/\/www.facebook.com\/profile.php?id=100086426226253\" \/>\n<meta property=\"article:modified_time\" content=\"2026-04-08T14:53:25+00:00\" \/>\n<meta property=\"og:image\" content=\"https:\/\/testwebsite.citygame.com\/wp-content\/blogs.dir\/1\/files\/sites\/62\/2026\/02\/ferizaj-players-discussing-clue-in-front-of-mural.jpg\" \/>\n\t<meta property=\"og:image:width\" content=\"1024\" \/>\n\t<meta property=\"og:image:height\" content=\"1024\" \/>\n\t<meta property=\"og:image:type\" content=\"image\/jpeg\" \/>\n<meta name=\"twitter:card\" content=\"summary_large_image\" \/>\n<meta name=\"twitter:label1\" content=\"\u01af\u1edbc t\u00ednh th\u1eddi gian \u0111\u1ecdc\" \/>\n\t<meta name=\"twitter:data1\" content=\"1 ph\u00fat\" \/>\n<script type=\"application\/ld+json\" class=\"yoast-schema-graph\">{\"@context\":\"https:\/\/schema.org\",\"@graph\":[{\"@type\":\"WebPage\",\"@id\":\"https:\/\/testwebsite.citygame.com\/vi\/games\/ferizaj\/secrets-of-ferizaj\/\",\"url\":\"https:\/\/testwebsite.citygame.com\/vi\/games\/ferizaj\/secrets-of-ferizaj\/\",\"name\":\"Secrets of Ferizaj - City Game\",\"isPartOf\":{\"@id\":\"https:\/\/testwebsite.upevents.nl\/#website\"},\"primaryImageOfPage\":{\"@id\":\"https:\/\/testwebsite.citygame.com\/vi\/games\/ferizaj\/secrets-of-ferizaj\/#primaryimage\"},\"image\":{\"@id\":\"https:\/\/testwebsite.citygame.com\/vi\/games\/ferizaj\/secrets-of-ferizaj\/#primaryimage\"},\"thumbnailUrl\":\"https:\/\/testwebsite.citygame.com\/wp-content\/blogs.dir\/1\/files\/sites\/62\/2026\/02\/ferizaj-players-discussing-clue-in-front-of-mural.jpg\",\"datePublished\":\"2026-02-26T13:34:59+00:00\",\"dateModified\":\"2026-04-08T14:53:25+00:00\",\"description\":\"Secrets of Ferizaj. Ch\u01a1i Tr\u00f2 ch\u01a1i Th\u00e0nh ph\u1ed1 t\u1ef1 h\u01b0\u1edbng d\u1eabn v\u00e0 kh\u00e1m ph\u00e1 th\u00e0nh ph\u1ed1 qua c\u00e1c c\u00e2u \u0111\u1ed1, b\u00ed \u1ea9n v\u00e0 th\u1eed th\u00e1ch. Ch\u01a1i theo t\u1ed1c \u0111\u1ed9 c\u1ee7a ri\u00eang b\u1ea1n v\u00e0 kh\u00e1m ph\u00e1 nh\u01b0 m\u1ed9t ng\u01b0\u1eddi d\u00e2n \u0111\u1ecba ph\u01b0\u01a1ng!\",\"breadcrumb\":{\"@id\":\"https:\/\/testwebsite.citygame.com\/vi\/games\/ferizaj\/secrets-of-ferizaj\/#breadcrumb\"},\"inLanguage\":\"vi\",\"potentialAction\":[{\"@type\":\"ReadAction\",\"target\":[\"https:\/\/testwebsite.citygame.com\/vi\/games\/ferizaj\/secrets-of-ferizaj\/\"]}]},{\"@type\":\"ImageObject\",\"inLanguage\":\"vi\",\"@id\":\"https:\/\/testwebsite.citygame.com\/vi\/games\/ferizaj\/secrets-of-ferizaj\/#primaryimage\",\"url\":\"https:\/\/testwebsite.citygame.com\/wp-content\/blogs.dir\/1\/files\/sites\/62\/2026\/02\/ferizaj-players-discussing-clue-in-front-of-mural.jpg\",\"contentUrl\":\"https:\/\/testwebsite.citygame.com\/wp-content\/blogs.dir\/1\/files\/sites\/62\/2026\/02\/ferizaj-players-discussing-clue-in-front-of-mural.jpg\",\"width\":1024,\"height\":1024,\"caption\":\"Four friends collaborate on a city exploration game in Ferizaj, using a smartphone for clues.\"},{\"@type\":\"BreadcrumbList\",\"@id\":\"https:\/\/testwebsite.citygame.com\/vi\/games\/ferizaj\/secrets-of-ferizaj\/#breadcrumb\",\"itemListElement\":[{\"@type\":\"ListItem\",\"position\":1,\"name\":\"Home\",\"item\":\"https:\/\/testwebsite.citygame.com\/vi\/\"},{\"@type\":\"ListItem\",\"position\":2,\"name\":\"Shop\",\"item\":\"https:\/\/testwebsite.citygame.com\/shop\/\"},{\"@type\":\"ListItem\",\"position\":3,\"name\":\"Secrets of Ferizaj\"}]},{\"@type\":\"WebSite\",\"@id\":\"https:\/\/testwebsite.upevents.nl\/#website\",\"url\":\"https:\/\/testwebsite.upevents.nl\/\",\"name\":\"City Game\",\"description\":\"\",\"publisher\":{\"@id\":\"https:\/\/testwebsite.upevents.nl\/#organization\"},\"alternateName\":\"citygame.com\",\"potentialAction\":[{\"@type\":\"SearchAction\",\"target\":{\"@type\":\"EntryPoint\",\"urlTemplate\":\"https:\/\/testwebsite.upevents.nl\/?s={search_term_string}\"},\"query-input\":{\"@type\":\"PropertyValueSpecification\",\"valueRequired\":true,\"valueName\":\"search_term_string\"}}],\"inLanguage\":\"vi\"},{\"@type\":[\"Organization\",\"Place\"],\"@id\":\"https:\/\/testwebsite.upevents.nl\/#organization\",\"name\":\"City Game\",\"alternateName\":\"citygame.com\",\"url\":\"https:\/\/testwebsite.upevents.nl\/\",\"logo\":{\"@id\":\"https:\/\/testwebsite.citygame.com\/vi\/games\/ferizaj\/secrets-of-ferizaj\/#local-main-organization-logo\"},\"image\":{\"@id\":\"https:\/\/testwebsite.citygame.com\/vi\/games\/ferizaj\/secrets-of-ferizaj\/#local-main-organization-logo\"},\"sameAs\":[\"https:\/\/www.facebook.com\/profile.php?id=100086426226253\",\"https:\/\/www.instagram.com\/citygame_com\",\"https:\/\/www.tiktok.com\/@citygamecom\/\",\"https:\/\/www.linkedin.com\/company\/citygame-com\"],\"description\":\"Turn any city into a playground with our interactive City Games and self-guided tours. Fun, flexible, and ideal for groups and team building.\",\"telephone\":[],\"openingHoursSpecification\":[{\"@type\":\"OpeningHoursSpecification\",\"dayOfWeek\":[\"Monday\",\"Tuesday\",\"Wednesday\",\"Thursday\",\"Friday\",\"Saturday\",\"Sunday\"],\"opens\":\"09:00\",\"closes\":\"17:00\"}]},{\"@type\":\"ImageObject\",\"inLanguage\":\"vi\",\"@id\":\"https:\/\/testwebsite.citygame.com\/vi\/games\/ferizaj\/secrets-of-ferizaj\/#local-main-organization-logo\",\"url\":\"https:\/\/testwebsite.citygame.com\/wp-content\/blogs.dir\/1\/files\/sites\/62\/2025\/10\/CG_LOGO-City-Game.png\",\"contentUrl\":\"https:\/\/testwebsite.citygame.com\/wp-content\/blogs.dir\/1\/files\/sites\/62\/2025\/10\/CG_LOGO-City-Game.png\",\"width\":351,\"height\":377,\"caption\":\"City Game\"}]}<\/script>\n<!-- \/ Yoast SEO Premium plugin. -->","yoast_head_json":{"title":"Secrets of Ferizaj - City Game","description":"Secrets of Ferizaj. Ch\u01a1i Tr\u00f2 ch\u01a1i Th\u00e0nh ph\u1ed1 t\u1ef1 h\u01b0\u1edbng d\u1eabn v\u00e0 kh\u00e1m ph\u00e1 th\u00e0nh ph\u1ed1 qua c\u00e1c c\u00e2u \u0111\u1ed1, b\u00ed \u1ea9n v\u00e0 th\u1eed th\u00e1ch. Ch\u01a1i theo t\u1ed1c \u0111\u1ed9 c\u1ee7a ri\u00eang b\u1ea1n v\u00e0 kh\u00e1m ph\u00e1 nh\u01b0 m\u1ed9t ng\u01b0\u1eddi d\u00e2n \u0111\u1ecba ph\u01b0\u01a1ng!","robots":{"index":"noindex","follow":"follow","max-snippet":"max-snippet:-1","max-image-preview":"max-image-preview:large","max-video-preview":"max-video-preview:-1"},"og_locale":"vi_VN","og_type":"article","og_title":"Secrets of Ferizaj","og_description":"Secrets of Ferizaj. Ch\u01a1i Tr\u00f2 ch\u01a1i Th\u00e0nh ph\u1ed1 t\u1ef1 h\u01b0\u1edbng d\u1eabn v\u00e0 kh\u00e1m ph\u00e1 th\u00e0nh ph\u1ed1 qua c\u00e1c c\u00e2u \u0111\u1ed1, b\u00ed \u1ea9n v\u00e0 th\u1eed th\u00e1ch. Ch\u01a1i theo t\u1ed1c \u0111\u1ed9 c\u1ee7a ri\u00eang b\u1ea1n v\u00e0 kh\u00e1m ph\u00e1 nh\u01b0 m\u1ed9t ng\u01b0\u1eddi d\u00e2n \u0111\u1ecba ph\u01b0\u01a1ng!","og_url":"https:\/\/testwebsite.citygame.com\/vi\/games\/ferizaj\/secrets-of-ferizaj\/","og_site_name":"City Game","article_publisher":"https:\/\/www.facebook.com\/profile.php?id=100086426226253","article_modified_time":"2026-04-08T14:53:25+00:00","og_image":[{"width":1024,"height":1024,"url":"https:\/\/testwebsite.citygame.com\/wp-content\/blogs.dir\/1\/files\/sites\/62\/2026\/02\/ferizaj-players-discussing-clue-in-front-of-mural.jpg","type":"image\/jpeg"}],"twitter_card":"summary_large_image","twitter_misc":{"\u01af\u1edbc t\u00ednh th\u1eddi gian \u0111\u1ecdc":"1 ph\u00fat"},"schema":{"@context":"https:\/\/schema.org","@graph":[{"@type":"WebPage","@id":"https:\/\/testwebsite.citygame.com\/vi\/games\/ferizaj\/secrets-of-ferizaj\/","url":"https:\/\/testwebsite.citygame.com\/vi\/games\/ferizaj\/secrets-of-ferizaj\/","name":"Secrets of Ferizaj - City Game","isPartOf":{"@id":"https:\/\/testwebsite.upevents.nl\/#website"},"primaryImageOfPage":{"@id":"https:\/\/testwebsite.citygame.com\/vi\/games\/ferizaj\/secrets-of-ferizaj\/#primaryimage"},"image":{"@id":"https:\/\/testwebsite.citygame.com\/vi\/games\/ferizaj\/secrets-of-ferizaj\/#primaryimage"},"thumbnailUrl":"https:\/\/testwebsite.citygame.com\/wp-content\/blogs.dir\/1\/files\/sites\/62\/2026\/02\/ferizaj-players-discussing-clue-in-front-of-mural.jpg","datePublished":"2026-02-26T13:34:59+00:00","dateModified":"2026-04-08T14:53:25+00:00","description":"Secrets of Ferizaj. Ch\u01a1i Tr\u00f2 ch\u01a1i Th\u00e0nh ph\u1ed1 t\u1ef1 h\u01b0\u1edbng d\u1eabn v\u00e0 kh\u00e1m ph\u00e1 th\u00e0nh ph\u1ed1 qua c\u00e1c c\u00e2u \u0111\u1ed1, b\u00ed \u1ea9n v\u00e0 th\u1eed th\u00e1ch. Ch\u01a1i theo t\u1ed1c \u0111\u1ed9 c\u1ee7a ri\u00eang b\u1ea1n v\u00e0 kh\u00e1m ph\u00e1 nh\u01b0 m\u1ed9t ng\u01b0\u1eddi d\u00e2n \u0111\u1ecba ph\u01b0\u01a1ng!","breadcrumb":{"@id":"https:\/\/testwebsite.citygame.com\/vi\/games\/ferizaj\/secrets-of-ferizaj\/#breadcrumb"},"inLanguage":"vi","potentialAction":[{"@type":"ReadAction","target":["https:\/\/testwebsite.citygame.com\/vi\/games\/ferizaj\/secrets-of-ferizaj\/"]}]},{"@type":"ImageObject","inLanguage":"vi","@id":"https:\/\/testwebsite.citygame.com\/vi\/games\/ferizaj\/secrets-of-ferizaj\/#primaryimage","url":"https:\/\/testwebsite.citygame.com\/wp-content\/blogs.dir\/1\/files\/sites\/62\/2026\/02\/ferizaj-players-discussing-clue-in-front-of-mural.jpg","contentUrl":"https:\/\/testwebsite.citygame.com\/wp-content\/blogs.dir\/1\/files\/sites\/62\/2026\/02\/ferizaj-players-discussing-clue-in-front-of-mural.jpg","width":1024,"height":1024,"caption":"Four friends collaborate on a city exploration game in Ferizaj, using a smartphone for clues."},{"@type":"BreadcrumbList","@id":"https:\/\/testwebsite.citygame.com\/vi\/games\/ferizaj\/secrets-of-ferizaj\/#breadcrumb","itemListElement":[{"@type":"ListItem","position":1,"name":"Home","item":"https:\/\/testwebsite.citygame.com\/vi\/"},{"@type":"ListItem","position":2,"name":"Shop","item":"https:\/\/testwebsite.citygame.com\/shop\/"},{"@type":"ListItem","position":3,"name":"Secrets of Ferizaj"}]},{"@type":"WebSite","@id":"https:\/\/testwebsite.upevents.nl\/#website","url":"https:\/\/testwebsite.upevents.nl\/","name":"City Game","description":"","publisher":{"@id":"https:\/\/testwebsite.upevents.nl\/#organization"},"alternateName":"citygame.com","potentialAction":[{"@type":"SearchAction","target":{"@type":"EntryPoint","urlTemplate":"https:\/\/testwebsite.upevents.nl\/?s={search_term_string}"},"query-input":{"@type":"PropertyValueSpecification","valueRequired":true,"valueName":"search_term_string"}}],"inLanguage":"vi"},{"@type":["Organization","Place"],"@id":"https:\/\/testwebsite.upevents.nl\/#organization","name":"City Game","alternateName":"citygame.com","url":"https:\/\/testwebsite.upevents.nl\/","logo":{"@id":"https:\/\/testwebsite.citygame.com\/vi\/games\/ferizaj\/secrets-of-ferizaj\/#local-main-organization-logo"},"image":{"@id":"https:\/\/testwebsite.citygame.com\/vi\/games\/ferizaj\/secrets-of-ferizaj\/#local-main-organization-logo"},"sameAs":["https:\/\/www.facebook.com\/profile.php?id=100086426226253","https:\/\/www.instagram.com\/citygame_com","https:\/\/www.tiktok.com\/@citygamecom\/","https:\/\/www.linkedin.com\/company\/citygame-com"],"description":"Turn any city into a playground with our interactive City Games and self-guided tours. Fun, flexible, and ideal for groups and team building.","telephone":[],"openingHoursSpecification":[{"@type":"OpeningHoursSpecification","dayOfWeek":["Monday","Tuesday","Wednesday","Thursday","Friday","Saturday","Sunday"],"opens":"09:00","closes":"17:00"}]},{"@type":"ImageObject","inLanguage":"vi","@id":"https:\/\/testwebsite.citygame.com\/vi\/games\/ferizaj\/secrets-of-ferizaj\/#local-main-organization-logo","url":"https:\/\/testwebsite.citygame.com\/wp-content\/blogs.dir\/1\/files\/sites\/62\/2025\/10\/CG_LOGO-City-Game.png","contentUrl":"https:\/\/testwebsite.citygame.com\/wp-content\/blogs.dir\/1\/files\/sites\/62\/2025\/10\/CG_LOGO-City-Game.png","width":351,"height":377,"caption":"City Game"}]}},"taxonomy_info":{"game-concept":[{"value":733,"label":"Secrets"}],"location":[{"value":611,"label":"Ferizaj"}],"product_cat":[{"value":27,"label":"Geen categorie"}]},"featured_image_src_large":["https:\/\/testwebsite.citygame.com\/wp-content\/blogs.dir\/1\/files\/sites\/62\/2026\/02\/ferizaj-players-discussing-clue-in-front-of-mural.jpg",1024,1024,false],"author_info":[],"comment_info":"","_links":{"self":[{"href":"https:\/\/testwebsite.citygame.com\/vi\/wp-json\/wp\/v2\/product\/64890","targetHints":{"allow":["GET"]}}],"collection":[{"href":"https:\/\/testwebsite.citygame.com\/vi\/wp-json\/wp\/v2\/product"}],"about":[{"href":"https:\/\/testwebsite.citygame.com\/vi\/wp-json\/wp\/v2\/types\/product"}],"acf:post":[{"embeddable":true,"href":"https:\/\/testwebsite.citygame.com\/vi\/wp-json\/wp\/v2\/pages\/15752"}],"wp:featuredmedia":[{"embeddable":true,"href":"https:\/\/testwebsite.citygame.com\/vi\/wp-json\/wp\/v2\/media\/16075"}],"wp:attachment":[{"href":"https:\/\/testwebsite.citygame.com\/vi\/wp-json\/wp\/v2\/media?parent=64890"}],"wp:term":[{"taxonomy":"game-concept","embeddable":true,"href":"https:\/\/testwebsite.citygame.com\/vi\/wp-json\/wp\/v2\/game-concept?post=64890"},{"taxonomy":"location","embeddable":true,"href":"https:\/\/testwebsite.citygame.com\/vi\/wp-json\/wp\/v2\/location?post=64890"},{"taxonomy":"product_brand","embeddable":true,"href":"https:\/\/testwebsite.citygame.com\/vi\/wp-json\/wp\/v2\/product_brand?post=64890"},{"taxonomy":"product_cat","embeddable":true,"href":"https:\/\/testwebsite.citygame.com\/vi\/wp-json\/wp\/v2\/product_cat?post=64890"},{"taxonomy":"product_tag","embeddable":true,"href":"https:\/\/testwebsite.citygame.com\/vi\/wp-json\/wp\/v2\/product_tag?post=64890"}],"curies":[{"name":"wp","href":"https:\/\/api.w.org\/{rel}","templated":true}]}}