{"id":64834,"date":"2026-02-19T16:35:23","date_gmt":"2026-02-19T16:35:23","guid":{"rendered":"https:\/\/testwebsite.citygame.com\/games\/unknown-location\/sherlock-holmes-quezon-city\/"},"modified":"2026-04-08T14:46:25","modified_gmt":"2026-04-08T14:46:25","slug":"sherlock-holmes-quezon-city","status":"publish","type":"product","link":"https:\/\/testwebsite.citygame.com\/vi\/games\/quezon-city\/sherlock-holmes-quezon-city\/","title":{"rendered":"Sherlock Holmes Quezon City"},"content":{"rendered":"<p>B\u1eaft \u0111\u1ea7u m\u1ed9t cu\u1ed9c phi\u00eau l\u01b0u ly k\u1ef3 qua trung t\u00e2m th\u00e0nh ph\u1ed1 Quezon City v\u1edbi Tr\u00f2 ch\u01a1i Sherlock Holmes City Game t\u1ef1 h\u01b0\u1edbng d\u1eabn, \u0111\u1ea7y k\u1ecbch t\u00ednh c\u1ee7a ch\u00fang t\u00f4i. Khi th\u00e0nh ph\u1ed1 \u0111\u00f3ng vai tr\u00f2 l\u00e0 b\u1ed1i c\u1ea3nh c\u1ee7a b\u1ea1n, b\u1ea1n s\u1ebd \u0111\u1eafm m\u00ecnh v\u00e0o m\u1ed9t cu\u1ed9c \u0111i\u1ec1u tra ph\u00e1 \u00e1n xoay quanh m\u1ed9t v\u1ee5 \u00e1n m\u1ea1ng g\u00e2y s\u1ed1c t\u1ea1i L\u1ec5 h\u1ed9i Liberty, theo m\u1ed9t c\u00e2u chuy\u1ec7n h\u1ea5p d\u1eabn d\u1eabn d\u1eaft b\u1ea1n qua c\u1ea3nh quan \u0111\u00f4 th\u1ecb. Kh\u00f4ng ch\u1ec9 l\u00e0 m\u1ed9t tr\u00f2 ch\u01a1i, b\u1ea1n s\u1ebd thu th\u1eadp c\u00e1c manh m\u1ed1i quan tr\u1ecdng, gi\u1ea3i c\u00e1c c\u00e2u \u0111\u1ed1 ph\u1ee9c t\u1ea1p v\u00e0 th\u1ea9m v\u1ea5n c\u00e1c nghi ph\u1ea1m k\u1ef9 thu\u1eadt s\u1ed1, t\u1ea5t c\u1ea3 theo t\u1ed1c \u0111\u1ed9 c\u1ee7a ri\u00eang b\u1ea1n, l\u00e0m s\u00e1ng t\u1ecf nh\u1eefng chi ti\u1ebft m\u1edd \u00e1m c\u1ee7a b\u00ed \u1ea9n n\u00e0y v\u00e0 \u0111\u1eafm m\u00ecnh v\u00e0o th\u1ebf gi\u1edbi quy\u1ebfn r\u0169 c\u1ee7a Sherlock Holmes.<\/p>\n","protected":false},"excerpt":{"rendered":"<p>H\u00f3a th\u00e2n th\u00e0nh Sherlock Holmes huy\u1ec1n tho\u1ea1i trong tr\u00f2 ch\u01a1i b\u00ed \u1ea9n \u00e1n m\u1ea1ng t\u1ef1 h\u01b0\u1edbng d\u1eabn n\u00e0y, l\u1ea5y b\u1ed1i c\u1ea3nh t\u1ea1i Quezon City. C\u00f9ng \u0111\u1ed9i c\u1ee7a b\u1ea1n \u0111\u00e0o s\u00e2u v\u00e0o th\u1ebf gi\u1edbi c\u1ee7a nh\u1eefng manh m\u1ed1i b\u00ed \u1ea9n v\u00e0 c\u00e2u \u0111\u1ed1 th\u00f4ng minh, ch\u1ea1y \u0111ua v\u1edbi th\u1eddi gian \u0111\u1ec3 kh\u00e1m ph\u00e1 s\u1ef1 th\u1eadt r\u00f9ng r\u1ee3n!<\/p>\n","protected":false},"featured_media":15044,"template":"","meta":{"_acf_changed":false,"_yoast_wpseo_focuskw":"Sherlock Holmes Quezon City","_yoast_wpseo_metadesc":"Sherlock Holmes Quezon City. Ch\u01a1i tr\u00f2 ch\u01a1i City Game b\u00ed \u1ea9n \u00e1n m\u1ea1ng t\u1ef1 h\u01b0\u1edbng d\u1eabn, gi\u1ea3i c\u00e1c c\u00e2u \u0111\u1ed1, theo d\u00f5i manh m\u1ed1i v\u00e0 kh\u00e1m ph\u00e1 hung th\u1ee7 theo t\u1ed1c \u0111\u1ed9 c\u1ee7a ri\u00eang b\u1ea1n!","_kad_blocks_custom_css":"","_kad_blocks_head_custom_js":"","_kad_blocks_body_custom_js":"","_kad_blocks_footer_custom_js":"","ghostkit_customizer_options":"","ghostkit_custom_css":"","ghostkit_custom_js_head":"","ghostkit_custom_js_foot":"","ghostkit_typography":"","_kad_post_transparent":"","_kad_post_title":"","_kad_post_layout":"","_kad_post_sidebar_id":"","_kad_post_content_style":"","_kad_post_vertical_padding":"","_kad_post_feature":"","_kad_post_feature_position":"","_kad_post_header":false,"_kad_post_footer":false,"_kad_post_classname":"","_links_to":"","_links_to_target":""},"game-concept":[794],"location":[339],"product_brand":[],"product_cat":[27],"product_tag":[],"class_list":{"0":"post-64834","1":"product","2":"type-product","3":"status-publish","4":"has-post-thumbnail","6":"game-concept-sherlock","7":"location-quezon-city","8":"product_cat-geen-categorie","10":"first","11":"instock","12":"shipping-taxable","13":"purchasable","14":"product-type-simple","15":"entry","16":"content-bg","17":"loop-entry"},"acf":{"full_bokun_product_name":"Quezon Self-Guided Sherlock Holmes Murder Mystery Game","location_name":"Quezon City","bokun_calendar_widget_code":"<script type=\"text\/javascript\" src=\"https:\/\/widgets.bokun.io\/assets\/javascripts\/apps\/build\/BokunWidgetsLoader.js?bookingChannelUUID=a1e93e96-5232-4734-a595-28405f4b5a31\" async><\/script>\n     \n    <div class=\"bokunWidget\" data-src=\"https:\/\/widgets.bokun.io\/online-sales\/a1e93e96-5232-4734-a595-28405f4b5a31\/experience-calendar\/800865\"><\/div>\n    <noscript>Please enable javascript in your browser to book<\/noscript>","bokun_button_widget_code":"<script type=\"text\/javascript\" src=\"https:\/\/widgets.bokun.io\/assets\/javascripts\/apps\/build\/BokunWidgetsLoader.js?bookingChannelUUID=a1e93e96-5232-4734-a595-28405f4b5a31\" async><\/script>\n      <style> #bokun_ed001e45_5927_4f62_b470_ca766338d083 { display: inline-block; padding: .4em 1em; background: #47b82e; border-radius: 999999px; box-shadow: none; font-weight: 600; font-size: 24px; text-decoration: none; text-align: center; color: #FFFFFF; border:none; cursor: pointer; transition: background .2s ease; } #bokun_ed001e45_5927_4f62_b470_ca766338d083:hover{ background: #2f7b1f; } #bokun_ed001e45_5927_4f62_b470_ca766338d083:active{ background: #378f24; } <\/style> <button class=\"bokunButton\" disabled id=bokun_ed001e45_5927_4f62_b470_ca766338d083 data-src=\"https:\/\/widgets.bokun.io\/online-sales\/a1e93e96-5232-4734-a595-28405f4b5a31\/experience-calendar\/800865?partialView=1\" data-testid=\"widget-book-button\" > Book now <\/button> ","what_you\u2019ll_experience_during_the_game":"Khi b\u1ea1n b\u01b0\u1edbc v\u00e0o c\u1ed1t truy\u1ec7n trinh th\u00e1m h\u1ea5p d\u1eabn l\u1ea5y b\u1ed1i c\u1ea3nh t\u1ea1i Quezon City, m\u1ed9t v\u1ee5 \u00e1n t\u1ea1i trung t\u00e2m L\u1ec5 h\u1ed9i Liberty h\u00e9 l\u1ed9, \u0111\u00f2i h\u1ecfi kh\u1ea3 n\u0103ng quan s\u00e1t v\u00e0 suy lu\u1eadn s\u1eafc b\u00e9n c\u1ee7a b\u1ea1n. Tham gia s\u00e2u v\u00e0o tr\u1ea3i nghi\u1ec7m \u0111\u1ea7y k\u1ecbch t\u00ednh, chi ti\u1ebft ph\u1ee9c t\u1ea1p, khi b\u1ea1n kh\u00e1m ph\u00e1 manh m\u1ed1i, gi\u1ea3i c\u00e1c c\u00e2u \u0111\u1ed1 h\u00f3c b\u00faa v\u00e0 \u0111\u1ed1i m\u1eb7t v\u1edbi nh\u1eefng b\u01b0\u1edbc ngo\u1eb7t b\u1ea5t ng\u1edd trong cu\u1ed9c \u0111i\u1ec1u tra.\n\nB\u1ea1n s\u1ebd \u0111\u01b0\u1ee3c \u0111\u1ea9y v\u00e0o th\u1ebf gi\u1edbi k\u1ef9 thu\u1eadt s\u1ed1, n\u01a1i b\u1ea1n th\u1ea9m v\u1ea5n c\u00e1c nghi ph\u1ea1m \u1ea3o, ph\u00e2n t\u00edch b\u1eb1ng ch\u1ee9ng ngo\u1ea1i ph\u1ea1m \u0111\u1ec3 t\u00ecm ra nh\u1eefng \u0111i\u1ec3m kh\u00f4ng nh\u1ea5t qu\u00e1n ho\u1eb7c m\u00e2u thu\u1eabn. S\u1ef1 th\u1eadt \u0111ang ch\u1edd \u0111\u1ee3i b\u1ea1n, \u1ea9n gi\u1ea5u \u1edf nh\u1eefng g\u00f3c khu\u1ea5t b\u1ea5t ng\u1edd nh\u1ea5t c\u1ee7a tr\u00f2 ch\u01a1i. Nhi\u1ec7m v\u1ee5 c\u1ee7a b\u1ea1n \u2013 gi\u1ea3i quy\u1ebft v\u1ee5 \u00e1n m\u1ea1ng t\u00e0n b\u1ea1o m\u00e0 kh\u00f4ng ti\u1ebft l\u1ed9 l\u1eddi gi\u1ea3i. T\u01b0 duy ph\u1ea3n bi\u1ec7n, quan s\u00e1t t\u1ec9 m\u1ec9 v\u00e0 suy lu\u1eadn logic l\u00e0 nh\u1eefng \u0111\u1ed3ng minh t\u1ed1t nh\u1ea5t c\u1ee7a b\u1ea1n. B\u1ea1n t\u1ef1 quy\u1ebft \u0111\u1ecbnh t\u1ed1c \u0111\u1ed9, t\u1ea1m d\u1eebng b\u1ea5t c\u1ee9 khi n\u00e0o c\u1ea7n v\u00e0 ti\u1ebfp t\u1ee5c khi s\u1eb5n s\u00e0ng. M\u1eb7c d\u00f9 b\u1ea1n c\u00f3 th\u1ec3 ch\u1ecdn c\u1ea1nh tranh v\u1edbi c\u00e1c \u0111\u1ed9i kh\u00e1c, nh\u01b0ng s\u1ef1 h\u1ea5p d\u1eabn th\u1ef1c s\u1ef1 n\u1eb1m \u1edf s\u1ef1 ph\u1ee9c t\u1ea1p c\u1ee7a vi\u1ec7c gi\u1ea3i quy\u1ebft v\u1ee5 \u00e1n. B\u1eaft \u0111\u1ea7u cu\u1ed9c h\u00e0nh tr\u00ecnh nh\u1eadp vai n\u00e0y, t\u1ef1 m\u00ecnh v\u1ebd n\u00ean c\u00e2u chuy\u1ec7n c\u1ee7a ri\u00eang b\u1ea1n trong khung c\u1ea3nh th\u00e0nh ph\u1ed1 \u0111\u1eb9p nh\u01b0 tranh v\u1ebd c\u1ee7a Quezon City.","how_to_play":"Ch\u01a1i m\u1ed9t m\u00ecnh ho\u1eb7c v\u1edbi b\u1ea1n b\u00e8, gia \u0111\u00ecnh, ho\u1eb7c \u0111\u1ed3ng nghi\u1ec7p theo nh\u00f3m t\u1ed1i \u0111a b\u1ed1n ng\u01b0\u1eddi tr\u00ean m\u1ed7i thi\u1ebft b\u1ecb. Sau khi \u0111\u1eb7t ch\u1ed7, b\u1ea1n s\u1ebd nh\u1eadn \u0111\u01b0\u1ee3c email h\u01b0\u1edbng d\u1eabn v\u1edbi m\u1ecdi th\u1ee9 b\u1ea1n c\u1ea7n.","start_location":"Quezon City, Quezon City Hall","available_languages":["en","es","fr","de","it","nl"],"players_per_group":"1-4","duration":"1.5-2 hours","image_overlay_color_image":"https:\/\/testwebsite.citygame.com\/wp-content\/blogs.dir\/1\/files\/sites\/62\/2026\/01\/SherlockColor.svg","image_overlay_game_logo":"https:\/\/testwebsite.citygame.com\/wp-content\/blogs.dir\/1\/files\/sites\/62\/2026\/01\/SherlockLogo.png","city_page":13081,"woocommerce_general_content":null},"yoast_head":"<!-- This site is optimized with the Yoast SEO Premium plugin v26.2 (Yoast SEO v26.3) - https:\/\/yoast.com\/wordpress\/plugins\/seo\/ -->\n<title>Sherlock Holmes Quezon City - City Game<\/title>\n<meta name=\"description\" content=\"Sherlock Holmes Quezon City. Ch\u01a1i tr\u00f2 ch\u01a1i City Game b\u00ed \u1ea9n \u00e1n m\u1ea1ng t\u1ef1 h\u01b0\u1edbng d\u1eabn, gi\u1ea3i c\u00e1c c\u00e2u \u0111\u1ed1, theo d\u00f5i manh m\u1ed1i v\u00e0 kh\u00e1m ph\u00e1 hung th\u1ee7 theo t\u1ed1c \u0111\u1ed9 c\u1ee7a ri\u00eang b\u1ea1n!\" \/>\n<meta name=\"robots\" content=\"noindex, follow, max-snippet:-1, max-image-preview:large, max-video-preview:-1\" \/>\n<meta property=\"og:locale\" content=\"vi_VN\" \/>\n<meta property=\"og:type\" content=\"article\" \/>\n<meta property=\"og:title\" content=\"Sherlock Holmes Quezon City\" \/>\n<meta property=\"og:description\" content=\"Sherlock Holmes Quezon City. Ch\u01a1i tr\u00f2 ch\u01a1i City Game b\u00ed \u1ea9n \u00e1n m\u1ea1ng t\u1ef1 h\u01b0\u1edbng d\u1eabn, gi\u1ea3i c\u00e1c c\u00e2u \u0111\u1ed1, theo d\u00f5i manh m\u1ed1i v\u00e0 kh\u00e1m ph\u00e1 hung th\u1ee7 theo t\u1ed1c \u0111\u1ed9 c\u1ee7a ri\u00eang b\u1ea1n!\" \/>\n<meta property=\"og:url\" content=\"https:\/\/testwebsite.citygame.com\/vi\/games\/quezon-city\/sherlock-holmes-quezon-city\/\" \/>\n<meta property=\"og:site_name\" content=\"City Game\" \/>\n<meta property=\"article:publisher\" content=\"https:\/\/www.facebook.com\/profile.php?id=100086426226253\" \/>\n<meta property=\"article:modified_time\" content=\"2026-04-08T14:46:25+00:00\" \/>\n<meta property=\"og:image\" content=\"https:\/\/testwebsite.citygame.com\/wp-content\/blogs.dir\/1\/files\/sites\/62\/2026\/02\/quezon-city-friends-playing-city-game-on-phone.jpg\" \/>\n\t<meta property=\"og:image:width\" content=\"1024\" \/>\n\t<meta property=\"og:image:height\" content=\"1024\" \/>\n\t<meta property=\"og:image:type\" content=\"image\/jpeg\" \/>\n<meta name=\"twitter:card\" content=\"summary_large_image\" \/>\n<meta name=\"twitter:label1\" content=\"\u01af\u1edbc t\u00ednh th\u1eddi gian \u0111\u1ecdc\" \/>\n\t<meta name=\"twitter:data1\" content=\"1 ph\u00fat\" \/>\n<script type=\"application\/ld+json\" class=\"yoast-schema-graph\">{\"@context\":\"https:\/\/schema.org\",\"@graph\":[{\"@type\":\"WebPage\",\"@id\":\"https:\/\/testwebsite.citygame.com\/vi\/games\/quezon-city\/sherlock-holmes-quezon-city\/\",\"url\":\"https:\/\/testwebsite.citygame.com\/vi\/games\/quezon-city\/sherlock-holmes-quezon-city\/\",\"name\":\"Sherlock Holmes Quezon City - City Game\",\"isPartOf\":{\"@id\":\"https:\/\/testwebsite.upevents.nl\/#website\"},\"primaryImageOfPage\":{\"@id\":\"https:\/\/testwebsite.citygame.com\/vi\/games\/quezon-city\/sherlock-holmes-quezon-city\/#primaryimage\"},\"image\":{\"@id\":\"https:\/\/testwebsite.citygame.com\/vi\/games\/quezon-city\/sherlock-holmes-quezon-city\/#primaryimage\"},\"thumbnailUrl\":\"https:\/\/testwebsite.citygame.com\/wp-content\/blogs.dir\/1\/files\/sites\/62\/2026\/02\/quezon-city-friends-playing-city-game-on-phone.jpg\",\"datePublished\":\"2026-02-19T16:35:23+00:00\",\"dateModified\":\"2026-04-08T14:46:25+00:00\",\"description\":\"Sherlock Holmes Quezon City. Ch\u01a1i tr\u00f2 ch\u01a1i City Game b\u00ed \u1ea9n \u00e1n m\u1ea1ng t\u1ef1 h\u01b0\u1edbng d\u1eabn, gi\u1ea3i c\u00e1c c\u00e2u \u0111\u1ed1, theo d\u00f5i manh m\u1ed1i v\u00e0 kh\u00e1m ph\u00e1 hung th\u1ee7 theo t\u1ed1c \u0111\u1ed9 c\u1ee7a ri\u00eang b\u1ea1n!\",\"breadcrumb\":{\"@id\":\"https:\/\/testwebsite.citygame.com\/vi\/games\/quezon-city\/sherlock-holmes-quezon-city\/#breadcrumb\"},\"inLanguage\":\"vi\",\"potentialAction\":[{\"@type\":\"ReadAction\",\"target\":[\"https:\/\/testwebsite.citygame.com\/vi\/games\/quezon-city\/sherlock-holmes-quezon-city\/\"]}]},{\"@type\":\"ImageObject\",\"inLanguage\":\"vi\",\"@id\":\"https:\/\/testwebsite.citygame.com\/vi\/games\/quezon-city\/sherlock-holmes-quezon-city\/#primaryimage\",\"url\":\"https:\/\/testwebsite.citygame.com\/wp-content\/blogs.dir\/1\/files\/sites\/62\/2026\/02\/quezon-city-friends-playing-city-game-on-phone.jpg\",\"contentUrl\":\"https:\/\/testwebsite.citygame.com\/wp-content\/blogs.dir\/1\/files\/sites\/62\/2026\/02\/quezon-city-friends-playing-city-game-on-phone.jpg\",\"width\":1024,\"height\":1024,\"caption\":\"A group of young adults collaborates while looking at a game map on a smartphone.\"},{\"@type\":\"BreadcrumbList\",\"@id\":\"https:\/\/testwebsite.citygame.com\/vi\/games\/quezon-city\/sherlock-holmes-quezon-city\/#breadcrumb\",\"itemListElement\":[{\"@type\":\"ListItem\",\"position\":1,\"name\":\"Home\",\"item\":\"https:\/\/testwebsite.citygame.com\/vi\/\"},{\"@type\":\"ListItem\",\"position\":2,\"name\":\"Shop\",\"item\":\"https:\/\/testwebsite.citygame.com\/shop\/\"},{\"@type\":\"ListItem\",\"position\":3,\"name\":\"Sherlock Holmes Quezon City\"}]},{\"@type\":\"WebSite\",\"@id\":\"https:\/\/testwebsite.upevents.nl\/#website\",\"url\":\"https:\/\/testwebsite.upevents.nl\/\",\"name\":\"City Game\",\"description\":\"\",\"publisher\":{\"@id\":\"https:\/\/testwebsite.upevents.nl\/#organization\"},\"alternateName\":\"citygame.com\",\"potentialAction\":[{\"@type\":\"SearchAction\",\"target\":{\"@type\":\"EntryPoint\",\"urlTemplate\":\"https:\/\/testwebsite.upevents.nl\/?s={search_term_string}\"},\"query-input\":{\"@type\":\"PropertyValueSpecification\",\"valueRequired\":true,\"valueName\":\"search_term_string\"}}],\"inLanguage\":\"vi\"},{\"@type\":[\"Organization\",\"Place\"],\"@id\":\"https:\/\/testwebsite.upevents.nl\/#organization\",\"name\":\"City Game\",\"alternateName\":\"citygame.com\",\"url\":\"https:\/\/testwebsite.upevents.nl\/\",\"logo\":{\"@id\":\"https:\/\/testwebsite.citygame.com\/vi\/games\/quezon-city\/sherlock-holmes-quezon-city\/#local-main-organization-logo\"},\"image\":{\"@id\":\"https:\/\/testwebsite.citygame.com\/vi\/games\/quezon-city\/sherlock-holmes-quezon-city\/#local-main-organization-logo\"},\"sameAs\":[\"https:\/\/www.facebook.com\/profile.php?id=100086426226253\",\"https:\/\/www.instagram.com\/citygame_com\",\"https:\/\/www.tiktok.com\/@citygamecom\/\",\"https:\/\/www.linkedin.com\/company\/citygame-com\"],\"description\":\"Turn any city into a playground with our interactive City Games and self-guided tours. Fun, flexible, and ideal for groups and team building.\",\"telephone\":[],\"openingHoursSpecification\":[{\"@type\":\"OpeningHoursSpecification\",\"dayOfWeek\":[\"Monday\",\"Tuesday\",\"Wednesday\",\"Thursday\",\"Friday\",\"Saturday\",\"Sunday\"],\"opens\":\"09:00\",\"closes\":\"17:00\"}]},{\"@type\":\"ImageObject\",\"inLanguage\":\"vi\",\"@id\":\"https:\/\/testwebsite.citygame.com\/vi\/games\/quezon-city\/sherlock-holmes-quezon-city\/#local-main-organization-logo\",\"url\":\"https:\/\/testwebsite.citygame.com\/wp-content\/blogs.dir\/1\/files\/sites\/62\/2025\/10\/CG_LOGO-City-Game.png\",\"contentUrl\":\"https:\/\/testwebsite.citygame.com\/wp-content\/blogs.dir\/1\/files\/sites\/62\/2025\/10\/CG_LOGO-City-Game.png\",\"width\":351,\"height\":377,\"caption\":\"City Game\"}]}<\/script>\n<!-- \/ Yoast SEO Premium plugin. -->","yoast_head_json":{"title":"Sherlock Holmes Quezon City - City Game","description":"Sherlock Holmes Quezon City. Ch\u01a1i tr\u00f2 ch\u01a1i City Game b\u00ed \u1ea9n \u00e1n m\u1ea1ng t\u1ef1 h\u01b0\u1edbng d\u1eabn, gi\u1ea3i c\u00e1c c\u00e2u \u0111\u1ed1, theo d\u00f5i manh m\u1ed1i v\u00e0 kh\u00e1m ph\u00e1 hung th\u1ee7 theo t\u1ed1c \u0111\u1ed9 c\u1ee7a ri\u00eang b\u1ea1n!","robots":{"index":"noindex","follow":"follow","max-snippet":"max-snippet:-1","max-image-preview":"max-image-preview:large","max-video-preview":"max-video-preview:-1"},"og_locale":"vi_VN","og_type":"article","og_title":"Sherlock Holmes Quezon City","og_description":"Sherlock Holmes Quezon City. Ch\u01a1i tr\u00f2 ch\u01a1i City Game b\u00ed \u1ea9n \u00e1n m\u1ea1ng t\u1ef1 h\u01b0\u1edbng d\u1eabn, gi\u1ea3i c\u00e1c c\u00e2u \u0111\u1ed1, theo d\u00f5i manh m\u1ed1i v\u00e0 kh\u00e1m ph\u00e1 hung th\u1ee7 theo t\u1ed1c \u0111\u1ed9 c\u1ee7a ri\u00eang b\u1ea1n!","og_url":"https:\/\/testwebsite.citygame.com\/vi\/games\/quezon-city\/sherlock-holmes-quezon-city\/","og_site_name":"City Game","article_publisher":"https:\/\/www.facebook.com\/profile.php?id=100086426226253","article_modified_time":"2026-04-08T14:46:25+00:00","og_image":[{"width":1024,"height":1024,"url":"https:\/\/testwebsite.citygame.com\/wp-content\/blogs.dir\/1\/files\/sites\/62\/2026\/02\/quezon-city-friends-playing-city-game-on-phone.jpg","type":"image\/jpeg"}],"twitter_card":"summary_large_image","twitter_misc":{"\u01af\u1edbc t\u00ednh th\u1eddi gian \u0111\u1ecdc":"1 ph\u00fat"},"schema":{"@context":"https:\/\/schema.org","@graph":[{"@type":"WebPage","@id":"https:\/\/testwebsite.citygame.com\/vi\/games\/quezon-city\/sherlock-holmes-quezon-city\/","url":"https:\/\/testwebsite.citygame.com\/vi\/games\/quezon-city\/sherlock-holmes-quezon-city\/","name":"Sherlock Holmes Quezon City - City Game","isPartOf":{"@id":"https:\/\/testwebsite.upevents.nl\/#website"},"primaryImageOfPage":{"@id":"https:\/\/testwebsite.citygame.com\/vi\/games\/quezon-city\/sherlock-holmes-quezon-city\/#primaryimage"},"image":{"@id":"https:\/\/testwebsite.citygame.com\/vi\/games\/quezon-city\/sherlock-holmes-quezon-city\/#primaryimage"},"thumbnailUrl":"https:\/\/testwebsite.citygame.com\/wp-content\/blogs.dir\/1\/files\/sites\/62\/2026\/02\/quezon-city-friends-playing-city-game-on-phone.jpg","datePublished":"2026-02-19T16:35:23+00:00","dateModified":"2026-04-08T14:46:25+00:00","description":"Sherlock Holmes Quezon City. Ch\u01a1i tr\u00f2 ch\u01a1i City Game b\u00ed \u1ea9n \u00e1n m\u1ea1ng t\u1ef1 h\u01b0\u1edbng d\u1eabn, gi\u1ea3i c\u00e1c c\u00e2u \u0111\u1ed1, theo d\u00f5i manh m\u1ed1i v\u00e0 kh\u00e1m ph\u00e1 hung th\u1ee7 theo t\u1ed1c \u0111\u1ed9 c\u1ee7a ri\u00eang b\u1ea1n!","breadcrumb":{"@id":"https:\/\/testwebsite.citygame.com\/vi\/games\/quezon-city\/sherlock-holmes-quezon-city\/#breadcrumb"},"inLanguage":"vi","potentialAction":[{"@type":"ReadAction","target":["https:\/\/testwebsite.citygame.com\/vi\/games\/quezon-city\/sherlock-holmes-quezon-city\/"]}]},{"@type":"ImageObject","inLanguage":"vi","@id":"https:\/\/testwebsite.citygame.com\/vi\/games\/quezon-city\/sherlock-holmes-quezon-city\/#primaryimage","url":"https:\/\/testwebsite.citygame.com\/wp-content\/blogs.dir\/1\/files\/sites\/62\/2026\/02\/quezon-city-friends-playing-city-game-on-phone.jpg","contentUrl":"https:\/\/testwebsite.citygame.com\/wp-content\/blogs.dir\/1\/files\/sites\/62\/2026\/02\/quezon-city-friends-playing-city-game-on-phone.jpg","width":1024,"height":1024,"caption":"A group of young adults collaborates while looking at a game map on a smartphone."},{"@type":"BreadcrumbList","@id":"https:\/\/testwebsite.citygame.com\/vi\/games\/quezon-city\/sherlock-holmes-quezon-city\/#breadcrumb","itemListElement":[{"@type":"ListItem","position":1,"name":"Home","item":"https:\/\/testwebsite.citygame.com\/vi\/"},{"@type":"ListItem","position":2,"name":"Shop","item":"https:\/\/testwebsite.citygame.com\/shop\/"},{"@type":"ListItem","position":3,"name":"Sherlock Holmes Quezon City"}]},{"@type":"WebSite","@id":"https:\/\/testwebsite.upevents.nl\/#website","url":"https:\/\/testwebsite.upevents.nl\/","name":"City Game","description":"","publisher":{"@id":"https:\/\/testwebsite.upevents.nl\/#organization"},"alternateName":"citygame.com","potentialAction":[{"@type":"SearchAction","target":{"@type":"EntryPoint","urlTemplate":"https:\/\/testwebsite.upevents.nl\/?s={search_term_string}"},"query-input":{"@type":"PropertyValueSpecification","valueRequired":true,"valueName":"search_term_string"}}],"inLanguage":"vi"},{"@type":["Organization","Place"],"@id":"https:\/\/testwebsite.upevents.nl\/#organization","name":"City Game","alternateName":"citygame.com","url":"https:\/\/testwebsite.upevents.nl\/","logo":{"@id":"https:\/\/testwebsite.citygame.com\/vi\/games\/quezon-city\/sherlock-holmes-quezon-city\/#local-main-organization-logo"},"image":{"@id":"https:\/\/testwebsite.citygame.com\/vi\/games\/quezon-city\/sherlock-holmes-quezon-city\/#local-main-organization-logo"},"sameAs":["https:\/\/www.facebook.com\/profile.php?id=100086426226253","https:\/\/www.instagram.com\/citygame_com","https:\/\/www.tiktok.com\/@citygamecom\/","https:\/\/www.linkedin.com\/company\/citygame-com"],"description":"Turn any city into a playground with our interactive City Games and self-guided tours. Fun, flexible, and ideal for groups and team building.","telephone":[],"openingHoursSpecification":[{"@type":"OpeningHoursSpecification","dayOfWeek":["Monday","Tuesday","Wednesday","Thursday","Friday","Saturday","Sunday"],"opens":"09:00","closes":"17:00"}]},{"@type":"ImageObject","inLanguage":"vi","@id":"https:\/\/testwebsite.citygame.com\/vi\/games\/quezon-city\/sherlock-holmes-quezon-city\/#local-main-organization-logo","url":"https:\/\/testwebsite.citygame.com\/wp-content\/blogs.dir\/1\/files\/sites\/62\/2025\/10\/CG_LOGO-City-Game.png","contentUrl":"https:\/\/testwebsite.citygame.com\/wp-content\/blogs.dir\/1\/files\/sites\/62\/2025\/10\/CG_LOGO-City-Game.png","width":351,"height":377,"caption":"City Game"}]}},"taxonomy_info":{"game-concept":[{"value":794,"label":"Sherlock"}],"location":[{"value":339,"label":"Quezon City"}],"product_cat":[{"value":27,"label":"Geen categorie"}]},"featured_image_src_large":["https:\/\/testwebsite.citygame.com\/wp-content\/blogs.dir\/1\/files\/sites\/62\/2026\/02\/quezon-city-friends-playing-city-game-on-phone.jpg",1024,1024,false],"author_info":[],"comment_info":"","_links":{"self":[{"href":"https:\/\/testwebsite.citygame.com\/vi\/wp-json\/wp\/v2\/product\/64834","targetHints":{"allow":["GET"]}}],"collection":[{"href":"https:\/\/testwebsite.citygame.com\/vi\/wp-json\/wp\/v2\/product"}],"about":[{"href":"https:\/\/testwebsite.citygame.com\/vi\/wp-json\/wp\/v2\/types\/product"}],"acf:post":[{"embeddable":true,"href":"https:\/\/testwebsite.citygame.com\/vi\/wp-json\/wp\/v2\/pages\/13081"}],"wp:featuredmedia":[{"embeddable":true,"href":"https:\/\/testwebsite.citygame.com\/vi\/wp-json\/wp\/v2\/media\/15044"}],"wp:attachment":[{"href":"https:\/\/testwebsite.citygame.com\/vi\/wp-json\/wp\/v2\/media?parent=64834"}],"wp:term":[{"taxonomy":"game-concept","embeddable":true,"href":"https:\/\/testwebsite.citygame.com\/vi\/wp-json\/wp\/v2\/game-concept?post=64834"},{"taxonomy":"location","embeddable":true,"href":"https:\/\/testwebsite.citygame.com\/vi\/wp-json\/wp\/v2\/location?post=64834"},{"taxonomy":"product_brand","embeddable":true,"href":"https:\/\/testwebsite.citygame.com\/vi\/wp-json\/wp\/v2\/product_brand?post=64834"},{"taxonomy":"product_cat","embeddable":true,"href":"https:\/\/testwebsite.citygame.com\/vi\/wp-json\/wp\/v2\/product_cat?post=64834"},{"taxonomy":"product_tag","embeddable":true,"href":"https:\/\/testwebsite.citygame.com\/vi\/wp-json\/wp\/v2\/product_tag?post=64834"}],"curies":[{"name":"wp","href":"https:\/\/api.w.org\/{rel}","templated":true}]}}