{"id":64743,"date":"2026-01-13T11:49:17","date_gmt":"2026-01-13T11:49:17","guid":{"rendered":"https:\/\/testwebsite.citygame.com\/games\/unknown-location\/secrets-of-manises\/"},"modified":"2026-04-08T14:34:45","modified_gmt":"2026-04-08T14:34:45","slug":"secrets-of-manises","status":"publish","type":"product","link":"https:\/\/testwebsite.citygame.com\/vi\/games\/manises\/secrets-of-manises\/","title":{"rendered":"Secrets of Manises"},"content":{"rendered":"<p>City Game Manises l\u00e0 m\u1ed9t tr\u00f2 ch\u01a1i kh\u00e1m ph\u00e1 th\u00e0nh ph\u1ed1 t\u1ef1 h\u01b0\u1edbng d\u1eabn, di\u1ec5n ra t\u1ea1i trung t\u00e2m th\u00e0nh ph\u1ed1 Manises. Tr\u00f2 ch\u01a1i d\u1ef1a tr\u00ean GPS n\u00e0y cho ph\u00e9p ng\u01b0\u1eddi ch\u01a1i kh\u00e1m ph\u00e1 th\u00e0nh ph\u1ed1 b\u1eb1ng \u0111i\u1ec7n tho\u1ea1i th\u00f4ng minh c\u1ee7a m\u00ecnh trong khi gi\u1ea3i c\u00e1c c\u00e2u \u0111\u1ed1, c\u00e2u \u0111\u1ed1 m\u1eb9o v\u00e0 th\u1eed th\u00e1ch ch\u1ee5p \u1ea3nh tr\u00ean \u0111\u01b0\u1eddng \u0111i. L\u00e0 m\u1ed9t ph\u1ea7n c\u1ee7a tr\u1ea3i nghi\u1ec7m, nh\u1eefng ng\u01b0\u1eddi tham gia s\u1ebd kh\u00e1m ph\u00e1 nh\u1eefng chi ti\u1ebft \u1ea9n gi\u1ea5u v\u00e0 t\u00ecm hi\u1ec3u v\u1ec1 l\u1ecbch s\u1eed v\u00e0 v\u0103n h\u00f3a c\u1ee7a Manises theo t\u1ed1c \u0111\u1ed9 c\u1ee7a ri\u00eang m\u00ecnh. Tr\u00f2 ch\u01a1i kh\u00e1m ph\u00e1 n\u00e0y ph\u00f9 h\u1ee3p cho c\u1ea3 du kh\u00e1ch v\u00e0 ng\u01b0\u1eddi d\u00e2n \u0111\u1ecba ph\u01b0\u01a1ng, mang \u0111\u1ebfn m\u1ed9t ho\u1ea1t \u0111\u1ed9ng h\u1ea5p d\u1eabn cho nh\u1eefng ai mu\u1ed1n nh\u00ecn th\u00e0nh ph\u1ed1 theo m\u1ed9t c\u00e1ch kh\u00e1c bi\u1ec7t. D\u00f9 ch\u01a1i m\u1ed9t m\u00ecnh, theo c\u1eb7p \u0111\u00f4i, v\u1edbi gia \u0111\u00ecnh hay m\u1ed9t nh\u00f3m b\u1ea1n b\u00e8, tr\u00f2 ch\u01a1i d\u1ef1a tr\u00ean GPS n\u00e0y mang \u0111\u1ebfn m\u1ed9t c\u00e1ch linh ho\u1ea1t v\u00e0 t\u01b0\u01a1ng t\u00e1c \u0111\u1ec3 tr\u1ea3i nghi\u1ec7m Manises.<\/p>\n","protected":false},"excerpt":{"rendered":"<p>Gi\u1ea3i ph\u00f3ng Linh h\u1ed3n G\u1ed1m s\u1ee9 c\u1ee7a Manises! H\u00e3y theo d\u1ea5u Ceval Premi Ajura, gi\u1ea3i m\u00e3 c\u00e1c manh m\u1ed1i gi\u1eefa nh\u1eefng m\u1eb7t ti\u1ec1n \u1ed1p g\u1ea1ch, nh\u1eefng qu\u1ea3ng tr\u01b0\u1eddng s\u00f4i \u0111\u1ed9ng v\u00e0 d\u00f2ng s\u00f4ng Turia r\u00ec r\u1ea7m, khi b\u1ea1n gi\u00fap n\u00e0ng th\u01a1 nh\u1ecf t\u00ecm \u0111\u01b0\u1eddng tr\u1edf v\u1ec1 v\u1edbi ng\u01b0\u1eddi t\u1ea1o ra m\u00ecnh, Juan Albalat.<\/p>\n","protected":false},"featured_media":3751,"template":"","meta":{"_acf_changed":false,"_yoast_wpseo_focuskw":"Secrets of Manises","_yoast_wpseo_metadesc":"Secrets of Manises. Ch\u01a1i m\u1ed9t tr\u00f2 ch\u01a1i kh\u00e1m ph\u00e1 th\u00e0nh ph\u1ed1 t\u1ef1 h\u01b0\u1edbng d\u1eabn v\u00e0 kh\u00e1m ph\u00e1 th\u00e0nh ph\u1ed1 qua c\u00e1c c\u00e2u \u0111\u1ed1, c\u00e2u \u0111\u1ed1 m\u1eb9o v\u00e0 th\u1eed th\u00e1ch. Ch\u01a1i theo t\u1ed1c \u0111\u1ed9 c\u1ee7a ri\u00eang b\u1ea1n v\u00e0 kh\u00e1m ph\u00e1 nh\u01b0 m\u1ed9t ng\u01b0\u1eddi d\u00e2n \u0111\u1ecba ph\u01b0\u01a1ng!","_kad_blocks_custom_css":"","_kad_blocks_head_custom_js":"","_kad_blocks_body_custom_js":"","_kad_blocks_footer_custom_js":"","ghostkit_customizer_options":"","ghostkit_custom_css":"","ghostkit_custom_js_head":"","ghostkit_custom_js_foot":"","ghostkit_typography":"","_kad_post_transparent":"default","_kad_post_title":"","_kad_post_layout":"default","_kad_post_sidebar_id":"","_kad_post_content_style":"default","_kad_post_vertical_padding":"default","_kad_post_feature":"","_kad_post_feature_position":"","_kad_post_header":false,"_kad_post_footer":false,"_kad_post_classname":"","_links_to":"","_links_to_target":""},"game-concept":[733],"location":[266],"product_brand":[],"product_cat":[27],"product_tag":[],"class_list":{"0":"post-64743","1":"product","2":"type-product","3":"status-publish","4":"has-post-thumbnail","6":"game-concept-secrets","7":"location-manises","8":"product_cat-geen-categorie","10":"first","11":"instock","12":"shipping-taxable","13":"purchasable","14":"product-type-simple","15":"entry","16":"content-bg","17":"loop-entry"},"acf":{"full_bokun_product_name":"Self-Guided Secrets of Manises Exploration Game","location_name":"Manises","bokun_calendar_widget_code":"<script type=\"text\/javascript\" src=\"https:\/\/widgets.bokun.io\/assets\/javascripts\/apps\/build\/BokunWidgetsLoader.js?bookingChannelUUID=a1e93e96-5232-4734-a595-28405f4b5a31\" async><\/script>\n     \n    <div class=\"bokunWidget\" data-src=\"https:\/\/widgets.bokun.io\/online-sales\/a1e93e96-5232-4734-a595-28405f4b5a31\/experience-calendar\/1096394\"><\/div>\n    <noscript>Please enable javascript in your browser to book<\/noscript>","bokun_button_widget_code":"<script type=\"text\/javascript\" src=\"https:\/\/widgets.bokun.io\/assets\/javascripts\/apps\/build\/BokunWidgetsLoader.js?bookingChannelUUID=a1e93e96-5232-4734-a595-28405f4b5a31\" async><\/script>\n      <style> #bokun_ed001e45_5927_4f62_b470_ca766338d083 { display: inline-block; padding: .4em 1em; background: #47b82e; border-radius: 999999px; box-shadow: none; font-weight: 600; font-size: 24px; text-decoration: none; text-align: center; color: #FFFFFF; border:none; cursor: pointer; transition: background .2s ease; } #bokun_ed001e45_5927_4f62_b470_ca766338d083:hover{ background: #2f7b1f; } #bokun_ed001e45_5927_4f62_b470_ca766338d083:active{ background: #378f24; } <\/style> <button class=\"bokunButton\" disabled id=bokun_ed001e45_5927_4f62_b470_ca766338d083 data-src=\"https:\/\/widgets.bokun.io\/online-sales\/a1e93e96-5232-4734-a595-28405f4b5a31\/experience-calendar\/1096394?partialView=1\" data-testid=\"widget-book-button\" > Book now <\/button> ","what_you\u2019ll_experience_during_the_game":"Khi b\u1ea1n kh\u00e1m ph\u00e1 Manises qua tr\u00f2 ch\u01a1i City Game n\u00e0y, b\u1ea1n s\u1ebd theo m\u1ed9t c\u1ed1t truy\u1ec7n t\u01b0\u01a1ng t\u00e1c k\u1ebft h\u1ee3p gi\u1eefa tham quan v\u00e0 kh\u00e1m ph\u00e1. L\u1ed9 tr\u00ecnh s\u1ebd d\u1eabn b\u1ea1n qua c\u1ea3 nh\u1eefng \u0111\u1ecba danh n\u1ed5i ti\u1ebfng v\u00e0 nh\u1eefng g\u00f3c ph\u1ed1 y\u00ean t\u0129nh h\u01a1n, h\u00e9 l\u1ed9 \u0111\u1eb7c tr\u01b0ng c\u1ee7a th\u00e0nh ph\u1ed1 qua t\u1eebng manh m\u1ed1i. B\u1ea1n s\u1ebd \u0111\u01b0\u1ee3c tr\u1ea3i nghi\u1ec7m nh\u1eefng \u0111i\u1ec3m n\u1ed5i b\u1eadt nh\u01b0 nh\u1eefng m\u00e1i v\u00f2m duy\u00ean d\u00e1ng c\u1ee7a C\u1ed1ng d\u1eabn n\u01b0\u1edbc Manises l\u1ecbch s\u1eed, m\u1eb7t ti\u1ec1n \u0111\u1ea7y m\u00e0u s\u1eafc c\u1ee7a X\u01b0\u1edfng g\u1ed1m s\u1ee9, v\u00e0 nh\u1eefng l\u1ed1i \u0111i thanh b\u00ecnh c\u1ee7a Parque Los Filtros. Tr\u00ean \u0111\u01b0\u1eddng \u0111i, nh\u1eefng \u0111\u1ecba \u0111i\u1ec3m nh\u01b0 Ga xe l\u1eeda Manises c\u0169 v\u00e0 Nh\u00e0 th\u1edd Gi\u00e1o x\u1ee9 San Juan Bautista s\u1ebd t\u0103ng th\u00eam kh\u00f4ng kh\u00ed v\u00e0 n\u00e9t quy\u1ebfn r\u0169 \u0111\u1ecba ph\u01b0\u01a1ng cho c\u00e2u chuy\u1ec7n \u0111ang di\u1ec5n ra.\r\n\r\nTrong su\u1ed1t tr\u00f2 ch\u01a1i, b\u1ea1n s\u1ebd gi\u1ea3i quy\u1ebft nhi\u1ec1u lo\u1ea1i c\u00e2u \u0111\u1ed1, c\u00e2u \u0111\u1ed1 m\u1eb9o v\u00e0 th\u1eed th\u00e1ch s\u00e1ng t\u1ea1o gi\u00fap h\u01b0\u1edbng d\u1eabn ti\u1ebfn tr\u00ecnh c\u1ee7a b\u1ea1n v\u00e0 l\u00e0m s\u00e2u s\u1eafc th\u00eam k\u1ebft n\u1ed1i c\u1ee7a b\u1ea1n v\u1edbi Manises. B\u1eb1ng c\u00e1ch ho\u00e0n th\u00e0nh nhi\u1ec7m v\u1ee5 v\u00e0 tr\u1ea3 l\u1eddi c\u00e2u h\u1ecfi, b\u1ea1n s\u1ebd thu th\u1eadp \u0111i\u1ec3m, m\u1edf kh\u00f3a g\u1ee3i \u00fd v\u00e0 ti\u1ebfn g\u1ea7n h\u01a1n \u0111\u1ebfn vi\u1ec7c kh\u00e1m ph\u00e1 m\u1ed9t b\u00ed \u1ea9n trung t\u00e2m. Tr\u00f2 ch\u01a1i linh ho\u1ea1t, cho ph\u00e9p b\u1ea1n t\u1ea1m d\u1eebng v\u00e0 ti\u1ebfp t\u1ee5c b\u1ea5t c\u1ee9 khi n\u00e0o ph\u00f9 h\u1ee3p v\u1edbi t\u1ed1c \u0111\u1ed9 c\u1ee7a b\u1ea1n. \u0110\u1ed1i v\u1edbi nh\u1eefng ng\u01b0\u1eddi ch\u01a1i c\u1ea1nh tranh, t\u1eebng ng\u01b0\u1eddi ch\u01a1i ho\u1eb7c \u0111\u1ed9i c\u00f3 th\u1ec3 nh\u1eafm \u0111\u1ebfn v\u1ecb tr\u00ed h\u00e0ng \u0111\u1ea7u tr\u00ean b\u1ea3ng x\u1ebfp h\u1ea1ng trong khi tr\u1ea3i nghi\u1ec7m Manises m\u1ed9t c\u00e1ch m\u1edbi m\u1ebb v\u00e0 h\u1ea5p d\u1eabn.","how_to_play":"Sau khi \u0111\u1eb7t ch\u1ed7, b\u1ea1n s\u1ebd nh\u1eadn \u0111\u01b0\u1ee3c email k\u00e8m theo li\u00ean k\u1ebft ch\u01a1i tr\u1ef1c ti\u1ebfp. Ch\u1ec9 c\u1ea7n \u0111\u1ebfn \u0111i\u1ec3m xu\u1ea5t ph\u00e1t t\u1ea1i Parque Los Filtros v\u00e0 b\u1eaft \u0111\u1ea7u h\u00e0nh tr\u00ecnh c\u1ee7a b\u1ea1n ngay l\u1eadp t\u1ee9c. Tr\u00f2 ch\u01a1i ch\u1ea1y ho\u00e0n to\u00e0n tr\u00ean \u0111i\u1ec7n tho\u1ea1i th\u00f4ng minh c\u1ee7a b\u1ea1n, kh\u00f4ng y\u00eau c\u1ea7u t\u1ea3i \u1ee9ng d\u1ee5ng. B\u1ea1n c\u00f3 th\u1ec3 t\u1ea1m d\u1eebng cu\u1ed9c phi\u00eau l\u01b0u b\u1ea5t c\u1ee9 khi n\u00e0o b\u1ea1n mu\u1ed1n v\u00e0 ti\u1ebfp t\u1ee5c sau, l\u00e0m cho n\u00f3 linh ho\u1ea1t cho m\u1ecdi l\u1ecbch tr\u00ecnh.","start_location":"Manises, Parque Los Filtros","available_languages":"","players_per_group":"1-4","duration":"1.5-2 hours","image_overlay_color_image":"https:\/\/testwebsite.citygame.com\/wp-content\/blogs.dir\/1\/files\/sites\/62\/2026\/01\/SecretsColor.svg","image_overlay_game_logo":"https:\/\/testwebsite.citygame.com\/wp-content\/blogs.dir\/1\/files\/sites\/62\/2026\/01\/SecretsLogo.png","city_page":15691,"woocommerce_general_content":null},"yoast_head":"<!-- This site is optimized with the Yoast SEO Premium plugin v26.2 (Yoast SEO v26.3) - https:\/\/yoast.com\/wordpress\/plugins\/seo\/ -->\n<title>Secrets of Manises - City Game<\/title>\n<meta name=\"description\" content=\"Secrets of Manises. Ch\u01a1i m\u1ed9t tr\u00f2 ch\u01a1i kh\u00e1m ph\u00e1 th\u00e0nh ph\u1ed1 t\u1ef1 h\u01b0\u1edbng d\u1eabn v\u00e0 kh\u00e1m ph\u00e1 th\u00e0nh ph\u1ed1 qua c\u00e1c c\u00e2u \u0111\u1ed1, c\u00e2u \u0111\u1ed1 m\u1eb9o v\u00e0 th\u1eed th\u00e1ch. Ch\u01a1i theo t\u1ed1c \u0111\u1ed9 c\u1ee7a ri\u00eang b\u1ea1n v\u00e0 kh\u00e1m ph\u00e1 nh\u01b0 m\u1ed9t ng\u01b0\u1eddi d\u00e2n \u0111\u1ecba ph\u01b0\u01a1ng!\" \/>\n<meta name=\"robots\" content=\"noindex, follow, max-snippet:-1, max-image-preview:large, max-video-preview:-1\" \/>\n<meta property=\"og:locale\" content=\"vi_VN\" \/>\n<meta property=\"og:type\" content=\"article\" \/>\n<meta property=\"og:title\" content=\"Secrets of Manises\" \/>\n<meta property=\"og:description\" content=\"Secrets of Manises. Ch\u01a1i m\u1ed9t tr\u00f2 ch\u01a1i kh\u00e1m ph\u00e1 th\u00e0nh ph\u1ed1 t\u1ef1 h\u01b0\u1edbng d\u1eabn v\u00e0 kh\u00e1m ph\u00e1 th\u00e0nh ph\u1ed1 qua c\u00e1c c\u00e2u \u0111\u1ed1, c\u00e2u \u0111\u1ed1 m\u1eb9o v\u00e0 th\u1eed th\u00e1ch. Ch\u01a1i theo t\u1ed1c \u0111\u1ed9 c\u1ee7a ri\u00eang b\u1ea1n v\u00e0 kh\u00e1m ph\u00e1 nh\u01b0 m\u1ed9t ng\u01b0\u1eddi d\u00e2n \u0111\u1ecba ph\u01b0\u01a1ng!\" \/>\n<meta property=\"og:url\" content=\"https:\/\/testwebsite.citygame.com\/vi\/games\/manises\/secrets-of-manises\/\" \/>\n<meta property=\"og:site_name\" content=\"City Game\" \/>\n<meta property=\"article:publisher\" content=\"https:\/\/www.facebook.com\/profile.php?id=100086426226253\" \/>\n<meta property=\"article:modified_time\" content=\"2026-04-08T14:34:45+00:00\" \/>\n<meta property=\"og:image\" content=\"https:\/\/testwebsite.citygame.com\/wp-content\/blogs.dir\/1\/files\/sites\/62\/2026\/01\/city-game-players-manises-park-fountain.jpg\" \/>\n\t<meta property=\"og:image:width\" content=\"1024\" \/>\n\t<meta property=\"og:image:height\" content=\"1024\" \/>\n\t<meta property=\"og:image:type\" content=\"image\/jpeg\" \/>\n<meta name=\"twitter:card\" content=\"summary_large_image\" \/>\n<meta name=\"twitter:label1\" content=\"\u01af\u1edbc t\u00ednh th\u1eddi gian \u0111\u1ecdc\" \/>\n\t<meta name=\"twitter:data1\" content=\"1 ph\u00fat\" \/>\n<script type=\"application\/ld+json\" class=\"yoast-schema-graph\">{\"@context\":\"https:\/\/schema.org\",\"@graph\":[{\"@type\":\"WebPage\",\"@id\":\"https:\/\/testwebsite.citygame.com\/vi\/games\/manises\/secrets-of-manises\/\",\"url\":\"https:\/\/testwebsite.citygame.com\/vi\/games\/manises\/secrets-of-manises\/\",\"name\":\"Secrets of Manises - City Game\",\"isPartOf\":{\"@id\":\"https:\/\/testwebsite.upevents.nl\/#website\"},\"primaryImageOfPage\":{\"@id\":\"https:\/\/testwebsite.citygame.com\/vi\/games\/manises\/secrets-of-manises\/#primaryimage\"},\"image\":{\"@id\":\"https:\/\/testwebsite.citygame.com\/vi\/games\/manises\/secrets-of-manises\/#primaryimage\"},\"thumbnailUrl\":\"https:\/\/testwebsite.citygame.com\/wp-content\/blogs.dir\/1\/files\/sites\/62\/2026\/01\/city-game-players-manises-park-fountain.jpg\",\"datePublished\":\"2026-01-13T11:49:17+00:00\",\"dateModified\":\"2026-04-08T14:34:45+00:00\",\"description\":\"Secrets of Manises. Ch\u01a1i m\u1ed9t tr\u00f2 ch\u01a1i kh\u00e1m ph\u00e1 th\u00e0nh ph\u1ed1 t\u1ef1 h\u01b0\u1edbng d\u1eabn v\u00e0 kh\u00e1m ph\u00e1 th\u00e0nh ph\u1ed1 qua c\u00e1c c\u00e2u \u0111\u1ed1, c\u00e2u \u0111\u1ed1 m\u1eb9o v\u00e0 th\u1eed th\u00e1ch. Ch\u01a1i theo t\u1ed1c \u0111\u1ed9 c\u1ee7a ri\u00eang b\u1ea1n v\u00e0 kh\u00e1m ph\u00e1 nh\u01b0 m\u1ed9t ng\u01b0\u1eddi d\u00e2n \u0111\u1ecba ph\u01b0\u01a1ng!\",\"breadcrumb\":{\"@id\":\"https:\/\/testwebsite.citygame.com\/vi\/games\/manises\/secrets-of-manises\/#breadcrumb\"},\"inLanguage\":\"vi\",\"potentialAction\":[{\"@type\":\"ReadAction\",\"target\":[\"https:\/\/testwebsite.citygame.com\/vi\/games\/manises\/secrets-of-manises\/\"]}]},{\"@type\":\"ImageObject\",\"inLanguage\":\"vi\",\"@id\":\"https:\/\/testwebsite.citygame.com\/vi\/games\/manises\/secrets-of-manises\/#primaryimage\",\"url\":\"https:\/\/testwebsite.citygame.com\/wp-content\/blogs.dir\/1\/files\/sites\/62\/2026\/01\/city-game-players-manises-park-fountain.jpg\",\"contentUrl\":\"https:\/\/testwebsite.citygame.com\/wp-content\/blogs.dir\/1\/files\/sites\/62\/2026\/01\/city-game-players-manises-park-fountain.jpg\",\"width\":1024,\"height\":1024,\"caption\":\"Four young people gathered around a mobile phone in a park with a fountain in Manises.\"},{\"@type\":\"BreadcrumbList\",\"@id\":\"https:\/\/testwebsite.citygame.com\/vi\/games\/manises\/secrets-of-manises\/#breadcrumb\",\"itemListElement\":[{\"@type\":\"ListItem\",\"position\":1,\"name\":\"Home\",\"item\":\"https:\/\/testwebsite.citygame.com\/vi\/\"},{\"@type\":\"ListItem\",\"position\":2,\"name\":\"Shop\",\"item\":\"https:\/\/testwebsite.citygame.com\/shop\/\"},{\"@type\":\"ListItem\",\"position\":3,\"name\":\"Secrets of Manises\"}]},{\"@type\":\"WebSite\",\"@id\":\"https:\/\/testwebsite.upevents.nl\/#website\",\"url\":\"https:\/\/testwebsite.upevents.nl\/\",\"name\":\"City Game\",\"description\":\"\",\"publisher\":{\"@id\":\"https:\/\/testwebsite.upevents.nl\/#organization\"},\"alternateName\":\"citygame.com\",\"potentialAction\":[{\"@type\":\"SearchAction\",\"target\":{\"@type\":\"EntryPoint\",\"urlTemplate\":\"https:\/\/testwebsite.upevents.nl\/?s={search_term_string}\"},\"query-input\":{\"@type\":\"PropertyValueSpecification\",\"valueRequired\":true,\"valueName\":\"search_term_string\"}}],\"inLanguage\":\"vi\"},{\"@type\":[\"Organization\",\"Place\"],\"@id\":\"https:\/\/testwebsite.upevents.nl\/#organization\",\"name\":\"City Game\",\"alternateName\":\"citygame.com\",\"url\":\"https:\/\/testwebsite.upevents.nl\/\",\"logo\":{\"@id\":\"https:\/\/testwebsite.citygame.com\/vi\/games\/manises\/secrets-of-manises\/#local-main-organization-logo\"},\"image\":{\"@id\":\"https:\/\/testwebsite.citygame.com\/vi\/games\/manises\/secrets-of-manises\/#local-main-organization-logo\"},\"sameAs\":[\"https:\/\/www.facebook.com\/profile.php?id=100086426226253\",\"https:\/\/www.instagram.com\/citygame_com\",\"https:\/\/www.tiktok.com\/@citygamecom\/\",\"https:\/\/www.linkedin.com\/company\/citygame-com\"],\"description\":\"Turn any city into a playground with our interactive City Games and self-guided tours. Fun, flexible, and ideal for groups and team building.\",\"telephone\":[],\"openingHoursSpecification\":[{\"@type\":\"OpeningHoursSpecification\",\"dayOfWeek\":[\"Monday\",\"Tuesday\",\"Wednesday\",\"Thursday\",\"Friday\",\"Saturday\",\"Sunday\"],\"opens\":\"09:00\",\"closes\":\"17:00\"}]},{\"@type\":\"ImageObject\",\"inLanguage\":\"vi\",\"@id\":\"https:\/\/testwebsite.citygame.com\/vi\/games\/manises\/secrets-of-manises\/#local-main-organization-logo\",\"url\":\"https:\/\/testwebsite.citygame.com\/wp-content\/blogs.dir\/1\/files\/sites\/62\/2025\/10\/CG_LOGO-City-Game.png\",\"contentUrl\":\"https:\/\/testwebsite.citygame.com\/wp-content\/blogs.dir\/1\/files\/sites\/62\/2025\/10\/CG_LOGO-City-Game.png\",\"width\":351,\"height\":377,\"caption\":\"City Game\"}]}<\/script>\n<!-- \/ Yoast SEO Premium plugin. -->","yoast_head_json":{"title":"Secrets of Manises - City Game","description":"Secrets of Manises. Ch\u01a1i m\u1ed9t tr\u00f2 ch\u01a1i kh\u00e1m ph\u00e1 th\u00e0nh ph\u1ed1 t\u1ef1 h\u01b0\u1edbng d\u1eabn v\u00e0 kh\u00e1m ph\u00e1 th\u00e0nh ph\u1ed1 qua c\u00e1c c\u00e2u \u0111\u1ed1, c\u00e2u \u0111\u1ed1 m\u1eb9o v\u00e0 th\u1eed th\u00e1ch. Ch\u01a1i theo t\u1ed1c \u0111\u1ed9 c\u1ee7a ri\u00eang b\u1ea1n v\u00e0 kh\u00e1m ph\u00e1 nh\u01b0 m\u1ed9t ng\u01b0\u1eddi d\u00e2n \u0111\u1ecba ph\u01b0\u01a1ng!","robots":{"index":"noindex","follow":"follow","max-snippet":"max-snippet:-1","max-image-preview":"max-image-preview:large","max-video-preview":"max-video-preview:-1"},"og_locale":"vi_VN","og_type":"article","og_title":"Secrets of Manises","og_description":"Secrets of Manises. Ch\u01a1i m\u1ed9t tr\u00f2 ch\u01a1i kh\u00e1m ph\u00e1 th\u00e0nh ph\u1ed1 t\u1ef1 h\u01b0\u1edbng d\u1eabn v\u00e0 kh\u00e1m ph\u00e1 th\u00e0nh ph\u1ed1 qua c\u00e1c c\u00e2u \u0111\u1ed1, c\u00e2u \u0111\u1ed1 m\u1eb9o v\u00e0 th\u1eed th\u00e1ch. Ch\u01a1i theo t\u1ed1c \u0111\u1ed9 c\u1ee7a ri\u00eang b\u1ea1n v\u00e0 kh\u00e1m ph\u00e1 nh\u01b0 m\u1ed9t ng\u01b0\u1eddi d\u00e2n \u0111\u1ecba ph\u01b0\u01a1ng!","og_url":"https:\/\/testwebsite.citygame.com\/vi\/games\/manises\/secrets-of-manises\/","og_site_name":"City Game","article_publisher":"https:\/\/www.facebook.com\/profile.php?id=100086426226253","article_modified_time":"2026-04-08T14:34:45+00:00","og_image":[{"width":1024,"height":1024,"url":"https:\/\/testwebsite.citygame.com\/wp-content\/blogs.dir\/1\/files\/sites\/62\/2026\/01\/city-game-players-manises-park-fountain.jpg","type":"image\/jpeg"}],"twitter_card":"summary_large_image","twitter_misc":{"\u01af\u1edbc t\u00ednh th\u1eddi gian \u0111\u1ecdc":"1 ph\u00fat"},"schema":{"@context":"https:\/\/schema.org","@graph":[{"@type":"WebPage","@id":"https:\/\/testwebsite.citygame.com\/vi\/games\/manises\/secrets-of-manises\/","url":"https:\/\/testwebsite.citygame.com\/vi\/games\/manises\/secrets-of-manises\/","name":"Secrets of Manises - City Game","isPartOf":{"@id":"https:\/\/testwebsite.upevents.nl\/#website"},"primaryImageOfPage":{"@id":"https:\/\/testwebsite.citygame.com\/vi\/games\/manises\/secrets-of-manises\/#primaryimage"},"image":{"@id":"https:\/\/testwebsite.citygame.com\/vi\/games\/manises\/secrets-of-manises\/#primaryimage"},"thumbnailUrl":"https:\/\/testwebsite.citygame.com\/wp-content\/blogs.dir\/1\/files\/sites\/62\/2026\/01\/city-game-players-manises-park-fountain.jpg","datePublished":"2026-01-13T11:49:17+00:00","dateModified":"2026-04-08T14:34:45+00:00","description":"Secrets of Manises. Ch\u01a1i m\u1ed9t tr\u00f2 ch\u01a1i kh\u00e1m ph\u00e1 th\u00e0nh ph\u1ed1 t\u1ef1 h\u01b0\u1edbng d\u1eabn v\u00e0 kh\u00e1m ph\u00e1 th\u00e0nh ph\u1ed1 qua c\u00e1c c\u00e2u \u0111\u1ed1, c\u00e2u \u0111\u1ed1 m\u1eb9o v\u00e0 th\u1eed th\u00e1ch. Ch\u01a1i theo t\u1ed1c \u0111\u1ed9 c\u1ee7a ri\u00eang b\u1ea1n v\u00e0 kh\u00e1m ph\u00e1 nh\u01b0 m\u1ed9t ng\u01b0\u1eddi d\u00e2n \u0111\u1ecba ph\u01b0\u01a1ng!","breadcrumb":{"@id":"https:\/\/testwebsite.citygame.com\/vi\/games\/manises\/secrets-of-manises\/#breadcrumb"},"inLanguage":"vi","potentialAction":[{"@type":"ReadAction","target":["https:\/\/testwebsite.citygame.com\/vi\/games\/manises\/secrets-of-manises\/"]}]},{"@type":"ImageObject","inLanguage":"vi","@id":"https:\/\/testwebsite.citygame.com\/vi\/games\/manises\/secrets-of-manises\/#primaryimage","url":"https:\/\/testwebsite.citygame.com\/wp-content\/blogs.dir\/1\/files\/sites\/62\/2026\/01\/city-game-players-manises-park-fountain.jpg","contentUrl":"https:\/\/testwebsite.citygame.com\/wp-content\/blogs.dir\/1\/files\/sites\/62\/2026\/01\/city-game-players-manises-park-fountain.jpg","width":1024,"height":1024,"caption":"Four young people gathered around a mobile phone in a park with a fountain in Manises."},{"@type":"BreadcrumbList","@id":"https:\/\/testwebsite.citygame.com\/vi\/games\/manises\/secrets-of-manises\/#breadcrumb","itemListElement":[{"@type":"ListItem","position":1,"name":"Home","item":"https:\/\/testwebsite.citygame.com\/vi\/"},{"@type":"ListItem","position":2,"name":"Shop","item":"https:\/\/testwebsite.citygame.com\/shop\/"},{"@type":"ListItem","position":3,"name":"Secrets of Manises"}]},{"@type":"WebSite","@id":"https:\/\/testwebsite.upevents.nl\/#website","url":"https:\/\/testwebsite.upevents.nl\/","name":"City Game","description":"","publisher":{"@id":"https:\/\/testwebsite.upevents.nl\/#organization"},"alternateName":"citygame.com","potentialAction":[{"@type":"SearchAction","target":{"@type":"EntryPoint","urlTemplate":"https:\/\/testwebsite.upevents.nl\/?s={search_term_string}"},"query-input":{"@type":"PropertyValueSpecification","valueRequired":true,"valueName":"search_term_string"}}],"inLanguage":"vi"},{"@type":["Organization","Place"],"@id":"https:\/\/testwebsite.upevents.nl\/#organization","name":"City Game","alternateName":"citygame.com","url":"https:\/\/testwebsite.upevents.nl\/","logo":{"@id":"https:\/\/testwebsite.citygame.com\/vi\/games\/manises\/secrets-of-manises\/#local-main-organization-logo"},"image":{"@id":"https:\/\/testwebsite.citygame.com\/vi\/games\/manises\/secrets-of-manises\/#local-main-organization-logo"},"sameAs":["https:\/\/www.facebook.com\/profile.php?id=100086426226253","https:\/\/www.instagram.com\/citygame_com","https:\/\/www.tiktok.com\/@citygamecom\/","https:\/\/www.linkedin.com\/company\/citygame-com"],"description":"Turn any city into a playground with our interactive City Games and self-guided tours. Fun, flexible, and ideal for groups and team building.","telephone":[],"openingHoursSpecification":[{"@type":"OpeningHoursSpecification","dayOfWeek":["Monday","Tuesday","Wednesday","Thursday","Friday","Saturday","Sunday"],"opens":"09:00","closes":"17:00"}]},{"@type":"ImageObject","inLanguage":"vi","@id":"https:\/\/testwebsite.citygame.com\/vi\/games\/manises\/secrets-of-manises\/#local-main-organization-logo","url":"https:\/\/testwebsite.citygame.com\/wp-content\/blogs.dir\/1\/files\/sites\/62\/2025\/10\/CG_LOGO-City-Game.png","contentUrl":"https:\/\/testwebsite.citygame.com\/wp-content\/blogs.dir\/1\/files\/sites\/62\/2025\/10\/CG_LOGO-City-Game.png","width":351,"height":377,"caption":"City Game"}]}},"taxonomy_info":{"game-concept":[{"value":733,"label":"Secrets"}],"location":[{"value":266,"label":"Manises"}],"product_cat":[{"value":27,"label":"Geen categorie"}]},"featured_image_src_large":["https:\/\/testwebsite.citygame.com\/wp-content\/blogs.dir\/1\/files\/sites\/62\/2026\/01\/city-game-players-manises-park-fountain.jpg",1024,1024,false],"author_info":[],"comment_info":"","_links":{"self":[{"href":"https:\/\/testwebsite.citygame.com\/vi\/wp-json\/wp\/v2\/product\/64743","targetHints":{"allow":["GET"]}}],"collection":[{"href":"https:\/\/testwebsite.citygame.com\/vi\/wp-json\/wp\/v2\/product"}],"about":[{"href":"https:\/\/testwebsite.citygame.com\/vi\/wp-json\/wp\/v2\/types\/product"}],"acf:post":[{"embeddable":true,"href":"https:\/\/testwebsite.citygame.com\/vi\/wp-json\/wp\/v2\/pages\/15691"}],"wp:featuredmedia":[{"embeddable":true,"href":"https:\/\/testwebsite.citygame.com\/vi\/wp-json\/wp\/v2\/media\/3751"}],"wp:attachment":[{"href":"https:\/\/testwebsite.citygame.com\/vi\/wp-json\/wp\/v2\/media?parent=64743"}],"wp:term":[{"taxonomy":"game-concept","embeddable":true,"href":"https:\/\/testwebsite.citygame.com\/vi\/wp-json\/wp\/v2\/game-concept?post=64743"},{"taxonomy":"location","embeddable":true,"href":"https:\/\/testwebsite.citygame.com\/vi\/wp-json\/wp\/v2\/location?post=64743"},{"taxonomy":"product_brand","embeddable":true,"href":"https:\/\/testwebsite.citygame.com\/vi\/wp-json\/wp\/v2\/product_brand?post=64743"},{"taxonomy":"product_cat","embeddable":true,"href":"https:\/\/testwebsite.citygame.com\/vi\/wp-json\/wp\/v2\/product_cat?post=64743"},{"taxonomy":"product_tag","embeddable":true,"href":"https:\/\/testwebsite.citygame.com\/vi\/wp-json\/wp\/v2\/product_tag?post=64743"}],"curies":[{"name":"wp","href":"https:\/\/api.w.org\/{rel}","templated":true}]}}