{"id":64720,"date":"2026-02-12T15:30:42","date_gmt":"2026-02-12T15:30:42","guid":{"rendered":"https:\/\/testwebsite.citygame.com\/games\/unknown-location\/sherlock-holmes-santa-cruz-de-tenerife\/"},"modified":"2026-04-08T14:31:50","modified_gmt":"2026-04-08T14:31:50","slug":"sherlock-holmes-santa-cruz-de-tenerife","status":"publish","type":"product","link":"https:\/\/testwebsite.citygame.com\/vi\/games\/santa-cruz-de-tenerife\/sherlock-holmes-santa-cruz-de-tenerife\/","title":{"rendered":"Sherlock Holmes Santa Cruz de Tenerife"},"content":{"rendered":"<p>B\u01b0\u1edbc v\u00e0o th\u1ebf gi\u1edbi c\u1ee7a Sherlock Holmes v\u1edbi tr\u00f2 ch\u01a1i City Game b\u00ed \u1ea9n \u00e1n m\u1ea1ng t\u1ef1 kh\u00e1m ph\u00e1, d\u1ef1a tr\u00ean c\u1ed1t truy\u1ec7n n\u00e0y, l\u1ea5y b\u1ed1i c\u1ea3nh t\u1ea1i trung t\u00e2m th\u00e0nh ph\u1ed1 Santa Cruz de Tenerife. Khi m\u1ed9t s\u1ef1 c\u1ed1 ch\u1ebft ng\u01b0\u1eddi di\u1ec5n ra trong L\u1ec5 h\u1ed9i T\u1ef1 do, c\u00e1c con ph\u1ed1 tr\u1edf th\u00e0nh b\u1ed1i c\u1ea3nh cho m\u1ed9t cu\u1ed9c \u0111i\u1ec1u tra th\u00e1m t\u1eed h\u1ea5p d\u1eabn, n\u01a1i b\u1ea1n thu th\u1eadp manh m\u1ed1i, gi\u1ea3i c\u00e2u \u0111\u1ed1 v\u00e0 th\u1ea9m v\u1ea5n c\u00e1c nghi ph\u1ea1m k\u1ef9 thu\u1eadt s\u1ed1. H\u00e3y theo d\u00f5i c\u00e2u chuy\u1ec7n theo t\u1ed1c \u0111\u1ed9 c\u1ee7a ri\u00eang b\u1ea1n, kh\u00e1m ph\u00e1 nh\u1eefng s\u1ef1 th\u1eadt \u1ea9n gi\u1ea5u v\u00e0 \u0111\u1eafm m\u00ecnh ho\u00e0n to\u00e0n v\u00e0o b\u00ed \u1ea9n khi n\u00f3 len l\u1ecfi qua tr\u00e1i tim th\u00e0nh ph\u1ed1.<\/p>\n","protected":false},"excerpt":{"rendered":"<p>B\u01b0\u1edbc v\u00e0o vai Sherlock Holmes trong m\u1ed9t cu\u1ed9c phi\u00eau l\u01b0u b\u00ed \u1ea9n \u00e1n m\u1ea1ng gay c\u1ea5n, t\u1ef1 kh\u00e1m ph\u00e1, l\u1ea5y b\u1ed1i c\u1ea3nh t\u1ea1i Santa Cruz de Tenerife. B\u1ea1n v\u00e0 \u0111\u1ed9i c\u1ee7a m\u00ecnh c\u00f3 th\u1ec3 v\u01b0\u1ee3t qua th\u1eed th\u00e1ch, theo d\u00f5i manh m\u1ed1i, gi\u1ea3i c\u00e2u \u0111\u1ed1 v\u00e0 kh\u00e1m ph\u00e1 s\u1ef1 th\u1eadt tr\u01b0\u1edbc khi h\u1ebft th\u1eddi gian kh\u00f4ng? H\u00e3y s\u1eb5n s\u00e0ng \u0111\u00f3n nh\u1eadn!<\/p>\n","protected":false},"featured_media":13066,"template":"","meta":{"_acf_changed":false,"_yoast_wpseo_focuskw":"Sherlock Holmes Santa Cruz de Tenerife","_yoast_wpseo_metadesc":"Sherlock Holmes Santa Cruz de Tenerife. Ch\u01a1i m\u1ed9t tr\u00f2 City Game b\u00ed \u1ea9n \u00e1n m\u1ea1ng t\u1ef1 kh\u00e1m ph\u00e1, gi\u1ea3i c\u00e2u \u0111\u1ed1, theo d\u00f5i manh m\u1ed1i v\u00e0 t\u00ecm ra hung th\u1ee7 theo t\u1ed1c \u0111\u1ed9 c\u1ee7a ri\u00eang b\u1ea1n!","_kad_blocks_custom_css":"","_kad_blocks_head_custom_js":"","_kad_blocks_body_custom_js":"","_kad_blocks_footer_custom_js":"","ghostkit_customizer_options":"","ghostkit_custom_css":"","ghostkit_custom_js_head":"","ghostkit_custom_js_foot":"","ghostkit_typography":"","_kad_post_transparent":"","_kad_post_title":"","_kad_post_layout":"","_kad_post_sidebar_id":"","_kad_post_content_style":"","_kad_post_vertical_padding":"","_kad_post_feature":"","_kad_post_feature_position":"","_kad_post_header":false,"_kad_post_footer":false,"_kad_post_classname":"","_links_to":"","_links_to_target":""},"game-concept":[794],"location":[359],"product_brand":[],"product_cat":[27],"product_tag":[],"class_list":{"0":"post-64720","1":"product","2":"type-product","3":"status-publish","4":"has-post-thumbnail","6":"game-concept-sherlock","7":"location-santa-cruz-de-tenerife","8":"product_cat-geen-categorie","10":"first","11":"instock","12":"shipping-taxable","13":"purchasable","14":"product-type-simple","15":"entry","16":"content-bg","17":"loop-entry"},"acf":{"full_bokun_product_name":"Santa Cruz de Tenerife Self-Guided Sherlock Holmes Murder Mystery Game","location_name":"Santa Cruz de Tenerife","bokun_calendar_widget_code":"<script type=\"text\/javascript\" src=\"https:\/\/widgets.bokun.io\/assets\/javascripts\/apps\/build\/BokunWidgetsLoader.js?bookingChannelUUID=a1e93e96-5232-4734-a595-28405f4b5a31\" async><\/script>\n     \n    <div class=\"bokunWidget\" data-src=\"https:\/\/widgets.bokun.io\/online-sales\/a1e93e96-5232-4734-a595-28405f4b5a31\/experience-calendar\/799523\"><\/div>\n    <noscript>Please enable javascript in your browser to book<\/noscript>","bokun_button_widget_code":"<script type=\"text\/javascript\" src=\"https:\/\/widgets.bokun.io\/assets\/javascripts\/apps\/build\/BokunWidgetsLoader.js?bookingChannelUUID=a1e93e96-5232-4734-a595-28405f4b5a31\" async><\/script>\n      <style> #bokun_ed001e45_5927_4f62_b470_ca766338d083 { display: inline-block; padding: .4em 1em; background: #47b82e; border-radius: 999999px; box-shadow: none; font-weight: 600; font-size: 24px; text-decoration: none; text-align: center; color: #FFFFFF; border:none; cursor: pointer; transition: background .2s ease; } #bokun_ed001e45_5927_4f62_b470_ca766338d083:hover{ background: #2f7b1f; } #bokun_ed001e45_5927_4f62_b470_ca766338d083:active{ background: #378f24; } <\/style> <button class=\"bokunButton\" disabled id=bokun_ed001e45_5927_4f62_b470_ca766338d083 data-src=\"https:\/\/widgets.bokun.io\/online-sales\/a1e93e96-5232-4734-a595-28405f4b5a31\/experience-calendar\/799523?partialView=1\" data-testid=\"widget-book-button\" > Book now <\/button> ","what_you\u2019ll_experience_during_the_game":"B\u1ea1n b\u01b0\u1edbc v\u00e0o m\u1ed9t c\u00e2u chuy\u1ec7n trinh th\u00e1m h\u1ea5p d\u1eabn l\u1ea5y b\u1ed1i c\u1ea3nh t\u1ea1i trung t\u00e2m Santa Cruz de Tenerife, n\u01a1i b\u00ed \u1ea9n v\u1ec1 m\u1ed9t v\u1ee5 \u00e1n m\u1ea1ng trong L\u1ec5 h\u1ed9i T\u1ef1 do b\u1eaft \u0111\u1ea7u h\u00e9 m\u1edf. Khi b\u1ea1n di chuy\u1ec3n qua c\u00e1c con ph\u1ed1 v\u00e0 nh\u1eefng g\u00f3c khu\u1ea5t c\u1ee7a th\u00e0nh ph\u1ed1, m\u1ed7i \u0111\u1ecba \u0111i\u1ec3m m\u1edbi s\u1ebd ti\u1ebft l\u1ed9 nh\u1eefng m\u1ea3nh gh\u00e9p c\u1ee7a v\u1ee5 \u00e1n, k\u00e9o b\u1ea1n s\u00e2u h\u01a1n v\u00e0o m\u1ed9t cu\u1ed9c \u0111i\u1ec1u tra \u0111\u1ea7y k\u1ecbch t\u00ednh, ho\u00e0n to\u00e0n d\u1ef1a tr\u00ean c\u1ed1t truy\u1ec7n. Manh m\u1ed1i xu\u1ea5t hi\u1ec7n \u1edf nh\u1eefng n\u01a1i b\u1ea1n \u00edt ng\u1edd t\u1edbi nh\u1ea5t, v\u00e0 nh\u1eefng c\u00e2u \u0111\u1ed1 th\u00e1ch th\u1ee9c logic c\u1ee7a b\u1ea1n khi b\u1ea1n ti\u1ebfn g\u1ea7n h\u01a1n \u0111\u1ebfn s\u1ef1 th\u1eadt.\n\nB\u1ea1n s\u1ebd th\u1ea9m v\u1ea5n c\u00e1c nghi ph\u1ea1m k\u1ef9 thu\u1eadt s\u1ed1, ph\u00e2n t\u00edch ch\u1ee9ng c\u1ee9 ngo\u1ea1i ph\u1ea1m v\u00e0 t\u00ecm ra nh\u1eefng m\u00e2u thu\u1eabn c\u00f3 th\u1ec3 l\u00e0m s\u00e1ng t\u1ecf v\u1ee5 \u00e1n. T\u01b0 duy ph\u1ea3n bi\u1ec7n, kh\u1ea3 n\u0103ng quan s\u00e1t s\u1eafc b\u00e9n v\u00e0 suy lu\u1eadn nh\u1ea1y b\u00e9n l\u00e0 nh\u1eefng c\u00f4ng c\u1ee5 qu\u00fd gi\u00e1 nh\u1ea5t c\u1ee7a b\u1ea1n. B\u00ed \u1ea9n ph\u00e1t tri\u1ec3n trong th\u1eddi gian th\u1ef1c theo t\u1ed1c \u0111\u1ed9 c\u1ee7a ri\u00eang b\u1ea1n, cho ph\u00e9p b\u1ea1n t\u1ea1m d\u1eebng v\u00e0 ti\u1ebfp t\u1ee5c b\u1ea5t c\u1ee9 khi n\u00e0o ph\u00f9 h\u1ee3p. N\u1ebfu b\u1ea1n l\u00e0 m\u1ed9t ph\u1ea7n c\u1ee7a \u0111\u1ed9i, h\u00e3y ph\u00e1 \u00e1n nhanh h\u01a1n nh\u1eefng ng\u01b0\u1eddi c\u00f2n l\u1ea1i \u0111\u1ec3 c\u00f3 m\u1ed9t ch\u00fat h\u1ed3i h\u1ed9p c\u1ea1nh tranh. \u0110\u1eebng qu\u00e1 tin t\u01b0\u1edfng b\u1ea5t c\u1ee9 ai m\u1ed9t c\u00e1ch nhanh ch\u00f3ng \u2014 \u1edf Santa Cruz de Tenerife, m\u1ed7i c\u00e2u tr\u1ea3 l\u1eddi l\u1ea1i d\u1eabn \u0111\u1ebfn nhi\u1ec1u c\u00e2u h\u1ecfi h\u01a1n.","how_to_play":"L\u00e0m vi\u1ec7c m\u1ed9t m\u00ecnh ho\u1eb7c c\u00f9ng b\u1ea1n b\u00e8, gia \u0111\u00ecnh, ho\u1eb7c \u0111\u1ed3ng nghi\u1ec7p theo nh\u00f3m t\u1ed1i \u0111a b\u1ed1n ng\u01b0\u1eddi m\u1ed7i thi\u1ebft b\u1ecb. Sau khi \u0111\u1eb7t ch\u1ed7, b\u1ea1n s\u1ebd nh\u1eadn \u0111\u01b0\u1ee3c m\u1ed9t email h\u01b0\u1edbng d\u1eabn v\u1edbi m\u1ecdi th\u1ee9 b\u1ea1n c\u1ea7n.","start_location":"Santa Cruz de Tenerife, Triunfo de Candelaria","available_languages":["en","es","fr","de","it","nl"],"players_per_group":"1-4","duration":"1.5-2 hours","image_overlay_color_image":"https:\/\/testwebsite.citygame.com\/wp-content\/blogs.dir\/1\/files\/sites\/62\/2026\/01\/SherlockColor.svg","image_overlay_game_logo":"https:\/\/testwebsite.citygame.com\/wp-content\/blogs.dir\/1\/files\/sites\/62\/2026\/01\/SherlockLogo.png","city_page":11680,"woocommerce_general_content":null},"yoast_head":"<!-- This site is optimized with the Yoast SEO Premium plugin v26.2 (Yoast SEO v26.3) - https:\/\/yoast.com\/wordpress\/plugins\/seo\/ -->\n<title>Sherlock Holmes Santa Cruz de Tenerife - City Game<\/title>\n<meta name=\"description\" content=\"Sherlock Holmes Santa Cruz de Tenerife. Ch\u01a1i m\u1ed9t tr\u00f2 City Game b\u00ed \u1ea9n \u00e1n m\u1ea1ng t\u1ef1 kh\u00e1m ph\u00e1, gi\u1ea3i c\u00e2u \u0111\u1ed1, theo d\u00f5i manh m\u1ed1i v\u00e0 t\u00ecm ra hung th\u1ee7 theo t\u1ed1c \u0111\u1ed9 c\u1ee7a ri\u00eang b\u1ea1n!\" \/>\n<meta name=\"robots\" content=\"noindex, follow, max-snippet:-1, max-image-preview:large, max-video-preview:-1\" \/>\n<meta property=\"og:locale\" content=\"vi_VN\" \/>\n<meta property=\"og:type\" content=\"article\" \/>\n<meta property=\"og:title\" content=\"Sherlock Holmes Santa Cruz de Tenerife\" \/>\n<meta property=\"og:description\" content=\"Sherlock Holmes Santa Cruz de Tenerife. Ch\u01a1i m\u1ed9t tr\u00f2 City Game b\u00ed \u1ea9n \u00e1n m\u1ea1ng t\u1ef1 kh\u00e1m ph\u00e1, gi\u1ea3i c\u00e2u \u0111\u1ed1, theo d\u00f5i manh m\u1ed1i v\u00e0 t\u00ecm ra hung th\u1ee7 theo t\u1ed1c \u0111\u1ed9 c\u1ee7a ri\u00eang b\u1ea1n!\" \/>\n<meta property=\"og:url\" content=\"https:\/\/testwebsite.citygame.com\/vi\/games\/santa-cruz-de-tenerife\/sherlock-holmes-santa-cruz-de-tenerife\/\" \/>\n<meta property=\"og:site_name\" content=\"City Game\" \/>\n<meta property=\"article:publisher\" content=\"https:\/\/www.facebook.com\/profile.php?id=100086426226253\" \/>\n<meta property=\"article:modified_time\" content=\"2026-04-08T14:31:50+00:00\" \/>\n<meta property=\"og:image\" content=\"https:\/\/testwebsite.citygame.com\/wp-content\/blogs.dir\/1\/files\/sites\/62\/2026\/02\/santa-cruz-de-tenerife-sherlock-game-player-in-park.jpg\" \/>\n\t<meta property=\"og:image:width\" content=\"1024\" \/>\n\t<meta property=\"og:image:height\" content=\"1024\" \/>\n\t<meta property=\"og:image:type\" content=\"image\/jpeg\" \/>\n<meta name=\"twitter:card\" content=\"summary_large_image\" \/>\n<meta name=\"twitter:label1\" content=\"\u01af\u1edbc t\u00ednh th\u1eddi gian \u0111\u1ecdc\" \/>\n\t<meta name=\"twitter:data1\" content=\"1 ph\u00fat\" \/>\n<script type=\"application\/ld+json\" class=\"yoast-schema-graph\">{\"@context\":\"https:\/\/schema.org\",\"@graph\":[{\"@type\":\"WebPage\",\"@id\":\"https:\/\/testwebsite.citygame.com\/vi\/games\/santa-cruz-de-tenerife\/sherlock-holmes-santa-cruz-de-tenerife\/\",\"url\":\"https:\/\/testwebsite.citygame.com\/vi\/games\/santa-cruz-de-tenerife\/sherlock-holmes-santa-cruz-de-tenerife\/\",\"name\":\"Sherlock Holmes Santa Cruz de Tenerife - City Game\",\"isPartOf\":{\"@id\":\"https:\/\/testwebsite.upevents.nl\/#website\"},\"primaryImageOfPage\":{\"@id\":\"https:\/\/testwebsite.citygame.com\/vi\/games\/santa-cruz-de-tenerife\/sherlock-holmes-santa-cruz-de-tenerife\/#primaryimage\"},\"image\":{\"@id\":\"https:\/\/testwebsite.citygame.com\/vi\/games\/santa-cruz-de-tenerife\/sherlock-holmes-santa-cruz-de-tenerife\/#primaryimage\"},\"thumbnailUrl\":\"https:\/\/testwebsite.citygame.com\/wp-content\/blogs.dir\/1\/files\/sites\/62\/2026\/02\/santa-cruz-de-tenerife-sherlock-game-player-in-park.jpg\",\"datePublished\":\"2026-02-12T15:30:42+00:00\",\"dateModified\":\"2026-04-08T14:31:50+00:00\",\"description\":\"Sherlock Holmes Santa Cruz de Tenerife. Ch\u01a1i m\u1ed9t tr\u00f2 City Game b\u00ed \u1ea9n \u00e1n m\u1ea1ng t\u1ef1 kh\u00e1m ph\u00e1, gi\u1ea3i c\u00e2u \u0111\u1ed1, theo d\u00f5i manh m\u1ed1i v\u00e0 t\u00ecm ra hung th\u1ee7 theo t\u1ed1c \u0111\u1ed9 c\u1ee7a ri\u00eang b\u1ea1n!\",\"breadcrumb\":{\"@id\":\"https:\/\/testwebsite.citygame.com\/vi\/games\/santa-cruz-de-tenerife\/sherlock-holmes-santa-cruz-de-tenerife\/#breadcrumb\"},\"inLanguage\":\"vi\",\"potentialAction\":[{\"@type\":\"ReadAction\",\"target\":[\"https:\/\/testwebsite.citygame.com\/vi\/games\/santa-cruz-de-tenerife\/sherlock-holmes-santa-cruz-de-tenerife\/\"]}]},{\"@type\":\"ImageObject\",\"inLanguage\":\"vi\",\"@id\":\"https:\/\/testwebsite.citygame.com\/vi\/games\/santa-cruz-de-tenerife\/sherlock-holmes-santa-cruz-de-tenerife\/#primaryimage\",\"url\":\"https:\/\/testwebsite.citygame.com\/wp-content\/blogs.dir\/1\/files\/sites\/62\/2026\/02\/santa-cruz-de-tenerife-sherlock-game-player-in-park.jpg\",\"contentUrl\":\"https:\/\/testwebsite.citygame.com\/wp-content\/blogs.dir\/1\/files\/sites\/62\/2026\/02\/santa-cruz-de-tenerife-sherlock-game-player-in-park.jpg\",\"width\":1024,\"height\":1024,\"caption\":\"A player navigates a maze-like game on his phone while sitting in a city park.\"},{\"@type\":\"BreadcrumbList\",\"@id\":\"https:\/\/testwebsite.citygame.com\/vi\/games\/santa-cruz-de-tenerife\/sherlock-holmes-santa-cruz-de-tenerife\/#breadcrumb\",\"itemListElement\":[{\"@type\":\"ListItem\",\"position\":1,\"name\":\"Home\",\"item\":\"https:\/\/testwebsite.citygame.com\/vi\/\"},{\"@type\":\"ListItem\",\"position\":2,\"name\":\"Shop\",\"item\":\"https:\/\/testwebsite.citygame.com\/shop\/\"},{\"@type\":\"ListItem\",\"position\":3,\"name\":\"Sherlock Holmes Santa Cruz de Tenerife\"}]},{\"@type\":\"WebSite\",\"@id\":\"https:\/\/testwebsite.upevents.nl\/#website\",\"url\":\"https:\/\/testwebsite.upevents.nl\/\",\"name\":\"City Game\",\"description\":\"\",\"publisher\":{\"@id\":\"https:\/\/testwebsite.upevents.nl\/#organization\"},\"alternateName\":\"citygame.com\",\"potentialAction\":[{\"@type\":\"SearchAction\",\"target\":{\"@type\":\"EntryPoint\",\"urlTemplate\":\"https:\/\/testwebsite.upevents.nl\/?s={search_term_string}\"},\"query-input\":{\"@type\":\"PropertyValueSpecification\",\"valueRequired\":true,\"valueName\":\"search_term_string\"}}],\"inLanguage\":\"vi\"},{\"@type\":[\"Organization\",\"Place\"],\"@id\":\"https:\/\/testwebsite.upevents.nl\/#organization\",\"name\":\"City Game\",\"alternateName\":\"citygame.com\",\"url\":\"https:\/\/testwebsite.upevents.nl\/\",\"logo\":{\"@id\":\"https:\/\/testwebsite.citygame.com\/vi\/games\/santa-cruz-de-tenerife\/sherlock-holmes-santa-cruz-de-tenerife\/#local-main-organization-logo\"},\"image\":{\"@id\":\"https:\/\/testwebsite.citygame.com\/vi\/games\/santa-cruz-de-tenerife\/sherlock-holmes-santa-cruz-de-tenerife\/#local-main-organization-logo\"},\"sameAs\":[\"https:\/\/www.facebook.com\/profile.php?id=100086426226253\",\"https:\/\/www.instagram.com\/citygame_com\",\"https:\/\/www.tiktok.com\/@citygamecom\/\",\"https:\/\/www.linkedin.com\/company\/citygame-com\"],\"description\":\"Turn any city into a playground with our interactive City Games and self-guided tours. Fun, flexible, and ideal for groups and team building.\",\"telephone\":[],\"openingHoursSpecification\":[{\"@type\":\"OpeningHoursSpecification\",\"dayOfWeek\":[\"Monday\",\"Tuesday\",\"Wednesday\",\"Thursday\",\"Friday\",\"Saturday\",\"Sunday\"],\"opens\":\"09:00\",\"closes\":\"17:00\"}]},{\"@type\":\"ImageObject\",\"inLanguage\":\"vi\",\"@id\":\"https:\/\/testwebsite.citygame.com\/vi\/games\/santa-cruz-de-tenerife\/sherlock-holmes-santa-cruz-de-tenerife\/#local-main-organization-logo\",\"url\":\"https:\/\/testwebsite.citygame.com\/wp-content\/blogs.dir\/1\/files\/sites\/62\/2025\/10\/CG_LOGO-City-Game.png\",\"contentUrl\":\"https:\/\/testwebsite.citygame.com\/wp-content\/blogs.dir\/1\/files\/sites\/62\/2025\/10\/CG_LOGO-City-Game.png\",\"width\":351,\"height\":377,\"caption\":\"City Game\"}]}<\/script>\n<!-- \/ Yoast SEO Premium plugin. -->","yoast_head_json":{"title":"Sherlock Holmes Santa Cruz de Tenerife - City Game","description":"Sherlock Holmes Santa Cruz de Tenerife. Ch\u01a1i m\u1ed9t tr\u00f2 City Game b\u00ed \u1ea9n \u00e1n m\u1ea1ng t\u1ef1 kh\u00e1m ph\u00e1, gi\u1ea3i c\u00e2u \u0111\u1ed1, theo d\u00f5i manh m\u1ed1i v\u00e0 t\u00ecm ra hung th\u1ee7 theo t\u1ed1c \u0111\u1ed9 c\u1ee7a ri\u00eang b\u1ea1n!","robots":{"index":"noindex","follow":"follow","max-snippet":"max-snippet:-1","max-image-preview":"max-image-preview:large","max-video-preview":"max-video-preview:-1"},"og_locale":"vi_VN","og_type":"article","og_title":"Sherlock Holmes Santa Cruz de Tenerife","og_description":"Sherlock Holmes Santa Cruz de Tenerife. Ch\u01a1i m\u1ed9t tr\u00f2 City Game b\u00ed \u1ea9n \u00e1n m\u1ea1ng t\u1ef1 kh\u00e1m ph\u00e1, gi\u1ea3i c\u00e2u \u0111\u1ed1, theo d\u00f5i manh m\u1ed1i v\u00e0 t\u00ecm ra hung th\u1ee7 theo t\u1ed1c \u0111\u1ed9 c\u1ee7a ri\u00eang b\u1ea1n!","og_url":"https:\/\/testwebsite.citygame.com\/vi\/games\/santa-cruz-de-tenerife\/sherlock-holmes-santa-cruz-de-tenerife\/","og_site_name":"City Game","article_publisher":"https:\/\/www.facebook.com\/profile.php?id=100086426226253","article_modified_time":"2026-04-08T14:31:50+00:00","og_image":[{"width":1024,"height":1024,"url":"https:\/\/testwebsite.citygame.com\/wp-content\/blogs.dir\/1\/files\/sites\/62\/2026\/02\/santa-cruz-de-tenerife-sherlock-game-player-in-park.jpg","type":"image\/jpeg"}],"twitter_card":"summary_large_image","twitter_misc":{"\u01af\u1edbc t\u00ednh th\u1eddi gian \u0111\u1ecdc":"1 ph\u00fat"},"schema":{"@context":"https:\/\/schema.org","@graph":[{"@type":"WebPage","@id":"https:\/\/testwebsite.citygame.com\/vi\/games\/santa-cruz-de-tenerife\/sherlock-holmes-santa-cruz-de-tenerife\/","url":"https:\/\/testwebsite.citygame.com\/vi\/games\/santa-cruz-de-tenerife\/sherlock-holmes-santa-cruz-de-tenerife\/","name":"Sherlock Holmes Santa Cruz de Tenerife - City Game","isPartOf":{"@id":"https:\/\/testwebsite.upevents.nl\/#website"},"primaryImageOfPage":{"@id":"https:\/\/testwebsite.citygame.com\/vi\/games\/santa-cruz-de-tenerife\/sherlock-holmes-santa-cruz-de-tenerife\/#primaryimage"},"image":{"@id":"https:\/\/testwebsite.citygame.com\/vi\/games\/santa-cruz-de-tenerife\/sherlock-holmes-santa-cruz-de-tenerife\/#primaryimage"},"thumbnailUrl":"https:\/\/testwebsite.citygame.com\/wp-content\/blogs.dir\/1\/files\/sites\/62\/2026\/02\/santa-cruz-de-tenerife-sherlock-game-player-in-park.jpg","datePublished":"2026-02-12T15:30:42+00:00","dateModified":"2026-04-08T14:31:50+00:00","description":"Sherlock Holmes Santa Cruz de Tenerife. Ch\u01a1i m\u1ed9t tr\u00f2 City Game b\u00ed \u1ea9n \u00e1n m\u1ea1ng t\u1ef1 kh\u00e1m ph\u00e1, gi\u1ea3i c\u00e2u \u0111\u1ed1, theo d\u00f5i manh m\u1ed1i v\u00e0 t\u00ecm ra hung th\u1ee7 theo t\u1ed1c \u0111\u1ed9 c\u1ee7a ri\u00eang b\u1ea1n!","breadcrumb":{"@id":"https:\/\/testwebsite.citygame.com\/vi\/games\/santa-cruz-de-tenerife\/sherlock-holmes-santa-cruz-de-tenerife\/#breadcrumb"},"inLanguage":"vi","potentialAction":[{"@type":"ReadAction","target":["https:\/\/testwebsite.citygame.com\/vi\/games\/santa-cruz-de-tenerife\/sherlock-holmes-santa-cruz-de-tenerife\/"]}]},{"@type":"ImageObject","inLanguage":"vi","@id":"https:\/\/testwebsite.citygame.com\/vi\/games\/santa-cruz-de-tenerife\/sherlock-holmes-santa-cruz-de-tenerife\/#primaryimage","url":"https:\/\/testwebsite.citygame.com\/wp-content\/blogs.dir\/1\/files\/sites\/62\/2026\/02\/santa-cruz-de-tenerife-sherlock-game-player-in-park.jpg","contentUrl":"https:\/\/testwebsite.citygame.com\/wp-content\/blogs.dir\/1\/files\/sites\/62\/2026\/02\/santa-cruz-de-tenerife-sherlock-game-player-in-park.jpg","width":1024,"height":1024,"caption":"A player navigates a maze-like game on his phone while sitting in a city park."},{"@type":"BreadcrumbList","@id":"https:\/\/testwebsite.citygame.com\/vi\/games\/santa-cruz-de-tenerife\/sherlock-holmes-santa-cruz-de-tenerife\/#breadcrumb","itemListElement":[{"@type":"ListItem","position":1,"name":"Home","item":"https:\/\/testwebsite.citygame.com\/vi\/"},{"@type":"ListItem","position":2,"name":"Shop","item":"https:\/\/testwebsite.citygame.com\/shop\/"},{"@type":"ListItem","position":3,"name":"Sherlock Holmes Santa Cruz de Tenerife"}]},{"@type":"WebSite","@id":"https:\/\/testwebsite.upevents.nl\/#website","url":"https:\/\/testwebsite.upevents.nl\/","name":"City Game","description":"","publisher":{"@id":"https:\/\/testwebsite.upevents.nl\/#organization"},"alternateName":"citygame.com","potentialAction":[{"@type":"SearchAction","target":{"@type":"EntryPoint","urlTemplate":"https:\/\/testwebsite.upevents.nl\/?s={search_term_string}"},"query-input":{"@type":"PropertyValueSpecification","valueRequired":true,"valueName":"search_term_string"}}],"inLanguage":"vi"},{"@type":["Organization","Place"],"@id":"https:\/\/testwebsite.upevents.nl\/#organization","name":"City Game","alternateName":"citygame.com","url":"https:\/\/testwebsite.upevents.nl\/","logo":{"@id":"https:\/\/testwebsite.citygame.com\/vi\/games\/santa-cruz-de-tenerife\/sherlock-holmes-santa-cruz-de-tenerife\/#local-main-organization-logo"},"image":{"@id":"https:\/\/testwebsite.citygame.com\/vi\/games\/santa-cruz-de-tenerife\/sherlock-holmes-santa-cruz-de-tenerife\/#local-main-organization-logo"},"sameAs":["https:\/\/www.facebook.com\/profile.php?id=100086426226253","https:\/\/www.instagram.com\/citygame_com","https:\/\/www.tiktok.com\/@citygamecom\/","https:\/\/www.linkedin.com\/company\/citygame-com"],"description":"Turn any city into a playground with our interactive City Games and self-guided tours. Fun, flexible, and ideal for groups and team building.","telephone":[],"openingHoursSpecification":[{"@type":"OpeningHoursSpecification","dayOfWeek":["Monday","Tuesday","Wednesday","Thursday","Friday","Saturday","Sunday"],"opens":"09:00","closes":"17:00"}]},{"@type":"ImageObject","inLanguage":"vi","@id":"https:\/\/testwebsite.citygame.com\/vi\/games\/santa-cruz-de-tenerife\/sherlock-holmes-santa-cruz-de-tenerife\/#local-main-organization-logo","url":"https:\/\/testwebsite.citygame.com\/wp-content\/blogs.dir\/1\/files\/sites\/62\/2025\/10\/CG_LOGO-City-Game.png","contentUrl":"https:\/\/testwebsite.citygame.com\/wp-content\/blogs.dir\/1\/files\/sites\/62\/2025\/10\/CG_LOGO-City-Game.png","width":351,"height":377,"caption":"City Game"}]}},"taxonomy_info":{"game-concept":[{"value":794,"label":"Sherlock"}],"location":[{"value":359,"label":"Santa Cruz de Tenerife"}],"product_cat":[{"value":27,"label":"Geen categorie"}]},"featured_image_src_large":["https:\/\/testwebsite.citygame.com\/wp-content\/blogs.dir\/1\/files\/sites\/62\/2026\/02\/santa-cruz-de-tenerife-sherlock-game-player-in-park.jpg",1024,1024,false],"author_info":[],"comment_info":"","_links":{"self":[{"href":"https:\/\/testwebsite.citygame.com\/vi\/wp-json\/wp\/v2\/product\/64720","targetHints":{"allow":["GET"]}}],"collection":[{"href":"https:\/\/testwebsite.citygame.com\/vi\/wp-json\/wp\/v2\/product"}],"about":[{"href":"https:\/\/testwebsite.citygame.com\/vi\/wp-json\/wp\/v2\/types\/product"}],"acf:post":[{"embeddable":true,"href":"https:\/\/testwebsite.citygame.com\/vi\/wp-json\/wp\/v2\/pages\/11680"}],"wp:featuredmedia":[{"embeddable":true,"href":"https:\/\/testwebsite.citygame.com\/vi\/wp-json\/wp\/v2\/media\/13066"}],"wp:attachment":[{"href":"https:\/\/testwebsite.citygame.com\/vi\/wp-json\/wp\/v2\/media?parent=64720"}],"wp:term":[{"taxonomy":"game-concept","embeddable":true,"href":"https:\/\/testwebsite.citygame.com\/vi\/wp-json\/wp\/v2\/game-concept?post=64720"},{"taxonomy":"location","embeddable":true,"href":"https:\/\/testwebsite.citygame.com\/vi\/wp-json\/wp\/v2\/location?post=64720"},{"taxonomy":"product_brand","embeddable":true,"href":"https:\/\/testwebsite.citygame.com\/vi\/wp-json\/wp\/v2\/product_brand?post=64720"},{"taxonomy":"product_cat","embeddable":true,"href":"https:\/\/testwebsite.citygame.com\/vi\/wp-json\/wp\/v2\/product_cat?post=64720"},{"taxonomy":"product_tag","embeddable":true,"href":"https:\/\/testwebsite.citygame.com\/vi\/wp-json\/wp\/v2\/product_tag?post=64720"}],"curies":[{"name":"wp","href":"https:\/\/api.w.org\/{rel}","templated":true}]}}