{"id":64607,"date":"2026-03-13T11:10:58","date_gmt":"2026-03-13T11:10:58","guid":{"rendered":"https:\/\/testwebsite.citygame.com\/games\/unknown-location\/secrets-of-zaanse-schans\/"},"modified":"2026-04-08T14:16:54","modified_gmt":"2026-04-08T14:16:54","slug":"secrets-of-zaanse-schans","status":"publish","type":"product","link":"https:\/\/testwebsite.citygame.com\/vi\/games\/zaanse-schans\/secrets-of-zaanse-schans\/","title":{"rendered":"Secrets of Zaanse Schans"},"content":{"rendered":"<p>B\u1eaft tay v\u00e0o m\u1ed9t cu\u1ed9c kh\u00e1m ph\u00e1 phi th\u01b0\u1eddng v\u1edbi &#8216;Secrets of Zaanse Schans City Game&#8217;, m\u1ed9t tr\u00f2 ch\u01a1i t\u1ef1 \u0111\u1ecbnh h\u01b0\u1edbng, d\u1ef1a tr\u00ean GPS di\u1ec5n ra trong m\u1ed9t khu v\u1ef1c c\u1ee5 th\u1ec3 c\u1ee7a Zaanse Schans. Ng\u01b0\u1eddi ch\u01a1i, trang b\u1ecb \u0111i\u1ec7n tho\u1ea1i th\u00f4ng minh, phi\u00eau l\u01b0u qua th\u1ecb tr\u1ea5n \u0111\u1eb9p nh\u01b0 tranh v\u1ebd, gi\u1ea3i quy\u1ebft nh\u1eefng c\u00e2u \u0111\u1ed1 k\u00edch th\u00edch t\u01b0 duy, nh\u1eefng c\u00e2u h\u1ecfi h\u00f3c b\u00faa h\u1ea5p d\u1eabn v\u00e0 nh\u1eefng th\u1eed th\u00e1ch ch\u1ee5p \u1ea3nh s\u00e1ng t\u1ea1o. Khi \u0111i qua nh\u1eefng c\u1ed1i xay gi\u00f3 duy\u00ean d\u00e1ng v\u00e0 nh\u1eefng ng\u00f4i nh\u00e0 c\u1ed5 k\u00ednh, tr\u00f2 ch\u01a1i th\u00e0nh ph\u1ed1 n\u00e0y kh\u00e1m ph\u00e1 l\u1ecbch s\u1eed phong ph\u00fa, v\u0103n h\u00f3a h\u1ea5p d\u1eabn v\u00e0 nh\u1eefng s\u1eafc th\u00e1i \u1ea9n gi\u1ea5u \u0111\u1ecbnh h\u00ecnh Zaanse Schans. Ph\u00f9 h\u1ee3p cho c\u1ea3 ng\u01b0\u1eddi d\u00e2n \u0111\u1ecba ph\u01b0\u01a1ng v\u00e0 du kh\u00e1ch, tr\u00f2 ch\u01a1i mang \u0111\u1ebfn m\u1ed9t g\u00f3c nh\u00ecn th\u00fa v\u1ecb v\u1ec1 th\u1ecb tr\u1ea5n, d\u00f9 b\u1ea1n l\u00e0 m\u1ed9t nh\u00e0 th\u00e1m hi\u1ec3m \u0111\u01a1n \u0111\u1ed9c hay c\u00f9ng v\u1edbi \u0111\u1ed1i t\u00e1c, gia \u0111\u00ecnh, ho\u1eb7c m\u1ed9t nh\u00f3m b\u1ea1n b\u00e8. K\u1ebft n\u1ed1i, h\u1ecdc h\u1ecfi v\u00e0 vui ch\u01a1i trong khi kh\u00e1m ph\u00e1 tr\u00e1i tim c\u1ee7a Zaanse Schans v\u1edbi tr\u00f2 ch\u01a1i th\u00e0nh ph\u1ed1 \u0111\u1ea7y h\u1ea5p d\u1eabn n\u00e0y.<\/p>\n","protected":false},"excerpt":{"rendered":"<p>Kh\u00e1m ph\u00e1 Zaanse Schans, tr\u00e1i tim rung \u0111\u1ed9ng c\u1ee7a di s\u1ea3n H\u00e0 Lan! B\u1eaft tay v\u00e0o m\u1ed9t cu\u1ed9c phi\u00eau l\u01b0u s\u1eed thi xuy\u00ean th\u1eddi gian; t\u1eeb ti\u1ebfng quay nh\u1eb9 nh\u00e0ng c\u1ee7a c\u1ed1i xay gi\u00f3 \u0111\u1ebfn m\u00f9i h\u01b0\u01a1ng \u0111\u1eb7c tr\u01b0ng c\u1ee7a h\u1ea1t ca cao, n\u01a1i m\u1ed7i g\u00f3c nh\u1ecf c\u1ed5 k\u00ednh th\u00ec th\u1ea7m nh\u1eefng b\u00ed m\u1eadt h\u00e0ng th\u1ebf k\u1ef7 v\u00e0 s\u1ef1 \u0111\u1ed5i m\u1edbi \u0111\u01b0\u1ee3c kh\u1eafc h\u1ecda tr\u00ean nh\u1eefng \u0111\u00f4i gu\u1ed1c g\u1ed7 &#8211; tr\u00f2 ch\u01a1i n\u00e0y l\u00e0 c\u00e1nh c\u1ed5ng \u0111\u01b0a b\u1ea1n v\u00e0o qu\u00e1 kh\u1ee9 \u0111\u1ea7y c\u1ea3m h\u1ee9ng c\u1ee7a Holland!<\/p>\n","protected":false},"featured_media":18503,"template":"","meta":{"_acf_changed":false,"_yoast_wpseo_focuskw":"Secrets of Zaanse Schans","_yoast_wpseo_metadesc":"Secrets of Zaanse Schans. Ch\u01a1i m\u1ed9t Tr\u00f2 ch\u01a1i Th\u00e0nh ph\u1ed1 t\u1ef1 \u0111\u1ecbnh h\u01b0\u1edbng v\u00e0 kh\u00e1m ph\u00e1 th\u00e0nh ph\u1ed1 qua c\u00e1c c\u00e2u \u0111\u1ed1, c\u00e2u h\u1ecfi h\u00f3c b\u00faa v\u00e0 th\u1eed th\u00e1ch. Ch\u01a1i theo t\u1ed1c \u0111\u1ed9 c\u1ee7a ri\u00eang b\u1ea1n v\u00e0 kh\u00e1m ph\u00e1 nh\u01b0 m\u1ed9t ng\u01b0\u1eddi \u0111\u1ecba ph\u01b0\u01a1ng!","_kad_blocks_custom_css":"","_kad_blocks_head_custom_js":"","_kad_blocks_body_custom_js":"","_kad_blocks_footer_custom_js":"","ghostkit_customizer_options":"","ghostkit_custom_css":"","ghostkit_custom_js_head":"","ghostkit_custom_js_foot":"","ghostkit_typography":"","_kad_post_transparent":"","_kad_post_title":"","_kad_post_layout":"","_kad_post_sidebar_id":"","_kad_post_content_style":"","_kad_post_vertical_padding":"","_kad_post_feature":"","_kad_post_feature_position":"","_kad_post_header":false,"_kad_post_footer":false,"_kad_post_classname":"","_links_to":"","_links_to_target":""},"game-concept":[733],"location":[615],"product_brand":[],"product_cat":[27],"product_tag":[],"class_list":{"0":"post-64607","1":"product","2":"type-product","3":"status-publish","4":"has-post-thumbnail","6":"game-concept-secrets","7":"location-zaanse-schans","8":"product_cat-geen-categorie","10":"first","11":"instock","12":"shipping-taxable","13":"purchasable","14":"product-type-simple","15":"entry","16":"content-bg","17":"loop-entry"},"acf":{"full_bokun_product_name":"Self-Guided Secrets of Zaanse Schans Exploration Game","location_name":"Zaanse Schans","bokun_calendar_widget_code":"<script type=\"text\/javascript\" src=\"https:\/\/widgets.bokun.io\/assets\/javascripts\/apps\/build\/BokunWidgetsLoader.js?bookingChannelUUID=a1e93e96-5232-4734-a595-28405f4b5a31\" async><\/script>\n     \n    <div class=\"bokunWidget\" data-src=\"https:\/\/widgets.bokun.io\/online-sales\/a1e93e96-5232-4734-a595-28405f4b5a31\/experience-calendar\/954029\"><\/div>\n    <noscript>Please enable javascript in your browser to book<\/noscript>","bokun_button_widget_code":"<script type=\"text\/javascript\" src=\"https:\/\/widgets.bokun.io\/assets\/javascripts\/apps\/build\/BokunWidgetsLoader.js?bookingChannelUUID=a1e93e96-5232-4734-a595-28405f4b5a31\" async><\/script>\n      <style> #bokun_ed001e45_5927_4f62_b470_ca766338d083 { display: inline-block; padding: .4em 1em; background: #47b82e; border-radius: 999999px; box-shadow: none; font-weight: 600; font-size: 24px; text-decoration: none; text-align: center; color: #FFFFFF; border:none; cursor: pointer; transition: background .2s ease; } #bokun_ed001e45_5927_4f62_b470_ca766338d083:hover{ background: #2f7b1f; } #bokun_ed001e45_5927_4f62_b470_ca766338d083:active{ background: #378f24; } <\/style> <button class=\"bokunButton\" disabled id=bokun_ed001e45_5927_4f62_b470_ca766338d083 data-src=\"https:\/\/widgets.bokun.io\/online-sales\/a1e93e96-5232-4734-a595-28405f4b5a31\/experience-calendar\/954029?partialView=1\" data-testid=\"widget-book-button\" > Book now <\/button> ","what_you\u2019ll_experience_during_the_game":"\u0110\u1eafm ch\u00ecm v\u00e0o nh\u1eefng c\u1ea3nh \u0111\u1eb9p v\u00e0 c\u00e2u chuy\u1ec7n quy\u1ebfn r\u0169 c\u1ee7a Zaanse Schans khi b\u1ea1n tham gia Tr\u00f2 ch\u01a1i Th\u00e0nh ph\u1ed1 \u0111\u1ed9c \u0111\u00e1o c\u1ee7a ch\u00fang t\u00f4i. Cu\u1ed9c phi\u00eau l\u01b0u h\u1ea5p d\u1eabn n\u00e0y kh\u00e9o l\u00e9o k\u1ebft h\u1ee3p kh\u00e1m ph\u00e1 l\u1ecbch s\u1eed v\u1edbi m\u1ed9t c\u00e2u chuy\u1ec7n l\u00f4i cu\u1ed1n, n\u1ed5i b\u1eadt v\u1edbi s\u1ef1 pha tr\u1ed9n gi\u1eefa c\u00e1c \u0111\u1ecba \u0111i\u1ec3m n\u1ed5i ti\u1ebfng v\u00e0 nh\u1eefng vi\u00ean ng\u1ecdc \u1ea9n gi\u1ea5u. Khi b\u1ea1n h\u00e0nh tr\u00ecnh qua ng\u00f4i l\u00e0ng c\u1ed1i xay gi\u00f3 duy\u00ean d\u00e1ng, h\u00e3y kh\u00e1m ph\u00e1 nh\u1eefng c\u00e2u chuy\u1ec7n m\u00ea ho\u1eb7c v\u1ec1 c\u00e1c \u0111i\u1ec3m n\u1ed5i b\u1eadt \u0111\u00e1ng ch\u00fa \u00fd nh\u01b0 bi\u1ec3u t\u01b0\u1ee3ng H\u00e0 Lan, nh\u1eefng ng\u00f4i nh\u00e0 g\u1ed7 c\u1ed5 \u0111i\u1ec3n v\u00e0 nh\u1eefng k\u00eanh n\u01b0\u1edbc quy\u1ebfn r\u0169 m\u00e0 v\u00f9ng n\u00e0y n\u1ed5i ti\u1ebfng. M\u1eb7c d\u00f9 tr\u00f2 ch\u01a1i kh\u00f4ng theo m\u1ed9t l\u1ed9 tr\u00ecnh c\u1ed1 \u0111\u1ecbnh, m\u1ed7i b\u01b0\u1edbc ch\u00e2n b\u1ea1n \u0111i s\u1ebd th\u1ed5i h\u1ed3n v\u00e0o tr\u00e1i tim c\u1ee7a Zaanse Schans \u0111\u1ea7y m\u00ea ho\u1eb7c.\n\nM\u1ed7i kh\u00fac quanh v\u00e0 b\u01b0\u1edbc ngo\u1eb7t c\u1ee7a tr\u00f2 ch\u01a1i s\u1ebd khi\u1ebfn b\u1ea1n l\u00e0m s\u00e1ng t\u1ecf nh\u1eefng b\u00ed \u1ea9n v\u00e0 gi\u1ea3i quy\u1ebft c\u00e1c c\u00e2u \u0111\u1ed1 h\u1ea5p d\u1eabn. M\u1ea1o hi\u1ec3m gi\u1eefa nh\u1eefng b\u1eadc thang c\u1ee7a th\u1ecb tr\u1ea5n th\u1ebf k\u1ef7 18 \u0111\u01b0\u1ee3c b\u1ea3o t\u1ed3n t\u1ed1t v\u00e0 \u0111\u00f3n nh\u1eadn n\u1ec1n v\u0103n h\u00f3a, l\u1ecbch s\u1eed phong ph\u00fa khi ch\u00fang \u0111an xen v\u00e0o m\u1ed7i c\u00e2u \u0111\u1ed1 b\u1ea1n gi\u1ea3i. M\u1ed7i th\u1eed th\u00e1ch chi\u1ebfn th\u1eafng s\u1ebd t\u00edch l\u0169y \u0111i\u1ec3m, d\u1ea7n d\u1ea7n m\u1edf kh\u00f3a c\u00e1c g\u1ee3i \u00fd trong khi \u0111\u01b0a b\u1ea1n \u0111\u1ebfn g\u1ea7n h\u01a1n v\u1edbi m\u00e0n h\u00e9 l\u1ed9 v\u0129 \u0111\u1ea1i c\u1ee7a b\u00ed \u1ea9n cu\u1ed1i c\u00f9ng. D\u00f9 b\u1ea1n l\u00e0 ng\u01b0\u1eddi th\u00edch d\u1eebng l\u1ea1i chi\u00eam ng\u01b0\u1ee1ng hay m\u1ed9t nh\u00e0 th\u00e1m hi\u1ec3m nhi\u1ec7t t\u00ecnh, b\u1ea1n c\u00f3 th\u1ec3 t\u1ef1 t\u1ea1o l\u1ed9 tr\u00ecnh v\u00e0 ti\u1ebfn b\u1ed9 theo t\u1ed1c \u0111\u1ed9 c\u1ee7a ri\u00eang m\u00ecnh, th\u1eadm ch\u00ed c\u00f2n c\u00f3 th\u1ec3 nh\u1eafm \u0111\u1ebfn m\u1ed9t v\u1ecb tr\u00ed cao tr\u00ean b\u1ea3ng x\u1ebfp h\u1ea1ng. \u0110\u00e2y kh\u00f4ng ch\u1ec9 l\u00e0 m\u1ed9t tr\u00f2 ch\u01a1i kh\u00e1m ph\u00e1; \u0111\u00f3 l\u00e0 m\u1ed9t h\u00e0nh tr\u00ecnh quy\u1ebfn r\u0169 qua nh\u1eefng g\u00f3c k\u1ef3 di\u1ec7u c\u1ee7a Zaanse Schans.","how_to_play":"\u0110\u1eb7t Tr\u00f2 ch\u01a1i Kh\u00e1m ph\u00e1, ki\u1ec3m tra email ch\u00fang t\u00f4i g\u1eedi cho b\u1ea1n v\u1edbi h\u01b0\u1edbng d\u1eabn \u0111\u01a1n gi\u1ea3n, t\u1ea3i \u1ee9ng d\u1ee5ng Loquiz, truy c\u1eadp Tr\u00f2 ch\u01a1i Kh\u00e1m ph\u00e1 v\u00e0 b\u1ea1n \u0111\u00e3 s\u1eb5n s\u00e0ng b\u1eaft \u0111\u1ea7u tr\u1ea3i nghi\u1ec7m tr\u00f2 ch\u01a1i c\u1ee7a m\u00ecnh!","start_location":"Zaandam, Zaans Museum","available_languages":["en"],"players_per_group":"1-4","duration":"1.5-2 hours","image_overlay_color_image":"https:\/\/testwebsite.citygame.com\/wp-content\/blogs.dir\/1\/files\/sites\/62\/2026\/01\/SecretsColor.svg","image_overlay_game_logo":"https:\/\/testwebsite.citygame.com\/wp-content\/blogs.dir\/1\/files\/sites\/62\/2026\/01\/SecretsLogo.png","city_page":15893,"woocommerce_general_content":null},"yoast_head":"<!-- This site is optimized with the Yoast SEO Premium plugin v26.2 (Yoast SEO v26.3) - https:\/\/yoast.com\/wordpress\/plugins\/seo\/ -->\n<title>Secrets of Zaanse Schans - City Game<\/title>\n<meta name=\"description\" content=\"Secrets of Zaanse Schans. Ch\u01a1i m\u1ed9t Tr\u00f2 ch\u01a1i Th\u00e0nh ph\u1ed1 t\u1ef1 \u0111\u1ecbnh h\u01b0\u1edbng v\u00e0 kh\u00e1m ph\u00e1 th\u00e0nh ph\u1ed1 qua c\u00e1c c\u00e2u \u0111\u1ed1, c\u00e2u h\u1ecfi h\u00f3c b\u00faa v\u00e0 th\u1eed th\u00e1ch. Ch\u01a1i theo t\u1ed1c \u0111\u1ed9 c\u1ee7a ri\u00eang b\u1ea1n v\u00e0 kh\u00e1m ph\u00e1 nh\u01b0 m\u1ed9t ng\u01b0\u1eddi \u0111\u1ecba ph\u01b0\u01a1ng!\" \/>\n<meta name=\"robots\" content=\"noindex, follow, max-snippet:-1, max-image-preview:large, max-video-preview:-1\" \/>\n<meta property=\"og:locale\" content=\"vi_VN\" \/>\n<meta property=\"og:type\" content=\"article\" \/>\n<meta property=\"og:title\" content=\"Secrets of Zaanse Schans\" \/>\n<meta property=\"og:description\" content=\"Secrets of Zaanse Schans. Ch\u01a1i m\u1ed9t Tr\u00f2 ch\u01a1i Th\u00e0nh ph\u1ed1 t\u1ef1 \u0111\u1ecbnh h\u01b0\u1edbng v\u00e0 kh\u00e1m ph\u00e1 th\u00e0nh ph\u1ed1 qua c\u00e1c c\u00e2u \u0111\u1ed1, c\u00e2u h\u1ecfi h\u00f3c b\u00faa v\u00e0 th\u1eed th\u00e1ch. Ch\u01a1i theo t\u1ed1c \u0111\u1ed9 c\u1ee7a ri\u00eang b\u1ea1n v\u00e0 kh\u00e1m ph\u00e1 nh\u01b0 m\u1ed9t ng\u01b0\u1eddi \u0111\u1ecba ph\u01b0\u01a1ng!\" \/>\n<meta property=\"og:url\" content=\"https:\/\/testwebsite.citygame.com\/vi\/games\/zaanse-schans\/secrets-of-zaanse-schans\/\" \/>\n<meta property=\"og:site_name\" content=\"City Game\" \/>\n<meta property=\"article:publisher\" content=\"https:\/\/www.facebook.com\/profile.php?id=100086426226253\" \/>\n<meta property=\"article:modified_time\" content=\"2026-04-08T14:16:54+00:00\" \/>\n<meta property=\"og:image\" content=\"https:\/\/testwebsite.citygame.com\/wp-content\/blogs.dir\/1\/files\/sites\/62\/2026\/03\/zaanse-schans-woman-playing-game-on-viewpoint.jpg\" \/>\n\t<meta property=\"og:image:width\" content=\"1024\" \/>\n\t<meta property=\"og:image:height\" content=\"1024\" \/>\n\t<meta property=\"og:image:type\" content=\"image\/jpeg\" \/>\n<meta name=\"twitter:card\" content=\"summary_large_image\" \/>\n<meta name=\"twitter:label1\" content=\"\u01af\u1edbc t\u00ednh th\u1eddi gian \u0111\u1ecdc\" \/>\n\t<meta name=\"twitter:data1\" content=\"1 ph\u00fat\" \/>\n<script type=\"application\/ld+json\" class=\"yoast-schema-graph\">{\"@context\":\"https:\/\/schema.org\",\"@graph\":[{\"@type\":\"WebPage\",\"@id\":\"https:\/\/testwebsite.citygame.com\/vi\/games\/zaanse-schans\/secrets-of-zaanse-schans\/\",\"url\":\"https:\/\/testwebsite.citygame.com\/vi\/games\/zaanse-schans\/secrets-of-zaanse-schans\/\",\"name\":\"Secrets of Zaanse Schans - City Game\",\"isPartOf\":{\"@id\":\"https:\/\/testwebsite.upevents.nl\/#website\"},\"primaryImageOfPage\":{\"@id\":\"https:\/\/testwebsite.citygame.com\/vi\/games\/zaanse-schans\/secrets-of-zaanse-schans\/#primaryimage\"},\"image\":{\"@id\":\"https:\/\/testwebsite.citygame.com\/vi\/games\/zaanse-schans\/secrets-of-zaanse-schans\/#primaryimage\"},\"thumbnailUrl\":\"https:\/\/testwebsite.citygame.com\/wp-content\/blogs.dir\/1\/files\/sites\/62\/2026\/03\/zaanse-schans-woman-playing-game-on-viewpoint.jpg\",\"datePublished\":\"2026-03-13T11:10:58+00:00\",\"dateModified\":\"2026-04-08T14:16:54+00:00\",\"description\":\"Secrets of Zaanse Schans. Ch\u01a1i m\u1ed9t Tr\u00f2 ch\u01a1i Th\u00e0nh ph\u1ed1 t\u1ef1 \u0111\u1ecbnh h\u01b0\u1edbng v\u00e0 kh\u00e1m ph\u00e1 th\u00e0nh ph\u1ed1 qua c\u00e1c c\u00e2u \u0111\u1ed1, c\u00e2u h\u1ecfi h\u00f3c b\u00faa v\u00e0 th\u1eed th\u00e1ch. Ch\u01a1i theo t\u1ed1c \u0111\u1ed9 c\u1ee7a ri\u00eang b\u1ea1n v\u00e0 kh\u00e1m ph\u00e1 nh\u01b0 m\u1ed9t ng\u01b0\u1eddi \u0111\u1ecba ph\u01b0\u01a1ng!\",\"breadcrumb\":{\"@id\":\"https:\/\/testwebsite.citygame.com\/vi\/games\/zaanse-schans\/secrets-of-zaanse-schans\/#breadcrumb\"},\"inLanguage\":\"vi\",\"potentialAction\":[{\"@type\":\"ReadAction\",\"target\":[\"https:\/\/testwebsite.citygame.com\/vi\/games\/zaanse-schans\/secrets-of-zaanse-schans\/\"]}]},{\"@type\":\"ImageObject\",\"inLanguage\":\"vi\",\"@id\":\"https:\/\/testwebsite.citygame.com\/vi\/games\/zaanse-schans\/secrets-of-zaanse-schans\/#primaryimage\",\"url\":\"https:\/\/testwebsite.citygame.com\/wp-content\/blogs.dir\/1\/files\/sites\/62\/2026\/03\/zaanse-schans-woman-playing-game-on-viewpoint.jpg\",\"contentUrl\":\"https:\/\/testwebsite.citygame.com\/wp-content\/blogs.dir\/1\/files\/sites\/62\/2026\/03\/zaanse-schans-woman-playing-game-on-viewpoint.jpg\",\"width\":1024,\"height\":1024,\"caption\":\"A player uses a smartphone to navigate the scenic landscape of Zaanse Schans on a sunny day.\"},{\"@type\":\"BreadcrumbList\",\"@id\":\"https:\/\/testwebsite.citygame.com\/vi\/games\/zaanse-schans\/secrets-of-zaanse-schans\/#breadcrumb\",\"itemListElement\":[{\"@type\":\"ListItem\",\"position\":1,\"name\":\"Home\",\"item\":\"https:\/\/testwebsite.citygame.com\/vi\/\"},{\"@type\":\"ListItem\",\"position\":2,\"name\":\"Shop\",\"item\":\"https:\/\/testwebsite.citygame.com\/shop\/\"},{\"@type\":\"ListItem\",\"position\":3,\"name\":\"Secrets of Zaanse Schans\"}]},{\"@type\":\"WebSite\",\"@id\":\"https:\/\/testwebsite.upevents.nl\/#website\",\"url\":\"https:\/\/testwebsite.upevents.nl\/\",\"name\":\"City Game\",\"description\":\"\",\"publisher\":{\"@id\":\"https:\/\/testwebsite.upevents.nl\/#organization\"},\"alternateName\":\"citygame.com\",\"potentialAction\":[{\"@type\":\"SearchAction\",\"target\":{\"@type\":\"EntryPoint\",\"urlTemplate\":\"https:\/\/testwebsite.upevents.nl\/?s={search_term_string}\"},\"query-input\":{\"@type\":\"PropertyValueSpecification\",\"valueRequired\":true,\"valueName\":\"search_term_string\"}}],\"inLanguage\":\"vi\"},{\"@type\":[\"Organization\",\"Place\"],\"@id\":\"https:\/\/testwebsite.upevents.nl\/#organization\",\"name\":\"City Game\",\"alternateName\":\"citygame.com\",\"url\":\"https:\/\/testwebsite.upevents.nl\/\",\"logo\":{\"@id\":\"https:\/\/testwebsite.citygame.com\/vi\/games\/zaanse-schans\/secrets-of-zaanse-schans\/#local-main-organization-logo\"},\"image\":{\"@id\":\"https:\/\/testwebsite.citygame.com\/vi\/games\/zaanse-schans\/secrets-of-zaanse-schans\/#local-main-organization-logo\"},\"sameAs\":[\"https:\/\/www.facebook.com\/profile.php?id=100086426226253\",\"https:\/\/www.instagram.com\/citygame_com\",\"https:\/\/www.tiktok.com\/@citygamecom\/\",\"https:\/\/www.linkedin.com\/company\/citygame-com\"],\"description\":\"Turn any city into a playground with our interactive City Games and self-guided tours. Fun, flexible, and ideal for groups and team building.\",\"telephone\":[],\"openingHoursSpecification\":[{\"@type\":\"OpeningHoursSpecification\",\"dayOfWeek\":[\"Monday\",\"Tuesday\",\"Wednesday\",\"Thursday\",\"Friday\",\"Saturday\",\"Sunday\"],\"opens\":\"09:00\",\"closes\":\"17:00\"}]},{\"@type\":\"ImageObject\",\"inLanguage\":\"vi\",\"@id\":\"https:\/\/testwebsite.citygame.com\/vi\/games\/zaanse-schans\/secrets-of-zaanse-schans\/#local-main-organization-logo\",\"url\":\"https:\/\/testwebsite.citygame.com\/wp-content\/blogs.dir\/1\/files\/sites\/62\/2025\/10\/CG_LOGO-City-Game.png\",\"contentUrl\":\"https:\/\/testwebsite.citygame.com\/wp-content\/blogs.dir\/1\/files\/sites\/62\/2025\/10\/CG_LOGO-City-Game.png\",\"width\":351,\"height\":377,\"caption\":\"City Game\"}]}<\/script>\n<!-- \/ Yoast SEO Premium plugin. -->","yoast_head_json":{"title":"Secrets of Zaanse Schans - City Game","description":"Secrets of Zaanse Schans. Ch\u01a1i m\u1ed9t Tr\u00f2 ch\u01a1i Th\u00e0nh ph\u1ed1 t\u1ef1 \u0111\u1ecbnh h\u01b0\u1edbng v\u00e0 kh\u00e1m ph\u00e1 th\u00e0nh ph\u1ed1 qua c\u00e1c c\u00e2u \u0111\u1ed1, c\u00e2u h\u1ecfi h\u00f3c b\u00faa v\u00e0 th\u1eed th\u00e1ch. Ch\u01a1i theo t\u1ed1c \u0111\u1ed9 c\u1ee7a ri\u00eang b\u1ea1n v\u00e0 kh\u00e1m ph\u00e1 nh\u01b0 m\u1ed9t ng\u01b0\u1eddi \u0111\u1ecba ph\u01b0\u01a1ng!","robots":{"index":"noindex","follow":"follow","max-snippet":"max-snippet:-1","max-image-preview":"max-image-preview:large","max-video-preview":"max-video-preview:-1"},"og_locale":"vi_VN","og_type":"article","og_title":"Secrets of Zaanse Schans","og_description":"Secrets of Zaanse Schans. Ch\u01a1i m\u1ed9t Tr\u00f2 ch\u01a1i Th\u00e0nh ph\u1ed1 t\u1ef1 \u0111\u1ecbnh h\u01b0\u1edbng v\u00e0 kh\u00e1m ph\u00e1 th\u00e0nh ph\u1ed1 qua c\u00e1c c\u00e2u \u0111\u1ed1, c\u00e2u h\u1ecfi h\u00f3c b\u00faa v\u00e0 th\u1eed th\u00e1ch. Ch\u01a1i theo t\u1ed1c \u0111\u1ed9 c\u1ee7a ri\u00eang b\u1ea1n v\u00e0 kh\u00e1m ph\u00e1 nh\u01b0 m\u1ed9t ng\u01b0\u1eddi \u0111\u1ecba ph\u01b0\u01a1ng!","og_url":"https:\/\/testwebsite.citygame.com\/vi\/games\/zaanse-schans\/secrets-of-zaanse-schans\/","og_site_name":"City Game","article_publisher":"https:\/\/www.facebook.com\/profile.php?id=100086426226253","article_modified_time":"2026-04-08T14:16:54+00:00","og_image":[{"width":1024,"height":1024,"url":"https:\/\/testwebsite.citygame.com\/wp-content\/blogs.dir\/1\/files\/sites\/62\/2026\/03\/zaanse-schans-woman-playing-game-on-viewpoint.jpg","type":"image\/jpeg"}],"twitter_card":"summary_large_image","twitter_misc":{"\u01af\u1edbc t\u00ednh th\u1eddi gian \u0111\u1ecdc":"1 ph\u00fat"},"schema":{"@context":"https:\/\/schema.org","@graph":[{"@type":"WebPage","@id":"https:\/\/testwebsite.citygame.com\/vi\/games\/zaanse-schans\/secrets-of-zaanse-schans\/","url":"https:\/\/testwebsite.citygame.com\/vi\/games\/zaanse-schans\/secrets-of-zaanse-schans\/","name":"Secrets of Zaanse Schans - City Game","isPartOf":{"@id":"https:\/\/testwebsite.upevents.nl\/#website"},"primaryImageOfPage":{"@id":"https:\/\/testwebsite.citygame.com\/vi\/games\/zaanse-schans\/secrets-of-zaanse-schans\/#primaryimage"},"image":{"@id":"https:\/\/testwebsite.citygame.com\/vi\/games\/zaanse-schans\/secrets-of-zaanse-schans\/#primaryimage"},"thumbnailUrl":"https:\/\/testwebsite.citygame.com\/wp-content\/blogs.dir\/1\/files\/sites\/62\/2026\/03\/zaanse-schans-woman-playing-game-on-viewpoint.jpg","datePublished":"2026-03-13T11:10:58+00:00","dateModified":"2026-04-08T14:16:54+00:00","description":"Secrets of Zaanse Schans. Ch\u01a1i m\u1ed9t Tr\u00f2 ch\u01a1i Th\u00e0nh ph\u1ed1 t\u1ef1 \u0111\u1ecbnh h\u01b0\u1edbng v\u00e0 kh\u00e1m ph\u00e1 th\u00e0nh ph\u1ed1 qua c\u00e1c c\u00e2u \u0111\u1ed1, c\u00e2u h\u1ecfi h\u00f3c b\u00faa v\u00e0 th\u1eed th\u00e1ch. Ch\u01a1i theo t\u1ed1c \u0111\u1ed9 c\u1ee7a ri\u00eang b\u1ea1n v\u00e0 kh\u00e1m ph\u00e1 nh\u01b0 m\u1ed9t ng\u01b0\u1eddi \u0111\u1ecba ph\u01b0\u01a1ng!","breadcrumb":{"@id":"https:\/\/testwebsite.citygame.com\/vi\/games\/zaanse-schans\/secrets-of-zaanse-schans\/#breadcrumb"},"inLanguage":"vi","potentialAction":[{"@type":"ReadAction","target":["https:\/\/testwebsite.citygame.com\/vi\/games\/zaanse-schans\/secrets-of-zaanse-schans\/"]}]},{"@type":"ImageObject","inLanguage":"vi","@id":"https:\/\/testwebsite.citygame.com\/vi\/games\/zaanse-schans\/secrets-of-zaanse-schans\/#primaryimage","url":"https:\/\/testwebsite.citygame.com\/wp-content\/blogs.dir\/1\/files\/sites\/62\/2026\/03\/zaanse-schans-woman-playing-game-on-viewpoint.jpg","contentUrl":"https:\/\/testwebsite.citygame.com\/wp-content\/blogs.dir\/1\/files\/sites\/62\/2026\/03\/zaanse-schans-woman-playing-game-on-viewpoint.jpg","width":1024,"height":1024,"caption":"A player uses a smartphone to navigate the scenic landscape of Zaanse Schans on a sunny day."},{"@type":"BreadcrumbList","@id":"https:\/\/testwebsite.citygame.com\/vi\/games\/zaanse-schans\/secrets-of-zaanse-schans\/#breadcrumb","itemListElement":[{"@type":"ListItem","position":1,"name":"Home","item":"https:\/\/testwebsite.citygame.com\/vi\/"},{"@type":"ListItem","position":2,"name":"Shop","item":"https:\/\/testwebsite.citygame.com\/shop\/"},{"@type":"ListItem","position":3,"name":"Secrets of Zaanse Schans"}]},{"@type":"WebSite","@id":"https:\/\/testwebsite.upevents.nl\/#website","url":"https:\/\/testwebsite.upevents.nl\/","name":"City Game","description":"","publisher":{"@id":"https:\/\/testwebsite.upevents.nl\/#organization"},"alternateName":"citygame.com","potentialAction":[{"@type":"SearchAction","target":{"@type":"EntryPoint","urlTemplate":"https:\/\/testwebsite.upevents.nl\/?s={search_term_string}"},"query-input":{"@type":"PropertyValueSpecification","valueRequired":true,"valueName":"search_term_string"}}],"inLanguage":"vi"},{"@type":["Organization","Place"],"@id":"https:\/\/testwebsite.upevents.nl\/#organization","name":"City Game","alternateName":"citygame.com","url":"https:\/\/testwebsite.upevents.nl\/","logo":{"@id":"https:\/\/testwebsite.citygame.com\/vi\/games\/zaanse-schans\/secrets-of-zaanse-schans\/#local-main-organization-logo"},"image":{"@id":"https:\/\/testwebsite.citygame.com\/vi\/games\/zaanse-schans\/secrets-of-zaanse-schans\/#local-main-organization-logo"},"sameAs":["https:\/\/www.facebook.com\/profile.php?id=100086426226253","https:\/\/www.instagram.com\/citygame_com","https:\/\/www.tiktok.com\/@citygamecom\/","https:\/\/www.linkedin.com\/company\/citygame-com"],"description":"Turn any city into a playground with our interactive City Games and self-guided tours. Fun, flexible, and ideal for groups and team building.","telephone":[],"openingHoursSpecification":[{"@type":"OpeningHoursSpecification","dayOfWeek":["Monday","Tuesday","Wednesday","Thursday","Friday","Saturday","Sunday"],"opens":"09:00","closes":"17:00"}]},{"@type":"ImageObject","inLanguage":"vi","@id":"https:\/\/testwebsite.citygame.com\/vi\/games\/zaanse-schans\/secrets-of-zaanse-schans\/#local-main-organization-logo","url":"https:\/\/testwebsite.citygame.com\/wp-content\/blogs.dir\/1\/files\/sites\/62\/2025\/10\/CG_LOGO-City-Game.png","contentUrl":"https:\/\/testwebsite.citygame.com\/wp-content\/blogs.dir\/1\/files\/sites\/62\/2025\/10\/CG_LOGO-City-Game.png","width":351,"height":377,"caption":"City Game"}]}},"taxonomy_info":{"game-concept":[{"value":733,"label":"Secrets"}],"location":[{"value":615,"label":"Zaanse Schans"}],"product_cat":[{"value":27,"label":"Geen categorie"}]},"featured_image_src_large":["https:\/\/testwebsite.citygame.com\/wp-content\/blogs.dir\/1\/files\/sites\/62\/2026\/03\/zaanse-schans-woman-playing-game-on-viewpoint.jpg",1024,1024,false],"author_info":[],"comment_info":"","_links":{"self":[{"href":"https:\/\/testwebsite.citygame.com\/vi\/wp-json\/wp\/v2\/product\/64607","targetHints":{"allow":["GET"]}}],"collection":[{"href":"https:\/\/testwebsite.citygame.com\/vi\/wp-json\/wp\/v2\/product"}],"about":[{"href":"https:\/\/testwebsite.citygame.com\/vi\/wp-json\/wp\/v2\/types\/product"}],"acf:post":[{"embeddable":true,"href":"https:\/\/testwebsite.citygame.com\/vi\/wp-json\/wp\/v2\/pages\/15893"}],"wp:featuredmedia":[{"embeddable":true,"href":"https:\/\/testwebsite.citygame.com\/vi\/wp-json\/wp\/v2\/media\/18503"}],"wp:attachment":[{"href":"https:\/\/testwebsite.citygame.com\/vi\/wp-json\/wp\/v2\/media?parent=64607"}],"wp:term":[{"taxonomy":"game-concept","embeddable":true,"href":"https:\/\/testwebsite.citygame.com\/vi\/wp-json\/wp\/v2\/game-concept?post=64607"},{"taxonomy":"location","embeddable":true,"href":"https:\/\/testwebsite.citygame.com\/vi\/wp-json\/wp\/v2\/location?post=64607"},{"taxonomy":"product_brand","embeddable":true,"href":"https:\/\/testwebsite.citygame.com\/vi\/wp-json\/wp\/v2\/product_brand?post=64607"},{"taxonomy":"product_cat","embeddable":true,"href":"https:\/\/testwebsite.citygame.com\/vi\/wp-json\/wp\/v2\/product_cat?post=64607"},{"taxonomy":"product_tag","embeddable":true,"href":"https:\/\/testwebsite.citygame.com\/vi\/wp-json\/wp\/v2\/product_tag?post=64607"}],"curies":[{"name":"wp","href":"https:\/\/api.w.org\/{rel}","templated":true}]}}