{"id":64242,"date":"2026-02-12T13:52:38","date_gmt":"2026-02-12T13:52:38","guid":{"rendered":"https:\/\/testwebsite.citygame.com\/games\/unknown-location\/sherlock-holmes-los-llanos-de-aridane\/"},"modified":"2026-04-08T13:27:41","modified_gmt":"2026-04-08T13:27:41","slug":"sherlock-holmes-los-llanos-de-aridane","status":"publish","type":"product","link":"https:\/\/testwebsite.citygame.com\/vi\/games\/los-llanos-de-aridane\/sherlock-holmes-los-llanos-de-aridane\/","title":{"rendered":"Sherlock Holmes Los Llanos de Aridane"},"content":{"rendered":"<p>B\u01b0\u1edbc v\u00e0o th\u1ebf gi\u1edbi c\u1ee7a Sherlock Holmes v\u1edbi Tr\u00f2 ch\u01a1i Th\u00e0nh ph\u1ed1 \u0111i\u1ec1u tra v\u1ee5 \u00e1n gi\u1ebft ng\u01b0\u1eddi t\u1ef1 h\u01b0\u1edbng d\u1eabn, theo c\u1ed1t truy\u1ec7n n\u00e0y, l\u1ea5y b\u1ed1i c\u1ea3nh t\u1ea1i trung t\u00e2m th\u00e0nh ph\u1ed1 Los Llanos de Aridane. Khi m\u1ed9t v\u1ee5 \u00e1n m\u1ea1ng b\u00ed \u1ea9n x\u1ea3y ra trong L\u1ec5 h\u1ed9i T\u1ef1 do, b\u1ea1n s\u1ebd \u0111\u1ea3m nh\u1eadn vai tr\u00f2 th\u00e1m t\u1eed, l\u1ea7n theo c\u1ed1t truy\u1ec7n \u0111ang h\u00e9 m\u1edf khi b\u1ea1n di chuy\u1ec3n qua hi\u1ec7n tr\u01b0\u1eddng v\u1ee5 \u00e1n. Th\u1ea9m v\u1ea5n c\u00e1c nghi ph\u1ea1m k\u1ef9 thu\u1eadt s\u1ed1, gi\u1ea3i c\u00e1c c\u00e2u \u0111\u1ed1 \u0111\u1ea7y th\u1eed th\u00e1ch v\u00e0 thu th\u1eadp manh m\u1ed1i quan tr\u1ecdng theo t\u1ed1c \u0111\u1ed9 c\u1ee7a ri\u00eang b\u1ea1n khi cu\u1ed9c \u0111i\u1ec1u tra nh\u1eadp vai n\u00e0y k\u00e9o b\u1ea1n s\u00e2u h\u01a1n v\u00e0o v\u1ee5 \u00e1n.<\/p>\n","protected":false},"excerpt":{"rendered":"<p>\u0110\u1eafm m\u00ecnh v\u00e0o vai Sherlock Holmes l\u1eebng danh, tham gia v\u00e0o m\u1ed9t cu\u1ed9c \u0111i\u1ec1u tra v\u1ee5 \u00e1n gi\u1ebft ng\u01b0\u1eddi t\u1ef1 h\u01b0\u1edbng d\u1eabn \u0111\u1ea7y k\u1ecbch t\u00ednh t\u1ea1i th\u00e0nh ph\u1ed1 Los Llanos de Aridane. S\u00e0ng l\u1ecdc manh m\u1ed1i, gi\u1ea3i m\u00e3 c\u00e1c c\u00e2u \u0111\u1ed1 \u0111\u1ea7y th\u1eed th\u00e1ch v\u00e0 h\u1ee3p t\u00e1c v\u1edbi nh\u00f3m c\u1ee7a b\u1ea1n \u0111\u1ec3 kh\u00e1m ph\u00e1 s\u1ef1 th\u1eadt ch\u1ea5n \u0111\u1ed9ng tr\u01b0\u1edbc khi qu\u00e1 mu\u1ed9n!<\/p>\n","protected":false},"featured_media":12993,"template":"","meta":{"_acf_changed":false,"_yoast_wpseo_focuskw":"Sherlock Holmes Los Llanos de Aridane","_yoast_wpseo_metadesc":"Sherlock Holmes Los Llanos de Aridane. Ch\u01a1i Tr\u00f2 ch\u01a1i Th\u00e0nh ph\u1ed1 \u0111i\u1ec1u tra v\u1ee5 \u00e1n gi\u1ebft ng\u01b0\u1eddi t\u1ef1 h\u01b0\u1edbng d\u1eabn, gi\u1ea3i c\u00e2u \u0111\u1ed1, l\u1ea7n theo manh m\u1ed1i v\u00e0 kh\u00e1m ph\u00e1 k\u1ebb gi\u1ebft ng\u01b0\u1eddi theo t\u1ed1c \u0111\u1ed9 c\u1ee7a ri\u00eang b\u1ea1n!","_kad_blocks_custom_css":"","_kad_blocks_head_custom_js":"","_kad_blocks_body_custom_js":"","_kad_blocks_footer_custom_js":"","ghostkit_customizer_options":"","ghostkit_custom_css":"","ghostkit_custom_js_head":"","ghostkit_custom_js_foot":"","ghostkit_typography":"","_kad_post_transparent":"","_kad_post_title":"","_kad_post_layout":"","_kad_post_sidebar_id":"","_kad_post_content_style":"","_kad_post_vertical_padding":"","_kad_post_feature":"","_kad_post_feature_position":"","_kad_post_header":false,"_kad_post_footer":false,"_kad_post_classname":"","_links_to":"","_links_to_target":""},"game-concept":[794],"location":[251],"product_brand":[],"product_cat":[27],"product_tag":[],"class_list":{"0":"post-64242","1":"product","2":"type-product","3":"status-publish","4":"has-post-thumbnail","6":"game-concept-sherlock","7":"location-los-llanos-de-aridane","8":"product_cat-geen-categorie","10":"first","11":"instock","12":"shipping-taxable","13":"purchasable","14":"product-type-simple","15":"entry","16":"content-bg","17":"loop-entry"},"acf":{"full_bokun_product_name":"Los Llanos de Aridane Self-Guided Sherlock Holmes Murder Mystery Game","location_name":"Los Llanos de Aridane","bokun_calendar_widget_code":"<script type=\"text\/javascript\" src=\"https:\/\/widgets.bokun.io\/assets\/javascripts\/apps\/build\/BokunWidgetsLoader.js?bookingChannelUUID=a1e93e96-5232-4734-a595-28405f4b5a31\" async><\/script>\n     \n    <div class=\"bokunWidget\" data-src=\"https:\/\/widgets.bokun.io\/online-sales\/a1e93e96-5232-4734-a595-28405f4b5a31\/experience-calendar\/792958\"><\/div>\n    <noscript>Please enable javascript in your browser to book<\/noscript>","bokun_button_widget_code":"<script type=\"text\/javascript\" src=\"https:\/\/widgets.bokun.io\/assets\/javascripts\/apps\/build\/BokunWidgetsLoader.js?bookingChannelUUID=a1e93e96-5232-4734-a595-28405f4b5a31\" async><\/script>\n      <style> #bokun_ed001e45_5927_4f62_b470_ca766338d083 { display: inline-block; padding: .4em 1em; background: #47b82e; border-radius: 999999px; box-shadow: none; font-weight: 600; font-size: 24px; text-decoration: none; text-align: center; color: #FFFFFF; border:none; cursor: pointer; transition: background .2s ease; } #bokun_ed001e45_5927_4f62_b470_ca766338d083:hover{ background: #2f7b1f; } #bokun_ed001e45_5927_4f62_b470_ca766338d083:active{ background: #378f24; } <\/style> <button class=\"bokunButton\" disabled id=bokun_ed001e45_5927_4f62_b470_ca766338d083 data-src=\"https:\/\/widgets.bokun.io\/online-sales\/a1e93e96-5232-4734-a595-28405f4b5a31\/experience-calendar\/792958?partialView=1\" data-testid=\"widget-book-button\" > Book now <\/button> ","what_you\u2019ll_experience_during_the_game":"B\u1ea1n b\u01b0\u1edbc v\u00e0o m\u1ed9t c\u00e2u chuy\u1ec7n trinh th\u00e1m l\u00f4i cu\u1ed1n l\u1ea5y b\u1ed1i c\u1ea3nh \u1edf Los Llanos de Aridane, n\u01a1i nh\u1eefng con ph\u1ed1 \u1ea9n ch\u1ee9a nhi\u1ec1u \u0111i\u1ec1u h\u01a1n nh\u1eefng g\u00ec b\u1ea1n th\u1ea5y. Khi b\u00ed \u1ea9n h\u00e9 m\u1edf xung quanh b\u1ea1n, m\u1ed7i \u0111\u1ecba \u0111i\u1ec3m m\u1edbi s\u1ebd mang \u0111\u1ebfn m\u1ed9t m\u1ea3nh b\u1eb1ng ch\u1ee9ng m\u1edbi, m\u1ed9t manh m\u1ed1i \u1ea9n gi\u1ea5u ho\u1eb7c m\u1ed9t m\u00e2u thu\u1eabn kh\u00f3 hi\u1ec3u. B\u1ea1n l\u1ea7n theo d\u1ea5u v\u1ebft c\u1ee7a m\u1ed9t v\u1ee5 \u00e1n m\u1ea1ng g\u00e2y ch\u1ea5n \u0111\u1ed9ng L\u1ec5 h\u1ed9i T\u1ef1 do, thu th\u1eadp th\u00f4ng tin v\u00e0 \u0111\u1ed1i ch\u1ea5t v\u1edbi c\u00e1c nghi ph\u1ea1m k\u1ef9 thu\u1eadt s\u1ed1 khi cu\u1ed9c \u0111i\u1ec1u tra ng\u00e0y c\u00e0ng s\u00e2u s\u1eafc.\n\nS\u1eed d\u1ee5ng k\u1ef9 n\u0103ng quan s\u00e1t, t\u01b0 duy ph\u1ea3n bi\u1ec7n v\u00e0 suy lu\u1eadn c\u1ee7a m\u00ecnh, b\u1ea1n s\u1ebd gh\u00e9p n\u1ed1i l\u1ea1i nh\u1eefng g\u00ec \u0111\u00e3 th\u1ef1c s\u1ef1 x\u1ea3y ra, ph\u00e2n t\u00edch ch\u1ee9ng c\u1ee9 ngo\u1ea1i ph\u1ea1m v\u00e0 kh\u00e1m ph\u00e1 nh\u1eefng b\u00ed m\u1eadt m\u00e0 ng\u01b0\u1eddi kh\u00e1c mu\u1ed1n ch\u00f4n v\u00f9i. Nh\u1eefng t\u00ecnh ti\u1ebft b\u1ea5t ng\u1edd trong c\u00e2u chuy\u1ec7n khi\u1ebfn b\u1ea1n lu\u00f4n c\u1ea3nh gi\u00e1c, v\u00ec kh\u00f4ng c\u00f3 g\u00ec ho\u00e0n to\u00e0n nh\u01b0 v\u1ebb ngo\u00e0i ban \u0111\u1ea7u c\u1ee7a n\u00f3. M\u1ecdi h\u00e0nh \u0111\u1ed9ng c\u1ee7a b\u1ea1n \u0111\u1ec1u th\u00fac \u0111\u1ea9y c\u00e2u chuy\u1ec7n ti\u1ebfn l\u00ean, v\u00e0 v\u00ec tr\u1ea3i nghi\u1ec7m n\u00e0y ho\u00e0n to\u00e0n theo c\u1ed1t truy\u1ec7n, b\u1ea1n c\u00f3 th\u1ec3 t\u1ef1 quy\u1ebft \u0111\u1ecbnh t\u1ed1c \u0111\u1ed9 c\u1ee7a m\u00ecnh \u2014 t\u1ea1m d\u1eebng b\u1ea5t c\u1ee9 l\u00fac n\u00e0o v\u00e0 ti\u1ebfp t\u1ee5c khi s\u1eb5n s\u00e0ng. N\u1ebfu b\u1ea1n tham gia c\u00f9ng m\u1ed9t nh\u00f3m, b\u1ea1n th\u1eadm ch\u00ed c\u00f3 th\u1ec3 th\u00eam y\u1ebfu t\u1ed1 c\u1ea1nh tranh v\u00e0o h\u00e0nh tr\u00ecnh t\u00ecm ki\u1ebfm s\u1ef1 th\u1eadt c\u1ee7a m\u00ecnh.","how_to_play":"Ch\u01a1i m\u1ed9t m\u00ecnh ho\u1eb7c v\u1edbi b\u1ea1n b\u00e8, gia \u0111\u00ecnh, ho\u1eb7c \u0111\u1ed3ng nghi\u1ec7p theo nh\u00f3m t\u1ed1i \u0111a b\u1ed1n ng\u01b0\u1eddi tr\u00ean m\u1ed7i thi\u1ebft b\u1ecb. Sau khi \u0111\u1eb7t ch\u1ed7, b\u1ea1n s\u1ebd nh\u1eadn \u0111\u01b0\u1ee3c email h\u01b0\u1edbng d\u1eabn v\u1edbi m\u1ecdi th\u1ee9 b\u1ea1n c\u1ea7n.","start_location":"Los Llanos de Aridane, Ayuntamiento de los Llanos de Aridane","available_languages":["en","es","fr","de","it","nl"],"players_per_group":"1-4","duration":"1.5-2 hours","image_overlay_color_image":"https:\/\/testwebsite.citygame.com\/wp-content\/blogs.dir\/1\/files\/sites\/62\/2026\/01\/SherlockColor.svg","image_overlay_game_logo":"https:\/\/testwebsite.citygame.com\/wp-content\/blogs.dir\/1\/files\/sites\/62\/2026\/01\/SherlockLogo.png","city_page":12991,"woocommerce_general_content":null},"yoast_head":"<!-- This site is optimized with the Yoast SEO Premium plugin v26.2 (Yoast SEO v26.3) - https:\/\/yoast.com\/wordpress\/plugins\/seo\/ -->\n<title>Sherlock Holmes Los Llanos de Aridane - City Game<\/title>\n<meta name=\"description\" content=\"Sherlock Holmes Los Llanos de Aridane. Ch\u01a1i Tr\u00f2 ch\u01a1i Th\u00e0nh ph\u1ed1 \u0111i\u1ec1u tra v\u1ee5 \u00e1n gi\u1ebft ng\u01b0\u1eddi t\u1ef1 h\u01b0\u1edbng d\u1eabn, gi\u1ea3i c\u00e2u \u0111\u1ed1, l\u1ea7n theo manh m\u1ed1i v\u00e0 kh\u00e1m ph\u00e1 k\u1ebb gi\u1ebft ng\u01b0\u1eddi theo t\u1ed1c \u0111\u1ed9 c\u1ee7a ri\u00eang b\u1ea1n!\" \/>\n<meta name=\"robots\" content=\"noindex, follow, max-snippet:-1, max-image-preview:large, max-video-preview:-1\" \/>\n<meta property=\"og:locale\" content=\"vi_VN\" \/>\n<meta property=\"og:type\" content=\"article\" \/>\n<meta property=\"og:title\" content=\"Sherlock Holmes Los Llanos de Aridane\" \/>\n<meta property=\"og:description\" content=\"Sherlock Holmes Los Llanos de Aridane. Ch\u01a1i Tr\u00f2 ch\u01a1i Th\u00e0nh ph\u1ed1 \u0111i\u1ec1u tra v\u1ee5 \u00e1n gi\u1ebft ng\u01b0\u1eddi t\u1ef1 h\u01b0\u1edbng d\u1eabn, gi\u1ea3i c\u00e2u \u0111\u1ed1, l\u1ea7n theo manh m\u1ed1i v\u00e0 kh\u00e1m ph\u00e1 k\u1ebb gi\u1ebft ng\u01b0\u1eddi theo t\u1ed1c \u0111\u1ed9 c\u1ee7a ri\u00eang b\u1ea1n!\" \/>\n<meta property=\"og:url\" content=\"https:\/\/testwebsite.citygame.com\/vi\/games\/los-llanos-de-aridane\/sherlock-holmes-los-llanos-de-aridane\/\" \/>\n<meta property=\"og:site_name\" content=\"City Game\" \/>\n<meta property=\"article:publisher\" content=\"https:\/\/www.facebook.com\/profile.php?id=100086426226253\" \/>\n<meta property=\"article:modified_time\" content=\"2026-04-08T13:27:41+00:00\" \/>\n<meta property=\"og:image\" content=\"https:\/\/testwebsite.citygame.com\/wp-content\/blogs.dir\/1\/files\/sites\/62\/2026\/02\/los-llanos-de-aridane-sherlock-game-player-cobblestone-street.jpg\" \/>\n\t<meta property=\"og:image:width\" content=\"1024\" \/>\n\t<meta property=\"og:image:height\" content=\"1024\" \/>\n\t<meta property=\"og:image:type\" content=\"image\/jpeg\" \/>\n<meta name=\"twitter:card\" content=\"summary_large_image\" \/>\n<meta name=\"twitter:label1\" content=\"\u01af\u1edbc t\u00ednh th\u1eddi gian \u0111\u1ecdc\" \/>\n\t<meta name=\"twitter:data1\" content=\"1 ph\u00fat\" \/>\n<script type=\"application\/ld+json\" class=\"yoast-schema-graph\">{\"@context\":\"https:\/\/schema.org\",\"@graph\":[{\"@type\":\"WebPage\",\"@id\":\"https:\/\/testwebsite.citygame.com\/vi\/games\/los-llanos-de-aridane\/sherlock-holmes-los-llanos-de-aridane\/\",\"url\":\"https:\/\/testwebsite.citygame.com\/vi\/games\/los-llanos-de-aridane\/sherlock-holmes-los-llanos-de-aridane\/\",\"name\":\"Sherlock Holmes Los Llanos de Aridane - City Game\",\"isPartOf\":{\"@id\":\"https:\/\/testwebsite.upevents.nl\/#website\"},\"primaryImageOfPage\":{\"@id\":\"https:\/\/testwebsite.citygame.com\/vi\/games\/los-llanos-de-aridane\/sherlock-holmes-los-llanos-de-aridane\/#primaryimage\"},\"image\":{\"@id\":\"https:\/\/testwebsite.citygame.com\/vi\/games\/los-llanos-de-aridane\/sherlock-holmes-los-llanos-de-aridane\/#primaryimage\"},\"thumbnailUrl\":\"https:\/\/testwebsite.citygame.com\/wp-content\/blogs.dir\/1\/files\/sites\/62\/2026\/02\/los-llanos-de-aridane-sherlock-game-player-cobblestone-street.jpg\",\"datePublished\":\"2026-02-12T13:52:38+00:00\",\"dateModified\":\"2026-04-08T13:27:41+00:00\",\"description\":\"Sherlock Holmes Los Llanos de Aridane. Ch\u01a1i Tr\u00f2 ch\u01a1i Th\u00e0nh ph\u1ed1 \u0111i\u1ec1u tra v\u1ee5 \u00e1n gi\u1ebft ng\u01b0\u1eddi t\u1ef1 h\u01b0\u1edbng d\u1eabn, gi\u1ea3i c\u00e2u \u0111\u1ed1, l\u1ea7n theo manh m\u1ed1i v\u00e0 kh\u00e1m ph\u00e1 k\u1ebb gi\u1ebft ng\u01b0\u1eddi theo t\u1ed1c \u0111\u1ed9 c\u1ee7a ri\u00eang b\u1ea1n!\",\"breadcrumb\":{\"@id\":\"https:\/\/testwebsite.citygame.com\/vi\/games\/los-llanos-de-aridane\/sherlock-holmes-los-llanos-de-aridane\/#breadcrumb\"},\"inLanguage\":\"vi\",\"potentialAction\":[{\"@type\":\"ReadAction\",\"target\":[\"https:\/\/testwebsite.citygame.com\/vi\/games\/los-llanos-de-aridane\/sherlock-holmes-los-llanos-de-aridane\/\"]}]},{\"@type\":\"ImageObject\",\"inLanguage\":\"vi\",\"@id\":\"https:\/\/testwebsite.citygame.com\/vi\/games\/los-llanos-de-aridane\/sherlock-holmes-los-llanos-de-aridane\/#primaryimage\",\"url\":\"https:\/\/testwebsite.citygame.com\/wp-content\/blogs.dir\/1\/files\/sites\/62\/2026\/02\/los-llanos-de-aridane-sherlock-game-player-cobblestone-street.jpg\",\"contentUrl\":\"https:\/\/testwebsite.citygame.com\/wp-content\/blogs.dir\/1\/files\/sites\/62\/2026\/02\/los-llanos-de-aridane-sherlock-game-player-cobblestone-street.jpg\",\"width\":1024,\"height\":1024,\"caption\":\"A young man explores the historic streets of Los Llanos de Aridane with a city game.\"},{\"@type\":\"BreadcrumbList\",\"@id\":\"https:\/\/testwebsite.citygame.com\/vi\/games\/los-llanos-de-aridane\/sherlock-holmes-los-llanos-de-aridane\/#breadcrumb\",\"itemListElement\":[{\"@type\":\"ListItem\",\"position\":1,\"name\":\"Home\",\"item\":\"https:\/\/testwebsite.citygame.com\/vi\/\"},{\"@type\":\"ListItem\",\"position\":2,\"name\":\"Shop\",\"item\":\"https:\/\/testwebsite.citygame.com\/shop\/\"},{\"@type\":\"ListItem\",\"position\":3,\"name\":\"Sherlock Holmes Los Llanos de Aridane\"}]},{\"@type\":\"WebSite\",\"@id\":\"https:\/\/testwebsite.upevents.nl\/#website\",\"url\":\"https:\/\/testwebsite.upevents.nl\/\",\"name\":\"City Game\",\"description\":\"\",\"publisher\":{\"@id\":\"https:\/\/testwebsite.upevents.nl\/#organization\"},\"alternateName\":\"citygame.com\",\"potentialAction\":[{\"@type\":\"SearchAction\",\"target\":{\"@type\":\"EntryPoint\",\"urlTemplate\":\"https:\/\/testwebsite.upevents.nl\/?s={search_term_string}\"},\"query-input\":{\"@type\":\"PropertyValueSpecification\",\"valueRequired\":true,\"valueName\":\"search_term_string\"}}],\"inLanguage\":\"vi\"},{\"@type\":[\"Organization\",\"Place\"],\"@id\":\"https:\/\/testwebsite.upevents.nl\/#organization\",\"name\":\"City Game\",\"alternateName\":\"citygame.com\",\"url\":\"https:\/\/testwebsite.upevents.nl\/\",\"logo\":{\"@id\":\"https:\/\/testwebsite.citygame.com\/vi\/games\/los-llanos-de-aridane\/sherlock-holmes-los-llanos-de-aridane\/#local-main-organization-logo\"},\"image\":{\"@id\":\"https:\/\/testwebsite.citygame.com\/vi\/games\/los-llanos-de-aridane\/sherlock-holmes-los-llanos-de-aridane\/#local-main-organization-logo\"},\"sameAs\":[\"https:\/\/www.facebook.com\/profile.php?id=100086426226253\",\"https:\/\/www.instagram.com\/citygame_com\",\"https:\/\/www.tiktok.com\/@citygamecom\/\",\"https:\/\/www.linkedin.com\/company\/citygame-com\"],\"description\":\"Turn any city into a playground with our interactive City Games and self-guided tours. Fun, flexible, and ideal for groups and team building.\",\"telephone\":[],\"openingHoursSpecification\":[{\"@type\":\"OpeningHoursSpecification\",\"dayOfWeek\":[\"Monday\",\"Tuesday\",\"Wednesday\",\"Thursday\",\"Friday\",\"Saturday\",\"Sunday\"],\"opens\":\"09:00\",\"closes\":\"17:00\"}]},{\"@type\":\"ImageObject\",\"inLanguage\":\"vi\",\"@id\":\"https:\/\/testwebsite.citygame.com\/vi\/games\/los-llanos-de-aridane\/sherlock-holmes-los-llanos-de-aridane\/#local-main-organization-logo\",\"url\":\"https:\/\/testwebsite.citygame.com\/wp-content\/blogs.dir\/1\/files\/sites\/62\/2025\/10\/CG_LOGO-City-Game.png\",\"contentUrl\":\"https:\/\/testwebsite.citygame.com\/wp-content\/blogs.dir\/1\/files\/sites\/62\/2025\/10\/CG_LOGO-City-Game.png\",\"width\":351,\"height\":377,\"caption\":\"City Game\"}]}<\/script>\n<!-- \/ Yoast SEO Premium plugin. -->","yoast_head_json":{"title":"Sherlock Holmes Los Llanos de Aridane - City Game","description":"Sherlock Holmes Los Llanos de Aridane. Ch\u01a1i Tr\u00f2 ch\u01a1i Th\u00e0nh ph\u1ed1 \u0111i\u1ec1u tra v\u1ee5 \u00e1n gi\u1ebft ng\u01b0\u1eddi t\u1ef1 h\u01b0\u1edbng d\u1eabn, gi\u1ea3i c\u00e2u \u0111\u1ed1, l\u1ea7n theo manh m\u1ed1i v\u00e0 kh\u00e1m ph\u00e1 k\u1ebb gi\u1ebft ng\u01b0\u1eddi theo t\u1ed1c \u0111\u1ed9 c\u1ee7a ri\u00eang b\u1ea1n!","robots":{"index":"noindex","follow":"follow","max-snippet":"max-snippet:-1","max-image-preview":"max-image-preview:large","max-video-preview":"max-video-preview:-1"},"og_locale":"vi_VN","og_type":"article","og_title":"Sherlock Holmes Los Llanos de Aridane","og_description":"Sherlock Holmes Los Llanos de Aridane. Ch\u01a1i Tr\u00f2 ch\u01a1i Th\u00e0nh ph\u1ed1 \u0111i\u1ec1u tra v\u1ee5 \u00e1n gi\u1ebft ng\u01b0\u1eddi t\u1ef1 h\u01b0\u1edbng d\u1eabn, gi\u1ea3i c\u00e2u \u0111\u1ed1, l\u1ea7n theo manh m\u1ed1i v\u00e0 kh\u00e1m ph\u00e1 k\u1ebb gi\u1ebft ng\u01b0\u1eddi theo t\u1ed1c \u0111\u1ed9 c\u1ee7a ri\u00eang b\u1ea1n!","og_url":"https:\/\/testwebsite.citygame.com\/vi\/games\/los-llanos-de-aridane\/sherlock-holmes-los-llanos-de-aridane\/","og_site_name":"City Game","article_publisher":"https:\/\/www.facebook.com\/profile.php?id=100086426226253","article_modified_time":"2026-04-08T13:27:41+00:00","og_image":[{"width":1024,"height":1024,"url":"https:\/\/testwebsite.citygame.com\/wp-content\/blogs.dir\/1\/files\/sites\/62\/2026\/02\/los-llanos-de-aridane-sherlock-game-player-cobblestone-street.jpg","type":"image\/jpeg"}],"twitter_card":"summary_large_image","twitter_misc":{"\u01af\u1edbc t\u00ednh th\u1eddi gian \u0111\u1ecdc":"1 ph\u00fat"},"schema":{"@context":"https:\/\/schema.org","@graph":[{"@type":"WebPage","@id":"https:\/\/testwebsite.citygame.com\/vi\/games\/los-llanos-de-aridane\/sherlock-holmes-los-llanos-de-aridane\/","url":"https:\/\/testwebsite.citygame.com\/vi\/games\/los-llanos-de-aridane\/sherlock-holmes-los-llanos-de-aridane\/","name":"Sherlock Holmes Los Llanos de Aridane - City Game","isPartOf":{"@id":"https:\/\/testwebsite.upevents.nl\/#website"},"primaryImageOfPage":{"@id":"https:\/\/testwebsite.citygame.com\/vi\/games\/los-llanos-de-aridane\/sherlock-holmes-los-llanos-de-aridane\/#primaryimage"},"image":{"@id":"https:\/\/testwebsite.citygame.com\/vi\/games\/los-llanos-de-aridane\/sherlock-holmes-los-llanos-de-aridane\/#primaryimage"},"thumbnailUrl":"https:\/\/testwebsite.citygame.com\/wp-content\/blogs.dir\/1\/files\/sites\/62\/2026\/02\/los-llanos-de-aridane-sherlock-game-player-cobblestone-street.jpg","datePublished":"2026-02-12T13:52:38+00:00","dateModified":"2026-04-08T13:27:41+00:00","description":"Sherlock Holmes Los Llanos de Aridane. Ch\u01a1i Tr\u00f2 ch\u01a1i Th\u00e0nh ph\u1ed1 \u0111i\u1ec1u tra v\u1ee5 \u00e1n gi\u1ebft ng\u01b0\u1eddi t\u1ef1 h\u01b0\u1edbng d\u1eabn, gi\u1ea3i c\u00e2u \u0111\u1ed1, l\u1ea7n theo manh m\u1ed1i v\u00e0 kh\u00e1m ph\u00e1 k\u1ebb gi\u1ebft ng\u01b0\u1eddi theo t\u1ed1c \u0111\u1ed9 c\u1ee7a ri\u00eang b\u1ea1n!","breadcrumb":{"@id":"https:\/\/testwebsite.citygame.com\/vi\/games\/los-llanos-de-aridane\/sherlock-holmes-los-llanos-de-aridane\/#breadcrumb"},"inLanguage":"vi","potentialAction":[{"@type":"ReadAction","target":["https:\/\/testwebsite.citygame.com\/vi\/games\/los-llanos-de-aridane\/sherlock-holmes-los-llanos-de-aridane\/"]}]},{"@type":"ImageObject","inLanguage":"vi","@id":"https:\/\/testwebsite.citygame.com\/vi\/games\/los-llanos-de-aridane\/sherlock-holmes-los-llanos-de-aridane\/#primaryimage","url":"https:\/\/testwebsite.citygame.com\/wp-content\/blogs.dir\/1\/files\/sites\/62\/2026\/02\/los-llanos-de-aridane-sherlock-game-player-cobblestone-street.jpg","contentUrl":"https:\/\/testwebsite.citygame.com\/wp-content\/blogs.dir\/1\/files\/sites\/62\/2026\/02\/los-llanos-de-aridane-sherlock-game-player-cobblestone-street.jpg","width":1024,"height":1024,"caption":"A young man explores the historic streets of Los Llanos de Aridane with a city game."},{"@type":"BreadcrumbList","@id":"https:\/\/testwebsite.citygame.com\/vi\/games\/los-llanos-de-aridane\/sherlock-holmes-los-llanos-de-aridane\/#breadcrumb","itemListElement":[{"@type":"ListItem","position":1,"name":"Home","item":"https:\/\/testwebsite.citygame.com\/vi\/"},{"@type":"ListItem","position":2,"name":"Shop","item":"https:\/\/testwebsite.citygame.com\/shop\/"},{"@type":"ListItem","position":3,"name":"Sherlock Holmes Los Llanos de Aridane"}]},{"@type":"WebSite","@id":"https:\/\/testwebsite.upevents.nl\/#website","url":"https:\/\/testwebsite.upevents.nl\/","name":"City Game","description":"","publisher":{"@id":"https:\/\/testwebsite.upevents.nl\/#organization"},"alternateName":"citygame.com","potentialAction":[{"@type":"SearchAction","target":{"@type":"EntryPoint","urlTemplate":"https:\/\/testwebsite.upevents.nl\/?s={search_term_string}"},"query-input":{"@type":"PropertyValueSpecification","valueRequired":true,"valueName":"search_term_string"}}],"inLanguage":"vi"},{"@type":["Organization","Place"],"@id":"https:\/\/testwebsite.upevents.nl\/#organization","name":"City Game","alternateName":"citygame.com","url":"https:\/\/testwebsite.upevents.nl\/","logo":{"@id":"https:\/\/testwebsite.citygame.com\/vi\/games\/los-llanos-de-aridane\/sherlock-holmes-los-llanos-de-aridane\/#local-main-organization-logo"},"image":{"@id":"https:\/\/testwebsite.citygame.com\/vi\/games\/los-llanos-de-aridane\/sherlock-holmes-los-llanos-de-aridane\/#local-main-organization-logo"},"sameAs":["https:\/\/www.facebook.com\/profile.php?id=100086426226253","https:\/\/www.instagram.com\/citygame_com","https:\/\/www.tiktok.com\/@citygamecom\/","https:\/\/www.linkedin.com\/company\/citygame-com"],"description":"Turn any city into a playground with our interactive City Games and self-guided tours. Fun, flexible, and ideal for groups and team building.","telephone":[],"openingHoursSpecification":[{"@type":"OpeningHoursSpecification","dayOfWeek":["Monday","Tuesday","Wednesday","Thursday","Friday","Saturday","Sunday"],"opens":"09:00","closes":"17:00"}]},{"@type":"ImageObject","inLanguage":"vi","@id":"https:\/\/testwebsite.citygame.com\/vi\/games\/los-llanos-de-aridane\/sherlock-holmes-los-llanos-de-aridane\/#local-main-organization-logo","url":"https:\/\/testwebsite.citygame.com\/wp-content\/blogs.dir\/1\/files\/sites\/62\/2025\/10\/CG_LOGO-City-Game.png","contentUrl":"https:\/\/testwebsite.citygame.com\/wp-content\/blogs.dir\/1\/files\/sites\/62\/2025\/10\/CG_LOGO-City-Game.png","width":351,"height":377,"caption":"City Game"}]}},"taxonomy_info":{"game-concept":[{"value":794,"label":"Sherlock"}],"location":[{"value":251,"label":"Los Llanos de Aridane"}],"product_cat":[{"value":27,"label":"Geen categorie"}]},"featured_image_src_large":["https:\/\/testwebsite.citygame.com\/wp-content\/blogs.dir\/1\/files\/sites\/62\/2026\/02\/los-llanos-de-aridane-sherlock-game-player-cobblestone-street.jpg",1024,1024,false],"author_info":[],"comment_info":"","_links":{"self":[{"href":"https:\/\/testwebsite.citygame.com\/vi\/wp-json\/wp\/v2\/product\/64242","targetHints":{"allow":["GET"]}}],"collection":[{"href":"https:\/\/testwebsite.citygame.com\/vi\/wp-json\/wp\/v2\/product"}],"about":[{"href":"https:\/\/testwebsite.citygame.com\/vi\/wp-json\/wp\/v2\/types\/product"}],"acf:post":[{"embeddable":true,"href":"https:\/\/testwebsite.citygame.com\/vi\/wp-json\/wp\/v2\/pages\/12991"}],"wp:featuredmedia":[{"embeddable":true,"href":"https:\/\/testwebsite.citygame.com\/vi\/wp-json\/wp\/v2\/media\/12993"}],"wp:attachment":[{"href":"https:\/\/testwebsite.citygame.com\/vi\/wp-json\/wp\/v2\/media?parent=64242"}],"wp:term":[{"taxonomy":"game-concept","embeddable":true,"href":"https:\/\/testwebsite.citygame.com\/vi\/wp-json\/wp\/v2\/game-concept?post=64242"},{"taxonomy":"location","embeddable":true,"href":"https:\/\/testwebsite.citygame.com\/vi\/wp-json\/wp\/v2\/location?post=64242"},{"taxonomy":"product_brand","embeddable":true,"href":"https:\/\/testwebsite.citygame.com\/vi\/wp-json\/wp\/v2\/product_brand?post=64242"},{"taxonomy":"product_cat","embeddable":true,"href":"https:\/\/testwebsite.citygame.com\/vi\/wp-json\/wp\/v2\/product_cat?post=64242"},{"taxonomy":"product_tag","embeddable":true,"href":"https:\/\/testwebsite.citygame.com\/vi\/wp-json\/wp\/v2\/product_tag?post=64242"}],"curies":[{"name":"wp","href":"https:\/\/api.w.org\/{rel}","templated":true}]}}