{"id":64150,"date":"2026-02-12T13:21:12","date_gmt":"2026-02-12T13:21:12","guid":{"rendered":"https:\/\/testwebsite.citygame.com\/games\/unknown-location\/sherlock-holmes-zakynthos\/"},"modified":"2026-04-08T13:14:27","modified_gmt":"2026-04-08T13:14:27","slug":"sherlock-holmes-zakynthos","status":"publish","type":"product","link":"https:\/\/testwebsite.citygame.com\/vi\/games\/zakynthos\/sherlock-holmes-zakynthos\/","title":{"rendered":"Sherlock Holmes Zakynthos"},"content":{"rendered":"<p>B\u01b0\u1edbc v\u00e0o th\u1ebf gi\u1edbi c\u1ee7a Sherlock Holmes v\u1edbi tr\u00f2 ch\u01a1i Th\u00e0nh ph\u1ed1 b\u00ed \u1ea9n gi\u1ebft ng\u01b0\u1eddi t\u1ef1 h\u01b0\u1edbng d\u1eabn, \u0111\u1ea7y k\u1ecbch t\u00ednh n\u00e0y, l\u1ea5y b\u1ed1i c\u1ea3nh t\u1ea1i trung t\u00e2m th\u00e0nh ph\u1ed1 Zakynthos. V\u1edbi vai tr\u00f2 th\u00e1m t\u1eed kh\u00e1m ph\u00e1 m\u1ed9t v\u1ee5 \u00e1n r\u00f9ng r\u1ee3n, ng\u01b0\u1eddi ch\u01a1i s\u1ebd di chuy\u1ec3n qua c\u00e1c con ph\u1ed1 theo m\u1ed9t c\u00e2u chuy\u1ec7n \u0111ang d\u1ea7n h\u00e9 m\u1edf, b\u1eaft ngu\u1ed3n t\u1eeb v\u1ee5 gi\u1ebft ng\u01b0\u1eddi g\u00e2y s\u1ed1c trong L\u1ec5 h\u1ed9i T\u1ef1 do. B\u1eb1ng c\u00e1ch thu th\u1eadp manh m\u1ed1i, gi\u1ea3i c\u00e1c c\u00e2u \u0111\u1ed1 v\u00e0 th\u1ea9m v\u1ea5n c\u00e1c nghi ph\u1ea1m k\u1ef9 thu\u1eadt s\u1ed1, ng\u01b0\u1eddi tham gia s\u1ebd tr\u1ea3i nghi\u1ec7m m\u1ed9t cu\u1ed9c \u0111i\u1ec1u tra nh\u1eadp vai theo t\u1ed1c \u0111\u1ed9 c\u1ee7a ri\u00eang m\u00ecnh, ho\u00e0n to\u00e0n \u0111\u1eafm ch\u00ecm v\u00e0o m\u1ed9t b\u00ed \u1ea9n ly k\u1ef3.<\/p>\n","protected":false},"excerpt":{"rendered":"<p>H\u00f2a m\u00ecnh v\u00e0o th\u1ebf gi\u1edbi h\u1ea5p d\u1eabn c\u1ee7a Sherlock Holmes, tham gia v\u00e0o tr\u00f2 ch\u01a1i gi\u1ea3i m\u00e3 b\u00ed \u1ea9n gi\u1ebft ng\u01b0\u1eddi t\u1ef1 h\u01b0\u1edbng d\u1eabn l\u1ea5y b\u1ed1i c\u1ea3nh t\u1ea1i Zakynthos. C\u00f9ng v\u1edbi \u0111\u1ed9i c\u1ee7a m\u00ecnh, b\u1ea1n s\u1ebd \u0111\u1ed1i m\u1eb7t v\u1edbi th\u1eed th\u00e1ch gi\u1ea3i m\u00e3 c\u00e1c manh m\u1ed1i kh\u00f3 hi\u1ec3u, l\u00e0m s\u00e1ng t\u1ecf nh\u1eefng c\u00e2u \u0111\u1ed1 ph\u1ee9c t\u1ea1p v\u00e0 kh\u00e1m ph\u00e1 s\u1ef1 th\u1eadt tr\u01b0\u1edbc khi h\u1ebft th\u1eddi gian!<\/p>\n","protected":false},"featured_media":12976,"template":"","meta":{"_acf_changed":false,"_yoast_wpseo_focuskw":"Sherlock Holmes Zakynthos","_yoast_wpseo_metadesc":"Sherlock Holmes Zakynthos. Ch\u01a1i tr\u00f2 ch\u01a1i Th\u00e0nh ph\u1ed1 b\u00ed \u1ea9n gi\u1ebft ng\u01b0\u1eddi t\u1ef1 h\u01b0\u1edbng d\u1eabn, gi\u1ea3i c\u00e1c c\u00e2u \u0111\u1ed1, theo d\u00f5i manh m\u1ed1i v\u00e0 kh\u00e1m ph\u00e1 k\u1ebb s\u00e1t nh\u00e2n theo t\u1ed1c \u0111\u1ed9 c\u1ee7a ri\u00eang b\u1ea1n!","_kad_blocks_custom_css":"","_kad_blocks_head_custom_js":"","_kad_blocks_body_custom_js":"","_kad_blocks_footer_custom_js":"","ghostkit_customizer_options":"","ghostkit_custom_css":"","ghostkit_custom_js_head":"","ghostkit_custom_js_foot":"","ghostkit_typography":"","_kad_post_transparent":"","_kad_post_title":"","_kad_post_layout":"","_kad_post_sidebar_id":"","_kad_post_content_style":"","_kad_post_vertical_padding":"","_kad_post_feature":"","_kad_post_feature_position":"","_kad_post_header":false,"_kad_post_footer":false,"_kad_post_classname":"","_links_to":"","_links_to_target":""},"game-concept":[794],"location":[434],"product_brand":[],"product_cat":[27],"product_tag":[],"class_list":{"0":"post-64150","1":"product","2":"type-product","3":"status-publish","4":"has-post-thumbnail","6":"game-concept-sherlock","7":"location-zakynthos","8":"product_cat-geen-categorie","10":"first","11":"instock","12":"shipping-taxable","13":"purchasable","14":"product-type-simple","15":"entry","16":"content-bg","17":"loop-entry"},"acf":{"full_bokun_product_name":"Zakynthos Self-Guided Sherlock Holmes Murder Mystery Game","location_name":"Zakynthos","bokun_calendar_widget_code":"<script type=\"text\/javascript\" src=\"https:\/\/widgets.bokun.io\/assets\/javascripts\/apps\/build\/BokunWidgetsLoader.js?bookingChannelUUID=a1e93e96-5232-4734-a595-28405f4b5a31\" async><\/script>\n     \n    <div class=\"bokunWidget\" data-src=\"https:\/\/widgets.bokun.io\/online-sales\/a1e93e96-5232-4734-a595-28405f4b5a31\/experience-calendar\/785566\"><\/div>\n    <noscript>Please enable javascript in your browser to book<\/noscript>","bokun_button_widget_code":"<script type=\"text\/javascript\" src=\"https:\/\/widgets.bokun.io\/assets\/javascripts\/apps\/build\/BokunWidgetsLoader.js?bookingChannelUUID=a1e93e96-5232-4734-a595-28405f4b5a31\" async><\/script>\n      <style> #bokun_ed001e45_5927_4f62_b470_ca766338d083 { display: inline-block; padding: .4em 1em; background: #47b82e; border-radius: 999999px; box-shadow: none; font-weight: 600; font-size: 24px; text-decoration: none; text-align: center; color: #FFFFFF; border:none; cursor: pointer; transition: background .2s ease; } #bokun_ed001e45_5927_4f62_b470_ca766338d083:hover{ background: #2f7b1f; } #bokun_ed001e45_5927_4f62_b470_ca766338d083:active{ background: #378f24; } <\/style> <button class=\"bokunButton\" disabled id=bokun_ed001e45_5927_4f62_b470_ca766338d083 data-src=\"https:\/\/widgets.bokun.io\/online-sales\/a1e93e96-5232-4734-a595-28405f4b5a31\/experience-calendar\/785566?partialView=1\" data-testid=\"widget-book-button\" > Book now <\/button> ","what_you\u2019ll_experience_during_the_game":"B\u1ea1n b\u01b0\u1edbc v\u00e0o m\u1ed9t c\u00e2u chuy\u1ec7n trinh th\u00e1m ly k\u1ef3 l\u1ea5y b\u1ed1i c\u1ea3nh t\u1ea1i trung t\u00e2m Zakynthos, n\u01a1i m\u1ed9t v\u1ee5 \u00e1n m\u1ea1ng \u0111\u00e3 l\u00e0m ch\u1ea5n \u0111\u1ed9ng th\u00e0nh ph\u1ed1 trong L\u1ec5 h\u1ed9i T\u1ef1 do. Khi b\u1ea1n di chuy\u1ec3n qua c\u00e1c con ph\u1ed1, v\u1ee5 \u00e1n d\u1ea7n h\u00e9 m\u1edf xung quanh b\u1ea1n, ti\u1ebft l\u1ed9 nh\u1eefng l\u1edbp intri \u0111\u01b0\u1ee3c d\u1ec7t v\u00e0o m\u00f4i tr\u01b0\u1eddng h\u00e0ng ng\u00e0y. Ch\u1ec9 \u0111\u01b0\u1ee3c h\u01b0\u1edbng d\u1eabn b\u1edfi b\u1ea3n n\u0103ng v\u00e0 d\u1ea5u v\u1ebft c\u1ee7a nh\u1eefng manh m\u1ed1i kh\u00f3 n\u1eafm b\u1eaft, b\u1ea1n s\u1ebd kh\u00e1m ph\u00e1 c\u00e1c th\u00f4ng \u0111i\u1ec7p \u0111\u01b0\u1ee3c m\u00e3 h\u00f3a, gi\u1ea3i c\u00e1c c\u00e2u \u0111\u1ed1 ph\u1ee9c t\u1ea1p v\u00e0 \u0111\u1ed1i m\u1eb7t v\u1edbi nh\u1eefng b\u01b0\u1edbc ngo\u1eb7t b\u1ea5t ng\u1edd th\u00e1ch th\u1ee9c nh\u1eadn th\u1ee9c c\u1ee7a b\u1ea1n v\u1ec1 s\u1ef1 th\u1eadt.\n\nM\u1ed7i \u0111i\u1ec3m d\u1eebng l\u1ea1i mang \u0111\u1ebfn m\u1ed9t kh\u00e1m ph\u00e1 m\u1edbi. B\u1ea1n s\u1ebd th\u1ea9m v\u1ea5n c\u00e1c nghi ph\u1ea1m k\u1ef9 thu\u1eadt s\u1ed1, so s\u00e1nh l\u1eddi khai v\u00e0 xem x\u00e9t k\u1ef9 l\u01b0\u1ee1ng b\u1eb1ng ch\u1ee9ng ngo\u1ea1i ph\u1ea1m \u0111\u1ec3 t\u00ecm ra nh\u1eefng m\u00e2u thu\u1eabn \u1ea9n gi\u1ea5u. V\u1edbi m\u1ed7i quy\u1ebft \u0111\u1ecbnh, b\u1ea1n ti\u1ebfn th\u00eam m\u1ed9t b\u01b0\u1edbc g\u1ea7n h\u01a1n \u0111\u1ebfn vi\u1ec7c kh\u00e1m ph\u00e1 \u0111i\u1ec1u g\u00ec th\u1ef1c s\u1ef1 \u0111\u00e3 x\u1ea3y ra. Tr\u1ea3i nghi\u1ec7m ho\u00e0n to\u00e0n theo c\u1ed1t truy\u1ec7n v\u00e0 khuy\u1ebfn kh\u00edch t\u01b0 duy ph\u1ea3n bi\u1ec7n s\u00e2u s\u1eafc, kh\u1ea3 n\u0103ng quan s\u00e1t nh\u1ea1y b\u00e9n v\u00e0 suy lu\u1eadn logic. B\u1ea1n c\u00f3 th\u1ec3 ch\u01a1i theo t\u1ed1c \u0111\u1ed9 c\u1ee7a ri\u00eang m\u00ecnh, t\u1ea1m d\u1eebng b\u1ea5t c\u1ee9 khi n\u00e0o c\u1ea7n v\u00e0 ti\u1ebfp t\u1ee5c khi b\u1ea1n s\u1eb5n s\u00e0ng. N\u1ebfu b\u1ea1n tham gia m\u1ed9t \u0111\u1ed9i, th\u1eed th\u00e1ch s\u1ebd tr\u1edf th\u00e0nh m\u1ed9t b\u00e0i ki\u1ec3m tra c\u1ea1nh tranh xem ai c\u00f3 t\u01b0 duy th\u00e1m t\u1eed s\u1eafc b\u00e9n nh\u1ea5t.","how_to_play":"Ch\u01a1i m\u1ed9t m\u00ecnh ho\u1eb7c v\u1edbi b\u1ea1n b\u00e8, gia \u0111\u00ecnh, ho\u1eb7c \u0111\u1ed3ng nghi\u1ec7p theo nh\u00f3m t\u1ed1i \u0111a b\u1ed1n ng\u01b0\u1eddi m\u1ed7i thi\u1ebft b\u1ecb. Sau khi \u0111\u1eb7t ch\u1ed7, b\u1ea1n s\u1ebd nh\u1eadn \u0111\u01b0\u1ee3c email h\u01b0\u1edbng d\u1eabn v\u1edbi m\u1ecdi th\u1ee9 b\u1ea1n c\u1ea7n.","start_location":"Zakynthos, Dionysios Solomos Square","available_languages":["en","es","fr","de","it","nl"],"players_per_group":"1-4","duration":"1.5-2 hours","image_overlay_color_image":"https:\/\/testwebsite.citygame.com\/wp-content\/blogs.dir\/1\/files\/sites\/62\/2026\/01\/SherlockColor.svg","image_overlay_game_logo":"https:\/\/testwebsite.citygame.com\/wp-content\/blogs.dir\/1\/files\/sites\/62\/2026\/01\/SherlockLogo.png","city_page":12974,"woocommerce_general_content":null},"yoast_head":"<!-- This site is optimized with the Yoast SEO Premium plugin v26.2 (Yoast SEO v26.3) - https:\/\/yoast.com\/wordpress\/plugins\/seo\/ -->\n<title>Sherlock Holmes Zakynthos - City Game<\/title>\n<meta name=\"description\" content=\"Sherlock Holmes Zakynthos. Ch\u01a1i tr\u00f2 ch\u01a1i Th\u00e0nh ph\u1ed1 b\u00ed \u1ea9n gi\u1ebft ng\u01b0\u1eddi t\u1ef1 h\u01b0\u1edbng d\u1eabn, gi\u1ea3i c\u00e1c c\u00e2u \u0111\u1ed1, theo d\u00f5i manh m\u1ed1i v\u00e0 kh\u00e1m ph\u00e1 k\u1ebb s\u00e1t nh\u00e2n theo t\u1ed1c \u0111\u1ed9 c\u1ee7a ri\u00eang b\u1ea1n!\" \/>\n<meta name=\"robots\" content=\"noindex, follow, max-snippet:-1, max-image-preview:large, max-video-preview:-1\" \/>\n<meta property=\"og:locale\" content=\"vi_VN\" \/>\n<meta property=\"og:type\" content=\"article\" \/>\n<meta property=\"og:title\" content=\"Sherlock Holmes Zakynthos\" \/>\n<meta property=\"og:description\" content=\"Sherlock Holmes Zakynthos. Ch\u01a1i tr\u00f2 ch\u01a1i Th\u00e0nh ph\u1ed1 b\u00ed \u1ea9n gi\u1ebft ng\u01b0\u1eddi t\u1ef1 h\u01b0\u1edbng d\u1eabn, gi\u1ea3i c\u00e1c c\u00e2u \u0111\u1ed1, theo d\u00f5i manh m\u1ed1i v\u00e0 kh\u00e1m ph\u00e1 k\u1ebb s\u00e1t nh\u00e2n theo t\u1ed1c \u0111\u1ed9 c\u1ee7a ri\u00eang b\u1ea1n!\" \/>\n<meta property=\"og:url\" content=\"https:\/\/testwebsite.citygame.com\/vi\/games\/zakynthos\/sherlock-holmes-zakynthos\/\" \/>\n<meta property=\"og:site_name\" content=\"City Game\" \/>\n<meta property=\"article:publisher\" content=\"https:\/\/www.facebook.com\/profile.php?id=100086426226253\" \/>\n<meta property=\"article:modified_time\" content=\"2026-04-08T13:14:27+00:00\" \/>\n<meta property=\"og:image\" content=\"https:\/\/testwebsite.citygame.com\/wp-content\/blogs.dir\/1\/files\/sites\/62\/2026\/02\/man-playing-city-game-solomos-square-zakynthos.jpg\" \/>\n\t<meta property=\"og:image:width\" content=\"1024\" \/>\n\t<meta property=\"og:image:height\" content=\"1024\" \/>\n\t<meta property=\"og:image:type\" content=\"image\/jpeg\" \/>\n<meta name=\"twitter:card\" content=\"summary_large_image\" \/>\n<meta name=\"twitter:label1\" content=\"\u01af\u1edbc t\u00ednh th\u1eddi gian \u0111\u1ecdc\" \/>\n\t<meta name=\"twitter:data1\" content=\"1 ph\u00fat\" \/>\n<script type=\"application\/ld+json\" class=\"yoast-schema-graph\">{\"@context\":\"https:\/\/schema.org\",\"@graph\":[{\"@type\":\"WebPage\",\"@id\":\"https:\/\/testwebsite.citygame.com\/vi\/games\/zakynthos\/sherlock-holmes-zakynthos\/\",\"url\":\"https:\/\/testwebsite.citygame.com\/vi\/games\/zakynthos\/sherlock-holmes-zakynthos\/\",\"name\":\"Sherlock Holmes Zakynthos - City Game\",\"isPartOf\":{\"@id\":\"https:\/\/testwebsite.upevents.nl\/#website\"},\"primaryImageOfPage\":{\"@id\":\"https:\/\/testwebsite.citygame.com\/vi\/games\/zakynthos\/sherlock-holmes-zakynthos\/#primaryimage\"},\"image\":{\"@id\":\"https:\/\/testwebsite.citygame.com\/vi\/games\/zakynthos\/sherlock-holmes-zakynthos\/#primaryimage\"},\"thumbnailUrl\":\"https:\/\/testwebsite.citygame.com\/wp-content\/blogs.dir\/1\/files\/sites\/62\/2026\/02\/man-playing-city-game-solomos-square-zakynthos.jpg\",\"datePublished\":\"2026-02-12T13:21:12+00:00\",\"dateModified\":\"2026-04-08T13:14:27+00:00\",\"description\":\"Sherlock Holmes Zakynthos. Ch\u01a1i tr\u00f2 ch\u01a1i Th\u00e0nh ph\u1ed1 b\u00ed \u1ea9n gi\u1ebft ng\u01b0\u1eddi t\u1ef1 h\u01b0\u1edbng d\u1eabn, gi\u1ea3i c\u00e1c c\u00e2u \u0111\u1ed1, theo d\u00f5i manh m\u1ed1i v\u00e0 kh\u00e1m ph\u00e1 k\u1ebb s\u00e1t nh\u00e2n theo t\u1ed1c \u0111\u1ed9 c\u1ee7a ri\u00eang b\u1ea1n!\",\"breadcrumb\":{\"@id\":\"https:\/\/testwebsite.citygame.com\/vi\/games\/zakynthos\/sherlock-holmes-zakynthos\/#breadcrumb\"},\"inLanguage\":\"vi\",\"potentialAction\":[{\"@type\":\"ReadAction\",\"target\":[\"https:\/\/testwebsite.citygame.com\/vi\/games\/zakynthos\/sherlock-holmes-zakynthos\/\"]}]},{\"@type\":\"ImageObject\",\"inLanguage\":\"vi\",\"@id\":\"https:\/\/testwebsite.citygame.com\/vi\/games\/zakynthos\/sherlock-holmes-zakynthos\/#primaryimage\",\"url\":\"https:\/\/testwebsite.citygame.com\/wp-content\/blogs.dir\/1\/files\/sites\/62\/2026\/02\/man-playing-city-game-solomos-square-zakynthos.jpg\",\"contentUrl\":\"https:\/\/testwebsite.citygame.com\/wp-content\/blogs.dir\/1\/files\/sites\/62\/2026\/02\/man-playing-city-game-solomos-square-zakynthos.jpg\",\"width\":1024,\"height\":1024,\"caption\":\"A tourist explores Solomos Square in Zakynthos, Greece while using a tablet for guidance.\"},{\"@type\":\"BreadcrumbList\",\"@id\":\"https:\/\/testwebsite.citygame.com\/vi\/games\/zakynthos\/sherlock-holmes-zakynthos\/#breadcrumb\",\"itemListElement\":[{\"@type\":\"ListItem\",\"position\":1,\"name\":\"Home\",\"item\":\"https:\/\/testwebsite.citygame.com\/vi\/\"},{\"@type\":\"ListItem\",\"position\":2,\"name\":\"Shop\",\"item\":\"https:\/\/testwebsite.citygame.com\/shop\/\"},{\"@type\":\"ListItem\",\"position\":3,\"name\":\"Sherlock Holmes Zakynthos\"}]},{\"@type\":\"WebSite\",\"@id\":\"https:\/\/testwebsite.upevents.nl\/#website\",\"url\":\"https:\/\/testwebsite.upevents.nl\/\",\"name\":\"City Game\",\"description\":\"\",\"publisher\":{\"@id\":\"https:\/\/testwebsite.upevents.nl\/#organization\"},\"alternateName\":\"citygame.com\",\"potentialAction\":[{\"@type\":\"SearchAction\",\"target\":{\"@type\":\"EntryPoint\",\"urlTemplate\":\"https:\/\/testwebsite.upevents.nl\/?s={search_term_string}\"},\"query-input\":{\"@type\":\"PropertyValueSpecification\",\"valueRequired\":true,\"valueName\":\"search_term_string\"}}],\"inLanguage\":\"vi\"},{\"@type\":[\"Organization\",\"Place\"],\"@id\":\"https:\/\/testwebsite.upevents.nl\/#organization\",\"name\":\"City Game\",\"alternateName\":\"citygame.com\",\"url\":\"https:\/\/testwebsite.upevents.nl\/\",\"logo\":{\"@id\":\"https:\/\/testwebsite.citygame.com\/vi\/games\/zakynthos\/sherlock-holmes-zakynthos\/#local-main-organization-logo\"},\"image\":{\"@id\":\"https:\/\/testwebsite.citygame.com\/vi\/games\/zakynthos\/sherlock-holmes-zakynthos\/#local-main-organization-logo\"},\"sameAs\":[\"https:\/\/www.facebook.com\/profile.php?id=100086426226253\",\"https:\/\/www.instagram.com\/citygame_com\",\"https:\/\/www.tiktok.com\/@citygamecom\/\",\"https:\/\/www.linkedin.com\/company\/citygame-com\"],\"description\":\"Turn any city into a playground with our interactive City Games and self-guided tours. Fun, flexible, and ideal for groups and team building.\",\"telephone\":[],\"openingHoursSpecification\":[{\"@type\":\"OpeningHoursSpecification\",\"dayOfWeek\":[\"Monday\",\"Tuesday\",\"Wednesday\",\"Thursday\",\"Friday\",\"Saturday\",\"Sunday\"],\"opens\":\"09:00\",\"closes\":\"17:00\"}]},{\"@type\":\"ImageObject\",\"inLanguage\":\"vi\",\"@id\":\"https:\/\/testwebsite.citygame.com\/vi\/games\/zakynthos\/sherlock-holmes-zakynthos\/#local-main-organization-logo\",\"url\":\"https:\/\/testwebsite.citygame.com\/wp-content\/blogs.dir\/1\/files\/sites\/62\/2025\/10\/CG_LOGO-City-Game.png\",\"contentUrl\":\"https:\/\/testwebsite.citygame.com\/wp-content\/blogs.dir\/1\/files\/sites\/62\/2025\/10\/CG_LOGO-City-Game.png\",\"width\":351,\"height\":377,\"caption\":\"City Game\"}]}<\/script>\n<!-- \/ Yoast SEO Premium plugin. -->","yoast_head_json":{"title":"Sherlock Holmes Zakynthos - City Game","description":"Sherlock Holmes Zakynthos. Ch\u01a1i tr\u00f2 ch\u01a1i Th\u00e0nh ph\u1ed1 b\u00ed \u1ea9n gi\u1ebft ng\u01b0\u1eddi t\u1ef1 h\u01b0\u1edbng d\u1eabn, gi\u1ea3i c\u00e1c c\u00e2u \u0111\u1ed1, theo d\u00f5i manh m\u1ed1i v\u00e0 kh\u00e1m ph\u00e1 k\u1ebb s\u00e1t nh\u00e2n theo t\u1ed1c \u0111\u1ed9 c\u1ee7a ri\u00eang b\u1ea1n!","robots":{"index":"noindex","follow":"follow","max-snippet":"max-snippet:-1","max-image-preview":"max-image-preview:large","max-video-preview":"max-video-preview:-1"},"og_locale":"vi_VN","og_type":"article","og_title":"Sherlock Holmes Zakynthos","og_description":"Sherlock Holmes Zakynthos. Ch\u01a1i tr\u00f2 ch\u01a1i Th\u00e0nh ph\u1ed1 b\u00ed \u1ea9n gi\u1ebft ng\u01b0\u1eddi t\u1ef1 h\u01b0\u1edbng d\u1eabn, gi\u1ea3i c\u00e1c c\u00e2u \u0111\u1ed1, theo d\u00f5i manh m\u1ed1i v\u00e0 kh\u00e1m ph\u00e1 k\u1ebb s\u00e1t nh\u00e2n theo t\u1ed1c \u0111\u1ed9 c\u1ee7a ri\u00eang b\u1ea1n!","og_url":"https:\/\/testwebsite.citygame.com\/vi\/games\/zakynthos\/sherlock-holmes-zakynthos\/","og_site_name":"City Game","article_publisher":"https:\/\/www.facebook.com\/profile.php?id=100086426226253","article_modified_time":"2026-04-08T13:14:27+00:00","og_image":[{"width":1024,"height":1024,"url":"https:\/\/testwebsite.citygame.com\/wp-content\/blogs.dir\/1\/files\/sites\/62\/2026\/02\/man-playing-city-game-solomos-square-zakynthos.jpg","type":"image\/jpeg"}],"twitter_card":"summary_large_image","twitter_misc":{"\u01af\u1edbc t\u00ednh th\u1eddi gian \u0111\u1ecdc":"1 ph\u00fat"},"schema":{"@context":"https:\/\/schema.org","@graph":[{"@type":"WebPage","@id":"https:\/\/testwebsite.citygame.com\/vi\/games\/zakynthos\/sherlock-holmes-zakynthos\/","url":"https:\/\/testwebsite.citygame.com\/vi\/games\/zakynthos\/sherlock-holmes-zakynthos\/","name":"Sherlock Holmes Zakynthos - City Game","isPartOf":{"@id":"https:\/\/testwebsite.upevents.nl\/#website"},"primaryImageOfPage":{"@id":"https:\/\/testwebsite.citygame.com\/vi\/games\/zakynthos\/sherlock-holmes-zakynthos\/#primaryimage"},"image":{"@id":"https:\/\/testwebsite.citygame.com\/vi\/games\/zakynthos\/sherlock-holmes-zakynthos\/#primaryimage"},"thumbnailUrl":"https:\/\/testwebsite.citygame.com\/wp-content\/blogs.dir\/1\/files\/sites\/62\/2026\/02\/man-playing-city-game-solomos-square-zakynthos.jpg","datePublished":"2026-02-12T13:21:12+00:00","dateModified":"2026-04-08T13:14:27+00:00","description":"Sherlock Holmes Zakynthos. Ch\u01a1i tr\u00f2 ch\u01a1i Th\u00e0nh ph\u1ed1 b\u00ed \u1ea9n gi\u1ebft ng\u01b0\u1eddi t\u1ef1 h\u01b0\u1edbng d\u1eabn, gi\u1ea3i c\u00e1c c\u00e2u \u0111\u1ed1, theo d\u00f5i manh m\u1ed1i v\u00e0 kh\u00e1m ph\u00e1 k\u1ebb s\u00e1t nh\u00e2n theo t\u1ed1c \u0111\u1ed9 c\u1ee7a ri\u00eang b\u1ea1n!","breadcrumb":{"@id":"https:\/\/testwebsite.citygame.com\/vi\/games\/zakynthos\/sherlock-holmes-zakynthos\/#breadcrumb"},"inLanguage":"vi","potentialAction":[{"@type":"ReadAction","target":["https:\/\/testwebsite.citygame.com\/vi\/games\/zakynthos\/sherlock-holmes-zakynthos\/"]}]},{"@type":"ImageObject","inLanguage":"vi","@id":"https:\/\/testwebsite.citygame.com\/vi\/games\/zakynthos\/sherlock-holmes-zakynthos\/#primaryimage","url":"https:\/\/testwebsite.citygame.com\/wp-content\/blogs.dir\/1\/files\/sites\/62\/2026\/02\/man-playing-city-game-solomos-square-zakynthos.jpg","contentUrl":"https:\/\/testwebsite.citygame.com\/wp-content\/blogs.dir\/1\/files\/sites\/62\/2026\/02\/man-playing-city-game-solomos-square-zakynthos.jpg","width":1024,"height":1024,"caption":"A tourist explores Solomos Square in Zakynthos, Greece while using a tablet for guidance."},{"@type":"BreadcrumbList","@id":"https:\/\/testwebsite.citygame.com\/vi\/games\/zakynthos\/sherlock-holmes-zakynthos\/#breadcrumb","itemListElement":[{"@type":"ListItem","position":1,"name":"Home","item":"https:\/\/testwebsite.citygame.com\/vi\/"},{"@type":"ListItem","position":2,"name":"Shop","item":"https:\/\/testwebsite.citygame.com\/shop\/"},{"@type":"ListItem","position":3,"name":"Sherlock Holmes Zakynthos"}]},{"@type":"WebSite","@id":"https:\/\/testwebsite.upevents.nl\/#website","url":"https:\/\/testwebsite.upevents.nl\/","name":"City Game","description":"","publisher":{"@id":"https:\/\/testwebsite.upevents.nl\/#organization"},"alternateName":"citygame.com","potentialAction":[{"@type":"SearchAction","target":{"@type":"EntryPoint","urlTemplate":"https:\/\/testwebsite.upevents.nl\/?s={search_term_string}"},"query-input":{"@type":"PropertyValueSpecification","valueRequired":true,"valueName":"search_term_string"}}],"inLanguage":"vi"},{"@type":["Organization","Place"],"@id":"https:\/\/testwebsite.upevents.nl\/#organization","name":"City Game","alternateName":"citygame.com","url":"https:\/\/testwebsite.upevents.nl\/","logo":{"@id":"https:\/\/testwebsite.citygame.com\/vi\/games\/zakynthos\/sherlock-holmes-zakynthos\/#local-main-organization-logo"},"image":{"@id":"https:\/\/testwebsite.citygame.com\/vi\/games\/zakynthos\/sherlock-holmes-zakynthos\/#local-main-organization-logo"},"sameAs":["https:\/\/www.facebook.com\/profile.php?id=100086426226253","https:\/\/www.instagram.com\/citygame_com","https:\/\/www.tiktok.com\/@citygamecom\/","https:\/\/www.linkedin.com\/company\/citygame-com"],"description":"Turn any city into a playground with our interactive City Games and self-guided tours. Fun, flexible, and ideal for groups and team building.","telephone":[],"openingHoursSpecification":[{"@type":"OpeningHoursSpecification","dayOfWeek":["Monday","Tuesday","Wednesday","Thursday","Friday","Saturday","Sunday"],"opens":"09:00","closes":"17:00"}]},{"@type":"ImageObject","inLanguage":"vi","@id":"https:\/\/testwebsite.citygame.com\/vi\/games\/zakynthos\/sherlock-holmes-zakynthos\/#local-main-organization-logo","url":"https:\/\/testwebsite.citygame.com\/wp-content\/blogs.dir\/1\/files\/sites\/62\/2025\/10\/CG_LOGO-City-Game.png","contentUrl":"https:\/\/testwebsite.citygame.com\/wp-content\/blogs.dir\/1\/files\/sites\/62\/2025\/10\/CG_LOGO-City-Game.png","width":351,"height":377,"caption":"City Game"}]}},"taxonomy_info":{"game-concept":[{"value":794,"label":"Sherlock"}],"location":[{"value":434,"label":"Zakynthos"}],"product_cat":[{"value":27,"label":"Geen categorie"}]},"featured_image_src_large":["https:\/\/testwebsite.citygame.com\/wp-content\/blogs.dir\/1\/files\/sites\/62\/2026\/02\/man-playing-city-game-solomos-square-zakynthos.jpg",1024,1024,false],"author_info":[],"comment_info":"","_links":{"self":[{"href":"https:\/\/testwebsite.citygame.com\/vi\/wp-json\/wp\/v2\/product\/64150","targetHints":{"allow":["GET"]}}],"collection":[{"href":"https:\/\/testwebsite.citygame.com\/vi\/wp-json\/wp\/v2\/product"}],"about":[{"href":"https:\/\/testwebsite.citygame.com\/vi\/wp-json\/wp\/v2\/types\/product"}],"acf:post":[{"embeddable":true,"href":"https:\/\/testwebsite.citygame.com\/vi\/wp-json\/wp\/v2\/pages\/12974"}],"wp:featuredmedia":[{"embeddable":true,"href":"https:\/\/testwebsite.citygame.com\/vi\/wp-json\/wp\/v2\/media\/12976"}],"wp:attachment":[{"href":"https:\/\/testwebsite.citygame.com\/vi\/wp-json\/wp\/v2\/media?parent=64150"}],"wp:term":[{"taxonomy":"game-concept","embeddable":true,"href":"https:\/\/testwebsite.citygame.com\/vi\/wp-json\/wp\/v2\/game-concept?post=64150"},{"taxonomy":"location","embeddable":true,"href":"https:\/\/testwebsite.citygame.com\/vi\/wp-json\/wp\/v2\/location?post=64150"},{"taxonomy":"product_brand","embeddable":true,"href":"https:\/\/testwebsite.citygame.com\/vi\/wp-json\/wp\/v2\/product_brand?post=64150"},{"taxonomy":"product_cat","embeddable":true,"href":"https:\/\/testwebsite.citygame.com\/vi\/wp-json\/wp\/v2\/product_cat?post=64150"},{"taxonomy":"product_tag","embeddable":true,"href":"https:\/\/testwebsite.citygame.com\/vi\/wp-json\/wp\/v2\/product_tag?post=64150"}],"curies":[{"name":"wp","href":"https:\/\/api.w.org\/{rel}","templated":true}]}}