{"id":63896,"date":"2026-01-13T15:40:00","date_gmt":"2026-01-13T15:40:00","guid":{"rendered":"https:\/\/testwebsite.citygame.com\/games\/unknown-location\/secrets-of-frankfurt\/"},"modified":"2026-04-08T12:43:39","modified_gmt":"2026-04-08T12:43:39","slug":"secrets-of-frankfurt","status":"publish","type":"product","link":"https:\/\/testwebsite.citygame.com\/vi\/games\/frankfurt\/secrets-of-frankfurt\/","title":{"rendered":"Secrets of Frankfurt"},"content":{"rendered":"<p>Tr\u00f2 ch\u01a1i Th\u00e0nh ph\u1ed1 Frankfurt l\u00e0 m\u1ed9t tr\u00f2 ch\u01a1i kh\u00e1m ph\u00e1 th\u00e0nh ph\u1ed1 t\u1ef1 h\u01b0\u1edbng d\u1eabn, di\u1ec5n ra t\u1ea1i trung t\u00e2m l\u1ecbch s\u1eed c\u1ee7a Frankfurt. S\u1eed d\u1ee5ng \u0111i\u1ec7n tho\u1ea1i th\u00f4ng minh c\u1ee7a b\u1ea1n, b\u1ea1n s\u1ebd kh\u00e1m ph\u00e1 khu v\u1ef1c n\u00e0y th\u00f4ng qua m\u1ed9t tr\u00f2 ch\u01a1i d\u1ef1a tr\u00ean GPS v\u1edbi c\u00e1c c\u00e2u \u0111\u1ed1, b\u00ed \u1ea9n v\u00e0 th\u1eed th\u00e1ch \u1ea3nh. Tr\u00ean \u0111\u01b0\u1eddng \u0111i, b\u1ea1n s\u1ebd kh\u00e1m ph\u00e1 nh\u1eefng c\u00e2u chuy\u1ec7n v\u1ec1 l\u1ecbch s\u1eed, v\u0103n h\u00f3a v\u00e0 nh\u1eefng chi ti\u1ebft \u1ea9n gi\u1ea5u c\u1ee7a Frankfurt m\u00e0 ngay c\u1ea3 m\u1ed9t s\u1ed1 ng\u01b0\u1eddi d\u00e2n \u0111\u1ecba ph\u01b0\u01a1ng c\u0169ng c\u00f3 th\u1ec3 ch\u01b0a bi\u1ebft. Tr\u00f2 ch\u01a1i kh\u00e1m ph\u00e1 n\u00e0y ph\u00f9 h\u1ee3p cho du kh\u00e1ch mu\u1ed1n tr\u1ea3i nghi\u1ec7m th\u00e0nh ph\u1ed1 theo m\u1ed9t c\u00e1ch \u0111\u1ed9c \u0111\u00e1o, c\u0169ng nh\u01b0 cho ng\u01b0\u1eddi d\u00e2n \u0111\u1ecba ph\u01b0\u01a1ng quan t\u00e2m \u0111\u1ebfn vi\u1ec7c nh\u00ecn nh\u1eefng con ph\u1ed1 quen thu\u1ed9c t\u1eeb m\u1ed9t g\u00f3c nh\u00ecn m\u1edbi. D\u00f9 b\u1ea1n ch\u01a1i m\u1ed9t m\u00ecnh, v\u1edbi \u0111\u1ed1i t\u00e1c, gia \u0111\u00ecnh hay m\u1ed9t nh\u00f3m b\u1ea1n, Tr\u00f2 ch\u01a1i Th\u00e0nh ph\u1ed1 Frankfurt mang \u0111\u1ebfn m\u1ed9t c\u00e1ch linh ho\u1ea1t v\u00e0 h\u1ea5p d\u1eabn \u0111\u1ec3 kh\u00e1m ph\u00e1 tr\u00e1i tim c\u1ee7a th\u00e0nh ph\u1ed1.<\/p>\n","protected":false},"excerpt":{"rendered":"<p>Gi\u1ea3i m\u00e3 B\u00ed m\u1eadt c\u1ee7a Frankfurt! D\u1ea1o b\u01b0\u1edbc t\u1eeb nh\u1eefng qu\u1ea3ng tr\u01b0\u1eddng s\u00f4i \u0111\u1ed9ng \u0111\u1ebfn nh\u1eefng \u0111\u01b0\u1eddng ch\u00e2n tr\u1eddi ngo\u1ea1n m\u1ee5c khi b\u1ea1n theo d\u1ea5u manh m\u1ed1i, gi\u00fap Rahel Hirsch kh\u00e1m ph\u00e1 l\u1ea1i l\u00fd do c\u00f4 \u1ea5y tr\u1edf v\u1ec1 qu\u00ea h\u01b0\u01a1ng.<\/p>\n","protected":false},"featured_media":3854,"template":"","meta":{"_acf_changed":false,"_yoast_wpseo_focuskw":"Secrets of Frankfurt","_yoast_wpseo_metadesc":"Secrets of Frankfurt. Ch\u01a1i m\u1ed9t Tr\u00f2 ch\u01a1i Th\u00e0nh ph\u1ed1 t\u1ef1 h\u01b0\u1edbng d\u1eabn v\u00e0 kh\u00e1m ph\u00e1 th\u00e0nh ph\u1ed1 th\u00f4ng qua c\u00e1c c\u00e2u \u0111\u1ed1, b\u00ed \u1ea9n v\u00e0 th\u1eed th\u00e1ch. Ch\u01a1i theo t\u1ed1c \u0111\u1ed9 c\u1ee7a ri\u00eang b\u1ea1n v\u00e0 kh\u00e1m ph\u00e1 nh\u01b0 m\u1ed9t ng\u01b0\u1eddi \u0111\u1ecba ph\u01b0\u01a1ng!","_kad_blocks_custom_css":"","_kad_blocks_head_custom_js":"","_kad_blocks_body_custom_js":"","_kad_blocks_footer_custom_js":"","ghostkit_customizer_options":"","ghostkit_custom_css":"","ghostkit_custom_js_head":"","ghostkit_custom_js_foot":"","ghostkit_typography":"","_kad_post_transparent":"","_kad_post_title":"","_kad_post_layout":"","_kad_post_sidebar_id":"","_kad_post_content_style":"","_kad_post_vertical_padding":"","_kad_post_feature":"","_kad_post_feature_position":"","_kad_post_header":false,"_kad_post_footer":false,"_kad_post_classname":"","_links_to":"","_links_to_target":""},"game-concept":[733],"location":[167],"product_brand":[],"product_cat":[27],"product_tag":[],"class_list":{"0":"post-63896","1":"product","2":"type-product","3":"status-publish","4":"has-post-thumbnail","6":"game-concept-secrets","7":"location-frankfurt","8":"product_cat-geen-categorie","10":"first","11":"instock","12":"shipping-taxable","13":"purchasable","14":"product-type-simple","15":"entry","16":"content-bg","17":"loop-entry"},"acf":{"full_bokun_product_name":"Self-Guided Secrets of Frankfurt Exploration Game","location_name":"Frankfurt","bokun_calendar_widget_code":"<script type=\"text\/javascript\" src=\"https:\/\/widgets.bokun.io\/assets\/javascripts\/apps\/build\/BokunWidgetsLoader.js?bookingChannelUUID=a1e93e96-5232-4734-a595-28405f4b5a31\" async><\/script>\n     \n    <div class=\"bokunWidget\" data-src=\"https:\/\/widgets.bokun.io\/online-sales\/a1e93e96-5232-4734-a595-28405f4b5a31\/experience-calendar\/827831\"><\/div>\n    <noscript>Please enable javascript in your browser to book<\/noscript>","bokun_button_widget_code":"<script type=\"text\/javascript\" src=\"https:\/\/widgets.bokun.io\/assets\/javascripts\/apps\/build\/BokunWidgetsLoader.js?bookingChannelUUID=a1e93e96-5232-4734-a595-28405f4b5a31\" async><\/script>\n      <style> #bokun_ed001e45_5927_4f62_b470_ca766338d083 { display: inline-block; padding: .4em 1em; background: #47b82e; border-radius: 999999px; box-shadow: none; font-weight: 600; font-size: 24px; text-decoration: none; text-align: center; color: #FFFFFF; border:none; cursor: pointer; transition: background .2s ease; } #bokun_ed001e45_5927_4f62_b470_ca766338d083:hover{ background: #2f7b1f; } #bokun_ed001e45_5927_4f62_b470_ca766338d083:active{ background: #378f24; } <\/style> <button class=\"bokunButton\" disabled id=bokun_ed001e45_5927_4f62_b470_ca766338d083 data-src=\"https:\/\/widgets.bokun.io\/online-sales\/a1e93e96-5232-4734-a595-28405f4b5a31\/experience-calendar\/827831?partialView=1\" data-testid=\"widget-book-button\" > Book now <\/button> ","what_you\u2019ll_experience_during_the_game":"Khi b\u1ea1n kh\u00e1m ph\u00e1 Frankfurt v\u1edbi Tr\u00f2 ch\u01a1i Th\u00e0nh ph\u1ed1, b\u1ea1n s\u1ebd kh\u00e1m ph\u00e1 m\u1ed9t s\u1ef1 pha tr\u1ed9n gi\u1eefa n\u00e9t quy\u1ebfn r\u0169 l\u1ecbch s\u1eed v\u00e0 v\u0103n h\u00f3a \u0111\u00f4 th\u1ecb \u0111\u01b0\u1ee3c d\u1ec7t n\u00ean trong m\u1ed9t c\u1ed1t truy\u1ec7n s\u1ed1ng \u0111\u1ed9ng. Tr\u00f2 ch\u01a1i d\u1eabn b\u1ea1n qua nh\u1eefng \u0111\u1ecba \u0111i\u1ec3m mang t\u00ednh bi\u1ec3u t\u01b0\u1ee3ng nh\u01b0 Nh\u00e0 th\u1edd St. Leonhard trang nh\u00e3 v\u00e0 Nh\u00e0 th\u1edd L\u1edbn Frankfurt uy nghi, \u0111\u1ed3ng th\u1eddi m\u1eddi b\u1ea1n kh\u00e1m ph\u00e1 nh\u1eefng kho b\u00e1u \u1ea9n gi\u1ea5u nh\u01b0 c\u00e1c b\u1ee9c t\u01b0\u1ee3ng Kh\u00f4ng \u0111\u1ea7u g\u1ea7n B\u1ea3o t\u00e0ng Historisches v\u00e0 Qu\u1ea3ng tr\u01b0\u1eddng Friedrich-Stoltze-Platz y\u00ean b\u00ecnh. Tr\u00ean \u0111\u01b0\u1eddng \u0111i, b\u1ea1n s\u1ebd ng\u1eafm nh\u00ecn khung c\u1ea3nh \u0111\u01b0\u1eddng ch\u00e2n tr\u1eddi t\u1eeb m\u1ed9t c\u00e2y c\u1ea7u \u0111\u1eb9p nh\u01b0 tranh v\u1ebd v\u00e0 chi\u00eam ng\u01b0\u1ee1ng ki\u1ebfn tr\u00fac \u1ea5n t\u01b0\u1ee3ng c\u1ee7a B\u1ea3o t\u00e0ng f\u00fcr Moderne Kunst. M\u1ed7i b\u01b0\u1edbc \u0111i mang \u0111\u1ebfn m\u1ed9t g\u00f3c nh\u00ecn m\u1edbi v\u1ec1 \u0111\u1eb7c tr\u01b0ng v\u00e0 l\u1ecbch s\u1eed c\u1ee7a Frankfurt.\n\nTrong khi \u0111i\u1ec1u h\u01b0\u1edbng th\u00e0nh ph\u1ed1, b\u1ea1n s\u1ebd gi\u1ea3i quy\u1ebft nhi\u1ec1u th\u1eed th\u00e1ch kh\u00e1c nhau bao g\u1ed3m c\u00e1c c\u00e2u \u0111\u1ed1, b\u00ed \u1ea9n d\u1ef1a tr\u00ean \u0111\u1ecba \u0111i\u1ec3m v\u00e0 c\u00e1c nhi\u1ec7m v\u1ee5 \u1ea3nh s\u00e1ng t\u1ea1o. Nh\u1eefng ho\u1ea1t \u0111\u1ed9ng n\u00e0y gi\u00fap b\u1ea1n thu th\u1eadp \u0111i\u1ec3m, ti\u1ebft l\u1ed9 manh m\u1ed1i v\u00e0 ti\u1ebfn g\u1ea7n h\u01a1n \u0111\u1ebfn vi\u1ec7c gi\u1ea3i quy\u1ebft m\u1ed9t b\u00ed \u1ea9n cu\u1ed1i c\u00f9ng n\u1eb1m \u1edf tr\u1ecdng t\u00e2m tr\u1ea3i nghi\u1ec7m Tr\u00f2 ch\u01a1i Th\u00e0nh ph\u1ed1. Tr\u00f2 ch\u01a1i c\u00f3 th\u1ec3 t\u1ea1m d\u1eebng v\u00e0 ti\u1ebfp t\u1ee5c theo t\u1ed1c \u0111\u1ed9 c\u1ee7a ri\u00eang b\u1ea1n, cho ph\u00e9p th\u1eddi gian ngh\u1ec9 ng\u01a1i ho\u1eb7c \u0111i \u0111\u01b0\u1eddng v\u00f2ng. \u0110\u1ed1i v\u1edbi nh\u1eefng ng\u01b0\u1eddi th\u00edch c\u1ea1nh tranh, c\u0169ng c\u00f3 c\u01a1 h\u1ed9i leo l\u00ean b\u1ea3ng x\u1ebfp h\u1ea1ng \u0111\u1ecba ph\u01b0\u01a1ng v\u00e0 t\u1ef1 h\u00e0o v\u1ec1 th\u00e0nh t\u00edch c\u1ee7a \u0111\u1ed9i b\u1ea1n tr\u00ean kh\u1eafp Frankfurt.","how_to_play":"Sau khi \u0111\u1eb7t ch\u1ed7, b\u1ea1n s\u1ebd nh\u1eadn \u0111\u01b0\u1ee3c email k\u00e8m theo li\u00ean k\u1ebft ch\u01a1i tr\u1ef1c ti\u1ebfp. Ch\u1ec9 c\u1ea7n \u0111\u1ebfn \u0111i\u1ec3m b\u1eaft \u0111\u1ea7u t\u1ea1i Kunstverein v\u00e0 b\u1eaft \u0111\u1ea7u h\u00e0nh tr\u00ecnh b\u1ea5t c\u1ee9 khi n\u00e0o b\u1ea1n mu\u1ed1n. Tr\u00f2 ch\u01a1i ch\u1ea1y tr\u00ean \u0111i\u1ec7n tho\u1ea1i th\u00f4ng minh c\u1ee7a b\u1ea1n, v\u00ec v\u1eady b\u1ea1n c\u00f3 th\u1ec3 t\u1ea1m d\u1eebng b\u1ea5t c\u1ee9 l\u00fac n\u00e0o v\u00e0 ti\u1ebfp t\u1ee5c sau. \u0110\u00e2y l\u00e0 s\u1ef1 k\u1ebft h\u1ee3p gi\u1eefa tham quan v\u00e0 ch\u01a1i game, bi\u1ebfn Frankfurt th\u00e0nh s\u00e2n ch\u01a1i b\u00ed m\u1eadt c\u1ee7a b\u1ea1n.","start_location":"Frankfurt, Kunstverein","available_languages":[],"players_per_group":"1-4","duration":"1.5-2 hours","image_overlay_color_image":"https:\/\/testwebsite.citygame.com\/wp-content\/blogs.dir\/1\/files\/sites\/62\/2026\/01\/SecretsColor.svg","image_overlay_game_logo":"https:\/\/testwebsite.citygame.com\/wp-content\/blogs.dir\/1\/files\/sites\/62\/2026\/01\/SecretsLogo.png","city_page":5939,"woocommerce_general_content":null},"yoast_head":"<!-- This site is optimized with the Yoast SEO Premium plugin v26.2 (Yoast SEO v26.3) - https:\/\/yoast.com\/wordpress\/plugins\/seo\/ -->\n<title>Secrets of Frankfurt - City Game<\/title>\n<meta name=\"description\" content=\"Secrets of Frankfurt. Ch\u01a1i m\u1ed9t Tr\u00f2 ch\u01a1i Th\u00e0nh ph\u1ed1 t\u1ef1 h\u01b0\u1edbng d\u1eabn v\u00e0 kh\u00e1m ph\u00e1 th\u00e0nh ph\u1ed1 th\u00f4ng qua c\u00e1c c\u00e2u \u0111\u1ed1, b\u00ed \u1ea9n v\u00e0 th\u1eed th\u00e1ch. Ch\u01a1i theo t\u1ed1c \u0111\u1ed9 c\u1ee7a ri\u00eang b\u1ea1n v\u00e0 kh\u00e1m ph\u00e1 nh\u01b0 m\u1ed9t ng\u01b0\u1eddi \u0111\u1ecba ph\u01b0\u01a1ng!\" \/>\n<meta name=\"robots\" content=\"noindex, follow, max-snippet:-1, max-image-preview:large, max-video-preview:-1\" \/>\n<meta property=\"og:locale\" content=\"vi_VN\" \/>\n<meta property=\"og:type\" content=\"article\" \/>\n<meta property=\"og:title\" content=\"Secrets of Frankfurt\" \/>\n<meta property=\"og:description\" content=\"Secrets of Frankfurt. Ch\u01a1i m\u1ed9t Tr\u00f2 ch\u01a1i Th\u00e0nh ph\u1ed1 t\u1ef1 h\u01b0\u1edbng d\u1eabn v\u00e0 kh\u00e1m ph\u00e1 th\u00e0nh ph\u1ed1 th\u00f4ng qua c\u00e1c c\u00e2u \u0111\u1ed1, b\u00ed \u1ea9n v\u00e0 th\u1eed th\u00e1ch. Ch\u01a1i theo t\u1ed1c \u0111\u1ed9 c\u1ee7a ri\u00eang b\u1ea1n v\u00e0 kh\u00e1m ph\u00e1 nh\u01b0 m\u1ed9t ng\u01b0\u1eddi \u0111\u1ecba ph\u01b0\u01a1ng!\" \/>\n<meta property=\"og:url\" content=\"https:\/\/testwebsite.citygame.com\/vi\/games\/frankfurt\/secrets-of-frankfurt\/\" \/>\n<meta property=\"og:site_name\" content=\"City Game\" \/>\n<meta property=\"article:publisher\" content=\"https:\/\/www.facebook.com\/profile.php?id=100086426226253\" \/>\n<meta property=\"article:modified_time\" content=\"2026-04-08T12:43:39+00:00\" \/>\n<meta property=\"og:image\" content=\"https:\/\/testwebsite.citygame.com\/wp-content\/blogs.dir\/1\/files\/sites\/62\/2026\/01\/city-game-players-gutenberg-monument-frankfurt.jpg\" \/>\n\t<meta property=\"og:image:width\" content=\"1184\" \/>\n\t<meta property=\"og:image:height\" content=\"864\" \/>\n\t<meta property=\"og:image:type\" content=\"image\/jpeg\" \/>\n<meta name=\"twitter:card\" content=\"summary_large_image\" \/>\n<meta name=\"twitter:label1\" content=\"\u01af\u1edbc t\u00ednh th\u1eddi gian \u0111\u1ecdc\" \/>\n\t<meta name=\"twitter:data1\" content=\"1 ph\u00fat\" \/>\n<script type=\"application\/ld+json\" class=\"yoast-schema-graph\">{\"@context\":\"https:\/\/schema.org\",\"@graph\":[{\"@type\":\"WebPage\",\"@id\":\"https:\/\/testwebsite.citygame.com\/vi\/games\/frankfurt\/secrets-of-frankfurt\/\",\"url\":\"https:\/\/testwebsite.citygame.com\/vi\/games\/frankfurt\/secrets-of-frankfurt\/\",\"name\":\"Secrets of Frankfurt - City Game\",\"isPartOf\":{\"@id\":\"https:\/\/testwebsite.upevents.nl\/#website\"},\"primaryImageOfPage\":{\"@id\":\"https:\/\/testwebsite.citygame.com\/vi\/games\/frankfurt\/secrets-of-frankfurt\/#primaryimage\"},\"image\":{\"@id\":\"https:\/\/testwebsite.citygame.com\/vi\/games\/frankfurt\/secrets-of-frankfurt\/#primaryimage\"},\"thumbnailUrl\":\"https:\/\/testwebsite.citygame.com\/wp-content\/blogs.dir\/1\/files\/sites\/62\/2026\/01\/city-game-players-gutenberg-monument-frankfurt.jpg\",\"datePublished\":\"2026-01-13T15:40:00+00:00\",\"dateModified\":\"2026-04-08T12:43:39+00:00\",\"description\":\"Secrets of Frankfurt. Ch\u01a1i m\u1ed9t Tr\u00f2 ch\u01a1i Th\u00e0nh ph\u1ed1 t\u1ef1 h\u01b0\u1edbng d\u1eabn v\u00e0 kh\u00e1m ph\u00e1 th\u00e0nh ph\u1ed1 th\u00f4ng qua c\u00e1c c\u00e2u \u0111\u1ed1, b\u00ed \u1ea9n v\u00e0 th\u1eed th\u00e1ch. Ch\u01a1i theo t\u1ed1c \u0111\u1ed9 c\u1ee7a ri\u00eang b\u1ea1n v\u00e0 kh\u00e1m ph\u00e1 nh\u01b0 m\u1ed9t ng\u01b0\u1eddi \u0111\u1ecba ph\u01b0\u01a1ng!\",\"breadcrumb\":{\"@id\":\"https:\/\/testwebsite.citygame.com\/vi\/games\/frankfurt\/secrets-of-frankfurt\/#breadcrumb\"},\"inLanguage\":\"vi\",\"potentialAction\":[{\"@type\":\"ReadAction\",\"target\":[\"https:\/\/testwebsite.citygame.com\/vi\/games\/frankfurt\/secrets-of-frankfurt\/\"]}]},{\"@type\":\"ImageObject\",\"inLanguage\":\"vi\",\"@id\":\"https:\/\/testwebsite.citygame.com\/vi\/games\/frankfurt\/secrets-of-frankfurt\/#primaryimage\",\"url\":\"https:\/\/testwebsite.citygame.com\/wp-content\/blogs.dir\/1\/files\/sites\/62\/2026\/01\/city-game-players-gutenberg-monument-frankfurt.jpg\",\"contentUrl\":\"https:\/\/testwebsite.citygame.com\/wp-content\/blogs.dir\/1\/files\/sites\/62\/2026\/01\/city-game-players-gutenberg-monument-frankfurt.jpg\",\"width\":1184,\"height\":864,\"caption\":\"A group of friends work together to solve a puzzle on their phone in Frankfurt.\"},{\"@type\":\"BreadcrumbList\",\"@id\":\"https:\/\/testwebsite.citygame.com\/vi\/games\/frankfurt\/secrets-of-frankfurt\/#breadcrumb\",\"itemListElement\":[{\"@type\":\"ListItem\",\"position\":1,\"name\":\"Home\",\"item\":\"https:\/\/testwebsite.citygame.com\/vi\/\"},{\"@type\":\"ListItem\",\"position\":2,\"name\":\"Shop\",\"item\":\"https:\/\/testwebsite.citygame.com\/shop\/\"},{\"@type\":\"ListItem\",\"position\":3,\"name\":\"Secrets of Frankfurt\"}]},{\"@type\":\"WebSite\",\"@id\":\"https:\/\/testwebsite.upevents.nl\/#website\",\"url\":\"https:\/\/testwebsite.upevents.nl\/\",\"name\":\"City Game\",\"description\":\"\",\"publisher\":{\"@id\":\"https:\/\/testwebsite.upevents.nl\/#organization\"},\"alternateName\":\"citygame.com\",\"potentialAction\":[{\"@type\":\"SearchAction\",\"target\":{\"@type\":\"EntryPoint\",\"urlTemplate\":\"https:\/\/testwebsite.upevents.nl\/?s={search_term_string}\"},\"query-input\":{\"@type\":\"PropertyValueSpecification\",\"valueRequired\":true,\"valueName\":\"search_term_string\"}}],\"inLanguage\":\"vi\"},{\"@type\":[\"Organization\",\"Place\"],\"@id\":\"https:\/\/testwebsite.upevents.nl\/#organization\",\"name\":\"City Game\",\"alternateName\":\"citygame.com\",\"url\":\"https:\/\/testwebsite.upevents.nl\/\",\"logo\":{\"@id\":\"https:\/\/testwebsite.citygame.com\/vi\/games\/frankfurt\/secrets-of-frankfurt\/#local-main-organization-logo\"},\"image\":{\"@id\":\"https:\/\/testwebsite.citygame.com\/vi\/games\/frankfurt\/secrets-of-frankfurt\/#local-main-organization-logo\"},\"sameAs\":[\"https:\/\/www.facebook.com\/profile.php?id=100086426226253\",\"https:\/\/www.instagram.com\/citygame_com\",\"https:\/\/www.tiktok.com\/@citygamecom\/\",\"https:\/\/www.linkedin.com\/company\/citygame-com\"],\"description\":\"Turn any city into a playground with our interactive City Games and self-guided tours. Fun, flexible, and ideal for groups and team building.\",\"telephone\":[],\"openingHoursSpecification\":[{\"@type\":\"OpeningHoursSpecification\",\"dayOfWeek\":[\"Monday\",\"Tuesday\",\"Wednesday\",\"Thursday\",\"Friday\",\"Saturday\",\"Sunday\"],\"opens\":\"09:00\",\"closes\":\"17:00\"}]},{\"@type\":\"ImageObject\",\"inLanguage\":\"vi\",\"@id\":\"https:\/\/testwebsite.citygame.com\/vi\/games\/frankfurt\/secrets-of-frankfurt\/#local-main-organization-logo\",\"url\":\"https:\/\/testwebsite.citygame.com\/wp-content\/blogs.dir\/1\/files\/sites\/62\/2025\/10\/CG_LOGO-City-Game.png\",\"contentUrl\":\"https:\/\/testwebsite.citygame.com\/wp-content\/blogs.dir\/1\/files\/sites\/62\/2025\/10\/CG_LOGO-City-Game.png\",\"width\":351,\"height\":377,\"caption\":\"City Game\"}]}<\/script>\n<!-- \/ Yoast SEO Premium plugin. -->","yoast_head_json":{"title":"Secrets of Frankfurt - City Game","description":"Secrets of Frankfurt. Ch\u01a1i m\u1ed9t Tr\u00f2 ch\u01a1i Th\u00e0nh ph\u1ed1 t\u1ef1 h\u01b0\u1edbng d\u1eabn v\u00e0 kh\u00e1m ph\u00e1 th\u00e0nh ph\u1ed1 th\u00f4ng qua c\u00e1c c\u00e2u \u0111\u1ed1, b\u00ed \u1ea9n v\u00e0 th\u1eed th\u00e1ch. Ch\u01a1i theo t\u1ed1c \u0111\u1ed9 c\u1ee7a ri\u00eang b\u1ea1n v\u00e0 kh\u00e1m ph\u00e1 nh\u01b0 m\u1ed9t ng\u01b0\u1eddi \u0111\u1ecba ph\u01b0\u01a1ng!","robots":{"index":"noindex","follow":"follow","max-snippet":"max-snippet:-1","max-image-preview":"max-image-preview:large","max-video-preview":"max-video-preview:-1"},"og_locale":"vi_VN","og_type":"article","og_title":"Secrets of Frankfurt","og_description":"Secrets of Frankfurt. Ch\u01a1i m\u1ed9t Tr\u00f2 ch\u01a1i Th\u00e0nh ph\u1ed1 t\u1ef1 h\u01b0\u1edbng d\u1eabn v\u00e0 kh\u00e1m ph\u00e1 th\u00e0nh ph\u1ed1 th\u00f4ng qua c\u00e1c c\u00e2u \u0111\u1ed1, b\u00ed \u1ea9n v\u00e0 th\u1eed th\u00e1ch. Ch\u01a1i theo t\u1ed1c \u0111\u1ed9 c\u1ee7a ri\u00eang b\u1ea1n v\u00e0 kh\u00e1m ph\u00e1 nh\u01b0 m\u1ed9t ng\u01b0\u1eddi \u0111\u1ecba ph\u01b0\u01a1ng!","og_url":"https:\/\/testwebsite.citygame.com\/vi\/games\/frankfurt\/secrets-of-frankfurt\/","og_site_name":"City Game","article_publisher":"https:\/\/www.facebook.com\/profile.php?id=100086426226253","article_modified_time":"2026-04-08T12:43:39+00:00","og_image":[{"width":1184,"height":864,"url":"https:\/\/testwebsite.citygame.com\/wp-content\/blogs.dir\/1\/files\/sites\/62\/2026\/01\/city-game-players-gutenberg-monument-frankfurt.jpg","type":"image\/jpeg"}],"twitter_card":"summary_large_image","twitter_misc":{"\u01af\u1edbc t\u00ednh th\u1eddi gian \u0111\u1ecdc":"1 ph\u00fat"},"schema":{"@context":"https:\/\/schema.org","@graph":[{"@type":"WebPage","@id":"https:\/\/testwebsite.citygame.com\/vi\/games\/frankfurt\/secrets-of-frankfurt\/","url":"https:\/\/testwebsite.citygame.com\/vi\/games\/frankfurt\/secrets-of-frankfurt\/","name":"Secrets of Frankfurt - City Game","isPartOf":{"@id":"https:\/\/testwebsite.upevents.nl\/#website"},"primaryImageOfPage":{"@id":"https:\/\/testwebsite.citygame.com\/vi\/games\/frankfurt\/secrets-of-frankfurt\/#primaryimage"},"image":{"@id":"https:\/\/testwebsite.citygame.com\/vi\/games\/frankfurt\/secrets-of-frankfurt\/#primaryimage"},"thumbnailUrl":"https:\/\/testwebsite.citygame.com\/wp-content\/blogs.dir\/1\/files\/sites\/62\/2026\/01\/city-game-players-gutenberg-monument-frankfurt.jpg","datePublished":"2026-01-13T15:40:00+00:00","dateModified":"2026-04-08T12:43:39+00:00","description":"Secrets of Frankfurt. Ch\u01a1i m\u1ed9t Tr\u00f2 ch\u01a1i Th\u00e0nh ph\u1ed1 t\u1ef1 h\u01b0\u1edbng d\u1eabn v\u00e0 kh\u00e1m ph\u00e1 th\u00e0nh ph\u1ed1 th\u00f4ng qua c\u00e1c c\u00e2u \u0111\u1ed1, b\u00ed \u1ea9n v\u00e0 th\u1eed th\u00e1ch. Ch\u01a1i theo t\u1ed1c \u0111\u1ed9 c\u1ee7a ri\u00eang b\u1ea1n v\u00e0 kh\u00e1m ph\u00e1 nh\u01b0 m\u1ed9t ng\u01b0\u1eddi \u0111\u1ecba ph\u01b0\u01a1ng!","breadcrumb":{"@id":"https:\/\/testwebsite.citygame.com\/vi\/games\/frankfurt\/secrets-of-frankfurt\/#breadcrumb"},"inLanguage":"vi","potentialAction":[{"@type":"ReadAction","target":["https:\/\/testwebsite.citygame.com\/vi\/games\/frankfurt\/secrets-of-frankfurt\/"]}]},{"@type":"ImageObject","inLanguage":"vi","@id":"https:\/\/testwebsite.citygame.com\/vi\/games\/frankfurt\/secrets-of-frankfurt\/#primaryimage","url":"https:\/\/testwebsite.citygame.com\/wp-content\/blogs.dir\/1\/files\/sites\/62\/2026\/01\/city-game-players-gutenberg-monument-frankfurt.jpg","contentUrl":"https:\/\/testwebsite.citygame.com\/wp-content\/blogs.dir\/1\/files\/sites\/62\/2026\/01\/city-game-players-gutenberg-monument-frankfurt.jpg","width":1184,"height":864,"caption":"A group of friends work together to solve a puzzle on their phone in Frankfurt."},{"@type":"BreadcrumbList","@id":"https:\/\/testwebsite.citygame.com\/vi\/games\/frankfurt\/secrets-of-frankfurt\/#breadcrumb","itemListElement":[{"@type":"ListItem","position":1,"name":"Home","item":"https:\/\/testwebsite.citygame.com\/vi\/"},{"@type":"ListItem","position":2,"name":"Shop","item":"https:\/\/testwebsite.citygame.com\/shop\/"},{"@type":"ListItem","position":3,"name":"Secrets of Frankfurt"}]},{"@type":"WebSite","@id":"https:\/\/testwebsite.upevents.nl\/#website","url":"https:\/\/testwebsite.upevents.nl\/","name":"City Game","description":"","publisher":{"@id":"https:\/\/testwebsite.upevents.nl\/#organization"},"alternateName":"citygame.com","potentialAction":[{"@type":"SearchAction","target":{"@type":"EntryPoint","urlTemplate":"https:\/\/testwebsite.upevents.nl\/?s={search_term_string}"},"query-input":{"@type":"PropertyValueSpecification","valueRequired":true,"valueName":"search_term_string"}}],"inLanguage":"vi"},{"@type":["Organization","Place"],"@id":"https:\/\/testwebsite.upevents.nl\/#organization","name":"City Game","alternateName":"citygame.com","url":"https:\/\/testwebsite.upevents.nl\/","logo":{"@id":"https:\/\/testwebsite.citygame.com\/vi\/games\/frankfurt\/secrets-of-frankfurt\/#local-main-organization-logo"},"image":{"@id":"https:\/\/testwebsite.citygame.com\/vi\/games\/frankfurt\/secrets-of-frankfurt\/#local-main-organization-logo"},"sameAs":["https:\/\/www.facebook.com\/profile.php?id=100086426226253","https:\/\/www.instagram.com\/citygame_com","https:\/\/www.tiktok.com\/@citygamecom\/","https:\/\/www.linkedin.com\/company\/citygame-com"],"description":"Turn any city into a playground with our interactive City Games and self-guided tours. Fun, flexible, and ideal for groups and team building.","telephone":[],"openingHoursSpecification":[{"@type":"OpeningHoursSpecification","dayOfWeek":["Monday","Tuesday","Wednesday","Thursday","Friday","Saturday","Sunday"],"opens":"09:00","closes":"17:00"}]},{"@type":"ImageObject","inLanguage":"vi","@id":"https:\/\/testwebsite.citygame.com\/vi\/games\/frankfurt\/secrets-of-frankfurt\/#local-main-organization-logo","url":"https:\/\/testwebsite.citygame.com\/wp-content\/blogs.dir\/1\/files\/sites\/62\/2025\/10\/CG_LOGO-City-Game.png","contentUrl":"https:\/\/testwebsite.citygame.com\/wp-content\/blogs.dir\/1\/files\/sites\/62\/2025\/10\/CG_LOGO-City-Game.png","width":351,"height":377,"caption":"City Game"}]}},"taxonomy_info":{"game-concept":[{"value":733,"label":"Secrets"}],"location":[{"value":167,"label":"Frankfurt"}],"product_cat":[{"value":27,"label":"Geen categorie"}]},"featured_image_src_large":["https:\/\/testwebsite.citygame.com\/wp-content\/blogs.dir\/1\/files\/sites\/62\/2026\/01\/city-game-players-gutenberg-monument-frankfurt-1024x747.jpg",1024,747,true],"author_info":[],"comment_info":"","_links":{"self":[{"href":"https:\/\/testwebsite.citygame.com\/vi\/wp-json\/wp\/v2\/product\/63896","targetHints":{"allow":["GET"]}}],"collection":[{"href":"https:\/\/testwebsite.citygame.com\/vi\/wp-json\/wp\/v2\/product"}],"about":[{"href":"https:\/\/testwebsite.citygame.com\/vi\/wp-json\/wp\/v2\/types\/product"}],"acf:post":[{"embeddable":true,"href":"https:\/\/testwebsite.citygame.com\/vi\/wp-json\/wp\/v2\/pages\/5939"}],"wp:featuredmedia":[{"embeddable":true,"href":"https:\/\/testwebsite.citygame.com\/vi\/wp-json\/wp\/v2\/media\/3854"}],"wp:attachment":[{"href":"https:\/\/testwebsite.citygame.com\/vi\/wp-json\/wp\/v2\/media?parent=63896"}],"wp:term":[{"taxonomy":"game-concept","embeddable":true,"href":"https:\/\/testwebsite.citygame.com\/vi\/wp-json\/wp\/v2\/game-concept?post=63896"},{"taxonomy":"location","embeddable":true,"href":"https:\/\/testwebsite.citygame.com\/vi\/wp-json\/wp\/v2\/location?post=63896"},{"taxonomy":"product_brand","embeddable":true,"href":"https:\/\/testwebsite.citygame.com\/vi\/wp-json\/wp\/v2\/product_brand?post=63896"},{"taxonomy":"product_cat","embeddable":true,"href":"https:\/\/testwebsite.citygame.com\/vi\/wp-json\/wp\/v2\/product_cat?post=63896"},{"taxonomy":"product_tag","embeddable":true,"href":"https:\/\/testwebsite.citygame.com\/vi\/wp-json\/wp\/v2\/product_tag?post=63896"}],"curies":[{"name":"wp","href":"https:\/\/api.w.org\/{rel}","templated":true}]}}