{"id":63430,"date":"2026-02-05T19:53:48","date_gmt":"2026-02-05T19:53:48","guid":{"rendered":"https:\/\/testwebsite.citygame.com\/games\/unknown-location\/sherlock-holmes-manchester\/"},"modified":"2026-04-08T11:41:04","modified_gmt":"2026-04-08T11:41:04","slug":"sherlock-holmes-manchester","status":"publish","type":"product","link":"https:\/\/testwebsite.citygame.com\/vi\/games\/manchester\/sherlock-holmes-manchester\/","title":{"rendered":"Sherlock Holmes Manchester"},"content":{"rendered":"<p>B\u01b0\u1edbc v\u00e0o th\u1ebf gi\u1edbi c\u1ee7a Sherlock Holmes v\u1edbi tr\u00f2 ch\u01a1i City Game b\u00ed \u1ea9n gi\u1ea3i quy\u1ebft v\u1ee5 \u00e1n m\u1ea1ng theo c\u1ed1t truy\u1ec7n, t\u1ef1 d\u1eabn n\u00e0y, l\u1ea5y b\u1ed1i c\u1ea3nh t\u1ea1i trung t\u00e2m th\u00e0nh ph\u1ed1 Manchester. L\u1ec5 h\u1ed9i Liberty y\u00ean b\u00ecnh \u0111\u00e3 b\u1ecb ph\u00e1 tan b\u1edfi m\u1ed9t v\u1ee5 \u00e1n m\u1ea1ng l\u1ea1nh ng\u01b0\u1eddi, v\u00e0 t\u00f9y thu\u1ed9c v\u00e0o b\u1ea1n \u0111\u1ec3 l\u00e0m s\u00e1ng t\u1ecf s\u1ef1 th\u1eadt khi trung t\u00e2m th\u00e0nh ph\u1ed1 tr\u1edf th\u00e0nh b\u1ed1i c\u1ea3nh cho cu\u1ed9c \u0111i\u1ec1u tra th\u00e1m t\u1eed ly k\u1ef3 c\u1ee7a b\u1ea1n. Di chuy\u1ec3n theo t\u1ed1c \u0111\u1ed9 c\u1ee7a ri\u00eang b\u1ea1n qua c\u00e2u chuy\u1ec7n \u0111ang di\u1ec5n ra, thu th\u1eadp manh m\u1ed1i, gi\u1ea3i c\u00e1c c\u00e2u \u0111\u1ed1 ph\u1ee9c t\u1ea1p v\u00e0 th\u1ea9m v\u1ea5n c\u00e1c nghi ph\u1ea1m k\u1ef9 thu\u1eadt s\u1ed1 \u0111\u1ec3 ph\u00e1 v\u1ee5 \u00e1n theo phong c\u00e1ch Holmesian th\u1ef1c th\u1ee5.<\/p>\n","protected":false},"excerpt":{"rendered":"<p>B\u01b0\u1edbc v\u00e0o vai th\u00e1m t\u1eed l\u1eebng danh Sherlock Holmes trong tr\u00f2 ch\u01a1i b\u00ed \u1ea9n gi\u1ea3i quy\u1ebft v\u1ee5 \u00e1n m\u1ea1ng t\u1ef1 d\u1eabn n\u00e0y t\u1ea1i Manchester. Xuy\u00ean qua m\u1ea1ng l\u01b0\u1edbi manh m\u1ed1i v\u00e0 nh\u1eefng c\u00e2u \u0111\u1ed1 h\u1ea5p d\u1eabn, b\u1ea1n v\u00e0 \u0111\u1ed9i c\u1ee7a m\u00ecnh ph\u1ea3i nhanh ch\u00f3ng l\u00e0m s\u00e1ng t\u1ecf s\u1ef1 th\u1eadt, \u0111\u1eafm ch\u00ecm v\u00e0o b\u00ed \u1ea9n, th\u1eed th\u00e1ch \u0111ang ch\u1edd \u0111\u1ee3i!<\/p>\n","protected":false},"featured_media":11031,"template":"","meta":{"_acf_changed":false,"_yoast_wpseo_focuskw":"Sherlock Holmes Manchester","_yoast_wpseo_metadesc":"Sherlock Holmes Manchester. Ch\u01a1i m\u1ed9t tr\u00f2 ch\u01a1i City Game b\u00ed \u1ea9n gi\u1ea3i quy\u1ebft v\u1ee5 \u00e1n m\u1ea1ng t\u1ef1 d\u1eabn, gi\u1ea3i c\u00e2u \u0111\u1ed1, theo d\u00f5i manh m\u1ed1i v\u00e0 t\u00ecm ra k\u1ebb s\u00e1t nh\u00e2n theo t\u1ed1c \u0111\u1ed9 c\u1ee7a ri\u00eang b\u1ea1n!","_kad_blocks_custom_css":"","_kad_blocks_head_custom_js":"","_kad_blocks_body_custom_js":"","_kad_blocks_footer_custom_js":"","ghostkit_customizer_options":"","ghostkit_custom_css":"","ghostkit_custom_js_head":"","ghostkit_custom_js_foot":"","ghostkit_typography":"","_kad_post_transparent":"","_kad_post_title":"","_kad_post_layout":"","_kad_post_sidebar_id":"","_kad_post_content_style":"","_kad_post_vertical_padding":"","_kad_post_feature":"","_kad_post_feature_position":"","_kad_post_header":false,"_kad_post_footer":false,"_kad_post_classname":"","_links_to":"","_links_to_target":""},"game-concept":[794],"location":[264],"product_brand":[],"product_cat":[27],"product_tag":[],"class_list":{"0":"post-63430","1":"product","2":"type-product","3":"status-publish","4":"has-post-thumbnail","6":"game-concept-sherlock","7":"location-manchester","8":"product_cat-geen-categorie","10":"first","11":"instock","12":"shipping-taxable","13":"purchasable","14":"product-type-simple","15":"entry","16":"content-bg","17":"loop-entry"},"acf":{"full_bokun_product_name":"Manchester Self-Guided Sherlock Holmes Murder Mystery Game","location_name":"Manchester","bokun_calendar_widget_code":"<script type=\"text\/javascript\" src=\"https:\/\/widgets.bokun.io\/assets\/javascripts\/apps\/build\/BokunWidgetsLoader.js?bookingChannelUUID=a1e93e96-5232-4734-a595-28405f4b5a31\" async><\/script>\n     \n    <div class=\"bokunWidget\" data-src=\"https:\/\/widgets.bokun.io\/online-sales\/a1e93e96-5232-4734-a595-28405f4b5a31\/experience-calendar\/733274\"><\/div>\n    <noscript>Please enable javascript in your browser to book<\/noscript>","bokun_button_widget_code":"<script type=\"text\/javascript\" src=\"https:\/\/widgets.bokun.io\/assets\/javascripts\/apps\/build\/BokunWidgetsLoader.js?bookingChannelUUID=a1e93e96-5232-4734-a595-28405f4b5a31\" async><\/script>\n      <style> #bokun_ed001e45_5927_4f62_b470_ca766338d083 { display: inline-block; padding: .4em 1em; background: #47b82e; border-radius: 999999px; box-shadow: none; font-weight: 600; font-size: 24px; text-decoration: none; text-align: center; color: #FFFFFF; border:none; cursor: pointer; transition: background .2s ease; } #bokun_ed001e45_5927_4f62_b470_ca766338d083:hover{ background: #2f7b1f; } #bokun_ed001e45_5927_4f62_b470_ca766338d083:active{ background: #378f24; } <\/style> <button class=\"bokunButton\" disabled id=bokun_ed001e45_5927_4f62_b470_ca766338d083 data-src=\"https:\/\/widgets.bokun.io\/online-sales\/a1e93e96-5232-4734-a595-28405f4b5a31\/experience-calendar\/733274?partialView=1\" data-testid=\"widget-book-button\" > Book now <\/button> ","what_you\u2019ll_experience_during_the_game":"B\u1ea1n b\u01b0\u1edbc v\u00e0o m\u1ed9t c\u00e2u chuy\u1ec7n trinh th\u00e1m h\u1ea5p d\u1eabn l\u1ea5y b\u1ed1i c\u1ea3nh t\u1ea1i trung t\u00e2m Manchester, n\u01a1i th\u00e0nh ph\u1ed1 tr\u1edf th\u00e0nh m\u1ed9t ph\u1ea7n c\u1ee7a b\u00ed \u1ea9n. Khi b\u1ea1n di chuy\u1ec3n qua c\u00e1c con ph\u1ed1, b\u1ea1n s\u1ebd kh\u00e1m ph\u00e1 m\u1ed9t cu\u1ed9c \u0111i\u1ec1u tra nhi\u1ec1u l\u1edbp k\u00e9o b\u1ea1n s\u00e2u h\u01a1n v\u1edbi m\u1ed7i manh m\u1ed1i. C\u00e2u chuy\u1ec7n m\u1edf ra t\u1eebng m\u1ea3nh, d\u1eabn b\u1ea1n \u0111\u1ebfn vi\u1ec7c ch\u1ea5t v\u1ea5n c\u00e1c nghi ph\u1ea1m k\u1ef9 thu\u1eadt s\u1ed1, ph\u00e2n t\u00edch ch\u1ee9ng c\u1ee9 ngo\u1ea1i ph\u1ea1m v\u00e0 \u0111\u1ed1i m\u1eb7t v\u1edbi nh\u1eefng m\u00e2u thu\u1eabn trong cu\u1ed9c t\u00ecm ki\u1ebfm s\u1ef1 th\u1eadt \u0111\u1ea7y r\u1ee7i ro \u0111\u1eb1ng sau v\u1ee5 \u00e1n m\u1ea1ng g\u00e2y ch\u1ea5n \u0111\u1ed9ng L\u1ec5 h\u1ed9i Liberty.\n\nM\u1ed7i c\u00e2u \u0111\u1ed1 b\u1ea1n gi\u1ea3i v\u00e0 m\u1ed7i t\u00ecnh ti\u1ebft b\u1ea5t ng\u1edd b\u1ea1n kh\u00e1m ph\u00e1 \u0111\u1ec1u ki\u1ec3m tra kh\u1ea3 n\u0103ng quan s\u00e1t, t\u01b0 duy ph\u1ea3n bi\u1ec7n v\u00e0 k\u1ef9 n\u0103ng suy lu\u1eadn c\u1ee7a b\u1ea1n. Tr\u1ea3i nghi\u1ec7m ho\u00e0n to\u00e0n theo c\u1ed1t truy\u1ec7n, \u0111\u1eb7t b\u1ea1n v\u00e0o trung t\u00e2m c\u1ee7a m\u1ed9t v\u1ee5 \u00e1n h\u00ecnh s\u1ef1 \u0111ang di\u1ec5n ra n\u01a1i c\u00e1c quy\u1ebft \u0111\u1ecbnh c\u1ee7a b\u1ea1n \u0111\u1ecbnh h\u00ecnh cu\u1ed9c \u0111i\u1ec1u tra. B\u1ea1n ch\u01a1i ho\u00e0n to\u00e0n theo t\u1ed1c \u0111\u1ed9 c\u1ee7a ri\u00eang m\u00ecnh, t\u1ef1 do t\u1ea1m d\u1eebng v\u00e0 ti\u1ebfp t\u1ee5c b\u1ea5t c\u1ee9 khi n\u00e0o b\u1ea1n mu\u1ed1n. M\u1eb7c d\u00f9 b\u1ea1n c\u00f3 th\u1ec3 c\u1ea1nh tranh v\u1edbi c\u00e1c \u0111\u1ed9i kh\u00e1c \u0111\u1ec3 ph\u00e1 \u00e1n tr\u01b0\u1edbc, nh\u01b0ng m\u1ecdi kh\u00e1m ph\u00e1 \u0111\u1ec1u thu\u1ed9c v\u1ec1 b\u1ea1n.","how_to_play":"Ch\u01a1i m\u1ed9t m\u00ecnh ho\u1eb7c c\u00f9ng b\u1ea1n b\u00e8, gia \u0111\u00ecnh, ho\u1eb7c \u0111\u1ed3ng nghi\u1ec7p theo nh\u00f3m t\u1ed1i \u0111a b\u1ed1n ng\u01b0\u1eddi m\u1ed7i thi\u1ebft b\u1ecb. Sau khi \u0111\u1eb7t ch\u1ed7, b\u1ea1n s\u1ebd nh\u1eadn \u0111\u01b0\u1ee3c email h\u01b0\u1edbng d\u1eabn v\u1edbi m\u1ecdi th\u1ee9 b\u1ea1n c\u1ea7n.","start_location":"Manchester, Albert Square","available_languages":["en","es","fr","de","it","nl"],"players_per_group":"1-4","duration":"1.5-2 hours","image_overlay_color_image":"https:\/\/testwebsite.citygame.com\/wp-content\/blogs.dir\/1\/files\/sites\/62\/2026\/01\/SherlockColor.svg","image_overlay_game_logo":"https:\/\/testwebsite.citygame.com\/wp-content\/blogs.dir\/1\/files\/sites\/62\/2026\/01\/SherlockLogo.png","city_page":11029,"woocommerce_general_content":null},"yoast_head":"<!-- This site is optimized with the Yoast SEO Premium plugin v26.2 (Yoast SEO v26.3) - https:\/\/yoast.com\/wordpress\/plugins\/seo\/ -->\n<title>Sherlock Holmes Manchester - City Game<\/title>\n<meta name=\"description\" content=\"Sherlock Holmes Manchester. Ch\u01a1i m\u1ed9t tr\u00f2 ch\u01a1i City Game b\u00ed \u1ea9n gi\u1ea3i quy\u1ebft v\u1ee5 \u00e1n m\u1ea1ng t\u1ef1 d\u1eabn, gi\u1ea3i c\u00e2u \u0111\u1ed1, theo d\u00f5i manh m\u1ed1i v\u00e0 t\u00ecm ra k\u1ebb s\u00e1t nh\u00e2n theo t\u1ed1c \u0111\u1ed9 c\u1ee7a ri\u00eang b\u1ea1n!\" \/>\n<meta name=\"robots\" content=\"noindex, follow, max-snippet:-1, max-image-preview:large, max-video-preview:-1\" \/>\n<meta property=\"og:locale\" content=\"vi_VN\" \/>\n<meta property=\"og:type\" content=\"article\" \/>\n<meta property=\"og:title\" content=\"Sherlock Holmes Manchester\" \/>\n<meta property=\"og:description\" content=\"Sherlock Holmes Manchester. Ch\u01a1i m\u1ed9t tr\u00f2 ch\u01a1i City Game b\u00ed \u1ea9n gi\u1ea3i quy\u1ebft v\u1ee5 \u00e1n m\u1ea1ng t\u1ef1 d\u1eabn, gi\u1ea3i c\u00e2u \u0111\u1ed1, theo d\u00f5i manh m\u1ed1i v\u00e0 t\u00ecm ra k\u1ebb s\u00e1t nh\u00e2n theo t\u1ed1c \u0111\u1ed9 c\u1ee7a ri\u00eang b\u1ea1n!\" \/>\n<meta property=\"og:url\" content=\"https:\/\/testwebsite.citygame.com\/vi\/games\/manchester\/sherlock-holmes-manchester\/\" \/>\n<meta property=\"og:site_name\" content=\"City Game\" \/>\n<meta property=\"article:publisher\" content=\"https:\/\/www.facebook.com\/profile.php?id=100086426226253\" \/>\n<meta property=\"article:modified_time\" content=\"2026-04-08T11:41:04+00:00\" \/>\n<meta property=\"og:image\" content=\"https:\/\/testwebsite.citygame.com\/wp-content\/blogs.dir\/1\/files\/sites\/62\/2026\/02\/group-of-friends-playing-city-game-manchester.jpg\" \/>\n\t<meta property=\"og:image:width\" content=\"1344\" \/>\n\t<meta property=\"og:image:height\" content=\"768\" \/>\n\t<meta property=\"og:image:type\" content=\"image\/jpeg\" \/>\n<meta name=\"twitter:card\" content=\"summary_large_image\" \/>\n<meta name=\"twitter:label1\" content=\"\u01af\u1edbc t\u00ednh th\u1eddi gian \u0111\u1ecdc\" \/>\n\t<meta name=\"twitter:data1\" content=\"1 ph\u00fat\" \/>\n<script type=\"application\/ld+json\" class=\"yoast-schema-graph\">{\"@context\":\"https:\/\/schema.org\",\"@graph\":[{\"@type\":\"WebPage\",\"@id\":\"https:\/\/testwebsite.citygame.com\/vi\/games\/manchester\/sherlock-holmes-manchester\/\",\"url\":\"https:\/\/testwebsite.citygame.com\/vi\/games\/manchester\/sherlock-holmes-manchester\/\",\"name\":\"Sherlock Holmes Manchester - City Game\",\"isPartOf\":{\"@id\":\"https:\/\/testwebsite.upevents.nl\/#website\"},\"primaryImageOfPage\":{\"@id\":\"https:\/\/testwebsite.citygame.com\/vi\/games\/manchester\/sherlock-holmes-manchester\/#primaryimage\"},\"image\":{\"@id\":\"https:\/\/testwebsite.citygame.com\/vi\/games\/manchester\/sherlock-holmes-manchester\/#primaryimage\"},\"thumbnailUrl\":\"https:\/\/testwebsite.citygame.com\/wp-content\/blogs.dir\/1\/files\/sites\/62\/2026\/02\/group-of-friends-playing-city-game-manchester.jpg\",\"datePublished\":\"2026-02-05T19:53:48+00:00\",\"dateModified\":\"2026-04-08T11:41:04+00:00\",\"description\":\"Sherlock Holmes Manchester. Ch\u01a1i m\u1ed9t tr\u00f2 ch\u01a1i City Game b\u00ed \u1ea9n gi\u1ea3i quy\u1ebft v\u1ee5 \u00e1n m\u1ea1ng t\u1ef1 d\u1eabn, gi\u1ea3i c\u00e2u \u0111\u1ed1, theo d\u00f5i manh m\u1ed1i v\u00e0 t\u00ecm ra k\u1ebb s\u00e1t nh\u00e2n theo t\u1ed1c \u0111\u1ed9 c\u1ee7a ri\u00eang b\u1ea1n!\",\"breadcrumb\":{\"@id\":\"https:\/\/testwebsite.citygame.com\/vi\/games\/manchester\/sherlock-holmes-manchester\/#breadcrumb\"},\"inLanguage\":\"vi\",\"potentialAction\":[{\"@type\":\"ReadAction\",\"target\":[\"https:\/\/testwebsite.citygame.com\/vi\/games\/manchester\/sherlock-holmes-manchester\/\"]}]},{\"@type\":\"ImageObject\",\"inLanguage\":\"vi\",\"@id\":\"https:\/\/testwebsite.citygame.com\/vi\/games\/manchester\/sherlock-holmes-manchester\/#primaryimage\",\"url\":\"https:\/\/testwebsite.citygame.com\/wp-content\/blogs.dir\/1\/files\/sites\/62\/2026\/02\/group-of-friends-playing-city-game-manchester.jpg\",\"contentUrl\":\"https:\/\/testwebsite.citygame.com\/wp-content\/blogs.dir\/1\/files\/sites\/62\/2026\/02\/group-of-friends-playing-city-game-manchester.jpg\",\"width\":1344,\"height\":768,\"caption\":\"A group of young adults collaborates to solve a puzzle on a smartphone during a city game.\"},{\"@type\":\"BreadcrumbList\",\"@id\":\"https:\/\/testwebsite.citygame.com\/vi\/games\/manchester\/sherlock-holmes-manchester\/#breadcrumb\",\"itemListElement\":[{\"@type\":\"ListItem\",\"position\":1,\"name\":\"Home\",\"item\":\"https:\/\/testwebsite.citygame.com\/vi\/\"},{\"@type\":\"ListItem\",\"position\":2,\"name\":\"Shop\",\"item\":\"https:\/\/testwebsite.citygame.com\/shop\/\"},{\"@type\":\"ListItem\",\"position\":3,\"name\":\"Sherlock Holmes Manchester\"}]},{\"@type\":\"WebSite\",\"@id\":\"https:\/\/testwebsite.upevents.nl\/#website\",\"url\":\"https:\/\/testwebsite.upevents.nl\/\",\"name\":\"City Game\",\"description\":\"\",\"publisher\":{\"@id\":\"https:\/\/testwebsite.upevents.nl\/#organization\"},\"alternateName\":\"citygame.com\",\"potentialAction\":[{\"@type\":\"SearchAction\",\"target\":{\"@type\":\"EntryPoint\",\"urlTemplate\":\"https:\/\/testwebsite.upevents.nl\/?s={search_term_string}\"},\"query-input\":{\"@type\":\"PropertyValueSpecification\",\"valueRequired\":true,\"valueName\":\"search_term_string\"}}],\"inLanguage\":\"vi\"},{\"@type\":[\"Organization\",\"Place\"],\"@id\":\"https:\/\/testwebsite.upevents.nl\/#organization\",\"name\":\"City Game\",\"alternateName\":\"citygame.com\",\"url\":\"https:\/\/testwebsite.upevents.nl\/\",\"logo\":{\"@id\":\"https:\/\/testwebsite.citygame.com\/vi\/games\/manchester\/sherlock-holmes-manchester\/#local-main-organization-logo\"},\"image\":{\"@id\":\"https:\/\/testwebsite.citygame.com\/vi\/games\/manchester\/sherlock-holmes-manchester\/#local-main-organization-logo\"},\"sameAs\":[\"https:\/\/www.facebook.com\/profile.php?id=100086426226253\",\"https:\/\/www.instagram.com\/citygame_com\",\"https:\/\/www.tiktok.com\/@citygamecom\/\",\"https:\/\/www.linkedin.com\/company\/citygame-com\"],\"description\":\"Turn any city into a playground with our interactive City Games and self-guided tours. Fun, flexible, and ideal for groups and team building.\",\"telephone\":[],\"openingHoursSpecification\":[{\"@type\":\"OpeningHoursSpecification\",\"dayOfWeek\":[\"Monday\",\"Tuesday\",\"Wednesday\",\"Thursday\",\"Friday\",\"Saturday\",\"Sunday\"],\"opens\":\"09:00\",\"closes\":\"17:00\"}]},{\"@type\":\"ImageObject\",\"inLanguage\":\"vi\",\"@id\":\"https:\/\/testwebsite.citygame.com\/vi\/games\/manchester\/sherlock-holmes-manchester\/#local-main-organization-logo\",\"url\":\"https:\/\/testwebsite.citygame.com\/wp-content\/blogs.dir\/1\/files\/sites\/62\/2025\/10\/CG_LOGO-City-Game.png\",\"contentUrl\":\"https:\/\/testwebsite.citygame.com\/wp-content\/blogs.dir\/1\/files\/sites\/62\/2025\/10\/CG_LOGO-City-Game.png\",\"width\":351,\"height\":377,\"caption\":\"City Game\"}]}<\/script>\n<!-- \/ Yoast SEO Premium plugin. -->","yoast_head_json":{"title":"Sherlock Holmes Manchester - City Game","description":"Sherlock Holmes Manchester. Ch\u01a1i m\u1ed9t tr\u00f2 ch\u01a1i City Game b\u00ed \u1ea9n gi\u1ea3i quy\u1ebft v\u1ee5 \u00e1n m\u1ea1ng t\u1ef1 d\u1eabn, gi\u1ea3i c\u00e2u \u0111\u1ed1, theo d\u00f5i manh m\u1ed1i v\u00e0 t\u00ecm ra k\u1ebb s\u00e1t nh\u00e2n theo t\u1ed1c \u0111\u1ed9 c\u1ee7a ri\u00eang b\u1ea1n!","robots":{"index":"noindex","follow":"follow","max-snippet":"max-snippet:-1","max-image-preview":"max-image-preview:large","max-video-preview":"max-video-preview:-1"},"og_locale":"vi_VN","og_type":"article","og_title":"Sherlock Holmes Manchester","og_description":"Sherlock Holmes Manchester. Ch\u01a1i m\u1ed9t tr\u00f2 ch\u01a1i City Game b\u00ed \u1ea9n gi\u1ea3i quy\u1ebft v\u1ee5 \u00e1n m\u1ea1ng t\u1ef1 d\u1eabn, gi\u1ea3i c\u00e2u \u0111\u1ed1, theo d\u00f5i manh m\u1ed1i v\u00e0 t\u00ecm ra k\u1ebb s\u00e1t nh\u00e2n theo t\u1ed1c \u0111\u1ed9 c\u1ee7a ri\u00eang b\u1ea1n!","og_url":"https:\/\/testwebsite.citygame.com\/vi\/games\/manchester\/sherlock-holmes-manchester\/","og_site_name":"City Game","article_publisher":"https:\/\/www.facebook.com\/profile.php?id=100086426226253","article_modified_time":"2026-04-08T11:41:04+00:00","og_image":[{"width":1344,"height":768,"url":"https:\/\/testwebsite.citygame.com\/wp-content\/blogs.dir\/1\/files\/sites\/62\/2026\/02\/group-of-friends-playing-city-game-manchester.jpg","type":"image\/jpeg"}],"twitter_card":"summary_large_image","twitter_misc":{"\u01af\u1edbc t\u00ednh th\u1eddi gian \u0111\u1ecdc":"1 ph\u00fat"},"schema":{"@context":"https:\/\/schema.org","@graph":[{"@type":"WebPage","@id":"https:\/\/testwebsite.citygame.com\/vi\/games\/manchester\/sherlock-holmes-manchester\/","url":"https:\/\/testwebsite.citygame.com\/vi\/games\/manchester\/sherlock-holmes-manchester\/","name":"Sherlock Holmes Manchester - City Game","isPartOf":{"@id":"https:\/\/testwebsite.upevents.nl\/#website"},"primaryImageOfPage":{"@id":"https:\/\/testwebsite.citygame.com\/vi\/games\/manchester\/sherlock-holmes-manchester\/#primaryimage"},"image":{"@id":"https:\/\/testwebsite.citygame.com\/vi\/games\/manchester\/sherlock-holmes-manchester\/#primaryimage"},"thumbnailUrl":"https:\/\/testwebsite.citygame.com\/wp-content\/blogs.dir\/1\/files\/sites\/62\/2026\/02\/group-of-friends-playing-city-game-manchester.jpg","datePublished":"2026-02-05T19:53:48+00:00","dateModified":"2026-04-08T11:41:04+00:00","description":"Sherlock Holmes Manchester. Ch\u01a1i m\u1ed9t tr\u00f2 ch\u01a1i City Game b\u00ed \u1ea9n gi\u1ea3i quy\u1ebft v\u1ee5 \u00e1n m\u1ea1ng t\u1ef1 d\u1eabn, gi\u1ea3i c\u00e2u \u0111\u1ed1, theo d\u00f5i manh m\u1ed1i v\u00e0 t\u00ecm ra k\u1ebb s\u00e1t nh\u00e2n theo t\u1ed1c \u0111\u1ed9 c\u1ee7a ri\u00eang b\u1ea1n!","breadcrumb":{"@id":"https:\/\/testwebsite.citygame.com\/vi\/games\/manchester\/sherlock-holmes-manchester\/#breadcrumb"},"inLanguage":"vi","potentialAction":[{"@type":"ReadAction","target":["https:\/\/testwebsite.citygame.com\/vi\/games\/manchester\/sherlock-holmes-manchester\/"]}]},{"@type":"ImageObject","inLanguage":"vi","@id":"https:\/\/testwebsite.citygame.com\/vi\/games\/manchester\/sherlock-holmes-manchester\/#primaryimage","url":"https:\/\/testwebsite.citygame.com\/wp-content\/blogs.dir\/1\/files\/sites\/62\/2026\/02\/group-of-friends-playing-city-game-manchester.jpg","contentUrl":"https:\/\/testwebsite.citygame.com\/wp-content\/blogs.dir\/1\/files\/sites\/62\/2026\/02\/group-of-friends-playing-city-game-manchester.jpg","width":1344,"height":768,"caption":"A group of young adults collaborates to solve a puzzle on a smartphone during a city game."},{"@type":"BreadcrumbList","@id":"https:\/\/testwebsite.citygame.com\/vi\/games\/manchester\/sherlock-holmes-manchester\/#breadcrumb","itemListElement":[{"@type":"ListItem","position":1,"name":"Home","item":"https:\/\/testwebsite.citygame.com\/vi\/"},{"@type":"ListItem","position":2,"name":"Shop","item":"https:\/\/testwebsite.citygame.com\/shop\/"},{"@type":"ListItem","position":3,"name":"Sherlock Holmes Manchester"}]},{"@type":"WebSite","@id":"https:\/\/testwebsite.upevents.nl\/#website","url":"https:\/\/testwebsite.upevents.nl\/","name":"City Game","description":"","publisher":{"@id":"https:\/\/testwebsite.upevents.nl\/#organization"},"alternateName":"citygame.com","potentialAction":[{"@type":"SearchAction","target":{"@type":"EntryPoint","urlTemplate":"https:\/\/testwebsite.upevents.nl\/?s={search_term_string}"},"query-input":{"@type":"PropertyValueSpecification","valueRequired":true,"valueName":"search_term_string"}}],"inLanguage":"vi"},{"@type":["Organization","Place"],"@id":"https:\/\/testwebsite.upevents.nl\/#organization","name":"City Game","alternateName":"citygame.com","url":"https:\/\/testwebsite.upevents.nl\/","logo":{"@id":"https:\/\/testwebsite.citygame.com\/vi\/games\/manchester\/sherlock-holmes-manchester\/#local-main-organization-logo"},"image":{"@id":"https:\/\/testwebsite.citygame.com\/vi\/games\/manchester\/sherlock-holmes-manchester\/#local-main-organization-logo"},"sameAs":["https:\/\/www.facebook.com\/profile.php?id=100086426226253","https:\/\/www.instagram.com\/citygame_com","https:\/\/www.tiktok.com\/@citygamecom\/","https:\/\/www.linkedin.com\/company\/citygame-com"],"description":"Turn any city into a playground with our interactive City Games and self-guided tours. Fun, flexible, and ideal for groups and team building.","telephone":[],"openingHoursSpecification":[{"@type":"OpeningHoursSpecification","dayOfWeek":["Monday","Tuesday","Wednesday","Thursday","Friday","Saturday","Sunday"],"opens":"09:00","closes":"17:00"}]},{"@type":"ImageObject","inLanguage":"vi","@id":"https:\/\/testwebsite.citygame.com\/vi\/games\/manchester\/sherlock-holmes-manchester\/#local-main-organization-logo","url":"https:\/\/testwebsite.citygame.com\/wp-content\/blogs.dir\/1\/files\/sites\/62\/2025\/10\/CG_LOGO-City-Game.png","contentUrl":"https:\/\/testwebsite.citygame.com\/wp-content\/blogs.dir\/1\/files\/sites\/62\/2025\/10\/CG_LOGO-City-Game.png","width":351,"height":377,"caption":"City Game"}]}},"taxonomy_info":{"game-concept":[{"value":794,"label":"Sherlock"}],"location":[{"value":264,"label":"Manchester"}],"product_cat":[{"value":27,"label":"Geen categorie"}]},"featured_image_src_large":["https:\/\/testwebsite.citygame.com\/wp-content\/blogs.dir\/1\/files\/sites\/62\/2026\/02\/group-of-friends-playing-city-game-manchester-1024x585.jpg",1024,585,true],"author_info":[],"comment_info":"","_links":{"self":[{"href":"https:\/\/testwebsite.citygame.com\/vi\/wp-json\/wp\/v2\/product\/63430","targetHints":{"allow":["GET"]}}],"collection":[{"href":"https:\/\/testwebsite.citygame.com\/vi\/wp-json\/wp\/v2\/product"}],"about":[{"href":"https:\/\/testwebsite.citygame.com\/vi\/wp-json\/wp\/v2\/types\/product"}],"acf:post":[{"embeddable":true,"href":"https:\/\/testwebsite.citygame.com\/vi\/wp-json\/wp\/v2\/pages\/11029"}],"wp:featuredmedia":[{"embeddable":true,"href":"https:\/\/testwebsite.citygame.com\/vi\/wp-json\/wp\/v2\/media\/11031"}],"wp:attachment":[{"href":"https:\/\/testwebsite.citygame.com\/vi\/wp-json\/wp\/v2\/media?parent=63430"}],"wp:term":[{"taxonomy":"game-concept","embeddable":true,"href":"https:\/\/testwebsite.citygame.com\/vi\/wp-json\/wp\/v2\/game-concept?post=63430"},{"taxonomy":"location","embeddable":true,"href":"https:\/\/testwebsite.citygame.com\/vi\/wp-json\/wp\/v2\/location?post=63430"},{"taxonomy":"product_brand","embeddable":true,"href":"https:\/\/testwebsite.citygame.com\/vi\/wp-json\/wp\/v2\/product_brand?post=63430"},{"taxonomy":"product_cat","embeddable":true,"href":"https:\/\/testwebsite.citygame.com\/vi\/wp-json\/wp\/v2\/product_cat?post=63430"},{"taxonomy":"product_tag","embeddable":true,"href":"https:\/\/testwebsite.citygame.com\/vi\/wp-json\/wp\/v2\/product_tag?post=63430"}],"curies":[{"name":"wp","href":"https:\/\/api.w.org\/{rel}","templated":true}]}}