{"id":63193,"date":"2026-03-13T10:07:49","date_gmt":"2026-03-13T10:07:49","guid":{"rendered":"https:\/\/testwebsite.citygame.com\/games\/unknown-location\/secrets-of-copenhagen\/"},"modified":"2026-04-08T11:09:58","modified_gmt":"2026-04-08T11:09:58","slug":"secrets-of-copenhagen","status":"publish","type":"product","link":"https:\/\/testwebsite.citygame.com\/vi\/games\/copenhagen\/secrets-of-copenhagen\/","title":{"rendered":"Secrets of Copenhagen"},"content":{"rendered":"<p>H\u00f2a m\u00ecnh v\u00e0o s\u1ef1 pha tr\u1ed9n phong ph\u00fa gi\u1eefa s\u1ef1 s\u1ed1ng \u0111\u1ed9ng hi\u1ec7n \u0111\u1ea1i v\u00e0 ki\u1ebfn tr\u00fac c\u1ed5 \u0111i\u1ec3n v\u1edbi &#8220;Secrets of Copenhagen City Game&#8221;, m\u1ed9t tr\u00f2 ch\u01a1i kh\u00e1m ph\u00e1 t\u1ef1 h\u01b0\u1edbng d\u1eabn, d\u1ef1a tr\u00ean GPS. Di\u1ec5n ra t\u1ea1i trung t\u00e2m l\u1ecbch s\u1eed c\u1ee7a Copenhagen, ho\u1ea1t \u0111\u1ed9ng h\u1ea5p d\u1eabn n\u00e0y \u0111\u01b0a ng\u01b0\u1eddi ch\u01a1i \u0111\u1eafm ch\u00ecm v\u00e0o chi\u1ec1u s\u00e2u c\u1ee7a th\u00e0nh ph\u1ed1, s\u1eed d\u1ee5ng \u0111i\u1ec7n tho\u1ea1i th\u00f4ng minh \u0111\u1ec3 \u0111i\u1ec1u h\u01b0\u1edbng, gi\u1ea3i c\u00e1c c\u00e2u \u0111\u1ed1 b\u00ed \u1ea9n, di\u1ec5n gi\u1ea3i c\u00e1c c\u00e2u \u0111\u1ed1 kh\u00f3 hi\u1ec3u v\u00e0 ho\u00e0n th\u00e0nh c\u00e1c th\u1eed th\u00e1ch \u1ea3nh s\u1ed1ng \u0111\u1ed9ng. Kh\u00e1m ph\u00e1 l\u1ecbch s\u1eed quy\u1ebfn r\u0169, v\u0103n h\u00f3a s\u00f4i \u0111\u1ed9ng v\u00e0 nh\u1eefng kh\u00eda c\u1ea1nh \u1ea9n gi\u1ea5u k\u1ef9 l\u01b0\u1ee1ng c\u1ee7a th\u1ee7 \u0111\u00f4 \u0110an M\u1ea1ch, khi b\u1ea1n tham gia v\u00e0o tr\u00f2 ch\u01a1i th\u00e0nh ph\u1ed1 th\u00fa v\u1ecb n\u00e0y. Nh\u1eefng b\u00ed m\u1eadt c\u1ee7a Copenhagen \u0111ang ch\u1edd \u0111\u1ee3i m\u1ecdi ng\u01b0\u1eddi kh\u00e1m ph\u00e1, bi\u1ebfn n\u00f3 th\u00e0nh l\u1ef1a ch\u1ecdn ho\u00e0n h\u1ea3o cho ng\u01b0\u1eddi d\u00e2n \u0111\u1ecba ph\u01b0\u01a1ng t\u00ecm ki\u1ebfm m\u1ed9t g\u00f3c nh\u00ecn m\u1edbi m\u1ebb, ho\u1eb7c du kh\u00e1ch mu\u1ed1n kh\u00e1m ph\u00e1 s\u00e2u h\u01a1n. D\u00f9 b\u1ea1n th\u00edch c\u1ea3m gi\u00e1c m\u1ea1nh khi kh\u00e1m ph\u00e1 m\u1ed9t m\u00ecnh, hay th\u00edch chia s\u1ebb cu\u1ed9c phi\u00eau l\u01b0u n\u00e0y c\u00f9ng v\u1edbi ng\u01b0\u1eddi y\u00eau, gia \u0111\u00ecnh ho\u1eb7c m\u1ed9t nh\u00f3m b\u1ea1n \u0111\u1ea7y nhi\u1ec7t huy\u1ebft, &#8220;Secrets of Copenhagen City Game&#8221; mang \u0111\u1ebfn s\u1ef1 k\u1ebft h\u1ee3p \u0111\u1ed9c \u0111\u00e1o gi\u1eefa ni\u1ec1m vui, h\u1ecdc h\u1ecfi v\u00e0 kh\u00e1m ph\u00e1.<\/p>\n","protected":false},"excerpt":{"rendered":"<p>Kh\u00e1m ph\u00e1 V\u1ebb \u0111\u1eb9p v\u00e0 N\u00e9t \u0111\u1eb7c tr\u01b0ng c\u1ee7a Copenhagen! \u0110i qua m\u1ed9t th\u00e0nh ph\u1ed1 n\u01a1i l\u1ecbch s\u1eed v\u0129 \u0111\u1ea1i h\u00f2a quy\u1ec7n v\u1edbi n\u00e9t hi\u1ec7n \u0111\u1ea1i c\u00e1 t\u00ednh, t\u1eeb nh\u1eefng cung \u0111i\u1ec7n tr\u00e1ng l\u1ec7 \u0111\u1ebfn nh\u1eefng con ph\u1ed1 \u0111\u01b0\u1ee3c t\u00f4 \u0111i\u1ec3m b\u1eb1ng graffiti. Gi\u1ea3i m\u00e3 nh\u1eefng b\u00ed \u1ea9n khi b\u1ea1n \u0111i\u1ec1u h\u01b0\u1edbng qua trung t\u00e2m \u0111\u1ea7y l\u00f4i cu\u1ed1n c\u1ee7a n\u00f3, Copenhagen l\u00e0 m\u1ed9t kho b\u00e1u \u1ea9n gi\u1ea5u \u1edf m\u1ed7i g\u00f3c ph\u1ed1!<\/p>\n","protected":false},"featured_media":18448,"template":"","meta":{"_acf_changed":false,"_yoast_wpseo_focuskw":"Secrets of Copenhagen","_yoast_wpseo_metadesc":"Secrets of Copenhagen. Ch\u01a1i m\u1ed9t Tr\u00f2 ch\u01a1i Th\u00e0nh ph\u1ed1 t\u1ef1 h\u01b0\u1edbng d\u1eabn v\u00e0 kh\u00e1m ph\u00e1 th\u00e0nh ph\u1ed1 qua c\u00e1c c\u00e2u \u0111\u1ed1, b\u00ed \u1ea9n v\u00e0 th\u1eed th\u00e1ch. Ch\u01a1i theo t\u1ed1c \u0111\u1ed9 c\u1ee7a ri\u00eang b\u1ea1n v\u00e0 kh\u00e1m ph\u00e1 nh\u01b0 m\u1ed9t ng\u01b0\u1eddi \u0111\u1ecba ph\u01b0\u01a1ng!","_kad_blocks_custom_css":"","_kad_blocks_head_custom_js":"","_kad_blocks_body_custom_js":"","_kad_blocks_footer_custom_js":"","ghostkit_customizer_options":"","ghostkit_custom_css":"","ghostkit_custom_js_head":"","ghostkit_custom_js_foot":"","ghostkit_typography":"","_kad_post_transparent":"","_kad_post_title":"","_kad_post_layout":"","_kad_post_sidebar_id":"","_kad_post_content_style":"","_kad_post_vertical_padding":"","_kad_post_feature":"","_kad_post_feature_position":"","_kad_post_header":false,"_kad_post_footer":false,"_kad_post_classname":"","_links_to":"","_links_to_target":""},"game-concept":[733],"location":[128],"product_brand":[],"product_cat":[27],"product_tag":[],"class_list":{"0":"post-63193","1":"product","2":"type-product","3":"status-publish","4":"has-post-thumbnail","6":"game-concept-secrets","7":"location-copenhagen","8":"product_cat-geen-categorie","10":"first","11":"instock","12":"shipping-taxable","13":"purchasable","14":"product-type-simple","15":"entry","16":"content-bg","17":"loop-entry"},"acf":{"full_bokun_product_name":"Self-Guided Secrets of Copenhagen Exploration Game","location_name":"Copenhagen","bokun_calendar_widget_code":"<script type=\"text\/javascript\" src=\"https:\/\/widgets.bokun.io\/assets\/javascripts\/apps\/build\/BokunWidgetsLoader.js?bookingChannelUUID=a1e93e96-5232-4734-a595-28405f4b5a31\" async><\/script>\n     \n    <div class=\"bokunWidget\" data-src=\"https:\/\/widgets.bokun.io\/online-sales\/a1e93e96-5232-4734-a595-28405f4b5a31\/experience-calendar\/872761\"><\/div>\n    <noscript>Please enable javascript in your browser to book<\/noscript>","bokun_button_widget_code":"<script type=\"text\/javascript\" src=\"https:\/\/widgets.bokun.io\/assets\/javascripts\/apps\/build\/BokunWidgetsLoader.js?bookingChannelUUID=a1e93e96-5232-4734-a595-28405f4b5a31\" async><\/script>\n      <style> #bokun_ed001e45_5927_4f62_b470_ca766338d083 { display: inline-block; padding: .4em 1em; background: #47b82e; border-radius: 999999px; box-shadow: none; font-weight: 600; font-size: 24px; text-decoration: none; text-align: center; color: #FFFFFF; border:none; cursor: pointer; transition: background .2s ease; } #bokun_ed001e45_5927_4f62_b470_ca766338d083:hover{ background: #2f7b1f; } #bokun_ed001e45_5927_4f62_b470_ca766338d083:active{ background: #378f24; } <\/style> <button class=\"bokunButton\" disabled id=bokun_ed001e45_5927_4f62_b470_ca766338d083 data-src=\"https:\/\/widgets.bokun.io\/online-sales\/a1e93e96-5232-4734-a595-28405f4b5a31\/experience-calendar\/872761?partialView=1\" data-testid=\"widget-book-button\" > Book now <\/button> ","what_you\u2019ll_experience_during_the_game":"Tr\u00f2 ch\u01a1i th\u00e0nh ph\u1ed1 Secrets of Copenhagen City Game m\u1eddi b\u1ea1n \u0111\u1eafm ch\u00ecm v\u00e0o s\u1ef1 pha tr\u1ed9n \u0111\u1ea7y s\u00f4i \u0111\u1ed9ng c\u1ee7a vi\u1ec7c tham quan, c\u00e1c th\u1eed th\u00e1ch t\u01b0\u01a1ng t\u00e1c v\u00e0 nh\u1eefng c\u00e2u chuy\u1ec7n k\u1ec3 h\u1ea5p d\u1eabn. \u0110i qua nh\u1eefng con ph\u1ed1 l\u1ecbch s\u1eed c\u1ee7a n\u00f3, kh\u00e1m ph\u00e1 c\u1ea3 nh\u1eefng b\u00e1u v\u1eadt n\u1ed5i ti\u1ebfng l\u1eabn \u1ea9n gi\u1ea5u c\u1ee7a th\u00e0nh ph\u1ed1, v\u00e0 \u0111\u00e0o s\u00e2u v\u00e0o nh\u1eefng c\u00e2u chuy\u1ec7n m\u00ea ho\u1eb7c c\u1ee7a Copenhagen. H\u00e3y \u0111\u1ec3 s\u1ef1 t\u00f2 m\u00f2 d\u1eabn l\u1ed1i b\u1ea1n t\u1eeb nh\u1eefng ng\u1ecdn th\u00e1p cao v\u00fat c\u1ee7a Nh\u00e0 th\u1edd Our Savior's Church \u0111\u1ebfn nh\u1eefng ng\u00f4i nh\u00e0 \u0111\u1ea7y m\u00e0u s\u1eafc \u1edf Nyhavn, kh\u00e1m ph\u00e1 t\u1eebng ng\u00f3c ng\u00e1ch c\u1ee7a c\u00e1c k\u00eanh \u0111\u00e0o ch\u1eb1ng ch\u1ecbt \u1edf Christianshavn. D\u00f9 b\u1ea1n l\u00e0 ng\u01b0\u1eddi d\u00e2n \u0111\u1ecba ph\u01b0\u01a1ng t\u00ecm ki\u1ebfm m\u1ed9t g\u00f3c nh\u00ecn m\u1edbi m\u1ebb v\u1ec1 qu\u00ea h\u01b0\u01a1ng m\u00ecnh, hay m\u1ed9t du kh\u00e1ch h\u00e1o h\u1ee9c kh\u00e1m ph\u00e1 nhi\u1ec1u b\u00ed \u1ea9n c\u1ee7a Copenhagen, Tr\u00f2 ch\u01a1i Th\u00e0nh ph\u1ed1 n\u00e0y s\u1ebd mang \u0111\u1ebfn m\u1ed9t tr\u1ea3i nghi\u1ec7m kh\u00e1m ph\u00e1 kh\u00f4ng gi\u1ed1ng b\u1ea5t k\u1ef3 n\u01a1i n\u00e0o kh\u00e1c.\n\nTrong khi b\u1ea1n b\u1ecb cu\u1ed1n v\u00e0o m\u1ed9t th\u1ebf gi\u1edbi n\u01a1i s\u1ef1 t\u00f2 m\u00f2 s\u1ebd th\u00fac \u0111\u1ea9y ti\u1ebfn tr\u00ecnh c\u1ee7a b\u1ea1n, b\u1ea1n c\u0169ng s\u1ebd \u0111\u1ed1i m\u1eb7t v\u1edbi nh\u1eefng c\u00e2u \u0111\u1ed1 h\u1ea5p d\u1eabn, nh\u1eefng c\u00e2u \u0111\u1ed1 h\u00f3c b\u00faa v\u00e0 v\u00f4 s\u1ed1 tr\u1eadn chi\u1ebfn tr\u00ed tu\u1ec7 \u0111\u01b0\u1ee3c thi\u1ebft k\u1ebf \u0111\u1ec3 ki\u1ec3m tra kh\u1ea3 n\u0103ng ph\u00e2n t\u00edch v\u00e0 s\u00e1ng t\u1ea1o c\u1ee7a b\u1ea1n. Nhi\u1ec7m v\u1ee5 c\u1ee7a b\u1ea1n trong chuy\u1ebfn th\u00e1m hi\u1ec3m qua Copenhagen n\u00e0y l\u00e0 thu th\u1eadp \u0111i\u1ec3m \u0111\u1ec3 m\u1edf kh\u00f3a c\u00e1c g\u1ee3i \u00fd, t\u1ea5t c\u1ea3 s\u1ebd \u0111\u1ea9y b\u1ea1n \u0111\u1ebfn g\u1ea7n h\u01a1n vi\u1ec7c gi\u1ea3i m\u1ed9t c\u00e2u \u0111\u1ed1 cu\u1ed1i c\u00f9ng \u0111\u1ea7y b\u00ed \u1ea9n. \u0110\u1ed1i v\u1edbi nh\u1eefng ng\u01b0\u1eddi c\u00f3 tinh th\u1ea7n c\u1ea1nh tranh cao, c\u1ea3m gi\u00e1c h\u1ed3i h\u1ed9p khi gi\u00e0nh \u0111\u01b0\u1ee3c v\u1ecb tr\u00ed cao tr\u00ean b\u1ea3ng x\u1ebfp h\u1ea1ng \u0111ang v\u1eaby g\u1ecdi. Tuy nhi\u00ean, tr\u00f2 ch\u01a1i c\u0169ng d\u00e0nh cho nh\u1eefng ng\u01b0\u1eddi mu\u1ed1n c\u00f3 m\u1ed9t nh\u1ecbp \u0111\u1ed9 th\u01b0 th\u1ea3 h\u01a1n; n\u00f3 c\u00f3 th\u1ec3 d\u1eebng l\u1ea1i b\u1ea5t c\u1ee9 l\u00fac n\u00e0o, \u0111\u1ec3 ti\u1ebfp t\u1ee5c khi n\u00e0o b\u1ea1n mu\u1ed1n. B\u1ea5t k\u1ec3 phong c\u00e1ch c\u1ee7a b\u1ea1n l\u00e0 g\u00ec, Secrets of Copenhagen City Game h\u1ee9a h\u1eb9n m\u1ed9t s\u1ef1 k\u1ebft h\u1ee3p h\u1ea5p d\u1eabn gi\u1eefa kh\u00e1m ph\u00e1 v\u00e0 th\u1eed th\u00e1ch tr\u00ed tu\u1ec7.","how_to_play":"\u0110\u1eb7t tr\u01b0\u1edbc Tr\u00f2 ch\u01a1i Kh\u00e1m ph\u00e1, ki\u1ec3m tra email ch\u00fang t\u00f4i g\u1eedi cho b\u1ea1n v\u1edbi h\u01b0\u1edbng d\u1eabn \u0111\u01a1n gi\u1ea3n, t\u1ea3i xu\u1ed1ng \u1ee8ng d\u1ee5ng Loquiz, truy c\u1eadp Tr\u00f2 ch\u01a1i Kh\u00e1m ph\u00e1 v\u00e0 b\u1ea1n \u0111\u00e3 s\u1eb5n s\u00e0ng b\u1eaft \u0111\u1ea7u tr\u1ea3i nghi\u1ec7m tr\u00f2 ch\u01a1i c\u1ee7a m\u00ecnh!","start_location":"Copenhagen, Radhuspladsen","available_languages":["en"],"players_per_group":"1-4","duration":"1.5-2 hours","image_overlay_color_image":"https:\/\/testwebsite.citygame.com\/wp-content\/blogs.dir\/1\/files\/sites\/62\/2026\/01\/SecretsColor.svg","image_overlay_game_logo":"https:\/\/testwebsite.citygame.com\/wp-content\/blogs.dir\/1\/files\/sites\/62\/2026\/01\/SecretsLogo.png","city_page":7710,"woocommerce_general_content":null},"yoast_head":"<!-- This site is optimized with the Yoast SEO Premium plugin v26.2 (Yoast SEO v26.3) - https:\/\/yoast.com\/wordpress\/plugins\/seo\/ -->\n<title>Secrets of Copenhagen - City Game<\/title>\n<meta name=\"description\" content=\"Secrets of Copenhagen. Ch\u01a1i m\u1ed9t Tr\u00f2 ch\u01a1i Th\u00e0nh ph\u1ed1 t\u1ef1 h\u01b0\u1edbng d\u1eabn v\u00e0 kh\u00e1m ph\u00e1 th\u00e0nh ph\u1ed1 qua c\u00e1c c\u00e2u \u0111\u1ed1, b\u00ed \u1ea9n v\u00e0 th\u1eed th\u00e1ch. Ch\u01a1i theo t\u1ed1c \u0111\u1ed9 c\u1ee7a ri\u00eang b\u1ea1n v\u00e0 kh\u00e1m ph\u00e1 nh\u01b0 m\u1ed9t ng\u01b0\u1eddi \u0111\u1ecba ph\u01b0\u01a1ng!\" \/>\n<meta name=\"robots\" content=\"noindex, follow, max-snippet:-1, max-image-preview:large, max-video-preview:-1\" \/>\n<meta property=\"og:locale\" content=\"vi_VN\" \/>\n<meta property=\"og:type\" content=\"article\" \/>\n<meta property=\"og:title\" content=\"Secrets of Copenhagen\" \/>\n<meta property=\"og:description\" content=\"Secrets of Copenhagen. Ch\u01a1i m\u1ed9t Tr\u00f2 ch\u01a1i Th\u00e0nh ph\u1ed1 t\u1ef1 h\u01b0\u1edbng d\u1eabn v\u00e0 kh\u00e1m ph\u00e1 th\u00e0nh ph\u1ed1 qua c\u00e1c c\u00e2u \u0111\u1ed1, b\u00ed \u1ea9n v\u00e0 th\u1eed th\u00e1ch. Ch\u01a1i theo t\u1ed1c \u0111\u1ed9 c\u1ee7a ri\u00eang b\u1ea1n v\u00e0 kh\u00e1m ph\u00e1 nh\u01b0 m\u1ed9t ng\u01b0\u1eddi \u0111\u1ecba ph\u01b0\u01a1ng!\" \/>\n<meta property=\"og:url\" content=\"https:\/\/testwebsite.citygame.com\/vi\/games\/copenhagen\/secrets-of-copenhagen\/\" \/>\n<meta property=\"og:site_name\" content=\"City Game\" \/>\n<meta property=\"article:publisher\" content=\"https:\/\/www.facebook.com\/profile.php?id=100086426226253\" \/>\n<meta property=\"article:modified_time\" content=\"2026-04-08T11:09:58+00:00\" \/>\n<meta property=\"og:image\" content=\"https:\/\/testwebsite.citygame.com\/wp-content\/blogs.dir\/1\/files\/sites\/62\/2026\/03\/copenhagen-player-christiansborg-palace-view.jpg\" \/>\n\t<meta property=\"og:image:width\" content=\"1024\" \/>\n\t<meta property=\"og:image:height\" content=\"1024\" \/>\n\t<meta property=\"og:image:type\" content=\"image\/jpeg\" \/>\n<meta name=\"twitter:card\" content=\"summary_large_image\" \/>\n<meta name=\"twitter:label1\" content=\"\u01af\u1edbc t\u00ednh th\u1eddi gian \u0111\u1ecdc\" \/>\n\t<meta name=\"twitter:data1\" content=\"2 ph\u00fat\" \/>\n<script type=\"application\/ld+json\" class=\"yoast-schema-graph\">{\"@context\":\"https:\/\/schema.org\",\"@graph\":[{\"@type\":\"WebPage\",\"@id\":\"https:\/\/testwebsite.citygame.com\/vi\/games\/copenhagen\/secrets-of-copenhagen\/\",\"url\":\"https:\/\/testwebsite.citygame.com\/vi\/games\/copenhagen\/secrets-of-copenhagen\/\",\"name\":\"Secrets of Copenhagen - City Game\",\"isPartOf\":{\"@id\":\"https:\/\/testwebsite.upevents.nl\/#website\"},\"primaryImageOfPage\":{\"@id\":\"https:\/\/testwebsite.citygame.com\/vi\/games\/copenhagen\/secrets-of-copenhagen\/#primaryimage\"},\"image\":{\"@id\":\"https:\/\/testwebsite.citygame.com\/vi\/games\/copenhagen\/secrets-of-copenhagen\/#primaryimage\"},\"thumbnailUrl\":\"https:\/\/testwebsite.citygame.com\/wp-content\/blogs.dir\/1\/files\/sites\/62\/2026\/03\/copenhagen-player-christiansborg-palace-view.jpg\",\"datePublished\":\"2026-03-13T10:07:49+00:00\",\"dateModified\":\"2026-04-08T11:09:58+00:00\",\"description\":\"Secrets of Copenhagen. Ch\u01a1i m\u1ed9t Tr\u00f2 ch\u01a1i Th\u00e0nh ph\u1ed1 t\u1ef1 h\u01b0\u1edbng d\u1eabn v\u00e0 kh\u00e1m ph\u00e1 th\u00e0nh ph\u1ed1 qua c\u00e1c c\u00e2u \u0111\u1ed1, b\u00ed \u1ea9n v\u00e0 th\u1eed th\u00e1ch. Ch\u01a1i theo t\u1ed1c \u0111\u1ed9 c\u1ee7a ri\u00eang b\u1ea1n v\u00e0 kh\u00e1m ph\u00e1 nh\u01b0 m\u1ed9t ng\u01b0\u1eddi \u0111\u1ecba ph\u01b0\u01a1ng!\",\"breadcrumb\":{\"@id\":\"https:\/\/testwebsite.citygame.com\/vi\/games\/copenhagen\/secrets-of-copenhagen\/#breadcrumb\"},\"inLanguage\":\"vi\",\"potentialAction\":[{\"@type\":\"ReadAction\",\"target\":[\"https:\/\/testwebsite.citygame.com\/vi\/games\/copenhagen\/secrets-of-copenhagen\/\"]}]},{\"@type\":\"ImageObject\",\"inLanguage\":\"vi\",\"@id\":\"https:\/\/testwebsite.citygame.com\/vi\/games\/copenhagen\/secrets-of-copenhagen\/#primaryimage\",\"url\":\"https:\/\/testwebsite.citygame.com\/wp-content\/blogs.dir\/1\/files\/sites\/62\/2026\/03\/copenhagen-player-christiansborg-palace-view.jpg\",\"contentUrl\":\"https:\/\/testwebsite.citygame.com\/wp-content\/blogs.dir\/1\/files\/sites\/62\/2026\/03\/copenhagen-player-christiansborg-palace-view.jpg\",\"width\":1024,\"height\":1024,\"caption\":\"A player stands on a cobblestone path looking towards Christiansborg Palace in Copenhagen.\"},{\"@type\":\"BreadcrumbList\",\"@id\":\"https:\/\/testwebsite.citygame.com\/vi\/games\/copenhagen\/secrets-of-copenhagen\/#breadcrumb\",\"itemListElement\":[{\"@type\":\"ListItem\",\"position\":1,\"name\":\"Home\",\"item\":\"https:\/\/testwebsite.citygame.com\/vi\/\"},{\"@type\":\"ListItem\",\"position\":2,\"name\":\"Shop\",\"item\":\"https:\/\/testwebsite.citygame.com\/shop\/\"},{\"@type\":\"ListItem\",\"position\":3,\"name\":\"Secrets of Copenhagen\"}]},{\"@type\":\"WebSite\",\"@id\":\"https:\/\/testwebsite.upevents.nl\/#website\",\"url\":\"https:\/\/testwebsite.upevents.nl\/\",\"name\":\"City Game\",\"description\":\"\",\"publisher\":{\"@id\":\"https:\/\/testwebsite.upevents.nl\/#organization\"},\"alternateName\":\"citygame.com\",\"potentialAction\":[{\"@type\":\"SearchAction\",\"target\":{\"@type\":\"EntryPoint\",\"urlTemplate\":\"https:\/\/testwebsite.upevents.nl\/?s={search_term_string}\"},\"query-input\":{\"@type\":\"PropertyValueSpecification\",\"valueRequired\":true,\"valueName\":\"search_term_string\"}}],\"inLanguage\":\"vi\"},{\"@type\":[\"Organization\",\"Place\"],\"@id\":\"https:\/\/testwebsite.upevents.nl\/#organization\",\"name\":\"City Game\",\"alternateName\":\"citygame.com\",\"url\":\"https:\/\/testwebsite.upevents.nl\/\",\"logo\":{\"@id\":\"https:\/\/testwebsite.citygame.com\/vi\/games\/copenhagen\/secrets-of-copenhagen\/#local-main-organization-logo\"},\"image\":{\"@id\":\"https:\/\/testwebsite.citygame.com\/vi\/games\/copenhagen\/secrets-of-copenhagen\/#local-main-organization-logo\"},\"sameAs\":[\"https:\/\/www.facebook.com\/profile.php?id=100086426226253\",\"https:\/\/www.instagram.com\/citygame_com\",\"https:\/\/www.tiktok.com\/@citygamecom\/\",\"https:\/\/www.linkedin.com\/company\/citygame-com\"],\"description\":\"Turn any city into a playground with our interactive City Games and self-guided tours. Fun, flexible, and ideal for groups and team building.\",\"telephone\":[],\"openingHoursSpecification\":[{\"@type\":\"OpeningHoursSpecification\",\"dayOfWeek\":[\"Monday\",\"Tuesday\",\"Wednesday\",\"Thursday\",\"Friday\",\"Saturday\",\"Sunday\"],\"opens\":\"09:00\",\"closes\":\"17:00\"}]},{\"@type\":\"ImageObject\",\"inLanguage\":\"vi\",\"@id\":\"https:\/\/testwebsite.citygame.com\/vi\/games\/copenhagen\/secrets-of-copenhagen\/#local-main-organization-logo\",\"url\":\"https:\/\/testwebsite.citygame.com\/wp-content\/blogs.dir\/1\/files\/sites\/62\/2025\/10\/CG_LOGO-City-Game.png\",\"contentUrl\":\"https:\/\/testwebsite.citygame.com\/wp-content\/blogs.dir\/1\/files\/sites\/62\/2025\/10\/CG_LOGO-City-Game.png\",\"width\":351,\"height\":377,\"caption\":\"City Game\"}]}<\/script>\n<!-- \/ Yoast SEO Premium plugin. -->","yoast_head_json":{"title":"Secrets of Copenhagen - City Game","description":"Secrets of Copenhagen. Ch\u01a1i m\u1ed9t Tr\u00f2 ch\u01a1i Th\u00e0nh ph\u1ed1 t\u1ef1 h\u01b0\u1edbng d\u1eabn v\u00e0 kh\u00e1m ph\u00e1 th\u00e0nh ph\u1ed1 qua c\u00e1c c\u00e2u \u0111\u1ed1, b\u00ed \u1ea9n v\u00e0 th\u1eed th\u00e1ch. Ch\u01a1i theo t\u1ed1c \u0111\u1ed9 c\u1ee7a ri\u00eang b\u1ea1n v\u00e0 kh\u00e1m ph\u00e1 nh\u01b0 m\u1ed9t ng\u01b0\u1eddi \u0111\u1ecba ph\u01b0\u01a1ng!","robots":{"index":"noindex","follow":"follow","max-snippet":"max-snippet:-1","max-image-preview":"max-image-preview:large","max-video-preview":"max-video-preview:-1"},"og_locale":"vi_VN","og_type":"article","og_title":"Secrets of Copenhagen","og_description":"Secrets of Copenhagen. Ch\u01a1i m\u1ed9t Tr\u00f2 ch\u01a1i Th\u00e0nh ph\u1ed1 t\u1ef1 h\u01b0\u1edbng d\u1eabn v\u00e0 kh\u00e1m ph\u00e1 th\u00e0nh ph\u1ed1 qua c\u00e1c c\u00e2u \u0111\u1ed1, b\u00ed \u1ea9n v\u00e0 th\u1eed th\u00e1ch. Ch\u01a1i theo t\u1ed1c \u0111\u1ed9 c\u1ee7a ri\u00eang b\u1ea1n v\u00e0 kh\u00e1m ph\u00e1 nh\u01b0 m\u1ed9t ng\u01b0\u1eddi \u0111\u1ecba ph\u01b0\u01a1ng!","og_url":"https:\/\/testwebsite.citygame.com\/vi\/games\/copenhagen\/secrets-of-copenhagen\/","og_site_name":"City Game","article_publisher":"https:\/\/www.facebook.com\/profile.php?id=100086426226253","article_modified_time":"2026-04-08T11:09:58+00:00","og_image":[{"width":1024,"height":1024,"url":"https:\/\/testwebsite.citygame.com\/wp-content\/blogs.dir\/1\/files\/sites\/62\/2026\/03\/copenhagen-player-christiansborg-palace-view.jpg","type":"image\/jpeg"}],"twitter_card":"summary_large_image","twitter_misc":{"\u01af\u1edbc t\u00ednh th\u1eddi gian \u0111\u1ecdc":"2 ph\u00fat"},"schema":{"@context":"https:\/\/schema.org","@graph":[{"@type":"WebPage","@id":"https:\/\/testwebsite.citygame.com\/vi\/games\/copenhagen\/secrets-of-copenhagen\/","url":"https:\/\/testwebsite.citygame.com\/vi\/games\/copenhagen\/secrets-of-copenhagen\/","name":"Secrets of Copenhagen - City Game","isPartOf":{"@id":"https:\/\/testwebsite.upevents.nl\/#website"},"primaryImageOfPage":{"@id":"https:\/\/testwebsite.citygame.com\/vi\/games\/copenhagen\/secrets-of-copenhagen\/#primaryimage"},"image":{"@id":"https:\/\/testwebsite.citygame.com\/vi\/games\/copenhagen\/secrets-of-copenhagen\/#primaryimage"},"thumbnailUrl":"https:\/\/testwebsite.citygame.com\/wp-content\/blogs.dir\/1\/files\/sites\/62\/2026\/03\/copenhagen-player-christiansborg-palace-view.jpg","datePublished":"2026-03-13T10:07:49+00:00","dateModified":"2026-04-08T11:09:58+00:00","description":"Secrets of Copenhagen. Ch\u01a1i m\u1ed9t Tr\u00f2 ch\u01a1i Th\u00e0nh ph\u1ed1 t\u1ef1 h\u01b0\u1edbng d\u1eabn v\u00e0 kh\u00e1m ph\u00e1 th\u00e0nh ph\u1ed1 qua c\u00e1c c\u00e2u \u0111\u1ed1, b\u00ed \u1ea9n v\u00e0 th\u1eed th\u00e1ch. Ch\u01a1i theo t\u1ed1c \u0111\u1ed9 c\u1ee7a ri\u00eang b\u1ea1n v\u00e0 kh\u00e1m ph\u00e1 nh\u01b0 m\u1ed9t ng\u01b0\u1eddi \u0111\u1ecba ph\u01b0\u01a1ng!","breadcrumb":{"@id":"https:\/\/testwebsite.citygame.com\/vi\/games\/copenhagen\/secrets-of-copenhagen\/#breadcrumb"},"inLanguage":"vi","potentialAction":[{"@type":"ReadAction","target":["https:\/\/testwebsite.citygame.com\/vi\/games\/copenhagen\/secrets-of-copenhagen\/"]}]},{"@type":"ImageObject","inLanguage":"vi","@id":"https:\/\/testwebsite.citygame.com\/vi\/games\/copenhagen\/secrets-of-copenhagen\/#primaryimage","url":"https:\/\/testwebsite.citygame.com\/wp-content\/blogs.dir\/1\/files\/sites\/62\/2026\/03\/copenhagen-player-christiansborg-palace-view.jpg","contentUrl":"https:\/\/testwebsite.citygame.com\/wp-content\/blogs.dir\/1\/files\/sites\/62\/2026\/03\/copenhagen-player-christiansborg-palace-view.jpg","width":1024,"height":1024,"caption":"A player stands on a cobblestone path looking towards Christiansborg Palace in Copenhagen."},{"@type":"BreadcrumbList","@id":"https:\/\/testwebsite.citygame.com\/vi\/games\/copenhagen\/secrets-of-copenhagen\/#breadcrumb","itemListElement":[{"@type":"ListItem","position":1,"name":"Home","item":"https:\/\/testwebsite.citygame.com\/vi\/"},{"@type":"ListItem","position":2,"name":"Shop","item":"https:\/\/testwebsite.citygame.com\/shop\/"},{"@type":"ListItem","position":3,"name":"Secrets of Copenhagen"}]},{"@type":"WebSite","@id":"https:\/\/testwebsite.upevents.nl\/#website","url":"https:\/\/testwebsite.upevents.nl\/","name":"City Game","description":"","publisher":{"@id":"https:\/\/testwebsite.upevents.nl\/#organization"},"alternateName":"citygame.com","potentialAction":[{"@type":"SearchAction","target":{"@type":"EntryPoint","urlTemplate":"https:\/\/testwebsite.upevents.nl\/?s={search_term_string}"},"query-input":{"@type":"PropertyValueSpecification","valueRequired":true,"valueName":"search_term_string"}}],"inLanguage":"vi"},{"@type":["Organization","Place"],"@id":"https:\/\/testwebsite.upevents.nl\/#organization","name":"City Game","alternateName":"citygame.com","url":"https:\/\/testwebsite.upevents.nl\/","logo":{"@id":"https:\/\/testwebsite.citygame.com\/vi\/games\/copenhagen\/secrets-of-copenhagen\/#local-main-organization-logo"},"image":{"@id":"https:\/\/testwebsite.citygame.com\/vi\/games\/copenhagen\/secrets-of-copenhagen\/#local-main-organization-logo"},"sameAs":["https:\/\/www.facebook.com\/profile.php?id=100086426226253","https:\/\/www.instagram.com\/citygame_com","https:\/\/www.tiktok.com\/@citygamecom\/","https:\/\/www.linkedin.com\/company\/citygame-com"],"description":"Turn any city into a playground with our interactive City Games and self-guided tours. Fun, flexible, and ideal for groups and team building.","telephone":[],"openingHoursSpecification":[{"@type":"OpeningHoursSpecification","dayOfWeek":["Monday","Tuesday","Wednesday","Thursday","Friday","Saturday","Sunday"],"opens":"09:00","closes":"17:00"}]},{"@type":"ImageObject","inLanguage":"vi","@id":"https:\/\/testwebsite.citygame.com\/vi\/games\/copenhagen\/secrets-of-copenhagen\/#local-main-organization-logo","url":"https:\/\/testwebsite.citygame.com\/wp-content\/blogs.dir\/1\/files\/sites\/62\/2025\/10\/CG_LOGO-City-Game.png","contentUrl":"https:\/\/testwebsite.citygame.com\/wp-content\/blogs.dir\/1\/files\/sites\/62\/2025\/10\/CG_LOGO-City-Game.png","width":351,"height":377,"caption":"City Game"}]}},"taxonomy_info":{"game-concept":[{"value":733,"label":"Secrets"}],"location":[{"value":128,"label":"Copenhagen"}],"product_cat":[{"value":27,"label":"Geen categorie"}]},"featured_image_src_large":["https:\/\/testwebsite.citygame.com\/wp-content\/blogs.dir\/1\/files\/sites\/62\/2026\/03\/copenhagen-player-christiansborg-palace-view.jpg",1024,1024,false],"author_info":[],"comment_info":"","_links":{"self":[{"href":"https:\/\/testwebsite.citygame.com\/vi\/wp-json\/wp\/v2\/product\/63193","targetHints":{"allow":["GET"]}}],"collection":[{"href":"https:\/\/testwebsite.citygame.com\/vi\/wp-json\/wp\/v2\/product"}],"about":[{"href":"https:\/\/testwebsite.citygame.com\/vi\/wp-json\/wp\/v2\/types\/product"}],"acf:post":[{"embeddable":true,"href":"https:\/\/testwebsite.citygame.com\/vi\/wp-json\/wp\/v2\/pages\/7710"}],"wp:featuredmedia":[{"embeddable":true,"href":"https:\/\/testwebsite.citygame.com\/vi\/wp-json\/wp\/v2\/media\/18448"}],"wp:attachment":[{"href":"https:\/\/testwebsite.citygame.com\/vi\/wp-json\/wp\/v2\/media?parent=63193"}],"wp:term":[{"taxonomy":"game-concept","embeddable":true,"href":"https:\/\/testwebsite.citygame.com\/vi\/wp-json\/wp\/v2\/game-concept?post=63193"},{"taxonomy":"location","embeddable":true,"href":"https:\/\/testwebsite.citygame.com\/vi\/wp-json\/wp\/v2\/location?post=63193"},{"taxonomy":"product_brand","embeddable":true,"href":"https:\/\/testwebsite.citygame.com\/vi\/wp-json\/wp\/v2\/product_brand?post=63193"},{"taxonomy":"product_cat","embeddable":true,"href":"https:\/\/testwebsite.citygame.com\/vi\/wp-json\/wp\/v2\/product_cat?post=63193"},{"taxonomy":"product_tag","embeddable":true,"href":"https:\/\/testwebsite.citygame.com\/vi\/wp-json\/wp\/v2\/product_tag?post=63193"}],"curies":[{"name":"wp","href":"https:\/\/api.w.org\/{rel}","templated":true}]}}