{"id":62909,"date":"2026-01-27T15:21:48","date_gmt":"2026-01-27T15:21:48","guid":{"rendered":"https:\/\/testwebsite.citygame.com\/games\/unknown-location\/secrets-of-hanoi\/"},"modified":"2026-04-08T10:36:43","modified_gmt":"2026-04-08T10:36:43","slug":"secrets-of-hanoi","status":"publish","type":"product","link":"https:\/\/testwebsite.citygame.com\/vi\/games\/hanoi\/secrets-of-hanoi\/","title":{"rendered":"Secrets of Hanoi"},"content":{"rendered":"<p>City Game Hanoi l\u00e0 m\u1ed9t tr\u00f2 ch\u01a1i th\u00e0nh ph\u1ed1 t\u1ef1 h\u01b0\u1edbng d\u1eabn di\u1ec5n ra t\u1ea1i trung t\u00e2m l\u1ecbch s\u1eed c\u1ee7a H\u00e0 N\u1ed9i. S\u1eed d\u1ee5ng \u0111i\u1ec7n tho\u1ea1i th\u00f4ng minh c\u1ee7a b\u1ea1n, b\u1ea1n s\u1ebd \u0111i theo l\u1ed9 tr\u00ecnh tr\u00f2 ch\u01a1i d\u1ef1a tr\u00ean GPS d\u1eabn b\u1ea1n qua c\u00e1c con ph\u1ed1 khi b\u1ea1n gi\u1ea3i c\u00e1c c\u00e2u \u0111\u1ed1, b\u00ed \u1ea9n v\u00e0 th\u1eed th\u00e1ch ch\u1ee5p \u1ea3nh. Tr\u00f2 ch\u01a1i kh\u00e1m ph\u00e1 n\u00e0y mang \u0111\u1ebfn m\u1ed9t c\u00e1ch \u0111\u1ed9c \u0111\u00e1o \u0111\u1ec3 t\u00ecm hi\u1ec3u v\u1ec1 l\u1ecbch s\u1eed, v\u0103n h\u00f3a v\u00e0 nh\u1eefng chi ti\u1ebft \u00edt \u0111\u01b0\u1ee3c bi\u1ebft \u0111\u1ebfn c\u1ee7a th\u00e0nh ph\u1ed1 theo t\u1ed1c \u0111\u1ed9 c\u1ee7a ri\u00eang b\u1ea1n. N\u00f3 \u0111\u01b0\u1ee3c thi\u1ebft k\u1ebf \u0111\u1ec3 c\u1ea3 du kh\u00e1ch v\u00e0 ng\u01b0\u1eddi d\u00e2n \u0111\u1ecba ph\u01b0\u01a1ng \u0111\u1ec1u c\u00f3 th\u1ec3 t\u1eadn h\u01b0\u1edfng, cho d\u00f9 b\u1ea1n \u0111ang kh\u00e1m ph\u00e1 m\u1ed9t m\u00ecnh hay c\u00f9ng \u0111\u1ed1i t\u00e1c, gia \u0111\u00ecnh ho\u1eb7c nh\u00f3m b\u1ea1n. Tr\u1ea3i nghi\u1ec7m n\u00e0y k\u1ebft h\u1ee3p t\u01b0\u01a1ng t\u00e1c k\u1ef9 thu\u1eadt s\u1ed1 v\u1edbi kh\u00e1m ph\u00e1 th\u1ebf gi\u1edbi th\u1ef1c, \u0111\u01b0a H\u00e0 N\u1ed9i v\u00e0o cu\u1ed9c s\u1ed1ng m\u1ed9t c\u00e1ch h\u1ea5p d\u1eabn.<\/p>\n","protected":false},"excerpt":{"rendered":"<p>Kh\u00e1m ph\u00e1 Di s\u1ea3n \u1ea9n m\u00ecnh c\u1ee7a H\u00e0 N\u1ed9i! D\u1ea1o b\u01b0\u1edbc qua m\u1ed9t th\u00e0nh ph\u1ed1 n\u01a1i truy\u1ec1n th\u1ed1ng c\u1ed5 x\u01b0a h\u00f2a quy\u1ec7n li\u1ec1n m\u1ea1ch v\u1edbi n\u00e9t duy\u00ean d\u00e1ng hi\u1ec7n \u0111\u1ea1i, t\u1eeb v\u1ebb \u0111\u1eb9p y\u00ean b\u00ecnh c\u1ee7a H\u1ed3 Ho\u00e0n Ki\u1ebfm \u0111\u1ebfn s\u1ef1 nh\u1ed9n nh\u1ecbp c\u1ee7a nh\u1eefng con ph\u1ed1 \u0111\u1ea7y n\u0103ng l\u01b0\u1ee3ng \u1edf Ph\u1ed1 C\u1ed5. Kh\u00e1m ph\u00e1 b\u00ed \u1ea9n khi b\u1ea1n kh\u00e1m ph\u00e1 H\u00e0 N\u1ed9i, m\u1ed9t th\u00e0nh ph\u1ed1 kh\u00f4ng ng\u1eebng g\u00e2y b\u1ea5t ng\u1edd v\u00e0 th\u00edch th\u00fa!<\/p>\n","protected":false},"featured_media":5320,"template":"","meta":{"_acf_changed":false,"_yoast_wpseo_focuskw":"Secrets of Hanoi","_yoast_wpseo_metadesc":"Secrets of Hanoi. Ch\u01a1i City Game t\u1ef1 h\u01b0\u1edbng d\u1eabn v\u00e0 kh\u00e1m ph\u00e1 th\u00e0nh ph\u1ed1 qua c\u00e1c c\u00e2u \u0111\u1ed1, b\u00ed \u1ea9n v\u00e0 th\u1eed th\u00e1ch. Ch\u01a1i theo t\u1ed1c \u0111\u1ed9 c\u1ee7a ri\u00eang b\u1ea1n v\u00e0 kh\u00e1m ph\u00e1 nh\u01b0 m\u1ed9t ng\u01b0\u1eddi d\u00e2n \u0111\u1ecba ph\u01b0\u01a1ng!","_kad_blocks_custom_css":"","_kad_blocks_head_custom_js":"","_kad_blocks_body_custom_js":"","_kad_blocks_footer_custom_js":"","ghostkit_customizer_options":"","ghostkit_custom_css":"","ghostkit_custom_js_head":"","ghostkit_custom_js_foot":"","ghostkit_typography":"","_kad_post_transparent":"","_kad_post_title":"","_kad_post_layout":"","_kad_post_sidebar_id":"","_kad_post_content_style":"","_kad_post_vertical_padding":"","_kad_post_feature":"","_kad_post_feature_position":"","_kad_post_header":false,"_kad_post_footer":false,"_kad_post_classname":"","_links_to":"","_links_to_target":""},"game-concept":[733],"location":[191],"product_brand":[],"product_cat":[27],"product_tag":[],"class_list":{"0":"post-62909","1":"product","2":"type-product","3":"status-publish","4":"has-post-thumbnail","6":"game-concept-secrets","7":"location-hanoi","8":"product_cat-geen-categorie","10":"first","11":"instock","12":"shipping-taxable","13":"purchasable","14":"product-type-simple","15":"entry","16":"content-bg","17":"loop-entry"},"acf":{"full_bokun_product_name":"Self-Guided Secrets of Hanoi Exploration Game","location_name":"Hanoi","bokun_calendar_widget_code":"<script type=\"text\/javascript\" src=\"https:\/\/widgets.bokun.io\/assets\/javascripts\/apps\/build\/BokunWidgetsLoader.js?bookingChannelUUID=a1e93e96-5232-4734-a595-28405f4b5a31\" async><\/script>\n     \n    <div class=\"bokunWidget\" data-src=\"https:\/\/widgets.bokun.io\/online-sales\/a1e93e96-5232-4734-a595-28405f4b5a31\/experience-calendar\/864837\"><\/div>\n    <noscript>Please enable javascript in your browser to book<\/noscript>","bokun_button_widget_code":"<script type=\"text\/javascript\" src=\"https:\/\/widgets.bokun.io\/assets\/javascripts\/apps\/build\/BokunWidgetsLoader.js?bookingChannelUUID=a1e93e96-5232-4734-a595-28405f4b5a31\" async><\/script>\n      <style> #bokun_ed001e45_5927_4f62_b470_ca766338d083 { display: inline-block; padding: .4em 1em; background: #47b82e; border-radius: 999999px; box-shadow: none; font-weight: 600; font-size: 24px; text-decoration: none; text-align: center; color: #FFFFFF; border:none; cursor: pointer; transition: background .2s ease; } #bokun_ed001e45_5927_4f62_b470_ca766338d083:hover{ background: #2f7b1f; } #bokun_ed001e45_5927_4f62_b470_ca766338d083:active{ background: #378f24; } <\/style> <button class=\"bokunButton\" disabled id=bokun_ed001e45_5927_4f62_b470_ca766338d083 data-src=\"https:\/\/widgets.bokun.io\/online-sales\/a1e93e96-5232-4734-a595-28405f4b5a31\/experience-calendar\/864837?partialView=1\" data-testid=\"widget-book-button\" > Book now <\/button> ","what_you\u2019ll_experience_during_the_game":"Kh\u00e1m ph\u00e1 H\u00e0 N\u1ed9i th\u00f4ng qua m\u1ed9t City Game k\u1ebft h\u1ee3p kh\u00e1m ph\u00e1 th\u1ebf gi\u1edbi th\u1ef1c v\u1edbi c\u1ed1t truy\u1ec7n gi\u1ea3 t\u01b0\u1edfng h\u1ea5p d\u1eabn v\u00e0 c\u00e1c th\u1eed th\u00e1ch t\u01b0\u01a1ng t\u00e1c. Khi ch\u01a1i, b\u1ea1n s\u1ebd \u0111\u01b0\u1ee3c h\u01b0\u1edbng d\u1eabn qua c\u1ea3 nh\u1eefng \u0111\u1ecba danh mang t\u00ednh bi\u1ec3u t\u01b0\u1ee3ng v\u00e0 nh\u1eefng g\u00f3c \u00edt \u0111\u01b0\u1ee3c bi\u1ebft \u0111\u1ebfn c\u1ee7a th\u00e0nh ph\u1ed1. Tr\u00ean \u0111\u01b0\u1eddng \u0111i, h\u00e3y chi\u00eam ng\u01b0\u1ee1ng n\u00e9t quy\u1ebfn r\u0169 ki\u1ebfn tr\u00fac thu\u1ed9c \u0111\u1ecba Ph\u00e1p c\u1ee7a Hanoi Opera House, chi\u00eam ng\u01b0\u1ee1ng ki\u1ebfn tr\u00fac truy\u1ec1n th\u1ed1ng c\u1ee7a Temple of Literature, v\u00e0 tr\u1ea3i nghi\u1ec7m s\u1ef1 s\u00f4i \u0111\u1ed9ng c\u1ee7a c\u00e1c con ph\u1ed1 xung quanh Ho\u00e0n Ki\u1ebfm Lake. M\u1ed7i \u0111\u1ecba \u0111i\u1ec3m b\u1ea1n gh\u00e9 th\u0103m \u0111\u1ec1u g\u00f3p ph\u1ea7n t\u1ea1o n\u00ean kh\u00f4ng kh\u00ed \u0111ang m\u1edf ra, mang l\u1ea1i k\u1ebft n\u1ed1i s\u00e2u s\u1eafc h\u01a1n v\u1edbi v\u0103n h\u00f3a v\u00e0 nh\u1eefng c\u00e2u chuy\u1ec7n \u0111\u01b0\u1ee3c d\u1ec7t n\u00ean trong t\u1ea5m th\u1ea3m c\u1ee7a H\u00e0 N\u1ed9i. Trong khi di chuy\u1ec3n qua H\u00e0 N\u1ed9i, b\u1ea1n s\u1ebd gi\u1ea3i nhi\u1ec1u c\u00e2u \u0111\u1ed1, b\u00ed \u1ea9n v\u00e0 c\u00e2u h\u1ecfi \u0111\u1ed1 vui \u0111\u1ecba ph\u01b0\u01a1ng, c\u00f9ng v\u1edbi c\u00e1c th\u1eed th\u00e1ch ch\u1ee5p \u1ea3nh s\u00e1ng t\u1ea1o l\u00e0m s\u1ed1ng \u0111\u1ed9ng t\u1eebng \u0111\u1ecba \u0111i\u1ec3m. Ho\u00e0n th\u00e0nh m\u1ed7i th\u1eed th\u00e1ch s\u1ebd ki\u1ebfm \u0111\u01b0\u1ee3c \u0111i\u1ec3m, m\u1edf kh\u00f3a manh m\u1ed1i v\u00e0 \u0111\u01b0a b\u1ea1n \u0111\u1ebfn g\u1ea7n h\u01a1n v\u1edbi vi\u1ec7c kh\u00e1m ph\u00e1 m\u1ed9t b\u00ed \u1ea9n cu\u1ed1i c\u00f9ng g\u1eafn k\u1ebft cu\u1ed9c phi\u00eau l\u01b0u c\u1ee7a b\u1ea1n l\u1ea1i v\u1edbi nhau. Tr\u00f2 ch\u01a1i linh ho\u1ea1t, cho ph\u00e9p b\u1ea1n t\u1ea1m d\u1eebng v\u00e0 ti\u1ebfp t\u1ee5c theo t\u1ed1c \u0111\u1ed9 c\u1ee7a ri\u00eang m\u00ecnh \u2013 ho\u00e0n h\u1ea3o \u0111\u1ec3 ngh\u1ec9 ng\u01a1i ho\u1eb7c kh\u00e1m ph\u00e1 c\u00e1c \u0111\u1ecba \u0111i\u1ec3m kh\u00e1c tr\u00ean \u0111\u01b0\u1eddng \u0111i. Nh\u1eefng ng\u01b0\u1eddi th\u00edch y\u1ebfu t\u1ed1 c\u1ea1nh tranh c\u00f3 th\u1ec3 theo d\u00f5i ti\u1ebfn \u0111\u1ed9 c\u1ee7a m\u00ecnh v\u00e0 h\u01b0\u1edbng t\u1edbi \u0111i\u1ec3m s\u1ed1 cao tr\u00ean leaderboard.","how_to_play":"\u0110\u1eb7t Exploration Game, ki\u1ec3m tra email ch\u00fang t\u00f4i g\u1eedi cho b\u1ea1n v\u1edbi h\u01b0\u1edbng d\u1eabn \u0111\u01a1n gi\u1ea3n, t\u1ea3i Loquiz App, truy c\u1eadp Exploration Game v\u00e0 b\u1ea1n \u0111\u00e3 s\u1eb5n s\u00e0ng b\u1eaft \u0111\u1ea7u tr\u1ea3i nghi\u1ec7m ch\u01a1i game c\u1ee7a m\u00ecnh!","start_location":"hanoi, Dong Kinh Nghia Thuc Square","available_languages":["en"],"players_per_group":"1-4","duration":"1.5-2 hours","image_overlay_color_image":"https:\/\/testwebsite.citygame.com\/wp-content\/blogs.dir\/1\/files\/sites\/62\/2026\/01\/SecretsColor.svg","image_overlay_game_logo":"https:\/\/testwebsite.citygame.com\/wp-content\/blogs.dir\/1\/files\/sites\/62\/2026\/01\/SecretsLogo.png","city_page":5308,"woocommerce_general_content":null},"yoast_head":"<!-- This site is optimized with the Yoast SEO Premium plugin v26.2 (Yoast SEO v26.3) - https:\/\/yoast.com\/wordpress\/plugins\/seo\/ -->\n<title>Secrets of Hanoi - City Game<\/title>\n<meta name=\"description\" content=\"Secrets of Hanoi. Ch\u01a1i City Game t\u1ef1 h\u01b0\u1edbng d\u1eabn v\u00e0 kh\u00e1m ph\u00e1 th\u00e0nh ph\u1ed1 qua c\u00e1c c\u00e2u \u0111\u1ed1, b\u00ed \u1ea9n v\u00e0 th\u1eed th\u00e1ch. Ch\u01a1i theo t\u1ed1c \u0111\u1ed9 c\u1ee7a ri\u00eang b\u1ea1n v\u00e0 kh\u00e1m ph\u00e1 nh\u01b0 m\u1ed9t ng\u01b0\u1eddi d\u00e2n \u0111\u1ecba ph\u01b0\u01a1ng!\" \/>\n<meta name=\"robots\" content=\"noindex, follow, max-snippet:-1, max-image-preview:large, max-video-preview:-1\" \/>\n<meta property=\"og:locale\" content=\"vi_VN\" \/>\n<meta property=\"og:type\" content=\"article\" \/>\n<meta property=\"og:title\" content=\"Secrets of Hanoi\" \/>\n<meta property=\"og:description\" content=\"Secrets of Hanoi. Ch\u01a1i City Game t\u1ef1 h\u01b0\u1edbng d\u1eabn v\u00e0 kh\u00e1m ph\u00e1 th\u00e0nh ph\u1ed1 qua c\u00e1c c\u00e2u \u0111\u1ed1, b\u00ed \u1ea9n v\u00e0 th\u1eed th\u00e1ch. Ch\u01a1i theo t\u1ed1c \u0111\u1ed9 c\u1ee7a ri\u00eang b\u1ea1n v\u00e0 kh\u00e1m ph\u00e1 nh\u01b0 m\u1ed9t ng\u01b0\u1eddi d\u00e2n \u0111\u1ecba ph\u01b0\u01a1ng!\" \/>\n<meta property=\"og:url\" content=\"https:\/\/testwebsite.citygame.com\/vi\/games\/hanoi\/secrets-of-hanoi\/\" \/>\n<meta property=\"og:site_name\" content=\"City Game\" \/>\n<meta property=\"article:publisher\" content=\"https:\/\/www.facebook.com\/profile.php?id=100086426226253\" \/>\n<meta property=\"article:modified_time\" content=\"2026-04-08T10:36:43+00:00\" \/>\n<meta property=\"og:image\" content=\"https:\/\/testwebsite.citygame.com\/wp-content\/blogs.dir\/1\/files\/sites\/62\/2026\/01\/man-with-phone-on-cobblestone-street-hanoi.jpg\" \/>\n\t<meta property=\"og:image:width\" content=\"1024\" \/>\n\t<meta property=\"og:image:height\" content=\"1024\" \/>\n\t<meta property=\"og:image:type\" content=\"image\/jpeg\" \/>\n<meta name=\"twitter:card\" content=\"summary_large_image\" \/>\n<meta name=\"twitter:label1\" content=\"\u01af\u1edbc t\u00ednh th\u1eddi gian \u0111\u1ecdc\" \/>\n\t<meta name=\"twitter:data1\" content=\"1 ph\u00fat\" \/>\n<script type=\"application\/ld+json\" class=\"yoast-schema-graph\">{\"@context\":\"https:\/\/schema.org\",\"@graph\":[{\"@type\":\"WebPage\",\"@id\":\"https:\/\/testwebsite.citygame.com\/vi\/games\/hanoi\/secrets-of-hanoi\/\",\"url\":\"https:\/\/testwebsite.citygame.com\/vi\/games\/hanoi\/secrets-of-hanoi\/\",\"name\":\"Secrets of Hanoi - City Game\",\"isPartOf\":{\"@id\":\"https:\/\/testwebsite.upevents.nl\/#website\"},\"primaryImageOfPage\":{\"@id\":\"https:\/\/testwebsite.citygame.com\/vi\/games\/hanoi\/secrets-of-hanoi\/#primaryimage\"},\"image\":{\"@id\":\"https:\/\/testwebsite.citygame.com\/vi\/games\/hanoi\/secrets-of-hanoi\/#primaryimage\"},\"thumbnailUrl\":\"https:\/\/testwebsite.citygame.com\/wp-content\/blogs.dir\/1\/files\/sites\/62\/2026\/01\/man-with-phone-on-cobblestone-street-hanoi.jpg\",\"datePublished\":\"2026-01-27T15:21:48+00:00\",\"dateModified\":\"2026-04-08T10:36:43+00:00\",\"description\":\"Secrets of Hanoi. Ch\u01a1i City Game t\u1ef1 h\u01b0\u1edbng d\u1eabn v\u00e0 kh\u00e1m ph\u00e1 th\u00e0nh ph\u1ed1 qua c\u00e1c c\u00e2u \u0111\u1ed1, b\u00ed \u1ea9n v\u00e0 th\u1eed th\u00e1ch. Ch\u01a1i theo t\u1ed1c \u0111\u1ed9 c\u1ee7a ri\u00eang b\u1ea1n v\u00e0 kh\u00e1m ph\u00e1 nh\u01b0 m\u1ed9t ng\u01b0\u1eddi d\u00e2n \u0111\u1ecba ph\u01b0\u01a1ng!\",\"breadcrumb\":{\"@id\":\"https:\/\/testwebsite.citygame.com\/vi\/games\/hanoi\/secrets-of-hanoi\/#breadcrumb\"},\"inLanguage\":\"vi\",\"potentialAction\":[{\"@type\":\"ReadAction\",\"target\":[\"https:\/\/testwebsite.citygame.com\/vi\/games\/hanoi\/secrets-of-hanoi\/\"]}]},{\"@type\":\"ImageObject\",\"inLanguage\":\"vi\",\"@id\":\"https:\/\/testwebsite.citygame.com\/vi\/games\/hanoi\/secrets-of-hanoi\/#primaryimage\",\"url\":\"https:\/\/testwebsite.citygame.com\/wp-content\/blogs.dir\/1\/files\/sites\/62\/2026\/01\/man-with-phone-on-cobblestone-street-hanoi.jpg\",\"contentUrl\":\"https:\/\/testwebsite.citygame.com\/wp-content\/blogs.dir\/1\/files\/sites\/62\/2026\/01\/man-with-phone-on-cobblestone-street-hanoi.jpg\",\"width\":1024,\"height\":1024,\"caption\":\"A tourist explores a charming, historic cobblestone street while using a travel app on his phone.\"},{\"@type\":\"BreadcrumbList\",\"@id\":\"https:\/\/testwebsite.citygame.com\/vi\/games\/hanoi\/secrets-of-hanoi\/#breadcrumb\",\"itemListElement\":[{\"@type\":\"ListItem\",\"position\":1,\"name\":\"Home\",\"item\":\"https:\/\/testwebsite.citygame.com\/vi\/\"},{\"@type\":\"ListItem\",\"position\":2,\"name\":\"Shop\",\"item\":\"https:\/\/testwebsite.citygame.com\/shop\/\"},{\"@type\":\"ListItem\",\"position\":3,\"name\":\"Secrets of Hanoi\"}]},{\"@type\":\"WebSite\",\"@id\":\"https:\/\/testwebsite.upevents.nl\/#website\",\"url\":\"https:\/\/testwebsite.upevents.nl\/\",\"name\":\"City Game\",\"description\":\"\",\"publisher\":{\"@id\":\"https:\/\/testwebsite.upevents.nl\/#organization\"},\"alternateName\":\"citygame.com\",\"potentialAction\":[{\"@type\":\"SearchAction\",\"target\":{\"@type\":\"EntryPoint\",\"urlTemplate\":\"https:\/\/testwebsite.upevents.nl\/?s={search_term_string}\"},\"query-input\":{\"@type\":\"PropertyValueSpecification\",\"valueRequired\":true,\"valueName\":\"search_term_string\"}}],\"inLanguage\":\"vi\"},{\"@type\":[\"Organization\",\"Place\"],\"@id\":\"https:\/\/testwebsite.upevents.nl\/#organization\",\"name\":\"City Game\",\"alternateName\":\"citygame.com\",\"url\":\"https:\/\/testwebsite.upevents.nl\/\",\"logo\":{\"@id\":\"https:\/\/testwebsite.citygame.com\/vi\/games\/hanoi\/secrets-of-hanoi\/#local-main-organization-logo\"},\"image\":{\"@id\":\"https:\/\/testwebsite.citygame.com\/vi\/games\/hanoi\/secrets-of-hanoi\/#local-main-organization-logo\"},\"sameAs\":[\"https:\/\/www.facebook.com\/profile.php?id=100086426226253\",\"https:\/\/www.instagram.com\/citygame_com\",\"https:\/\/www.tiktok.com\/@citygamecom\/\",\"https:\/\/www.linkedin.com\/company\/citygame-com\"],\"description\":\"Turn any city into a playground with our interactive City Games and self-guided tours. Fun, flexible, and ideal for groups and team building.\",\"telephone\":[],\"openingHoursSpecification\":[{\"@type\":\"OpeningHoursSpecification\",\"dayOfWeek\":[\"Monday\",\"Tuesday\",\"Wednesday\",\"Thursday\",\"Friday\",\"Saturday\",\"Sunday\"],\"opens\":\"09:00\",\"closes\":\"17:00\"}]},{\"@type\":\"ImageObject\",\"inLanguage\":\"vi\",\"@id\":\"https:\/\/testwebsite.citygame.com\/vi\/games\/hanoi\/secrets-of-hanoi\/#local-main-organization-logo\",\"url\":\"https:\/\/testwebsite.citygame.com\/wp-content\/blogs.dir\/1\/files\/sites\/62\/2025\/10\/CG_LOGO-City-Game.png\",\"contentUrl\":\"https:\/\/testwebsite.citygame.com\/wp-content\/blogs.dir\/1\/files\/sites\/62\/2025\/10\/CG_LOGO-City-Game.png\",\"width\":351,\"height\":377,\"caption\":\"City Game\"}]}<\/script>\n<!-- \/ Yoast SEO Premium plugin. -->","yoast_head_json":{"title":"Secrets of Hanoi - City Game","description":"Secrets of Hanoi. Ch\u01a1i City Game t\u1ef1 h\u01b0\u1edbng d\u1eabn v\u00e0 kh\u00e1m ph\u00e1 th\u00e0nh ph\u1ed1 qua c\u00e1c c\u00e2u \u0111\u1ed1, b\u00ed \u1ea9n v\u00e0 th\u1eed th\u00e1ch. Ch\u01a1i theo t\u1ed1c \u0111\u1ed9 c\u1ee7a ri\u00eang b\u1ea1n v\u00e0 kh\u00e1m ph\u00e1 nh\u01b0 m\u1ed9t ng\u01b0\u1eddi d\u00e2n \u0111\u1ecba ph\u01b0\u01a1ng!","robots":{"index":"noindex","follow":"follow","max-snippet":"max-snippet:-1","max-image-preview":"max-image-preview:large","max-video-preview":"max-video-preview:-1"},"og_locale":"vi_VN","og_type":"article","og_title":"Secrets of Hanoi","og_description":"Secrets of Hanoi. Ch\u01a1i City Game t\u1ef1 h\u01b0\u1edbng d\u1eabn v\u00e0 kh\u00e1m ph\u00e1 th\u00e0nh ph\u1ed1 qua c\u00e1c c\u00e2u \u0111\u1ed1, b\u00ed \u1ea9n v\u00e0 th\u1eed th\u00e1ch. Ch\u01a1i theo t\u1ed1c \u0111\u1ed9 c\u1ee7a ri\u00eang b\u1ea1n v\u00e0 kh\u00e1m ph\u00e1 nh\u01b0 m\u1ed9t ng\u01b0\u1eddi d\u00e2n \u0111\u1ecba ph\u01b0\u01a1ng!","og_url":"https:\/\/testwebsite.citygame.com\/vi\/games\/hanoi\/secrets-of-hanoi\/","og_site_name":"City Game","article_publisher":"https:\/\/www.facebook.com\/profile.php?id=100086426226253","article_modified_time":"2026-04-08T10:36:43+00:00","og_image":[{"width":1024,"height":1024,"url":"https:\/\/testwebsite.citygame.com\/wp-content\/blogs.dir\/1\/files\/sites\/62\/2026\/01\/man-with-phone-on-cobblestone-street-hanoi.jpg","type":"image\/jpeg"}],"twitter_card":"summary_large_image","twitter_misc":{"\u01af\u1edbc t\u00ednh th\u1eddi gian \u0111\u1ecdc":"1 ph\u00fat"},"schema":{"@context":"https:\/\/schema.org","@graph":[{"@type":"WebPage","@id":"https:\/\/testwebsite.citygame.com\/vi\/games\/hanoi\/secrets-of-hanoi\/","url":"https:\/\/testwebsite.citygame.com\/vi\/games\/hanoi\/secrets-of-hanoi\/","name":"Secrets of Hanoi - City Game","isPartOf":{"@id":"https:\/\/testwebsite.upevents.nl\/#website"},"primaryImageOfPage":{"@id":"https:\/\/testwebsite.citygame.com\/vi\/games\/hanoi\/secrets-of-hanoi\/#primaryimage"},"image":{"@id":"https:\/\/testwebsite.citygame.com\/vi\/games\/hanoi\/secrets-of-hanoi\/#primaryimage"},"thumbnailUrl":"https:\/\/testwebsite.citygame.com\/wp-content\/blogs.dir\/1\/files\/sites\/62\/2026\/01\/man-with-phone-on-cobblestone-street-hanoi.jpg","datePublished":"2026-01-27T15:21:48+00:00","dateModified":"2026-04-08T10:36:43+00:00","description":"Secrets of Hanoi. Ch\u01a1i City Game t\u1ef1 h\u01b0\u1edbng d\u1eabn v\u00e0 kh\u00e1m ph\u00e1 th\u00e0nh ph\u1ed1 qua c\u00e1c c\u00e2u \u0111\u1ed1, b\u00ed \u1ea9n v\u00e0 th\u1eed th\u00e1ch. Ch\u01a1i theo t\u1ed1c \u0111\u1ed9 c\u1ee7a ri\u00eang b\u1ea1n v\u00e0 kh\u00e1m ph\u00e1 nh\u01b0 m\u1ed9t ng\u01b0\u1eddi d\u00e2n \u0111\u1ecba ph\u01b0\u01a1ng!","breadcrumb":{"@id":"https:\/\/testwebsite.citygame.com\/vi\/games\/hanoi\/secrets-of-hanoi\/#breadcrumb"},"inLanguage":"vi","potentialAction":[{"@type":"ReadAction","target":["https:\/\/testwebsite.citygame.com\/vi\/games\/hanoi\/secrets-of-hanoi\/"]}]},{"@type":"ImageObject","inLanguage":"vi","@id":"https:\/\/testwebsite.citygame.com\/vi\/games\/hanoi\/secrets-of-hanoi\/#primaryimage","url":"https:\/\/testwebsite.citygame.com\/wp-content\/blogs.dir\/1\/files\/sites\/62\/2026\/01\/man-with-phone-on-cobblestone-street-hanoi.jpg","contentUrl":"https:\/\/testwebsite.citygame.com\/wp-content\/blogs.dir\/1\/files\/sites\/62\/2026\/01\/man-with-phone-on-cobblestone-street-hanoi.jpg","width":1024,"height":1024,"caption":"A tourist explores a charming, historic cobblestone street while using a travel app on his phone."},{"@type":"BreadcrumbList","@id":"https:\/\/testwebsite.citygame.com\/vi\/games\/hanoi\/secrets-of-hanoi\/#breadcrumb","itemListElement":[{"@type":"ListItem","position":1,"name":"Home","item":"https:\/\/testwebsite.citygame.com\/vi\/"},{"@type":"ListItem","position":2,"name":"Shop","item":"https:\/\/testwebsite.citygame.com\/shop\/"},{"@type":"ListItem","position":3,"name":"Secrets of Hanoi"}]},{"@type":"WebSite","@id":"https:\/\/testwebsite.upevents.nl\/#website","url":"https:\/\/testwebsite.upevents.nl\/","name":"City Game","description":"","publisher":{"@id":"https:\/\/testwebsite.upevents.nl\/#organization"},"alternateName":"citygame.com","potentialAction":[{"@type":"SearchAction","target":{"@type":"EntryPoint","urlTemplate":"https:\/\/testwebsite.upevents.nl\/?s={search_term_string}"},"query-input":{"@type":"PropertyValueSpecification","valueRequired":true,"valueName":"search_term_string"}}],"inLanguage":"vi"},{"@type":["Organization","Place"],"@id":"https:\/\/testwebsite.upevents.nl\/#organization","name":"City Game","alternateName":"citygame.com","url":"https:\/\/testwebsite.upevents.nl\/","logo":{"@id":"https:\/\/testwebsite.citygame.com\/vi\/games\/hanoi\/secrets-of-hanoi\/#local-main-organization-logo"},"image":{"@id":"https:\/\/testwebsite.citygame.com\/vi\/games\/hanoi\/secrets-of-hanoi\/#local-main-organization-logo"},"sameAs":["https:\/\/www.facebook.com\/profile.php?id=100086426226253","https:\/\/www.instagram.com\/citygame_com","https:\/\/www.tiktok.com\/@citygamecom\/","https:\/\/www.linkedin.com\/company\/citygame-com"],"description":"Turn any city into a playground with our interactive City Games and self-guided tours. Fun, flexible, and ideal for groups and team building.","telephone":[],"openingHoursSpecification":[{"@type":"OpeningHoursSpecification","dayOfWeek":["Monday","Tuesday","Wednesday","Thursday","Friday","Saturday","Sunday"],"opens":"09:00","closes":"17:00"}]},{"@type":"ImageObject","inLanguage":"vi","@id":"https:\/\/testwebsite.citygame.com\/vi\/games\/hanoi\/secrets-of-hanoi\/#local-main-organization-logo","url":"https:\/\/testwebsite.citygame.com\/wp-content\/blogs.dir\/1\/files\/sites\/62\/2025\/10\/CG_LOGO-City-Game.png","contentUrl":"https:\/\/testwebsite.citygame.com\/wp-content\/blogs.dir\/1\/files\/sites\/62\/2025\/10\/CG_LOGO-City-Game.png","width":351,"height":377,"caption":"City Game"}]}},"taxonomy_info":{"game-concept":[{"value":733,"label":"Secrets"}],"location":[{"value":191,"label":"Hanoi"}],"product_cat":[{"value":27,"label":"Geen categorie"}]},"featured_image_src_large":["https:\/\/testwebsite.citygame.com\/wp-content\/blogs.dir\/1\/files\/sites\/62\/2026\/01\/man-with-phone-on-cobblestone-street-hanoi.jpg",1024,1024,false],"author_info":[],"comment_info":"","_links":{"self":[{"href":"https:\/\/testwebsite.citygame.com\/vi\/wp-json\/wp\/v2\/product\/62909","targetHints":{"allow":["GET"]}}],"collection":[{"href":"https:\/\/testwebsite.citygame.com\/vi\/wp-json\/wp\/v2\/product"}],"about":[{"href":"https:\/\/testwebsite.citygame.com\/vi\/wp-json\/wp\/v2\/types\/product"}],"acf:post":[{"embeddable":true,"href":"https:\/\/testwebsite.citygame.com\/vi\/wp-json\/wp\/v2\/pages\/5308"}],"wp:featuredmedia":[{"embeddable":true,"href":"https:\/\/testwebsite.citygame.com\/vi\/wp-json\/wp\/v2\/media\/5320"}],"wp:attachment":[{"href":"https:\/\/testwebsite.citygame.com\/vi\/wp-json\/wp\/v2\/media?parent=62909"}],"wp:term":[{"taxonomy":"game-concept","embeddable":true,"href":"https:\/\/testwebsite.citygame.com\/vi\/wp-json\/wp\/v2\/game-concept?post=62909"},{"taxonomy":"location","embeddable":true,"href":"https:\/\/testwebsite.citygame.com\/vi\/wp-json\/wp\/v2\/location?post=62909"},{"taxonomy":"product_brand","embeddable":true,"href":"https:\/\/testwebsite.citygame.com\/vi\/wp-json\/wp\/v2\/product_brand?post=62909"},{"taxonomy":"product_cat","embeddable":true,"href":"https:\/\/testwebsite.citygame.com\/vi\/wp-json\/wp\/v2\/product_cat?post=62909"},{"taxonomy":"product_tag","embeddable":true,"href":"https:\/\/testwebsite.citygame.com\/vi\/wp-json\/wp\/v2\/product_tag?post=62909"}],"curies":[{"name":"wp","href":"https:\/\/api.w.org\/{rel}","templated":true}]}}