{"id":62791,"date":"2026-01-28T15:52:32","date_gmt":"2026-01-28T15:52:32","guid":{"rendered":"https:\/\/testwebsite.citygame.com\/games\/unknown-location\/secrets-of-marseille\/"},"modified":"2026-04-08T10:21:58","modified_gmt":"2026-04-08T10:21:58","slug":"secrets-of-marseille","status":"publish","type":"product","link":"https:\/\/testwebsite.citygame.com\/vi\/games\/marseille\/secrets-of-marseille\/","title":{"rendered":"Secrets of Marseille"},"content":{"rendered":"<p>The City Game Marseille l\u00e0 m\u1ed9t tr\u00f2 ch\u01a1i t\u1ef1 h\u01b0\u1edbng d\u1eabn, d\u1ef1a tr\u00ean GPS di\u1ec5n ra t\u1ea1i trung t\u00e2m l\u1ecbch s\u1eed c\u1ee7a Marseille. S\u1eed d\u1ee5ng \u0111i\u1ec7n tho\u1ea1i th\u00f4ng minh, ng\u01b0\u1eddi ch\u01a1i kh\u00e1m ph\u00e1 th\u00e0nh ph\u1ed1 trong khi gi\u1ea3i c\u00e1c c\u00e2u \u0111\u1ed1, c\u00e2u h\u1ecfi h\u00f3c b\u00faa v\u00e0 th\u1eed th\u00e1ch ch\u1ee5p \u1ea3nh, gi\u00fap h\u00e9 l\u1ed9 l\u1ecbch s\u1eed phong ph\u00fa, v\u0103n h\u00f3a v\u00e0 nh\u1eefng chi ti\u1ebft \u00edt \u0111\u01b0\u1ee3c bi\u1ebft \u0111\u1ebfn h\u01a1n c\u1ee7a Marseille. Tr\u00f2 ch\u01a1i kh\u00e1m ph\u00e1 n\u00e0y mang \u0111\u1ebfn m\u1ed9t c\u00e1ch th\u1ee9c linh ho\u1ea1t v\u00e0 l\u00f4i cu\u1ed1n \u0111\u1ec3 kh\u00e1m ph\u00e1 t\u00ednh c\u00e1ch c\u1ee7a th\u00e0nh ph\u1ed1, l\u00fd t\u01b0\u1edfng cho c\u1ea3 du kh\u00e1ch v\u00e0 ng\u01b0\u1eddi d\u00e2n \u0111\u1ecba ph\u01b0\u01a1ng. D\u00f9 ch\u01a1i m\u1ed9t m\u00ecnh, theo c\u1eb7p, c\u00f9ng gia \u0111\u00ecnh hay trong m\u1ed9t nh\u00f3m b\u1ea1n b\u00e8, tr\u00f2 ch\u01a1i th\u00e0nh ph\u1ed1 t\u1ef1 h\u01b0\u1edbng d\u1eabn n\u00e0y \u0111\u1ec1u mang l\u1ea1i m\u1ed9t tr\u1ea3i nghi\u1ec7m \u0111\u00f4 th\u1ecb th\u00fa v\u1ecb v\u00e0 s\u00e2u s\u1eafc. The City Game Marseille \u0111\u01b0\u1ee3c thi\u1ebft k\u1ebf cho b\u1ea5t k\u1ef3 ai mu\u1ed1n k\u1ebft n\u1ed1i v\u1edbi th\u00e0nh ph\u1ed1 theo t\u1ed1c \u0111\u1ed9 c\u1ee7a ri\u00eang m\u00ecnh.<\/p>\n","protected":false},"excerpt":{"rendered":"<p>Kh\u00e1m ph\u00e1 s\u1ef1 huy\u1ec1n b\u00ed v\u00e0 v\u1ebb tr\u00e1ng l\u1ec7 c\u1ee7a Marseille! B\u1eaft tay v\u00e0o m\u1ed9t cu\u1ed9c phi\u00eau l\u01b0u \u0111\u1ea7y k\u1ecbch t\u00ednh qua th\u00e0nh ph\u1ed1 c\u1ed5 nh\u1ea5t n\u01b0\u1edbc Ph\u00e1p, n\u01a1i m\u1ed7i ng\u00f3c ng\u00e1ch \u1ea9n ch\u1ee9a nh\u1eefng c\u00e2u chuy\u1ec7n v\u1ec1 c\u00e1c x\u00e3 h\u1ed9i c\u1ed5 \u0111\u1ea1i v\u00e0 n\u1ec1n v\u0103n h\u00f3a \u0111a d\u1ea1ng. Kh\u00e1m ph\u00e1 nh\u1eefng b\u00ed m\u1eadt \u1ea9n gi\u1ea5u tr\u00ean nh\u1eefng b\u00e3i bi\u1ec3n ng\u1eadp n\u1eafng, nh\u1eefng khu ch\u1ee3 s\u00f4i \u0111\u1ed9ng v\u00e0 nh\u1eefng con ph\u1ed1 h\u1eb9p, c\u1ed5 k\u00ednh c\u1ee7a Marseille \u2013 m\u1ed9t th\u00e0nh ph\u1ed1 tr\u00e0n ng\u1eadp s\u1ef1 ph\u1ea5n kh\u00edch v\u00e0 v\u00f4 v\u00e0n c\u00e2u chuy\u1ec7n.<\/p>\n","protected":false},"featured_media":5731,"template":"","meta":{"_acf_changed":false,"_yoast_wpseo_focuskw":"Secrets of Marseille","_yoast_wpseo_metadesc":"Secrets of Marseille. Ch\u01a1i m\u1ed9t City Game t\u1ef1 h\u01b0\u1edbng d\u1eabn v\u00e0 kh\u00e1m ph\u00e1 th\u00e0nh ph\u1ed1 qua c\u00e1c c\u00e2u \u0111\u1ed1, c\u00e2u h\u1ecfi h\u00f3c b\u00faa v\u00e0 th\u1eed th\u00e1ch. Ch\u01a1i theo t\u1ed1c \u0111\u1ed9 c\u1ee7a ri\u00eang b\u1ea1n v\u00e0 kh\u00e1m ph\u00e1 nh\u01b0 m\u1ed9t ng\u01b0\u1eddi \u0111\u1ecba ph\u01b0\u01a1ng!","_kad_blocks_custom_css":"","_kad_blocks_head_custom_js":"","_kad_blocks_body_custom_js":"","_kad_blocks_footer_custom_js":"","ghostkit_customizer_options":"","ghostkit_custom_css":"","ghostkit_custom_js_head":"","ghostkit_custom_js_foot":"","ghostkit_typography":"","_kad_post_transparent":"","_kad_post_title":"","_kad_post_layout":"","_kad_post_sidebar_id":"","_kad_post_content_style":"","_kad_post_vertical_padding":"","_kad_post_feature":"","_kad_post_feature_position":"","_kad_post_header":false,"_kad_post_footer":false,"_kad_post_classname":"","_links_to":"","_links_to_target":""},"game-concept":[733],"location":[271],"product_brand":[],"product_cat":[27],"product_tag":[],"class_list":{"0":"post-62791","1":"product","2":"type-product","3":"status-publish","4":"has-post-thumbnail","6":"game-concept-secrets","7":"location-marseille","8":"product_cat-geen-categorie","10":"first","11":"instock","12":"shipping-taxable","13":"purchasable","14":"product-type-simple","15":"entry","16":"content-bg","17":"loop-entry"},"acf":{"full_bokun_product_name":"Self-Guided Secrets of Marseille Exploration Game","location_name":"Marseille","bokun_calendar_widget_code":"<script type=\"text\/javascript\" src=\"https:\/\/widgets.bokun.io\/assets\/javascripts\/apps\/build\/BokunWidgetsLoader.js?bookingChannelUUID=a1e93e96-5232-4734-a595-28405f4b5a31\" async><\/script>\n     \n    <div class=\"bokunWidget\" data-src=\"https:\/\/widgets.bokun.io\/online-sales\/a1e93e96-5232-4734-a595-28405f4b5a31\/experience-calendar\/863093\"><\/div>\n    <noscript>Please enable javascript in your browser to book<\/noscript>","bokun_button_widget_code":"<script type=\"text\/javascript\" src=\"https:\/\/widgets.bokun.io\/assets\/javascripts\/apps\/build\/BokunWidgetsLoader.js?bookingChannelUUID=a1e93e96-5232-4734-a595-28405f4b5a31\" async><\/script>\n      <style> #bokun_ed001e45_5927_4f62_b470_ca766338d083 { display: inline-block; padding: .4em 1em; background: #47b82e; border-radius: 999999px; box-shadow: none; font-weight: 600; font-size: 24px; text-decoration: none; text-align: center; color: #FFFFFF; border:none; cursor: pointer; transition: background .2s ease; } #bokun_ed001e45_5927_4f62_b470_ca766338d083:hover{ background: #2f7b1f; } #bokun_ed001e45_5927_4f62_b470_ca766338d083:active{ background: #378f24; } <\/style> <button class=\"bokunButton\" disabled id=bokun_ed001e45_5927_4f62_b470_ca766338d083 data-src=\"https:\/\/widgets.bokun.io\/online-sales\/a1e93e96-5232-4734-a595-28405f4b5a31\/experience-calendar\/863093?partialView=1\" data-testid=\"widget-book-button\" > Book now <\/button> ","what_you\u2019ll_experience_during_the_game":"The Secrets of Marseille City Game k\u1ebft h\u1ee3p kh\u00e1m ph\u00e1 \u0111\u00f4 th\u1ecb v\u1edbi c\u1ed1t truy\u1ec7n l\u00f4i cu\u1ed1n v\u00e0 c\u00e1c th\u1eed th\u00e1ch t\u01b0\u01a1ng t\u00e1c, d\u1eabn d\u1eaft b\u1ea1n qua c\u1ea3 nh\u1eefng \u0111\u1ecba danh quen thu\u1ed9c v\u00e0 nh\u1eefng g\u00f3c khu\u1ea5t c\u1ee7a th\u00e0nh ph\u1ed1. Khi b\u1ea1n kh\u00e1m ph\u00e1 c\u00e1c manh m\u1ed1i v\u00e0 theo d\u00f5i c\u00e2u chuy\u1ec7n, b\u1ea1n s\u1ebd b\u1eaft g\u1eb7p nh\u1eefng \u0111\u1ecba \u0111i\u1ec3m nh\u01b0 C\u1ea3ng C\u0169 (Old Port) v\u1edbi kh\u00f4ng kh\u00ed s\u00f4i \u0111\u1ed9ng, Ph\u00e1o \u0111\u00e0i Saint-Jean (Fort Saint-Jean) l\u1ecbch s\u1eed v\u00e0 Nh\u00e0 th\u1edd Notre-Dame de la Garde mang t\u00ednh bi\u1ec3u t\u01b0\u1ee3ng nh\u00ecn ra to\u00e0n c\u1ea3nh th\u00e0nh ph\u1ed1. Tr\u00ean \u0111\u01b0\u1eddng \u0111i, b\u1ea1n c\u0169ng s\u1ebd kh\u00e1m ph\u00e1 nh\u1eefng khu v\u1ef1c y\u00ean t\u0129nh h\u01a1n, n\u01a1i t\u00ednh c\u00e1ch c\u1ee7a Marseille b\u1ed9c l\u1ed9 theo nh\u1eefng c\u00e1ch b\u1ea5t ng\u1edd. Tr\u1ea3i nghi\u1ec7m n\u00e0y h\u00f2a quy\u1ec7n di s\u1ea3n v\u0103n h\u00f3a phong ph\u00fa v\u1edbi nh\u1eefng kho\u1ea3nh kh\u1eafc t\u00f2 m\u00f2 v\u00e0 suy ng\u1eabm, t\u1ea1o ra m\u1ed9t k\u1ebft n\u1ed1i \u00fd ngh\u0129a v\u1edbi th\u00e0nh ph\u1ed1.\n\nXuy\u00ean su\u1ed1t City Game, b\u1ea1n s\u1ebd gi\u1ea3i c\u00e1c c\u00e2u \u0111\u1ed1 s\u00e1ng t\u1ea1o, v\u01b0\u1ee3t qua nh\u1eefng c\u00e2u h\u1ecfi h\u00f3c b\u00faa v\u00e0 ho\u00e0n th\u00e0nh c\u00e1c th\u1eed th\u00e1ch ch\u1ee5p \u1ea3nh vui nh\u1ed9n l\u00e0m cho c\u00e2u chuy\u1ec7n tr\u1edf n\u00ean s\u1ed1ng \u0111\u1ed9ng. M\u1ed7i nhi\u1ec7m v\u1ee5 gi\u00fap b\u1ea1n ki\u1ebfm \u0111i\u1ec3m, m\u1edf kh\u00f3a c\u00e1c g\u1ee3i \u00fd h\u1eefu \u00edch v\u00e0 ti\u1ebfn th\u00eam m\u1ed9t b\u01b0\u1edbc g\u1ea7n h\u01a1n \u0111\u1ec3 ti\u1ebft l\u1ed9 b\u00ed \u1ea9n cu\u1ed1i c\u00f9ng \u1ea9n ch\u1ee9a trong nh\u1eefng b\u00ed m\u1eadt c\u1ee7a Marseille. B\u1ea1n c\u00f3 th\u1ec3 t\u1ea1m d\u1eebng tr\u00f2 ch\u01a1i b\u1ea5t c\u1ee9 l\u00fac n\u00e0o v\u00e0 ti\u1ebfp t\u1ee5c theo t\u1ed1c \u0111\u1ed9 c\u1ee7a ri\u00eang b\u1ea1n, cho ph\u00e9p s\u1ef1 linh ho\u1ea1t trong c\u00e1ch b\u1ea1n kh\u00e1m ph\u00e1. \u0110\u1ed1i v\u1edbi nh\u1eefng ng\u01b0\u1eddi c\u00f3 tinh th\u1ea7n c\u1ea1nh tranh, c\u0169ng c\u00f3 c\u01a1 h\u1ed9i leo l\u00ean b\u1ea3ng x\u1ebfp h\u1ea1ng b\u1eb1ng c\u00e1ch ch\u01a1i theo \u0111\u1ed9i ho\u1eb7c c\u1ed1 g\u1eafng v\u01b0\u1ee3t qua c\u00e1c k\u1ef7 l\u1ee5c tr\u01b0\u1edbc \u0111\u00f3.","how_to_play":"\u0110\u1eb7t ch\u1ed7 cho Tr\u00f2 ch\u01a1i Kh\u00e1m ph\u00e1 (Exploration Game), ki\u1ec3m tra email ch\u00fang t\u00f4i g\u1eedi cho b\u1ea1n v\u1edbi h\u01b0\u1edbng d\u1eabn \u0111\u01a1n gi\u1ea3n, t\u1ea3i \u1ee9ng d\u1ee5ng Loquiz, truy c\u1eadp Tr\u00f2 ch\u01a1i Kh\u00e1m ph\u00e1 (Exploration Game) v\u00e0 b\u1ea1n \u0111\u00e3 s\u1eb5n s\u00e0ng b\u1eaft \u0111\u1ea7u tr\u1ea3i nghi\u1ec7m tr\u00f2 ch\u01a1i c\u1ee7a m\u00ecnh!","start_location":"Marseille, Vieux-Port","available_languages":["en"],"players_per_group":"1-4","duration":"1.5-2 hours","image_overlay_color_image":"https:\/\/testwebsite.citygame.com\/wp-content\/blogs.dir\/1\/files\/sites\/62\/2026\/01\/SecretsColor.svg","image_overlay_game_logo":"https:\/\/testwebsite.citygame.com\/wp-content\/blogs.dir\/1\/files\/sites\/62\/2026\/01\/SecretsLogo.png","city_page":5729,"woocommerce_general_content":null},"yoast_head":"<!-- This site is optimized with the Yoast SEO Premium plugin v26.2 (Yoast SEO v26.3) - https:\/\/yoast.com\/wordpress\/plugins\/seo\/ -->\n<title>Secrets of Marseille - City Game<\/title>\n<meta name=\"description\" content=\"Secrets of Marseille. Ch\u01a1i m\u1ed9t City Game t\u1ef1 h\u01b0\u1edbng d\u1eabn v\u00e0 kh\u00e1m ph\u00e1 th\u00e0nh ph\u1ed1 qua c\u00e1c c\u00e2u \u0111\u1ed1, c\u00e2u h\u1ecfi h\u00f3c b\u00faa v\u00e0 th\u1eed th\u00e1ch. Ch\u01a1i theo t\u1ed1c \u0111\u1ed9 c\u1ee7a ri\u00eang b\u1ea1n v\u00e0 kh\u00e1m ph\u00e1 nh\u01b0 m\u1ed9t ng\u01b0\u1eddi \u0111\u1ecba ph\u01b0\u01a1ng!\" \/>\n<meta name=\"robots\" content=\"noindex, follow, max-snippet:-1, max-image-preview:large, max-video-preview:-1\" \/>\n<meta property=\"og:locale\" content=\"vi_VN\" \/>\n<meta property=\"og:type\" content=\"article\" \/>\n<meta property=\"og:title\" content=\"Secrets of Marseille\" \/>\n<meta property=\"og:description\" content=\"Secrets of Marseille. Ch\u01a1i m\u1ed9t City Game t\u1ef1 h\u01b0\u1edbng d\u1eabn v\u00e0 kh\u00e1m ph\u00e1 th\u00e0nh ph\u1ed1 qua c\u00e1c c\u00e2u \u0111\u1ed1, c\u00e2u h\u1ecfi h\u00f3c b\u00faa v\u00e0 th\u1eed th\u00e1ch. Ch\u01a1i theo t\u1ed1c \u0111\u1ed9 c\u1ee7a ri\u00eang b\u1ea1n v\u00e0 kh\u00e1m ph\u00e1 nh\u01b0 m\u1ed9t ng\u01b0\u1eddi \u0111\u1ecba ph\u01b0\u01a1ng!\" \/>\n<meta property=\"og:url\" content=\"https:\/\/testwebsite.citygame.com\/vi\/games\/marseille\/secrets-of-marseille\/\" \/>\n<meta property=\"og:site_name\" content=\"City Game\" \/>\n<meta property=\"article:publisher\" content=\"https:\/\/www.facebook.com\/profile.php?id=100086426226253\" \/>\n<meta property=\"article:modified_time\" content=\"2026-04-08T10:21:58+00:00\" \/>\n<meta property=\"og:image\" content=\"https:\/\/testwebsite.citygame.com\/wp-content\/blogs.dir\/1\/files\/sites\/62\/2026\/01\/marseille-player-city-game-place-de-lenche-henri-tassy.jpg\" \/>\n\t<meta property=\"og:image:width\" content=\"1024\" \/>\n\t<meta property=\"og:image:height\" content=\"1024\" \/>\n\t<meta property=\"og:image:type\" content=\"image\/jpeg\" \/>\n<meta name=\"twitter:card\" content=\"summary_large_image\" \/>\n<meta name=\"twitter:label1\" content=\"\u01af\u1edbc t\u00ednh th\u1eddi gian \u0111\u1ecdc\" \/>\n\t<meta name=\"twitter:data1\" content=\"1 ph\u00fat\" \/>\n<script type=\"application\/ld+json\" class=\"yoast-schema-graph\">{\"@context\":\"https:\/\/schema.org\",\"@graph\":[{\"@type\":\"WebPage\",\"@id\":\"https:\/\/testwebsite.citygame.com\/vi\/games\/marseille\/secrets-of-marseille\/\",\"url\":\"https:\/\/testwebsite.citygame.com\/vi\/games\/marseille\/secrets-of-marseille\/\",\"name\":\"Secrets of Marseille - City Game\",\"isPartOf\":{\"@id\":\"https:\/\/testwebsite.upevents.nl\/#website\"},\"primaryImageOfPage\":{\"@id\":\"https:\/\/testwebsite.citygame.com\/vi\/games\/marseille\/secrets-of-marseille\/#primaryimage\"},\"image\":{\"@id\":\"https:\/\/testwebsite.citygame.com\/vi\/games\/marseille\/secrets-of-marseille\/#primaryimage\"},\"thumbnailUrl\":\"https:\/\/testwebsite.citygame.com\/wp-content\/blogs.dir\/1\/files\/sites\/62\/2026\/01\/marseille-player-city-game-place-de-lenche-henri-tassy.jpg\",\"datePublished\":\"2026-01-28T15:52:32+00:00\",\"dateModified\":\"2026-04-08T10:21:58+00:00\",\"description\":\"Secrets of Marseille. Ch\u01a1i m\u1ed9t City Game t\u1ef1 h\u01b0\u1edbng d\u1eabn v\u00e0 kh\u00e1m ph\u00e1 th\u00e0nh ph\u1ed1 qua c\u00e1c c\u00e2u \u0111\u1ed1, c\u00e2u h\u1ecfi h\u00f3c b\u00faa v\u00e0 th\u1eed th\u00e1ch. Ch\u01a1i theo t\u1ed1c \u0111\u1ed9 c\u1ee7a ri\u00eang b\u1ea1n v\u00e0 kh\u00e1m ph\u00e1 nh\u01b0 m\u1ed9t ng\u01b0\u1eddi \u0111\u1ecba ph\u01b0\u01a1ng!\",\"breadcrumb\":{\"@id\":\"https:\/\/testwebsite.citygame.com\/vi\/games\/marseille\/secrets-of-marseille\/#breadcrumb\"},\"inLanguage\":\"vi\",\"potentialAction\":[{\"@type\":\"ReadAction\",\"target\":[\"https:\/\/testwebsite.citygame.com\/vi\/games\/marseille\/secrets-of-marseille\/\"]}]},{\"@type\":\"ImageObject\",\"inLanguage\":\"vi\",\"@id\":\"https:\/\/testwebsite.citygame.com\/vi\/games\/marseille\/secrets-of-marseille\/#primaryimage\",\"url\":\"https:\/\/testwebsite.citygame.com\/wp-content\/blogs.dir\/1\/files\/sites\/62\/2026\/01\/marseille-player-city-game-place-de-lenche-henri-tassy.jpg\",\"contentUrl\":\"https:\/\/testwebsite.citygame.com\/wp-content\/blogs.dir\/1\/files\/sites\/62\/2026\/01\/marseille-player-city-game-place-de-lenche-henri-tassy.jpg\",\"width\":1024,\"height\":1024,\"caption\":\"A traveler explores Marseille using a city game app near the monument to Henri Tassy.\"},{\"@type\":\"BreadcrumbList\",\"@id\":\"https:\/\/testwebsite.citygame.com\/vi\/games\/marseille\/secrets-of-marseille\/#breadcrumb\",\"itemListElement\":[{\"@type\":\"ListItem\",\"position\":1,\"name\":\"Home\",\"item\":\"https:\/\/testwebsite.citygame.com\/vi\/\"},{\"@type\":\"ListItem\",\"position\":2,\"name\":\"Shop\",\"item\":\"https:\/\/testwebsite.citygame.com\/shop\/\"},{\"@type\":\"ListItem\",\"position\":3,\"name\":\"Secrets of Marseille\"}]},{\"@type\":\"WebSite\",\"@id\":\"https:\/\/testwebsite.upevents.nl\/#website\",\"url\":\"https:\/\/testwebsite.upevents.nl\/\",\"name\":\"City Game\",\"description\":\"\",\"publisher\":{\"@id\":\"https:\/\/testwebsite.upevents.nl\/#organization\"},\"alternateName\":\"citygame.com\",\"potentialAction\":[{\"@type\":\"SearchAction\",\"target\":{\"@type\":\"EntryPoint\",\"urlTemplate\":\"https:\/\/testwebsite.upevents.nl\/?s={search_term_string}\"},\"query-input\":{\"@type\":\"PropertyValueSpecification\",\"valueRequired\":true,\"valueName\":\"search_term_string\"}}],\"inLanguage\":\"vi\"},{\"@type\":[\"Organization\",\"Place\"],\"@id\":\"https:\/\/testwebsite.upevents.nl\/#organization\",\"name\":\"City Game\",\"alternateName\":\"citygame.com\",\"url\":\"https:\/\/testwebsite.upevents.nl\/\",\"logo\":{\"@id\":\"https:\/\/testwebsite.citygame.com\/vi\/games\/marseille\/secrets-of-marseille\/#local-main-organization-logo\"},\"image\":{\"@id\":\"https:\/\/testwebsite.citygame.com\/vi\/games\/marseille\/secrets-of-marseille\/#local-main-organization-logo\"},\"sameAs\":[\"https:\/\/www.facebook.com\/profile.php?id=100086426226253\",\"https:\/\/www.instagram.com\/citygame_com\",\"https:\/\/www.tiktok.com\/@citygamecom\/\",\"https:\/\/www.linkedin.com\/company\/citygame-com\"],\"description\":\"Turn any city into a playground with our interactive City Games and self-guided tours. Fun, flexible, and ideal for groups and team building.\",\"telephone\":[],\"openingHoursSpecification\":[{\"@type\":\"OpeningHoursSpecification\",\"dayOfWeek\":[\"Monday\",\"Tuesday\",\"Wednesday\",\"Thursday\",\"Friday\",\"Saturday\",\"Sunday\"],\"opens\":\"09:00\",\"closes\":\"17:00\"}]},{\"@type\":\"ImageObject\",\"inLanguage\":\"vi\",\"@id\":\"https:\/\/testwebsite.citygame.com\/vi\/games\/marseille\/secrets-of-marseille\/#local-main-organization-logo\",\"url\":\"https:\/\/testwebsite.citygame.com\/wp-content\/blogs.dir\/1\/files\/sites\/62\/2025\/10\/CG_LOGO-City-Game.png\",\"contentUrl\":\"https:\/\/testwebsite.citygame.com\/wp-content\/blogs.dir\/1\/files\/sites\/62\/2025\/10\/CG_LOGO-City-Game.png\",\"width\":351,\"height\":377,\"caption\":\"City Game\"}]}<\/script>\n<!-- \/ Yoast SEO Premium plugin. -->","yoast_head_json":{"title":"Secrets of Marseille - City Game","description":"Secrets of Marseille. Ch\u01a1i m\u1ed9t City Game t\u1ef1 h\u01b0\u1edbng d\u1eabn v\u00e0 kh\u00e1m ph\u00e1 th\u00e0nh ph\u1ed1 qua c\u00e1c c\u00e2u \u0111\u1ed1, c\u00e2u h\u1ecfi h\u00f3c b\u00faa v\u00e0 th\u1eed th\u00e1ch. Ch\u01a1i theo t\u1ed1c \u0111\u1ed9 c\u1ee7a ri\u00eang b\u1ea1n v\u00e0 kh\u00e1m ph\u00e1 nh\u01b0 m\u1ed9t ng\u01b0\u1eddi \u0111\u1ecba ph\u01b0\u01a1ng!","robots":{"index":"noindex","follow":"follow","max-snippet":"max-snippet:-1","max-image-preview":"max-image-preview:large","max-video-preview":"max-video-preview:-1"},"og_locale":"vi_VN","og_type":"article","og_title":"Secrets of Marseille","og_description":"Secrets of Marseille. Ch\u01a1i m\u1ed9t City Game t\u1ef1 h\u01b0\u1edbng d\u1eabn v\u00e0 kh\u00e1m ph\u00e1 th\u00e0nh ph\u1ed1 qua c\u00e1c c\u00e2u \u0111\u1ed1, c\u00e2u h\u1ecfi h\u00f3c b\u00faa v\u00e0 th\u1eed th\u00e1ch. Ch\u01a1i theo t\u1ed1c \u0111\u1ed9 c\u1ee7a ri\u00eang b\u1ea1n v\u00e0 kh\u00e1m ph\u00e1 nh\u01b0 m\u1ed9t ng\u01b0\u1eddi \u0111\u1ecba ph\u01b0\u01a1ng!","og_url":"https:\/\/testwebsite.citygame.com\/vi\/games\/marseille\/secrets-of-marseille\/","og_site_name":"City Game","article_publisher":"https:\/\/www.facebook.com\/profile.php?id=100086426226253","article_modified_time":"2026-04-08T10:21:58+00:00","og_image":[{"width":1024,"height":1024,"url":"https:\/\/testwebsite.citygame.com\/wp-content\/blogs.dir\/1\/files\/sites\/62\/2026\/01\/marseille-player-city-game-place-de-lenche-henri-tassy.jpg","type":"image\/jpeg"}],"twitter_card":"summary_large_image","twitter_misc":{"\u01af\u1edbc t\u00ednh th\u1eddi gian \u0111\u1ecdc":"1 ph\u00fat"},"schema":{"@context":"https:\/\/schema.org","@graph":[{"@type":"WebPage","@id":"https:\/\/testwebsite.citygame.com\/vi\/games\/marseille\/secrets-of-marseille\/","url":"https:\/\/testwebsite.citygame.com\/vi\/games\/marseille\/secrets-of-marseille\/","name":"Secrets of Marseille - City Game","isPartOf":{"@id":"https:\/\/testwebsite.upevents.nl\/#website"},"primaryImageOfPage":{"@id":"https:\/\/testwebsite.citygame.com\/vi\/games\/marseille\/secrets-of-marseille\/#primaryimage"},"image":{"@id":"https:\/\/testwebsite.citygame.com\/vi\/games\/marseille\/secrets-of-marseille\/#primaryimage"},"thumbnailUrl":"https:\/\/testwebsite.citygame.com\/wp-content\/blogs.dir\/1\/files\/sites\/62\/2026\/01\/marseille-player-city-game-place-de-lenche-henri-tassy.jpg","datePublished":"2026-01-28T15:52:32+00:00","dateModified":"2026-04-08T10:21:58+00:00","description":"Secrets of Marseille. Ch\u01a1i m\u1ed9t City Game t\u1ef1 h\u01b0\u1edbng d\u1eabn v\u00e0 kh\u00e1m ph\u00e1 th\u00e0nh ph\u1ed1 qua c\u00e1c c\u00e2u \u0111\u1ed1, c\u00e2u h\u1ecfi h\u00f3c b\u00faa v\u00e0 th\u1eed th\u00e1ch. Ch\u01a1i theo t\u1ed1c \u0111\u1ed9 c\u1ee7a ri\u00eang b\u1ea1n v\u00e0 kh\u00e1m ph\u00e1 nh\u01b0 m\u1ed9t ng\u01b0\u1eddi \u0111\u1ecba ph\u01b0\u01a1ng!","breadcrumb":{"@id":"https:\/\/testwebsite.citygame.com\/vi\/games\/marseille\/secrets-of-marseille\/#breadcrumb"},"inLanguage":"vi","potentialAction":[{"@type":"ReadAction","target":["https:\/\/testwebsite.citygame.com\/vi\/games\/marseille\/secrets-of-marseille\/"]}]},{"@type":"ImageObject","inLanguage":"vi","@id":"https:\/\/testwebsite.citygame.com\/vi\/games\/marseille\/secrets-of-marseille\/#primaryimage","url":"https:\/\/testwebsite.citygame.com\/wp-content\/blogs.dir\/1\/files\/sites\/62\/2026\/01\/marseille-player-city-game-place-de-lenche-henri-tassy.jpg","contentUrl":"https:\/\/testwebsite.citygame.com\/wp-content\/blogs.dir\/1\/files\/sites\/62\/2026\/01\/marseille-player-city-game-place-de-lenche-henri-tassy.jpg","width":1024,"height":1024,"caption":"A traveler explores Marseille using a city game app near the monument to Henri Tassy."},{"@type":"BreadcrumbList","@id":"https:\/\/testwebsite.citygame.com\/vi\/games\/marseille\/secrets-of-marseille\/#breadcrumb","itemListElement":[{"@type":"ListItem","position":1,"name":"Home","item":"https:\/\/testwebsite.citygame.com\/vi\/"},{"@type":"ListItem","position":2,"name":"Shop","item":"https:\/\/testwebsite.citygame.com\/shop\/"},{"@type":"ListItem","position":3,"name":"Secrets of Marseille"}]},{"@type":"WebSite","@id":"https:\/\/testwebsite.upevents.nl\/#website","url":"https:\/\/testwebsite.upevents.nl\/","name":"City Game","description":"","publisher":{"@id":"https:\/\/testwebsite.upevents.nl\/#organization"},"alternateName":"citygame.com","potentialAction":[{"@type":"SearchAction","target":{"@type":"EntryPoint","urlTemplate":"https:\/\/testwebsite.upevents.nl\/?s={search_term_string}"},"query-input":{"@type":"PropertyValueSpecification","valueRequired":true,"valueName":"search_term_string"}}],"inLanguage":"vi"},{"@type":["Organization","Place"],"@id":"https:\/\/testwebsite.upevents.nl\/#organization","name":"City Game","alternateName":"citygame.com","url":"https:\/\/testwebsite.upevents.nl\/","logo":{"@id":"https:\/\/testwebsite.citygame.com\/vi\/games\/marseille\/secrets-of-marseille\/#local-main-organization-logo"},"image":{"@id":"https:\/\/testwebsite.citygame.com\/vi\/games\/marseille\/secrets-of-marseille\/#local-main-organization-logo"},"sameAs":["https:\/\/www.facebook.com\/profile.php?id=100086426226253","https:\/\/www.instagram.com\/citygame_com","https:\/\/www.tiktok.com\/@citygamecom\/","https:\/\/www.linkedin.com\/company\/citygame-com"],"description":"Turn any city into a playground with our interactive City Games and self-guided tours. Fun, flexible, and ideal for groups and team building.","telephone":[],"openingHoursSpecification":[{"@type":"OpeningHoursSpecification","dayOfWeek":["Monday","Tuesday","Wednesday","Thursday","Friday","Saturday","Sunday"],"opens":"09:00","closes":"17:00"}]},{"@type":"ImageObject","inLanguage":"vi","@id":"https:\/\/testwebsite.citygame.com\/vi\/games\/marseille\/secrets-of-marseille\/#local-main-organization-logo","url":"https:\/\/testwebsite.citygame.com\/wp-content\/blogs.dir\/1\/files\/sites\/62\/2025\/10\/CG_LOGO-City-Game.png","contentUrl":"https:\/\/testwebsite.citygame.com\/wp-content\/blogs.dir\/1\/files\/sites\/62\/2025\/10\/CG_LOGO-City-Game.png","width":351,"height":377,"caption":"City Game"}]}},"taxonomy_info":{"game-concept":[{"value":733,"label":"Secrets"}],"location":[{"value":271,"label":"Marseille"}],"product_cat":[{"value":27,"label":"Geen categorie"}]},"featured_image_src_large":["https:\/\/testwebsite.citygame.com\/wp-content\/blogs.dir\/1\/files\/sites\/62\/2026\/01\/marseille-player-city-game-place-de-lenche-henri-tassy.jpg",1024,1024,false],"author_info":[],"comment_info":"","_links":{"self":[{"href":"https:\/\/testwebsite.citygame.com\/vi\/wp-json\/wp\/v2\/product\/62791","targetHints":{"allow":["GET"]}}],"collection":[{"href":"https:\/\/testwebsite.citygame.com\/vi\/wp-json\/wp\/v2\/product"}],"about":[{"href":"https:\/\/testwebsite.citygame.com\/vi\/wp-json\/wp\/v2\/types\/product"}],"acf:post":[{"embeddable":true,"href":"https:\/\/testwebsite.citygame.com\/vi\/wp-json\/wp\/v2\/pages\/5729"}],"wp:featuredmedia":[{"embeddable":true,"href":"https:\/\/testwebsite.citygame.com\/vi\/wp-json\/wp\/v2\/media\/5731"}],"wp:attachment":[{"href":"https:\/\/testwebsite.citygame.com\/vi\/wp-json\/wp\/v2\/media?parent=62791"}],"wp:term":[{"taxonomy":"game-concept","embeddable":true,"href":"https:\/\/testwebsite.citygame.com\/vi\/wp-json\/wp\/v2\/game-concept?post=62791"},{"taxonomy":"location","embeddable":true,"href":"https:\/\/testwebsite.citygame.com\/vi\/wp-json\/wp\/v2\/location?post=62791"},{"taxonomy":"product_brand","embeddable":true,"href":"https:\/\/testwebsite.citygame.com\/vi\/wp-json\/wp\/v2\/product_brand?post=62791"},{"taxonomy":"product_cat","embeddable":true,"href":"https:\/\/testwebsite.citygame.com\/vi\/wp-json\/wp\/v2\/product_cat?post=62791"},{"taxonomy":"product_tag","embeddable":true,"href":"https:\/\/testwebsite.citygame.com\/vi\/wp-json\/wp\/v2\/product_tag?post=62791"}],"curies":[{"name":"wp","href":"https:\/\/api.w.org\/{rel}","templated":true}]}}