{"id":62285,"date":"2026-02-19T16:07:56","date_gmt":"2026-02-19T16:07:56","guid":{"rendered":"https:\/\/testwebsite.citygame.com\/games\/unknown-location\/sherlock-holmes-casablanca\/"},"modified":"2026-04-08T09:20:31","modified_gmt":"2026-04-08T09:20:31","slug":"sherlock-holmes-casablanca","status":"publish","type":"product","link":"https:\/\/testwebsite.citygame.com\/vi\/games\/casablanca\/sherlock-holmes-casablanca\/","title":{"rendered":"Sherlock Holmes Casablanca"},"content":{"rendered":"<p>Ch\u00e0o m\u1eebng \u0111\u1ebfn v\u1edbi Tr\u00f2 ch\u01a1i th\u00e0nh ph\u1ed1 Sherlock Holmes t\u1ea1i trung t\u00e2m Casablanca, m\u1ed9t tr\u1ea3i nghi\u1ec7m h\u1ea5p d\u1eabn \u0111\u01b0a b\u1ea1n v\u00e0o m\u1ed9t v\u1ee5 \u00e1n b\u00ed \u1ea9n \u0111\u01b0\u1ee3c k\u1ec3 chuy\u1ec7n, t\u1ef1 h\u01b0\u1edbng d\u1eabn. Khi b\u1ea1n len l\u1ecfi qua c\u1ea3nh quan \u0111\u00f4 th\u1ecb \u0111\u1ed9c \u0111\u00e1o c\u1ee7a Casablanca, b\u1ea1n s\u1ebd \u0111\u00e0o s\u00e2u h\u01a1n v\u00e0o m\u1ed9t cu\u1ed9c \u0111i\u1ec1u tra th\u00e1m t\u1eed \u0111\u1ea7y h\u00e0nh \u0111\u1ed9ng, ph\u1ea3n \u00e1nh logic ph\u1ee9c t\u1ea1p c\u1ee7a ch\u00ednh Sherlock Holmes. C\u00e2u chuy\u1ec7n s\u1ebd m\u1edf ra trong su\u1ed1t h\u00e0nh tr\u00ecnh, giao nhi\u1ec7m v\u1ee5 cho ng\u01b0\u1eddi ch\u01a1i thu th\u1eadp c\u00e1c manh m\u1ed1i quan tr\u1ecdng, gi\u1ea3i c\u00e1c c\u00e2u \u0111\u1ed1 ph\u1ee9c t\u1ea1p v\u00e0 th\u1ea9m v\u1ea5n c\u00e1c nghi ph\u1ea1m k\u1ef9 thu\u1eadt s\u1ed1 kh\u00f3 n\u1eafm b\u1eaft, t\u1ea5t c\u1ea3 \u0111\u1ec1u li\u00ean quan \u0111\u1ebfn m\u1ed9t v\u1ee5 gi\u1ebft ng\u01b0\u1eddi ch\u01b0a \u0111\u01b0\u1ee3c gi\u1ea3i quy\u1ebft t\u1ea1i L\u1ec5 h\u1ed9i Liberty. Tr\u00f2 ch\u01a1i nh\u1eadp vai n\u00e0y, c\u00f3 th\u1ec3 ch\u01a1i theo t\u1ed1c \u0111\u1ed9 c\u1ee7a ri\u00eang b\u1ea1n, bi\u1ebfn th\u00e0nh ph\u1ed1 th\u00e0nh m\u1ed9t hi\u1ec7n tr\u01b0\u1eddng v\u1ee5 \u00e1n t\u01b0\u01a1ng t\u00e1c, g\u1ee3i l\u00ean kh\u00f4ng kh\u00ed l\u00f4i cu\u1ed1n c\u1ee7a nh\u1eefng c\u00e2u chuy\u1ec7n th\u00e1m t\u1eed c\u1ed5 \u0111i\u1ec3n, v\u00e0 bi\u1ebfn chuy\u1ebfn kh\u00e1m ph\u00e1 th\u00e0nh ph\u1ed1 c\u1ee7a b\u1ea1n th\u00e0nh m\u1ed9t cu\u1ed9c phi\u00eau l\u01b0u th\u00e1m t\u1eed kh\u00f3 qu\u00ean.<\/p>\n","protected":false},"excerpt":{"rendered":"<p>B\u01b0\u1edbc v\u00e0o cu\u1ed9c \u0111i\u1ec1u tra \u0111\u1ea7y th\u1eed th\u00e1ch c\u1ee7a th\u00e1m t\u1eed \u0111\u1ea1i t\u00e0i Sherlock Holmes t\u1ea1i th\u00e0nh ph\u1ed1 quy\u1ebfn r\u0169 Casablanca trong m\u1ed9t tr\u00f2 ch\u01a1i gi\u1ea3i m\u00e3 b\u00ed \u1ea9n t\u1ef1 h\u01b0\u1edbng d\u1eabn. V\u01b0\u1ee3t qua c\u00e1c manh m\u1ed1i, gi\u1ea3i c\u00e1c c\u00e2u \u0111\u1ed1 h\u00f3c b\u00faa v\u00e0 c\u00f9ng \u0111\u1ed9i c\u1ee7a b\u1ea1n x\u00e2u chu\u1ed7i s\u1ef1 th\u1eadt trong cu\u1ed9c truy t\u00ecm c\u00f4ng l\u00fd \u0111\u1ea7y k\u1ecbch t\u00ednh, ngh\u1eb9t th\u1edf n\u00e0y!<\/p>\n","protected":false},"featured_media":15010,"template":"","meta":{"_acf_changed":false,"_yoast_wpseo_focuskw":"Sherlock Holmes Casablanca","_yoast_wpseo_metadesc":"Sherlock Holmes Casablanca. Ch\u01a1i m\u1ed9t tr\u00f2 ch\u01a1i th\u00e0nh ph\u1ed1 b\u00ed \u1ea9n t\u1ef1 h\u01b0\u1edbng d\u1eabn, gi\u1ea3i c\u00e1c c\u00e2u \u0111\u1ed1, theo d\u00f5i manh m\u1ed1i v\u00e0 kh\u00e1m ph\u00e1 k\u1ebb s\u00e1t nh\u00e2n theo t\u1ed1c \u0111\u1ed9 c\u1ee7a ri\u00eang b\u1ea1n!","_kad_blocks_custom_css":"","_kad_blocks_head_custom_js":"","_kad_blocks_body_custom_js":"","_kad_blocks_footer_custom_js":"","ghostkit_customizer_options":"","ghostkit_custom_css":"","ghostkit_custom_js_head":"","ghostkit_custom_js_foot":"","ghostkit_typography":"","_kad_post_transparent":"","_kad_post_title":"","_kad_post_layout":"","_kad_post_sidebar_id":"","_kad_post_content_style":"","_kad_post_vertical_padding":"","_kad_post_feature":"","_kad_post_feature_position":"","_kad_post_header":false,"_kad_post_footer":false,"_kad_post_classname":"","_links_to":"","_links_to_target":""},"game-concept":[794],"location":[116],"product_brand":[],"product_cat":[27],"product_tag":[],"class_list":{"0":"post-62285","1":"product","2":"type-product","3":"status-publish","4":"has-post-thumbnail","6":"game-concept-sherlock","7":"location-casablanca","8":"product_cat-geen-categorie","10":"first","11":"instock","12":"shipping-taxable","13":"purchasable","14":"product-type-simple","15":"entry","16":"content-bg","17":"loop-entry"},"acf":{"full_bokun_product_name":"Casablanca Self-Guided Sherlock Holmes Murder Mystery Game","location_name":"Casablanca","bokun_calendar_widget_code":"<script type=\"text\/javascript\" src=\"https:\/\/widgets.bokun.io\/assets\/javascripts\/apps\/build\/BokunWidgetsLoader.js?bookingChannelUUID=a1e93e96-5232-4734-a595-28405f4b5a31\" async><\/script>\n     \n    <div class=\"bokunWidget\" data-src=\"https:\/\/widgets.bokun.io\/online-sales\/a1e93e96-5232-4734-a595-28405f4b5a31\/experience-calendar\/771991\"><\/div>\n    <noscript>Please enable javascript in your browser to book<\/noscript>","bokun_button_widget_code":"<script type=\"text\/javascript\" src=\"https:\/\/widgets.bokun.io\/assets\/javascripts\/apps\/build\/BokunWidgetsLoader.js?bookingChannelUUID=a1e93e96-5232-4734-a595-28405f4b5a31\" async><\/script>\n      <style> #bokun_ed001e45_5927_4f62_b470_ca766338d083 { display: inline-block; padding: .4em 1em; background: #47b82e; border-radius: 999999px; box-shadow: none; font-weight: 600; font-size: 24px; text-decoration: none; text-align: center; color: #FFFFFF; border:none; cursor: pointer; transition: background .2s ease; } #bokun_ed001e45_5927_4f62_b470_ca766338d083:hover{ background: #2f7b1f; } #bokun_ed001e45_5927_4f62_b470_ca766338d083:active{ background: #378f24; } <\/style> <button class=\"bokunButton\" disabled id=bokun_ed001e45_5927_4f62_b470_ca766338d083 data-src=\"https:\/\/widgets.bokun.io\/online-sales\/a1e93e96-5232-4734-a595-28405f4b5a31\/experience-calendar\/771991?partialView=1\" data-testid=\"widget-book-button\" > Book now <\/button> ","what_you\u2019ll_experience_during_the_game":"Khi b\u1ea1n \u0111i\u1ec1u h\u01b0\u1edbng qua nh\u1eefng con ph\u1ed1 \u0111\u1ea7y m\u00ea ho\u1eb7c c\u1ee7a Casablanca, b\u1ea1n s\u1ebd th\u1ea5y m\u00ecnh b\u1ecb cu\u1ed1n v\u00e0o m\u1ed9t c\u00e2u chuy\u1ec7n trinh th\u00e1m l\u00f4i cu\u1ed1n, t\u1ea1o n\u00ean m\u1ed9t cu\u1ed9c phi\u00eau l\u01b0u nh\u1eadp vai h\u00e9 m\u1edf theo m\u1ed7i b\u01b0\u1edbc b\u1ea1n \u0111i. Tr\u00f2 ch\u01a1i th\u00e0nh ph\u1ed1 Sherlock Holmes cho ph\u00e9p b\u1ea1n nh\u1eadp vai th\u00e1m t\u1eed huy\u1ec1n tho\u1ea1i, gi\u1ea3i m\u00e3 c\u00e1c c\u00e2u \u0111\u1ed1, kh\u00e1m ph\u00e1 nh\u1eefng manh m\u1ed1i b\u00ed m\u1eadt v\u00e0 \u0111i\u1ec1u h\u01b0\u1edbng nh\u1eefng b\u01b0\u1edbc ngo\u1eb7t b\u1ea5t ng\u1edd c\u1ee7a m\u1ed9t cu\u1ed9c \u0111i\u1ec1u tra h\u1ea5p d\u1eabn li\u00ean quan \u0111\u1ebfn m\u1ed9t v\u1ee5 gi\u1ebft ng\u01b0\u1eddi trong L\u1ec5 h\u1ed9i Liberty. \n\nTh\u1eed th\u00e1ch c\u1ee7a b\u1ea1n kh\u00f4ng ch\u1ec9 d\u1eebng l\u1ea1i tr\u00ean \u0111\u01b0\u1eddng ph\u1ed1, b\u1ea1n c\u00f2n ph\u1ea3i xem x\u00e9t k\u1ef9 l\u01b0\u1ee1ng c\u00e1c nghi ph\u1ea1m k\u1ef9 thu\u1eadt s\u1ed1, ph\u00e2n t\u00edch b\u1eb1ng ch\u1ee9ng ngo\u1ea1i ph\u1ea1m c\u1ee7a h\u1ecd v\u00e0 x\u00e1c \u0111\u1ecbnh b\u1ea5t k\u1ef3 m\u00e2u thu\u1eabn ti\u1ec1m \u1ea9n n\u00e0o. Qu\u00e1 tr\u00ecnh n\u00e0y \u0111\u00f2i h\u1ecfi m\u1ed9t con m\u1eaft tinh t\u01b0\u1eddng, tr\u00ed tu\u1ec7 s\u1eafc b\u00e9n v\u00e0 kh\u1ea3 n\u0103ng suy lu\u1eadn m\u1ea1nh m\u1ebd \u2013 ph\u1ea7n th\u01b0\u1edfng cho t\u01b0 duy ph\u1ea3n bi\u1ec7n v\u00e0 k\u1ef9 n\u0103ng quan s\u00e1t c\u1ee7a b\u1ea1n. M\u1eb7c d\u00f9 cu\u1ed9c \u0111i\u1ec1u tra ch\u1ee9a \u0111\u1ea7y b\u00ed \u1ea9n v\u00e0 h\u1ea5p d\u1eabn, n\u00f3 ho\u00e0n to\u00e0n \u0111\u01b0\u1ee3c k\u1ec3 chuy\u1ec7n, cho ph\u00e9p b\u1ea1n l\u00e0m s\u00e1ng t\u1ecf c\u00e2u chuy\u1ec7n h\u1ea5p d\u1eabn v\u1ec1 v\u1ee5 \u00e1n m\u1ea1ng theo t\u1ed1c \u0111\u1ed9 c\u1ee7a ri\u00eang b\u1ea1n. Cho d\u00f9 b\u1ea1n \u0111ang ch\u01a1i m\u1ed9t m\u00ecnh hay c\u1ea1nh tranh theo \u0111\u1ed9i, b\u1ea1n c\u00f3 quy\u1ec1n t\u1ef1 do t\u1ea1m d\u1eebng tr\u00f2 ch\u01a1i v\u00e0 ti\u1ebfp t\u1ee5c b\u1ea5t c\u1ee9 khi n\u00e0o b\u1ea1n s\u1eb5n s\u00e0ng, \u0111\u1ea3m b\u1ea3o r\u1eb1ng b\u00ed \u1ea9n l\u1ea1nh s\u1ed1ng l\u01b0ng c\u1ee7a Casablanca s\u1ebd lu\u00f4n \u1edf trong t\u1ea7m tay b\u1ea1n.","how_to_play":"Ch\u01a1i m\u1ed9t m\u00ecnh ho\u1eb7c v\u1edbi b\u1ea1n b\u00e8, gia \u0111\u00ecnh ho\u1eb7c \u0111\u1ed3ng nghi\u1ec7p theo \u0111\u1ed9i t\u1ed1i \u0111a b\u1ed1n ng\u01b0\u1eddi m\u1ed7i thi\u1ebft b\u1ecb. Sau khi \u0111\u1eb7t ch\u1ed7, b\u1ea1n s\u1ebd nh\u1eadn \u0111\u01b0\u1ee3c email h\u01b0\u1edbng d\u1eabn v\u1edbi m\u1ecdi th\u1ee9 b\u1ea1n c\u1ea7n.","start_location":"Casablanca, Hassan II Mosque","available_languages":["en","es","fr","de","it","nl"],"players_per_group":"1-4","duration":"1.5-2 hours","image_overlay_color_image":"https:\/\/testwebsite.citygame.com\/wp-content\/blogs.dir\/1\/files\/sites\/62\/2026\/01\/SherlockColor.svg","image_overlay_game_logo":"https:\/\/testwebsite.citygame.com\/wp-content\/blogs.dir\/1\/files\/sites\/62\/2026\/01\/SherlockLogo.png","city_page":9349,"woocommerce_general_content":null},"yoast_head":"<!-- This site is optimized with the Yoast SEO Premium plugin v26.2 (Yoast SEO v26.3) - https:\/\/yoast.com\/wordpress\/plugins\/seo\/ -->\n<title>Sherlock Holmes Casablanca - City Game<\/title>\n<meta name=\"description\" content=\"Sherlock Holmes Casablanca. Ch\u01a1i m\u1ed9t tr\u00f2 ch\u01a1i th\u00e0nh ph\u1ed1 b\u00ed \u1ea9n t\u1ef1 h\u01b0\u1edbng d\u1eabn, gi\u1ea3i c\u00e1c c\u00e2u \u0111\u1ed1, theo d\u00f5i manh m\u1ed1i v\u00e0 kh\u00e1m ph\u00e1 k\u1ebb s\u00e1t nh\u00e2n theo t\u1ed1c \u0111\u1ed9 c\u1ee7a ri\u00eang b\u1ea1n!\" \/>\n<meta name=\"robots\" content=\"noindex, follow, max-snippet:-1, max-image-preview:large, max-video-preview:-1\" \/>\n<meta property=\"og:locale\" content=\"vi_VN\" \/>\n<meta property=\"og:type\" content=\"article\" \/>\n<meta property=\"og:title\" content=\"Sherlock Holmes Casablanca\" \/>\n<meta property=\"og:description\" content=\"Sherlock Holmes Casablanca. Ch\u01a1i m\u1ed9t tr\u00f2 ch\u01a1i th\u00e0nh ph\u1ed1 b\u00ed \u1ea9n t\u1ef1 h\u01b0\u1edbng d\u1eabn, gi\u1ea3i c\u00e1c c\u00e2u \u0111\u1ed1, theo d\u00f5i manh m\u1ed1i v\u00e0 kh\u00e1m ph\u00e1 k\u1ebb s\u00e1t nh\u00e2n theo t\u1ed1c \u0111\u1ed9 c\u1ee7a ri\u00eang b\u1ea1n!\" \/>\n<meta property=\"og:url\" content=\"https:\/\/testwebsite.citygame.com\/vi\/games\/casablanca\/sherlock-holmes-casablanca\/\" \/>\n<meta property=\"og:site_name\" content=\"City Game\" \/>\n<meta property=\"article:publisher\" content=\"https:\/\/www.facebook.com\/profile.php?id=100086426226253\" \/>\n<meta property=\"article:modified_time\" content=\"2026-04-08T09:20:31+00:00\" \/>\n<meta property=\"og:image\" content=\"https:\/\/testwebsite.citygame.com\/wp-content\/blogs.dir\/1\/files\/sites\/62\/2026\/02\/woman-playing-syndicate-game-in-a-moroccan-courtyard-in-casablanca.jpg\" \/>\n\t<meta property=\"og:image:width\" content=\"1024\" \/>\n\t<meta property=\"og:image:height\" content=\"1024\" \/>\n\t<meta property=\"og:image:type\" content=\"image\/jpeg\" \/>\n<meta name=\"twitter:card\" content=\"summary_large_image\" \/>\n<meta name=\"twitter:label1\" content=\"\u01af\u1edbc t\u00ednh th\u1eddi gian \u0111\u1ecdc\" \/>\n\t<meta name=\"twitter:data1\" content=\"1 ph\u00fat\" \/>\n<script type=\"application\/ld+json\" class=\"yoast-schema-graph\">{\"@context\":\"https:\/\/schema.org\",\"@graph\":[{\"@type\":\"WebPage\",\"@id\":\"https:\/\/testwebsite.citygame.com\/vi\/games\/casablanca\/sherlock-holmes-casablanca\/\",\"url\":\"https:\/\/testwebsite.citygame.com\/vi\/games\/casablanca\/sherlock-holmes-casablanca\/\",\"name\":\"Sherlock Holmes Casablanca - City Game\",\"isPartOf\":{\"@id\":\"https:\/\/testwebsite.upevents.nl\/#website\"},\"primaryImageOfPage\":{\"@id\":\"https:\/\/testwebsite.citygame.com\/vi\/games\/casablanca\/sherlock-holmes-casablanca\/#primaryimage\"},\"image\":{\"@id\":\"https:\/\/testwebsite.citygame.com\/vi\/games\/casablanca\/sherlock-holmes-casablanca\/#primaryimage\"},\"thumbnailUrl\":\"https:\/\/testwebsite.citygame.com\/wp-content\/blogs.dir\/1\/files\/sites\/62\/2026\/02\/woman-playing-syndicate-game-in-a-moroccan-courtyard-in-casablanca.jpg\",\"datePublished\":\"2026-02-19T16:07:56+00:00\",\"dateModified\":\"2026-04-08T09:20:31+00:00\",\"description\":\"Sherlock Holmes Casablanca. Ch\u01a1i m\u1ed9t tr\u00f2 ch\u01a1i th\u00e0nh ph\u1ed1 b\u00ed \u1ea9n t\u1ef1 h\u01b0\u1edbng d\u1eabn, gi\u1ea3i c\u00e1c c\u00e2u \u0111\u1ed1, theo d\u00f5i manh m\u1ed1i v\u00e0 kh\u00e1m ph\u00e1 k\u1ebb s\u00e1t nh\u00e2n theo t\u1ed1c \u0111\u1ed9 c\u1ee7a ri\u00eang b\u1ea1n!\",\"breadcrumb\":{\"@id\":\"https:\/\/testwebsite.citygame.com\/vi\/games\/casablanca\/sherlock-holmes-casablanca\/#breadcrumb\"},\"inLanguage\":\"vi\",\"potentialAction\":[{\"@type\":\"ReadAction\",\"target\":[\"https:\/\/testwebsite.citygame.com\/vi\/games\/casablanca\/sherlock-holmes-casablanca\/\"]}]},{\"@type\":\"ImageObject\",\"inLanguage\":\"vi\",\"@id\":\"https:\/\/testwebsite.citygame.com\/vi\/games\/casablanca\/sherlock-holmes-casablanca\/#primaryimage\",\"url\":\"https:\/\/testwebsite.citygame.com\/wp-content\/blogs.dir\/1\/files\/sites\/62\/2026\/02\/woman-playing-syndicate-game-in-a-moroccan-courtyard-in-casablanca.jpg\",\"contentUrl\":\"https:\/\/testwebsite.citygame.com\/wp-content\/blogs.dir\/1\/files\/sites\/62\/2026\/02\/woman-playing-syndicate-game-in-a-moroccan-courtyard-in-casablanca.jpg\",\"width\":1024,\"height\":1024,\"caption\":\"A young woman uses her smartphone in a beautiful, traditional courtyard in Casablanca, Morocco.\"},{\"@type\":\"BreadcrumbList\",\"@id\":\"https:\/\/testwebsite.citygame.com\/vi\/games\/casablanca\/sherlock-holmes-casablanca\/#breadcrumb\",\"itemListElement\":[{\"@type\":\"ListItem\",\"position\":1,\"name\":\"Home\",\"item\":\"https:\/\/testwebsite.citygame.com\/vi\/\"},{\"@type\":\"ListItem\",\"position\":2,\"name\":\"Shop\",\"item\":\"https:\/\/testwebsite.citygame.com\/shop\/\"},{\"@type\":\"ListItem\",\"position\":3,\"name\":\"Sherlock Holmes Casablanca\"}]},{\"@type\":\"WebSite\",\"@id\":\"https:\/\/testwebsite.upevents.nl\/#website\",\"url\":\"https:\/\/testwebsite.upevents.nl\/\",\"name\":\"City Game\",\"description\":\"\",\"publisher\":{\"@id\":\"https:\/\/testwebsite.upevents.nl\/#organization\"},\"alternateName\":\"citygame.com\",\"potentialAction\":[{\"@type\":\"SearchAction\",\"target\":{\"@type\":\"EntryPoint\",\"urlTemplate\":\"https:\/\/testwebsite.upevents.nl\/?s={search_term_string}\"},\"query-input\":{\"@type\":\"PropertyValueSpecification\",\"valueRequired\":true,\"valueName\":\"search_term_string\"}}],\"inLanguage\":\"vi\"},{\"@type\":[\"Organization\",\"Place\"],\"@id\":\"https:\/\/testwebsite.upevents.nl\/#organization\",\"name\":\"City Game\",\"alternateName\":\"citygame.com\",\"url\":\"https:\/\/testwebsite.upevents.nl\/\",\"logo\":{\"@id\":\"https:\/\/testwebsite.citygame.com\/vi\/games\/casablanca\/sherlock-holmes-casablanca\/#local-main-organization-logo\"},\"image\":{\"@id\":\"https:\/\/testwebsite.citygame.com\/vi\/games\/casablanca\/sherlock-holmes-casablanca\/#local-main-organization-logo\"},\"sameAs\":[\"https:\/\/www.facebook.com\/profile.php?id=100086426226253\",\"https:\/\/www.instagram.com\/citygame_com\",\"https:\/\/www.tiktok.com\/@citygamecom\/\",\"https:\/\/www.linkedin.com\/company\/citygame-com\"],\"description\":\"Turn any city into a playground with our interactive City Games and self-guided tours. Fun, flexible, and ideal for groups and team building.\",\"telephone\":[],\"openingHoursSpecification\":[{\"@type\":\"OpeningHoursSpecification\",\"dayOfWeek\":[\"Monday\",\"Tuesday\",\"Wednesday\",\"Thursday\",\"Friday\",\"Saturday\",\"Sunday\"],\"opens\":\"09:00\",\"closes\":\"17:00\"}]},{\"@type\":\"ImageObject\",\"inLanguage\":\"vi\",\"@id\":\"https:\/\/testwebsite.citygame.com\/vi\/games\/casablanca\/sherlock-holmes-casablanca\/#local-main-organization-logo\",\"url\":\"https:\/\/testwebsite.citygame.com\/wp-content\/blogs.dir\/1\/files\/sites\/62\/2025\/10\/CG_LOGO-City-Game.png\",\"contentUrl\":\"https:\/\/testwebsite.citygame.com\/wp-content\/blogs.dir\/1\/files\/sites\/62\/2025\/10\/CG_LOGO-City-Game.png\",\"width\":351,\"height\":377,\"caption\":\"City Game\"}]}<\/script>\n<!-- \/ Yoast SEO Premium plugin. -->","yoast_head_json":{"title":"Sherlock Holmes Casablanca - City Game","description":"Sherlock Holmes Casablanca. Ch\u01a1i m\u1ed9t tr\u00f2 ch\u01a1i th\u00e0nh ph\u1ed1 b\u00ed \u1ea9n t\u1ef1 h\u01b0\u1edbng d\u1eabn, gi\u1ea3i c\u00e1c c\u00e2u \u0111\u1ed1, theo d\u00f5i manh m\u1ed1i v\u00e0 kh\u00e1m ph\u00e1 k\u1ebb s\u00e1t nh\u00e2n theo t\u1ed1c \u0111\u1ed9 c\u1ee7a ri\u00eang b\u1ea1n!","robots":{"index":"noindex","follow":"follow","max-snippet":"max-snippet:-1","max-image-preview":"max-image-preview:large","max-video-preview":"max-video-preview:-1"},"og_locale":"vi_VN","og_type":"article","og_title":"Sherlock Holmes Casablanca","og_description":"Sherlock Holmes Casablanca. Ch\u01a1i m\u1ed9t tr\u00f2 ch\u01a1i th\u00e0nh ph\u1ed1 b\u00ed \u1ea9n t\u1ef1 h\u01b0\u1edbng d\u1eabn, gi\u1ea3i c\u00e1c c\u00e2u \u0111\u1ed1, theo d\u00f5i manh m\u1ed1i v\u00e0 kh\u00e1m ph\u00e1 k\u1ebb s\u00e1t nh\u00e2n theo t\u1ed1c \u0111\u1ed9 c\u1ee7a ri\u00eang b\u1ea1n!","og_url":"https:\/\/testwebsite.citygame.com\/vi\/games\/casablanca\/sherlock-holmes-casablanca\/","og_site_name":"City Game","article_publisher":"https:\/\/www.facebook.com\/profile.php?id=100086426226253","article_modified_time":"2026-04-08T09:20:31+00:00","og_image":[{"width":1024,"height":1024,"url":"https:\/\/testwebsite.citygame.com\/wp-content\/blogs.dir\/1\/files\/sites\/62\/2026\/02\/woman-playing-syndicate-game-in-a-moroccan-courtyard-in-casablanca.jpg","type":"image\/jpeg"}],"twitter_card":"summary_large_image","twitter_misc":{"\u01af\u1edbc t\u00ednh th\u1eddi gian \u0111\u1ecdc":"1 ph\u00fat"},"schema":{"@context":"https:\/\/schema.org","@graph":[{"@type":"WebPage","@id":"https:\/\/testwebsite.citygame.com\/vi\/games\/casablanca\/sherlock-holmes-casablanca\/","url":"https:\/\/testwebsite.citygame.com\/vi\/games\/casablanca\/sherlock-holmes-casablanca\/","name":"Sherlock Holmes Casablanca - City Game","isPartOf":{"@id":"https:\/\/testwebsite.upevents.nl\/#website"},"primaryImageOfPage":{"@id":"https:\/\/testwebsite.citygame.com\/vi\/games\/casablanca\/sherlock-holmes-casablanca\/#primaryimage"},"image":{"@id":"https:\/\/testwebsite.citygame.com\/vi\/games\/casablanca\/sherlock-holmes-casablanca\/#primaryimage"},"thumbnailUrl":"https:\/\/testwebsite.citygame.com\/wp-content\/blogs.dir\/1\/files\/sites\/62\/2026\/02\/woman-playing-syndicate-game-in-a-moroccan-courtyard-in-casablanca.jpg","datePublished":"2026-02-19T16:07:56+00:00","dateModified":"2026-04-08T09:20:31+00:00","description":"Sherlock Holmes Casablanca. Ch\u01a1i m\u1ed9t tr\u00f2 ch\u01a1i th\u00e0nh ph\u1ed1 b\u00ed \u1ea9n t\u1ef1 h\u01b0\u1edbng d\u1eabn, gi\u1ea3i c\u00e1c c\u00e2u \u0111\u1ed1, theo d\u00f5i manh m\u1ed1i v\u00e0 kh\u00e1m ph\u00e1 k\u1ebb s\u00e1t nh\u00e2n theo t\u1ed1c \u0111\u1ed9 c\u1ee7a ri\u00eang b\u1ea1n!","breadcrumb":{"@id":"https:\/\/testwebsite.citygame.com\/vi\/games\/casablanca\/sherlock-holmes-casablanca\/#breadcrumb"},"inLanguage":"vi","potentialAction":[{"@type":"ReadAction","target":["https:\/\/testwebsite.citygame.com\/vi\/games\/casablanca\/sherlock-holmes-casablanca\/"]}]},{"@type":"ImageObject","inLanguage":"vi","@id":"https:\/\/testwebsite.citygame.com\/vi\/games\/casablanca\/sherlock-holmes-casablanca\/#primaryimage","url":"https:\/\/testwebsite.citygame.com\/wp-content\/blogs.dir\/1\/files\/sites\/62\/2026\/02\/woman-playing-syndicate-game-in-a-moroccan-courtyard-in-casablanca.jpg","contentUrl":"https:\/\/testwebsite.citygame.com\/wp-content\/blogs.dir\/1\/files\/sites\/62\/2026\/02\/woman-playing-syndicate-game-in-a-moroccan-courtyard-in-casablanca.jpg","width":1024,"height":1024,"caption":"A young woman uses her smartphone in a beautiful, traditional courtyard in Casablanca, Morocco."},{"@type":"BreadcrumbList","@id":"https:\/\/testwebsite.citygame.com\/vi\/games\/casablanca\/sherlock-holmes-casablanca\/#breadcrumb","itemListElement":[{"@type":"ListItem","position":1,"name":"Home","item":"https:\/\/testwebsite.citygame.com\/vi\/"},{"@type":"ListItem","position":2,"name":"Shop","item":"https:\/\/testwebsite.citygame.com\/shop\/"},{"@type":"ListItem","position":3,"name":"Sherlock Holmes Casablanca"}]},{"@type":"WebSite","@id":"https:\/\/testwebsite.upevents.nl\/#website","url":"https:\/\/testwebsite.upevents.nl\/","name":"City Game","description":"","publisher":{"@id":"https:\/\/testwebsite.upevents.nl\/#organization"},"alternateName":"citygame.com","potentialAction":[{"@type":"SearchAction","target":{"@type":"EntryPoint","urlTemplate":"https:\/\/testwebsite.upevents.nl\/?s={search_term_string}"},"query-input":{"@type":"PropertyValueSpecification","valueRequired":true,"valueName":"search_term_string"}}],"inLanguage":"vi"},{"@type":["Organization","Place"],"@id":"https:\/\/testwebsite.upevents.nl\/#organization","name":"City Game","alternateName":"citygame.com","url":"https:\/\/testwebsite.upevents.nl\/","logo":{"@id":"https:\/\/testwebsite.citygame.com\/vi\/games\/casablanca\/sherlock-holmes-casablanca\/#local-main-organization-logo"},"image":{"@id":"https:\/\/testwebsite.citygame.com\/vi\/games\/casablanca\/sherlock-holmes-casablanca\/#local-main-organization-logo"},"sameAs":["https:\/\/www.facebook.com\/profile.php?id=100086426226253","https:\/\/www.instagram.com\/citygame_com","https:\/\/www.tiktok.com\/@citygamecom\/","https:\/\/www.linkedin.com\/company\/citygame-com"],"description":"Turn any city into a playground with our interactive City Games and self-guided tours. Fun, flexible, and ideal for groups and team building.","telephone":[],"openingHoursSpecification":[{"@type":"OpeningHoursSpecification","dayOfWeek":["Monday","Tuesday","Wednesday","Thursday","Friday","Saturday","Sunday"],"opens":"09:00","closes":"17:00"}]},{"@type":"ImageObject","inLanguage":"vi","@id":"https:\/\/testwebsite.citygame.com\/vi\/games\/casablanca\/sherlock-holmes-casablanca\/#local-main-organization-logo","url":"https:\/\/testwebsite.citygame.com\/wp-content\/blogs.dir\/1\/files\/sites\/62\/2025\/10\/CG_LOGO-City-Game.png","contentUrl":"https:\/\/testwebsite.citygame.com\/wp-content\/blogs.dir\/1\/files\/sites\/62\/2025\/10\/CG_LOGO-City-Game.png","width":351,"height":377,"caption":"City Game"}]}},"taxonomy_info":{"game-concept":[{"value":794,"label":"Sherlock"}],"location":[{"value":116,"label":"Casablanca"}],"product_cat":[{"value":27,"label":"Geen categorie"}]},"featured_image_src_large":["https:\/\/testwebsite.citygame.com\/wp-content\/blogs.dir\/1\/files\/sites\/62\/2026\/02\/woman-playing-syndicate-game-in-a-moroccan-courtyard-in-casablanca.jpg",1024,1024,false],"author_info":[],"comment_info":"","_links":{"self":[{"href":"https:\/\/testwebsite.citygame.com\/vi\/wp-json\/wp\/v2\/product\/62285","targetHints":{"allow":["GET"]}}],"collection":[{"href":"https:\/\/testwebsite.citygame.com\/vi\/wp-json\/wp\/v2\/product"}],"about":[{"href":"https:\/\/testwebsite.citygame.com\/vi\/wp-json\/wp\/v2\/types\/product"}],"acf:post":[{"embeddable":true,"href":"https:\/\/testwebsite.citygame.com\/vi\/wp-json\/wp\/v2\/pages\/9349"}],"wp:featuredmedia":[{"embeddable":true,"href":"https:\/\/testwebsite.citygame.com\/vi\/wp-json\/wp\/v2\/media\/15010"}],"wp:attachment":[{"href":"https:\/\/testwebsite.citygame.com\/vi\/wp-json\/wp\/v2\/media?parent=62285"}],"wp:term":[{"taxonomy":"game-concept","embeddable":true,"href":"https:\/\/testwebsite.citygame.com\/vi\/wp-json\/wp\/v2\/game-concept?post=62285"},{"taxonomy":"location","embeddable":true,"href":"https:\/\/testwebsite.citygame.com\/vi\/wp-json\/wp\/v2\/location?post=62285"},{"taxonomy":"product_brand","embeddable":true,"href":"https:\/\/testwebsite.citygame.com\/vi\/wp-json\/wp\/v2\/product_brand?post=62285"},{"taxonomy":"product_cat","embeddable":true,"href":"https:\/\/testwebsite.citygame.com\/vi\/wp-json\/wp\/v2\/product_cat?post=62285"},{"taxonomy":"product_tag","embeddable":true,"href":"https:\/\/testwebsite.citygame.com\/vi\/wp-json\/wp\/v2\/product_tag?post=62285"}],"curies":[{"name":"wp","href":"https:\/\/api.w.org\/{rel}","templated":true}]}}