{"id":62143,"date":"2026-02-05T17:22:08","date_gmt":"2026-02-05T17:22:08","guid":{"rendered":"https:\/\/testwebsite.citygame.com\/games\/unknown-location\/sherlock-holmes-stockholm\/"},"modified":"2026-04-08T09:02:48","modified_gmt":"2026-04-08T09:02:48","slug":"sherlock-holmes-stockholm","status":"publish","type":"product","link":"https:\/\/testwebsite.citygame.com\/vi\/games\/stockholm\/sherlock-holmes-stockholm\/","title":{"rendered":"Sherlock Holmes Stockholm"},"content":{"rendered":"<p>B\u01b0\u1edbc v\u00e0o th\u1ebf gi\u1edbi c\u1ee7a Sherlock Holmes v\u1edbi tr\u00f2 ch\u01a1i Th\u00e0nh ph\u1ed1 b\u00ed \u1ea9n gi\u1ebft ng\u01b0\u1eddi t\u1ef1 h\u01b0\u1edbng d\u1eabn, theo c\u1ed1t truy\u1ec7n n\u00e0y, l\u1ea5y b\u1ed1i c\u1ea3nh t\u1ea1i trung t\u00e2m l\u1ecbch s\u1eed Stockholm. V\u1edbi vai tr\u00f2 th\u00e1m t\u1eed, ng\u01b0\u1eddi ch\u01a1i s\u1ebd l\u00e0m s\u00e1ng t\u1ecf s\u1ef1 th\u1eadt \u0111\u1eb1ng sau m\u1ed9t v\u1ee5 \u00e1n m\u1ea1ng x\u1ea3y ra trong L\u1ec5 h\u1ed9i T\u1ef1 do, theo m\u1ed9t c\u00e2u chuy\u1ec7n h\u1ea5p d\u1eabn d\u1eabn h\u1ecd qua nh\u1eefng con ph\u1ed1 \u0111\u1ea7y kh\u00f4ng kh\u00ed, n\u01a1i m\u1ed7i ng\u00e3 r\u1ebd \u0111\u1ec1u h\u00e9 l\u1ed9 nh\u1eefng manh m\u1ed1i m\u1edbi, c\u00e2u \u0111\u1ed1 v\u00e0 c\u00e1c nghi ph\u1ea1m k\u1ef9 thu\u1eadt s\u1ed1 \u0111\u1ec3 th\u1ea9m v\u1ea5n. \u0110\u01b0\u1ee3c thi\u1ebft k\u1ebf \u0111\u1ec3 ch\u01a1i theo t\u1ed1c \u0111\u1ed9 c\u1ee7a ri\u00eang b\u1ea1n, tr\u1ea3i nghi\u1ec7m nh\u1eadp vai n\u00e0y bi\u1ebfn Stockholm th\u00e0nh b\u1ed1i c\u1ea3nh c\u1ee7a m\u1ed9t cu\u1ed9c \u0111i\u1ec1u tra ly k\u1ef3, pha tr\u1ed9n gi\u1eefa b\u00ed \u1ea9n, chi\u1ebfn l\u01b0\u1ee3c v\u00e0 suy lu\u1eadn.<\/p>\n","protected":false},"excerpt":{"rendered":"<p>H\u00e3y h\u00f3a th\u00e2n th\u00e0nh th\u00e1m t\u1eed n\u1ed5i ti\u1ebfng Sherlock Holmes trong m\u1ed9t cu\u1ed9c \u0111i\u1ec1u tra b\u00ed \u1ea9n gi\u1ebft ng\u01b0\u1eddi t\u1ef1 h\u01b0\u1edbng d\u1eabn, l\u1ea5y b\u1ed1i c\u1ea3nh gi\u1eefa nh\u1eefng con ph\u1ed1 quanh co c\u1ee7a Stockholm. C\u00f9ng v\u1edbi \u0111\u1ed9i c\u1ee7a b\u1ea1n, h\u00e3y l\u1ea7n theo m\u00ea cung manh m\u1ed1i, v\u1eadt l\u1ed9n v\u1edbi nh\u1eefng c\u00e2u \u0111\u1ed1 h\u00f3c b\u00faa, v\u00e0 b\u00f3c t\u00e1ch t\u1eebng l\u1edbp l\u1eeba d\u1ed1i \u0111\u1ec3 kh\u00e1m ph\u00e1 s\u1ef1 th\u1eadt r\u1ee3n ng\u01b0\u1eddi &#8211; \u0111\u00f3 l\u00e0 m\u1ed9t cu\u1ed9c \u0111ua v\u1edbi th\u1eddi gian!<\/p>\n","protected":false},"featured_media":10887,"template":"","meta":{"_acf_changed":false,"_yoast_wpseo_focuskw":"Sherlock Holmes Stockholm","_yoast_wpseo_metadesc":"Sherlock Holmes Stockholm. Ch\u01a1i m\u1ed9t tr\u00f2 ch\u01a1i th\u00e0nh ph\u1ed1 gi\u1ea3i m\u00e3 \u00e1n m\u1ea1ng t\u1ef1 h\u01b0\u1edbng d\u1eabn, gi\u1ea3i c\u00e1c c\u00e2u \u0111\u1ed1, theo d\u00f5i manh m\u1ed1i v\u00e0 t\u00ecm ra k\u1ebb s\u00e1t nh\u00e2n theo t\u1ed1c \u0111\u1ed9 c\u1ee7a ri\u00eang b\u1ea1n!","_kad_blocks_custom_css":"","_kad_blocks_head_custom_js":"","_kad_blocks_body_custom_js":"","_kad_blocks_footer_custom_js":"","ghostkit_customizer_options":"","ghostkit_custom_css":"","ghostkit_custom_js_head":"","ghostkit_custom_js_foot":"","ghostkit_typography":"","_kad_post_transparent":"","_kad_post_title":"","_kad_post_layout":"","_kad_post_sidebar_id":"","_kad_post_content_style":"","_kad_post_vertical_padding":"","_kad_post_feature":"","_kad_post_feature_position":"","_kad_post_header":false,"_kad_post_footer":false,"_kad_post_classname":"","_links_to":"","_links_to_target":""},"game-concept":[794],"location":[380],"product_brand":[],"product_cat":[27],"product_tag":[],"class_list":{"0":"post-62143","1":"product","2":"type-product","3":"status-publish","4":"has-post-thumbnail","6":"game-concept-sherlock","7":"location-stockholm","8":"product_cat-geen-categorie","10":"first","11":"instock","12":"shipping-taxable","13":"purchasable","14":"product-type-simple","15":"entry","16":"content-bg","17":"loop-entry"},"acf":{"full_bokun_product_name":"Stockholm Self-Guided Sherlock Holmes Murder Mystery Game","location_name":"Stockholm","bokun_calendar_widget_code":"<script type=\"text\/javascript\" src=\"https:\/\/widgets.bokun.io\/assets\/javascripts\/apps\/build\/BokunWidgetsLoader.js?bookingChannelUUID=a1e93e96-5232-4734-a595-28405f4b5a31\" async><\/script>\n     \n    <div class=\"bokunWidget\" data-src=\"https:\/\/widgets.bokun.io\/online-sales\/a1e93e96-5232-4734-a595-28405f4b5a31\/experience-calendar\/733188\"><\/div>\n    <noscript>Please enable javascript in your browser to book<\/noscript>","bokun_button_widget_code":"<script type=\"text\/javascript\" src=\"https:\/\/widgets.bokun.io\/assets\/javascripts\/apps\/build\/BokunWidgetsLoader.js?bookingChannelUUID=a1e93e96-5232-4734-a595-28405f4b5a31\" async><\/script>\n      <style> #bokun_ed001e45_5927_4f62_b470_ca766338d083 { display: inline-block; padding: .4em 1em; background: #47b82e; border-radius: 999999px; box-shadow: none; font-weight: 600; font-size: 24px; text-decoration: none; text-align: center; color: #FFFFFF; border:none; cursor: pointer; transition: background .2s ease; } #bokun_ed001e45_5927_4f62_b470_ca766338d083:hover{ background: #2f7b1f; } #bokun_ed001e45_5927_4f62_b470_ca766338d083:active{ background: #378f24; } <\/style> <button class=\"bokunButton\" disabled id=bokun_ed001e45_5927_4f62_b470_ca766338d083 data-src=\"https:\/\/widgets.bokun.io\/online-sales\/a1e93e96-5232-4734-a595-28405f4b5a31\/experience-calendar\/733188?partialView=1\" data-testid=\"widget-book-button\" > Book now <\/button> ","what_you\u2019ll_experience_during_the_game":"B\u1ea1n b\u01b0\u1edbc v\u00e0o m\u1ed9t c\u00e2u chuy\u1ec7n trinh th\u00e1m l\u00f4i cu\u1ed1n l\u1ea5y b\u1ed1i c\u1ea3nh \u1edf Stockholm, n\u01a1i m\u1ed7i manh m\u1ed1i d\u1eabn b\u1ea1n s\u00e2u h\u01a1n v\u00e0o b\u00ed \u1ea9n xung quanh m\u1ed9t v\u1ee5 \u00e1n m\u1ea1ng x\u1ea3y ra trong L\u1ec5 h\u1ed9i T\u1ef1 do. Khi b\u1ea1n di chuy\u1ec3n kh\u1eafp th\u00e0nh ph\u1ed1, c\u00e2u chuy\u1ec7n d\u1ea7n h\u00e9 m\u1edf t\u1eebng ch\u00fat m\u1ed9t, k\u00e9o b\u1ea1n v\u00e0o m\u1ed9t th\u1ebf gi\u1edbi c\u1ee7a nh\u1eefng \u0111\u1ed9ng c\u01a1 \u1ea9n gi\u1ea5u v\u00e0 nh\u1eefng m\u1ed1i li\u00ean h\u1ec7 b\u1ea5t ng\u1edd. Nhi\u1ec7m v\u1ee5 c\u1ee7a b\u1ea1n \u0111\u00f2i h\u1ecfi kh\u1ea3 n\u0103ng quan s\u00e1t tinh t\u01b0\u1eddng, t\u01b0 duy ph\u1ea3n bi\u1ec7n v\u00e0 b\u1ea3n n\u0103ng c\u1ee7a m\u1ed9t \u0111i\u1ec1u tra vi\u00ean d\u00e0y d\u1eb7n kinh nghi\u1ec7m khi b\u1ea1n t\u00ecm ki\u1ebfm b\u1eb1ng ch\u1ee9ng, gi\u1ea3i m\u00e3 c\u00e1c c\u00e2u \u0111\u1ed1 v\u00e0 l\u1ea7n theo d\u1ea5u v\u1ebft m\u00e0 kh\u00f4ng ai kh\u00e1c nh\u1eadn ra.\n\nCu\u1ed9c \u0111i\u1ec1u tra ho\u00e0n to\u00e0n theo c\u1ed1t truy\u1ec7n, ngh\u0129a l\u00e0 m\u1ed7i quy\u1ebft \u0111\u1ecbnh \u0111\u1ec1u \u0111\u1ecbnh h\u00ecnh s\u1ef1 hi\u1ec3u bi\u1ebft c\u1ee7a b\u1ea1n v\u1ec1 v\u1ee5 \u00e1n. B\u1ea1n s\u1ebd th\u1ea9m v\u1ea5n c\u00e1c nghi ph\u1ea1m k\u1ef9 thu\u1eadt s\u1ed1, ph\u00e2n t\u00edch ch\u1ee9ng c\u1ee9 ngo\u1ea1i ph\u1ea1m v\u00e0 ph\u00e1t hi\u1ec7n nh\u1eefng m\u00e2u thu\u1eabn c\u00f3 th\u1ec3 h\u00e9 l\u1ed9 s\u1ef1 th\u1eadt. Nh\u1eefng t\u00ecnh ti\u1ebft b\u1ea5t ng\u1edd trong c\u1ed1t truy\u1ec7n th\u00e1ch th\u1ee9c tr\u1ef1c gi\u00e1c c\u1ee7a b\u1ea1n \u1edf m\u1ed7i l\u01b0\u1ee3t, v\u00e0 ch\u1ec9 th\u00f4ng qua suy lu\u1eadn c\u1ea9n th\u1eadn, b\u1ea1n m\u1edbi c\u00f3 th\u1ec3 ti\u1ebft l\u1ed9 \u0111i\u1ec1u g\u00ec th\u1ef1c s\u1ef1 \u0111\u00e3 x\u1ea3y ra. B\u1ea1n c\u00f3 th\u1ec3 ch\u01a1i ho\u00e0n to\u00e0n theo t\u1ed1c \u0111\u1ed9 c\u1ee7a ri\u00eang m\u00ecnh, t\u1ea1m d\u1eebng v\u00e0 ti\u1ebfp t\u1ee5c khi ph\u00f9 h\u1ee3p v\u1edbi b\u1ea1n. N\u1ebfu b\u1ea1n \u1edf trong m\u1ed9t \u0111\u1ed9i, b\u1ea1n th\u1eadm ch\u00ed c\u00f3 th\u1ec3 kh\u00e1m ph\u00e1 m\u1ed9t l\u1ee3i th\u1ebf c\u1ea1nh tranh ly k\u1ef3 khi ch\u1ea1y \u0111ua \u0111\u1ec3 gi\u1ea3i quy\u1ebft v\u1ee5 \u00e1n tr\u01b0\u1edbc ti\u00ean.","how_to_play":"Ch\u01a1i m\u1ed9t m\u00ecnh ho\u1eb7c c\u00f9ng b\u1ea1n b\u00e8, gia \u0111\u00ecnh, ho\u1eb7c \u0111\u1ed3ng nghi\u1ec7p trong c\u00e1c \u0111\u1ed9i t\u1ed1i \u0111a b\u1ed1n ng\u01b0\u1eddi m\u1ed7i thi\u1ebft b\u1ecb. Sau khi \u0111\u1eb7t ch\u1ed7, b\u1ea1n s\u1ebd nh\u1eadn \u0111\u01b0\u1ee3c m\u1ed9t email h\u01b0\u1edbng d\u1eabn v\u1edbi m\u1ecdi th\u1ee9 b\u1ea1n c\u1ea7n.","start_location":"Stockholm, Stortorget","available_languages":["en","es","fr","de","it","nl"],"players_per_group":"1-4","duration":"1.5-2 hours","image_overlay_color_image":"https:\/\/testwebsite.citygame.com\/wp-content\/blogs.dir\/1\/files\/sites\/62\/2026\/01\/SherlockColor.svg","image_overlay_game_logo":"https:\/\/testwebsite.citygame.com\/wp-content\/blogs.dir\/1\/files\/sites\/62\/2026\/01\/SherlockLogo.png","city_page":5571,"woocommerce_general_content":null},"yoast_head":"<!-- This site is optimized with the Yoast SEO Premium plugin v26.2 (Yoast SEO v26.3) - https:\/\/yoast.com\/wordpress\/plugins\/seo\/ -->\n<title>Sherlock Holmes Stockholm - City Game<\/title>\n<meta name=\"description\" content=\"Sherlock Holmes Stockholm. Ch\u01a1i m\u1ed9t tr\u00f2 ch\u01a1i th\u00e0nh ph\u1ed1 gi\u1ea3i m\u00e3 \u00e1n m\u1ea1ng t\u1ef1 h\u01b0\u1edbng d\u1eabn, gi\u1ea3i c\u00e1c c\u00e2u \u0111\u1ed1, theo d\u00f5i manh m\u1ed1i v\u00e0 t\u00ecm ra k\u1ebb s\u00e1t nh\u00e2n theo t\u1ed1c \u0111\u1ed9 c\u1ee7a ri\u00eang b\u1ea1n!\" \/>\n<meta name=\"robots\" content=\"noindex, follow, max-snippet:-1, max-image-preview:large, max-video-preview:-1\" \/>\n<meta property=\"og:locale\" content=\"vi_VN\" \/>\n<meta property=\"og:type\" content=\"article\" \/>\n<meta property=\"og:title\" content=\"Sherlock Holmes Stockholm\" \/>\n<meta property=\"og:description\" content=\"Sherlock Holmes Stockholm. Ch\u01a1i m\u1ed9t tr\u00f2 ch\u01a1i th\u00e0nh ph\u1ed1 gi\u1ea3i m\u00e3 \u00e1n m\u1ea1ng t\u1ef1 h\u01b0\u1edbng d\u1eabn, gi\u1ea3i c\u00e1c c\u00e2u \u0111\u1ed1, theo d\u00f5i manh m\u1ed1i v\u00e0 t\u00ecm ra k\u1ebb s\u00e1t nh\u00e2n theo t\u1ed1c \u0111\u1ed9 c\u1ee7a ri\u00eang b\u1ea1n!\" \/>\n<meta property=\"og:url\" content=\"https:\/\/testwebsite.citygame.com\/vi\/games\/stockholm\/sherlock-holmes-stockholm\/\" \/>\n<meta property=\"og:site_name\" content=\"City Game\" \/>\n<meta property=\"article:publisher\" content=\"https:\/\/www.facebook.com\/profile.php?id=100086426226253\" \/>\n<meta property=\"article:modified_time\" content=\"2026-04-08T09:02:48+00:00\" \/>\n<meta property=\"og:image\" content=\"https:\/\/testwebsite.citygame.com\/wp-content\/blogs.dir\/1\/files\/sites\/62\/2026\/02\/woman-playing-sherlock-city-game-stockholm-street.jpg\" \/>\n\t<meta property=\"og:image:width\" content=\"1344\" \/>\n\t<meta property=\"og:image:height\" content=\"768\" \/>\n\t<meta property=\"og:image:type\" content=\"image\/jpeg\" \/>\n<meta name=\"twitter:card\" content=\"summary_large_image\" \/>\n<meta name=\"twitter:label1\" content=\"\u01af\u1edbc t\u00ednh th\u1eddi gian \u0111\u1ecdc\" \/>\n\t<meta name=\"twitter:data1\" content=\"1 ph\u00fat\" \/>\n<script type=\"application\/ld+json\" class=\"yoast-schema-graph\">{\"@context\":\"https:\/\/schema.org\",\"@graph\":[{\"@type\":\"WebPage\",\"@id\":\"https:\/\/testwebsite.citygame.com\/vi\/games\/stockholm\/sherlock-holmes-stockholm\/\",\"url\":\"https:\/\/testwebsite.citygame.com\/vi\/games\/stockholm\/sherlock-holmes-stockholm\/\",\"name\":\"Sherlock Holmes Stockholm - City Game\",\"isPartOf\":{\"@id\":\"https:\/\/testwebsite.upevents.nl\/#website\"},\"primaryImageOfPage\":{\"@id\":\"https:\/\/testwebsite.citygame.com\/vi\/games\/stockholm\/sherlock-holmes-stockholm\/#primaryimage\"},\"image\":{\"@id\":\"https:\/\/testwebsite.citygame.com\/vi\/games\/stockholm\/sherlock-holmes-stockholm\/#primaryimage\"},\"thumbnailUrl\":\"https:\/\/testwebsite.citygame.com\/wp-content\/blogs.dir\/1\/files\/sites\/62\/2026\/02\/woman-playing-sherlock-city-game-stockholm-street.jpg\",\"datePublished\":\"2026-02-05T17:22:08+00:00\",\"dateModified\":\"2026-04-08T09:02:48+00:00\",\"description\":\"Sherlock Holmes Stockholm. Ch\u01a1i m\u1ed9t tr\u00f2 ch\u01a1i th\u00e0nh ph\u1ed1 gi\u1ea3i m\u00e3 \u00e1n m\u1ea1ng t\u1ef1 h\u01b0\u1edbng d\u1eabn, gi\u1ea3i c\u00e1c c\u00e2u \u0111\u1ed1, theo d\u00f5i manh m\u1ed1i v\u00e0 t\u00ecm ra k\u1ebb s\u00e1t nh\u00e2n theo t\u1ed1c \u0111\u1ed9 c\u1ee7a ri\u00eang b\u1ea1n!\",\"breadcrumb\":{\"@id\":\"https:\/\/testwebsite.citygame.com\/vi\/games\/stockholm\/sherlock-holmes-stockholm\/#breadcrumb\"},\"inLanguage\":\"vi\",\"potentialAction\":[{\"@type\":\"ReadAction\",\"target\":[\"https:\/\/testwebsite.citygame.com\/vi\/games\/stockholm\/sherlock-holmes-stockholm\/\"]}]},{\"@type\":\"ImageObject\",\"inLanguage\":\"vi\",\"@id\":\"https:\/\/testwebsite.citygame.com\/vi\/games\/stockholm\/sherlock-holmes-stockholm\/#primaryimage\",\"url\":\"https:\/\/testwebsite.citygame.com\/wp-content\/blogs.dir\/1\/files\/sites\/62\/2026\/02\/woman-playing-sherlock-city-game-stockholm-street.jpg\",\"contentUrl\":\"https:\/\/testwebsite.citygame.com\/wp-content\/blogs.dir\/1\/files\/sites\/62\/2026\/02\/woman-playing-sherlock-city-game-stockholm-street.jpg\",\"width\":1344,\"height\":768,\"caption\":\"A player uses her phone to navigate the historic streets of Stockholm during a game.\"},{\"@type\":\"BreadcrumbList\",\"@id\":\"https:\/\/testwebsite.citygame.com\/vi\/games\/stockholm\/sherlock-holmes-stockholm\/#breadcrumb\",\"itemListElement\":[{\"@type\":\"ListItem\",\"position\":1,\"name\":\"Home\",\"item\":\"https:\/\/testwebsite.citygame.com\/vi\/\"},{\"@type\":\"ListItem\",\"position\":2,\"name\":\"Shop\",\"item\":\"https:\/\/testwebsite.citygame.com\/shop\/\"},{\"@type\":\"ListItem\",\"position\":3,\"name\":\"Sherlock Holmes Stockholm\"}]},{\"@type\":\"WebSite\",\"@id\":\"https:\/\/testwebsite.upevents.nl\/#website\",\"url\":\"https:\/\/testwebsite.upevents.nl\/\",\"name\":\"City Game\",\"description\":\"\",\"publisher\":{\"@id\":\"https:\/\/testwebsite.upevents.nl\/#organization\"},\"alternateName\":\"citygame.com\",\"potentialAction\":[{\"@type\":\"SearchAction\",\"target\":{\"@type\":\"EntryPoint\",\"urlTemplate\":\"https:\/\/testwebsite.upevents.nl\/?s={search_term_string}\"},\"query-input\":{\"@type\":\"PropertyValueSpecification\",\"valueRequired\":true,\"valueName\":\"search_term_string\"}}],\"inLanguage\":\"vi\"},{\"@type\":[\"Organization\",\"Place\"],\"@id\":\"https:\/\/testwebsite.upevents.nl\/#organization\",\"name\":\"City Game\",\"alternateName\":\"citygame.com\",\"url\":\"https:\/\/testwebsite.upevents.nl\/\",\"logo\":{\"@id\":\"https:\/\/testwebsite.citygame.com\/vi\/games\/stockholm\/sherlock-holmes-stockholm\/#local-main-organization-logo\"},\"image\":{\"@id\":\"https:\/\/testwebsite.citygame.com\/vi\/games\/stockholm\/sherlock-holmes-stockholm\/#local-main-organization-logo\"},\"sameAs\":[\"https:\/\/www.facebook.com\/profile.php?id=100086426226253\",\"https:\/\/www.instagram.com\/citygame_com\",\"https:\/\/www.tiktok.com\/@citygamecom\/\",\"https:\/\/www.linkedin.com\/company\/citygame-com\"],\"description\":\"Turn any city into a playground with our interactive City Games and self-guided tours. Fun, flexible, and ideal for groups and team building.\",\"telephone\":[],\"openingHoursSpecification\":[{\"@type\":\"OpeningHoursSpecification\",\"dayOfWeek\":[\"Monday\",\"Tuesday\",\"Wednesday\",\"Thursday\",\"Friday\",\"Saturday\",\"Sunday\"],\"opens\":\"09:00\",\"closes\":\"17:00\"}]},{\"@type\":\"ImageObject\",\"inLanguage\":\"vi\",\"@id\":\"https:\/\/testwebsite.citygame.com\/vi\/games\/stockholm\/sherlock-holmes-stockholm\/#local-main-organization-logo\",\"url\":\"https:\/\/testwebsite.citygame.com\/wp-content\/blogs.dir\/1\/files\/sites\/62\/2025\/10\/CG_LOGO-City-Game.png\",\"contentUrl\":\"https:\/\/testwebsite.citygame.com\/wp-content\/blogs.dir\/1\/files\/sites\/62\/2025\/10\/CG_LOGO-City-Game.png\",\"width\":351,\"height\":377,\"caption\":\"City Game\"}]}<\/script>\n<!-- \/ Yoast SEO Premium plugin. -->","yoast_head_json":{"title":"Sherlock Holmes Stockholm - City Game","description":"Sherlock Holmes Stockholm. Ch\u01a1i m\u1ed9t tr\u00f2 ch\u01a1i th\u00e0nh ph\u1ed1 gi\u1ea3i m\u00e3 \u00e1n m\u1ea1ng t\u1ef1 h\u01b0\u1edbng d\u1eabn, gi\u1ea3i c\u00e1c c\u00e2u \u0111\u1ed1, theo d\u00f5i manh m\u1ed1i v\u00e0 t\u00ecm ra k\u1ebb s\u00e1t nh\u00e2n theo t\u1ed1c \u0111\u1ed9 c\u1ee7a ri\u00eang b\u1ea1n!","robots":{"index":"noindex","follow":"follow","max-snippet":"max-snippet:-1","max-image-preview":"max-image-preview:large","max-video-preview":"max-video-preview:-1"},"og_locale":"vi_VN","og_type":"article","og_title":"Sherlock Holmes Stockholm","og_description":"Sherlock Holmes Stockholm. Ch\u01a1i m\u1ed9t tr\u00f2 ch\u01a1i th\u00e0nh ph\u1ed1 gi\u1ea3i m\u00e3 \u00e1n m\u1ea1ng t\u1ef1 h\u01b0\u1edbng d\u1eabn, gi\u1ea3i c\u00e1c c\u00e2u \u0111\u1ed1, theo d\u00f5i manh m\u1ed1i v\u00e0 t\u00ecm ra k\u1ebb s\u00e1t nh\u00e2n theo t\u1ed1c \u0111\u1ed9 c\u1ee7a ri\u00eang b\u1ea1n!","og_url":"https:\/\/testwebsite.citygame.com\/vi\/games\/stockholm\/sherlock-holmes-stockholm\/","og_site_name":"City Game","article_publisher":"https:\/\/www.facebook.com\/profile.php?id=100086426226253","article_modified_time":"2026-04-08T09:02:48+00:00","og_image":[{"width":1344,"height":768,"url":"https:\/\/testwebsite.citygame.com\/wp-content\/blogs.dir\/1\/files\/sites\/62\/2026\/02\/woman-playing-sherlock-city-game-stockholm-street.jpg","type":"image\/jpeg"}],"twitter_card":"summary_large_image","twitter_misc":{"\u01af\u1edbc t\u00ednh th\u1eddi gian \u0111\u1ecdc":"1 ph\u00fat"},"schema":{"@context":"https:\/\/schema.org","@graph":[{"@type":"WebPage","@id":"https:\/\/testwebsite.citygame.com\/vi\/games\/stockholm\/sherlock-holmes-stockholm\/","url":"https:\/\/testwebsite.citygame.com\/vi\/games\/stockholm\/sherlock-holmes-stockholm\/","name":"Sherlock Holmes Stockholm - City Game","isPartOf":{"@id":"https:\/\/testwebsite.upevents.nl\/#website"},"primaryImageOfPage":{"@id":"https:\/\/testwebsite.citygame.com\/vi\/games\/stockholm\/sherlock-holmes-stockholm\/#primaryimage"},"image":{"@id":"https:\/\/testwebsite.citygame.com\/vi\/games\/stockholm\/sherlock-holmes-stockholm\/#primaryimage"},"thumbnailUrl":"https:\/\/testwebsite.citygame.com\/wp-content\/blogs.dir\/1\/files\/sites\/62\/2026\/02\/woman-playing-sherlock-city-game-stockholm-street.jpg","datePublished":"2026-02-05T17:22:08+00:00","dateModified":"2026-04-08T09:02:48+00:00","description":"Sherlock Holmes Stockholm. Ch\u01a1i m\u1ed9t tr\u00f2 ch\u01a1i th\u00e0nh ph\u1ed1 gi\u1ea3i m\u00e3 \u00e1n m\u1ea1ng t\u1ef1 h\u01b0\u1edbng d\u1eabn, gi\u1ea3i c\u00e1c c\u00e2u \u0111\u1ed1, theo d\u00f5i manh m\u1ed1i v\u00e0 t\u00ecm ra k\u1ebb s\u00e1t nh\u00e2n theo t\u1ed1c \u0111\u1ed9 c\u1ee7a ri\u00eang b\u1ea1n!","breadcrumb":{"@id":"https:\/\/testwebsite.citygame.com\/vi\/games\/stockholm\/sherlock-holmes-stockholm\/#breadcrumb"},"inLanguage":"vi","potentialAction":[{"@type":"ReadAction","target":["https:\/\/testwebsite.citygame.com\/vi\/games\/stockholm\/sherlock-holmes-stockholm\/"]}]},{"@type":"ImageObject","inLanguage":"vi","@id":"https:\/\/testwebsite.citygame.com\/vi\/games\/stockholm\/sherlock-holmes-stockholm\/#primaryimage","url":"https:\/\/testwebsite.citygame.com\/wp-content\/blogs.dir\/1\/files\/sites\/62\/2026\/02\/woman-playing-sherlock-city-game-stockholm-street.jpg","contentUrl":"https:\/\/testwebsite.citygame.com\/wp-content\/blogs.dir\/1\/files\/sites\/62\/2026\/02\/woman-playing-sherlock-city-game-stockholm-street.jpg","width":1344,"height":768,"caption":"A player uses her phone to navigate the historic streets of Stockholm during a game."},{"@type":"BreadcrumbList","@id":"https:\/\/testwebsite.citygame.com\/vi\/games\/stockholm\/sherlock-holmes-stockholm\/#breadcrumb","itemListElement":[{"@type":"ListItem","position":1,"name":"Home","item":"https:\/\/testwebsite.citygame.com\/vi\/"},{"@type":"ListItem","position":2,"name":"Shop","item":"https:\/\/testwebsite.citygame.com\/shop\/"},{"@type":"ListItem","position":3,"name":"Sherlock Holmes Stockholm"}]},{"@type":"WebSite","@id":"https:\/\/testwebsite.upevents.nl\/#website","url":"https:\/\/testwebsite.upevents.nl\/","name":"City Game","description":"","publisher":{"@id":"https:\/\/testwebsite.upevents.nl\/#organization"},"alternateName":"citygame.com","potentialAction":[{"@type":"SearchAction","target":{"@type":"EntryPoint","urlTemplate":"https:\/\/testwebsite.upevents.nl\/?s={search_term_string}"},"query-input":{"@type":"PropertyValueSpecification","valueRequired":true,"valueName":"search_term_string"}}],"inLanguage":"vi"},{"@type":["Organization","Place"],"@id":"https:\/\/testwebsite.upevents.nl\/#organization","name":"City Game","alternateName":"citygame.com","url":"https:\/\/testwebsite.upevents.nl\/","logo":{"@id":"https:\/\/testwebsite.citygame.com\/vi\/games\/stockholm\/sherlock-holmes-stockholm\/#local-main-organization-logo"},"image":{"@id":"https:\/\/testwebsite.citygame.com\/vi\/games\/stockholm\/sherlock-holmes-stockholm\/#local-main-organization-logo"},"sameAs":["https:\/\/www.facebook.com\/profile.php?id=100086426226253","https:\/\/www.instagram.com\/citygame_com","https:\/\/www.tiktok.com\/@citygamecom\/","https:\/\/www.linkedin.com\/company\/citygame-com"],"description":"Turn any city into a playground with our interactive City Games and self-guided tours. Fun, flexible, and ideal for groups and team building.","telephone":[],"openingHoursSpecification":[{"@type":"OpeningHoursSpecification","dayOfWeek":["Monday","Tuesday","Wednesday","Thursday","Friday","Saturday","Sunday"],"opens":"09:00","closes":"17:00"}]},{"@type":"ImageObject","inLanguage":"vi","@id":"https:\/\/testwebsite.citygame.com\/vi\/games\/stockholm\/sherlock-holmes-stockholm\/#local-main-organization-logo","url":"https:\/\/testwebsite.citygame.com\/wp-content\/blogs.dir\/1\/files\/sites\/62\/2025\/10\/CG_LOGO-City-Game.png","contentUrl":"https:\/\/testwebsite.citygame.com\/wp-content\/blogs.dir\/1\/files\/sites\/62\/2025\/10\/CG_LOGO-City-Game.png","width":351,"height":377,"caption":"City Game"}]}},"taxonomy_info":{"game-concept":[{"value":794,"label":"Sherlock"}],"location":[{"value":380,"label":"Stockholm"}],"product_cat":[{"value":27,"label":"Geen categorie"}]},"featured_image_src_large":["https:\/\/testwebsite.citygame.com\/wp-content\/blogs.dir\/1\/files\/sites\/62\/2026\/02\/woman-playing-sherlock-city-game-stockholm-street-1024x585.jpg",1024,585,true],"author_info":[],"comment_info":"","_links":{"self":[{"href":"https:\/\/testwebsite.citygame.com\/vi\/wp-json\/wp\/v2\/product\/62143","targetHints":{"allow":["GET"]}}],"collection":[{"href":"https:\/\/testwebsite.citygame.com\/vi\/wp-json\/wp\/v2\/product"}],"about":[{"href":"https:\/\/testwebsite.citygame.com\/vi\/wp-json\/wp\/v2\/types\/product"}],"acf:post":[{"embeddable":true,"href":"https:\/\/testwebsite.citygame.com\/vi\/wp-json\/wp\/v2\/pages\/5571"}],"wp:featuredmedia":[{"embeddable":true,"href":"https:\/\/testwebsite.citygame.com\/vi\/wp-json\/wp\/v2\/media\/10887"}],"wp:attachment":[{"href":"https:\/\/testwebsite.citygame.com\/vi\/wp-json\/wp\/v2\/media?parent=62143"}],"wp:term":[{"taxonomy":"game-concept","embeddable":true,"href":"https:\/\/testwebsite.citygame.com\/vi\/wp-json\/wp\/v2\/game-concept?post=62143"},{"taxonomy":"location","embeddable":true,"href":"https:\/\/testwebsite.citygame.com\/vi\/wp-json\/wp\/v2\/location?post=62143"},{"taxonomy":"product_brand","embeddable":true,"href":"https:\/\/testwebsite.citygame.com\/vi\/wp-json\/wp\/v2\/product_brand?post=62143"},{"taxonomy":"product_cat","embeddable":true,"href":"https:\/\/testwebsite.citygame.com\/vi\/wp-json\/wp\/v2\/product_cat?post=62143"},{"taxonomy":"product_tag","embeddable":true,"href":"https:\/\/testwebsite.citygame.com\/vi\/wp-json\/wp\/v2\/product_tag?post=62143"}],"curies":[{"name":"wp","href":"https:\/\/api.w.org\/{rel}","templated":true}]}}