{"id":61793,"date":"2026-02-16T09:06:07","date_gmt":"2026-02-16T09:06:07","guid":{"rendered":"https:\/\/testwebsite.citygame.com\/games\/unknown-location\/the-kiel-syndicate\/"},"modified":"2026-04-08T08:23:19","modified_gmt":"2026-04-08T08:23:19","slug":"the-kiel-syndicate","status":"publish","type":"product","link":"https:\/\/testwebsite.citygame.com\/vi\/games\/kiel\/the-kiel-syndicate\/","title":{"rendered":"The Kiel Syndicate"},"content":{"rendered":"<p>The Syndicate l\u00e0 m\u1ed9t Tr\u00f2 ch\u01a1i tr\u1ed1n tho\u00e1t \u0111\u00f4 th\u1ecb t\u1ef1 h\u01b0\u1edbng d\u1eabn di\u1ec5n ra t\u1ea1i trung t\u00e2m th\u00e0nh ph\u1ed1 Kiel. Trong tr\u00f2 ch\u01a1i th\u00e0nh ph\u1ed1 h\u1ea5p d\u1eabn n\u00e0y \u1edf Kiel, b\u1ea1n v\u00e0 \u0111\u1ed9i c\u1ee7a m\u00ecnh ph\u1ea3i truy l\u00f9ng Magnus kh\u00f3 n\u1eafm b\u1eaft v\u00e0 thu h\u1ed3i s\u00e1u c\u00f4ng th\u1ee9c b\u1ecb \u0111\u00e1nh c\u1eafp b\u1eb1ng c\u00e1ch gi\u1ea3i m\u1ed9t lo\u1ea1t c\u00e1c c\u00e2u \u0111\u1ed1, nhi\u1ec7m v\u1ee5 v\u00e0 th\u1eed th\u00e1ch li\u00ean k\u1ebft v\u1edbi nhau. Tr\u00f2 ch\u01a1i th\u00e0nh ph\u1ed1 t\u1ef1 h\u01b0\u1edbng d\u1eabn n\u00e0y nh\u1ea5n m\u1ea1nh tinh th\u1ea7n \u0111\u1ed3ng \u0111\u1ed9i, c\u00e1ch k\u1ec3 chuy\u1ec7n v\u00e0 ti\u1ebfn tr\u00ecnh nhi\u1ec7m v\u1ee5 t\u1eebng b\u01b0\u1edbc khi b\u1ea1n l\u00e0m vi\u1ec7c c\u00f9ng nhau \u0111\u1ec3 \u0111\u00e1nh l\u1eeba nh\u00f3m t\u1ed9i ph\u1ea1m.<\/p>\n","protected":false},"excerpt":{"rendered":"<p>B\u01b0\u1edbc v\u00e0o th\u00e0nh ph\u1ed1 Kiel s\u00f4i \u0111\u1ed9ng v\u1edbi The Kiel Syndicate City Escape Game, m\u1ed9t nhi\u1ec7m v\u1ee5 phi\u00eau l\u01b0u t\u1ef1 h\u01b0\u1edbng d\u1eabn \u0111ang ch\u1edd \u0111\u1ee3i s\u1ef1 th\u00f4ng minh v\u00e0 ki\u00ean tr\u00ec c\u1ee7a \u0111\u1ed9i b\u1ea1n. Nhi\u1ec7m v\u1ee5 c\u1ee7a b\u1ea1n l\u00e0 ti\u1ebft l\u1ed9 nh\u1eefng b\u00ed m\u1eadt c\u1ee7a th\u00e0nh ph\u1ed1, v\u1eady n\u00ean h\u00e3y h\u1ee3p l\u1ef1c, theo d\u00f5i c\u00e1c manh m\u1ed1i, v\u01b0\u1ee3t qua c\u00e1c c\u00e2u \u0111\u1ed1 v\u00e0 ch\u1ea1y \u0111ua v\u1edbi th\u1eddi gian \u0111\u1ec3 kh\u00e1m ph\u00e1 s\u1ef1 th\u1eadt!<\/p>\n","protected":false},"featured_media":14270,"template":"","meta":{"_acf_changed":false,"_yoast_wpseo_focuskw":"The Kiel Syndicate","_yoast_wpseo_metadesc":"The Kiel Syndicate. Ch\u01a1i Tr\u00f2 ch\u01a1i tr\u1ed1n tho\u00e1t \u0111\u00f4 th\u1ecb t\u1ef1 h\u01b0\u1edbng d\u1eabn, gi\u1ea3i c\u00e2u \u0111\u1ed1, ho\u00e0n th\u00e0nh nhi\u1ec7m v\u1ee5 v\u00e0 thu h\u1ed3i c\u00e1c c\u00f4ng th\u1ee9c b\u1ecb \u0111\u00e1nh c\u1eafp theo t\u1ed1c \u0111\u1ed9 c\u1ee7a ri\u00eang b\u1ea1n!","_kad_blocks_custom_css":"","_kad_blocks_head_custom_js":"","_kad_blocks_body_custom_js":"","_kad_blocks_footer_custom_js":"","ghostkit_customizer_options":"","ghostkit_custom_css":"","ghostkit_custom_js_head":"","ghostkit_custom_js_foot":"","ghostkit_typography":"","_kad_post_transparent":"default","_kad_post_title":"","_kad_post_layout":"default","_kad_post_sidebar_id":"","_kad_post_content_style":"default","_kad_post_vertical_padding":"default","_kad_post_feature":"","_kad_post_feature_position":"","_kad_post_header":false,"_kad_post_footer":false,"_kad_post_classname":"","_links_to":"","_links_to_target":""},"game-concept":[764],"location":[223],"product_brand":[],"product_cat":[27],"product_tag":[],"class_list":{"0":"post-61793","1":"product","2":"type-product","3":"status-publish","4":"has-post-thumbnail","6":"game-concept-syndicate","7":"location-kiel","8":"product_cat-geen-categorie","10":"first","11":"instock","12":"shipping-taxable","13":"purchasable","14":"product-type-simple","15":"entry","16":"content-bg","17":"loop-entry"},"acf":{"full_bokun_product_name":"Self-Guided The Kiel Syndicate City Escape Game","location_name":"Kiel","bokun_calendar_widget_code":"<script type=\"text\/javascript\" src=\"https:\/\/widgets.bokun.io\/assets\/javascripts\/apps\/build\/BokunWidgetsLoader.js?bookingChannelUUID=a1e93e96-5232-4734-a595-28405f4b5a31\" async><\/script>\n     \n    <div class=\"bokunWidget\" data-src=\"https:\/\/widgets.bokun.io\/online-sales\/a1e93e96-5232-4734-a595-28405f4b5a31\/experience-calendar\/875824\"><\/div>\n    <noscript>Please enable javascript in your browser to book<\/noscript>","bokun_button_widget_code":"<script type=\"text\/javascript\" src=\"https:\/\/widgets.bokun.io\/assets\/javascripts\/apps\/build\/BokunWidgetsLoader.js?bookingChannelUUID=a1e93e96-5232-4734-a595-28405f4b5a31\" async><\/script>\n      <style> #bokun_ed001e45_5927_4f62_b470_ca766338d083 { display: inline-block; padding: .4em 1em; background: #47b82e; border-radius: 999999px; box-shadow: none; font-weight: 600; font-size: 24px; text-decoration: none; text-align: center; color: #FFFFFF; border:none; cursor: pointer; transition: background .2s ease; } #bokun_ed001e45_5927_4f62_b470_ca766338d083:hover{ background: #2f7b1f; } #bokun_ed001e45_5927_4f62_b470_ca766338d083:active{ background: #378f24; } <\/style> <button class=\"bokunButton\" disabled id=bokun_ed001e45_5927_4f62_b470_ca766338d083 data-src=\"https:\/\/widgets.bokun.io\/online-sales\/a1e93e96-5232-4734-a595-28405f4b5a31\/experience-calendar\/875824?partialView=1\" data-testid=\"widget-book-button\" > Book now <\/button> ","what_you\u2019ll_experience_during_the_game":"B\u1ea1n v\u00e0 \u0111\u1ed9i c\u1ee7a m\u00ecnh b\u1ecb cu\u1ed1n v\u00e0o m\u1ed9t nhi\u1ec7m v\u1ee5 tr\u1ed1n tho\u00e1t \u0111\u1ea7y r\u1ee7i ro tr\u00ean \u0111\u01b0\u1eddng ph\u1ed1 Kiel, \u0111\u01b0\u1ee3c giao nhi\u1ec7m v\u1ee5 truy t\u00ecm Magnus kh\u00f3 n\u1eafm b\u1eaft v\u00e0 thu h\u1ed3i s\u00e1u c\u00f4ng th\u1ee9c khoa h\u1ecdc b\u1ecb \u0111\u00e1nh c\u1eafp tr\u01b0\u1edbc khi ch\u00fang bi\u1ebfn m\u1ea5t v\u0129nh vi\u1ec5n. Khi chi\u1ebfn d\u1ecbch di\u1ec5n ra, m\u1ed7i b\u01b0\u1edbc s\u1ebd \u0111\u01b0a b\u1ea1n \u0111i s\u00e2u h\u01a1n v\u00e0o c\u00e2u chuy\u1ec7n, d\u1eabn b\u1ea1n \u0111i kh\u1eafp th\u00e0nh ph\u1ed1 qua m\u1ed9t lo\u1ea1t c\u00e1c m\u1ee5c ti\u00eau b\u00ed m\u1eadt \u0111\u01b0\u1ee3c th\u00fac \u0111\u1ea9y b\u1edfi s\u1ef1 kh\u1ea9n c\u1ea5p v\u00e0 chi\u1ebfn l\u01b0\u1ee3c.\r\n\r\nT\u1eeb gi\u1ea3i m\u00e3 c\u00e1c tin nh\u1eafn \u0111\u01b0\u1ee3c m\u00e3 h\u00f3a \u0111\u1ebfn ho\u00e0n th\u00e0nh c\u00e1c th\u1eed th\u00e1ch th\u1ef1c h\u00e0nh, m\u1ed7i nhi\u1ec7m v\u1ee5 ki\u1ec3m tra t\u01b0 duy ph\u1ea3n bi\u1ec7n v\u00e0 tinh th\u1ea7n \u0111\u1ed3ng \u0111\u1ed9i c\u1ee7a b\u1ea1n. Giao ti\u1ebfp r\u00f5 r\u00e0ng v\u00e0 \u0111\u01b0a ra quy\u1ebft \u0111\u1ecbnh th\u00f4ng minh l\u00e0 \u0111i\u1ec1u c\u1ea7n thi\u1ebft, v\u00ec s\u1ef1 th\u00e0nh c\u00f4ng c\u1ee7a nhi\u1ec7m v\u1ee5 ph\u1ee5 thu\u1ed9c v\u00e0o vi\u1ec7c b\u1ea1n ph\u1ed1i h\u1ee3p t\u1ed1t nh\u01b0 th\u1ebf n\u00e0o d\u01b0\u1edbi \u00e1p l\u1ef1c. \u0110\u01b0\u1ee3c thi\u1ebft k\u1ebf nh\u01b0 m\u1ed9t tr\u1ea3i nghi\u1ec7m ho\u00e0n to\u00e0n d\u1ef1a tr\u00ean c\u00e2u chuy\u1ec7n, b\u1ea1n di chuy\u1ec3n theo t\u1ed1c \u0111\u1ed9 c\u1ee7a ri\u00eang m\u00ecnh, linh ho\u1ea1t t\u1ea1m d\u1eebng khi c\u1ea7n v\u00e0 ti\u1ebfp t\u1ee5c cu\u1ed9c truy \u0111u\u1ed5i xuy\u00ean Kiel khi s\u1eb5n s\u00e0ng.","how_to_play":"\u0110\u1eb7t Tr\u00f2 ch\u01a1i Th\u00e0nh ph\u1ed1, ki\u1ec3m tra email ch\u00fang t\u00f4i g\u1eedi cho b\u1ea1n v\u1edbi h\u01b0\u1edbng d\u1eabn, t\u1ea3i xu\u1ed1ng \u1ee8ng d\u1ee5ng Loquiz v\u00e0 b\u1eaft \u0111\u1ea7u tr\u1ea3i nghi\u1ec7m tr\u00f2 ch\u01a1i c\u1ee7a b\u1ea1n!","start_location":"Kiel, Alter Markt","available_languages":["en"],"players_per_group":"1-4","duration":"1.5-2 hours","image_overlay_color_image":"https:\/\/testwebsite.citygame.com\/wp-content\/blogs.dir\/1\/files\/sites\/62\/2026\/01\/SyndicateColor.svg","image_overlay_game_logo":"https:\/\/testwebsite.citygame.com\/wp-content\/blogs.dir\/1\/files\/sites\/62\/2026\/01\/SyndicateLogo.png","city_page":14266,"woocommerce_general_content":null},"yoast_head":"<!-- This site is optimized with the Yoast SEO Premium plugin v26.2 (Yoast SEO v26.3) - https:\/\/yoast.com\/wordpress\/plugins\/seo\/ -->\n<title>The Kiel Syndicate - City Game<\/title>\n<meta name=\"description\" content=\"The Kiel Syndicate. Ch\u01a1i Tr\u00f2 ch\u01a1i tr\u1ed1n tho\u00e1t \u0111\u00f4 th\u1ecb t\u1ef1 h\u01b0\u1edbng d\u1eabn, gi\u1ea3i c\u00e2u \u0111\u1ed1, ho\u00e0n th\u00e0nh nhi\u1ec7m v\u1ee5 v\u00e0 thu h\u1ed3i c\u00e1c c\u00f4ng th\u1ee9c b\u1ecb \u0111\u00e1nh c\u1eafp theo t\u1ed1c \u0111\u1ed9 c\u1ee7a ri\u00eang b\u1ea1n!\" \/>\n<meta name=\"robots\" content=\"noindex, follow, max-snippet:-1, max-image-preview:large, max-video-preview:-1\" \/>\n<meta property=\"og:locale\" content=\"vi_VN\" \/>\n<meta property=\"og:type\" content=\"article\" \/>\n<meta property=\"og:title\" content=\"The Kiel Syndicate\" \/>\n<meta property=\"og:description\" content=\"The Kiel Syndicate. Ch\u01a1i Tr\u00f2 ch\u01a1i tr\u1ed1n tho\u00e1t \u0111\u00f4 th\u1ecb t\u1ef1 h\u01b0\u1edbng d\u1eabn, gi\u1ea3i c\u00e2u \u0111\u1ed1, ho\u00e0n th\u00e0nh nhi\u1ec7m v\u1ee5 v\u00e0 thu h\u1ed3i c\u00e1c c\u00f4ng th\u1ee9c b\u1ecb \u0111\u00e1nh c\u1eafp theo t\u1ed1c \u0111\u1ed9 c\u1ee7a ri\u00eang b\u1ea1n!\" \/>\n<meta property=\"og:url\" content=\"https:\/\/testwebsite.citygame.com\/vi\/games\/kiel\/the-kiel-syndicate\/\" \/>\n<meta property=\"og:site_name\" content=\"City Game\" \/>\n<meta property=\"article:publisher\" content=\"https:\/\/www.facebook.com\/profile.php?id=100086426226253\" \/>\n<meta property=\"article:modified_time\" content=\"2026-04-08T08:23:19+00:00\" \/>\n<meta property=\"og:image\" content=\"https:\/\/testwebsite.citygame.com\/wp-content\/blogs.dir\/1\/files\/sites\/62\/2026\/02\/group-of-friends-playing-city-game-on-street-in-kiel.jpg\" \/>\n\t<meta property=\"og:image:width\" content=\"1024\" \/>\n\t<meta property=\"og:image:height\" content=\"1024\" \/>\n\t<meta property=\"og:image:type\" content=\"image\/jpeg\" \/>\n<meta name=\"twitter:card\" content=\"summary_large_image\" \/>\n<meta name=\"twitter:label1\" content=\"\u01af\u1edbc t\u00ednh th\u1eddi gian \u0111\u1ecdc\" \/>\n\t<meta name=\"twitter:data1\" content=\"1 ph\u00fat\" \/>\n<script type=\"application\/ld+json\" class=\"yoast-schema-graph\">{\"@context\":\"https:\/\/schema.org\",\"@graph\":[{\"@type\":\"WebPage\",\"@id\":\"https:\/\/testwebsite.citygame.com\/vi\/games\/kiel\/the-kiel-syndicate\/\",\"url\":\"https:\/\/testwebsite.citygame.com\/vi\/games\/kiel\/the-kiel-syndicate\/\",\"name\":\"The Kiel Syndicate - City Game\",\"isPartOf\":{\"@id\":\"https:\/\/testwebsite.upevents.nl\/#website\"},\"primaryImageOfPage\":{\"@id\":\"https:\/\/testwebsite.citygame.com\/vi\/games\/kiel\/the-kiel-syndicate\/#primaryimage\"},\"image\":{\"@id\":\"https:\/\/testwebsite.citygame.com\/vi\/games\/kiel\/the-kiel-syndicate\/#primaryimage\"},\"thumbnailUrl\":\"https:\/\/testwebsite.citygame.com\/wp-content\/blogs.dir\/1\/files\/sites\/62\/2026\/02\/group-of-friends-playing-city-game-on-street-in-kiel.jpg\",\"datePublished\":\"2026-02-16T09:06:07+00:00\",\"dateModified\":\"2026-04-08T08:23:19+00:00\",\"description\":\"The Kiel Syndicate. Ch\u01a1i Tr\u00f2 ch\u01a1i tr\u1ed1n tho\u00e1t \u0111\u00f4 th\u1ecb t\u1ef1 h\u01b0\u1edbng d\u1eabn, gi\u1ea3i c\u00e2u \u0111\u1ed1, ho\u00e0n th\u00e0nh nhi\u1ec7m v\u1ee5 v\u00e0 thu h\u1ed3i c\u00e1c c\u00f4ng th\u1ee9c b\u1ecb \u0111\u00e1nh c\u1eafp theo t\u1ed1c \u0111\u1ed9 c\u1ee7a ri\u00eang b\u1ea1n!\",\"breadcrumb\":{\"@id\":\"https:\/\/testwebsite.citygame.com\/vi\/games\/kiel\/the-kiel-syndicate\/#breadcrumb\"},\"inLanguage\":\"vi\",\"potentialAction\":[{\"@type\":\"ReadAction\",\"target\":[\"https:\/\/testwebsite.citygame.com\/vi\/games\/kiel\/the-kiel-syndicate\/\"]}]},{\"@type\":\"ImageObject\",\"inLanguage\":\"vi\",\"@id\":\"https:\/\/testwebsite.citygame.com\/vi\/games\/kiel\/the-kiel-syndicate\/#primaryimage\",\"url\":\"https:\/\/testwebsite.citygame.com\/wp-content\/blogs.dir\/1\/files\/sites\/62\/2026\/02\/group-of-friends-playing-city-game-on-street-in-kiel.jpg\",\"contentUrl\":\"https:\/\/testwebsite.citygame.com\/wp-content\/blogs.dir\/1\/files\/sites\/62\/2026\/02\/group-of-friends-playing-city-game-on-street-in-kiel.jpg\",\"width\":1024,\"height\":1024,\"caption\":\"A group of friends collaborate while playing an outdoor city game on a smartphone.\"},{\"@type\":\"BreadcrumbList\",\"@id\":\"https:\/\/testwebsite.citygame.com\/vi\/games\/kiel\/the-kiel-syndicate\/#breadcrumb\",\"itemListElement\":[{\"@type\":\"ListItem\",\"position\":1,\"name\":\"Home\",\"item\":\"https:\/\/testwebsite.citygame.com\/vi\/\"},{\"@type\":\"ListItem\",\"position\":2,\"name\":\"Shop\",\"item\":\"https:\/\/testwebsite.citygame.com\/shop\/\"},{\"@type\":\"ListItem\",\"position\":3,\"name\":\"The Kiel Syndicate\"}]},{\"@type\":\"WebSite\",\"@id\":\"https:\/\/testwebsite.upevents.nl\/#website\",\"url\":\"https:\/\/testwebsite.upevents.nl\/\",\"name\":\"City Game\",\"description\":\"\",\"publisher\":{\"@id\":\"https:\/\/testwebsite.upevents.nl\/#organization\"},\"alternateName\":\"citygame.com\",\"potentialAction\":[{\"@type\":\"SearchAction\",\"target\":{\"@type\":\"EntryPoint\",\"urlTemplate\":\"https:\/\/testwebsite.upevents.nl\/?s={search_term_string}\"},\"query-input\":{\"@type\":\"PropertyValueSpecification\",\"valueRequired\":true,\"valueName\":\"search_term_string\"}}],\"inLanguage\":\"vi\"},{\"@type\":[\"Organization\",\"Place\"],\"@id\":\"https:\/\/testwebsite.upevents.nl\/#organization\",\"name\":\"City Game\",\"alternateName\":\"citygame.com\",\"url\":\"https:\/\/testwebsite.upevents.nl\/\",\"logo\":{\"@id\":\"https:\/\/testwebsite.citygame.com\/vi\/games\/kiel\/the-kiel-syndicate\/#local-main-organization-logo\"},\"image\":{\"@id\":\"https:\/\/testwebsite.citygame.com\/vi\/games\/kiel\/the-kiel-syndicate\/#local-main-organization-logo\"},\"sameAs\":[\"https:\/\/www.facebook.com\/profile.php?id=100086426226253\",\"https:\/\/www.instagram.com\/citygame_com\",\"https:\/\/www.tiktok.com\/@citygamecom\/\",\"https:\/\/www.linkedin.com\/company\/citygame-com\"],\"description\":\"Turn any city into a playground with our interactive City Games and self-guided tours. Fun, flexible, and ideal for groups and team building.\",\"telephone\":[],\"openingHoursSpecification\":[{\"@type\":\"OpeningHoursSpecification\",\"dayOfWeek\":[\"Monday\",\"Tuesday\",\"Wednesday\",\"Thursday\",\"Friday\",\"Saturday\",\"Sunday\"],\"opens\":\"09:00\",\"closes\":\"17:00\"}]},{\"@type\":\"ImageObject\",\"inLanguage\":\"vi\",\"@id\":\"https:\/\/testwebsite.citygame.com\/vi\/games\/kiel\/the-kiel-syndicate\/#local-main-organization-logo\",\"url\":\"https:\/\/testwebsite.citygame.com\/wp-content\/blogs.dir\/1\/files\/sites\/62\/2025\/10\/CG_LOGO-City-Game.png\",\"contentUrl\":\"https:\/\/testwebsite.citygame.com\/wp-content\/blogs.dir\/1\/files\/sites\/62\/2025\/10\/CG_LOGO-City-Game.png\",\"width\":351,\"height\":377,\"caption\":\"City Game\"}]}<\/script>\n<!-- \/ Yoast SEO Premium plugin. -->","yoast_head_json":{"title":"The Kiel Syndicate - City Game","description":"The Kiel Syndicate. Ch\u01a1i Tr\u00f2 ch\u01a1i tr\u1ed1n tho\u00e1t \u0111\u00f4 th\u1ecb t\u1ef1 h\u01b0\u1edbng d\u1eabn, gi\u1ea3i c\u00e2u \u0111\u1ed1, ho\u00e0n th\u00e0nh nhi\u1ec7m v\u1ee5 v\u00e0 thu h\u1ed3i c\u00e1c c\u00f4ng th\u1ee9c b\u1ecb \u0111\u00e1nh c\u1eafp theo t\u1ed1c \u0111\u1ed9 c\u1ee7a ri\u00eang b\u1ea1n!","robots":{"index":"noindex","follow":"follow","max-snippet":"max-snippet:-1","max-image-preview":"max-image-preview:large","max-video-preview":"max-video-preview:-1"},"og_locale":"vi_VN","og_type":"article","og_title":"The Kiel Syndicate","og_description":"The Kiel Syndicate. Ch\u01a1i Tr\u00f2 ch\u01a1i tr\u1ed1n tho\u00e1t \u0111\u00f4 th\u1ecb t\u1ef1 h\u01b0\u1edbng d\u1eabn, gi\u1ea3i c\u00e2u \u0111\u1ed1, ho\u00e0n th\u00e0nh nhi\u1ec7m v\u1ee5 v\u00e0 thu h\u1ed3i c\u00e1c c\u00f4ng th\u1ee9c b\u1ecb \u0111\u00e1nh c\u1eafp theo t\u1ed1c \u0111\u1ed9 c\u1ee7a ri\u00eang b\u1ea1n!","og_url":"https:\/\/testwebsite.citygame.com\/vi\/games\/kiel\/the-kiel-syndicate\/","og_site_name":"City Game","article_publisher":"https:\/\/www.facebook.com\/profile.php?id=100086426226253","article_modified_time":"2026-04-08T08:23:19+00:00","og_image":[{"width":1024,"height":1024,"url":"https:\/\/testwebsite.citygame.com\/wp-content\/blogs.dir\/1\/files\/sites\/62\/2026\/02\/group-of-friends-playing-city-game-on-street-in-kiel.jpg","type":"image\/jpeg"}],"twitter_card":"summary_large_image","twitter_misc":{"\u01af\u1edbc t\u00ednh th\u1eddi gian \u0111\u1ecdc":"1 ph\u00fat"},"schema":{"@context":"https:\/\/schema.org","@graph":[{"@type":"WebPage","@id":"https:\/\/testwebsite.citygame.com\/vi\/games\/kiel\/the-kiel-syndicate\/","url":"https:\/\/testwebsite.citygame.com\/vi\/games\/kiel\/the-kiel-syndicate\/","name":"The Kiel Syndicate - City Game","isPartOf":{"@id":"https:\/\/testwebsite.upevents.nl\/#website"},"primaryImageOfPage":{"@id":"https:\/\/testwebsite.citygame.com\/vi\/games\/kiel\/the-kiel-syndicate\/#primaryimage"},"image":{"@id":"https:\/\/testwebsite.citygame.com\/vi\/games\/kiel\/the-kiel-syndicate\/#primaryimage"},"thumbnailUrl":"https:\/\/testwebsite.citygame.com\/wp-content\/blogs.dir\/1\/files\/sites\/62\/2026\/02\/group-of-friends-playing-city-game-on-street-in-kiel.jpg","datePublished":"2026-02-16T09:06:07+00:00","dateModified":"2026-04-08T08:23:19+00:00","description":"The Kiel Syndicate. Ch\u01a1i Tr\u00f2 ch\u01a1i tr\u1ed1n tho\u00e1t \u0111\u00f4 th\u1ecb t\u1ef1 h\u01b0\u1edbng d\u1eabn, gi\u1ea3i c\u00e2u \u0111\u1ed1, ho\u00e0n th\u00e0nh nhi\u1ec7m v\u1ee5 v\u00e0 thu h\u1ed3i c\u00e1c c\u00f4ng th\u1ee9c b\u1ecb \u0111\u00e1nh c\u1eafp theo t\u1ed1c \u0111\u1ed9 c\u1ee7a ri\u00eang b\u1ea1n!","breadcrumb":{"@id":"https:\/\/testwebsite.citygame.com\/vi\/games\/kiel\/the-kiel-syndicate\/#breadcrumb"},"inLanguage":"vi","potentialAction":[{"@type":"ReadAction","target":["https:\/\/testwebsite.citygame.com\/vi\/games\/kiel\/the-kiel-syndicate\/"]}]},{"@type":"ImageObject","inLanguage":"vi","@id":"https:\/\/testwebsite.citygame.com\/vi\/games\/kiel\/the-kiel-syndicate\/#primaryimage","url":"https:\/\/testwebsite.citygame.com\/wp-content\/blogs.dir\/1\/files\/sites\/62\/2026\/02\/group-of-friends-playing-city-game-on-street-in-kiel.jpg","contentUrl":"https:\/\/testwebsite.citygame.com\/wp-content\/blogs.dir\/1\/files\/sites\/62\/2026\/02\/group-of-friends-playing-city-game-on-street-in-kiel.jpg","width":1024,"height":1024,"caption":"A group of friends collaborate while playing an outdoor city game on a smartphone."},{"@type":"BreadcrumbList","@id":"https:\/\/testwebsite.citygame.com\/vi\/games\/kiel\/the-kiel-syndicate\/#breadcrumb","itemListElement":[{"@type":"ListItem","position":1,"name":"Home","item":"https:\/\/testwebsite.citygame.com\/vi\/"},{"@type":"ListItem","position":2,"name":"Shop","item":"https:\/\/testwebsite.citygame.com\/shop\/"},{"@type":"ListItem","position":3,"name":"The Kiel Syndicate"}]},{"@type":"WebSite","@id":"https:\/\/testwebsite.upevents.nl\/#website","url":"https:\/\/testwebsite.upevents.nl\/","name":"City Game","description":"","publisher":{"@id":"https:\/\/testwebsite.upevents.nl\/#organization"},"alternateName":"citygame.com","potentialAction":[{"@type":"SearchAction","target":{"@type":"EntryPoint","urlTemplate":"https:\/\/testwebsite.upevents.nl\/?s={search_term_string}"},"query-input":{"@type":"PropertyValueSpecification","valueRequired":true,"valueName":"search_term_string"}}],"inLanguage":"vi"},{"@type":["Organization","Place"],"@id":"https:\/\/testwebsite.upevents.nl\/#organization","name":"City Game","alternateName":"citygame.com","url":"https:\/\/testwebsite.upevents.nl\/","logo":{"@id":"https:\/\/testwebsite.citygame.com\/vi\/games\/kiel\/the-kiel-syndicate\/#local-main-organization-logo"},"image":{"@id":"https:\/\/testwebsite.citygame.com\/vi\/games\/kiel\/the-kiel-syndicate\/#local-main-organization-logo"},"sameAs":["https:\/\/www.facebook.com\/profile.php?id=100086426226253","https:\/\/www.instagram.com\/citygame_com","https:\/\/www.tiktok.com\/@citygamecom\/","https:\/\/www.linkedin.com\/company\/citygame-com"],"description":"Turn any city into a playground with our interactive City Games and self-guided tours. Fun, flexible, and ideal for groups and team building.","telephone":[],"openingHoursSpecification":[{"@type":"OpeningHoursSpecification","dayOfWeek":["Monday","Tuesday","Wednesday","Thursday","Friday","Saturday","Sunday"],"opens":"09:00","closes":"17:00"}]},{"@type":"ImageObject","inLanguage":"vi","@id":"https:\/\/testwebsite.citygame.com\/vi\/games\/kiel\/the-kiel-syndicate\/#local-main-organization-logo","url":"https:\/\/testwebsite.citygame.com\/wp-content\/blogs.dir\/1\/files\/sites\/62\/2025\/10\/CG_LOGO-City-Game.png","contentUrl":"https:\/\/testwebsite.citygame.com\/wp-content\/blogs.dir\/1\/files\/sites\/62\/2025\/10\/CG_LOGO-City-Game.png","width":351,"height":377,"caption":"City Game"}]}},"taxonomy_info":{"game-concept":[{"value":764,"label":"Syndicate"}],"location":[{"value":223,"label":"Kiel"}],"product_cat":[{"value":27,"label":"Geen categorie"}]},"featured_image_src_large":["https:\/\/testwebsite.citygame.com\/wp-content\/blogs.dir\/1\/files\/sites\/62\/2026\/02\/group-of-friends-playing-city-game-on-street-in-kiel.jpg",1024,1024,false],"author_info":[],"comment_info":"","_links":{"self":[{"href":"https:\/\/testwebsite.citygame.com\/vi\/wp-json\/wp\/v2\/product\/61793","targetHints":{"allow":["GET"]}}],"collection":[{"href":"https:\/\/testwebsite.citygame.com\/vi\/wp-json\/wp\/v2\/product"}],"about":[{"href":"https:\/\/testwebsite.citygame.com\/vi\/wp-json\/wp\/v2\/types\/product"}],"acf:post":[{"embeddable":true,"href":"https:\/\/testwebsite.citygame.com\/vi\/wp-json\/wp\/v2\/pages\/14266"}],"wp:featuredmedia":[{"embeddable":true,"href":"https:\/\/testwebsite.citygame.com\/vi\/wp-json\/wp\/v2\/media\/14270"}],"wp:attachment":[{"href":"https:\/\/testwebsite.citygame.com\/vi\/wp-json\/wp\/v2\/media?parent=61793"}],"wp:term":[{"taxonomy":"game-concept","embeddable":true,"href":"https:\/\/testwebsite.citygame.com\/vi\/wp-json\/wp\/v2\/game-concept?post=61793"},{"taxonomy":"location","embeddable":true,"href":"https:\/\/testwebsite.citygame.com\/vi\/wp-json\/wp\/v2\/location?post=61793"},{"taxonomy":"product_brand","embeddable":true,"href":"https:\/\/testwebsite.citygame.com\/vi\/wp-json\/wp\/v2\/product_brand?post=61793"},{"taxonomy":"product_cat","embeddable":true,"href":"https:\/\/testwebsite.citygame.com\/vi\/wp-json\/wp\/v2\/product_cat?post=61793"},{"taxonomy":"product_tag","embeddable":true,"href":"https:\/\/testwebsite.citygame.com\/vi\/wp-json\/wp\/v2\/product_tag?post=61793"}],"curies":[{"name":"wp","href":"https:\/\/api.w.org\/{rel}","templated":true}]}}