{"id":61318,"date":"2026-02-05T12:28:13","date_gmt":"2026-02-05T12:28:13","guid":{"rendered":"https:\/\/testwebsite.citygame.com\/games\/unknown-location\/sherlock-holmes-venice\/"},"modified":"2026-04-08T07:31:38","modified_gmt":"2026-04-08T07:31:38","slug":"sherlock-holmes-venice","status":"publish","type":"product","link":"https:\/\/testwebsite.citygame.com\/vi\/games\/venice\/sherlock-holmes-venice\/","title":{"rendered":"Sherlock Holmes Venice"},"content":{"rendered":"<p>B\u01b0\u1edbc v\u00e0o th\u1ebf gi\u1edbi c\u1ee7a Sherlock Holmes v\u1edbi tr\u00f2 ch\u01a1i gi\u1ea3i m\u00e3 v\u1ee5 \u00e1n gi\u1ebft ng\u01b0\u1eddi t\u1ef1 h\u01b0\u1edbng d\u1eabn theo c\u1ed1t truy\u1ec7n City Game n\u00e0y, l\u1ea5y b\u1ed1i c\u1ea3nh t\u1ea1i trung t\u00e2m l\u1ecbch s\u1eed Venice. Khi b\u1ea1n kh\u00e1m ph\u00e1 nh\u1eefng con ph\u1ed1 l\u00e1t \u0111\u00e1 cu\u1ed9i v\u00e0 nh\u1eefng g\u00f3c khu\u1ea5t, b\u1ea1n s\u1ebd d\u1ea7n l\u00e0m s\u00e1ng t\u1ecf b\u00ed \u1ea9n xung quanh m\u1ed9t v\u1ee5 \u00e1n m\u1ea1ng x\u1ea3y ra trong L\u1ec5 h\u1ed9i Liberty Festival, thu th\u1eadp manh m\u1ed1i, gi\u1ea3i c\u00e1c c\u00e2u \u0111\u1ed1 v\u00e0 th\u1ea9m v\u1ea5n c\u00e1c nghi ph\u1ea1m k\u1ef9 thu\u1eadt s\u1ed1 tr\u00ean \u0111\u01b0\u1eddng \u0111i. C\u1ed1t truy\u1ec7n m\u1edf ra khi b\u1ea1n di chuy\u1ec3n qua th\u00e0nh ph\u1ed1 theo t\u1ed1c \u0111\u1ed9 c\u1ee7a ri\u00eang m\u00ecnh, \u0111\u01b0a b\u1ea1n v\u00e0o m\u1ed9t cu\u1ed9c \u0111i\u1ec1u tra th\u00e1m t\u1eed h\u1ea5p d\u1eabn, n\u01a1i m\u1ed7i quy\u1ebft \u0111\u1ecbnh \u0111\u1ec1u \u0111\u01b0a b\u1ea1n \u0111\u1ebfn g\u1ea7n h\u01a1n v\u1edbi s\u1ef1 th\u1eadt.<\/p>\n","protected":false},"excerpt":{"rendered":"<p>H\u00e3y h\u00f3a th\u00e2n th\u00e0nh th\u00e1m t\u1eed huy\u1ec1n tho\u1ea1i Sherlock Holmes khi b\u1ea1n d\u1ea5n th\u00e2n v\u00e0o m\u1ed9t tr\u00f2 ch\u01a1i gi\u1ea3i m\u00e3 v\u1ee5 \u00e1n gi\u1ebft ng\u01b0\u1eddi t\u1ef1 h\u01b0\u1edbng d\u1eabn \u0111\u1ea7y b\u00ed \u1ea9n t\u1ea1i Venice. V\u1edbi vi\u1ec7c l\u1ea7n theo nh\u1eefng manh m\u1ed1i kh\u00f3 l\u01b0\u1eddng, gi\u1ea3i quy\u1ebft c\u00e1c c\u00e2u \u0111\u1ed1 ph\u1ee9c t\u1ea1p v\u00e0 h\u1ee3p t\u00e1c ch\u1eb7t ch\u1ebd v\u1edbi \u0111\u1ed9i c\u1ee7a m\u00ecnh \u0111\u1ec3 kh\u00e1m ph\u00e1 s\u1ef1 th\u1eadt, b\u1ea1n s\u1ebd \u0111\u1ed1i m\u1eb7t v\u1edbi m\u1ed9t th\u1eed th\u00e1ch ly k\u1ef3 kh\u00f4ng gi\u1ed1ng b\u1ea5t k\u1ef3 tr\u00f2 n\u00e0o kh\u00e1c. H\u00e3y ph\u00e1 \u00e1n tr\u01b0\u1edbc khi qu\u00e1 mu\u1ed9n!<\/p>\n","protected":false},"featured_media":10761,"template":"","meta":{"_acf_changed":false,"_yoast_wpseo_focuskw":"Sherlock Holmes Venice","_yoast_wpseo_metadesc":"Sherlock Holmes Venice. Ch\u01a1i m\u1ed9t tr\u00f2 ch\u01a1i gi\u1ea3i m\u00e3 v\u1ee5 \u00e1n gi\u1ebft ng\u01b0\u1eddi t\u1ef1 h\u01b0\u1edbng d\u1eabn City Game, gi\u1ea3i c\u00e1c c\u00e2u \u0111\u1ed1, l\u1ea7n theo manh m\u1ed1i v\u00e0 t\u00ecm ra k\u1ebb s\u00e1t nh\u00e2n theo t\u1ed1c \u0111\u1ed9 c\u1ee7a ri\u00eang b\u1ea1n!","_kad_blocks_custom_css":"","_kad_blocks_head_custom_js":"","_kad_blocks_body_custom_js":"","_kad_blocks_footer_custom_js":"","ghostkit_customizer_options":"","ghostkit_custom_css":"","ghostkit_custom_js_head":"","ghostkit_custom_js_foot":"","ghostkit_typography":"","_kad_post_transparent":"","_kad_post_title":"","_kad_post_layout":"","_kad_post_sidebar_id":"","_kad_post_content_style":"","_kad_post_vertical_padding":"","_kad_post_feature":"","_kad_post_feature_position":"","_kad_post_header":false,"_kad_post_footer":false,"_kad_post_classname":"","_links_to":"","_links_to_target":""},"game-concept":[794],"location":[418],"product_brand":[],"product_cat":[27],"product_tag":[],"class_list":{"0":"post-61318","1":"product","2":"type-product","3":"status-publish","4":"has-post-thumbnail","6":"game-concept-sherlock","7":"location-venice","8":"product_cat-geen-categorie","10":"first","11":"instock","12":"shipping-taxable","13":"purchasable","14":"product-type-simple","15":"entry","16":"content-bg","17":"loop-entry"},"acf":{"full_bokun_product_name":"Venice Self-Guided Sherlock Holmes Murder Mystery Game","location_name":"Venice","bokun_calendar_widget_code":"<script type=\"text\/javascript\" src=\"https:\/\/widgets.bokun.io\/assets\/javascripts\/apps\/build\/BokunWidgetsLoader.js?bookingChannelUUID=a1e93e96-5232-4734-a595-28405f4b5a31\" async><\/script>\n     \n    <div class=\"bokunWidget\" data-src=\"https:\/\/widgets.bokun.io\/online-sales\/a1e93e96-5232-4734-a595-28405f4b5a31\/experience-calendar\/733135\"><\/div>\n    <noscript>Please enable javascript in your browser to book<\/noscript>","bokun_button_widget_code":"<script type=\"text\/javascript\" src=\"https:\/\/widgets.bokun.io\/assets\/javascripts\/apps\/build\/BokunWidgetsLoader.js?bookingChannelUUID=a1e93e96-5232-4734-a595-28405f4b5a31\" async><\/script>\n      <style> #bokun_ed001e45_5927_4f62_b470_ca766338d083 { display: inline-block; padding: .4em 1em; background: #47b82e; border-radius: 999999px; box-shadow: none; font-weight: 600; font-size: 24px; text-decoration: none; text-align: center; color: #FFFFFF; border:none; cursor: pointer; transition: background .2s ease; } #bokun_ed001e45_5927_4f62_b470_ca766338d083:hover{ background: #2f7b1f; } #bokun_ed001e45_5927_4f62_b470_ca766338d083:active{ background: #378f24; } <\/style> <button class=\"bokunButton\" disabled id=bokun_ed001e45_5927_4f62_b470_ca766338d083 data-src=\"https:\/\/widgets.bokun.io\/online-sales\/a1e93e96-5232-4734-a595-28405f4b5a31\/experience-calendar\/733135?partialView=1\" data-testid=\"widget-book-button\" > Book now <\/button> ","what_you\u2019ll_experience_during_the_game":"B\u1ea1n b\u01b0\u1edbc v\u00e0o m\u1ed9t c\u00e2u chuy\u1ec7n trinh th\u00e1m h\u1ea5p d\u1eabn l\u1ea5y b\u1ed1i c\u1ea3nh t\u1ea1i trung t\u00e2m Venice, n\u01a1i b\u00ed \u1ea9n bao tr\u00f9m v\u00e0 m\u1ed7i g\u00f3c ph\u1ed1 c\u00f3 th\u1ec3 \u1ea9n ch\u1ee9a m\u1ed9t manh m\u1ed1i m\u1edbi. Khi b\u1ea1n di chuy\u1ec3n qua nh\u1eefng con h\u1ebbm quanh co v\u00e0 qu\u1ea3ng tr\u01b0\u1eddng c\u1ed5 k\u00ednh, cu\u1ed9c \u0111i\u1ec1u tra s\u1ebd d\u1ea7n h\u00e9 m\u1edf xung quanh b\u1ea1n. Nhi\u1ec7m v\u1ee5 c\u1ee7a b\u1ea1n l\u00e0 gi\u1ea3i quy\u1ebft v\u1ee5 \u00e1n m\u1ea1ng l\u00e0m rung chuy\u1ec3n L\u1ec5 h\u1ed9i Liberty Festival, nh\u01b0ng kh\u00f4ng ai l\u00e0 ng\u01b0\u1eddi h\u1ecd t\u01b0\u1edfng v\u00e0 s\u1ef1 th\u1eadt b\u1ecb ch\u00f4n v\u00f9i d\u01b0\u1edbi m\u1ed9t m\u1ea1ng l\u01b0\u1edbi b\u00ed m\u1eadt.\n\nB\u1ea1n s\u1ebd kh\u00e1m ph\u00e1 manh m\u1ed1i, gi\u1ea3i c\u00e1c c\u00e2u \u0111\u1ed1 v\u00e0 ph\u00e2n t\u00edch l\u1eddi khai c\u1ee7a c\u00e1c nghi ph\u1ea1m k\u1ef9 thu\u1eadt s\u1ed1 \u0111\u1ec3 v\u1ea1ch tr\u1ea7n nh\u1eefng m\u00e2u thu\u1eabn v\u00e0 \u0111\u1ed9ng c\u01a1 ti\u1ec1m \u1ea9n. M\u1ed7i quy\u1ebft \u0111\u1ecbnh \u0111\u1ec1u th\u00e1ch th\u1ee9c t\u01b0 duy ph\u1ea3n bi\u1ec7n v\u00e0 kh\u1ea3 n\u0103ng quan s\u00e1t c\u1ee7a b\u1ea1n, th\u00fac \u0111\u1ea9y c\u00e2u chuy\u1ec7n ti\u1ebfn v\u1ec1 ph\u00eda tr\u01b0\u1edbc v\u1edbi m\u1ed7i ti\u1ebft l\u1ed9. Tr\u1ea3i nghi\u1ec7m n\u00e0y ho\u00e0n to\u00e0n theo c\u1ed1t truy\u1ec7n v\u00e0 cho ph\u00e9p b\u1ea1n ch\u01a1i theo t\u1ed1c \u0111\u1ed9 c\u1ee7a ri\u00eang m\u00ecnh, t\u1ea1m d\u1eebng v\u00e0 ti\u1ebfp t\u1ee5c b\u1ea5t c\u1ee9 khi n\u00e0o b\u1ea1n c\u1ea7n. D\u00f9 b\u1ea1n l\u00e0m vi\u1ec7c m\u1ed9t m\u00ecnh hay c\u1ea1nh tranh v\u1edbi m\u1ed9t \u0111\u1ed9i, ch\u00ednh k\u1ef9 n\u0103ng suy lu\u1eadn c\u1ee7a b\u1ea1n s\u1ebd \u0111\u01b0a v\u1ee5 \u00e1n ra \u00e1nh s\u00e1ng.","how_to_play":"L\u00e0m vi\u1ec7c m\u1ed9t m\u00ecnh ho\u1eb7c v\u1edbi b\u1ea1n b\u00e8, gia \u0111\u00ecnh, ho\u1eb7c \u0111\u1ed3ng nghi\u1ec7p trong c\u00e1c \u0111\u1ed9i t\u1ed1i \u0111a b\u1ed1n ng\u01b0\u1eddi tr\u00ean m\u1ed7i thi\u1ebft b\u1ecb. Sau khi \u0111\u1eb7t ch\u1ed7, b\u1ea1n s\u1ebd nh\u1eadn \u0111\u01b0\u1ee3c email h\u01b0\u1edbng d\u1eabn v\u1edbi m\u1ecdi th\u1ee9 b\u1ea1n c\u1ea7n.","start_location":"Chiesa di San Paolo","available_languages":["en","es","fr","de","it","nl"],"players_per_group":"1-4","duration":"1.5-2 hours","image_overlay_color_image":"https:\/\/testwebsite.citygame.com\/wp-content\/blogs.dir\/1\/files\/sites\/62\/2026\/01\/SherlockColor.svg","image_overlay_game_logo":"https:\/\/testwebsite.citygame.com\/wp-content\/blogs.dir\/1\/files\/sites\/62\/2026\/01\/SherlockLogo.png","city_page":7407,"woocommerce_general_content":null},"yoast_head":"<!-- This site is optimized with the Yoast SEO Premium plugin v26.2 (Yoast SEO v26.3) - https:\/\/yoast.com\/wordpress\/plugins\/seo\/ -->\n<title>Sherlock Holmes Venice - City Game<\/title>\n<meta name=\"description\" content=\"Sherlock Holmes Venice. Ch\u01a1i m\u1ed9t tr\u00f2 ch\u01a1i gi\u1ea3i m\u00e3 v\u1ee5 \u00e1n gi\u1ebft ng\u01b0\u1eddi t\u1ef1 h\u01b0\u1edbng d\u1eabn City Game, gi\u1ea3i c\u00e1c c\u00e2u \u0111\u1ed1, l\u1ea7n theo manh m\u1ed1i v\u00e0 t\u00ecm ra k\u1ebb s\u00e1t nh\u00e2n theo t\u1ed1c \u0111\u1ed9 c\u1ee7a ri\u00eang b\u1ea1n!\" \/>\n<meta name=\"robots\" content=\"noindex, follow, max-snippet:-1, max-image-preview:large, max-video-preview:-1\" \/>\n<meta property=\"og:locale\" content=\"vi_VN\" \/>\n<meta property=\"og:type\" content=\"article\" \/>\n<meta property=\"og:title\" content=\"Sherlock Holmes Venice\" \/>\n<meta property=\"og:description\" content=\"Sherlock Holmes Venice. Ch\u01a1i m\u1ed9t tr\u00f2 ch\u01a1i gi\u1ea3i m\u00e3 v\u1ee5 \u00e1n gi\u1ebft ng\u01b0\u1eddi t\u1ef1 h\u01b0\u1edbng d\u1eabn City Game, gi\u1ea3i c\u00e1c c\u00e2u \u0111\u1ed1, l\u1ea7n theo manh m\u1ed1i v\u00e0 t\u00ecm ra k\u1ebb s\u00e1t nh\u00e2n theo t\u1ed1c \u0111\u1ed9 c\u1ee7a ri\u00eang b\u1ea1n!\" \/>\n<meta property=\"og:url\" content=\"https:\/\/testwebsite.citygame.com\/vi\/games\/venice\/sherlock-holmes-venice\/\" \/>\n<meta property=\"og:site_name\" content=\"City Game\" \/>\n<meta property=\"article:publisher\" content=\"https:\/\/www.facebook.com\/profile.php?id=100086426226253\" \/>\n<meta property=\"article:modified_time\" content=\"2026-04-08T07:31:38+00:00\" \/>\n<meta property=\"og:image\" content=\"https:\/\/testwebsite.citygame.com\/wp-content\/blogs.dir\/1\/files\/sites\/62\/2026\/02\/woman-playing-sherlock-game-on-a-street-in-venice.jpg\" \/>\n\t<meta property=\"og:image:width\" content=\"1344\" \/>\n\t<meta property=\"og:image:height\" content=\"768\" \/>\n\t<meta property=\"og:image:type\" content=\"image\/jpeg\" \/>\n<meta name=\"twitter:card\" content=\"summary_large_image\" \/>\n<meta name=\"twitter:label1\" content=\"\u01af\u1edbc t\u00ednh th\u1eddi gian \u0111\u1ecdc\" \/>\n\t<meta name=\"twitter:data1\" content=\"1 ph\u00fat\" \/>\n<script type=\"application\/ld+json\" class=\"yoast-schema-graph\">{\"@context\":\"https:\/\/schema.org\",\"@graph\":[{\"@type\":\"WebPage\",\"@id\":\"https:\/\/testwebsite.citygame.com\/vi\/games\/venice\/sherlock-holmes-venice\/\",\"url\":\"https:\/\/testwebsite.citygame.com\/vi\/games\/venice\/sherlock-holmes-venice\/\",\"name\":\"Sherlock Holmes Venice - City Game\",\"isPartOf\":{\"@id\":\"https:\/\/testwebsite.upevents.nl\/#website\"},\"primaryImageOfPage\":{\"@id\":\"https:\/\/testwebsite.citygame.com\/vi\/games\/venice\/sherlock-holmes-venice\/#primaryimage\"},\"image\":{\"@id\":\"https:\/\/testwebsite.citygame.com\/vi\/games\/venice\/sherlock-holmes-venice\/#primaryimage\"},\"thumbnailUrl\":\"https:\/\/testwebsite.citygame.com\/wp-content\/blogs.dir\/1\/files\/sites\/62\/2026\/02\/woman-playing-sherlock-game-on-a-street-in-venice.jpg\",\"datePublished\":\"2026-02-05T12:28:13+00:00\",\"dateModified\":\"2026-04-08T07:31:38+00:00\",\"description\":\"Sherlock Holmes Venice. Ch\u01a1i m\u1ed9t tr\u00f2 ch\u01a1i gi\u1ea3i m\u00e3 v\u1ee5 \u00e1n gi\u1ebft ng\u01b0\u1eddi t\u1ef1 h\u01b0\u1edbng d\u1eabn City Game, gi\u1ea3i c\u00e1c c\u00e2u \u0111\u1ed1, l\u1ea7n theo manh m\u1ed1i v\u00e0 t\u00ecm ra k\u1ebb s\u00e1t nh\u00e2n theo t\u1ed1c \u0111\u1ed9 c\u1ee7a ri\u00eang b\u1ea1n!\",\"breadcrumb\":{\"@id\":\"https:\/\/testwebsite.citygame.com\/vi\/games\/venice\/sherlock-holmes-venice\/#breadcrumb\"},\"inLanguage\":\"vi\",\"potentialAction\":[{\"@type\":\"ReadAction\",\"target\":[\"https:\/\/testwebsite.citygame.com\/vi\/games\/venice\/sherlock-holmes-venice\/\"]}]},{\"@type\":\"ImageObject\",\"inLanguage\":\"vi\",\"@id\":\"https:\/\/testwebsite.citygame.com\/vi\/games\/venice\/sherlock-holmes-venice\/#primaryimage\",\"url\":\"https:\/\/testwebsite.citygame.com\/wp-content\/blogs.dir\/1\/files\/sites\/62\/2026\/02\/woman-playing-sherlock-game-on-a-street-in-venice.jpg\",\"contentUrl\":\"https:\/\/testwebsite.citygame.com\/wp-content\/blogs.dir\/1\/files\/sites\/62\/2026\/02\/woman-playing-sherlock-game-on-a-street-in-venice.jpg\",\"width\":1344,\"height\":768,\"caption\":\"A player uses her phone to solve a mystery on a historic street in Venice.\"},{\"@type\":\"BreadcrumbList\",\"@id\":\"https:\/\/testwebsite.citygame.com\/vi\/games\/venice\/sherlock-holmes-venice\/#breadcrumb\",\"itemListElement\":[{\"@type\":\"ListItem\",\"position\":1,\"name\":\"Home\",\"item\":\"https:\/\/testwebsite.citygame.com\/vi\/\"},{\"@type\":\"ListItem\",\"position\":2,\"name\":\"Shop\",\"item\":\"https:\/\/testwebsite.citygame.com\/shop\/\"},{\"@type\":\"ListItem\",\"position\":3,\"name\":\"Sherlock Holmes Venice\"}]},{\"@type\":\"WebSite\",\"@id\":\"https:\/\/testwebsite.upevents.nl\/#website\",\"url\":\"https:\/\/testwebsite.upevents.nl\/\",\"name\":\"City Game\",\"description\":\"\",\"publisher\":{\"@id\":\"https:\/\/testwebsite.upevents.nl\/#organization\"},\"alternateName\":\"citygame.com\",\"potentialAction\":[{\"@type\":\"SearchAction\",\"target\":{\"@type\":\"EntryPoint\",\"urlTemplate\":\"https:\/\/testwebsite.upevents.nl\/?s={search_term_string}\"},\"query-input\":{\"@type\":\"PropertyValueSpecification\",\"valueRequired\":true,\"valueName\":\"search_term_string\"}}],\"inLanguage\":\"vi\"},{\"@type\":[\"Organization\",\"Place\"],\"@id\":\"https:\/\/testwebsite.upevents.nl\/#organization\",\"name\":\"City Game\",\"alternateName\":\"citygame.com\",\"url\":\"https:\/\/testwebsite.upevents.nl\/\",\"logo\":{\"@id\":\"https:\/\/testwebsite.citygame.com\/vi\/games\/venice\/sherlock-holmes-venice\/#local-main-organization-logo\"},\"image\":{\"@id\":\"https:\/\/testwebsite.citygame.com\/vi\/games\/venice\/sherlock-holmes-venice\/#local-main-organization-logo\"},\"sameAs\":[\"https:\/\/www.facebook.com\/profile.php?id=100086426226253\",\"https:\/\/www.instagram.com\/citygame_com\",\"https:\/\/www.tiktok.com\/@citygamecom\/\",\"https:\/\/www.linkedin.com\/company\/citygame-com\"],\"description\":\"Turn any city into a playground with our interactive City Games and self-guided tours. Fun, flexible, and ideal for groups and team building.\",\"telephone\":[],\"openingHoursSpecification\":[{\"@type\":\"OpeningHoursSpecification\",\"dayOfWeek\":[\"Monday\",\"Tuesday\",\"Wednesday\",\"Thursday\",\"Friday\",\"Saturday\",\"Sunday\"],\"opens\":\"09:00\",\"closes\":\"17:00\"}]},{\"@type\":\"ImageObject\",\"inLanguage\":\"vi\",\"@id\":\"https:\/\/testwebsite.citygame.com\/vi\/games\/venice\/sherlock-holmes-venice\/#local-main-organization-logo\",\"url\":\"https:\/\/testwebsite.citygame.com\/wp-content\/blogs.dir\/1\/files\/sites\/62\/2025\/10\/CG_LOGO-City-Game.png\",\"contentUrl\":\"https:\/\/testwebsite.citygame.com\/wp-content\/blogs.dir\/1\/files\/sites\/62\/2025\/10\/CG_LOGO-City-Game.png\",\"width\":351,\"height\":377,\"caption\":\"City Game\"}]}<\/script>\n<!-- \/ Yoast SEO Premium plugin. -->","yoast_head_json":{"title":"Sherlock Holmes Venice - City Game","description":"Sherlock Holmes Venice. Ch\u01a1i m\u1ed9t tr\u00f2 ch\u01a1i gi\u1ea3i m\u00e3 v\u1ee5 \u00e1n gi\u1ebft ng\u01b0\u1eddi t\u1ef1 h\u01b0\u1edbng d\u1eabn City Game, gi\u1ea3i c\u00e1c c\u00e2u \u0111\u1ed1, l\u1ea7n theo manh m\u1ed1i v\u00e0 t\u00ecm ra k\u1ebb s\u00e1t nh\u00e2n theo t\u1ed1c \u0111\u1ed9 c\u1ee7a ri\u00eang b\u1ea1n!","robots":{"index":"noindex","follow":"follow","max-snippet":"max-snippet:-1","max-image-preview":"max-image-preview:large","max-video-preview":"max-video-preview:-1"},"og_locale":"vi_VN","og_type":"article","og_title":"Sherlock Holmes Venice","og_description":"Sherlock Holmes Venice. Ch\u01a1i m\u1ed9t tr\u00f2 ch\u01a1i gi\u1ea3i m\u00e3 v\u1ee5 \u00e1n gi\u1ebft ng\u01b0\u1eddi t\u1ef1 h\u01b0\u1edbng d\u1eabn City Game, gi\u1ea3i c\u00e1c c\u00e2u \u0111\u1ed1, l\u1ea7n theo manh m\u1ed1i v\u00e0 t\u00ecm ra k\u1ebb s\u00e1t nh\u00e2n theo t\u1ed1c \u0111\u1ed9 c\u1ee7a ri\u00eang b\u1ea1n!","og_url":"https:\/\/testwebsite.citygame.com\/vi\/games\/venice\/sherlock-holmes-venice\/","og_site_name":"City Game","article_publisher":"https:\/\/www.facebook.com\/profile.php?id=100086426226253","article_modified_time":"2026-04-08T07:31:38+00:00","og_image":[{"width":1344,"height":768,"url":"https:\/\/testwebsite.citygame.com\/wp-content\/blogs.dir\/1\/files\/sites\/62\/2026\/02\/woman-playing-sherlock-game-on-a-street-in-venice.jpg","type":"image\/jpeg"}],"twitter_card":"summary_large_image","twitter_misc":{"\u01af\u1edbc t\u00ednh th\u1eddi gian \u0111\u1ecdc":"1 ph\u00fat"},"schema":{"@context":"https:\/\/schema.org","@graph":[{"@type":"WebPage","@id":"https:\/\/testwebsite.citygame.com\/vi\/games\/venice\/sherlock-holmes-venice\/","url":"https:\/\/testwebsite.citygame.com\/vi\/games\/venice\/sherlock-holmes-venice\/","name":"Sherlock Holmes Venice - City Game","isPartOf":{"@id":"https:\/\/testwebsite.upevents.nl\/#website"},"primaryImageOfPage":{"@id":"https:\/\/testwebsite.citygame.com\/vi\/games\/venice\/sherlock-holmes-venice\/#primaryimage"},"image":{"@id":"https:\/\/testwebsite.citygame.com\/vi\/games\/venice\/sherlock-holmes-venice\/#primaryimage"},"thumbnailUrl":"https:\/\/testwebsite.citygame.com\/wp-content\/blogs.dir\/1\/files\/sites\/62\/2026\/02\/woman-playing-sherlock-game-on-a-street-in-venice.jpg","datePublished":"2026-02-05T12:28:13+00:00","dateModified":"2026-04-08T07:31:38+00:00","description":"Sherlock Holmes Venice. Ch\u01a1i m\u1ed9t tr\u00f2 ch\u01a1i gi\u1ea3i m\u00e3 v\u1ee5 \u00e1n gi\u1ebft ng\u01b0\u1eddi t\u1ef1 h\u01b0\u1edbng d\u1eabn City Game, gi\u1ea3i c\u00e1c c\u00e2u \u0111\u1ed1, l\u1ea7n theo manh m\u1ed1i v\u00e0 t\u00ecm ra k\u1ebb s\u00e1t nh\u00e2n theo t\u1ed1c \u0111\u1ed9 c\u1ee7a ri\u00eang b\u1ea1n!","breadcrumb":{"@id":"https:\/\/testwebsite.citygame.com\/vi\/games\/venice\/sherlock-holmes-venice\/#breadcrumb"},"inLanguage":"vi","potentialAction":[{"@type":"ReadAction","target":["https:\/\/testwebsite.citygame.com\/vi\/games\/venice\/sherlock-holmes-venice\/"]}]},{"@type":"ImageObject","inLanguage":"vi","@id":"https:\/\/testwebsite.citygame.com\/vi\/games\/venice\/sherlock-holmes-venice\/#primaryimage","url":"https:\/\/testwebsite.citygame.com\/wp-content\/blogs.dir\/1\/files\/sites\/62\/2026\/02\/woman-playing-sherlock-game-on-a-street-in-venice.jpg","contentUrl":"https:\/\/testwebsite.citygame.com\/wp-content\/blogs.dir\/1\/files\/sites\/62\/2026\/02\/woman-playing-sherlock-game-on-a-street-in-venice.jpg","width":1344,"height":768,"caption":"A player uses her phone to solve a mystery on a historic street in Venice."},{"@type":"BreadcrumbList","@id":"https:\/\/testwebsite.citygame.com\/vi\/games\/venice\/sherlock-holmes-venice\/#breadcrumb","itemListElement":[{"@type":"ListItem","position":1,"name":"Home","item":"https:\/\/testwebsite.citygame.com\/vi\/"},{"@type":"ListItem","position":2,"name":"Shop","item":"https:\/\/testwebsite.citygame.com\/shop\/"},{"@type":"ListItem","position":3,"name":"Sherlock Holmes Venice"}]},{"@type":"WebSite","@id":"https:\/\/testwebsite.upevents.nl\/#website","url":"https:\/\/testwebsite.upevents.nl\/","name":"City Game","description":"","publisher":{"@id":"https:\/\/testwebsite.upevents.nl\/#organization"},"alternateName":"citygame.com","potentialAction":[{"@type":"SearchAction","target":{"@type":"EntryPoint","urlTemplate":"https:\/\/testwebsite.upevents.nl\/?s={search_term_string}"},"query-input":{"@type":"PropertyValueSpecification","valueRequired":true,"valueName":"search_term_string"}}],"inLanguage":"vi"},{"@type":["Organization","Place"],"@id":"https:\/\/testwebsite.upevents.nl\/#organization","name":"City Game","alternateName":"citygame.com","url":"https:\/\/testwebsite.upevents.nl\/","logo":{"@id":"https:\/\/testwebsite.citygame.com\/vi\/games\/venice\/sherlock-holmes-venice\/#local-main-organization-logo"},"image":{"@id":"https:\/\/testwebsite.citygame.com\/vi\/games\/venice\/sherlock-holmes-venice\/#local-main-organization-logo"},"sameAs":["https:\/\/www.facebook.com\/profile.php?id=100086426226253","https:\/\/www.instagram.com\/citygame_com","https:\/\/www.tiktok.com\/@citygamecom\/","https:\/\/www.linkedin.com\/company\/citygame-com"],"description":"Turn any city into a playground with our interactive City Games and self-guided tours. Fun, flexible, and ideal for groups and team building.","telephone":[],"openingHoursSpecification":[{"@type":"OpeningHoursSpecification","dayOfWeek":["Monday","Tuesday","Wednesday","Thursday","Friday","Saturday","Sunday"],"opens":"09:00","closes":"17:00"}]},{"@type":"ImageObject","inLanguage":"vi","@id":"https:\/\/testwebsite.citygame.com\/vi\/games\/venice\/sherlock-holmes-venice\/#local-main-organization-logo","url":"https:\/\/testwebsite.citygame.com\/wp-content\/blogs.dir\/1\/files\/sites\/62\/2025\/10\/CG_LOGO-City-Game.png","contentUrl":"https:\/\/testwebsite.citygame.com\/wp-content\/blogs.dir\/1\/files\/sites\/62\/2025\/10\/CG_LOGO-City-Game.png","width":351,"height":377,"caption":"City Game"}]}},"taxonomy_info":{"game-concept":[{"value":794,"label":"Sherlock"}],"location":[{"value":418,"label":"Venice"}],"product_cat":[{"value":27,"label":"Geen categorie"}]},"featured_image_src_large":["https:\/\/testwebsite.citygame.com\/wp-content\/blogs.dir\/1\/files\/sites\/62\/2026\/02\/woman-playing-sherlock-game-on-a-street-in-venice-1024x585.jpg",1024,585,true],"author_info":[],"comment_info":"","_links":{"self":[{"href":"https:\/\/testwebsite.citygame.com\/vi\/wp-json\/wp\/v2\/product\/61318","targetHints":{"allow":["GET"]}}],"collection":[{"href":"https:\/\/testwebsite.citygame.com\/vi\/wp-json\/wp\/v2\/product"}],"about":[{"href":"https:\/\/testwebsite.citygame.com\/vi\/wp-json\/wp\/v2\/types\/product"}],"acf:post":[{"embeddable":true,"href":"https:\/\/testwebsite.citygame.com\/vi\/wp-json\/wp\/v2\/pages\/7407"}],"wp:featuredmedia":[{"embeddable":true,"href":"https:\/\/testwebsite.citygame.com\/vi\/wp-json\/wp\/v2\/media\/10761"}],"wp:attachment":[{"href":"https:\/\/testwebsite.citygame.com\/vi\/wp-json\/wp\/v2\/media?parent=61318"}],"wp:term":[{"taxonomy":"game-concept","embeddable":true,"href":"https:\/\/testwebsite.citygame.com\/vi\/wp-json\/wp\/v2\/game-concept?post=61318"},{"taxonomy":"location","embeddable":true,"href":"https:\/\/testwebsite.citygame.com\/vi\/wp-json\/wp\/v2\/location?post=61318"},{"taxonomy":"product_brand","embeddable":true,"href":"https:\/\/testwebsite.citygame.com\/vi\/wp-json\/wp\/v2\/product_brand?post=61318"},{"taxonomy":"product_cat","embeddable":true,"href":"https:\/\/testwebsite.citygame.com\/vi\/wp-json\/wp\/v2\/product_cat?post=61318"},{"taxonomy":"product_tag","embeddable":true,"href":"https:\/\/testwebsite.citygame.com\/vi\/wp-json\/wp\/v2\/product_tag?post=61318"}],"curies":[{"name":"wp","href":"https:\/\/api.w.org\/{rel}","templated":true}]}}