{"id":61073,"date":"2026-02-11T12:45:22","date_gmt":"2026-02-11T12:45:22","guid":{"rendered":"https:\/\/testwebsite.citygame.com\/games\/unknown-location\/sherlock-holmes-tanger\/"},"modified":"2026-04-08T06:58:24","modified_gmt":"2026-04-08T06:58:24","slug":"sherlock-holmes-tanger","status":"publish","type":"product","link":"https:\/\/testwebsite.citygame.com\/vi\/games\/tangier\/sherlock-holmes-tanger\/","title":{"rendered":"Sherlock Holmes Tanger"},"content":{"rendered":"<p>B\u01b0\u1edbc v\u00e0o th\u1ebf gi\u1edbi c\u1ee7a Sherlock Holmes v\u1edbi tr\u00f2 ch\u01a1i City Game \u0111i\u1ec1u tra \u00e1n m\u1ea1ng t\u1ef1 h\u01b0\u1edbng d\u1eabn, gi\u00e0u c\u1ed1t truy\u1ec7n n\u00e0y, l\u1ea5y b\u1ed1i c\u1ea3nh t\u1ea1i trung t\u00e2m l\u1ecbch s\u1eed c\u1ee7a Tanger. Khi c\u00e1c con ph\u1ed1 tr\u1edf th\u00e0nh s\u00e2n kh\u1ea5u cho m\u1ed9t cu\u1ed9c \u0111i\u1ec1u tra ph\u1ee9c t\u1ea1p sau v\u1ee5 \u00e1n m\u1ea1ng x\u1ea3y ra trong L\u1ec5 h\u1ed9i T\u1ef1 do, b\u1ea1n s\u1ebd x\u00e2u chu\u1ed7i c\u00e1c manh m\u1ed1i, gi\u1ea3i quy\u1ebft c\u00e1c c\u00e2u \u0111\u1ed1 nhi\u1ec1u t\u1ea7ng v\u00e0 th\u1ea9m v\u1ea5n c\u00e1c nghi ph\u1ea1m k\u1ef9 thu\u1eadt s\u1ed1 \u0111\u1ec3 kh\u00e1m ph\u00e1 s\u1ef1 th\u1eadt. Di chuy\u1ec3n theo t\u1ed1c \u0111\u1ed9 c\u1ee7a ri\u00eang b\u1ea1n qua m\u1ed9t c\u00e2u chuy\u1ec7n \u0111ang d\u1ea7n h\u00e9 m\u1edf, bi\u1ebfn Tanger th\u00e0nh m\u1ed9t b\u1ed1i c\u1ea3nh \u0111\u1ea7y kh\u00f4ng kh\u00ed cho tr\u1ea3i nghi\u1ec7m th\u00e1m t\u1eed nh\u1eadp vai v\u00e0 \u0111\u1ea7y th\u1eed th\u00e1ch.<\/p>\n","protected":false},"excerpt":{"rendered":"<p>H\u00f3a th\u00e2n th\u00e0nh Sherlock Holmes trong tr\u00f2 ch\u01a1i \u0111i\u1ec1u tra \u00e1n m\u1ea1ng t\u1ef1 h\u01b0\u1edbng d\u1eabn n\u00e0y ngay t\u1ea1i trung t\u00e2m Tanger. Theo d\u00f5i manh m\u1ed1i, gi\u1ea3i m\u00e3 c\u00e1c c\u00e2u \u0111\u1ed1 v\u00e0 l\u00e0m vi\u1ec7c theo nh\u00f3m \u0111\u1ec3 kh\u00e1m ph\u00e1 s\u1ef1 th\u1eadt, trong khi \u0111\u1ed3ng h\u1ed3 kh\u00f4ng ng\u1eebng \u0111\u1ebfm ng\u01b0\u1ee3c trong h\u00e0nh tr\u00ecnh t\u00ecm ki\u1ebfm c\u00f4ng l\u00fd c\u1ee7a b\u1ea1n!<\/p>\n","protected":false},"featured_media":12542,"template":"","meta":{"_acf_changed":false,"_yoast_wpseo_focuskw":"Sherlock Holmes Tanger","_yoast_wpseo_metadesc":"Sherlock Holmes Tanger. Ch\u01a1i tr\u00f2 City Game \u0111i\u1ec1u tra \u00e1n m\u1ea1ng t\u1ef1 h\u01b0\u1edbng d\u1eabn, gi\u1ea3i c\u00e1c c\u00e2u \u0111\u1ed1, theo d\u00f5i manh m\u1ed1i v\u00e0 kh\u00e1m ph\u00e1 danh t\u00ednh k\u1ebb s\u00e1t nh\u00e2n theo t\u1ed1c \u0111\u1ed9 c\u1ee7a ri\u00eang b\u1ea1n!","_kad_blocks_custom_css":"","_kad_blocks_head_custom_js":"","_kad_blocks_body_custom_js":"","_kad_blocks_footer_custom_js":"","ghostkit_customizer_options":"","ghostkit_custom_css":"","ghostkit_custom_js_head":"","ghostkit_custom_js_foot":"","ghostkit_typography":"","_kad_post_transparent":"","_kad_post_title":"","_kad_post_layout":"","_kad_post_sidebar_id":"","_kad_post_content_style":"","_kad_post_vertical_padding":"","_kad_post_feature":"","_kad_post_feature_position":"","_kad_post_header":false,"_kad_post_footer":false,"_kad_post_classname":"","_links_to":"","_links_to_target":""},"game-concept":[794],"location":[532],"product_brand":[],"product_cat":[27],"product_tag":[],"class_list":{"0":"post-61073","1":"product","2":"type-product","3":"status-publish","4":"has-post-thumbnail","6":"game-concept-sherlock","7":"location-tangier","8":"product_cat-geen-categorie","10":"first","11":"instock","12":"shipping-taxable","13":"purchasable","14":"product-type-simple","15":"entry","16":"content-bg","17":"loop-entry"},"acf":{"full_bokun_product_name":"Tangier Self-Guided Sherlock Holmes Murder Mystery Game","location_name":"Tanger","bokun_calendar_widget_code":"<script type=\"text\/javascript\" src=\"https:\/\/widgets.bokun.io\/assets\/javascripts\/apps\/build\/BokunWidgetsLoader.js?bookingChannelUUID=a1e93e96-5232-4734-a595-28405f4b5a31\" async><\/script>\n     \n    <div class=\"bokunWidget\" data-src=\"https:\/\/widgets.bokun.io\/online-sales\/a1e93e96-5232-4734-a595-28405f4b5a31\/experience-calendar\/771867\"><\/div>\n    <noscript>Please enable javascript in your browser to book<\/noscript>","bokun_button_widget_code":"<script type=\"text\/javascript\" src=\"https:\/\/widgets.bokun.io\/assets\/javascripts\/apps\/build\/BokunWidgetsLoader.js?bookingChannelUUID=a1e93e96-5232-4734-a595-28405f4b5a31\" async><\/script>\n      <style> #bokun_ed001e45_5927_4f62_b470_ca766338d083 { display: inline-block; padding: .4em 1em; background: #47b82e; border-radius: 999999px; box-shadow: none; font-weight: 600; font-size: 24px; text-decoration: none; text-align: center; color: #FFFFFF; border:none; cursor: pointer; transition: background .2s ease; } #bokun_ed001e45_5927_4f62_b470_ca766338d083:hover{ background: #2f7b1f; } #bokun_ed001e45_5927_4f62_b470_ca766338d083:active{ background: #378f24; } <\/style> <button class=\"bokunButton\" disabled id=bokun_ed001e45_5927_4f62_b470_ca766338d083 data-src=\"https:\/\/widgets.bokun.io\/online-sales\/a1e93e96-5232-4734-a595-28405f4b5a31\/experience-calendar\/771867?partialView=1\" data-testid=\"widget-book-button\" > Book now <\/button> ","what_you\u2019ll_experience_during_the_game":"B\u1ea1n b\u01b0\u1edbc v\u00e0o m\u1ed9t c\u00e2u chuy\u1ec7n trinh th\u00e1m h\u1ea5p d\u1eabn l\u1ea5y b\u1ed1i c\u1ea3nh tr\u00ean nh\u1eefng con ph\u1ed1 quanh co v\u00e0 g\u00f3c khu\u1ea5t c\u1ee7a Tangier. Khi cu\u1ed9c \u0111i\u1ec1u tra b\u1eaft \u0111\u1ea7u, b\u00ed \u1ea9n d\u1ea7n h\u00e9 m\u1edf xung quanh b\u1ea1n v\u1edbi m\u1ed7i b\u01b0\u1edbc di chuy\u1ec3n qua th\u00e0nh ph\u1ed1, k\u00e9o b\u1ea1n s\u00e2u h\u01a1n v\u00e0o m\u1ea1ng l\u01b0\u1edbi b\u00ed m\u1eadt li\u00ean quan \u0111\u1ebfn m\u1ed9t v\u1ee5 \u00e1n m\u1ea1ng \u0111\u00e3 g\u00e2y ch\u1ea5n \u0111\u1ed9ng L\u1ec5 h\u1ed9i T\u1ef1 do. M\u1ed7i \u0111\u1ecba \u0111i\u1ec3m n\u1eafm gi\u1eef m\u1ed9t t\u1ea7ng l\u1edbp m\u1edbi c\u1ee7a v\u1ee5 \u00e1n, n\u01a1i b\u1ea1n ph\u1ea3i kh\u00e1m ph\u00e1 manh m\u1ed1i, gi\u1ea3i c\u00e1c c\u00e2u \u0111\u1ed1 kh\u00f3 v\u00e0 theo d\u00f5i d\u1ea5u v\u1ebft c\u1ee7a m\u1ed9t c\u00e2u chuy\u1ec7n \u0111\u1ea7y k\u1ecbch t\u00ednh. T\u01b0 duy ph\u1ea3n bi\u1ec7n, \u00f3c quan s\u00e1t nh\u1ea1y b\u00e9n v\u00e0 kh\u1ea3 n\u0103ng suy lu\u1eadn v\u1eefng ch\u1eafc l\u00e0 c\u00f4ng c\u1ee5 tuy\u1ec7t v\u1eddi nh\u1ea5t c\u1ee7a b\u1ea1n khi b\u1ea1n \u0111\u1eafm m\u00ecnh v\u00e0o m\u1ed9t tr\u1ea3i nghi\u1ec7m ho\u00e0n to\u00e0n d\u1ef1a tr\u00ean c\u1ed1t truy\u1ec7n.\n\nB\u1ea1n s\u1ebd th\u1ea9m v\u1ea5n c\u00e1c nghi ph\u1ea1m k\u1ef9 thu\u1eadt s\u1ed1, ki\u1ec3m tra ch\u1ee9ng c\u1ee9 ngo\u1ea1i ph\u1ea1m v\u00e0 kh\u00e1m ph\u00e1 nh\u1eefng m\u00e2u thu\u1eabn c\u00f3 th\u1ec3 l\u00e0m s\u00e1ng t\u1ecf v\u1ee5 \u00e1n. S\u1ef1 th\u1eadt \u0111\u1eb1ng sau v\u1ee5 \u00e1n t\u1ea1i l\u1ec5 h\u1ed9i \u0111ang ch\u1edd \u0111\u01b0\u1ee3c ti\u1ebft l\u1ed9, nh\u01b0ng ch\u1ec9 khi b\u1ea1n c\u00f3 th\u1ec3 x\u00e2u chu\u1ed7i c\u00e1c b\u1eb1ng ch\u1ee9ng tr\u00ean h\u00e0nh tr\u00ecnh. B\u1ea1n quy\u1ebft \u0111\u1ecbnh t\u1ed1c \u0111\u1ed9 \u0111i\u1ec1u tra c\u1ee7a m\u00ecnh, v\u1edbi quy\u1ec1n t\u1ef1 do t\u1ea1m d\u1eebng v\u00e0 ti\u1ebfp t\u1ee5c b\u1ea5t c\u1ee9 khi n\u00e0o ph\u00f9 h\u1ee3p v\u1edbi nh\u00f3m c\u1ee7a b\u1ea1n. \u0110\u1ed1i v\u1edbi nh\u1eefng ng\u01b0\u1eddi tham gia c\u00f9ng ng\u01b0\u1eddi kh\u00e1c, c\u00f3 m\u1ed9t l\u1ee3i th\u1ebf c\u1ea1nh tranh th\u00f4ng minh khi b\u1ea1n so s\u00e1nh k\u1ebft qu\u1ea3 v\u00e0 l\u00fd lu\u1eadn c\u1ee7a m\u00ecnh v\u1edbi nhau. M\u1ed7i b\u01b0\u1edbc \u0111i c\u1ee7a b\u1ea1n s\u1ebd \u0111\u01b0a b\u1ea1n \u0111\u1ebfn g\u1ea7n h\u01a1n v\u1edbi vi\u1ec7c l\u00e0m s\u00e1ng t\u1ecf s\u1ef1 th\u1eadt \u1ea9n gi\u1ea5u b\u00ean d\u01b0\u1edbi b\u1ec1 m\u1eb7t c\u1ee7a Tangier.","how_to_play":"Ch\u01a1i m\u1ed9t m\u00ecnh ho\u1eb7c v\u1edbi b\u1ea1n b\u00e8, gia \u0111\u00ecnh, ho\u1eb7c \u0111\u1ed3ng nghi\u1ec7p theo nh\u00f3m t\u1ed1i \u0111a b\u1ed1n ng\u01b0\u1eddi tr\u00ean m\u1ed7i thi\u1ebft b\u1ecb. Sau khi \u0111\u1eb7t ch\u1ed7, b\u1ea1n s\u1ebd nh\u1eadn \u0111\u01b0\u1ee3c email h\u01b0\u1edbng d\u1eabn v\u1edbi m\u1ecdi th\u1ee9 b\u1ea1n c\u1ea7n.","start_location":"Tangier, Ibn Battouta Museum","available_languages":["en","es","fr","de","it","nl"],"players_per_group":"1-4","duration":"1.5-2 hours","image_overlay_color_image":"https:\/\/testwebsite.citygame.com\/wp-content\/blogs.dir\/1\/files\/sites\/62\/2026\/01\/SherlockColor.svg","image_overlay_game_logo":"https:\/\/testwebsite.citygame.com\/wp-content\/blogs.dir\/1\/files\/sites\/62\/2026\/01\/SherlockLogo.png","city_page":12540,"woocommerce_general_content":null},"yoast_head":"<!-- This site is optimized with the Yoast SEO Premium plugin v26.2 (Yoast SEO v26.3) - https:\/\/yoast.com\/wordpress\/plugins\/seo\/ -->\n<title>Sherlock Holmes Tanger - City Game<\/title>\n<meta name=\"description\" content=\"Sherlock Holmes Tanger. Ch\u01a1i tr\u00f2 City Game \u0111i\u1ec1u tra \u00e1n m\u1ea1ng t\u1ef1 h\u01b0\u1edbng d\u1eabn, gi\u1ea3i c\u00e1c c\u00e2u \u0111\u1ed1, theo d\u00f5i manh m\u1ed1i v\u00e0 kh\u00e1m ph\u00e1 danh t\u00ednh k\u1ebb s\u00e1t nh\u00e2n theo t\u1ed1c \u0111\u1ed9 c\u1ee7a ri\u00eang b\u1ea1n!\" \/>\n<meta name=\"robots\" content=\"noindex, follow, max-snippet:-1, max-image-preview:large, max-video-preview:-1\" \/>\n<meta property=\"og:locale\" content=\"vi_VN\" \/>\n<meta property=\"og:type\" content=\"article\" \/>\n<meta property=\"og:title\" content=\"Sherlock Holmes Tanger\" \/>\n<meta property=\"og:description\" content=\"Sherlock Holmes Tanger. Ch\u01a1i tr\u00f2 City Game \u0111i\u1ec1u tra \u00e1n m\u1ea1ng t\u1ef1 h\u01b0\u1edbng d\u1eabn, gi\u1ea3i c\u00e1c c\u00e2u \u0111\u1ed1, theo d\u00f5i manh m\u1ed1i v\u00e0 kh\u00e1m ph\u00e1 danh t\u00ednh k\u1ebb s\u00e1t nh\u00e2n theo t\u1ed1c \u0111\u1ed9 c\u1ee7a ri\u00eang b\u1ea1n!\" \/>\n<meta property=\"og:url\" content=\"https:\/\/testwebsite.citygame.com\/vi\/games\/tangier\/sherlock-holmes-tanger\/\" \/>\n<meta property=\"og:site_name\" content=\"City Game\" \/>\n<meta property=\"article:publisher\" content=\"https:\/\/www.facebook.com\/profile.php?id=100086426226253\" \/>\n<meta property=\"article:modified_time\" content=\"2026-04-08T06:58:24+00:00\" \/>\n<meta property=\"og:image\" content=\"https:\/\/testwebsite.citygame.com\/wp-content\/blogs.dir\/1\/files\/sites\/62\/2026\/02\/woman-playing-mobile-game-tanger-street.jpg\" \/>\n\t<meta property=\"og:image:width\" content=\"1344\" \/>\n\t<meta property=\"og:image:height\" content=\"768\" \/>\n\t<meta property=\"og:image:type\" content=\"image\/jpeg\" \/>\n<meta name=\"twitter:card\" content=\"summary_large_image\" \/>\n<meta name=\"twitter:label1\" content=\"\u01af\u1edbc t\u00ednh th\u1eddi gian \u0111\u1ecdc\" \/>\n\t<meta name=\"twitter:data1\" content=\"1 ph\u00fat\" \/>\n<script type=\"application\/ld+json\" class=\"yoast-schema-graph\">{\"@context\":\"https:\/\/schema.org\",\"@graph\":[{\"@type\":\"WebPage\",\"@id\":\"https:\/\/testwebsite.citygame.com\/vi\/games\/tangier\/sherlock-holmes-tanger\/\",\"url\":\"https:\/\/testwebsite.citygame.com\/vi\/games\/tangier\/sherlock-holmes-tanger\/\",\"name\":\"Sherlock Holmes Tanger - City Game\",\"isPartOf\":{\"@id\":\"https:\/\/testwebsite.upevents.nl\/#website\"},\"primaryImageOfPage\":{\"@id\":\"https:\/\/testwebsite.citygame.com\/vi\/games\/tangier\/sherlock-holmes-tanger\/#primaryimage\"},\"image\":{\"@id\":\"https:\/\/testwebsite.citygame.com\/vi\/games\/tangier\/sherlock-holmes-tanger\/#primaryimage\"},\"thumbnailUrl\":\"https:\/\/testwebsite.citygame.com\/wp-content\/blogs.dir\/1\/files\/sites\/62\/2026\/02\/woman-playing-mobile-game-tanger-street.jpg\",\"datePublished\":\"2026-02-11T12:45:22+00:00\",\"dateModified\":\"2026-04-08T06:58:24+00:00\",\"description\":\"Sherlock Holmes Tanger. Ch\u01a1i tr\u00f2 City Game \u0111i\u1ec1u tra \u00e1n m\u1ea1ng t\u1ef1 h\u01b0\u1edbng d\u1eabn, gi\u1ea3i c\u00e1c c\u00e2u \u0111\u1ed1, theo d\u00f5i manh m\u1ed1i v\u00e0 kh\u00e1m ph\u00e1 danh t\u00ednh k\u1ebb s\u00e1t nh\u00e2n theo t\u1ed1c \u0111\u1ed9 c\u1ee7a ri\u00eang b\u1ea1n!\",\"breadcrumb\":{\"@id\":\"https:\/\/testwebsite.citygame.com\/vi\/games\/tangier\/sherlock-holmes-tanger\/#breadcrumb\"},\"inLanguage\":\"vi\",\"potentialAction\":[{\"@type\":\"ReadAction\",\"target\":[\"https:\/\/testwebsite.citygame.com\/vi\/games\/tangier\/sherlock-holmes-tanger\/\"]}]},{\"@type\":\"ImageObject\",\"inLanguage\":\"vi\",\"@id\":\"https:\/\/testwebsite.citygame.com\/vi\/games\/tangier\/sherlock-holmes-tanger\/#primaryimage\",\"url\":\"https:\/\/testwebsite.citygame.com\/wp-content\/blogs.dir\/1\/files\/sites\/62\/2026\/02\/woman-playing-mobile-game-tanger-street.jpg\",\"contentUrl\":\"https:\/\/testwebsite.citygame.com\/wp-content\/blogs.dir\/1\/files\/sites\/62\/2026\/02\/woman-playing-mobile-game-tanger-street.jpg\",\"width\":1344,\"height\":768,\"caption\":\"A tourist uses her phone to play a navigation game while exploring a street in Tanger.\"},{\"@type\":\"BreadcrumbList\",\"@id\":\"https:\/\/testwebsite.citygame.com\/vi\/games\/tangier\/sherlock-holmes-tanger\/#breadcrumb\",\"itemListElement\":[{\"@type\":\"ListItem\",\"position\":1,\"name\":\"Home\",\"item\":\"https:\/\/testwebsite.citygame.com\/vi\/\"},{\"@type\":\"ListItem\",\"position\":2,\"name\":\"Shop\",\"item\":\"https:\/\/testwebsite.citygame.com\/shop\/\"},{\"@type\":\"ListItem\",\"position\":3,\"name\":\"Sherlock Holmes Tanger\"}]},{\"@type\":\"WebSite\",\"@id\":\"https:\/\/testwebsite.upevents.nl\/#website\",\"url\":\"https:\/\/testwebsite.upevents.nl\/\",\"name\":\"City Game\",\"description\":\"\",\"publisher\":{\"@id\":\"https:\/\/testwebsite.upevents.nl\/#organization\"},\"alternateName\":\"citygame.com\",\"potentialAction\":[{\"@type\":\"SearchAction\",\"target\":{\"@type\":\"EntryPoint\",\"urlTemplate\":\"https:\/\/testwebsite.upevents.nl\/?s={search_term_string}\"},\"query-input\":{\"@type\":\"PropertyValueSpecification\",\"valueRequired\":true,\"valueName\":\"search_term_string\"}}],\"inLanguage\":\"vi\"},{\"@type\":[\"Organization\",\"Place\"],\"@id\":\"https:\/\/testwebsite.upevents.nl\/#organization\",\"name\":\"City Game\",\"alternateName\":\"citygame.com\",\"url\":\"https:\/\/testwebsite.upevents.nl\/\",\"logo\":{\"@id\":\"https:\/\/testwebsite.citygame.com\/vi\/games\/tangier\/sherlock-holmes-tanger\/#local-main-organization-logo\"},\"image\":{\"@id\":\"https:\/\/testwebsite.citygame.com\/vi\/games\/tangier\/sherlock-holmes-tanger\/#local-main-organization-logo\"},\"sameAs\":[\"https:\/\/www.facebook.com\/profile.php?id=100086426226253\",\"https:\/\/www.instagram.com\/citygame_com\",\"https:\/\/www.tiktok.com\/@citygamecom\/\",\"https:\/\/www.linkedin.com\/company\/citygame-com\"],\"description\":\"Turn any city into a playground with our interactive City Games and self-guided tours. Fun, flexible, and ideal for groups and team building.\",\"telephone\":[],\"openingHoursSpecification\":[{\"@type\":\"OpeningHoursSpecification\",\"dayOfWeek\":[\"Monday\",\"Tuesday\",\"Wednesday\",\"Thursday\",\"Friday\",\"Saturday\",\"Sunday\"],\"opens\":\"09:00\",\"closes\":\"17:00\"}]},{\"@type\":\"ImageObject\",\"inLanguage\":\"vi\",\"@id\":\"https:\/\/testwebsite.citygame.com\/vi\/games\/tangier\/sherlock-holmes-tanger\/#local-main-organization-logo\",\"url\":\"https:\/\/testwebsite.citygame.com\/wp-content\/blogs.dir\/1\/files\/sites\/62\/2025\/10\/CG_LOGO-City-Game.png\",\"contentUrl\":\"https:\/\/testwebsite.citygame.com\/wp-content\/blogs.dir\/1\/files\/sites\/62\/2025\/10\/CG_LOGO-City-Game.png\",\"width\":351,\"height\":377,\"caption\":\"City Game\"}]}<\/script>\n<!-- \/ Yoast SEO Premium plugin. -->","yoast_head_json":{"title":"Sherlock Holmes Tanger - City Game","description":"Sherlock Holmes Tanger. Ch\u01a1i tr\u00f2 City Game \u0111i\u1ec1u tra \u00e1n m\u1ea1ng t\u1ef1 h\u01b0\u1edbng d\u1eabn, gi\u1ea3i c\u00e1c c\u00e2u \u0111\u1ed1, theo d\u00f5i manh m\u1ed1i v\u00e0 kh\u00e1m ph\u00e1 danh t\u00ednh k\u1ebb s\u00e1t nh\u00e2n theo t\u1ed1c \u0111\u1ed9 c\u1ee7a ri\u00eang b\u1ea1n!","robots":{"index":"noindex","follow":"follow","max-snippet":"max-snippet:-1","max-image-preview":"max-image-preview:large","max-video-preview":"max-video-preview:-1"},"og_locale":"vi_VN","og_type":"article","og_title":"Sherlock Holmes Tanger","og_description":"Sherlock Holmes Tanger. Ch\u01a1i tr\u00f2 City Game \u0111i\u1ec1u tra \u00e1n m\u1ea1ng t\u1ef1 h\u01b0\u1edbng d\u1eabn, gi\u1ea3i c\u00e1c c\u00e2u \u0111\u1ed1, theo d\u00f5i manh m\u1ed1i v\u00e0 kh\u00e1m ph\u00e1 danh t\u00ednh k\u1ebb s\u00e1t nh\u00e2n theo t\u1ed1c \u0111\u1ed9 c\u1ee7a ri\u00eang b\u1ea1n!","og_url":"https:\/\/testwebsite.citygame.com\/vi\/games\/tangier\/sherlock-holmes-tanger\/","og_site_name":"City Game","article_publisher":"https:\/\/www.facebook.com\/profile.php?id=100086426226253","article_modified_time":"2026-04-08T06:58:24+00:00","og_image":[{"width":1344,"height":768,"url":"https:\/\/testwebsite.citygame.com\/wp-content\/blogs.dir\/1\/files\/sites\/62\/2026\/02\/woman-playing-mobile-game-tanger-street.jpg","type":"image\/jpeg"}],"twitter_card":"summary_large_image","twitter_misc":{"\u01af\u1edbc t\u00ednh th\u1eddi gian \u0111\u1ecdc":"1 ph\u00fat"},"schema":{"@context":"https:\/\/schema.org","@graph":[{"@type":"WebPage","@id":"https:\/\/testwebsite.citygame.com\/vi\/games\/tangier\/sherlock-holmes-tanger\/","url":"https:\/\/testwebsite.citygame.com\/vi\/games\/tangier\/sherlock-holmes-tanger\/","name":"Sherlock Holmes Tanger - City Game","isPartOf":{"@id":"https:\/\/testwebsite.upevents.nl\/#website"},"primaryImageOfPage":{"@id":"https:\/\/testwebsite.citygame.com\/vi\/games\/tangier\/sherlock-holmes-tanger\/#primaryimage"},"image":{"@id":"https:\/\/testwebsite.citygame.com\/vi\/games\/tangier\/sherlock-holmes-tanger\/#primaryimage"},"thumbnailUrl":"https:\/\/testwebsite.citygame.com\/wp-content\/blogs.dir\/1\/files\/sites\/62\/2026\/02\/woman-playing-mobile-game-tanger-street.jpg","datePublished":"2026-02-11T12:45:22+00:00","dateModified":"2026-04-08T06:58:24+00:00","description":"Sherlock Holmes Tanger. Ch\u01a1i tr\u00f2 City Game \u0111i\u1ec1u tra \u00e1n m\u1ea1ng t\u1ef1 h\u01b0\u1edbng d\u1eabn, gi\u1ea3i c\u00e1c c\u00e2u \u0111\u1ed1, theo d\u00f5i manh m\u1ed1i v\u00e0 kh\u00e1m ph\u00e1 danh t\u00ednh k\u1ebb s\u00e1t nh\u00e2n theo t\u1ed1c \u0111\u1ed9 c\u1ee7a ri\u00eang b\u1ea1n!","breadcrumb":{"@id":"https:\/\/testwebsite.citygame.com\/vi\/games\/tangier\/sherlock-holmes-tanger\/#breadcrumb"},"inLanguage":"vi","potentialAction":[{"@type":"ReadAction","target":["https:\/\/testwebsite.citygame.com\/vi\/games\/tangier\/sherlock-holmes-tanger\/"]}]},{"@type":"ImageObject","inLanguage":"vi","@id":"https:\/\/testwebsite.citygame.com\/vi\/games\/tangier\/sherlock-holmes-tanger\/#primaryimage","url":"https:\/\/testwebsite.citygame.com\/wp-content\/blogs.dir\/1\/files\/sites\/62\/2026\/02\/woman-playing-mobile-game-tanger-street.jpg","contentUrl":"https:\/\/testwebsite.citygame.com\/wp-content\/blogs.dir\/1\/files\/sites\/62\/2026\/02\/woman-playing-mobile-game-tanger-street.jpg","width":1344,"height":768,"caption":"A tourist uses her phone to play a navigation game while exploring a street in Tanger."},{"@type":"BreadcrumbList","@id":"https:\/\/testwebsite.citygame.com\/vi\/games\/tangier\/sherlock-holmes-tanger\/#breadcrumb","itemListElement":[{"@type":"ListItem","position":1,"name":"Home","item":"https:\/\/testwebsite.citygame.com\/vi\/"},{"@type":"ListItem","position":2,"name":"Shop","item":"https:\/\/testwebsite.citygame.com\/shop\/"},{"@type":"ListItem","position":3,"name":"Sherlock Holmes Tanger"}]},{"@type":"WebSite","@id":"https:\/\/testwebsite.upevents.nl\/#website","url":"https:\/\/testwebsite.upevents.nl\/","name":"City Game","description":"","publisher":{"@id":"https:\/\/testwebsite.upevents.nl\/#organization"},"alternateName":"citygame.com","potentialAction":[{"@type":"SearchAction","target":{"@type":"EntryPoint","urlTemplate":"https:\/\/testwebsite.upevents.nl\/?s={search_term_string}"},"query-input":{"@type":"PropertyValueSpecification","valueRequired":true,"valueName":"search_term_string"}}],"inLanguage":"vi"},{"@type":["Organization","Place"],"@id":"https:\/\/testwebsite.upevents.nl\/#organization","name":"City Game","alternateName":"citygame.com","url":"https:\/\/testwebsite.upevents.nl\/","logo":{"@id":"https:\/\/testwebsite.citygame.com\/vi\/games\/tangier\/sherlock-holmes-tanger\/#local-main-organization-logo"},"image":{"@id":"https:\/\/testwebsite.citygame.com\/vi\/games\/tangier\/sherlock-holmes-tanger\/#local-main-organization-logo"},"sameAs":["https:\/\/www.facebook.com\/profile.php?id=100086426226253","https:\/\/www.instagram.com\/citygame_com","https:\/\/www.tiktok.com\/@citygamecom\/","https:\/\/www.linkedin.com\/company\/citygame-com"],"description":"Turn any city into a playground with our interactive City Games and self-guided tours. Fun, flexible, and ideal for groups and team building.","telephone":[],"openingHoursSpecification":[{"@type":"OpeningHoursSpecification","dayOfWeek":["Monday","Tuesday","Wednesday","Thursday","Friday","Saturday","Sunday"],"opens":"09:00","closes":"17:00"}]},{"@type":"ImageObject","inLanguage":"vi","@id":"https:\/\/testwebsite.citygame.com\/vi\/games\/tangier\/sherlock-holmes-tanger\/#local-main-organization-logo","url":"https:\/\/testwebsite.citygame.com\/wp-content\/blogs.dir\/1\/files\/sites\/62\/2025\/10\/CG_LOGO-City-Game.png","contentUrl":"https:\/\/testwebsite.citygame.com\/wp-content\/blogs.dir\/1\/files\/sites\/62\/2025\/10\/CG_LOGO-City-Game.png","width":351,"height":377,"caption":"City Game"}]}},"taxonomy_info":{"game-concept":[{"value":794,"label":"Sherlock"}],"location":[{"value":532,"label":"Tangier"}],"product_cat":[{"value":27,"label":"Geen categorie"}]},"featured_image_src_large":["https:\/\/testwebsite.citygame.com\/wp-content\/blogs.dir\/1\/files\/sites\/62\/2026\/02\/woman-playing-mobile-game-tanger-street-1024x585.jpg",1024,585,true],"author_info":[],"comment_info":"","_links":{"self":[{"href":"https:\/\/testwebsite.citygame.com\/vi\/wp-json\/wp\/v2\/product\/61073","targetHints":{"allow":["GET"]}}],"collection":[{"href":"https:\/\/testwebsite.citygame.com\/vi\/wp-json\/wp\/v2\/product"}],"about":[{"href":"https:\/\/testwebsite.citygame.com\/vi\/wp-json\/wp\/v2\/types\/product"}],"acf:post":[{"embeddable":true,"href":"https:\/\/testwebsite.citygame.com\/vi\/wp-json\/wp\/v2\/pages\/12540"}],"wp:featuredmedia":[{"embeddable":true,"href":"https:\/\/testwebsite.citygame.com\/vi\/wp-json\/wp\/v2\/media\/12542"}],"wp:attachment":[{"href":"https:\/\/testwebsite.citygame.com\/vi\/wp-json\/wp\/v2\/media?parent=61073"}],"wp:term":[{"taxonomy":"game-concept","embeddable":true,"href":"https:\/\/testwebsite.citygame.com\/vi\/wp-json\/wp\/v2\/game-concept?post=61073"},{"taxonomy":"location","embeddable":true,"href":"https:\/\/testwebsite.citygame.com\/vi\/wp-json\/wp\/v2\/location?post=61073"},{"taxonomy":"product_brand","embeddable":true,"href":"https:\/\/testwebsite.citygame.com\/vi\/wp-json\/wp\/v2\/product_brand?post=61073"},{"taxonomy":"product_cat","embeddable":true,"href":"https:\/\/testwebsite.citygame.com\/vi\/wp-json\/wp\/v2\/product_cat?post=61073"},{"taxonomy":"product_tag","embeddable":true,"href":"https:\/\/testwebsite.citygame.com\/vi\/wp-json\/wp\/v2\/product_tag?post=61073"}],"curies":[{"name":"wp","href":"https:\/\/api.w.org\/{rel}","templated":true}]}}