{"id":61003,"date":"2026-02-16T07:19:38","date_gmt":"2026-02-16T07:19:38","guid":{"rendered":"https:\/\/testwebsite.citygame.com\/games\/unknown-location\/the-sydney-syndicate\/"},"modified":"2026-04-08T06:50:52","modified_gmt":"2026-04-08T06:50:52","slug":"the-sydney-syndicate","status":"publish","type":"product","link":"https:\/\/testwebsite.citygame.com\/vi\/games\/sydney\/the-sydney-syndicate\/","title":{"rendered":"The Sydney Syndicate"},"content":{"rendered":"<p>The Sydney Syndicate l\u00e0 m\u1ed9t tr\u00f2 ch\u01a1i Tho\u00e1t hi\u1ec3m Th\u00e0nh ph\u1ed1 t\u1ef1 h\u01b0\u1edbng d\u1eabn t\u1ea1i trung t\u00e2m Sydney. Trong Tr\u00f2 ch\u01a1i Th\u00e0nh ph\u1ed1 n\u00e0y \u1edf Sydney, c\u00e1c \u0111\u1ed9i l\u00e0m vi\u1ec7c c\u00f9ng nhau \u0111\u1ec3 truy t\u00ecm Magnus kh\u00f3 n\u1eafm b\u1eaft v\u00e0 thu h\u1ed3i s\u00e1u c\u00f4ng th\u1ee9c b\u1ecb \u0111\u00e1nh c\u1eafp th\u00f4ng qua m\u1ed9t lo\u1ea1t c\u00e1c c\u00e2u \u0111\u1ed1, nhi\u1ec7m v\u1ee5 v\u00e0 th\u1eed th\u00e1ch. Tr\u00f2 ch\u01a1i th\u00e0nh ph\u1ed1 t\u1ef1 h\u01b0\u1edbng d\u1eabn n\u00e0y nh\u1ea5n m\u1ea1nh s\u1ef1 h\u1ee3p t\u00e1c, k\u1ec3 chuy\u1ec7n nh\u1eadp vai v\u00e0 ti\u1ebfn tr\u00ecnh nhi\u1ec7m v\u1ee5 t\u1eebng b\u01b0\u1edbc khi ng\u01b0\u1eddi ch\u01a1i \u0111i\u1ec1u h\u01b0\u1edbng cu\u1ed9c \u0111i\u1ec1u tra \u0111ang di\u1ec5n ra.<\/p>\n","protected":false},"excerpt":{"rendered":"<p>B\u1eaft tay v\u00e0o m\u1ed9t cu\u1ed9c phi\u00eau l\u01b0u \u0111\u1ea7y k\u1ecbch t\u00ednh v\u1edbi tr\u00f2 ch\u01a1i Tho\u00e1t hi\u1ec3m th\u00e0nh ph\u1ed1 Sydney Syndicate, nhi\u1ec7m v\u1ee5 t\u1ef1 h\u01b0\u1edbng d\u1eabn c\u1ee7a b\u1ea1n di\u1ec5n ra ngay trung t\u00e2m Sydney. Gi\u1ea3i m\u00e3 nh\u1eefng c\u00e2u \u0111\u1ed1 ph\u1ee9c t\u1ea1p, theo d\u00f5i c\u00e1c manh m\u1ed1i b\u00ed \u1ea9n v\u00e0 c\u00f9ng \u0111\u1ed9i c\u1ee7a b\u1ea1n ti\u1ebfn l\u00ean t\u1eebng b\u01b0\u1edbc, v\u00e9n m\u00e0n m\u1ed9t c\u00e2u chuy\u1ec7n h\u1ea5p d\u1eabn trong khi ch\u1ea1y \u0111ua v\u1edbi th\u1eddi gian \u2013 th\u1eed th\u00e1ch \u0111\u00e3 \u0111\u01b0\u1ee3c ch\u1ea5p nh\u1eadn!<\/p>\n","protected":false},"featured_media":14166,"template":"","meta":{"_acf_changed":false,"_yoast_wpseo_focuskw":"The Sydney Syndicate","_yoast_wpseo_metadesc":"The Sydney Syndicate. Ch\u01a1i m\u1ed9t tr\u00f2 ch\u01a1i Tho\u00e1t hi\u1ec3m Th\u00e0nh ph\u1ed1 t\u1ef1 h\u01b0\u1edbng d\u1eabn, gi\u1ea3i c\u00e1c c\u00e2u \u0111\u1ed1, ho\u00e0n th\u00e0nh nhi\u1ec7m v\u1ee5 v\u00e0 thu h\u1ed3i c\u00e1c c\u00f4ng th\u1ee9c b\u1ecb \u0111\u00e1nh c\u1eafp theo t\u1ed1c \u0111\u1ed9 c\u1ee7a ri\u00eang b\u1ea1n!","_kad_blocks_custom_css":"","_kad_blocks_head_custom_js":"","_kad_blocks_body_custom_js":"","_kad_blocks_footer_custom_js":"","ghostkit_customizer_options":"","ghostkit_custom_css":"","ghostkit_custom_js_head":"","ghostkit_custom_js_foot":"","ghostkit_typography":"","_kad_post_transparent":"default","_kad_post_title":"","_kad_post_layout":"default","_kad_post_sidebar_id":"","_kad_post_content_style":"default","_kad_post_vertical_padding":"default","_kad_post_feature":"","_kad_post_feature_position":"","_kad_post_header":false,"_kad_post_footer":false,"_kad_post_classname":"","_links_to":"","_links_to_target":""},"game-concept":[764],"location":[385],"product_brand":[],"product_cat":[27],"product_tag":[],"class_list":{"0":"post-61003","1":"product","2":"type-product","3":"status-publish","4":"has-post-thumbnail","6":"game-concept-syndicate","7":"location-sydney","8":"product_cat-geen-categorie","10":"first","11":"instock","12":"shipping-taxable","13":"purchasable","14":"product-type-simple","15":"entry","16":"content-bg","17":"loop-entry"},"acf":{"full_bokun_product_name":"Self-Guided The Sydney Syndicate City Escape Game","location_name":"Sydney","bokun_calendar_widget_code":"<script type=\"text\/javascript\" src=\"https:\/\/widgets.bokun.io\/assets\/javascripts\/apps\/build\/BokunWidgetsLoader.js?bookingChannelUUID=a1e93e96-5232-4734-a595-28405f4b5a31\" async><\/script>\n     \n    <div class=\"bokunWidget\" data-src=\"https:\/\/widgets.bokun.io\/online-sales\/a1e93e96-5232-4734-a595-28405f4b5a31\/experience-calendar\/866590\"><\/div>\n    <noscript>Please enable javascript in your browser to book<\/noscript>","bokun_button_widget_code":"<script type=\"text\/javascript\" src=\"https:\/\/widgets.bokun.io\/assets\/javascripts\/apps\/build\/BokunWidgetsLoader.js?bookingChannelUUID=a1e93e96-5232-4734-a595-28405f4b5a31\" async><\/script>\n      <style> #bokun_ed001e45_5927_4f62_b470_ca766338d083 { display: inline-block; padding: .4em 1em; background: #47b82e; border-radius: 999999px; box-shadow: none; font-weight: 600; font-size: 24px; text-decoration: none; text-align: center; color: #FFFFFF; border:none; cursor: pointer; transition: background .2s ease; } #bokun_ed001e45_5927_4f62_b470_ca766338d083:hover{ background: #2f7b1f; } #bokun_ed001e45_5927_4f62_b470_ca766338d083:active{ background: #378f24; } <\/style> <button class=\"bokunButton\" disabled id=bokun_ed001e45_5927_4f62_b470_ca766338d083 data-src=\"https:\/\/widgets.bokun.io\/online-sales\/a1e93e96-5232-4734-a595-28405f4b5a31\/experience-calendar\/866590?partialView=1\" data-testid=\"widget-book-button\" > Book now <\/button> ","what_you\u2019ll_experience_during_the_game":"Trong *The Sydney Syndicate*, ng\u01b0\u1eddi ch\u01a1i s\u1ebd b\u1ecb cu\u1ed1n v\u00e0o m\u1ed9t nhi\u1ec7m v\u1ee5 tho\u00e1t hi\u1ec3m \u0111\u1ea7y k\u1ecbch t\u00ednh di\u1ec5n ra tr\u00ean c\u00e1c \u0111\u01b0\u1eddng ph\u1ed1 Sydney. V\u1edbi vai tr\u00f2 l\u00e0 \u0111\u1eb7c v\u1ee5 b\u00ed m\u1eadt, \u0111\u1ed9i c\u1ee7a b\u1ea1n s\u1ebd b\u01b0\u1edbc v\u00e0o m\u1ed9t tr\u1ea3i nghi\u1ec7m ho\u00e0n to\u00e0n theo c\u1ed1t truy\u1ec7n, n\u01a1i m\u1ed7i quy\u1ebft \u0111\u1ecbnh \u0111\u1ec1u \u0111\u01b0a nhi\u1ec7m v\u1ee5 \u0111\u1ebfn g\u1ea7n h\u01a1n vi\u1ec7c kh\u00e1m ph\u00e1 tung t\u00edch c\u1ee7a m\u1ed9t nh\u00e0 khoa h\u1ecdc l\u1eeba \u0111\u1ea3o t\u00ean Magnus. M\u1ee5c ti\u00eau c\u1ee7a b\u1ea1n l\u00e0 truy t\u00ecm h\u1eafn tr\u01b0\u1edbc khi h\u1eafn bi\u1ebfn m\u1ea5t v\u0129nh vi\u1ec5n\u2014v\u00e0 thu h\u1ed3i s\u00e1u c\u00f4ng th\u1ee9c b\u1ecb \u0111\u00e1nh c\u1eafp quan tr\u1ecdng \u0111\u1ed1i v\u1edbi an ninh to\u00e0n c\u1ea7u.\r\n\r\nNhi\u1ec7m v\u1ee5 ph\u00e1t tri\u1ec3n t\u1eebng b\u01b0\u1edbc, v\u1edbi m\u1ed7i \u0111\u1ecba \u0111i\u1ec3m mang \u0111\u1ebfn nh\u1eefng th\u1eed th\u00e1ch m\u1edbi c\u1ea7n gi\u1ea3i quy\u1ebft. Tr\u00ean \u0111\u01b0\u1eddng \u0111i, c\u00e1c \u0111\u1ed9i s\u1ebd \u0111\u1ed1i m\u1eb7t v\u1edbi m\u1ed9t lo\u1ea1t c\u00e1c c\u00e2u \u0111\u1ed1 ph\u1ee9c t\u1ea1p, tin nh\u1eafn m\u00e3 h\u00f3a v\u00e0 nhi\u1ec7m v\u1ee5 chi\u1ebfn thu\u1eadt \u0111\u00f2i h\u1ecfi t\u01b0 duy nh\u1ea1y b\u00e9n v\u00e0 s\u1ef1 h\u1ee3p t\u00e1c li\u1ec1n m\u1ea1ch. M\u1ecdi h\u00e0nh \u0111\u1ed9ng \u0111\u1ec1u c\u00f3 gi\u00e1 tr\u1ecb, y\u00eau c\u1ea7u giao ti\u1ebfp r\u00f5 r\u00e0ng v\u00e0 ra quy\u1ebft \u0111\u1ecbnh chi\u1ebfn l\u01b0\u1ee3c d\u01b0\u1edbi \u00e1p l\u1ef1c. Tr\u00f2 ch\u01a1i \u0111\u01b0\u1ee3c thi\u1ebft k\u1ebf \u0111\u1ec3 linh ho\u1ea1t\u2014b\u1ea1n c\u00f3 th\u1ec3 t\u1ea1m d\u1eebng nhi\u1ec7m v\u1ee5 v\u00e0 t\u1eadp h\u1ee3p l\u1ea1i b\u1ea5t c\u1ee9 l\u00fac n\u00e0o, ti\u1ebfp t\u1ee5c theo t\u1ed1c \u0111\u1ed9 c\u1ee7a ri\u00eang m\u00ecnh khi Sydney tr\u1edf th\u00e0nh c\u1ea3 b\u1ed1i c\u1ea3nh v\u00e0 \u0111\u1ea5u tr\u01b0\u1eddng c\u1ee7a b\u1ea1n.","how_to_play":"\u0110\u1eb7t Tr\u00f2 ch\u01a1i Th\u00e0nh ph\u1ed1, ki\u1ec3m tra email ch\u00fang t\u00f4i g\u1eedi cho b\u1ea1n k\u00e8m theo h\u01b0\u1edbng d\u1eabn, t\u1ea3i xu\u1ed1ng \u1ee8ng d\u1ee5ng Loquiz v\u00e0 b\u1eaft \u0111\u1ea7u tr\u1ea3i nghi\u1ec7m ch\u01a1i game c\u1ee7a b\u1ea1n!","start_location":"Sydney, Lang Park","available_languages":["en"],"players_per_group":"1-4","duration":"1.5-2 hours","image_overlay_color_image":"https:\/\/testwebsite.citygame.com\/wp-content\/blogs.dir\/1\/files\/sites\/62\/2026\/01\/SyndicateColor.svg","image_overlay_game_logo":"https:\/\/testwebsite.citygame.com\/wp-content\/blogs.dir\/1\/files\/sites\/62\/2026\/01\/SyndicateLogo.png","city_page":14164,"woocommerce_general_content":null},"yoast_head":"<!-- This site is optimized with the Yoast SEO Premium plugin v26.2 (Yoast SEO v26.3) - https:\/\/yoast.com\/wordpress\/plugins\/seo\/ -->\n<title>The Sydney Syndicate - City Game<\/title>\n<meta name=\"description\" content=\"The Sydney Syndicate. Ch\u01a1i m\u1ed9t tr\u00f2 ch\u01a1i Tho\u00e1t hi\u1ec3m Th\u00e0nh ph\u1ed1 t\u1ef1 h\u01b0\u1edbng d\u1eabn, gi\u1ea3i c\u00e1c c\u00e2u \u0111\u1ed1, ho\u00e0n th\u00e0nh nhi\u1ec7m v\u1ee5 v\u00e0 thu h\u1ed3i c\u00e1c c\u00f4ng th\u1ee9c b\u1ecb \u0111\u00e1nh c\u1eafp theo t\u1ed1c \u0111\u1ed9 c\u1ee7a ri\u00eang b\u1ea1n!\" \/>\n<meta name=\"robots\" content=\"noindex, follow, max-snippet:-1, max-image-preview:large, max-video-preview:-1\" \/>\n<meta property=\"og:locale\" content=\"vi_VN\" \/>\n<meta property=\"og:type\" content=\"article\" \/>\n<meta property=\"og:title\" content=\"The Sydney Syndicate\" \/>\n<meta property=\"og:description\" content=\"The Sydney Syndicate. Ch\u01a1i m\u1ed9t tr\u00f2 ch\u01a1i Tho\u00e1t hi\u1ec3m Th\u00e0nh ph\u1ed1 t\u1ef1 h\u01b0\u1edbng d\u1eabn, gi\u1ea3i c\u00e1c c\u00e2u \u0111\u1ed1, ho\u00e0n th\u00e0nh nhi\u1ec7m v\u1ee5 v\u00e0 thu h\u1ed3i c\u00e1c c\u00f4ng th\u1ee9c b\u1ecb \u0111\u00e1nh c\u1eafp theo t\u1ed1c \u0111\u1ed9 c\u1ee7a ri\u00eang b\u1ea1n!\" \/>\n<meta property=\"og:url\" content=\"https:\/\/testwebsite.citygame.com\/vi\/games\/sydney\/the-sydney-syndicate\/\" \/>\n<meta property=\"og:site_name\" content=\"City Game\" \/>\n<meta property=\"article:publisher\" content=\"https:\/\/www.facebook.com\/profile.php?id=100086426226253\" \/>\n<meta property=\"article:modified_time\" content=\"2026-04-08T06:50:52+00:00\" \/>\n<meta property=\"og:image\" content=\"https:\/\/testwebsite.citygame.com\/wp-content\/blogs.dir\/1\/files\/sites\/62\/2026\/02\/sydney-st-andrews-cathedral-city-game-players.jpg\" \/>\n\t<meta property=\"og:image:width\" content=\"1024\" \/>\n\t<meta property=\"og:image:height\" content=\"1024\" \/>\n\t<meta property=\"og:image:type\" content=\"image\/jpeg\" \/>\n<meta name=\"twitter:card\" content=\"summary_large_image\" \/>\n<meta name=\"twitter:label1\" content=\"\u01af\u1edbc t\u00ednh th\u1eddi gian \u0111\u1ecdc\" \/>\n\t<meta name=\"twitter:data1\" content=\"1 ph\u00fat\" \/>\n<script type=\"application\/ld+json\" class=\"yoast-schema-graph\">{\"@context\":\"https:\/\/schema.org\",\"@graph\":[{\"@type\":\"WebPage\",\"@id\":\"https:\/\/testwebsite.citygame.com\/vi\/games\/sydney\/the-sydney-syndicate\/\",\"url\":\"https:\/\/testwebsite.citygame.com\/vi\/games\/sydney\/the-sydney-syndicate\/\",\"name\":\"The Sydney Syndicate - City Game\",\"isPartOf\":{\"@id\":\"https:\/\/testwebsite.upevents.nl\/#website\"},\"primaryImageOfPage\":{\"@id\":\"https:\/\/testwebsite.citygame.com\/vi\/games\/sydney\/the-sydney-syndicate\/#primaryimage\"},\"image\":{\"@id\":\"https:\/\/testwebsite.citygame.com\/vi\/games\/sydney\/the-sydney-syndicate\/#primaryimage\"},\"thumbnailUrl\":\"https:\/\/testwebsite.citygame.com\/wp-content\/blogs.dir\/1\/files\/sites\/62\/2026\/02\/sydney-st-andrews-cathedral-city-game-players.jpg\",\"datePublished\":\"2026-02-16T07:19:38+00:00\",\"dateModified\":\"2026-04-08T06:50:52+00:00\",\"description\":\"The Sydney Syndicate. Ch\u01a1i m\u1ed9t tr\u00f2 ch\u01a1i Tho\u00e1t hi\u1ec3m Th\u00e0nh ph\u1ed1 t\u1ef1 h\u01b0\u1edbng d\u1eabn, gi\u1ea3i c\u00e1c c\u00e2u \u0111\u1ed1, ho\u00e0n th\u00e0nh nhi\u1ec7m v\u1ee5 v\u00e0 thu h\u1ed3i c\u00e1c c\u00f4ng th\u1ee9c b\u1ecb \u0111\u00e1nh c\u1eafp theo t\u1ed1c \u0111\u1ed9 c\u1ee7a ri\u00eang b\u1ea1n!\",\"breadcrumb\":{\"@id\":\"https:\/\/testwebsite.citygame.com\/vi\/games\/sydney\/the-sydney-syndicate\/#breadcrumb\"},\"inLanguage\":\"vi\",\"potentialAction\":[{\"@type\":\"ReadAction\",\"target\":[\"https:\/\/testwebsite.citygame.com\/vi\/games\/sydney\/the-sydney-syndicate\/\"]}]},{\"@type\":\"ImageObject\",\"inLanguage\":\"vi\",\"@id\":\"https:\/\/testwebsite.citygame.com\/vi\/games\/sydney\/the-sydney-syndicate\/#primaryimage\",\"url\":\"https:\/\/testwebsite.citygame.com\/wp-content\/blogs.dir\/1\/files\/sites\/62\/2026\/02\/sydney-st-andrews-cathedral-city-game-players.jpg\",\"contentUrl\":\"https:\/\/testwebsite.citygame.com\/wp-content\/blogs.dir\/1\/files\/sites\/62\/2026\/02\/sydney-st-andrews-cathedral-city-game-players.jpg\",\"width\":1024,\"height\":1024,\"caption\":\"A group of friends using a smartphone while playing a game in front of a historic cathedral.\"},{\"@type\":\"BreadcrumbList\",\"@id\":\"https:\/\/testwebsite.citygame.com\/vi\/games\/sydney\/the-sydney-syndicate\/#breadcrumb\",\"itemListElement\":[{\"@type\":\"ListItem\",\"position\":1,\"name\":\"Home\",\"item\":\"https:\/\/testwebsite.citygame.com\/vi\/\"},{\"@type\":\"ListItem\",\"position\":2,\"name\":\"Shop\",\"item\":\"https:\/\/testwebsite.citygame.com\/shop\/\"},{\"@type\":\"ListItem\",\"position\":3,\"name\":\"The Sydney Syndicate\"}]},{\"@type\":\"WebSite\",\"@id\":\"https:\/\/testwebsite.upevents.nl\/#website\",\"url\":\"https:\/\/testwebsite.upevents.nl\/\",\"name\":\"City Game\",\"description\":\"\",\"publisher\":{\"@id\":\"https:\/\/testwebsite.upevents.nl\/#organization\"},\"alternateName\":\"citygame.com\",\"potentialAction\":[{\"@type\":\"SearchAction\",\"target\":{\"@type\":\"EntryPoint\",\"urlTemplate\":\"https:\/\/testwebsite.upevents.nl\/?s={search_term_string}\"},\"query-input\":{\"@type\":\"PropertyValueSpecification\",\"valueRequired\":true,\"valueName\":\"search_term_string\"}}],\"inLanguage\":\"vi\"},{\"@type\":[\"Organization\",\"Place\"],\"@id\":\"https:\/\/testwebsite.upevents.nl\/#organization\",\"name\":\"City Game\",\"alternateName\":\"citygame.com\",\"url\":\"https:\/\/testwebsite.upevents.nl\/\",\"logo\":{\"@id\":\"https:\/\/testwebsite.citygame.com\/vi\/games\/sydney\/the-sydney-syndicate\/#local-main-organization-logo\"},\"image\":{\"@id\":\"https:\/\/testwebsite.citygame.com\/vi\/games\/sydney\/the-sydney-syndicate\/#local-main-organization-logo\"},\"sameAs\":[\"https:\/\/www.facebook.com\/profile.php?id=100086426226253\",\"https:\/\/www.instagram.com\/citygame_com\",\"https:\/\/www.tiktok.com\/@citygamecom\/\",\"https:\/\/www.linkedin.com\/company\/citygame-com\"],\"description\":\"Turn any city into a playground with our interactive City Games and self-guided tours. Fun, flexible, and ideal for groups and team building.\",\"telephone\":[],\"openingHoursSpecification\":[{\"@type\":\"OpeningHoursSpecification\",\"dayOfWeek\":[\"Monday\",\"Tuesday\",\"Wednesday\",\"Thursday\",\"Friday\",\"Saturday\",\"Sunday\"],\"opens\":\"09:00\",\"closes\":\"17:00\"}]},{\"@type\":\"ImageObject\",\"inLanguage\":\"vi\",\"@id\":\"https:\/\/testwebsite.citygame.com\/vi\/games\/sydney\/the-sydney-syndicate\/#local-main-organization-logo\",\"url\":\"https:\/\/testwebsite.citygame.com\/wp-content\/blogs.dir\/1\/files\/sites\/62\/2025\/10\/CG_LOGO-City-Game.png\",\"contentUrl\":\"https:\/\/testwebsite.citygame.com\/wp-content\/blogs.dir\/1\/files\/sites\/62\/2025\/10\/CG_LOGO-City-Game.png\",\"width\":351,\"height\":377,\"caption\":\"City Game\"}]}<\/script>\n<!-- \/ Yoast SEO Premium plugin. -->","yoast_head_json":{"title":"The Sydney Syndicate - City Game","description":"The Sydney Syndicate. Ch\u01a1i m\u1ed9t tr\u00f2 ch\u01a1i Tho\u00e1t hi\u1ec3m Th\u00e0nh ph\u1ed1 t\u1ef1 h\u01b0\u1edbng d\u1eabn, gi\u1ea3i c\u00e1c c\u00e2u \u0111\u1ed1, ho\u00e0n th\u00e0nh nhi\u1ec7m v\u1ee5 v\u00e0 thu h\u1ed3i c\u00e1c c\u00f4ng th\u1ee9c b\u1ecb \u0111\u00e1nh c\u1eafp theo t\u1ed1c \u0111\u1ed9 c\u1ee7a ri\u00eang b\u1ea1n!","robots":{"index":"noindex","follow":"follow","max-snippet":"max-snippet:-1","max-image-preview":"max-image-preview:large","max-video-preview":"max-video-preview:-1"},"og_locale":"vi_VN","og_type":"article","og_title":"The Sydney Syndicate","og_description":"The Sydney Syndicate. Ch\u01a1i m\u1ed9t tr\u00f2 ch\u01a1i Tho\u00e1t hi\u1ec3m Th\u00e0nh ph\u1ed1 t\u1ef1 h\u01b0\u1edbng d\u1eabn, gi\u1ea3i c\u00e1c c\u00e2u \u0111\u1ed1, ho\u00e0n th\u00e0nh nhi\u1ec7m v\u1ee5 v\u00e0 thu h\u1ed3i c\u00e1c c\u00f4ng th\u1ee9c b\u1ecb \u0111\u00e1nh c\u1eafp theo t\u1ed1c \u0111\u1ed9 c\u1ee7a ri\u00eang b\u1ea1n!","og_url":"https:\/\/testwebsite.citygame.com\/vi\/games\/sydney\/the-sydney-syndicate\/","og_site_name":"City Game","article_publisher":"https:\/\/www.facebook.com\/profile.php?id=100086426226253","article_modified_time":"2026-04-08T06:50:52+00:00","og_image":[{"width":1024,"height":1024,"url":"https:\/\/testwebsite.citygame.com\/wp-content\/blogs.dir\/1\/files\/sites\/62\/2026\/02\/sydney-st-andrews-cathedral-city-game-players.jpg","type":"image\/jpeg"}],"twitter_card":"summary_large_image","twitter_misc":{"\u01af\u1edbc t\u00ednh th\u1eddi gian \u0111\u1ecdc":"1 ph\u00fat"},"schema":{"@context":"https:\/\/schema.org","@graph":[{"@type":"WebPage","@id":"https:\/\/testwebsite.citygame.com\/vi\/games\/sydney\/the-sydney-syndicate\/","url":"https:\/\/testwebsite.citygame.com\/vi\/games\/sydney\/the-sydney-syndicate\/","name":"The Sydney Syndicate - City Game","isPartOf":{"@id":"https:\/\/testwebsite.upevents.nl\/#website"},"primaryImageOfPage":{"@id":"https:\/\/testwebsite.citygame.com\/vi\/games\/sydney\/the-sydney-syndicate\/#primaryimage"},"image":{"@id":"https:\/\/testwebsite.citygame.com\/vi\/games\/sydney\/the-sydney-syndicate\/#primaryimage"},"thumbnailUrl":"https:\/\/testwebsite.citygame.com\/wp-content\/blogs.dir\/1\/files\/sites\/62\/2026\/02\/sydney-st-andrews-cathedral-city-game-players.jpg","datePublished":"2026-02-16T07:19:38+00:00","dateModified":"2026-04-08T06:50:52+00:00","description":"The Sydney Syndicate. Ch\u01a1i m\u1ed9t tr\u00f2 ch\u01a1i Tho\u00e1t hi\u1ec3m Th\u00e0nh ph\u1ed1 t\u1ef1 h\u01b0\u1edbng d\u1eabn, gi\u1ea3i c\u00e1c c\u00e2u \u0111\u1ed1, ho\u00e0n th\u00e0nh nhi\u1ec7m v\u1ee5 v\u00e0 thu h\u1ed3i c\u00e1c c\u00f4ng th\u1ee9c b\u1ecb \u0111\u00e1nh c\u1eafp theo t\u1ed1c \u0111\u1ed9 c\u1ee7a ri\u00eang b\u1ea1n!","breadcrumb":{"@id":"https:\/\/testwebsite.citygame.com\/vi\/games\/sydney\/the-sydney-syndicate\/#breadcrumb"},"inLanguage":"vi","potentialAction":[{"@type":"ReadAction","target":["https:\/\/testwebsite.citygame.com\/vi\/games\/sydney\/the-sydney-syndicate\/"]}]},{"@type":"ImageObject","inLanguage":"vi","@id":"https:\/\/testwebsite.citygame.com\/vi\/games\/sydney\/the-sydney-syndicate\/#primaryimage","url":"https:\/\/testwebsite.citygame.com\/wp-content\/blogs.dir\/1\/files\/sites\/62\/2026\/02\/sydney-st-andrews-cathedral-city-game-players.jpg","contentUrl":"https:\/\/testwebsite.citygame.com\/wp-content\/blogs.dir\/1\/files\/sites\/62\/2026\/02\/sydney-st-andrews-cathedral-city-game-players.jpg","width":1024,"height":1024,"caption":"A group of friends using a smartphone while playing a game in front of a historic cathedral."},{"@type":"BreadcrumbList","@id":"https:\/\/testwebsite.citygame.com\/vi\/games\/sydney\/the-sydney-syndicate\/#breadcrumb","itemListElement":[{"@type":"ListItem","position":1,"name":"Home","item":"https:\/\/testwebsite.citygame.com\/vi\/"},{"@type":"ListItem","position":2,"name":"Shop","item":"https:\/\/testwebsite.citygame.com\/shop\/"},{"@type":"ListItem","position":3,"name":"The Sydney Syndicate"}]},{"@type":"WebSite","@id":"https:\/\/testwebsite.upevents.nl\/#website","url":"https:\/\/testwebsite.upevents.nl\/","name":"City Game","description":"","publisher":{"@id":"https:\/\/testwebsite.upevents.nl\/#organization"},"alternateName":"citygame.com","potentialAction":[{"@type":"SearchAction","target":{"@type":"EntryPoint","urlTemplate":"https:\/\/testwebsite.upevents.nl\/?s={search_term_string}"},"query-input":{"@type":"PropertyValueSpecification","valueRequired":true,"valueName":"search_term_string"}}],"inLanguage":"vi"},{"@type":["Organization","Place"],"@id":"https:\/\/testwebsite.upevents.nl\/#organization","name":"City Game","alternateName":"citygame.com","url":"https:\/\/testwebsite.upevents.nl\/","logo":{"@id":"https:\/\/testwebsite.citygame.com\/vi\/games\/sydney\/the-sydney-syndicate\/#local-main-organization-logo"},"image":{"@id":"https:\/\/testwebsite.citygame.com\/vi\/games\/sydney\/the-sydney-syndicate\/#local-main-organization-logo"},"sameAs":["https:\/\/www.facebook.com\/profile.php?id=100086426226253","https:\/\/www.instagram.com\/citygame_com","https:\/\/www.tiktok.com\/@citygamecom\/","https:\/\/www.linkedin.com\/company\/citygame-com"],"description":"Turn any city into a playground with our interactive City Games and self-guided tours. Fun, flexible, and ideal for groups and team building.","telephone":[],"openingHoursSpecification":[{"@type":"OpeningHoursSpecification","dayOfWeek":["Monday","Tuesday","Wednesday","Thursday","Friday","Saturday","Sunday"],"opens":"09:00","closes":"17:00"}]},{"@type":"ImageObject","inLanguage":"vi","@id":"https:\/\/testwebsite.citygame.com\/vi\/games\/sydney\/the-sydney-syndicate\/#local-main-organization-logo","url":"https:\/\/testwebsite.citygame.com\/wp-content\/blogs.dir\/1\/files\/sites\/62\/2025\/10\/CG_LOGO-City-Game.png","contentUrl":"https:\/\/testwebsite.citygame.com\/wp-content\/blogs.dir\/1\/files\/sites\/62\/2025\/10\/CG_LOGO-City-Game.png","width":351,"height":377,"caption":"City Game"}]}},"taxonomy_info":{"game-concept":[{"value":764,"label":"Syndicate"}],"location":[{"value":385,"label":"Sydney"}],"product_cat":[{"value":27,"label":"Geen categorie"}]},"featured_image_src_large":["https:\/\/testwebsite.citygame.com\/wp-content\/blogs.dir\/1\/files\/sites\/62\/2026\/02\/sydney-st-andrews-cathedral-city-game-players.jpg",1024,1024,false],"author_info":[],"comment_info":"","_links":{"self":[{"href":"https:\/\/testwebsite.citygame.com\/vi\/wp-json\/wp\/v2\/product\/61003","targetHints":{"allow":["GET"]}}],"collection":[{"href":"https:\/\/testwebsite.citygame.com\/vi\/wp-json\/wp\/v2\/product"}],"about":[{"href":"https:\/\/testwebsite.citygame.com\/vi\/wp-json\/wp\/v2\/types\/product"}],"acf:post":[{"embeddable":true,"href":"https:\/\/testwebsite.citygame.com\/vi\/wp-json\/wp\/v2\/pages\/14164"}],"wp:featuredmedia":[{"embeddable":true,"href":"https:\/\/testwebsite.citygame.com\/vi\/wp-json\/wp\/v2\/media\/14166"}],"wp:attachment":[{"href":"https:\/\/testwebsite.citygame.com\/vi\/wp-json\/wp\/v2\/media?parent=61003"}],"wp:term":[{"taxonomy":"game-concept","embeddable":true,"href":"https:\/\/testwebsite.citygame.com\/vi\/wp-json\/wp\/v2\/game-concept?post=61003"},{"taxonomy":"location","embeddable":true,"href":"https:\/\/testwebsite.citygame.com\/vi\/wp-json\/wp\/v2\/location?post=61003"},{"taxonomy":"product_brand","embeddable":true,"href":"https:\/\/testwebsite.citygame.com\/vi\/wp-json\/wp\/v2\/product_brand?post=61003"},{"taxonomy":"product_cat","embeddable":true,"href":"https:\/\/testwebsite.citygame.com\/vi\/wp-json\/wp\/v2\/product_cat?post=61003"},{"taxonomy":"product_tag","embeddable":true,"href":"https:\/\/testwebsite.citygame.com\/vi\/wp-json\/wp\/v2\/product_tag?post=61003"}],"curies":[{"name":"wp","href":"https:\/\/api.w.org\/{rel}","templated":true}]}}