{"id":60830,"date":"2026-03-12T16:41:44","date_gmt":"2026-03-12T16:41:44","guid":{"rendered":"https:\/\/testwebsite.citygame.com\/games\/unknown-location\/secrets-of-hoorn\/"},"modified":"2026-04-08T06:30:02","modified_gmt":"2026-04-08T06:30:02","slug":"secrets-of-hoorn","status":"publish","type":"product","link":"https:\/\/testwebsite.citygame.com\/vi\/games\/hoorn\/secrets-of-hoorn\/","title":{"rendered":"Secrets of Hoorn"},"content":{"rendered":"<p>Kh\u00e1m ph\u00e1 v\u1ebb \u0111\u1eb9p v\u00e0 quy\u1ebfn r\u0169 c\u1ee7a Hoorn v\u1edbi tr\u00f2 ch\u01a1i th\u00e0nh ph\u1ed1 t\u1ef1 h\u01b0\u1edbng d\u1eabn, d\u1ef1a tr\u00ean GPS &#8216;Secrets of Hoorn City Game&#8217;. Tr\u00f2 ch\u01a1i kh\u00e1m ph\u00e1 n\u00e0y \u0111\u01b0a ng\u01b0\u1eddi ch\u01a1i \u0111\u1eafm ch\u00ecm v\u00e0o trung t\u00e2m th\u00e0nh ph\u1ed1 Hoorn, th\u00e1ch th\u1ee9c h\u1ecd b\u1eb1ng c\u00e1c c\u00e2u \u0111\u1ed1, c\u00e2u \u0111\u1ed1 m\u1eb9o v\u00e0 nhi\u1ec7m v\u1ee5 ch\u1ee5p \u1ea3nh khi h\u1ecd \u0111i qua th\u00e0nh ph\u1ed1 b\u1eb1ng \u0111i\u1ec7n tho\u1ea1i th\u00f4ng minh c\u1ee7a m\u00ecnh. Khi ng\u01b0\u1eddi ch\u01a1i \u0111i\u1ec1u h\u01b0\u1edbng th\u00e0nh ph\u1ed1, h\u1ecd s\u1ebd kh\u00e1m ph\u00e1 l\u1ecbch s\u1eed, v\u0103n h\u00f3a v\u00e0 nh\u1eefng \u0111i\u1ec1u ph\u1ee9c t\u1ea1p \u1ea9n gi\u1ea5u c\u1ee7a Hoorn, nu\u00f4i d\u01b0\u1ee1ng s\u1ef1 hi\u1ec3u bi\u1ebft v\u00e0 \u0111\u00e1nh gi\u00e1 s\u00e2u s\u1eafc h\u01a1n v\u1ec1 th\u00e0nh ph\u1ed1. V\u1edbi thi\u1ebft k\u1ebf linh ho\u1ea1t, tr\u00f2 ch\u01a1i th\u00e0nh ph\u1ed1 ph\u1ee5c v\u1ee5 c\u1ea3 ng\u01b0\u1eddi d\u00e2n \u0111\u1ecba ph\u01b0\u01a1ng mu\u1ed1n kh\u00e1m ph\u00e1 l\u1ea1i qu\u00ea h\u01b0\u01a1ng v\u00e0 du kh\u00e1ch mu\u1ed1n kh\u00e1m ph\u00e1 Hoorn m\u1ed9t c\u00e1ch \u0111\u1ed9c \u0111\u00e1o, h\u1ea5p d\u1eabn. N\u00f3 t\u1ea1o ra m\u1ed9t tr\u1ea3i nghi\u1ec7m quy\u1ebfn r\u0169 cho ng\u01b0\u1eddi ch\u01a1i \u0111\u01a1n l\u1ebb, v\u00e0 nu\u00f4i d\u01b0\u1ee1ng m\u1ed9t tr\u1ea3i nghi\u1ec7m vui v\u1ebb, t\u01b0\u01a1ng t\u00e1c cho c\u00e1c c\u1eb7p \u0111\u00f4i, gia \u0111\u00ecnh v\u00e0 nh\u00f3m b\u1ea1n b\u00e8. Tr\u1ea3i nghi\u1ec7m Hoorn m\u1ed9t c\u00e1ch s\u00e1ng t\u1ea1o, \u0111\u1eafm ch\u00ecm v\u1edbi &#8216;Secrets of Hoorn City Game&#8217;.<\/p>\n","protected":false},"excerpt":{"rendered":"<p>Kh\u00e1m ph\u00e1 Di s\u1ea3n v\u00e0 N\u00e1o nhi\u1ec7t c\u1ee7a Hoorn! H\u00f2a m\u00ecnh v\u00e0o m\u1ed9t th\u00e0nh ph\u1ed1 n\u01a1i s\u1ef1 th\u1ecbnh v\u01b0\u1ee3ng t\u1ecfa ra t\u1eeb nh\u1eefng c\u1ea3ng bi\u1ec3n c\u1ed5 k\u00ednh v\u00e0 ch\u1ee3 b\u00faa s\u1ea7m u\u1ea5t. V\u1edbi m\u1ed7i b\u01b0\u1edbc ch\u00e2n, Hoorn mang \u0111\u1ebfn nh\u1eefng b\u1ea5t ng\u1edd th\u00fa v\u1ecb, v\u00ec v\u1eady h\u00e3y b\u1eaft \u0111\u1ea7u m\u1ed9t cu\u1ed9c s\u0103n l\u00f9ng manh m\u1ed1i \u0111\u1ea7y k\u1ecbch t\u00ednh qua trung t\u00e2m quy\u1ebfn r\u0169 c\u1ee7a n\u00f3!<\/p>\n","protected":false},"featured_media":18315,"template":"","meta":{"_acf_changed":false,"_yoast_wpseo_focuskw":"Secrets of Hoorn","_yoast_wpseo_metadesc":"Secrets of Hoorn. Ch\u01a1i Tr\u00f2 Ch\u01a1i Th\u00e0nh Ph\u1ed1 t\u1ef1 h\u01b0\u1edbng d\u1eabn v\u00e0 kh\u00e1m ph\u00e1 th\u00e0nh ph\u1ed1 qua c\u00e1c c\u00e2u \u0111\u1ed1, c\u00e2u \u0111\u1ed1 m\u1eb9o v\u00e0 th\u1eed th\u00e1ch. Ch\u01a1i theo t\u1ed1c \u0111\u1ed9 c\u1ee7a ri\u00eang b\u1ea1n v\u00e0 kh\u00e1m ph\u00e1 nh\u01b0 m\u1ed9t ng\u01b0\u1eddi \u0111\u1ecba ph\u01b0\u01a1ng!","_kad_blocks_custom_css":"","_kad_blocks_head_custom_js":"","_kad_blocks_body_custom_js":"","_kad_blocks_footer_custom_js":"","ghostkit_customizer_options":"","ghostkit_custom_css":"","ghostkit_custom_js_head":"","ghostkit_custom_js_foot":"","ghostkit_typography":"","_kad_post_transparent":"","_kad_post_title":"","_kad_post_layout":"","_kad_post_sidebar_id":"","_kad_post_content_style":"","_kad_post_vertical_padding":"","_kad_post_feature":"","_kad_post_feature_position":"","_kad_post_header":false,"_kad_post_footer":false,"_kad_post_classname":"","_links_to":"","_links_to_target":""},"game-concept":[733],"location":[201],"product_brand":[],"product_cat":[27],"product_tag":[],"class_list":{"0":"post-60830","1":"product","2":"type-product","3":"status-publish","4":"has-post-thumbnail","6":"game-concept-secrets","7":"location-hoorn","8":"product_cat-geen-categorie","10":"first","11":"instock","12":"shipping-taxable","13":"purchasable","14":"product-type-simple","15":"entry","16":"content-bg","17":"loop-entry"},"acf":{"full_bokun_product_name":"Self-Guided Secrets of Hoorn Exploration Game","location_name":"Hoorn","bokun_calendar_widget_code":"<script type=\"text\/javascript\" src=\"https:\/\/widgets.bokun.io\/assets\/javascripts\/apps\/build\/BokunWidgetsLoader.js?bookingChannelUUID=a1e93e96-5232-4734-a595-28405f4b5a31\" async><\/script>\n     \n    <div class=\"bokunWidget\" data-src=\"https:\/\/widgets.bokun.io\/online-sales\/a1e93e96-5232-4734-a595-28405f4b5a31\/experience-calendar\/844617\"><\/div>\n    <noscript>Please enable javascript in your browser to book<\/noscript>","bokun_button_widget_code":"<script type=\"text\/javascript\" src=\"https:\/\/widgets.bokun.io\/assets\/javascripts\/apps\/build\/BokunWidgetsLoader.js?bookingChannelUUID=a1e93e96-5232-4734-a595-28405f4b5a31\" async><\/script>\n      <style> #bokun_ed001e45_5927_4f62_b470_ca766338d083 { display: inline-block; padding: .4em 1em; background: #47b82e; border-radius: 999999px; box-shadow: none; font-weight: 600; font-size: 24px; text-decoration: none; text-align: center; color: #FFFFFF; border:none; cursor: pointer; transition: background .2s ease; } #bokun_ed001e45_5927_4f62_b470_ca766338d083:hover{ background: #2f7b1f; } #bokun_ed001e45_5927_4f62_b470_ca766338d083:active{ background: #378f24; } <\/style> <button class=\"bokunButton\" disabled id=bokun_ed001e45_5927_4f62_b470_ca766338d083 data-src=\"https:\/\/widgets.bokun.io\/online-sales\/a1e93e96-5232-4734-a595-28405f4b5a31\/experience-calendar\/844617?partialView=1\" data-testid=\"widget-book-button\" > Book now <\/button> ","what_you\u2019ll_experience_during_the_game":"Tr\u00f2 ch\u01a1i th\u00e0nh ph\u1ed1 Hoorn nh\u1eb9 nh\u00e0ng l\u01b0\u1edbt qua s\u1ef1 c\u00e2n b\u1eb1ng r\u1ea1ng r\u1ee1 gi\u1eefa vi\u1ec7c tham quan v\u00e0 m\u1ed9t c\u00e2u chuy\u1ec7n h\u1ea5p d\u1eabn, s\u1ed1ng \u0111\u1ed9ng, \u0111\u01b0\u1ee3c nh\u1ea5n nh\u00e1 b\u1edfi c\u00e1c th\u1eed th\u00e1ch t\u01b0\u01a1ng t\u00e1c. Khi b\u1ea1n len l\u1ecfi qua th\u00e0nh ph\u1ed1, tr\u00f2 ch\u01a1i s\u1ebd trung th\u1ef1c h\u01b0\u1edbng d\u1eabn b\u1ea1n qua c\u1ea3 nh\u1eefng khu v\u1ef1c mang t\u00ednh bi\u1ec3u t\u01b0\u1ee3ng v\u00e0 nh\u1eefng n\u01a1i th\u01b0\u1eddng b\u1ecb b\u1ecf qua c\u1ee7a Hoorn, mang \u0111\u1ebfn m\u1ed9t g\u00f3c nh\u00ecn m\u1edbi m\u1ebb qua l\u0103ng k\u00ednh kh\u00e1m ph\u00e1. Nh\u1eefng \u0111\u1ecba \u0111i\u1ec3m nh\u01b0 ch\u1ee3 nh\u1ed9n nh\u1ecbp, khu c\u1ea3ng tuy\u1ec7t \u0111\u1eb9p v\u00e0 nh\u1eefng con h\u1ebbm \u1ea9n m\u00ecnh s\u1ebd hi\u1ec7n ra m\u1ed9t c\u00e1ch t\u1ef1 nhi\u00ean khi b\u1ea1n \u0111\u1eafm m\u00ecnh trong b\u1ea7u kh\u00f4ng kh\u00ed v\u00e0 n\u00e9t quy\u1ebfn r\u0169 \u0111\u1ed9c \u0111\u00e1o c\u1ee7a th\u00e0nh ph\u1ed1.\n\nKhi b\u1ea1n ti\u1ebfn b\u1ed9 trong tr\u00f2 ch\u01a1i, nh\u1eefng kh\u00e1m ph\u00e1 mang t\u00ednh kh\u00e1m ph\u00e1 c\u1ee7a b\u1ea1n s\u1ebd h\u00f2a quy\u1ec7n m\u1ed9t c\u00e1ch li\u1ec1n m\u1ea1ch v\u1edbi th\u1ebf gi\u1edbi c\u1ee7a c\u00e1c c\u00e2u \u0111\u1ed1, c\u00e2u \u0111\u1ed1 m\u1eb9o v\u00e0 th\u1eed th\u00e1ch ch\u1ee5p \u1ea3nh s\u00e1ng t\u1ea1o. Nh\u1eefng nhi\u1ec7m v\u1ee5 n\u00e0y kh\u00f4ng ch\u1ec9 bi\u1ebfn cu\u1ed9c kh\u00e1m ph\u00e1 Hoorn c\u1ee7a b\u1ea1n th\u00e0nh m\u1ed9t tr\u1ea3i nghi\u1ec7m c\u1ea1nh tranh v\u00e0 ly k\u1ef3 m\u00e0 c\u00f2n \u0111\u00f3ng vai tr\u00f2 l\u00e0 b\u01b0\u1edbc \u0111\u1ec7m h\u01b0\u1edbng t\u1edbi b\u00ed \u1ea9n cu\u1ed1i c\u00f9ng, gi\u00fap b\u1ea1n t\u00edch l\u0169y \u0111i\u1ec3m v\u00e0 m\u1edf kh\u00f3a c\u00e1c g\u1ee3i \u00fd h\u1eefu \u00edch. Tr\u00f2 ch\u01a1i mang \u0111\u1ebfn s\u1ef1 linh ho\u1ea1t, cho ph\u00e9p b\u1ea1n t\u1ea1m d\u1eebng v\u00e0 ti\u1ebfp t\u1ee5c v\u00e0o th\u1eddi \u0111i\u1ec3m thu\u1eadn ti\u1ec7n, ho\u00e0n h\u1ea3o \u0111\u1ec3 \u0111\u1eafm m\u00ecnh trong b\u1ea7u kh\u00f4ng kh\u00ed d\u1ec5 ch\u1ecbu c\u1ee7a Hoorn. Nh\u1eefng ng\u01b0\u1eddi c\u00f3 m\u00e1u c\u1ea1nh tranh c\u00f3 th\u1ec3 nh\u1eafm \u0111\u1ebfn m\u1ed9t v\u1ecb tr\u00ed cao tr\u00ean b\u1ea3ng x\u1ebfp h\u1ea1ng, th\u00eam m\u1ed9t y\u1ebfu t\u1ed1 th\u00fa v\u1ecb v\u00e0o Tr\u00f2 ch\u01a1i Th\u00e0nh ph\u1ed1 n\u00e0y gi\u1eefa v\u1ebb \u0111\u1eb9p c\u1ee7a Hoorn.","how_to_play":"\u0110\u1eb7t Tr\u00f2 ch\u01a1i kh\u00e1m ph\u00e1, ki\u1ec3m tra email ch\u00fang t\u00f4i g\u1eedi cho b\u1ea1n v\u1edbi c\u00e1c h\u01b0\u1edbng d\u1eabn \u0111\u01a1n gi\u1ea3n, t\u1ea3i \u1ee9ng d\u1ee5ng Loquiz, truy c\u1eadp Tr\u00f2 ch\u01a1i kh\u00e1m ph\u00e1 v\u00e0 b\u1ea1n \u0111\u00e3 s\u1eb5n s\u00e0ng b\u1eaft \u0111\u1ea7u tr\u1ea3i nghi\u1ec7m ch\u01a1i game c\u1ee7a m\u00ecnh!","start_location":"Hoorn, Kerkplein","available_languages":["en","nl"],"players_per_group":"1-4","duration":"1.5-2 hours","image_overlay_color_image":"https:\/\/testwebsite.citygame.com\/wp-content\/blogs.dir\/1\/files\/sites\/62\/2026\/01\/SecretsColor.svg","image_overlay_game_logo":"https:\/\/testwebsite.citygame.com\/wp-content\/blogs.dir\/1\/files\/sites\/62\/2026\/01\/SecretsLogo.png","city_page":13332,"woocommerce_general_content":null},"yoast_head":"<!-- This site is optimized with the Yoast SEO Premium plugin v26.2 (Yoast SEO v26.3) - https:\/\/yoast.com\/wordpress\/plugins\/seo\/ -->\n<title>Secrets of Hoorn - City Game<\/title>\n<meta name=\"description\" content=\"Secrets of Hoorn. Ch\u01a1i Tr\u00f2 Ch\u01a1i Th\u00e0nh Ph\u1ed1 t\u1ef1 h\u01b0\u1edbng d\u1eabn v\u00e0 kh\u00e1m ph\u00e1 th\u00e0nh ph\u1ed1 qua c\u00e1c c\u00e2u \u0111\u1ed1, c\u00e2u \u0111\u1ed1 m\u1eb9o v\u00e0 th\u1eed th\u00e1ch. Ch\u01a1i theo t\u1ed1c \u0111\u1ed9 c\u1ee7a ri\u00eang b\u1ea1n v\u00e0 kh\u00e1m ph\u00e1 nh\u01b0 m\u1ed9t ng\u01b0\u1eddi \u0111\u1ecba ph\u01b0\u01a1ng!\" \/>\n<meta name=\"robots\" content=\"noindex, follow, max-snippet:-1, max-image-preview:large, max-video-preview:-1\" \/>\n<meta property=\"og:locale\" content=\"vi_VN\" \/>\n<meta property=\"og:type\" content=\"article\" \/>\n<meta property=\"og:title\" content=\"Secrets of Hoorn\" \/>\n<meta property=\"og:description\" content=\"Secrets of Hoorn. Ch\u01a1i Tr\u00f2 Ch\u01a1i Th\u00e0nh Ph\u1ed1 t\u1ef1 h\u01b0\u1edbng d\u1eabn v\u00e0 kh\u00e1m ph\u00e1 th\u00e0nh ph\u1ed1 qua c\u00e1c c\u00e2u \u0111\u1ed1, c\u00e2u \u0111\u1ed1 m\u1eb9o v\u00e0 th\u1eed th\u00e1ch. Ch\u01a1i theo t\u1ed1c \u0111\u1ed9 c\u1ee7a ri\u00eang b\u1ea1n v\u00e0 kh\u00e1m ph\u00e1 nh\u01b0 m\u1ed9t ng\u01b0\u1eddi \u0111\u1ecba ph\u01b0\u01a1ng!\" \/>\n<meta property=\"og:url\" content=\"https:\/\/testwebsite.citygame.com\/vi\/games\/hoorn\/secrets-of-hoorn\/\" \/>\n<meta property=\"og:site_name\" content=\"City Game\" \/>\n<meta property=\"article:publisher\" content=\"https:\/\/www.facebook.com\/profile.php?id=100086426226253\" \/>\n<meta property=\"article:modified_time\" content=\"2026-04-08T06:30:02+00:00\" \/>\n<meta property=\"og:image\" content=\"https:\/\/testwebsite.citygame.com\/wp-content\/blogs.dir\/1\/files\/sites\/62\/2026\/03\/hoorn-player-smartphone-harbor-boat.jpg\" \/>\n\t<meta property=\"og:image:width\" content=\"1024\" \/>\n\t<meta property=\"og:image:height\" content=\"1024\" \/>\n\t<meta property=\"og:image:type\" content=\"image\/jpeg\" \/>\n<meta name=\"twitter:card\" content=\"summary_large_image\" \/>\n<meta name=\"twitter:label1\" content=\"\u01af\u1edbc t\u00ednh th\u1eddi gian \u0111\u1ecdc\" \/>\n\t<meta name=\"twitter:data1\" content=\"1 ph\u00fat\" \/>\n<script type=\"application\/ld+json\" class=\"yoast-schema-graph\">{\"@context\":\"https:\/\/schema.org\",\"@graph\":[{\"@type\":\"WebPage\",\"@id\":\"https:\/\/testwebsite.citygame.com\/vi\/games\/hoorn\/secrets-of-hoorn\/\",\"url\":\"https:\/\/testwebsite.citygame.com\/vi\/games\/hoorn\/secrets-of-hoorn\/\",\"name\":\"Secrets of Hoorn - City Game\",\"isPartOf\":{\"@id\":\"https:\/\/testwebsite.upevents.nl\/#website\"},\"primaryImageOfPage\":{\"@id\":\"https:\/\/testwebsite.citygame.com\/vi\/games\/hoorn\/secrets-of-hoorn\/#primaryimage\"},\"image\":{\"@id\":\"https:\/\/testwebsite.citygame.com\/vi\/games\/hoorn\/secrets-of-hoorn\/#primaryimage\"},\"thumbnailUrl\":\"https:\/\/testwebsite.citygame.com\/wp-content\/blogs.dir\/1\/files\/sites\/62\/2026\/03\/hoorn-player-smartphone-harbor-boat.jpg\",\"datePublished\":\"2026-03-12T16:41:44+00:00\",\"dateModified\":\"2026-04-08T06:30:02+00:00\",\"description\":\"Secrets of Hoorn. Ch\u01a1i Tr\u00f2 Ch\u01a1i Th\u00e0nh Ph\u1ed1 t\u1ef1 h\u01b0\u1edbng d\u1eabn v\u00e0 kh\u00e1m ph\u00e1 th\u00e0nh ph\u1ed1 qua c\u00e1c c\u00e2u \u0111\u1ed1, c\u00e2u \u0111\u1ed1 m\u1eb9o v\u00e0 th\u1eed th\u00e1ch. Ch\u01a1i theo t\u1ed1c \u0111\u1ed9 c\u1ee7a ri\u00eang b\u1ea1n v\u00e0 kh\u00e1m ph\u00e1 nh\u01b0 m\u1ed9t ng\u01b0\u1eddi \u0111\u1ecba ph\u01b0\u01a1ng!\",\"breadcrumb\":{\"@id\":\"https:\/\/testwebsite.citygame.com\/vi\/games\/hoorn\/secrets-of-hoorn\/#breadcrumb\"},\"inLanguage\":\"vi\",\"potentialAction\":[{\"@type\":\"ReadAction\",\"target\":[\"https:\/\/testwebsite.citygame.com\/vi\/games\/hoorn\/secrets-of-hoorn\/\"]}]},{\"@type\":\"ImageObject\",\"inLanguage\":\"vi\",\"@id\":\"https:\/\/testwebsite.citygame.com\/vi\/games\/hoorn\/secrets-of-hoorn\/#primaryimage\",\"url\":\"https:\/\/testwebsite.citygame.com\/wp-content\/blogs.dir\/1\/files\/sites\/62\/2026\/03\/hoorn-player-smartphone-harbor-boat.jpg\",\"contentUrl\":\"https:\/\/testwebsite.citygame.com\/wp-content\/blogs.dir\/1\/files\/sites\/62\/2026\/03\/hoorn-player-smartphone-harbor-boat.jpg\",\"width\":1024,\"height\":1024,\"caption\":\"A player sits on a wooden pier next to traditional boats in the Hoorn harbor.\"},{\"@type\":\"BreadcrumbList\",\"@id\":\"https:\/\/testwebsite.citygame.com\/vi\/games\/hoorn\/secrets-of-hoorn\/#breadcrumb\",\"itemListElement\":[{\"@type\":\"ListItem\",\"position\":1,\"name\":\"Home\",\"item\":\"https:\/\/testwebsite.citygame.com\/vi\/\"},{\"@type\":\"ListItem\",\"position\":2,\"name\":\"Shop\",\"item\":\"https:\/\/testwebsite.citygame.com\/shop\/\"},{\"@type\":\"ListItem\",\"position\":3,\"name\":\"Secrets of Hoorn\"}]},{\"@type\":\"WebSite\",\"@id\":\"https:\/\/testwebsite.upevents.nl\/#website\",\"url\":\"https:\/\/testwebsite.upevents.nl\/\",\"name\":\"City Game\",\"description\":\"\",\"publisher\":{\"@id\":\"https:\/\/testwebsite.upevents.nl\/#organization\"},\"alternateName\":\"citygame.com\",\"potentialAction\":[{\"@type\":\"SearchAction\",\"target\":{\"@type\":\"EntryPoint\",\"urlTemplate\":\"https:\/\/testwebsite.upevents.nl\/?s={search_term_string}\"},\"query-input\":{\"@type\":\"PropertyValueSpecification\",\"valueRequired\":true,\"valueName\":\"search_term_string\"}}],\"inLanguage\":\"vi\"},{\"@type\":[\"Organization\",\"Place\"],\"@id\":\"https:\/\/testwebsite.upevents.nl\/#organization\",\"name\":\"City Game\",\"alternateName\":\"citygame.com\",\"url\":\"https:\/\/testwebsite.upevents.nl\/\",\"logo\":{\"@id\":\"https:\/\/testwebsite.citygame.com\/vi\/games\/hoorn\/secrets-of-hoorn\/#local-main-organization-logo\"},\"image\":{\"@id\":\"https:\/\/testwebsite.citygame.com\/vi\/games\/hoorn\/secrets-of-hoorn\/#local-main-organization-logo\"},\"sameAs\":[\"https:\/\/www.facebook.com\/profile.php?id=100086426226253\",\"https:\/\/www.instagram.com\/citygame_com\",\"https:\/\/www.tiktok.com\/@citygamecom\/\",\"https:\/\/www.linkedin.com\/company\/citygame-com\"],\"description\":\"Turn any city into a playground with our interactive City Games and self-guided tours. Fun, flexible, and ideal for groups and team building.\",\"telephone\":[],\"openingHoursSpecification\":[{\"@type\":\"OpeningHoursSpecification\",\"dayOfWeek\":[\"Monday\",\"Tuesday\",\"Wednesday\",\"Thursday\",\"Friday\",\"Saturday\",\"Sunday\"],\"opens\":\"09:00\",\"closes\":\"17:00\"}]},{\"@type\":\"ImageObject\",\"inLanguage\":\"vi\",\"@id\":\"https:\/\/testwebsite.citygame.com\/vi\/games\/hoorn\/secrets-of-hoorn\/#local-main-organization-logo\",\"url\":\"https:\/\/testwebsite.citygame.com\/wp-content\/blogs.dir\/1\/files\/sites\/62\/2025\/10\/CG_LOGO-City-Game.png\",\"contentUrl\":\"https:\/\/testwebsite.citygame.com\/wp-content\/blogs.dir\/1\/files\/sites\/62\/2025\/10\/CG_LOGO-City-Game.png\",\"width\":351,\"height\":377,\"caption\":\"City Game\"}]}<\/script>\n<!-- \/ Yoast SEO Premium plugin. -->","yoast_head_json":{"title":"Secrets of Hoorn - City Game","description":"Secrets of Hoorn. Ch\u01a1i Tr\u00f2 Ch\u01a1i Th\u00e0nh Ph\u1ed1 t\u1ef1 h\u01b0\u1edbng d\u1eabn v\u00e0 kh\u00e1m ph\u00e1 th\u00e0nh ph\u1ed1 qua c\u00e1c c\u00e2u \u0111\u1ed1, c\u00e2u \u0111\u1ed1 m\u1eb9o v\u00e0 th\u1eed th\u00e1ch. Ch\u01a1i theo t\u1ed1c \u0111\u1ed9 c\u1ee7a ri\u00eang b\u1ea1n v\u00e0 kh\u00e1m ph\u00e1 nh\u01b0 m\u1ed9t ng\u01b0\u1eddi \u0111\u1ecba ph\u01b0\u01a1ng!","robots":{"index":"noindex","follow":"follow","max-snippet":"max-snippet:-1","max-image-preview":"max-image-preview:large","max-video-preview":"max-video-preview:-1"},"og_locale":"vi_VN","og_type":"article","og_title":"Secrets of Hoorn","og_description":"Secrets of Hoorn. Ch\u01a1i Tr\u00f2 Ch\u01a1i Th\u00e0nh Ph\u1ed1 t\u1ef1 h\u01b0\u1edbng d\u1eabn v\u00e0 kh\u00e1m ph\u00e1 th\u00e0nh ph\u1ed1 qua c\u00e1c c\u00e2u \u0111\u1ed1, c\u00e2u \u0111\u1ed1 m\u1eb9o v\u00e0 th\u1eed th\u00e1ch. Ch\u01a1i theo t\u1ed1c \u0111\u1ed9 c\u1ee7a ri\u00eang b\u1ea1n v\u00e0 kh\u00e1m ph\u00e1 nh\u01b0 m\u1ed9t ng\u01b0\u1eddi \u0111\u1ecba ph\u01b0\u01a1ng!","og_url":"https:\/\/testwebsite.citygame.com\/vi\/games\/hoorn\/secrets-of-hoorn\/","og_site_name":"City Game","article_publisher":"https:\/\/www.facebook.com\/profile.php?id=100086426226253","article_modified_time":"2026-04-08T06:30:02+00:00","og_image":[{"width":1024,"height":1024,"url":"https:\/\/testwebsite.citygame.com\/wp-content\/blogs.dir\/1\/files\/sites\/62\/2026\/03\/hoorn-player-smartphone-harbor-boat.jpg","type":"image\/jpeg"}],"twitter_card":"summary_large_image","twitter_misc":{"\u01af\u1edbc t\u00ednh th\u1eddi gian \u0111\u1ecdc":"1 ph\u00fat"},"schema":{"@context":"https:\/\/schema.org","@graph":[{"@type":"WebPage","@id":"https:\/\/testwebsite.citygame.com\/vi\/games\/hoorn\/secrets-of-hoorn\/","url":"https:\/\/testwebsite.citygame.com\/vi\/games\/hoorn\/secrets-of-hoorn\/","name":"Secrets of Hoorn - City Game","isPartOf":{"@id":"https:\/\/testwebsite.upevents.nl\/#website"},"primaryImageOfPage":{"@id":"https:\/\/testwebsite.citygame.com\/vi\/games\/hoorn\/secrets-of-hoorn\/#primaryimage"},"image":{"@id":"https:\/\/testwebsite.citygame.com\/vi\/games\/hoorn\/secrets-of-hoorn\/#primaryimage"},"thumbnailUrl":"https:\/\/testwebsite.citygame.com\/wp-content\/blogs.dir\/1\/files\/sites\/62\/2026\/03\/hoorn-player-smartphone-harbor-boat.jpg","datePublished":"2026-03-12T16:41:44+00:00","dateModified":"2026-04-08T06:30:02+00:00","description":"Secrets of Hoorn. Ch\u01a1i Tr\u00f2 Ch\u01a1i Th\u00e0nh Ph\u1ed1 t\u1ef1 h\u01b0\u1edbng d\u1eabn v\u00e0 kh\u00e1m ph\u00e1 th\u00e0nh ph\u1ed1 qua c\u00e1c c\u00e2u \u0111\u1ed1, c\u00e2u \u0111\u1ed1 m\u1eb9o v\u00e0 th\u1eed th\u00e1ch. Ch\u01a1i theo t\u1ed1c \u0111\u1ed9 c\u1ee7a ri\u00eang b\u1ea1n v\u00e0 kh\u00e1m ph\u00e1 nh\u01b0 m\u1ed9t ng\u01b0\u1eddi \u0111\u1ecba ph\u01b0\u01a1ng!","breadcrumb":{"@id":"https:\/\/testwebsite.citygame.com\/vi\/games\/hoorn\/secrets-of-hoorn\/#breadcrumb"},"inLanguage":"vi","potentialAction":[{"@type":"ReadAction","target":["https:\/\/testwebsite.citygame.com\/vi\/games\/hoorn\/secrets-of-hoorn\/"]}]},{"@type":"ImageObject","inLanguage":"vi","@id":"https:\/\/testwebsite.citygame.com\/vi\/games\/hoorn\/secrets-of-hoorn\/#primaryimage","url":"https:\/\/testwebsite.citygame.com\/wp-content\/blogs.dir\/1\/files\/sites\/62\/2026\/03\/hoorn-player-smartphone-harbor-boat.jpg","contentUrl":"https:\/\/testwebsite.citygame.com\/wp-content\/blogs.dir\/1\/files\/sites\/62\/2026\/03\/hoorn-player-smartphone-harbor-boat.jpg","width":1024,"height":1024,"caption":"A player sits on a wooden pier next to traditional boats in the Hoorn harbor."},{"@type":"BreadcrumbList","@id":"https:\/\/testwebsite.citygame.com\/vi\/games\/hoorn\/secrets-of-hoorn\/#breadcrumb","itemListElement":[{"@type":"ListItem","position":1,"name":"Home","item":"https:\/\/testwebsite.citygame.com\/vi\/"},{"@type":"ListItem","position":2,"name":"Shop","item":"https:\/\/testwebsite.citygame.com\/shop\/"},{"@type":"ListItem","position":3,"name":"Secrets of Hoorn"}]},{"@type":"WebSite","@id":"https:\/\/testwebsite.upevents.nl\/#website","url":"https:\/\/testwebsite.upevents.nl\/","name":"City Game","description":"","publisher":{"@id":"https:\/\/testwebsite.upevents.nl\/#organization"},"alternateName":"citygame.com","potentialAction":[{"@type":"SearchAction","target":{"@type":"EntryPoint","urlTemplate":"https:\/\/testwebsite.upevents.nl\/?s={search_term_string}"},"query-input":{"@type":"PropertyValueSpecification","valueRequired":true,"valueName":"search_term_string"}}],"inLanguage":"vi"},{"@type":["Organization","Place"],"@id":"https:\/\/testwebsite.upevents.nl\/#organization","name":"City Game","alternateName":"citygame.com","url":"https:\/\/testwebsite.upevents.nl\/","logo":{"@id":"https:\/\/testwebsite.citygame.com\/vi\/games\/hoorn\/secrets-of-hoorn\/#local-main-organization-logo"},"image":{"@id":"https:\/\/testwebsite.citygame.com\/vi\/games\/hoorn\/secrets-of-hoorn\/#local-main-organization-logo"},"sameAs":["https:\/\/www.facebook.com\/profile.php?id=100086426226253","https:\/\/www.instagram.com\/citygame_com","https:\/\/www.tiktok.com\/@citygamecom\/","https:\/\/www.linkedin.com\/company\/citygame-com"],"description":"Turn any city into a playground with our interactive City Games and self-guided tours. Fun, flexible, and ideal for groups and team building.","telephone":[],"openingHoursSpecification":[{"@type":"OpeningHoursSpecification","dayOfWeek":["Monday","Tuesday","Wednesday","Thursday","Friday","Saturday","Sunday"],"opens":"09:00","closes":"17:00"}]},{"@type":"ImageObject","inLanguage":"vi","@id":"https:\/\/testwebsite.citygame.com\/vi\/games\/hoorn\/secrets-of-hoorn\/#local-main-organization-logo","url":"https:\/\/testwebsite.citygame.com\/wp-content\/blogs.dir\/1\/files\/sites\/62\/2025\/10\/CG_LOGO-City-Game.png","contentUrl":"https:\/\/testwebsite.citygame.com\/wp-content\/blogs.dir\/1\/files\/sites\/62\/2025\/10\/CG_LOGO-City-Game.png","width":351,"height":377,"caption":"City Game"}]}},"taxonomy_info":{"game-concept":[{"value":733,"label":"Secrets"}],"location":[{"value":201,"label":"Hoorn"}],"product_cat":[{"value":27,"label":"Geen categorie"}]},"featured_image_src_large":["https:\/\/testwebsite.citygame.com\/wp-content\/blogs.dir\/1\/files\/sites\/62\/2026\/03\/hoorn-player-smartphone-harbor-boat.jpg",1024,1024,false],"author_info":[],"comment_info":"","_links":{"self":[{"href":"https:\/\/testwebsite.citygame.com\/vi\/wp-json\/wp\/v2\/product\/60830","targetHints":{"allow":["GET"]}}],"collection":[{"href":"https:\/\/testwebsite.citygame.com\/vi\/wp-json\/wp\/v2\/product"}],"about":[{"href":"https:\/\/testwebsite.citygame.com\/vi\/wp-json\/wp\/v2\/types\/product"}],"acf:post":[{"embeddable":true,"href":"https:\/\/testwebsite.citygame.com\/vi\/wp-json\/wp\/v2\/pages\/13332"}],"wp:featuredmedia":[{"embeddable":true,"href":"https:\/\/testwebsite.citygame.com\/vi\/wp-json\/wp\/v2\/media\/18315"}],"wp:attachment":[{"href":"https:\/\/testwebsite.citygame.com\/vi\/wp-json\/wp\/v2\/media?parent=60830"}],"wp:term":[{"taxonomy":"game-concept","embeddable":true,"href":"https:\/\/testwebsite.citygame.com\/vi\/wp-json\/wp\/v2\/game-concept?post=60830"},{"taxonomy":"location","embeddable":true,"href":"https:\/\/testwebsite.citygame.com\/vi\/wp-json\/wp\/v2\/location?post=60830"},{"taxonomy":"product_brand","embeddable":true,"href":"https:\/\/testwebsite.citygame.com\/vi\/wp-json\/wp\/v2\/product_brand?post=60830"},{"taxonomy":"product_cat","embeddable":true,"href":"https:\/\/testwebsite.citygame.com\/vi\/wp-json\/wp\/v2\/product_cat?post=60830"},{"taxonomy":"product_tag","embeddable":true,"href":"https:\/\/testwebsite.citygame.com\/vi\/wp-json\/wp\/v2\/product_tag?post=60830"}],"curies":[{"name":"wp","href":"https:\/\/api.w.org\/{rel}","templated":true}]}}