{"id":60420,"date":"2026-03-12T16:03:45","date_gmt":"2026-03-12T16:03:45","guid":{"rendered":"https:\/\/testwebsite.citygame.com\/games\/unknown-location\/secrets-of-marbella\/"},"modified":"2026-04-08T05:44:04","modified_gmt":"2026-04-08T05:44:04","slug":"secrets-of-marbella","status":"publish","type":"product","link":"https:\/\/testwebsite.citygame.com\/vi\/games\/marbella\/secrets-of-marbella\/","title":{"rendered":"Secrets of Marbella"},"content":{"rendered":"<p>Kh\u00e1m ph\u00e1 Marbella ch\u01b0a t\u1eebng c\u00f3 v\u1edbi tr\u00f2 ch\u01a1i th\u00e0nh ph\u1ed1 t\u1ef1 h\u01b0\u1edbng d\u1eabn, d\u1ef1a tr\u00ean GPS &#8216;Secrets of Marbella&#8217;. Tr\u00f2 ch\u01a1i kh\u00e1m ph\u00e1 h\u1ea5p d\u1eabn n\u00e0y s\u1ebd h\u01b0\u1edbng d\u1eabn b\u1ea1n \u0111i qua trung t\u00e2m th\u00e0nh ph\u1ed1 Marbella, s\u1eed d\u1ee5ng \u0111i\u1ec7n tho\u1ea1i th\u00f4ng minh c\u1ee7a b\u1ea1n \u0111\u1ec3 gi\u1ea3i c\u00e1c c\u00e2u \u0111\u1ed1 h\u00f3c b\u00faa, nh\u1eefng c\u00e2u \u0111\u1ed1 m\u1eb9o v\u00e0 th\u1eed th\u00e1ch ch\u1ee5p \u1ea3nh vui nh\u1ed9n. B\u1eb1ng c\u00e1ch bi\u1ebfn th\u00e0nh ph\u1ed1 th\u00e0nh s\u00e2n ch\u01a1i c\u1ee7a m\u00ecnh, b\u1ea1n s\u1ebd kh\u00f4ng ch\u1ec9 kh\u00e1m ph\u00e1 nh\u1eefng \u0111i\u1ec3m tham quan \u0111\u1eb9p m\u1eaft m\u00e0 c\u00f2n c\u1ea3 nh\u1eefng chi ti\u1ebft \u1ea9n gi\u1ea5u v\u1ec1 v\u0103n h\u00f3a \u0111\u1ed9c \u0111\u00e1o v\u00e0 l\u1ecbch s\u1eed phong ph\u00fa c\u1ee7a Marbella. Cho d\u00f9 b\u1ea1n l\u00e0 ng\u01b0\u1eddi d\u00e2n \u0111\u1ecba ph\u01b0\u01a1ng hay du kh\u00e1ch, ng\u01b0\u1eddi ch\u01a1i \u0111\u01a1n \u0111\u1ed9c hay m\u1ed9t nh\u00f3m b\u1ea1n b\u00e8, tr\u00f2 ch\u01a1i th\u00e0nh ph\u1ed1 n\u00e0y mang \u0111\u1ebfn m\u1ed9t g\u00f3c nh\u00ecn m\u1edbi m\u1ebb v\u1ec1 Marbella v\u00e0 r\u1ea5t ph\u00f9 h\u1ee3p cho b\u1ea5t k\u1ef3 ai quan t\u00e2m \u0111\u1ebfn tr\u1ea3i nghi\u1ec7m th\u00e0nh ph\u1ed1 t\u01b0\u01a1ng t\u00e1c. B\u1ea5t k\u1ec3 b\u1ea1n \u0111i du l\u1ecbch m\u1ed9t m\u00ecnh, v\u1edbi \u0111\u1ed1i t\u00e1c, ho\u1eb7c l\u00e0 m\u1ed9t ph\u1ea7n c\u1ee7a gia \u0111\u00ecnh hay nh\u00f3m, tr\u00f2 ch\u01a1i th\u00e0nh ph\u1ed1 &#8216;Secrets of Marbella&#8217; h\u1ee9a h\u1eb9n m\u1ed9t c\u00e1ch th\u00fa v\u1ecb \u0111\u1ec3 kh\u00e1m ph\u00e1 v\u00e0 t\u00ecm hi\u1ec3u v\u1ec1 th\u00e0nh ph\u1ed1.<\/p>\n","protected":false},"excerpt":{"rendered":"<p>Kh\u00e1m ph\u00e1 nh\u1eefng B\u00ed \u1ea9n v\u00e0 V\u1ebb \u0111\u1eb9p tr\u00e1ng l\u1ec7 c\u1ee7a Marbella! \u0110\u1eafm m\u00ecnh v\u00e0o m\u1ed9t m\u1ed9t th\u00e0nh ph\u1ed1 n\u01a1i l\u1ecbch s\u1eed giao thoa v\u1edbi s\u1ef1 xa hoa, t\u1eeb nh\u1eefng l\u00e2u \u0111\u00e0i Moor c\u1ed5 k\u00ednh \u0111\u1ebfn nh\u1eefng du thuy\u1ec1n l\u1ea5p l\u00e1nh. Gi\u1ea3i m\u00e3 c\u00e1c m\u1eadt m\u00e3 khi b\u1ea1n \u0111i qua nh\u1eefng con ph\u1ed1 ng\u1eadp n\u1eafng c\u1ee7a n\u00f3, Marbella l\u00e0 m\u1ed9t cu\u1ed9c phi\u00eau l\u01b0u b\u1ea5t t\u1eadn \u0111ang ch\u1edd b\u1ea1n kh\u00e1m ph\u00e1!<\/p>\n","protected":false},"featured_media":18293,"template":"","meta":{"_acf_changed":false,"_yoast_wpseo_focuskw":"Secrets of Marbella","_yoast_wpseo_metadesc":"Secrets of Marbella. Ch\u01a1i m\u1ed9t Tr\u00f2 ch\u01a1i Th\u00e0nh ph\u1ed1 t\u1ef1 h\u01b0\u1edbng d\u1eabn v\u00e0 kh\u00e1m ph\u00e1 th\u00e0nh ph\u1ed1 qua c\u00e1c c\u00e2u \u0111\u1ed1, c\u00e2u \u0111\u1ed1 m\u1eb9o v\u00e0 th\u1eed th\u00e1ch. Ch\u01a1i theo t\u1ed1c \u0111\u1ed9 c\u1ee7a ri\u00eang b\u1ea1n v\u00e0 kh\u00e1m ph\u00e1 nh\u01b0 m\u1ed9t ng\u01b0\u1eddi \u0111\u1ecba ph\u01b0\u01a1ng!","_kad_blocks_custom_css":"","_kad_blocks_head_custom_js":"","_kad_blocks_body_custom_js":"","_kad_blocks_footer_custom_js":"","ghostkit_customizer_options":"","ghostkit_custom_css":"","ghostkit_custom_js_head":"","ghostkit_custom_js_foot":"","ghostkit_typography":"","_kad_post_transparent":"","_kad_post_title":"","_kad_post_layout":"","_kad_post_sidebar_id":"","_kad_post_content_style":"","_kad_post_vertical_padding":"","_kad_post_feature":"","_kad_post_feature_position":"","_kad_post_header":false,"_kad_post_footer":false,"_kad_post_classname":"","_links_to":"","_links_to_target":""},"game-concept":[733],"location":[268],"product_brand":[],"product_cat":[27],"product_tag":[],"class_list":{"0":"post-60420","1":"product","2":"type-product","3":"status-publish","4":"has-post-thumbnail","6":"game-concept-secrets","7":"location-marbella","8":"product_cat-geen-categorie","10":"first","11":"instock","12":"shipping-taxable","13":"purchasable","14":"product-type-simple","15":"entry","16":"content-bg","17":"loop-entry"},"acf":{"full_bokun_product_name":"Self-Guided Secrets of Marbella Exploration Game","location_name":"Marbella","bokun_calendar_widget_code":"<script type=\"text\/javascript\" src=\"https:\/\/widgets.bokun.io\/assets\/javascripts\/apps\/build\/BokunWidgetsLoader.js?bookingChannelUUID=a1e93e96-5232-4734-a595-28405f4b5a31\" async><\/script>\n     \n    <div class=\"bokunWidget\" data-src=\"https:\/\/widgets.bokun.io\/online-sales\/a1e93e96-5232-4734-a595-28405f4b5a31\/experience-calendar\/828181\"><\/div>\n    <noscript>Please enable javascript in your browser to book<\/noscript>","bokun_button_widget_code":"<script type=\"text\/javascript\" src=\"https:\/\/widgets.bokun.io\/assets\/javascripts\/apps\/build\/BokunWidgetsLoader.js?bookingChannelUUID=a1e93e96-5232-4734-a595-28405f4b5a31\" async><\/script>\n      <style> #bokun_ed001e45_5927_4f62_b470_ca766338d083 { display: inline-block; padding: .4em 1em; background: #47b82e; border-radius: 999999px; box-shadow: none; font-weight: 600; font-size: 24px; text-decoration: none; text-align: center; color: #FFFFFF; border:none; cursor: pointer; transition: background .2s ease; } #bokun_ed001e45_5927_4f62_b470_ca766338d083:hover{ background: #2f7b1f; } #bokun_ed001e45_5927_4f62_b470_ca766338d083:active{ background: #378f24; } <\/style> <button class=\"bokunButton\" disabled id=bokun_ed001e45_5927_4f62_b470_ca766338d083 data-src=\"https:\/\/widgets.bokun.io\/online-sales\/a1e93e96-5232-4734-a595-28405f4b5a31\/experience-calendar\/828181?partialView=1\" data-testid=\"widget-book-button\" > Book now <\/button> ","what_you\u2019ll_experience_during_the_game":"Khi b\u1ea1n b\u01b0\u1edbc v\u00e0o tr\u00f2 ch\u01a1i, b\u1ea1n s\u1ebd kh\u00e1m ph\u00e1 'Secrets of Marbella', m\u1ed9t s\u1ef1 pha tr\u1ed9n ho\u00e0n h\u1ea3o gi\u1eefa tham quan c\u1ed5 \u0111i\u1ec3n v\u00e0 k\u1ec3 chuy\u1ec7n gi\u00e0u tr\u00ed t\u01b0\u1edfng t\u01b0\u1ee3ng v\u1edbi nh\u1eefng th\u1eed th\u00e1ch t\u01b0\u01a1ng t\u00e1c h\u1ea5p d\u1eabn. \u0110\u01b0\u1ee3c h\u01b0\u1edbng d\u1eabn qua c\u1ea3 nh\u1eefng khu v\u1ef1c n\u1ed5i ti\u1ebfng c\u0169ng nh\u01b0 nh\u1eefng vi\u00ean ng\u1ecdc \u1ea9n c\u1ee7a Marbella, ng\u01b0\u1eddi ch\u01a1i s\u1ebd \u0111\u01b0\u1ee3c ti\u1ebfp c\u1eadn v\u1edbi m\u1ed9t b\u1ee9c tranh ch\u00e2n th\u1ef1c v\u1ec1 th\u00e0nh ph\u1ed1. B\u1eaft \u0111\u1ea7u m\u1ed9t cu\u1ed9c h\u00e0nh tr\u00ecnh \u0111\u01b0a b\u1ea1n \u0111\u1ebfn nh\u1eefng b\u00e3i bi\u1ec3n ng\u1eadp n\u1eafng, Ph\u1ed1 C\u1ed5 \u0111\u1eb9p nh\u01b0 tranh v\u1ebd v\u1edbi nh\u1eefng con ph\u1ed1 nh\u1ecf c\u1ed5 k\u00ednh, v\u00e0 s\u1ef1 xa hoa c\u1ee7a Puerto Ban\u00fas, t\u1ea5t c\u1ea3 \u0111\u01b0\u1ee3c d\u1ec7t m\u1ed9t c\u00e1ch li\u1ec1n m\u1ea1ch v\u00e0o c\u00e2u chuy\u1ec7n phi\u00eau l\u01b0u c\u1ee7a b\u1ea1n. \u0110\u00e2y kh\u00f4ng ch\u1ec9 l\u00e0 m\u1ed9t Tr\u00f2 ch\u01a1i Th\u00e0nh ph\u1ed1; \u0111\u00f3 l\u00e0 m\u1ed9t tr\u00f2 ch\u01a1i kh\u00e1m ph\u00e1 v\u1edbi l\u1ecbch s\u1eed \u0111\u1ecba ph\u01b0\u01a1ng v\u00e0 nh\u1eefng \u0111\u1ecba \u0111i\u1ec3m \u0111ang ch\u1edd \u0111\u01b0\u1ee3c kh\u00e1m ph\u00e1.\n\nB\u01b0\u1edbc ngay v\u00e0o l\u1ed1i ch\u01a1i, b\u1ea1n s\u1ebd th\u1ea5y m\u00ecnh \u0111ang \u0111i\u1ec1u h\u01b0\u1edbng m\u1ed9t m\u00ea cung g\u1ed3m c\u00e1c c\u00e2u \u0111\u1ed1 v\u00e0 c\u00e2u \u0111\u1ed1 m\u1eb9o, gi\u1ea3i quy\u1ebft c\u00e1c c\u00e2u h\u1ecfi k\u00edch th\u00edch t\u01b0 duy v\u00e0 c\u00e1c th\u1eed th\u00e1ch ch\u1ee5p \u1ea3nh h\u1ea5p d\u1eabn. \u0110\u00e2y l\u00e0 m\u1ed9t tr\u00f2 ch\u01a1i tr\u00ed tu\u1ec7 v\u00e0 k\u1ef9 n\u0103ng gi\u1ea3i quy\u1ebft v\u1ea5n \u0111\u1ec1, n\u01a1i ng\u01b0\u1eddi ch\u01a1i c\u1ea1nh tranh \u0111\u1ec3 ki\u1ebfm \u0111i\u1ec3m, m\u1edf kh\u00f3a nh\u1eefng g\u1ee3i \u00fd gi\u00e1 tr\u1ecb v\u00e0 ti\u1ebfn b\u1ed9 trong nhi\u1ec7m v\u1ee5 gi\u1ea3i quy\u1ebft b\u00ed \u1ea9n cu\u1ed1i c\u00f9ng, h\u1ea5p d\u1eabn. Thi\u1ebft k\u1ebf tr\u00f2 ch\u01a1i cho ph\u00e9p b\u1ea1n t\u1ea1m d\u1eebng tho\u1ea3i m\u00e1i t\u1ea1i b\u1ea5t k\u1ef3 \u0111i\u1ec3m n\u00e0o v\u00e0 ti\u1ebfp t\u1ee5c theo \u00fd mu\u1ed1n, khi\u1ebfn n\u00f3 tr\u1edf th\u00e0nh l\u1ef1a ch\u1ecdn l\u00fd t\u01b0\u1edfng cho nh\u1eefng ai t\u00ecm ki\u1ebfm tr\u1ea3i nghi\u1ec7m linh ho\u1ea1t nh\u01b0ng v\u1eabn s\u00e2u s\u1eafc. C\u00e1c ng\u01b0\u1eddi ch\u01a1i ho\u1eb7c \u0111\u1ed9i c\u1ea1nh tranh c\u00f3 c\u01a1 h\u1ed9i nh\u1eafm \u0111\u1ebfn v\u1ecb tr\u00ed d\u1eabn \u0111\u1ea7u tr\u00ean b\u1ea3ng x\u1ebfp h\u1ea1ng, th\u00eam m\u1ed9t c\u1ea5p \u0111\u1ed9 h\u1ee9ng th\u00fa. 'Secrets of Marbella' \u0111ang ch\u1edd b\u1ea1n \u0111i s\u00e2u v\u00e0o b\u00ed \u1ea9n c\u1ee7a n\u00f3.","how_to_play":"\u0110\u1eb7t Tr\u00f2 ch\u01a1i Kh\u00e1m ph\u00e1, ki\u1ec3m tra email ch\u00fang t\u00f4i g\u1eedi cho b\u1ea1n v\u1edbi h\u01b0\u1edbng d\u1eabn \u0111\u01a1n gi\u1ea3n, t\u1ea3i \u1ee9ng d\u1ee5ng Loquiz, truy c\u1eadp Tr\u00f2 ch\u01a1i Kh\u00e1m ph\u00e1 v\u00e0 b\u1ea1n \u0111\u00e3 s\u1eb5n s\u00e0ng b\u1eaft \u0111\u1ea7u tr\u1ea3i nghi\u1ec7m tr\u00f2 ch\u01a1i c\u1ee7a m\u00ecnh!","start_location":"Marbella, Plaza de los Naranjos","available_languages":["en"],"players_per_group":"1-4","duration":"1.5-2 hours","image_overlay_color_image":"https:\/\/testwebsite.citygame.com\/wp-content\/blogs.dir\/1\/files\/sites\/62\/2026\/01\/SecretsColor.svg","image_overlay_game_logo":"https:\/\/testwebsite.citygame.com\/wp-content\/blogs.dir\/1\/files\/sites\/62\/2026\/01\/SecretsLogo.png","city_page":13285,"woocommerce_general_content":null},"yoast_head":"<!-- This site is optimized with the Yoast SEO Premium plugin v26.2 (Yoast SEO v26.3) - https:\/\/yoast.com\/wordpress\/plugins\/seo\/ -->\n<title>Secrets of Marbella - City Game<\/title>\n<meta name=\"description\" content=\"Secrets of Marbella. Ch\u01a1i m\u1ed9t Tr\u00f2 ch\u01a1i Th\u00e0nh ph\u1ed1 t\u1ef1 h\u01b0\u1edbng d\u1eabn v\u00e0 kh\u00e1m ph\u00e1 th\u00e0nh ph\u1ed1 qua c\u00e1c c\u00e2u \u0111\u1ed1, c\u00e2u \u0111\u1ed1 m\u1eb9o v\u00e0 th\u1eed th\u00e1ch. Ch\u01a1i theo t\u1ed1c \u0111\u1ed9 c\u1ee7a ri\u00eang b\u1ea1n v\u00e0 kh\u00e1m ph\u00e1 nh\u01b0 m\u1ed9t ng\u01b0\u1eddi \u0111\u1ecba ph\u01b0\u01a1ng!\" \/>\n<meta name=\"robots\" content=\"noindex, follow, max-snippet:-1, max-image-preview:large, max-video-preview:-1\" \/>\n<meta property=\"og:locale\" content=\"vi_VN\" \/>\n<meta property=\"og:type\" content=\"article\" \/>\n<meta property=\"og:title\" content=\"Secrets of Marbella\" \/>\n<meta property=\"og:description\" content=\"Secrets of Marbella. Ch\u01a1i m\u1ed9t Tr\u00f2 ch\u01a1i Th\u00e0nh ph\u1ed1 t\u1ef1 h\u01b0\u1edbng d\u1eabn v\u00e0 kh\u00e1m ph\u00e1 th\u00e0nh ph\u1ed1 qua c\u00e1c c\u00e2u \u0111\u1ed1, c\u00e2u \u0111\u1ed1 m\u1eb9o v\u00e0 th\u1eed th\u00e1ch. Ch\u01a1i theo t\u1ed1c \u0111\u1ed9 c\u1ee7a ri\u00eang b\u1ea1n v\u00e0 kh\u00e1m ph\u00e1 nh\u01b0 m\u1ed9t ng\u01b0\u1eddi \u0111\u1ecba ph\u01b0\u01a1ng!\" \/>\n<meta property=\"og:url\" content=\"https:\/\/testwebsite.citygame.com\/vi\/games\/marbella\/secrets-of-marbella\/\" \/>\n<meta property=\"og:site_name\" content=\"City Game\" \/>\n<meta property=\"article:publisher\" content=\"https:\/\/www.facebook.com\/profile.php?id=100086426226253\" \/>\n<meta property=\"article:modified_time\" content=\"2026-04-08T05:44:04+00:00\" \/>\n<meta property=\"og:image\" content=\"https:\/\/testwebsite.citygame.com\/wp-content\/blogs.dir\/1\/files\/sites\/62\/2026\/03\/marbella-players-city-game-old-town.jpg\" \/>\n\t<meta property=\"og:image:width\" content=\"1024\" \/>\n\t<meta property=\"og:image:height\" content=\"1024\" \/>\n\t<meta property=\"og:image:type\" content=\"image\/jpeg\" \/>\n<meta name=\"twitter:card\" content=\"summary_large_image\" \/>\n<meta name=\"twitter:label1\" content=\"\u01af\u1edbc t\u00ednh th\u1eddi gian \u0111\u1ecdc\" \/>\n\t<meta name=\"twitter:data1\" content=\"2 ph\u00fat\" \/>\n<script type=\"application\/ld+json\" class=\"yoast-schema-graph\">{\"@context\":\"https:\/\/schema.org\",\"@graph\":[{\"@type\":\"WebPage\",\"@id\":\"https:\/\/testwebsite.citygame.com\/vi\/games\/marbella\/secrets-of-marbella\/\",\"url\":\"https:\/\/testwebsite.citygame.com\/vi\/games\/marbella\/secrets-of-marbella\/\",\"name\":\"Secrets of Marbella - City Game\",\"isPartOf\":{\"@id\":\"https:\/\/testwebsite.upevents.nl\/#website\"},\"primaryImageOfPage\":{\"@id\":\"https:\/\/testwebsite.citygame.com\/vi\/games\/marbella\/secrets-of-marbella\/#primaryimage\"},\"image\":{\"@id\":\"https:\/\/testwebsite.citygame.com\/vi\/games\/marbella\/secrets-of-marbella\/#primaryimage\"},\"thumbnailUrl\":\"https:\/\/testwebsite.citygame.com\/wp-content\/blogs.dir\/1\/files\/sites\/62\/2026\/03\/marbella-players-city-game-old-town.jpg\",\"datePublished\":\"2026-03-12T16:03:45+00:00\",\"dateModified\":\"2026-04-08T05:44:04+00:00\",\"description\":\"Secrets of Marbella. Ch\u01a1i m\u1ed9t Tr\u00f2 ch\u01a1i Th\u00e0nh ph\u1ed1 t\u1ef1 h\u01b0\u1edbng d\u1eabn v\u00e0 kh\u00e1m ph\u00e1 th\u00e0nh ph\u1ed1 qua c\u00e1c c\u00e2u \u0111\u1ed1, c\u00e2u \u0111\u1ed1 m\u1eb9o v\u00e0 th\u1eed th\u00e1ch. Ch\u01a1i theo t\u1ed1c \u0111\u1ed9 c\u1ee7a ri\u00eang b\u1ea1n v\u00e0 kh\u00e1m ph\u00e1 nh\u01b0 m\u1ed9t ng\u01b0\u1eddi \u0111\u1ecba ph\u01b0\u01a1ng!\",\"breadcrumb\":{\"@id\":\"https:\/\/testwebsite.citygame.com\/vi\/games\/marbella\/secrets-of-marbella\/#breadcrumb\"},\"inLanguage\":\"vi\",\"potentialAction\":[{\"@type\":\"ReadAction\",\"target\":[\"https:\/\/testwebsite.citygame.com\/vi\/games\/marbella\/secrets-of-marbella\/\"]}]},{\"@type\":\"ImageObject\",\"inLanguage\":\"vi\",\"@id\":\"https:\/\/testwebsite.citygame.com\/vi\/games\/marbella\/secrets-of-marbella\/#primaryimage\",\"url\":\"https:\/\/testwebsite.citygame.com\/wp-content\/blogs.dir\/1\/files\/sites\/62\/2026\/03\/marbella-players-city-game-old-town.jpg\",\"contentUrl\":\"https:\/\/testwebsite.citygame.com\/wp-content\/blogs.dir\/1\/files\/sites\/62\/2026\/03\/marbella-players-city-game-old-town.jpg\",\"width\":1024,\"height\":1024,\"caption\":\"A group of young people explore the charming cobblestone streets of Marbella's Old Town.\"},{\"@type\":\"BreadcrumbList\",\"@id\":\"https:\/\/testwebsite.citygame.com\/vi\/games\/marbella\/secrets-of-marbella\/#breadcrumb\",\"itemListElement\":[{\"@type\":\"ListItem\",\"position\":1,\"name\":\"Home\",\"item\":\"https:\/\/testwebsite.citygame.com\/vi\/\"},{\"@type\":\"ListItem\",\"position\":2,\"name\":\"Shop\",\"item\":\"https:\/\/testwebsite.citygame.com\/shop\/\"},{\"@type\":\"ListItem\",\"position\":3,\"name\":\"Secrets of Marbella\"}]},{\"@type\":\"WebSite\",\"@id\":\"https:\/\/testwebsite.upevents.nl\/#website\",\"url\":\"https:\/\/testwebsite.upevents.nl\/\",\"name\":\"City Game\",\"description\":\"\",\"publisher\":{\"@id\":\"https:\/\/testwebsite.upevents.nl\/#organization\"},\"alternateName\":\"citygame.com\",\"potentialAction\":[{\"@type\":\"SearchAction\",\"target\":{\"@type\":\"EntryPoint\",\"urlTemplate\":\"https:\/\/testwebsite.upevents.nl\/?s={search_term_string}\"},\"query-input\":{\"@type\":\"PropertyValueSpecification\",\"valueRequired\":true,\"valueName\":\"search_term_string\"}}],\"inLanguage\":\"vi\"},{\"@type\":[\"Organization\",\"Place\"],\"@id\":\"https:\/\/testwebsite.upevents.nl\/#organization\",\"name\":\"City Game\",\"alternateName\":\"citygame.com\",\"url\":\"https:\/\/testwebsite.upevents.nl\/\",\"logo\":{\"@id\":\"https:\/\/testwebsite.citygame.com\/vi\/games\/marbella\/secrets-of-marbella\/#local-main-organization-logo\"},\"image\":{\"@id\":\"https:\/\/testwebsite.citygame.com\/vi\/games\/marbella\/secrets-of-marbella\/#local-main-organization-logo\"},\"sameAs\":[\"https:\/\/www.facebook.com\/profile.php?id=100086426226253\",\"https:\/\/www.instagram.com\/citygame_com\",\"https:\/\/www.tiktok.com\/@citygamecom\/\",\"https:\/\/www.linkedin.com\/company\/citygame-com\"],\"description\":\"Turn any city into a playground with our interactive City Games and self-guided tours. Fun, flexible, and ideal for groups and team building.\",\"telephone\":[],\"openingHoursSpecification\":[{\"@type\":\"OpeningHoursSpecification\",\"dayOfWeek\":[\"Monday\",\"Tuesday\",\"Wednesday\",\"Thursday\",\"Friday\",\"Saturday\",\"Sunday\"],\"opens\":\"09:00\",\"closes\":\"17:00\"}]},{\"@type\":\"ImageObject\",\"inLanguage\":\"vi\",\"@id\":\"https:\/\/testwebsite.citygame.com\/vi\/games\/marbella\/secrets-of-marbella\/#local-main-organization-logo\",\"url\":\"https:\/\/testwebsite.citygame.com\/wp-content\/blogs.dir\/1\/files\/sites\/62\/2025\/10\/CG_LOGO-City-Game.png\",\"contentUrl\":\"https:\/\/testwebsite.citygame.com\/wp-content\/blogs.dir\/1\/files\/sites\/62\/2025\/10\/CG_LOGO-City-Game.png\",\"width\":351,\"height\":377,\"caption\":\"City Game\"}]}<\/script>\n<!-- \/ Yoast SEO Premium plugin. -->","yoast_head_json":{"title":"Secrets of Marbella - City Game","description":"Secrets of Marbella. Ch\u01a1i m\u1ed9t Tr\u00f2 ch\u01a1i Th\u00e0nh ph\u1ed1 t\u1ef1 h\u01b0\u1edbng d\u1eabn v\u00e0 kh\u00e1m ph\u00e1 th\u00e0nh ph\u1ed1 qua c\u00e1c c\u00e2u \u0111\u1ed1, c\u00e2u \u0111\u1ed1 m\u1eb9o v\u00e0 th\u1eed th\u00e1ch. Ch\u01a1i theo t\u1ed1c \u0111\u1ed9 c\u1ee7a ri\u00eang b\u1ea1n v\u00e0 kh\u00e1m ph\u00e1 nh\u01b0 m\u1ed9t ng\u01b0\u1eddi \u0111\u1ecba ph\u01b0\u01a1ng!","robots":{"index":"noindex","follow":"follow","max-snippet":"max-snippet:-1","max-image-preview":"max-image-preview:large","max-video-preview":"max-video-preview:-1"},"og_locale":"vi_VN","og_type":"article","og_title":"Secrets of Marbella","og_description":"Secrets of Marbella. Ch\u01a1i m\u1ed9t Tr\u00f2 ch\u01a1i Th\u00e0nh ph\u1ed1 t\u1ef1 h\u01b0\u1edbng d\u1eabn v\u00e0 kh\u00e1m ph\u00e1 th\u00e0nh ph\u1ed1 qua c\u00e1c c\u00e2u \u0111\u1ed1, c\u00e2u \u0111\u1ed1 m\u1eb9o v\u00e0 th\u1eed th\u00e1ch. Ch\u01a1i theo t\u1ed1c \u0111\u1ed9 c\u1ee7a ri\u00eang b\u1ea1n v\u00e0 kh\u00e1m ph\u00e1 nh\u01b0 m\u1ed9t ng\u01b0\u1eddi \u0111\u1ecba ph\u01b0\u01a1ng!","og_url":"https:\/\/testwebsite.citygame.com\/vi\/games\/marbella\/secrets-of-marbella\/","og_site_name":"City Game","article_publisher":"https:\/\/www.facebook.com\/profile.php?id=100086426226253","article_modified_time":"2026-04-08T05:44:04+00:00","og_image":[{"width":1024,"height":1024,"url":"https:\/\/testwebsite.citygame.com\/wp-content\/blogs.dir\/1\/files\/sites\/62\/2026\/03\/marbella-players-city-game-old-town.jpg","type":"image\/jpeg"}],"twitter_card":"summary_large_image","twitter_misc":{"\u01af\u1edbc t\u00ednh th\u1eddi gian \u0111\u1ecdc":"2 ph\u00fat"},"schema":{"@context":"https:\/\/schema.org","@graph":[{"@type":"WebPage","@id":"https:\/\/testwebsite.citygame.com\/vi\/games\/marbella\/secrets-of-marbella\/","url":"https:\/\/testwebsite.citygame.com\/vi\/games\/marbella\/secrets-of-marbella\/","name":"Secrets of Marbella - City Game","isPartOf":{"@id":"https:\/\/testwebsite.upevents.nl\/#website"},"primaryImageOfPage":{"@id":"https:\/\/testwebsite.citygame.com\/vi\/games\/marbella\/secrets-of-marbella\/#primaryimage"},"image":{"@id":"https:\/\/testwebsite.citygame.com\/vi\/games\/marbella\/secrets-of-marbella\/#primaryimage"},"thumbnailUrl":"https:\/\/testwebsite.citygame.com\/wp-content\/blogs.dir\/1\/files\/sites\/62\/2026\/03\/marbella-players-city-game-old-town.jpg","datePublished":"2026-03-12T16:03:45+00:00","dateModified":"2026-04-08T05:44:04+00:00","description":"Secrets of Marbella. Ch\u01a1i m\u1ed9t Tr\u00f2 ch\u01a1i Th\u00e0nh ph\u1ed1 t\u1ef1 h\u01b0\u1edbng d\u1eabn v\u00e0 kh\u00e1m ph\u00e1 th\u00e0nh ph\u1ed1 qua c\u00e1c c\u00e2u \u0111\u1ed1, c\u00e2u \u0111\u1ed1 m\u1eb9o v\u00e0 th\u1eed th\u00e1ch. Ch\u01a1i theo t\u1ed1c \u0111\u1ed9 c\u1ee7a ri\u00eang b\u1ea1n v\u00e0 kh\u00e1m ph\u00e1 nh\u01b0 m\u1ed9t ng\u01b0\u1eddi \u0111\u1ecba ph\u01b0\u01a1ng!","breadcrumb":{"@id":"https:\/\/testwebsite.citygame.com\/vi\/games\/marbella\/secrets-of-marbella\/#breadcrumb"},"inLanguage":"vi","potentialAction":[{"@type":"ReadAction","target":["https:\/\/testwebsite.citygame.com\/vi\/games\/marbella\/secrets-of-marbella\/"]}]},{"@type":"ImageObject","inLanguage":"vi","@id":"https:\/\/testwebsite.citygame.com\/vi\/games\/marbella\/secrets-of-marbella\/#primaryimage","url":"https:\/\/testwebsite.citygame.com\/wp-content\/blogs.dir\/1\/files\/sites\/62\/2026\/03\/marbella-players-city-game-old-town.jpg","contentUrl":"https:\/\/testwebsite.citygame.com\/wp-content\/blogs.dir\/1\/files\/sites\/62\/2026\/03\/marbella-players-city-game-old-town.jpg","width":1024,"height":1024,"caption":"A group of young people explore the charming cobblestone streets of Marbella's Old Town."},{"@type":"BreadcrumbList","@id":"https:\/\/testwebsite.citygame.com\/vi\/games\/marbella\/secrets-of-marbella\/#breadcrumb","itemListElement":[{"@type":"ListItem","position":1,"name":"Home","item":"https:\/\/testwebsite.citygame.com\/vi\/"},{"@type":"ListItem","position":2,"name":"Shop","item":"https:\/\/testwebsite.citygame.com\/shop\/"},{"@type":"ListItem","position":3,"name":"Secrets of Marbella"}]},{"@type":"WebSite","@id":"https:\/\/testwebsite.upevents.nl\/#website","url":"https:\/\/testwebsite.upevents.nl\/","name":"City Game","description":"","publisher":{"@id":"https:\/\/testwebsite.upevents.nl\/#organization"},"alternateName":"citygame.com","potentialAction":[{"@type":"SearchAction","target":{"@type":"EntryPoint","urlTemplate":"https:\/\/testwebsite.upevents.nl\/?s={search_term_string}"},"query-input":{"@type":"PropertyValueSpecification","valueRequired":true,"valueName":"search_term_string"}}],"inLanguage":"vi"},{"@type":["Organization","Place"],"@id":"https:\/\/testwebsite.upevents.nl\/#organization","name":"City Game","alternateName":"citygame.com","url":"https:\/\/testwebsite.upevents.nl\/","logo":{"@id":"https:\/\/testwebsite.citygame.com\/vi\/games\/marbella\/secrets-of-marbella\/#local-main-organization-logo"},"image":{"@id":"https:\/\/testwebsite.citygame.com\/vi\/games\/marbella\/secrets-of-marbella\/#local-main-organization-logo"},"sameAs":["https:\/\/www.facebook.com\/profile.php?id=100086426226253","https:\/\/www.instagram.com\/citygame_com","https:\/\/www.tiktok.com\/@citygamecom\/","https:\/\/www.linkedin.com\/company\/citygame-com"],"description":"Turn any city into a playground with our interactive City Games and self-guided tours. Fun, flexible, and ideal for groups and team building.","telephone":[],"openingHoursSpecification":[{"@type":"OpeningHoursSpecification","dayOfWeek":["Monday","Tuesday","Wednesday","Thursday","Friday","Saturday","Sunday"],"opens":"09:00","closes":"17:00"}]},{"@type":"ImageObject","inLanguage":"vi","@id":"https:\/\/testwebsite.citygame.com\/vi\/games\/marbella\/secrets-of-marbella\/#local-main-organization-logo","url":"https:\/\/testwebsite.citygame.com\/wp-content\/blogs.dir\/1\/files\/sites\/62\/2025\/10\/CG_LOGO-City-Game.png","contentUrl":"https:\/\/testwebsite.citygame.com\/wp-content\/blogs.dir\/1\/files\/sites\/62\/2025\/10\/CG_LOGO-City-Game.png","width":351,"height":377,"caption":"City Game"}]}},"taxonomy_info":{"game-concept":[{"value":733,"label":"Secrets"}],"location":[{"value":268,"label":"Marbella"}],"product_cat":[{"value":27,"label":"Geen categorie"}]},"featured_image_src_large":["https:\/\/testwebsite.citygame.com\/wp-content\/blogs.dir\/1\/files\/sites\/62\/2026\/03\/marbella-players-city-game-old-town.jpg",1024,1024,false],"author_info":[],"comment_info":"","_links":{"self":[{"href":"https:\/\/testwebsite.citygame.com\/vi\/wp-json\/wp\/v2\/product\/60420","targetHints":{"allow":["GET"]}}],"collection":[{"href":"https:\/\/testwebsite.citygame.com\/vi\/wp-json\/wp\/v2\/product"}],"about":[{"href":"https:\/\/testwebsite.citygame.com\/vi\/wp-json\/wp\/v2\/types\/product"}],"acf:post":[{"embeddable":true,"href":"https:\/\/testwebsite.citygame.com\/vi\/wp-json\/wp\/v2\/pages\/13285"}],"wp:featuredmedia":[{"embeddable":true,"href":"https:\/\/testwebsite.citygame.com\/vi\/wp-json\/wp\/v2\/media\/18293"}],"wp:attachment":[{"href":"https:\/\/testwebsite.citygame.com\/vi\/wp-json\/wp\/v2\/media?parent=60420"}],"wp:term":[{"taxonomy":"game-concept","embeddable":true,"href":"https:\/\/testwebsite.citygame.com\/vi\/wp-json\/wp\/v2\/game-concept?post=60420"},{"taxonomy":"location","embeddable":true,"href":"https:\/\/testwebsite.citygame.com\/vi\/wp-json\/wp\/v2\/location?post=60420"},{"taxonomy":"product_brand","embeddable":true,"href":"https:\/\/testwebsite.citygame.com\/vi\/wp-json\/wp\/v2\/product_brand?post=60420"},{"taxonomy":"product_cat","embeddable":true,"href":"https:\/\/testwebsite.citygame.com\/vi\/wp-json\/wp\/v2\/product_cat?post=60420"},{"taxonomy":"product_tag","embeddable":true,"href":"https:\/\/testwebsite.citygame.com\/vi\/wp-json\/wp\/v2\/product_tag?post=60420"}],"curies":[{"name":"wp","href":"https:\/\/api.w.org\/{rel}","templated":true}]}}