{"id":60148,"date":"2026-03-12T14:14:36","date_gmt":"2026-03-12T14:14:36","guid":{"rendered":"https:\/\/testwebsite.citygame.com\/games\/unknown-location\/secrets-of-cadiz\/"},"modified":"2026-04-08T05:15:56","modified_gmt":"2026-04-08T05:15:56","slug":"secrets-of-cadiz","status":"publish","type":"product","link":"https:\/\/testwebsite.citygame.com\/vi\/games\/cadiz\/secrets-of-cadiz\/","title":{"rendered":"Secrets of Cadiz"},"content":{"rendered":"<p>Tr\u00f2 ch\u01a1i th\u00e0nh ph\u1ed1 &#8220;Secrets of Cadiz&#8221; l\u00e0 m\u1ed9t tr\u00f2 ch\u01a1i t\u1ef1 d\u1eabn h\u1ea5p d\u1eabn \u0111\u01b0a ng\u01b0\u1eddi ch\u01a1i v\u00e0o trung t\u00e2m l\u1ecbch s\u1eed c\u1ee7a Cadiz. Tr\u00f2 ch\u01a1i kh\u00e1m ph\u00e1 cu\u1ed1n h\u00fat n\u00e0y t\u1eadn d\u1ee5ng t\u1ed1i \u0111a c\u00f4ng ngh\u1ec7 d\u1ef1a tr\u00ean GPS, cho ph\u00e9p ng\u01b0\u1eddi tham gia kh\u00e1m ph\u00e1 m\u00ea cung ph\u1ee9c t\u1ea1p c\u1ee7a th\u00e0nh ph\u1ed1 T\u00e2y Ban Nha n\u00e0y ho\u00e0n to\u00e0n qua \u0111i\u1ec7n tho\u1ea1i th\u00f4ng minh c\u1ee7a h\u1ecd. Khi h\u1ecd \u0111i\u1ec1u h\u01b0\u1edbng qua m\u1ed9t lo\u1ea1t c\u00e2u \u0111\u1ed1, th\u1eed th\u00e1ch v\u00e0 th\u1eed th\u00e1ch ch\u1ee5p \u1ea3nh, ng\u01b0\u1eddi ch\u01a1i s\u1ebd hi\u1ec3u s\u00e2u h\u01a1n v\u1ec1 l\u1ecbch s\u1eed phong ph\u00fa, v\u0103n h\u00f3a s\u00f4i \u0111\u1ed9ng v\u00e0 nh\u1eefng vi\u00ean ng\u1ecdc \u1ea9n gi\u1ea5u kh\u00f4ng ph\u1ea3i l\u00fac n\u00e0o c\u0169ng d\u1ec5 nh\u00ecn th\u1ea5y c\u1ee7a Cadiz. Ph\u00f9 h\u1ee3p cho c\u1ea3 ng\u01b0\u1eddi d\u00e2n \u0111\u1ecba ph\u01b0\u01a1ng v\u00e0 kh\u00e1ch du l\u1ecbch mu\u1ed1n kh\u00e1m ph\u00e1 Cadiz t\u1eeb m\u1ed9t g\u00f3c nh\u00ecn \u0111\u1ed9c \u0111\u00e1o, tr\u00f2 ch\u01a1i n\u00e0y ph\u1ee5c v\u1ee5 c\u1ea3 nh\u1eefng ng\u01b0\u1eddi phi\u00eau l\u01b0u \u0111\u01a1n \u0111\u1ed9c v\u00e0 c\u00e1c nh\u00f3m, t\u1eeb c\u00e1c c\u1eb7p \u0111\u00f4i v\u00e0 gia \u0111\u00ecnh \u0111\u1ebfn nh\u1eefng nh\u00f3m b\u1ea1n th\u00e2n thi\u1ebft. \u0110\u1eafm m\u00ecnh v\u00e0o th\u1ebf gi\u1edbi nh\u1eadp vai c\u1ee7a tr\u00f2 ch\u01a1i d\u1ef1a tr\u00ean GPS n\u00e0y v\u00e0 kh\u00e1m ph\u00e1 Cadiz nh\u01b0 ch\u01b0a t\u1eebng c\u00f3!<\/p>\n","protected":false},"excerpt":{"rendered":"<p>\u0110\u1eafm m\u00ecnh v\u00e0o v\u1ebb l\u1ed9ng l\u1eaby ng\u1eadp n\u1eafng c\u1ee7a Cadiz! Lang thang qua m\u1ed9t th\u00e0nh ph\u1ed1 n\u01a1i truy\u1ec1n th\u1ed1ng nh\u1ea3y m\u00faa tr\u00ean nh\u1eefng con ph\u1ed1 l\u00e1t \u0111\u00e1 cu\u1ed9i v\u00e0 nh\u1eefng c\u00e2u chuy\u1ec7n v\u1ec1 vinh quang c\u1ed5 x\u01b0a th\u00ec th\u1ea7m t\u1eeb nh\u1eefng th\u00e0nh l\u0169y \u0111\u01b0\u1ee3c bi\u1ec3n h\u00f4n. Thu th\u1eadp nh\u1eefng b\u00ed \u1ea9n khi b\u1ea1n len l\u1ecfi qua t\u00e2m h\u1ed3n r\u1ea1ng r\u1ee1 c\u1ee7a n\u00f3, Cadiz tr\u00e0n ng\u1eadp nh\u1eefng kh\u00e1m ph\u00e1 \u1edf m\u1ecdi ng\u00f3c ng\u00e1ch!<\/p>\n","protected":false},"featured_media":18273,"template":"","meta":{"_acf_changed":false,"_yoast_wpseo_focuskw":"Secrets of Cadiz","_yoast_wpseo_metadesc":"Secrets of Cadiz. Ch\u01a1i Tr\u00f2 ch\u01a1i Th\u00e0nh ph\u1ed1 t\u1ef1 d\u1eabn v\u00e0 kh\u00e1m ph\u00e1 th\u00e0nh ph\u1ed1 qua c\u00e1c c\u00e2u \u0111\u1ed1, th\u1eed th\u00e1ch v\u00e0 nhi\u1ec7m v\u1ee5. Ch\u01a1i theo t\u1ed1c \u0111\u1ed9 c\u1ee7a ri\u00eang b\u1ea1n v\u00e0 kh\u00e1m ph\u00e1 nh\u01b0 m\u1ed9t ng\u01b0\u1eddi d\u00e2n \u0111\u1ecba ph\u01b0\u01a1ng!","_kad_blocks_custom_css":"","_kad_blocks_head_custom_js":"","_kad_blocks_body_custom_js":"","_kad_blocks_footer_custom_js":"","ghostkit_customizer_options":"","ghostkit_custom_css":"","ghostkit_custom_js_head":"","ghostkit_custom_js_foot":"","ghostkit_typography":"","_kad_post_transparent":"","_kad_post_title":"","_kad_post_layout":"","_kad_post_sidebar_id":"","_kad_post_content_style":"","_kad_post_vertical_padding":"","_kad_post_feature":"","_kad_post_feature_position":"","_kad_post_header":false,"_kad_post_footer":false,"_kad_post_classname":"","_links_to":"","_links_to_target":""},"game-concept":[733],"location":[110],"product_brand":[],"product_cat":[27],"product_tag":[],"class_list":{"0":"post-60148","1":"product","2":"type-product","3":"status-publish","4":"has-post-thumbnail","6":"game-concept-secrets","7":"location-cadiz","8":"product_cat-geen-categorie","10":"first","11":"instock","12":"shipping-taxable","13":"purchasable","14":"product-type-simple","15":"entry","16":"content-bg","17":"loop-entry"},"acf":{"full_bokun_product_name":"Self-Guided Secrets of C\u00e1diz Exploration Game","location_name":"Cadiz","bokun_calendar_widget_code":"<script type=\"text\/javascript\" src=\"https:\/\/widgets.bokun.io\/assets\/javascripts\/apps\/build\/BokunWidgetsLoader.js?bookingChannelUUID=a1e93e96-5232-4734-a595-28405f4b5a31\" async><\/script>\n     \n    <div class=\"bokunWidget\" data-src=\"https:\/\/widgets.bokun.io\/online-sales\/a1e93e96-5232-4734-a595-28405f4b5a31\/experience-calendar\/828179\"><\/div>\n    <noscript>Please enable javascript in your browser to book<\/noscript>","bokun_button_widget_code":"<script type=\"text\/javascript\" src=\"https:\/\/widgets.bokun.io\/assets\/javascripts\/apps\/build\/BokunWidgetsLoader.js?bookingChannelUUID=a1e93e96-5232-4734-a595-28405f4b5a31\" async><\/script>\n      <style> #bokun_ed001e45_5927_4f62_b470_ca766338d083 { display: inline-block; padding: .4em 1em; background: #47b82e; border-radius: 999999px; box-shadow: none; font-weight: 600; font-size: 24px; text-decoration: none; text-align: center; color: #FFFFFF; border:none; cursor: pointer; transition: background .2s ease; } #bokun_ed001e45_5927_4f62_b470_ca766338d083:hover{ background: #2f7b1f; } #bokun_ed001e45_5927_4f62_b470_ca766338d083:active{ background: #378f24; } <\/style> <button class=\"bokunButton\" disabled id=bokun_ed001e45_5927_4f62_b470_ca766338d083 data-src=\"https:\/\/widgets.bokun.io\/online-sales\/a1e93e96-5232-4734-a595-28405f4b5a31\/experience-calendar\/828179?partialView=1\" data-testid=\"widget-book-button\" > Book now <\/button> ","what_you\u2019ll_experience_during_the_game":"Kh\u00e1m ph\u00e1 th\u00e0nh ph\u1ed1 Cadiz quy\u1ebfn r\u0169 qua Tr\u00f2 ch\u01a1i Th\u00e0nh ph\u1ed1 vui nh\u1ed9n v\u00e0 h\u1ea5p d\u1eabn, m\u1ed9t s\u1ef1 k\u1ebft h\u1ee3p ho\u00e0n h\u1ea3o gi\u1eefa tham quan v\u00e0 k\u1ec3 chuy\u1ec7n t\u01b0\u01a1ng t\u00e1c. Tr\u00f2 ch\u01a1i s\u1ebd \u0111\u01b0a b\u1ea1n \u0111\u1ebfn nh\u1eefng g\u00f3c bi\u1ec3u t\u01b0\u1ee3ng c\u0169ng nh\u01b0 \u1ea9n m\u00ecnh c\u1ee7a th\u00e0nh ph\u1ed1, m\u1ed7i n\u01a1i \u0111\u1ec1u \u0111i k\u00e8m v\u1edbi nh\u1eefng c\u00e2u \u0111\u1ed1 v\u00e0 th\u1eed th\u00e1ch k\u00edch th\u00edch, mang l\u1ecbch s\u1eed th\u00e0nh ph\u1ed1 v\u00e0o cu\u1ed9c s\u1ed1ng. Qua h\u00e0nh tr\u00ecnh nh\u1eadp vai n\u00e0y, b\u1ea1n s\u1ebd chi\u00eam ng\u01b0\u1ee1ng ki\u1ebfn tr\u00fac duy\u00ean d\u00e1ng, lang thang qua nh\u1eefng con ph\u1ed1 h\u1eb9p l\u00e1t \u0111\u00e1 cu\u1ed9i v\u00e0 b\u1eaft g\u1eb7p nh\u1eefng qu\u1ea3ng tr\u01b0\u1eddng \u1ea5n t\u01b0\u1ee3ng ph\u1ea3n \u00e1nh v\u0103n h\u00f3a phong ph\u00fa c\u1ee7a Cadiz. Ch\u1eafc ch\u1eafn r\u1eb1ng, tr\u00f2 ch\u01a1i kh\u00e1m ph\u00e1 n\u00e0y mang \u0111\u1ebfn cho b\u1ea1n m\u1ed9t g\u00f3c nh\u00ecn \u0111\u1ed9c \u0111\u00e1o v\u1ec1 th\u00e0nh ph\u1ed1.\n\nKhi ng\u01b0\u1eddi ch\u01a1i \u0111i s\u00e2u h\u01a1n v\u00e0o cu\u1ed9c phi\u00eau l\u01b0u c\u1ee7a m\u00ecnh, h\u1ecd s\u1ebd g\u1eb7p m\u1ed9t lo\u1ea1t c\u00e2u \u0111\u1ed1, th\u1eed th\u00e1ch v\u00e0 th\u1eed th\u00e1ch ch\u1ee5p \u1ea3nh s\u00e1ng t\u1ea1o. M\u1ed7i c\u00e2u \u0111\u1ed1 \u0111\u01b0\u1ee3c gi\u1ea3i kh\u00f4ng ch\u1ec9 mang l\u1ea1i cho b\u1ea1n \u0111i\u1ec3m qu\u00fd gi\u00e1 m\u00e0 c\u00f2n m\u1edf kh\u00f3a g\u1ee3i \u00fd, h\u01b0\u1edbng d\u1eabn b\u1ea1n gi\u1ea3i quy\u1ebft b\u00ed \u1ea9n l\u1edbn. B\u1ea1n ch\u1ecdn t\u1ed1c \u0111\u1ed9 c\u1ee7a m\u00ecnh, t\u1ea1m d\u1eebng khi mu\u1ed1n kh\u00e1m ph\u00e1 l\u00e2u h\u01a1n m\u1ed9t ch\u00fat v\u00e0 ti\u1ebfp t\u1ee5c khi mu\u1ed1n ch\u01a1i ti\u1ebfp. \u0110\u1ed1i v\u1edbi nh\u1eefng ng\u01b0\u1eddi c\u00f3 tinh th\u1ea7n c\u1ea1nh tranh, h\u00e3y nh\u1eafm cao v\u00e0 c\u1ed1 g\u1eafng gi\u00e0nh m\u1ed9t v\u1ecb tr\u00ed n\u1ed5i b\u1eadt tr\u00ean b\u1ea3ng x\u1ebfp h\u1ea1ng. Kh\u00e1m ph\u00e1 nh\u1eefng nh\u1ecbp \u0111i\u1ec7u quy\u1ebfn r\u0169 v\u00e0 b\u00ed m\u1eadt c\u1ee7a Cadiz th\u00f4ng qua Tr\u00f2 ch\u01a1i Th\u00e0nh ph\u1ed1 h\u1ea5p d\u1eabn n\u00e0y. D\u00f9 b\u1ea1n l\u00e0 c\u01b0 d\u00e2n hay du kh\u00e1ch, tr\u1ea3i nghi\u1ec7m nh\u1eadp vai n\u00e0y ch\u1eafc ch\u1eafn s\u1ebd mang l\u1ea1i c\u00e1i nh\u00ecn s\u00e2u s\u1eafc, phong ph\u00fa v\u00e0 h\u1ea5p d\u1eabn v\u1ec1 l\u1ecbch s\u1eed v\u00e0 cu\u1ed9c s\u1ed1ng c\u1ee7a th\u00e0nh ph\u1ed1.","how_to_play":"\u0110\u1eb7t Tr\u00f2 ch\u01a1i Kh\u00e1m ph\u00e1, ki\u1ec3m tra email ch\u00fang t\u00f4i g\u1eedi cho b\u1ea1n v\u1edbi h\u01b0\u1edbng d\u1eabn \u0111\u01a1n gi\u1ea3n, t\u1ea3i \u1ee9ng d\u1ee5ng Loquiz, truy c\u1eadp Tr\u00f2 ch\u01a1i Kh\u00e1m ph\u00e1 v\u00e0 b\u1ea1n \u0111\u00e3 s\u1eb5n s\u00e0ng b\u1eaft \u0111\u1ea7u tr\u1ea3i nghi\u1ec7m tr\u00f2 ch\u01a1i c\u1ee7a m\u00ecnh!","start_location":"Cadiz, Plaza de la Catedral","available_languages":["en"],"players_per_group":"1-4","duration":"1.5-2 hours","image_overlay_color_image":"https:\/\/testwebsite.citygame.com\/wp-content\/blogs.dir\/1\/files\/sites\/62\/2026\/01\/SecretsColor.svg","image_overlay_game_logo":"https:\/\/testwebsite.citygame.com\/wp-content\/blogs.dir\/1\/files\/sites\/62\/2026\/01\/SecretsLogo.png","city_page":13251,"woocommerce_general_content":null},"yoast_head":"<!-- This site is optimized with the Yoast SEO Premium plugin v26.2 (Yoast SEO v26.3) - https:\/\/yoast.com\/wordpress\/plugins\/seo\/ -->\n<title>Secrets of Cadiz - City Game<\/title>\n<meta name=\"description\" content=\"Secrets of Cadiz. Ch\u01a1i Tr\u00f2 ch\u01a1i Th\u00e0nh ph\u1ed1 t\u1ef1 d\u1eabn v\u00e0 kh\u00e1m ph\u00e1 th\u00e0nh ph\u1ed1 qua c\u00e1c c\u00e2u \u0111\u1ed1, th\u1eed th\u00e1ch v\u00e0 nhi\u1ec7m v\u1ee5. Ch\u01a1i theo t\u1ed1c \u0111\u1ed9 c\u1ee7a ri\u00eang b\u1ea1n v\u00e0 kh\u00e1m ph\u00e1 nh\u01b0 m\u1ed9t ng\u01b0\u1eddi d\u00e2n \u0111\u1ecba ph\u01b0\u01a1ng!\" \/>\n<meta name=\"robots\" content=\"noindex, follow, max-snippet:-1, max-image-preview:large, max-video-preview:-1\" \/>\n<meta property=\"og:locale\" content=\"vi_VN\" \/>\n<meta property=\"og:type\" content=\"article\" \/>\n<meta property=\"og:title\" content=\"Secrets of Cadiz\" \/>\n<meta property=\"og:description\" content=\"Secrets of Cadiz. Ch\u01a1i Tr\u00f2 ch\u01a1i Th\u00e0nh ph\u1ed1 t\u1ef1 d\u1eabn v\u00e0 kh\u00e1m ph\u00e1 th\u00e0nh ph\u1ed1 qua c\u00e1c c\u00e2u \u0111\u1ed1, th\u1eed th\u00e1ch v\u00e0 nhi\u1ec7m v\u1ee5. Ch\u01a1i theo t\u1ed1c \u0111\u1ed9 c\u1ee7a ri\u00eang b\u1ea1n v\u00e0 kh\u00e1m ph\u00e1 nh\u01b0 m\u1ed9t ng\u01b0\u1eddi d\u00e2n \u0111\u1ecba ph\u01b0\u01a1ng!\" \/>\n<meta property=\"og:url\" content=\"https:\/\/testwebsite.citygame.com\/vi\/games\/cadiz\/secrets-of-cadiz\/\" \/>\n<meta property=\"og:site_name\" content=\"City Game\" \/>\n<meta property=\"article:publisher\" content=\"https:\/\/www.facebook.com\/profile.php?id=100086426226253\" \/>\n<meta property=\"article:modified_time\" content=\"2026-04-08T05:15:56+00:00\" \/>\n<meta property=\"og:image\" content=\"https:\/\/testwebsite.citygame.com\/wp-content\/blogs.dir\/1\/files\/sites\/62\/2026\/03\/citygame-players-cadiz-cathedral-spain.jpg\" \/>\n\t<meta property=\"og:image:width\" content=\"1024\" \/>\n\t<meta property=\"og:image:height\" content=\"1024\" \/>\n\t<meta property=\"og:image:type\" content=\"image\/jpeg\" \/>\n<meta name=\"twitter:card\" content=\"summary_large_image\" \/>\n<meta name=\"twitter:label1\" content=\"\u01af\u1edbc t\u00ednh th\u1eddi gian \u0111\u1ecdc\" \/>\n\t<meta name=\"twitter:data1\" content=\"1 ph\u00fat\" \/>\n<script type=\"application\/ld+json\" class=\"yoast-schema-graph\">{\"@context\":\"https:\/\/schema.org\",\"@graph\":[{\"@type\":\"WebPage\",\"@id\":\"https:\/\/testwebsite.citygame.com\/vi\/games\/cadiz\/secrets-of-cadiz\/\",\"url\":\"https:\/\/testwebsite.citygame.com\/vi\/games\/cadiz\/secrets-of-cadiz\/\",\"name\":\"Secrets of Cadiz - City Game\",\"isPartOf\":{\"@id\":\"https:\/\/testwebsite.upevents.nl\/#website\"},\"primaryImageOfPage\":{\"@id\":\"https:\/\/testwebsite.citygame.com\/vi\/games\/cadiz\/secrets-of-cadiz\/#primaryimage\"},\"image\":{\"@id\":\"https:\/\/testwebsite.citygame.com\/vi\/games\/cadiz\/secrets-of-cadiz\/#primaryimage\"},\"thumbnailUrl\":\"https:\/\/testwebsite.citygame.com\/wp-content\/blogs.dir\/1\/files\/sites\/62\/2026\/03\/citygame-players-cadiz-cathedral-spain.jpg\",\"datePublished\":\"2026-03-12T14:14:36+00:00\",\"dateModified\":\"2026-04-08T05:15:56+00:00\",\"description\":\"Secrets of Cadiz. Ch\u01a1i Tr\u00f2 ch\u01a1i Th\u00e0nh ph\u1ed1 t\u1ef1 d\u1eabn v\u00e0 kh\u00e1m ph\u00e1 th\u00e0nh ph\u1ed1 qua c\u00e1c c\u00e2u \u0111\u1ed1, th\u1eed th\u00e1ch v\u00e0 nhi\u1ec7m v\u1ee5. Ch\u01a1i theo t\u1ed1c \u0111\u1ed9 c\u1ee7a ri\u00eang b\u1ea1n v\u00e0 kh\u00e1m ph\u00e1 nh\u01b0 m\u1ed9t ng\u01b0\u1eddi d\u00e2n \u0111\u1ecba ph\u01b0\u01a1ng!\",\"breadcrumb\":{\"@id\":\"https:\/\/testwebsite.citygame.com\/vi\/games\/cadiz\/secrets-of-cadiz\/#breadcrumb\"},\"inLanguage\":\"vi\",\"potentialAction\":[{\"@type\":\"ReadAction\",\"target\":[\"https:\/\/testwebsite.citygame.com\/vi\/games\/cadiz\/secrets-of-cadiz\/\"]}]},{\"@type\":\"ImageObject\",\"inLanguage\":\"vi\",\"@id\":\"https:\/\/testwebsite.citygame.com\/vi\/games\/cadiz\/secrets-of-cadiz\/#primaryimage\",\"url\":\"https:\/\/testwebsite.citygame.com\/wp-content\/blogs.dir\/1\/files\/sites\/62\/2026\/03\/citygame-players-cadiz-cathedral-spain.jpg\",\"contentUrl\":\"https:\/\/testwebsite.citygame.com\/wp-content\/blogs.dir\/1\/files\/sites\/62\/2026\/03\/citygame-players-cadiz-cathedral-spain.jpg\",\"width\":1024,\"height\":1024,\"caption\":\"A group of young adults explore the city of Cadiz using a smartphone app.\"},{\"@type\":\"BreadcrumbList\",\"@id\":\"https:\/\/testwebsite.citygame.com\/vi\/games\/cadiz\/secrets-of-cadiz\/#breadcrumb\",\"itemListElement\":[{\"@type\":\"ListItem\",\"position\":1,\"name\":\"Home\",\"item\":\"https:\/\/testwebsite.citygame.com\/vi\/\"},{\"@type\":\"ListItem\",\"position\":2,\"name\":\"Shop\",\"item\":\"https:\/\/testwebsite.citygame.com\/shop\/\"},{\"@type\":\"ListItem\",\"position\":3,\"name\":\"Secrets of Cadiz\"}]},{\"@type\":\"WebSite\",\"@id\":\"https:\/\/testwebsite.upevents.nl\/#website\",\"url\":\"https:\/\/testwebsite.upevents.nl\/\",\"name\":\"City Game\",\"description\":\"\",\"publisher\":{\"@id\":\"https:\/\/testwebsite.upevents.nl\/#organization\"},\"alternateName\":\"citygame.com\",\"potentialAction\":[{\"@type\":\"SearchAction\",\"target\":{\"@type\":\"EntryPoint\",\"urlTemplate\":\"https:\/\/testwebsite.upevents.nl\/?s={search_term_string}\"},\"query-input\":{\"@type\":\"PropertyValueSpecification\",\"valueRequired\":true,\"valueName\":\"search_term_string\"}}],\"inLanguage\":\"vi\"},{\"@type\":[\"Organization\",\"Place\"],\"@id\":\"https:\/\/testwebsite.upevents.nl\/#organization\",\"name\":\"City Game\",\"alternateName\":\"citygame.com\",\"url\":\"https:\/\/testwebsite.upevents.nl\/\",\"logo\":{\"@id\":\"https:\/\/testwebsite.citygame.com\/vi\/games\/cadiz\/secrets-of-cadiz\/#local-main-organization-logo\"},\"image\":{\"@id\":\"https:\/\/testwebsite.citygame.com\/vi\/games\/cadiz\/secrets-of-cadiz\/#local-main-organization-logo\"},\"sameAs\":[\"https:\/\/www.facebook.com\/profile.php?id=100086426226253\",\"https:\/\/www.instagram.com\/citygame_com\",\"https:\/\/www.tiktok.com\/@citygamecom\/\",\"https:\/\/www.linkedin.com\/company\/citygame-com\"],\"description\":\"Turn any city into a playground with our interactive City Games and self-guided tours. Fun, flexible, and ideal for groups and team building.\",\"telephone\":[],\"openingHoursSpecification\":[{\"@type\":\"OpeningHoursSpecification\",\"dayOfWeek\":[\"Monday\",\"Tuesday\",\"Wednesday\",\"Thursday\",\"Friday\",\"Saturday\",\"Sunday\"],\"opens\":\"09:00\",\"closes\":\"17:00\"}]},{\"@type\":\"ImageObject\",\"inLanguage\":\"vi\",\"@id\":\"https:\/\/testwebsite.citygame.com\/vi\/games\/cadiz\/secrets-of-cadiz\/#local-main-organization-logo\",\"url\":\"https:\/\/testwebsite.citygame.com\/wp-content\/blogs.dir\/1\/files\/sites\/62\/2025\/10\/CG_LOGO-City-Game.png\",\"contentUrl\":\"https:\/\/testwebsite.citygame.com\/wp-content\/blogs.dir\/1\/files\/sites\/62\/2025\/10\/CG_LOGO-City-Game.png\",\"width\":351,\"height\":377,\"caption\":\"City Game\"}]}<\/script>\n<!-- \/ Yoast SEO Premium plugin. -->","yoast_head_json":{"title":"Secrets of Cadiz - City Game","description":"Secrets of Cadiz. Ch\u01a1i Tr\u00f2 ch\u01a1i Th\u00e0nh ph\u1ed1 t\u1ef1 d\u1eabn v\u00e0 kh\u00e1m ph\u00e1 th\u00e0nh ph\u1ed1 qua c\u00e1c c\u00e2u \u0111\u1ed1, th\u1eed th\u00e1ch v\u00e0 nhi\u1ec7m v\u1ee5. Ch\u01a1i theo t\u1ed1c \u0111\u1ed9 c\u1ee7a ri\u00eang b\u1ea1n v\u00e0 kh\u00e1m ph\u00e1 nh\u01b0 m\u1ed9t ng\u01b0\u1eddi d\u00e2n \u0111\u1ecba ph\u01b0\u01a1ng!","robots":{"index":"noindex","follow":"follow","max-snippet":"max-snippet:-1","max-image-preview":"max-image-preview:large","max-video-preview":"max-video-preview:-1"},"og_locale":"vi_VN","og_type":"article","og_title":"Secrets of Cadiz","og_description":"Secrets of Cadiz. Ch\u01a1i Tr\u00f2 ch\u01a1i Th\u00e0nh ph\u1ed1 t\u1ef1 d\u1eabn v\u00e0 kh\u00e1m ph\u00e1 th\u00e0nh ph\u1ed1 qua c\u00e1c c\u00e2u \u0111\u1ed1, th\u1eed th\u00e1ch v\u00e0 nhi\u1ec7m v\u1ee5. Ch\u01a1i theo t\u1ed1c \u0111\u1ed9 c\u1ee7a ri\u00eang b\u1ea1n v\u00e0 kh\u00e1m ph\u00e1 nh\u01b0 m\u1ed9t ng\u01b0\u1eddi d\u00e2n \u0111\u1ecba ph\u01b0\u01a1ng!","og_url":"https:\/\/testwebsite.citygame.com\/vi\/games\/cadiz\/secrets-of-cadiz\/","og_site_name":"City Game","article_publisher":"https:\/\/www.facebook.com\/profile.php?id=100086426226253","article_modified_time":"2026-04-08T05:15:56+00:00","og_image":[{"width":1024,"height":1024,"url":"https:\/\/testwebsite.citygame.com\/wp-content\/blogs.dir\/1\/files\/sites\/62\/2026\/03\/citygame-players-cadiz-cathedral-spain.jpg","type":"image\/jpeg"}],"twitter_card":"summary_large_image","twitter_misc":{"\u01af\u1edbc t\u00ednh th\u1eddi gian \u0111\u1ecdc":"1 ph\u00fat"},"schema":{"@context":"https:\/\/schema.org","@graph":[{"@type":"WebPage","@id":"https:\/\/testwebsite.citygame.com\/vi\/games\/cadiz\/secrets-of-cadiz\/","url":"https:\/\/testwebsite.citygame.com\/vi\/games\/cadiz\/secrets-of-cadiz\/","name":"Secrets of Cadiz - City Game","isPartOf":{"@id":"https:\/\/testwebsite.upevents.nl\/#website"},"primaryImageOfPage":{"@id":"https:\/\/testwebsite.citygame.com\/vi\/games\/cadiz\/secrets-of-cadiz\/#primaryimage"},"image":{"@id":"https:\/\/testwebsite.citygame.com\/vi\/games\/cadiz\/secrets-of-cadiz\/#primaryimage"},"thumbnailUrl":"https:\/\/testwebsite.citygame.com\/wp-content\/blogs.dir\/1\/files\/sites\/62\/2026\/03\/citygame-players-cadiz-cathedral-spain.jpg","datePublished":"2026-03-12T14:14:36+00:00","dateModified":"2026-04-08T05:15:56+00:00","description":"Secrets of Cadiz. Ch\u01a1i Tr\u00f2 ch\u01a1i Th\u00e0nh ph\u1ed1 t\u1ef1 d\u1eabn v\u00e0 kh\u00e1m ph\u00e1 th\u00e0nh ph\u1ed1 qua c\u00e1c c\u00e2u \u0111\u1ed1, th\u1eed th\u00e1ch v\u00e0 nhi\u1ec7m v\u1ee5. Ch\u01a1i theo t\u1ed1c \u0111\u1ed9 c\u1ee7a ri\u00eang b\u1ea1n v\u00e0 kh\u00e1m ph\u00e1 nh\u01b0 m\u1ed9t ng\u01b0\u1eddi d\u00e2n \u0111\u1ecba ph\u01b0\u01a1ng!","breadcrumb":{"@id":"https:\/\/testwebsite.citygame.com\/vi\/games\/cadiz\/secrets-of-cadiz\/#breadcrumb"},"inLanguage":"vi","potentialAction":[{"@type":"ReadAction","target":["https:\/\/testwebsite.citygame.com\/vi\/games\/cadiz\/secrets-of-cadiz\/"]}]},{"@type":"ImageObject","inLanguage":"vi","@id":"https:\/\/testwebsite.citygame.com\/vi\/games\/cadiz\/secrets-of-cadiz\/#primaryimage","url":"https:\/\/testwebsite.citygame.com\/wp-content\/blogs.dir\/1\/files\/sites\/62\/2026\/03\/citygame-players-cadiz-cathedral-spain.jpg","contentUrl":"https:\/\/testwebsite.citygame.com\/wp-content\/blogs.dir\/1\/files\/sites\/62\/2026\/03\/citygame-players-cadiz-cathedral-spain.jpg","width":1024,"height":1024,"caption":"A group of young adults explore the city of Cadiz using a smartphone app."},{"@type":"BreadcrumbList","@id":"https:\/\/testwebsite.citygame.com\/vi\/games\/cadiz\/secrets-of-cadiz\/#breadcrumb","itemListElement":[{"@type":"ListItem","position":1,"name":"Home","item":"https:\/\/testwebsite.citygame.com\/vi\/"},{"@type":"ListItem","position":2,"name":"Shop","item":"https:\/\/testwebsite.citygame.com\/shop\/"},{"@type":"ListItem","position":3,"name":"Secrets of Cadiz"}]},{"@type":"WebSite","@id":"https:\/\/testwebsite.upevents.nl\/#website","url":"https:\/\/testwebsite.upevents.nl\/","name":"City Game","description":"","publisher":{"@id":"https:\/\/testwebsite.upevents.nl\/#organization"},"alternateName":"citygame.com","potentialAction":[{"@type":"SearchAction","target":{"@type":"EntryPoint","urlTemplate":"https:\/\/testwebsite.upevents.nl\/?s={search_term_string}"},"query-input":{"@type":"PropertyValueSpecification","valueRequired":true,"valueName":"search_term_string"}}],"inLanguage":"vi"},{"@type":["Organization","Place"],"@id":"https:\/\/testwebsite.upevents.nl\/#organization","name":"City Game","alternateName":"citygame.com","url":"https:\/\/testwebsite.upevents.nl\/","logo":{"@id":"https:\/\/testwebsite.citygame.com\/vi\/games\/cadiz\/secrets-of-cadiz\/#local-main-organization-logo"},"image":{"@id":"https:\/\/testwebsite.citygame.com\/vi\/games\/cadiz\/secrets-of-cadiz\/#local-main-organization-logo"},"sameAs":["https:\/\/www.facebook.com\/profile.php?id=100086426226253","https:\/\/www.instagram.com\/citygame_com","https:\/\/www.tiktok.com\/@citygamecom\/","https:\/\/www.linkedin.com\/company\/citygame-com"],"description":"Turn any city into a playground with our interactive City Games and self-guided tours. Fun, flexible, and ideal for groups and team building.","telephone":[],"openingHoursSpecification":[{"@type":"OpeningHoursSpecification","dayOfWeek":["Monday","Tuesday","Wednesday","Thursday","Friday","Saturday","Sunday"],"opens":"09:00","closes":"17:00"}]},{"@type":"ImageObject","inLanguage":"vi","@id":"https:\/\/testwebsite.citygame.com\/vi\/games\/cadiz\/secrets-of-cadiz\/#local-main-organization-logo","url":"https:\/\/testwebsite.citygame.com\/wp-content\/blogs.dir\/1\/files\/sites\/62\/2025\/10\/CG_LOGO-City-Game.png","contentUrl":"https:\/\/testwebsite.citygame.com\/wp-content\/blogs.dir\/1\/files\/sites\/62\/2025\/10\/CG_LOGO-City-Game.png","width":351,"height":377,"caption":"City Game"}]}},"taxonomy_info":{"game-concept":[{"value":733,"label":"Secrets"}],"location":[{"value":110,"label":"C\u00e1diz"}],"product_cat":[{"value":27,"label":"Geen categorie"}]},"featured_image_src_large":["https:\/\/testwebsite.citygame.com\/wp-content\/blogs.dir\/1\/files\/sites\/62\/2026\/03\/citygame-players-cadiz-cathedral-spain.jpg",1024,1024,false],"author_info":[],"comment_info":"","_links":{"self":[{"href":"https:\/\/testwebsite.citygame.com\/vi\/wp-json\/wp\/v2\/product\/60148","targetHints":{"allow":["GET"]}}],"collection":[{"href":"https:\/\/testwebsite.citygame.com\/vi\/wp-json\/wp\/v2\/product"}],"about":[{"href":"https:\/\/testwebsite.citygame.com\/vi\/wp-json\/wp\/v2\/types\/product"}],"acf:post":[{"embeddable":true,"href":"https:\/\/testwebsite.citygame.com\/vi\/wp-json\/wp\/v2\/pages\/13251"}],"wp:featuredmedia":[{"embeddable":true,"href":"https:\/\/testwebsite.citygame.com\/vi\/wp-json\/wp\/v2\/media\/18273"}],"wp:attachment":[{"href":"https:\/\/testwebsite.citygame.com\/vi\/wp-json\/wp\/v2\/media?parent=60148"}],"wp:term":[{"taxonomy":"game-concept","embeddable":true,"href":"https:\/\/testwebsite.citygame.com\/vi\/wp-json\/wp\/v2\/game-concept?post=60148"},{"taxonomy":"location","embeddable":true,"href":"https:\/\/testwebsite.citygame.com\/vi\/wp-json\/wp\/v2\/location?post=60148"},{"taxonomy":"product_brand","embeddable":true,"href":"https:\/\/testwebsite.citygame.com\/vi\/wp-json\/wp\/v2\/product_brand?post=60148"},{"taxonomy":"product_cat","embeddable":true,"href":"https:\/\/testwebsite.citygame.com\/vi\/wp-json\/wp\/v2\/product_cat?post=60148"},{"taxonomy":"product_tag","embeddable":true,"href":"https:\/\/testwebsite.citygame.com\/vi\/wp-json\/wp\/v2\/product_tag?post=60148"}],"curies":[{"name":"wp","href":"https:\/\/api.w.org\/{rel}","templated":true}]}}