{"id":59382,"date":"2026-02-11T08:07:52","date_gmt":"2026-02-11T08:07:52","guid":{"rendered":"https:\/\/testwebsite.citygame.com\/games\/unknown-location\/sherlock-holmes-funchal\/"},"modified":"2026-04-08T03:55:49","modified_gmt":"2026-04-08T03:55:49","slug":"sherlock-holmes-funchal","status":"publish","type":"product","link":"https:\/\/testwebsite.citygame.com\/vi\/games\/funchal\/sherlock-holmes-funchal\/","title":{"rendered":"Sherlock Holmes Funchal"},"content":{"rendered":"<p>B\u01b0\u1edbc v\u00e0o th\u1ebf gi\u1edbi c\u1ee7a Sherlock Holmes v\u1edbi tr\u00f2 ch\u01a1i City Game t\u1ef1 h\u01b0\u1edbng d\u1eabn, gi\u00e0u c\u1ed1t truy\u1ec7n v\u1ec1 m\u1ed9t v\u1ee5 \u00e1n m\u1ea1ng b\u00ed \u1ea9n, l\u1ea5y b\u1ed1i c\u1ea3nh t\u1ea1i trung t\u00e2m l\u1ecbch s\u1eed c\u1ee7a Funchal. Khi nh\u1eefng con ph\u1ed1 s\u1ea7m u\u1ea5t tr\u1edf th\u00e0nh b\u1ed1i c\u1ea3nh cho cu\u1ed9c \u0111i\u1ec1u tra c\u1ee7a b\u1ea1n, b\u1ea1n s\u1ebd l\u1ea7n theo m\u1ed9t c\u00e2u chuy\u1ec7n \u0111ang d\u1ea7n h\u00e9 m\u1edf li\u00ean quan \u0111\u1ebfn m\u1ed9t v\u1ee5 \u00e1n m\u1ea1ng trong L\u1ec5 h\u1ed9i T\u1ef1 do, thu th\u1eadp manh m\u1ed1i, gi\u1ea3i c\u00e1c c\u00e2u \u0111\u1ed1 kh\u00f3 hi\u1ec3u v\u00e0 th\u1ea9m v\u1ea5n c\u00e1c nghi ph\u1ea1m k\u1ef9 thu\u1eadt s\u1ed1. V\u1edbi s\u1ef1 t\u1ef1 do kh\u00e1m ph\u00e1 theo t\u1ed1c \u0111\u1ed9 c\u1ee7a ri\u00eang b\u1ea1n, tr\u1ea3i nghi\u1ec7m th\u00e1m t\u1eed nh\u1eadp vai n\u00e0y s\u1ebd gi\u00fap b\u1ea1n kh\u00e1m ph\u00e1 nh\u1eefng b\u00ed m\u1eadt \u1ea9n gi\u1ea5u ngay tr\u01b0\u1edbc m\u1eaft khi b\u1ea1n t\u1eeb t\u1eeb h\u00e9 m\u1edf b\u00ed \u1ea9n t\u1eebng b\u01b0\u1edbc m\u1ed9t.<\/p>\n","protected":false},"excerpt":{"rendered":"<p>H\u00f3a th\u00e2n th\u00e0nh th\u00e1m t\u1eed l\u1eebng danh Sherlock Holmes trong tr\u00f2 ch\u01a1i ph\u00e1 \u00e1n b\u00ed \u1ea9n t\u1ef1 h\u01b0\u1edbng d\u1eabn t\u1ea1i Funchal. H\u00e3y s\u1eb5n s\u00e0ng l\u1ea7n theo nh\u1eefng manh m\u1ed1i kh\u00f3 hi\u1ec3u, gi\u1ea3i quy\u1ebft c\u00e1c c\u00e2u \u0111\u1ed1 \u0111\u1ea7y th\u1eed th\u00e1ch v\u00e0 h\u1ee3p t\u00e1c v\u1edbi \u0111\u1ed9i c\u1ee7a b\u1ea1n \u0111\u1ec3 kh\u00e1m ph\u00e1 c\u1ed1t l\u00f5i c\u1ee7a b\u00ed \u1ea9n, nh\u01b0ng h\u00e3y nhanh ch\u00f3ng \u2014 th\u1eddi gian kh\u00f4ng ch\u1edd \u0111\u1ee3i b\u1ea1n!<\/p>\n","protected":false},"featured_media":12345,"template":"","meta":{"_acf_changed":false,"_yoast_wpseo_focuskw":"Sherlock Holmes Funchal","_yoast_wpseo_metadesc":"Sherlock Holmes Funchal. Ch\u01a1i m\u1ed9t tr\u00f2 ch\u01a1i City Game ph\u00e1 \u00e1n b\u00ed \u1ea9n t\u1ef1 h\u01b0\u1edbng d\u1eabn, gi\u1ea3i c\u00e2u \u0111\u1ed1, l\u1ea7n theo manh m\u1ed1i v\u00e0 kh\u00e1m ph\u00e1 hung th\u1ee7 theo t\u1ed1c \u0111\u1ed9 c\u1ee7a ri\u00eang b\u1ea1n!","_kad_blocks_custom_css":"","_kad_blocks_head_custom_js":"","_kad_blocks_body_custom_js":"","_kad_blocks_footer_custom_js":"","ghostkit_customizer_options":"","ghostkit_custom_css":"","ghostkit_custom_js_head":"","ghostkit_custom_js_foot":"","ghostkit_typography":"","_kad_post_transparent":"","_kad_post_title":"","_kad_post_layout":"","_kad_post_sidebar_id":"","_kad_post_content_style":"","_kad_post_vertical_padding":"","_kad_post_feature":"","_kad_post_feature_position":"","_kad_post_header":false,"_kad_post_footer":false,"_kad_post_classname":"","_links_to":"","_links_to_target":""},"game-concept":[794],"location":[169],"product_brand":[],"product_cat":[27],"product_tag":[],"class_list":{"0":"post-59382","1":"product","2":"type-product","3":"status-publish","4":"has-post-thumbnail","6":"game-concept-sherlock","7":"location-funchal","8":"product_cat-geen-categorie","10":"first","11":"instock","12":"shipping-taxable","13":"purchasable","14":"product-type-simple","15":"entry","16":"content-bg","17":"loop-entry"},"acf":{"full_bokun_product_name":"Funchal Self-Guided Sherlock Holmes Murder Mystery Game","location_name":"Funchal","bokun_calendar_widget_code":"<script type=\"text\/javascript\" src=\"https:\/\/widgets.bokun.io\/assets\/javascripts\/apps\/build\/BokunWidgetsLoader.js?bookingChannelUUID=a1e93e96-5232-4734-a595-28405f4b5a31\" async><\/script>\n     \n    <div class=\"bokunWidget\" data-src=\"https:\/\/widgets.bokun.io\/online-sales\/a1e93e96-5232-4734-a595-28405f4b5a31\/experience-calendar\/771771\"><\/div>\n    <noscript>Please enable javascript in your browser to book<\/noscript>","bokun_button_widget_code":"<script type=\"text\/javascript\" src=\"https:\/\/widgets.bokun.io\/assets\/javascripts\/apps\/build\/BokunWidgetsLoader.js?bookingChannelUUID=a1e93e96-5232-4734-a595-28405f4b5a31\" async><\/script>\n      <style> #bokun_ed001e45_5927_4f62_b470_ca766338d083 { display: inline-block; padding: .4em 1em; background: #47b82e; border-radius: 999999px; box-shadow: none; font-weight: 600; font-size: 24px; text-decoration: none; text-align: center; color: #FFFFFF; border:none; cursor: pointer; transition: background .2s ease; } #bokun_ed001e45_5927_4f62_b470_ca766338d083:hover{ background: #2f7b1f; } #bokun_ed001e45_5927_4f62_b470_ca766338d083:active{ background: #378f24; } <\/style> <button class=\"bokunButton\" disabled id=bokun_ed001e45_5927_4f62_b470_ca766338d083 data-src=\"https:\/\/widgets.bokun.io\/online-sales\/a1e93e96-5232-4734-a595-28405f4b5a31\/experience-calendar\/771771?partialView=1\" data-testid=\"widget-book-button\" > Book now <\/button> ","what_you\u2019ll_experience_during_the_game":"B\u1ea1n b\u01b0\u1edbc v\u00e0o m\u1ed9t c\u00e2u chuy\u1ec7n trinh th\u00e1m h\u1ea5p d\u1eabn l\u1ea5y b\u1ed1i c\u1ea3nh t\u1ea1i trung t\u00e2m Funchal, n\u01a1i m\u1ed9t v\u1ee5 \u00e1n m\u1ea1ng trong L\u1ec5 h\u1ed9i T\u1ef1 do \u0111\u00e3 l\u00e0m rung chuy\u1ec3n th\u00e0nh ph\u1ed1. Khi b\u1ea1n di chuy\u1ec3n qua c\u00e1c con ph\u1ed1, b\u00ed \u1ea9n d\u1ea7n h\u00e9 m\u1edf t\u1eebng ch\u00fat m\u1ed9t. M\u1ed7i \u0111\u1ecba \u0111i\u1ec3m s\u1ebd \u0111\u01b0a b\u1ea1n s\u00e2u h\u01a1n v\u00e0o cu\u1ed9c \u0111i\u1ec1u tra, th\u00e1ch th\u1ee9c b\u1ea1n kh\u00e1m ph\u00e1 nh\u1eefng manh m\u1ed1i \u1ea9n gi\u1ea5u, gi\u1ea3i quy\u1ebft c\u00e1c c\u00e2u \u0111\u1ed1 ph\u1ee9c t\u1ea1p v\u00e0 v\u01b0\u1ee3t qua nh\u1eefng t\u00ecnh ti\u1ebft b\u1ea5t ng\u1edd c\u1ea3n tr\u1edf b\u1ea1n \u0111\u1ebfn v\u1edbi s\u1ef1 th\u1eadt.\n\nTr\u00ean \u0111\u01b0\u1eddng \u0111i, b\u1ea1n s\u1ebd th\u1ea9m v\u1ea5n c\u00e1c nghi ph\u1ea1m k\u1ef9 thu\u1eadt s\u1ed1, ph\u00e2n t\u00edch ch\u1ee9ng c\u1ee9 ngo\u1ea1i ph\u1ea1m c\u1ee7a h\u1ecd v\u00e0 x\u00e1c \u0111\u1ecbnh nh\u1eefng m\u00e2u thu\u1eabn c\u00f3 th\u1ec3 gi\u00fap ph\u00e1 v\u1ee1 v\u1ee5 \u00e1n. Kh\u1ea3 n\u0103ng quan s\u00e1t, suy lu\u1eadn v\u00e0 t\u01b0 duy ph\u1ea3n bi\u1ec7n l\u00e0 nh\u1eefng c\u00f4ng c\u1ee5 tuy\u1ec7t v\u1eddi nh\u1ea5t c\u1ee7a b\u1ea1n, h\u01b0\u1edbng d\u1eabn b\u1ea1n qua m\u1ed9t tr\u1ea3i nghi\u1ec7m ho\u00e0n to\u00e0n d\u1ef1a tr\u00ean c\u1ed1t truy\u1ec7n. B\u1ea1n c\u00f3 th\u1ec3 ch\u01a1i theo t\u1ed1c \u0111\u1ed9 c\u1ee7a ri\u00eang m\u00ecnh, t\u1ea1m d\u1eebng v\u00e0 ti\u1ebfp t\u1ee5c b\u1ea5t c\u1ee9 khi n\u00e0o ph\u00f9 h\u1ee3p v\u1edbi l\u1ecbch tr\u00ecnh c\u1ee7a b\u1ea1n. N\u1ebfu b\u1ea1n l\u00e0 m\u1ed9t ph\u1ea7n c\u1ee7a \u0111\u1ed9i, tinh th\u1ea7n c\u1ea1nh tranh c\u00f3 th\u1ec3 l\u00e0m t\u0103ng th\u00eam s\u1ef1 h\u1ea5p d\u1eabn, nh\u01b0ng c\u1ed1t l\u00f5i c\u1ee7a tr\u00f2 ch\u01a1i n\u1eb1m \u1edf vi\u1ec7c kh\u00e1m ph\u00e1 \u0111i\u1ec1u g\u00ec th\u1ef1c s\u1ef1 \u0111\u00e3 x\u1ea3y ra trong \u0111\u00eam \u0111\u1ecbnh m\u1ec7nh \u0111\u00f3 \u1edf Funchal.","how_to_play":"Ch\u01a1i m\u1ed9t m\u00ecnh ho\u1eb7c v\u1edbi b\u1ea1n b\u00e8, gia \u0111\u00ecnh, hay \u0111\u1ed3ng nghi\u1ec7p trong c\u00e1c \u0111\u1ed9i t\u1ed1i \u0111a b\u1ed1n ng\u01b0\u1eddi m\u1ed7i thi\u1ebft b\u1ecb. Sau khi \u0111\u1eb7t ch\u1ed7, b\u1ea1n s\u1ebd nh\u1eadn \u0111\u01b0\u1ee3c email h\u01b0\u1edbng d\u1eabn v\u1edbi m\u1ecdi th\u1ee9 b\u1ea1n c\u1ea7n.","start_location":"Funchal, Jardim Municipal do Funchal","available_languages":["en","nl","it","de","fr","es"],"players_per_group":"1-4","duration":"1.5-2 hours","image_overlay_color_image":"https:\/\/testwebsite.citygame.com\/wp-content\/blogs.dir\/1\/files\/sites\/62\/2026\/01\/SherlockColor.svg","image_overlay_game_logo":"https:\/\/testwebsite.citygame.com\/wp-content\/blogs.dir\/1\/files\/sites\/62\/2026\/01\/SherlockLogo.png","city_page":9037,"woocommerce_general_content":null},"yoast_head":"<!-- This site is optimized with the Yoast SEO Premium plugin v26.2 (Yoast SEO v26.3) - https:\/\/yoast.com\/wordpress\/plugins\/seo\/ -->\n<title>Sherlock Holmes Funchal - City Game<\/title>\n<meta name=\"description\" content=\"Sherlock Holmes Funchal. Ch\u01a1i m\u1ed9t tr\u00f2 ch\u01a1i City Game ph\u00e1 \u00e1n b\u00ed \u1ea9n t\u1ef1 h\u01b0\u1edbng d\u1eabn, gi\u1ea3i c\u00e2u \u0111\u1ed1, l\u1ea7n theo manh m\u1ed1i v\u00e0 kh\u00e1m ph\u00e1 hung th\u1ee7 theo t\u1ed1c \u0111\u1ed9 c\u1ee7a ri\u00eang b\u1ea1n!\" \/>\n<meta name=\"robots\" content=\"noindex, follow, max-snippet:-1, max-image-preview:large, max-video-preview:-1\" \/>\n<meta property=\"og:locale\" content=\"vi_VN\" \/>\n<meta property=\"og:type\" content=\"article\" \/>\n<meta property=\"og:title\" content=\"Sherlock Holmes Funchal\" \/>\n<meta property=\"og:description\" content=\"Sherlock Holmes Funchal. Ch\u01a1i m\u1ed9t tr\u00f2 ch\u01a1i City Game ph\u00e1 \u00e1n b\u00ed \u1ea9n t\u1ef1 h\u01b0\u1edbng d\u1eabn, gi\u1ea3i c\u00e2u \u0111\u1ed1, l\u1ea7n theo manh m\u1ed1i v\u00e0 kh\u00e1m ph\u00e1 hung th\u1ee7 theo t\u1ed1c \u0111\u1ed9 c\u1ee7a ri\u00eang b\u1ea1n!\" \/>\n<meta property=\"og:url\" content=\"https:\/\/testwebsite.citygame.com\/vi\/games\/funchal\/sherlock-holmes-funchal\/\" \/>\n<meta property=\"og:site_name\" content=\"City Game\" \/>\n<meta property=\"article:publisher\" content=\"https:\/\/www.facebook.com\/profile.php?id=100086426226253\" \/>\n<meta property=\"article:modified_time\" content=\"2026-04-08T03:55:49+00:00\" \/>\n<meta property=\"og:image\" content=\"https:\/\/testwebsite.citygame.com\/wp-content\/blogs.dir\/1\/files\/sites\/62\/2026\/02\/group-of-friends-playing-city-game-on-smartphone-funchal.jpg\" \/>\n\t<meta property=\"og:image:width\" content=\"1344\" \/>\n\t<meta property=\"og:image:height\" content=\"768\" \/>\n\t<meta property=\"og:image:type\" content=\"image\/jpeg\" \/>\n<meta name=\"twitter:card\" content=\"summary_large_image\" \/>\n<meta name=\"twitter:label1\" content=\"\u01af\u1edbc t\u00ednh th\u1eddi gian \u0111\u1ecdc\" \/>\n\t<meta name=\"twitter:data1\" content=\"1 ph\u00fat\" \/>\n<script type=\"application\/ld+json\" class=\"yoast-schema-graph\">{\"@context\":\"https:\/\/schema.org\",\"@graph\":[{\"@type\":\"WebPage\",\"@id\":\"https:\/\/testwebsite.citygame.com\/vi\/games\/funchal\/sherlock-holmes-funchal\/\",\"url\":\"https:\/\/testwebsite.citygame.com\/vi\/games\/funchal\/sherlock-holmes-funchal\/\",\"name\":\"Sherlock Holmes Funchal - City Game\",\"isPartOf\":{\"@id\":\"https:\/\/testwebsite.upevents.nl\/#website\"},\"primaryImageOfPage\":{\"@id\":\"https:\/\/testwebsite.citygame.com\/vi\/games\/funchal\/sherlock-holmes-funchal\/#primaryimage\"},\"image\":{\"@id\":\"https:\/\/testwebsite.citygame.com\/vi\/games\/funchal\/sherlock-holmes-funchal\/#primaryimage\"},\"thumbnailUrl\":\"https:\/\/testwebsite.citygame.com\/wp-content\/blogs.dir\/1\/files\/sites\/62\/2026\/02\/group-of-friends-playing-city-game-on-smartphone-funchal.jpg\",\"datePublished\":\"2026-02-11T08:07:52+00:00\",\"dateModified\":\"2026-04-08T03:55:49+00:00\",\"description\":\"Sherlock Holmes Funchal. Ch\u01a1i m\u1ed9t tr\u00f2 ch\u01a1i City Game ph\u00e1 \u00e1n b\u00ed \u1ea9n t\u1ef1 h\u01b0\u1edbng d\u1eabn, gi\u1ea3i c\u00e2u \u0111\u1ed1, l\u1ea7n theo manh m\u1ed1i v\u00e0 kh\u00e1m ph\u00e1 hung th\u1ee7 theo t\u1ed1c \u0111\u1ed9 c\u1ee7a ri\u00eang b\u1ea1n!\",\"breadcrumb\":{\"@id\":\"https:\/\/testwebsite.citygame.com\/vi\/games\/funchal\/sherlock-holmes-funchal\/#breadcrumb\"},\"inLanguage\":\"vi\",\"potentialAction\":[{\"@type\":\"ReadAction\",\"target\":[\"https:\/\/testwebsite.citygame.com\/vi\/games\/funchal\/sherlock-holmes-funchal\/\"]}]},{\"@type\":\"ImageObject\",\"inLanguage\":\"vi\",\"@id\":\"https:\/\/testwebsite.citygame.com\/vi\/games\/funchal\/sherlock-holmes-funchal\/#primaryimage\",\"url\":\"https:\/\/testwebsite.citygame.com\/wp-content\/blogs.dir\/1\/files\/sites\/62\/2026\/02\/group-of-friends-playing-city-game-on-smartphone-funchal.jpg\",\"contentUrl\":\"https:\/\/testwebsite.citygame.com\/wp-content\/blogs.dir\/1\/files\/sites\/62\/2026\/02\/group-of-friends-playing-city-game-on-smartphone-funchal.jpg\",\"width\":1344,\"height\":768,\"caption\":\"A group of friends playing an outdoor discovery game together on a smartphone in Funchal.\"},{\"@type\":\"BreadcrumbList\",\"@id\":\"https:\/\/testwebsite.citygame.com\/vi\/games\/funchal\/sherlock-holmes-funchal\/#breadcrumb\",\"itemListElement\":[{\"@type\":\"ListItem\",\"position\":1,\"name\":\"Home\",\"item\":\"https:\/\/testwebsite.citygame.com\/vi\/\"},{\"@type\":\"ListItem\",\"position\":2,\"name\":\"Shop\",\"item\":\"https:\/\/testwebsite.citygame.com\/shop\/\"},{\"@type\":\"ListItem\",\"position\":3,\"name\":\"Sherlock Holmes Funchal\"}]},{\"@type\":\"WebSite\",\"@id\":\"https:\/\/testwebsite.upevents.nl\/#website\",\"url\":\"https:\/\/testwebsite.upevents.nl\/\",\"name\":\"City Game\",\"description\":\"\",\"publisher\":{\"@id\":\"https:\/\/testwebsite.upevents.nl\/#organization\"},\"alternateName\":\"citygame.com\",\"potentialAction\":[{\"@type\":\"SearchAction\",\"target\":{\"@type\":\"EntryPoint\",\"urlTemplate\":\"https:\/\/testwebsite.upevents.nl\/?s={search_term_string}\"},\"query-input\":{\"@type\":\"PropertyValueSpecification\",\"valueRequired\":true,\"valueName\":\"search_term_string\"}}],\"inLanguage\":\"vi\"},{\"@type\":[\"Organization\",\"Place\"],\"@id\":\"https:\/\/testwebsite.upevents.nl\/#organization\",\"name\":\"City Game\",\"alternateName\":\"citygame.com\",\"url\":\"https:\/\/testwebsite.upevents.nl\/\",\"logo\":{\"@id\":\"https:\/\/testwebsite.citygame.com\/vi\/games\/funchal\/sherlock-holmes-funchal\/#local-main-organization-logo\"},\"image\":{\"@id\":\"https:\/\/testwebsite.citygame.com\/vi\/games\/funchal\/sherlock-holmes-funchal\/#local-main-organization-logo\"},\"sameAs\":[\"https:\/\/www.facebook.com\/profile.php?id=100086426226253\",\"https:\/\/www.instagram.com\/citygame_com\",\"https:\/\/www.tiktok.com\/@citygamecom\/\",\"https:\/\/www.linkedin.com\/company\/citygame-com\"],\"description\":\"Turn any city into a playground with our interactive City Games and self-guided tours. Fun, flexible, and ideal for groups and team building.\",\"telephone\":[],\"openingHoursSpecification\":[{\"@type\":\"OpeningHoursSpecification\",\"dayOfWeek\":[\"Monday\",\"Tuesday\",\"Wednesday\",\"Thursday\",\"Friday\",\"Saturday\",\"Sunday\"],\"opens\":\"09:00\",\"closes\":\"17:00\"}]},{\"@type\":\"ImageObject\",\"inLanguage\":\"vi\",\"@id\":\"https:\/\/testwebsite.citygame.com\/vi\/games\/funchal\/sherlock-holmes-funchal\/#local-main-organization-logo\",\"url\":\"https:\/\/testwebsite.citygame.com\/wp-content\/blogs.dir\/1\/files\/sites\/62\/2025\/10\/CG_LOGO-City-Game.png\",\"contentUrl\":\"https:\/\/testwebsite.citygame.com\/wp-content\/blogs.dir\/1\/files\/sites\/62\/2025\/10\/CG_LOGO-City-Game.png\",\"width\":351,\"height\":377,\"caption\":\"City Game\"}]}<\/script>\n<!-- \/ Yoast SEO Premium plugin. -->","yoast_head_json":{"title":"Sherlock Holmes Funchal - City Game","description":"Sherlock Holmes Funchal. Ch\u01a1i m\u1ed9t tr\u00f2 ch\u01a1i City Game ph\u00e1 \u00e1n b\u00ed \u1ea9n t\u1ef1 h\u01b0\u1edbng d\u1eabn, gi\u1ea3i c\u00e2u \u0111\u1ed1, l\u1ea7n theo manh m\u1ed1i v\u00e0 kh\u00e1m ph\u00e1 hung th\u1ee7 theo t\u1ed1c \u0111\u1ed9 c\u1ee7a ri\u00eang b\u1ea1n!","robots":{"index":"noindex","follow":"follow","max-snippet":"max-snippet:-1","max-image-preview":"max-image-preview:large","max-video-preview":"max-video-preview:-1"},"og_locale":"vi_VN","og_type":"article","og_title":"Sherlock Holmes Funchal","og_description":"Sherlock Holmes Funchal. Ch\u01a1i m\u1ed9t tr\u00f2 ch\u01a1i City Game ph\u00e1 \u00e1n b\u00ed \u1ea9n t\u1ef1 h\u01b0\u1edbng d\u1eabn, gi\u1ea3i c\u00e2u \u0111\u1ed1, l\u1ea7n theo manh m\u1ed1i v\u00e0 kh\u00e1m ph\u00e1 hung th\u1ee7 theo t\u1ed1c \u0111\u1ed9 c\u1ee7a ri\u00eang b\u1ea1n!","og_url":"https:\/\/testwebsite.citygame.com\/vi\/games\/funchal\/sherlock-holmes-funchal\/","og_site_name":"City Game","article_publisher":"https:\/\/www.facebook.com\/profile.php?id=100086426226253","article_modified_time":"2026-04-08T03:55:49+00:00","og_image":[{"width":1344,"height":768,"url":"https:\/\/testwebsite.citygame.com\/wp-content\/blogs.dir\/1\/files\/sites\/62\/2026\/02\/group-of-friends-playing-city-game-on-smartphone-funchal.jpg","type":"image\/jpeg"}],"twitter_card":"summary_large_image","twitter_misc":{"\u01af\u1edbc t\u00ednh th\u1eddi gian \u0111\u1ecdc":"1 ph\u00fat"},"schema":{"@context":"https:\/\/schema.org","@graph":[{"@type":"WebPage","@id":"https:\/\/testwebsite.citygame.com\/vi\/games\/funchal\/sherlock-holmes-funchal\/","url":"https:\/\/testwebsite.citygame.com\/vi\/games\/funchal\/sherlock-holmes-funchal\/","name":"Sherlock Holmes Funchal - City Game","isPartOf":{"@id":"https:\/\/testwebsite.upevents.nl\/#website"},"primaryImageOfPage":{"@id":"https:\/\/testwebsite.citygame.com\/vi\/games\/funchal\/sherlock-holmes-funchal\/#primaryimage"},"image":{"@id":"https:\/\/testwebsite.citygame.com\/vi\/games\/funchal\/sherlock-holmes-funchal\/#primaryimage"},"thumbnailUrl":"https:\/\/testwebsite.citygame.com\/wp-content\/blogs.dir\/1\/files\/sites\/62\/2026\/02\/group-of-friends-playing-city-game-on-smartphone-funchal.jpg","datePublished":"2026-02-11T08:07:52+00:00","dateModified":"2026-04-08T03:55:49+00:00","description":"Sherlock Holmes Funchal. Ch\u01a1i m\u1ed9t tr\u00f2 ch\u01a1i City Game ph\u00e1 \u00e1n b\u00ed \u1ea9n t\u1ef1 h\u01b0\u1edbng d\u1eabn, gi\u1ea3i c\u00e2u \u0111\u1ed1, l\u1ea7n theo manh m\u1ed1i v\u00e0 kh\u00e1m ph\u00e1 hung th\u1ee7 theo t\u1ed1c \u0111\u1ed9 c\u1ee7a ri\u00eang b\u1ea1n!","breadcrumb":{"@id":"https:\/\/testwebsite.citygame.com\/vi\/games\/funchal\/sherlock-holmes-funchal\/#breadcrumb"},"inLanguage":"vi","potentialAction":[{"@type":"ReadAction","target":["https:\/\/testwebsite.citygame.com\/vi\/games\/funchal\/sherlock-holmes-funchal\/"]}]},{"@type":"ImageObject","inLanguage":"vi","@id":"https:\/\/testwebsite.citygame.com\/vi\/games\/funchal\/sherlock-holmes-funchal\/#primaryimage","url":"https:\/\/testwebsite.citygame.com\/wp-content\/blogs.dir\/1\/files\/sites\/62\/2026\/02\/group-of-friends-playing-city-game-on-smartphone-funchal.jpg","contentUrl":"https:\/\/testwebsite.citygame.com\/wp-content\/blogs.dir\/1\/files\/sites\/62\/2026\/02\/group-of-friends-playing-city-game-on-smartphone-funchal.jpg","width":1344,"height":768,"caption":"A group of friends playing an outdoor discovery game together on a smartphone in Funchal."},{"@type":"BreadcrumbList","@id":"https:\/\/testwebsite.citygame.com\/vi\/games\/funchal\/sherlock-holmes-funchal\/#breadcrumb","itemListElement":[{"@type":"ListItem","position":1,"name":"Home","item":"https:\/\/testwebsite.citygame.com\/vi\/"},{"@type":"ListItem","position":2,"name":"Shop","item":"https:\/\/testwebsite.citygame.com\/shop\/"},{"@type":"ListItem","position":3,"name":"Sherlock Holmes Funchal"}]},{"@type":"WebSite","@id":"https:\/\/testwebsite.upevents.nl\/#website","url":"https:\/\/testwebsite.upevents.nl\/","name":"City Game","description":"","publisher":{"@id":"https:\/\/testwebsite.upevents.nl\/#organization"},"alternateName":"citygame.com","potentialAction":[{"@type":"SearchAction","target":{"@type":"EntryPoint","urlTemplate":"https:\/\/testwebsite.upevents.nl\/?s={search_term_string}"},"query-input":{"@type":"PropertyValueSpecification","valueRequired":true,"valueName":"search_term_string"}}],"inLanguage":"vi"},{"@type":["Organization","Place"],"@id":"https:\/\/testwebsite.upevents.nl\/#organization","name":"City Game","alternateName":"citygame.com","url":"https:\/\/testwebsite.upevents.nl\/","logo":{"@id":"https:\/\/testwebsite.citygame.com\/vi\/games\/funchal\/sherlock-holmes-funchal\/#local-main-organization-logo"},"image":{"@id":"https:\/\/testwebsite.citygame.com\/vi\/games\/funchal\/sherlock-holmes-funchal\/#local-main-organization-logo"},"sameAs":["https:\/\/www.facebook.com\/profile.php?id=100086426226253","https:\/\/www.instagram.com\/citygame_com","https:\/\/www.tiktok.com\/@citygamecom\/","https:\/\/www.linkedin.com\/company\/citygame-com"],"description":"Turn any city into a playground with our interactive City Games and self-guided tours. Fun, flexible, and ideal for groups and team building.","telephone":[],"openingHoursSpecification":[{"@type":"OpeningHoursSpecification","dayOfWeek":["Monday","Tuesday","Wednesday","Thursday","Friday","Saturday","Sunday"],"opens":"09:00","closes":"17:00"}]},{"@type":"ImageObject","inLanguage":"vi","@id":"https:\/\/testwebsite.citygame.com\/vi\/games\/funchal\/sherlock-holmes-funchal\/#local-main-organization-logo","url":"https:\/\/testwebsite.citygame.com\/wp-content\/blogs.dir\/1\/files\/sites\/62\/2025\/10\/CG_LOGO-City-Game.png","contentUrl":"https:\/\/testwebsite.citygame.com\/wp-content\/blogs.dir\/1\/files\/sites\/62\/2025\/10\/CG_LOGO-City-Game.png","width":351,"height":377,"caption":"City Game"}]}},"taxonomy_info":{"game-concept":[{"value":794,"label":"Sherlock"}],"location":[{"value":169,"label":"Funchal"}],"product_cat":[{"value":27,"label":"Geen categorie"}]},"featured_image_src_large":["https:\/\/testwebsite.citygame.com\/wp-content\/blogs.dir\/1\/files\/sites\/62\/2026\/02\/group-of-friends-playing-city-game-on-smartphone-funchal-1024x585.jpg",1024,585,true],"author_info":[],"comment_info":"","_links":{"self":[{"href":"https:\/\/testwebsite.citygame.com\/vi\/wp-json\/wp\/v2\/product\/59382","targetHints":{"allow":["GET"]}}],"collection":[{"href":"https:\/\/testwebsite.citygame.com\/vi\/wp-json\/wp\/v2\/product"}],"about":[{"href":"https:\/\/testwebsite.citygame.com\/vi\/wp-json\/wp\/v2\/types\/product"}],"acf:post":[{"embeddable":true,"href":"https:\/\/testwebsite.citygame.com\/vi\/wp-json\/wp\/v2\/pages\/9037"}],"wp:featuredmedia":[{"embeddable":true,"href":"https:\/\/testwebsite.citygame.com\/vi\/wp-json\/wp\/v2\/media\/12345"}],"wp:attachment":[{"href":"https:\/\/testwebsite.citygame.com\/vi\/wp-json\/wp\/v2\/media?parent=59382"}],"wp:term":[{"taxonomy":"game-concept","embeddable":true,"href":"https:\/\/testwebsite.citygame.com\/vi\/wp-json\/wp\/v2\/game-concept?post=59382"},{"taxonomy":"location","embeddable":true,"href":"https:\/\/testwebsite.citygame.com\/vi\/wp-json\/wp\/v2\/location?post=59382"},{"taxonomy":"product_brand","embeddable":true,"href":"https:\/\/testwebsite.citygame.com\/vi\/wp-json\/wp\/v2\/product_brand?post=59382"},{"taxonomy":"product_cat","embeddable":true,"href":"https:\/\/testwebsite.citygame.com\/vi\/wp-json\/wp\/v2\/product_cat?post=59382"},{"taxonomy":"product_tag","embeddable":true,"href":"https:\/\/testwebsite.citygame.com\/vi\/wp-json\/wp\/v2\/product_tag?post=59382"}],"curies":[{"name":"wp","href":"https:\/\/api.w.org\/{rel}","templated":true}]}}