{"id":59261,"date":"2026-02-11T07:50:59","date_gmt":"2026-02-11T07:50:59","guid":{"rendered":"https:\/\/testwebsite.citygame.com\/games\/unknown-location\/sherlock-holmes-terneuzen\/"},"modified":"2026-04-08T03:43:24","modified_gmt":"2026-04-08T03:43:24","slug":"sherlock-holmes-terneuzen","status":"publish","type":"product","link":"https:\/\/testwebsite.citygame.com\/vi\/games\/terneuzen\/sherlock-holmes-terneuzen\/","title":{"rendered":"Sherlock Holmes Terneuzen"},"content":{"rendered":"<p>B\u01b0\u1edbc v\u00e0o th\u1ebf gi\u1edbi c\u1ee7a Sherlock Holmes t\u1ea1i trung t\u00e2m th\u00e0nh ph\u1ed1 Terneuzen, n\u01a1i m\u1ed9t v\u1ee5 \u00e1n m\u1ea1ng b\u00ed \u1ea9n, t\u1ef1 h\u01b0\u1edbng d\u1eabn v\u00e0 \u0111\u1eadm ch\u1ea5t c\u00e2u chuy\u1ec7n \u0111ang ch\u1edd \u0111\u1ee3i. Khi s\u1ef1 y\u00ean b\u00ecnh c\u1ee7a L\u1ec5 h\u1ed9i T\u1ef1 do b\u1ecb ph\u00e1 v\u1ee1 b\u1edfi m\u1ed9t t\u1ed9i \u00e1c b\u1ea5t ng\u1edd, b\u1ea1n s\u1ebd \u0111\u00f3ng vai th\u00e1m t\u1eed, \u0111i\u1ec1u h\u01b0\u1edbng qua c\u00e1c con ph\u1ed1 \u0111\u1ec3 theo d\u00f5i m\u1ed9t cu\u1ed9c \u0111i\u1ec1u tra \u0111ang di\u1ec5n ra. Thu th\u1eadp manh m\u1ed1i, gi\u1ea3i c\u00e1c c\u00e2u \u0111\u1ed1 ph\u1ee9c t\u1ea1p v\u00e0 th\u1ea9m v\u1ea5n c\u00e1c nghi ph\u1ea1m k\u1ef9 thu\u1eadt s\u1ed1 theo t\u1ed1c \u0111\u1ed9 c\u1ee7a ri\u00eang b\u1ea1n, \u0111\u1ed3ng th\u1eddi \u0111\u1eafm m\u00ecnh v\u00e0o m\u1ed9t v\u1ee5 \u00e1n h\u1ea5p d\u1eabn x\u1ee9ng t\u1ea7m v\u1edbi ch\u00ednh Holmes.<\/p>\n","protected":false},"excerpt":{"rendered":"<p>B\u01b0\u1edbc v\u00e0o vai th\u00e1m t\u1eed Sherlock Holmes \u0111\u1ea7y h\u1ea5p d\u1eabn trong tr\u00f2 ch\u01a1i gi\u1ea3i m\u00e3 \u00e1n m\u1ea1ng t\u1ef1 h\u01b0\u1edbng d\u1eabn n\u00e0y t\u1ea1i Terneuzen. Th\u00f4ng qua vi\u1ec7c gi\u1ea3i \u0111\u1ed1, t\u00ecm manh m\u1ed1i v\u00e0 l\u00e0m vi\u1ec7c nh\u00f3m, b\u1ea1n s\u1ebd nhanh ch\u00f3ng kh\u00e1m ph\u00e1 s\u1ef1 th\u1eadt r\u1ee3n ng\u01b0\u1eddi, bi\u1ebfn t\u1eebng kho\u1ea3nh kh\u1eafc th\u00e0nh m\u1ed9t cu\u1ed9c truy l\u00f9ng tr\u00ed tu\u1ec7 v\u00e0 s\u1ef1 kh\u00f4n ngoan \u0111\u1ea7y k\u1ecbch t\u00ednh!<\/p>\n","protected":false},"featured_media":12334,"template":"","meta":{"_acf_changed":false,"_yoast_wpseo_focuskw":"Sherlock Holmes Terneuzen","_yoast_wpseo_metadesc":"Sherlock Holmes Terneuzen. Ch\u01a1i m\u1ed9t tr\u00f2 ch\u01a1i th\u00e0nh ph\u1ed1 gi\u1ea3i m\u00e3 \u00e1n m\u1ea1ng t\u1ef1 h\u01b0\u1edbng d\u1eabn, gi\u1ea3i c\u00e1c c\u00e2u \u0111\u1ed1, theo d\u00f5i manh m\u1ed1i v\u00e0 kh\u00e1m ph\u00e1 hung th\u1ee7 theo t\u1ed1c \u0111\u1ed9 c\u1ee7a ri\u00eang b\u1ea1n!","_kad_blocks_custom_css":"","_kad_blocks_head_custom_js":"","_kad_blocks_body_custom_js":"","_kad_blocks_footer_custom_js":"","ghostkit_customizer_options":"","ghostkit_custom_css":"","ghostkit_custom_js_head":"","ghostkit_custom_js_foot":"","ghostkit_typography":"","_kad_post_transparent":"","_kad_post_title":"","_kad_post_layout":"","_kad_post_sidebar_id":"","_kad_post_content_style":"","_kad_post_vertical_padding":"","_kad_post_feature":"","_kad_post_feature_position":"","_kad_post_header":false,"_kad_post_footer":false,"_kad_post_classname":"","_links_to":"","_links_to_target":""},"game-concept":[794],"location":[389],"product_brand":[],"product_cat":[27],"product_tag":[],"class_list":{"0":"post-59261","1":"product","2":"type-product","3":"status-publish","4":"has-post-thumbnail","6":"game-concept-sherlock","7":"location-terneuzen","8":"product_cat-geen-categorie","10":"first","11":"instock","12":"shipping-taxable","13":"purchasable","14":"product-type-simple","15":"entry","16":"content-bg","17":"loop-entry"},"acf":{"full_bokun_product_name":"Terneuzen Self-Guided Sherlock Holmes Murder Mystery Game","location_name":"Terneuzen","bokun_calendar_widget_code":"<script type=\"text\/javascript\" src=\"https:\/\/widgets.bokun.io\/assets\/javascripts\/apps\/build\/BokunWidgetsLoader.js?bookingChannelUUID=a1e93e96-5232-4734-a595-28405f4b5a31\" async><\/script>\n     \n    <div class=\"bokunWidget\" data-src=\"https:\/\/widgets.bokun.io\/online-sales\/a1e93e96-5232-4734-a595-28405f4b5a31\/experience-calendar\/771764\"><\/div>\n    <noscript>Please enable javascript in your browser to book<\/noscript>","bokun_button_widget_code":"<script type=\"text\/javascript\" src=\"https:\/\/widgets.bokun.io\/assets\/javascripts\/apps\/build\/BokunWidgetsLoader.js?bookingChannelUUID=a1e93e96-5232-4734-a595-28405f4b5a31\" async><\/script>\n      <style> #bokun_ed001e45_5927_4f62_b470_ca766338d083 { display: inline-block; padding: .4em 1em; background: #47b82e; border-radius: 999999px; box-shadow: none; font-weight: 600; font-size: 24px; text-decoration: none; text-align: center; color: #FFFFFF; border:none; cursor: pointer; transition: background .2s ease; } #bokun_ed001e45_5927_4f62_b470_ca766338d083:hover{ background: #2f7b1f; } #bokun_ed001e45_5927_4f62_b470_ca766338d083:active{ background: #378f24; } <\/style> <button class=\"bokunButton\" disabled id=bokun_ed001e45_5927_4f62_b470_ca766338d083 data-src=\"https:\/\/widgets.bokun.io\/online-sales\/a1e93e96-5232-4734-a595-28405f4b5a31\/experience-calendar\/771764?partialView=1\" data-testid=\"widget-book-button\" > Book now <\/button> ","what_you\u2019ll_experience_during_the_game":"B\u1ea1n b\u01b0\u1edbc v\u00e0o m\u1ed9t c\u00e2u chuy\u1ec7n trinh th\u00e1m h\u1ea5p d\u1eabn l\u1ea5y b\u1ed1i c\u1ea3nh Terneuzen, n\u01a1i m\u1ed9t v\u1ee5 \u00e1n m\u1ea1ng b\u00ed \u1ea9n trong L\u1ec5 h\u1ed9i T\u1ef1 do \u0111\u00e3 l\u00e0m rung chuy\u1ec3n th\u00e0nh ph\u1ed1. Khi cu\u1ed9c \u0111i\u1ec1u tra di\u1ec5n ra, b\u1ea1n s\u1ebd di chuy\u1ec3n qua c\u00e1c con ph\u1ed1 theo d\u1ea5u v\u1ebft b\u1eb1ng ch\u1ee9ng, th\u1eed th\u00e1ch tr\u00ed \u00f3c v\u00e0 m\u00e0i gi\u0169a b\u1ea3n n\u0103ng c\u1ee7a m\u00ecnh. M\u1ed7i \u0111\u1ecba \u0111i\u1ec3m ti\u1ebft l\u1ed9 nh\u1eefng m\u1ea3nh gh\u00e9p m\u1edbi, \u0111\u01b0a b\u1ea1n l\u00fan s\u00e2u h\u01a1n v\u00e0o m\u1ea1ng l\u01b0\u1edbi b\u00ed m\u1eadt, \u0111\u1ed9ng c\u01a1 \u1ea9n gi\u1ea5u v\u00e0 nh\u1eefng b\u01b0\u1edbc ngo\u1eb7t b\u1ea5t ng\u1edd. B\u1ea1n s\u1ebd th\u1ea9m v\u1ea5n c\u00e1c nghi ph\u1ea1m k\u1ef9 thu\u1eadt s\u1ed1, ph\u00e2n t\u00edch c\u00e1c b\u1eb1ng ch\u1ee9ng ngo\u1ea1i ph\u1ea1m m\u00e2u thu\u1eabn v\u00e0 t\u00ecm ki\u1ebfm nh\u1eefng \u0111i\u1ec3m kh\u00f4ng nh\u1ea5t qu\u00e1n c\u00f3 th\u1ec3 l\u00e0m s\u00e1ng t\u1ecf v\u1ee5 \u00e1n.\n\nTr\u1ea3i nghi\u1ec7m ho\u00e0n to\u00e0n theo c\u1ed1t truy\u1ec7n n\u00e0y ki\u1ec3m tra kh\u1ea3 n\u0103ng quan s\u00e1t, suy lu\u1eadn v\u00e0 t\u01b0 duy ph\u1ea3n bi\u1ec7n c\u1ee7a b\u1ea1n \u1edf m\u1ecdi b\u01b0\u1edbc. C\u00e1c manh m\u1ed1i kh\u00f4ng bao gi\u1edd \u0111\u01b0\u1ee3c trao s\u1eb5n cho b\u1ea1n, v\u00e0 s\u1ef1 th\u1eadt ph\u1ea3i \u0111\u01b0\u1ee3c kh\u00e1m ph\u00e1 th\u00f4ng qua ph\u00e2n t\u00edch c\u1ea9n th\u1eadn v\u00e0 c\u00e1c quy\u1ebft \u0111\u1ecbnh th\u00f4ng minh. B\u1ea1n ki\u1ec3m so\u00e1t t\u1ed1c \u0111\u1ed9, ch\u1ecdn th\u1eddi \u0111i\u1ec3m t\u1ea1m d\u1eebng ho\u1eb7c ti\u1ebfp t\u1ee5c, cho ph\u00e9p m\u1ed9t h\u00e0nh tr\u00ecnh \u0111\u01b0\u1ee3c \u0111i\u1ec1u ch\u1ec9nh v\u00e0 chu \u0111\u00e1o. D\u00f9 gi\u1ea3i quy\u1ebft m\u1ed9t m\u00ecnh hay thi \u0111\u1ea5u v\u1edbi c\u00e1c \u0111\u1ed9i kh\u00e1c \u0111\u1ec3 t\u00ecm ra b\u1ed9 \u00f3c s\u1eafc b\u00e9n nh\u1ea5t, vai tr\u00f2 c\u1ee7a b\u1ea1n trong v\u1ee5 \u00e1n b\u00ed \u1ea9n l\u00e0 r\u1ea5t quan tr\u1ecdng. T\u1ea1i Terneuzen, ranh gi\u1edbi gi\u1eefa h\u01b0 c\u1ea5u v\u00e0 \u0111i\u1ec1u tra l\u00e0 c\u1ee7a b\u1ea1n \u0111\u1ec3 v\u01b0\u1ee3t qua.","how_to_play":"Ch\u01a1i m\u1ed9t m\u00ecnh ho\u1eb7c v\u1edbi b\u1ea1n b\u00e8, gia \u0111\u00ecnh, hay \u0111\u1ed3ng nghi\u1ec7p trong c\u00e1c \u0111\u1ed9i t\u1ed1i \u0111a b\u1ed1n ng\u01b0\u1eddi m\u1ed7i thi\u1ebft b\u1ecb. Sau khi \u0111\u1eb7t ch\u1ed7, b\u1ea1n s\u1ebd nh\u1eadn \u0111\u01b0\u1ee3c email h\u01b0\u1edbng d\u1eabn v\u1edbi m\u1ecdi th\u1ee9 b\u1ea1n c\u1ea7n.","start_location":"Stadhuis Terneuzen","available_languages":["en","es","fr","de","it","nl"],"players_per_group":"1-4","duration":"1.5-2 hours","image_overlay_color_image":"https:\/\/testwebsite.citygame.com\/wp-content\/blogs.dir\/1\/files\/sites\/62\/2026\/01\/SherlockColor.svg","image_overlay_game_logo":"https:\/\/testwebsite.citygame.com\/wp-content\/blogs.dir\/1\/files\/sites\/62\/2026\/01\/SherlockLogo.png","city_page":4551,"woocommerce_general_content":null},"yoast_head":"<!-- This site is optimized with the Yoast SEO Premium plugin v26.2 (Yoast SEO v26.3) - https:\/\/yoast.com\/wordpress\/plugins\/seo\/ -->\n<title>Sherlock Holmes Terneuzen - City Game<\/title>\n<meta name=\"description\" content=\"Sherlock Holmes Terneuzen. Ch\u01a1i m\u1ed9t tr\u00f2 ch\u01a1i th\u00e0nh ph\u1ed1 gi\u1ea3i m\u00e3 \u00e1n m\u1ea1ng t\u1ef1 h\u01b0\u1edbng d\u1eabn, gi\u1ea3i c\u00e1c c\u00e2u \u0111\u1ed1, theo d\u00f5i manh m\u1ed1i v\u00e0 kh\u00e1m ph\u00e1 hung th\u1ee7 theo t\u1ed1c \u0111\u1ed9 c\u1ee7a ri\u00eang b\u1ea1n!\" \/>\n<meta name=\"robots\" content=\"noindex, follow, max-snippet:-1, max-image-preview:large, max-video-preview:-1\" \/>\n<meta property=\"og:locale\" content=\"vi_VN\" \/>\n<meta property=\"og:type\" content=\"article\" \/>\n<meta property=\"og:title\" content=\"Sherlock Holmes Terneuzen\" \/>\n<meta property=\"og:description\" content=\"Sherlock Holmes Terneuzen. Ch\u01a1i m\u1ed9t tr\u00f2 ch\u01a1i th\u00e0nh ph\u1ed1 gi\u1ea3i m\u00e3 \u00e1n m\u1ea1ng t\u1ef1 h\u01b0\u1edbng d\u1eabn, gi\u1ea3i c\u00e1c c\u00e2u \u0111\u1ed1, theo d\u00f5i manh m\u1ed1i v\u00e0 kh\u00e1m ph\u00e1 hung th\u1ee7 theo t\u1ed1c \u0111\u1ed9 c\u1ee7a ri\u00eang b\u1ea1n!\" \/>\n<meta property=\"og:url\" content=\"https:\/\/testwebsite.citygame.com\/vi\/games\/terneuzen\/sherlock-holmes-terneuzen\/\" \/>\n<meta property=\"og:site_name\" content=\"City Game\" \/>\n<meta property=\"article:publisher\" content=\"https:\/\/www.facebook.com\/profile.php?id=100086426226253\" \/>\n<meta property=\"article:modified_time\" content=\"2026-04-08T03:43:24+00:00\" \/>\n<meta property=\"og:image\" content=\"https:\/\/testwebsite.citygame.com\/wp-content\/blogs.dir\/1\/files\/sites\/62\/2026\/02\/group-of-friends-playing-city-game-on-phone-terneuzen.jpg\" \/>\n\t<meta property=\"og:image:width\" content=\"1344\" \/>\n\t<meta property=\"og:image:height\" content=\"768\" \/>\n\t<meta property=\"og:image:type\" content=\"image\/jpeg\" \/>\n<meta name=\"twitter:card\" content=\"summary_large_image\" \/>\n<meta name=\"twitter:label1\" content=\"\u01af\u1edbc t\u00ednh th\u1eddi gian \u0111\u1ecdc\" \/>\n\t<meta name=\"twitter:data1\" content=\"1 ph\u00fat\" \/>\n<script type=\"application\/ld+json\" class=\"yoast-schema-graph\">{\"@context\":\"https:\/\/schema.org\",\"@graph\":[{\"@type\":\"WebPage\",\"@id\":\"https:\/\/testwebsite.citygame.com\/vi\/games\/terneuzen\/sherlock-holmes-terneuzen\/\",\"url\":\"https:\/\/testwebsite.citygame.com\/vi\/games\/terneuzen\/sherlock-holmes-terneuzen\/\",\"name\":\"Sherlock Holmes Terneuzen - City Game\",\"isPartOf\":{\"@id\":\"https:\/\/testwebsite.upevents.nl\/#website\"},\"primaryImageOfPage\":{\"@id\":\"https:\/\/testwebsite.citygame.com\/vi\/games\/terneuzen\/sherlock-holmes-terneuzen\/#primaryimage\"},\"image\":{\"@id\":\"https:\/\/testwebsite.citygame.com\/vi\/games\/terneuzen\/sherlock-holmes-terneuzen\/#primaryimage\"},\"thumbnailUrl\":\"https:\/\/testwebsite.citygame.com\/wp-content\/blogs.dir\/1\/files\/sites\/62\/2026\/02\/group-of-friends-playing-city-game-on-phone-terneuzen.jpg\",\"datePublished\":\"2026-02-11T07:50:59+00:00\",\"dateModified\":\"2026-04-08T03:43:24+00:00\",\"description\":\"Sherlock Holmes Terneuzen. Ch\u01a1i m\u1ed9t tr\u00f2 ch\u01a1i th\u00e0nh ph\u1ed1 gi\u1ea3i m\u00e3 \u00e1n m\u1ea1ng t\u1ef1 h\u01b0\u1edbng d\u1eabn, gi\u1ea3i c\u00e1c c\u00e2u \u0111\u1ed1, theo d\u00f5i manh m\u1ed1i v\u00e0 kh\u00e1m ph\u00e1 hung th\u1ee7 theo t\u1ed1c \u0111\u1ed9 c\u1ee7a ri\u00eang b\u1ea1n!\",\"breadcrumb\":{\"@id\":\"https:\/\/testwebsite.citygame.com\/vi\/games\/terneuzen\/sherlock-holmes-terneuzen\/#breadcrumb\"},\"inLanguage\":\"vi\",\"potentialAction\":[{\"@type\":\"ReadAction\",\"target\":[\"https:\/\/testwebsite.citygame.com\/vi\/games\/terneuzen\/sherlock-holmes-terneuzen\/\"]}]},{\"@type\":\"ImageObject\",\"inLanguage\":\"vi\",\"@id\":\"https:\/\/testwebsite.citygame.com\/vi\/games\/terneuzen\/sherlock-holmes-terneuzen\/#primaryimage\",\"url\":\"https:\/\/testwebsite.citygame.com\/wp-content\/blogs.dir\/1\/files\/sites\/62\/2026\/02\/group-of-friends-playing-city-game-on-phone-terneuzen.jpg\",\"contentUrl\":\"https:\/\/testwebsite.citygame.com\/wp-content\/blogs.dir\/1\/files\/sites\/62\/2026\/02\/group-of-friends-playing-city-game-on-phone-terneuzen.jpg\",\"width\":1344,\"height\":768,\"caption\":\"A group of friends gathered together on a city street, looking at a game on a phone.\"},{\"@type\":\"BreadcrumbList\",\"@id\":\"https:\/\/testwebsite.citygame.com\/vi\/games\/terneuzen\/sherlock-holmes-terneuzen\/#breadcrumb\",\"itemListElement\":[{\"@type\":\"ListItem\",\"position\":1,\"name\":\"Home\",\"item\":\"https:\/\/testwebsite.citygame.com\/vi\/\"},{\"@type\":\"ListItem\",\"position\":2,\"name\":\"Shop\",\"item\":\"https:\/\/testwebsite.citygame.com\/shop\/\"},{\"@type\":\"ListItem\",\"position\":3,\"name\":\"Sherlock Holmes Terneuzen\"}]},{\"@type\":\"WebSite\",\"@id\":\"https:\/\/testwebsite.upevents.nl\/#website\",\"url\":\"https:\/\/testwebsite.upevents.nl\/\",\"name\":\"City Game\",\"description\":\"\",\"publisher\":{\"@id\":\"https:\/\/testwebsite.upevents.nl\/#organization\"},\"alternateName\":\"citygame.com\",\"potentialAction\":[{\"@type\":\"SearchAction\",\"target\":{\"@type\":\"EntryPoint\",\"urlTemplate\":\"https:\/\/testwebsite.upevents.nl\/?s={search_term_string}\"},\"query-input\":{\"@type\":\"PropertyValueSpecification\",\"valueRequired\":true,\"valueName\":\"search_term_string\"}}],\"inLanguage\":\"vi\"},{\"@type\":[\"Organization\",\"Place\"],\"@id\":\"https:\/\/testwebsite.upevents.nl\/#organization\",\"name\":\"City Game\",\"alternateName\":\"citygame.com\",\"url\":\"https:\/\/testwebsite.upevents.nl\/\",\"logo\":{\"@id\":\"https:\/\/testwebsite.citygame.com\/vi\/games\/terneuzen\/sherlock-holmes-terneuzen\/#local-main-organization-logo\"},\"image\":{\"@id\":\"https:\/\/testwebsite.citygame.com\/vi\/games\/terneuzen\/sherlock-holmes-terneuzen\/#local-main-organization-logo\"},\"sameAs\":[\"https:\/\/www.facebook.com\/profile.php?id=100086426226253\",\"https:\/\/www.instagram.com\/citygame_com\",\"https:\/\/www.tiktok.com\/@citygamecom\/\",\"https:\/\/www.linkedin.com\/company\/citygame-com\"],\"description\":\"Turn any city into a playground with our interactive City Games and self-guided tours. Fun, flexible, and ideal for groups and team building.\",\"telephone\":[],\"openingHoursSpecification\":[{\"@type\":\"OpeningHoursSpecification\",\"dayOfWeek\":[\"Monday\",\"Tuesday\",\"Wednesday\",\"Thursday\",\"Friday\",\"Saturday\",\"Sunday\"],\"opens\":\"09:00\",\"closes\":\"17:00\"}]},{\"@type\":\"ImageObject\",\"inLanguage\":\"vi\",\"@id\":\"https:\/\/testwebsite.citygame.com\/vi\/games\/terneuzen\/sherlock-holmes-terneuzen\/#local-main-organization-logo\",\"url\":\"https:\/\/testwebsite.citygame.com\/wp-content\/blogs.dir\/1\/files\/sites\/62\/2025\/10\/CG_LOGO-City-Game.png\",\"contentUrl\":\"https:\/\/testwebsite.citygame.com\/wp-content\/blogs.dir\/1\/files\/sites\/62\/2025\/10\/CG_LOGO-City-Game.png\",\"width\":351,\"height\":377,\"caption\":\"City Game\"}]}<\/script>\n<!-- \/ Yoast SEO Premium plugin. -->","yoast_head_json":{"title":"Sherlock Holmes Terneuzen - City Game","description":"Sherlock Holmes Terneuzen. Ch\u01a1i m\u1ed9t tr\u00f2 ch\u01a1i th\u00e0nh ph\u1ed1 gi\u1ea3i m\u00e3 \u00e1n m\u1ea1ng t\u1ef1 h\u01b0\u1edbng d\u1eabn, gi\u1ea3i c\u00e1c c\u00e2u \u0111\u1ed1, theo d\u00f5i manh m\u1ed1i v\u00e0 kh\u00e1m ph\u00e1 hung th\u1ee7 theo t\u1ed1c \u0111\u1ed9 c\u1ee7a ri\u00eang b\u1ea1n!","robots":{"index":"noindex","follow":"follow","max-snippet":"max-snippet:-1","max-image-preview":"max-image-preview:large","max-video-preview":"max-video-preview:-1"},"og_locale":"vi_VN","og_type":"article","og_title":"Sherlock Holmes Terneuzen","og_description":"Sherlock Holmes Terneuzen. Ch\u01a1i m\u1ed9t tr\u00f2 ch\u01a1i th\u00e0nh ph\u1ed1 gi\u1ea3i m\u00e3 \u00e1n m\u1ea1ng t\u1ef1 h\u01b0\u1edbng d\u1eabn, gi\u1ea3i c\u00e1c c\u00e2u \u0111\u1ed1, theo d\u00f5i manh m\u1ed1i v\u00e0 kh\u00e1m ph\u00e1 hung th\u1ee7 theo t\u1ed1c \u0111\u1ed9 c\u1ee7a ri\u00eang b\u1ea1n!","og_url":"https:\/\/testwebsite.citygame.com\/vi\/games\/terneuzen\/sherlock-holmes-terneuzen\/","og_site_name":"City Game","article_publisher":"https:\/\/www.facebook.com\/profile.php?id=100086426226253","article_modified_time":"2026-04-08T03:43:24+00:00","og_image":[{"width":1344,"height":768,"url":"https:\/\/testwebsite.citygame.com\/wp-content\/blogs.dir\/1\/files\/sites\/62\/2026\/02\/group-of-friends-playing-city-game-on-phone-terneuzen.jpg","type":"image\/jpeg"}],"twitter_card":"summary_large_image","twitter_misc":{"\u01af\u1edbc t\u00ednh th\u1eddi gian \u0111\u1ecdc":"1 ph\u00fat"},"schema":{"@context":"https:\/\/schema.org","@graph":[{"@type":"WebPage","@id":"https:\/\/testwebsite.citygame.com\/vi\/games\/terneuzen\/sherlock-holmes-terneuzen\/","url":"https:\/\/testwebsite.citygame.com\/vi\/games\/terneuzen\/sherlock-holmes-terneuzen\/","name":"Sherlock Holmes Terneuzen - City Game","isPartOf":{"@id":"https:\/\/testwebsite.upevents.nl\/#website"},"primaryImageOfPage":{"@id":"https:\/\/testwebsite.citygame.com\/vi\/games\/terneuzen\/sherlock-holmes-terneuzen\/#primaryimage"},"image":{"@id":"https:\/\/testwebsite.citygame.com\/vi\/games\/terneuzen\/sherlock-holmes-terneuzen\/#primaryimage"},"thumbnailUrl":"https:\/\/testwebsite.citygame.com\/wp-content\/blogs.dir\/1\/files\/sites\/62\/2026\/02\/group-of-friends-playing-city-game-on-phone-terneuzen.jpg","datePublished":"2026-02-11T07:50:59+00:00","dateModified":"2026-04-08T03:43:24+00:00","description":"Sherlock Holmes Terneuzen. Ch\u01a1i m\u1ed9t tr\u00f2 ch\u01a1i th\u00e0nh ph\u1ed1 gi\u1ea3i m\u00e3 \u00e1n m\u1ea1ng t\u1ef1 h\u01b0\u1edbng d\u1eabn, gi\u1ea3i c\u00e1c c\u00e2u \u0111\u1ed1, theo d\u00f5i manh m\u1ed1i v\u00e0 kh\u00e1m ph\u00e1 hung th\u1ee7 theo t\u1ed1c \u0111\u1ed9 c\u1ee7a ri\u00eang b\u1ea1n!","breadcrumb":{"@id":"https:\/\/testwebsite.citygame.com\/vi\/games\/terneuzen\/sherlock-holmes-terneuzen\/#breadcrumb"},"inLanguage":"vi","potentialAction":[{"@type":"ReadAction","target":["https:\/\/testwebsite.citygame.com\/vi\/games\/terneuzen\/sherlock-holmes-terneuzen\/"]}]},{"@type":"ImageObject","inLanguage":"vi","@id":"https:\/\/testwebsite.citygame.com\/vi\/games\/terneuzen\/sherlock-holmes-terneuzen\/#primaryimage","url":"https:\/\/testwebsite.citygame.com\/wp-content\/blogs.dir\/1\/files\/sites\/62\/2026\/02\/group-of-friends-playing-city-game-on-phone-terneuzen.jpg","contentUrl":"https:\/\/testwebsite.citygame.com\/wp-content\/blogs.dir\/1\/files\/sites\/62\/2026\/02\/group-of-friends-playing-city-game-on-phone-terneuzen.jpg","width":1344,"height":768,"caption":"A group of friends gathered together on a city street, looking at a game on a phone."},{"@type":"BreadcrumbList","@id":"https:\/\/testwebsite.citygame.com\/vi\/games\/terneuzen\/sherlock-holmes-terneuzen\/#breadcrumb","itemListElement":[{"@type":"ListItem","position":1,"name":"Home","item":"https:\/\/testwebsite.citygame.com\/vi\/"},{"@type":"ListItem","position":2,"name":"Shop","item":"https:\/\/testwebsite.citygame.com\/shop\/"},{"@type":"ListItem","position":3,"name":"Sherlock Holmes Terneuzen"}]},{"@type":"WebSite","@id":"https:\/\/testwebsite.upevents.nl\/#website","url":"https:\/\/testwebsite.upevents.nl\/","name":"City Game","description":"","publisher":{"@id":"https:\/\/testwebsite.upevents.nl\/#organization"},"alternateName":"citygame.com","potentialAction":[{"@type":"SearchAction","target":{"@type":"EntryPoint","urlTemplate":"https:\/\/testwebsite.upevents.nl\/?s={search_term_string}"},"query-input":{"@type":"PropertyValueSpecification","valueRequired":true,"valueName":"search_term_string"}}],"inLanguage":"vi"},{"@type":["Organization","Place"],"@id":"https:\/\/testwebsite.upevents.nl\/#organization","name":"City Game","alternateName":"citygame.com","url":"https:\/\/testwebsite.upevents.nl\/","logo":{"@id":"https:\/\/testwebsite.citygame.com\/vi\/games\/terneuzen\/sherlock-holmes-terneuzen\/#local-main-organization-logo"},"image":{"@id":"https:\/\/testwebsite.citygame.com\/vi\/games\/terneuzen\/sherlock-holmes-terneuzen\/#local-main-organization-logo"},"sameAs":["https:\/\/www.facebook.com\/profile.php?id=100086426226253","https:\/\/www.instagram.com\/citygame_com","https:\/\/www.tiktok.com\/@citygamecom\/","https:\/\/www.linkedin.com\/company\/citygame-com"],"description":"Turn any city into a playground with our interactive City Games and self-guided tours. Fun, flexible, and ideal for groups and team building.","telephone":[],"openingHoursSpecification":[{"@type":"OpeningHoursSpecification","dayOfWeek":["Monday","Tuesday","Wednesday","Thursday","Friday","Saturday","Sunday"],"opens":"09:00","closes":"17:00"}]},{"@type":"ImageObject","inLanguage":"vi","@id":"https:\/\/testwebsite.citygame.com\/vi\/games\/terneuzen\/sherlock-holmes-terneuzen\/#local-main-organization-logo","url":"https:\/\/testwebsite.citygame.com\/wp-content\/blogs.dir\/1\/files\/sites\/62\/2025\/10\/CG_LOGO-City-Game.png","contentUrl":"https:\/\/testwebsite.citygame.com\/wp-content\/blogs.dir\/1\/files\/sites\/62\/2025\/10\/CG_LOGO-City-Game.png","width":351,"height":377,"caption":"City Game"}]}},"taxonomy_info":{"game-concept":[{"value":794,"label":"Sherlock"}],"location":[{"value":389,"label":"Terneuzen"}],"product_cat":[{"value":27,"label":"Geen categorie"}]},"featured_image_src_large":["https:\/\/testwebsite.citygame.com\/wp-content\/blogs.dir\/1\/files\/sites\/62\/2026\/02\/group-of-friends-playing-city-game-on-phone-terneuzen-1024x585.jpg",1024,585,true],"author_info":[],"comment_info":"","_links":{"self":[{"href":"https:\/\/testwebsite.citygame.com\/vi\/wp-json\/wp\/v2\/product\/59261","targetHints":{"allow":["GET"]}}],"collection":[{"href":"https:\/\/testwebsite.citygame.com\/vi\/wp-json\/wp\/v2\/product"}],"about":[{"href":"https:\/\/testwebsite.citygame.com\/vi\/wp-json\/wp\/v2\/types\/product"}],"acf:post":[{"embeddable":true,"href":"https:\/\/testwebsite.citygame.com\/vi\/wp-json\/wp\/v2\/pages\/4551"}],"wp:featuredmedia":[{"embeddable":true,"href":"https:\/\/testwebsite.citygame.com\/vi\/wp-json\/wp\/v2\/media\/12334"}],"wp:attachment":[{"href":"https:\/\/testwebsite.citygame.com\/vi\/wp-json\/wp\/v2\/media?parent=59261"}],"wp:term":[{"taxonomy":"game-concept","embeddable":true,"href":"https:\/\/testwebsite.citygame.com\/vi\/wp-json\/wp\/v2\/game-concept?post=59261"},{"taxonomy":"location","embeddable":true,"href":"https:\/\/testwebsite.citygame.com\/vi\/wp-json\/wp\/v2\/location?post=59261"},{"taxonomy":"product_brand","embeddable":true,"href":"https:\/\/testwebsite.citygame.com\/vi\/wp-json\/wp\/v2\/product_brand?post=59261"},{"taxonomy":"product_cat","embeddable":true,"href":"https:\/\/testwebsite.citygame.com\/vi\/wp-json\/wp\/v2\/product_cat?post=59261"},{"taxonomy":"product_tag","embeddable":true,"href":"https:\/\/testwebsite.citygame.com\/vi\/wp-json\/wp\/v2\/product_tag?post=59261"}],"curies":[{"name":"wp","href":"https:\/\/api.w.org\/{rel}","templated":true}]}}