{"id":59071,"date":"2026-01-27T14:51:54","date_gmt":"2026-01-27T14:51:54","guid":{"rendered":"https:\/\/testwebsite.citygame.com\/games\/unknown-location\/secrets-of-vienna\/"},"modified":"2026-04-08T03:23:48","modified_gmt":"2026-04-08T03:23:48","slug":"secrets-of-vienna","status":"publish","type":"product","link":"https:\/\/testwebsite.citygame.com\/vi\/games\/vienna\/secrets-of-vienna\/","title":{"rendered":"Secrets of Vienna"},"content":{"rendered":"<p>City Game Vienna l\u00e0 m\u1ed9t tr\u00f2 ch\u01a1i kh\u00e1m ph\u00e1 th\u00e0nh ph\u1ed1 t\u1ef1 h\u01b0\u1edbng d\u1eabn, di\u1ec5n ra t\u1ea1i trung t\u00e2m l\u1ecbch s\u1eed c\u1ee7a Vienna. Tr\u00f2 ch\u01a1i d\u1ef1a tr\u00ean GPS n\u00e0y d\u1eabn d\u1eaft ng\u01b0\u1eddi ch\u01a1i qua nh\u1eefng con ph\u1ed1 xinh \u0111\u1eb9p v\u00e0 c\u00e1c g\u00f3c khu\u1ea5t khi h\u1ecd gi\u1ea3i c\u00e1c c\u00e2u \u0111\u1ed1, m\u1eadt m\u00e3 v\u00e0 th\u1eed th\u00e1ch \u1ea3nh b\u1eb1ng \u0111i\u1ec7n tho\u1ea1i th\u00f4ng minh c\u1ee7a m\u00ecnh. Tr\u00ean \u0111\u01b0\u1eddng \u0111i, ng\u01b0\u1eddi tham gia s\u1ebd kh\u00e1m ph\u00e1 nh\u1eefng hi\u1ec3u bi\u1ebft th\u00fa v\u1ecb v\u1ec1 l\u1ecbch s\u1eed, v\u0103n h\u00f3a v\u00e0 nh\u1eefng chi ti\u1ebft \u00edt \u0111\u01b0\u1ee3c bi\u1ebft \u0111\u1ebfn c\u1ee7a Vienna. Tr\u00f2 ch\u01a1i kh\u00e1m ph\u00e1 n\u00e0y l\u00fd t\u01b0\u1edfng cho c\u1ea3 du kh\u00e1ch v\u00e0 ng\u01b0\u1eddi d\u00e2n \u0111\u1ecba ph\u01b0\u01a1ng mu\u1ed1n tr\u1ea3i nghi\u1ec7m th\u00e0nh ph\u1ed1 theo m\u1ed9t c\u00e1ch m\u1edbi m\u1ebb v\u00e0 t\u01b0\u01a1ng t\u00e1c. Ph\u00f9 h\u1ee3p cho ng\u01b0\u1eddi ch\u01a1i \u0111\u01a1n, c\u00e1c c\u1eb7p \u0111\u00f4i, gia \u0111\u00ecnh v\u00e0 nh\u00f3m b\u1ea1n b\u00e8, City Game Vienna mang \u0111\u1ebfn m\u1ed9t c\u00e1ch kh\u00e1m ph\u00e1 linh ho\u1ea1t v\u00e0 h\u1ea5p d\u1eabn.<\/p>\n","protected":false},"excerpt":{"rendered":"<p>Kh\u00e1m ph\u00e1 v\u1ebb Baroque v\u00e0 s\u1ef1 l\u1ed9ng l\u1eaby c\u1ee7a Vienna! D\u1ea1o b\u01b0\u1edbc qua m\u1ed9t th\u00e0nh ph\u1ed1 n\u01a1i \u00e2m nh\u1ea1c c\u1ed5 \u0111i\u1ec3n h\u00f2a quy\u1ec7n v\u1edbi ngh\u1ec7 thu\u1eadt \u0111\u01b0\u1eddng ph\u1ed1 hi\u1ec7n \u0111\u1ea1i v\u00e0 nh\u1eefng c\u00e2u chuy\u1ec7n l\u1ecbch s\u1eed ho\u00e0ng gia \u0111\u01b0\u1ee3c th\u00ec th\u1ea7m quanh ki\u1ebfn tr\u00fac \u0111\u1ebf v\u01b0\u01a1ng. Gi\u1ea3i m\u00e3 nh\u1eefng c\u00e2u \u0111\u1ed1 khi b\u1ea1n h\u00e0nh tr\u00ecnh qua trung t\u00e2m r\u1ea1ng r\u1ee1 c\u1ee7a n\u00f3, Vienna \u1ea9n ch\u1ee9a v\u00f4 v\u00e0n \u0111i\u1ec1u b\u1ea5t ng\u1edd \u1edf m\u1ed7i g\u00f3c ph\u1ed1 l\u1ed9ng l\u1eaby!<\/p>\n","protected":false},"featured_media":5062,"template":"","meta":{"_acf_changed":false,"_yoast_wpseo_focuskw":"Secrets of Vienna","_yoast_wpseo_metadesc":"Secrets of Vienna. Ch\u01a1i m\u1ed9t City Game t\u1ef1 h\u01b0\u1edbng d\u1eabn v\u00e0 kh\u00e1m ph\u00e1 th\u00e0nh ph\u1ed1 qua c\u00e1c c\u00e2u \u0111\u1ed1, m\u1eadt m\u00e3 v\u00e0 th\u1eed th\u00e1ch. Ch\u01a1i theo t\u1ed1c \u0111\u1ed9 c\u1ee7a ri\u00eang b\u1ea1n v\u00e0 kh\u00e1m ph\u00e1 nh\u01b0 m\u1ed9t ng\u01b0\u1eddi \u0111\u1ecba ph\u01b0\u01a1ng!","_kad_blocks_custom_css":"","_kad_blocks_head_custom_js":"","_kad_blocks_body_custom_js":"","_kad_blocks_footer_custom_js":"","ghostkit_customizer_options":"","ghostkit_custom_css":"","ghostkit_custom_js_head":"","ghostkit_custom_js_foot":"","ghostkit_typography":"","_kad_post_transparent":"","_kad_post_title":"","_kad_post_layout":"","_kad_post_sidebar_id":"","_kad_post_content_style":"","_kad_post_vertical_padding":"","_kad_post_feature":"","_kad_post_feature_position":"","_kad_post_header":false,"_kad_post_footer":false,"_kad_post_classname":"","_links_to":"","_links_to_target":""},"game-concept":[733],"location":[420],"product_brand":[],"product_cat":[27],"product_tag":[],"class_list":{"0":"post-59071","1":"product","2":"type-product","3":"status-publish","4":"has-post-thumbnail","6":"game-concept-secrets","7":"location-vienna","8":"product_cat-geen-categorie","10":"first","11":"instock","12":"shipping-taxable","13":"purchasable","14":"product-type-simple","15":"entry","16":"content-bg","17":"loop-entry"},"acf":{"full_bokun_product_name":"Self-Guided Secrets of Vienna Exploration Game","location_name":"Vienna","bokun_calendar_widget_code":"<script type=\"text\/javascript\" src=\"https:\/\/widgets.bokun.io\/assets\/javascripts\/apps\/build\/BokunWidgetsLoader.js?bookingChannelUUID=a1e93e96-5232-4734-a595-28405f4b5a31\" async><\/script>\n     \n    <div class=\"bokunWidget\" data-src=\"https:\/\/widgets.bokun.io\/online-sales\/a1e93e96-5232-4734-a595-28405f4b5a31\/experience-calendar\/811010\"><\/div>\n    <noscript>Please enable javascript in your browser to book<\/noscript>","bokun_button_widget_code":"<script type=\"text\/javascript\" src=\"https:\/\/widgets.bokun.io\/assets\/javascripts\/apps\/build\/BokunWidgetsLoader.js?bookingChannelUUID=a1e93e96-5232-4734-a595-28405f4b5a31\" async><\/script>\n      <style> #bokun_ed001e45_5927_4f62_b470_ca766338d083 { display: inline-block; padding: .4em 1em; background: #47b82e; border-radius: 999999px; box-shadow: none; font-weight: 600; font-size: 24px; text-decoration: none; text-align: center; color: #FFFFFF; border:none; cursor: pointer; transition: background .2s ease; } #bokun_ed001e45_5927_4f62_b470_ca766338d083:hover{ background: #2f7b1f; } #bokun_ed001e45_5927_4f62_b470_ca766338d083:active{ background: #378f24; } <\/style> <button class=\"bokunButton\" disabled id=bokun_ed001e45_5927_4f62_b470_ca766338d083 data-src=\"https:\/\/widgets.bokun.io\/online-sales\/a1e93e96-5232-4734-a595-28405f4b5a31\/experience-calendar\/811010?partialView=1\" data-testid=\"widget-book-button\" > Book now <\/button> ","what_you\u2019ll_experience_during_the_game":"Kh\u00e1m ph\u00e1 Vienna qua m\u1ed9t City Game k\u1ebft h\u1ee3p kh\u00e1m ph\u00e1 \u0111\u00f4 th\u1ecb v\u1edbi k\u1ec3 chuy\u1ec7n nh\u1eadp vai v\u00e0 c\u00e1c nhi\u1ec7m v\u1ee5 t\u01b0\u01a1ng t\u00e1c. Khi b\u1ea1n theo d\u00f5i m\u1ed9t lo\u1ea1t c\u00e1c manh m\u1ed1i d\u1ef1a tr\u00ean \u0111\u1ecba \u0111i\u1ec3m, b\u1ea1n s\u1ebd \u0111\u01b0\u1ee3c h\u01b0\u1edbng d\u1eabn \u0111\u1ebfn m\u1ed9t s\u1ef1 k\u1ebft h\u1ee3p gi\u1eefa c\u00e1c \u0111i\u1ec3m tham quan bi\u1ec3u t\u01b0\u1ee3ng v\u00e0 nh\u1eefng g\u00f3c khu\u1ea5t c\u1ee7a th\u1ee7 \u0111\u00f4 \u00c1o. Tr\u00ean \u0111\u01b0\u1eddng \u0111i, b\u1ea1n c\u00f3 th\u1ec3 b\u1eaft g\u1eb7p nh\u1eefng ng\u1ecdn th\u00e1p Gothic \u1ea5n t\u01b0\u1ee3ng c\u1ee7a Nh\u00e0 th\u1edd St. Stephen, \u0111i ngang qua m\u1eb7t ti\u1ec1n trang tr\u00ed c\u00f4ng phu c\u1ee7a Nh\u00e0 h\u00e1t Opera Qu\u1ed1c gia Vienna, ho\u1eb7c t\u00ecm th\u1ea5y m\u00ecnh trong nh\u1eefng s\u00e2n trong y\u00ean t\u0129nh g\u1ea7n Albertina. Tr\u00f2 ch\u01a1i n\u00e0y mang \u0111\u1ebfn m\u1ed9t g\u00f3c nh\u00ecn kh\u00e1c v\u1ec1 Vienna, khuy\u1ebfn kh\u00edch b\u1ea1n nh\u00ecn k\u1ef9 h\u01a1n v\u00e0 kh\u00e1m ph\u00e1 nh\u1eefng c\u00e2u chuy\u1ec7n \u1ea9n ch\u1ee9a trong c\u00e1c con ph\u1ed1 v\u00e0 ki\u1ebfn tr\u00fac c\u1ee7a n\u00f3.\n\nXuy\u00ean su\u1ed1t City Game, b\u1ea1n s\u1ebd gi\u1ea3i quy\u1ebft nhi\u1ec1u c\u00e2u \u0111\u1ed1, m\u1eadt m\u00e3 v\u00e0 th\u1eed th\u00e1ch \u1ea3nh s\u00e1ng t\u1ea1o \u0111\u01b0\u1ee3c thi\u1ebft k\u1ebf \u0111\u1ec3 t\u0103ng c\u01b0\u1eddng k\u1ebft n\u1ed1i c\u1ee7a b\u1ea1n v\u1edbi m\u00f4i tr\u01b0\u1eddng xung quanh. M\u1ed7i th\u1eed th\u00e1ch \u0111\u01b0a b\u1ea1n \u0111\u1ebfn g\u1ea7n h\u01a1n vi\u1ec7c ho\u00e0n th\u00e0nh b\u00ed \u1ea9n cu\u1ed1i c\u00f9ng, \u0111\u1ed3ng th\u1eddi ki\u1ebfm \u0111i\u1ec3m v\u00e0 m\u1edf kh\u00f3a c\u00e1c g\u1ee3i \u00fd h\u1eefu \u00edch. B\u1ea1n c\u00f3 th\u1ec3 t\u1ef1 do ngh\u1ec9 ng\u01a1i v\u00e0 kh\u00e1m ph\u00e1 theo t\u1ed1c \u0111\u1ed9 c\u1ee7a ri\u00eang m\u00ecnh, gi\u00fap d\u1ec5 d\u00e0ng t\u00edch h\u1ee3p tr\u00f2 ch\u01a1i v\u00e0o ng\u00e0y c\u1ee7a b\u1ea1n \u1edf Vienna. \u0110\u1ed1i v\u1edbi nh\u1eefng ng\u01b0\u1eddi th\u00edch c\u1ea1nh tranh th\u00e2n thi\u1ec7n, vi\u1ec7c theo d\u00f5i \u0111i\u1ec3m s\u1ed1 c\u1ee7a b\u1ea1n so v\u1edbi nh\u1eefng ng\u01b0\u1eddi kh\u00e1c tr\u00ean b\u1ea3ng x\u1ebfp h\u1ea1ng s\u1ebd t\u0103ng th\u00eam ni\u1ec1m vui.","how_to_play":"\u0110\u1eb7t v\u00e9 Tr\u00f2 ch\u01a1i Kh\u00e1m ph\u00e1, ki\u1ec3m tra email ch\u00fang t\u00f4i g\u1eedi cho b\u1ea1n v\u1edbi h\u01b0\u1edbng d\u1eabn \u0111\u01a1n gi\u1ea3n, t\u1ea3i \u1ee9ng d\u1ee5ng Loquiz, truy c\u1eadp Tr\u00f2 ch\u01a1i Kh\u00e1m ph\u00e1 v\u00e0 b\u1ea1n \u0111\u00e3 s\u1eb5n s\u00e0ng b\u1eaft \u0111\u1ea7u tr\u1ea3i nghi\u1ec7m tr\u00f2 ch\u01a1i c\u1ee7a m\u00ecnh!","start_location":"Vienna, Graben","available_languages":["en"],"players_per_group":"1-4","duration":"1.5-2 hours","image_overlay_color_image":"https:\/\/testwebsite.citygame.com\/wp-content\/blogs.dir\/1\/files\/sites\/62\/2026\/01\/SecretsColor.svg","image_overlay_game_logo":"https:\/\/testwebsite.citygame.com\/wp-content\/blogs.dir\/1\/files\/sites\/62\/2026\/01\/SecretsLogo.png","city_page":5051,"woocommerce_general_content":null},"yoast_head":"<!-- This site is optimized with the Yoast SEO Premium plugin v26.2 (Yoast SEO v26.3) - https:\/\/yoast.com\/wordpress\/plugins\/seo\/ -->\n<title>Secrets of Vienna - City Game<\/title>\n<meta name=\"description\" content=\"Secrets of Vienna. Ch\u01a1i m\u1ed9t City Game t\u1ef1 h\u01b0\u1edbng d\u1eabn v\u00e0 kh\u00e1m ph\u00e1 th\u00e0nh ph\u1ed1 qua c\u00e1c c\u00e2u \u0111\u1ed1, m\u1eadt m\u00e3 v\u00e0 th\u1eed th\u00e1ch. Ch\u01a1i theo t\u1ed1c \u0111\u1ed9 c\u1ee7a ri\u00eang b\u1ea1n v\u00e0 kh\u00e1m ph\u00e1 nh\u01b0 m\u1ed9t ng\u01b0\u1eddi \u0111\u1ecba ph\u01b0\u01a1ng!\" \/>\n<meta name=\"robots\" content=\"noindex, follow, max-snippet:-1, max-image-preview:large, max-video-preview:-1\" \/>\n<meta property=\"og:locale\" content=\"vi_VN\" \/>\n<meta property=\"og:type\" content=\"article\" \/>\n<meta property=\"og:title\" content=\"Secrets of Vienna\" \/>\n<meta property=\"og:description\" content=\"Secrets of Vienna. Ch\u01a1i m\u1ed9t City Game t\u1ef1 h\u01b0\u1edbng d\u1eabn v\u00e0 kh\u00e1m ph\u00e1 th\u00e0nh ph\u1ed1 qua c\u00e1c c\u00e2u \u0111\u1ed1, m\u1eadt m\u00e3 v\u00e0 th\u1eed th\u00e1ch. Ch\u01a1i theo t\u1ed1c \u0111\u1ed9 c\u1ee7a ri\u00eang b\u1ea1n v\u00e0 kh\u00e1m ph\u00e1 nh\u01b0 m\u1ed9t ng\u01b0\u1eddi \u0111\u1ecba ph\u01b0\u01a1ng!\" \/>\n<meta property=\"og:url\" content=\"https:\/\/testwebsite.citygame.com\/vi\/games\/vienna\/secrets-of-vienna\/\" \/>\n<meta property=\"og:site_name\" content=\"City Game\" \/>\n<meta property=\"article:publisher\" content=\"https:\/\/www.facebook.com\/profile.php?id=100086426226253\" \/>\n<meta property=\"article:modified_time\" content=\"2026-04-08T03:23:48+00:00\" \/>\n<meta property=\"og:image\" content=\"https:\/\/testwebsite.citygame.com\/wp-content\/blogs.dir\/1\/files\/sites\/62\/2026\/01\/vienna-player-comics-hutterer-shop.jpg\" \/>\n\t<meta property=\"og:image:width\" content=\"1184\" \/>\n\t<meta property=\"og:image:height\" content=\"864\" \/>\n\t<meta property=\"og:image:type\" content=\"image\/jpeg\" \/>\n<meta name=\"twitter:card\" content=\"summary_large_image\" \/>\n<meta name=\"twitter:label1\" content=\"\u01af\u1edbc t\u00ednh th\u1eddi gian \u0111\u1ecdc\" \/>\n\t<meta name=\"twitter:data1\" content=\"1 ph\u00fat\" \/>\n<script type=\"application\/ld+json\" class=\"yoast-schema-graph\">{\"@context\":\"https:\/\/schema.org\",\"@graph\":[{\"@type\":\"WebPage\",\"@id\":\"https:\/\/testwebsite.citygame.com\/vi\/games\/vienna\/secrets-of-vienna\/\",\"url\":\"https:\/\/testwebsite.citygame.com\/vi\/games\/vienna\/secrets-of-vienna\/\",\"name\":\"Secrets of Vienna - City Game\",\"isPartOf\":{\"@id\":\"https:\/\/testwebsite.upevents.nl\/#website\"},\"primaryImageOfPage\":{\"@id\":\"https:\/\/testwebsite.citygame.com\/vi\/games\/vienna\/secrets-of-vienna\/#primaryimage\"},\"image\":{\"@id\":\"https:\/\/testwebsite.citygame.com\/vi\/games\/vienna\/secrets-of-vienna\/#primaryimage\"},\"thumbnailUrl\":\"https:\/\/testwebsite.citygame.com\/wp-content\/blogs.dir\/1\/files\/sites\/62\/2026\/01\/vienna-player-comics-hutterer-shop.jpg\",\"datePublished\":\"2026-01-27T14:51:54+00:00\",\"dateModified\":\"2026-04-08T03:23:48+00:00\",\"description\":\"Secrets of Vienna. Ch\u01a1i m\u1ed9t City Game t\u1ef1 h\u01b0\u1edbng d\u1eabn v\u00e0 kh\u00e1m ph\u00e1 th\u00e0nh ph\u1ed1 qua c\u00e1c c\u00e2u \u0111\u1ed1, m\u1eadt m\u00e3 v\u00e0 th\u1eed th\u00e1ch. Ch\u01a1i theo t\u1ed1c \u0111\u1ed9 c\u1ee7a ri\u00eang b\u1ea1n v\u00e0 kh\u00e1m ph\u00e1 nh\u01b0 m\u1ed9t ng\u01b0\u1eddi \u0111\u1ecba ph\u01b0\u01a1ng!\",\"breadcrumb\":{\"@id\":\"https:\/\/testwebsite.citygame.com\/vi\/games\/vienna\/secrets-of-vienna\/#breadcrumb\"},\"inLanguage\":\"vi\",\"potentialAction\":[{\"@type\":\"ReadAction\",\"target\":[\"https:\/\/testwebsite.citygame.com\/vi\/games\/vienna\/secrets-of-vienna\/\"]}]},{\"@type\":\"ImageObject\",\"inLanguage\":\"vi\",\"@id\":\"https:\/\/testwebsite.citygame.com\/vi\/games\/vienna\/secrets-of-vienna\/#primaryimage\",\"url\":\"https:\/\/testwebsite.citygame.com\/wp-content\/blogs.dir\/1\/files\/sites\/62\/2026\/01\/vienna-player-comics-hutterer-shop.jpg\",\"contentUrl\":\"https:\/\/testwebsite.citygame.com\/wp-content\/blogs.dir\/1\/files\/sites\/62\/2026\/01\/vienna-player-comics-hutterer-shop.jpg\",\"width\":1184,\"height\":864,\"caption\":\"A player explores a sunny street in Vienna while standing outside a popular comic book store.\"},{\"@type\":\"BreadcrumbList\",\"@id\":\"https:\/\/testwebsite.citygame.com\/vi\/games\/vienna\/secrets-of-vienna\/#breadcrumb\",\"itemListElement\":[{\"@type\":\"ListItem\",\"position\":1,\"name\":\"Home\",\"item\":\"https:\/\/testwebsite.citygame.com\/vi\/\"},{\"@type\":\"ListItem\",\"position\":2,\"name\":\"Shop\",\"item\":\"https:\/\/testwebsite.citygame.com\/shop\/\"},{\"@type\":\"ListItem\",\"position\":3,\"name\":\"Secrets of Vienna\"}]},{\"@type\":\"WebSite\",\"@id\":\"https:\/\/testwebsite.upevents.nl\/#website\",\"url\":\"https:\/\/testwebsite.upevents.nl\/\",\"name\":\"City Game\",\"description\":\"\",\"publisher\":{\"@id\":\"https:\/\/testwebsite.upevents.nl\/#organization\"},\"alternateName\":\"citygame.com\",\"potentialAction\":[{\"@type\":\"SearchAction\",\"target\":{\"@type\":\"EntryPoint\",\"urlTemplate\":\"https:\/\/testwebsite.upevents.nl\/?s={search_term_string}\"},\"query-input\":{\"@type\":\"PropertyValueSpecification\",\"valueRequired\":true,\"valueName\":\"search_term_string\"}}],\"inLanguage\":\"vi\"},{\"@type\":[\"Organization\",\"Place\"],\"@id\":\"https:\/\/testwebsite.upevents.nl\/#organization\",\"name\":\"City Game\",\"alternateName\":\"citygame.com\",\"url\":\"https:\/\/testwebsite.upevents.nl\/\",\"logo\":{\"@id\":\"https:\/\/testwebsite.citygame.com\/vi\/games\/vienna\/secrets-of-vienna\/#local-main-organization-logo\"},\"image\":{\"@id\":\"https:\/\/testwebsite.citygame.com\/vi\/games\/vienna\/secrets-of-vienna\/#local-main-organization-logo\"},\"sameAs\":[\"https:\/\/www.facebook.com\/profile.php?id=100086426226253\",\"https:\/\/www.instagram.com\/citygame_com\",\"https:\/\/www.tiktok.com\/@citygamecom\/\",\"https:\/\/www.linkedin.com\/company\/citygame-com\"],\"description\":\"Turn any city into a playground with our interactive City Games and self-guided tours. Fun, flexible, and ideal for groups and team building.\",\"telephone\":[],\"openingHoursSpecification\":[{\"@type\":\"OpeningHoursSpecification\",\"dayOfWeek\":[\"Monday\",\"Tuesday\",\"Wednesday\",\"Thursday\",\"Friday\",\"Saturday\",\"Sunday\"],\"opens\":\"09:00\",\"closes\":\"17:00\"}]},{\"@type\":\"ImageObject\",\"inLanguage\":\"vi\",\"@id\":\"https:\/\/testwebsite.citygame.com\/vi\/games\/vienna\/secrets-of-vienna\/#local-main-organization-logo\",\"url\":\"https:\/\/testwebsite.citygame.com\/wp-content\/blogs.dir\/1\/files\/sites\/62\/2025\/10\/CG_LOGO-City-Game.png\",\"contentUrl\":\"https:\/\/testwebsite.citygame.com\/wp-content\/blogs.dir\/1\/files\/sites\/62\/2025\/10\/CG_LOGO-City-Game.png\",\"width\":351,\"height\":377,\"caption\":\"City Game\"}]}<\/script>\n<!-- \/ Yoast SEO Premium plugin. -->","yoast_head_json":{"title":"Secrets of Vienna - City Game","description":"Secrets of Vienna. Ch\u01a1i m\u1ed9t City Game t\u1ef1 h\u01b0\u1edbng d\u1eabn v\u00e0 kh\u00e1m ph\u00e1 th\u00e0nh ph\u1ed1 qua c\u00e1c c\u00e2u \u0111\u1ed1, m\u1eadt m\u00e3 v\u00e0 th\u1eed th\u00e1ch. Ch\u01a1i theo t\u1ed1c \u0111\u1ed9 c\u1ee7a ri\u00eang b\u1ea1n v\u00e0 kh\u00e1m ph\u00e1 nh\u01b0 m\u1ed9t ng\u01b0\u1eddi \u0111\u1ecba ph\u01b0\u01a1ng!","robots":{"index":"noindex","follow":"follow","max-snippet":"max-snippet:-1","max-image-preview":"max-image-preview:large","max-video-preview":"max-video-preview:-1"},"og_locale":"vi_VN","og_type":"article","og_title":"Secrets of Vienna","og_description":"Secrets of Vienna. Ch\u01a1i m\u1ed9t City Game t\u1ef1 h\u01b0\u1edbng d\u1eabn v\u00e0 kh\u00e1m ph\u00e1 th\u00e0nh ph\u1ed1 qua c\u00e1c c\u00e2u \u0111\u1ed1, m\u1eadt m\u00e3 v\u00e0 th\u1eed th\u00e1ch. Ch\u01a1i theo t\u1ed1c \u0111\u1ed9 c\u1ee7a ri\u00eang b\u1ea1n v\u00e0 kh\u00e1m ph\u00e1 nh\u01b0 m\u1ed9t ng\u01b0\u1eddi \u0111\u1ecba ph\u01b0\u01a1ng!","og_url":"https:\/\/testwebsite.citygame.com\/vi\/games\/vienna\/secrets-of-vienna\/","og_site_name":"City Game","article_publisher":"https:\/\/www.facebook.com\/profile.php?id=100086426226253","article_modified_time":"2026-04-08T03:23:48+00:00","og_image":[{"width":1184,"height":864,"url":"https:\/\/testwebsite.citygame.com\/wp-content\/blogs.dir\/1\/files\/sites\/62\/2026\/01\/vienna-player-comics-hutterer-shop.jpg","type":"image\/jpeg"}],"twitter_card":"summary_large_image","twitter_misc":{"\u01af\u1edbc t\u00ednh th\u1eddi gian \u0111\u1ecdc":"1 ph\u00fat"},"schema":{"@context":"https:\/\/schema.org","@graph":[{"@type":"WebPage","@id":"https:\/\/testwebsite.citygame.com\/vi\/games\/vienna\/secrets-of-vienna\/","url":"https:\/\/testwebsite.citygame.com\/vi\/games\/vienna\/secrets-of-vienna\/","name":"Secrets of Vienna - City Game","isPartOf":{"@id":"https:\/\/testwebsite.upevents.nl\/#website"},"primaryImageOfPage":{"@id":"https:\/\/testwebsite.citygame.com\/vi\/games\/vienna\/secrets-of-vienna\/#primaryimage"},"image":{"@id":"https:\/\/testwebsite.citygame.com\/vi\/games\/vienna\/secrets-of-vienna\/#primaryimage"},"thumbnailUrl":"https:\/\/testwebsite.citygame.com\/wp-content\/blogs.dir\/1\/files\/sites\/62\/2026\/01\/vienna-player-comics-hutterer-shop.jpg","datePublished":"2026-01-27T14:51:54+00:00","dateModified":"2026-04-08T03:23:48+00:00","description":"Secrets of Vienna. Ch\u01a1i m\u1ed9t City Game t\u1ef1 h\u01b0\u1edbng d\u1eabn v\u00e0 kh\u00e1m ph\u00e1 th\u00e0nh ph\u1ed1 qua c\u00e1c c\u00e2u \u0111\u1ed1, m\u1eadt m\u00e3 v\u00e0 th\u1eed th\u00e1ch. Ch\u01a1i theo t\u1ed1c \u0111\u1ed9 c\u1ee7a ri\u00eang b\u1ea1n v\u00e0 kh\u00e1m ph\u00e1 nh\u01b0 m\u1ed9t ng\u01b0\u1eddi \u0111\u1ecba ph\u01b0\u01a1ng!","breadcrumb":{"@id":"https:\/\/testwebsite.citygame.com\/vi\/games\/vienna\/secrets-of-vienna\/#breadcrumb"},"inLanguage":"vi","potentialAction":[{"@type":"ReadAction","target":["https:\/\/testwebsite.citygame.com\/vi\/games\/vienna\/secrets-of-vienna\/"]}]},{"@type":"ImageObject","inLanguage":"vi","@id":"https:\/\/testwebsite.citygame.com\/vi\/games\/vienna\/secrets-of-vienna\/#primaryimage","url":"https:\/\/testwebsite.citygame.com\/wp-content\/blogs.dir\/1\/files\/sites\/62\/2026\/01\/vienna-player-comics-hutterer-shop.jpg","contentUrl":"https:\/\/testwebsite.citygame.com\/wp-content\/blogs.dir\/1\/files\/sites\/62\/2026\/01\/vienna-player-comics-hutterer-shop.jpg","width":1184,"height":864,"caption":"A player explores a sunny street in Vienna while standing outside a popular comic book store."},{"@type":"BreadcrumbList","@id":"https:\/\/testwebsite.citygame.com\/vi\/games\/vienna\/secrets-of-vienna\/#breadcrumb","itemListElement":[{"@type":"ListItem","position":1,"name":"Home","item":"https:\/\/testwebsite.citygame.com\/vi\/"},{"@type":"ListItem","position":2,"name":"Shop","item":"https:\/\/testwebsite.citygame.com\/shop\/"},{"@type":"ListItem","position":3,"name":"Secrets of Vienna"}]},{"@type":"WebSite","@id":"https:\/\/testwebsite.upevents.nl\/#website","url":"https:\/\/testwebsite.upevents.nl\/","name":"City Game","description":"","publisher":{"@id":"https:\/\/testwebsite.upevents.nl\/#organization"},"alternateName":"citygame.com","potentialAction":[{"@type":"SearchAction","target":{"@type":"EntryPoint","urlTemplate":"https:\/\/testwebsite.upevents.nl\/?s={search_term_string}"},"query-input":{"@type":"PropertyValueSpecification","valueRequired":true,"valueName":"search_term_string"}}],"inLanguage":"vi"},{"@type":["Organization","Place"],"@id":"https:\/\/testwebsite.upevents.nl\/#organization","name":"City Game","alternateName":"citygame.com","url":"https:\/\/testwebsite.upevents.nl\/","logo":{"@id":"https:\/\/testwebsite.citygame.com\/vi\/games\/vienna\/secrets-of-vienna\/#local-main-organization-logo"},"image":{"@id":"https:\/\/testwebsite.citygame.com\/vi\/games\/vienna\/secrets-of-vienna\/#local-main-organization-logo"},"sameAs":["https:\/\/www.facebook.com\/profile.php?id=100086426226253","https:\/\/www.instagram.com\/citygame_com","https:\/\/www.tiktok.com\/@citygamecom\/","https:\/\/www.linkedin.com\/company\/citygame-com"],"description":"Turn any city into a playground with our interactive City Games and self-guided tours. Fun, flexible, and ideal for groups and team building.","telephone":[],"openingHoursSpecification":[{"@type":"OpeningHoursSpecification","dayOfWeek":["Monday","Tuesday","Wednesday","Thursday","Friday","Saturday","Sunday"],"opens":"09:00","closes":"17:00"}]},{"@type":"ImageObject","inLanguage":"vi","@id":"https:\/\/testwebsite.citygame.com\/vi\/games\/vienna\/secrets-of-vienna\/#local-main-organization-logo","url":"https:\/\/testwebsite.citygame.com\/wp-content\/blogs.dir\/1\/files\/sites\/62\/2025\/10\/CG_LOGO-City-Game.png","contentUrl":"https:\/\/testwebsite.citygame.com\/wp-content\/blogs.dir\/1\/files\/sites\/62\/2025\/10\/CG_LOGO-City-Game.png","width":351,"height":377,"caption":"City Game"}]}},"taxonomy_info":{"game-concept":[{"value":733,"label":"Secrets"}],"location":[{"value":420,"label":"Vienna"}],"product_cat":[{"value":27,"label":"Geen categorie"}]},"featured_image_src_large":["https:\/\/testwebsite.citygame.com\/wp-content\/blogs.dir\/1\/files\/sites\/62\/2026\/01\/vienna-player-comics-hutterer-shop-1024x747.jpg",1024,747,true],"author_info":[],"comment_info":"","_links":{"self":[{"href":"https:\/\/testwebsite.citygame.com\/vi\/wp-json\/wp\/v2\/product\/59071","targetHints":{"allow":["GET"]}}],"collection":[{"href":"https:\/\/testwebsite.citygame.com\/vi\/wp-json\/wp\/v2\/product"}],"about":[{"href":"https:\/\/testwebsite.citygame.com\/vi\/wp-json\/wp\/v2\/types\/product"}],"acf:post":[{"embeddable":true,"href":"https:\/\/testwebsite.citygame.com\/vi\/wp-json\/wp\/v2\/pages\/5051"}],"wp:featuredmedia":[{"embeddable":true,"href":"https:\/\/testwebsite.citygame.com\/vi\/wp-json\/wp\/v2\/media\/5062"}],"wp:attachment":[{"href":"https:\/\/testwebsite.citygame.com\/vi\/wp-json\/wp\/v2\/media?parent=59071"}],"wp:term":[{"taxonomy":"game-concept","embeddable":true,"href":"https:\/\/testwebsite.citygame.com\/vi\/wp-json\/wp\/v2\/game-concept?post=59071"},{"taxonomy":"location","embeddable":true,"href":"https:\/\/testwebsite.citygame.com\/vi\/wp-json\/wp\/v2\/location?post=59071"},{"taxonomy":"product_brand","embeddable":true,"href":"https:\/\/testwebsite.citygame.com\/vi\/wp-json\/wp\/v2\/product_brand?post=59071"},{"taxonomy":"product_cat","embeddable":true,"href":"https:\/\/testwebsite.citygame.com\/vi\/wp-json\/wp\/v2\/product_cat?post=59071"},{"taxonomy":"product_tag","embeddable":true,"href":"https:\/\/testwebsite.citygame.com\/vi\/wp-json\/wp\/v2\/product_tag?post=59071"}],"curies":[{"name":"wp","href":"https:\/\/api.w.org\/{rel}","templated":true}]}}