{"id":58333,"date":"2026-02-15T20:50:09","date_gmt":"2026-02-15T20:50:09","guid":{"rendered":"https:\/\/testwebsite.citygame.com\/games\/unknown-location\/the-darmstadt-syndicate\/"},"modified":"2026-04-08T02:03:28","modified_gmt":"2026-04-08T02:03:28","slug":"the-darmstadt-syndicate","status":"publish","type":"product","link":"https:\/\/testwebsite.citygame.com\/vi\/games\/darmstadt\/the-darmstadt-syndicate\/","title":{"rendered":"The Darmstadt Syndicate"},"content":{"rendered":"<p>The Darmstadt Syndicate l\u00e0 m\u1ed9t tr\u00f2 ch\u01a1i City Escape t\u1ef1 h\u01b0\u1edbng d\u1eabn \u1edf Darmstadt, di\u1ec5n ra t\u1ea1i trung t\u00e2m th\u00e0nh ph\u1ed1 Darmstadt. Trong tr\u00f2 ch\u01a1i Th\u00e0nh ph\u1ed1 n\u00e0y \u1edf Darmstadt, c\u00e1c \u0111\u1ed9i h\u1ee3p t\u00e1c \u0111\u1ec3 truy l\u00f9ng Magnus kh\u00f3 n\u1eafm b\u1eaft v\u00e0 thu h\u1ed3i s\u00e1u c\u00f4ng th\u1ee9c b\u1ecb \u0111\u00e1nh c\u1eafp th\u00f4ng qua m\u1ed9t lo\u1ea1t c\u00e1c c\u00e2u \u0111\u1ed1, nhi\u1ec7m v\u1ee5 v\u00e0 th\u1eed th\u00e1ch d\u1ef1a tr\u00ean logic. V\u1edbi tr\u1ecdng t\u00e2m m\u1ea1nh m\u1ebd v\u00e0o tinh th\u1ea7n \u0111\u1ed3ng \u0111\u1ed9i, k\u1ec3 chuy\u1ec7n v\u00e0 ti\u1ebfn tr\u00ecnh nhi\u1ec7m v\u1ee5 t\u1eebng b\u01b0\u1edbc, tr\u00f2 ch\u01a1i th\u00e0nh ph\u1ed1 t\u1ef1 h\u01b0\u1edbng d\u1eabn n\u00e0y mang \u0111\u1ebfn tr\u1ea3i nghi\u1ec7m c\u00f3 c\u1ea5u tr\u00fac v\u00e0 h\u1ea5p d\u1eabn t\u1eeb \u0111\u1ea7u \u0111\u1ebfn cu\u1ed1i.<\/p>\n","protected":false},"excerpt":{"rendered":"<p>L\u1eb7n s\u00e2u v\u00e0o trung t\u00e2m Darmstadt v\u1edbi tr\u00f2 ch\u01a1i City Escape t\u1ef1 h\u01b0\u1edbng d\u1eabn, m\u1ed9t h\u00e0nh tr\u00ecnh ly k\u1ef3 \u0111\u1ea7y nh\u1eefng b\u1ea5t ng\u1edd v\u00e0 th\u1eed th\u00e1ch. Theo d\u00f5i chu\u1ed7i manh m\u1ed1i, gi\u1ea3i c\u00e1c c\u00e2u \u0111\u1ed1 ph\u1ee9c t\u1ea1p c\u00f9ng v\u1edbi \u0111\u1ed9i c\u1ee7a b\u1ea1n v\u00e0 kh\u00e1m ph\u00e1 s\u1ef1 th\u1eadt \u0111\u1eb1ng sau m\u1ed9t c\u00e2u chuy\u1ec7n h\u1ea5p d\u1eabn v\u1ec1 qu\u00e1 tr\u00ecnh nhi\u1ec7m v\u1ee5, t\u1ea5t c\u1ea3 trong khi \u0111\u1ed3ng h\u1ed3 v\u1eabn \u0111ang \u0111\u1ebfm ng\u01b0\u1ee3c!<\/p>\n","protected":false},"featured_media":13887,"template":"","meta":{"_acf_changed":false,"_yoast_wpseo_focuskw":"The Darmstadt Syndicate","_yoast_wpseo_metadesc":"The Darmstadt Syndicate. Ch\u01a1i m\u1ed9t tr\u00f2 ch\u01a1i City Escape t\u1ef1 h\u01b0\u1edbng d\u1eabn, gi\u1ea3i c\u00e2u \u0111\u1ed1, ho\u00e0n th\u00e0nh nhi\u1ec7m v\u1ee5 v\u00e0 thu h\u1ed3i c\u00e1c c\u00f4ng th\u1ee9c b\u1ecb \u0111\u00e1nh c\u1eafp theo t\u1ed1c \u0111\u1ed9 c\u1ee7a ri\u00eang b\u1ea1n!","_kad_blocks_custom_css":"","_kad_blocks_head_custom_js":"","_kad_blocks_body_custom_js":"","_kad_blocks_footer_custom_js":"","ghostkit_customizer_options":"","ghostkit_custom_css":"","ghostkit_custom_js_head":"","ghostkit_custom_js_foot":"","ghostkit_typography":"","_kad_post_transparent":"default","_kad_post_title":"","_kad_post_layout":"default","_kad_post_sidebar_id":"","_kad_post_content_style":"default","_kad_post_vertical_padding":"default","_kad_post_feature":"","_kad_post_feature_position":"","_kad_post_header":false,"_kad_post_footer":false,"_kad_post_classname":"","_links_to":"","_links_to_target":""},"game-concept":[764],"location":[136],"product_brand":[],"product_cat":[27],"product_tag":[],"class_list":{"0":"post-58333","1":"product","2":"type-product","3":"status-publish","4":"has-post-thumbnail","6":"game-concept-syndicate","7":"location-darmstadt","8":"product_cat-geen-categorie","10":"first","11":"instock","12":"shipping-taxable","13":"purchasable","14":"product-type-simple","15":"entry","16":"content-bg","17":"loop-entry"},"acf":{"full_bokun_product_name":"Self-Guided The Darmstadt Syndicate City Escape Game","location_name":"Darmstadt","bokun_calendar_widget_code":"<script type=\"text\/javascript\" src=\"https:\/\/widgets.bokun.io\/assets\/javascripts\/apps\/build\/BokunWidgetsLoader.js?bookingChannelUUID=a1e93e96-5232-4734-a595-28405f4b5a31\" async><\/script>\n     \n    <div class=\"bokunWidget\" data-src=\"https:\/\/widgets.bokun.io\/online-sales\/a1e93e96-5232-4734-a595-28405f4b5a31\/experience-calendar\/827839\"><\/div>\n    <noscript>Please enable javascript in your browser to book<\/noscript>","bokun_button_widget_code":"<script type=\"text\/javascript\" src=\"https:\/\/widgets.bokun.io\/assets\/javascripts\/apps\/build\/BokunWidgetsLoader.js?bookingChannelUUID=a1e93e96-5232-4734-a595-28405f4b5a31\" async><\/script>\n      <style> #bokun_ed001e45_5927_4f62_b470_ca766338d083 { display: inline-block; padding: .4em 1em; background: #47b82e; border-radius: 999999px; box-shadow: none; font-weight: 600; font-size: 24px; text-decoration: none; text-align: center; color: #FFFFFF; border:none; cursor: pointer; transition: background .2s ease; } #bokun_ed001e45_5927_4f62_b470_ca766338d083:hover{ background: #2f7b1f; } #bokun_ed001e45_5927_4f62_b470_ca766338d083:active{ background: #378f24; } <\/style> <button class=\"bokunButton\" disabled id=bokun_ed001e45_5927_4f62_b470_ca766338d083 data-src=\"https:\/\/widgets.bokun.io\/online-sales\/a1e93e96-5232-4734-a595-28405f4b5a31\/experience-calendar\/827839?partialView=1\" data-testid=\"widget-book-button\" > Book now <\/button> ","what_you\u2019ll_experience_during_the_game":"B\u1ecb cu\u1ed1n v\u00e0o m\u1ed9t nhi\u1ec7m v\u1ee5 tho\u00e1t hi\u1ec3m \u0111\u1ea7y r\u1ee7i ro di\u1ec5n ra kh\u1eafp Darmstadt, b\u1ea1n v\u00e0 \u0111\u1ed9i c\u1ee7a m\u00ecnh ph\u1ea3i kh\u00e1m ph\u00e1 d\u1ea5u v\u1ebft c\u1ee7a m\u1ed9t k\u1ebb n\u1ed9i gi\u00e1n b\u1ea5t h\u1ea3o t\u00ean l\u00e0 Magnus. V\u1edbi t\u01b0 c\u00e1ch l\u00e0 \u0111\u1eb7c v\u1ee5 c\u1ee7a m\u1ed9t t\u1eadp \u0111o\u00e0n b\u00ed m\u1eadt, m\u1ee5c ti\u00eau c\u1ee7a b\u1ea1n r\u1ea5t r\u00f5 r\u00e0ng: thu h\u1ed3i s\u00e1u c\u00f4ng th\u1ee9c b\u1ecb \u0111\u00e1nh c\u1eafp tr\u01b0\u1edbc khi ch\u00fang bi\u1ebfn m\u1ea5t v\u0129nh vi\u1ec5n. Nhi\u1ec7m v\u1ee5 m\u1edf ra t\u1eebng b\u01b0\u1edbc m\u1ed9t khi b\u1ea1n di chuy\u1ec3n qua th\u00e0nh ph\u1ed1, gi\u1ea3i c\u00e2u \u0111\u1ed1, ph\u00e1 m\u00e3 v\u00e0 ho\u00e0n th\u00e0nh c\u00e1c nhi\u1ec7m v\u1ee5 b\u00ed m\u1eadt \u0111\u1ec3 theo \u0111u\u1ed5i m\u1ee5c ti\u00eau c\u1ee7a m\u00ecnh.\r\n\r\nTr\u1ea3i nghi\u1ec7m ho\u00e0n to\u00e0n theo c\u1ed1t truy\u1ec7n, \u0111\u1eb7t b\u1ea1n v\u00e0o trung t\u00e2m c\u1ee7a m\u1ed9t chi\u1ebfn d\u1ecbch \u0111ang di\u1ec5n ra \u0111\u00f2i h\u1ecfi t\u01b0 duy s\u1eafc b\u00e9n v\u00e0 s\u1ef1 tin t\u01b0\u1edfng v\u00e0o \u0111\u1ed9i c\u1ee7a b\u1ea1n. Giao ti\u1ebfp, h\u1ee3p t\u00e1c v\u00e0 c\u00e1c quy\u1ebft \u0111\u1ecbnh k\u1ecbp th\u1eddi l\u00e0 ch\u00eca kh\u00f3a \u0111\u1ec3 v\u01b0\u1ee3t l\u00ean tr\u01b0\u1edbc k\u1ebb th\u00f9. M\u1eb7c d\u00f9 r\u1ee7i ro kh\u00f4ng bao gi\u1edd gi\u1ea3m, b\u1ea1n v\u1eabn ki\u1ec3m so\u00e1t \u0111\u01b0\u1ee3c t\u1ed1c \u0111\u1ed9 \u2013 t\u1ea1m d\u1eebng tr\u00f2 ch\u01a1i khi c\u1ea7n v\u00e0 ti\u1ebfp t\u1ee5c nhi\u1ec7m v\u1ee5 khi s\u1eb5n s\u00e0ng. M\u1ed7i ph\u1ea7n c\u1ee7a Darmstadt \u0111\u1ec1u tr\u1edf th\u00e0nh m\u1ed9t ph\u1ea7n c\u1ee7a chi\u1ebfn d\u1ecbch, \u0111\u01b0a b\u1ea1n \u0111i s\u00e2u h\u01a1n v\u00e0o c\u00e2u chuy\u1ec7n v\u1edbi m\u1ed7i th\u1eed th\u00e1ch b\u1ea1n v\u01b0\u1ee3t qua.","how_to_play":"\u0110\u1eb7t tr\u00f2 ch\u01a1i Th\u00e0nh ph\u1ed1, ki\u1ec3m tra email ch\u00fang t\u00f4i g\u1eedi cho b\u1ea1n v\u1edbi h\u01b0\u1edbng d\u1eabn, t\u1ea3i xu\u1ed1ng \u1ee8ng d\u1ee5ng Loquiz v\u00e0 b\u1eaft \u0111\u1ea7u tr\u1ea3i nghi\u1ec7m ch\u01a1i game c\u1ee7a b\u1ea1n!","start_location":"Darmstadt, Marktplatz","available_languages":["en"],"players_per_group":"1-4","duration":"1.5-2 hours","image_overlay_color_image":"https:\/\/testwebsite.citygame.com\/wp-content\/blogs.dir\/1\/files\/sites\/62\/2026\/01\/SyndicateColor.svg","image_overlay_game_logo":"https:\/\/testwebsite.citygame.com\/wp-content\/blogs.dir\/1\/files\/sites\/62\/2026\/01\/SyndicateLogo.png","city_page":5069,"woocommerce_general_content":null},"yoast_head":"<!-- This site is optimized with the Yoast SEO Premium plugin v26.2 (Yoast SEO v26.3) - https:\/\/yoast.com\/wordpress\/plugins\/seo\/ -->\n<title>The Darmstadt Syndicate - City Game<\/title>\n<meta name=\"description\" content=\"The Darmstadt Syndicate. Ch\u01a1i m\u1ed9t tr\u00f2 ch\u01a1i City Escape t\u1ef1 h\u01b0\u1edbng d\u1eabn, gi\u1ea3i c\u00e2u \u0111\u1ed1, ho\u00e0n th\u00e0nh nhi\u1ec7m v\u1ee5 v\u00e0 thu h\u1ed3i c\u00e1c c\u00f4ng th\u1ee9c b\u1ecb \u0111\u00e1nh c\u1eafp theo t\u1ed1c \u0111\u1ed9 c\u1ee7a ri\u00eang b\u1ea1n!\" \/>\n<meta name=\"robots\" content=\"noindex, follow, max-snippet:-1, max-image-preview:large, max-video-preview:-1\" \/>\n<meta property=\"og:locale\" content=\"vi_VN\" \/>\n<meta property=\"og:type\" content=\"article\" \/>\n<meta property=\"og:title\" content=\"The Darmstadt Syndicate\" \/>\n<meta property=\"og:description\" content=\"The Darmstadt Syndicate. Ch\u01a1i m\u1ed9t tr\u00f2 ch\u01a1i City Escape t\u1ef1 h\u01b0\u1edbng d\u1eabn, gi\u1ea3i c\u00e2u \u0111\u1ed1, ho\u00e0n th\u00e0nh nhi\u1ec7m v\u1ee5 v\u00e0 thu h\u1ed3i c\u00e1c c\u00f4ng th\u1ee9c b\u1ecb \u0111\u00e1nh c\u1eafp theo t\u1ed1c \u0111\u1ed9 c\u1ee7a ri\u00eang b\u1ea1n!\" \/>\n<meta property=\"og:url\" content=\"https:\/\/testwebsite.citygame.com\/vi\/games\/darmstadt\/the-darmstadt-syndicate\/\" \/>\n<meta property=\"og:site_name\" content=\"City Game\" \/>\n<meta property=\"article:publisher\" content=\"https:\/\/www.facebook.com\/profile.php?id=100086426226253\" \/>\n<meta property=\"article:modified_time\" content=\"2026-04-08T02:03:28+00:00\" \/>\n<meta property=\"og:image\" content=\"https:\/\/testwebsite.citygame.com\/wp-content\/blogs.dir\/1\/files\/sites\/62\/2026\/02\/darmstadt-players-city-game-stadtkirche.jpg\" \/>\n\t<meta property=\"og:image:width\" content=\"1024\" \/>\n\t<meta property=\"og:image:height\" content=\"1024\" \/>\n\t<meta property=\"og:image:type\" content=\"image\/jpeg\" \/>\n<meta name=\"twitter:card\" content=\"summary_large_image\" \/>\n<meta name=\"twitter:label1\" content=\"\u01af\u1edbc t\u00ednh th\u1eddi gian \u0111\u1ecdc\" \/>\n\t<meta name=\"twitter:data1\" content=\"1 ph\u00fat\" \/>\n<script type=\"application\/ld+json\" class=\"yoast-schema-graph\">{\"@context\":\"https:\/\/schema.org\",\"@graph\":[{\"@type\":\"WebPage\",\"@id\":\"https:\/\/testwebsite.citygame.com\/vi\/games\/darmstadt\/the-darmstadt-syndicate\/\",\"url\":\"https:\/\/testwebsite.citygame.com\/vi\/games\/darmstadt\/the-darmstadt-syndicate\/\",\"name\":\"The Darmstadt Syndicate - City Game\",\"isPartOf\":{\"@id\":\"https:\/\/testwebsite.upevents.nl\/#website\"},\"primaryImageOfPage\":{\"@id\":\"https:\/\/testwebsite.citygame.com\/vi\/games\/darmstadt\/the-darmstadt-syndicate\/#primaryimage\"},\"image\":{\"@id\":\"https:\/\/testwebsite.citygame.com\/vi\/games\/darmstadt\/the-darmstadt-syndicate\/#primaryimage\"},\"thumbnailUrl\":\"https:\/\/testwebsite.citygame.com\/wp-content\/blogs.dir\/1\/files\/sites\/62\/2026\/02\/darmstadt-players-city-game-stadtkirche.jpg\",\"datePublished\":\"2026-02-15T20:50:09+00:00\",\"dateModified\":\"2026-04-08T02:03:28+00:00\",\"description\":\"The Darmstadt Syndicate. Ch\u01a1i m\u1ed9t tr\u00f2 ch\u01a1i City Escape t\u1ef1 h\u01b0\u1edbng d\u1eabn, gi\u1ea3i c\u00e2u \u0111\u1ed1, ho\u00e0n th\u00e0nh nhi\u1ec7m v\u1ee5 v\u00e0 thu h\u1ed3i c\u00e1c c\u00f4ng th\u1ee9c b\u1ecb \u0111\u00e1nh c\u1eafp theo t\u1ed1c \u0111\u1ed9 c\u1ee7a ri\u00eang b\u1ea1n!\",\"breadcrumb\":{\"@id\":\"https:\/\/testwebsite.citygame.com\/vi\/games\/darmstadt\/the-darmstadt-syndicate\/#breadcrumb\"},\"inLanguage\":\"vi\",\"potentialAction\":[{\"@type\":\"ReadAction\",\"target\":[\"https:\/\/testwebsite.citygame.com\/vi\/games\/darmstadt\/the-darmstadt-syndicate\/\"]}]},{\"@type\":\"ImageObject\",\"inLanguage\":\"vi\",\"@id\":\"https:\/\/testwebsite.citygame.com\/vi\/games\/darmstadt\/the-darmstadt-syndicate\/#primaryimage\",\"url\":\"https:\/\/testwebsite.citygame.com\/wp-content\/blogs.dir\/1\/files\/sites\/62\/2026\/02\/darmstadt-players-city-game-stadtkirche.jpg\",\"contentUrl\":\"https:\/\/testwebsite.citygame.com\/wp-content\/blogs.dir\/1\/files\/sites\/62\/2026\/02\/darmstadt-players-city-game-stadtkirche.jpg\",\"width\":1024,\"height\":1024,\"caption\":\"A team of friends huddles around a smartphone while playing a city game in Darmstadt.\"},{\"@type\":\"BreadcrumbList\",\"@id\":\"https:\/\/testwebsite.citygame.com\/vi\/games\/darmstadt\/the-darmstadt-syndicate\/#breadcrumb\",\"itemListElement\":[{\"@type\":\"ListItem\",\"position\":1,\"name\":\"Home\",\"item\":\"https:\/\/testwebsite.citygame.com\/vi\/\"},{\"@type\":\"ListItem\",\"position\":2,\"name\":\"Shop\",\"item\":\"https:\/\/testwebsite.citygame.com\/shop\/\"},{\"@type\":\"ListItem\",\"position\":3,\"name\":\"The Darmstadt Syndicate\"}]},{\"@type\":\"WebSite\",\"@id\":\"https:\/\/testwebsite.upevents.nl\/#website\",\"url\":\"https:\/\/testwebsite.upevents.nl\/\",\"name\":\"City Game\",\"description\":\"\",\"publisher\":{\"@id\":\"https:\/\/testwebsite.upevents.nl\/#organization\"},\"alternateName\":\"citygame.com\",\"potentialAction\":[{\"@type\":\"SearchAction\",\"target\":{\"@type\":\"EntryPoint\",\"urlTemplate\":\"https:\/\/testwebsite.upevents.nl\/?s={search_term_string}\"},\"query-input\":{\"@type\":\"PropertyValueSpecification\",\"valueRequired\":true,\"valueName\":\"search_term_string\"}}],\"inLanguage\":\"vi\"},{\"@type\":[\"Organization\",\"Place\"],\"@id\":\"https:\/\/testwebsite.upevents.nl\/#organization\",\"name\":\"City Game\",\"alternateName\":\"citygame.com\",\"url\":\"https:\/\/testwebsite.upevents.nl\/\",\"logo\":{\"@id\":\"https:\/\/testwebsite.citygame.com\/vi\/games\/darmstadt\/the-darmstadt-syndicate\/#local-main-organization-logo\"},\"image\":{\"@id\":\"https:\/\/testwebsite.citygame.com\/vi\/games\/darmstadt\/the-darmstadt-syndicate\/#local-main-organization-logo\"},\"sameAs\":[\"https:\/\/www.facebook.com\/profile.php?id=100086426226253\",\"https:\/\/www.instagram.com\/citygame_com\",\"https:\/\/www.tiktok.com\/@citygamecom\/\",\"https:\/\/www.linkedin.com\/company\/citygame-com\"],\"description\":\"Turn any city into a playground with our interactive City Games and self-guided tours. Fun, flexible, and ideal for groups and team building.\",\"telephone\":[],\"openingHoursSpecification\":[{\"@type\":\"OpeningHoursSpecification\",\"dayOfWeek\":[\"Monday\",\"Tuesday\",\"Wednesday\",\"Thursday\",\"Friday\",\"Saturday\",\"Sunday\"],\"opens\":\"09:00\",\"closes\":\"17:00\"}]},{\"@type\":\"ImageObject\",\"inLanguage\":\"vi\",\"@id\":\"https:\/\/testwebsite.citygame.com\/vi\/games\/darmstadt\/the-darmstadt-syndicate\/#local-main-organization-logo\",\"url\":\"https:\/\/testwebsite.citygame.com\/wp-content\/blogs.dir\/1\/files\/sites\/62\/2025\/10\/CG_LOGO-City-Game.png\",\"contentUrl\":\"https:\/\/testwebsite.citygame.com\/wp-content\/blogs.dir\/1\/files\/sites\/62\/2025\/10\/CG_LOGO-City-Game.png\",\"width\":351,\"height\":377,\"caption\":\"City Game\"}]}<\/script>\n<!-- \/ Yoast SEO Premium plugin. -->","yoast_head_json":{"title":"The Darmstadt Syndicate - City Game","description":"The Darmstadt Syndicate. Ch\u01a1i m\u1ed9t tr\u00f2 ch\u01a1i City Escape t\u1ef1 h\u01b0\u1edbng d\u1eabn, gi\u1ea3i c\u00e2u \u0111\u1ed1, ho\u00e0n th\u00e0nh nhi\u1ec7m v\u1ee5 v\u00e0 thu h\u1ed3i c\u00e1c c\u00f4ng th\u1ee9c b\u1ecb \u0111\u00e1nh c\u1eafp theo t\u1ed1c \u0111\u1ed9 c\u1ee7a ri\u00eang b\u1ea1n!","robots":{"index":"noindex","follow":"follow","max-snippet":"max-snippet:-1","max-image-preview":"max-image-preview:large","max-video-preview":"max-video-preview:-1"},"og_locale":"vi_VN","og_type":"article","og_title":"The Darmstadt Syndicate","og_description":"The Darmstadt Syndicate. Ch\u01a1i m\u1ed9t tr\u00f2 ch\u01a1i City Escape t\u1ef1 h\u01b0\u1edbng d\u1eabn, gi\u1ea3i c\u00e2u \u0111\u1ed1, ho\u00e0n th\u00e0nh nhi\u1ec7m v\u1ee5 v\u00e0 thu h\u1ed3i c\u00e1c c\u00f4ng th\u1ee9c b\u1ecb \u0111\u00e1nh c\u1eafp theo t\u1ed1c \u0111\u1ed9 c\u1ee7a ri\u00eang b\u1ea1n!","og_url":"https:\/\/testwebsite.citygame.com\/vi\/games\/darmstadt\/the-darmstadt-syndicate\/","og_site_name":"City Game","article_publisher":"https:\/\/www.facebook.com\/profile.php?id=100086426226253","article_modified_time":"2026-04-08T02:03:28+00:00","og_image":[{"width":1024,"height":1024,"url":"https:\/\/testwebsite.citygame.com\/wp-content\/blogs.dir\/1\/files\/sites\/62\/2026\/02\/darmstadt-players-city-game-stadtkirche.jpg","type":"image\/jpeg"}],"twitter_card":"summary_large_image","twitter_misc":{"\u01af\u1edbc t\u00ednh th\u1eddi gian \u0111\u1ecdc":"1 ph\u00fat"},"schema":{"@context":"https:\/\/schema.org","@graph":[{"@type":"WebPage","@id":"https:\/\/testwebsite.citygame.com\/vi\/games\/darmstadt\/the-darmstadt-syndicate\/","url":"https:\/\/testwebsite.citygame.com\/vi\/games\/darmstadt\/the-darmstadt-syndicate\/","name":"The Darmstadt Syndicate - City Game","isPartOf":{"@id":"https:\/\/testwebsite.upevents.nl\/#website"},"primaryImageOfPage":{"@id":"https:\/\/testwebsite.citygame.com\/vi\/games\/darmstadt\/the-darmstadt-syndicate\/#primaryimage"},"image":{"@id":"https:\/\/testwebsite.citygame.com\/vi\/games\/darmstadt\/the-darmstadt-syndicate\/#primaryimage"},"thumbnailUrl":"https:\/\/testwebsite.citygame.com\/wp-content\/blogs.dir\/1\/files\/sites\/62\/2026\/02\/darmstadt-players-city-game-stadtkirche.jpg","datePublished":"2026-02-15T20:50:09+00:00","dateModified":"2026-04-08T02:03:28+00:00","description":"The Darmstadt Syndicate. Ch\u01a1i m\u1ed9t tr\u00f2 ch\u01a1i City Escape t\u1ef1 h\u01b0\u1edbng d\u1eabn, gi\u1ea3i c\u00e2u \u0111\u1ed1, ho\u00e0n th\u00e0nh nhi\u1ec7m v\u1ee5 v\u00e0 thu h\u1ed3i c\u00e1c c\u00f4ng th\u1ee9c b\u1ecb \u0111\u00e1nh c\u1eafp theo t\u1ed1c \u0111\u1ed9 c\u1ee7a ri\u00eang b\u1ea1n!","breadcrumb":{"@id":"https:\/\/testwebsite.citygame.com\/vi\/games\/darmstadt\/the-darmstadt-syndicate\/#breadcrumb"},"inLanguage":"vi","potentialAction":[{"@type":"ReadAction","target":["https:\/\/testwebsite.citygame.com\/vi\/games\/darmstadt\/the-darmstadt-syndicate\/"]}]},{"@type":"ImageObject","inLanguage":"vi","@id":"https:\/\/testwebsite.citygame.com\/vi\/games\/darmstadt\/the-darmstadt-syndicate\/#primaryimage","url":"https:\/\/testwebsite.citygame.com\/wp-content\/blogs.dir\/1\/files\/sites\/62\/2026\/02\/darmstadt-players-city-game-stadtkirche.jpg","contentUrl":"https:\/\/testwebsite.citygame.com\/wp-content\/blogs.dir\/1\/files\/sites\/62\/2026\/02\/darmstadt-players-city-game-stadtkirche.jpg","width":1024,"height":1024,"caption":"A team of friends huddles around a smartphone while playing a city game in Darmstadt."},{"@type":"BreadcrumbList","@id":"https:\/\/testwebsite.citygame.com\/vi\/games\/darmstadt\/the-darmstadt-syndicate\/#breadcrumb","itemListElement":[{"@type":"ListItem","position":1,"name":"Home","item":"https:\/\/testwebsite.citygame.com\/vi\/"},{"@type":"ListItem","position":2,"name":"Shop","item":"https:\/\/testwebsite.citygame.com\/shop\/"},{"@type":"ListItem","position":3,"name":"The Darmstadt Syndicate"}]},{"@type":"WebSite","@id":"https:\/\/testwebsite.upevents.nl\/#website","url":"https:\/\/testwebsite.upevents.nl\/","name":"City Game","description":"","publisher":{"@id":"https:\/\/testwebsite.upevents.nl\/#organization"},"alternateName":"citygame.com","potentialAction":[{"@type":"SearchAction","target":{"@type":"EntryPoint","urlTemplate":"https:\/\/testwebsite.upevents.nl\/?s={search_term_string}"},"query-input":{"@type":"PropertyValueSpecification","valueRequired":true,"valueName":"search_term_string"}}],"inLanguage":"vi"},{"@type":["Organization","Place"],"@id":"https:\/\/testwebsite.upevents.nl\/#organization","name":"City Game","alternateName":"citygame.com","url":"https:\/\/testwebsite.upevents.nl\/","logo":{"@id":"https:\/\/testwebsite.citygame.com\/vi\/games\/darmstadt\/the-darmstadt-syndicate\/#local-main-organization-logo"},"image":{"@id":"https:\/\/testwebsite.citygame.com\/vi\/games\/darmstadt\/the-darmstadt-syndicate\/#local-main-organization-logo"},"sameAs":["https:\/\/www.facebook.com\/profile.php?id=100086426226253","https:\/\/www.instagram.com\/citygame_com","https:\/\/www.tiktok.com\/@citygamecom\/","https:\/\/www.linkedin.com\/company\/citygame-com"],"description":"Turn any city into a playground with our interactive City Games and self-guided tours. Fun, flexible, and ideal for groups and team building.","telephone":[],"openingHoursSpecification":[{"@type":"OpeningHoursSpecification","dayOfWeek":["Monday","Tuesday","Wednesday","Thursday","Friday","Saturday","Sunday"],"opens":"09:00","closes":"17:00"}]},{"@type":"ImageObject","inLanguage":"vi","@id":"https:\/\/testwebsite.citygame.com\/vi\/games\/darmstadt\/the-darmstadt-syndicate\/#local-main-organization-logo","url":"https:\/\/testwebsite.citygame.com\/wp-content\/blogs.dir\/1\/files\/sites\/62\/2025\/10\/CG_LOGO-City-Game.png","contentUrl":"https:\/\/testwebsite.citygame.com\/wp-content\/blogs.dir\/1\/files\/sites\/62\/2025\/10\/CG_LOGO-City-Game.png","width":351,"height":377,"caption":"City Game"}]}},"taxonomy_info":{"game-concept":[{"value":764,"label":"Syndicate"}],"location":[{"value":136,"label":"Darmstadt"}],"product_cat":[{"value":27,"label":"Geen categorie"}]},"featured_image_src_large":["https:\/\/testwebsite.citygame.com\/wp-content\/blogs.dir\/1\/files\/sites\/62\/2026\/02\/darmstadt-players-city-game-stadtkirche.jpg",1024,1024,false],"author_info":[],"comment_info":"","_links":{"self":[{"href":"https:\/\/testwebsite.citygame.com\/vi\/wp-json\/wp\/v2\/product\/58333","targetHints":{"allow":["GET"]}}],"collection":[{"href":"https:\/\/testwebsite.citygame.com\/vi\/wp-json\/wp\/v2\/product"}],"about":[{"href":"https:\/\/testwebsite.citygame.com\/vi\/wp-json\/wp\/v2\/types\/product"}],"acf:post":[{"embeddable":true,"href":"https:\/\/testwebsite.citygame.com\/vi\/wp-json\/wp\/v2\/pages\/5069"}],"wp:featuredmedia":[{"embeddable":true,"href":"https:\/\/testwebsite.citygame.com\/vi\/wp-json\/wp\/v2\/media\/13887"}],"wp:attachment":[{"href":"https:\/\/testwebsite.citygame.com\/vi\/wp-json\/wp\/v2\/media?parent=58333"}],"wp:term":[{"taxonomy":"game-concept","embeddable":true,"href":"https:\/\/testwebsite.citygame.com\/vi\/wp-json\/wp\/v2\/game-concept?post=58333"},{"taxonomy":"location","embeddable":true,"href":"https:\/\/testwebsite.citygame.com\/vi\/wp-json\/wp\/v2\/location?post=58333"},{"taxonomy":"product_brand","embeddable":true,"href":"https:\/\/testwebsite.citygame.com\/vi\/wp-json\/wp\/v2\/product_brand?post=58333"},{"taxonomy":"product_cat","embeddable":true,"href":"https:\/\/testwebsite.citygame.com\/vi\/wp-json\/wp\/v2\/product_cat?post=58333"},{"taxonomy":"product_tag","embeddable":true,"href":"https:\/\/testwebsite.citygame.com\/vi\/wp-json\/wp\/v2\/product_tag?post=58333"}],"curies":[{"name":"wp","href":"https:\/\/api.w.org\/{rel}","templated":true}]}}