{"id":58207,"date":"2026-02-04T18:46:44","date_gmt":"2026-02-04T18:46:44","guid":{"rendered":"https:\/\/testwebsite.citygame.com\/games\/unknown-location\/sherlock-holmes-ypres\/"},"modified":"2026-04-08T01:50:32","modified_gmt":"2026-04-08T01:50:32","slug":"sherlock-holmes-ypres","status":"publish","type":"product","link":"https:\/\/testwebsite.citygame.com\/vi\/games\/ypres\/sherlock-holmes-ypres\/","title":{"rendered":"Sherlock Holmes Ypres"},"content":{"rendered":"<p>B\u01b0\u1edbc v\u00e0o th\u1ebf gi\u1edbi c\u1ee7a Sherlock Holmes t\u1ea1i trung t\u00e2m th\u00e0nh ph\u1ed1 l\u1ecbch s\u1eed Ypres, n\u01a1i m\u1ed9t tr\u00f2 ch\u01a1i \u0111i\u1ec1u tra \u00e1n m\u1ea1ng theo c\u1ed1t truy\u1ec7n, t\u1ef1 h\u01b0\u1edbng d\u1eabn \u0111ang ch\u1edd \u0111\u00f3n b\u1ea1n. Khi th\u00e0nh ph\u1ed1 tr\u1edf th\u00e0nh b\u1ed1i c\u1ea3nh cho m\u1ed9t cu\u1ed9c \u0111i\u1ec1u tra \u0111ang di\u1ec5n ra, ng\u01b0\u1eddi ch\u01a1i s\u1ebd h\u00f3a th\u00e2n th\u00e0nh th\u00e1m t\u1eed, di chuy\u1ec3n qua c\u00e1c con ph\u1ed1 \u0111\u1ec3 thu th\u1eadp manh m\u1ed1i, gi\u1ea3i c\u00e1c c\u00e2u \u0111\u1ed1 ph\u1ee9c t\u1ea1p v\u00e0 th\u1ea9m v\u1ea5n c\u00e1c nghi ph\u1ea1m k\u1ef9 thu\u1eadt s\u1ed1. V\u1ee5 \u00e1n xoay quanh m\u1ed9t v\u1ee5 gi\u1ebft ng\u01b0\u1eddi b\u00ed \u1ea9n trong L\u1ec5 h\u1ed9i T\u1ef1 do (Liberty Festival), v\u00e0 v\u1edbi s\u1ef1 t\u1ef1 do ho\u00e0n to\u00e0n \u0111\u1ec3 ch\u01a1i theo t\u1ed1c \u0111\u1ed9 c\u1ee7a ri\u00eang b\u1ea1n, tr\u1ea3i nghi\u1ec7m nh\u1eadp vai n\u00e0y s\u1ebd \u0111\u01b0a b\u1ea1n \u0111\u1eafm ch\u00ecm v\u00e0o m\u1ed9t c\u00e2u chuy\u1ec7n l\u00f4i cu\u1ed1n v\u1ec1 s\u1ef1 l\u1eeba d\u1ed1i v\u00e0 suy lu\u1eadn.<\/p>\n","protected":false},"excerpt":{"rendered":"<p>H\u00f2a m\u00ecnh v\u00e0o th\u1ebf gi\u1edbi th\u00e1m t\u1eed c\u1ee7a Sherlock Holmes khi b\u1ea1n l\u00e0m s\u00e1ng t\u1ecf m\u1ed9t v\u1ee5 \u00e1n m\u1ea1ng \u0111\u1ea7y k\u1ecbch t\u00ednh t\u1ea1i th\u00e0nh ph\u1ed1 c\u1ed5 k\u00ednh Ypres. Theo d\u00f5i nh\u1eefng manh m\u1ed1i b\u00ed \u1ea9n, gi\u1ea3i quy\u1ebft c\u00e1c c\u00e2u \u0111\u1ed1 \u0111\u1ea7y th\u1eed th\u00e1ch v\u00e0 ph\u1ed1i h\u1ee3p ch\u1eb7t ch\u1ebd v\u1edbi \u0111\u1ed9i c\u1ee7a b\u1ea1n \u0111\u1ec3 kh\u00e1m ph\u00e1 s\u1ef1 th\u1eadt. \u00c1p l\u1ef1c \u0111ang \u0111\u00e8 n\u1eb7ng, cu\u1ed9c ch\u01a1i \u0111\u00e3 b\u1eaft \u0111\u1ea7u!<\/p>\n","protected":false},"featured_media":10444,"template":"","meta":{"_acf_changed":false,"_yoast_wpseo_focuskw":"Sherlock Holmes Ypres","_yoast_wpseo_metadesc":"Sherlock Holmes Ypres. Tham gia tr\u00f2 ch\u01a1i \u0111i\u1ec1u tra \u00e1n m\u1ea1ng t\u1ef1 h\u01b0\u1edbng d\u1eabn, gi\u1ea3i c\u00e1c c\u00e2u \u0111\u1ed1, theo d\u00f5i manh m\u1ed1i v\u00e0 kh\u00e1m ph\u00e1 k\u1ebb s\u00e1t nh\u00e2n theo t\u1ed1c \u0111\u1ed9 c\u1ee7a ri\u00eang b\u1ea1n!","_kad_blocks_custom_css":"","_kad_blocks_head_custom_js":"","_kad_blocks_body_custom_js":"","_kad_blocks_footer_custom_js":"","ghostkit_customizer_options":"","ghostkit_custom_css":"","ghostkit_custom_js_head":"","ghostkit_custom_js_foot":"","ghostkit_typography":"","_kad_post_transparent":"","_kad_post_title":"","_kad_post_layout":"","_kad_post_sidebar_id":"","_kad_post_content_style":"","_kad_post_vertical_padding":"","_kad_post_feature":"","_kad_post_feature_position":"","_kad_post_header":false,"_kad_post_footer":false,"_kad_post_classname":"","_links_to":"","_links_to_target":""},"game-concept":[794],"location":[429],"product_brand":[],"product_cat":[27],"product_tag":[],"class_list":{"0":"post-58207","1":"product","2":"type-product","3":"status-publish","4":"has-post-thumbnail","6":"game-concept-sherlock","7":"location-ypres","8":"product_cat-geen-categorie","10":"first","11":"instock","12":"shipping-taxable","13":"purchasable","14":"product-type-simple","15":"entry","16":"content-bg","17":"loop-entry"},"acf":{"full_bokun_product_name":"Ypres Self-Guided Sherlock Holmes Murder Mystery Game","location_name":"Ypres","bokun_calendar_widget_code":"<script type=\"text\/javascript\" src=\"https:\/\/widgets.bokun.io\/assets\/javascripts\/apps\/build\/BokunWidgetsLoader.js?bookingChannelUUID=a1e93e96-5232-4734-a595-28405f4b5a31\" async><\/script>\n     \n    <div class=\"bokunWidget\" data-src=\"https:\/\/widgets.bokun.io\/online-sales\/a1e93e96-5232-4734-a595-28405f4b5a31\/experience-calendar\/731167\"><\/div>\n    <noscript>Please enable javascript in your browser to book<\/noscript>","bokun_button_widget_code":"<script type=\"text\/javascript\" src=\"https:\/\/widgets.bokun.io\/assets\/javascripts\/apps\/build\/BokunWidgetsLoader.js?bookingChannelUUID=a1e93e96-5232-4734-a595-28405f4b5a31\" async><\/script>\n      <style> #bokun_ed001e45_5927_4f62_b470_ca766338d083 { display: inline-block; padding: .4em 1em; background: #47b82e; border-radius: 999999px; box-shadow: none; font-weight: 600; font-size: 24px; text-decoration: none; text-align: center; color: #FFFFFF; border:none; cursor: pointer; transition: background .2s ease; } #bokun_ed001e45_5927_4f62_b470_ca766338d083:hover{ background: #2f7b1f; } #bokun_ed001e45_5927_4f62_b470_ca766338d083:active{ background: #378f24; } <\/style> <button class=\"bokunButton\" disabled id=bokun_ed001e45_5927_4f62_b470_ca766338d083 data-src=\"https:\/\/widgets.bokun.io\/online-sales\/a1e93e96-5232-4734-a595-28405f4b5a31\/experience-calendar\/731167?partialView=1\" data-testid=\"widget-book-button\" > Book now <\/button> ","what_you\u2019ll_experience_during_the_game":"B\u1ea1n b\u01b0\u1edbc v\u00e0o m\u1ed9t c\u00e2u chuy\u1ec7n trinh th\u00e1m l\u00f4i cu\u1ed1n l\u1ea5y b\u1ed1i c\u1ea3nh t\u1ea1i trung t\u00e2m Ypres, n\u01a1i m\u1ed7i con ph\u1ed1 v\u00e0 qu\u1ea3ng tr\u01b0\u1eddng s\u1ebd \u0111\u01b0a b\u1ea1n s\u00e2u h\u01a1n v\u00e0o m\u1ed9t cu\u1ed9c \u0111i\u1ec1u tra \u00e1n m\u1ea1ng xoay quanh L\u1ec5 h\u1ed9i T\u1ef1 do (Liberty Festival). Khi b\u1ea1n di chuy\u1ec3n qua th\u00e0nh ph\u1ed1, c\u00e2u chuy\u1ec7n s\u1ebd d\u1ea7n h\u00e9 l\u1ed9 t\u1eebng b\u01b0\u1edbc, \u0111\u01b0a ra nh\u1eefng b\u1eb1ng ch\u1ee9ng m\u1edbi v\u00e0 cu\u1ed1n b\u1ea1n v\u00e0o m\u1ed9t m\u1ea1ng l\u01b0\u1edbi b\u00ed m\u1eadt v\u00e0 nghi ng\u1edd. B\u1ea1n s\u1ebd kh\u00e1m ph\u00e1 nh\u1eefng manh m\u1ed1i \u1ea9n gi\u1ea5u, gi\u1ea3i quy\u1ebft c\u00e1c c\u00e2u \u0111\u1ed1 th\u00f4ng minh v\u00e0 c\u1ea3m nh\u1eadn s\u1ef1 c\u0103ng th\u1eb3ng t\u0103ng l\u00ean theo t\u1eebng t\u00ecnh ti\u1ebft b\u1ea5t ng\u1edd c\u1ee7a v\u1ee5 \u00e1n.\n\nNhi\u1ec7m v\u1ee5 c\u1ee7a b\u1ea1n l\u00e0 th\u1ea9m v\u1ea5n c\u00e1c nghi ph\u1ea1m k\u1ef9 thu\u1eadt s\u1ed1, ph\u00e2n t\u00edch ch\u1ee9ng c\u1ee9 ngo\u1ea1i ph\u1ea1m \u0111\u00e1ng ng\u1edd v\u00e0 ph\u00e1t hi\u1ec7n nh\u1eefng m\u00e2u thu\u1eabn m\u00e0 ng\u01b0\u1eddi kh\u00e1c c\u00f3 th\u1ec3 b\u1ecf qua. Tr\u1ea3i nghi\u1ec7m n\u00e0y ho\u00e0n to\u00e0n theo c\u1ed1t truy\u1ec7n, \u0111\u01b0\u1ee3c thi\u1ebft k\u1ebf \u0111\u1ec3 th\u1eed th\u00e1ch k\u1ef9 n\u0103ng quan s\u00e1t, t\u01b0 duy ph\u1ea3n bi\u1ec7n v\u00e0 suy lu\u1eadn c\u1ee7a b\u1ea1n. B\u1ea1n c\u00f3 th\u1ec3 t\u1ea1m d\u1eebng cu\u1ed9c \u0111i\u1ec1u tra b\u1ea5t c\u1ee9 l\u00fac n\u00e0o m\u00ecnh mu\u1ed1n, sau \u0111\u00f3 ti\u1ebfp t\u1ee5c theo t\u1ed1c \u0111\u1ed9 c\u1ee7a ri\u00eang m\u00ecnh. D\u00f9 gi\u1ea3i quy\u1ebft m\u1ed9t m\u00ecnh hay c\u1ea1nh tranh theo nh\u00f3m, b\u1ea1n kh\u00f4ng ch\u1ec9 kh\u00e1m ph\u00e1 Ypres m\u00e0 c\u00f2n l\u00e0m s\u00e1ng t\u1ecf s\u1ef1 th\u1eadt \u0111\u1eb1ng sau m\u1ed9t v\u1ee5 \u00e1n m\u1ea1ng \u0111\u00e3 g\u00e2y ch\u1ea5n \u0111\u1ed9ng l\u1ec5 h\u1ed9i\u2014v\u00e0 ch\u1ec9 c\u00f3 b\u1ea1n m\u1edbi c\u00f3 th\u1ec3 gh\u00e9p n\u1ed1i t\u1ea5t c\u1ea3 l\u1ea1i v\u1edbi nhau.","how_to_play":"Ch\u01a1i m\u1ed9t m\u00ecnh ho\u1eb7c c\u00f9ng b\u1ea1n b\u00e8, gia \u0111\u00ecnh, ho\u1eb7c \u0111\u1ed3ng nghi\u1ec7p theo nh\u00f3m t\u1ed1i \u0111a b\u1ed1n ng\u01b0\u1eddi tr\u00ean m\u1ed7i thi\u1ebft b\u1ecb. Sau khi \u0111\u1eb7t ch\u1ed7, b\u1ea1n s\u1ebd nh\u1eadn \u0111\u01b0\u1ee3c m\u1ed9t email h\u01b0\u1edbng d\u1eabn v\u1edbi m\u1ecdi th\u1ee9 c\u1ea7n thi\u1ebft.","start_location":"Ypres, Lakenhallen","available_languages":["en","es","fr","de","it","nl"],"players_per_group":"1-4","duration":"1.5-2 hours","image_overlay_color_image":"https:\/\/testwebsite.citygame.com\/wp-content\/blogs.dir\/1\/files\/sites\/62\/2026\/01\/SherlockColor.svg","image_overlay_game_logo":"https:\/\/testwebsite.citygame.com\/wp-content\/blogs.dir\/1\/files\/sites\/62\/2026\/01\/SherlockLogo.png","city_page":6526,"woocommerce_general_content":null},"yoast_head":"<!-- This site is optimized with the Yoast SEO Premium plugin v26.2 (Yoast SEO v26.3) - https:\/\/yoast.com\/wordpress\/plugins\/seo\/ -->\n<title>Sherlock Holmes Ypres - City Game<\/title>\n<meta name=\"description\" content=\"Sherlock Holmes Ypres. Tham gia tr\u00f2 ch\u01a1i \u0111i\u1ec1u tra \u00e1n m\u1ea1ng t\u1ef1 h\u01b0\u1edbng d\u1eabn, gi\u1ea3i c\u00e1c c\u00e2u \u0111\u1ed1, theo d\u00f5i manh m\u1ed1i v\u00e0 kh\u00e1m ph\u00e1 k\u1ebb s\u00e1t nh\u00e2n theo t\u1ed1c \u0111\u1ed9 c\u1ee7a ri\u00eang b\u1ea1n!\" \/>\n<meta name=\"robots\" content=\"noindex, follow, max-snippet:-1, max-image-preview:large, max-video-preview:-1\" \/>\n<meta property=\"og:locale\" content=\"vi_VN\" \/>\n<meta property=\"og:type\" content=\"article\" \/>\n<meta property=\"og:title\" content=\"Sherlock Holmes Ypres\" \/>\n<meta property=\"og:description\" content=\"Sherlock Holmes Ypres. Tham gia tr\u00f2 ch\u01a1i \u0111i\u1ec1u tra \u00e1n m\u1ea1ng t\u1ef1 h\u01b0\u1edbng d\u1eabn, gi\u1ea3i c\u00e1c c\u00e2u \u0111\u1ed1, theo d\u00f5i manh m\u1ed1i v\u00e0 kh\u00e1m ph\u00e1 k\u1ebb s\u00e1t nh\u00e2n theo t\u1ed1c \u0111\u1ed9 c\u1ee7a ri\u00eang b\u1ea1n!\" \/>\n<meta property=\"og:url\" content=\"https:\/\/testwebsite.citygame.com\/vi\/games\/ypres\/sherlock-holmes-ypres\/\" \/>\n<meta property=\"og:site_name\" content=\"City Game\" \/>\n<meta property=\"article:publisher\" content=\"https:\/\/www.facebook.com\/profile.php?id=100086426226253\" \/>\n<meta property=\"article:modified_time\" content=\"2026-04-08T01:50:32+00:00\" \/>\n<meta property=\"og:image\" content=\"https:\/\/testwebsite.citygame.com\/wp-content\/blogs.dir\/1\/files\/sites\/62\/2026\/02\/group-of-friends-playing-city-game-ypres.jpg\" \/>\n\t<meta property=\"og:image:width\" content=\"1344\" \/>\n\t<meta property=\"og:image:height\" content=\"768\" \/>\n\t<meta property=\"og:image:type\" content=\"image\/jpeg\" \/>\n<meta name=\"twitter:card\" content=\"summary_large_image\" \/>\n<meta name=\"twitter:label1\" content=\"\u01af\u1edbc t\u00ednh th\u1eddi gian \u0111\u1ecdc\" \/>\n\t<meta name=\"twitter:data1\" content=\"1 ph\u00fat\" \/>\n<script type=\"application\/ld+json\" class=\"yoast-schema-graph\">{\"@context\":\"https:\/\/schema.org\",\"@graph\":[{\"@type\":\"WebPage\",\"@id\":\"https:\/\/testwebsite.citygame.com\/vi\/games\/ypres\/sherlock-holmes-ypres\/\",\"url\":\"https:\/\/testwebsite.citygame.com\/vi\/games\/ypres\/sherlock-holmes-ypres\/\",\"name\":\"Sherlock Holmes Ypres - City Game\",\"isPartOf\":{\"@id\":\"https:\/\/testwebsite.upevents.nl\/#website\"},\"primaryImageOfPage\":{\"@id\":\"https:\/\/testwebsite.citygame.com\/vi\/games\/ypres\/sherlock-holmes-ypres\/#primaryimage\"},\"image\":{\"@id\":\"https:\/\/testwebsite.citygame.com\/vi\/games\/ypres\/sherlock-holmes-ypres\/#primaryimage\"},\"thumbnailUrl\":\"https:\/\/testwebsite.citygame.com\/wp-content\/blogs.dir\/1\/files\/sites\/62\/2026\/02\/group-of-friends-playing-city-game-ypres.jpg\",\"datePublished\":\"2026-02-04T18:46:44+00:00\",\"dateModified\":\"2026-04-08T01:50:32+00:00\",\"description\":\"Sherlock Holmes Ypres. Tham gia tr\u00f2 ch\u01a1i \u0111i\u1ec1u tra \u00e1n m\u1ea1ng t\u1ef1 h\u01b0\u1edbng d\u1eabn, gi\u1ea3i c\u00e1c c\u00e2u \u0111\u1ed1, theo d\u00f5i manh m\u1ed1i v\u00e0 kh\u00e1m ph\u00e1 k\u1ebb s\u00e1t nh\u00e2n theo t\u1ed1c \u0111\u1ed9 c\u1ee7a ri\u00eang b\u1ea1n!\",\"breadcrumb\":{\"@id\":\"https:\/\/testwebsite.citygame.com\/vi\/games\/ypres\/sherlock-holmes-ypres\/#breadcrumb\"},\"inLanguage\":\"vi\",\"potentialAction\":[{\"@type\":\"ReadAction\",\"target\":[\"https:\/\/testwebsite.citygame.com\/vi\/games\/ypres\/sherlock-holmes-ypres\/\"]}]},{\"@type\":\"ImageObject\",\"inLanguage\":\"vi\",\"@id\":\"https:\/\/testwebsite.citygame.com\/vi\/games\/ypres\/sherlock-holmes-ypres\/#primaryimage\",\"url\":\"https:\/\/testwebsite.citygame.com\/wp-content\/blogs.dir\/1\/files\/sites\/62\/2026\/02\/group-of-friends-playing-city-game-ypres.jpg\",\"contentUrl\":\"https:\/\/testwebsite.citygame.com\/wp-content\/blogs.dir\/1\/files\/sites\/62\/2026\/02\/group-of-friends-playing-city-game-ypres.jpg\",\"width\":1344,\"height\":768,\"caption\":\"A group of friends work together to solve a puzzle on their phone in Ypres.\"},{\"@type\":\"BreadcrumbList\",\"@id\":\"https:\/\/testwebsite.citygame.com\/vi\/games\/ypres\/sherlock-holmes-ypres\/#breadcrumb\",\"itemListElement\":[{\"@type\":\"ListItem\",\"position\":1,\"name\":\"Home\",\"item\":\"https:\/\/testwebsite.citygame.com\/vi\/\"},{\"@type\":\"ListItem\",\"position\":2,\"name\":\"Shop\",\"item\":\"https:\/\/testwebsite.citygame.com\/shop\/\"},{\"@type\":\"ListItem\",\"position\":3,\"name\":\"Sherlock Holmes Ypres\"}]},{\"@type\":\"WebSite\",\"@id\":\"https:\/\/testwebsite.upevents.nl\/#website\",\"url\":\"https:\/\/testwebsite.upevents.nl\/\",\"name\":\"City Game\",\"description\":\"\",\"publisher\":{\"@id\":\"https:\/\/testwebsite.upevents.nl\/#organization\"},\"alternateName\":\"citygame.com\",\"potentialAction\":[{\"@type\":\"SearchAction\",\"target\":{\"@type\":\"EntryPoint\",\"urlTemplate\":\"https:\/\/testwebsite.upevents.nl\/?s={search_term_string}\"},\"query-input\":{\"@type\":\"PropertyValueSpecification\",\"valueRequired\":true,\"valueName\":\"search_term_string\"}}],\"inLanguage\":\"vi\"},{\"@type\":[\"Organization\",\"Place\"],\"@id\":\"https:\/\/testwebsite.upevents.nl\/#organization\",\"name\":\"City Game\",\"alternateName\":\"citygame.com\",\"url\":\"https:\/\/testwebsite.upevents.nl\/\",\"logo\":{\"@id\":\"https:\/\/testwebsite.citygame.com\/vi\/games\/ypres\/sherlock-holmes-ypres\/#local-main-organization-logo\"},\"image\":{\"@id\":\"https:\/\/testwebsite.citygame.com\/vi\/games\/ypres\/sherlock-holmes-ypres\/#local-main-organization-logo\"},\"sameAs\":[\"https:\/\/www.facebook.com\/profile.php?id=100086426226253\",\"https:\/\/www.instagram.com\/citygame_com\",\"https:\/\/www.tiktok.com\/@citygamecom\/\",\"https:\/\/www.linkedin.com\/company\/citygame-com\"],\"description\":\"Turn any city into a playground with our interactive City Games and self-guided tours. Fun, flexible, and ideal for groups and team building.\",\"telephone\":[],\"openingHoursSpecification\":[{\"@type\":\"OpeningHoursSpecification\",\"dayOfWeek\":[\"Monday\",\"Tuesday\",\"Wednesday\",\"Thursday\",\"Friday\",\"Saturday\",\"Sunday\"],\"opens\":\"09:00\",\"closes\":\"17:00\"}]},{\"@type\":\"ImageObject\",\"inLanguage\":\"vi\",\"@id\":\"https:\/\/testwebsite.citygame.com\/vi\/games\/ypres\/sherlock-holmes-ypres\/#local-main-organization-logo\",\"url\":\"https:\/\/testwebsite.citygame.com\/wp-content\/blogs.dir\/1\/files\/sites\/62\/2025\/10\/CG_LOGO-City-Game.png\",\"contentUrl\":\"https:\/\/testwebsite.citygame.com\/wp-content\/blogs.dir\/1\/files\/sites\/62\/2025\/10\/CG_LOGO-City-Game.png\",\"width\":351,\"height\":377,\"caption\":\"City Game\"}]}<\/script>\n<!-- \/ Yoast SEO Premium plugin. -->","yoast_head_json":{"title":"Sherlock Holmes Ypres - City Game","description":"Sherlock Holmes Ypres. Tham gia tr\u00f2 ch\u01a1i \u0111i\u1ec1u tra \u00e1n m\u1ea1ng t\u1ef1 h\u01b0\u1edbng d\u1eabn, gi\u1ea3i c\u00e1c c\u00e2u \u0111\u1ed1, theo d\u00f5i manh m\u1ed1i v\u00e0 kh\u00e1m ph\u00e1 k\u1ebb s\u00e1t nh\u00e2n theo t\u1ed1c \u0111\u1ed9 c\u1ee7a ri\u00eang b\u1ea1n!","robots":{"index":"noindex","follow":"follow","max-snippet":"max-snippet:-1","max-image-preview":"max-image-preview:large","max-video-preview":"max-video-preview:-1"},"og_locale":"vi_VN","og_type":"article","og_title":"Sherlock Holmes Ypres","og_description":"Sherlock Holmes Ypres. Tham gia tr\u00f2 ch\u01a1i \u0111i\u1ec1u tra \u00e1n m\u1ea1ng t\u1ef1 h\u01b0\u1edbng d\u1eabn, gi\u1ea3i c\u00e1c c\u00e2u \u0111\u1ed1, theo d\u00f5i manh m\u1ed1i v\u00e0 kh\u00e1m ph\u00e1 k\u1ebb s\u00e1t nh\u00e2n theo t\u1ed1c \u0111\u1ed9 c\u1ee7a ri\u00eang b\u1ea1n!","og_url":"https:\/\/testwebsite.citygame.com\/vi\/games\/ypres\/sherlock-holmes-ypres\/","og_site_name":"City Game","article_publisher":"https:\/\/www.facebook.com\/profile.php?id=100086426226253","article_modified_time":"2026-04-08T01:50:32+00:00","og_image":[{"width":1344,"height":768,"url":"https:\/\/testwebsite.citygame.com\/wp-content\/blogs.dir\/1\/files\/sites\/62\/2026\/02\/group-of-friends-playing-city-game-ypres.jpg","type":"image\/jpeg"}],"twitter_card":"summary_large_image","twitter_misc":{"\u01af\u1edbc t\u00ednh th\u1eddi gian \u0111\u1ecdc":"1 ph\u00fat"},"schema":{"@context":"https:\/\/schema.org","@graph":[{"@type":"WebPage","@id":"https:\/\/testwebsite.citygame.com\/vi\/games\/ypres\/sherlock-holmes-ypres\/","url":"https:\/\/testwebsite.citygame.com\/vi\/games\/ypres\/sherlock-holmes-ypres\/","name":"Sherlock Holmes Ypres - City Game","isPartOf":{"@id":"https:\/\/testwebsite.upevents.nl\/#website"},"primaryImageOfPage":{"@id":"https:\/\/testwebsite.citygame.com\/vi\/games\/ypres\/sherlock-holmes-ypres\/#primaryimage"},"image":{"@id":"https:\/\/testwebsite.citygame.com\/vi\/games\/ypres\/sherlock-holmes-ypres\/#primaryimage"},"thumbnailUrl":"https:\/\/testwebsite.citygame.com\/wp-content\/blogs.dir\/1\/files\/sites\/62\/2026\/02\/group-of-friends-playing-city-game-ypres.jpg","datePublished":"2026-02-04T18:46:44+00:00","dateModified":"2026-04-08T01:50:32+00:00","description":"Sherlock Holmes Ypres. Tham gia tr\u00f2 ch\u01a1i \u0111i\u1ec1u tra \u00e1n m\u1ea1ng t\u1ef1 h\u01b0\u1edbng d\u1eabn, gi\u1ea3i c\u00e1c c\u00e2u \u0111\u1ed1, theo d\u00f5i manh m\u1ed1i v\u00e0 kh\u00e1m ph\u00e1 k\u1ebb s\u00e1t nh\u00e2n theo t\u1ed1c \u0111\u1ed9 c\u1ee7a ri\u00eang b\u1ea1n!","breadcrumb":{"@id":"https:\/\/testwebsite.citygame.com\/vi\/games\/ypres\/sherlock-holmes-ypres\/#breadcrumb"},"inLanguage":"vi","potentialAction":[{"@type":"ReadAction","target":["https:\/\/testwebsite.citygame.com\/vi\/games\/ypres\/sherlock-holmes-ypres\/"]}]},{"@type":"ImageObject","inLanguage":"vi","@id":"https:\/\/testwebsite.citygame.com\/vi\/games\/ypres\/sherlock-holmes-ypres\/#primaryimage","url":"https:\/\/testwebsite.citygame.com\/wp-content\/blogs.dir\/1\/files\/sites\/62\/2026\/02\/group-of-friends-playing-city-game-ypres.jpg","contentUrl":"https:\/\/testwebsite.citygame.com\/wp-content\/blogs.dir\/1\/files\/sites\/62\/2026\/02\/group-of-friends-playing-city-game-ypres.jpg","width":1344,"height":768,"caption":"A group of friends work together to solve a puzzle on their phone in Ypres."},{"@type":"BreadcrumbList","@id":"https:\/\/testwebsite.citygame.com\/vi\/games\/ypres\/sherlock-holmes-ypres\/#breadcrumb","itemListElement":[{"@type":"ListItem","position":1,"name":"Home","item":"https:\/\/testwebsite.citygame.com\/vi\/"},{"@type":"ListItem","position":2,"name":"Shop","item":"https:\/\/testwebsite.citygame.com\/shop\/"},{"@type":"ListItem","position":3,"name":"Sherlock Holmes Ypres"}]},{"@type":"WebSite","@id":"https:\/\/testwebsite.upevents.nl\/#website","url":"https:\/\/testwebsite.upevents.nl\/","name":"City Game","description":"","publisher":{"@id":"https:\/\/testwebsite.upevents.nl\/#organization"},"alternateName":"citygame.com","potentialAction":[{"@type":"SearchAction","target":{"@type":"EntryPoint","urlTemplate":"https:\/\/testwebsite.upevents.nl\/?s={search_term_string}"},"query-input":{"@type":"PropertyValueSpecification","valueRequired":true,"valueName":"search_term_string"}}],"inLanguage":"vi"},{"@type":["Organization","Place"],"@id":"https:\/\/testwebsite.upevents.nl\/#organization","name":"City Game","alternateName":"citygame.com","url":"https:\/\/testwebsite.upevents.nl\/","logo":{"@id":"https:\/\/testwebsite.citygame.com\/vi\/games\/ypres\/sherlock-holmes-ypres\/#local-main-organization-logo"},"image":{"@id":"https:\/\/testwebsite.citygame.com\/vi\/games\/ypres\/sherlock-holmes-ypres\/#local-main-organization-logo"},"sameAs":["https:\/\/www.facebook.com\/profile.php?id=100086426226253","https:\/\/www.instagram.com\/citygame_com","https:\/\/www.tiktok.com\/@citygamecom\/","https:\/\/www.linkedin.com\/company\/citygame-com"],"description":"Turn any city into a playground with our interactive City Games and self-guided tours. Fun, flexible, and ideal for groups and team building.","telephone":[],"openingHoursSpecification":[{"@type":"OpeningHoursSpecification","dayOfWeek":["Monday","Tuesday","Wednesday","Thursday","Friday","Saturday","Sunday"],"opens":"09:00","closes":"17:00"}]},{"@type":"ImageObject","inLanguage":"vi","@id":"https:\/\/testwebsite.citygame.com\/vi\/games\/ypres\/sherlock-holmes-ypres\/#local-main-organization-logo","url":"https:\/\/testwebsite.citygame.com\/wp-content\/blogs.dir\/1\/files\/sites\/62\/2025\/10\/CG_LOGO-City-Game.png","contentUrl":"https:\/\/testwebsite.citygame.com\/wp-content\/blogs.dir\/1\/files\/sites\/62\/2025\/10\/CG_LOGO-City-Game.png","width":351,"height":377,"caption":"City Game"}]}},"taxonomy_info":{"game-concept":[{"value":794,"label":"Sherlock"}],"location":[{"value":429,"label":"Ypres"}],"product_cat":[{"value":27,"label":"Geen categorie"}]},"featured_image_src_large":["https:\/\/testwebsite.citygame.com\/wp-content\/blogs.dir\/1\/files\/sites\/62\/2026\/02\/group-of-friends-playing-city-game-ypres-1024x585.jpg",1024,585,true],"author_info":[],"comment_info":"","_links":{"self":[{"href":"https:\/\/testwebsite.citygame.com\/vi\/wp-json\/wp\/v2\/product\/58207","targetHints":{"allow":["GET"]}}],"collection":[{"href":"https:\/\/testwebsite.citygame.com\/vi\/wp-json\/wp\/v2\/product"}],"about":[{"href":"https:\/\/testwebsite.citygame.com\/vi\/wp-json\/wp\/v2\/types\/product"}],"acf:post":[{"embeddable":true,"href":"https:\/\/testwebsite.citygame.com\/vi\/wp-json\/wp\/v2\/pages\/6526"}],"wp:featuredmedia":[{"embeddable":true,"href":"https:\/\/testwebsite.citygame.com\/vi\/wp-json\/wp\/v2\/media\/10444"}],"wp:attachment":[{"href":"https:\/\/testwebsite.citygame.com\/vi\/wp-json\/wp\/v2\/media?parent=58207"}],"wp:term":[{"taxonomy":"game-concept","embeddable":true,"href":"https:\/\/testwebsite.citygame.com\/vi\/wp-json\/wp\/v2\/game-concept?post=58207"},{"taxonomy":"location","embeddable":true,"href":"https:\/\/testwebsite.citygame.com\/vi\/wp-json\/wp\/v2\/location?post=58207"},{"taxonomy":"product_brand","embeddable":true,"href":"https:\/\/testwebsite.citygame.com\/vi\/wp-json\/wp\/v2\/product_brand?post=58207"},{"taxonomy":"product_cat","embeddable":true,"href":"https:\/\/testwebsite.citygame.com\/vi\/wp-json\/wp\/v2\/product_cat?post=58207"},{"taxonomy":"product_tag","embeddable":true,"href":"https:\/\/testwebsite.citygame.com\/vi\/wp-json\/wp\/v2\/product_tag?post=58207"}],"curies":[{"name":"wp","href":"https:\/\/api.w.org\/{rel}","templated":true}]}}