{"id":57834,"date":"2026-02-10T22:20:08","date_gmt":"2026-02-10T22:20:08","guid":{"rendered":"https:\/\/testwebsite.citygame.com\/games\/unknown-location\/sherlock-holmes-stuttgart\/"},"modified":"2026-04-08T01:12:40","modified_gmt":"2026-04-08T01:12:40","slug":"sherlock-holmes-stuttgart","status":"publish","type":"product","link":"https:\/\/testwebsite.citygame.com\/vi\/games\/stuttgart\/sherlock-holmes-stuttgart\/","title":{"rendered":"Sherlock Holmes Stuttgart"},"content":{"rendered":"<p>Tr\u00f2 ch\u01a1i Sherlock Holmes City Game \u1edf Stuttgart l\u00e0 m\u1ed9t tr\u00f2 ch\u01a1i b\u00ed \u1ea9n v\u1ee5 \u00e1n m\u1ea1ng t\u1ef1 kh\u00e1m ph\u00e1, theo c\u1ed1t truy\u1ec7n, di\u1ec5n ra ngay trung t\u00e2m th\u00e0nh ph\u1ed1 Stuttgart. V\u1edbi vai tr\u00f2 th\u00e1m t\u1eed, ng\u01b0\u1eddi ch\u01a1i s\u1ebd \u0111\u01b0\u1ee3c \u0111\u1eafm ch\u00ecm v\u00e0o m\u1ed9t cu\u1ed9c \u0111i\u1ec1u tra h\u1ea5p d\u1eabn khi m\u1ed9t v\u1ee5 \u00e1n m\u1ea1ng l\u00e0m gi\u00e1n \u0111o\u1ea1n L\u1ec5 h\u1ed9i Liberty, th\u1eed th\u00e1ch h\u1ecd l\u1ea7n theo d\u1ea5u v\u1ebft c\u00e2u chuy\u1ec7n kh\u1eafp th\u00e0nh ph\u1ed1, thu th\u1eadp manh m\u1ed1i, gi\u1ea3i c\u00e1c c\u00e2u \u0111\u1ed1 v\u00e0 th\u1ea9m v\u1ea5n c\u00e1c nghi ph\u1ea1m k\u1ef9 thu\u1eadt s\u1ed1. L\u1ea5y c\u1ea3m h\u1ee9ng t\u1eeb th\u1ebf gi\u1edbi c\u1ee7a Sherlock Holmes, tr\u1ea3i nghi\u1ec7m mang \u0111\u1ebfn s\u1ef1 t\u1ef1 do \u0111i\u1ec1u tra theo t\u1ed1c \u0111\u1ed9 c\u1ee7a ri\u00eang b\u1ea1n trong khi ho\u00e0n to\u00e0n h\u00f3a th\u00e2n v\u00e0o vai th\u00e1m t\u1eed.<\/p>\n","protected":false},"excerpt":{"rendered":"<p>B\u01b0\u1edbc v\u00e0o th\u1ebf gi\u1edbi c\u1ee7a Sherlock Holmes trong m\u1ed9t tr\u1ea3i nghi\u1ec7m b\u00ed \u1ea9n v\u1ee5 \u00e1n m\u1ea1ng ly k\u1ef3, t\u1ef1 m\u00ecnh kh\u00e1m ph\u00e1, l\u1ea5y b\u1ed1i c\u1ea3nh \u1edf Stuttgart. S\u1ee9c m\u1ea1nh c\u1ee7a b\u1ea1n n\u1eb1m \u1edf vi\u1ec7c gi\u1ea3i m\u00e3 manh m\u1ed1i, gi\u1ea3i c\u00e1c c\u00e2u \u0111\u1ed1 ph\u1ee9c t\u1ea1p v\u00e0 ph\u1ed1i h\u1ee3p v\u1edbi \u0111\u1ed3ng \u0111\u1ed9i \u0111\u1ec3 kh\u00e1m ph\u00e1 s\u1ef1 th\u1eadt r\u00f9ng r\u1ee3n &#8211; \u0111\u1ed3ng h\u1ed3 \u0111ang \u0111\u1ebfm ng\u01b0\u1ee3c, h\u00e3y gi\u1ea3i quy\u1ebft tr\u01b0\u1edbc khi h\u1ebft gi\u1edd!<\/p>\n","protected":false},"featured_media":12142,"template":"","meta":{"_acf_changed":false,"_yoast_wpseo_focuskw":"Sherlock Holmes Stuttgart","_yoast_wpseo_metadesc":"Sherlock Holmes Stuttgart. Ch\u01a1i tr\u00f2 ch\u01a1i City Game b\u00ed \u1ea9n v\u1ee5 \u00e1n m\u1ea1ng t\u1ef1 kh\u00e1m ph\u00e1, gi\u1ea3i c\u00e1c c\u00e2u \u0111\u1ed1, l\u1ea7n theo manh m\u1ed1i v\u00e0 kh\u00e1m ph\u00e1 hung th\u1ee7 theo t\u1ed1c \u0111\u1ed9 c\u1ee7a ri\u00eang b\u1ea1n!","_kad_blocks_custom_css":"","_kad_blocks_head_custom_js":"","_kad_blocks_body_custom_js":"","_kad_blocks_footer_custom_js":"","ghostkit_customizer_options":"","ghostkit_custom_css":"","ghostkit_custom_js_head":"","ghostkit_custom_js_foot":"","ghostkit_typography":"","_kad_post_transparent":"","_kad_post_title":"","_kad_post_layout":"","_kad_post_sidebar_id":"","_kad_post_content_style":"","_kad_post_vertical_padding":"","_kad_post_feature":"","_kad_post_feature_position":"","_kad_post_header":false,"_kad_post_footer":false,"_kad_post_classname":"","_links_to":"","_links_to_target":""},"game-concept":[794],"location":[382],"product_brand":[],"product_cat":[27],"product_tag":[],"class_list":{"0":"post-57834","1":"product","2":"type-product","3":"status-publish","4":"has-post-thumbnail","6":"game-concept-sherlock","7":"location-stuttgart","8":"product_cat-geen-categorie","10":"first","11":"instock","12":"shipping-taxable","13":"purchasable","14":"product-type-simple","15":"entry","16":"content-bg","17":"loop-entry"},"acf":{"full_bokun_product_name":"Stuttgart Self-Guided Sherlock Holmes Murder Mystery Game","location_name":"Stuttgart","bokun_calendar_widget_code":"<script type=\"text\/javascript\" src=\"https:\/\/widgets.bokun.io\/assets\/javascripts\/apps\/build\/BokunWidgetsLoader.js?bookingChannelUUID=a1e93e96-5232-4734-a595-28405f4b5a31\" async><\/script>\n     \n    <div class=\"bokunWidget\" data-src=\"https:\/\/widgets.bokun.io\/online-sales\/a1e93e96-5232-4734-a595-28405f4b5a31\/experience-calendar\/771658\"><\/div>\n    <noscript>Please enable javascript in your browser to book<\/noscript>","bokun_button_widget_code":"<script type=\"text\/javascript\" src=\"https:\/\/widgets.bokun.io\/assets\/javascripts\/apps\/build\/BokunWidgetsLoader.js?bookingChannelUUID=a1e93e96-5232-4734-a595-28405f4b5a31\" async><\/script>\n      <style> #bokun_ed001e45_5927_4f62_b470_ca766338d083 { display: inline-block; padding: .4em 1em; background: #47b82e; border-radius: 999999px; box-shadow: none; font-weight: 600; font-size: 24px; text-decoration: none; text-align: center; color: #FFFFFF; border:none; cursor: pointer; transition: background .2s ease; } #bokun_ed001e45_5927_4f62_b470_ca766338d083:hover{ background: #2f7b1f; } #bokun_ed001e45_5927_4f62_b470_ca766338d083:active{ background: #378f24; } <\/style> <button class=\"bokunButton\" disabled id=bokun_ed001e45_5927_4f62_b470_ca766338d083 data-src=\"https:\/\/widgets.bokun.io\/online-sales\/a1e93e96-5232-4734-a595-28405f4b5a31\/experience-calendar\/771658?partialView=1\" data-testid=\"widget-book-button\" > Book now <\/button> ","what_you\u2019ll_experience_during_the_game":"B\u1ea1n b\u01b0\u1edbc v\u00e0o m\u1ed9t c\u00e2u chuy\u1ec7n th\u00e1m t\u1eed h\u1ea5p d\u1eabn l\u1ea5y b\u1ed1i c\u1ea3nh \u1edf Stuttgart, n\u01a1i m\u1ed7i \u0111\u1ecba \u0111i\u1ec3m \u1ea9n ch\u1ee9a m\u1ed9t manh m\u1ed1i m\u1edbi v\u00e0 s\u1ef1 th\u1eadt \u0111ang ch\u1edd \u0111\u01b0\u1ee3c ph\u01a1i b\u00e0y. Khi cu\u1ed9c \u0111i\u1ec1u tra xoay quanh v\u1ee5 \u00e1n m\u1ea1ng t\u1ea1i L\u1ec5 h\u1ed9i Liberty di\u1ec5n ra, b\u1ea1n s\u1ebd di chuy\u1ec3n kh\u1eafp th\u00e0nh ph\u1ed1, l\u1ea7n theo c\u00e1c manh m\u1ed1i, gi\u1ea3i c\u00e1c c\u00e2u \u0111\u1ed1 v\u00e0 m\u1edf kh\u00f3a nh\u1eefng t\u00ecnh ti\u1ebft b\u1ea5t ng\u1edd. M\u1ed7i quy\u1ebft \u0111\u1ecbnh \u0111\u1ec1u quan tr\u1ecdng. B\u1ea1n s\u1ebd \u0111\u00e0o s\u00e2u v\u00e0o c\u00e1c b\u1eb1ng ch\u1ee9ng ngo\u1ea1i ph\u1ea1m ph\u1ee9c t\u1ea1p, th\u1ea9m v\u1ea5n c\u00e1c nghi ph\u1ea1m k\u1ef9 thu\u1eadt s\u1ed1 v\u00e0 \u0111\u1eb7t c\u00e2u h\u1ecfi v\u1ec1 m\u1ecdi th\u1ee9 t\u01b0\u1edfng ch\u1eebng nh\u01b0 ch\u1eafc ch\u1eafn.\n\nTo\u00e0n b\u1ed9 tr\u1ea3i nghi\u1ec7m \u0111\u01b0\u1ee3c d\u1eabn d\u1eaft b\u1edfi c\u1ed1t truy\u1ec7n, \u0111\u1eb7t k\u1ef9 n\u0103ng t\u01b0 duy ph\u1ea3n bi\u1ec7n, quan s\u00e1t v\u00e0 suy lu\u1eadn c\u1ee7a b\u1ea1n v\u00e0o trung t\u00e2m c\u1ee7a cu\u1ed9c \u0111i\u1ec1u tra. B\u1ea1n c\u00f3 th\u1ec3 t\u1ea1m d\u1eebng b\u1ea5t c\u1ee9 l\u00fac n\u00e0o v\u00e0 ti\u1ebfp t\u1ee5c theo t\u1ed1c \u0111\u1ed9 c\u1ee7a ri\u00eang m\u00ecnh, gi\u00fap b\u1ea1n ho\u00e0n to\u00e0n \u0111\u1eafm ch\u00ecm v\u00e0o b\u00ed \u1ea9n. D\u00f9 b\u1ea1n ch\u01a1i m\u1ed9t m\u00ecnh hay th\u00e1ch \u0111\u1ea5u v\u1edbi m\u1ed9t \u0111\u1ed9i kh\u00e1c \u0111\u1ec3 t\u00ecm ra l\u1eddi gi\u1ea3i nhanh h\u01a1n, m\u1ed7i chi ti\u1ebft m\u1edbi \u0111\u1ec1u \u0111\u01b0a b\u1ea1n \u0111\u1ebfn g\u1ea7n h\u01a1n v\u1edbi s\u1ef1 th\u1eadt. Cu\u1ed1i c\u00f9ng, ch\u1ec9 nh\u1eefng b\u1ed9 \u00f3c s\u1eafc b\u00e9n m\u1edbi c\u00f3 th\u1ec3 l\u00e0m s\u00e1ng t\u1ecf nh\u1eefng g\u00ec th\u1ef1c s\u1ef1 \u0111\u00e3 x\u1ea3y ra \u1edf Stuttgart.","how_to_play":"Ch\u01a1i m\u1ed9t m\u00ecnh ho\u1eb7c v\u1edbi b\u1ea1n b\u00e8, gia \u0111\u00ecnh, ho\u1eb7c \u0111\u1ed3ng nghi\u1ec7p theo nh\u00f3m t\u1ed1i \u0111a b\u1ed1n ng\u01b0\u1eddi tr\u00ean m\u1ed7i thi\u1ebft b\u1ecb. Sau khi \u0111\u1eb7t ch\u1ed7, b\u1ea1n s\u1ebd nh\u1eadn \u0111\u01b0\u1ee3c email h\u01b0\u1edbng d\u1eabn v\u1edbi m\u1ecdi th\u1ee9 c\u1ea7n thi\u1ebft.","start_location":"Stuttgart, Jubil\u00e4umss\u00e4ule","available_languages":["en","es","fr","de","it","nl"],"players_per_group":"1-4","duration":"1.5-2 hours","image_overlay_color_image":"https:\/\/testwebsite.citygame.com\/wp-content\/blogs.dir\/1\/files\/sites\/62\/2026\/01\/SherlockColor.svg","image_overlay_game_logo":"https:\/\/testwebsite.citygame.com\/wp-content\/blogs.dir\/1\/files\/sites\/62\/2026\/01\/SherlockLogo.png","city_page":8928,"woocommerce_general_content":null},"yoast_head":"<!-- This site is optimized with the Yoast SEO Premium plugin v26.2 (Yoast SEO v26.3) - https:\/\/yoast.com\/wordpress\/plugins\/seo\/ -->\n<title>Sherlock Holmes Stuttgart - City Game<\/title>\n<meta name=\"description\" content=\"Sherlock Holmes Stuttgart. Ch\u01a1i tr\u00f2 ch\u01a1i City Game b\u00ed \u1ea9n v\u1ee5 \u00e1n m\u1ea1ng t\u1ef1 kh\u00e1m ph\u00e1, gi\u1ea3i c\u00e1c c\u00e2u \u0111\u1ed1, l\u1ea7n theo manh m\u1ed1i v\u00e0 kh\u00e1m ph\u00e1 hung th\u1ee7 theo t\u1ed1c \u0111\u1ed9 c\u1ee7a ri\u00eang b\u1ea1n!\" \/>\n<meta name=\"robots\" content=\"noindex, follow, max-snippet:-1, max-image-preview:large, max-video-preview:-1\" \/>\n<meta property=\"og:locale\" content=\"vi_VN\" \/>\n<meta property=\"og:type\" content=\"article\" \/>\n<meta property=\"og:title\" content=\"Sherlock Holmes Stuttgart\" \/>\n<meta property=\"og:description\" content=\"Sherlock Holmes Stuttgart. Ch\u01a1i tr\u00f2 ch\u01a1i City Game b\u00ed \u1ea9n v\u1ee5 \u00e1n m\u1ea1ng t\u1ef1 kh\u00e1m ph\u00e1, gi\u1ea3i c\u00e1c c\u00e2u \u0111\u1ed1, l\u1ea7n theo manh m\u1ed1i v\u00e0 kh\u00e1m ph\u00e1 hung th\u1ee7 theo t\u1ed1c \u0111\u1ed9 c\u1ee7a ri\u00eang b\u1ea1n!\" \/>\n<meta property=\"og:url\" content=\"https:\/\/testwebsite.citygame.com\/vi\/games\/stuttgart\/sherlock-holmes-stuttgart\/\" \/>\n<meta property=\"og:site_name\" content=\"City Game\" \/>\n<meta property=\"article:publisher\" content=\"https:\/\/www.facebook.com\/profile.php?id=100086426226253\" \/>\n<meta property=\"article:modified_time\" content=\"2026-04-08T01:12:40+00:00\" \/>\n<meta property=\"og:image\" content=\"https:\/\/testwebsite.citygame.com\/wp-content\/blogs.dir\/1\/files\/sites\/62\/2026\/02\/woman-walking-stuttgart-street-with-phone.jpg\" \/>\n\t<meta property=\"og:image:width\" content=\"1344\" \/>\n\t<meta property=\"og:image:height\" content=\"768\" \/>\n\t<meta property=\"og:image:type\" content=\"image\/jpeg\" \/>\n<meta name=\"twitter:card\" content=\"summary_large_image\" \/>\n<meta name=\"twitter:label1\" content=\"\u01af\u1edbc t\u00ednh th\u1eddi gian \u0111\u1ecdc\" \/>\n\t<meta name=\"twitter:data1\" content=\"1 ph\u00fat\" \/>\n<script type=\"application\/ld+json\" class=\"yoast-schema-graph\">{\"@context\":\"https:\/\/schema.org\",\"@graph\":[{\"@type\":\"WebPage\",\"@id\":\"https:\/\/testwebsite.citygame.com\/vi\/games\/stuttgart\/sherlock-holmes-stuttgart\/\",\"url\":\"https:\/\/testwebsite.citygame.com\/vi\/games\/stuttgart\/sherlock-holmes-stuttgart\/\",\"name\":\"Sherlock Holmes Stuttgart - City Game\",\"isPartOf\":{\"@id\":\"https:\/\/testwebsite.upevents.nl\/#website\"},\"primaryImageOfPage\":{\"@id\":\"https:\/\/testwebsite.citygame.com\/vi\/games\/stuttgart\/sherlock-holmes-stuttgart\/#primaryimage\"},\"image\":{\"@id\":\"https:\/\/testwebsite.citygame.com\/vi\/games\/stuttgart\/sherlock-holmes-stuttgart\/#primaryimage\"},\"thumbnailUrl\":\"https:\/\/testwebsite.citygame.com\/wp-content\/blogs.dir\/1\/files\/sites\/62\/2026\/02\/woman-walking-stuttgart-street-with-phone.jpg\",\"datePublished\":\"2026-02-10T22:20:08+00:00\",\"dateModified\":\"2026-04-08T01:12:40+00:00\",\"description\":\"Sherlock Holmes Stuttgart. Ch\u01a1i tr\u00f2 ch\u01a1i City Game b\u00ed \u1ea9n v\u1ee5 \u00e1n m\u1ea1ng t\u1ef1 kh\u00e1m ph\u00e1, gi\u1ea3i c\u00e1c c\u00e2u \u0111\u1ed1, l\u1ea7n theo manh m\u1ed1i v\u00e0 kh\u00e1m ph\u00e1 hung th\u1ee7 theo t\u1ed1c \u0111\u1ed9 c\u1ee7a ri\u00eang b\u1ea1n!\",\"breadcrumb\":{\"@id\":\"https:\/\/testwebsite.citygame.com\/vi\/games\/stuttgart\/sherlock-holmes-stuttgart\/#breadcrumb\"},\"inLanguage\":\"vi\",\"potentialAction\":[{\"@type\":\"ReadAction\",\"target\":[\"https:\/\/testwebsite.citygame.com\/vi\/games\/stuttgart\/sherlock-holmes-stuttgart\/\"]}]},{\"@type\":\"ImageObject\",\"inLanguage\":\"vi\",\"@id\":\"https:\/\/testwebsite.citygame.com\/vi\/games\/stuttgart\/sherlock-holmes-stuttgart\/#primaryimage\",\"url\":\"https:\/\/testwebsite.citygame.com\/wp-content\/blogs.dir\/1\/files\/sites\/62\/2026\/02\/woman-walking-stuttgart-street-with-phone.jpg\",\"contentUrl\":\"https:\/\/testwebsite.citygame.com\/wp-content\/blogs.dir\/1\/files\/sites\/62\/2026\/02\/woman-walking-stuttgart-street-with-phone.jpg\",\"width\":1344,\"height\":768,\"caption\":\"A young woman explores a historic European street while looking at her smartphone.\"},{\"@type\":\"BreadcrumbList\",\"@id\":\"https:\/\/testwebsite.citygame.com\/vi\/games\/stuttgart\/sherlock-holmes-stuttgart\/#breadcrumb\",\"itemListElement\":[{\"@type\":\"ListItem\",\"position\":1,\"name\":\"Home\",\"item\":\"https:\/\/testwebsite.citygame.com\/vi\/\"},{\"@type\":\"ListItem\",\"position\":2,\"name\":\"Shop\",\"item\":\"https:\/\/testwebsite.citygame.com\/shop\/\"},{\"@type\":\"ListItem\",\"position\":3,\"name\":\"Sherlock Holmes Stuttgart\"}]},{\"@type\":\"WebSite\",\"@id\":\"https:\/\/testwebsite.upevents.nl\/#website\",\"url\":\"https:\/\/testwebsite.upevents.nl\/\",\"name\":\"City Game\",\"description\":\"\",\"publisher\":{\"@id\":\"https:\/\/testwebsite.upevents.nl\/#organization\"},\"alternateName\":\"citygame.com\",\"potentialAction\":[{\"@type\":\"SearchAction\",\"target\":{\"@type\":\"EntryPoint\",\"urlTemplate\":\"https:\/\/testwebsite.upevents.nl\/?s={search_term_string}\"},\"query-input\":{\"@type\":\"PropertyValueSpecification\",\"valueRequired\":true,\"valueName\":\"search_term_string\"}}],\"inLanguage\":\"vi\"},{\"@type\":[\"Organization\",\"Place\"],\"@id\":\"https:\/\/testwebsite.upevents.nl\/#organization\",\"name\":\"City Game\",\"alternateName\":\"citygame.com\",\"url\":\"https:\/\/testwebsite.upevents.nl\/\",\"logo\":{\"@id\":\"https:\/\/testwebsite.citygame.com\/vi\/games\/stuttgart\/sherlock-holmes-stuttgart\/#local-main-organization-logo\"},\"image\":{\"@id\":\"https:\/\/testwebsite.citygame.com\/vi\/games\/stuttgart\/sherlock-holmes-stuttgart\/#local-main-organization-logo\"},\"sameAs\":[\"https:\/\/www.facebook.com\/profile.php?id=100086426226253\",\"https:\/\/www.instagram.com\/citygame_com\",\"https:\/\/www.tiktok.com\/@citygamecom\/\",\"https:\/\/www.linkedin.com\/company\/citygame-com\"],\"description\":\"Turn any city into a playground with our interactive City Games and self-guided tours. Fun, flexible, and ideal for groups and team building.\",\"telephone\":[],\"openingHoursSpecification\":[{\"@type\":\"OpeningHoursSpecification\",\"dayOfWeek\":[\"Monday\",\"Tuesday\",\"Wednesday\",\"Thursday\",\"Friday\",\"Saturday\",\"Sunday\"],\"opens\":\"09:00\",\"closes\":\"17:00\"}]},{\"@type\":\"ImageObject\",\"inLanguage\":\"vi\",\"@id\":\"https:\/\/testwebsite.citygame.com\/vi\/games\/stuttgart\/sherlock-holmes-stuttgart\/#local-main-organization-logo\",\"url\":\"https:\/\/testwebsite.citygame.com\/wp-content\/blogs.dir\/1\/files\/sites\/62\/2025\/10\/CG_LOGO-City-Game.png\",\"contentUrl\":\"https:\/\/testwebsite.citygame.com\/wp-content\/blogs.dir\/1\/files\/sites\/62\/2025\/10\/CG_LOGO-City-Game.png\",\"width\":351,\"height\":377,\"caption\":\"City Game\"}]}<\/script>\n<!-- \/ Yoast SEO Premium plugin. -->","yoast_head_json":{"title":"Sherlock Holmes Stuttgart - City Game","description":"Sherlock Holmes Stuttgart. Ch\u01a1i tr\u00f2 ch\u01a1i City Game b\u00ed \u1ea9n v\u1ee5 \u00e1n m\u1ea1ng t\u1ef1 kh\u00e1m ph\u00e1, gi\u1ea3i c\u00e1c c\u00e2u \u0111\u1ed1, l\u1ea7n theo manh m\u1ed1i v\u00e0 kh\u00e1m ph\u00e1 hung th\u1ee7 theo t\u1ed1c \u0111\u1ed9 c\u1ee7a ri\u00eang b\u1ea1n!","robots":{"index":"noindex","follow":"follow","max-snippet":"max-snippet:-1","max-image-preview":"max-image-preview:large","max-video-preview":"max-video-preview:-1"},"og_locale":"vi_VN","og_type":"article","og_title":"Sherlock Holmes Stuttgart","og_description":"Sherlock Holmes Stuttgart. Ch\u01a1i tr\u00f2 ch\u01a1i City Game b\u00ed \u1ea9n v\u1ee5 \u00e1n m\u1ea1ng t\u1ef1 kh\u00e1m ph\u00e1, gi\u1ea3i c\u00e1c c\u00e2u \u0111\u1ed1, l\u1ea7n theo manh m\u1ed1i v\u00e0 kh\u00e1m ph\u00e1 hung th\u1ee7 theo t\u1ed1c \u0111\u1ed9 c\u1ee7a ri\u00eang b\u1ea1n!","og_url":"https:\/\/testwebsite.citygame.com\/vi\/games\/stuttgart\/sherlock-holmes-stuttgart\/","og_site_name":"City Game","article_publisher":"https:\/\/www.facebook.com\/profile.php?id=100086426226253","article_modified_time":"2026-04-08T01:12:40+00:00","og_image":[{"width":1344,"height":768,"url":"https:\/\/testwebsite.citygame.com\/wp-content\/blogs.dir\/1\/files\/sites\/62\/2026\/02\/woman-walking-stuttgart-street-with-phone.jpg","type":"image\/jpeg"}],"twitter_card":"summary_large_image","twitter_misc":{"\u01af\u1edbc t\u00ednh th\u1eddi gian \u0111\u1ecdc":"1 ph\u00fat"},"schema":{"@context":"https:\/\/schema.org","@graph":[{"@type":"WebPage","@id":"https:\/\/testwebsite.citygame.com\/vi\/games\/stuttgart\/sherlock-holmes-stuttgart\/","url":"https:\/\/testwebsite.citygame.com\/vi\/games\/stuttgart\/sherlock-holmes-stuttgart\/","name":"Sherlock Holmes Stuttgart - City Game","isPartOf":{"@id":"https:\/\/testwebsite.upevents.nl\/#website"},"primaryImageOfPage":{"@id":"https:\/\/testwebsite.citygame.com\/vi\/games\/stuttgart\/sherlock-holmes-stuttgart\/#primaryimage"},"image":{"@id":"https:\/\/testwebsite.citygame.com\/vi\/games\/stuttgart\/sherlock-holmes-stuttgart\/#primaryimage"},"thumbnailUrl":"https:\/\/testwebsite.citygame.com\/wp-content\/blogs.dir\/1\/files\/sites\/62\/2026\/02\/woman-walking-stuttgart-street-with-phone.jpg","datePublished":"2026-02-10T22:20:08+00:00","dateModified":"2026-04-08T01:12:40+00:00","description":"Sherlock Holmes Stuttgart. Ch\u01a1i tr\u00f2 ch\u01a1i City Game b\u00ed \u1ea9n v\u1ee5 \u00e1n m\u1ea1ng t\u1ef1 kh\u00e1m ph\u00e1, gi\u1ea3i c\u00e1c c\u00e2u \u0111\u1ed1, l\u1ea7n theo manh m\u1ed1i v\u00e0 kh\u00e1m ph\u00e1 hung th\u1ee7 theo t\u1ed1c \u0111\u1ed9 c\u1ee7a ri\u00eang b\u1ea1n!","breadcrumb":{"@id":"https:\/\/testwebsite.citygame.com\/vi\/games\/stuttgart\/sherlock-holmes-stuttgart\/#breadcrumb"},"inLanguage":"vi","potentialAction":[{"@type":"ReadAction","target":["https:\/\/testwebsite.citygame.com\/vi\/games\/stuttgart\/sherlock-holmes-stuttgart\/"]}]},{"@type":"ImageObject","inLanguage":"vi","@id":"https:\/\/testwebsite.citygame.com\/vi\/games\/stuttgart\/sherlock-holmes-stuttgart\/#primaryimage","url":"https:\/\/testwebsite.citygame.com\/wp-content\/blogs.dir\/1\/files\/sites\/62\/2026\/02\/woman-walking-stuttgart-street-with-phone.jpg","contentUrl":"https:\/\/testwebsite.citygame.com\/wp-content\/blogs.dir\/1\/files\/sites\/62\/2026\/02\/woman-walking-stuttgart-street-with-phone.jpg","width":1344,"height":768,"caption":"A young woman explores a historic European street while looking at her smartphone."},{"@type":"BreadcrumbList","@id":"https:\/\/testwebsite.citygame.com\/vi\/games\/stuttgart\/sherlock-holmes-stuttgart\/#breadcrumb","itemListElement":[{"@type":"ListItem","position":1,"name":"Home","item":"https:\/\/testwebsite.citygame.com\/vi\/"},{"@type":"ListItem","position":2,"name":"Shop","item":"https:\/\/testwebsite.citygame.com\/shop\/"},{"@type":"ListItem","position":3,"name":"Sherlock Holmes Stuttgart"}]},{"@type":"WebSite","@id":"https:\/\/testwebsite.upevents.nl\/#website","url":"https:\/\/testwebsite.upevents.nl\/","name":"City Game","description":"","publisher":{"@id":"https:\/\/testwebsite.upevents.nl\/#organization"},"alternateName":"citygame.com","potentialAction":[{"@type":"SearchAction","target":{"@type":"EntryPoint","urlTemplate":"https:\/\/testwebsite.upevents.nl\/?s={search_term_string}"},"query-input":{"@type":"PropertyValueSpecification","valueRequired":true,"valueName":"search_term_string"}}],"inLanguage":"vi"},{"@type":["Organization","Place"],"@id":"https:\/\/testwebsite.upevents.nl\/#organization","name":"City Game","alternateName":"citygame.com","url":"https:\/\/testwebsite.upevents.nl\/","logo":{"@id":"https:\/\/testwebsite.citygame.com\/vi\/games\/stuttgart\/sherlock-holmes-stuttgart\/#local-main-organization-logo"},"image":{"@id":"https:\/\/testwebsite.citygame.com\/vi\/games\/stuttgart\/sherlock-holmes-stuttgart\/#local-main-organization-logo"},"sameAs":["https:\/\/www.facebook.com\/profile.php?id=100086426226253","https:\/\/www.instagram.com\/citygame_com","https:\/\/www.tiktok.com\/@citygamecom\/","https:\/\/www.linkedin.com\/company\/citygame-com"],"description":"Turn any city into a playground with our interactive City Games and self-guided tours. Fun, flexible, and ideal for groups and team building.","telephone":[],"openingHoursSpecification":[{"@type":"OpeningHoursSpecification","dayOfWeek":["Monday","Tuesday","Wednesday","Thursday","Friday","Saturday","Sunday"],"opens":"09:00","closes":"17:00"}]},{"@type":"ImageObject","inLanguage":"vi","@id":"https:\/\/testwebsite.citygame.com\/vi\/games\/stuttgart\/sherlock-holmes-stuttgart\/#local-main-organization-logo","url":"https:\/\/testwebsite.citygame.com\/wp-content\/blogs.dir\/1\/files\/sites\/62\/2025\/10\/CG_LOGO-City-Game.png","contentUrl":"https:\/\/testwebsite.citygame.com\/wp-content\/blogs.dir\/1\/files\/sites\/62\/2025\/10\/CG_LOGO-City-Game.png","width":351,"height":377,"caption":"City Game"}]}},"taxonomy_info":{"game-concept":[{"value":794,"label":"Sherlock"}],"location":[{"value":382,"label":"Stuttgart"}],"product_cat":[{"value":27,"label":"Geen categorie"}]},"featured_image_src_large":["https:\/\/testwebsite.citygame.com\/wp-content\/blogs.dir\/1\/files\/sites\/62\/2026\/02\/woman-walking-stuttgart-street-with-phone-1024x585.jpg",1024,585,true],"author_info":[],"comment_info":"","_links":{"self":[{"href":"https:\/\/testwebsite.citygame.com\/vi\/wp-json\/wp\/v2\/product\/57834","targetHints":{"allow":["GET"]}}],"collection":[{"href":"https:\/\/testwebsite.citygame.com\/vi\/wp-json\/wp\/v2\/product"}],"about":[{"href":"https:\/\/testwebsite.citygame.com\/vi\/wp-json\/wp\/v2\/types\/product"}],"acf:post":[{"embeddable":true,"href":"https:\/\/testwebsite.citygame.com\/vi\/wp-json\/wp\/v2\/pages\/8928"}],"wp:featuredmedia":[{"embeddable":true,"href":"https:\/\/testwebsite.citygame.com\/vi\/wp-json\/wp\/v2\/media\/12142"}],"wp:attachment":[{"href":"https:\/\/testwebsite.citygame.com\/vi\/wp-json\/wp\/v2\/media?parent=57834"}],"wp:term":[{"taxonomy":"game-concept","embeddable":true,"href":"https:\/\/testwebsite.citygame.com\/vi\/wp-json\/wp\/v2\/game-concept?post=57834"},{"taxonomy":"location","embeddable":true,"href":"https:\/\/testwebsite.citygame.com\/vi\/wp-json\/wp\/v2\/location?post=57834"},{"taxonomy":"product_brand","embeddable":true,"href":"https:\/\/testwebsite.citygame.com\/vi\/wp-json\/wp\/v2\/product_brand?post=57834"},{"taxonomy":"product_cat","embeddable":true,"href":"https:\/\/testwebsite.citygame.com\/vi\/wp-json\/wp\/v2\/product_cat?post=57834"},{"taxonomy":"product_tag","embeddable":true,"href":"https:\/\/testwebsite.citygame.com\/vi\/wp-json\/wp\/v2\/product_tag?post=57834"}],"curies":[{"name":"wp","href":"https:\/\/api.w.org\/{rel}","templated":true}]}}