{"id":57643,"date":"2026-01-27T10:56:17","date_gmt":"2026-01-27T10:56:17","guid":{"rendered":"https:\/\/testwebsite.citygame.com\/games\/unknown-location\/secrets-of-arnhem\/"},"modified":"2026-04-08T00:52:00","modified_gmt":"2026-04-08T00:52:00","slug":"secrets-of-arnhem","status":"publish","type":"product","link":"https:\/\/testwebsite.citygame.com\/vi\/games\/arnhem\/secrets-of-arnhem\/","title":{"rendered":"Secrets of Arnhem"},"content":{"rendered":"<p>City Game Arnhem l\u00e0 m\u1ed9t tr\u00f2 ch\u01a1i kh\u00e1m ph\u00e1 th\u00e0nh ph\u1ed1 t\u1ef1 h\u01b0\u1edbng d\u1eabn, di\u1ec5n ra t\u1ea1i trung t\u00e2m th\u00e0nh ph\u1ed1 Arnhem. Tr\u00f2 ch\u01a1i d\u1ef1a tr\u00ean GPS n\u00e0y bi\u1ebfn th\u00e0nh ph\u1ed1 th\u00e0nh s\u00e2n ch\u01a1i t\u01b0\u01a1ng t\u00e1c c\u1ee7a b\u1ea1n, h\u01b0\u1edbng d\u1eabn b\u1ea1n qua c\u00e1c con ph\u1ed1 b\u1eb1ng \u0111i\u1ec7n tho\u1ea1i th\u00f4ng minh khi b\u1ea1n gi\u1ea3i c\u00e1c c\u00e2u \u0111\u1ed1, c\u00e2u h\u1ecfi h\u00f3c b\u00faa v\u00e0 th\u1eed th\u00e1ch \u1ea3nh. Tr\u00ean \u0111\u01b0\u1eddng \u0111i, b\u1ea1n s\u1ebd kh\u00e1m ph\u00e1 nh\u1eefng chi ti\u1ebft \u1ea9n gi\u1ea5u v\u00e0 t\u00ecm hi\u1ec3u v\u1ec1 l\u1ecbch s\u1eed \u0111\u1ed9c \u0111\u00e1o c\u00f9ng v\u0103n h\u00f3a \u0111\u1ecba ph\u01b0\u01a1ng c\u1ee7a Arnhem. Tr\u00f2 ch\u01a1i kh\u00e1m ph\u00e1 n\u00e0y \u0111\u01b0\u1ee3c thi\u1ebft k\u1ebf cho c\u1ea3 du kh\u00e1ch v\u00e0 ng\u01b0\u1eddi d\u00e2n \u0111\u1ecba ph\u01b0\u01a1ng \u0111ang t\u00ecm ki\u1ebfm m\u1ed9t g\u00f3c nh\u00ecn m\u1edbi v\u1ec1 th\u00e0nh ph\u1ed1. Ho\u00e0n h\u1ea3o cho ng\u01b0\u1eddi ch\u01a1i \u0111\u01a1n, c\u00e1c c\u1eb7p \u0111\u00f4i, gia \u0111\u00ecnh ho\u1eb7c nh\u00f3m b\u1ea1n b\u00e8, tr\u1ea3i nghi\u1ec7m n\u00e0y mang \u0111\u1ebfn m\u1ed9t c\u00e1ch linh ho\u1ea1t v\u00e0 h\u1ea5p d\u1eabn \u0111\u1ec3 kh\u00e1m ph\u00e1 Arnhem.<\/p>\n","protected":false},"excerpt":{"rendered":"<p>Kh\u00e1m ph\u00e1 Kho b\u00e1u ti\u1ec1m \u1ea9n c\u1ee7a Arnhem! D\u1ea1o quanh m\u1ed9t th\u00e0nh ph\u1ed1 pha tr\u1ed9n n\u00e9t quy\u1ebfn r\u0169 l\u1ecbch s\u1eed v\u1edbi s\u1ef1 s\u00f4i \u0111\u1ed9ng hi\u1ec7n \u0111\u1ea1i, t\u1eeb nh\u1eefng ph\u00e1o \u0111\u00e0i c\u1ed5 k\u00ednh \u0111\u1ebfn cu\u1ed9c s\u1ed1ng v\u1ec1 \u0111\u00eam n\u00e1o nhi\u1ec7t. Gi\u1ea3i m\u00e3 nh\u1eefng manh m\u1ed1i h\u1ea5p d\u1eabn khi b\u1ea1n lang thang qua nh\u1eefng con h\u1ebbm quy\u1ebfn r\u0169, Arnhem l\u00e0 m\u1ed9t m\u1ea1ch ngu\u1ed3n c\u1ee7a nh\u1eefng \u0111i\u1ec1u k\u1ef3 di\u1ec7u b\u1ea5t ng\u1edd!<\/p>\n","protected":false},"featured_media":4507,"template":"","meta":{"_acf_changed":false,"_yoast_wpseo_focuskw":"Secrets of Arnhem","_yoast_wpseo_metadesc":"Secrets of Arnhem. Ch\u01a1i City Game t\u1ef1 h\u01b0\u1edbng d\u1eabn v\u00e0 kh\u00e1m ph\u00e1 th\u00e0nh ph\u1ed1 qua c\u00e1c c\u00e2u \u0111\u1ed1, c\u00e2u h\u1ecfi h\u00f3c b\u00faa v\u00e0 th\u1eed th\u00e1ch. Ch\u01a1i theo t\u1ed1c \u0111\u1ed9 c\u1ee7a ri\u00eang b\u1ea1n v\u00e0 kh\u00e1m ph\u00e1 nh\u01b0 m\u1ed9t ng\u01b0\u1eddi \u0111\u1ecba ph\u01b0\u01a1ng!","_kad_blocks_custom_css":"","_kad_blocks_head_custom_js":"","_kad_blocks_body_custom_js":"","_kad_blocks_footer_custom_js":"","ghostkit_customizer_options":"","ghostkit_custom_css":"","ghostkit_custom_js_head":"","ghostkit_custom_js_foot":"","ghostkit_typography":"","_kad_post_transparent":"","_kad_post_title":"","_kad_post_layout":"","_kad_post_sidebar_id":"","_kad_post_content_style":"","_kad_post_vertical_padding":"","_kad_post_feature":"","_kad_post_feature_position":"","_kad_post_header":false,"_kad_post_footer":false,"_kad_post_classname":"","_links_to":"","_links_to_target":""},"game-concept":[733],"location":[71],"product_brand":[],"product_cat":[27],"product_tag":[],"class_list":{"0":"post-57643","1":"product","2":"type-product","3":"status-publish","4":"has-post-thumbnail","6":"game-concept-secrets","7":"location-arnhem","8":"product_cat-geen-categorie","10":"first","11":"instock","12":"shipping-taxable","13":"purchasable","14":"product-type-simple","15":"entry","16":"content-bg","17":"loop-entry"},"acf":{"full_bokun_product_name":"Self-Guided Secrets of Arnhem Exploration Game","location_name":"Arnhem","bokun_calendar_widget_code":"<script type=\"text\/javascript\" src=\"https:\/\/widgets.bokun.io\/assets\/javascripts\/apps\/build\/BokunWidgetsLoader.js?bookingChannelUUID=a1e93e96-5232-4734-a595-28405f4b5a31\" async><\/script>\n     \n    <div class=\"bokunWidget\" data-src=\"https:\/\/widgets.bokun.io\/online-sales\/a1e93e96-5232-4734-a595-28405f4b5a31\/experience-calendar\/738546\"><\/div>\n    <noscript>Please enable javascript in your browser to book<\/noscript>","bokun_button_widget_code":"<script type=\"text\/javascript\" src=\"https:\/\/widgets.bokun.io\/assets\/javascripts\/apps\/build\/BokunWidgetsLoader.js?bookingChannelUUID=a1e93e96-5232-4734-a595-28405f4b5a31\" async><\/script>\n      <style> #bokun_ed001e45_5927_4f62_b470_ca766338d083 { display: inline-block; padding: .4em 1em; background: #47b82e; border-radius: 999999px; box-shadow: none; font-weight: 600; font-size: 24px; text-decoration: none; text-align: center; color: #FFFFFF; border:none; cursor: pointer; transition: background .2s ease; } #bokun_ed001e45_5927_4f62_b470_ca766338d083:hover{ background: #2f7b1f; } #bokun_ed001e45_5927_4f62_b470_ca766338d083:active{ background: #378f24; } <\/style> <button class=\"bokunButton\" disabled id=bokun_ed001e45_5927_4f62_b470_ca766338d083 data-src=\"https:\/\/widgets.bokun.io\/online-sales\/a1e93e96-5232-4734-a595-28405f4b5a31\/experience-calendar\/738546?partialView=1\" data-testid=\"widget-book-button\" > Book now <\/button> ","what_you\u2019ll_experience_during_the_game":"Khi kh\u00e1m ph\u00e1 Arnhem th\u00f4ng qua City Game s\u1ed1ng \u0111\u1ed9ng n\u00e0y, b\u1ea1n s\u1ebd kh\u00e1m ph\u00e1 th\u00e0nh ph\u1ed1 d\u01b0\u1edbi m\u1ed9t g\u00f3c nh\u00ecn m\u1edbi b\u1eb1ng c\u00e1ch \u0111i theo m\u1ed9t c\u00e2u chuy\u1ec7n \u0111\u01b0\u1ee3c d\u1ec7t n\u00ean t\u1eeb nh\u1eefng con ph\u1ed1, \u0111\u1ecba danh v\u00e0 nh\u1eefng g\u00f3c khu\u1ea5t. Tr\u00f2 ch\u01a1i s\u1ebd d\u1eabn b\u1ea1n qua c\u1ea3 nh\u1eefng \u0111\u1ecba \u0111i\u1ec3m n\u1ed5i ti\u1ebfng v\u00e0 nh\u1eefng n\u01a1i b\u1ea5t ng\u1edd, v\u1edbi c\u00e1c \u0111i\u1ec3m \u0111\u1ebfn nh\u01b0 Nh\u00e0 th\u1edd Eusebius l\u1ecbch s\u1eed, qu\u1ea3ng tr\u01b0\u1eddng Jansplein s\u00f4i \u0111\u1ed9ng v\u00e0 kh\u00f4ng gian y\u00ean b\u00ecnh c\u1ee7a C\u00f4ng vi\u00ean Sonsbeek. Tr\u00ean \u0111\u01b0\u1eddng \u0111i, b\u1ea1n s\u1ebd c\u1ea3m nh\u1eadn \u0111\u01b0\u1ee3c n\u00e9t \u0111\u1eb7c tr\u01b0ng c\u1ee7a Arnhem khi di chuy\u1ec3n gi\u1eefa c\u00e1c \u0111i\u1ec3m nh\u1ea5n v\u0103n h\u00f3a, kh\u00f4ng gian c\u00f4ng c\u1ed9ng hi\u1ec7n \u0111\u1ea1i v\u00e0 nh\u1eefng khu v\u1ef1c xanh m\u00e1t, h\u00e9 l\u1ed9 nhi\u1ec1u l\u1edbp l\u1ecbch s\u1eed \u0111\u1ecba ph\u01b0\u01a1ng. M\u1ed7i b\u01b0\u1edbc ch\u00e2n s\u1ebd k\u1ebft n\u1ed1i b\u1ea1n s\u00e2u s\u1eafc h\u01a1n v\u1edbi nh\u1eefng c\u00e2u chuy\u1ec7n v\u00e0 b\u1ea7u kh\u00f4ng kh\u00ed c\u1ee7a th\u00e0nh ph\u1ed1.\n\nTrong su\u1ed1t City Game, b\u1ea1n s\u1ebd gi\u1ea3i quy\u1ebft m\u1ed9t lo\u1ea1t c\u00e1c c\u00e2u \u0111\u1ed1, c\u00e2u h\u1ecfi h\u00f3c b\u00faa, th\u1eed th\u00e1ch s\u00e1ng t\u1ea1o v\u00e0 nhi\u1ec7m v\u1ee5 ch\u1ee5p \u1ea3nh, m\u1ed7i th\u1eed th\u00e1ch \u0111\u1ec1u \u0111\u01b0\u1ee3c thi\u1ebft k\u1ebf \u0111\u1ec3 r\u00e8n luy\u1ec7n kh\u1ea3 n\u0103ng quan s\u00e1t c\u1ee7a b\u1ea1n v\u00e0 h\u00e9 l\u1ed9 c\u00e1c ph\u1ea7n c\u1ee7a m\u1ed9t b\u00ed \u1ea9n l\u1edbn h\u01a1n. Khi ho\u00e0n th\u00e0nh th\u1eed th\u00e1ch, b\u1ea1n s\u1ebd ki\u1ebfm \u0111\u01b0\u1ee3c \u0111i\u1ec3m, m\u1edf kh\u00f3a c\u00e1c g\u1ee3i \u00fd t\u00f9y ch\u1ecdn v\u00e0 kh\u00e1m ph\u00e1 c\u00e1c ph\u1ea7n m\u1edbi c\u1ee7a c\u00e2u chuy\u1ec7n theo t\u1ed1c \u0111\u1ed9 c\u1ee7a ri\u00eang m\u00ecnh. Tr\u1ea3i nghi\u1ec7m n\u00e0y r\u1ea5t linh ho\u1ea1t \u2014 b\u1ea1n c\u00f3 th\u1ec3 t\u1ea1m d\u1eebng tr\u00f2 ch\u01a1i b\u1ea5t c\u1ee9 l\u00fac n\u00e0o v\u00e0 ti\u1ebfp t\u1ee5c sau, d\u00f9 l\u00e0 \u0111\u1ec3 ngh\u1ec9 ng\u01a1i hay kh\u00e1m ph\u00e1 s\u00e2u h\u01a1n. \u0110\u1ed1i v\u1edbi nh\u1eefng ng\u01b0\u1eddi th\u00edch y\u1ebfu t\u1ed1 c\u1ea1nh tranh, c\u00f2n c\u00f3 c\u01a1 h\u1ed9i leo l\u00ean b\u1ea3ng x\u1ebfp h\u1ea1ng v\u00e0 so s\u00e1nh \u0111i\u1ec3m s\u1ed1 v\u1edbi c\u00e1c \u0111\u1ed9i kh\u00e1c \u0111ang kh\u00e1m ph\u00e1 Arnhem.","how_to_play":"\u0110\u1eb7t mua Tr\u00f2 ch\u01a1i Kh\u00e1m ph\u00e1, ki\u1ec3m tra email ch\u00fang t\u00f4i g\u1eedi cho b\u1ea1n v\u1edbi h\u01b0\u1edbng d\u1eabn \u0111\u01a1n gi\u1ea3n, t\u1ea3i xu\u1ed1ng \u1ee8ng d\u1ee5ng Loquiz, truy c\u1eadp Tr\u00f2 ch\u01a1i Kh\u00e1m ph\u00e1 v\u00e0 b\u1ea1n \u0111\u00e3 s\u1eb5n s\u00e0ng b\u1eaft \u0111\u1ea7u tr\u1ea3i nghi\u1ec7m tr\u00f2 ch\u01a1i c\u1ee7a m\u00ecnh!","start_location":"Arnhem, Kerkplein","available_languages":["en","de","nl"],"players_per_group":"1-4","duration":"1.5-2 hours","image_overlay_color_image":"https:\/\/testwebsite.citygame.com\/wp-content\/blogs.dir\/1\/files\/sites\/62\/2026\/01\/SecretsColor.svg","image_overlay_game_logo":"https:\/\/testwebsite.citygame.com\/wp-content\/blogs.dir\/1\/files\/sites\/62\/2026\/01\/SecretsLogo.png","city_page":4492,"woocommerce_general_content":null},"yoast_head":"<!-- This site is optimized with the Yoast SEO Premium plugin v26.2 (Yoast SEO v26.3) - https:\/\/yoast.com\/wordpress\/plugins\/seo\/ -->\n<title>Secrets of Arnhem - City Game<\/title>\n<meta name=\"description\" content=\"Secrets of Arnhem. Ch\u01a1i City Game t\u1ef1 h\u01b0\u1edbng d\u1eabn v\u00e0 kh\u00e1m ph\u00e1 th\u00e0nh ph\u1ed1 qua c\u00e1c c\u00e2u \u0111\u1ed1, c\u00e2u h\u1ecfi h\u00f3c b\u00faa v\u00e0 th\u1eed th\u00e1ch. Ch\u01a1i theo t\u1ed1c \u0111\u1ed9 c\u1ee7a ri\u00eang b\u1ea1n v\u00e0 kh\u00e1m ph\u00e1 nh\u01b0 m\u1ed9t ng\u01b0\u1eddi \u0111\u1ecba ph\u01b0\u01a1ng!\" \/>\n<meta name=\"robots\" content=\"noindex, follow, max-snippet:-1, max-image-preview:large, max-video-preview:-1\" \/>\n<meta property=\"og:locale\" content=\"vi_VN\" \/>\n<meta property=\"og:type\" content=\"article\" \/>\n<meta property=\"og:title\" content=\"Secrets of Arnhem\" \/>\n<meta property=\"og:description\" content=\"Secrets of Arnhem. Ch\u01a1i City Game t\u1ef1 h\u01b0\u1edbng d\u1eabn v\u00e0 kh\u00e1m ph\u00e1 th\u00e0nh ph\u1ed1 qua c\u00e1c c\u00e2u \u0111\u1ed1, c\u00e2u h\u1ecfi h\u00f3c b\u00faa v\u00e0 th\u1eed th\u00e1ch. Ch\u01a1i theo t\u1ed1c \u0111\u1ed9 c\u1ee7a ri\u00eang b\u1ea1n v\u00e0 kh\u00e1m ph\u00e1 nh\u01b0 m\u1ed9t ng\u01b0\u1eddi \u0111\u1ecba ph\u01b0\u01a1ng!\" \/>\n<meta property=\"og:url\" content=\"https:\/\/testwebsite.citygame.com\/vi\/games\/arnhem\/secrets-of-arnhem\/\" \/>\n<meta property=\"og:site_name\" content=\"City Game\" \/>\n<meta property=\"article:publisher\" content=\"https:\/\/www.facebook.com\/profile.php?id=100086426226253\" \/>\n<meta property=\"article:modified_time\" content=\"2026-04-08T00:52:00+00:00\" \/>\n<meta property=\"og:image\" content=\"https:\/\/testwebsite.citygame.com\/wp-content\/blogs.dir\/1\/files\/sites\/62\/2026\/01\/city-game-players-looking-at-phone-arnhem.jpg\" \/>\n\t<meta property=\"og:image:width\" content=\"1248\" \/>\n\t<meta property=\"og:image:height\" content=\"832\" \/>\n\t<meta property=\"og:image:type\" content=\"image\/jpeg\" \/>\n<meta name=\"twitter:card\" content=\"summary_large_image\" \/>\n<meta name=\"twitter:label1\" content=\"\u01af\u1edbc t\u00ednh th\u1eddi gian \u0111\u1ecdc\" \/>\n\t<meta name=\"twitter:data1\" content=\"1 ph\u00fat\" \/>\n<script type=\"application\/ld+json\" class=\"yoast-schema-graph\">{\"@context\":\"https:\/\/schema.org\",\"@graph\":[{\"@type\":\"WebPage\",\"@id\":\"https:\/\/testwebsite.citygame.com\/vi\/games\/arnhem\/secrets-of-arnhem\/\",\"url\":\"https:\/\/testwebsite.citygame.com\/vi\/games\/arnhem\/secrets-of-arnhem\/\",\"name\":\"Secrets of Arnhem - City Game\",\"isPartOf\":{\"@id\":\"https:\/\/testwebsite.upevents.nl\/#website\"},\"primaryImageOfPage\":{\"@id\":\"https:\/\/testwebsite.citygame.com\/vi\/games\/arnhem\/secrets-of-arnhem\/#primaryimage\"},\"image\":{\"@id\":\"https:\/\/testwebsite.citygame.com\/vi\/games\/arnhem\/secrets-of-arnhem\/#primaryimage\"},\"thumbnailUrl\":\"https:\/\/testwebsite.citygame.com\/wp-content\/blogs.dir\/1\/files\/sites\/62\/2026\/01\/city-game-players-looking-at-phone-arnhem.jpg\",\"datePublished\":\"2026-01-27T10:56:17+00:00\",\"dateModified\":\"2026-04-08T00:52:00+00:00\",\"description\":\"Secrets of Arnhem. Ch\u01a1i City Game t\u1ef1 h\u01b0\u1edbng d\u1eabn v\u00e0 kh\u00e1m ph\u00e1 th\u00e0nh ph\u1ed1 qua c\u00e1c c\u00e2u \u0111\u1ed1, c\u00e2u h\u1ecfi h\u00f3c b\u00faa v\u00e0 th\u1eed th\u00e1ch. Ch\u01a1i theo t\u1ed1c \u0111\u1ed9 c\u1ee7a ri\u00eang b\u1ea1n v\u00e0 kh\u00e1m ph\u00e1 nh\u01b0 m\u1ed9t ng\u01b0\u1eddi \u0111\u1ecba ph\u01b0\u01a1ng!\",\"breadcrumb\":{\"@id\":\"https:\/\/testwebsite.citygame.com\/vi\/games\/arnhem\/secrets-of-arnhem\/#breadcrumb\"},\"inLanguage\":\"vi\",\"potentialAction\":[{\"@type\":\"ReadAction\",\"target\":[\"https:\/\/testwebsite.citygame.com\/vi\/games\/arnhem\/secrets-of-arnhem\/\"]}]},{\"@type\":\"ImageObject\",\"inLanguage\":\"vi\",\"@id\":\"https:\/\/testwebsite.citygame.com\/vi\/games\/arnhem\/secrets-of-arnhem\/#primaryimage\",\"url\":\"https:\/\/testwebsite.citygame.com\/wp-content\/blogs.dir\/1\/files\/sites\/62\/2026\/01\/city-game-players-looking-at-phone-arnhem.jpg\",\"contentUrl\":\"https:\/\/testwebsite.citygame.com\/wp-content\/blogs.dir\/1\/files\/sites\/62\/2026\/01\/city-game-players-looking-at-phone-arnhem.jpg\",\"width\":1248,\"height\":832,\"caption\":\"A group of friends solves a puzzle on their smartphone during a city game in Arnhem.\"},{\"@type\":\"BreadcrumbList\",\"@id\":\"https:\/\/testwebsite.citygame.com\/vi\/games\/arnhem\/secrets-of-arnhem\/#breadcrumb\",\"itemListElement\":[{\"@type\":\"ListItem\",\"position\":1,\"name\":\"Home\",\"item\":\"https:\/\/testwebsite.citygame.com\/vi\/\"},{\"@type\":\"ListItem\",\"position\":2,\"name\":\"Shop\",\"item\":\"https:\/\/testwebsite.citygame.com\/shop\/\"},{\"@type\":\"ListItem\",\"position\":3,\"name\":\"Secrets of Arnhem\"}]},{\"@type\":\"WebSite\",\"@id\":\"https:\/\/testwebsite.upevents.nl\/#website\",\"url\":\"https:\/\/testwebsite.upevents.nl\/\",\"name\":\"City Game\",\"description\":\"\",\"publisher\":{\"@id\":\"https:\/\/testwebsite.upevents.nl\/#organization\"},\"alternateName\":\"citygame.com\",\"potentialAction\":[{\"@type\":\"SearchAction\",\"target\":{\"@type\":\"EntryPoint\",\"urlTemplate\":\"https:\/\/testwebsite.upevents.nl\/?s={search_term_string}\"},\"query-input\":{\"@type\":\"PropertyValueSpecification\",\"valueRequired\":true,\"valueName\":\"search_term_string\"}}],\"inLanguage\":\"vi\"},{\"@type\":[\"Organization\",\"Place\"],\"@id\":\"https:\/\/testwebsite.upevents.nl\/#organization\",\"name\":\"City Game\",\"alternateName\":\"citygame.com\",\"url\":\"https:\/\/testwebsite.upevents.nl\/\",\"logo\":{\"@id\":\"https:\/\/testwebsite.citygame.com\/vi\/games\/arnhem\/secrets-of-arnhem\/#local-main-organization-logo\"},\"image\":{\"@id\":\"https:\/\/testwebsite.citygame.com\/vi\/games\/arnhem\/secrets-of-arnhem\/#local-main-organization-logo\"},\"sameAs\":[\"https:\/\/www.facebook.com\/profile.php?id=100086426226253\",\"https:\/\/www.instagram.com\/citygame_com\",\"https:\/\/www.tiktok.com\/@citygamecom\/\",\"https:\/\/www.linkedin.com\/company\/citygame-com\"],\"description\":\"Turn any city into a playground with our interactive City Games and self-guided tours. Fun, flexible, and ideal for groups and team building.\",\"telephone\":[],\"openingHoursSpecification\":[{\"@type\":\"OpeningHoursSpecification\",\"dayOfWeek\":[\"Monday\",\"Tuesday\",\"Wednesday\",\"Thursday\",\"Friday\",\"Saturday\",\"Sunday\"],\"opens\":\"09:00\",\"closes\":\"17:00\"}]},{\"@type\":\"ImageObject\",\"inLanguage\":\"vi\",\"@id\":\"https:\/\/testwebsite.citygame.com\/vi\/games\/arnhem\/secrets-of-arnhem\/#local-main-organization-logo\",\"url\":\"https:\/\/testwebsite.citygame.com\/wp-content\/blogs.dir\/1\/files\/sites\/62\/2025\/10\/CG_LOGO-City-Game.png\",\"contentUrl\":\"https:\/\/testwebsite.citygame.com\/wp-content\/blogs.dir\/1\/files\/sites\/62\/2025\/10\/CG_LOGO-City-Game.png\",\"width\":351,\"height\":377,\"caption\":\"City Game\"}]}<\/script>\n<!-- \/ Yoast SEO Premium plugin. -->","yoast_head_json":{"title":"Secrets of Arnhem - City Game","description":"Secrets of Arnhem. Ch\u01a1i City Game t\u1ef1 h\u01b0\u1edbng d\u1eabn v\u00e0 kh\u00e1m ph\u00e1 th\u00e0nh ph\u1ed1 qua c\u00e1c c\u00e2u \u0111\u1ed1, c\u00e2u h\u1ecfi h\u00f3c b\u00faa v\u00e0 th\u1eed th\u00e1ch. Ch\u01a1i theo t\u1ed1c \u0111\u1ed9 c\u1ee7a ri\u00eang b\u1ea1n v\u00e0 kh\u00e1m ph\u00e1 nh\u01b0 m\u1ed9t ng\u01b0\u1eddi \u0111\u1ecba ph\u01b0\u01a1ng!","robots":{"index":"noindex","follow":"follow","max-snippet":"max-snippet:-1","max-image-preview":"max-image-preview:large","max-video-preview":"max-video-preview:-1"},"og_locale":"vi_VN","og_type":"article","og_title":"Secrets of Arnhem","og_description":"Secrets of Arnhem. Ch\u01a1i City Game t\u1ef1 h\u01b0\u1edbng d\u1eabn v\u00e0 kh\u00e1m ph\u00e1 th\u00e0nh ph\u1ed1 qua c\u00e1c c\u00e2u \u0111\u1ed1, c\u00e2u h\u1ecfi h\u00f3c b\u00faa v\u00e0 th\u1eed th\u00e1ch. Ch\u01a1i theo t\u1ed1c \u0111\u1ed9 c\u1ee7a ri\u00eang b\u1ea1n v\u00e0 kh\u00e1m ph\u00e1 nh\u01b0 m\u1ed9t ng\u01b0\u1eddi \u0111\u1ecba ph\u01b0\u01a1ng!","og_url":"https:\/\/testwebsite.citygame.com\/vi\/games\/arnhem\/secrets-of-arnhem\/","og_site_name":"City Game","article_publisher":"https:\/\/www.facebook.com\/profile.php?id=100086426226253","article_modified_time":"2026-04-08T00:52:00+00:00","og_image":[{"width":1248,"height":832,"url":"https:\/\/testwebsite.citygame.com\/wp-content\/blogs.dir\/1\/files\/sites\/62\/2026\/01\/city-game-players-looking-at-phone-arnhem.jpg","type":"image\/jpeg"}],"twitter_card":"summary_large_image","twitter_misc":{"\u01af\u1edbc t\u00ednh th\u1eddi gian \u0111\u1ecdc":"1 ph\u00fat"},"schema":{"@context":"https:\/\/schema.org","@graph":[{"@type":"WebPage","@id":"https:\/\/testwebsite.citygame.com\/vi\/games\/arnhem\/secrets-of-arnhem\/","url":"https:\/\/testwebsite.citygame.com\/vi\/games\/arnhem\/secrets-of-arnhem\/","name":"Secrets of Arnhem - City Game","isPartOf":{"@id":"https:\/\/testwebsite.upevents.nl\/#website"},"primaryImageOfPage":{"@id":"https:\/\/testwebsite.citygame.com\/vi\/games\/arnhem\/secrets-of-arnhem\/#primaryimage"},"image":{"@id":"https:\/\/testwebsite.citygame.com\/vi\/games\/arnhem\/secrets-of-arnhem\/#primaryimage"},"thumbnailUrl":"https:\/\/testwebsite.citygame.com\/wp-content\/blogs.dir\/1\/files\/sites\/62\/2026\/01\/city-game-players-looking-at-phone-arnhem.jpg","datePublished":"2026-01-27T10:56:17+00:00","dateModified":"2026-04-08T00:52:00+00:00","description":"Secrets of Arnhem. Ch\u01a1i City Game t\u1ef1 h\u01b0\u1edbng d\u1eabn v\u00e0 kh\u00e1m ph\u00e1 th\u00e0nh ph\u1ed1 qua c\u00e1c c\u00e2u \u0111\u1ed1, c\u00e2u h\u1ecfi h\u00f3c b\u00faa v\u00e0 th\u1eed th\u00e1ch. Ch\u01a1i theo t\u1ed1c \u0111\u1ed9 c\u1ee7a ri\u00eang b\u1ea1n v\u00e0 kh\u00e1m ph\u00e1 nh\u01b0 m\u1ed9t ng\u01b0\u1eddi \u0111\u1ecba ph\u01b0\u01a1ng!","breadcrumb":{"@id":"https:\/\/testwebsite.citygame.com\/vi\/games\/arnhem\/secrets-of-arnhem\/#breadcrumb"},"inLanguage":"vi","potentialAction":[{"@type":"ReadAction","target":["https:\/\/testwebsite.citygame.com\/vi\/games\/arnhem\/secrets-of-arnhem\/"]}]},{"@type":"ImageObject","inLanguage":"vi","@id":"https:\/\/testwebsite.citygame.com\/vi\/games\/arnhem\/secrets-of-arnhem\/#primaryimage","url":"https:\/\/testwebsite.citygame.com\/wp-content\/blogs.dir\/1\/files\/sites\/62\/2026\/01\/city-game-players-looking-at-phone-arnhem.jpg","contentUrl":"https:\/\/testwebsite.citygame.com\/wp-content\/blogs.dir\/1\/files\/sites\/62\/2026\/01\/city-game-players-looking-at-phone-arnhem.jpg","width":1248,"height":832,"caption":"A group of friends solves a puzzle on their smartphone during a city game in Arnhem."},{"@type":"BreadcrumbList","@id":"https:\/\/testwebsite.citygame.com\/vi\/games\/arnhem\/secrets-of-arnhem\/#breadcrumb","itemListElement":[{"@type":"ListItem","position":1,"name":"Home","item":"https:\/\/testwebsite.citygame.com\/vi\/"},{"@type":"ListItem","position":2,"name":"Shop","item":"https:\/\/testwebsite.citygame.com\/shop\/"},{"@type":"ListItem","position":3,"name":"Secrets of Arnhem"}]},{"@type":"WebSite","@id":"https:\/\/testwebsite.upevents.nl\/#website","url":"https:\/\/testwebsite.upevents.nl\/","name":"City Game","description":"","publisher":{"@id":"https:\/\/testwebsite.upevents.nl\/#organization"},"alternateName":"citygame.com","potentialAction":[{"@type":"SearchAction","target":{"@type":"EntryPoint","urlTemplate":"https:\/\/testwebsite.upevents.nl\/?s={search_term_string}"},"query-input":{"@type":"PropertyValueSpecification","valueRequired":true,"valueName":"search_term_string"}}],"inLanguage":"vi"},{"@type":["Organization","Place"],"@id":"https:\/\/testwebsite.upevents.nl\/#organization","name":"City Game","alternateName":"citygame.com","url":"https:\/\/testwebsite.upevents.nl\/","logo":{"@id":"https:\/\/testwebsite.citygame.com\/vi\/games\/arnhem\/secrets-of-arnhem\/#local-main-organization-logo"},"image":{"@id":"https:\/\/testwebsite.citygame.com\/vi\/games\/arnhem\/secrets-of-arnhem\/#local-main-organization-logo"},"sameAs":["https:\/\/www.facebook.com\/profile.php?id=100086426226253","https:\/\/www.instagram.com\/citygame_com","https:\/\/www.tiktok.com\/@citygamecom\/","https:\/\/www.linkedin.com\/company\/citygame-com"],"description":"Turn any city into a playground with our interactive City Games and self-guided tours. Fun, flexible, and ideal for groups and team building.","telephone":[],"openingHoursSpecification":[{"@type":"OpeningHoursSpecification","dayOfWeek":["Monday","Tuesday","Wednesday","Thursday","Friday","Saturday","Sunday"],"opens":"09:00","closes":"17:00"}]},{"@type":"ImageObject","inLanguage":"vi","@id":"https:\/\/testwebsite.citygame.com\/vi\/games\/arnhem\/secrets-of-arnhem\/#local-main-organization-logo","url":"https:\/\/testwebsite.citygame.com\/wp-content\/blogs.dir\/1\/files\/sites\/62\/2025\/10\/CG_LOGO-City-Game.png","contentUrl":"https:\/\/testwebsite.citygame.com\/wp-content\/blogs.dir\/1\/files\/sites\/62\/2025\/10\/CG_LOGO-City-Game.png","width":351,"height":377,"caption":"City Game"}]}},"taxonomy_info":{"game-concept":[{"value":733,"label":"Secrets"}],"location":[{"value":71,"label":"Arnhem"}],"product_cat":[{"value":27,"label":"Geen categorie"}]},"featured_image_src_large":["https:\/\/testwebsite.citygame.com\/wp-content\/blogs.dir\/1\/files\/sites\/62\/2026\/01\/city-game-players-looking-at-phone-arnhem-1024x683.jpg",1024,683,true],"author_info":[],"comment_info":"","_links":{"self":[{"href":"https:\/\/testwebsite.citygame.com\/vi\/wp-json\/wp\/v2\/product\/57643","targetHints":{"allow":["GET"]}}],"collection":[{"href":"https:\/\/testwebsite.citygame.com\/vi\/wp-json\/wp\/v2\/product"}],"about":[{"href":"https:\/\/testwebsite.citygame.com\/vi\/wp-json\/wp\/v2\/types\/product"}],"acf:post":[{"embeddable":true,"href":"https:\/\/testwebsite.citygame.com\/vi\/wp-json\/wp\/v2\/pages\/4492"}],"wp:featuredmedia":[{"embeddable":true,"href":"https:\/\/testwebsite.citygame.com\/vi\/wp-json\/wp\/v2\/media\/4507"}],"wp:attachment":[{"href":"https:\/\/testwebsite.citygame.com\/vi\/wp-json\/wp\/v2\/media?parent=57643"}],"wp:term":[{"taxonomy":"game-concept","embeddable":true,"href":"https:\/\/testwebsite.citygame.com\/vi\/wp-json\/wp\/v2\/game-concept?post=57643"},{"taxonomy":"location","embeddable":true,"href":"https:\/\/testwebsite.citygame.com\/vi\/wp-json\/wp\/v2\/location?post=57643"},{"taxonomy":"product_brand","embeddable":true,"href":"https:\/\/testwebsite.citygame.com\/vi\/wp-json\/wp\/v2\/product_brand?post=57643"},{"taxonomy":"product_cat","embeddable":true,"href":"https:\/\/testwebsite.citygame.com\/vi\/wp-json\/wp\/v2\/product_cat?post=57643"},{"taxonomy":"product_tag","embeddable":true,"href":"https:\/\/testwebsite.citygame.com\/vi\/wp-json\/wp\/v2\/product_tag?post=57643"}],"curies":[{"name":"wp","href":"https:\/\/api.w.org\/{rel}","templated":true}]}}