{"id":56642,"date":"2026-02-13T17:14:26","date_gmt":"2026-02-13T17:14:26","guid":{"rendered":"https:\/\/testwebsite.citygame.com\/games\/unknown-location\/the-groningen-syndicate\/"},"modified":"2026-04-07T23:02:23","modified_gmt":"2026-04-07T23:02:23","slug":"the-groningen-syndicate","status":"publish","type":"product","link":"https:\/\/testwebsite.citygame.com\/vi\/games\/groningen\/the-groningen-syndicate\/","title":{"rendered":"The Groningen Syndicate"},"content":{"rendered":"<p>Tr\u00f2 ch\u01a1i tho\u00e1t hi\u1ec3m th\u00e0nh ph\u1ed1 t\u1ef1 d\u1eabn d\u1eaft n\u00e0y t\u1ea1i Groningen di\u1ec5n ra \u1edf trung t\u00e2m th\u00e0nh ph\u1ed1 Groningen, n\u01a1i ng\u01b0\u1eddi ch\u01a1i l\u1eadp th\u00e0nh m\u1ed9t \u0111\u1ed9i \u0111\u1ec3 truy \u0111u\u1ed5i Magnus kh\u00f3 n\u1eafm b\u1eaft v\u00e0 l\u1ea5y l\u1ea1i s\u00e1u c\u00f4ng th\u1ee9c b\u1ecb \u0111\u00e1nh c\u1eafp. Th\u00f4ng qua m\u1ed9t lo\u1ea1t c\u00e1c c\u00e2u \u0111\u1ed1, nhi\u1ec7m v\u1ee5 v\u00e0 th\u1eed th\u00e1ch, nh\u1eefng ng\u01b0\u1eddi tham gia ph\u1ea3i h\u1ee3p t\u00e1c ch\u1eb7t ch\u1ebd, ti\u1ebfn b\u1ed9 t\u1eebng b\u01b0\u1edbc qua m\u1ed9t nhi\u1ec7m v\u1ee5 d\u1ef1a tr\u00ean c\u00e2u chuy\u1ec7n. Tr\u00f2 ch\u01a1i Th\u00e0nh ph\u1ed1 n\u00e0y \u1edf Groningen nh\u1ea5n m\u1ea1nh tinh th\u1ea7n \u0111\u1ed3ng \u0111\u1ed9i, c\u00e1ch k\u1ec3 chuy\u1ec7n nh\u1eadp vai v\u00e0 gi\u1ea3i quy\u1ebft v\u1ea5n \u0111\u1ec1 l\u00e0 nh\u1eefng y\u1ebfu t\u1ed1 ch\u00ednh c\u1ee7a tr\u1ea3i nghi\u1ec7m.<\/p>\n","protected":false},"excerpt":{"rendered":"<p>\u0110\u1eafm m\u00ecnh v\u00e0o h\u00e0nh \u0111\u1ed9ng \u0111\u1ea7y k\u1ecbch t\u00ednh c\u1ee7a Tr\u00f2 ch\u01a1i tho\u00e1t hi\u1ec3m th\u00e0nh ph\u1ed1 t\u1ef1 d\u1eabn d\u1eaft t\u1ea1i Groningen&#8217;. Ph\u1ed1i h\u1ee3p v\u1edbi \u0111\u1ed9i c\u1ee7a b\u1ea1n, gi\u1ea3i m\u00e3 nh\u1eefng c\u00e2u \u0111\u1ed1 ph\u1ee9c t\u1ea1p, theo d\u00f5i nh\u1eefng manh m\u1ed1i h\u1ea5p d\u1eabn, \u0111i\u1ec1u h\u01b0\u1edbng qua c\u00e1c nhi\u1ec7m v\u1ee5 kh\u00f3 kh\u0103n v\u00e0 kh\u00e1m ph\u00e1 s\u1ef1 th\u1eadt ly k\u1ef3 \u0111\u1eb1ng sau nh\u1eefng b\u00ed m\u1eadt \u1ea9n gi\u1ea5u c\u1ee7a th\u00e0nh ph\u1ed1 \u2013 \u0111\u00e2y l\u00e0 m\u1ed9t nhi\u1ec7m v\u1ee5 t\u1ed1c \u0111\u1ed9 cao \u0111\u00f2i h\u1ecfi s\u1ef1 c\u1ed1ng hi\u1ebfn h\u1ebft m\u00ecnh c\u1ee7a b\u1ea1n!<\/p>\n","protected":false},"featured_media":13712,"template":"","meta":{"_acf_changed":false,"_yoast_wpseo_focuskw":"The Groningen Syndicate","_yoast_wpseo_metadesc":"The Groningen Syndicate. Ch\u01a1i Tr\u00f2 ch\u01a1i tho\u00e1t hi\u1ec3m th\u00e0nh ph\u1ed1 t\u1ef1 d\u1eabn d\u1eaft, gi\u1ea3i c\u00e2u \u0111\u1ed1, ho\u00e0n th\u00e0nh nhi\u1ec7m v\u1ee5 v\u00e0 l\u1ea5y l\u1ea1i c\u00e1c c\u00f4ng th\u1ee9c b\u1ecb \u0111\u00e1nh c\u1eafp theo t\u1ed1c \u0111\u1ed9 c\u1ee7a ri\u00eang b\u1ea1n!","_kad_blocks_custom_css":"","_kad_blocks_head_custom_js":"","_kad_blocks_body_custom_js":"","_kad_blocks_footer_custom_js":"","ghostkit_customizer_options":"","ghostkit_custom_css":"","ghostkit_custom_js_head":"","ghostkit_custom_js_foot":"","ghostkit_typography":"","_kad_post_transparent":"","_kad_post_title":"","_kad_post_layout":"","_kad_post_sidebar_id":"","_kad_post_content_style":"","_kad_post_vertical_padding":"","_kad_post_feature":"","_kad_post_feature_position":"","_kad_post_header":false,"_kad_post_footer":false,"_kad_post_classname":"","_links_to":"","_links_to_target":""},"game-concept":[764],"location":[188],"product_brand":[],"product_cat":[27],"product_tag":[],"class_list":{"0":"post-56642","1":"product","2":"type-product","3":"status-publish","4":"has-post-thumbnail","6":"game-concept-syndicate","7":"location-groningen","8":"product_cat-geen-categorie","10":"first","11":"instock","12":"shipping-taxable","13":"purchasable","14":"product-type-simple","15":"entry","16":"content-bg","17":"loop-entry"},"acf":{"full_bokun_product_name":"Self-Guided The Groningen Syndicate City Escape Game","location_name":"Groningen","bokun_calendar_widget_code":"<script type=\"text\/javascript\" src=\"https:\/\/widgets.bokun.io\/assets\/javascripts\/apps\/build\/BokunWidgetsLoader.js?bookingChannelUUID=a1e93e96-5232-4734-a595-28405f4b5a31\" async><\/script>\n     \n    <div class=\"bokunWidget\" data-src=\"https:\/\/widgets.bokun.io\/online-sales\/a1e93e96-5232-4734-a595-28405f4b5a31\/experience-calendar\/785413\"><\/div>\n    <noscript>Please enable javascript in your browser to book<\/noscript>","bokun_button_widget_code":"<script type=\"text\/javascript\" src=\"https:\/\/widgets.bokun.io\/assets\/javascripts\/apps\/build\/BokunWidgetsLoader.js?bookingChannelUUID=a1e93e96-5232-4734-a595-28405f4b5a31\" async><\/script>\n      <style> #bokun_ed001e45_5927_4f62_b470_ca766338d083 { display: inline-block; padding: .4em 1em; background: #47b82e; border-radius: 999999px; box-shadow: none; font-weight: 600; font-size: 24px; text-decoration: none; text-align: center; color: #FFFFFF; border:none; cursor: pointer; transition: background .2s ease; } #bokun_ed001e45_5927_4f62_b470_ca766338d083:hover{ background: #2f7b1f; } #bokun_ed001e45_5927_4f62_b470_ca766338d083:active{ background: #378f24; } <\/style> <button class=\"bokunButton\" disabled id=bokun_ed001e45_5927_4f62_b470_ca766338d083 data-src=\"https:\/\/widgets.bokun.io\/online-sales\/a1e93e96-5232-4734-a595-28405f4b5a31\/experience-calendar\/785413?partialView=1\" data-testid=\"widget-book-button\" > Book now <\/button> ","what_you\u2019ll_experience_during_the_game":"B\u01b0\u1edbc v\u00e0o m\u1ed9t nhi\u1ec7m v\u1ee5 tho\u00e1t hi\u1ec3m \u0111\u1ea7y k\u1ecbch t\u00ednh di\u1ec5n ra trong l\u00f2ng Groningen, n\u01a1i \u0111\u1ed9i c\u1ee7a b\u1ea1n \u0111\u01b0\u1ee3c k\u00eau g\u1ecdi truy t\u00ecm Magnus kh\u00f3 n\u1eafm b\u1eaft v\u00e0 l\u1ea5y l\u1ea1i s\u00e1u c\u00f4ng th\u1ee9c khoa h\u1ecdc b\u1ecb \u0111\u00e1nh c\u1eafp tr\u01b0\u1edbc khi ch\u00fang bi\u1ebfn m\u1ea5t v\u0129nh vi\u1ec5n. Khi nhi\u1ec7m v\u1ee5 m\u1edf ra t\u1eebng b\u01b0\u1edbc, b\u1ea1n s\u1ebd di chuy\u1ec3n qua nh\u1eefng con ph\u1ed1 n\u0103ng \u0111\u1ed9ng c\u1ee7a th\u00e0nh ph\u1ed1, gi\u1ea3i m\u00e3 c\u00e1c tin nh\u1eafn \u0111\u01b0\u1ee3c m\u00e3 h\u00f3a, gi\u1ea3i quy\u1ebft c\u00e1c c\u00e2u \u0111\u1ed1 ph\u1ee9c t\u1ea1p v\u00e0 th\u1ef1c hi\u1ec7n c\u00e1c nhi\u1ec7m v\u1ee5 quan tr\u1ecdng \u0111\u1ea9y kh\u1ea3 n\u0103ng ph\u1ed1i h\u1ee3p c\u1ee7a \u0111\u1ed9i b\u1ea1n \u0111\u1ebfn gi\u1edbi h\u1ea1n.\n\nM\u1ecdi ph\u1ea7n c\u1ee7a tr\u1ea3i nghi\u1ec7m \u0111\u1ec1u \u0111\u01b0\u1ee3c l\u1ed3ng gh\u00e9p ch\u1eb7t ch\u1ebd v\u00e0o m\u1ed9t c\u00e2u chuy\u1ec7n li\u00ean t\u1ee5c, d\u1ef1a tr\u00ean c\u1ed1t truy\u1ec7n \u0111\u00f2i h\u1ecfi s\u1ef1 h\u1ee3p t\u00e1c, t\u01b0 duy ph\u1ea3n bi\u1ec7n v\u00e0 giao ti\u1ebfp r\u00f5 r\u00e0ng. C\u00e1c l\u1ef1a ch\u1ecdn chi\u1ebfn l\u01b0\u1ee3c \u0111\u1ecbnh h\u00ecnh t\u1ed1c \u0111\u1ed9 v\u00e0 con \u0111\u01b0\u1eddng nhi\u1ec7m v\u1ee5 c\u1ee7a b\u1ea1n, v\u1edbi s\u1ef1 t\u1ef1 do t\u1ea1m d\u1eebng v\u00e0 ti\u1ebfp t\u1ee5c b\u1ea5t c\u1ee9 khi n\u00e0o b\u1ea1n s\u1eb5n s\u00e0ng. B\u1ea3n th\u00e2n Groningen tr\u1edf th\u00e0nh b\u1ed1i c\u1ea3nh lu\u00f4n hi\u1ec7n h\u1eefu, \u0111\u1ea7y th\u1eed th\u00e1ch v\u00e0 c\u1ea5p b\u00e1ch, khi c\u00e1c quy\u1ebft \u0111\u1ecbnh c\u1ee7a b\u1ea1n s\u1ebd quy\u1ebft \u0111\u1ecbnh li\u1ec7u \u0111\u1ed9i c\u1ee7a b\u1ea1n c\u00f3 th\u1ec3 \u0111\u00e1nh l\u1eeba Magnus v\u00e0 ho\u00e0n th\u00e0nh nhi\u1ec7m v\u1ee5 hay kh\u00f4ng.","how_to_play":"\u0110\u1eb7t Tr\u00f2 ch\u01a1i Th\u00e0nh ph\u1ed1, ki\u1ec3m tra email ch\u00fang t\u00f4i g\u1eedi cho b\u1ea1n v\u1edbi h\u01b0\u1edbng d\u1eabn, t\u1ea3i xu\u1ed1ng \u1ee8ng d\u1ee5ng Loquiz v\u00e0 b\u1eaft \u0111\u1ea7u tr\u1ea3i nghi\u1ec7m ch\u01a1i game c\u1ee7a b\u1ea1n!","start_location":"Groningen, Grote Markt","available_languages":["en","nl"],"players_per_group":"1-4","duration":"1.5-2 hours","image_overlay_color_image":"https:\/\/testwebsite.citygame.com\/wp-content\/blogs.dir\/1\/files\/sites\/62\/2026\/01\/SyndicateColor.svg","image_overlay_game_logo":"https:\/\/testwebsite.citygame.com\/wp-content\/blogs.dir\/1\/files\/sites\/62\/2026\/01\/SyndicateLogo.png","city_page":4484,"woocommerce_general_content":null},"yoast_head":"<!-- This site is optimized with the Yoast SEO Premium plugin v26.2 (Yoast SEO v26.3) - https:\/\/yoast.com\/wordpress\/plugins\/seo\/ -->\n<title>The Groningen Syndicate - City Game<\/title>\n<meta name=\"description\" content=\"The Groningen Syndicate. Ch\u01a1i Tr\u00f2 ch\u01a1i tho\u00e1t hi\u1ec3m th\u00e0nh ph\u1ed1 t\u1ef1 d\u1eabn d\u1eaft, gi\u1ea3i c\u00e2u \u0111\u1ed1, ho\u00e0n th\u00e0nh nhi\u1ec7m v\u1ee5 v\u00e0 l\u1ea5y l\u1ea1i c\u00e1c c\u00f4ng th\u1ee9c b\u1ecb \u0111\u00e1nh c\u1eafp theo t\u1ed1c \u0111\u1ed9 c\u1ee7a ri\u00eang b\u1ea1n!\" \/>\n<meta name=\"robots\" content=\"noindex, follow, max-snippet:-1, max-image-preview:large, max-video-preview:-1\" \/>\n<meta property=\"og:locale\" content=\"vi_VN\" \/>\n<meta property=\"og:type\" content=\"article\" \/>\n<meta property=\"og:title\" content=\"The Groningen Syndicate\" \/>\n<meta property=\"og:description\" content=\"The Groningen Syndicate. Ch\u01a1i Tr\u00f2 ch\u01a1i tho\u00e1t hi\u1ec3m th\u00e0nh ph\u1ed1 t\u1ef1 d\u1eabn d\u1eaft, gi\u1ea3i c\u00e2u \u0111\u1ed1, ho\u00e0n th\u00e0nh nhi\u1ec7m v\u1ee5 v\u00e0 l\u1ea5y l\u1ea1i c\u00e1c c\u00f4ng th\u1ee9c b\u1ecb \u0111\u00e1nh c\u1eafp theo t\u1ed1c \u0111\u1ed9 c\u1ee7a ri\u00eang b\u1ea1n!\" \/>\n<meta property=\"og:url\" content=\"https:\/\/testwebsite.citygame.com\/vi\/games\/groningen\/the-groningen-syndicate\/\" \/>\n<meta property=\"og:site_name\" content=\"City Game\" \/>\n<meta property=\"article:publisher\" content=\"https:\/\/www.facebook.com\/profile.php?id=100086426226253\" \/>\n<meta property=\"article:modified_time\" content=\"2026-04-07T23:02:23+00:00\" \/>\n<meta property=\"og:image\" content=\"https:\/\/testwebsite.citygame.com\/wp-content\/blogs.dir\/1\/files\/sites\/62\/2026\/02\/players-city-game-groningen-martinikerk.jpg\" \/>\n\t<meta property=\"og:image:width\" content=\"1024\" \/>\n\t<meta property=\"og:image:height\" content=\"1024\" \/>\n\t<meta property=\"og:image:type\" content=\"image\/jpeg\" \/>\n<meta name=\"twitter:card\" content=\"summary_large_image\" \/>\n<meta name=\"twitter:label1\" content=\"\u01af\u1edbc t\u00ednh th\u1eddi gian \u0111\u1ecdc\" \/>\n\t<meta name=\"twitter:data1\" content=\"1 ph\u00fat\" \/>\n<script type=\"application\/ld+json\" class=\"yoast-schema-graph\">{\"@context\":\"https:\/\/schema.org\",\"@graph\":[{\"@type\":\"WebPage\",\"@id\":\"https:\/\/testwebsite.citygame.com\/vi\/games\/groningen\/the-groningen-syndicate\/\",\"url\":\"https:\/\/testwebsite.citygame.com\/vi\/games\/groningen\/the-groningen-syndicate\/\",\"name\":\"The Groningen Syndicate - City Game\",\"isPartOf\":{\"@id\":\"https:\/\/testwebsite.upevents.nl\/#website\"},\"primaryImageOfPage\":{\"@id\":\"https:\/\/testwebsite.citygame.com\/vi\/games\/groningen\/the-groningen-syndicate\/#primaryimage\"},\"image\":{\"@id\":\"https:\/\/testwebsite.citygame.com\/vi\/games\/groningen\/the-groningen-syndicate\/#primaryimage\"},\"thumbnailUrl\":\"https:\/\/testwebsite.citygame.com\/wp-content\/blogs.dir\/1\/files\/sites\/62\/2026\/02\/players-city-game-groningen-martinikerk.jpg\",\"datePublished\":\"2026-02-13T17:14:26+00:00\",\"dateModified\":\"2026-04-07T23:02:23+00:00\",\"description\":\"The Groningen Syndicate. Ch\u01a1i Tr\u00f2 ch\u01a1i tho\u00e1t hi\u1ec3m th\u00e0nh ph\u1ed1 t\u1ef1 d\u1eabn d\u1eaft, gi\u1ea3i c\u00e2u \u0111\u1ed1, ho\u00e0n th\u00e0nh nhi\u1ec7m v\u1ee5 v\u00e0 l\u1ea5y l\u1ea1i c\u00e1c c\u00f4ng th\u1ee9c b\u1ecb \u0111\u00e1nh c\u1eafp theo t\u1ed1c \u0111\u1ed9 c\u1ee7a ri\u00eang b\u1ea1n!\",\"breadcrumb\":{\"@id\":\"https:\/\/testwebsite.citygame.com\/vi\/games\/groningen\/the-groningen-syndicate\/#breadcrumb\"},\"inLanguage\":\"vi\",\"potentialAction\":[{\"@type\":\"ReadAction\",\"target\":[\"https:\/\/testwebsite.citygame.com\/vi\/games\/groningen\/the-groningen-syndicate\/\"]}]},{\"@type\":\"ImageObject\",\"inLanguage\":\"vi\",\"@id\":\"https:\/\/testwebsite.citygame.com\/vi\/games\/groningen\/the-groningen-syndicate\/#primaryimage\",\"url\":\"https:\/\/testwebsite.citygame.com\/wp-content\/blogs.dir\/1\/files\/sites\/62\/2026\/02\/players-city-game-groningen-martinikerk.jpg\",\"contentUrl\":\"https:\/\/testwebsite.citygame.com\/wp-content\/blogs.dir\/1\/files\/sites\/62\/2026\/02\/players-city-game-groningen-martinikerk.jpg\",\"width\":1024,\"height\":1024,\"caption\":\"A group of young people explore the historic center of Groningen using a smartphone.\"},{\"@type\":\"BreadcrumbList\",\"@id\":\"https:\/\/testwebsite.citygame.com\/vi\/games\/groningen\/the-groningen-syndicate\/#breadcrumb\",\"itemListElement\":[{\"@type\":\"ListItem\",\"position\":1,\"name\":\"Home\",\"item\":\"https:\/\/testwebsite.citygame.com\/vi\/\"},{\"@type\":\"ListItem\",\"position\":2,\"name\":\"Shop\",\"item\":\"https:\/\/testwebsite.citygame.com\/shop\/\"},{\"@type\":\"ListItem\",\"position\":3,\"name\":\"The Groningen Syndicate\"}]},{\"@type\":\"WebSite\",\"@id\":\"https:\/\/testwebsite.upevents.nl\/#website\",\"url\":\"https:\/\/testwebsite.upevents.nl\/\",\"name\":\"City Game\",\"description\":\"\",\"publisher\":{\"@id\":\"https:\/\/testwebsite.upevents.nl\/#organization\"},\"alternateName\":\"citygame.com\",\"potentialAction\":[{\"@type\":\"SearchAction\",\"target\":{\"@type\":\"EntryPoint\",\"urlTemplate\":\"https:\/\/testwebsite.upevents.nl\/?s={search_term_string}\"},\"query-input\":{\"@type\":\"PropertyValueSpecification\",\"valueRequired\":true,\"valueName\":\"search_term_string\"}}],\"inLanguage\":\"vi\"},{\"@type\":[\"Organization\",\"Place\"],\"@id\":\"https:\/\/testwebsite.upevents.nl\/#organization\",\"name\":\"City Game\",\"alternateName\":\"citygame.com\",\"url\":\"https:\/\/testwebsite.upevents.nl\/\",\"logo\":{\"@id\":\"https:\/\/testwebsite.citygame.com\/vi\/games\/groningen\/the-groningen-syndicate\/#local-main-organization-logo\"},\"image\":{\"@id\":\"https:\/\/testwebsite.citygame.com\/vi\/games\/groningen\/the-groningen-syndicate\/#local-main-organization-logo\"},\"sameAs\":[\"https:\/\/www.facebook.com\/profile.php?id=100086426226253\",\"https:\/\/www.instagram.com\/citygame_com\",\"https:\/\/www.tiktok.com\/@citygamecom\/\",\"https:\/\/www.linkedin.com\/company\/citygame-com\"],\"description\":\"Turn any city into a playground with our interactive City Games and self-guided tours. Fun, flexible, and ideal for groups and team building.\",\"telephone\":[],\"openingHoursSpecification\":[{\"@type\":\"OpeningHoursSpecification\",\"dayOfWeek\":[\"Monday\",\"Tuesday\",\"Wednesday\",\"Thursday\",\"Friday\",\"Saturday\",\"Sunday\"],\"opens\":\"09:00\",\"closes\":\"17:00\"}]},{\"@type\":\"ImageObject\",\"inLanguage\":\"vi\",\"@id\":\"https:\/\/testwebsite.citygame.com\/vi\/games\/groningen\/the-groningen-syndicate\/#local-main-organization-logo\",\"url\":\"https:\/\/testwebsite.citygame.com\/wp-content\/blogs.dir\/1\/files\/sites\/62\/2025\/10\/CG_LOGO-City-Game.png\",\"contentUrl\":\"https:\/\/testwebsite.citygame.com\/wp-content\/blogs.dir\/1\/files\/sites\/62\/2025\/10\/CG_LOGO-City-Game.png\",\"width\":351,\"height\":377,\"caption\":\"City Game\"}]}<\/script>\n<!-- \/ Yoast SEO Premium plugin. -->","yoast_head_json":{"title":"The Groningen Syndicate - City Game","description":"The Groningen Syndicate. Ch\u01a1i Tr\u00f2 ch\u01a1i tho\u00e1t hi\u1ec3m th\u00e0nh ph\u1ed1 t\u1ef1 d\u1eabn d\u1eaft, gi\u1ea3i c\u00e2u \u0111\u1ed1, ho\u00e0n th\u00e0nh nhi\u1ec7m v\u1ee5 v\u00e0 l\u1ea5y l\u1ea1i c\u00e1c c\u00f4ng th\u1ee9c b\u1ecb \u0111\u00e1nh c\u1eafp theo t\u1ed1c \u0111\u1ed9 c\u1ee7a ri\u00eang b\u1ea1n!","robots":{"index":"noindex","follow":"follow","max-snippet":"max-snippet:-1","max-image-preview":"max-image-preview:large","max-video-preview":"max-video-preview:-1"},"og_locale":"vi_VN","og_type":"article","og_title":"The Groningen Syndicate","og_description":"The Groningen Syndicate. Ch\u01a1i Tr\u00f2 ch\u01a1i tho\u00e1t hi\u1ec3m th\u00e0nh ph\u1ed1 t\u1ef1 d\u1eabn d\u1eaft, gi\u1ea3i c\u00e2u \u0111\u1ed1, ho\u00e0n th\u00e0nh nhi\u1ec7m v\u1ee5 v\u00e0 l\u1ea5y l\u1ea1i c\u00e1c c\u00f4ng th\u1ee9c b\u1ecb \u0111\u00e1nh c\u1eafp theo t\u1ed1c \u0111\u1ed9 c\u1ee7a ri\u00eang b\u1ea1n!","og_url":"https:\/\/testwebsite.citygame.com\/vi\/games\/groningen\/the-groningen-syndicate\/","og_site_name":"City Game","article_publisher":"https:\/\/www.facebook.com\/profile.php?id=100086426226253","article_modified_time":"2026-04-07T23:02:23+00:00","og_image":[{"width":1024,"height":1024,"url":"https:\/\/testwebsite.citygame.com\/wp-content\/blogs.dir\/1\/files\/sites\/62\/2026\/02\/players-city-game-groningen-martinikerk.jpg","type":"image\/jpeg"}],"twitter_card":"summary_large_image","twitter_misc":{"\u01af\u1edbc t\u00ednh th\u1eddi gian \u0111\u1ecdc":"1 ph\u00fat"},"schema":{"@context":"https:\/\/schema.org","@graph":[{"@type":"WebPage","@id":"https:\/\/testwebsite.citygame.com\/vi\/games\/groningen\/the-groningen-syndicate\/","url":"https:\/\/testwebsite.citygame.com\/vi\/games\/groningen\/the-groningen-syndicate\/","name":"The Groningen Syndicate - City Game","isPartOf":{"@id":"https:\/\/testwebsite.upevents.nl\/#website"},"primaryImageOfPage":{"@id":"https:\/\/testwebsite.citygame.com\/vi\/games\/groningen\/the-groningen-syndicate\/#primaryimage"},"image":{"@id":"https:\/\/testwebsite.citygame.com\/vi\/games\/groningen\/the-groningen-syndicate\/#primaryimage"},"thumbnailUrl":"https:\/\/testwebsite.citygame.com\/wp-content\/blogs.dir\/1\/files\/sites\/62\/2026\/02\/players-city-game-groningen-martinikerk.jpg","datePublished":"2026-02-13T17:14:26+00:00","dateModified":"2026-04-07T23:02:23+00:00","description":"The Groningen Syndicate. Ch\u01a1i Tr\u00f2 ch\u01a1i tho\u00e1t hi\u1ec3m th\u00e0nh ph\u1ed1 t\u1ef1 d\u1eabn d\u1eaft, gi\u1ea3i c\u00e2u \u0111\u1ed1, ho\u00e0n th\u00e0nh nhi\u1ec7m v\u1ee5 v\u00e0 l\u1ea5y l\u1ea1i c\u00e1c c\u00f4ng th\u1ee9c b\u1ecb \u0111\u00e1nh c\u1eafp theo t\u1ed1c \u0111\u1ed9 c\u1ee7a ri\u00eang b\u1ea1n!","breadcrumb":{"@id":"https:\/\/testwebsite.citygame.com\/vi\/games\/groningen\/the-groningen-syndicate\/#breadcrumb"},"inLanguage":"vi","potentialAction":[{"@type":"ReadAction","target":["https:\/\/testwebsite.citygame.com\/vi\/games\/groningen\/the-groningen-syndicate\/"]}]},{"@type":"ImageObject","inLanguage":"vi","@id":"https:\/\/testwebsite.citygame.com\/vi\/games\/groningen\/the-groningen-syndicate\/#primaryimage","url":"https:\/\/testwebsite.citygame.com\/wp-content\/blogs.dir\/1\/files\/sites\/62\/2026\/02\/players-city-game-groningen-martinikerk.jpg","contentUrl":"https:\/\/testwebsite.citygame.com\/wp-content\/blogs.dir\/1\/files\/sites\/62\/2026\/02\/players-city-game-groningen-martinikerk.jpg","width":1024,"height":1024,"caption":"A group of young people explore the historic center of Groningen using a smartphone."},{"@type":"BreadcrumbList","@id":"https:\/\/testwebsite.citygame.com\/vi\/games\/groningen\/the-groningen-syndicate\/#breadcrumb","itemListElement":[{"@type":"ListItem","position":1,"name":"Home","item":"https:\/\/testwebsite.citygame.com\/vi\/"},{"@type":"ListItem","position":2,"name":"Shop","item":"https:\/\/testwebsite.citygame.com\/shop\/"},{"@type":"ListItem","position":3,"name":"The Groningen Syndicate"}]},{"@type":"WebSite","@id":"https:\/\/testwebsite.upevents.nl\/#website","url":"https:\/\/testwebsite.upevents.nl\/","name":"City Game","description":"","publisher":{"@id":"https:\/\/testwebsite.upevents.nl\/#organization"},"alternateName":"citygame.com","potentialAction":[{"@type":"SearchAction","target":{"@type":"EntryPoint","urlTemplate":"https:\/\/testwebsite.upevents.nl\/?s={search_term_string}"},"query-input":{"@type":"PropertyValueSpecification","valueRequired":true,"valueName":"search_term_string"}}],"inLanguage":"vi"},{"@type":["Organization","Place"],"@id":"https:\/\/testwebsite.upevents.nl\/#organization","name":"City Game","alternateName":"citygame.com","url":"https:\/\/testwebsite.upevents.nl\/","logo":{"@id":"https:\/\/testwebsite.citygame.com\/vi\/games\/groningen\/the-groningen-syndicate\/#local-main-organization-logo"},"image":{"@id":"https:\/\/testwebsite.citygame.com\/vi\/games\/groningen\/the-groningen-syndicate\/#local-main-organization-logo"},"sameAs":["https:\/\/www.facebook.com\/profile.php?id=100086426226253","https:\/\/www.instagram.com\/citygame_com","https:\/\/www.tiktok.com\/@citygamecom\/","https:\/\/www.linkedin.com\/company\/citygame-com"],"description":"Turn any city into a playground with our interactive City Games and self-guided tours. Fun, flexible, and ideal for groups and team building.","telephone":[],"openingHoursSpecification":[{"@type":"OpeningHoursSpecification","dayOfWeek":["Monday","Tuesday","Wednesday","Thursday","Friday","Saturday","Sunday"],"opens":"09:00","closes":"17:00"}]},{"@type":"ImageObject","inLanguage":"vi","@id":"https:\/\/testwebsite.citygame.com\/vi\/games\/groningen\/the-groningen-syndicate\/#local-main-organization-logo","url":"https:\/\/testwebsite.citygame.com\/wp-content\/blogs.dir\/1\/files\/sites\/62\/2025\/10\/CG_LOGO-City-Game.png","contentUrl":"https:\/\/testwebsite.citygame.com\/wp-content\/blogs.dir\/1\/files\/sites\/62\/2025\/10\/CG_LOGO-City-Game.png","width":351,"height":377,"caption":"City Game"}]}},"taxonomy_info":{"game-concept":[{"value":764,"label":"Syndicate"}],"location":[{"value":188,"label":"Groningen"}],"product_cat":[{"value":27,"label":"Geen categorie"}]},"featured_image_src_large":["https:\/\/testwebsite.citygame.com\/wp-content\/blogs.dir\/1\/files\/sites\/62\/2026\/02\/players-city-game-groningen-martinikerk.jpg",1024,1024,false],"author_info":[],"comment_info":"","_links":{"self":[{"href":"https:\/\/testwebsite.citygame.com\/vi\/wp-json\/wp\/v2\/product\/56642","targetHints":{"allow":["GET"]}}],"collection":[{"href":"https:\/\/testwebsite.citygame.com\/vi\/wp-json\/wp\/v2\/product"}],"about":[{"href":"https:\/\/testwebsite.citygame.com\/vi\/wp-json\/wp\/v2\/types\/product"}],"acf:post":[{"embeddable":true,"href":"https:\/\/testwebsite.citygame.com\/vi\/wp-json\/wp\/v2\/pages\/4484"}],"wp:featuredmedia":[{"embeddable":true,"href":"https:\/\/testwebsite.citygame.com\/vi\/wp-json\/wp\/v2\/media\/13712"}],"wp:attachment":[{"href":"https:\/\/testwebsite.citygame.com\/vi\/wp-json\/wp\/v2\/media?parent=56642"}],"wp:term":[{"taxonomy":"game-concept","embeddable":true,"href":"https:\/\/testwebsite.citygame.com\/vi\/wp-json\/wp\/v2\/game-concept?post=56642"},{"taxonomy":"location","embeddable":true,"href":"https:\/\/testwebsite.citygame.com\/vi\/wp-json\/wp\/v2\/location?post=56642"},{"taxonomy":"product_brand","embeddable":true,"href":"https:\/\/testwebsite.citygame.com\/vi\/wp-json\/wp\/v2\/product_brand?post=56642"},{"taxonomy":"product_cat","embeddable":true,"href":"https:\/\/testwebsite.citygame.com\/vi\/wp-json\/wp\/v2\/product_cat?post=56642"},{"taxonomy":"product_tag","embeddable":true,"href":"https:\/\/testwebsite.citygame.com\/vi\/wp-json\/wp\/v2\/product_tag?post=56642"}],"curies":[{"name":"wp","href":"https:\/\/api.w.org\/{rel}","templated":true}]}}