{"id":55955,"date":"2026-02-13T15:40:24","date_gmt":"2026-02-13T15:40:24","guid":{"rendered":"https:\/\/testwebsite.citygame.com\/games\/unknown-location\/the-arnhem-syndicate\/"},"modified":"2026-04-07T21:50:16","modified_gmt":"2026-04-07T21:50:16","slug":"the-arnhem-syndicate","status":"publish","type":"product","link":"https:\/\/testwebsite.citygame.com\/vi\/games\/arnhem\/the-arnhem-syndicate\/","title":{"rendered":"The Arnhem Syndicate"},"content":{"rendered":"<p>The Arnhem Syndicate l\u00e0 m\u1ed9t tr\u00f2 ch\u01a1i City Escape t\u1ef1 h\u01b0\u1edbng d\u1eabn t\u1ea1i Arnhem, di\u1ec5n ra \u1edf trung t\u00e2m th\u00e0nh ph\u1ed1 Arnhem. Trong tr\u00f2 ch\u01a1i City Game t\u1ea1i Arnhem d\u1ef1a tr\u00ean nhi\u1ec7m v\u1ee5 n\u00e0y, ng\u01b0\u1eddi ch\u01a1i h\u1ee3p t\u00e1c v\u1edbi nhau \u0111\u1ec3 truy l\u00f9ng t\u00ean t\u1ed9i ph\u1ea1m kh\u00f3 n\u1eafm b\u1eaft Magnus v\u00e0 thu h\u1ed3i s\u00e1u c\u00f4ng th\u1ee9c b\u1ecb \u0111\u00e1nh c\u1eafp, ti\u1ebfn tri\u1ec3n t\u1eebng b\u01b0\u1edbc qua m\u1ed9t th\u1eed th\u00e1ch d\u1ef1a tr\u00ean c\u1ed1t truy\u1ec7n. V\u1edbi tinh th\u1ea7n \u0111\u1ed3ng \u0111\u1ed9i l\u00e0 c\u1ed1t l\u00f5i, tr\u00f2 ch\u01a1i th\u00e0nh ph\u1ed1 t\u1ef1 h\u01b0\u1edbng d\u1eabn n\u00e0y c\u00f3 c\u00e1c c\u00e2u \u0111\u1ed1, nhi\u1ec7m v\u1ee5 v\u00e0 vi\u1ec7c ra quy\u1ebft \u0111\u1ecbnh h\u1ee3p t\u00e1c khi ng\u01b0\u1eddi ch\u01a1i ti\u1ebfn b\u1ed9 qua c\u00e2u chuy\u1ec7n \u0111ang di\u1ec5n ra.<\/p>\n","protected":false},"excerpt":{"rendered":"<p>B\u01b0\u1edbc v\u00e0o trung t\u00e2m Arnhem trong tr\u00f2 ch\u01a1i City Escape t\u1ef1 h\u01b0\u1edbng d\u1eabn n\u00e0y. Theo d\u00f5i d\u1ea5u v\u1ebft c\u1ee7a c\u00e1c manh m\u1ed1i, l\u00e0m vi\u1ec7c v\u1edbi nh\u00f3m c\u1ee7a b\u1ea1n \u0111\u1ec3 gi\u1ea3i c\u00e1c c\u00e2u \u0111\u1ed1 h\u1ea5p d\u1eabn v\u00e0 l\u00e0m s\u00e1ng t\u1ecf s\u1ef1 th\u1eadt d\u01b0\u1edbi \u00e1p l\u1ef1c th\u1eddi gian!<\/p>\n","protected":false},"featured_media":13640,"template":"","meta":{"_acf_changed":false,"_yoast_wpseo_focuskw":"The Arnhem Syndicate","_yoast_wpseo_metadesc":"The Arnhem Syndicate. Ch\u01a1i m\u1ed9t tr\u00f2 ch\u01a1i City Escape t\u1ef1 h\u01b0\u1edbng d\u1eabn, gi\u1ea3i c\u00e1c c\u00e2u \u0111\u1ed1, ho\u00e0n th\u00e0nh nhi\u1ec7m v\u1ee5 v\u00e0 thu h\u1ed3i c\u00e1c c\u00f4ng th\u1ee9c b\u1ecb \u0111\u00e1nh c\u1eafp theo t\u1ed1c \u0111\u1ed9 c\u1ee7a ri\u00eang b\u1ea1n!","_kad_blocks_custom_css":"","_kad_blocks_head_custom_js":"","_kad_blocks_body_custom_js":"","_kad_blocks_footer_custom_js":"","ghostkit_customizer_options":"","ghostkit_custom_css":"","ghostkit_custom_js_head":"","ghostkit_custom_js_foot":"","ghostkit_typography":"","_kad_post_transparent":"default","_kad_post_title":"","_kad_post_layout":"default","_kad_post_sidebar_id":"","_kad_post_content_style":"default","_kad_post_vertical_padding":"default","_kad_post_feature":"","_kad_post_feature_position":"","_kad_post_header":false,"_kad_post_footer":false,"_kad_post_classname":"","_links_to":"","_links_to_target":""},"game-concept":[764],"location":[71],"product_brand":[],"product_cat":[27],"product_tag":[],"class_list":{"0":"post-55955","1":"product","2":"type-product","3":"status-publish","4":"has-post-thumbnail","6":"game-concept-syndicate","7":"location-arnhem","8":"product_cat-geen-categorie","10":"first","11":"instock","12":"shipping-taxable","13":"purchasable","14":"product-type-simple","15":"entry","16":"content-bg","17":"loop-entry"},"acf":{"full_bokun_product_name":"Self-Guided The Arnhem Syndicate City Escape Game","location_name":"Arnhem","bokun_calendar_widget_code":"<script type=\"text\/javascript\" src=\"https:\/\/widgets.bokun.io\/assets\/javascripts\/apps\/build\/BokunWidgetsLoader.js?bookingChannelUUID=a1e93e96-5232-4734-a595-28405f4b5a31\" async><\/script>\n     \n    <div class=\"bokunWidget\" data-src=\"https:\/\/widgets.bokun.io\/online-sales\/a1e93e96-5232-4734-a595-28405f4b5a31\/experience-calendar\/773740\"><\/div>\n    <noscript>Please enable javascript in your browser to book<\/noscript>","bokun_button_widget_code":"<script type=\"text\/javascript\" src=\"https:\/\/widgets.bokun.io\/assets\/javascripts\/apps\/build\/BokunWidgetsLoader.js?bookingChannelUUID=a1e93e96-5232-4734-a595-28405f4b5a31\" async><\/script>\n      <style> #bokun_ed001e45_5927_4f62_b470_ca766338d083 { display: inline-block; padding: .4em 1em; background: #47b82e; border-radius: 999999px; box-shadow: none; font-weight: 600; font-size: 24px; text-decoration: none; text-align: center; color: #FFFFFF; border:none; cursor: pointer; transition: background .2s ease; } #bokun_ed001e45_5927_4f62_b470_ca766338d083:hover{ background: #2f7b1f; } #bokun_ed001e45_5927_4f62_b470_ca766338d083:active{ background: #378f24; } <\/style> <button class=\"bokunButton\" disabled id=bokun_ed001e45_5927_4f62_b470_ca766338d083 data-src=\"https:\/\/widgets.bokun.io\/online-sales\/a1e93e96-5232-4734-a595-28405f4b5a31\/experience-calendar\/773740?partialView=1\" data-testid=\"widget-book-button\" > Book now <\/button> ","what_you\u2019ll_experience_during_the_game":"H\u00e3y s\u1eb5n s\u00e0ng tham gia v\u00e0o m\u1ed9t nhi\u1ec7m v\u1ee5 tho\u00e1t hi\u1ec3m \u0111\u1ea7y k\u1ecbch t\u00ednh, di\u1ec5n ra ngay gi\u1eefa l\u00f2ng Arnhem. L\u00e0 m\u1ed9t ph\u1ea7n c\u1ee7a \u0111\u01a1n v\u1ecb b\u00ed m\u1eadt tinh nhu\u1ec7, nhi\u1ec7m v\u1ee5 c\u1ee7a b\u1ea1n l\u00e0 truy l\u00f9ng nh\u00e2n v\u1eadt kh\u00f3 n\u1eafm b\u1eaft Magnus v\u00e0 thu h\u1ed3i s\u00e1u c\u00f4ng th\u1ee9c b\u1ecb \u0111\u00e1nh c\u1eafp tr\u01b0\u1edbc khi ch\u00fang bi\u1ebfn m\u1ea5t m\u00e3i m\u00e3i. Nhi\u1ec7m v\u1ee5 s\u1ebd d\u1ea7n h\u00e9 m\u1edf khi b\u1ea1n di chuy\u1ec3n qua th\u00e0nh ph\u1ed1, v\u1edbi c\u00e1c m\u1ee5c ti\u00eau m\u1edbi \u0111\u01b0\u1ee3c ti\u1ebft l\u1ed9 v\u00e0 nh\u1eefng l\u1ef1a ch\u1ecdn \u1ea3nh h\u01b0\u1edfng \u0111\u1ebfn con \u0111\u01b0\u1eddng ph\u00eda tr\u01b0\u1edbc c\u1ee7a b\u1ea1n.\r\n\r\nH\u00e3y s\u1eb5n s\u00e0ng \u0111\u1ed1i m\u1eb7t v\u1edbi h\u00e0ng lo\u1ea1t th\u1eed th\u00e1ch d\u1ef1a tr\u00ean c\u1ed1t truy\u1ec7n \u0111\u00f2i h\u1ecfi tinh th\u1ea7n \u0111\u1ed3ng \u0111\u1ed9i, giao ti\u1ebfp r\u00f5 r\u00e0ng v\u00e0 kh\u1ea3 n\u0103ng \u0111\u01b0a ra quy\u1ebft \u0111\u1ecbnh s\u1eafc b\u00e9n. T\u1eeb vi\u1ec7c gi\u1ea3i m\u00e3 c\u00e1c th\u00f4ng \u0111i\u1ec7p \u0111\u1ebfn ho\u00e0n th\u00e0nh c\u00e1c nhi\u1ec7m v\u1ee5 theo th\u1eddi gian, m\u1ed7i b\u01b0\u1edbc \u0111i s\u1ebd \u0111\u01b0a nh\u00f3m c\u1ee7a b\u1ea1n \u0111\u1ebfn g\u1ea7n h\u01a1n v\u1edbi vi\u1ec7c kh\u00e1m ph\u00e1 b\u1ee9c tranh to\u00e0n c\u1ea3nh. Tr\u1ea3i nghi\u1ec7m \u0111\u01b0\u1ee3c thi\u1ebft k\u1ebf linh ho\u1ea1t, cho ph\u00e9p b\u1ea1n t\u1ea1m d\u1eebng v\u00e0 ti\u1ebfp t\u1ee5c theo t\u1ed1c \u0111\u1ed9 c\u1ee7a ri\u00eang m\u00ecnh trong khi v\u1eabn ho\u00e0n to\u00e0n \u0111\u1eafm ch\u00ecm v\u00e0o ho\u1ea1t \u0111\u1ed9ng \u0111ang di\u1ec5n ra. Arnhem kh\u00f4ng ch\u1ec9 l\u00e0 m\u1ed9t b\u1ed1i c\u1ea3nh m\u00e0 c\u00f2n l\u00e0 m\u1ed9t ph\u1ea7n t\u00edch c\u1ef1c c\u1ee7a nhi\u1ec7m v\u1ee5, \u0111\u1eb7t b\u1ea1n v\u00e0o trung t\u00e2m c\u1ee7a m\u1ed9t cu\u1ed9c truy \u0111u\u1ed5i ly k\u1ef3.","how_to_play":"\u0110\u1eb7t tr\u00f2 ch\u01a1i City Game, ki\u1ec3m tra email ch\u00fang t\u00f4i g\u1eedi cho b\u1ea1n k\u00e8m h\u01b0\u1edbng d\u1eabn, t\u1ea3i xu\u1ed1ng \u1ee8ng d\u1ee5ng Loquiz v\u00e0 b\u1eaft \u0111\u1ea7u tr\u1ea3i nghi\u1ec7m ch\u01a1i game c\u1ee7a b\u1ea1n!","start_location":"Arnhem, Kerkplein","available_languages":["nl","en"],"players_per_group":"1-4","duration":"1.5-2 hours","image_overlay_color_image":"https:\/\/testwebsite.citygame.com\/wp-content\/blogs.dir\/1\/files\/sites\/62\/2026\/01\/SyndicateColor.svg","image_overlay_game_logo":"https:\/\/testwebsite.citygame.com\/wp-content\/blogs.dir\/1\/files\/sites\/62\/2026\/01\/SyndicateLogo.png","city_page":4492,"woocommerce_general_content":null},"yoast_head":"<!-- This site is optimized with the Yoast SEO Premium plugin v26.2 (Yoast SEO v26.3) - https:\/\/yoast.com\/wordpress\/plugins\/seo\/ -->\n<title>The Arnhem Syndicate - City Game<\/title>\n<meta name=\"description\" content=\"The Arnhem Syndicate. Ch\u01a1i m\u1ed9t tr\u00f2 ch\u01a1i City Escape t\u1ef1 h\u01b0\u1edbng d\u1eabn, gi\u1ea3i c\u00e1c c\u00e2u \u0111\u1ed1, ho\u00e0n th\u00e0nh nhi\u1ec7m v\u1ee5 v\u00e0 thu h\u1ed3i c\u00e1c c\u00f4ng th\u1ee9c b\u1ecb \u0111\u00e1nh c\u1eafp theo t\u1ed1c \u0111\u1ed9 c\u1ee7a ri\u00eang b\u1ea1n!\" \/>\n<meta name=\"robots\" content=\"noindex, follow, max-snippet:-1, max-image-preview:large, max-video-preview:-1\" \/>\n<meta property=\"og:locale\" content=\"vi_VN\" \/>\n<meta property=\"og:type\" content=\"article\" \/>\n<meta property=\"og:title\" content=\"The Arnhem Syndicate\" \/>\n<meta property=\"og:description\" content=\"The Arnhem Syndicate. Ch\u01a1i m\u1ed9t tr\u00f2 ch\u01a1i City Escape t\u1ef1 h\u01b0\u1edbng d\u1eabn, gi\u1ea3i c\u00e1c c\u00e2u \u0111\u1ed1, ho\u00e0n th\u00e0nh nhi\u1ec7m v\u1ee5 v\u00e0 thu h\u1ed3i c\u00e1c c\u00f4ng th\u1ee9c b\u1ecb \u0111\u00e1nh c\u1eafp theo t\u1ed1c \u0111\u1ed9 c\u1ee7a ri\u00eang b\u1ea1n!\" \/>\n<meta property=\"og:url\" content=\"https:\/\/testwebsite.citygame.com\/vi\/games\/arnhem\/the-arnhem-syndicate\/\" \/>\n<meta property=\"og:site_name\" content=\"City Game\" \/>\n<meta property=\"article:publisher\" content=\"https:\/\/www.facebook.com\/profile.php?id=100086426226253\" \/>\n<meta property=\"article:modified_time\" content=\"2026-04-07T21:50:16+00:00\" \/>\n<meta property=\"og:image\" content=\"https:\/\/testwebsite.citygame.com\/wp-content\/blogs.dir\/1\/files\/sites\/62\/2026\/02\/group-of-friends-playing-city-game-eusebius-church-arnhem.jpg\" \/>\n\t<meta property=\"og:image:width\" content=\"1024\" \/>\n\t<meta property=\"og:image:height\" content=\"1024\" \/>\n\t<meta property=\"og:image:type\" content=\"image\/jpeg\" \/>\n<meta name=\"twitter:card\" content=\"summary_large_image\" \/>\n<meta name=\"twitter:label1\" content=\"\u01af\u1edbc t\u00ednh th\u1eddi gian \u0111\u1ecdc\" \/>\n\t<meta name=\"twitter:data1\" content=\"1 ph\u00fat\" \/>\n<script type=\"application\/ld+json\" class=\"yoast-schema-graph\">{\"@context\":\"https:\/\/schema.org\",\"@graph\":[{\"@type\":\"WebPage\",\"@id\":\"https:\/\/testwebsite.citygame.com\/vi\/games\/arnhem\/the-arnhem-syndicate\/\",\"url\":\"https:\/\/testwebsite.citygame.com\/vi\/games\/arnhem\/the-arnhem-syndicate\/\",\"name\":\"The Arnhem Syndicate - City Game\",\"isPartOf\":{\"@id\":\"https:\/\/testwebsite.upevents.nl\/#website\"},\"primaryImageOfPage\":{\"@id\":\"https:\/\/testwebsite.citygame.com\/vi\/games\/arnhem\/the-arnhem-syndicate\/#primaryimage\"},\"image\":{\"@id\":\"https:\/\/testwebsite.citygame.com\/vi\/games\/arnhem\/the-arnhem-syndicate\/#primaryimage\"},\"thumbnailUrl\":\"https:\/\/testwebsite.citygame.com\/wp-content\/blogs.dir\/1\/files\/sites\/62\/2026\/02\/group-of-friends-playing-city-game-eusebius-church-arnhem.jpg\",\"datePublished\":\"2026-02-13T15:40:24+00:00\",\"dateModified\":\"2026-04-07T21:50:16+00:00\",\"description\":\"The Arnhem Syndicate. Ch\u01a1i m\u1ed9t tr\u00f2 ch\u01a1i City Escape t\u1ef1 h\u01b0\u1edbng d\u1eabn, gi\u1ea3i c\u00e1c c\u00e2u \u0111\u1ed1, ho\u00e0n th\u00e0nh nhi\u1ec7m v\u1ee5 v\u00e0 thu h\u1ed3i c\u00e1c c\u00f4ng th\u1ee9c b\u1ecb \u0111\u00e1nh c\u1eafp theo t\u1ed1c \u0111\u1ed9 c\u1ee7a ri\u00eang b\u1ea1n!\",\"breadcrumb\":{\"@id\":\"https:\/\/testwebsite.citygame.com\/vi\/games\/arnhem\/the-arnhem-syndicate\/#breadcrumb\"},\"inLanguage\":\"vi\",\"potentialAction\":[{\"@type\":\"ReadAction\",\"target\":[\"https:\/\/testwebsite.citygame.com\/vi\/games\/arnhem\/the-arnhem-syndicate\/\"]}]},{\"@type\":\"ImageObject\",\"inLanguage\":\"vi\",\"@id\":\"https:\/\/testwebsite.citygame.com\/vi\/games\/arnhem\/the-arnhem-syndicate\/#primaryimage\",\"url\":\"https:\/\/testwebsite.citygame.com\/wp-content\/blogs.dir\/1\/files\/sites\/62\/2026\/02\/group-of-friends-playing-city-game-eusebius-church-arnhem.jpg\",\"contentUrl\":\"https:\/\/testwebsite.citygame.com\/wp-content\/blogs.dir\/1\/files\/sites\/62\/2026\/02\/group-of-friends-playing-city-game-eusebius-church-arnhem.jpg\",\"width\":1024,\"height\":1024,\"caption\":\"A group of friends collaborate while playing an interactive city game in the center of Arnhem.\"},{\"@type\":\"BreadcrumbList\",\"@id\":\"https:\/\/testwebsite.citygame.com\/vi\/games\/arnhem\/the-arnhem-syndicate\/#breadcrumb\",\"itemListElement\":[{\"@type\":\"ListItem\",\"position\":1,\"name\":\"Home\",\"item\":\"https:\/\/testwebsite.citygame.com\/vi\/\"},{\"@type\":\"ListItem\",\"position\":2,\"name\":\"Shop\",\"item\":\"https:\/\/testwebsite.citygame.com\/shop\/\"},{\"@type\":\"ListItem\",\"position\":3,\"name\":\"The Arnhem Syndicate\"}]},{\"@type\":\"WebSite\",\"@id\":\"https:\/\/testwebsite.upevents.nl\/#website\",\"url\":\"https:\/\/testwebsite.upevents.nl\/\",\"name\":\"City Game\",\"description\":\"\",\"publisher\":{\"@id\":\"https:\/\/testwebsite.upevents.nl\/#organization\"},\"alternateName\":\"citygame.com\",\"potentialAction\":[{\"@type\":\"SearchAction\",\"target\":{\"@type\":\"EntryPoint\",\"urlTemplate\":\"https:\/\/testwebsite.upevents.nl\/?s={search_term_string}\"},\"query-input\":{\"@type\":\"PropertyValueSpecification\",\"valueRequired\":true,\"valueName\":\"search_term_string\"}}],\"inLanguage\":\"vi\"},{\"@type\":[\"Organization\",\"Place\"],\"@id\":\"https:\/\/testwebsite.upevents.nl\/#organization\",\"name\":\"City Game\",\"alternateName\":\"citygame.com\",\"url\":\"https:\/\/testwebsite.upevents.nl\/\",\"logo\":{\"@id\":\"https:\/\/testwebsite.citygame.com\/vi\/games\/arnhem\/the-arnhem-syndicate\/#local-main-organization-logo\"},\"image\":{\"@id\":\"https:\/\/testwebsite.citygame.com\/vi\/games\/arnhem\/the-arnhem-syndicate\/#local-main-organization-logo\"},\"sameAs\":[\"https:\/\/www.facebook.com\/profile.php?id=100086426226253\",\"https:\/\/www.instagram.com\/citygame_com\",\"https:\/\/www.tiktok.com\/@citygamecom\/\",\"https:\/\/www.linkedin.com\/company\/citygame-com\"],\"description\":\"Turn any city into a playground with our interactive City Games and self-guided tours. Fun, flexible, and ideal for groups and team building.\",\"telephone\":[],\"openingHoursSpecification\":[{\"@type\":\"OpeningHoursSpecification\",\"dayOfWeek\":[\"Monday\",\"Tuesday\",\"Wednesday\",\"Thursday\",\"Friday\",\"Saturday\",\"Sunday\"],\"opens\":\"09:00\",\"closes\":\"17:00\"}]},{\"@type\":\"ImageObject\",\"inLanguage\":\"vi\",\"@id\":\"https:\/\/testwebsite.citygame.com\/vi\/games\/arnhem\/the-arnhem-syndicate\/#local-main-organization-logo\",\"url\":\"https:\/\/testwebsite.citygame.com\/wp-content\/blogs.dir\/1\/files\/sites\/62\/2025\/10\/CG_LOGO-City-Game.png\",\"contentUrl\":\"https:\/\/testwebsite.citygame.com\/wp-content\/blogs.dir\/1\/files\/sites\/62\/2025\/10\/CG_LOGO-City-Game.png\",\"width\":351,\"height\":377,\"caption\":\"City Game\"}]}<\/script>\n<!-- \/ Yoast SEO Premium plugin. -->","yoast_head_json":{"title":"The Arnhem Syndicate - City Game","description":"The Arnhem Syndicate. Ch\u01a1i m\u1ed9t tr\u00f2 ch\u01a1i City Escape t\u1ef1 h\u01b0\u1edbng d\u1eabn, gi\u1ea3i c\u00e1c c\u00e2u \u0111\u1ed1, ho\u00e0n th\u00e0nh nhi\u1ec7m v\u1ee5 v\u00e0 thu h\u1ed3i c\u00e1c c\u00f4ng th\u1ee9c b\u1ecb \u0111\u00e1nh c\u1eafp theo t\u1ed1c \u0111\u1ed9 c\u1ee7a ri\u00eang b\u1ea1n!","robots":{"index":"noindex","follow":"follow","max-snippet":"max-snippet:-1","max-image-preview":"max-image-preview:large","max-video-preview":"max-video-preview:-1"},"og_locale":"vi_VN","og_type":"article","og_title":"The Arnhem Syndicate","og_description":"The Arnhem Syndicate. Ch\u01a1i m\u1ed9t tr\u00f2 ch\u01a1i City Escape t\u1ef1 h\u01b0\u1edbng d\u1eabn, gi\u1ea3i c\u00e1c c\u00e2u \u0111\u1ed1, ho\u00e0n th\u00e0nh nhi\u1ec7m v\u1ee5 v\u00e0 thu h\u1ed3i c\u00e1c c\u00f4ng th\u1ee9c b\u1ecb \u0111\u00e1nh c\u1eafp theo t\u1ed1c \u0111\u1ed9 c\u1ee7a ri\u00eang b\u1ea1n!","og_url":"https:\/\/testwebsite.citygame.com\/vi\/games\/arnhem\/the-arnhem-syndicate\/","og_site_name":"City Game","article_publisher":"https:\/\/www.facebook.com\/profile.php?id=100086426226253","article_modified_time":"2026-04-07T21:50:16+00:00","og_image":[{"width":1024,"height":1024,"url":"https:\/\/testwebsite.citygame.com\/wp-content\/blogs.dir\/1\/files\/sites\/62\/2026\/02\/group-of-friends-playing-city-game-eusebius-church-arnhem.jpg","type":"image\/jpeg"}],"twitter_card":"summary_large_image","twitter_misc":{"\u01af\u1edbc t\u00ednh th\u1eddi gian \u0111\u1ecdc":"1 ph\u00fat"},"schema":{"@context":"https:\/\/schema.org","@graph":[{"@type":"WebPage","@id":"https:\/\/testwebsite.citygame.com\/vi\/games\/arnhem\/the-arnhem-syndicate\/","url":"https:\/\/testwebsite.citygame.com\/vi\/games\/arnhem\/the-arnhem-syndicate\/","name":"The Arnhem Syndicate - City Game","isPartOf":{"@id":"https:\/\/testwebsite.upevents.nl\/#website"},"primaryImageOfPage":{"@id":"https:\/\/testwebsite.citygame.com\/vi\/games\/arnhem\/the-arnhem-syndicate\/#primaryimage"},"image":{"@id":"https:\/\/testwebsite.citygame.com\/vi\/games\/arnhem\/the-arnhem-syndicate\/#primaryimage"},"thumbnailUrl":"https:\/\/testwebsite.citygame.com\/wp-content\/blogs.dir\/1\/files\/sites\/62\/2026\/02\/group-of-friends-playing-city-game-eusebius-church-arnhem.jpg","datePublished":"2026-02-13T15:40:24+00:00","dateModified":"2026-04-07T21:50:16+00:00","description":"The Arnhem Syndicate. Ch\u01a1i m\u1ed9t tr\u00f2 ch\u01a1i City Escape t\u1ef1 h\u01b0\u1edbng d\u1eabn, gi\u1ea3i c\u00e1c c\u00e2u \u0111\u1ed1, ho\u00e0n th\u00e0nh nhi\u1ec7m v\u1ee5 v\u00e0 thu h\u1ed3i c\u00e1c c\u00f4ng th\u1ee9c b\u1ecb \u0111\u00e1nh c\u1eafp theo t\u1ed1c \u0111\u1ed9 c\u1ee7a ri\u00eang b\u1ea1n!","breadcrumb":{"@id":"https:\/\/testwebsite.citygame.com\/vi\/games\/arnhem\/the-arnhem-syndicate\/#breadcrumb"},"inLanguage":"vi","potentialAction":[{"@type":"ReadAction","target":["https:\/\/testwebsite.citygame.com\/vi\/games\/arnhem\/the-arnhem-syndicate\/"]}]},{"@type":"ImageObject","inLanguage":"vi","@id":"https:\/\/testwebsite.citygame.com\/vi\/games\/arnhem\/the-arnhem-syndicate\/#primaryimage","url":"https:\/\/testwebsite.citygame.com\/wp-content\/blogs.dir\/1\/files\/sites\/62\/2026\/02\/group-of-friends-playing-city-game-eusebius-church-arnhem.jpg","contentUrl":"https:\/\/testwebsite.citygame.com\/wp-content\/blogs.dir\/1\/files\/sites\/62\/2026\/02\/group-of-friends-playing-city-game-eusebius-church-arnhem.jpg","width":1024,"height":1024,"caption":"A group of friends collaborate while playing an interactive city game in the center of Arnhem."},{"@type":"BreadcrumbList","@id":"https:\/\/testwebsite.citygame.com\/vi\/games\/arnhem\/the-arnhem-syndicate\/#breadcrumb","itemListElement":[{"@type":"ListItem","position":1,"name":"Home","item":"https:\/\/testwebsite.citygame.com\/vi\/"},{"@type":"ListItem","position":2,"name":"Shop","item":"https:\/\/testwebsite.citygame.com\/shop\/"},{"@type":"ListItem","position":3,"name":"The Arnhem Syndicate"}]},{"@type":"WebSite","@id":"https:\/\/testwebsite.upevents.nl\/#website","url":"https:\/\/testwebsite.upevents.nl\/","name":"City Game","description":"","publisher":{"@id":"https:\/\/testwebsite.upevents.nl\/#organization"},"alternateName":"citygame.com","potentialAction":[{"@type":"SearchAction","target":{"@type":"EntryPoint","urlTemplate":"https:\/\/testwebsite.upevents.nl\/?s={search_term_string}"},"query-input":{"@type":"PropertyValueSpecification","valueRequired":true,"valueName":"search_term_string"}}],"inLanguage":"vi"},{"@type":["Organization","Place"],"@id":"https:\/\/testwebsite.upevents.nl\/#organization","name":"City Game","alternateName":"citygame.com","url":"https:\/\/testwebsite.upevents.nl\/","logo":{"@id":"https:\/\/testwebsite.citygame.com\/vi\/games\/arnhem\/the-arnhem-syndicate\/#local-main-organization-logo"},"image":{"@id":"https:\/\/testwebsite.citygame.com\/vi\/games\/arnhem\/the-arnhem-syndicate\/#local-main-organization-logo"},"sameAs":["https:\/\/www.facebook.com\/profile.php?id=100086426226253","https:\/\/www.instagram.com\/citygame_com","https:\/\/www.tiktok.com\/@citygamecom\/","https:\/\/www.linkedin.com\/company\/citygame-com"],"description":"Turn any city into a playground with our interactive City Games and self-guided tours. Fun, flexible, and ideal for groups and team building.","telephone":[],"openingHoursSpecification":[{"@type":"OpeningHoursSpecification","dayOfWeek":["Monday","Tuesday","Wednesday","Thursday","Friday","Saturday","Sunday"],"opens":"09:00","closes":"17:00"}]},{"@type":"ImageObject","inLanguage":"vi","@id":"https:\/\/testwebsite.citygame.com\/vi\/games\/arnhem\/the-arnhem-syndicate\/#local-main-organization-logo","url":"https:\/\/testwebsite.citygame.com\/wp-content\/blogs.dir\/1\/files\/sites\/62\/2025\/10\/CG_LOGO-City-Game.png","contentUrl":"https:\/\/testwebsite.citygame.com\/wp-content\/blogs.dir\/1\/files\/sites\/62\/2025\/10\/CG_LOGO-City-Game.png","width":351,"height":377,"caption":"City Game"}]}},"taxonomy_info":{"game-concept":[{"value":764,"label":"Syndicate"}],"location":[{"value":71,"label":"Arnhem"}],"product_cat":[{"value":27,"label":"Geen categorie"}]},"featured_image_src_large":["https:\/\/testwebsite.citygame.com\/wp-content\/blogs.dir\/1\/files\/sites\/62\/2026\/02\/group-of-friends-playing-city-game-eusebius-church-arnhem.jpg",1024,1024,false],"author_info":[],"comment_info":"","_links":{"self":[{"href":"https:\/\/testwebsite.citygame.com\/vi\/wp-json\/wp\/v2\/product\/55955","targetHints":{"allow":["GET"]}}],"collection":[{"href":"https:\/\/testwebsite.citygame.com\/vi\/wp-json\/wp\/v2\/product"}],"about":[{"href":"https:\/\/testwebsite.citygame.com\/vi\/wp-json\/wp\/v2\/types\/product"}],"acf:post":[{"embeddable":true,"href":"https:\/\/testwebsite.citygame.com\/vi\/wp-json\/wp\/v2\/pages\/4492"}],"wp:featuredmedia":[{"embeddable":true,"href":"https:\/\/testwebsite.citygame.com\/vi\/wp-json\/wp\/v2\/media\/13640"}],"wp:attachment":[{"href":"https:\/\/testwebsite.citygame.com\/vi\/wp-json\/wp\/v2\/media?parent=55955"}],"wp:term":[{"taxonomy":"game-concept","embeddable":true,"href":"https:\/\/testwebsite.citygame.com\/vi\/wp-json\/wp\/v2\/game-concept?post=55955"},{"taxonomy":"location","embeddable":true,"href":"https:\/\/testwebsite.citygame.com\/vi\/wp-json\/wp\/v2\/location?post=55955"},{"taxonomy":"product_brand","embeddable":true,"href":"https:\/\/testwebsite.citygame.com\/vi\/wp-json\/wp\/v2\/product_brand?post=55955"},{"taxonomy":"product_cat","embeddable":true,"href":"https:\/\/testwebsite.citygame.com\/vi\/wp-json\/wp\/v2\/product_cat?post=55955"},{"taxonomy":"product_tag","embeddable":true,"href":"https:\/\/testwebsite.citygame.com\/vi\/wp-json\/wp\/v2\/product_tag?post=55955"}],"curies":[{"name":"wp","href":"https:\/\/api.w.org\/{rel}","templated":true}]}}