{"id":55724,"date":"2026-02-13T15:14:02","date_gmt":"2026-02-13T15:14:02","guid":{"rendered":"https:\/\/testwebsite.citygame.com\/games\/unknown-location\/the-enschede-syndicate\/"},"modified":"2026-04-07T21:25:08","modified_gmt":"2026-04-07T21:25:08","slug":"the-enschede-syndicate","status":"publish","type":"product","link":"https:\/\/testwebsite.citygame.com\/vi\/games\/enschede\/the-enschede-syndicate\/","title":{"rendered":"The Enschede Syndicate"},"content":{"rendered":"<p>The Enschede Syndicate l\u00e0 m\u1ed9t Tr\u00f2 ch\u01a1i tr\u1ed1n tho\u00e1t th\u00e0nh ph\u1ed1 (City Escape Game) t\u1ef1 h\u01b0\u1edbng d\u1eabn di\u1ec5n ra t\u1ea1i trung t\u00e2m th\u00e0nh ph\u1ed1 Enschede. L\u00e0 m\u1ed9t ph\u1ea7n c\u1ee7a \u0111\u1ed9i b\u00ed m\u1eadt, ng\u01b0\u1eddi ch\u01a1i s\u1ebd l\u1ea7n theo d\u1ea5u v\u1ebft c\u1ee7a c\u00e1c c\u00e2u \u0111\u1ed1 v\u00e0 th\u1eed th\u00e1ch \u0111\u1ec3 truy l\u00f9ng Magnus kh\u00f3 n\u1eafm b\u1eaft v\u00e0 thu h\u1ed3i s\u00e1u c\u00f4ng th\u1ee9c b\u1ecb \u0111\u00e1nh c\u1eafp. Tr\u00f2 ch\u01a1i th\u00e0nh ph\u1ed1 t\u1ef1 h\u01b0\u1edbng d\u1eabn n\u00e0y \u0111\u1ec1 cao tinh th\u1ea7n \u0111\u1ed3ng \u0111\u1ed9i, k\u1ec3 chuy\u1ec7n v\u00e0 c\u1ea5u tr\u00fac nhi\u1ec7m v\u1ee5 t\u1eebng b\u01b0\u1edbc, bi\u1ebfn n\u00f3 th\u00e0nh m\u1ed9t Tr\u00f2 ch\u01a1i th\u00e0nh ph\u1ed1 h\u1ea5p d\u1eabn v\u00e0 h\u1ee3p t\u00e1c t\u1ea1i Enschede.<\/p>\n","protected":false},"excerpt":{"rendered":"<p>Tham gia m\u1ed9t cu\u1ed9c h\u00e0nh tr\u00ecnh ly k\u1ef3 v\u1edbi The Enschede Syndicate City Escape Game, m\u1ed9t cu\u1ed9c phi\u00eau l\u01b0u t\u1ef1 h\u01b0\u1edbng d\u1eabn ngay t\u1ea1i trung t\u00e2m Enschede. B\u1eb1ng c\u00e1ch h\u00f3a th\u00e2n v\u00e0o c\u00e1c c\u00e2u chuy\u1ec7n, gi\u1ea3i m\u00e3 nh\u1eefng c\u00e2u \u0111\u1ed1 h\u00f3c b\u00faa v\u00e0 ho\u00e0n th\u00e0nh t\u1eebng nhi\u1ec7m v\u1ee5 c\u00f9ng \u0111\u1ed9i c\u1ee7a b\u1ea1n, h\u00e3y nh\u1eadn ra r\u1eb1ng s\u1ef1 th\u1eadt n\u1eb1m \u1ea9n d\u01b0\u1edbi c\u00e1c manh m\u1ed1i, v\u00ec v\u1eady h\u00e3y nhanh ch\u00e2n kh\u00e1m ph\u00e1 n\u00f3!<\/p>\n","protected":false},"featured_media":13618,"template":"","meta":{"_acf_changed":false,"_yoast_wpseo_focuskw":"The Enschede Syndicate","_yoast_wpseo_metadesc":"The Enschede Syndicate. Ch\u01a1i m\u1ed9t Tr\u00f2 ch\u01a1i tr\u1ed1n tho\u00e1t th\u00e0nh ph\u1ed1 t\u1ef1 h\u01b0\u1edbng d\u1eabn, gi\u1ea3i c\u00e1c c\u00e2u \u0111\u1ed1, ho\u00e0n th\u00e0nh nhi\u1ec7m v\u1ee5 v\u00e0 thu h\u1ed3i c\u00e1c c\u00f4ng th\u1ee9c b\u1ecb \u0111\u00e1nh c\u1eafp theo t\u1ed1c \u0111\u1ed9 c\u1ee7a ri\u00eang b\u1ea1n!","_kad_blocks_custom_css":"","_kad_blocks_head_custom_js":"","_kad_blocks_body_custom_js":"","_kad_blocks_footer_custom_js":"","ghostkit_customizer_options":"","ghostkit_custom_css":"","ghostkit_custom_js_head":"","ghostkit_custom_js_foot":"","ghostkit_typography":"","_kad_post_transparent":"","_kad_post_title":"","_kad_post_layout":"","_kad_post_sidebar_id":"","_kad_post_content_style":"","_kad_post_vertical_padding":"","_kad_post_feature":"","_kad_post_feature_position":"","_kad_post_header":false,"_kad_post_footer":false,"_kad_post_classname":"","_links_to":"","_links_to_target":""},"game-concept":[764],"location":[157],"product_brand":[],"product_cat":[27],"product_tag":[],"class_list":{"0":"post-55724","1":"product","2":"type-product","3":"status-publish","4":"has-post-thumbnail","6":"game-concept-syndicate","7":"location-enschede","8":"product_cat-geen-categorie","10":"first","11":"instock","12":"shipping-taxable","13":"purchasable","14":"product-type-simple","15":"entry","16":"content-bg","17":"loop-entry"},"acf":{"full_bokun_product_name":"Self-Guided The Enschede Syndicate City Escape Game","location_name":"Enschede","bokun_calendar_widget_code":"<script type=\"text\/javascript\" src=\"https:\/\/widgets.bokun.io\/assets\/javascripts\/apps\/build\/BokunWidgetsLoader.js?bookingChannelUUID=a1e93e96-5232-4734-a595-28405f4b5a31\" async><\/script>\n     \n    <div class=\"bokunWidget\" data-src=\"https:\/\/widgets.bokun.io\/online-sales\/a1e93e96-5232-4734-a595-28405f4b5a31\/experience-calendar\/773736\"><\/div>\n    <noscript>Please enable javascript in your browser to book<\/noscript>","bokun_button_widget_code":"<script type=\"text\/javascript\" src=\"https:\/\/widgets.bokun.io\/assets\/javascripts\/apps\/build\/BokunWidgetsLoader.js?bookingChannelUUID=a1e93e96-5232-4734-a595-28405f4b5a31\" async><\/script>\n      <style> #bokun_ed001e45_5927_4f62_b470_ca766338d083 { display: inline-block; padding: .4em 1em; background: #47b82e; border-radius: 999999px; box-shadow: none; font-weight: 600; font-size: 24px; text-decoration: none; text-align: center; color: #FFFFFF; border:none; cursor: pointer; transition: background .2s ease; } #bokun_ed001e45_5927_4f62_b470_ca766338d083:hover{ background: #2f7b1f; } #bokun_ed001e45_5927_4f62_b470_ca766338d083:active{ background: #378f24; } <\/style> <button class=\"bokunButton\" disabled id=bokun_ed001e45_5927_4f62_b470_ca766338d083 data-src=\"https:\/\/widgets.bokun.io\/online-sales\/a1e93e96-5232-4734-a595-28405f4b5a31\/experience-calendar\/773736?partialView=1\" data-testid=\"widget-book-button\" > Book now <\/button> ","what_you\u2019ll_experience_during_the_game":"Trong *The Enschede Syndicate*, b\u1ea1n v\u00e0 \u0111\u1ed9i c\u1ee7a m\u00ecnh s\u1ebd \u0111\u01b0\u1ee3c \u0111\u1eb7t v\u00e0o trung t\u00e2m c\u1ee7a m\u1ed9t nhi\u1ec7m v\u1ee5 tr\u1ed1n tho\u00e1t \u0111\u1ea7y r\u1ee7i ro \u0111ang di\u1ec5n ra kh\u1eafp th\u00e0nh ph\u1ed1. V\u1edbi vai tr\u00f2 l\u00e0 \u0111\u1eb7c v\u1ee5 ng\u1ea7m, m\u1ee5c ti\u00eau c\u1ee7a b\u1ea1n r\u1ea5t r\u00f5 r\u00e0ng: truy l\u00f9ng Magnus kh\u00f3 n\u1eafm b\u1eaft v\u00e0 thu h\u1ed3i s\u00e1u c\u00f4ng th\u1ee9c th\u1eed nghi\u1ec7m tr\u01b0\u1edbc khi ch\u00fang bi\u1ebfn m\u1ea5t v\u0129nh vi\u1ec5n. M\u1ecdi quy\u1ebft \u0111\u1ecbnh \u0111\u1ec1u quan tr\u1ecdng khi chi\u1ebfn d\u1ecbch ph\u00e1t tri\u1ec3n t\u1eebng b\u01b0\u1edbc, h\u01b0\u1edbng d\u1eabn b\u1ea1n qua c\u00e1c l\u1edbp \u1ea9n c\u1ee7a th\u00e0nh ph\u1ed1 \u0111\u1ed3ng th\u1eddi th\u00fac \u0111\u1ea9y b\u1ea1n ti\u1ebfn v\u1ec1 ph\u00eda tr\u01b0\u1edbc v\u1edbi s\u1ef1 kh\u1ea9n tr\u01b0\u01a1ng v\u00e0 m\u1ee5c \u0111\u00edch.\n\nTo\u00e0n b\u1ed9 tr\u1ea3i nghi\u1ec7m \u0111\u01b0\u1ee3c d\u1eabn d\u1eaft ho\u00e0n to\u00e0n b\u1eb1ng c\u00e2u chuy\u1ec7n, pha tr\u1ed9n gi\u1eefa t\u01b0\u1eddng thu\u1eadt nh\u1eadp vai v\u1edbi l\u1ed1i ch\u01a1i th\u1ef1c t\u1ebf. B\u1ea1n s\u1ebd \u0111\u1ed1i m\u1eb7t v\u1edbi c\u00e1c m\u1eadt m\u00e3 c\u1ea7n gi\u1ea3i, c\u00e2u \u0111\u1ed1 c\u1ea7n t\u00ecm l\u1eddi gi\u1ea3i v\u00e0 c\u00e1c nhi\u1ec7m v\u1ee5 b\u00ed m\u1eadt \u0111\u00f2i h\u1ecfi tinh th\u1ea7n \u0111\u1ed3ng \u0111\u1ed9i, giao ti\u1ebfp nh\u1ea1y b\u00e9n v\u00e0 t\u01b0 duy chi\u1ebfn l\u01b0\u1ee3c. Th\u00e0nh ph\u1ed1 s\u1ebd tr\u1edf th\u00e0nh b\u1ed1i c\u1ea3nh ho\u1ea1t \u0111\u1ed9ng c\u1ee7a b\u1ea1n, v\u1edbi nhi\u1ec7m v\u1ee5 t\u1ef1 ti\u1ebft l\u1ed9 khi b\u1ea1n di chuy\u1ec3n qua t\u1eebng giai \u0111o\u1ea1n. B\u1ea1n c\u00f3 th\u1ec3 t\u1ea1m d\u1eebng v\u00e0 ti\u1ebfp t\u1ee5c theo t\u1ed1c \u0111\u1ed9 c\u1ee7a ri\u00eang m\u00ecnh, l\u1eadp k\u1ebf ho\u1ea1ch t\u1eebng b\u01b0\u1edbc m\u1ed9t c\u00e1ch ch\u00ednh x\u00e1c khi cu\u1ed9c truy \u0111u\u1ed5i Magnus ng\u00e0y c\u00e0ng c\u0103ng th\u1eb3ng.","how_to_play":"\u0110\u1eb7t v\u00e9 tr\u00f2 ch\u01a1i th\u00e0nh ph\u1ed1 (City Game), ki\u1ec3m tra email ch\u00fang t\u00f4i g\u1eedi cho b\u1ea1n k\u00e8m h\u01b0\u1edbng d\u1eabn, t\u1ea3i \u1ee9ng d\u1ee5ng Loquiz v\u00e0 b\u1eaft \u0111\u1ea7u tr\u1ea3i nghi\u1ec7m ch\u01a1i game c\u1ee7a b\u1ea1n!","start_location":"Enschede, Oude Markt","available_languages":["en","nl"],"players_per_group":"1-4","duration":"1.5-2 hours","image_overlay_color_image":"https:\/\/testwebsite.citygame.com\/wp-content\/blogs.dir\/1\/files\/sites\/62\/2026\/01\/SyndicateColor.svg","image_overlay_game_logo":"https:\/\/testwebsite.citygame.com\/wp-content\/blogs.dir\/1\/files\/sites\/62\/2026\/01\/SyndicateLogo.png","city_page":4798,"woocommerce_general_content":null},"yoast_head":"<!-- This site is optimized with the Yoast SEO Premium plugin v26.2 (Yoast SEO v26.3) - https:\/\/yoast.com\/wordpress\/plugins\/seo\/ -->\n<title>The Enschede Syndicate - City Game<\/title>\n<meta name=\"description\" content=\"The Enschede Syndicate. Ch\u01a1i m\u1ed9t Tr\u00f2 ch\u01a1i tr\u1ed1n tho\u00e1t th\u00e0nh ph\u1ed1 t\u1ef1 h\u01b0\u1edbng d\u1eabn, gi\u1ea3i c\u00e1c c\u00e2u \u0111\u1ed1, ho\u00e0n th\u00e0nh nhi\u1ec7m v\u1ee5 v\u00e0 thu h\u1ed3i c\u00e1c c\u00f4ng th\u1ee9c b\u1ecb \u0111\u00e1nh c\u1eafp theo t\u1ed1c \u0111\u1ed9 c\u1ee7a ri\u00eang b\u1ea1n!\" \/>\n<meta name=\"robots\" content=\"noindex, follow, max-snippet:-1, max-image-preview:large, max-video-preview:-1\" \/>\n<meta property=\"og:locale\" content=\"vi_VN\" \/>\n<meta property=\"og:type\" content=\"article\" \/>\n<meta property=\"og:title\" content=\"The Enschede Syndicate\" \/>\n<meta property=\"og:description\" content=\"The Enschede Syndicate. Ch\u01a1i m\u1ed9t Tr\u00f2 ch\u01a1i tr\u1ed1n tho\u00e1t th\u00e0nh ph\u1ed1 t\u1ef1 h\u01b0\u1edbng d\u1eabn, gi\u1ea3i c\u00e1c c\u00e2u \u0111\u1ed1, ho\u00e0n th\u00e0nh nhi\u1ec7m v\u1ee5 v\u00e0 thu h\u1ed3i c\u00e1c c\u00f4ng th\u1ee9c b\u1ecb \u0111\u00e1nh c\u1eafp theo t\u1ed1c \u0111\u1ed9 c\u1ee7a ri\u00eang b\u1ea1n!\" \/>\n<meta property=\"og:url\" content=\"https:\/\/testwebsite.citygame.com\/vi\/games\/enschede\/the-enschede-syndicate\/\" \/>\n<meta property=\"og:site_name\" content=\"City Game\" \/>\n<meta property=\"article:publisher\" content=\"https:\/\/www.facebook.com\/profile.php?id=100086426226253\" \/>\n<meta property=\"article:modified_time\" content=\"2026-04-07T21:25:08+00:00\" \/>\n<meta property=\"og:image\" content=\"https:\/\/testwebsite.citygame.com\/wp-content\/blogs.dir\/1\/files\/sites\/62\/2026\/02\/group-of-friends-playing-city-game-oude-markt-enschede.jpg\" \/>\n\t<meta property=\"og:image:width\" content=\"1024\" \/>\n\t<meta property=\"og:image:height\" content=\"1024\" \/>\n\t<meta property=\"og:image:type\" content=\"image\/jpeg\" \/>\n<meta name=\"twitter:card\" content=\"summary_large_image\" \/>\n<meta name=\"twitter:label1\" content=\"\u01af\u1edbc t\u00ednh th\u1eddi gian \u0111\u1ecdc\" \/>\n\t<meta name=\"twitter:data1\" content=\"1 ph\u00fat\" \/>\n<script type=\"application\/ld+json\" class=\"yoast-schema-graph\">{\"@context\":\"https:\/\/schema.org\",\"@graph\":[{\"@type\":\"WebPage\",\"@id\":\"https:\/\/testwebsite.citygame.com\/vi\/games\/enschede\/the-enschede-syndicate\/\",\"url\":\"https:\/\/testwebsite.citygame.com\/vi\/games\/enschede\/the-enschede-syndicate\/\",\"name\":\"The Enschede Syndicate - City Game\",\"isPartOf\":{\"@id\":\"https:\/\/testwebsite.upevents.nl\/#website\"},\"primaryImageOfPage\":{\"@id\":\"https:\/\/testwebsite.citygame.com\/vi\/games\/enschede\/the-enschede-syndicate\/#primaryimage\"},\"image\":{\"@id\":\"https:\/\/testwebsite.citygame.com\/vi\/games\/enschede\/the-enschede-syndicate\/#primaryimage\"},\"thumbnailUrl\":\"https:\/\/testwebsite.citygame.com\/wp-content\/blogs.dir\/1\/files\/sites\/62\/2026\/02\/group-of-friends-playing-city-game-oude-markt-enschede.jpg\",\"datePublished\":\"2026-02-13T15:14:02+00:00\",\"dateModified\":\"2026-04-07T21:25:08+00:00\",\"description\":\"The Enschede Syndicate. Ch\u01a1i m\u1ed9t Tr\u00f2 ch\u01a1i tr\u1ed1n tho\u00e1t th\u00e0nh ph\u1ed1 t\u1ef1 h\u01b0\u1edbng d\u1eabn, gi\u1ea3i c\u00e1c c\u00e2u \u0111\u1ed1, ho\u00e0n th\u00e0nh nhi\u1ec7m v\u1ee5 v\u00e0 thu h\u1ed3i c\u00e1c c\u00f4ng th\u1ee9c b\u1ecb \u0111\u00e1nh c\u1eafp theo t\u1ed1c \u0111\u1ed9 c\u1ee7a ri\u00eang b\u1ea1n!\",\"breadcrumb\":{\"@id\":\"https:\/\/testwebsite.citygame.com\/vi\/games\/enschede\/the-enschede-syndicate\/#breadcrumb\"},\"inLanguage\":\"vi\",\"potentialAction\":[{\"@type\":\"ReadAction\",\"target\":[\"https:\/\/testwebsite.citygame.com\/vi\/games\/enschede\/the-enschede-syndicate\/\"]}]},{\"@type\":\"ImageObject\",\"inLanguage\":\"vi\",\"@id\":\"https:\/\/testwebsite.citygame.com\/vi\/games\/enschede\/the-enschede-syndicate\/#primaryimage\",\"url\":\"https:\/\/testwebsite.citygame.com\/wp-content\/blogs.dir\/1\/files\/sites\/62\/2026\/02\/group-of-friends-playing-city-game-oude-markt-enschede.jpg\",\"contentUrl\":\"https:\/\/testwebsite.citygame.com\/wp-content\/blogs.dir\/1\/files\/sites\/62\/2026\/02\/group-of-friends-playing-city-game-oude-markt-enschede.jpg\",\"width\":1024,\"height\":1024,\"caption\":\"Four friends gather around a smartphone while playing an interactive game in Enschede, Netherlands.\"},{\"@type\":\"BreadcrumbList\",\"@id\":\"https:\/\/testwebsite.citygame.com\/vi\/games\/enschede\/the-enschede-syndicate\/#breadcrumb\",\"itemListElement\":[{\"@type\":\"ListItem\",\"position\":1,\"name\":\"Home\",\"item\":\"https:\/\/testwebsite.citygame.com\/vi\/\"},{\"@type\":\"ListItem\",\"position\":2,\"name\":\"Shop\",\"item\":\"https:\/\/testwebsite.citygame.com\/shop\/\"},{\"@type\":\"ListItem\",\"position\":3,\"name\":\"The Enschede Syndicate\"}]},{\"@type\":\"WebSite\",\"@id\":\"https:\/\/testwebsite.upevents.nl\/#website\",\"url\":\"https:\/\/testwebsite.upevents.nl\/\",\"name\":\"City Game\",\"description\":\"\",\"publisher\":{\"@id\":\"https:\/\/testwebsite.upevents.nl\/#organization\"},\"alternateName\":\"citygame.com\",\"potentialAction\":[{\"@type\":\"SearchAction\",\"target\":{\"@type\":\"EntryPoint\",\"urlTemplate\":\"https:\/\/testwebsite.upevents.nl\/?s={search_term_string}\"},\"query-input\":{\"@type\":\"PropertyValueSpecification\",\"valueRequired\":true,\"valueName\":\"search_term_string\"}}],\"inLanguage\":\"vi\"},{\"@type\":[\"Organization\",\"Place\"],\"@id\":\"https:\/\/testwebsite.upevents.nl\/#organization\",\"name\":\"City Game\",\"alternateName\":\"citygame.com\",\"url\":\"https:\/\/testwebsite.upevents.nl\/\",\"logo\":{\"@id\":\"https:\/\/testwebsite.citygame.com\/vi\/games\/enschede\/the-enschede-syndicate\/#local-main-organization-logo\"},\"image\":{\"@id\":\"https:\/\/testwebsite.citygame.com\/vi\/games\/enschede\/the-enschede-syndicate\/#local-main-organization-logo\"},\"sameAs\":[\"https:\/\/www.facebook.com\/profile.php?id=100086426226253\",\"https:\/\/www.instagram.com\/citygame_com\",\"https:\/\/www.tiktok.com\/@citygamecom\/\",\"https:\/\/www.linkedin.com\/company\/citygame-com\"],\"description\":\"Turn any city into a playground with our interactive City Games and self-guided tours. Fun, flexible, and ideal for groups and team building.\",\"telephone\":[],\"openingHoursSpecification\":[{\"@type\":\"OpeningHoursSpecification\",\"dayOfWeek\":[\"Monday\",\"Tuesday\",\"Wednesday\",\"Thursday\",\"Friday\",\"Saturday\",\"Sunday\"],\"opens\":\"09:00\",\"closes\":\"17:00\"}]},{\"@type\":\"ImageObject\",\"inLanguage\":\"vi\",\"@id\":\"https:\/\/testwebsite.citygame.com\/vi\/games\/enschede\/the-enschede-syndicate\/#local-main-organization-logo\",\"url\":\"https:\/\/testwebsite.citygame.com\/wp-content\/blogs.dir\/1\/files\/sites\/62\/2025\/10\/CG_LOGO-City-Game.png\",\"contentUrl\":\"https:\/\/testwebsite.citygame.com\/wp-content\/blogs.dir\/1\/files\/sites\/62\/2025\/10\/CG_LOGO-City-Game.png\",\"width\":351,\"height\":377,\"caption\":\"City Game\"}]}<\/script>\n<!-- \/ Yoast SEO Premium plugin. -->","yoast_head_json":{"title":"The Enschede Syndicate - City Game","description":"The Enschede Syndicate. Ch\u01a1i m\u1ed9t Tr\u00f2 ch\u01a1i tr\u1ed1n tho\u00e1t th\u00e0nh ph\u1ed1 t\u1ef1 h\u01b0\u1edbng d\u1eabn, gi\u1ea3i c\u00e1c c\u00e2u \u0111\u1ed1, ho\u00e0n th\u00e0nh nhi\u1ec7m v\u1ee5 v\u00e0 thu h\u1ed3i c\u00e1c c\u00f4ng th\u1ee9c b\u1ecb \u0111\u00e1nh c\u1eafp theo t\u1ed1c \u0111\u1ed9 c\u1ee7a ri\u00eang b\u1ea1n!","robots":{"index":"noindex","follow":"follow","max-snippet":"max-snippet:-1","max-image-preview":"max-image-preview:large","max-video-preview":"max-video-preview:-1"},"og_locale":"vi_VN","og_type":"article","og_title":"The Enschede Syndicate","og_description":"The Enschede Syndicate. Ch\u01a1i m\u1ed9t Tr\u00f2 ch\u01a1i tr\u1ed1n tho\u00e1t th\u00e0nh ph\u1ed1 t\u1ef1 h\u01b0\u1edbng d\u1eabn, gi\u1ea3i c\u00e1c c\u00e2u \u0111\u1ed1, ho\u00e0n th\u00e0nh nhi\u1ec7m v\u1ee5 v\u00e0 thu h\u1ed3i c\u00e1c c\u00f4ng th\u1ee9c b\u1ecb \u0111\u00e1nh c\u1eafp theo t\u1ed1c \u0111\u1ed9 c\u1ee7a ri\u00eang b\u1ea1n!","og_url":"https:\/\/testwebsite.citygame.com\/vi\/games\/enschede\/the-enschede-syndicate\/","og_site_name":"City Game","article_publisher":"https:\/\/www.facebook.com\/profile.php?id=100086426226253","article_modified_time":"2026-04-07T21:25:08+00:00","og_image":[{"width":1024,"height":1024,"url":"https:\/\/testwebsite.citygame.com\/wp-content\/blogs.dir\/1\/files\/sites\/62\/2026\/02\/group-of-friends-playing-city-game-oude-markt-enschede.jpg","type":"image\/jpeg"}],"twitter_card":"summary_large_image","twitter_misc":{"\u01af\u1edbc t\u00ednh th\u1eddi gian \u0111\u1ecdc":"1 ph\u00fat"},"schema":{"@context":"https:\/\/schema.org","@graph":[{"@type":"WebPage","@id":"https:\/\/testwebsite.citygame.com\/vi\/games\/enschede\/the-enschede-syndicate\/","url":"https:\/\/testwebsite.citygame.com\/vi\/games\/enschede\/the-enschede-syndicate\/","name":"The Enschede Syndicate - City Game","isPartOf":{"@id":"https:\/\/testwebsite.upevents.nl\/#website"},"primaryImageOfPage":{"@id":"https:\/\/testwebsite.citygame.com\/vi\/games\/enschede\/the-enschede-syndicate\/#primaryimage"},"image":{"@id":"https:\/\/testwebsite.citygame.com\/vi\/games\/enschede\/the-enschede-syndicate\/#primaryimage"},"thumbnailUrl":"https:\/\/testwebsite.citygame.com\/wp-content\/blogs.dir\/1\/files\/sites\/62\/2026\/02\/group-of-friends-playing-city-game-oude-markt-enschede.jpg","datePublished":"2026-02-13T15:14:02+00:00","dateModified":"2026-04-07T21:25:08+00:00","description":"The Enschede Syndicate. Ch\u01a1i m\u1ed9t Tr\u00f2 ch\u01a1i tr\u1ed1n tho\u00e1t th\u00e0nh ph\u1ed1 t\u1ef1 h\u01b0\u1edbng d\u1eabn, gi\u1ea3i c\u00e1c c\u00e2u \u0111\u1ed1, ho\u00e0n th\u00e0nh nhi\u1ec7m v\u1ee5 v\u00e0 thu h\u1ed3i c\u00e1c c\u00f4ng th\u1ee9c b\u1ecb \u0111\u00e1nh c\u1eafp theo t\u1ed1c \u0111\u1ed9 c\u1ee7a ri\u00eang b\u1ea1n!","breadcrumb":{"@id":"https:\/\/testwebsite.citygame.com\/vi\/games\/enschede\/the-enschede-syndicate\/#breadcrumb"},"inLanguage":"vi","potentialAction":[{"@type":"ReadAction","target":["https:\/\/testwebsite.citygame.com\/vi\/games\/enschede\/the-enschede-syndicate\/"]}]},{"@type":"ImageObject","inLanguage":"vi","@id":"https:\/\/testwebsite.citygame.com\/vi\/games\/enschede\/the-enschede-syndicate\/#primaryimage","url":"https:\/\/testwebsite.citygame.com\/wp-content\/blogs.dir\/1\/files\/sites\/62\/2026\/02\/group-of-friends-playing-city-game-oude-markt-enschede.jpg","contentUrl":"https:\/\/testwebsite.citygame.com\/wp-content\/blogs.dir\/1\/files\/sites\/62\/2026\/02\/group-of-friends-playing-city-game-oude-markt-enschede.jpg","width":1024,"height":1024,"caption":"Four friends gather around a smartphone while playing an interactive game in Enschede, Netherlands."},{"@type":"BreadcrumbList","@id":"https:\/\/testwebsite.citygame.com\/vi\/games\/enschede\/the-enschede-syndicate\/#breadcrumb","itemListElement":[{"@type":"ListItem","position":1,"name":"Home","item":"https:\/\/testwebsite.citygame.com\/vi\/"},{"@type":"ListItem","position":2,"name":"Shop","item":"https:\/\/testwebsite.citygame.com\/shop\/"},{"@type":"ListItem","position":3,"name":"The Enschede Syndicate"}]},{"@type":"WebSite","@id":"https:\/\/testwebsite.upevents.nl\/#website","url":"https:\/\/testwebsite.upevents.nl\/","name":"City Game","description":"","publisher":{"@id":"https:\/\/testwebsite.upevents.nl\/#organization"},"alternateName":"citygame.com","potentialAction":[{"@type":"SearchAction","target":{"@type":"EntryPoint","urlTemplate":"https:\/\/testwebsite.upevents.nl\/?s={search_term_string}"},"query-input":{"@type":"PropertyValueSpecification","valueRequired":true,"valueName":"search_term_string"}}],"inLanguage":"vi"},{"@type":["Organization","Place"],"@id":"https:\/\/testwebsite.upevents.nl\/#organization","name":"City Game","alternateName":"citygame.com","url":"https:\/\/testwebsite.upevents.nl\/","logo":{"@id":"https:\/\/testwebsite.citygame.com\/vi\/games\/enschede\/the-enschede-syndicate\/#local-main-organization-logo"},"image":{"@id":"https:\/\/testwebsite.citygame.com\/vi\/games\/enschede\/the-enschede-syndicate\/#local-main-organization-logo"},"sameAs":["https:\/\/www.facebook.com\/profile.php?id=100086426226253","https:\/\/www.instagram.com\/citygame_com","https:\/\/www.tiktok.com\/@citygamecom\/","https:\/\/www.linkedin.com\/company\/citygame-com"],"description":"Turn any city into a playground with our interactive City Games and self-guided tours. Fun, flexible, and ideal for groups and team building.","telephone":[],"openingHoursSpecification":[{"@type":"OpeningHoursSpecification","dayOfWeek":["Monday","Tuesday","Wednesday","Thursday","Friday","Saturday","Sunday"],"opens":"09:00","closes":"17:00"}]},{"@type":"ImageObject","inLanguage":"vi","@id":"https:\/\/testwebsite.citygame.com\/vi\/games\/enschede\/the-enschede-syndicate\/#local-main-organization-logo","url":"https:\/\/testwebsite.citygame.com\/wp-content\/blogs.dir\/1\/files\/sites\/62\/2025\/10\/CG_LOGO-City-Game.png","contentUrl":"https:\/\/testwebsite.citygame.com\/wp-content\/blogs.dir\/1\/files\/sites\/62\/2025\/10\/CG_LOGO-City-Game.png","width":351,"height":377,"caption":"City Game"}]}},"taxonomy_info":{"game-concept":[{"value":764,"label":"Syndicate"}],"location":[{"value":157,"label":"Enschede"}],"product_cat":[{"value":27,"label":"Geen categorie"}]},"featured_image_src_large":["https:\/\/testwebsite.citygame.com\/wp-content\/blogs.dir\/1\/files\/sites\/62\/2026\/02\/group-of-friends-playing-city-game-oude-markt-enschede.jpg",1024,1024,false],"author_info":[],"comment_info":"","_links":{"self":[{"href":"https:\/\/testwebsite.citygame.com\/vi\/wp-json\/wp\/v2\/product\/55724","targetHints":{"allow":["GET"]}}],"collection":[{"href":"https:\/\/testwebsite.citygame.com\/vi\/wp-json\/wp\/v2\/product"}],"about":[{"href":"https:\/\/testwebsite.citygame.com\/vi\/wp-json\/wp\/v2\/types\/product"}],"acf:post":[{"embeddable":true,"href":"https:\/\/testwebsite.citygame.com\/vi\/wp-json\/wp\/v2\/pages\/4798"}],"wp:featuredmedia":[{"embeddable":true,"href":"https:\/\/testwebsite.citygame.com\/vi\/wp-json\/wp\/v2\/media\/13618"}],"wp:attachment":[{"href":"https:\/\/testwebsite.citygame.com\/vi\/wp-json\/wp\/v2\/media?parent=55724"}],"wp:term":[{"taxonomy":"game-concept","embeddable":true,"href":"https:\/\/testwebsite.citygame.com\/vi\/wp-json\/wp\/v2\/game-concept?post=55724"},{"taxonomy":"location","embeddable":true,"href":"https:\/\/testwebsite.citygame.com\/vi\/wp-json\/wp\/v2\/location?post=55724"},{"taxonomy":"product_brand","embeddable":true,"href":"https:\/\/testwebsite.citygame.com\/vi\/wp-json\/wp\/v2\/product_brand?post=55724"},{"taxonomy":"product_cat","embeddable":true,"href":"https:\/\/testwebsite.citygame.com\/vi\/wp-json\/wp\/v2\/product_cat?post=55724"},{"taxonomy":"product_tag","embeddable":true,"href":"https:\/\/testwebsite.citygame.com\/vi\/wp-json\/wp\/v2\/product_tag?post=55724"}],"curies":[{"name":"wp","href":"https:\/\/api.w.org\/{rel}","templated":true}]}}